{"id":164362,"date":"2023-06-16T12:49:04","date_gmt":"2023-06-16T12:49:04","guid":{"rendered":"http:\/\/talkpal.ai\/katalan-dilinin-qrammatikasi-m%c9%99sql%c9%99ri\/"},"modified":"2025-05-23T13:33:16","modified_gmt":"2025-05-23T13:33:16","slug":"katalan-dilinin-qrammatikasi-m%c9%99sql%c9%99ri","status":"publish","type":"page","link":"https:\/\/talkpal.ai\/az\/katalan-dilinin-qrammatikasi-m%c9%99sql%c9%99ri\/","title":{"rendered":"Katalan dilinin qrammatikas\u0131 m\u0259\u015fql\u0259ri"},"content":{"rendered":"\r\n\r\n\r\n<section class=\"languageChallengeSection\">\r\n    <div class=\"languageInfoWrapper\">\r\n        \r\n        <h1>Katalan dilinin qrammatikas\u0131 m\u0259\u015fql\u0259ri<\/h1>\r\n        <p><a href=\"https:\/\/talkpal.ai\/learn-catalan\/\">Katalan<\/a> dilind\u0259 daha inaml\u0131 olmaq ist\u0259yirsiniz? Qrammatik m\u0259\u015fql\u0259ri m\u0259\u015fq etm\u0259k c\u00fcml\u0259 qurulu\u015funu, fel formalar\u0131n\u0131 v\u0259 Katalan dilinin f\u0259rqli n\u00fcmun\u0259l\u0259rini m\u0259nims\u0259m\u0259k \u00fc\u00e7\u00fcn \u0259la bir yoldur. Bu g\u00fcn Katalan dilinin qrammatikas\u0131 \u00fcz\u0259rind\u0259 i\u015fl\u0259m\u0259y\u0259 ba\u015flay\u0131n v\u0259 h\u0259r m\u0259\u015fqd\u0259 anlay\u0131\u015f\u0131n\u0131z\u0131n v\u0259 r\u0259vanl\u0131\u011f\u0131n\u0131z\u0131n b\u00f6y\u00fcm\u0259sin\u0259 bax\u0131n!<\/p>\r\n\r\n                            <a class=\"getStartedHidden\" href=\"https:\/\/app.talkpal.ai\/signup?lng=\">Ba\u015fla<\/a>\r\n        \r\n    <\/div>\r\n\r\n    <figure>\r\n    <img decoding=\"async\" width=\"768\" height=\"768\" src=\"https:\/\/talkpal.ai\/wp-content\/uploads\/2023\/06\/catalan-768x768.png\" class=\"languageImage no-lazy\" alt=\"Language learning techniques for fast learning\" fetchpriority=\"high\" sizes=\"(max-width: 768px) 150px, 768px\" srcset=\"https:\/\/talkpal.ai\/wp-content\/uploads\/2023\/06\/catalan-768x768.png 768w, https:\/\/talkpal.ai\/wp-content\/uploads\/2023\/06\/catalan-300x300.png 300w\" \/>\r\n    \r\n\r\n    <\/figure>\r\n\r\n            <a class=\"getStartedVisible\" href=\"https:\/\/app.talkpal.ai\/signup?lng=\">Ba\u015fla<\/a>\r\n    \r\n<\/section>\r\n\r\n\r\n<!-- <section class=\"grammarSection\">\r\n    <div class=\"grammarLinks\">\r\n            <\/div>\r\n<\/section> -->\r\n\r\n\r\n\r\n\r\n<section class=\"promotionalBanner\">\r\n    <p class=\"promotionalText\">Dil \u00f6yr\u0259nm\u0259yin \u0259n t\u0259sirli yolu<\/p>\r\n    <a class=\"promotionalLink\" href=\"https:\/\/app.talkpal.ai\/signup?lng=\">Talkpal pulsuz s\u0131nay\u0131n<\/a>\r\n<\/section>\n<div class=\"wp-block-group pageContainerStyle\"><div class=\"wp-block-group__inner-container is-layout-constrained wp-block-group-is-layout-constrained\">\n<h2 class=\"wp-block-heading\" id=\"h-catalan-grammar-topics\">Katalan dilinin qrammatikas\u0131 M\u00f6vzular\u0131<\/h2>\n\n\n\n<p>\u0130spaniyan\u0131n Kataloniya b\u00f6lg\u0259sind\u0259 v\u0259 \u0130taliya v\u0259 Fransan\u0131n b\u0259zi yerl\u0259rind\u0259 milyonlarla insan\u0131n dan\u0131\u015fd\u0131\u011f\u0131 romant dili olan katalan dili z\u0259ngin tarix\u0259 malik g\u00f6z\u0259l v\u0259 canl\u0131 dildir. Katalan dilini \u00f6yr\u0259nm\u0259k z\u00f6vql\u00fc v\u0259 m\u00fckafatland\u0131r\u0131c\u0131 t\u0259cr\u00fcb\u0259 ola bil\u0259r, yeni m\u0259d\u0259ni v\u0259 dil \u00fcf\u00fcql\u0259ri a\u00e7\u0131r. Bu dili d\u00fczg\u00fcn \u00f6yr\u0259nm\u0259k \u00fc\u00e7\u00fcn onun qrammatikas\u0131n\u0131 \u00f6yr\u0259nm\u0259k olduqca vacibdir. Katalan dilinin qrammatikas\u0131, h\u0259r hans\u0131 dig\u0259r dilin qrammatikas\u0131 kimi, c\u00fcml\u0259l\u0259rin v\u0259 c\u00fcml\u0259l\u0259rin qurulmas\u0131 qaydalar\u0131 sistemidir. Bu m\u0259qal\u0259d\u0259 biz m\u0259ntiqi ard\u0131c\u0131ll\u0131qla katalan dilinin qrammatikas\u0131n\u0131n \u0259sas aspektl\u0259rini ara\u015fd\u0131raraq, sizin dil \u00f6yr\u0259nm\u0259 s\u0259yah\u0259tinizin m\u00f6hk\u0259m t\u0259m\u0259lini t\u0259min ed\u0259c\u0259yik.<\/p>\n\n\n\n<h3 class=\"wp-block-heading\" id=\"h-1-nouns-and-articles\">1. Nounlar v\u0259 m\u0259qal\u0259l\u0259r:<\/h3>\n\n\n\n<p>Cinsl\u0259ri (ki\u015fi v\u0259 ya feminine) v\u0259 \u0259d\u0259dl\u0259rinin (sinqular v\u0259 ya \u00e7oxluqlar) oldu\u011fu katalan nounlar\u0131n\u0131 \u00f6yr\u0259nm\u0259kl\u0259 ba\u015flay\u0131n. Katalan dilind\u0259 olan q\u0259ti v\u0259 m\u00fcdd\u0259tsiz m\u0259qal\u0259l\u0259r d\u0259 cins\u0259 v\u0259 saya g\u00f6r\u0259 d\u0259yi\u015fir v\u0259 bu da onlar\u0131 c\u00fcml\u0259l\u0259rin qurulmas\u0131 \u00fc\u00e7\u00fcn z\u0259ruri ba\u015flan\u011f\u0131c n\u00f6qt\u0259si edir.<\/p>\n\n\n\n<h3 class=\"wp-block-heading\" id=\"h-2-adjectives\">2. Adjectives:<\/h3>\n\n\n\n<p>Katalan dilind\u0259 adjectives cins v\u0259 \u0259d\u0259dd\u0259 d\u0259yi\u015fdirdikl\u0259ri nouns il\u0259 raz\u0131la\u015f\u0131r. Nounlar\u0131n x\u00fcsusiyy\u0259tl\u0259rini d\u0259qiq t\u0259svir etm\u0259k \u00fc\u00e7\u00fcn adjectives nec\u0259 formala\u015fd\u0131r\u0131lmas\u0131 v\u0259 m\u00f6vqe \u00f6yr\u0259nm\u0259k.<\/p>\n\n\n\n<h3 class=\"wp-block-heading\" id=\"h-3-pronouns-determiners\">3. Pronouns\/Determinl\u0259r:<\/h3>\n\n\n\n<p>1990-ci ild\u0259 N.\u0130.A., N.N.Axundov v\u0259 S.\u0130.Axundov da bu ad\u0131n ad\u0131 il\u0259 \u0259v\u0259z olunur. C\u00fcml\u0259l\u0259riniz\u0259 m\u00fcxt\u0259liflik qatmaq \u00fc\u00e7\u00fcn m\u00fcxt\u0259lif t\u0259l\u0259ff\u00fcz n\u00f6vl\u0259rini (m\u00f6vzu, obyekt, refleksiv) v\u0259 determinivl\u0259ri (n\u00fcmayi\u015fkar, tutucu, sor\u011fu-sualedici) ustal\u0131q edin.<\/p>\n\n\n\n<h3 class=\"wp-block-heading\" id=\"h-4-verbs-and-tenses\">4. Feill\u0259r v\u0259 g\u0259rginlikl\u0259r:<\/h3>\n\n\n\n<p>Katalan feill\u0259ri g\u0259rgin, \u0259hval-ruhiyy\u0259li v\u0259 insana uy\u011fun olaraq birl\u0259\u015fir. \u0130ndiki, ke\u00e7mi\u015f v\u0259 g\u0259l\u0259c\u0259k g\u0259rgin zamanlar\u0131nda m\u00fcnt\u0259z\u0259m v\u0259 nizams\u0131z feil formalar\u0131, \u0259mrl\u0259rin verilm\u0259si \u00fc\u00e7\u00fcn imperativ \u0259hval-ruhiyy\u0259ni \u00f6yr\u0259nin.<\/p>\n\n\n\n<h3 class=\"wp-block-heading\" id=\"h-5-tense-comparison\">5. G\u0259rgin m\u00fcqayis\u0259:<\/h3>\n\n\n\n<p>Katalandak\u0131 m\u00fcxt\u0259lif g\u0259rginlikl\u0259ri m\u00fcxt\u0259lif vaxtlarda ba\u015f ver\u0259n h\u0259r\u0259k\u0259tl\u0259ri v\u0259 ya d\u00f6vl\u0259tl\u0259ri ifad\u0259 etm\u0259k \u00fc\u00e7\u00fcn nec\u0259 m\u00fcqayis\u0259 etm\u0259k laz\u0131m oldu\u011funu anlay\u0131n.<\/p>\n\n\n\n<h3 class=\"wp-block-heading\" id=\"h-6-progressive-and-perfect-progressive\">6. M\u00fct\u0259r\u0259qqi v\u0259 m\u00fck\u0259mm\u0259l t\u0259r\u0259qqi:<\/h3>\n\n\n\n<p>T\u0259r\u0259qqi formas\u0131 davaml\u0131 h\u0259r\u0259k\u0259t, m\u00fck\u0259mm\u0259l t\u0259r\u0259qqi is\u0259 m\u00fct\u0259r\u0259qqi v\u0259 m\u00fck\u0259mm\u0259l t\u0259r\u0259fl\u0259ri \u00f6z\u00fcnd\u0259 birl\u0259\u015fdirir. Davam ed\u0259n v\u0259 ya tamamlanm\u0131\u015f h\u0259r\u0259k\u0259tl\u0259ri davaml\u0131 aidiyy\u0259ti il\u0259 ifad\u0259 etm\u0259k \u00fc\u00e7\u00fcn bu tikintil\u0259rin yaranmas\u0131 v\u0259 istifad\u0259sini \u00f6yr\u0259nin.<\/p>\n\n\n\n<h3 class=\"wp-block-heading\" id=\"h-7-adverbs\">7. Adverbl\u0259r:<\/h3>\n\n\n\n<p>Adverbs h\u0259r\u0259k\u0259tl\u0259ri v\u0259 ya keyfiyy\u0259tl\u0259ri haqq\u0131nda \u0259lav\u0259 m\u0259lumat verm\u0259k \u00fc\u00e7\u00fcn feill\u0259ri, adjectives v\u0259 ya dig\u0259r adverbs d\u0259yi\u015fdirm\u0259k. M\u00fcxt\u0259lif n\u00f6v adverbl\u0259ri v\u0259 onlar\u0131n c\u00fcml\u0259d\u0259 yerl\u0259\u015fdirilm\u0259sini \u00f6yr\u0259nin.<\/p>\n\n\n\n<h3 class=\"wp-block-heading\" id=\"h-8-prepositions\">8. Prepozisiyalar:<\/h3>\n\n\n\n<p>Prepositions bir c\u00fcml\u0259 daxilind\u0259 nouns, t\u0259l\u0259ff\u00fcz v\u0259 ya dig\u0259r elementl\u0259ri \u0259laq\u0259 <a href=\"https:\/\/talkpal.ai\/contact\/\">ki,<\/a> yer, vaxt v\u0259 ya istiqam\u0259t kimi \u0259laq\u0259l\u0259r g\u00f6st\u0259rir. \u00d6z\u00fcn\u00fcz\u00fc \u0259n geni\u015f yay\u0131lm\u0131\u015f katalan prepozisiyalar\u0131 v\u0259 onlar\u0131n istifad\u0259si il\u0259 tan\u0131\u015f edin.<\/p>\n\n\n\n<h3 class=\"wp-block-heading\" id=\"h-9-conditionals\">9. \u015e\u0259rti olaraq:<\/h3>\n\n\n\n<p>\u015e\u0259rtil\u0259r hipotetik v\u0259ziyy\u0259tl\u0259ri v\u0259 ya \u015f\u0259rtl\u0259ri v\u0259 onlar\u0131n n\u0259tic\u0259l\u0259rini ifad\u0259 edir. M\u00fcxt\u0259lif n\u00f6v \u015f\u0259rti (s\u0131f\u0131r, birinci, ikinci, \u00fc\u00e7\u00fcnc\u00fc) v\u0259 onlar\u0131 nec\u0259 d\u00fczg\u00fcn formala\u015fd\u0131rma\u011f\u0131 v\u0259 istifad\u0259 etm\u0259yi \u00f6yr\u0259nin.<\/p>\n\n\n\n<h3 class=\"wp-block-heading\" id=\"h-10-sentences\">10. C\u00fcml\u0259l\u0259r:<\/h3>\n\n\n\n<p>N\u0259hay\u0259t, Katalan dilind\u0259 tam, ard\u0131c\u0131l c\u00fcml\u0259l\u0259r yaratmaq \u00fc\u00e7\u00fcn \u00f6yr\u0259ndiyiniz b\u00fct\u00fcn elementl\u0259ri birl\u0259\u015fdir\u0259r\u0259k m\u0259\u015fq edin. M\u00fcxt\u0259lif c\u00fcml\u0259 qurulu\u015flar\u0131 il\u0259 eksperiment edin v\u0259 m\u00fcxt\u0259lif n\u00f6v c\u00fcml\u0259l\u0259r yaratmaq, m\u0259s\u0259l\u0259n, deklarativ, sor\u011fu-sualedici v\u0259 exklamatory kimi.<\/p>\n\n\n\n<p>Bu m\u00f6vzular\u0131 t\u0259klif olunan ard\u0131c\u0131ll\u0131qla \u00f6yr\u0259nm\u0259kl\u0259 siz katalan qrammatikas\u0131nda m\u00f6hk\u0259m b\u00fcn\u00f6vr\u0259ni inki\u015faf etdir\u0259c\u0259k, bu maraql\u0131 dild\u0259 effektiv v\u0259 \u0259minlikl\u0259 \u00fcnsiyy\u0259t qurma\u011fa imkan yaradacaqs\u0131n\u0131z.<\/p>\n<\/div><\/div>\n\r\n<section class=\"learnNavigationSection\">\r\n            \r\n        <a href=\"https:\/\/talkpal.ai\/az\/katalan-dilini-oyr%c9%99n\/\">\r\n            <div class=\"learnNavigationWrapper\">\r\n                <div class=\"learnNavigationContent\">\r\n                    <img decoding=\"async\" src=\"https:\/\/talkpal.ai\/wp-content\/uploads\/2024\/08\/Catalan.jpg\" alt=\"Catalan Flag\">\r\n                    <div>\r\n                        <h4>Katalan dilinin \u00f6yr\u0259nilm\u0259si haqq\u0131nda<\/h4>\r\n                        <p>Katalan dili qrammatikas\u0131 haqq\u0131nda h\u0259r \u015feyi \u00f6yr\u0259nin .<\/p>\r\n                    <\/div>\r\n                <\/div>\r\n            <\/div>\r\n        <\/a>\r\n\r\n        \r\n        <a href=\"https:\/\/talkpal.ai\/az\/katalan-dili-qrammatikasi\/\">\r\n            <div class=\"learnNavigationWrapper\">\r\n                <div class=\"learnNavigationContent\">\r\n                    <img decoding=\"async\" src=\"https:\/\/talkpal.ai\/wp-content\/uploads\/2024\/08\/Catalan.jpg\" alt=\"Catalan Flag\">\r\n                    <div>\r\n                        <h4>Katalan Qrammatikas\u0131 D\u0259rsl\u0259ri<\/h4>\r\n                        <p>Katalan dilinin qrammatikas\u0131 praktikum.<\/p>\r\n                    <\/div>\r\n                <\/div>\r\n            <\/div>\r\n        <\/a>\r\n\r\n        \r\n        <a href=\"https:\/\/talkpal.ai\/vocabulary_language\/catalan\/\">\r\n            <div class=\"learnNavigationWrapper\">\r\n                <div class=\"learnNavigationContent\">\r\n                    <img decoding=\"async\" src=\"https:\/\/talkpal.ai\/wp-content\/uploads\/2024\/08\/Catalan.jpg\" alt=\"Catalan Flag\">\r\n                    <div>\r\n                        <h4>Katalan l\u00fc\u011f\u0259ti<\/h4>\r\n                        <p>Katalanca l\u00fc\u011f\u0259tinizi geni\u015fl\u0259ndirin.<\/p>\r\n                    <\/div>\r\n                <\/div>\r\n            <\/div>\r\n        <\/a>\r\n\r\n            <\/section>","protected":false},"excerpt":{"rendered":"<p>Katalan dilinin qrammatikas\u0131 M\u00f6vzular\u0131 \u0130spaniyan\u0131n Kataloniya b\u00f6lg\u0259sind\u0259 v\u0259 \u0130taliya v\u0259 Fransan\u0131n b\u0259zi yerl\u0259rind\u0259 milyonlarla insan\u0131n dan\u0131\u015fd\u0131\u011f\u0131 romant dili olan katalan dili z\u0259ngin tarix\u0259 malik g\u00f6z\u0259l v\u0259 canl\u0131 dildir. Katalan dilini \u00f6yr\u0259nm\u0259k z\u00f6vql\u00fc v\u0259 m\u00fckafatland\u0131r\u0131c\u0131 t\u0259cr\u00fcb\u0259 ola bil\u0259r, yeni m\u0259d\u0259ni v\u0259 dil \u00fcf\u00fcql\u0259ri a\u00e7\u0131r. Bu dili d\u00fczg\u00fcn \u00f6yr\u0259nm\u0259k \u00fc\u00e7\u00fcn onun qrammatikas\u0131n\u0131 \u00f6yr\u0259nm\u0259k olduqca vacibdir. Katalan dilinin [&hellip;]<\/p>\n","protected":false},"author":6,"featured_media":142046,"parent":0,"menu_order":0,"comment_status":"closed","ping_status":"closed","template":"LearningContentPage.php","meta":{"_acf_changed":false,"footnotes":""},"class_list":["post-164362","page","type-page","status-publish","has-post-thumbnail","hentry"],"acf":[],"yoast_head":"<!-- This site is optimized with the Yoast SEO Premium plugin v27.2 (Yoast SEO v27.2) - https:\/\/yoast.com\/product\/yoast-seo-premium-wordpress\/ -->\n<title>Katalan dilinin qrammatikas\u0131 m\u0259\u015fql\u0259ri - Talkpal<\/title>\n<meta name=\"description\" content=\"Bu g\u00f6z\u0259l dil v\u0259 onun strukturu haqq\u0131nda anlay\u0131\u015f\u0131n\u0131z\u0131 art\u0131rmaq \u00fc\u00e7\u00fcn \u0259sas Katalan qrammatikas\u0131 m\u0259\u015fql\u0259rini ara\u015fd\u0131r\u0131n.\" \/>\n<meta name=\"robots\" content=\"index, follow, max-snippet:-1, max-image-preview:large, max-video-preview:-1\" \/>\n<link rel=\"canonical\" href=\"https:\/\/talkpal.ai\/az\/katalan-dilinin-qrammatikasi-m%c9%99sql%c9%99ri\/\" \/>\n<meta property=\"og:locale\" content=\"az_AZ\" \/>\n<meta property=\"og:type\" content=\"article\" \/>\n<meta property=\"og:title\" content=\"Katalan dilinin qrammatikas\u0131 m\u0259\u015fql\u0259ri\" \/>\n<meta property=\"og:description\" content=\"Katalan dilinin qrammatikas\u0131 M\u00f6vzular\u0131 \u0130spaniyan\u0131n Kataloniya b\u00f6lg\u0259sind\u0259 v\u0259 \u0130taliya v\u0259 Fransan\u0131n b\u0259zi yerl\u0259rind\u0259 milyonlarla insan\u0131n dan\u0131\u015fd\u0131\u011f\u0131 romant dili\" \/>\n<meta property=\"og:url\" content=\"https:\/\/talkpal.ai\/az\/katalan-dilinin-qrammatikasi-m%c9%99sql%c9%99ri\/\" \/>\n<meta property=\"og:site_name\" content=\"Talkpal\" \/>\n<meta property=\"article:publisher\" content=\"https:\/\/www.facebook.com\/profile.php?id=100090733639311\" \/>\n<meta property=\"article:modified_time\" content=\"2025-05-23T13:33:16+00:00\" \/>\n<meta property=\"og:image\" content=\"https:\/\/talkpal.ai\/wp-content\/uploads\/2023\/08\/Catalan.png\" \/>\n\t<meta property=\"og:image:width\" content=\"479\" \/>\n\t<meta property=\"og:image:height\" content=\"479\" \/>\n\t<meta property=\"og:image:type\" content=\"image\/png\" \/>\n<meta name=\"twitter:card\" content=\"summary_large_image\" \/>\n<meta name=\"twitter:site\" content=\"@talkpalai\" \/>\n<meta name=\"twitter:label1\" content=\"Est. reading time\" \/>\n\t<meta name=\"twitter:data1\" content=\"4 minutes\" \/>\n<script type=\"application\/ld+json\" class=\"yoast-schema-graph\">{\"@context\":\"https:\/\/schema.org\",\"@graph\":[{\"@type\":\"WebPage\",\"@id\":\"https:\/\/talkpal.ai\/az\/katalan-dilinin-qrammatikasi-m%c9%99sql%c9%99ri\/\",\"url\":\"https:\/\/talkpal.ai\/az\/katalan-dilinin-qrammatikasi-m%c9%99sql%c9%99ri\/\",\"name\":\"Katalan dilinin qrammatikas\u0131 m\u0259\u015fql\u0259ri - Talkpal\",\"isPartOf\":{\"@id\":\"https:\/\/talkpal.ai\/az\/#website\"},\"primaryImageOfPage\":{\"@id\":\"https:\/\/talkpal.ai\/az\/katalan-dilinin-qrammatikasi-m%c9%99sql%c9%99ri\/#primaryimage\"},\"image\":{\"@id\":\"https:\/\/talkpal.ai\/az\/katalan-dilinin-qrammatikasi-m%c9%99sql%c9%99ri\/#primaryimage\"},\"thumbnailUrl\":\"https:\/\/talkpal.ai\/wp-content\/uploads\/2023\/08\/Catalan.png\",\"datePublished\":\"2023-06-16T12:49:04+00:00\",\"dateModified\":\"2025-05-23T13:33:16+00:00\",\"description\":\"Bu g\u00f6z\u0259l dil v\u0259 onun strukturu haqq\u0131nda anlay\u0131\u015f\u0131n\u0131z\u0131 art\u0131rmaq \u00fc\u00e7\u00fcn \u0259sas Katalan qrammatikas\u0131 m\u0259\u015fql\u0259rini ara\u015fd\u0131r\u0131n.\",\"breadcrumb\":{\"@id\":\"https:\/\/talkpal.ai\/az\/katalan-dilinin-qrammatikasi-m%c9%99sql%c9%99ri\/#breadcrumb\"},\"inLanguage\":\"az\",\"potentialAction\":[{\"@type\":\"ReadAction\",\"target\":[\"https:\/\/talkpal.ai\/az\/katalan-dilinin-qrammatikasi-m%c9%99sql%c9%99ri\/\"]}]},{\"@type\":\"ImageObject\",\"inLanguage\":\"az\",\"@id\":\"https:\/\/talkpal.ai\/az\/katalan-dilinin-qrammatikasi-m%c9%99sql%c9%99ri\/#primaryimage\",\"url\":\"https:\/\/talkpal.ai\/wp-content\/uploads\/2023\/08\/Catalan.png\",\"contentUrl\":\"https:\/\/talkpal.ai\/wp-content\/uploads\/2023\/08\/Catalan.png\",\"width\":479,\"height\":479},{\"@type\":\"BreadcrumbList\",\"@id\":\"https:\/\/talkpal.ai\/az\/katalan-dilinin-qrammatikasi-m%c9%99sql%c9%99ri\/#breadcrumb\",\"itemListElement\":[{\"@type\":\"ListItem\",\"position\":1,\"name\":\"Homepage\",\"item\":\"https:\/\/talkpal.ai\/az\/\"},{\"@type\":\"ListItem\",\"position\":2,\"name\":\"Katalan dilinin qrammatikas\u0131 m\u0259\u015fql\u0259ri\"}]},{\"@type\":\"WebSite\",\"@id\":\"https:\/\/talkpal.ai\/az\/#website\",\"url\":\"https:\/\/talkpal.ai\/az\/\",\"name\":\"Talkpal\",\"description\":\"AI Language Learning\",\"publisher\":{\"@id\":\"https:\/\/talkpal.ai\/az\/#organization\"},\"alternateName\":\"Talkpal AI\",\"potentialAction\":[{\"@type\":\"SearchAction\",\"target\":{\"@type\":\"EntryPoint\",\"urlTemplate\":\"https:\/\/talkpal.ai\/az\/?s={search_term_string}\"},\"query-input\":{\"@type\":\"PropertyValueSpecification\",\"valueRequired\":true,\"valueName\":\"search_term_string\"}}],\"inLanguage\":\"az\"},{\"@type\":\"Organization\",\"@id\":\"https:\/\/talkpal.ai\/az\/#organization\",\"name\":\"Talkpal, Inc.\",\"alternateName\":\"Talkpal AI\",\"url\":\"https:\/\/talkpal.ai\/az\/\",\"logo\":{\"@type\":\"ImageObject\",\"inLanguage\":\"az\",\"@id\":\"https:\/\/talkpal.ai\/az\/#\/schema\/logo\/image\/\",\"url\":\"https:\/\/talkpal.ai\/wp-content\/uploads\/2024\/03\/Talkpal-Logo-Icon.png\",\"contentUrl\":\"https:\/\/talkpal.ai\/wp-content\/uploads\/2024\/03\/Talkpal-Logo-Icon.png\",\"width\":2880,\"height\":2880,\"caption\":\"Talkpal, Inc.\"},\"image\":{\"@id\":\"https:\/\/talkpal.ai\/az\/#\/schema\/logo\/image\/\"},\"sameAs\":[\"https:\/\/www.facebook.com\/profile.php?id=100090733639311\",\"https:\/\/x.com\/talkpalai\",\"https:\/\/www.linkedin.com\/company\/talkpal\/\",\"https:\/\/www.youtube.com\/@TalkPal\/\",\"https:\/\/www.tiktok.com\/@talkpal\",\"https:\/\/www.instagram.com\/talkpal_ai\/\",\"https:\/\/www.crunchbase.com\/organization\/talkpal-9cde\",\"https:\/\/www.g2.com\/products\/talkpal-for-business\/\",\"https:\/\/www.trustpilot.com\/review\/talkpal.ai\",\"https:\/\/www.capterra.com\/p\/10006800\/TalkPal\/\"],\"description\":\"Talkpal is a language learning web and mobile education app, powered by the latest AI technologies, that provides engaging experiences to its customers in many different languages to help them improve their language skills. Users can chat about unlimited amount of topics with the app and use other modes to practice their language learning.\",\"email\":\"support@talkpal.ai\",\"legalName\":\"Talkpal, Inc.\",\"foundingDate\":\"2023-04-03\",\"duns\":\"118989042\",\"numberOfEmployees\":{\"@type\":\"QuantitativeValue\",\"minValue\":\"11\",\"maxValue\":\"50\"},\"publishingPrinciples\":\"https:\/\/talkpal.ai\/publishing-principles\/\",\"actionableFeedbackPolicy\":\"https:\/\/talkpal.ai\/actionable-feedback-policy\/\",\"correctionsPolicy\":\"https:\/\/talkpal.ai\/corrections-policy\/\",\"ethicsPolicy\":\"https:\/\/talkpal.ai\/ethics-policy\/\",\"diversityPolicy\":\"https:\/\/talkpal.ai\/diversity-policy\/\",\"diversityStaffingReport\":\"https:\/\/talkpal.ai\/diversity-policy\/\"}]}<\/script>\n<!-- \/ Yoast SEO Premium plugin. -->","yoast_head_json":{"title":"Katalan dilinin qrammatikas\u0131 m\u0259\u015fql\u0259ri - Talkpal","description":"Bu g\u00f6z\u0259l dil v\u0259 onun strukturu haqq\u0131nda anlay\u0131\u015f\u0131n\u0131z\u0131 art\u0131rmaq \u00fc\u00e7\u00fcn \u0259sas Katalan qrammatikas\u0131 m\u0259\u015fql\u0259rini ara\u015fd\u0131r\u0131n.","robots":{"index":"index","follow":"follow","max-snippet":"max-snippet:-1","max-image-preview":"max-image-preview:large","max-video-preview":"max-video-preview:-1"},"canonical":"https:\/\/talkpal.ai\/az\/katalan-dilinin-qrammatikasi-m%c9%99sql%c9%99ri\/","og_locale":"az_AZ","og_type":"article","og_title":"Katalan dilinin qrammatikas\u0131 m\u0259\u015fql\u0259ri","og_description":"Katalan dilinin qrammatikas\u0131 M\u00f6vzular\u0131 \u0130spaniyan\u0131n Kataloniya b\u00f6lg\u0259sind\u0259 v\u0259 \u0130taliya v\u0259 Fransan\u0131n b\u0259zi yerl\u0259rind\u0259 milyonlarla insan\u0131n dan\u0131\u015fd\u0131\u011f\u0131 romant dili","og_url":"https:\/\/talkpal.ai\/az\/katalan-dilinin-qrammatikasi-m%c9%99sql%c9%99ri\/","og_site_name":"Talkpal","article_publisher":"https:\/\/www.facebook.com\/profile.php?id=100090733639311","article_modified_time":"2025-05-23T13:33:16+00:00","og_image":[{"width":479,"height":479,"url":"https:\/\/talkpal.ai\/wp-content\/uploads\/2023\/08\/Catalan.png","type":"image\/png"}],"twitter_card":"summary_large_image","twitter_site":"@talkpalai","twitter_misc":{"Est. reading time":"4 minutes"},"schema":{"@context":"https:\/\/schema.org","@graph":[{"@type":"WebPage","@id":"https:\/\/talkpal.ai\/az\/katalan-dilinin-qrammatikasi-m%c9%99sql%c9%99ri\/","url":"https:\/\/talkpal.ai\/az\/katalan-dilinin-qrammatikasi-m%c9%99sql%c9%99ri\/","name":"Katalan dilinin qrammatikas\u0131 m\u0259\u015fql\u0259ri - Talkpal","isPartOf":{"@id":"https:\/\/talkpal.ai\/az\/#website"},"primaryImageOfPage":{"@id":"https:\/\/talkpal.ai\/az\/katalan-dilinin-qrammatikasi-m%c9%99sql%c9%99ri\/#primaryimage"},"image":{"@id":"https:\/\/talkpal.ai\/az\/katalan-dilinin-qrammatikasi-m%c9%99sql%c9%99ri\/#primaryimage"},"thumbnailUrl":"https:\/\/talkpal.ai\/wp-content\/uploads\/2023\/08\/Catalan.png","datePublished":"2023-06-16T12:49:04+00:00","dateModified":"2025-05-23T13:33:16+00:00","description":"Bu g\u00f6z\u0259l dil v\u0259 onun strukturu haqq\u0131nda anlay\u0131\u015f\u0131n\u0131z\u0131 art\u0131rmaq \u00fc\u00e7\u00fcn \u0259sas Katalan qrammatikas\u0131 m\u0259\u015fql\u0259rini ara\u015fd\u0131r\u0131n.","breadcrumb":{"@id":"https:\/\/talkpal.ai\/az\/katalan-dilinin-qrammatikasi-m%c9%99sql%c9%99ri\/#breadcrumb"},"inLanguage":"az","potentialAction":[{"@type":"ReadAction","target":["https:\/\/talkpal.ai\/az\/katalan-dilinin-qrammatikasi-m%c9%99sql%c9%99ri\/"]}]},{"@type":"ImageObject","inLanguage":"az","@id":"https:\/\/talkpal.ai\/az\/katalan-dilinin-qrammatikasi-m%c9%99sql%c9%99ri\/#primaryimage","url":"https:\/\/talkpal.ai\/wp-content\/uploads\/2023\/08\/Catalan.png","contentUrl":"https:\/\/talkpal.ai\/wp-content\/uploads\/2023\/08\/Catalan.png","width":479,"height":479},{"@type":"BreadcrumbList","@id":"https:\/\/talkpal.ai\/az\/katalan-dilinin-qrammatikasi-m%c9%99sql%c9%99ri\/#breadcrumb","itemListElement":[{"@type":"ListItem","position":1,"name":"Homepage","item":"https:\/\/talkpal.ai\/az\/"},{"@type":"ListItem","position":2,"name":"Katalan dilinin qrammatikas\u0131 m\u0259\u015fql\u0259ri"}]},{"@type":"WebSite","@id":"https:\/\/talkpal.ai\/az\/#website","url":"https:\/\/talkpal.ai\/az\/","name":"Talkpal","description":"AI Language Learning","publisher":{"@id":"https:\/\/talkpal.ai\/az\/#organization"},"alternateName":"Talkpal AI","potentialAction":[{"@type":"SearchAction","target":{"@type":"EntryPoint","urlTemplate":"https:\/\/talkpal.ai\/az\/?s={search_term_string}"},"query-input":{"@type":"PropertyValueSpecification","valueRequired":true,"valueName":"search_term_string"}}],"inLanguage":"az"},{"@type":"Organization","@id":"https:\/\/talkpal.ai\/az\/#organization","name":"Talkpal, Inc.","alternateName":"Talkpal AI","url":"https:\/\/talkpal.ai\/az\/","logo":{"@type":"ImageObject","inLanguage":"az","@id":"https:\/\/talkpal.ai\/az\/#\/schema\/logo\/image\/","url":"https:\/\/talkpal.ai\/wp-content\/uploads\/2024\/03\/Talkpal-Logo-Icon.png","contentUrl":"https:\/\/talkpal.ai\/wp-content\/uploads\/2024\/03\/Talkpal-Logo-Icon.png","width":2880,"height":2880,"caption":"Talkpal, Inc."},"image":{"@id":"https:\/\/talkpal.ai\/az\/#\/schema\/logo\/image\/"},"sameAs":["https:\/\/www.facebook.com\/profile.php?id=100090733639311","https:\/\/x.com\/talkpalai","https:\/\/www.linkedin.com\/company\/talkpal\/","https:\/\/www.youtube.com\/@TalkPal\/","https:\/\/www.tiktok.com\/@talkpal","https:\/\/www.instagram.com\/talkpal_ai\/","https:\/\/www.crunchbase.com\/organization\/talkpal-9cde","https:\/\/www.g2.com\/products\/talkpal-for-business\/","https:\/\/www.trustpilot.com\/review\/talkpal.ai","https:\/\/www.capterra.com\/p\/10006800\/TalkPal\/"],"description":"Talkpal is a language learning web and mobile education app, powered by the latest AI technologies, that provides engaging experiences to its customers in many different languages to help them improve their language skills. Users can chat about unlimited amount of topics with the app and use other modes to practice their language learning.","email":"support@talkpal.ai","legalName":"Talkpal, Inc.","foundingDate":"2023-04-03","duns":"118989042","numberOfEmployees":{"@type":"QuantitativeValue","minValue":"11","maxValue":"50"},"publishingPrinciples":"https:\/\/talkpal.ai\/publishing-principles\/","actionableFeedbackPolicy":"https:\/\/talkpal.ai\/actionable-feedback-policy\/","correctionsPolicy":"https:\/\/talkpal.ai\/corrections-policy\/","ethicsPolicy":"https:\/\/talkpal.ai\/ethics-policy\/","diversityPolicy":"https:\/\/talkpal.ai\/diversity-policy\/","diversityStaffingReport":"https:\/\/talkpal.ai\/diversity-policy\/"}]}},"_links":{"self":[{"href":"https:\/\/talkpal.ai\/az\/wp-json\/wp\/v2\/pages\/164362","targetHints":{"allow":["GET"]}}],"collection":[{"href":"https:\/\/talkpal.ai\/az\/wp-json\/wp\/v2\/pages"}],"about":[{"href":"https:\/\/talkpal.ai\/az\/wp-json\/wp\/v2\/types\/page"}],"author":[{"embeddable":true,"href":"https:\/\/talkpal.ai\/az\/wp-json\/wp\/v2\/users\/6"}],"replies":[{"embeddable":true,"href":"https:\/\/talkpal.ai\/az\/wp-json\/wp\/v2\/comments?post=164362"}],"version-history":[{"count":0,"href":"https:\/\/talkpal.ai\/az\/wp-json\/wp\/v2\/pages\/164362\/revisions"}],"wp:featuredmedia":[{"embeddable":true,"href":"https:\/\/talkpal.ai\/az\/wp-json\/wp\/v2\/media\/142046"}],"wp:attachment":[{"href":"https:\/\/talkpal.ai\/az\/wp-json\/wp\/v2\/media?parent=164362"}],"curies":[{"name":"wp","href":"https:\/\/api.w.org\/{rel}","templated":true}]}}