{"id":164024,"date":"2023-06-16T13:02:09","date_gmt":"2023-06-16T13:02:09","guid":{"rendered":"http:\/\/talkpal.ai\/xorvat-dilinin-qrammatikasi-m%c9%99sg%c9%99l%c9%99l%c9%99ri\/"},"modified":"2025-12-17T16:27:28","modified_gmt":"2025-12-17T16:27:28","slug":"xorvat-dilinin-qrammatikasi-m%c9%99sg%c9%99l%c9%99l%c9%99ri","status":"publish","type":"page","link":"https:\/\/talkpal.ai\/az\/xorvat-dilinin-qrammatikasi-m%c9%99sg%c9%99l%c9%99l%c9%99ri\/","title":{"rendered":"Xorvat dilinin qrammatikas\u0131 m\u0259\u015f\u011f\u0259l\u0259l\u0259ri"},"content":{"rendered":"\r\n\r\n\r\n<section class=\"languageChallengeSection\">\r\n    <div class=\"languageInfoWrapper\">\r\n        \r\n        <h1>Xorvat dilinin qrammatikas\u0131 m\u0259\u015f\u011f\u0259l\u0259l\u0259ri<\/h1>\r\n        <p><a href=\"https:\/\/talkpal.ai\/learn-croatian\/\">Xorvat<\/a> dilind\u0259 daha inaml\u0131 olmaq ist\u0259yirsiniz? Qrammatik m\u0259\u015f\u011f\u0259l\u0259l\u0259r siz\u0259 c\u00fcml\u0259 qurulu\u015funu, fel formalar\u0131n\u0131 v\u0259 xorvat dilinin unikal x\u00fcsusiyy\u0259tl\u0259rini m\u0259nims\u0259m\u0259y\u0259 k\u00f6m\u0259k ed\u0259c\u0259k. Bu g\u00fcn Xorvat dilinin qrammatikas\u0131n\u0131 ara\u015fd\u0131rma\u011fa ba\u015flay\u0131n v\u0259 h\u0259r yeni m\u0259\u015fql\u0259 bacar\u0131qlar\u0131n\u0131z\u0131n v\u0259 r\u0259vanl\u0131\u011f\u0131n\u0131z\u0131n yax\u015f\u0131la\u015fd\u0131\u011f\u0131n\u0131 izl\u0259yin!\n\n<\/p>\r\n\r\n                            <a class=\"getStartedHidden\" href=\"https:\/\/app.talkpal.ai\/signup?lng=\">Ba\u015fla<\/a>\r\n        \r\n    <\/div>\r\n\r\n    <figure>\r\n    <img decoding=\"async\" width=\"768\" height=\"768\" src=\"https:\/\/talkpal.ai\/wp-content\/uploads\/2023\/06\/croatian-768x768.png\" class=\"languageImage no-lazy\" alt=\"Language learning for successful interaction\" fetchpriority=\"high\" sizes=\"(max-width: 768px) 150px, 768px\" srcset=\"https:\/\/talkpal.ai\/wp-content\/uploads\/2023\/06\/croatian-768x768.png 768w, https:\/\/talkpal.ai\/wp-content\/uploads\/2023\/06\/croatian-300x300.png 300w\" \/>\r\n    \r\n\r\n    <\/figure>\r\n\r\n            <a class=\"getStartedVisible\" href=\"https:\/\/app.talkpal.ai\/signup?lng=\">Ba\u015fla<\/a>\r\n    \r\n<\/section>\r\n\r\n\r\n<!-- <section class=\"grammarSection\">\r\n    <div class=\"grammarLinks\">\r\n            <\/div>\r\n<\/section> -->\r\n\r\n\r\n\r\n\r\n<section class=\"promotionalBanner\">\r\n    <p class=\"promotionalText\">Dil \u00f6yr\u0259nm\u0259yin \u0259n t\u0259sirli yolu<\/p>\r\n    <a class=\"promotionalLink\" href=\"https:\/\/app.talkpal.ai\/signup?lng=\">Talkpal pulsuz s\u0131nay\u0131n<\/a>\r\n<\/section>\n<div class=\"wp-block-group pageContainerStyle\"><div class=\"wp-block-group__inner-container is-layout-constrained wp-block-group-is-layout-constrained\">\n<h2 class=\"wp-block-heading\" id=\"h-croatian-grammar-topics\">Xorvat dilinin qrammatikas\u0131 m\u00f6vzular\u0131<\/h2>\n\n\n\n<p>C\u0259nubi slavyan dili olan xorvat dili Xorvatiyan\u0131n r\u0259smi dili v\u0259 <a href=\"https:\/\/talkpal.ai\/learn-bosnian\/\">Bosniya<\/a> v\u0259 Herseqovinan\u0131n r\u0259smi dill\u0259rind\u0259n biridir. M\u00fcr\u0259kk\u0259b v\u0259 z\u0259ngin dildir, uzun tarixi v\u0259 \u00f6z\u00fcn\u0259m\u0259xsus qrammatik sistemin\u0259 malikdir. \u00d6yr\u0259n\u0259nl\u0259r \u00fc\u00e7\u00fcn bu dild\u0259 pe\u015f\u0259kar olmaq \u00fc\u00e7\u00fcn xorvat dilinin qrammatikas\u0131n\u0131n \u0259sas aspektl\u0259rini ba\u015fa d\u00fc\u015fm\u0259k z\u0259ruridir. Bu b\u0259l\u0259d\u00e7i siz\u0259 g\u0259rginlik, feill\u0259r, isiml\u0259r v\u0259 daha \u00e7ox kimi \u0259sas <a href=\"https:\/\/talkpal.ai\/grammar\/\">qrammatika<\/a> m\u00f6vzular\u0131ndan ke\u00e7m\u0259y\u0259 k\u00f6m\u0259k ed\u0259c\u0259k. Bu ard\u0131c\u0131ll\u0131qla sizin \u00f6yr\u0259nm\u0259 prosesinizi asanla\u015fd\u0131racaq v\u0259 bu g\u00f6z\u0259l dili ustal\u0131qla <a href=\"https:\/\/talkpal.ai\/az\/oyr%c9%99nm%c9%99k\/\">\u00f6yr\u0259nm\u0259k<\/a> \u00fc\u00e7\u00fcn m\u00f6hk\u0259m t\u0259m\u0259l t\u0259min ed\u0259c\u0259k.<\/p>\n\n\n\n<h3 class=\"wp-block-heading\" id=\"h-1-nouns\">1. Nouns:<\/h3>\n\n\n\n<p>\u0130siml\u0259r h\u0259r hans\u0131 bir dilin ilk tikinti material\u0131d\u0131r v\u0259 xorvatca isiml\u0259r \u00fc\u00e7 cins\u0259 malikdir &#8211; ki\u015fi, qad\u0131n v\u0259 sif\u0259tl\u0259r v\u0259 \u0259v\u0259zlikl\u0259rl\u0259 azalma v\u0259 uzla\u015fmaya t\u0259sir g\u00f6st\u0259rir. M\u00fcxt\u0259lif cinsl\u0259r v\u0259 onlar\u0131n sonluqlar\u0131 il\u0259 tan\u0131\u015f ol.<\/p>\n\n\n\n<h3 class=\"wp-block-heading\" id=\"h-2-articles\">2. M\u0259qal\u0259l\u0259r:<\/h3>\n\n\n\n<p>Xorvat dilind\u0259 ingilis dilind\u0259 \u201cthe\u201d v\u0259 ya \u201ca\u201d kimi m\u0259qal\u0259l\u0259r yoxdur, bu da yeni ba\u015flayanlar \u00fc\u00e7\u00fcn m\u0259qal\u0259nin istifad\u0259sind\u0259n narahat olmadan sad\u0259 c\u00fcml\u0259l\u0259r qurma\u011fa ba\u015flama\u011f\u0131 asanla\u015fd\u0131r\u0131r.<\/p>\n\n\n\n<h3 class=\"wp-block-heading\" id=\"h-3-pronouns-determiners\">3. Pronouns\/Determinl\u0259r:<\/h3>\n\n\n\n<p>Pronouns c\u00fcml\u0259l\u0259rd\u0259 nounlar\u0131 \u0259v\u0259z etm\u0259k \u00fc\u00e7\u00fcn istifad\u0259 olunur, determinl\u0259r is\u0259 nouninin spesifikliyini g\u00f6st\u0259rir. M\u00fcxt\u0259lif n\u00f6v pronouns (\u015f\u0259xsi, sahiblik, n\u00fcmayi\u015f v\u0259 s.) v\u0259 onlar\u0131n cinsi, say\u0131 v\u0259 case uy\u011fun declension \u00f6yr\u0259nm\u0259k.<\/p>\n\n\n\n<h3 class=\"wp-block-heading\" id=\"h-4-adjectives\">4. Adjectives:<\/h3>\n\n\n\n<p>Adjectives nouns keyfiyy\u0259tl\u0259rini t\u0259svir edir v\u0259 d\u0259yi\u015fdirdikl\u0259ri noun cinsi, say\u0131 v\u0259 hal\u0131 il\u0259 raz\u0131la\u015f\u0131rlar. Adjectives \u0259sas formalar\u0131 v\u0259 declension patterns \u00f6yr\u0259nm\u0259k.<\/p>\n\n\n\n<h3 class=\"wp-block-heading\" id=\"h-5-verbs\">5. Feill\u0259r:<\/h3>\n\n\n\n<p>Feill\u0259r h\u0259r hans\u0131 bir c\u00fcml\u0259nin, h\u0259r\u0259k\u0259tl\u0259rin v\u0259 ya \u015ftatlar\u0131n ifad\u0259 olunmas\u0131 \u00fc\u00e7\u00fcn \u0259sasd\u0131r. Xortca feill\u0259ri g\u0259rgin, \u0259hval-ruhiyy\u0259li, s\u0259s\u0259 v\u0259 insana g\u00f6r\u0259 birl\u0259\u015fir. \u018fn geni\u015f yay\u0131lm\u0131\u015f m\u00fcnt\u0259z\u0259m feill\u0259rd\u0259n v\u0259 onlar\u0131n konyunkasiya t\u0259rzl\u0259rind\u0259n indiki g\u0259rginliy\u0259 ba\u015fla.<\/p>\n\n\n\n<h3 class=\"wp-block-heading\" id=\"h-6-tenses\">6. G\u0259rginlikl\u0259r:<\/h3>\n\n\n\n<p>Xorvat dilind\u0259 yeddi zaman var &#8211; indiki, g\u0259l\u0259c\u0259k I, g\u0259l\u0259c\u0259k II, ke\u00e7mi\u015f, pluperfect, aorist v\u0259 qeyri-kamil. \u0130ndiki g\u0259rginliy\u0259 ba\u015flay\u0131n, sonra is\u0259 ke\u00e7mi\u015f v\u0259 g\u0259l\u0259c\u0259k g\u0259rginliy\u0259 do\u011fru ir\u0259lil\u0259y\u0259k, h\u0259r biri \u00fc\u00e7\u00fcn konyunkasiya \u00fcsullar\u0131n\u0131 \u00f6yr\u0259nin.<\/p>\n\n\n\n<h3 class=\"wp-block-heading\" id=\"h-7-tense-comparison\">7. G\u0259rgin m\u00fcqayis\u0259:<\/h3>\n\n\n\n<p>G\u0259rginlikl\u0259r aras\u0131ndak\u0131 f\u0259rql\u0259ri v\u0259 ox\u015farl\u0131qlar\u0131 ba\u015fa d\u00fc\u015fm\u0259k xorvatiyal\u0131 ustal\u0131q bax\u0131m\u0131ndan olduqca vacibdir. G\u0259rginliyi m\u00fcqayis\u0259 et v\u0259 kontekstd\u0259 onlardan istifad\u0259 et.<\/p>\n\n\n\n<h3 class=\"wp-block-heading\" id=\"h-8-progressive\">8. M\u00fct\u0259r\u0259qqi:<\/h3>\n\n\n\n<p>M\u00fct\u0259r\u0259qqi aspektd\u0259 davam ed\u0259n v\u0259 ya davaml\u0131 h\u0259r\u0259k\u0259tl\u0259r ifad\u0259 olunur. Xorvat dili ingilis dili kimi ayr\u0131ca m\u00fct\u0259r\u0259qqi formaya malik deyil, lakin konkret feil formalar\u0131, adverbl\u0259r v\u0259 ya konstruksiyalardan istifad\u0259 etm\u0259kl\u0259 m\u00fct\u0259r\u0259qqi m\u0259nan\u0131 \u00e7atd\u0131ra bil\u0259rsiniz.<\/p>\n\n\n\n<h3 class=\"wp-block-heading\" id=\"h-9-perfect-progressive\">9. M\u00fck\u0259mm\u0259l T\u0259r\u0259qqi:<\/h3>\n\n\n\n<p>Bu c\u0259h\u0259t m\u00fck\u0259mm\u0259l v\u0259 m\u00fct\u0259r\u0259qqi m\u0259nalar\u0131 \u00f6z\u00fcnd\u0259 birl\u0259\u015fdirir. Xorvat dilind\u0259 bu ifad\u0259 fasil\u0259siz h\u0259r\u0259k\u0259ti bildir\u0259n konkret feil formas\u0131 v\u0259 ya in\u015fa il\u0259 m\u00fck\u0259mm\u0259l g\u0259rgini istifad\u0259 etm\u0259kl\u0259 ifad\u0259 olunur.<\/p>\n\n\n\n<h3 class=\"wp-block-heading\" id=\"h-10-adverbs\">10. Adverbl\u0259r:<\/h3>\n\n\n\n<p>Adverbs feill\u0259ri, adjectives v\u0259 ya dig\u0259r adverbsl\u0259ri d\u0259yi\u015fdir\u0259r\u0259k, ad\u0259t\u0259n, davran\u0131\u015f, yer, vaxt v\u0259 ya d\u0259r\u0259c\u0259 g\u00f6st\u0259rir. \u018fn geni\u015f yay\u0131lm\u0131\u015f xorvat d\u00fc\u015fm\u0259nl\u0259rini v\u0259 onlar\u0131n c\u00fcml\u0259d\u0259 yerl\u0259\u015fdirilm\u0259sini \u00f6yr\u0259nin.<\/p>\n\n\n\n<h3 class=\"wp-block-heading\" id=\"h-11-prepositions\">11. Prepozisiyalar:<\/h3>\n\n\n\n<p>Prepozisiyalar s\u00f6zl\u0259r aras\u0131ndak\u0131 m\u00fcnasib\u0259tl\u0259ri bildirm\u0259k \u00fc\u00e7\u00fcn istifad\u0259 olunur. M\u0259s\u0259l\u0259n, m\u0259kan, istiqam\u0259t, zaman v\u0259 ya sahiblik. \u018fn geni\u015f yay\u0131lm\u0131\u015f xorvat prepozisiyalar\u0131n\u0131 v\u0259 onlar\u0131n idar\u0259 etdiyi hallar\u0131 \u00f6yr\u0259nin.<\/p>\n\n\n\n<h3 class=\"wp-block-heading\" id=\"h-12-conditionals\">12. \u015e\u0259rti olaraq:<\/h3>\n\n\n\n<p>\u015e\u0259rtil\u0259r hipotetik v\u0259ziyy\u0259tl\u0259ri v\u0259 ya \u015f\u0259rtl\u0259ri v\u0259 onlar\u0131n n\u0259tic\u0259l\u0259rini ifad\u0259 edir. Xorvat dilind\u0259 \u00fc\u00e7 n\u00f6v \u015f\u0259rt var &#8211; real, qeyri-real v\u0259 qar\u0131\u015f\u0131q. H\u0259r bir n\u00f6v\u00fcn yaranmas\u0131n\u0131 v\u0259 istifad\u0259sini \u00f6yr\u0259nin.<\/p>\n\n\n\n<h3 class=\"wp-block-heading\" id=\"h-13-sentences\">13. C\u00fcml\u0259l\u0259r:<\/h3>\n\n\n\n<p>N\u0259hay\u0259t, xorvat dilind\u0259 sad\u0259 v\u0259 m\u00fcr\u0259kk\u0259b c\u00fcml\u0259l\u0259r qurmaq \u00fc\u00e7\u00fcn \u00f6yr\u0259ndiyiniz b\u00fct\u00fcn qrammatik elementl\u0259ri birl\u0259\u015fdir\u0259r\u0259k m\u0259\u015fq edin. Bu siz\u0259 dil s\u0259lisliyini v\u0259 b\u00fct\u00f6vl\u00fckd\u0259 <a href=\"https:\/\/talkpal.ai\/croatian-grammar\/\">xorvat dilinin qrammatikas\u0131<\/a> haqq\u0131nda anlay\u0131\u015f\u0131 inki\u015faf etdirm\u0259kd\u0259 k\u00f6m\u0259k ed\u0259c\u0259k.<\/p>\n<\/div><\/div>\n\r\n<section class=\"learnNavigationSection\">\r\n            \r\n        <a href=\"https:\/\/talkpal.ai\/az\/xorvat-dilini-oyr%c9%99n\/\">\r\n            <div class=\"learnNavigationWrapper\">\r\n                <div class=\"learnNavigationContent\">\r\n                    <img decoding=\"async\" src=\"https:\/\/talkpal.ai\/wp-content\/uploads\/2024\/08\/Croatian.jpg\" alt=\"Croatian Flag\">\r\n                    <div>\r\n                        <h4>Xorvat dilinin \u00f6yr\u0259nilm\u0259si haqq\u0131nda<\/h4>\r\n                        <p>Xorvat dilinin qrammatikas\u0131 haqq\u0131nda h\u0259r \u015feyi \u00f6yr\u0259nin.<\/p>\r\n                    <\/div>\r\n                <\/div>\r\n            <\/div>\r\n        <\/a>\r\n\r\n        \r\n        <a href=\"https:\/\/talkpal.ai\/az\/xorvat-dilinin-qrammatikasi\/\">\r\n            <div class=\"learnNavigationWrapper\">\r\n                <div class=\"learnNavigationContent\">\r\n                    <img decoding=\"async\" src=\"https:\/\/talkpal.ai\/wp-content\/uploads\/2024\/08\/Croatian.jpg\" alt=\"Croatian Flag\">\r\n                    <div>\r\n                        <h4>Xorvat dili qrammatikas\u0131 d\u0259rsl\u0259ri<\/h4>\r\n                        <p>Xorvat dilinin qrammatikas\u0131 .<\/p>\r\n                    <\/div>\r\n                <\/div>\r\n            <\/div>\r\n        <\/a>\r\n\r\n        \r\n        <a href=\"https:\/\/talkpal.ai\/vocabulary_language\/croatian\/\">\r\n            <div class=\"learnNavigationWrapper\">\r\n                <div class=\"learnNavigationContent\">\r\n                    <img decoding=\"async\" src=\"https:\/\/talkpal.ai\/wp-content\/uploads\/2024\/08\/Croatian.jpg\" alt=\"Croatian Flag\">\r\n                    <div>\r\n                        <h4>Xorvat l\u00fc\u011f\u0259ti<\/h4>\r\n                        <p>Xorvat dili l\u00fc\u011f\u0259tinizi geni\u015fl\u0259ndirin.<\/p>\r\n                    <\/div>\r\n                <\/div>\r\n            <\/div>\r\n        <\/a>\r\n\r\n            <\/section>","protected":false},"excerpt":{"rendered":"<p>Xorvat dilinin qrammatikas\u0131 m\u00f6vzular\u0131 C\u0259nubi slavyan dili olan xorvat dili Xorvatiyan\u0131n r\u0259smi dili v\u0259 Bosniya v\u0259 Herseqovinan\u0131n r\u0259smi dill\u0259rind\u0259n biridir. M\u00fcr\u0259kk\u0259b v\u0259 z\u0259ngin dildir, uzun tarixi v\u0259 \u00f6z\u00fcn\u0259m\u0259xsus qrammatik sistemin\u0259 malikdir. \u00d6yr\u0259n\u0259nl\u0259r \u00fc\u00e7\u00fcn bu dild\u0259 pe\u015f\u0259kar olmaq \u00fc\u00e7\u00fcn xorvat dilinin qrammatikas\u0131n\u0131n \u0259sas aspektl\u0259rini ba\u015fa d\u00fc\u015fm\u0259k z\u0259ruridir. Bu b\u0259l\u0259d\u00e7i siz\u0259 g\u0259rginlik, feill\u0259r, isiml\u0259r v\u0259 daha \u00e7ox [&hellip;]<\/p>\n","protected":false},"author":6,"featured_media":142366,"parent":0,"menu_order":0,"comment_status":"closed","ping_status":"closed","template":"LearningContentPage.php","meta":{"_acf_changed":false,"footnotes":""},"class_list":["post-164024","page","type-page","status-publish","has-post-thumbnail","hentry"],"acf":[],"yoast_head":"<!-- This site is optimized with the Yoast SEO Premium plugin v27.2 (Yoast SEO v27.2) - https:\/\/yoast.com\/product\/yoast-seo-premium-wordpress\/ -->\n<title>Xorvat dilinin qrammatikas\u0131 m\u0259\u015f\u011f\u0259l\u0259l\u0259ri - Talkpal<\/title>\n<meta name=\"description\" content=\"\u0130stifad\u0259\u00e7il\u0259r \u00fc\u00e7\u00fcn zamanlar\u0131, fell\u0259ri v\u0259 isiml\u0259ri \u00f6yr\u0259nm\u0259yi asanla\u015fd\u0131ran effektiv Xorvat qrammatikas\u0131 m\u0259\u015fql\u0259ri il\u0259 xorvat dilini m\u0259nims\u0259yin.\" \/>\n<meta name=\"robots\" content=\"index, follow, max-snippet:-1, max-image-preview:large, max-video-preview:-1\" \/>\n<link rel=\"canonical\" href=\"https:\/\/talkpal.ai\/az\/xorvat-dilinin-qrammatikasi-m%c9%99sg%c9%99l%c9%99l%c9%99ri\/\" \/>\n<meta property=\"og:locale\" content=\"az_AZ\" \/>\n<meta property=\"og:type\" content=\"article\" \/>\n<meta property=\"og:title\" content=\"Xorvat dilinin qrammatikas\u0131 m\u0259\u015f\u011f\u0259l\u0259l\u0259ri\" \/>\n<meta property=\"og:description\" content=\"Xorvat dilinin qrammatikas\u0131 m\u00f6vzular\u0131 C\u0259nubi slavyan dili olan xorvat dili Xorvatiyan\u0131n r\u0259smi dili v\u0259 Bosniya v\u0259 Herseqovinan\u0131n r\u0259smi dill\u0259rind\u0259n biridir.\" \/>\n<meta property=\"og:url\" content=\"https:\/\/talkpal.ai\/az\/xorvat-dilinin-qrammatikasi-m%c9%99sg%c9%99l%c9%99l%c9%99ri\/\" \/>\n<meta property=\"og:site_name\" content=\"Talkpal\" \/>\n<meta property=\"article:publisher\" content=\"https:\/\/www.facebook.com\/profile.php?id=100090733639311\" \/>\n<meta property=\"article:modified_time\" content=\"2025-12-17T16:27:28+00:00\" \/>\n<meta property=\"og:image\" content=\"https:\/\/talkpal.ai\/wp-content\/uploads\/2023\/05\/croatia.png\" \/>\n\t<meta property=\"og:image:width\" content=\"512\" \/>\n\t<meta property=\"og:image:height\" content=\"512\" \/>\n\t<meta property=\"og:image:type\" content=\"image\/png\" \/>\n<meta name=\"twitter:card\" content=\"summary_large_image\" \/>\n<meta name=\"twitter:site\" content=\"@talkpalai\" \/>\n<meta name=\"twitter:label1\" content=\"Est. reading time\" \/>\n\t<meta name=\"twitter:data1\" content=\"4 minutes\" \/>\n<script type=\"application\/ld+json\" class=\"yoast-schema-graph\">{\"@context\":\"https:\/\/schema.org\",\"@graph\":[{\"@type\":\"WebPage\",\"@id\":\"https:\/\/talkpal.ai\/az\/xorvat-dilinin-qrammatikasi-m%c9%99sg%c9%99l%c9%99l%c9%99ri\/\",\"url\":\"https:\/\/talkpal.ai\/az\/xorvat-dilinin-qrammatikasi-m%c9%99sg%c9%99l%c9%99l%c9%99ri\/\",\"name\":\"Xorvat dilinin qrammatikas\u0131 m\u0259\u015f\u011f\u0259l\u0259l\u0259ri - Talkpal\",\"isPartOf\":{\"@id\":\"https:\/\/talkpal.ai\/az\/#website\"},\"primaryImageOfPage\":{\"@id\":\"https:\/\/talkpal.ai\/az\/xorvat-dilinin-qrammatikasi-m%c9%99sg%c9%99l%c9%99l%c9%99ri\/#primaryimage\"},\"image\":{\"@id\":\"https:\/\/talkpal.ai\/az\/xorvat-dilinin-qrammatikasi-m%c9%99sg%c9%99l%c9%99l%c9%99ri\/#primaryimage\"},\"thumbnailUrl\":\"https:\/\/talkpal.ai\/wp-content\/uploads\/2023\/05\/croatia.png\",\"datePublished\":\"2023-06-16T13:02:09+00:00\",\"dateModified\":\"2025-12-17T16:27:28+00:00\",\"description\":\"\u0130stifad\u0259\u00e7il\u0259r \u00fc\u00e7\u00fcn zamanlar\u0131, fell\u0259ri v\u0259 isiml\u0259ri \u00f6yr\u0259nm\u0259yi asanla\u015fd\u0131ran effektiv Xorvat qrammatikas\u0131 m\u0259\u015fql\u0259ri il\u0259 xorvat dilini m\u0259nims\u0259yin.\",\"breadcrumb\":{\"@id\":\"https:\/\/talkpal.ai\/az\/xorvat-dilinin-qrammatikasi-m%c9%99sg%c9%99l%c9%99l%c9%99ri\/#breadcrumb\"},\"inLanguage\":\"az\",\"potentialAction\":[{\"@type\":\"ReadAction\",\"target\":[\"https:\/\/talkpal.ai\/az\/xorvat-dilinin-qrammatikasi-m%c9%99sg%c9%99l%c9%99l%c9%99ri\/\"]}]},{\"@type\":\"ImageObject\",\"inLanguage\":\"az\",\"@id\":\"https:\/\/talkpal.ai\/az\/xorvat-dilinin-qrammatikasi-m%c9%99sg%c9%99l%c9%99l%c9%99ri\/#primaryimage\",\"url\":\"https:\/\/talkpal.ai\/wp-content\/uploads\/2023\/05\/croatia.png\",\"contentUrl\":\"https:\/\/talkpal.ai\/wp-content\/uploads\/2023\/05\/croatia.png\",\"width\":512,\"height\":512},{\"@type\":\"BreadcrumbList\",\"@id\":\"https:\/\/talkpal.ai\/az\/xorvat-dilinin-qrammatikasi-m%c9%99sg%c9%99l%c9%99l%c9%99ri\/#breadcrumb\",\"itemListElement\":[{\"@type\":\"ListItem\",\"position\":1,\"name\":\"Homepage\",\"item\":\"https:\/\/talkpal.ai\/az\/\"},{\"@type\":\"ListItem\",\"position\":2,\"name\":\"Xorvat dilinin qrammatikas\u0131 m\u0259\u015f\u011f\u0259l\u0259l\u0259ri\"}]},{\"@type\":\"WebSite\",\"@id\":\"https:\/\/talkpal.ai\/az\/#website\",\"url\":\"https:\/\/talkpal.ai\/az\/\",\"name\":\"Talkpal\",\"description\":\"AI Language Learning\",\"publisher\":{\"@id\":\"https:\/\/talkpal.ai\/az\/#organization\"},\"alternateName\":\"Talkpal AI\",\"potentialAction\":[{\"@type\":\"SearchAction\",\"target\":{\"@type\":\"EntryPoint\",\"urlTemplate\":\"https:\/\/talkpal.ai\/az\/?s={search_term_string}\"},\"query-input\":{\"@type\":\"PropertyValueSpecification\",\"valueRequired\":true,\"valueName\":\"search_term_string\"}}],\"inLanguage\":\"az\"},{\"@type\":\"Organization\",\"@id\":\"https:\/\/talkpal.ai\/az\/#organization\",\"name\":\"Talkpal, Inc.\",\"alternateName\":\"Talkpal AI\",\"url\":\"https:\/\/talkpal.ai\/az\/\",\"logo\":{\"@type\":\"ImageObject\",\"inLanguage\":\"az\",\"@id\":\"https:\/\/talkpal.ai\/az\/#\/schema\/logo\/image\/\",\"url\":\"https:\/\/talkpal.ai\/wp-content\/uploads\/2024\/03\/Talkpal-Logo-Icon.png\",\"contentUrl\":\"https:\/\/talkpal.ai\/wp-content\/uploads\/2024\/03\/Talkpal-Logo-Icon.png\",\"width\":2880,\"height\":2880,\"caption\":\"Talkpal, Inc.\"},\"image\":{\"@id\":\"https:\/\/talkpal.ai\/az\/#\/schema\/logo\/image\/\"},\"sameAs\":[\"https:\/\/www.facebook.com\/profile.php?id=100090733639311\",\"https:\/\/x.com\/talkpalai\",\"https:\/\/www.linkedin.com\/company\/talkpal\/\",\"https:\/\/www.youtube.com\/@TalkPal\/\",\"https:\/\/www.tiktok.com\/@talkpal\",\"https:\/\/www.instagram.com\/talkpal_ai\/\",\"https:\/\/www.crunchbase.com\/organization\/talkpal-9cde\",\"https:\/\/www.g2.com\/products\/talkpal-for-business\/\",\"https:\/\/www.trustpilot.com\/review\/talkpal.ai\",\"https:\/\/www.capterra.com\/p\/10006800\/TalkPal\/\"],\"description\":\"Talkpal is a language learning web and mobile education app, powered by the latest AI technologies, that provides engaging experiences to its customers in many different languages to help them improve their language skills. Users can chat about unlimited amount of topics with the app and use other modes to practice their language learning.\",\"email\":\"support@talkpal.ai\",\"legalName\":\"Talkpal, Inc.\",\"foundingDate\":\"2023-04-03\",\"duns\":\"118989042\",\"numberOfEmployees\":{\"@type\":\"QuantitativeValue\",\"minValue\":\"11\",\"maxValue\":\"50\"},\"publishingPrinciples\":\"https:\/\/talkpal.ai\/publishing-principles\/\",\"actionableFeedbackPolicy\":\"https:\/\/talkpal.ai\/actionable-feedback-policy\/\",\"correctionsPolicy\":\"https:\/\/talkpal.ai\/corrections-policy\/\",\"ethicsPolicy\":\"https:\/\/talkpal.ai\/ethics-policy\/\",\"diversityPolicy\":\"https:\/\/talkpal.ai\/diversity-policy\/\",\"diversityStaffingReport\":\"https:\/\/talkpal.ai\/diversity-policy\/\"}]}<\/script>\n<!-- \/ Yoast SEO Premium plugin. -->","yoast_head_json":{"title":"Xorvat dilinin qrammatikas\u0131 m\u0259\u015f\u011f\u0259l\u0259l\u0259ri - Talkpal","description":"\u0130stifad\u0259\u00e7il\u0259r \u00fc\u00e7\u00fcn zamanlar\u0131, fell\u0259ri v\u0259 isiml\u0259ri \u00f6yr\u0259nm\u0259yi asanla\u015fd\u0131ran effektiv Xorvat qrammatikas\u0131 m\u0259\u015fql\u0259ri il\u0259 xorvat dilini m\u0259nims\u0259yin.","robots":{"index":"index","follow":"follow","max-snippet":"max-snippet:-1","max-image-preview":"max-image-preview:large","max-video-preview":"max-video-preview:-1"},"canonical":"https:\/\/talkpal.ai\/az\/xorvat-dilinin-qrammatikasi-m%c9%99sg%c9%99l%c9%99l%c9%99ri\/","og_locale":"az_AZ","og_type":"article","og_title":"Xorvat dilinin qrammatikas\u0131 m\u0259\u015f\u011f\u0259l\u0259l\u0259ri","og_description":"Xorvat dilinin qrammatikas\u0131 m\u00f6vzular\u0131 C\u0259nubi slavyan dili olan xorvat dili Xorvatiyan\u0131n r\u0259smi dili v\u0259 Bosniya v\u0259 Herseqovinan\u0131n r\u0259smi dill\u0259rind\u0259n biridir.","og_url":"https:\/\/talkpal.ai\/az\/xorvat-dilinin-qrammatikasi-m%c9%99sg%c9%99l%c9%99l%c9%99ri\/","og_site_name":"Talkpal","article_publisher":"https:\/\/www.facebook.com\/profile.php?id=100090733639311","article_modified_time":"2025-12-17T16:27:28+00:00","og_image":[{"width":512,"height":512,"url":"https:\/\/talkpal.ai\/wp-content\/uploads\/2023\/05\/croatia.png","type":"image\/png"}],"twitter_card":"summary_large_image","twitter_site":"@talkpalai","twitter_misc":{"Est. reading time":"4 minutes"},"schema":{"@context":"https:\/\/schema.org","@graph":[{"@type":"WebPage","@id":"https:\/\/talkpal.ai\/az\/xorvat-dilinin-qrammatikasi-m%c9%99sg%c9%99l%c9%99l%c9%99ri\/","url":"https:\/\/talkpal.ai\/az\/xorvat-dilinin-qrammatikasi-m%c9%99sg%c9%99l%c9%99l%c9%99ri\/","name":"Xorvat dilinin qrammatikas\u0131 m\u0259\u015f\u011f\u0259l\u0259l\u0259ri - Talkpal","isPartOf":{"@id":"https:\/\/talkpal.ai\/az\/#website"},"primaryImageOfPage":{"@id":"https:\/\/talkpal.ai\/az\/xorvat-dilinin-qrammatikasi-m%c9%99sg%c9%99l%c9%99l%c9%99ri\/#primaryimage"},"image":{"@id":"https:\/\/talkpal.ai\/az\/xorvat-dilinin-qrammatikasi-m%c9%99sg%c9%99l%c9%99l%c9%99ri\/#primaryimage"},"thumbnailUrl":"https:\/\/talkpal.ai\/wp-content\/uploads\/2023\/05\/croatia.png","datePublished":"2023-06-16T13:02:09+00:00","dateModified":"2025-12-17T16:27:28+00:00","description":"\u0130stifad\u0259\u00e7il\u0259r \u00fc\u00e7\u00fcn zamanlar\u0131, fell\u0259ri v\u0259 isiml\u0259ri \u00f6yr\u0259nm\u0259yi asanla\u015fd\u0131ran effektiv Xorvat qrammatikas\u0131 m\u0259\u015fql\u0259ri il\u0259 xorvat dilini m\u0259nims\u0259yin.","breadcrumb":{"@id":"https:\/\/talkpal.ai\/az\/xorvat-dilinin-qrammatikasi-m%c9%99sg%c9%99l%c9%99l%c9%99ri\/#breadcrumb"},"inLanguage":"az","potentialAction":[{"@type":"ReadAction","target":["https:\/\/talkpal.ai\/az\/xorvat-dilinin-qrammatikasi-m%c9%99sg%c9%99l%c9%99l%c9%99ri\/"]}]},{"@type":"ImageObject","inLanguage":"az","@id":"https:\/\/talkpal.ai\/az\/xorvat-dilinin-qrammatikasi-m%c9%99sg%c9%99l%c9%99l%c9%99ri\/#primaryimage","url":"https:\/\/talkpal.ai\/wp-content\/uploads\/2023\/05\/croatia.png","contentUrl":"https:\/\/talkpal.ai\/wp-content\/uploads\/2023\/05\/croatia.png","width":512,"height":512},{"@type":"BreadcrumbList","@id":"https:\/\/talkpal.ai\/az\/xorvat-dilinin-qrammatikasi-m%c9%99sg%c9%99l%c9%99l%c9%99ri\/#breadcrumb","itemListElement":[{"@type":"ListItem","position":1,"name":"Homepage","item":"https:\/\/talkpal.ai\/az\/"},{"@type":"ListItem","position":2,"name":"Xorvat dilinin qrammatikas\u0131 m\u0259\u015f\u011f\u0259l\u0259l\u0259ri"}]},{"@type":"WebSite","@id":"https:\/\/talkpal.ai\/az\/#website","url":"https:\/\/talkpal.ai\/az\/","name":"Talkpal","description":"AI Language Learning","publisher":{"@id":"https:\/\/talkpal.ai\/az\/#organization"},"alternateName":"Talkpal AI","potentialAction":[{"@type":"SearchAction","target":{"@type":"EntryPoint","urlTemplate":"https:\/\/talkpal.ai\/az\/?s={search_term_string}"},"query-input":{"@type":"PropertyValueSpecification","valueRequired":true,"valueName":"search_term_string"}}],"inLanguage":"az"},{"@type":"Organization","@id":"https:\/\/talkpal.ai\/az\/#organization","name":"Talkpal, Inc.","alternateName":"Talkpal AI","url":"https:\/\/talkpal.ai\/az\/","logo":{"@type":"ImageObject","inLanguage":"az","@id":"https:\/\/talkpal.ai\/az\/#\/schema\/logo\/image\/","url":"https:\/\/talkpal.ai\/wp-content\/uploads\/2024\/03\/Talkpal-Logo-Icon.png","contentUrl":"https:\/\/talkpal.ai\/wp-content\/uploads\/2024\/03\/Talkpal-Logo-Icon.png","width":2880,"height":2880,"caption":"Talkpal, Inc."},"image":{"@id":"https:\/\/talkpal.ai\/az\/#\/schema\/logo\/image\/"},"sameAs":["https:\/\/www.facebook.com\/profile.php?id=100090733639311","https:\/\/x.com\/talkpalai","https:\/\/www.linkedin.com\/company\/talkpal\/","https:\/\/www.youtube.com\/@TalkPal\/","https:\/\/www.tiktok.com\/@talkpal","https:\/\/www.instagram.com\/talkpal_ai\/","https:\/\/www.crunchbase.com\/organization\/talkpal-9cde","https:\/\/www.g2.com\/products\/talkpal-for-business\/","https:\/\/www.trustpilot.com\/review\/talkpal.ai","https:\/\/www.capterra.com\/p\/10006800\/TalkPal\/"],"description":"Talkpal is a language learning web and mobile education app, powered by the latest AI technologies, that provides engaging experiences to its customers in many different languages to help them improve their language skills. Users can chat about unlimited amount of topics with the app and use other modes to practice their language learning.","email":"support@talkpal.ai","legalName":"Talkpal, Inc.","foundingDate":"2023-04-03","duns":"118989042","numberOfEmployees":{"@type":"QuantitativeValue","minValue":"11","maxValue":"50"},"publishingPrinciples":"https:\/\/talkpal.ai\/publishing-principles\/","actionableFeedbackPolicy":"https:\/\/talkpal.ai\/actionable-feedback-policy\/","correctionsPolicy":"https:\/\/talkpal.ai\/corrections-policy\/","ethicsPolicy":"https:\/\/talkpal.ai\/ethics-policy\/","diversityPolicy":"https:\/\/talkpal.ai\/diversity-policy\/","diversityStaffingReport":"https:\/\/talkpal.ai\/diversity-policy\/"}]}},"_links":{"self":[{"href":"https:\/\/talkpal.ai\/az\/wp-json\/wp\/v2\/pages\/164024","targetHints":{"allow":["GET"]}}],"collection":[{"href":"https:\/\/talkpal.ai\/az\/wp-json\/wp\/v2\/pages"}],"about":[{"href":"https:\/\/talkpal.ai\/az\/wp-json\/wp\/v2\/types\/page"}],"author":[{"embeddable":true,"href":"https:\/\/talkpal.ai\/az\/wp-json\/wp\/v2\/users\/6"}],"replies":[{"embeddable":true,"href":"https:\/\/talkpal.ai\/az\/wp-json\/wp\/v2\/comments?post=164024"}],"version-history":[{"count":0,"href":"https:\/\/talkpal.ai\/az\/wp-json\/wp\/v2\/pages\/164024\/revisions"}],"wp:featuredmedia":[{"embeddable":true,"href":"https:\/\/talkpal.ai\/az\/wp-json\/wp\/v2\/media\/142366"}],"wp:attachment":[{"href":"https:\/\/talkpal.ai\/az\/wp-json\/wp\/v2\/media?parent=164024"}],"curies":[{"name":"wp","href":"https:\/\/api.w.org\/{rel}","templated":true}]}}