{"id":163700,"date":"2023-06-16T13:10:39","date_gmt":"2023-06-16T13:10:39","guid":{"rendered":"http:\/\/talkpal.ai\/cex-dilinin-qrammatikasi-m%c9%99sg%c9%99l%c9%99l%c9%99ri\/"},"modified":"2025-12-17T16:29:33","modified_gmt":"2025-12-17T16:29:33","slug":"cex-dilinin-qrammatikasi-m%c9%99sg%c9%99l%c9%99l%c9%99ri","status":"publish","type":"page","link":"https:\/\/talkpal.ai\/az\/cex-dilinin-qrammatikasi-m%c9%99sg%c9%99l%c9%99l%c9%99ri\/","title":{"rendered":"\u00c7ex dilinin qrammatikas\u0131 m\u0259\u015f\u011f\u0259l\u0259l\u0259ri"},"content":{"rendered":"\r\n\r\n\r\n<section class=\"languageChallengeSection\">\r\n    <div class=\"languageInfoWrapper\">\r\n        \r\n        <h1>\u00c7ex dilinin qrammatikas\u0131 m\u0259\u015f\u011f\u0259l\u0259l\u0259ri<\/h1>\r\n        <p>\u00c7ex bacar\u0131qlar\u0131n\u0131z\u0131 k\u0259skinl\u0259\u015fdirm\u0259y\u0259 haz\u0131rs\u0131n\u0131z? Qrammatik m\u0259\u015fql\u0259ri m\u0259\u015fq etm\u0259k c\u00fcml\u0259 qurulu\u015funu, fel sonlar\u0131n\u0131 v\u0259 \u00e7ex dilinin f\u0259rqli n\u00fcmun\u0259l\u0259rini m\u0259nims\u0259m\u0259yin m\u00fck\u0259mm\u0259l yoludur. Bu g\u00fcn \u00c7ex dilinin qrammatikas\u0131 \u00fcz\u0259rind\u0259 i\u015fl\u0259m\u0259y\u0259 ba\u015flay\u0131n v\u0259 h\u0259r m\u0259\u015fql\u0259 inam\u0131n\u0131z\u0131n v\u0259 s\u0259lisliyinizinizin artmas\u0131n\u0131 izl\u0259yin!\n\n<\/p>\r\n\r\n                            <a class=\"getStartedHidden\" href=\"https:\/\/app.talkpal.ai\/signup?lng=\">Ba\u015fla<\/a>\r\n        \r\n    <\/div>\r\n\r\n    <figure>\r\n    <img decoding=\"async\" width=\"768\" height=\"768\" src=\"https:\/\/talkpal.ai\/wp-content\/uploads\/2023\/06\/Czech-768x768.png\" class=\"languageImage no-lazy\" alt=\"Language learning for intellectual development\" fetchpriority=\"high\" sizes=\"(max-width: 768px) 150px, 768px\" srcset=\"https:\/\/talkpal.ai\/wp-content\/uploads\/2023\/06\/Czech-768x768.png 768w, https:\/\/talkpal.ai\/wp-content\/uploads\/2023\/06\/Czech-300x300.png 300w\" \/>\r\n    \r\n\r\n    <\/figure>\r\n\r\n            <a class=\"getStartedVisible\" href=\"https:\/\/app.talkpal.ai\/signup?lng=\">Ba\u015fla<\/a>\r\n    \r\n<\/section>\r\n\r\n\r\n<!-- <section class=\"grammarSection\">\r\n    <div class=\"grammarLinks\">\r\n            <\/div>\r\n<\/section> -->\r\n\r\n\r\n\r\n\r\n<section class=\"promotionalBanner\">\r\n    <p class=\"promotionalText\">Dil \u00f6yr\u0259nm\u0259yin \u0259n t\u0259sirli yolu<\/p>\r\n    <a class=\"promotionalLink\" href=\"https:\/\/app.talkpal.ai\/signup?lng=\">Talkpal pulsuz s\u0131nay\u0131n<\/a>\r\n<\/section>\n<div class=\"wp-block-group pageContainerStyle\"><div class=\"wp-block-group__inner-container is-layout-constrained wp-block-group-is-layout-constrained\">\n<h2 class=\"wp-block-heading\" id=\"h-czech-grammar-topics\">\u00c7ex dilinin qrammatikas\u0131 m\u00f6vzular\u0131<\/h2>\n\n\n\n<p>Yeni <a href=\"https:\/\/talkpal.ai\/az\/talkpal-chat-vasit%c9%99sil%c9%99-dil-oyr%c9%99nm%c9%99k-ucun-nec%c9%99\/\">dil \u00f6yr\u0259nm\u0259k<\/a> maraql\u0131 v\u0259 z\u0259nginl\u0259\u015fdirm\u0259 t\u0259cr\u00fcb\u0259si ola bil\u0259r. <a href=\"https:\/\/talkpal.ai\/learn-czech\/\">\u00c7ex dili<\/a> istisna deyil. Z\u0259ngin tarixi v\u0259 \u00f6z\u00fcn\u0259m\u0259xsus slavyan cazib\u0259si il\u0259 <a href=\"https:\/\/talkpal.ai\/learn-czech\/\">\u00e7ex dili<\/a> \u00f6yr\u0259n\u0259nl\u0259r\u0259 M\u0259rk\u0259zi Avropan\u0131n m\u0259rk\u0259zin\u0259 a\u00e7\u0131lan qap\u0131 t\u0259klif edir. \u00c7ex dili s\u0259yah\u0259tinizd\u0259n maksimum yararlanmaq \u00fc\u00e7\u00fcn onun h\u0259r hans\u0131 bir dilin \u0259sas\u0131n\u0131 t\u0259\u015fkil ed\u0259n qrammatikas\u0131n\u0131 ba\u015fa d\u00fc\u015fm\u0259k v\u0259 m\u0259nims\u0259m\u0259k vacibdir. G\u0259rginlik v\u0259 feill\u0259rd\u0259n tutmu\u015f adjectives v\u0259 prepositions-\u0259 q\u0259d\u0259r bu <a href=\"https:\/\/talkpal.ai\/grammar\/\">qrammatika<\/a> m\u00f6vzular\u0131n\u0131 bilm\u0259k effektiv v\u0259 \u0259minlikl\u0259 \u00fcnsiyy\u0259t qurma\u011fa k\u00f6m\u0259k ed\u0259c\u0259k. Bu b\u0259l\u0259d\u00e7id\u0259 biz sizi z\u0259ruri \u00e7ex <a href=\"https:\/\/talkpal.ai\/az\/assam-dilinin-qrammatika-m%c9%99sql%c9%99ri\/\">dilinin qrammatika<\/a> m\u00f6vzular\u0131ndan ke\u00e7ir\u0259c\u0259yik. Bu ard\u0131c\u0131ll\u0131q sizin dili \u00f6yr\u0259nm\u0259yinizi v\u0259 anlaman\u0131z\u0131 asanla\u015fd\u0131racaq ard\u0131c\u0131ll\u0131qla toplanacaq.<\/p>\n\n\n\n<h3 class=\"wp-block-heading\" id=\"h-1-nouns\">1. Nouns:<\/h3>\n\n\n\n<p>Dilin \u0259sas\u0131 oldu\u011fu kimi, \u00e7ex nounlar\u0131 il\u0259 \u00f6yr\u0259nm\u0259y\u0259 ba\u015flay\u0131n. \u00c7ex nounlar\u0131n\u0131n \u00fc\u00e7 cinsi (ki\u015fi, qad\u0131n v\u0259 neytri) v\u0259 yeddi hal\u0131 (nominativ, genitive, dativ, ittihamedici, vokativ, lokativ v\u0259 instrumental) vard\u0131r. Cinsiyy\u0259t v\u0259 case sistemini anlamaq, d\u00fczg\u00fcn c\u00fcml\u0259nin \u0259m\u0259l\u0259 g\u0259lm\u0259si \u00fc\u00e7\u00fcn olduqca vacibdir.<\/p>\n\n\n\n<h3 class=\"wp-block-heading\" id=\"h-2-articles\">2. M\u0259qal\u0259l\u0259r:<\/h3>\n\n\n\n<p>\u00e7ex dilind\u0259 qeyri-m\u00fc\u0259yy\u0259n m\u0259qal\u0259l\u0259r (a, an) yoxdur v\u0259 m\u00fc\u0259yy\u0259n m\u0259qal\u0259 (the) yaln\u0131z b\u0259zi konkret v\u0259ziyy\u0259tl\u0259rd\u0259 istifad\u0259 olunur. \u00c7ex dilinin qrammatikas\u0131 haqq\u0131nda anlay\u0131\u015f\u0131n\u0131z\u0131 art\u0131rmaq \u00fc\u00e7\u00fcn m\u00fc\u0259yy\u0259n m\u0259qal\u0259d\u0259n n\u0259 vaxt v\u0259 nec\u0259 istifad\u0259 etm\u0259yi \u00f6yr\u0259nin.<\/p>\n\n\n\n<h3 class=\"wp-block-heading\" id=\"h-3-pronouns-determiners\">3. Pronouns\/Determinl\u0259r:<\/h3>\n\n\n\n<p>1990-c\u0131 ild\u0259 <a href=\"https:\/\/talkpal.ai\/culture\/how-do-you-ask-for-the-bathroom-in-azerbaijani\/\">az\u0259rbaycan dilind\u0259<\/a> &#8220;N&#8221; v\u0259 &#8220;N&#8221; v\u0259 &#8220;100&#8221;, &#8220;2015&#8221;, &#8220;100&#8221;, &#8220;100&#8221;, &#8220;100&#8221;, &#8220;100&#8221;, &#8220;100&#8221;, &#8220;100&#8221;, &#8220;1 Daha m\u00fcr\u0259kk\u0259b c\u00fcml\u0259l\u0259r yaratmaq \u00fc\u00e7\u00fcn \u00f6z\u00fcn\u00fcz\u00fc \u00e7ex \u015f\u0259xsi, sahibli, n\u00fcmayi\u015fkar, refleksiv v\u0259 sor\u011fu-sual pronounlar\u0131, el\u0259c\u0259 d\u0259 determinativl\u0259r il\u0259 tan\u0131\u015f edin.<\/p>\n\n\n\n<h3 class=\"wp-block-heading\" id=\"h-4-adjectives\">4. Adjectives:<\/h3>\n\n\n\n<p>Adjectives \u00e7ex dilind\u0259 nounlar\u0131 t\u0259svir edir v\u0259 ya d\u0259yi\u015fdirir. T\u0259svir etdikl\u0259ri nounla raz\u0131la\u015fmaq \u00fc\u00e7\u00fcn onlardan d\u00fczg\u00fcn cinsd\u0259, sayda v\u0259 halda istifad\u0259 etm\u0259yi \u00f6yr\u0259nin.<\/p>\n\n\n\n<h3 class=\"wp-block-heading\" id=\"h-5-adverbs\">5. Adverbl\u0259r:<\/h3>\n\n\n\n<p>Adverbs feill\u0259ri, adjectives v\u0259 ya dig\u0259r adverbsl\u0259ri d\u0259yi\u015fdirir. Onlar h\u0259r\u0259k\u0259t haqq\u0131nda davran\u0131\u015f, zaman v\u0259 ya m\u0259kan kimi \u0259lav\u0259 m\u0259lumat verir. \u00c7exiyan\u0131n reklamlar\u0131n\u0131 ustal\u0131qla \u0259ld\u0259 etm\u0259k mesaj\u0131n\u0131z\u0131 daha d\u0259qiq \u00e7atd\u0131rma\u011fa k\u00f6m\u0259k ed\u0259c\u0259k.<\/p>\n\n\n\n<h3 class=\"wp-block-heading\" id=\"h-6-verbs\">6. Feill\u0259r:<\/h3>\n\n\n\n<p>H\u0259r\u0259k\u0259t, hadis\u0259 v\u0259 ya d\u00f6vl\u0259t ifad\u0259 etm\u0259k \u00fc\u00e7\u00fcn \u00e7ex feill\u0259ri \u00e7ox vacibdir. S\u0259m\u0259r\u0259li \u00fcnsiyy\u0259t qurmaq \u00fc\u00e7\u00fcn konyunkasiya t\u0259rzini, g\u0259rginliyi (ke\u00e7mi\u015fi, indiki v\u0259 g\u0259l\u0259c\u0259yi), el\u0259c\u0259 d\u0259 onun (kamil v\u0259 qeyri-kamil) c\u0259h\u0259tl\u0259rini \u00f6yr\u0259n.<\/p>\n\n\n\n<h3 class=\"wp-block-heading\" id=\"h-7-tense-comparison\">7. G\u0259rgin m\u00fcqayis\u0259:<\/h3>\n\n\n\n<p>\u00c7exiyada ba\u015f ver\u0259n g\u0259rginlikl\u0259rin (ke\u00e7mi\u015f, indiki v\u0259 g\u0259l\u0259c\u0259k) f\u0259rqlilikl\u0259rini v\u0259 istifad\u0259sini ba\u015fa d\u00fc\u015fm\u0259k, fikirl\u0259rinizi d\u0259qiq ifad\u0259 etm\u0259y\u0259 v\u0259 \u00e7a\u015fq\u0131nl\u0131qdan qa\u00e7ma\u011fa imkan ver\u0259c\u0259k.<\/p>\n\n\n\n<h3 class=\"wp-block-heading\" id=\"h-8-progressive-and-perfect-progressive\">8. M\u00fct\u0259r\u0259qqi v\u0259 m\u00fck\u0259mm\u0259l t\u0259r\u0259qqi:<\/h3>\n\n\n\n<p>\u00c7exl\u0259rin ingilis m\u00fct\u0259r\u0259qqi v\u0259 m\u00fck\u0259mm\u0259l m\u00fct\u0259r\u0259qqi g\u0259rginlikl\u0259ri \u00fc\u00e7\u00fcn birba\u015fa ekvivalentl\u0259ri yoxdur. \u018fksin\u0259, bu dild\u0259 eyni m\u0259nan\u0131 ifad\u0259 etm\u0259k \u00fc\u00e7\u00fcn m\u00fcxt\u0259lif feil aspektl\u0259rind\u0259n (kamil v\u0259 qeyri-kamil) istifad\u0259 olunur. Davam ed\u0259n v\u0259 ya tamamlanm\u0131\u015f h\u0259r\u0259k\u0259tl\u0259ri ifad\u0259 etm\u0259k \u00fc\u00e7\u00fcn bu tikintil\u0259ri nec\u0259 formala\u015fd\u0131rma\u011f\u0131 v\u0259 istifad\u0259 etm\u0259yi \u00f6yr\u0259nin.<\/p>\n\n\n\n<h3 class=\"wp-block-heading\" id=\"h-9-conditionals\">9. \u015e\u0259rti olaraq:<\/h3>\n\n\n\n<p>Hipotetik v\u0259ziyy\u0259tl\u0259ri v\u0259 ya \u015f\u0259rtl\u0259ri ifad\u0259 etm\u0259k \u00fc\u00e7\u00fcn \u015f\u0259rtil\u0259r istifad\u0259 olunur. \u0130mkanlar\u0131 m\u00fczakir\u0259 etm\u0259k v\u0259 proqnozlar verm\u0259k \u00fc\u00e7\u00fcn \u00c7ex \u015f\u0259rtli formalar\u0131 master edin.<\/p>\n\n\n\n<h3 class=\"wp-block-heading\" id=\"h-10-prepositions\">10. Prepozisiyalar:<\/h3>\n\n\n\n<p>Prepozisiyalar s\u00f6zl\u0259r aras\u0131ndak\u0131 m\u00fcnasib\u0259tl\u0259ri, m\u0259s\u0259l\u0259n, m\u0259kan, istiqam\u0259t, zaman v\u0259 ya s\u0259b\u0259b kimi g\u00f6st\u0259rm\u0259k \u00fc\u00e7\u00fcn istifad\u0259 olunur. \u00c7ex prepozisiyalar\u0131n\u0131 d\u00fczg\u00fcn \u00f6yr\u0259nm\u0259k v\u0259 istifad\u0259 etm\u0259k ayd\u0131n v\u0259 m\u0259nal\u0131 c\u00fcml\u0259l\u0259r qurma\u011f\u0131n\u0131za k\u00f6m\u0259k ed\u0259c\u0259k.<\/p>\n\n\n\n<h3 class=\"wp-block-heading\" id=\"h-11-sentences\">11. C\u00fcml\u0259l\u0259r:<\/h3>\n\n\n\n<p>Son olaraq \u00f6yr\u0259ndiyiniz qrammatik elementl\u0259ri birl\u0259\u015fdir\u0259r\u0259k \u00e7ex c\u00fcml\u0259l\u0259rinin \u0259m\u0259l\u0259 g\u0259lm\u0259si il\u0259 m\u0259\u015fq edin. \u00c7ex dilind\u0259 s\u0259lis v\u0259 \u00fcnsiyy\u0259t bacar\u0131\u011f\u0131n\u0131z\u0131 art\u0131rmaq \u00fc\u00e7\u00fcn sad\u0259, m\u00fcr\u0259kk\u0259b, m\u00fcr\u0259kk\u0259b v\u0259 m\u00fcr\u0259kk\u0259b c\u00fcml\u0259l\u0259rin yarad\u0131lmas\u0131na diqq\u0259t yetirin.<\/p>\n<\/div><\/div>\n\r\n<section class=\"learnNavigationSection\">\r\n            \r\n        <a href=\"https:\/\/talkpal.ai\/az\/cex-dilini-oyr%c9%99n\/\">\r\n            <div class=\"learnNavigationWrapper\">\r\n                <div class=\"learnNavigationContent\">\r\n                    <img decoding=\"async\" src=\"https:\/\/talkpal.ai\/wp-content\/uploads\/2024\/08\/Czech.jpg\" alt=\"Czech Flag\">\r\n                    <div>\r\n                        <h4>\u00c7ex dili \u00f6yr\u0259nm\u0259 haqq\u0131nda<\/h4>\r\n                        <p>\u00c7ex dilinin qrammatikas\u0131 haqq\u0131nda h\u0259r \u015feyi \u00f6yr\u0259nin.<\/p>\r\n                    <\/div>\r\n                <\/div>\r\n            <\/div>\r\n        <\/a>\r\n\r\n        \r\n        <a href=\"https:\/\/talkpal.ai\/az\/cex-dilinin-qrammatikasi\/\">\r\n            <div class=\"learnNavigationWrapper\">\r\n                <div class=\"learnNavigationContent\">\r\n                    <img decoding=\"async\" src=\"https:\/\/talkpal.ai\/wp-content\/uploads\/2024\/08\/Czech.jpg\" alt=\"Czech Flag\">\r\n                    <div>\r\n                        <h4>\u00c7ex Qrammatikas\u0131 D\u0259rsl\u0259ri<\/h4>\r\n                        <p>\u00c7ex dilinin qrammatika qaydalar\u0131na \u0259m\u0259l etm\u0259k.<\/p>\r\n                    <\/div>\r\n                <\/div>\r\n            <\/div>\r\n        <\/a>\r\n\r\n        \r\n        <a href=\"https:\/\/talkpal.ai\/vocabulary_language\/czech\/\">\r\n            <div class=\"learnNavigationWrapper\">\r\n                <div class=\"learnNavigationContent\">\r\n                    <img decoding=\"async\" src=\"https:\/\/talkpal.ai\/wp-content\/uploads\/2024\/08\/Czech.jpg\" alt=\"Czech Flag\">\r\n                    <div>\r\n                        <h4>\u00c7ex l\u00fc\u011f\u0259ti<\/h4>\r\n                        <p>\u00c7ex l\u00fc\u011f\u0259tinizi geni\u015fl\u0259ndirin.<\/p>\r\n                    <\/div>\r\n                <\/div>\r\n            <\/div>\r\n        <\/a>\r\n\r\n            <\/section>","protected":false},"excerpt":{"rendered":"<p>\u00c7ex dilinin qrammatikas\u0131 m\u00f6vzular\u0131 Yeni dil \u00f6yr\u0259nm\u0259k maraql\u0131 v\u0259 z\u0259nginl\u0259\u015fdirm\u0259 t\u0259cr\u00fcb\u0259si ola bil\u0259r. \u00c7ex dili istisna deyil. Z\u0259ngin tarixi v\u0259 \u00f6z\u00fcn\u0259m\u0259xsus slavyan cazib\u0259si il\u0259 \u00e7ex dili \u00f6yr\u0259n\u0259nl\u0259r\u0259 M\u0259rk\u0259zi Avropan\u0131n m\u0259rk\u0259zin\u0259 a\u00e7\u0131lan qap\u0131 t\u0259klif edir. \u00c7ex dili s\u0259yah\u0259tinizd\u0259n maksimum yararlanmaq \u00fc\u00e7\u00fcn onun h\u0259r hans\u0131 bir dilin \u0259sas\u0131n\u0131 t\u0259\u015fkil ed\u0259n qrammatikas\u0131n\u0131 ba\u015fa d\u00fc\u015fm\u0259k v\u0259 m\u0259nims\u0259m\u0259k vacibdir. G\u0259rginlik [&hellip;]<\/p>\n","protected":false},"author":6,"featured_media":111744,"parent":0,"menu_order":0,"comment_status":"closed","ping_status":"closed","template":"LearningContentPage.php","meta":{"_acf_changed":false,"footnotes":""},"class_list":["post-163700","page","type-page","status-publish","has-post-thumbnail","hentry"],"acf":[],"yoast_head":"<!-- This site is optimized with the Yoast SEO Premium plugin v27.2 (Yoast SEO v27.2) - https:\/\/yoast.com\/product\/yoast-seo-premium-wordpress\/ -->\n<title>\u00c7ex dilinin qrammatikas\u0131 m\u0259\u015f\u011f\u0259l\u0259l\u0259ri - Talkpal<\/title>\n<meta name=\"description\" content=\"Etibarl\u0131 \u00fcnsiyy\u0259t \u00fc\u00e7\u00fcn \u0259sas \u00c7ex Qrammatikas\u0131 T\u0259liml\u0259ri il\u0259 \u00e7ex dilinin sirl\u0259rini a\u00e7\u0131n.\" \/>\n<meta name=\"robots\" content=\"index, follow, max-snippet:-1, max-image-preview:large, max-video-preview:-1\" \/>\n<link rel=\"canonical\" href=\"https:\/\/talkpal.ai\/az\/cex-dilinin-qrammatikasi-m%c9%99sg%c9%99l%c9%99l%c9%99ri\/\" \/>\n<meta property=\"og:locale\" content=\"az_AZ\" \/>\n<meta property=\"og:type\" content=\"article\" \/>\n<meta property=\"og:title\" content=\"\u00c7ex dilinin qrammatikas\u0131 m\u0259\u015f\u011f\u0259l\u0259l\u0259ri\" \/>\n<meta property=\"og:description\" content=\"\u00c7ex dilinin qrammatikas\u0131 m\u00f6vzular\u0131 Yeni dil \u00f6yr\u0259nm\u0259k maraql\u0131 v\u0259 z\u0259nginl\u0259\u015fdirm\u0259 t\u0259cr\u00fcb\u0259si ola bil\u0259r. \u00c7ex dili istisna deyil. Z\u0259ngin tarixi v\u0259 \u00f6z\u00fcn\u0259m\u0259xsus\" \/>\n<meta property=\"og:url\" content=\"https:\/\/talkpal.ai\/az\/cex-dilinin-qrammatikasi-m%c9%99sg%c9%99l%c9%99l%c9%99ri\/\" \/>\n<meta property=\"og:site_name\" content=\"Talkpal\" \/>\n<meta property=\"article:publisher\" content=\"https:\/\/www.facebook.com\/profile.php?id=100090733639311\" \/>\n<meta property=\"article:modified_time\" content=\"2025-12-17T16:29:33+00:00\" \/>\n<meta property=\"og:image\" content=\"https:\/\/talkpal.ai\/wp-content\/uploads\/2023\/05\/czech-republic.png\" \/>\n\t<meta property=\"og:image:width\" content=\"512\" \/>\n\t<meta property=\"og:image:height\" content=\"512\" \/>\n\t<meta property=\"og:image:type\" content=\"image\/png\" \/>\n<meta name=\"twitter:card\" content=\"summary_large_image\" \/>\n<meta name=\"twitter:site\" content=\"@talkpalai\" \/>\n<meta name=\"twitter:label1\" content=\"Est. reading time\" \/>\n\t<meta name=\"twitter:data1\" content=\"4 minutes\" \/>\n<script type=\"application\/ld+json\" class=\"yoast-schema-graph\">{\"@context\":\"https:\/\/schema.org\",\"@graph\":[{\"@type\":\"WebPage\",\"@id\":\"https:\/\/talkpal.ai\/az\/cex-dilinin-qrammatikasi-m%c9%99sg%c9%99l%c9%99l%c9%99ri\/\",\"url\":\"https:\/\/talkpal.ai\/az\/cex-dilinin-qrammatikasi-m%c9%99sg%c9%99l%c9%99l%c9%99ri\/\",\"name\":\"\u00c7ex dilinin qrammatikas\u0131 m\u0259\u015f\u011f\u0259l\u0259l\u0259ri - Talkpal\",\"isPartOf\":{\"@id\":\"https:\/\/talkpal.ai\/az\/#website\"},\"primaryImageOfPage\":{\"@id\":\"https:\/\/talkpal.ai\/az\/cex-dilinin-qrammatikasi-m%c9%99sg%c9%99l%c9%99l%c9%99ri\/#primaryimage\"},\"image\":{\"@id\":\"https:\/\/talkpal.ai\/az\/cex-dilinin-qrammatikasi-m%c9%99sg%c9%99l%c9%99l%c9%99ri\/#primaryimage\"},\"thumbnailUrl\":\"https:\/\/talkpal.ai\/wp-content\/uploads\/2023\/05\/czech-republic.png\",\"datePublished\":\"2023-06-16T13:10:39+00:00\",\"dateModified\":\"2025-12-17T16:29:33+00:00\",\"description\":\"Etibarl\u0131 \u00fcnsiyy\u0259t \u00fc\u00e7\u00fcn \u0259sas \u00c7ex Qrammatikas\u0131 T\u0259liml\u0259ri il\u0259 \u00e7ex dilinin sirl\u0259rini a\u00e7\u0131n.\",\"breadcrumb\":{\"@id\":\"https:\/\/talkpal.ai\/az\/cex-dilinin-qrammatikasi-m%c9%99sg%c9%99l%c9%99l%c9%99ri\/#breadcrumb\"},\"inLanguage\":\"az\",\"potentialAction\":[{\"@type\":\"ReadAction\",\"target\":[\"https:\/\/talkpal.ai\/az\/cex-dilinin-qrammatikasi-m%c9%99sg%c9%99l%c9%99l%c9%99ri\/\"]}]},{\"@type\":\"ImageObject\",\"inLanguage\":\"az\",\"@id\":\"https:\/\/talkpal.ai\/az\/cex-dilinin-qrammatikasi-m%c9%99sg%c9%99l%c9%99l%c9%99ri\/#primaryimage\",\"url\":\"https:\/\/talkpal.ai\/wp-content\/uploads\/2023\/05\/czech-republic.png\",\"contentUrl\":\"https:\/\/talkpal.ai\/wp-content\/uploads\/2023\/05\/czech-republic.png\",\"width\":512,\"height\":512},{\"@type\":\"BreadcrumbList\",\"@id\":\"https:\/\/talkpal.ai\/az\/cex-dilinin-qrammatikasi-m%c9%99sg%c9%99l%c9%99l%c9%99ri\/#breadcrumb\",\"itemListElement\":[{\"@type\":\"ListItem\",\"position\":1,\"name\":\"Homepage\",\"item\":\"https:\/\/talkpal.ai\/az\/\"},{\"@type\":\"ListItem\",\"position\":2,\"name\":\"\u00c7ex dilinin qrammatikas\u0131 m\u0259\u015f\u011f\u0259l\u0259l\u0259ri\"}]},{\"@type\":\"WebSite\",\"@id\":\"https:\/\/talkpal.ai\/az\/#website\",\"url\":\"https:\/\/talkpal.ai\/az\/\",\"name\":\"Talkpal\",\"description\":\"AI Language Learning\",\"publisher\":{\"@id\":\"https:\/\/talkpal.ai\/az\/#organization\"},\"alternateName\":\"Talkpal AI\",\"potentialAction\":[{\"@type\":\"SearchAction\",\"target\":{\"@type\":\"EntryPoint\",\"urlTemplate\":\"https:\/\/talkpal.ai\/az\/?s={search_term_string}\"},\"query-input\":{\"@type\":\"PropertyValueSpecification\",\"valueRequired\":true,\"valueName\":\"search_term_string\"}}],\"inLanguage\":\"az\"},{\"@type\":\"Organization\",\"@id\":\"https:\/\/talkpal.ai\/az\/#organization\",\"name\":\"Talkpal, Inc.\",\"alternateName\":\"Talkpal AI\",\"url\":\"https:\/\/talkpal.ai\/az\/\",\"logo\":{\"@type\":\"ImageObject\",\"inLanguage\":\"az\",\"@id\":\"https:\/\/talkpal.ai\/az\/#\/schema\/logo\/image\/\",\"url\":\"https:\/\/talkpal.ai\/wp-content\/uploads\/2024\/03\/Talkpal-Logo-Icon.png\",\"contentUrl\":\"https:\/\/talkpal.ai\/wp-content\/uploads\/2024\/03\/Talkpal-Logo-Icon.png\",\"width\":2880,\"height\":2880,\"caption\":\"Talkpal, Inc.\"},\"image\":{\"@id\":\"https:\/\/talkpal.ai\/az\/#\/schema\/logo\/image\/\"},\"sameAs\":[\"https:\/\/www.facebook.com\/profile.php?id=100090733639311\",\"https:\/\/x.com\/talkpalai\",\"https:\/\/www.linkedin.com\/company\/talkpal\/\",\"https:\/\/www.youtube.com\/@TalkPal\/\",\"https:\/\/www.tiktok.com\/@talkpal\",\"https:\/\/www.instagram.com\/talkpal_ai\/\",\"https:\/\/www.crunchbase.com\/organization\/talkpal-9cde\",\"https:\/\/www.g2.com\/products\/talkpal-for-business\/\",\"https:\/\/www.trustpilot.com\/review\/talkpal.ai\",\"https:\/\/www.capterra.com\/p\/10006800\/TalkPal\/\"],\"description\":\"Talkpal is a language learning web and mobile education app, powered by the latest AI technologies, that provides engaging experiences to its customers in many different languages to help them improve their language skills. Users can chat about unlimited amount of topics with the app and use other modes to practice their language learning.\",\"email\":\"support@talkpal.ai\",\"legalName\":\"Talkpal, Inc.\",\"foundingDate\":\"2023-04-03\",\"duns\":\"118989042\",\"numberOfEmployees\":{\"@type\":\"QuantitativeValue\",\"minValue\":\"11\",\"maxValue\":\"50\"},\"publishingPrinciples\":\"https:\/\/talkpal.ai\/publishing-principles\/\",\"actionableFeedbackPolicy\":\"https:\/\/talkpal.ai\/actionable-feedback-policy\/\",\"correctionsPolicy\":\"https:\/\/talkpal.ai\/corrections-policy\/\",\"ethicsPolicy\":\"https:\/\/talkpal.ai\/ethics-policy\/\",\"diversityPolicy\":\"https:\/\/talkpal.ai\/diversity-policy\/\",\"diversityStaffingReport\":\"https:\/\/talkpal.ai\/diversity-policy\/\"}]}<\/script>\n<!-- \/ Yoast SEO Premium plugin. -->","yoast_head_json":{"title":"\u00c7ex dilinin qrammatikas\u0131 m\u0259\u015f\u011f\u0259l\u0259l\u0259ri - Talkpal","description":"Etibarl\u0131 \u00fcnsiyy\u0259t \u00fc\u00e7\u00fcn \u0259sas \u00c7ex Qrammatikas\u0131 T\u0259liml\u0259ri il\u0259 \u00e7ex dilinin sirl\u0259rini a\u00e7\u0131n.","robots":{"index":"index","follow":"follow","max-snippet":"max-snippet:-1","max-image-preview":"max-image-preview:large","max-video-preview":"max-video-preview:-1"},"canonical":"https:\/\/talkpal.ai\/az\/cex-dilinin-qrammatikasi-m%c9%99sg%c9%99l%c9%99l%c9%99ri\/","og_locale":"az_AZ","og_type":"article","og_title":"\u00c7ex dilinin qrammatikas\u0131 m\u0259\u015f\u011f\u0259l\u0259l\u0259ri","og_description":"\u00c7ex dilinin qrammatikas\u0131 m\u00f6vzular\u0131 Yeni dil \u00f6yr\u0259nm\u0259k maraql\u0131 v\u0259 z\u0259nginl\u0259\u015fdirm\u0259 t\u0259cr\u00fcb\u0259si ola bil\u0259r. \u00c7ex dili istisna deyil. Z\u0259ngin tarixi v\u0259 \u00f6z\u00fcn\u0259m\u0259xsus","og_url":"https:\/\/talkpal.ai\/az\/cex-dilinin-qrammatikasi-m%c9%99sg%c9%99l%c9%99l%c9%99ri\/","og_site_name":"Talkpal","article_publisher":"https:\/\/www.facebook.com\/profile.php?id=100090733639311","article_modified_time":"2025-12-17T16:29:33+00:00","og_image":[{"width":512,"height":512,"url":"https:\/\/talkpal.ai\/wp-content\/uploads\/2023\/05\/czech-republic.png","type":"image\/png"}],"twitter_card":"summary_large_image","twitter_site":"@talkpalai","twitter_misc":{"Est. reading time":"4 minutes"},"schema":{"@context":"https:\/\/schema.org","@graph":[{"@type":"WebPage","@id":"https:\/\/talkpal.ai\/az\/cex-dilinin-qrammatikasi-m%c9%99sg%c9%99l%c9%99l%c9%99ri\/","url":"https:\/\/talkpal.ai\/az\/cex-dilinin-qrammatikasi-m%c9%99sg%c9%99l%c9%99l%c9%99ri\/","name":"\u00c7ex dilinin qrammatikas\u0131 m\u0259\u015f\u011f\u0259l\u0259l\u0259ri - Talkpal","isPartOf":{"@id":"https:\/\/talkpal.ai\/az\/#website"},"primaryImageOfPage":{"@id":"https:\/\/talkpal.ai\/az\/cex-dilinin-qrammatikasi-m%c9%99sg%c9%99l%c9%99l%c9%99ri\/#primaryimage"},"image":{"@id":"https:\/\/talkpal.ai\/az\/cex-dilinin-qrammatikasi-m%c9%99sg%c9%99l%c9%99l%c9%99ri\/#primaryimage"},"thumbnailUrl":"https:\/\/talkpal.ai\/wp-content\/uploads\/2023\/05\/czech-republic.png","datePublished":"2023-06-16T13:10:39+00:00","dateModified":"2025-12-17T16:29:33+00:00","description":"Etibarl\u0131 \u00fcnsiyy\u0259t \u00fc\u00e7\u00fcn \u0259sas \u00c7ex Qrammatikas\u0131 T\u0259liml\u0259ri il\u0259 \u00e7ex dilinin sirl\u0259rini a\u00e7\u0131n.","breadcrumb":{"@id":"https:\/\/talkpal.ai\/az\/cex-dilinin-qrammatikasi-m%c9%99sg%c9%99l%c9%99l%c9%99ri\/#breadcrumb"},"inLanguage":"az","potentialAction":[{"@type":"ReadAction","target":["https:\/\/talkpal.ai\/az\/cex-dilinin-qrammatikasi-m%c9%99sg%c9%99l%c9%99l%c9%99ri\/"]}]},{"@type":"ImageObject","inLanguage":"az","@id":"https:\/\/talkpal.ai\/az\/cex-dilinin-qrammatikasi-m%c9%99sg%c9%99l%c9%99l%c9%99ri\/#primaryimage","url":"https:\/\/talkpal.ai\/wp-content\/uploads\/2023\/05\/czech-republic.png","contentUrl":"https:\/\/talkpal.ai\/wp-content\/uploads\/2023\/05\/czech-republic.png","width":512,"height":512},{"@type":"BreadcrumbList","@id":"https:\/\/talkpal.ai\/az\/cex-dilinin-qrammatikasi-m%c9%99sg%c9%99l%c9%99l%c9%99ri\/#breadcrumb","itemListElement":[{"@type":"ListItem","position":1,"name":"Homepage","item":"https:\/\/talkpal.ai\/az\/"},{"@type":"ListItem","position":2,"name":"\u00c7ex dilinin qrammatikas\u0131 m\u0259\u015f\u011f\u0259l\u0259l\u0259ri"}]},{"@type":"WebSite","@id":"https:\/\/talkpal.ai\/az\/#website","url":"https:\/\/talkpal.ai\/az\/","name":"Talkpal","description":"AI Language Learning","publisher":{"@id":"https:\/\/talkpal.ai\/az\/#organization"},"alternateName":"Talkpal AI","potentialAction":[{"@type":"SearchAction","target":{"@type":"EntryPoint","urlTemplate":"https:\/\/talkpal.ai\/az\/?s={search_term_string}"},"query-input":{"@type":"PropertyValueSpecification","valueRequired":true,"valueName":"search_term_string"}}],"inLanguage":"az"},{"@type":"Organization","@id":"https:\/\/talkpal.ai\/az\/#organization","name":"Talkpal, Inc.","alternateName":"Talkpal AI","url":"https:\/\/talkpal.ai\/az\/","logo":{"@type":"ImageObject","inLanguage":"az","@id":"https:\/\/talkpal.ai\/az\/#\/schema\/logo\/image\/","url":"https:\/\/talkpal.ai\/wp-content\/uploads\/2024\/03\/Talkpal-Logo-Icon.png","contentUrl":"https:\/\/talkpal.ai\/wp-content\/uploads\/2024\/03\/Talkpal-Logo-Icon.png","width":2880,"height":2880,"caption":"Talkpal, Inc."},"image":{"@id":"https:\/\/talkpal.ai\/az\/#\/schema\/logo\/image\/"},"sameAs":["https:\/\/www.facebook.com\/profile.php?id=100090733639311","https:\/\/x.com\/talkpalai","https:\/\/www.linkedin.com\/company\/talkpal\/","https:\/\/www.youtube.com\/@TalkPal\/","https:\/\/www.tiktok.com\/@talkpal","https:\/\/www.instagram.com\/talkpal_ai\/","https:\/\/www.crunchbase.com\/organization\/talkpal-9cde","https:\/\/www.g2.com\/products\/talkpal-for-business\/","https:\/\/www.trustpilot.com\/review\/talkpal.ai","https:\/\/www.capterra.com\/p\/10006800\/TalkPal\/"],"description":"Talkpal is a language learning web and mobile education app, powered by the latest AI technologies, that provides engaging experiences to its customers in many different languages to help them improve their language skills. Users can chat about unlimited amount of topics with the app and use other modes to practice their language learning.","email":"support@talkpal.ai","legalName":"Talkpal, Inc.","foundingDate":"2023-04-03","duns":"118989042","numberOfEmployees":{"@type":"QuantitativeValue","minValue":"11","maxValue":"50"},"publishingPrinciples":"https:\/\/talkpal.ai\/publishing-principles\/","actionableFeedbackPolicy":"https:\/\/talkpal.ai\/actionable-feedback-policy\/","correctionsPolicy":"https:\/\/talkpal.ai\/corrections-policy\/","ethicsPolicy":"https:\/\/talkpal.ai\/ethics-policy\/","diversityPolicy":"https:\/\/talkpal.ai\/diversity-policy\/","diversityStaffingReport":"https:\/\/talkpal.ai\/diversity-policy\/"}]}},"_links":{"self":[{"href":"https:\/\/talkpal.ai\/az\/wp-json\/wp\/v2\/pages\/163700","targetHints":{"allow":["GET"]}}],"collection":[{"href":"https:\/\/talkpal.ai\/az\/wp-json\/wp\/v2\/pages"}],"about":[{"href":"https:\/\/talkpal.ai\/az\/wp-json\/wp\/v2\/types\/page"}],"author":[{"embeddable":true,"href":"https:\/\/talkpal.ai\/az\/wp-json\/wp\/v2\/users\/6"}],"replies":[{"embeddable":true,"href":"https:\/\/talkpal.ai\/az\/wp-json\/wp\/v2\/comments?post=163700"}],"version-history":[{"count":0,"href":"https:\/\/talkpal.ai\/az\/wp-json\/wp\/v2\/pages\/163700\/revisions"}],"wp:featuredmedia":[{"embeddable":true,"href":"https:\/\/talkpal.ai\/az\/wp-json\/wp\/v2\/media\/111744"}],"wp:attachment":[{"href":"https:\/\/talkpal.ai\/az\/wp-json\/wp\/v2\/media?parent=163700"}],"curies":[{"name":"wp","href":"https:\/\/api.w.org\/{rel}","templated":true}]}}