{"id":163372,"date":"2023-06-16T13:19:10","date_gmt":"2023-06-16T13:19:10","guid":{"rendered":"http:\/\/talkpal.ai\/danimarka-dilinin-qrammatikasi-m%c9%99sg%c9%99l%c9%99l%c9%99ri\/"},"modified":"2025-12-17T16:32:29","modified_gmt":"2025-12-17T16:32:29","slug":"danimarka-dilinin-qrammatikasi-m%c9%99sg%c9%99l%c9%99l%c9%99ri","status":"publish","type":"page","link":"https:\/\/talkpal.ai\/az\/danimarka-dilinin-qrammatikasi-m%c9%99sg%c9%99l%c9%99l%c9%99ri\/","title":{"rendered":"Danimarka dilinin qrammatikas\u0131 m\u0259\u015f\u011f\u0259l\u0259l\u0259ri"},"content":{"rendered":"\r\n\r\n\r\n<section class=\"languageChallengeSection\">\r\n    <div class=\"languageInfoWrapper\">\r\n        \r\n        <h1>Danimarka dilinin qrammatikas\u0131 m\u0259\u015f\u011f\u0259l\u0259l\u0259ri<\/h1>\r\n        <p><a href=\"https:\/\/talkpal.ai\/learn-danish\/\">Danimarka<\/a> dilini t\u0259kmill\u0259\u015fdirm\u0259y\u0259 haz\u0131rs\u0131n\u0131z? Qrammatik m\u0259\u015fql\u0259ri m\u0259\u015fq etm\u0259k c\u00fcml\u0259 qurulu\u015funu, fel birl\u0259\u015fm\u0259l\u0259rini v\u0259 Danimarka dilinin x\u00fcsusi x\u00fcsusiyy\u0259tl\u0259rini m\u0259nims\u0259m\u0259yin fantastik yoludur. Bu g\u00fcn Danimarka qrammatikas\u0131 \u00fcz\u0259rind\u0259 i\u015fl\u0259m\u0259y\u0259 ba\u015flay\u0131n v\u0259 h\u0259r m\u0259\u015fql\u0259 bacar\u0131qlar\u0131n\u0131z\u0131n v\u0259 inam\u0131n\u0131z\u0131n artmas\u0131n\u0131 izl\u0259yin!\n\n<\/p>\r\n\r\n                            <a class=\"getStartedHidden\" href=\"https:\/\/app.talkpal.ai\/signup?lng=\">Ba\u015fla<\/a>\r\n        \r\n    <\/div>\r\n\r\n    <figure>\r\n    <img decoding=\"async\" width=\"768\" height=\"768\" src=\"https:\/\/talkpal.ai\/wp-content\/uploads\/2023\/06\/danish-768x768.png\" class=\"languageImage no-lazy\" alt=\"Language learning for career enhancement\" fetchpriority=\"high\" sizes=\"(max-width: 768px) 150px, 768px\" srcset=\"https:\/\/talkpal.ai\/wp-content\/uploads\/2023\/06\/danish-768x768.png 768w, https:\/\/talkpal.ai\/wp-content\/uploads\/2023\/06\/danish-300x300.png 300w\" \/>\r\n    \r\n\r\n    <\/figure>\r\n\r\n            <a class=\"getStartedVisible\" href=\"https:\/\/app.talkpal.ai\/signup?lng=\">Ba\u015fla<\/a>\r\n    \r\n<\/section>\r\n\r\n\r\n<!-- <section class=\"grammarSection\">\r\n    <div class=\"grammarLinks\">\r\n            <\/div>\r\n<\/section> -->\r\n\r\n\r\n\r\n\r\n<section class=\"promotionalBanner\">\r\n    <p class=\"promotionalText\">Dil \u00f6yr\u0259nm\u0259yin \u0259n t\u0259sirli yolu<\/p>\r\n    <a class=\"promotionalLink\" href=\"https:\/\/app.talkpal.ai\/signup?lng=\">Talkpal pulsuz s\u0131nay\u0131n<\/a>\r\n<\/section>\n<div class=\"wp-block-group pageContainerStyle\"><div class=\"wp-block-group__inner-container is-layout-constrained wp-block-group-is-layout-constrained\">\n<h2 class=\"wp-block-heading\" id=\"h-danish-grammar-topics\">Danimarka dilinin qrammatikas\u0131 m\u00f6vzular\u0131<\/h2>\n\n\n\n<p>Danimarka dilini <a href=\"https:\/\/talkpal.ai\/az\/oyr%c9%99nm%c9%99k\/\">\u00f6yr\u0259nm\u0259k<\/a> Danimarkan\u0131n z\u0259ngin m\u0259d\u0259niyy\u0259tini v\u0259 tarixini t\u0259dqiq etm\u0259k ist\u0259y\u0259nl\u0259r \u00fc\u00e7\u00fcn m\u00fckafatland\u0131r\u0131c\u0131 v\u0259 z\u00f6vql\u00fc bir t\u0259cr\u00fcb\u0259 ola bil\u0259r. \u015eimali <a href=\"https:\/\/talkpal.ai\/az\/alman-dili-sertifikatlari\/\">alman dili<\/a> olaraq Danimarka dili \u0130sve\u00e7 v\u0259 Norve\u00e7 dili kimi dig\u0259r Skandinaviya dill\u0259ri il\u0259 bir \u00e7ox ox\u015farl\u0131qlar\u0131 payla\u015f\u0131r. Danimarka dilini m\u00fck\u0259mm\u0259l bilm\u0259kl\u0259 s\u0259n do\u011fma insanlarla \u0259laq\u0259 yaratmaq, Danimarka \u0259d\u0259biyyat\u0131ndan z\u00f6vq almaq v\u0259 Danimarka c\u0259miyy\u0259ti haqq\u0131nda anlay\u0131\u015f\u0131 d\u0259rinl\u0259\u015fdirm\u0259k \u00fc\u00e7\u00fcn imkanlar a\u00e7\u0131rsan. Danimarka dilind\u0259 s\u0259lisliy\u0259 nail olmaq \u00fc\u00e7\u00fcn dilin \u0259sas bloklar\u0131 olan m\u00fcxt\u0259lif qrammatik m\u00f6vzularla tan\u0131\u015f olmaq m\u00fctl\u0259qdir. Bu b\u0259l\u0259d\u00e7id\u0259 Danimarka dilinin qrammatikas\u0131n\u0131 \u00f6yr\u0259nm\u0259kd\u0259 izl\u0259m\u0259li oldu\u011funuz ard\u0131c\u0131ll\u0131\u011f\u0131 ara\u015fd\u0131raca\u011f\u0131q. Bu ard\u0131c\u0131ll\u0131q g\u0259rginlik, feil, isim v\u0259 daha \u00e7ox kimi m\u00f6vzular\u0131 \u0259hat\u0259 edir.<\/p>\n\n\n\n<h3 class=\"wp-block-heading\" id=\"h-1-nouns-articles-and-pronouns-determiners\">1. Nouns, M\u0259qal\u0259l\u0259r v\u0259 Pronouns\/Determinl\u0259r:<\/h3>\n\n\n\n<p>\u0130lk olaraq danimarkal\u0131 nounlar\u0131n \u0259saslar\u0131n\u0131, o c\u00fcml\u0259d\u0259n cinsiyy\u0259t v\u0259 say\u0131n\u0131 \u00f6yr\u0259nin. M\u00fc\u0259yy\u0259n v\u0259 qeyri-m\u00fc\u0259yy\u0259n m\u0259qal\u0259l\u0259rl\u0259, el\u0259c\u0259 d\u0259 m\u00fcxt\u0259lif pronoun tipl\u0259ri v\u0259 t\u0259yinedicil\u0259r il\u0259 tan\u0131\u015f ol. Bu, sad\u0259 c\u00fcml\u0259l\u0259r qurmaq \u00fc\u00e7\u00fcn m\u00f6hk\u0259m t\u0259m\u0259l yaratma\u011fa k\u00f6m\u0259k ed\u0259c\u0259k.<\/p>\n\n\n\n<h3 class=\"wp-block-heading\" id=\"h-2-adjectives-and-adverbs\">2. Adjectives v\u0259 Adverbs:<\/h3>\n\n\n\n<p>Ad v\u0259 t\u0259l\u0259ff\u00fcz\u00fcn \u0259saslar\u0131n\u0131 anlad\u0131qdan sonra, ad v\u0259 adlara ke\u00e7. Ad isiml\u0259rini d\u00fczg\u00fcn adjective m\u00fcqavil\u0259si il\u0259 t\u0259svir etm\u0259yi v\u0259 adverbl\u0259rd\u0259n istifad\u0259 ed\u0259r\u0259k feill\u0259ri, adjectives v\u0259 dig\u0259r adverbl\u0259ri d\u0259yi\u015fdirm\u0259yi \u00f6yr\u0259nin.<\/p>\n\n\n\n<h3 class=\"wp-block-heading\" id=\"h-3-verbs-and-tenses\">3. Feill\u0259r v\u0259 g\u0259rginlikl\u0259r:<\/h3>\n\n\n\n<p>\u0130ndiki, ke\u00e7mi\u015f v\u0259 g\u0259l\u0259c\u0259k g\u0259rgin d\u00f6vrl\u0259rd\u0259 m\u00fcnt\u0259z\u0259m v\u0259 nizams\u0131z feill\u0259rin konyunkasiyas\u0131n\u0131 ustal\u0131qla h\u0259yata ke\u00e7ir\u0259k. G\u0259rgin m\u00fcqayis\u0259ni ba\u015fa d\u00fc\u015fm\u0259k m\u00fcxt\u0259lif vaxtlarda ba\u015f ver\u0259n h\u0259r\u0259k\u0259tl\u0259ri v\u0259 ya hadis\u0259l\u0259ri ifad\u0259 etm\u0259kd\u0259 s\u0259n\u0259 k\u00f6m\u0259k ed\u0259c\u0259k.<\/p>\n\n\n\n<h3 class=\"wp-block-heading\" id=\"h-4-progressive-and-perfect-progressive\">4. M\u00fct\u0259r\u0259qqi v\u0259 m\u00fck\u0259mm\u0259l t\u0259r\u0259qqi:<\/h3>\n\n\n\n<p>Danimarka dilinin qrammatikas\u0131n\u0131n bu aspektl\u0259ri siz\u0259 tamamlanm\u0131\u015f, lakin h\u0259l\u0259 d\u0259 aktual olan davam ed\u0259n h\u0259r\u0259k\u0259tl\u0259ri v\u0259 ya hadis\u0259l\u0259ri v\u0259 h\u0259r\u0259k\u0259tl\u0259ri t\u0259svir etm\u0259y\u0259 imkan verir. M\u00fct\u0259r\u0259qqi v\u0259 m\u00fck\u0259mm\u0259l t\u0259r\u0259qqi g\u0259rginliyind\u0259 istifad\u0259 olunan m\u00fcvafiq feil formalar\u0131 v\u0259 k\u00f6m\u0259k\u00e7i feill\u0259ri \u00f6yr\u0259nin.<\/p>\n\n\n\n<h3 class=\"wp-block-heading\" id=\"h-5-prepositions\">5. Prepozisiyalar:<\/h3>\n\n\n\n<p>S\u00f6zl\u0259r aras\u0131ndak\u0131 m\u00fcnasib\u0259tl\u0259ri ifad\u0259 etm\u0259k \u00fc\u00e7\u00fcn prepozisiyalar\u0131n istifad\u0259sini \u00f6yr\u0259nin. M\u0259s\u0259l\u0259n, m\u0259kan, istiqam\u0259t, zaman v\u0259 s\u0259b\u0259b.<\/p>\n\n\n\n<h3 class=\"wp-block-heading\" id=\"h-6-sentences\">6. C\u00fcml\u0259l\u0259r:<\/h3>\n\n\n\n<p>Danimarka dilind\u0259 ayd\u0131n v\u0259 effektiv \u00fcnsiyy\u0259t \u00fc\u00e7\u00fcn z\u0259ruri olan d\u00fczg\u00fcn s\u00f6z s\u0131ras\u0131 il\u0259 sad\u0259 v\u0259 m\u00fcr\u0259kk\u0259b c\u00fcml\u0259l\u0259r qurma\u011f\u0131 \u00f6yr\u0259nin.<\/p>\n\n\n\n<h3 class=\"wp-block-heading\" id=\"h-7-conditionals\">7. \u015e\u0259rti olaraq:<\/h3>\n\n\n\n<p>N\u0259hay\u0259t, f\u0259rziyy\u0259li v\u0259ziyy\u0259tl\u0259ri v\u0259 onlar\u0131n n\u0259tic\u0259l\u0259rini ifad\u0259 etm\u0259k \u00fc\u00e7\u00fcn Danimarka dilind\u0259 istifad\u0259 olunan m\u00fcxt\u0259lif n\u00f6v \u015f\u0259rtil\u0259rl\u0259 tan\u0131\u015f olun.<\/p>\n\n\n\n<p>Bu ard\u0131c\u0131ll\u0131\u011fa riay\u0259t etm\u0259kl\u0259 siz Danimarka dilinin qrammatikas\u0131 \u00fczr\u0259 bilikl\u0259rinizi sistemli \u015f\u0259kild\u0259 qura v\u0259 dild\u0259 effektiv \u00fcnsiyy\u0259t qurmaq \u00fc\u00e7\u00fcn z\u0259ruri olan bacar\u0131qlar\u0131 inki\u015faf etdir\u0259 bil\u0259rsiniz. \u018fn yax\u015f\u0131 n\u0259tic\u0259l\u0259r\u0259 nail olmaq \u00fc\u00e7\u00fcn m\u00fcnt\u0259z\u0259m olaraq m\u0259\u015fq etm\u0259yi v\u0259 m\u00fcmk\u00fcn q\u0259d\u0259r dil\u0259 dalma\u011f\u0131 unutmay\u0131n.<\/p>\n<\/div><\/div>\n\r\n<section class=\"learnNavigationSection\">\r\n            \r\n        <a href=\"https:\/\/talkpal.ai\/az\/danimarka-dilini-oyr%c9%99nin\/\">\r\n            <div class=\"learnNavigationWrapper\">\r\n                <div class=\"learnNavigationContent\">\r\n                    <img decoding=\"async\" src=\"https:\/\/talkpal.ai\/wp-content\/uploads\/2024\/08\/Danish.jpg\" alt=\"Danish Flag\">\r\n                    <div>\r\n                        <h4>Danimarka \u00d6yr\u0259nilm\u0259si Haqq\u0131nda<\/h4>\r\n                        <p>Danimarka dilinin qrammatikas\u0131 haqq\u0131nda h\u0259r \u015feyi \u00f6yr\u0259nin .<\/p>\r\n                    <\/div>\r\n                <\/div>\r\n            <\/div>\r\n        <\/a>\r\n\r\n        \r\n        <a href=\"https:\/\/talkpal.ai\/az\/danimarka-qrammatikasi\/\">\r\n            <div class=\"learnNavigationWrapper\">\r\n                <div class=\"learnNavigationContent\">\r\n                    <img decoding=\"async\" src=\"https:\/\/talkpal.ai\/wp-content\/uploads\/2024\/08\/Danish.jpg\" alt=\"Danish Flag\">\r\n                    <div>\r\n                        <h4>Danimarka Qrammatikas\u0131 D\u0259rsl\u0259ri<\/h4>\r\n                        <p>Danimarka dilinin qrammatikas\u0131.<\/p>\r\n                    <\/div>\r\n                <\/div>\r\n            <\/div>\r\n        <\/a>\r\n\r\n        \r\n        <a href=\"https:\/\/talkpal.ai\/vocabulary_language\/danish\/\">\r\n            <div class=\"learnNavigationWrapper\">\r\n                <div class=\"learnNavigationContent\">\r\n                    <img decoding=\"async\" src=\"https:\/\/talkpal.ai\/wp-content\/uploads\/2024\/08\/Danish.jpg\" alt=\"Danish Flag\">\r\n                    <div>\r\n                        <h4>Danimarka l\u00fc\u011f\u0259ti<\/h4>\r\n                        <p>Danimarka l\u00fc\u011f\u0259tinizi geni\u015fl\u0259ndirin.<\/p>\r\n                    <\/div>\r\n                <\/div>\r\n            <\/div>\r\n        <\/a>\r\n\r\n            <\/section>","protected":false},"excerpt":{"rendered":"<p>Danimarka dilinin qrammatikas\u0131 m\u00f6vzular\u0131 Danimarka dilini \u00f6yr\u0259nm\u0259k Danimarkan\u0131n z\u0259ngin m\u0259d\u0259niyy\u0259tini v\u0259 tarixini t\u0259dqiq etm\u0259k ist\u0259y\u0259nl\u0259r \u00fc\u00e7\u00fcn m\u00fckafatland\u0131r\u0131c\u0131 v\u0259 z\u00f6vql\u00fc bir t\u0259cr\u00fcb\u0259 ola bil\u0259r. \u015eimali alman dili olaraq Danimarka dili \u0130sve\u00e7 v\u0259 Norve\u00e7 dili kimi dig\u0259r Skandinaviya dill\u0259ri il\u0259 bir \u00e7ox ox\u015farl\u0131qlar\u0131 payla\u015f\u0131r. Danimarka dilini m\u00fck\u0259mm\u0259l bilm\u0259kl\u0259 s\u0259n do\u011fma insanlarla \u0259laq\u0259 yaratmaq, Danimarka \u0259d\u0259biyyat\u0131ndan z\u00f6vq almaq [&hellip;]<\/p>\n","protected":false},"author":6,"featured_media":110910,"parent":0,"menu_order":0,"comment_status":"closed","ping_status":"closed","template":"LearningContentPage.php","meta":{"_acf_changed":false,"footnotes":""},"class_list":["post-163372","page","type-page","status-publish","has-post-thumbnail","hentry"],"acf":[],"yoast_head":"<!-- This site is optimized with the Yoast SEO Premium plugin v27.2 (Yoast SEO v27.2) - https:\/\/yoast.com\/product\/yoast-seo-premium-wordpress\/ -->\n<title>Danimarka dilinin qrammatikas\u0131 m\u0259\u015f\u011f\u0259l\u0259l\u0259ri - Talkpal<\/title>\n<meta name=\"description\" content=\"Dil bacar\u0131qlar\u0131n\u0131z\u0131 art\u0131rmaq v\u0259 Danimarka m\u0259d\u0259niyy\u0259ti il\u0259 s\u0259m\u0259r\u0259li \u0259laq\u0259 yaratmaq \u00fc\u00e7\u00fcn Danimarka Qrammatikas\u0131 T\u0259liml\u0259rinin sirl\u0259rini a\u00e7\u0131n.\" \/>\n<meta name=\"robots\" content=\"index, follow, max-snippet:-1, max-image-preview:large, max-video-preview:-1\" \/>\n<link rel=\"canonical\" href=\"https:\/\/talkpal.ai\/az\/danimarka-dilinin-qrammatikasi-m%c9%99sg%c9%99l%c9%99l%c9%99ri\/\" \/>\n<meta property=\"og:locale\" content=\"az_AZ\" \/>\n<meta property=\"og:type\" content=\"article\" \/>\n<meta property=\"og:title\" content=\"Danimarka dilinin qrammatikas\u0131 m\u0259\u015f\u011f\u0259l\u0259l\u0259ri\" \/>\n<meta property=\"og:description\" content=\"Danimarka dilinin qrammatikas\u0131 m\u00f6vzular\u0131 Danimarka dilini \u00f6yr\u0259nm\u0259k Danimarkan\u0131n z\u0259ngin m\u0259d\u0259niyy\u0259tini v\u0259 tarixini t\u0259dqiq etm\u0259k ist\u0259y\u0259nl\u0259r \u00fc\u00e7\u00fcn\" \/>\n<meta property=\"og:url\" content=\"https:\/\/talkpal.ai\/az\/danimarka-dilinin-qrammatikasi-m%c9%99sg%c9%99l%c9%99l%c9%99ri\/\" \/>\n<meta property=\"og:site_name\" content=\"Talkpal\" \/>\n<meta property=\"article:publisher\" content=\"https:\/\/www.facebook.com\/profile.php?id=100090733639311\" \/>\n<meta property=\"article:modified_time\" content=\"2025-12-17T16:32:29+00:00\" \/>\n<meta property=\"og:image\" content=\"https:\/\/talkpal.ai\/wp-content\/uploads\/2023\/05\/denmark.png\" \/>\n\t<meta property=\"og:image:width\" content=\"512\" \/>\n\t<meta property=\"og:image:height\" content=\"512\" \/>\n\t<meta property=\"og:image:type\" content=\"image\/png\" \/>\n<meta name=\"twitter:card\" content=\"summary_large_image\" \/>\n<meta name=\"twitter:site\" content=\"@talkpalai\" \/>\n<meta name=\"twitter:label1\" content=\"Est. reading time\" \/>\n\t<meta name=\"twitter:data1\" content=\"3 minutes\" \/>\n<script type=\"application\/ld+json\" class=\"yoast-schema-graph\">{\"@context\":\"https:\/\/schema.org\",\"@graph\":[{\"@type\":\"WebPage\",\"@id\":\"https:\/\/talkpal.ai\/az\/danimarka-dilinin-qrammatikasi-m%c9%99sg%c9%99l%c9%99l%c9%99ri\/\",\"url\":\"https:\/\/talkpal.ai\/az\/danimarka-dilinin-qrammatikasi-m%c9%99sg%c9%99l%c9%99l%c9%99ri\/\",\"name\":\"Danimarka dilinin qrammatikas\u0131 m\u0259\u015f\u011f\u0259l\u0259l\u0259ri - Talkpal\",\"isPartOf\":{\"@id\":\"https:\/\/talkpal.ai\/az\/#website\"},\"primaryImageOfPage\":{\"@id\":\"https:\/\/talkpal.ai\/az\/danimarka-dilinin-qrammatikasi-m%c9%99sg%c9%99l%c9%99l%c9%99ri\/#primaryimage\"},\"image\":{\"@id\":\"https:\/\/talkpal.ai\/az\/danimarka-dilinin-qrammatikasi-m%c9%99sg%c9%99l%c9%99l%c9%99ri\/#primaryimage\"},\"thumbnailUrl\":\"https:\/\/talkpal.ai\/wp-content\/uploads\/2023\/05\/denmark.png\",\"datePublished\":\"2023-06-16T13:19:10+00:00\",\"dateModified\":\"2025-12-17T16:32:29+00:00\",\"description\":\"Dil bacar\u0131qlar\u0131n\u0131z\u0131 art\u0131rmaq v\u0259 Danimarka m\u0259d\u0259niyy\u0259ti il\u0259 s\u0259m\u0259r\u0259li \u0259laq\u0259 yaratmaq \u00fc\u00e7\u00fcn Danimarka Qrammatikas\u0131 T\u0259liml\u0259rinin sirl\u0259rini a\u00e7\u0131n.\",\"breadcrumb\":{\"@id\":\"https:\/\/talkpal.ai\/az\/danimarka-dilinin-qrammatikasi-m%c9%99sg%c9%99l%c9%99l%c9%99ri\/#breadcrumb\"},\"inLanguage\":\"az\",\"potentialAction\":[{\"@type\":\"ReadAction\",\"target\":[\"https:\/\/talkpal.ai\/az\/danimarka-dilinin-qrammatikasi-m%c9%99sg%c9%99l%c9%99l%c9%99ri\/\"]}]},{\"@type\":\"ImageObject\",\"inLanguage\":\"az\",\"@id\":\"https:\/\/talkpal.ai\/az\/danimarka-dilinin-qrammatikasi-m%c9%99sg%c9%99l%c9%99l%c9%99ri\/#primaryimage\",\"url\":\"https:\/\/talkpal.ai\/wp-content\/uploads\/2023\/05\/denmark.png\",\"contentUrl\":\"https:\/\/talkpal.ai\/wp-content\/uploads\/2023\/05\/denmark.png\",\"width\":512,\"height\":512},{\"@type\":\"BreadcrumbList\",\"@id\":\"https:\/\/talkpal.ai\/az\/danimarka-dilinin-qrammatikasi-m%c9%99sg%c9%99l%c9%99l%c9%99ri\/#breadcrumb\",\"itemListElement\":[{\"@type\":\"ListItem\",\"position\":1,\"name\":\"Homepage\",\"item\":\"https:\/\/talkpal.ai\/az\/\"},{\"@type\":\"ListItem\",\"position\":2,\"name\":\"Danimarka dilinin qrammatikas\u0131 m\u0259\u015f\u011f\u0259l\u0259l\u0259ri\"}]},{\"@type\":\"WebSite\",\"@id\":\"https:\/\/talkpal.ai\/az\/#website\",\"url\":\"https:\/\/talkpal.ai\/az\/\",\"name\":\"Talkpal\",\"description\":\"AI Language Learning\",\"publisher\":{\"@id\":\"https:\/\/talkpal.ai\/az\/#organization\"},\"alternateName\":\"Talkpal AI\",\"potentialAction\":[{\"@type\":\"SearchAction\",\"target\":{\"@type\":\"EntryPoint\",\"urlTemplate\":\"https:\/\/talkpal.ai\/az\/?s={search_term_string}\"},\"query-input\":{\"@type\":\"PropertyValueSpecification\",\"valueRequired\":true,\"valueName\":\"search_term_string\"}}],\"inLanguage\":\"az\"},{\"@type\":\"Organization\",\"@id\":\"https:\/\/talkpal.ai\/az\/#organization\",\"name\":\"Talkpal, Inc.\",\"alternateName\":\"Talkpal AI\",\"url\":\"https:\/\/talkpal.ai\/az\/\",\"logo\":{\"@type\":\"ImageObject\",\"inLanguage\":\"az\",\"@id\":\"https:\/\/talkpal.ai\/az\/#\/schema\/logo\/image\/\",\"url\":\"https:\/\/talkpal.ai\/wp-content\/uploads\/2024\/03\/Talkpal-Logo-Icon.png\",\"contentUrl\":\"https:\/\/talkpal.ai\/wp-content\/uploads\/2024\/03\/Talkpal-Logo-Icon.png\",\"width\":2880,\"height\":2880,\"caption\":\"Talkpal, Inc.\"},\"image\":{\"@id\":\"https:\/\/talkpal.ai\/az\/#\/schema\/logo\/image\/\"},\"sameAs\":[\"https:\/\/www.facebook.com\/profile.php?id=100090733639311\",\"https:\/\/x.com\/talkpalai\",\"https:\/\/www.linkedin.com\/company\/talkpal\/\",\"https:\/\/www.youtube.com\/@TalkPal\/\",\"https:\/\/www.tiktok.com\/@talkpal\",\"https:\/\/www.instagram.com\/talkpal_ai\/\",\"https:\/\/www.crunchbase.com\/organization\/talkpal-9cde\",\"https:\/\/www.g2.com\/products\/talkpal-for-business\/\",\"https:\/\/www.trustpilot.com\/review\/talkpal.ai\",\"https:\/\/www.capterra.com\/p\/10006800\/TalkPal\/\"],\"description\":\"Talkpal is a language learning web and mobile education app, powered by the latest AI technologies, that provides engaging experiences to its customers in many different languages to help them improve their language skills. Users can chat about unlimited amount of topics with the app and use other modes to practice their language learning.\",\"email\":\"support@talkpal.ai\",\"legalName\":\"Talkpal, Inc.\",\"foundingDate\":\"2023-04-03\",\"duns\":\"118989042\",\"numberOfEmployees\":{\"@type\":\"QuantitativeValue\",\"minValue\":\"11\",\"maxValue\":\"50\"},\"publishingPrinciples\":\"https:\/\/talkpal.ai\/publishing-principles\/\",\"actionableFeedbackPolicy\":\"https:\/\/talkpal.ai\/actionable-feedback-policy\/\",\"correctionsPolicy\":\"https:\/\/talkpal.ai\/corrections-policy\/\",\"ethicsPolicy\":\"https:\/\/talkpal.ai\/ethics-policy\/\",\"diversityPolicy\":\"https:\/\/talkpal.ai\/diversity-policy\/\",\"diversityStaffingReport\":\"https:\/\/talkpal.ai\/diversity-policy\/\"}]}<\/script>\n<!-- \/ Yoast SEO Premium plugin. -->","yoast_head_json":{"title":"Danimarka dilinin qrammatikas\u0131 m\u0259\u015f\u011f\u0259l\u0259l\u0259ri - Talkpal","description":"Dil bacar\u0131qlar\u0131n\u0131z\u0131 art\u0131rmaq v\u0259 Danimarka m\u0259d\u0259niyy\u0259ti il\u0259 s\u0259m\u0259r\u0259li \u0259laq\u0259 yaratmaq \u00fc\u00e7\u00fcn Danimarka Qrammatikas\u0131 T\u0259liml\u0259rinin sirl\u0259rini a\u00e7\u0131n.","robots":{"index":"index","follow":"follow","max-snippet":"max-snippet:-1","max-image-preview":"max-image-preview:large","max-video-preview":"max-video-preview:-1"},"canonical":"https:\/\/talkpal.ai\/az\/danimarka-dilinin-qrammatikasi-m%c9%99sg%c9%99l%c9%99l%c9%99ri\/","og_locale":"az_AZ","og_type":"article","og_title":"Danimarka dilinin qrammatikas\u0131 m\u0259\u015f\u011f\u0259l\u0259l\u0259ri","og_description":"Danimarka dilinin qrammatikas\u0131 m\u00f6vzular\u0131 Danimarka dilini \u00f6yr\u0259nm\u0259k Danimarkan\u0131n z\u0259ngin m\u0259d\u0259niyy\u0259tini v\u0259 tarixini t\u0259dqiq etm\u0259k ist\u0259y\u0259nl\u0259r \u00fc\u00e7\u00fcn","og_url":"https:\/\/talkpal.ai\/az\/danimarka-dilinin-qrammatikasi-m%c9%99sg%c9%99l%c9%99l%c9%99ri\/","og_site_name":"Talkpal","article_publisher":"https:\/\/www.facebook.com\/profile.php?id=100090733639311","article_modified_time":"2025-12-17T16:32:29+00:00","og_image":[{"width":512,"height":512,"url":"https:\/\/talkpal.ai\/wp-content\/uploads\/2023\/05\/denmark.png","type":"image\/png"}],"twitter_card":"summary_large_image","twitter_site":"@talkpalai","twitter_misc":{"Est. reading time":"3 minutes"},"schema":{"@context":"https:\/\/schema.org","@graph":[{"@type":"WebPage","@id":"https:\/\/talkpal.ai\/az\/danimarka-dilinin-qrammatikasi-m%c9%99sg%c9%99l%c9%99l%c9%99ri\/","url":"https:\/\/talkpal.ai\/az\/danimarka-dilinin-qrammatikasi-m%c9%99sg%c9%99l%c9%99l%c9%99ri\/","name":"Danimarka dilinin qrammatikas\u0131 m\u0259\u015f\u011f\u0259l\u0259l\u0259ri - Talkpal","isPartOf":{"@id":"https:\/\/talkpal.ai\/az\/#website"},"primaryImageOfPage":{"@id":"https:\/\/talkpal.ai\/az\/danimarka-dilinin-qrammatikasi-m%c9%99sg%c9%99l%c9%99l%c9%99ri\/#primaryimage"},"image":{"@id":"https:\/\/talkpal.ai\/az\/danimarka-dilinin-qrammatikasi-m%c9%99sg%c9%99l%c9%99l%c9%99ri\/#primaryimage"},"thumbnailUrl":"https:\/\/talkpal.ai\/wp-content\/uploads\/2023\/05\/denmark.png","datePublished":"2023-06-16T13:19:10+00:00","dateModified":"2025-12-17T16:32:29+00:00","description":"Dil bacar\u0131qlar\u0131n\u0131z\u0131 art\u0131rmaq v\u0259 Danimarka m\u0259d\u0259niyy\u0259ti il\u0259 s\u0259m\u0259r\u0259li \u0259laq\u0259 yaratmaq \u00fc\u00e7\u00fcn Danimarka Qrammatikas\u0131 T\u0259liml\u0259rinin sirl\u0259rini a\u00e7\u0131n.","breadcrumb":{"@id":"https:\/\/talkpal.ai\/az\/danimarka-dilinin-qrammatikasi-m%c9%99sg%c9%99l%c9%99l%c9%99ri\/#breadcrumb"},"inLanguage":"az","potentialAction":[{"@type":"ReadAction","target":["https:\/\/talkpal.ai\/az\/danimarka-dilinin-qrammatikasi-m%c9%99sg%c9%99l%c9%99l%c9%99ri\/"]}]},{"@type":"ImageObject","inLanguage":"az","@id":"https:\/\/talkpal.ai\/az\/danimarka-dilinin-qrammatikasi-m%c9%99sg%c9%99l%c9%99l%c9%99ri\/#primaryimage","url":"https:\/\/talkpal.ai\/wp-content\/uploads\/2023\/05\/denmark.png","contentUrl":"https:\/\/talkpal.ai\/wp-content\/uploads\/2023\/05\/denmark.png","width":512,"height":512},{"@type":"BreadcrumbList","@id":"https:\/\/talkpal.ai\/az\/danimarka-dilinin-qrammatikasi-m%c9%99sg%c9%99l%c9%99l%c9%99ri\/#breadcrumb","itemListElement":[{"@type":"ListItem","position":1,"name":"Homepage","item":"https:\/\/talkpal.ai\/az\/"},{"@type":"ListItem","position":2,"name":"Danimarka dilinin qrammatikas\u0131 m\u0259\u015f\u011f\u0259l\u0259l\u0259ri"}]},{"@type":"WebSite","@id":"https:\/\/talkpal.ai\/az\/#website","url":"https:\/\/talkpal.ai\/az\/","name":"Talkpal","description":"AI Language Learning","publisher":{"@id":"https:\/\/talkpal.ai\/az\/#organization"},"alternateName":"Talkpal AI","potentialAction":[{"@type":"SearchAction","target":{"@type":"EntryPoint","urlTemplate":"https:\/\/talkpal.ai\/az\/?s={search_term_string}"},"query-input":{"@type":"PropertyValueSpecification","valueRequired":true,"valueName":"search_term_string"}}],"inLanguage":"az"},{"@type":"Organization","@id":"https:\/\/talkpal.ai\/az\/#organization","name":"Talkpal, Inc.","alternateName":"Talkpal AI","url":"https:\/\/talkpal.ai\/az\/","logo":{"@type":"ImageObject","inLanguage":"az","@id":"https:\/\/talkpal.ai\/az\/#\/schema\/logo\/image\/","url":"https:\/\/talkpal.ai\/wp-content\/uploads\/2024\/03\/Talkpal-Logo-Icon.png","contentUrl":"https:\/\/talkpal.ai\/wp-content\/uploads\/2024\/03\/Talkpal-Logo-Icon.png","width":2880,"height":2880,"caption":"Talkpal, Inc."},"image":{"@id":"https:\/\/talkpal.ai\/az\/#\/schema\/logo\/image\/"},"sameAs":["https:\/\/www.facebook.com\/profile.php?id=100090733639311","https:\/\/x.com\/talkpalai","https:\/\/www.linkedin.com\/company\/talkpal\/","https:\/\/www.youtube.com\/@TalkPal\/","https:\/\/www.tiktok.com\/@talkpal","https:\/\/www.instagram.com\/talkpal_ai\/","https:\/\/www.crunchbase.com\/organization\/talkpal-9cde","https:\/\/www.g2.com\/products\/talkpal-for-business\/","https:\/\/www.trustpilot.com\/review\/talkpal.ai","https:\/\/www.capterra.com\/p\/10006800\/TalkPal\/"],"description":"Talkpal is a language learning web and mobile education app, powered by the latest AI technologies, that provides engaging experiences to its customers in many different languages to help them improve their language skills. Users can chat about unlimited amount of topics with the app and use other modes to practice their language learning.","email":"support@talkpal.ai","legalName":"Talkpal, Inc.","foundingDate":"2023-04-03","duns":"118989042","numberOfEmployees":{"@type":"QuantitativeValue","minValue":"11","maxValue":"50"},"publishingPrinciples":"https:\/\/talkpal.ai\/publishing-principles\/","actionableFeedbackPolicy":"https:\/\/talkpal.ai\/actionable-feedback-policy\/","correctionsPolicy":"https:\/\/talkpal.ai\/corrections-policy\/","ethicsPolicy":"https:\/\/talkpal.ai\/ethics-policy\/","diversityPolicy":"https:\/\/talkpal.ai\/diversity-policy\/","diversityStaffingReport":"https:\/\/talkpal.ai\/diversity-policy\/"}]}},"_links":{"self":[{"href":"https:\/\/talkpal.ai\/az\/wp-json\/wp\/v2\/pages\/163372","targetHints":{"allow":["GET"]}}],"collection":[{"href":"https:\/\/talkpal.ai\/az\/wp-json\/wp\/v2\/pages"}],"about":[{"href":"https:\/\/talkpal.ai\/az\/wp-json\/wp\/v2\/types\/page"}],"author":[{"embeddable":true,"href":"https:\/\/talkpal.ai\/az\/wp-json\/wp\/v2\/users\/6"}],"replies":[{"embeddable":true,"href":"https:\/\/talkpal.ai\/az\/wp-json\/wp\/v2\/comments?post=163372"}],"version-history":[{"count":0,"href":"https:\/\/talkpal.ai\/az\/wp-json\/wp\/v2\/pages\/163372\/revisions"}],"wp:featuredmedia":[{"embeddable":true,"href":"https:\/\/talkpal.ai\/az\/wp-json\/wp\/v2\/media\/110910"}],"wp:attachment":[{"href":"https:\/\/talkpal.ai\/az\/wp-json\/wp\/v2\/media?parent=163372"}],"curies":[{"name":"wp","href":"https:\/\/api.w.org\/{rel}","templated":true}]}}