{"id":163080,"date":"2023-06-16T13:25:56","date_gmt":"2023-06-16T13:25:56","guid":{"rendered":"http:\/\/talkpal.ai\/eston-dilinin-qrammatikasi-m%c9%99sg%c9%99l%c9%99l%c9%99ri\/"},"modified":"2025-12-17T15:58:39","modified_gmt":"2025-12-17T15:58:39","slug":"eston-dilinin-qrammatikasi-m%c9%99sg%c9%99l%c9%99l%c9%99ri","status":"publish","type":"page","link":"https:\/\/talkpal.ai\/az\/eston-dilinin-qrammatikasi-m%c9%99sg%c9%99l%c9%99l%c9%99ri\/","title":{"rendered":"Eston dilinin qrammatikas\u0131 m\u0259\u015f\u011f\u0259l\u0259l\u0259ri"},"content":{"rendered":"\r\n\r\n\r\n<section class=\"languageChallengeSection\">\r\n    <div class=\"languageInfoWrapper\">\r\n        \r\n        <h1>Eston dilinin qrammatikas\u0131 m\u0259\u015f\u011f\u0259l\u0259l\u0259ri<\/h1>\r\n        <p><a href=\"https:\/\/talkpal.ai\/learn-estonian\/\">Eston<\/a> dilini \u00f6yr\u0259nm\u0259k ist\u0259yirsiniz? Fokuslanm\u0131\u015f qrammatik m\u0259\u015fql\u0259r c\u00fcml\u0259 qurulu\u015funu, fel formalar\u0131n\u0131 v\u0259 Estoniyaya xas olan \u0259sas n\u00fcmun\u0259l\u0259ri ba\u015fa d\u00fc\u015fm\u0259k \u00fc\u00e7\u00fcn m\u00fck\u0259mm\u0259l bir yoldur. Bu g\u00fcn <a href=\"https:\/\/talkpal.ai\/learn-estonian\/\">Eston dili<\/a> qrammatikas\u0131n\u0131 t\u0259tbiq etm\u0259y\u0259 ba\u015flay\u0131n v\u0259 h\u0259r seansda bacar\u0131qlar\u0131n\u0131z\u0131n v\u0259 inam\u0131n\u0131z\u0131n artmas\u0131n\u0131 izl\u0259yin!<\/p>\r\n\r\n                            <a class=\"getStartedHidden\" href=\"https:\/\/app.talkpal.ai\/signup?lng=\">Ba\u015fla<\/a>\r\n        \r\n    <\/div>\r\n\r\n    <figure>\r\n    <img decoding=\"async\" width=\"768\" height=\"768\" src=\"https:\/\/talkpal.ai\/wp-content\/uploads\/2023\/06\/Estonian-768x768.png\" class=\"languageImage no-lazy\" alt=\"Secret tricks of language learning\" fetchpriority=\"high\" sizes=\"(max-width: 768px) 150px, 768px\" srcset=\"https:\/\/talkpal.ai\/wp-content\/uploads\/2023\/06\/Estonian-768x768.png 768w, https:\/\/talkpal.ai\/wp-content\/uploads\/2023\/06\/Estonian-300x300.png 300w\" \/>\r\n    \r\n\r\n    <\/figure>\r\n\r\n            <a class=\"getStartedVisible\" href=\"https:\/\/app.talkpal.ai\/signup?lng=\">Ba\u015fla<\/a>\r\n    \r\n<\/section>\r\n\r\n\r\n<!-- <section class=\"grammarSection\">\r\n    <div class=\"grammarLinks\">\r\n            <\/div>\r\n<\/section> -->\r\n\r\n\r\n\r\n\r\n<section class=\"promotionalBanner\">\r\n    <p class=\"promotionalText\">Dil \u00f6yr\u0259nm\u0259yin \u0259n t\u0259sirli yolu<\/p>\r\n    <a class=\"promotionalLink\" href=\"https:\/\/app.talkpal.ai\/signup?lng=\">Talkpal pulsuz s\u0131nay\u0131n<\/a>\r\n<\/section>\n<div class=\"wp-block-group pageContainerStyle\"><div class=\"wp-block-group__inner-container is-layout-constrained wp-block-group-is-layout-constrained\">\n<h2 class=\"wp-block-heading\" id=\"h-estonian-grammar-topics\">Eston dilinin qrammatikas\u0131 m\u00f6vzular\u0131<\/h2>\n\n\n\n<p>Yeni <a href=\"https:\/\/talkpal.ai\/az\/talkpal-chat-vasit%c9%99sil%c9%99-dil-oyr%c9%99nm%c9%99k-ucun-nec%c9%99\/\">dil \u00f6yr\u0259nm\u0259k<\/a> maraql\u0131 v\u0259 m\u00fckafatland\u0131r\u0131c\u0131 s\u0259yah\u0259t ola bil\u0259r. \u015e\u0259xsi inki\u015faf, m\u0259d\u0259ni k\u0259\u015ffiyyat, pe\u015f\u0259kar ir\u0259lil\u0259yi\u015f \u00fc\u00e7\u00fcn yeni imkanlar a\u00e7\u0131l\u0131r. Eston dili ural dili kimi \u0130ndo-Az\u0259rbaycan dill\u0259ri il\u0259 daha yax\u0131ndan tan\u0131\u015f ola bil\u0259n \u00f6yr\u0259n\u0259nl\u0259r \u00fc\u00e7\u00fcn unikal v\u0259 maraql\u0131 dil t\u0259cr\u00fcb\u0259si t\u0259klif edir. Eston dili m\u00fcr\u0259kk\u0259b qrammatika sistemi v\u0259 z\u0259ngin s\u00f6z ehtiyat\u0131 il\u0259 dil h\u0259v\u0259skarlar\u0131 \u00fc\u00e7\u00fcn \u00e7\u0259tin v\u0259 maraql\u0131 imkan yarad\u0131r. Eston dilinin \u00f6yr\u0259nilm\u0259sind\u0259n daha s\u0259m\u0259r\u0259li istifad\u0259 etm\u0259k \u00fc\u00e7\u00fcn strukturla\u015fd\u0131r\u0131lm\u0131\u015f yana\u015fman\u0131n olmas\u0131 m\u00fctl\u0259qdir. Onun qrammatika m\u00f6vzular\u0131na m\u00f6hk\u0259m t\u0259m\u0259l qurma\u011fa v\u0259 bacar\u0131qlar\u0131n\u0131z\u0131 t\u0259dric\u0259n ir\u0259lil\u0259m\u0259y\u0259 k\u00f6m\u0259k ed\u0259n ard\u0131c\u0131ll\u0131qla diqq\u0259t yetirin.<\/p>\n\n\n\n<h3 class=\"wp-block-heading\" id=\"h-1-nouns-and-pronouns-determiners\">1. Nouns v\u0259 Pronouns\/Determinl\u0259r:<\/h3>\n\n\n\n<p>\u018fvv\u0259lc\u0259 estonca nounlar\u0131n \u0259saslar\u0131n\u0131, o c\u00fcml\u0259d\u0259n onlar\u0131n deklenziyalar\u0131n\u0131 v\u0259 hallar\u0131n\u0131 \u00f6yr\u0259nm\u0259kl\u0259 ba\u015flay\u0131n. Sad\u0259 c\u00fcml\u0259l\u0259r yaratmaq \u00fc\u00e7\u00fcn vacib oldu\u011fu kimi, nounlarla eyni formalar\u0131 g\u00f6t\u00fcr\u0259n t\u0259l\u0259ff\u00fcz v\u0259 determinerl\u0259rl\u0259 tan\u0131\u015f ol.<\/p>\n\n\n\n<h3 class=\"wp-block-heading\" id=\"h-2-adjectives-and-adverbs\">2. Adjectives v\u0259 Adverbs:<\/h3>\n\n\n\n<p>Onlar\u0131n d\u0259yi\u015fdirdikl\u0259ri adlarla nec\u0259 raz\u0131la\u015fd\u0131qlar\u0131n\u0131 v\u0259 nec\u0259 imtina etm\u0259li olduqlar\u0131n\u0131 \u00f6yr\u0259nin. Feill\u0259r, advertivl\u0259r v\u0259 dig\u0259r adverbl\u0259r haqq\u0131nda \u0259lav\u0259 m\u0259lumat ver\u0259n adverbl\u0259r daha m\u00fcr\u0259kk\u0259b v\u0259 t\u0259svirli c\u00fcml\u0259l\u0259r yaratma\u011fa k\u00f6m\u0259k ed\u0259c\u0259k.<\/p>\n\n\n\n<h3 class=\"wp-block-heading\" id=\"h-3-verbs\">3. Feill\u0259r:<\/h3>\n\n\n\n<p>Estonca feli konyunkasiya k\u0259l\u0259kbazl\u0131q ola bil\u0259r, lakin bu dili m\u00fck\u0259mm\u0259l \u015f\u0259kild\u0259 inki\u015faf etdirm\u0259k \u00fc\u00e7\u00fcn \u00e7ox vacibdir. Bu g\u00fcn, ke\u00e7mi\u015f v\u0259 g\u0259l\u0259c\u0259kd\u0259 ba\u015f ver\u0259n h\u0259r\u0259k\u0259t v\u0259 hadis\u0259l\u0259ri ifad\u0259 etm\u0259k \u00fc\u00e7\u00fcn m\u00fcxt\u0259lif feill\u0259rin, onlar\u0131n konjuqasiya t\u0259rzini, m\u00fcxt\u0259lif g\u0259rginlikl\u0259rin \u00f6yr\u0259nilm\u0259si.<\/p>\n\n\n\n<h3 class=\"wp-block-heading\" id=\"h-4-tenses-and-tense-comparison\">4. G\u0259rginlik v\u0259 g\u0259rgin m\u00fcqayis\u0259:<\/h3>\n\n\n\n<p>M\u00fcxt\u0259lif kontekstl\u0259rd\u0259 onlar\u0131n istifad\u0259sini m\u00fcqayis\u0259 ed\u0259r\u0259k, g\u0259rginlik haqq\u0131nda anlay\u0131\u015f\u0131n\u0131z\u0131 daha da m\u00f6hk\u0259ml\u0259ndirin. Bu s\u0259n\u0259 m\u0259nas\u0131n\u0131 d\u0259qiq \u00e7atd\u0131rmaq \u00fc\u00e7\u00fcn m\u00fcnasib g\u0259rgin se\u00e7im etm\u0259y\u0259 k\u00f6m\u0259k ed\u0259c\u0259k.<\/p>\n\n\n\n<h3 class=\"wp-block-heading\" id=\"h-5-progressive-and-perfect-progressive\">5. M\u00fct\u0259r\u0259qqi v\u0259 m\u00fck\u0259mm\u0259l t\u0259r\u0259qqi:<\/h3>\n\n\n\n<p>Eston feill\u0259rinin bu c\u0259h\u0259tl\u0259ri davam ed\u0259n v\u0259 ya davaml\u0131 h\u0259r\u0259k\u0259tl\u0259ri ifad\u0259 edir. \u00dcnsiyy\u0259tiniz\u0259 n\u00fcans \u0259lav\u0259 etm\u0259k \u00fc\u00e7\u00fcn onlar\u0131 nec\u0259 formala\u015fd\u0131rma\u011f\u0131 v\u0259 istifad\u0259 etm\u0259yi \u00f6yr\u0259nin.<\/p>\n\n\n\n<h3 class=\"wp-block-heading\" id=\"h-6-articles\">6. M\u0259qal\u0259l\u0259r:<\/h3>\n\n\n\n<p>Eston dilind\u0259 ingilis dili kimi q\u0259ti v\u0259 ya m\u00fcdd\u0259tsiz m\u0259qal\u0259l\u0259r yoxdur, lakin dig\u0259r leksik al\u0259tl\u0259rd\u0259n istifad\u0259 ed\u0259r\u0259k eyni m\u0259nan\u0131 nec\u0259 \u00e7atd\u0131rmaq laz\u0131m oldu\u011funu anlamaq m\u00fctl\u0259qdir.<\/p>\n\n\n\n<h3 class=\"wp-block-heading\" id=\"h-7-prepositions\">7. Prepozisiyalar:<\/h3>\n\n\n\n<p>S\u00f6zl\u0259r aras\u0131ndak\u0131 m\u00fcnasib\u0259tl\u0259ri c\u00fcml\u0259d\u0259 ifad\u0259 etm\u0259k \u00fc\u00e7\u00fcn estonca prepozisiyalar\u0131 \u00f6yr\u0259nin. M\u0259s\u0259l\u0259n, m\u0259kan, istiqam\u0259t v\u0259 zaman.<\/p>\n\n\n\n<h3 class=\"wp-block-heading\" id=\"h-8-conditionals\">8. \u015e\u0259rti olaraq:<\/h3>\n\n\n\n<p>Konkret \u015f\u0259rtl\u0259rd\u0259n as\u0131l\u0131 hipotetik v\u0259ziyy\u0259tl\u0259ri v\u0259 ya h\u0259r\u0259k\u0259tl\u0259ri ifad\u0259 etm\u0259k \u00fc\u00e7\u00fcn \u015f\u0259rtli \u0259hval-ruhiyy\u0259ni usta edin.<\/p>\n\n\n\n<h3 class=\"wp-block-heading\" id=\"h-9-sentences\">9. C\u00fcml\u0259l\u0259r:<\/h3>\n\n\n\n<p>N\u0259hay\u0259t, \u00f6yr\u0259ndiyiniz b\u00fct\u00fcn qrammatik m\u00f6vzulardan istifad\u0259 ed\u0259r\u0259k m\u00fcxt\u0259lif n\u00f6v c\u00fcml\u0259l\u0259rin \u2013 sad\u0259, m\u00fcr\u0259kk\u0259b v\u0259 m\u00fcr\u0259kk\u0259b c\u00fcml\u0259l\u0259rin d\u00fcz\u0259ldilm\u0259sini m\u0259\u015fq edin. Bu, estoniyal\u0131 \u00fcnsiyy\u0259t bacar\u0131qlar\u0131n\u0131za daha s\u0259lis v\u0259 \u0259min olma\u011fa k\u00f6m\u0259k ed\u0259c\u0259k.<\/p>\n<\/div><\/div>\n\r\n<section class=\"learnNavigationSection\">\r\n            \r\n        <a href=\"https:\/\/talkpal.ai\/az\/eston-dilini-oyr%c9%99nin\/\">\r\n            <div class=\"learnNavigationWrapper\">\r\n                <div class=\"learnNavigationContent\">\r\n                    <img decoding=\"async\" src=\"https:\/\/talkpal.ai\/wp-content\/uploads\/2024\/08\/Estonian.jpg\" alt=\"Estonian Flag\">\r\n                    <div>\r\n                        <h4>Eston dilinin \u00f6yr\u0259nilm\u0259si haqq\u0131nda<\/h4>\r\n                        <p>Eston dili qrammatikas\u0131 haqq\u0131nda h\u0259r \u015feyi \u00f6yr\u0259nin.<\/p>\r\n                    <\/div>\r\n                <\/div>\r\n            <\/div>\r\n        <\/a>\r\n\r\n        \r\n        <a href=\"https:\/\/talkpal.ai\/az\/eston-dilinin-qrammatikasi\/\">\r\n            <div class=\"learnNavigationWrapper\">\r\n                <div class=\"learnNavigationContent\">\r\n                    <img decoding=\"async\" src=\"https:\/\/talkpal.ai\/wp-content\/uploads\/2024\/08\/Estonian.jpg\" alt=\"Estonian Flag\">\r\n                    <div>\r\n                        <h4>Estoniya Qrammatikas\u0131 D\u0259rsl\u0259ri<\/h4>\r\n                        <p>Eston dilinin qrammatikas\u0131 il\u0259 m\u0259\u015f\u011ful.<\/p>\r\n                    <\/div>\r\n                <\/div>\r\n            <\/div>\r\n        <\/a>\r\n\r\n        \r\n        <a href=\"https:\/\/talkpal.ai\/vocabulary_language\/estonian\/\">\r\n            <div class=\"learnNavigationWrapper\">\r\n                <div class=\"learnNavigationContent\">\r\n                    <img decoding=\"async\" src=\"https:\/\/talkpal.ai\/wp-content\/uploads\/2024\/08\/Estonian.jpg\" alt=\"Estonian Flag\">\r\n                    <div>\r\n                        <h4>Eston l\u00fc\u011f\u0259ti<\/h4>\r\n                        <p>Eston dili l\u00fc\u011f\u0259tinizi geni\u015fl\u0259ndirin.<\/p>\r\n                    <\/div>\r\n                <\/div>\r\n            <\/div>\r\n        <\/a>\r\n\r\n            <\/section>","protected":false},"excerpt":{"rendered":"<p>Eston dilinin qrammatikas\u0131 m\u00f6vzular\u0131 Yeni dil \u00f6yr\u0259nm\u0259k maraql\u0131 v\u0259 m\u00fckafatland\u0131r\u0131c\u0131 s\u0259yah\u0259t ola bil\u0259r. \u015e\u0259xsi inki\u015faf, m\u0259d\u0259ni k\u0259\u015ffiyyat, pe\u015f\u0259kar ir\u0259lil\u0259yi\u015f \u00fc\u00e7\u00fcn yeni imkanlar a\u00e7\u0131l\u0131r. Eston dili ural dili kimi \u0130ndo-Az\u0259rbaycan dill\u0259ri il\u0259 daha yax\u0131ndan tan\u0131\u015f ola bil\u0259n \u00f6yr\u0259n\u0259nl\u0259r \u00fc\u00e7\u00fcn unikal v\u0259 maraql\u0131 dil t\u0259cr\u00fcb\u0259si t\u0259klif edir. Eston dili m\u00fcr\u0259kk\u0259b qrammatika sistemi v\u0259 z\u0259ngin s\u00f6z ehtiyat\u0131 il\u0259 [&hellip;]<\/p>\n","protected":false},"author":6,"featured_media":112431,"parent":0,"menu_order":0,"comment_status":"closed","ping_status":"closed","template":"LearningContentPage.php","meta":{"_acf_changed":false,"footnotes":""},"class_list":["post-163080","page","type-page","status-publish","has-post-thumbnail","hentry"],"acf":[],"yoast_head":"<!-- This site is optimized with the Yoast SEO Premium plugin v27.2 (Yoast SEO v27.2) - https:\/\/yoast.com\/product\/yoast-seo-premium-wordpress\/ -->\n<title>Eston dilinin qrammatikas\u0131 m\u0259\u015f\u011f\u0259l\u0259l\u0259ri - Talkpal<\/title>\n<meta name=\"description\" content=\"Dil bacar\u0131qlar\u0131n\u0131z\u0131 tez v\u0259 effektiv \u015f\u0259kild\u0259 t\u0259kmill\u0259\u015fdirm\u0259k \u00fc\u00e7\u00fcn n\u0259z\u0259rd\u0259 tutulmu\u015f interaktiv m\u0259\u015fql\u0259rl\u0259 Estoniya qrammatikas\u0131n\u0131 m\u0259\u015fq edin.\" \/>\n<meta name=\"robots\" content=\"index, follow, max-snippet:-1, max-image-preview:large, max-video-preview:-1\" \/>\n<link rel=\"canonical\" href=\"https:\/\/talkpal.ai\/az\/eston-dilinin-qrammatikasi-m%c9%99sg%c9%99l%c9%99l%c9%99ri\/\" \/>\n<meta property=\"og:locale\" content=\"az_AZ\" \/>\n<meta property=\"og:type\" content=\"article\" \/>\n<meta property=\"og:title\" content=\"Eston dilinin qrammatikas\u0131 m\u0259\u015f\u011f\u0259l\u0259l\u0259ri\" \/>\n<meta property=\"og:description\" content=\"Eston dilinin qrammatikas\u0131 m\u00f6vzular\u0131 Yeni dil \u00f6yr\u0259nm\u0259k maraql\u0131 v\u0259 m\u00fckafatland\u0131r\u0131c\u0131 s\u0259yah\u0259t ola bil\u0259r. \u015e\u0259xsi inki\u015faf, m\u0259d\u0259ni k\u0259\u015ffiyyat, pe\u015f\u0259kar ir\u0259lil\u0259yi\u015f\" \/>\n<meta property=\"og:url\" content=\"https:\/\/talkpal.ai\/az\/eston-dilinin-qrammatikasi-m%c9%99sg%c9%99l%c9%99l%c9%99ri\/\" \/>\n<meta property=\"og:site_name\" content=\"Talkpal\" \/>\n<meta property=\"article:publisher\" content=\"https:\/\/www.facebook.com\/profile.php?id=100090733639311\" \/>\n<meta property=\"article:modified_time\" content=\"2025-12-17T15:58:39+00:00\" \/>\n<meta property=\"og:image\" content=\"https:\/\/talkpal.ai\/wp-content\/uploads\/2023\/05\/estonia.png\" \/>\n\t<meta property=\"og:image:width\" content=\"512\" \/>\n\t<meta property=\"og:image:height\" content=\"512\" \/>\n\t<meta property=\"og:image:type\" content=\"image\/png\" \/>\n<meta name=\"twitter:card\" content=\"summary_large_image\" \/>\n<meta name=\"twitter:site\" content=\"@talkpalai\" \/>\n<meta name=\"twitter:label1\" content=\"Est. reading time\" \/>\n\t<meta name=\"twitter:data1\" content=\"3 minutes\" \/>\n<script type=\"application\/ld+json\" class=\"yoast-schema-graph\">{\"@context\":\"https:\/\/schema.org\",\"@graph\":[{\"@type\":\"WebPage\",\"@id\":\"https:\/\/talkpal.ai\/az\/eston-dilinin-qrammatikasi-m%c9%99sg%c9%99l%c9%99l%c9%99ri\/\",\"url\":\"https:\/\/talkpal.ai\/az\/eston-dilinin-qrammatikasi-m%c9%99sg%c9%99l%c9%99l%c9%99ri\/\",\"name\":\"Eston dilinin qrammatikas\u0131 m\u0259\u015f\u011f\u0259l\u0259l\u0259ri - Talkpal\",\"isPartOf\":{\"@id\":\"https:\/\/talkpal.ai\/az\/#website\"},\"primaryImageOfPage\":{\"@id\":\"https:\/\/talkpal.ai\/az\/eston-dilinin-qrammatikasi-m%c9%99sg%c9%99l%c9%99l%c9%99ri\/#primaryimage\"},\"image\":{\"@id\":\"https:\/\/talkpal.ai\/az\/eston-dilinin-qrammatikasi-m%c9%99sg%c9%99l%c9%99l%c9%99ri\/#primaryimage\"},\"thumbnailUrl\":\"https:\/\/talkpal.ai\/wp-content\/uploads\/2023\/05\/estonia.png\",\"datePublished\":\"2023-06-16T13:25:56+00:00\",\"dateModified\":\"2025-12-17T15:58:39+00:00\",\"description\":\"Dil bacar\u0131qlar\u0131n\u0131z\u0131 tez v\u0259 effektiv \u015f\u0259kild\u0259 t\u0259kmill\u0259\u015fdirm\u0259k \u00fc\u00e7\u00fcn n\u0259z\u0259rd\u0259 tutulmu\u015f interaktiv m\u0259\u015fql\u0259rl\u0259 Estoniya qrammatikas\u0131n\u0131 m\u0259\u015fq edin.\",\"breadcrumb\":{\"@id\":\"https:\/\/talkpal.ai\/az\/eston-dilinin-qrammatikasi-m%c9%99sg%c9%99l%c9%99l%c9%99ri\/#breadcrumb\"},\"inLanguage\":\"az\",\"potentialAction\":[{\"@type\":\"ReadAction\",\"target\":[\"https:\/\/talkpal.ai\/az\/eston-dilinin-qrammatikasi-m%c9%99sg%c9%99l%c9%99l%c9%99ri\/\"]}]},{\"@type\":\"ImageObject\",\"inLanguage\":\"az\",\"@id\":\"https:\/\/talkpal.ai\/az\/eston-dilinin-qrammatikasi-m%c9%99sg%c9%99l%c9%99l%c9%99ri\/#primaryimage\",\"url\":\"https:\/\/talkpal.ai\/wp-content\/uploads\/2023\/05\/estonia.png\",\"contentUrl\":\"https:\/\/talkpal.ai\/wp-content\/uploads\/2023\/05\/estonia.png\",\"width\":512,\"height\":512},{\"@type\":\"BreadcrumbList\",\"@id\":\"https:\/\/talkpal.ai\/az\/eston-dilinin-qrammatikasi-m%c9%99sg%c9%99l%c9%99l%c9%99ri\/#breadcrumb\",\"itemListElement\":[{\"@type\":\"ListItem\",\"position\":1,\"name\":\"Homepage\",\"item\":\"https:\/\/talkpal.ai\/az\/\"},{\"@type\":\"ListItem\",\"position\":2,\"name\":\"Eston dilinin qrammatikas\u0131 m\u0259\u015f\u011f\u0259l\u0259l\u0259ri\"}]},{\"@type\":\"WebSite\",\"@id\":\"https:\/\/talkpal.ai\/az\/#website\",\"url\":\"https:\/\/talkpal.ai\/az\/\",\"name\":\"Talkpal\",\"description\":\"AI Language Learning\",\"publisher\":{\"@id\":\"https:\/\/talkpal.ai\/az\/#organization\"},\"alternateName\":\"Talkpal AI\",\"potentialAction\":[{\"@type\":\"SearchAction\",\"target\":{\"@type\":\"EntryPoint\",\"urlTemplate\":\"https:\/\/talkpal.ai\/az\/?s={search_term_string}\"},\"query-input\":{\"@type\":\"PropertyValueSpecification\",\"valueRequired\":true,\"valueName\":\"search_term_string\"}}],\"inLanguage\":\"az\"},{\"@type\":\"Organization\",\"@id\":\"https:\/\/talkpal.ai\/az\/#organization\",\"name\":\"Talkpal, Inc.\",\"alternateName\":\"Talkpal AI\",\"url\":\"https:\/\/talkpal.ai\/az\/\",\"logo\":{\"@type\":\"ImageObject\",\"inLanguage\":\"az\",\"@id\":\"https:\/\/talkpal.ai\/az\/#\/schema\/logo\/image\/\",\"url\":\"https:\/\/talkpal.ai\/wp-content\/uploads\/2024\/03\/Talkpal-Logo-Icon.png\",\"contentUrl\":\"https:\/\/talkpal.ai\/wp-content\/uploads\/2024\/03\/Talkpal-Logo-Icon.png\",\"width\":2880,\"height\":2880,\"caption\":\"Talkpal, Inc.\"},\"image\":{\"@id\":\"https:\/\/talkpal.ai\/az\/#\/schema\/logo\/image\/\"},\"sameAs\":[\"https:\/\/www.facebook.com\/profile.php?id=100090733639311\",\"https:\/\/x.com\/talkpalai\",\"https:\/\/www.linkedin.com\/company\/talkpal\/\",\"https:\/\/www.youtube.com\/@TalkPal\/\",\"https:\/\/www.tiktok.com\/@talkpal\",\"https:\/\/www.instagram.com\/talkpal_ai\/\",\"https:\/\/www.crunchbase.com\/organization\/talkpal-9cde\",\"https:\/\/www.g2.com\/products\/talkpal-for-business\/\",\"https:\/\/www.trustpilot.com\/review\/talkpal.ai\",\"https:\/\/www.capterra.com\/p\/10006800\/TalkPal\/\"],\"description\":\"Talkpal is a language learning web and mobile education app, powered by the latest AI technologies, that provides engaging experiences to its customers in many different languages to help them improve their language skills. Users can chat about unlimited amount of topics with the app and use other modes to practice their language learning.\",\"email\":\"support@talkpal.ai\",\"legalName\":\"Talkpal, Inc.\",\"foundingDate\":\"2023-04-03\",\"duns\":\"118989042\",\"numberOfEmployees\":{\"@type\":\"QuantitativeValue\",\"minValue\":\"11\",\"maxValue\":\"50\"},\"publishingPrinciples\":\"https:\/\/talkpal.ai\/publishing-principles\/\",\"actionableFeedbackPolicy\":\"https:\/\/talkpal.ai\/actionable-feedback-policy\/\",\"correctionsPolicy\":\"https:\/\/talkpal.ai\/corrections-policy\/\",\"ethicsPolicy\":\"https:\/\/talkpal.ai\/ethics-policy\/\",\"diversityPolicy\":\"https:\/\/talkpal.ai\/diversity-policy\/\",\"diversityStaffingReport\":\"https:\/\/talkpal.ai\/diversity-policy\/\"}]}<\/script>\n<!-- \/ Yoast SEO Premium plugin. -->","yoast_head_json":{"title":"Eston dilinin qrammatikas\u0131 m\u0259\u015f\u011f\u0259l\u0259l\u0259ri - Talkpal","description":"Dil bacar\u0131qlar\u0131n\u0131z\u0131 tez v\u0259 effektiv \u015f\u0259kild\u0259 t\u0259kmill\u0259\u015fdirm\u0259k \u00fc\u00e7\u00fcn n\u0259z\u0259rd\u0259 tutulmu\u015f interaktiv m\u0259\u015fql\u0259rl\u0259 Estoniya qrammatikas\u0131n\u0131 m\u0259\u015fq edin.","robots":{"index":"index","follow":"follow","max-snippet":"max-snippet:-1","max-image-preview":"max-image-preview:large","max-video-preview":"max-video-preview:-1"},"canonical":"https:\/\/talkpal.ai\/az\/eston-dilinin-qrammatikasi-m%c9%99sg%c9%99l%c9%99l%c9%99ri\/","og_locale":"az_AZ","og_type":"article","og_title":"Eston dilinin qrammatikas\u0131 m\u0259\u015f\u011f\u0259l\u0259l\u0259ri","og_description":"Eston dilinin qrammatikas\u0131 m\u00f6vzular\u0131 Yeni dil \u00f6yr\u0259nm\u0259k maraql\u0131 v\u0259 m\u00fckafatland\u0131r\u0131c\u0131 s\u0259yah\u0259t ola bil\u0259r. \u015e\u0259xsi inki\u015faf, m\u0259d\u0259ni k\u0259\u015ffiyyat, pe\u015f\u0259kar ir\u0259lil\u0259yi\u015f","og_url":"https:\/\/talkpal.ai\/az\/eston-dilinin-qrammatikasi-m%c9%99sg%c9%99l%c9%99l%c9%99ri\/","og_site_name":"Talkpal","article_publisher":"https:\/\/www.facebook.com\/profile.php?id=100090733639311","article_modified_time":"2025-12-17T15:58:39+00:00","og_image":[{"width":512,"height":512,"url":"https:\/\/talkpal.ai\/wp-content\/uploads\/2023\/05\/estonia.png","type":"image\/png"}],"twitter_card":"summary_large_image","twitter_site":"@talkpalai","twitter_misc":{"Est. reading time":"3 minutes"},"schema":{"@context":"https:\/\/schema.org","@graph":[{"@type":"WebPage","@id":"https:\/\/talkpal.ai\/az\/eston-dilinin-qrammatikasi-m%c9%99sg%c9%99l%c9%99l%c9%99ri\/","url":"https:\/\/talkpal.ai\/az\/eston-dilinin-qrammatikasi-m%c9%99sg%c9%99l%c9%99l%c9%99ri\/","name":"Eston dilinin qrammatikas\u0131 m\u0259\u015f\u011f\u0259l\u0259l\u0259ri - Talkpal","isPartOf":{"@id":"https:\/\/talkpal.ai\/az\/#website"},"primaryImageOfPage":{"@id":"https:\/\/talkpal.ai\/az\/eston-dilinin-qrammatikasi-m%c9%99sg%c9%99l%c9%99l%c9%99ri\/#primaryimage"},"image":{"@id":"https:\/\/talkpal.ai\/az\/eston-dilinin-qrammatikasi-m%c9%99sg%c9%99l%c9%99l%c9%99ri\/#primaryimage"},"thumbnailUrl":"https:\/\/talkpal.ai\/wp-content\/uploads\/2023\/05\/estonia.png","datePublished":"2023-06-16T13:25:56+00:00","dateModified":"2025-12-17T15:58:39+00:00","description":"Dil bacar\u0131qlar\u0131n\u0131z\u0131 tez v\u0259 effektiv \u015f\u0259kild\u0259 t\u0259kmill\u0259\u015fdirm\u0259k \u00fc\u00e7\u00fcn n\u0259z\u0259rd\u0259 tutulmu\u015f interaktiv m\u0259\u015fql\u0259rl\u0259 Estoniya qrammatikas\u0131n\u0131 m\u0259\u015fq edin.","breadcrumb":{"@id":"https:\/\/talkpal.ai\/az\/eston-dilinin-qrammatikasi-m%c9%99sg%c9%99l%c9%99l%c9%99ri\/#breadcrumb"},"inLanguage":"az","potentialAction":[{"@type":"ReadAction","target":["https:\/\/talkpal.ai\/az\/eston-dilinin-qrammatikasi-m%c9%99sg%c9%99l%c9%99l%c9%99ri\/"]}]},{"@type":"ImageObject","inLanguage":"az","@id":"https:\/\/talkpal.ai\/az\/eston-dilinin-qrammatikasi-m%c9%99sg%c9%99l%c9%99l%c9%99ri\/#primaryimage","url":"https:\/\/talkpal.ai\/wp-content\/uploads\/2023\/05\/estonia.png","contentUrl":"https:\/\/talkpal.ai\/wp-content\/uploads\/2023\/05\/estonia.png","width":512,"height":512},{"@type":"BreadcrumbList","@id":"https:\/\/talkpal.ai\/az\/eston-dilinin-qrammatikasi-m%c9%99sg%c9%99l%c9%99l%c9%99ri\/#breadcrumb","itemListElement":[{"@type":"ListItem","position":1,"name":"Homepage","item":"https:\/\/talkpal.ai\/az\/"},{"@type":"ListItem","position":2,"name":"Eston dilinin qrammatikas\u0131 m\u0259\u015f\u011f\u0259l\u0259l\u0259ri"}]},{"@type":"WebSite","@id":"https:\/\/talkpal.ai\/az\/#website","url":"https:\/\/talkpal.ai\/az\/","name":"Talkpal","description":"AI Language Learning","publisher":{"@id":"https:\/\/talkpal.ai\/az\/#organization"},"alternateName":"Talkpal AI","potentialAction":[{"@type":"SearchAction","target":{"@type":"EntryPoint","urlTemplate":"https:\/\/talkpal.ai\/az\/?s={search_term_string}"},"query-input":{"@type":"PropertyValueSpecification","valueRequired":true,"valueName":"search_term_string"}}],"inLanguage":"az"},{"@type":"Organization","@id":"https:\/\/talkpal.ai\/az\/#organization","name":"Talkpal, Inc.","alternateName":"Talkpal AI","url":"https:\/\/talkpal.ai\/az\/","logo":{"@type":"ImageObject","inLanguage":"az","@id":"https:\/\/talkpal.ai\/az\/#\/schema\/logo\/image\/","url":"https:\/\/talkpal.ai\/wp-content\/uploads\/2024\/03\/Talkpal-Logo-Icon.png","contentUrl":"https:\/\/talkpal.ai\/wp-content\/uploads\/2024\/03\/Talkpal-Logo-Icon.png","width":2880,"height":2880,"caption":"Talkpal, Inc."},"image":{"@id":"https:\/\/talkpal.ai\/az\/#\/schema\/logo\/image\/"},"sameAs":["https:\/\/www.facebook.com\/profile.php?id=100090733639311","https:\/\/x.com\/talkpalai","https:\/\/www.linkedin.com\/company\/talkpal\/","https:\/\/www.youtube.com\/@TalkPal\/","https:\/\/www.tiktok.com\/@talkpal","https:\/\/www.instagram.com\/talkpal_ai\/","https:\/\/www.crunchbase.com\/organization\/talkpal-9cde","https:\/\/www.g2.com\/products\/talkpal-for-business\/","https:\/\/www.trustpilot.com\/review\/talkpal.ai","https:\/\/www.capterra.com\/p\/10006800\/TalkPal\/"],"description":"Talkpal is a language learning web and mobile education app, powered by the latest AI technologies, that provides engaging experiences to its customers in many different languages to help them improve their language skills. Users can chat about unlimited amount of topics with the app and use other modes to practice their language learning.","email":"support@talkpal.ai","legalName":"Talkpal, Inc.","foundingDate":"2023-04-03","duns":"118989042","numberOfEmployees":{"@type":"QuantitativeValue","minValue":"11","maxValue":"50"},"publishingPrinciples":"https:\/\/talkpal.ai\/publishing-principles\/","actionableFeedbackPolicy":"https:\/\/talkpal.ai\/actionable-feedback-policy\/","correctionsPolicy":"https:\/\/talkpal.ai\/corrections-policy\/","ethicsPolicy":"https:\/\/talkpal.ai\/ethics-policy\/","diversityPolicy":"https:\/\/talkpal.ai\/diversity-policy\/","diversityStaffingReport":"https:\/\/talkpal.ai\/diversity-policy\/"}]}},"_links":{"self":[{"href":"https:\/\/talkpal.ai\/az\/wp-json\/wp\/v2\/pages\/163080","targetHints":{"allow":["GET"]}}],"collection":[{"href":"https:\/\/talkpal.ai\/az\/wp-json\/wp\/v2\/pages"}],"about":[{"href":"https:\/\/talkpal.ai\/az\/wp-json\/wp\/v2\/types\/page"}],"author":[{"embeddable":true,"href":"https:\/\/talkpal.ai\/az\/wp-json\/wp\/v2\/users\/6"}],"replies":[{"embeddable":true,"href":"https:\/\/talkpal.ai\/az\/wp-json\/wp\/v2\/comments?post=163080"}],"version-history":[{"count":0,"href":"https:\/\/talkpal.ai\/az\/wp-json\/wp\/v2\/pages\/163080\/revisions"}],"wp:featuredmedia":[{"embeddable":true,"href":"https:\/\/talkpal.ai\/az\/wp-json\/wp\/v2\/media\/112431"}],"wp:attachment":[{"href":"https:\/\/talkpal.ai\/az\/wp-json\/wp\/v2\/media?parent=163080"}],"curies":[{"name":"wp","href":"https:\/\/api.w.org\/{rel}","templated":true}]}}