{"id":162800,"date":"2023-06-21T14:01:18","date_gmt":"2023-06-21T14:01:18","guid":{"rendered":"http:\/\/talkpal.ai\/qalisiya-dilinin-qrammatikasi-m%c9%99sql%c9%99ri\/"},"modified":"2025-12-17T16:03:06","modified_gmt":"2025-12-17T16:03:06","slug":"qalisiya-dilinin-qrammatikasi-m%c9%99sql%c9%99ri","status":"publish","type":"page","link":"https:\/\/talkpal.ai\/az\/qalisiya-dilinin-qrammatikasi-m%c9%99sql%c9%99ri\/","title":{"rendered":"Qalisiya dilinin qrammatikas\u0131 m\u0259\u015fql\u0259ri"},"content":{"rendered":"\r\n\r\n\r\n<section class=\"languageChallengeSection\">\r\n    <div class=\"languageInfoWrapper\">\r\n        \r\n        <h1>Qalisiya dilinin qrammatikas\u0131 m\u0259\u015fql\u0259ri<\/h1>\r\n        <p>Galician dil bacar\u0131qlar\u0131n\u0131z\u0131 art\u0131rmaq ist\u0259yirsiniz? Qrammatik m\u0259\u015fql\u0259ri m\u0259\u015fq etm\u0259k c\u00fcml\u0259 qurulu\u015funu, fel formalar\u0131n\u0131 v\u0259 qalisian dilinin f\u0259rqli x\u00fcsusiyy\u0259tl\u0259rini m\u0259nims\u0259m\u0259k \u00fc\u00e7\u00fcn \u0259la bir yoldur. Bu g\u00fcn Qalisiya dilinin qrammatikas\u0131 \u00fcz\u0259rind\u0259 i\u015fl\u0259m\u0259y\u0259 ba\u015flay\u0131n v\u0259 h\u0259r m\u0259\u015fql\u0259 anlay\u0131\u015f\u0131n\u0131z\u0131n v\u0259 inam\u0131n\u0131z\u0131n artmas\u0131n\u0131 izl\u0259yin!<\/p>\r\n\r\n                            <a class=\"getStartedHidden\" href=\"https:\/\/app.talkpal.ai\/signup?lng=\">Ba\u015fla<\/a>\r\n        \r\n    <\/div>\r\n\r\n    <figure>\r\n    <img decoding=\"async\" width=\"768\" height=\"768\" src=\"https:\/\/talkpal.ai\/wp-content\/uploads\/2023\/06\/galician-768x768.png\" class=\"languageImage no-lazy\" alt=\"Language immersion powerful learning method\" fetchpriority=\"high\" sizes=\"(max-width: 768px) 150px, 768px\" srcset=\"https:\/\/talkpal.ai\/wp-content\/uploads\/2023\/06\/galician-768x768.png 768w, https:\/\/talkpal.ai\/wp-content\/uploads\/2023\/06\/galician-300x300.png 300w\" \/>\r\n    \r\n\r\n    <\/figure>\r\n\r\n            <a class=\"getStartedVisible\" href=\"https:\/\/app.talkpal.ai\/signup?lng=\">Ba\u015fla<\/a>\r\n    \r\n<\/section>\r\n\r\n\r\n<!-- <section class=\"grammarSection\">\r\n    <div class=\"grammarLinks\">\r\n            <\/div>\r\n<\/section> -->\r\n\r\n\r\n\r\n\r\n<section class=\"promotionalBanner\">\r\n    <p class=\"promotionalText\">Dil \u00f6yr\u0259nm\u0259yin \u0259n t\u0259sirli yolu<\/p>\r\n    <a class=\"promotionalLink\" href=\"https:\/\/app.talkpal.ai\/signup?lng=\">Talkpal pulsuz s\u0131nay\u0131n<\/a>\r\n<\/section>\n<div class=\"wp-block-group pageContainerStyle\"><div class=\"wp-block-group__inner-container is-layout-constrained wp-block-group-is-layout-constrained\">\n<h2 class=\"wp-block-heading\" id=\"h-galician-grammar-topics\">Qalisiya dilinin qrammatikas\u0131 m\u00f6vzular\u0131<\/h2>\n\n\n\n<p>Qalisiya dilinin qrammatikas\u0131 \u2014 qalisiya dilinin leksik qurulu\u015funu, qaydalar\u0131n\u0131 v\u0259 komponentl\u0259rini \u00f6yr\u0259nir. Qalisiya dilinin bir romantizm dilidir. Bu dil \u0130spaniyan\u0131n \u015fimal-q\u0259rbind\u0259 yerl\u0259\u015f\u0259n Qalisiyan\u0131n avtonom icmas\u0131nda dan\u0131\u015f\u0131l\u0131r. Qalisiya dilinin portuqal dili il\u0259 s\u0131x \u0259laq\u0259sini b\u00f6l\u00fc\u015f\u0259n Qalisiya qrammatikas\u0131 dilin \u0259m\u0259l\u0259 g\u0259lm\u0259sind\u0259 v\u0259 qavran\u0131lmas\u0131nda k\u00f6m\u0259k ed\u0259n m\u00fcxt\u0259lif elementl\u0259rd\u0259n ibar\u0259tdir. M\u0259s\u0259l\u0259n, verb conjugation, noun v\u0259 adjective agreement, isming, pronouns, adverbs v\u0259 prepozisiyalar\u0131n i\u015fl\u0259nm\u0259si. Qalisiya dilinin qrammatikas\u0131n\u0131 strukturla\u015fd\u0131r\u0131lm\u0131\u015f \u015f\u0259kild\u0259 \u00f6yr\u0259nm\u0259k bu z\u0259ngin v\u0259 canl\u0131 dili d\u0259rind\u0259n anlamaqla yana\u015f\u0131, hamar v\u0259 keyfiyy\u0259tli \u00f6yr\u0259nm\u0259 prosesini t\u0259min ed\u0259c\u0259kdir.<\/p>\n\n\n\n<h3 class=\"wp-block-heading\" id=\"h-1-nouns\">1. Nouns:<\/h3>\n\n\n\n<p>Qalis dilind\u0259 noun anlay\u0131\u015f\u0131n\u0131 ba\u015fa d\u00fc\u015fm\u0259kl\u0259 ba\u015flay\u0131n. Bu cinsl\u0259r iki cins\u0259 (ki\u015fi v\u0259 qad\u0131n) b\u00f6l\u00fcn\u00fcr v\u0259 bircinsli v\u0259 ya \u00e7oxluqlu ola bil\u0259r. C\u00fcml\u0259l\u0259rd\u0259 onlar\u0131 m\u00fc\u0259yy\u0259n etm\u0259yi v\u0259 d\u00fczg\u00fcn istifad\u0259 etm\u0259yi \u00f6yr\u0259nin.<\/p>\n\n\n\n<h3 class=\"wp-block-heading\" id=\"h-2-articles\">2. M\u0259qal\u0259l\u0259r:<\/h3>\n\n\n\n<p>Qalis dilind\u0259 cinsi v\u0259 r\u0259q\u0259m bax\u0131m\u0131ndan m\u00fc\u015fay\u0259t olunan q\u0259ti v\u0259 qeyri-m\u00fc\u0259yy\u0259n m\u0259qal\u0259l\u0259ri ara\u015fd\u0131r. Bu, ifad\u0259l\u0259rin v\u0259 \u0259sas c\u00fcml\u0259l\u0259rin daha effektiv \u015f\u0259kild\u0259 \u0259m\u0259l\u0259 g\u0259lm\u0259si \u00fc\u00e7\u00fcn k\u00f6m\u0259k ed\u0259c\u0259k.<\/p>\n\n\n\n<h3 class=\"wp-block-heading\" id=\"h-3-adjectives\">3. Adjectives:<\/h3>\n\n\n\n<p>Qalisiya dilind\u0259 olan adjectives haqq\u0131nda \u00f6yr\u0259nin. Onlar d\u0259yi\u015fdirdikl\u0259ri nouns il\u0259 cins v\u0259 r\u0259q\u0259ml\u0259 raz\u0131la\u015f\u0131rlar. Yerl\u0259\u015fdirm\u0259 v\u0259 raz\u0131la\u015fma qaydalar\u0131n\u0131 anlamaq obyektl\u0259ri v\u0259 insanlar\u0131 d\u0259qiq t\u0259svir etm\u0259y\u0259 imkan ver\u0259c\u0259k.<\/p>\n\n\n\n<h3 class=\"wp-block-heading\" id=\"h-4-pronouns-determiners\">4. Pronouns\/Determinl\u0259r:<\/h3>\n\n\n\n<p>Qalisiya dilind\u0259 m\u00fcxt\u0259lif n\u00f6v t\u0259l\u0259ff\u00fczl\u0259ri v\u0259 determinl\u0259ri \u00f6yr\u0259nin. Bu, c\u00fcml\u0259d\u0259 nounlar\u0131 \u0259v\u0259z ed\u0259 v\u0259 ya g\u00f6st\u0259r\u0259 bil\u0259r. Bu, ba\u015fqalar\u0131 il\u0259 yana\u015f\u0131, \u015f\u0259xsi, n\u00fcmayi\u015fkar, e&#8217;tiv v\u0259 sor\u011fu &#8211; sualedici t\u0259l\u0259ff\u00fczl\u0259ri \u00f6z\u00fcn\u0259 daxil edir.<\/p>\n\n\n\n<h3 class=\"wp-block-heading\" id=\"h-5-verbs\">5. Feill\u0259r:<\/h3>\n\n\n\n<p>Qalisiya dilinin qrammatikas\u0131 \u00fc\u00e7\u00fcn h\u0259lledici olan feli konjuqasiyaya diqq\u0259t yetirin. M\u00fcxt\u0259lif g\u0259rginlik v\u0259 \u0259hval-ruhiyy\u0259ni \u00f6yr\u0259nin, m\u00fcnt\u0259z\u0259m v\u0259 qeyri-m\u00fcnt\u0259z\u0259m feill\u0259ri bir-biri il\u0259 tan\u0131\u015f edin.<\/p>\n\n\n\n<h3 class=\"wp-block-heading\" id=\"h-6-tense-comparison\">6. G\u0259rgin m\u00fcqayis\u0259:<\/h3>\n\n\n\n<p>Qalisiya dilind\u0259 olan m\u00fcxt\u0259lif g\u0259rginlikl\u0259r aras\u0131ndak\u0131 f\u0259rql\u0259ri ba\u015fa d\u00fc\u015f. Nitqinizd\u0259 v\u0259 ya yaz\u0131n\u0131zda m\u00fcvafiq vaxt istinadlar\u0131n\u0131 \u00e7atd\u0131rmaq \u00fc\u00e7\u00fcn onlardan d\u00fczg\u00fcn istifad\u0259 etm\u0259yi \u00f6yr\u0259nin.<\/p>\n\n\n\n<h3 class=\"wp-block-heading\" id=\"h-7-progressive\">7. M\u00fct\u0259r\u0259qqi:<\/h3>\n\n\n\n<p>Qalisiya dilind\u0259 ged\u0259n h\u0259r\u0259k\u0259ti g\u00f6st\u0259r\u0259n t\u0259r\u0259qqi aspektini \u00f6yr\u0259nin v\u0259 onu m\u00fcxt\u0259lif g\u0259rginlikl\u0259rl\u0259 formala\u015fd\u0131rma\u011f\u0131 v\u0259 istifad\u0259 etm\u0259yi \u00f6yr\u0259nin.<\/p>\n\n\n\n<h3 class=\"wp-block-heading\" id=\"h-8-perfect-progressive\">8. M\u00fck\u0259mm\u0259l T\u0259r\u0259qqi:<\/h3>\n\n\n\n<p>M\u00fck\u0259mm\u0259l m\u00fct\u0259r\u0259qqi aspekt haqq\u0131nda m\u0259lumat al\u0131n. Bu aspekt \u00f6z\u00fcnd\u0259 m\u00fck\u0259mm\u0259l v\u0259 m\u00fct\u0259r\u0259qqi t\u0259r\u0259fl\u0259ri birl\u0259\u015fdir\u0259r\u0259k, davam ed\u0259n v\u0259 g\u0259l\u0259c\u0259kd\u0259 d\u0259 davam ed\u0259 bil\u0259c\u0259k bir h\u0259r\u0259k\u0259t ifad\u0259 edir.<\/p>\n\n\n\n<h3 class=\"wp-block-heading\" id=\"h-9-adverbs\">9. Adverbl\u0259r:<\/h3>\n\n\n\n<p>Qalisiya adverbl\u0259rini ara\u015fd\u0131r\u0131n. Bu adverbl\u0259r feill\u0259r, adjectives v\u0259 ya dig\u0259r adverbl\u0259r haqq\u0131nda \u0259lav\u0259 m\u0259lumat verir. C\u00fcml\u0259l\u0259rd\u0259 m\u00fcxt\u0259lif tipl\u0259ri v\u0259 onlar\u0131n yerl\u0259\u015fdirilm\u0259si qaydalar\u0131n\u0131 \u00f6yr\u0259nin.<\/p>\n\n\n\n<h3 class=\"wp-block-heading\" id=\"h-10-prepositions\">10. Prepozisiyalar:<\/h3>\n\n\n\n<p>Qalisiya dilind\u0259 olan m\u00fcxt\u0259lif prepozisiyalar\u0131 ara\u015fd\u0131r\u0131n. Bu m\u0259qal\u0259l\u0259rd\u0259 c\u00fcml\u0259d\u0259ki elementl\u0259r aras\u0131ndak\u0131 \u0259laq\u0259ni, m\u0259s\u0259l\u0259n, m\u0259kan, istiqam\u0259t, zaman v\u0259 ya s\u0259b\u0259b g\u00f6st\u0259rilir.<\/p>\n\n\n\n<h3 class=\"wp-block-heading\" id=\"h-11-conditionals\">11. \u015e\u0259rti olaraq:<\/h3>\n\n\n\n<p>Qalisiya dilind\u0259 \u015f\u0259rti c\u00fcml\u0259l\u0259r haqq\u0131nda m\u0259lumat \u0259ld\u0259 edin. Bu c\u00fcml\u0259l\u0259r hipotetik v\u0259 ya qeyri-real v\u0259ziyy\u0259tl\u0259ri v\u0259 onlar\u0131n n\u0259tic\u0259l\u0259rini ifad\u0259 edir. M\u00fcxt\u0259lif n\u00f6v \u015f\u0259rtil\u0259rin \u0259m\u0259l\u0259 g\u0259lm\u0259sini v\u0259 istifad\u0259sini \u00f6yr\u0259nin.<\/p>\n\n\n\n<h3 class=\"wp-block-heading\" id=\"h-12-sentences\">12. C\u00fcml\u0259l\u0259r:<\/h3>\n\n\n\n<p>Son olaraq, \u0259vv\u0259ll\u0259r \u00f6yr\u0259nilmi\u015f b\u00fct\u00fcn qrammatik komponentl\u0259ri birl\u0259\u015fdir\u0259r\u0259k Qalisiya dilind\u0259 sad\u0259 v\u0259 m\u00fcr\u0259kk\u0259b c\u00fcml\u0259l\u0259r \u0259m\u0259l\u0259 g\u0259tirm\u0259k praktikas\u0131. Bunun say\u0259sind\u0259 dili daha yax\u015f\u0131 ba\u015fa d\u00fc\u015f\u0259c\u0259k v\u0259 s\u0259lis dan\u0131\u015f\u0131q qabiliyy\u0259tinizi m\u00f6hk\u0259ml\u0259ndir\u0259c\u0259k.<\/p>\n<\/div><\/div>\n\r\n<section class=\"learnNavigationSection\">\r\n            \r\n        <a href=\"https:\/\/talkpal.ai\/az\/qalisiya-dilini-oyr%c9%99n\/\">\r\n            <div class=\"learnNavigationWrapper\">\r\n                <div class=\"learnNavigationContent\">\r\n                    <img decoding=\"async\" src=\"https:\/\/talkpal.ai\/wp-content\/uploads\/2024\/08\/Galician.jpg\" alt=\"Galicia Flag\">\r\n                    <div>\r\n                        <h4>Galician Learning Haqq\u0131nda<\/h4>\r\n                        <p>Qalisiya dilinin qrammatikas\u0131 haqq\u0131nda h\u0259r \u015feyi \u00f6yr\u0259nin .<\/p>\r\n                    <\/div>\r\n                <\/div>\r\n            <\/div>\r\n        <\/a>\r\n\r\n        \r\n        <a href=\"https:\/\/talkpal.ai\/az\/qalisiya-dili-qrammatikasi\/\">\r\n            <div class=\"learnNavigationWrapper\">\r\n                <div class=\"learnNavigationContent\">\r\n                    <img decoding=\"async\" src=\"https:\/\/talkpal.ai\/wp-content\/uploads\/2024\/08\/Galician.jpg\" alt=\"Galicia Flag\">\r\n                    <div>\r\n                        <h4>Qalisiya Qrammatikas\u0131 D\u0259rsl\u0259ri<\/h4>\r\n                        <p>Qalisiya dilinin qrammatikas\u0131 il\u0259 m\u0259\u015f\u011ful.<\/p>\r\n                    <\/div>\r\n                <\/div>\r\n            <\/div>\r\n        <\/a>\r\n\r\n        \r\n        <a href=\"https:\/\/talkpal.ai\/vocabulary_language\/galician\/\">\r\n            <div class=\"learnNavigationWrapper\">\r\n                <div class=\"learnNavigationContent\">\r\n                    <img decoding=\"async\" src=\"https:\/\/talkpal.ai\/wp-content\/uploads\/2024\/08\/Galician.jpg\" alt=\"Galicia Flag\">\r\n                    <div>\r\n                        <h4>Qalisiya l\u00fc\u011f\u0259ti<\/h4>\r\n                        <p>Galician l\u00fc\u011f\u0259tinizi geni\u015fl\u0259ndirin.<\/p>\r\n                    <\/div>\r\n                <\/div>\r\n            <\/div>\r\n        <\/a>\r\n\r\n            <\/section>","protected":false},"excerpt":{"rendered":"<p>Qalisiya dilinin qrammatikas\u0131 m\u00f6vzular\u0131 Qalisiya dilinin qrammatikas\u0131 \u2014 qalisiya dilinin leksik qurulu\u015funu, qaydalar\u0131n\u0131 v\u0259 komponentl\u0259rini \u00f6yr\u0259nir. Qalisiya dilinin bir romantizm dilidir. Bu dil \u0130spaniyan\u0131n \u015fimal-q\u0259rbind\u0259 yerl\u0259\u015f\u0259n Qalisiyan\u0131n avtonom icmas\u0131nda dan\u0131\u015f\u0131l\u0131r. Qalisiya dilinin portuqal dili il\u0259 s\u0131x \u0259laq\u0259sini b\u00f6l\u00fc\u015f\u0259n Qalisiya qrammatikas\u0131 dilin \u0259m\u0259l\u0259 g\u0259lm\u0259sind\u0259 v\u0259 qavran\u0131lmas\u0131nda k\u00f6m\u0259k ed\u0259n m\u00fcxt\u0259lif elementl\u0259rd\u0259n ibar\u0259tdir. M\u0259s\u0259l\u0259n, verb conjugation, noun v\u0259 [&hellip;]<\/p>\n","protected":false},"author":6,"featured_media":111945,"parent":0,"menu_order":0,"comment_status":"closed","ping_status":"closed","template":"LearningContentPage.php","meta":{"_acf_changed":false,"footnotes":""},"class_list":["post-162800","page","type-page","status-publish","has-post-thumbnail","hentry"],"acf":[],"yoast_head":"<!-- This site is optimized with the Yoast SEO Premium plugin v27.2 (Yoast SEO v27.2) - https:\/\/yoast.com\/product\/yoast-seo-premium-wordpress\/ -->\n<title>Qalisiya dilinin qrammatikas\u0131 m\u0259\u015fql\u0259ri - Talkpal<\/title>\n<meta name=\"description\" content=\"Qalisiya dilinin qrammatikas\u0131n\u0131 asanl\u0131qla m\u0259\u015fq edin\u2014tez t\u0259kmill\u0259\u015fdirin, ayd\u0131n interaktiv m\u0259\u015fql\u0259rl\u0259 m\u0259\u015f\u011ful olun v\u0259 dil\u0259 inam qazan\u0131n\" \/>\n<meta name=\"robots\" content=\"index, follow, max-snippet:-1, max-image-preview:large, max-video-preview:-1\" \/>\n<link rel=\"canonical\" href=\"https:\/\/talkpal.ai\/az\/qalisiya-dilinin-qrammatikasi-m%c9%99sql%c9%99ri\/\" \/>\n<meta property=\"og:locale\" content=\"az_AZ\" \/>\n<meta property=\"og:type\" content=\"article\" \/>\n<meta property=\"og:title\" content=\"Qalisiya dilinin qrammatikas\u0131 m\u0259\u015fql\u0259ri\" \/>\n<meta property=\"og:description\" content=\"Qalisiya dilinin qrammatikas\u0131 m\u00f6vzular\u0131 Qalisiya dilinin qrammatikas\u0131 \u2014 qalisiya dilinin leksik qurulu\u015funu, qaydalar\u0131n\u0131 v\u0259 komponentl\u0259rini \u00f6yr\u0259nir.\" \/>\n<meta property=\"og:url\" content=\"https:\/\/talkpal.ai\/az\/qalisiya-dilinin-qrammatikasi-m%c9%99sql%c9%99ri\/\" \/>\n<meta property=\"og:site_name\" content=\"Talkpal\" \/>\n<meta property=\"article:publisher\" content=\"https:\/\/www.facebook.com\/profile.php?id=100090733639311\" \/>\n<meta property=\"article:modified_time\" content=\"2025-12-17T16:03:06+00:00\" \/>\n<meta property=\"og:image\" content=\"https:\/\/talkpal.ai\/wp-content\/uploads\/2023\/05\/Galician-spain.png\" \/>\n\t<meta property=\"og:image:width\" content=\"512\" \/>\n\t<meta property=\"og:image:height\" content=\"512\" \/>\n\t<meta property=\"og:image:type\" content=\"image\/png\" \/>\n<meta name=\"twitter:card\" content=\"summary_large_image\" \/>\n<meta name=\"twitter:site\" content=\"@talkpalai\" \/>\n<meta name=\"twitter:label1\" content=\"Est. reading time\" \/>\n\t<meta name=\"twitter:data1\" content=\"4 minutes\" \/>\n<script type=\"application\/ld+json\" class=\"yoast-schema-graph\">{\"@context\":\"https:\/\/schema.org\",\"@graph\":[{\"@type\":\"WebPage\",\"@id\":\"https:\/\/talkpal.ai\/az\/qalisiya-dilinin-qrammatikasi-m%c9%99sql%c9%99ri\/\",\"url\":\"https:\/\/talkpal.ai\/az\/qalisiya-dilinin-qrammatikasi-m%c9%99sql%c9%99ri\/\",\"name\":\"Qalisiya dilinin qrammatikas\u0131 m\u0259\u015fql\u0259ri - Talkpal\",\"isPartOf\":{\"@id\":\"https:\/\/talkpal.ai\/az\/#website\"},\"primaryImageOfPage\":{\"@id\":\"https:\/\/talkpal.ai\/az\/qalisiya-dilinin-qrammatikasi-m%c9%99sql%c9%99ri\/#primaryimage\"},\"image\":{\"@id\":\"https:\/\/talkpal.ai\/az\/qalisiya-dilinin-qrammatikasi-m%c9%99sql%c9%99ri\/#primaryimage\"},\"thumbnailUrl\":\"https:\/\/talkpal.ai\/wp-content\/uploads\/2023\/05\/Galician-spain.png\",\"datePublished\":\"2023-06-21T14:01:18+00:00\",\"dateModified\":\"2025-12-17T16:03:06+00:00\",\"description\":\"Qalisiya dilinin qrammatikas\u0131n\u0131 asanl\u0131qla m\u0259\u015fq edin\u2014tez t\u0259kmill\u0259\u015fdirin, ayd\u0131n interaktiv m\u0259\u015fql\u0259rl\u0259 m\u0259\u015f\u011ful olun v\u0259 dil\u0259 inam qazan\u0131n\",\"breadcrumb\":{\"@id\":\"https:\/\/talkpal.ai\/az\/qalisiya-dilinin-qrammatikasi-m%c9%99sql%c9%99ri\/#breadcrumb\"},\"inLanguage\":\"az\",\"potentialAction\":[{\"@type\":\"ReadAction\",\"target\":[\"https:\/\/talkpal.ai\/az\/qalisiya-dilinin-qrammatikasi-m%c9%99sql%c9%99ri\/\"]}]},{\"@type\":\"ImageObject\",\"inLanguage\":\"az\",\"@id\":\"https:\/\/talkpal.ai\/az\/qalisiya-dilinin-qrammatikasi-m%c9%99sql%c9%99ri\/#primaryimage\",\"url\":\"https:\/\/talkpal.ai\/wp-content\/uploads\/2023\/05\/Galician-spain.png\",\"contentUrl\":\"https:\/\/talkpal.ai\/wp-content\/uploads\/2023\/05\/Galician-spain.png\",\"width\":512,\"height\":512},{\"@type\":\"BreadcrumbList\",\"@id\":\"https:\/\/talkpal.ai\/az\/qalisiya-dilinin-qrammatikasi-m%c9%99sql%c9%99ri\/#breadcrumb\",\"itemListElement\":[{\"@type\":\"ListItem\",\"position\":1,\"name\":\"Homepage\",\"item\":\"https:\/\/talkpal.ai\/az\/\"},{\"@type\":\"ListItem\",\"position\":2,\"name\":\"Qalisiya dilinin qrammatikas\u0131 m\u0259\u015fql\u0259ri\"}]},{\"@type\":\"WebSite\",\"@id\":\"https:\/\/talkpal.ai\/az\/#website\",\"url\":\"https:\/\/talkpal.ai\/az\/\",\"name\":\"Talkpal\",\"description\":\"AI Language Learning\",\"publisher\":{\"@id\":\"https:\/\/talkpal.ai\/az\/#organization\"},\"alternateName\":\"Talkpal AI\",\"potentialAction\":[{\"@type\":\"SearchAction\",\"target\":{\"@type\":\"EntryPoint\",\"urlTemplate\":\"https:\/\/talkpal.ai\/az\/?s={search_term_string}\"},\"query-input\":{\"@type\":\"PropertyValueSpecification\",\"valueRequired\":true,\"valueName\":\"search_term_string\"}}],\"inLanguage\":\"az\"},{\"@type\":\"Organization\",\"@id\":\"https:\/\/talkpal.ai\/az\/#organization\",\"name\":\"Talkpal, Inc.\",\"alternateName\":\"Talkpal AI\",\"url\":\"https:\/\/talkpal.ai\/az\/\",\"logo\":{\"@type\":\"ImageObject\",\"inLanguage\":\"az\",\"@id\":\"https:\/\/talkpal.ai\/az\/#\/schema\/logo\/image\/\",\"url\":\"https:\/\/talkpal.ai\/wp-content\/uploads\/2024\/03\/Talkpal-Logo-Icon.png\",\"contentUrl\":\"https:\/\/talkpal.ai\/wp-content\/uploads\/2024\/03\/Talkpal-Logo-Icon.png\",\"width\":2880,\"height\":2880,\"caption\":\"Talkpal, Inc.\"},\"image\":{\"@id\":\"https:\/\/talkpal.ai\/az\/#\/schema\/logo\/image\/\"},\"sameAs\":[\"https:\/\/www.facebook.com\/profile.php?id=100090733639311\",\"https:\/\/x.com\/talkpalai\",\"https:\/\/www.linkedin.com\/company\/talkpal\/\",\"https:\/\/www.youtube.com\/@TalkPal\/\",\"https:\/\/www.tiktok.com\/@talkpal\",\"https:\/\/www.instagram.com\/talkpal_ai\/\",\"https:\/\/www.crunchbase.com\/organization\/talkpal-9cde\",\"https:\/\/www.g2.com\/products\/talkpal-for-business\/\",\"https:\/\/www.trustpilot.com\/review\/talkpal.ai\",\"https:\/\/www.capterra.com\/p\/10006800\/TalkPal\/\"],\"description\":\"Talkpal is a language learning web and mobile education app, powered by the latest AI technologies, that provides engaging experiences to its customers in many different languages to help them improve their language skills. Users can chat about unlimited amount of topics with the app and use other modes to practice their language learning.\",\"email\":\"support@talkpal.ai\",\"legalName\":\"Talkpal, Inc.\",\"foundingDate\":\"2023-04-03\",\"duns\":\"118989042\",\"numberOfEmployees\":{\"@type\":\"QuantitativeValue\",\"minValue\":\"11\",\"maxValue\":\"50\"},\"publishingPrinciples\":\"https:\/\/talkpal.ai\/publishing-principles\/\",\"actionableFeedbackPolicy\":\"https:\/\/talkpal.ai\/actionable-feedback-policy\/\",\"correctionsPolicy\":\"https:\/\/talkpal.ai\/corrections-policy\/\",\"ethicsPolicy\":\"https:\/\/talkpal.ai\/ethics-policy\/\",\"diversityPolicy\":\"https:\/\/talkpal.ai\/diversity-policy\/\",\"diversityStaffingReport\":\"https:\/\/talkpal.ai\/diversity-policy\/\"}]}<\/script>\n<!-- \/ Yoast SEO Premium plugin. -->","yoast_head_json":{"title":"Qalisiya dilinin qrammatikas\u0131 m\u0259\u015fql\u0259ri - Talkpal","description":"Qalisiya dilinin qrammatikas\u0131n\u0131 asanl\u0131qla m\u0259\u015fq edin\u2014tez t\u0259kmill\u0259\u015fdirin, ayd\u0131n interaktiv m\u0259\u015fql\u0259rl\u0259 m\u0259\u015f\u011ful olun v\u0259 dil\u0259 inam qazan\u0131n","robots":{"index":"index","follow":"follow","max-snippet":"max-snippet:-1","max-image-preview":"max-image-preview:large","max-video-preview":"max-video-preview:-1"},"canonical":"https:\/\/talkpal.ai\/az\/qalisiya-dilinin-qrammatikasi-m%c9%99sql%c9%99ri\/","og_locale":"az_AZ","og_type":"article","og_title":"Qalisiya dilinin qrammatikas\u0131 m\u0259\u015fql\u0259ri","og_description":"Qalisiya dilinin qrammatikas\u0131 m\u00f6vzular\u0131 Qalisiya dilinin qrammatikas\u0131 \u2014 qalisiya dilinin leksik qurulu\u015funu, qaydalar\u0131n\u0131 v\u0259 komponentl\u0259rini \u00f6yr\u0259nir.","og_url":"https:\/\/talkpal.ai\/az\/qalisiya-dilinin-qrammatikasi-m%c9%99sql%c9%99ri\/","og_site_name":"Talkpal","article_publisher":"https:\/\/www.facebook.com\/profile.php?id=100090733639311","article_modified_time":"2025-12-17T16:03:06+00:00","og_image":[{"width":512,"height":512,"url":"https:\/\/talkpal.ai\/wp-content\/uploads\/2023\/05\/Galician-spain.png","type":"image\/png"}],"twitter_card":"summary_large_image","twitter_site":"@talkpalai","twitter_misc":{"Est. reading time":"4 minutes"},"schema":{"@context":"https:\/\/schema.org","@graph":[{"@type":"WebPage","@id":"https:\/\/talkpal.ai\/az\/qalisiya-dilinin-qrammatikasi-m%c9%99sql%c9%99ri\/","url":"https:\/\/talkpal.ai\/az\/qalisiya-dilinin-qrammatikasi-m%c9%99sql%c9%99ri\/","name":"Qalisiya dilinin qrammatikas\u0131 m\u0259\u015fql\u0259ri - Talkpal","isPartOf":{"@id":"https:\/\/talkpal.ai\/az\/#website"},"primaryImageOfPage":{"@id":"https:\/\/talkpal.ai\/az\/qalisiya-dilinin-qrammatikasi-m%c9%99sql%c9%99ri\/#primaryimage"},"image":{"@id":"https:\/\/talkpal.ai\/az\/qalisiya-dilinin-qrammatikasi-m%c9%99sql%c9%99ri\/#primaryimage"},"thumbnailUrl":"https:\/\/talkpal.ai\/wp-content\/uploads\/2023\/05\/Galician-spain.png","datePublished":"2023-06-21T14:01:18+00:00","dateModified":"2025-12-17T16:03:06+00:00","description":"Qalisiya dilinin qrammatikas\u0131n\u0131 asanl\u0131qla m\u0259\u015fq edin\u2014tez t\u0259kmill\u0259\u015fdirin, ayd\u0131n interaktiv m\u0259\u015fql\u0259rl\u0259 m\u0259\u015f\u011ful olun v\u0259 dil\u0259 inam qazan\u0131n","breadcrumb":{"@id":"https:\/\/talkpal.ai\/az\/qalisiya-dilinin-qrammatikasi-m%c9%99sql%c9%99ri\/#breadcrumb"},"inLanguage":"az","potentialAction":[{"@type":"ReadAction","target":["https:\/\/talkpal.ai\/az\/qalisiya-dilinin-qrammatikasi-m%c9%99sql%c9%99ri\/"]}]},{"@type":"ImageObject","inLanguage":"az","@id":"https:\/\/talkpal.ai\/az\/qalisiya-dilinin-qrammatikasi-m%c9%99sql%c9%99ri\/#primaryimage","url":"https:\/\/talkpal.ai\/wp-content\/uploads\/2023\/05\/Galician-spain.png","contentUrl":"https:\/\/talkpal.ai\/wp-content\/uploads\/2023\/05\/Galician-spain.png","width":512,"height":512},{"@type":"BreadcrumbList","@id":"https:\/\/talkpal.ai\/az\/qalisiya-dilinin-qrammatikasi-m%c9%99sql%c9%99ri\/#breadcrumb","itemListElement":[{"@type":"ListItem","position":1,"name":"Homepage","item":"https:\/\/talkpal.ai\/az\/"},{"@type":"ListItem","position":2,"name":"Qalisiya dilinin qrammatikas\u0131 m\u0259\u015fql\u0259ri"}]},{"@type":"WebSite","@id":"https:\/\/talkpal.ai\/az\/#website","url":"https:\/\/talkpal.ai\/az\/","name":"Talkpal","description":"AI Language Learning","publisher":{"@id":"https:\/\/talkpal.ai\/az\/#organization"},"alternateName":"Talkpal AI","potentialAction":[{"@type":"SearchAction","target":{"@type":"EntryPoint","urlTemplate":"https:\/\/talkpal.ai\/az\/?s={search_term_string}"},"query-input":{"@type":"PropertyValueSpecification","valueRequired":true,"valueName":"search_term_string"}}],"inLanguage":"az"},{"@type":"Organization","@id":"https:\/\/talkpal.ai\/az\/#organization","name":"Talkpal, Inc.","alternateName":"Talkpal AI","url":"https:\/\/talkpal.ai\/az\/","logo":{"@type":"ImageObject","inLanguage":"az","@id":"https:\/\/talkpal.ai\/az\/#\/schema\/logo\/image\/","url":"https:\/\/talkpal.ai\/wp-content\/uploads\/2024\/03\/Talkpal-Logo-Icon.png","contentUrl":"https:\/\/talkpal.ai\/wp-content\/uploads\/2024\/03\/Talkpal-Logo-Icon.png","width":2880,"height":2880,"caption":"Talkpal, Inc."},"image":{"@id":"https:\/\/talkpal.ai\/az\/#\/schema\/logo\/image\/"},"sameAs":["https:\/\/www.facebook.com\/profile.php?id=100090733639311","https:\/\/x.com\/talkpalai","https:\/\/www.linkedin.com\/company\/talkpal\/","https:\/\/www.youtube.com\/@TalkPal\/","https:\/\/www.tiktok.com\/@talkpal","https:\/\/www.instagram.com\/talkpal_ai\/","https:\/\/www.crunchbase.com\/organization\/talkpal-9cde","https:\/\/www.g2.com\/products\/talkpal-for-business\/","https:\/\/www.trustpilot.com\/review\/talkpal.ai","https:\/\/www.capterra.com\/p\/10006800\/TalkPal\/"],"description":"Talkpal is a language learning web and mobile education app, powered by the latest AI technologies, that provides engaging experiences to its customers in many different languages to help them improve their language skills. Users can chat about unlimited amount of topics with the app and use other modes to practice their language learning.","email":"support@talkpal.ai","legalName":"Talkpal, Inc.","foundingDate":"2023-04-03","duns":"118989042","numberOfEmployees":{"@type":"QuantitativeValue","minValue":"11","maxValue":"50"},"publishingPrinciples":"https:\/\/talkpal.ai\/publishing-principles\/","actionableFeedbackPolicy":"https:\/\/talkpal.ai\/actionable-feedback-policy\/","correctionsPolicy":"https:\/\/talkpal.ai\/corrections-policy\/","ethicsPolicy":"https:\/\/talkpal.ai\/ethics-policy\/","diversityPolicy":"https:\/\/talkpal.ai\/diversity-policy\/","diversityStaffingReport":"https:\/\/talkpal.ai\/diversity-policy\/"}]}},"_links":{"self":[{"href":"https:\/\/talkpal.ai\/az\/wp-json\/wp\/v2\/pages\/162800","targetHints":{"allow":["GET"]}}],"collection":[{"href":"https:\/\/talkpal.ai\/az\/wp-json\/wp\/v2\/pages"}],"about":[{"href":"https:\/\/talkpal.ai\/az\/wp-json\/wp\/v2\/types\/page"}],"author":[{"embeddable":true,"href":"https:\/\/talkpal.ai\/az\/wp-json\/wp\/v2\/users\/6"}],"replies":[{"embeddable":true,"href":"https:\/\/talkpal.ai\/az\/wp-json\/wp\/v2\/comments?post=162800"}],"version-history":[{"count":0,"href":"https:\/\/talkpal.ai\/az\/wp-json\/wp\/v2\/pages\/162800\/revisions"}],"wp:featuredmedia":[{"embeddable":true,"href":"https:\/\/talkpal.ai\/az\/wp-json\/wp\/v2\/media\/111945"}],"wp:attachment":[{"href":"https:\/\/talkpal.ai\/az\/wp-json\/wp\/v2\/media?parent=162800"}],"curies":[{"name":"wp","href":"https:\/\/api.w.org\/{rel}","templated":true}]}}