{"id":161912,"date":"2023-06-21T14:29:48","date_gmt":"2023-06-21T14:29:48","guid":{"rendered":"http:\/\/talkpal.ai\/macar-dilinin-qrammatikasi-m%c9%99sg%c9%99l%c9%99l%c9%99ri\/"},"modified":"2025-12-17T16:07:43","modified_gmt":"2025-12-17T16:07:43","slug":"macar-dilinin-qrammatikasi-m%c9%99sg%c9%99l%c9%99l%c9%99ri","status":"publish","type":"page","link":"https:\/\/talkpal.ai\/az\/macar-dilinin-qrammatikasi-m%c9%99sg%c9%99l%c9%99l%c9%99ri\/","title":{"rendered":"Macar dilinin qrammatikas\u0131 m\u0259\u015f\u011f\u0259l\u0259l\u0259ri"},"content":{"rendered":"\r\n\r\n\r\n<section class=\"languageChallengeSection\">\r\n    <div class=\"languageInfoWrapper\">\r\n        \r\n        <h1>Macar dilinin qrammatikas\u0131 m\u0259\u015f\u011f\u0259l\u0259l\u0259ri<\/h1>\r\n        <p>Macar\u0131stan bacar\u0131qlar\u0131n\u0131z\u0131 g\u00fccl\u0259ndirm\u0259y\u0259 haz\u0131rs\u0131n\u0131z? Qrammatik m\u0259\u015fql\u0259rl\u0259 m\u0259\u015fq etm\u0259k s\u00f6z s\u0131ras\u0131n\u0131, fel sonlar\u0131n\u0131 v\u0259 <a href=\"https:\/\/talkpal.ai\/learn-hungarian\/\">macar<\/a> dilinin unikal strukturunu m\u0259nims\u0259m\u0259yin fantastik yoludur. Bu g\u00fcn macar dilinin qrammatikas\u0131na daxil olun v\u0259 h\u0259r m\u0259\u015fql\u0259 inam\u0131n\u0131z\u0131n v\u0259 s\u0259lisliyinizinizin artd\u0131\u011f\u0131n\u0131 g\u00f6r\u00fcn!<\/p>\r\n\r\n                            <a class=\"getStartedHidden\" href=\"https:\/\/app.talkpal.ai\/signup?lng=\">Ba\u015fla<\/a>\r\n        \r\n    <\/div>\r\n\r\n    <figure>\r\n    <img decoding=\"async\" width=\"768\" height=\"768\" src=\"https:\/\/talkpal.ai\/wp-content\/uploads\/2023\/06\/hungarian-768x768.png\" class=\"languageImage no-lazy\" alt=\"Language learning strategies for advanced learners\" fetchpriority=\"high\" sizes=\"(max-width: 768px) 150px, 768px\" srcset=\"https:\/\/talkpal.ai\/wp-content\/uploads\/2023\/06\/hungarian-768x768.png 768w, https:\/\/talkpal.ai\/wp-content\/uploads\/2023\/06\/hungarian-300x300.png 300w\" \/>\r\n    \r\n\r\n    <\/figure>\r\n\r\n            <a class=\"getStartedVisible\" href=\"https:\/\/app.talkpal.ai\/signup?lng=\">Ba\u015fla<\/a>\r\n    \r\n<\/section>\r\n\r\n\r\n<!-- <section class=\"grammarSection\">\r\n    <div class=\"grammarLinks\">\r\n            <\/div>\r\n<\/section> -->\r\n\r\n\r\n\r\n\r\n<section class=\"promotionalBanner\">\r\n    <p class=\"promotionalText\">Dil \u00f6yr\u0259nm\u0259yin \u0259n t\u0259sirli yolu<\/p>\r\n    <a class=\"promotionalLink\" href=\"https:\/\/app.talkpal.ai\/signup?lng=\">Talkpal pulsuz s\u0131nay\u0131n<\/a>\r\n<\/section>\n<div class=\"wp-block-group pageContainerStyle\"><div class=\"wp-block-group__inner-container is-layout-constrained wp-block-group-is-layout-constrained\">\n<h2 class=\"wp-block-heading\" id=\"h-hungarian-grammar-topics\">Macar dilinin qrammatikas\u0131 m\u00f6vzular\u0131<\/h2>\n\n\n\n<p>Yeni <a href=\"https:\/\/talkpal.ai\/az\/talkpal-chat-vasit%c9%99sil%c9%99-dil-oyr%c9%99nm%c9%99k-ucun-nec%c9%99\/\">dil \u00f6yr\u0259nm\u0259k<\/a> \u00e7ox sevindirici v\u0259 sevindirici ola bil\u0259r. Lakin bu, x\u00fcsusil\u0259 d\u0259 <a href=\"https:\/\/talkpal.ai\/grammar\/\">qrammatika<\/a> m\u00f6vzusunu ba\u015fa d\u00fc\u015fm\u0259k v\u0259 ustal\u0131qla <a href=\"https:\/\/talkpal.ai\/az\/oyr%c9%99nm%c9%99k\/\">\u00f6yr\u0259nm\u0259k<\/a> m\u0259s\u0259l\u0259sind\u0259 d\u0259 b\u00f6y\u00fck m\u0259&#8217;y ola bil\u0259r. Qrammatikan\u0131 \u00f6yr\u0259nm\u0259k \u00fc\u00e7\u00fcn yax\u015f\u0131 qurulu\u015flu \u00fcsul yeni dil \u0259ld\u0259 etm\u0259k \u00fc\u00e7\u00fcn olduqca vacibdir. Bu b\u0259l\u0259d\u00e7id\u0259 qrammatika m\u00f6vzular\u0131n\u0131 ard\u0131c\u0131ll\u0131qla toplu etmi\u015fik ki, bu da siz\u0259 dili daha effektiv \u00f6yr\u0259nm\u0259y\u0259 k\u00f6m\u0259k ed\u0259c\u0259k. Bu m\u00f6vzular\u0131 ba\u015fa d\u00fc\u015fm\u0259kl\u0259 v\u0259 onlara yiy\u0259l\u0259nm\u0259kl\u0259 s\u0259n yax\u015f\u0131ca h\u0259d\u0259f\u0259 do\u011fru ir\u0259lil\u0259y\u0259c\u0259ks\u0259n.<\/p>\n\n\n\n<h3 class=\"wp-block-heading\" id=\"h-1-nouns-and-articles\">1. Nounlar v\u0259 m\u0259qal\u0259l\u0259r<\/h3>\n\n\n\n<p><a href=\"https:\/\/talkpal.ai\/az\/universitetl%c9%99r-ucun-dil-oyr%c9%99nm%c9%99\/\">Dil \u00f6yr\u0259nm\u0259<\/a> s\u0259yah\u0259tiniz\u0259 noun v\u0259 m\u0259qal\u0259l\u0259rin \u0259saslar\u0131n\u0131 ba\u015fa d\u00fc\u015fm\u0259kl\u0259 ba\u015flay\u0131n. Nounlar insanlar\u0131, m\u0259kanlar\u0131, \u015feyl\u0259ri v\u0259 ya fikirl\u0259ri bildir\u0259n s\u00f6zl\u0259rdir. M\u0259qal\u0259l\u0259rd\u0259 nouninin spesifikliyini g\u00f6st\u0259rm\u0259k \u00fc\u00e7\u00fcn istifad\u0259 olunur. Bunlar\u0131 \u00f6yr\u0259nm\u0259k sad\u0259 c\u00fcml\u0259l\u0259r \u0259m\u0259l\u0259 g\u0259tirir v\u0259 dilin qurulu\u015funu ba\u015fa d\u00fc\u015fm\u0259y\u0259 k\u00f6m\u0259k edir.<\/p>\n\n\n\n<h3 class=\"wp-block-heading\" id=\"h-2-pronouns-determiners\">2. Pronouns\/Determinl\u0259r<\/h3>\n\n\n\n<p>\u018fv\u0259zlikl\u0259r c\u00fcml\u0259d\u0259 isiml\u0259ri \u0259v\u0259z edir v\u0259 t\u0259krardan qa\u00e7ma\u011fa k\u00f6m\u0259k edir, t\u0259yinedicil\u0259r is\u0259 ismin miqdar\u0131 v\u0259 ya m\u00fc\u0259yy\u0259nliyi haqq\u0131nda m\u0259lumat verir. Bu m\u00f6vzular\u0131 yax\u015f\u0131 ba\u015fa d\u00fc\u015fm\u0259kl\u0259 r\u0259vanl\u0131q v\u0259 d\u0259rketm\u0259 qabiliyy\u0259tini inki\u015faf etdir\u0259c\u0259ks\u0259n.<\/p>\n\n\n\n<h3 class=\"wp-block-heading\" id=\"h-3-adjectives-and-adverbs\">3. Adjectives v\u0259 Adverbs<\/h3>\n\n\n\n<p>Adjectives isiml\u0259ri, adverbs is\u0259 feill\u0259ri, adjectives v\u0259 ya dig\u0259r adverbsl\u0259ri d\u0259yi\u015fdirir. Bunlar\u0131 \u00f6yr\u0259nm\u0259kl\u0259 c\u00fcml\u0259l\u0259riniz\u0259 daha \u0259trafl\u0131 v\u0259 ayd\u0131nl\u0131\u011f\u0131 \u0259lav\u0259 ed\u0259 bil\u0259r, bununla da dil bacar\u0131qlar\u0131n\u0131z\u0131 daha ifad\u0259li v\u0259 maraql\u0131 ed\u0259 bil\u0259rsiniz.<\/p>\n\n\n\n<h3 class=\"wp-block-heading\" id=\"h-4-verbs-tenses-and-tense-comparison\">4. Feill\u0259r, g\u0259rginlikl\u0259r v\u0259 g\u0259rgin m\u00fcqayis\u0259<\/h3>\n\n\n\n<p>Fe&#8217;ll\u0259r h\u0259r\u0259k\u0259ti v\u0259 ya olma hal\u0131n\u0131 bildirir, g\u0259rginlik is\u0259 h\u0259r\u0259k\u0259tin n\u0259 vaxt ba\u015f verm\u0259sin\u0259 i\u015far\u0259 edir. G\u0259rgin m\u00fcqayis\u0259ni ba\u015fa d\u00fc\u015fm\u0259k ke\u00e7mi\u015f, indiki v\u0259 g\u0259l\u0259c\u0259k h\u0259r\u0259k\u0259tl\u0259ri d\u0259qiq m\u00fczakir\u0259 etm\u0259y\u0259 imkan verir.<\/p>\n\n\n\n<h3 class=\"wp-block-heading\" id=\"h-5-progressive-and-perfect-progressive\">5. M\u00fct\u0259r\u0259qqi v\u0259 m\u00fck\u0259mm\u0259l t\u0259r\u0259qqi<\/h3>\n\n\n\n<p>M\u00fct\u0259r\u0259qqi g\u0259rginlik inki\u015fafda olan h\u0259r\u0259k\u0259tl\u0259r\u0259 y\u00f6n\u0259ldilir, m\u00fck\u0259mm\u0259l m\u00fct\u0259r\u0259qqi g\u0259rginlik is\u0259 m\u00fc\u0259yy\u0259n bir n\u00f6qt\u0259y\u0259 q\u0259d\u0259r h\u0259r\u0259k\u0259tin m\u00fcdd\u0259tini vur\u011fulay\u0131r. Bu g\u0259rginlikl\u0259r m\u00fcr\u0259kk\u0259b fikir v\u0259 fikirl\u0259ri dild\u0259 ifad\u0259 etm\u0259k qabiliyy\u0259tinizi art\u0131r\u0131r.<\/p>\n\n\n\n<h3 class=\"wp-block-heading\" id=\"h-6-conditionals\">6. \u015e\u0259rtli<\/h3>\n\n\n\n<p>\u015e\u0259rti olaraq hipotetik v\u0259 ya m\u00fcmk\u00fcn v\u0259ziyy\u0259tl\u0259ri v\u0259 onlar\u0131n n\u0259tic\u0259l\u0259rini t\u0259svir edir. Ustal\u0131q \u015f\u0259rti siz\u0259 h\u0259d\u0259f dilinizd\u0259 daha \u00e7ox n\u00fcansl\u0131 v\u0259 \u0259trafl\u0131 fikirl\u0259ri ifad\u0259 etm\u0259y\u0259 k\u00f6m\u0259k edir.<\/p>\n\n\n\n<h3 class=\"wp-block-heading\" id=\"h-7-prepositions\">7. Prepozisiyalar<\/h3>\n\n\n\n<p>Prepozisiyalar c\u00fcml\u0259d\u0259 s\u00f6zl\u0259r aras\u0131ndak\u0131 \u0259laq\u0259ni, m\u0259s\u0259l\u0259n, m\u0259kan, istiqam\u0259t v\u0259 ya zaman aras\u0131ndak\u0131 \u0259laq\u0259ni g\u00f6st\u0259rir. Bu ki\u00e7ik s\u00f6zl\u0259r c\u00fcml\u0259nin m\u0259nas\u0131n\u0131n formala\u015fmas\u0131nda \u0259h\u0259miyy\u0259tli rol oynay\u0131r.<\/p>\n\n\n\n<h3 class=\"wp-block-heading\" id=\"h-8-sentences\">8. C\u00fcml\u0259l\u0259r<\/h3>\n\n\n\n<p>N\u0259hay\u0259t, c\u00fcml\u0259 qurulu\u015funu ba\u015fa d\u00fc\u015fm\u0259k v\u0259 m\u00fcxt\u0259lif n\u00f6v c\u00fcml\u0259l\u0259ri qura bilm\u0259k ist\u0259nil\u0259n dild\u0259 <a href=\"https:\/\/talkpal.ai\/locations\/learn-english-in-aydin\/\">ayd\u0131n<\/a> v\u0259 effektiv \u00fcnsiyy\u0259t \u00fc\u00e7\u00fcn z\u0259ruridir. Sad\u0259, m\u00fcr\u0259kk\u0259b v\u0259 m\u00fcr\u0259kk\u0259b c\u00fcml\u0259l\u0259r t\u0259rtib etm\u0259yi \u00f6yr\u0259nin. Fikirl\u0259rinizi d\u0259qiq \u00e7atd\u0131rmaq \u00fc\u00e7\u00fcn m\u00fcxt\u0259lif c\u00fcml\u0259 qurulu\u015flar\u0131ndan istifad\u0259 ed\u0259r\u0259k m\u0259\u015fq edin.<\/p>\n<\/div><\/div>\n\r\n<section class=\"learnNavigationSection\">\r\n            \r\n        <a href=\"https:\/\/talkpal.ai\/az\/macar-dilini-oyr%c9%99nin\/\">\r\n            <div class=\"learnNavigationWrapper\">\r\n                <div class=\"learnNavigationContent\">\r\n                    <img decoding=\"async\" src=\"https:\/\/talkpal.ai\/wp-content\/uploads\/2024\/08\/Hungarian.jpg\" alt=\"Hungarian Flag\">\r\n                    <div>\r\n                        <h4>Macar dilinin \u00f6yr\u0259nilm\u0259si haqq\u0131nda<\/h4>\r\n                        <p>Macar dilinin qrammatikas\u0131 haqq\u0131nda h\u0259r \u015feyi \u00f6yr\u0259nin.<\/p>\r\n                    <\/div>\r\n                <\/div>\r\n            <\/div>\r\n        <\/a>\r\n\r\n        \r\n        <a href=\"https:\/\/talkpal.ai\/az\/macar-dilinin-qrammatikasi\/\">\r\n            <div class=\"learnNavigationWrapper\">\r\n                <div class=\"learnNavigationContent\">\r\n                    <img decoding=\"async\" src=\"https:\/\/talkpal.ai\/wp-content\/uploads\/2024\/08\/Hungarian.jpg\" alt=\"Hungarian Flag\">\r\n                    <div>\r\n                        <h4>Macar Qrammatikas\u0131 D\u0259rsl\u0259ri<\/h4>\r\n                        <p>Macar dilinin qrammatikas\u0131 praktik.<\/p>\r\n                    <\/div>\r\n                <\/div>\r\n            <\/div>\r\n        <\/a>\r\n\r\n        \r\n        <a href=\"https:\/\/talkpal.ai\/vocabulary_language\/hungarian\/\">\r\n            <div class=\"learnNavigationWrapper\">\r\n                <div class=\"learnNavigationContent\">\r\n                    <img decoding=\"async\" src=\"https:\/\/talkpal.ai\/wp-content\/uploads\/2024\/08\/Hungarian.jpg\" alt=\"Hungarian Flag\">\r\n                    <div>\r\n                        <h4>Macar l\u00fc\u011f\u0259ti<\/h4>\r\n                        <p>Macar l\u00fc\u011f\u0259tinizi geni\u015fl\u0259ndirin.<\/p>\r\n                    <\/div>\r\n                <\/div>\r\n            <\/div>\r\n        <\/a>\r\n\r\n            <\/section>","protected":false},"excerpt":{"rendered":"<p>Macar dilinin qrammatikas\u0131 m\u00f6vzular\u0131 Yeni dil \u00f6yr\u0259nm\u0259k \u00e7ox sevindirici v\u0259 sevindirici ola bil\u0259r. Lakin bu, x\u00fcsusil\u0259 d\u0259 qrammatika m\u00f6vzusunu ba\u015fa d\u00fc\u015fm\u0259k v\u0259 ustal\u0131qla \u00f6yr\u0259nm\u0259k m\u0259s\u0259l\u0259sind\u0259 d\u0259 b\u00f6y\u00fck m\u0259&#8217;y ola bil\u0259r. Qrammatikan\u0131 \u00f6yr\u0259nm\u0259k \u00fc\u00e7\u00fcn yax\u015f\u0131 qurulu\u015flu \u00fcsul yeni dil \u0259ld\u0259 etm\u0259k \u00fc\u00e7\u00fcn olduqca vacibdir. Bu b\u0259l\u0259d\u00e7id\u0259 qrammatika m\u00f6vzular\u0131n\u0131 ard\u0131c\u0131ll\u0131qla toplu etmi\u015fik ki, bu da siz\u0259 dili [&hellip;]<\/p>\n","protected":false},"author":6,"featured_media":113154,"parent":0,"menu_order":0,"comment_status":"closed","ping_status":"closed","template":"LearningContentPage.php","meta":{"_acf_changed":false,"footnotes":""},"class_list":["post-161912","page","type-page","status-publish","has-post-thumbnail","hentry"],"acf":[],"yoast_head":"<!-- This site is optimized with the Yoast SEO Premium plugin v27.2 (Yoast SEO v27.2) - https:\/\/yoast.com\/product\/yoast-seo-premium-wordpress\/ -->\n<title>Macar dilinin qrammatikas\u0131 m\u0259\u015f\u011f\u0259l\u0259l\u0259ri - Talkpal<\/title>\n<meta name=\"description\" content=\"Macar qrammatikas\u0131 bacar\u0131qlar\u0131n\u0131z\u0131 asanl\u0131qla art\u0131r\u0131n - praktiki m\u0259\u015fql\u0259ri, interaktiv t\u0259cr\u00fcb\u0259l\u0259ri tamamlay\u0131n v\u0259 f\u0259rdi r\u0259y al\u0131n\" \/>\n<meta name=\"robots\" content=\"index, follow, max-snippet:-1, max-image-preview:large, max-video-preview:-1\" \/>\n<link rel=\"canonical\" href=\"https:\/\/talkpal.ai\/az\/macar-dilinin-qrammatikasi-m%c9%99sg%c9%99l%c9%99l%c9%99ri\/\" \/>\n<meta property=\"og:locale\" content=\"az_AZ\" \/>\n<meta property=\"og:type\" content=\"article\" \/>\n<meta property=\"og:title\" content=\"Macar dilinin qrammatikas\u0131 m\u0259\u015f\u011f\u0259l\u0259l\u0259ri\" \/>\n<meta property=\"og:description\" content=\"Macar dilinin qrammatikas\u0131 m\u00f6vzular\u0131 Yeni dil \u00f6yr\u0259nm\u0259k \u00e7ox sevindirici v\u0259 sevindirici ola bil\u0259r. Lakin bu, x\u00fcsusil\u0259 d\u0259 qrammatika m\u00f6vzusunu ba\u015fa d\u00fc\u015fm\u0259k v\u0259\" \/>\n<meta property=\"og:url\" content=\"https:\/\/talkpal.ai\/az\/macar-dilinin-qrammatikasi-m%c9%99sg%c9%99l%c9%99l%c9%99ri\/\" \/>\n<meta property=\"og:site_name\" content=\"Talkpal\" \/>\n<meta property=\"article:publisher\" content=\"https:\/\/www.facebook.com\/profile.php?id=100090733639311\" \/>\n<meta property=\"article:modified_time\" content=\"2025-12-17T16:07:43+00:00\" \/>\n<meta property=\"og:image\" content=\"https:\/\/talkpal.ai\/wp-content\/uploads\/2023\/05\/Hungarian.png\" \/>\n\t<meta property=\"og:image:width\" content=\"512\" \/>\n\t<meta property=\"og:image:height\" content=\"512\" \/>\n\t<meta property=\"og:image:type\" content=\"image\/png\" \/>\n<meta name=\"twitter:card\" content=\"summary_large_image\" \/>\n<meta name=\"twitter:site\" content=\"@talkpalai\" \/>\n<meta name=\"twitter:label1\" content=\"Est. reading time\" \/>\n\t<meta name=\"twitter:data1\" content=\"3 minutes\" \/>\n<script type=\"application\/ld+json\" class=\"yoast-schema-graph\">{\"@context\":\"https:\/\/schema.org\",\"@graph\":[{\"@type\":\"WebPage\",\"@id\":\"https:\/\/talkpal.ai\/az\/macar-dilinin-qrammatikasi-m%c9%99sg%c9%99l%c9%99l%c9%99ri\/\",\"url\":\"https:\/\/talkpal.ai\/az\/macar-dilinin-qrammatikasi-m%c9%99sg%c9%99l%c9%99l%c9%99ri\/\",\"name\":\"Macar dilinin qrammatikas\u0131 m\u0259\u015f\u011f\u0259l\u0259l\u0259ri - Talkpal\",\"isPartOf\":{\"@id\":\"https:\/\/talkpal.ai\/az\/#website\"},\"primaryImageOfPage\":{\"@id\":\"https:\/\/talkpal.ai\/az\/macar-dilinin-qrammatikasi-m%c9%99sg%c9%99l%c9%99l%c9%99ri\/#primaryimage\"},\"image\":{\"@id\":\"https:\/\/talkpal.ai\/az\/macar-dilinin-qrammatikasi-m%c9%99sg%c9%99l%c9%99l%c9%99ri\/#primaryimage\"},\"thumbnailUrl\":\"https:\/\/talkpal.ai\/wp-content\/uploads\/2023\/05\/Hungarian.png\",\"datePublished\":\"2023-06-21T14:29:48+00:00\",\"dateModified\":\"2025-12-17T16:07:43+00:00\",\"description\":\"Macar qrammatikas\u0131 bacar\u0131qlar\u0131n\u0131z\u0131 asanl\u0131qla art\u0131r\u0131n - praktiki m\u0259\u015fql\u0259ri, interaktiv t\u0259cr\u00fcb\u0259l\u0259ri tamamlay\u0131n v\u0259 f\u0259rdi r\u0259y al\u0131n\",\"breadcrumb\":{\"@id\":\"https:\/\/talkpal.ai\/az\/macar-dilinin-qrammatikasi-m%c9%99sg%c9%99l%c9%99l%c9%99ri\/#breadcrumb\"},\"inLanguage\":\"az\",\"potentialAction\":[{\"@type\":\"ReadAction\",\"target\":[\"https:\/\/talkpal.ai\/az\/macar-dilinin-qrammatikasi-m%c9%99sg%c9%99l%c9%99l%c9%99ri\/\"]}]},{\"@type\":\"ImageObject\",\"inLanguage\":\"az\",\"@id\":\"https:\/\/talkpal.ai\/az\/macar-dilinin-qrammatikasi-m%c9%99sg%c9%99l%c9%99l%c9%99ri\/#primaryimage\",\"url\":\"https:\/\/talkpal.ai\/wp-content\/uploads\/2023\/05\/Hungarian.png\",\"contentUrl\":\"https:\/\/talkpal.ai\/wp-content\/uploads\/2023\/05\/Hungarian.png\",\"width\":512,\"height\":512},{\"@type\":\"BreadcrumbList\",\"@id\":\"https:\/\/talkpal.ai\/az\/macar-dilinin-qrammatikasi-m%c9%99sg%c9%99l%c9%99l%c9%99ri\/#breadcrumb\",\"itemListElement\":[{\"@type\":\"ListItem\",\"position\":1,\"name\":\"Homepage\",\"item\":\"https:\/\/talkpal.ai\/az\/\"},{\"@type\":\"ListItem\",\"position\":2,\"name\":\"Macar dilinin qrammatikas\u0131 m\u0259\u015f\u011f\u0259l\u0259l\u0259ri\"}]},{\"@type\":\"WebSite\",\"@id\":\"https:\/\/talkpal.ai\/az\/#website\",\"url\":\"https:\/\/talkpal.ai\/az\/\",\"name\":\"Talkpal\",\"description\":\"AI Language Learning\",\"publisher\":{\"@id\":\"https:\/\/talkpal.ai\/az\/#organization\"},\"alternateName\":\"Talkpal AI\",\"potentialAction\":[{\"@type\":\"SearchAction\",\"target\":{\"@type\":\"EntryPoint\",\"urlTemplate\":\"https:\/\/talkpal.ai\/az\/?s={search_term_string}\"},\"query-input\":{\"@type\":\"PropertyValueSpecification\",\"valueRequired\":true,\"valueName\":\"search_term_string\"}}],\"inLanguage\":\"az\"},{\"@type\":\"Organization\",\"@id\":\"https:\/\/talkpal.ai\/az\/#organization\",\"name\":\"Talkpal, Inc.\",\"alternateName\":\"Talkpal AI\",\"url\":\"https:\/\/talkpal.ai\/az\/\",\"logo\":{\"@type\":\"ImageObject\",\"inLanguage\":\"az\",\"@id\":\"https:\/\/talkpal.ai\/az\/#\/schema\/logo\/image\/\",\"url\":\"https:\/\/talkpal.ai\/wp-content\/uploads\/2024\/03\/Talkpal-Logo-Icon.png\",\"contentUrl\":\"https:\/\/talkpal.ai\/wp-content\/uploads\/2024\/03\/Talkpal-Logo-Icon.png\",\"width\":2880,\"height\":2880,\"caption\":\"Talkpal, Inc.\"},\"image\":{\"@id\":\"https:\/\/talkpal.ai\/az\/#\/schema\/logo\/image\/\"},\"sameAs\":[\"https:\/\/www.facebook.com\/profile.php?id=100090733639311\",\"https:\/\/x.com\/talkpalai\",\"https:\/\/www.linkedin.com\/company\/talkpal\/\",\"https:\/\/www.youtube.com\/@TalkPal\/\",\"https:\/\/www.tiktok.com\/@talkpal\",\"https:\/\/www.instagram.com\/talkpal_ai\/\",\"https:\/\/www.crunchbase.com\/organization\/talkpal-9cde\",\"https:\/\/www.g2.com\/products\/talkpal-for-business\/\",\"https:\/\/www.trustpilot.com\/review\/talkpal.ai\",\"https:\/\/www.capterra.com\/p\/10006800\/TalkPal\/\"],\"description\":\"Talkpal is a language learning web and mobile education app, powered by the latest AI technologies, that provides engaging experiences to its customers in many different languages to help them improve their language skills. Users can chat about unlimited amount of topics with the app and use other modes to practice their language learning.\",\"email\":\"support@talkpal.ai\",\"legalName\":\"Talkpal, Inc.\",\"foundingDate\":\"2023-04-03\",\"duns\":\"118989042\",\"numberOfEmployees\":{\"@type\":\"QuantitativeValue\",\"minValue\":\"11\",\"maxValue\":\"50\"},\"publishingPrinciples\":\"https:\/\/talkpal.ai\/publishing-principles\/\",\"actionableFeedbackPolicy\":\"https:\/\/talkpal.ai\/actionable-feedback-policy\/\",\"correctionsPolicy\":\"https:\/\/talkpal.ai\/corrections-policy\/\",\"ethicsPolicy\":\"https:\/\/talkpal.ai\/ethics-policy\/\",\"diversityPolicy\":\"https:\/\/talkpal.ai\/diversity-policy\/\",\"diversityStaffingReport\":\"https:\/\/talkpal.ai\/diversity-policy\/\"}]}<\/script>\n<!-- \/ Yoast SEO Premium plugin. -->","yoast_head_json":{"title":"Macar dilinin qrammatikas\u0131 m\u0259\u015f\u011f\u0259l\u0259l\u0259ri - Talkpal","description":"Macar qrammatikas\u0131 bacar\u0131qlar\u0131n\u0131z\u0131 asanl\u0131qla art\u0131r\u0131n - praktiki m\u0259\u015fql\u0259ri, interaktiv t\u0259cr\u00fcb\u0259l\u0259ri tamamlay\u0131n v\u0259 f\u0259rdi r\u0259y al\u0131n","robots":{"index":"index","follow":"follow","max-snippet":"max-snippet:-1","max-image-preview":"max-image-preview:large","max-video-preview":"max-video-preview:-1"},"canonical":"https:\/\/talkpal.ai\/az\/macar-dilinin-qrammatikasi-m%c9%99sg%c9%99l%c9%99l%c9%99ri\/","og_locale":"az_AZ","og_type":"article","og_title":"Macar dilinin qrammatikas\u0131 m\u0259\u015f\u011f\u0259l\u0259l\u0259ri","og_description":"Macar dilinin qrammatikas\u0131 m\u00f6vzular\u0131 Yeni dil \u00f6yr\u0259nm\u0259k \u00e7ox sevindirici v\u0259 sevindirici ola bil\u0259r. Lakin bu, x\u00fcsusil\u0259 d\u0259 qrammatika m\u00f6vzusunu ba\u015fa d\u00fc\u015fm\u0259k v\u0259","og_url":"https:\/\/talkpal.ai\/az\/macar-dilinin-qrammatikasi-m%c9%99sg%c9%99l%c9%99l%c9%99ri\/","og_site_name":"Talkpal","article_publisher":"https:\/\/www.facebook.com\/profile.php?id=100090733639311","article_modified_time":"2025-12-17T16:07:43+00:00","og_image":[{"width":512,"height":512,"url":"https:\/\/talkpal.ai\/wp-content\/uploads\/2023\/05\/Hungarian.png","type":"image\/png"}],"twitter_card":"summary_large_image","twitter_site":"@talkpalai","twitter_misc":{"Est. reading time":"3 minutes"},"schema":{"@context":"https:\/\/schema.org","@graph":[{"@type":"WebPage","@id":"https:\/\/talkpal.ai\/az\/macar-dilinin-qrammatikasi-m%c9%99sg%c9%99l%c9%99l%c9%99ri\/","url":"https:\/\/talkpal.ai\/az\/macar-dilinin-qrammatikasi-m%c9%99sg%c9%99l%c9%99l%c9%99ri\/","name":"Macar dilinin qrammatikas\u0131 m\u0259\u015f\u011f\u0259l\u0259l\u0259ri - Talkpal","isPartOf":{"@id":"https:\/\/talkpal.ai\/az\/#website"},"primaryImageOfPage":{"@id":"https:\/\/talkpal.ai\/az\/macar-dilinin-qrammatikasi-m%c9%99sg%c9%99l%c9%99l%c9%99ri\/#primaryimage"},"image":{"@id":"https:\/\/talkpal.ai\/az\/macar-dilinin-qrammatikasi-m%c9%99sg%c9%99l%c9%99l%c9%99ri\/#primaryimage"},"thumbnailUrl":"https:\/\/talkpal.ai\/wp-content\/uploads\/2023\/05\/Hungarian.png","datePublished":"2023-06-21T14:29:48+00:00","dateModified":"2025-12-17T16:07:43+00:00","description":"Macar qrammatikas\u0131 bacar\u0131qlar\u0131n\u0131z\u0131 asanl\u0131qla art\u0131r\u0131n - praktiki m\u0259\u015fql\u0259ri, interaktiv t\u0259cr\u00fcb\u0259l\u0259ri tamamlay\u0131n v\u0259 f\u0259rdi r\u0259y al\u0131n","breadcrumb":{"@id":"https:\/\/talkpal.ai\/az\/macar-dilinin-qrammatikasi-m%c9%99sg%c9%99l%c9%99l%c9%99ri\/#breadcrumb"},"inLanguage":"az","potentialAction":[{"@type":"ReadAction","target":["https:\/\/talkpal.ai\/az\/macar-dilinin-qrammatikasi-m%c9%99sg%c9%99l%c9%99l%c9%99ri\/"]}]},{"@type":"ImageObject","inLanguage":"az","@id":"https:\/\/talkpal.ai\/az\/macar-dilinin-qrammatikasi-m%c9%99sg%c9%99l%c9%99l%c9%99ri\/#primaryimage","url":"https:\/\/talkpal.ai\/wp-content\/uploads\/2023\/05\/Hungarian.png","contentUrl":"https:\/\/talkpal.ai\/wp-content\/uploads\/2023\/05\/Hungarian.png","width":512,"height":512},{"@type":"BreadcrumbList","@id":"https:\/\/talkpal.ai\/az\/macar-dilinin-qrammatikasi-m%c9%99sg%c9%99l%c9%99l%c9%99ri\/#breadcrumb","itemListElement":[{"@type":"ListItem","position":1,"name":"Homepage","item":"https:\/\/talkpal.ai\/az\/"},{"@type":"ListItem","position":2,"name":"Macar dilinin qrammatikas\u0131 m\u0259\u015f\u011f\u0259l\u0259l\u0259ri"}]},{"@type":"WebSite","@id":"https:\/\/talkpal.ai\/az\/#website","url":"https:\/\/talkpal.ai\/az\/","name":"Talkpal","description":"AI Language Learning","publisher":{"@id":"https:\/\/talkpal.ai\/az\/#organization"},"alternateName":"Talkpal AI","potentialAction":[{"@type":"SearchAction","target":{"@type":"EntryPoint","urlTemplate":"https:\/\/talkpal.ai\/az\/?s={search_term_string}"},"query-input":{"@type":"PropertyValueSpecification","valueRequired":true,"valueName":"search_term_string"}}],"inLanguage":"az"},{"@type":"Organization","@id":"https:\/\/talkpal.ai\/az\/#organization","name":"Talkpal, Inc.","alternateName":"Talkpal AI","url":"https:\/\/talkpal.ai\/az\/","logo":{"@type":"ImageObject","inLanguage":"az","@id":"https:\/\/talkpal.ai\/az\/#\/schema\/logo\/image\/","url":"https:\/\/talkpal.ai\/wp-content\/uploads\/2024\/03\/Talkpal-Logo-Icon.png","contentUrl":"https:\/\/talkpal.ai\/wp-content\/uploads\/2024\/03\/Talkpal-Logo-Icon.png","width":2880,"height":2880,"caption":"Talkpal, Inc."},"image":{"@id":"https:\/\/talkpal.ai\/az\/#\/schema\/logo\/image\/"},"sameAs":["https:\/\/www.facebook.com\/profile.php?id=100090733639311","https:\/\/x.com\/talkpalai","https:\/\/www.linkedin.com\/company\/talkpal\/","https:\/\/www.youtube.com\/@TalkPal\/","https:\/\/www.tiktok.com\/@talkpal","https:\/\/www.instagram.com\/talkpal_ai\/","https:\/\/www.crunchbase.com\/organization\/talkpal-9cde","https:\/\/www.g2.com\/products\/talkpal-for-business\/","https:\/\/www.trustpilot.com\/review\/talkpal.ai","https:\/\/www.capterra.com\/p\/10006800\/TalkPal\/"],"description":"Talkpal is a language learning web and mobile education app, powered by the latest AI technologies, that provides engaging experiences to its customers in many different languages to help them improve their language skills. Users can chat about unlimited amount of topics with the app and use other modes to practice their language learning.","email":"support@talkpal.ai","legalName":"Talkpal, Inc.","foundingDate":"2023-04-03","duns":"118989042","numberOfEmployees":{"@type":"QuantitativeValue","minValue":"11","maxValue":"50"},"publishingPrinciples":"https:\/\/talkpal.ai\/publishing-principles\/","actionableFeedbackPolicy":"https:\/\/talkpal.ai\/actionable-feedback-policy\/","correctionsPolicy":"https:\/\/talkpal.ai\/corrections-policy\/","ethicsPolicy":"https:\/\/talkpal.ai\/ethics-policy\/","diversityPolicy":"https:\/\/talkpal.ai\/diversity-policy\/","diversityStaffingReport":"https:\/\/talkpal.ai\/diversity-policy\/"}]}},"_links":{"self":[{"href":"https:\/\/talkpal.ai\/az\/wp-json\/wp\/v2\/pages\/161912","targetHints":{"allow":["GET"]}}],"collection":[{"href":"https:\/\/talkpal.ai\/az\/wp-json\/wp\/v2\/pages"}],"about":[{"href":"https:\/\/talkpal.ai\/az\/wp-json\/wp\/v2\/types\/page"}],"author":[{"embeddable":true,"href":"https:\/\/talkpal.ai\/az\/wp-json\/wp\/v2\/users\/6"}],"replies":[{"embeddable":true,"href":"https:\/\/talkpal.ai\/az\/wp-json\/wp\/v2\/comments?post=161912"}],"version-history":[{"count":0,"href":"https:\/\/talkpal.ai\/az\/wp-json\/wp\/v2\/pages\/161912\/revisions"}],"wp:featuredmedia":[{"embeddable":true,"href":"https:\/\/talkpal.ai\/az\/wp-json\/wp\/v2\/media\/113154"}],"wp:attachment":[{"href":"https:\/\/talkpal.ai\/az\/wp-json\/wp\/v2\/media?parent=161912"}],"curies":[{"name":"wp","href":"https:\/\/api.w.org\/{rel}","templated":true}]}}