{"id":161658,"date":"2023-06-21T14:50:44","date_gmt":"2023-06-21T14:50:44","guid":{"rendered":"http:\/\/talkpal.ai\/island-dilinin-qrammatikasi-m%c9%99sg%c9%99l%c9%99l%c9%99ri\/"},"modified":"2025-12-17T16:10:21","modified_gmt":"2025-12-17T16:10:21","slug":"island-dilinin-qrammatikasi-m%c9%99sg%c9%99l%c9%99l%c9%99ri","status":"publish","type":"page","link":"https:\/\/talkpal.ai\/az\/island-dilinin-qrammatikasi-m%c9%99sg%c9%99l%c9%99l%c9%99ri\/","title":{"rendered":"\u0130sland dilinin qrammatikas\u0131 m\u0259\u015f\u011f\u0259l\u0259l\u0259ri"},"content":{"rendered":"\r\n\r\n\r\n<section class=\"languageChallengeSection\">\r\n    <div class=\"languageInfoWrapper\">\r\n        \r\n        <h1>\u0130sland dilinin qrammatikas\u0131 m\u0259\u015f\u011f\u0259l\u0259l\u0259ri<\/h1>\r\n        <p>\u0130slandiya bacar\u0131qlar\u0131n\u0131z\u0131 g\u00fccl\u0259ndirm\u0259y\u0259 haz\u0131rs\u0131n\u0131z? Qrammatik m\u0259\u015fql\u0259ri m\u0259\u015fq etm\u0259k c\u00fcml\u0259 qurulu\u015funu, fel formalar\u0131n\u0131 v\u0259 \u0130slandiya dilinin unikal x\u00fcsusiyy\u0259tl\u0259rini m\u0259nims\u0259m\u0259k \u00fc\u00e7\u00fcn \u0259la bir yoldur. Bu g\u00fcn \u0130slandiya qrammatikas\u0131n\u0131 ara\u015fd\u0131rma\u011fa ba\u015flay\u0131n v\u0259 h\u0259r m\u0259\u015fql\u0259 inam\u0131n\u0131z\u0131n v\u0259 r\u0259vanl\u0131\u011f\u0131n\u0131z\u0131n b\u00f6y\u00fcm\u0259sin\u0259 bax\u0131n!\n\n<\/p>\r\n\r\n                            <a class=\"getStartedHidden\" href=\"https:\/\/app.talkpal.ai\/signup?lng=\">Ba\u015fla<\/a>\r\n        \r\n    <\/div>\r\n\r\n    <figure>\r\n    <img decoding=\"async\" width=\"768\" height=\"768\" src=\"https:\/\/talkpal.ai\/wp-content\/uploads\/2023\/06\/Icelandic-768x768.png\" class=\"languageImage no-lazy\" alt=\"Language learning for better job opportunities\" fetchpriority=\"high\" sizes=\"(max-width: 768px) 150px, 768px\" srcset=\"https:\/\/talkpal.ai\/wp-content\/uploads\/2023\/06\/Icelandic-768x768.png 768w, https:\/\/talkpal.ai\/wp-content\/uploads\/2023\/06\/Icelandic-300x300.png 300w\" \/>\r\n    \r\n\r\n    <\/figure>\r\n\r\n            <a class=\"getStartedVisible\" href=\"https:\/\/app.talkpal.ai\/signup?lng=\">Ba\u015fla<\/a>\r\n    \r\n<\/section>\r\n\r\n\r\n<!-- <section class=\"grammarSection\">\r\n    <div class=\"grammarLinks\">\r\n            <\/div>\r\n<\/section> -->\r\n\r\n\r\n\r\n\r\n<section class=\"promotionalBanner\">\r\n    <p class=\"promotionalText\">Dil \u00f6yr\u0259nm\u0259yin \u0259n t\u0259sirli yolu<\/p>\r\n    <a class=\"promotionalLink\" href=\"https:\/\/app.talkpal.ai\/signup?lng=\">Talkpal pulsuz s\u0131nay\u0131n<\/a>\r\n<\/section>\n<div class=\"wp-block-group pageContainerStyle\"><div class=\"wp-block-group__inner-container is-layout-constrained wp-block-group-is-layout-constrained\">\n<h2 class=\"wp-block-heading\" id=\"h-icelandic-grammar-topics\">\u0130slandiya dilinin qrammatikas\u0131 m\u00f6vzular\u0131<\/h2>\n\n\n\n<p>300.000-d\u0259n \u00e7ox insan\u0131n dan\u0131\u015fd\u0131\u011f\u0131 \u015eimali Alman dili olan island dili \u0130slandiyan\u0131n r\u0259smi dilidir. M\u00fcr\u0259kk\u0259b qrammatikas\u0131 v\u0259 z\u0259ngin s\u00f6z ehtiyat\u0131 il\u0259 tan\u0131nan island dili b\u00fct\u00fcn d\u00fcnyadan dil \u00f6yr\u0259n\u0259nl\u0259ri c\u0259lb ed\u0259n \u00f6z\u00fcn\u0259m\u0259xsus cazib\u0259y\u0259 malikdir. K\u00f6hn\u0259 Norse dilind\u0259 k\u00f6kl\u0259ri il\u0259 island dili vikinq d\u00f6vr\u00fcn\u0259 aid g\u00fccl\u00fc \u0259d\u0259bi \u0259n\u0259n\u0259l\u0259r\u0259 malikdir. Bu m\u0259qal\u0259d\u0259 siz\u0259 bu maraql\u0131 dili anlama\u011fa v\u0259 ustal\u0131qla ba\u015fa d\u00fc\u015fm\u0259y\u0259 k\u00f6m\u0259k ed\u0259c\u0259k \u0259sas island dilinin qrammatika m\u00f6vzular\u0131n\u0131 ara\u015fd\u0131raca\u011f\u0131q. Bu, isim v\u0259 feil kimi \u0259saslardan tutmu\u015f, \u015f\u0259rti v\u0259 prepositions kimi daha m\u00fcr\u0259kk\u0259b strukturlara q\u0259d\u0259r.<\/p>\n\n\n\n<h3 class=\"wp-block-heading\" id=\"h-1-nouns\">1. Nounlar<\/h3>\n\n\n\n<p>\u0130nsanlar\u0131, yerl\u0259ri v\u0259 h\u0259r \u015feyi \u0259hat\u0259 ed\u0259n \u0130sland nounlar\u0131n\u0131n \u0259saslar\u0131n\u0131 \u00f6yr\u0259nm\u0259kl\u0259 ba\u015flay\u0131n. \u0130sland dilinin \u00fc\u00e7 qrammatik cinsi (ki\u015fiklin, femin v\u0259 neytrin) v\u0259 d\u00f6rd hal (nominativ, ittihamedici, dativ v\u0259 genitiv) vard\u0131r. Bu aspektl\u0259rin ba\u015fa d\u00fc\u015f\u00fclm\u0259si nitqin dig\u0259r hiss\u0259l\u0259ri il\u0259 d\u00fczg\u00fcn deklensiya v\u0259 raz\u0131la\u015fma \u00fc\u00e7\u00fcn z\u0259ruridir.<\/p>\n\n\n\n<h3 class=\"wp-block-heading\" id=\"h-2-articles\">2. M\u0259qal\u0259l\u0259r<\/h3>\n\n\n\n<p>\u0130sland dilind\u0259 qeyri-m\u00fc\u0259yy\u0259n m\u0259qal\u0259l\u0259r olmasa da, m\u00fc\u0259yy\u0259n m\u0259qal\u0259l\u0259ri var ki, bu da noun sonuna b\u0259rkidilir. H\u0259r bir cins v\u0259 hal \u00fc\u00e7\u00fcn m\u00fc\u0259yy\u0259n m\u0259qal\u0259ni nec\u0259 t\u0259\u015fkil etm\u0259yi \u00f6yr\u0259nin, \u00e7\u00fcnki bu, d\u00fczg\u00fcn noun istifad\u0259 etm\u0259y\u0259 k\u00f6m\u0259k ed\u0259c\u0259k.<\/p>\n\n\n\n<h3 class=\"wp-block-heading\" id=\"h-3-pronouns-determiners\">3. Pronouns\/Determinl\u0259r<\/h3>\n\n\n\n<p>\u0130sland dili \u015f\u0259xsi, e&#8217;tiqadl\u0131, refleksiv v\u0259 n\u00fcmayi\u015fedici pronounlara, h\u0259m\u00e7inin quantifiyerl\u0259r\u0259 v\u0259 sor\u011fu-sual determinatorlar\u0131na malikdir. C\u00fcml\u0259l\u0259rd\u0259 d\u00fczg\u00fcn raz\u0131la\u015fma v\u0259 istifad\u0259ni t\u0259min etm\u0259k \u00fc\u00e7\u00fcn bu pronouns v\u0259 determinl\u0259r v\u0259 onlar\u0131n m\u00fcvafiq deklensiyalar\u0131 il\u0259 tan\u0131\u015f olun.<\/p>\n\n\n\n<h3 class=\"wp-block-heading\" id=\"h-4-adjectives\">4. Adjectives<\/h3>\n\n\n\n<p>\u0130sland dilind\u0259 adjectives cins, \u0259d\u0259d v\u0259 case il\u0259 onlar\u0131n d\u0259yi\u015fdirdikl\u0259ri noun il\u0259 raz\u0131la\u015fmal\u0131d\u0131r. Adjectives \u00fc\u00e7\u00fcn m\u00fcxt\u0259lif declension patterns v\u0259 onlar\u0131n noun cins v\u0259 case \u0259sas\u0131nda nec\u0259 d\u0259yi\u015fdiyini \u00f6yr\u0259nin.<\/p>\n\n\n\n<h3 class=\"wp-block-heading\" id=\"h-5-verbs\">5. Feill\u0259r<\/h3>\n\n\n\n<p>\u0130sland feill\u0259ri g\u0259rginliy\u0259, \u0259hval-ruhiyy\u0259y\u0259 v\u0259 s\u0259s\u0259 g\u00f6r\u0259 birl\u0259\u015fir. Bu g\u00fcn, ke\u00e7mi\u015f v\u0259 g\u0259l\u0259c\u0259k g\u0259rgin v\u0259ziyy\u0259tl\u0259ri, h\u0259m\u00e7inin g\u00f6st\u0259rici, tabe\u00e7ilik v\u0259 imperativ \u0259hval-ruhiyy\u0259ni \u00f6yr\u0259nm\u0259kl\u0259 ba\u015flay\u0131n. H\u0259m\u00e7inin m\u00fcnt\u0259z\u0259m v\u0259 qeyri-m\u00fcnt\u0259z\u0259m feill\u0259rin konyunkasiya sxemi il\u0259 tan\u0131\u015f ol.<\/p>\n\n\n\n<h3 class=\"wp-block-heading\" id=\"h-6-tense-comparison\">6. G\u0259rgin m\u00fcqayis\u0259<\/h3>\n\n\n\n<p>H\u0259r bir g\u0259rginl\u0259\u015fm\u0259nin sad\u0259 v\u0259 davaml\u0131 formalar\u0131n\u0131n f\u0259rqini ba\u015fa d\u00fc\u015fm\u0259k. \u0130sland dili ingilis dili kimi m\u00fct\u0259r\u0259qqi bir aspekt\u0259 malik deyil. Buna g\u00f6r\u0259 d\u0259 dig\u0259r strukturlardan istifad\u0259 ed\u0259r\u0259k davam ed\u0259n h\u0259r\u0259k\u0259tl\u0259ri ifad\u0259 etm\u0259yi \u00f6yr\u0259nin.<\/p>\n\n\n\n<h3 class=\"wp-block-heading\" id=\"h-7-perfect-progressive\">7. M\u00fck\u0259mm\u0259l T\u0259r\u0259qqi<\/h3>\n\n\n\n<p>\u0130ngilisl\u0259rin m\u00fck\u0259mm\u0259l m\u00fct\u0259r\u0259qqi g\u0259rginliy\u0259 birba\u015fa ekvivalenti yoxdur. Lakin buna b\u0259nz\u0259r fikirl\u0259ri k\u00f6m\u0259k\u00e7i feill\u0259rl\u0259 v\u0259 partiipliatlarla periprizmd\u0259n istifad\u0259 ed\u0259r\u0259k ifad\u0259 etm\u0259yi \u00f6yr\u0259n\u0259 bil\u0259rs\u0259n.<\/p>\n\n\n\n<h3 class=\"wp-block-heading\" id=\"h-8-adverbs\">8. Adverbl\u0259r<\/h3>\n\n\n\n<p>Adverbs feill\u0259ri, adjectives v\u0259 dig\u0259r adverbl\u0259ri d\u0259yi\u015fdirir. \u0130sland dilind\u0259 m\u00fcxt\u0259lif n\u00f6v adverbl\u0259ri, el\u0259c\u0259 d\u0259 onlar\u0131n c\u00fcml\u0259d\u0259 yerl\u0259\u015fdirilm\u0259sini \u00f6yr\u0259nin.<\/p>\n\n\n\n<h3 class=\"wp-block-heading\" id=\"h-9-prepositions\">9. Prepozisiyalar<\/h3>\n\n\n\n<p>Prepozisiyalar c\u00fcml\u0259d\u0259ki noun v\u0259 ya pronoun il\u0259 ba\u015fqa bir element aras\u0131ndak\u0131 \u0259laq\u0259ni g\u00f6st\u0259rir. Onlardan d\u00fczg\u00fcn istifad\u0259 etm\u0259k \u00fc\u00e7\u00fcn \u0259n geni\u015f yay\u0131lm\u0131\u015f \u0130slandiya prepozisiyalar\u0131n\u0131 v\u0259 onlar\u0131n hallar\u0131n\u0131 \u00f6yr\u0259nin.<\/p>\n\n\n\n<h3 class=\"wp-block-heading\" id=\"h-10-conditionals\">10. \u015e\u0259rti<\/h3>\n\n\n\n<p>\u0130sland dilind\u0259 \u015f\u0259rti c\u00fcml\u0259l\u0259rin \u00fc\u00e7 n\u00f6v\u00fc var: real, qeyri-real v\u0259 ke\u00e7mi\u015f qeyri-real. Hipotetik v\u0259ziyy\u0259tl\u0259ri v\u0259 onlar\u0131n m\u00fcmk\u00fcn n\u0259tic\u0259l\u0259rini ifad\u0259 etm\u0259k \u00fc\u00e7\u00fcn bu \u015f\u0259rtin qurulu\u015funu v\u0259 istifad\u0259sini ba\u015fa d\u00fc\u015fm\u0259k.<\/p>\n\n\n\n<h3 class=\"wp-block-heading\" id=\"h-11-sentences\">11. C\u00fcml\u0259l\u0259r<\/h3>\n\n\n\n<p>N\u0259hay\u0259t, deklarativ, sor\u011fu-sualedici, imperativ v\u0259 eksklamatoriya kimi m\u00fcxt\u0259lif n\u00f6v island c\u00fcml\u0259l\u0259rinin d\u00fcz\u0259ldilm\u0259 praktikas\u0131. Bu siz\u0259 \u0130slandiya sintaksisind\u0259 v\u0259 \u00fcmumi dil profisitind\u0259 m\u00f6hk\u0259m b\u00fcn\u00f6vr\u0259ni inki\u015faf etdirm\u0259kd\u0259 k\u00f6m\u0259k ed\u0259c\u0259k.<\/p>\n<\/div><\/div>\n\r\n<section class=\"learnNavigationSection\">\r\n            \r\n        <a href=\"https:\/\/talkpal.ai\/az\/island-dilini-oyr%c9%99n\/\">\r\n            <div class=\"learnNavigationWrapper\">\r\n                <div class=\"learnNavigationContent\">\r\n                    <img decoding=\"async\" src=\"https:\/\/talkpal.ai\/wp-content\/uploads\/2024\/08\/Icelandic.jpg\" alt=\"Iceland Flag\">\r\n                    <div>\r\n                        <h4>\u0130slandiya \u00d6yr\u0259nilm\u0259si haqq\u0131nda<\/h4>\r\n                        <p>\u0130slandiya dilinin qrammatikas\u0131 haqq\u0131nda h\u0259r \u015feyi \u00f6yr\u0259nin.<\/p>\r\n                    <\/div>\r\n                <\/div>\r\n            <\/div>\r\n        <\/a>\r\n\r\n        \r\n        <a href=\"https:\/\/talkpal.ai\/az\/island-dilinin-qrammatikasi\/\">\r\n            <div class=\"learnNavigationWrapper\">\r\n                <div class=\"learnNavigationContent\">\r\n                    <img decoding=\"async\" src=\"https:\/\/talkpal.ai\/wp-content\/uploads\/2024\/08\/Icelandic.jpg\" alt=\"Iceland Flag\">\r\n                    <div>\r\n                        <h4>\u0130slandiya Qrammatikas\u0131 D\u0259rsl\u0259ri<\/h4>\r\n                        <p>\u0130sland dilinin qrammatikas\u0131 praktik.<\/p>\r\n                    <\/div>\r\n                <\/div>\r\n            <\/div>\r\n        <\/a>\r\n\r\n        \r\n        <a href=\"https:\/\/talkpal.ai\/vocabulary_language\/icelandic\/\">\r\n            <div class=\"learnNavigationWrapper\">\r\n                <div class=\"learnNavigationContent\">\r\n                    <img decoding=\"async\" src=\"https:\/\/talkpal.ai\/wp-content\/uploads\/2024\/08\/Icelandic.jpg\" alt=\"Iceland Flag\">\r\n                    <div>\r\n                        <h4>\u0130slandiya l\u00fc\u011f\u0259ti<\/h4>\r\n                        <p>\u0130slandiya l\u00fc\u011f\u0259tinizi geni\u015fl\u0259ndirin.<\/p>\r\n                    <\/div>\r\n                <\/div>\r\n            <\/div>\r\n        <\/a>\r\n\r\n            <\/section>","protected":false},"excerpt":{"rendered":"<p>\u0130slandiya dilinin qrammatikas\u0131 m\u00f6vzular\u0131 300.000-d\u0259n \u00e7ox insan\u0131n dan\u0131\u015fd\u0131\u011f\u0131 \u015eimali Alman dili olan island dili \u0130slandiyan\u0131n r\u0259smi dilidir. M\u00fcr\u0259kk\u0259b qrammatikas\u0131 v\u0259 z\u0259ngin s\u00f6z ehtiyat\u0131 il\u0259 tan\u0131nan island dili b\u00fct\u00fcn d\u00fcnyadan dil \u00f6yr\u0259n\u0259nl\u0259ri c\u0259lb ed\u0259n \u00f6z\u00fcn\u0259m\u0259xsus cazib\u0259y\u0259 malikdir. K\u00f6hn\u0259 Norse dilind\u0259 k\u00f6kl\u0259ri il\u0259 island dili vikinq d\u00f6vr\u00fcn\u0259 aid g\u00fccl\u00fc \u0259d\u0259bi \u0259n\u0259n\u0259l\u0259r\u0259 malikdir. Bu m\u0259qal\u0259d\u0259 siz\u0259 bu maraql\u0131 [&hellip;]<\/p>\n","protected":false},"author":6,"featured_media":113386,"parent":0,"menu_order":0,"comment_status":"closed","ping_status":"closed","template":"LearningContentPage.php","meta":{"_acf_changed":false,"footnotes":""},"class_list":["post-161658","page","type-page","status-publish","has-post-thumbnail","hentry"],"acf":[],"yoast_head":"<!-- This site is optimized with the Yoast SEO Premium plugin v27.2 (Yoast SEO v27.2) - https:\/\/yoast.com\/product\/yoast-seo-premium-wordpress\/ -->\n<title>\u0130sland dilinin qrammatikas\u0131 m\u0259\u015f\u011f\u0259l\u0259l\u0259ri - Talkpal<\/title>\n<meta name=\"description\" content=\"\u0130slandiya qrammatikas\u0131n\u0131 asanl\u0131qla m\u0259\u015fq edin - Talkpal AI il\u0259 m\u0259\u015fql\u0259r, interaktiv t\u0259cr\u00fcb\u0259 v\u0259 ani r\u0259y vasit\u0259sil\u0259 bacar\u0131qlar\u0131n\u0131z\u0131 g\u00fccl\u0259ndirin.\" \/>\n<meta name=\"robots\" content=\"index, follow, max-snippet:-1, max-image-preview:large, max-video-preview:-1\" \/>\n<link rel=\"canonical\" href=\"https:\/\/talkpal.ai\/az\/island-dilinin-qrammatikasi-m%c9%99sg%c9%99l%c9%99l%c9%99ri\/\" \/>\n<meta property=\"og:locale\" content=\"az_AZ\" \/>\n<meta property=\"og:type\" content=\"article\" \/>\n<meta property=\"og:title\" content=\"\u0130sland dilinin qrammatikas\u0131 m\u0259\u015f\u011f\u0259l\u0259l\u0259ri\" \/>\n<meta property=\"og:description\" content=\"\u0130slandiya dilinin qrammatikas\u0131 m\u00f6vzular\u0131 300.000-d\u0259n \u00e7ox insan\u0131n dan\u0131\u015fd\u0131\u011f\u0131 \u015eimali Alman dili olan island dili \u0130slandiyan\u0131n r\u0259smi dilidir. M\u00fcr\u0259kk\u0259b\" \/>\n<meta property=\"og:url\" content=\"https:\/\/talkpal.ai\/az\/island-dilinin-qrammatikasi-m%c9%99sg%c9%99l%c9%99l%c9%99ri\/\" \/>\n<meta property=\"og:site_name\" content=\"Talkpal\" \/>\n<meta property=\"article:publisher\" content=\"https:\/\/www.facebook.com\/profile.php?id=100090733639311\" \/>\n<meta property=\"article:modified_time\" content=\"2025-12-17T16:10:21+00:00\" \/>\n<meta property=\"og:image\" content=\"https:\/\/talkpal.ai\/wp-content\/uploads\/2023\/05\/iceland.png\" \/>\n\t<meta property=\"og:image:width\" content=\"512\" \/>\n\t<meta property=\"og:image:height\" content=\"512\" \/>\n\t<meta property=\"og:image:type\" content=\"image\/png\" \/>\n<meta name=\"twitter:card\" content=\"summary_large_image\" \/>\n<meta name=\"twitter:site\" content=\"@talkpalai\" \/>\n<meta name=\"twitter:label1\" content=\"Est. reading time\" \/>\n\t<meta name=\"twitter:data1\" content=\"4 minutes\" \/>\n<script type=\"application\/ld+json\" class=\"yoast-schema-graph\">{\"@context\":\"https:\/\/schema.org\",\"@graph\":[{\"@type\":\"WebPage\",\"@id\":\"https:\/\/talkpal.ai\/az\/island-dilinin-qrammatikasi-m%c9%99sg%c9%99l%c9%99l%c9%99ri\/\",\"url\":\"https:\/\/talkpal.ai\/az\/island-dilinin-qrammatikasi-m%c9%99sg%c9%99l%c9%99l%c9%99ri\/\",\"name\":\"\u0130sland dilinin qrammatikas\u0131 m\u0259\u015f\u011f\u0259l\u0259l\u0259ri - Talkpal\",\"isPartOf\":{\"@id\":\"https:\/\/talkpal.ai\/az\/#website\"},\"primaryImageOfPage\":{\"@id\":\"https:\/\/talkpal.ai\/az\/island-dilinin-qrammatikasi-m%c9%99sg%c9%99l%c9%99l%c9%99ri\/#primaryimage\"},\"image\":{\"@id\":\"https:\/\/talkpal.ai\/az\/island-dilinin-qrammatikasi-m%c9%99sg%c9%99l%c9%99l%c9%99ri\/#primaryimage\"},\"thumbnailUrl\":\"https:\/\/talkpal.ai\/wp-content\/uploads\/2023\/05\/iceland.png\",\"datePublished\":\"2023-06-21T14:50:44+00:00\",\"dateModified\":\"2025-12-17T16:10:21+00:00\",\"description\":\"\u0130slandiya qrammatikas\u0131n\u0131 asanl\u0131qla m\u0259\u015fq edin - Talkpal AI il\u0259 m\u0259\u015fql\u0259r, interaktiv t\u0259cr\u00fcb\u0259 v\u0259 ani r\u0259y vasit\u0259sil\u0259 bacar\u0131qlar\u0131n\u0131z\u0131 g\u00fccl\u0259ndirin.\",\"breadcrumb\":{\"@id\":\"https:\/\/talkpal.ai\/az\/island-dilinin-qrammatikasi-m%c9%99sg%c9%99l%c9%99l%c9%99ri\/#breadcrumb\"},\"inLanguage\":\"az\",\"potentialAction\":[{\"@type\":\"ReadAction\",\"target\":[\"https:\/\/talkpal.ai\/az\/island-dilinin-qrammatikasi-m%c9%99sg%c9%99l%c9%99l%c9%99ri\/\"]}]},{\"@type\":\"ImageObject\",\"inLanguage\":\"az\",\"@id\":\"https:\/\/talkpal.ai\/az\/island-dilinin-qrammatikasi-m%c9%99sg%c9%99l%c9%99l%c9%99ri\/#primaryimage\",\"url\":\"https:\/\/talkpal.ai\/wp-content\/uploads\/2023\/05\/iceland.png\",\"contentUrl\":\"https:\/\/talkpal.ai\/wp-content\/uploads\/2023\/05\/iceland.png\",\"width\":512,\"height\":512},{\"@type\":\"BreadcrumbList\",\"@id\":\"https:\/\/talkpal.ai\/az\/island-dilinin-qrammatikasi-m%c9%99sg%c9%99l%c9%99l%c9%99ri\/#breadcrumb\",\"itemListElement\":[{\"@type\":\"ListItem\",\"position\":1,\"name\":\"Homepage\",\"item\":\"https:\/\/talkpal.ai\/az\/\"},{\"@type\":\"ListItem\",\"position\":2,\"name\":\"\u0130sland dilinin qrammatikas\u0131 m\u0259\u015f\u011f\u0259l\u0259l\u0259ri\"}]},{\"@type\":\"WebSite\",\"@id\":\"https:\/\/talkpal.ai\/az\/#website\",\"url\":\"https:\/\/talkpal.ai\/az\/\",\"name\":\"Talkpal\",\"description\":\"AI Language Learning\",\"publisher\":{\"@id\":\"https:\/\/talkpal.ai\/az\/#organization\"},\"alternateName\":\"Talkpal AI\",\"potentialAction\":[{\"@type\":\"SearchAction\",\"target\":{\"@type\":\"EntryPoint\",\"urlTemplate\":\"https:\/\/talkpal.ai\/az\/?s={search_term_string}\"},\"query-input\":{\"@type\":\"PropertyValueSpecification\",\"valueRequired\":true,\"valueName\":\"search_term_string\"}}],\"inLanguage\":\"az\"},{\"@type\":\"Organization\",\"@id\":\"https:\/\/talkpal.ai\/az\/#organization\",\"name\":\"Talkpal, Inc.\",\"alternateName\":\"Talkpal AI\",\"url\":\"https:\/\/talkpal.ai\/az\/\",\"logo\":{\"@type\":\"ImageObject\",\"inLanguage\":\"az\",\"@id\":\"https:\/\/talkpal.ai\/az\/#\/schema\/logo\/image\/\",\"url\":\"https:\/\/talkpal.ai\/wp-content\/uploads\/2024\/03\/Talkpal-Logo-Icon.png\",\"contentUrl\":\"https:\/\/talkpal.ai\/wp-content\/uploads\/2024\/03\/Talkpal-Logo-Icon.png\",\"width\":2880,\"height\":2880,\"caption\":\"Talkpal, Inc.\"},\"image\":{\"@id\":\"https:\/\/talkpal.ai\/az\/#\/schema\/logo\/image\/\"},\"sameAs\":[\"https:\/\/www.facebook.com\/profile.php?id=100090733639311\",\"https:\/\/x.com\/talkpalai\",\"https:\/\/www.linkedin.com\/company\/talkpal\/\",\"https:\/\/www.youtube.com\/@TalkPal\/\",\"https:\/\/www.tiktok.com\/@talkpal\",\"https:\/\/www.instagram.com\/talkpal_ai\/\",\"https:\/\/www.crunchbase.com\/organization\/talkpal-9cde\",\"https:\/\/www.g2.com\/products\/talkpal-for-business\/\",\"https:\/\/www.trustpilot.com\/review\/talkpal.ai\",\"https:\/\/www.capterra.com\/p\/10006800\/TalkPal\/\"],\"description\":\"Talkpal is a language learning web and mobile education app, powered by the latest AI technologies, that provides engaging experiences to its customers in many different languages to help them improve their language skills. Users can chat about unlimited amount of topics with the app and use other modes to practice their language learning.\",\"email\":\"support@talkpal.ai\",\"legalName\":\"Talkpal, Inc.\",\"foundingDate\":\"2023-04-03\",\"duns\":\"118989042\",\"numberOfEmployees\":{\"@type\":\"QuantitativeValue\",\"minValue\":\"11\",\"maxValue\":\"50\"},\"publishingPrinciples\":\"https:\/\/talkpal.ai\/publishing-principles\/\",\"actionableFeedbackPolicy\":\"https:\/\/talkpal.ai\/actionable-feedback-policy\/\",\"correctionsPolicy\":\"https:\/\/talkpal.ai\/corrections-policy\/\",\"ethicsPolicy\":\"https:\/\/talkpal.ai\/ethics-policy\/\",\"diversityPolicy\":\"https:\/\/talkpal.ai\/diversity-policy\/\",\"diversityStaffingReport\":\"https:\/\/talkpal.ai\/diversity-policy\/\"}]}<\/script>\n<!-- \/ Yoast SEO Premium plugin. -->","yoast_head_json":{"title":"\u0130sland dilinin qrammatikas\u0131 m\u0259\u015f\u011f\u0259l\u0259l\u0259ri - Talkpal","description":"\u0130slandiya qrammatikas\u0131n\u0131 asanl\u0131qla m\u0259\u015fq edin - Talkpal AI il\u0259 m\u0259\u015fql\u0259r, interaktiv t\u0259cr\u00fcb\u0259 v\u0259 ani r\u0259y vasit\u0259sil\u0259 bacar\u0131qlar\u0131n\u0131z\u0131 g\u00fccl\u0259ndirin.","robots":{"index":"index","follow":"follow","max-snippet":"max-snippet:-1","max-image-preview":"max-image-preview:large","max-video-preview":"max-video-preview:-1"},"canonical":"https:\/\/talkpal.ai\/az\/island-dilinin-qrammatikasi-m%c9%99sg%c9%99l%c9%99l%c9%99ri\/","og_locale":"az_AZ","og_type":"article","og_title":"\u0130sland dilinin qrammatikas\u0131 m\u0259\u015f\u011f\u0259l\u0259l\u0259ri","og_description":"\u0130slandiya dilinin qrammatikas\u0131 m\u00f6vzular\u0131 300.000-d\u0259n \u00e7ox insan\u0131n dan\u0131\u015fd\u0131\u011f\u0131 \u015eimali Alman dili olan island dili \u0130slandiyan\u0131n r\u0259smi dilidir. M\u00fcr\u0259kk\u0259b","og_url":"https:\/\/talkpal.ai\/az\/island-dilinin-qrammatikasi-m%c9%99sg%c9%99l%c9%99l%c9%99ri\/","og_site_name":"Talkpal","article_publisher":"https:\/\/www.facebook.com\/profile.php?id=100090733639311","article_modified_time":"2025-12-17T16:10:21+00:00","og_image":[{"width":512,"height":512,"url":"https:\/\/talkpal.ai\/wp-content\/uploads\/2023\/05\/iceland.png","type":"image\/png"}],"twitter_card":"summary_large_image","twitter_site":"@talkpalai","twitter_misc":{"Est. reading time":"4 minutes"},"schema":{"@context":"https:\/\/schema.org","@graph":[{"@type":"WebPage","@id":"https:\/\/talkpal.ai\/az\/island-dilinin-qrammatikasi-m%c9%99sg%c9%99l%c9%99l%c9%99ri\/","url":"https:\/\/talkpal.ai\/az\/island-dilinin-qrammatikasi-m%c9%99sg%c9%99l%c9%99l%c9%99ri\/","name":"\u0130sland dilinin qrammatikas\u0131 m\u0259\u015f\u011f\u0259l\u0259l\u0259ri - Talkpal","isPartOf":{"@id":"https:\/\/talkpal.ai\/az\/#website"},"primaryImageOfPage":{"@id":"https:\/\/talkpal.ai\/az\/island-dilinin-qrammatikasi-m%c9%99sg%c9%99l%c9%99l%c9%99ri\/#primaryimage"},"image":{"@id":"https:\/\/talkpal.ai\/az\/island-dilinin-qrammatikasi-m%c9%99sg%c9%99l%c9%99l%c9%99ri\/#primaryimage"},"thumbnailUrl":"https:\/\/talkpal.ai\/wp-content\/uploads\/2023\/05\/iceland.png","datePublished":"2023-06-21T14:50:44+00:00","dateModified":"2025-12-17T16:10:21+00:00","description":"\u0130slandiya qrammatikas\u0131n\u0131 asanl\u0131qla m\u0259\u015fq edin - Talkpal AI il\u0259 m\u0259\u015fql\u0259r, interaktiv t\u0259cr\u00fcb\u0259 v\u0259 ani r\u0259y vasit\u0259sil\u0259 bacar\u0131qlar\u0131n\u0131z\u0131 g\u00fccl\u0259ndirin.","breadcrumb":{"@id":"https:\/\/talkpal.ai\/az\/island-dilinin-qrammatikasi-m%c9%99sg%c9%99l%c9%99l%c9%99ri\/#breadcrumb"},"inLanguage":"az","potentialAction":[{"@type":"ReadAction","target":["https:\/\/talkpal.ai\/az\/island-dilinin-qrammatikasi-m%c9%99sg%c9%99l%c9%99l%c9%99ri\/"]}]},{"@type":"ImageObject","inLanguage":"az","@id":"https:\/\/talkpal.ai\/az\/island-dilinin-qrammatikasi-m%c9%99sg%c9%99l%c9%99l%c9%99ri\/#primaryimage","url":"https:\/\/talkpal.ai\/wp-content\/uploads\/2023\/05\/iceland.png","contentUrl":"https:\/\/talkpal.ai\/wp-content\/uploads\/2023\/05\/iceland.png","width":512,"height":512},{"@type":"BreadcrumbList","@id":"https:\/\/talkpal.ai\/az\/island-dilinin-qrammatikasi-m%c9%99sg%c9%99l%c9%99l%c9%99ri\/#breadcrumb","itemListElement":[{"@type":"ListItem","position":1,"name":"Homepage","item":"https:\/\/talkpal.ai\/az\/"},{"@type":"ListItem","position":2,"name":"\u0130sland dilinin qrammatikas\u0131 m\u0259\u015f\u011f\u0259l\u0259l\u0259ri"}]},{"@type":"WebSite","@id":"https:\/\/talkpal.ai\/az\/#website","url":"https:\/\/talkpal.ai\/az\/","name":"Talkpal","description":"AI Language Learning","publisher":{"@id":"https:\/\/talkpal.ai\/az\/#organization"},"alternateName":"Talkpal AI","potentialAction":[{"@type":"SearchAction","target":{"@type":"EntryPoint","urlTemplate":"https:\/\/talkpal.ai\/az\/?s={search_term_string}"},"query-input":{"@type":"PropertyValueSpecification","valueRequired":true,"valueName":"search_term_string"}}],"inLanguage":"az"},{"@type":"Organization","@id":"https:\/\/talkpal.ai\/az\/#organization","name":"Talkpal, Inc.","alternateName":"Talkpal AI","url":"https:\/\/talkpal.ai\/az\/","logo":{"@type":"ImageObject","inLanguage":"az","@id":"https:\/\/talkpal.ai\/az\/#\/schema\/logo\/image\/","url":"https:\/\/talkpal.ai\/wp-content\/uploads\/2024\/03\/Talkpal-Logo-Icon.png","contentUrl":"https:\/\/talkpal.ai\/wp-content\/uploads\/2024\/03\/Talkpal-Logo-Icon.png","width":2880,"height":2880,"caption":"Talkpal, Inc."},"image":{"@id":"https:\/\/talkpal.ai\/az\/#\/schema\/logo\/image\/"},"sameAs":["https:\/\/www.facebook.com\/profile.php?id=100090733639311","https:\/\/x.com\/talkpalai","https:\/\/www.linkedin.com\/company\/talkpal\/","https:\/\/www.youtube.com\/@TalkPal\/","https:\/\/www.tiktok.com\/@talkpal","https:\/\/www.instagram.com\/talkpal_ai\/","https:\/\/www.crunchbase.com\/organization\/talkpal-9cde","https:\/\/www.g2.com\/products\/talkpal-for-business\/","https:\/\/www.trustpilot.com\/review\/talkpal.ai","https:\/\/www.capterra.com\/p\/10006800\/TalkPal\/"],"description":"Talkpal is a language learning web and mobile education app, powered by the latest AI technologies, that provides engaging experiences to its customers in many different languages to help them improve their language skills. Users can chat about unlimited amount of topics with the app and use other modes to practice their language learning.","email":"support@talkpal.ai","legalName":"Talkpal, Inc.","foundingDate":"2023-04-03","duns":"118989042","numberOfEmployees":{"@type":"QuantitativeValue","minValue":"11","maxValue":"50"},"publishingPrinciples":"https:\/\/talkpal.ai\/publishing-principles\/","actionableFeedbackPolicy":"https:\/\/talkpal.ai\/actionable-feedback-policy\/","correctionsPolicy":"https:\/\/talkpal.ai\/corrections-policy\/","ethicsPolicy":"https:\/\/talkpal.ai\/ethics-policy\/","diversityPolicy":"https:\/\/talkpal.ai\/diversity-policy\/","diversityStaffingReport":"https:\/\/talkpal.ai\/diversity-policy\/"}]}},"_links":{"self":[{"href":"https:\/\/talkpal.ai\/az\/wp-json\/wp\/v2\/pages\/161658","targetHints":{"allow":["GET"]}}],"collection":[{"href":"https:\/\/talkpal.ai\/az\/wp-json\/wp\/v2\/pages"}],"about":[{"href":"https:\/\/talkpal.ai\/az\/wp-json\/wp\/v2\/types\/page"}],"author":[{"embeddable":true,"href":"https:\/\/talkpal.ai\/az\/wp-json\/wp\/v2\/users\/6"}],"replies":[{"embeddable":true,"href":"https:\/\/talkpal.ai\/az\/wp-json\/wp\/v2\/comments?post=161658"}],"version-history":[{"count":0,"href":"https:\/\/talkpal.ai\/az\/wp-json\/wp\/v2\/pages\/161658\/revisions"}],"wp:featuredmedia":[{"embeddable":true,"href":"https:\/\/talkpal.ai\/az\/wp-json\/wp\/v2\/media\/113386"}],"wp:attachment":[{"href":"https:\/\/talkpal.ai\/az\/wp-json\/wp\/v2\/media?parent=161658"}],"curies":[{"name":"wp","href":"https:\/\/api.w.org\/{rel}","templated":true}]}}