{"id":161342,"date":"2023-06-22T07:25:42","date_gmt":"2023-06-22T07:25:42","guid":{"rendered":"http:\/\/talkpal.ai\/indoneziya-qrammatika-m%c9%99sql%c9%99ri\/"},"modified":"2025-12-17T15:09:21","modified_gmt":"2025-12-17T15:09:21","slug":"indoneziya-qrammatika-m%c9%99sql%c9%99ri","status":"publish","type":"page","link":"https:\/\/talkpal.ai\/az\/indoneziya-qrammatika-m%c9%99sql%c9%99ri\/","title":{"rendered":"\u0130ndoneziya Qrammatika M\u0259\u015fql\u0259ri"},"content":{"rendered":"\r\n\r\n\r\n<section class=\"languageChallengeSection\">\r\n    <div class=\"languageInfoWrapper\">\r\n        \r\n        <h1>\u0130ndoneziya Qrammatika M\u0259\u015fql\u0259ri<\/h1>\r\n        <p>\u0130ndoneziya dilin\u0259 inam\u0131n\u0131z\u0131 art\u0131rmaq ist\u0259yirsiniz? Qrammatik m\u0259\u015fql\u0259r daha t\u0259bii \u00fcnsiyy\u0259t qurma\u011f\u0131n\u0131za k\u00f6m\u0259k ed\u0259c\u0259k c\u00fcml\u0259 qurulu\u015funu, fel formalar\u0131n\u0131 v\u0259 \u0259sas n\u00fcmun\u0259l\u0259ri m\u0259nims\u0259m\u0259yin \u0259la yoludur. Bu g\u00fcn \u0130ndoneziya dilinin qrammatikas\u0131n\u0131 t\u0259tbiq etm\u0259y\u0259 ba\u015flay\u0131n v\u0259 h\u0259r seansda bacar\u0131qlar\u0131n\u0131z\u0131n v\u0259 anlay\u0131\u015f\u0131n\u0131z\u0131n b\u00f6y\u00fcm\u0259sini izl\u0259yin!<\/p>\r\n\r\n                            <a class=\"getStartedHidden\" href=\"https:\/\/app.talkpal.ai\/signup?lng=\">Ba\u015fla<\/a>\r\n        \r\n    <\/div>\r\n\r\n    <figure>\r\n    <img decoding=\"async\" width=\"768\" height=\"768\" src=\"https:\/\/talkpal.ai\/wp-content\/uploads\/2023\/06\/indonesia-768x768.png\" class=\"languageImage no-lazy\" alt=\"Language learning for personal achievement\" fetchpriority=\"high\" sizes=\"(max-width: 768px) 150px, 768px\" srcset=\"https:\/\/talkpal.ai\/wp-content\/uploads\/2023\/06\/indonesia-768x768.png 768w, https:\/\/talkpal.ai\/wp-content\/uploads\/2023\/06\/indonesia-300x300.png 300w\" \/>\r\n    \r\n\r\n    <\/figure>\r\n\r\n            <a class=\"getStartedVisible\" href=\"https:\/\/app.talkpal.ai\/signup?lng=\">Ba\u015fla<\/a>\r\n    \r\n<\/section>\r\n\r\n\r\n<!-- <section class=\"grammarSection\">\r\n    <div class=\"grammarLinks\">\r\n            <\/div>\r\n<\/section> -->\r\n\r\n\r\n\r\n\r\n<section class=\"promotionalBanner\">\r\n    <p class=\"promotionalText\">Dil \u00f6yr\u0259nm\u0259yin \u0259n t\u0259sirli yolu<\/p>\r\n    <a class=\"promotionalLink\" href=\"https:\/\/app.talkpal.ai\/signup?lng=\">Talkpal pulsuz s\u0131nay\u0131n<\/a>\r\n<\/section>\n<div class=\"wp-block-group pageContainerStyle\"><div class=\"wp-block-group__inner-container is-layout-constrained wp-block-group-is-layout-constrained\">\n<h2 class=\"wp-block-heading\" id=\"h-indonesian-grammar-topics\">indonesian Grammar M\u00f6vzular<\/h2>\n\n\n\n<p>\u0130ndoneziya dili v\u0259 ya Bahasa \u0130ndoneziya dili \u0130ndoneziyan\u0131n r\u0259smi dili olub, 700-d\u0259n \u00e7ox dild\u0259 dan\u0131\u015fan \u00f6lk\u0259d\u0259 birl\u0259\u015fdirici dil kimi xidm\u0259t edir. Malay dilinin standartla\u015fd\u0131r\u0131lm\u0131\u015f qeydiyyat\u0131 olaraq, asan \u00f6yr\u0259nil\u0259c\u0259k qrammatik sistem\u0259 malik Austronesian dilidir. \u0130ndoneziya dilini \u00f6yr\u0259n\u0259rk\u0259n effektiv \u00fcnsiyy\u0259t \u00fc\u00e7\u00fcn onun qrammatik qaydalar\u0131n\u0131 v\u0259 strukturunu ba\u015fa d\u00fc\u015fm\u0259k vacibdir. Bu b\u0259l\u0259d\u00e7id\u0259 biz \u0130ndoneziya dilinin m\u00fcxt\u0259lif qrammatika m\u00f6vzular\u0131n\u0131 \u00f6yr\u0259nm\u0259k ard\u0131c\u0131ll\u0131\u011f\u0131na diqq\u0259t ed\u0259c\u0259yik. M\u0259s\u0259l\u0259n, g\u0259rginlik, feil, isim, m\u0259qal\u0259, pronoun, adjectives, adverbs, conditionals, prepositions v\u0259 c\u00fcml\u0259 qurulu\u015fu.<\/p>\n\n\n\n<h3 class=\"wp-block-heading\" id=\"h-1-nouns\">1. Nounlar<\/h3>\n\n\n\n<p>\u0130ndoneziyal\u0131 nounlar\u0131 \u00f6yr\u0259nm\u0259kl\u0259 ba\u015flay\u0131n, \u00e7\u00fcnki onlar dilin \u0259n sad\u0259 tikinti bloklar\u0131d\u0131r. \u0130ndoneziyal\u0131 nounlar cinsi v\u0259 ya \u00e7oxaltm\u0131r, bu is\u0259 onlar\u0131 asanl\u0131qla ba\u015fa d\u00fc\u015fm\u0259y\u0259 k\u00f6m\u0259k edir. \u00dcmumi nounlarla v\u0259 onlar\u0131n istifad\u0259 qaydas\u0131 il\u0259 tan\u0131\u015f ol.<\/p>\n\n\n\n<h3 class=\"wp-block-heading\" id=\"h-2-pronouns-determiners\">2. Pronouns\/Determinl\u0259r<\/h3>\n\n\n\n<p>(Ya Pey\u011f\u0259mb\u0259r!) S\u0259n n\u0259 bilirs\u0259n (bilirs\u0259n) ki, \u0259ql\u0259n v\u0259 (kafirl\u0259r) onu (m\u00fcxt\u0259lif) izahedici s\u00f6z desinl\u0259r: \u0130ndoneziyan\u0131n m\u00fcxt\u0259lif \u015f\u0259xsi pronounlar\u0131 v\u0259 ingilis ekvivalentl\u0259rin\u0259 uy\u011fun olan sahib determinl\u0259ri var. C\u00fcml\u0259nin tikintisind\u0259 t\u0259m\u0259lini qurmaq \u00fc\u00e7\u00fcn onlardan m\u00fcxt\u0259lif kontekstl\u0259rd\u0259 istifad\u0259 et.<\/p>\n\n\n\n<h3 class=\"wp-block-heading\" id=\"h-3-adjectives\">3. Adjectives<\/h3>\n\n\n\n<p>Adjectives) \u2014 \u0130ndoneziya dilind\u0259 ad adlar\u0131n\u0131 t\u0259svir etm\u0259k v\u0259 f\u0259rql\u0259ndirm\u0259k \u00fc\u00e7\u00fcn \u00e7ox vacibdir. Sad\u0259 c\u00fcml\u0259l\u0259rd\u0259 adjectives istifad\u0259 etm\u0259k v\u0259 onlar\u0131n nouns il\u0259 \u0259laq\u0259dar yerl\u0259\u015fdirilm\u0259sini anlamaq \u00fc\u00e7\u00fcn nec\u0259 \u00f6yr\u0259nm\u0259k.<\/p>\n\n\n\n<h3 class=\"wp-block-heading\" id=\"h-4-verbs\">4. Feill\u0259r<\/h3>\n\n\n\n<p>\u0130ndoneziya feill\u0259ri bir-biri il\u0259 s\u0131x ba\u011fl\u0131 deyil, ba\u015fqa dill\u0259rl\u0259 m\u00fcqayis\u0259d\u0259 onlar\u0131 \u00f6yr\u0259nm\u0259k nisb\u0259t\u0259n asan olur. \u018fsas feil formalar\u0131 v\u0259 onlar\u0131n c\u00fcml\u0259l\u0259rd\u0259 istifad\u0259sini \u00f6yr\u0259n.<\/p>\n\n\n\n<h3 class=\"wp-block-heading\" id=\"h-5-tenses\">5. G\u0259rginlikl\u0259r<\/h3>\n\n\n\n<p>\u0130ndoneziyan\u0131n ingilis dili g\u0259rginl\u0259rin\u0259 birba\u015fa ekvivalenti yoxdur. \u018fksin\u0259, vaxt kontekst v\u0259 ya konkret s\u00f6zl\u0259r vasit\u0259sil\u0259 ifad\u0259 olunur. \u0130ndoneziya dilind\u0259 ke\u00e7mi\u015f, indiki v\u0259 g\u0259l\u0259c\u0259k hadis\u0259l\u0259ri m\u00fcxt\u0259lif reklam v\u0259 ifad\u0259l\u0259rd\u0259n istifad\u0259 ed\u0259r\u0259k nec\u0259 \u00e7atd\u0131rmaq laz\u0131m oldu\u011funu \u00f6yr\u0259n.<\/p>\n\n\n\n<h3 class=\"wp-block-heading\" id=\"h-6-tense-comparison-progressive-perfect-progressive\">6. G\u0259rgin m\u00fcqayis\u0259, m\u00fct\u0259r\u0259qqi, m\u00fck\u0259mm\u0259l t\u0259r\u0259qqi<\/h3>\n\n\n\n<p>\u0130ndoneziyan\u0131n g\u0259rgin sistemi olmad\u0131\u011f\u0131ndan, g\u0259rgin m\u00fcqayis\u0259, m\u00fct\u0259r\u0259qqi v\u0259 m\u00fck\u0259mm\u0259l t\u0259r\u0259qqi anlay\u0131\u015f\u0131n\u0131 ba\u015fa d\u00fc\u015fm\u0259k olduqca vacibdir. M\u00fcxt\u0259lif s\u00f6z v\u0259 ifad\u0259l\u0259rd\u0259n istifad\u0259 ed\u0259r\u0259k bu c\u0259h\u0259tl\u0259ri nec\u0259 ifad\u0259 etm\u0259yi \u00f6yr\u0259nin.<\/p>\n\n\n\n<h3 class=\"wp-block-heading\" id=\"h-7-adverbs\">7. Adverbl\u0259r<\/h3>\n\n\n\n<p>C\u00fcml\u0259l\u0259riniz\u0259 daha \u0259trafl\u0131 v\u0259 d\u0259rin \u0259lav\u0259 etm\u0259k \u00fc\u00e7\u00fcn \u0130ndoneziya s\u00f6z ehtiyat\u0131n\u0131za adverbl\u0259ri daxil edin. Adverb yerl\u0259\u015fdirm\u0259 v\u0259 istifad\u0259 qaydalar\u0131n\u0131 \u00f6yr\u0259nin.<\/p>\n\n\n\n<h3 class=\"wp-block-heading\" id=\"h-8-prepositions\">8. Prepozisiyalar<\/h3>\n\n\n\n<p>Prepozisiyalar bir c\u00fcml\u0259d\u0259 s\u00f6zl\u0259r aras\u0131ndak\u0131 m\u00fcnasib\u0259tl\u0259ri bildirm\u0259k \u00fc\u00e7\u00fcn istifad\u0259 olunur. \u0130ndoneziyan\u0131n \u00fcmumi prepozisiyalar\u0131n\u0131 v\u0259 onlar\u0131n m\u00fcxt\u0259lif kontekstl\u0259rd\u0259 istifad\u0259sini \u00f6yr\u0259nin.<\/p>\n\n\n\n<h3 class=\"wp-block-heading\" id=\"h-9-conditionals\">9. \u015e\u0259rtli<\/h3>\n\n\n\n<p>F\u0259rziyy\u0259li v\u0259ziyy\u0259tl\u0259ri v\u0259 onlar\u0131n n\u0259tic\u0259l\u0259rini ifad\u0259 ed\u0259n \u0130ndoneziya dilind\u0259 \u015f\u0259rti c\u00fcml\u0259l\u0259ri ara\u015fd\u0131r\u0131n. \u201cif\u201d c\u00fcml\u0259l\u0259rini v\u0259 dig\u0259r \u015f\u0259rti strukturlar\u0131 nec\u0259 formala\u015fd\u0131rma\u011f\u0131 v\u0259 istifad\u0259 etm\u0259yi \u00f6yr\u0259nin.<\/p>\n\n\n\n<h3 class=\"wp-block-heading\" id=\"h-10-sentences\">10. C\u00fcml\u0259l\u0259r<\/h3>\n\n\n\n<p>N\u0259hay\u0259t, yuxar\u0131da qeyd olunan qrammatik qaydalar v\u0259 m\u00f6vzular vasit\u0259sil\u0259 c\u00fcml\u0259l\u0259rin d\u00fcz\u0259ldilm\u0259sini m\u0259\u015fq etdir. \u0130ndoneziya c\u00fcml\u0259l\u0259rinin m\u00fcxt\u0259lif n\u00f6vl\u0259ri il\u0259 tan\u0131\u015f olun. M\u0259s\u0259l\u0259n, b\u0259yanedici, sor\u011fu-sual\u00e7\u0131, imperativ v\u0259 eksklamatoriya dild\u0259 \u00fcmumi \u00fcnsiyy\u0259t bacar\u0131\u011f\u0131n\u0131z\u0131 yax\u015f\u0131la\u015fd\u0131r\u0131n.<\/p>\n<\/div><\/div>\n\r\n<section class=\"learnNavigationSection\">\r\n            \r\n        <a href=\"https:\/\/talkpal.ai\/az\/indoneziya-dilini-oyr%c9%99nin\/\">\r\n            <div class=\"learnNavigationWrapper\">\r\n                <div class=\"learnNavigationContent\">\r\n                    <img decoding=\"async\" src=\"https:\/\/talkpal.ai\/wp-content\/uploads\/2024\/08\/Indonesian.jpg\" alt=\"Indonesian Flag\">\r\n                    <div>\r\n                        <h4>\u0130ndoneziya \u00f6yr\u0259nm\u0259 haqq\u0131nda<\/h4>\r\n                        <p>\u0130ndoneziya dilinin qrammatikas\u0131 haqq\u0131nda h\u0259r \u015feyi \u00f6yr\u0259nin.<\/p>\r\n                    <\/div>\r\n                <\/div>\r\n            <\/div>\r\n        <\/a>\r\n\r\n        \r\n        <a href=\"https:\/\/talkpal.ai\/az\/indoneziya-qrammatikasi\/\">\r\n            <div class=\"learnNavigationWrapper\">\r\n                <div class=\"learnNavigationContent\">\r\n                    <img decoding=\"async\" src=\"https:\/\/talkpal.ai\/wp-content\/uploads\/2024\/08\/Indonesian.jpg\" alt=\"Indonesian Flag\">\r\n                    <div>\r\n                        <h4>\u0130ndoneziya Qrammatikas\u0131 D\u0259rsl\u0259ri<\/h4>\r\n                        <p>\u0130ndoneziya dilinin qrammatika qaydalar\u0131na riay\u0259t etm\u0259k.<\/p>\r\n                    <\/div>\r\n                <\/div>\r\n            <\/div>\r\n        <\/a>\r\n\r\n        \r\n        <a href=\"https:\/\/talkpal.ai\/vocabulary_language\/indonesian\/\">\r\n            <div class=\"learnNavigationWrapper\">\r\n                <div class=\"learnNavigationContent\">\r\n                    <img decoding=\"async\" src=\"https:\/\/talkpal.ai\/wp-content\/uploads\/2024\/08\/Indonesian.jpg\" alt=\"Indonesian Flag\">\r\n                    <div>\r\n                        <h4>\u0130ndoneziya l\u00fc\u011f\u0259ti<\/h4>\r\n                        <p>\u0130ndoneziya l\u00fc\u011f\u0259tinizi geni\u015fl\u0259ndirin.<\/p>\r\n                    <\/div>\r\n                <\/div>\r\n            <\/div>\r\n        <\/a>\r\n\r\n            <\/section>","protected":false},"excerpt":{"rendered":"<p>indonesian Grammar M\u00f6vzular \u0130ndoneziya dili v\u0259 ya Bahasa \u0130ndoneziya dili \u0130ndoneziyan\u0131n r\u0259smi dili olub, 700-d\u0259n \u00e7ox dild\u0259 dan\u0131\u015fan \u00f6lk\u0259d\u0259 birl\u0259\u015fdirici dil kimi xidm\u0259t edir. Malay dilinin standartla\u015fd\u0131r\u0131lm\u0131\u015f qeydiyyat\u0131 olaraq, asan \u00f6yr\u0259nil\u0259c\u0259k qrammatik sistem\u0259 malik Austronesian dilidir. \u0130ndoneziya dilini \u00f6yr\u0259n\u0259rk\u0259n effektiv \u00fcnsiyy\u0259t \u00fc\u00e7\u00fcn onun qrammatik qaydalar\u0131n\u0131 v\u0259 strukturunu ba\u015fa d\u00fc\u015fm\u0259k vacibdir. Bu b\u0259l\u0259d\u00e7id\u0259 biz \u0130ndoneziya dilinin [&hellip;]<\/p>\n","protected":false},"author":6,"featured_media":113908,"parent":0,"menu_order":0,"comment_status":"closed","ping_status":"closed","template":"LearningContentPage.php","meta":{"_acf_changed":false,"footnotes":""},"class_list":["post-161342","page","type-page","status-publish","has-post-thumbnail","hentry"],"acf":[],"yoast_head":"<!-- This site is optimized with the Yoast SEO Premium plugin v27.2 (Yoast SEO v27.2) - https:\/\/yoast.com\/product\/yoast-seo-premium-wordpress\/ -->\n<title>\u0130ndoneziya Qrammatika M\u0259\u015fql\u0259ri - Talkpal<\/title>\n<meta name=\"description\" content=\"\u0130ndoneziya qrammatikan\u0131z\u0131 t\u0259kmill\u0259\u015fdirin - Talkpal AI-dan istifad\u0259 ed\u0259r\u0259k sad\u0259 m\u0259\u015fql\u0259r, interaktiv n\u00fcmun\u0259l\u0259r v\u0259 ayd\u0131n r\u0259y il\u0259 m\u0259\u015fq edin.\" \/>\n<meta name=\"robots\" content=\"index, follow, max-snippet:-1, max-image-preview:large, max-video-preview:-1\" \/>\n<link rel=\"canonical\" href=\"https:\/\/talkpal.ai\/az\/indoneziya-qrammatika-m%c9%99sql%c9%99ri\/\" \/>\n<meta property=\"og:locale\" content=\"az_AZ\" \/>\n<meta property=\"og:type\" content=\"article\" \/>\n<meta property=\"og:title\" content=\"\u0130ndoneziya Qrammatika M\u0259\u015fql\u0259ri\" \/>\n<meta property=\"og:description\" content=\"indonesian Grammar M\u00f6vzular \u0130ndoneziya dili v\u0259 ya Bahasa \u0130ndoneziya dili \u0130ndoneziyan\u0131n r\u0259smi dili olub, 700-d\u0259n \u00e7ox dild\u0259 dan\u0131\u015fan \u00f6lk\u0259d\u0259 birl\u0259\u015fdirici dil\" \/>\n<meta property=\"og:url\" content=\"https:\/\/talkpal.ai\/az\/indoneziya-qrammatika-m%c9%99sql%c9%99ri\/\" \/>\n<meta property=\"og:site_name\" content=\"Talkpal\" \/>\n<meta property=\"article:publisher\" content=\"https:\/\/www.facebook.com\/profile.php?id=100090733639311\" \/>\n<meta property=\"article:modified_time\" content=\"2025-12-17T15:09:21+00:00\" \/>\n<meta property=\"og:image\" content=\"https:\/\/talkpal.ai\/wp-content\/uploads\/2023\/05\/indonesia.png\" \/>\n\t<meta property=\"og:image:width\" content=\"512\" \/>\n\t<meta property=\"og:image:height\" content=\"512\" \/>\n\t<meta property=\"og:image:type\" content=\"image\/png\" \/>\n<meta name=\"twitter:card\" content=\"summary_large_image\" \/>\n<meta name=\"twitter:site\" content=\"@talkpalai\" \/>\n<meta name=\"twitter:label1\" content=\"Est. reading time\" \/>\n\t<meta name=\"twitter:data1\" content=\"3 minutes\" \/>\n<script type=\"application\/ld+json\" class=\"yoast-schema-graph\">{\"@context\":\"https:\/\/schema.org\",\"@graph\":[{\"@type\":\"WebPage\",\"@id\":\"https:\/\/talkpal.ai\/az\/indoneziya-qrammatika-m%c9%99sql%c9%99ri\/\",\"url\":\"https:\/\/talkpal.ai\/az\/indoneziya-qrammatika-m%c9%99sql%c9%99ri\/\",\"name\":\"\u0130ndoneziya Qrammatika M\u0259\u015fql\u0259ri - Talkpal\",\"isPartOf\":{\"@id\":\"https:\/\/talkpal.ai\/az\/#website\"},\"primaryImageOfPage\":{\"@id\":\"https:\/\/talkpal.ai\/az\/indoneziya-qrammatika-m%c9%99sql%c9%99ri\/#primaryimage\"},\"image\":{\"@id\":\"https:\/\/talkpal.ai\/az\/indoneziya-qrammatika-m%c9%99sql%c9%99ri\/#primaryimage\"},\"thumbnailUrl\":\"https:\/\/talkpal.ai\/wp-content\/uploads\/2023\/05\/indonesia.png\",\"datePublished\":\"2023-06-22T07:25:42+00:00\",\"dateModified\":\"2025-12-17T15:09:21+00:00\",\"description\":\"\u0130ndoneziya qrammatikan\u0131z\u0131 t\u0259kmill\u0259\u015fdirin - Talkpal AI-dan istifad\u0259 ed\u0259r\u0259k sad\u0259 m\u0259\u015fql\u0259r, interaktiv n\u00fcmun\u0259l\u0259r v\u0259 ayd\u0131n r\u0259y il\u0259 m\u0259\u015fq edin.\",\"breadcrumb\":{\"@id\":\"https:\/\/talkpal.ai\/az\/indoneziya-qrammatika-m%c9%99sql%c9%99ri\/#breadcrumb\"},\"inLanguage\":\"az\",\"potentialAction\":[{\"@type\":\"ReadAction\",\"target\":[\"https:\/\/talkpal.ai\/az\/indoneziya-qrammatika-m%c9%99sql%c9%99ri\/\"]}]},{\"@type\":\"ImageObject\",\"inLanguage\":\"az\",\"@id\":\"https:\/\/talkpal.ai\/az\/indoneziya-qrammatika-m%c9%99sql%c9%99ri\/#primaryimage\",\"url\":\"https:\/\/talkpal.ai\/wp-content\/uploads\/2023\/05\/indonesia.png\",\"contentUrl\":\"https:\/\/talkpal.ai\/wp-content\/uploads\/2023\/05\/indonesia.png\",\"width\":512,\"height\":512},{\"@type\":\"BreadcrumbList\",\"@id\":\"https:\/\/talkpal.ai\/az\/indoneziya-qrammatika-m%c9%99sql%c9%99ri\/#breadcrumb\",\"itemListElement\":[{\"@type\":\"ListItem\",\"position\":1,\"name\":\"Homepage\",\"item\":\"https:\/\/talkpal.ai\/az\/\"},{\"@type\":\"ListItem\",\"position\":2,\"name\":\"\u0130ndoneziya Qrammatika M\u0259\u015fql\u0259ri\"}]},{\"@type\":\"WebSite\",\"@id\":\"https:\/\/talkpal.ai\/az\/#website\",\"url\":\"https:\/\/talkpal.ai\/az\/\",\"name\":\"Talkpal\",\"description\":\"AI Language Learning\",\"publisher\":{\"@id\":\"https:\/\/talkpal.ai\/az\/#organization\"},\"alternateName\":\"Talkpal AI\",\"potentialAction\":[{\"@type\":\"SearchAction\",\"target\":{\"@type\":\"EntryPoint\",\"urlTemplate\":\"https:\/\/talkpal.ai\/az\/?s={search_term_string}\"},\"query-input\":{\"@type\":\"PropertyValueSpecification\",\"valueRequired\":true,\"valueName\":\"search_term_string\"}}],\"inLanguage\":\"az\"},{\"@type\":\"Organization\",\"@id\":\"https:\/\/talkpal.ai\/az\/#organization\",\"name\":\"Talkpal, Inc.\",\"alternateName\":\"Talkpal AI\",\"url\":\"https:\/\/talkpal.ai\/az\/\",\"logo\":{\"@type\":\"ImageObject\",\"inLanguage\":\"az\",\"@id\":\"https:\/\/talkpal.ai\/az\/#\/schema\/logo\/image\/\",\"url\":\"https:\/\/talkpal.ai\/wp-content\/uploads\/2024\/03\/Talkpal-Logo-Icon.png\",\"contentUrl\":\"https:\/\/talkpal.ai\/wp-content\/uploads\/2024\/03\/Talkpal-Logo-Icon.png\",\"width\":2880,\"height\":2880,\"caption\":\"Talkpal, Inc.\"},\"image\":{\"@id\":\"https:\/\/talkpal.ai\/az\/#\/schema\/logo\/image\/\"},\"sameAs\":[\"https:\/\/www.facebook.com\/profile.php?id=100090733639311\",\"https:\/\/x.com\/talkpalai\",\"https:\/\/www.linkedin.com\/company\/talkpal\/\",\"https:\/\/www.youtube.com\/@TalkPal\/\",\"https:\/\/www.tiktok.com\/@talkpal\",\"https:\/\/www.instagram.com\/talkpal_ai\/\",\"https:\/\/www.crunchbase.com\/organization\/talkpal-9cde\",\"https:\/\/www.g2.com\/products\/talkpal-for-business\/\",\"https:\/\/www.trustpilot.com\/review\/talkpal.ai\",\"https:\/\/www.capterra.com\/p\/10006800\/TalkPal\/\"],\"description\":\"Talkpal is a language learning web and mobile education app, powered by the latest AI technologies, that provides engaging experiences to its customers in many different languages to help them improve their language skills. Users can chat about unlimited amount of topics with the app and use other modes to practice their language learning.\",\"email\":\"support@talkpal.ai\",\"legalName\":\"Talkpal, Inc.\",\"foundingDate\":\"2023-04-03\",\"duns\":\"118989042\",\"numberOfEmployees\":{\"@type\":\"QuantitativeValue\",\"minValue\":\"11\",\"maxValue\":\"50\"},\"publishingPrinciples\":\"https:\/\/talkpal.ai\/publishing-principles\/\",\"actionableFeedbackPolicy\":\"https:\/\/talkpal.ai\/actionable-feedback-policy\/\",\"correctionsPolicy\":\"https:\/\/talkpal.ai\/corrections-policy\/\",\"ethicsPolicy\":\"https:\/\/talkpal.ai\/ethics-policy\/\",\"diversityPolicy\":\"https:\/\/talkpal.ai\/diversity-policy\/\",\"diversityStaffingReport\":\"https:\/\/talkpal.ai\/diversity-policy\/\"}]}<\/script>\n<!-- \/ Yoast SEO Premium plugin. -->","yoast_head_json":{"title":"\u0130ndoneziya Qrammatika M\u0259\u015fql\u0259ri - Talkpal","description":"\u0130ndoneziya qrammatikan\u0131z\u0131 t\u0259kmill\u0259\u015fdirin - Talkpal AI-dan istifad\u0259 ed\u0259r\u0259k sad\u0259 m\u0259\u015fql\u0259r, interaktiv n\u00fcmun\u0259l\u0259r v\u0259 ayd\u0131n r\u0259y il\u0259 m\u0259\u015fq edin.","robots":{"index":"index","follow":"follow","max-snippet":"max-snippet:-1","max-image-preview":"max-image-preview:large","max-video-preview":"max-video-preview:-1"},"canonical":"https:\/\/talkpal.ai\/az\/indoneziya-qrammatika-m%c9%99sql%c9%99ri\/","og_locale":"az_AZ","og_type":"article","og_title":"\u0130ndoneziya Qrammatika M\u0259\u015fql\u0259ri","og_description":"indonesian Grammar M\u00f6vzular \u0130ndoneziya dili v\u0259 ya Bahasa \u0130ndoneziya dili \u0130ndoneziyan\u0131n r\u0259smi dili olub, 700-d\u0259n \u00e7ox dild\u0259 dan\u0131\u015fan \u00f6lk\u0259d\u0259 birl\u0259\u015fdirici dil","og_url":"https:\/\/talkpal.ai\/az\/indoneziya-qrammatika-m%c9%99sql%c9%99ri\/","og_site_name":"Talkpal","article_publisher":"https:\/\/www.facebook.com\/profile.php?id=100090733639311","article_modified_time":"2025-12-17T15:09:21+00:00","og_image":[{"width":512,"height":512,"url":"https:\/\/talkpal.ai\/wp-content\/uploads\/2023\/05\/indonesia.png","type":"image\/png"}],"twitter_card":"summary_large_image","twitter_site":"@talkpalai","twitter_misc":{"Est. reading time":"3 minutes"},"schema":{"@context":"https:\/\/schema.org","@graph":[{"@type":"WebPage","@id":"https:\/\/talkpal.ai\/az\/indoneziya-qrammatika-m%c9%99sql%c9%99ri\/","url":"https:\/\/talkpal.ai\/az\/indoneziya-qrammatika-m%c9%99sql%c9%99ri\/","name":"\u0130ndoneziya Qrammatika M\u0259\u015fql\u0259ri - Talkpal","isPartOf":{"@id":"https:\/\/talkpal.ai\/az\/#website"},"primaryImageOfPage":{"@id":"https:\/\/talkpal.ai\/az\/indoneziya-qrammatika-m%c9%99sql%c9%99ri\/#primaryimage"},"image":{"@id":"https:\/\/talkpal.ai\/az\/indoneziya-qrammatika-m%c9%99sql%c9%99ri\/#primaryimage"},"thumbnailUrl":"https:\/\/talkpal.ai\/wp-content\/uploads\/2023\/05\/indonesia.png","datePublished":"2023-06-22T07:25:42+00:00","dateModified":"2025-12-17T15:09:21+00:00","description":"\u0130ndoneziya qrammatikan\u0131z\u0131 t\u0259kmill\u0259\u015fdirin - Talkpal AI-dan istifad\u0259 ed\u0259r\u0259k sad\u0259 m\u0259\u015fql\u0259r, interaktiv n\u00fcmun\u0259l\u0259r v\u0259 ayd\u0131n r\u0259y il\u0259 m\u0259\u015fq edin.","breadcrumb":{"@id":"https:\/\/talkpal.ai\/az\/indoneziya-qrammatika-m%c9%99sql%c9%99ri\/#breadcrumb"},"inLanguage":"az","potentialAction":[{"@type":"ReadAction","target":["https:\/\/talkpal.ai\/az\/indoneziya-qrammatika-m%c9%99sql%c9%99ri\/"]}]},{"@type":"ImageObject","inLanguage":"az","@id":"https:\/\/talkpal.ai\/az\/indoneziya-qrammatika-m%c9%99sql%c9%99ri\/#primaryimage","url":"https:\/\/talkpal.ai\/wp-content\/uploads\/2023\/05\/indonesia.png","contentUrl":"https:\/\/talkpal.ai\/wp-content\/uploads\/2023\/05\/indonesia.png","width":512,"height":512},{"@type":"BreadcrumbList","@id":"https:\/\/talkpal.ai\/az\/indoneziya-qrammatika-m%c9%99sql%c9%99ri\/#breadcrumb","itemListElement":[{"@type":"ListItem","position":1,"name":"Homepage","item":"https:\/\/talkpal.ai\/az\/"},{"@type":"ListItem","position":2,"name":"\u0130ndoneziya Qrammatika M\u0259\u015fql\u0259ri"}]},{"@type":"WebSite","@id":"https:\/\/talkpal.ai\/az\/#website","url":"https:\/\/talkpal.ai\/az\/","name":"Talkpal","description":"AI Language Learning","publisher":{"@id":"https:\/\/talkpal.ai\/az\/#organization"},"alternateName":"Talkpal AI","potentialAction":[{"@type":"SearchAction","target":{"@type":"EntryPoint","urlTemplate":"https:\/\/talkpal.ai\/az\/?s={search_term_string}"},"query-input":{"@type":"PropertyValueSpecification","valueRequired":true,"valueName":"search_term_string"}}],"inLanguage":"az"},{"@type":"Organization","@id":"https:\/\/talkpal.ai\/az\/#organization","name":"Talkpal, Inc.","alternateName":"Talkpal AI","url":"https:\/\/talkpal.ai\/az\/","logo":{"@type":"ImageObject","inLanguage":"az","@id":"https:\/\/talkpal.ai\/az\/#\/schema\/logo\/image\/","url":"https:\/\/talkpal.ai\/wp-content\/uploads\/2024\/03\/Talkpal-Logo-Icon.png","contentUrl":"https:\/\/talkpal.ai\/wp-content\/uploads\/2024\/03\/Talkpal-Logo-Icon.png","width":2880,"height":2880,"caption":"Talkpal, Inc."},"image":{"@id":"https:\/\/talkpal.ai\/az\/#\/schema\/logo\/image\/"},"sameAs":["https:\/\/www.facebook.com\/profile.php?id=100090733639311","https:\/\/x.com\/talkpalai","https:\/\/www.linkedin.com\/company\/talkpal\/","https:\/\/www.youtube.com\/@TalkPal\/","https:\/\/www.tiktok.com\/@talkpal","https:\/\/www.instagram.com\/talkpal_ai\/","https:\/\/www.crunchbase.com\/organization\/talkpal-9cde","https:\/\/www.g2.com\/products\/talkpal-for-business\/","https:\/\/www.trustpilot.com\/review\/talkpal.ai","https:\/\/www.capterra.com\/p\/10006800\/TalkPal\/"],"description":"Talkpal is a language learning web and mobile education app, powered by the latest AI technologies, that provides engaging experiences to its customers in many different languages to help them improve their language skills. Users can chat about unlimited amount of topics with the app and use other modes to practice their language learning.","email":"support@talkpal.ai","legalName":"Talkpal, Inc.","foundingDate":"2023-04-03","duns":"118989042","numberOfEmployees":{"@type":"QuantitativeValue","minValue":"11","maxValue":"50"},"publishingPrinciples":"https:\/\/talkpal.ai\/publishing-principles\/","actionableFeedbackPolicy":"https:\/\/talkpal.ai\/actionable-feedback-policy\/","correctionsPolicy":"https:\/\/talkpal.ai\/corrections-policy\/","ethicsPolicy":"https:\/\/talkpal.ai\/ethics-policy\/","diversityPolicy":"https:\/\/talkpal.ai\/diversity-policy\/","diversityStaffingReport":"https:\/\/talkpal.ai\/diversity-policy\/"}]}},"_links":{"self":[{"href":"https:\/\/talkpal.ai\/az\/wp-json\/wp\/v2\/pages\/161342","targetHints":{"allow":["GET"]}}],"collection":[{"href":"https:\/\/talkpal.ai\/az\/wp-json\/wp\/v2\/pages"}],"about":[{"href":"https:\/\/talkpal.ai\/az\/wp-json\/wp\/v2\/types\/page"}],"author":[{"embeddable":true,"href":"https:\/\/talkpal.ai\/az\/wp-json\/wp\/v2\/users\/6"}],"replies":[{"embeddable":true,"href":"https:\/\/talkpal.ai\/az\/wp-json\/wp\/v2\/comments?post=161342"}],"version-history":[{"count":0,"href":"https:\/\/talkpal.ai\/az\/wp-json\/wp\/v2\/pages\/161342\/revisions"}],"wp:featuredmedia":[{"embeddable":true,"href":"https:\/\/talkpal.ai\/az\/wp-json\/wp\/v2\/media\/113908"}],"wp:attachment":[{"href":"https:\/\/talkpal.ai\/az\/wp-json\/wp\/v2\/media?parent=161342"}],"curies":[{"name":"wp","href":"https:\/\/api.w.org\/{rel}","templated":true}]}}