{"id":161040,"date":"2023-06-22T07:53:19","date_gmt":"2023-06-22T07:53:19","guid":{"rendered":"http:\/\/talkpal.ai\/kannada-qrammatika-m%c9%99sql%c9%99ri\/"},"modified":"2025-12-17T15:11:10","modified_gmt":"2025-12-17T15:11:10","slug":"kannada-qrammatika-m%c9%99sql%c9%99ri","status":"publish","type":"page","link":"https:\/\/talkpal.ai\/az\/kannada-qrammatika-m%c9%99sql%c9%99ri\/","title":{"rendered":"Kannada Qrammatika M\u0259\u015fql\u0259ri"},"content":{"rendered":"\r\n\r\n\r\n<section class=\"languageChallengeSection\">\r\n    <div class=\"languageInfoWrapper\">\r\n        \r\n        <h1>Kannada Qrammatika M\u0259\u015fql\u0259ri<\/h1>\r\n        <p><a href=\"https:\/\/talkpal.ai\/learn-kannada\/\">Kannada<\/a> bacar\u0131qlar\u0131n\u0131z\u0131 t\u0259kmill\u0259\u015fdirm\u0259k ist\u0259yirsiniz? Qrammatik m\u0259\u015fql\u0259ri m\u0259\u015fq etm\u0259k c\u00fcml\u0259 qurulu\u015funu, fel formalar\u0131n\u0131 v\u0259 Kannada dilinin unikal x\u00fcsusiyy\u0259tl\u0259rini <a href=\"https:\/\/talkpal.ai\/az\/oyr%c9%99nm%c9%99k\/\">\u00f6yr\u0259nm\u0259k<\/a> \u00fc\u00e7\u00fcn \u0259la yoldur. Bu g\u00fcn Kannada qrammatikas\u0131 \u00fcz\u0259rind\u0259 i\u015fl\u0259m\u0259y\u0259 ba\u015flay\u0131n v\u0259 h\u0259r yeni m\u0259\u015fql\u0259 inam\u0131n\u0131z\u0131n v\u0259 r\u0259vanl\u0131\u011f\u0131n\u0131z\u0131n artd\u0131\u011f\u0131n\u0131 g\u00f6r\u00fcn!<\/p>\r\n\r\n                            <a class=\"getStartedHidden\" href=\"https:\/\/app.talkpal.ai\/signup?lng=\">Ba\u015fla<\/a>\r\n        \r\n    <\/div>\r\n\r\n    <figure>\r\n    <img decoding=\"async\" width=\"768\" height=\"768\" src=\"https:\/\/talkpal.ai\/wp-content\/uploads\/2023\/06\/Kannada-768x768.png\" class=\"languageImage no-lazy\" alt=\"Language learning for increased mental flexibility\" fetchpriority=\"high\" sizes=\"(max-width: 768px) 150px, 768px\" srcset=\"https:\/\/talkpal.ai\/wp-content\/uploads\/2023\/06\/Kannada-768x768.png 768w, https:\/\/talkpal.ai\/wp-content\/uploads\/2023\/06\/Kannada-300x300.png 300w\" \/>\r\n    \r\n\r\n    <\/figure>\r\n\r\n            <a class=\"getStartedVisible\" href=\"https:\/\/app.talkpal.ai\/signup?lng=\">Ba\u015fla<\/a>\r\n    \r\n<\/section>\r\n\r\n\r\n<!-- <section class=\"grammarSection\">\r\n    <div class=\"grammarLinks\">\r\n            <\/div>\r\n<\/section> -->\r\n\r\n\r\n\r\n\r\n<section class=\"promotionalBanner\">\r\n    <p class=\"promotionalText\">Dil \u00f6yr\u0259nm\u0259yin \u0259n t\u0259sirli yolu<\/p>\r\n    <a class=\"promotionalLink\" href=\"https:\/\/app.talkpal.ai\/signup?lng=\">Talkpal pulsuz s\u0131nay\u0131n<\/a>\r\n<\/section>\n<div class=\"wp-block-group pageContainerStyle\"><div class=\"wp-block-group__inner-container is-layout-constrained wp-block-group-is-layout-constrained\">\n<h2 class=\"wp-block-heading\" id=\"h-kannada-grammar-topics\">Kannada Qrammatika M\u00f6vzular\u0131<\/h2>\n\n\n\n<p>Kannada \u2014 Hindistan\u0131n Karnataka \u015ftat\u0131nda t\u0259xmin\u0259n 44 milyon insan t\u0259r\u0259find\u0259n \u0259sas\u0259n dan\u0131\u015f\u0131lan dravid dili. Bu, Hindistan\u0131n 22 planla\u015fd\u0131r\u0131lm\u0131\u015f dill\u0259rind\u0259n biri v\u0259 Karnataka \u015ftat\u0131n\u0131n r\u0259smi dilidir. Kannadan\u0131 \u00f6yr\u0259nm\u0259k t\u0259kc\u0259 Karnatakan\u0131n z\u0259ngin m\u0259d\u0259niyy\u0259tini v\u0259 tarixini anlamaq \u00fc\u00e7\u00fcn z\u0259ruri deyil, h\u0259m d\u0259 yerli \u0259hali il\u0259 s\u0259m\u0259r\u0259li \u00fcnsiyy\u0259t\u0259 k\u00f6m\u0259k edir. Bu m\u0259qal\u0259nin m\u0259qs\u0259di m\u00fcxt\u0259lif Kannada <a href=\"https:\/\/talkpal.ai\/grammar\/\">qrammatika<\/a> m\u00f6vzular\u0131n\u0131 \u00f6yr\u0259nm\u0259k \u00fc\u00e7\u00fcn strukturla\u015fd\u0131r\u0131lm\u0131\u015f yana\u015fma t\u0259qdim etm\u0259kdir. Bu, dild\u0259 m\u00f6hk\u0259m t\u0259m\u0259l qurma\u011fa k\u00f6m\u0259k ed\u0259c\u0259k.<\/p>\n\n\n\n<h3 class=\"wp-block-heading\" id=\"h-1-nouns\">1. Nounlar<\/h3>\n\n\n\n<p>H\u0259r hans\u0131 bir dilin tikinti bloklar\u0131 olaraq, ilk n\u00f6vb\u0259d\u0259 <a href=\"https:\/\/talkpal.ai\/nl\/grammar\/telbare-zelfstandige-naamwoorden-in-kannada-grammatica\/\">Kannada nouns<\/a> \u00f6yr\u0259nm\u0259k m\u00fctl\u0259qdir. Kannada nouns cins, \u0259d\u0259d v\u0259 hal \u0259sas\u0131nda m\u00fcxt\u0259lif formalara malik olur ki, bu da noun formas\u0131na t\u0259sir edir. \u018fvv\u0259lc\u0259 noun formalar\u0131n\u0131n \u0259sas anlay\u0131\u015flar\u0131n\u0131 v\u0259 onlar\u0131n dild\u0259 istifad\u0259sini ba\u015fa d\u00fc\u015fm\u0259kl\u0259.<\/p>\n\n\n\n<h3 class=\"wp-block-heading\" id=\"h-2-pronouns-determiners\">2. Pronouns\/Determinl\u0259r<\/h3>\n\n\n\n<p>Pronouns \u2014 c\u00fcml\u0259d\u0259 nounlar\u0131 \u0259v\u0259z ed\u0259n s\u00f6zl\u0259r, determinl\u0259r is\u0259 nounlar\u0131 d\u0259yi\u015fdir\u0259rl\u0259r. Kannada m\u00fcxt\u0259lif n\u00f6v pronounlar v\u0259 determinl\u0259r, onlar\u0131n istifad\u0259si, cinsd\u0259n, saydan v\u0259 hal\u0131ndan as\u0131l\u0131 olaraq nec\u0259 d\u0259yi\u015fdikl\u0259ri haqq\u0131nda m\u0259lumat \u0259ld\u0259 edin.<\/p>\n\n\n\n<h3 class=\"wp-block-heading\" id=\"h-3-articles\">3. M\u0259qal\u0259l\u0259r<\/h3>\n\n\n\n<p>Kannadada <a href=\"https:\/\/talkpal.ai\/learn-english-with-ai\/\">ingilis dili<\/a> kimi m\u0259qal\u0259l\u0259r yoxdur, lakin ismin d\u0259qiqliyini m\u00fc\u0259yy\u0259n etm\u0259y\u0259 k\u00f6m\u0259k ed\u0259n ox\u015far s\u00f6zl\u0259r var. Bu s\u00f6zl\u0259r v\u0259 onlar\u0131n Kannada istifad\u0259 qaydas\u0131 il\u0259 tan\u0131\u015f olun.<\/p>\n\n\n\n<h3 class=\"wp-block-heading\" id=\"h-4-adjectives\">4. Adjectives<\/h3>\n\n\n\n<p>Adjectives nouns t\u0259svir edir v\u0259 onlar haqq\u0131nda daha \u00e7ox m\u0259lumat verir. <a href=\"https:\/\/talkpal.ai\/culture\/how-do-i-use-adjectives-in-kannada-sentences\/\">Kannada adjectives<\/a> nec\u0259 yaratmaq v\u0259 istifad\u0259 etm\u0259k, el\u0259c\u0259 d\u0259 onlar\u0131n nouns il\u0259 anla\u015fma qaydalar\u0131 \u00f6yr\u0259nm\u0259k.<\/p>\n\n\n\n<h3 class=\"wp-block-heading\" id=\"h-5-verbs\">5. Feill\u0259r<\/h3>\n\n\n\n<p>Feill\u0259r \u2013 m\u00f6vzunun n\u0259 il\u0259 m\u0259\u015f\u011ful oldu\u011funu g\u00f6st\u0259r\u0259n h\u0259r\u0259k\u0259t s\u00f6zl\u0259ridir. Kannada feill\u0259rin m\u00fcxt\u0259lif n\u00f6vl\u0259ri, onlar\u0131n formalar\u0131, h\u0259m\u00e7inin g\u0259rgin, aspekt v\u0259 \u0259hval-ruhiyy\u0259 \u0259sas\u0131nda konjuqasiya qaydalar\u0131 haqq\u0131nda m\u0259lumat \u0259ld\u0259 edin.<\/p>\n\n\n\n<h3 class=\"wp-block-heading\" id=\"h-6-tenses\">6. G\u0259rginlikl\u0259r<\/h3>\n\n\n\n<p>Kannada g\u0259rginlikl\u0259r aksiya ba\u015f ver\u0259nd\u0259 ifad\u0259 etm\u0259kd\u0259 k\u00f6m\u0259k edir. \u00dc\u00e7 \u0259sas zamanla &#8211; ke\u00e7mi\u015f, indiki v\u0259 g\u0259l\u0259c\u0259k &#8211; v\u0259 onlar\u0131n m\u00fcxt\u0259lif formalar\u0131 il\u0259 tan\u0131\u015f olun.<\/p>\n\n\n\n<h3 class=\"wp-block-heading\" id=\"h-7-tense-comparison\">7. G\u0259rgin m\u00fcqayis\u0259<\/h3>\n\n\n\n<p>Kannada m\u00fcxt\u0259lif g\u0259rginlikl\u0259r boyunca h\u0259r\u0259k\u0259tl\u0259ri nec\u0259 m\u00fcqayis\u0259 etm\u0259k laz\u0131m oldu\u011funu anlay\u0131n. Bu siz\u0259 daha m\u00fcr\u0259kk\u0259b c\u00fcml\u0259l\u0259r qurma\u011fa v\u0259 fikirl\u0259rinizi daha d\u0259qiq ifad\u0259 etm\u0259kd\u0259 k\u00f6m\u0259k ed\u0259c\u0259k.<\/p>\n\n\n\n<h3 class=\"wp-block-heading\" id=\"h-8-progressive-and-perfect-progressive\">8. M\u00fct\u0259r\u0259qqi v\u0259 m\u00fck\u0259mm\u0259l t\u0259r\u0259qqi<\/h3>\n\n\n\n<p>Kannada feill\u0259rinin bu aspektl\u0259ri davam ed\u0259n, lakin hal-haz\u0131rda tamam olan h\u0259r\u0259k\u0259t v\u0259 ya h\u0259r\u0259k\u0259tl\u0259ri g\u00f6st\u0259rir. Kannada m\u00fct\u0259r\u0259qqi v\u0259 m\u00fck\u0259mm\u0259l m\u00fct\u0259r\u0259qqi feill\u0259rin yaranmas\u0131 v\u0259 istifad\u0259sini \u00f6yr\u0259nin.<\/p>\n\n\n\n<h3 class=\"wp-block-heading\" id=\"h-9-adverbs\">9. Adverbl\u0259r<\/h3>\n\n\n\n<p>Adverbs feill\u0259r, adjectives v\u0259 ya dig\u0259r adverbl\u0259r haqq\u0131nda \u0259lav\u0259 m\u0259lumat verir. Kannada m\u00fcxt\u0259lif n\u00f6v adverbl\u0259ri v\u0259 onlar\u0131n c\u00fcml\u0259l\u0259rd\u0259 yerl\u0259\u015fdirilm\u0259sini \u00f6yr\u0259nin.<\/p>\n\n\n\n<h3 class=\"wp-block-heading\" id=\"h-10-conditionals\">10. \u015e\u0259rti<\/h3>\n\n\n\n<p>\u015e\u0259rt \u015f\u0259rt v\u0259 onun m\u00fcmk\u00fcn n\u0259tic\u0259sini ifad\u0259 ed\u0259n c\u00fcml\u0259l\u0259rdir. M\u00fcvafiq feil formalar\u0131 v\u0259 konyunksiyalardan istifad\u0259 ed\u0259r\u0259k Kannada \u015f\u0259rti c\u00fcml\u0259l\u0259rin \u0259m\u0259l\u0259 g\u0259lm\u0259si v\u0259 istifad\u0259 edilm\u0259si \u00fcsullar\u0131n\u0131 \u00f6yr\u0259nin.<\/p>\n\n\n\n<h3 class=\"wp-block-heading\" id=\"h-11-prepositions\">11. Prepozisiyalar<\/h3>\n\n\n\n<p>Prepozisiyalar \u2014 c\u00fcml\u0259d\u0259 noun v\u0259 ya t\u0259l\u0259ff\u00fcz v\u0259 dig\u0259r s\u00f6zl\u0259r aras\u0131ndak\u0131 m\u00fcnasib\u0259tl\u0259ri g\u00f6st\u0259r\u0259n s\u00f6zl\u0259r. \u00dcmumi Kannada prepozisiyalar\u0131n\u0131 v\u0259 onlar\u0131n istifad\u0259sini \u00f6yr\u0259nin.<\/p>\n\n\n\n<h3 class=\"wp-block-heading\" id=\"h-12-sentences\">12. C\u00fcml\u0259l\u0259r<\/h3>\n\n\n\n<p>N\u0259hay\u0259t, Kannada dilind\u0259 tam c\u00fcml\u0259l\u0259r yaratmaq \u00fc\u00e7\u00fcn \u00f6yr\u0259ndiyiniz b\u00fct\u00fcn qrammatik m\u00f6vzular\u0131 birl\u0259\u015fdir\u0259r\u0259k m\u0259\u015fq edin. Bu, siz\u0259 \u00fcmumi dil s\u0259ri\u015ft\u0259si v\u0259 \u00fcnsiyy\u0259t bacar\u0131\u011f\u0131n\u0131z\u0131 yax\u015f\u0131la\u015fd\u0131rma\u011fa k\u00f6m\u0259k ed\u0259c\u0259k.<\/p>\n<\/div><\/div>\n\r\n<section class=\"learnNavigationSection\">\r\n            \r\n        <a href=\"https:\/\/talkpal.ai\/az\/kannada-oyr%c9%99n\/\">\r\n            <div class=\"learnNavigationWrapper\">\r\n                <div class=\"learnNavigationContent\">\r\n                    <img decoding=\"async\" src=\"https:\/\/talkpal.ai\/wp-content\/uploads\/2024\/08\/Kannada.jpg\" alt=\"Indian Simplified Flag\">\r\n                    <div>\r\n                        <h4>Kannada \u00d6yr\u0259nilm\u0259si haqq\u0131nda<\/h4>\r\n                        <p>Kannada qrammatikas\u0131 haqq\u0131nda h\u0259r \u015feyi \u00f6yr\u0259nin .<\/p>\r\n                    <\/div>\r\n                <\/div>\r\n            <\/div>\r\n        <\/a>\r\n\r\n        \r\n        <a href=\"https:\/\/talkpal.ai\/az\/kannada-qrammatikasi\/\">\r\n            <div class=\"learnNavigationWrapper\">\r\n                <div class=\"learnNavigationContent\">\r\n                    <img decoding=\"async\" src=\"https:\/\/talkpal.ai\/wp-content\/uploads\/2024\/08\/Kannada.jpg\" alt=\"Indian Simplified Flag\">\r\n                    <div>\r\n                        <h4>Kannada Qrammatikas\u0131 D\u0259rsl\u0259ri<\/h4>\r\n                        <p>Kannada dilinin qrammatikas\u0131.<\/p>\r\n                    <\/div>\r\n                <\/div>\r\n            <\/div>\r\n        <\/a>\r\n\r\n        \r\n        <a href=\"https:\/\/talkpal.ai\/vocabulary_language\/kannada\/\">\r\n            <div class=\"learnNavigationWrapper\">\r\n                <div class=\"learnNavigationContent\">\r\n                    <img decoding=\"async\" src=\"https:\/\/talkpal.ai\/wp-content\/uploads\/2024\/08\/Kannada.jpg\" alt=\"Indian Simplified Flag\">\r\n                    <div>\r\n                        <h4>Kannada l\u00fc\u011f\u0259ti<\/h4>\r\n                        <p>Kannada l\u00fc\u011f\u0259tinizi geni\u015fl\u0259ndirin.<\/p>\r\n                    <\/div>\r\n                <\/div>\r\n            <\/div>\r\n        <\/a>\r\n\r\n            <\/section>","protected":false},"excerpt":{"rendered":"<p>Kannada Qrammatika M\u00f6vzular\u0131 Kannada \u2014 Hindistan\u0131n Karnataka \u015ftat\u0131nda t\u0259xmin\u0259n 44 milyon insan t\u0259r\u0259find\u0259n \u0259sas\u0259n dan\u0131\u015f\u0131lan dravid dili. Bu, Hindistan\u0131n 22 planla\u015fd\u0131r\u0131lm\u0131\u015f dill\u0259rind\u0259n biri v\u0259 Karnataka \u015ftat\u0131n\u0131n r\u0259smi dilidir. Kannadan\u0131 \u00f6yr\u0259nm\u0259k t\u0259kc\u0259 Karnatakan\u0131n z\u0259ngin m\u0259d\u0259niyy\u0259tini v\u0259 tarixini anlamaq \u00fc\u00e7\u00fcn z\u0259ruri deyil, h\u0259m d\u0259 yerli \u0259hali il\u0259 s\u0259m\u0259r\u0259li \u00fcnsiyy\u0259t\u0259 k\u00f6m\u0259k edir. Bu m\u0259qal\u0259nin m\u0259qs\u0259di m\u00fcxt\u0259lif Kannada qrammatika [&hellip;]<\/p>\n","protected":false},"author":6,"featured_media":113667,"parent":0,"menu_order":0,"comment_status":"closed","ping_status":"closed","template":"LearningContentPage.php","meta":{"_acf_changed":false,"footnotes":""},"class_list":["post-161040","page","type-page","status-publish","has-post-thumbnail","hentry"],"acf":[],"yoast_head":"<!-- This site is optimized with the Yoast SEO Premium plugin v27.2 (Yoast SEO v27.2) - https:\/\/yoast.com\/product\/yoast-seo-premium-wordpress\/ -->\n<title>Kannada Qrammatika M\u0259\u015fql\u0259ri - Talkpal<\/title>\n<meta name=\"description\" content=\"Kannada qrammatikan\u0131z\u0131 g\u00fccl\u0259ndirin - Talkpal -\u0131n s\u00fcni intellekt m\u00fc\u0259llimi il\u0259 interaktiv m\u0259\u015fql\u0259rl\u0259 m\u0259\u015f\u011ful olun, c\u00fcml\u0259 n\u00fcmun\u0259l\u0259rini \u00f6yr\u0259nin v\u0259 s\u0259lis dan\u0131\u015f\u0131q qabiliyy\u0259tini t\u0259kmill\u0259\u015fdirin.\" \/>\n<meta name=\"robots\" content=\"index, follow, max-snippet:-1, max-image-preview:large, max-video-preview:-1\" \/>\n<link rel=\"canonical\" href=\"https:\/\/talkpal.ai\/az\/kannada-qrammatika-m%c9%99sql%c9%99ri\/\" \/>\n<meta property=\"og:locale\" content=\"az_AZ\" \/>\n<meta property=\"og:type\" content=\"article\" \/>\n<meta property=\"og:title\" content=\"Kannada Qrammatika M\u0259\u015fql\u0259ri\" \/>\n<meta property=\"og:description\" content=\"Kannada Qrammatika M\u00f6vzular\u0131 Kannada \u2014 Hindistan\u0131n Karnataka \u015ftat\u0131nda t\u0259xmin\u0259n 44 milyon insan t\u0259r\u0259find\u0259n \u0259sas\u0259n dan\u0131\u015f\u0131lan dravid dili. Bu, Hindistan\u0131n 22\" \/>\n<meta property=\"og:url\" content=\"https:\/\/talkpal.ai\/az\/kannada-qrammatika-m%c9%99sql%c9%99ri\/\" \/>\n<meta property=\"og:site_name\" content=\"Talkpal\" \/>\n<meta property=\"article:publisher\" content=\"https:\/\/www.facebook.com\/profile.php?id=100090733639311\" \/>\n<meta property=\"article:modified_time\" content=\"2025-12-17T15:11:10+00:00\" \/>\n<meta property=\"og:image\" content=\"https:\/\/talkpal.ai\/wp-content\/uploads\/2023\/05\/Kannada-india.png\" \/>\n\t<meta property=\"og:image:width\" content=\"512\" \/>\n\t<meta property=\"og:image:height\" content=\"512\" \/>\n\t<meta property=\"og:image:type\" content=\"image\/png\" \/>\n<meta name=\"twitter:card\" content=\"summary_large_image\" \/>\n<meta name=\"twitter:site\" content=\"@talkpalai\" \/>\n<meta name=\"twitter:label1\" content=\"Est. reading time\" \/>\n\t<meta name=\"twitter:data1\" content=\"4 minutes\" \/>\n<script type=\"application\/ld+json\" class=\"yoast-schema-graph\">{\"@context\":\"https:\/\/schema.org\",\"@graph\":[{\"@type\":\"WebPage\",\"@id\":\"https:\/\/talkpal.ai\/az\/kannada-qrammatika-m%c9%99sql%c9%99ri\/\",\"url\":\"https:\/\/talkpal.ai\/az\/kannada-qrammatika-m%c9%99sql%c9%99ri\/\",\"name\":\"Kannada Qrammatika M\u0259\u015fql\u0259ri - Talkpal\",\"isPartOf\":{\"@id\":\"https:\/\/talkpal.ai\/az\/#website\"},\"primaryImageOfPage\":{\"@id\":\"https:\/\/talkpal.ai\/az\/kannada-qrammatika-m%c9%99sql%c9%99ri\/#primaryimage\"},\"image\":{\"@id\":\"https:\/\/talkpal.ai\/az\/kannada-qrammatika-m%c9%99sql%c9%99ri\/#primaryimage\"},\"thumbnailUrl\":\"https:\/\/talkpal.ai\/wp-content\/uploads\/2023\/05\/Kannada-india.png\",\"datePublished\":\"2023-06-22T07:53:19+00:00\",\"dateModified\":\"2025-12-17T15:11:10+00:00\",\"description\":\"Kannada qrammatikan\u0131z\u0131 g\u00fccl\u0259ndirin - Talkpal -\u0131n s\u00fcni intellekt m\u00fc\u0259llimi il\u0259 interaktiv m\u0259\u015fql\u0259rl\u0259 m\u0259\u015f\u011ful olun, c\u00fcml\u0259 n\u00fcmun\u0259l\u0259rini \u00f6yr\u0259nin v\u0259 s\u0259lis dan\u0131\u015f\u0131q qabiliyy\u0259tini t\u0259kmill\u0259\u015fdirin.\",\"breadcrumb\":{\"@id\":\"https:\/\/talkpal.ai\/az\/kannada-qrammatika-m%c9%99sql%c9%99ri\/#breadcrumb\"},\"inLanguage\":\"az\",\"potentialAction\":[{\"@type\":\"ReadAction\",\"target\":[\"https:\/\/talkpal.ai\/az\/kannada-qrammatika-m%c9%99sql%c9%99ri\/\"]}]},{\"@type\":\"ImageObject\",\"inLanguage\":\"az\",\"@id\":\"https:\/\/talkpal.ai\/az\/kannada-qrammatika-m%c9%99sql%c9%99ri\/#primaryimage\",\"url\":\"https:\/\/talkpal.ai\/wp-content\/uploads\/2023\/05\/Kannada-india.png\",\"contentUrl\":\"https:\/\/talkpal.ai\/wp-content\/uploads\/2023\/05\/Kannada-india.png\",\"width\":512,\"height\":512},{\"@type\":\"BreadcrumbList\",\"@id\":\"https:\/\/talkpal.ai\/az\/kannada-qrammatika-m%c9%99sql%c9%99ri\/#breadcrumb\",\"itemListElement\":[{\"@type\":\"ListItem\",\"position\":1,\"name\":\"Homepage\",\"item\":\"https:\/\/talkpal.ai\/az\/\"},{\"@type\":\"ListItem\",\"position\":2,\"name\":\"Kannada Qrammatika M\u0259\u015fql\u0259ri\"}]},{\"@type\":\"WebSite\",\"@id\":\"https:\/\/talkpal.ai\/az\/#website\",\"url\":\"https:\/\/talkpal.ai\/az\/\",\"name\":\"Talkpal\",\"description\":\"AI Language Learning\",\"publisher\":{\"@id\":\"https:\/\/talkpal.ai\/az\/#organization\"},\"alternateName\":\"Talkpal AI\",\"potentialAction\":[{\"@type\":\"SearchAction\",\"target\":{\"@type\":\"EntryPoint\",\"urlTemplate\":\"https:\/\/talkpal.ai\/az\/?s={search_term_string}\"},\"query-input\":{\"@type\":\"PropertyValueSpecification\",\"valueRequired\":true,\"valueName\":\"search_term_string\"}}],\"inLanguage\":\"az\"},{\"@type\":\"Organization\",\"@id\":\"https:\/\/talkpal.ai\/az\/#organization\",\"name\":\"Talkpal, Inc.\",\"alternateName\":\"Talkpal AI\",\"url\":\"https:\/\/talkpal.ai\/az\/\",\"logo\":{\"@type\":\"ImageObject\",\"inLanguage\":\"az\",\"@id\":\"https:\/\/talkpal.ai\/az\/#\/schema\/logo\/image\/\",\"url\":\"https:\/\/talkpal.ai\/wp-content\/uploads\/2024\/03\/Talkpal-Logo-Icon.png\",\"contentUrl\":\"https:\/\/talkpal.ai\/wp-content\/uploads\/2024\/03\/Talkpal-Logo-Icon.png\",\"width\":2880,\"height\":2880,\"caption\":\"Talkpal, Inc.\"},\"image\":{\"@id\":\"https:\/\/talkpal.ai\/az\/#\/schema\/logo\/image\/\"},\"sameAs\":[\"https:\/\/www.facebook.com\/profile.php?id=100090733639311\",\"https:\/\/x.com\/talkpalai\",\"https:\/\/www.linkedin.com\/company\/talkpal\/\",\"https:\/\/www.youtube.com\/@TalkPal\/\",\"https:\/\/www.tiktok.com\/@talkpal\",\"https:\/\/www.instagram.com\/talkpal_ai\/\",\"https:\/\/www.crunchbase.com\/organization\/talkpal-9cde\",\"https:\/\/www.g2.com\/products\/talkpal-for-business\/\",\"https:\/\/www.trustpilot.com\/review\/talkpal.ai\",\"https:\/\/www.capterra.com\/p\/10006800\/TalkPal\/\"],\"description\":\"Talkpal is a language learning web and mobile education app, powered by the latest AI technologies, that provides engaging experiences to its customers in many different languages to help them improve their language skills. Users can chat about unlimited amount of topics with the app and use other modes to practice their language learning.\",\"email\":\"support@talkpal.ai\",\"legalName\":\"Talkpal, Inc.\",\"foundingDate\":\"2023-04-03\",\"duns\":\"118989042\",\"numberOfEmployees\":{\"@type\":\"QuantitativeValue\",\"minValue\":\"11\",\"maxValue\":\"50\"},\"publishingPrinciples\":\"https:\/\/talkpal.ai\/publishing-principles\/\",\"actionableFeedbackPolicy\":\"https:\/\/talkpal.ai\/actionable-feedback-policy\/\",\"correctionsPolicy\":\"https:\/\/talkpal.ai\/corrections-policy\/\",\"ethicsPolicy\":\"https:\/\/talkpal.ai\/ethics-policy\/\",\"diversityPolicy\":\"https:\/\/talkpal.ai\/diversity-policy\/\",\"diversityStaffingReport\":\"https:\/\/talkpal.ai\/diversity-policy\/\"}]}<\/script>\n<!-- \/ Yoast SEO Premium plugin. -->","yoast_head_json":{"title":"Kannada Qrammatika M\u0259\u015fql\u0259ri - Talkpal","description":"Kannada qrammatikan\u0131z\u0131 g\u00fccl\u0259ndirin - Talkpal -\u0131n s\u00fcni intellekt m\u00fc\u0259llimi il\u0259 interaktiv m\u0259\u015fql\u0259rl\u0259 m\u0259\u015f\u011ful olun, c\u00fcml\u0259 n\u00fcmun\u0259l\u0259rini \u00f6yr\u0259nin v\u0259 s\u0259lis dan\u0131\u015f\u0131q qabiliyy\u0259tini t\u0259kmill\u0259\u015fdirin.","robots":{"index":"index","follow":"follow","max-snippet":"max-snippet:-1","max-image-preview":"max-image-preview:large","max-video-preview":"max-video-preview:-1"},"canonical":"https:\/\/talkpal.ai\/az\/kannada-qrammatika-m%c9%99sql%c9%99ri\/","og_locale":"az_AZ","og_type":"article","og_title":"Kannada Qrammatika M\u0259\u015fql\u0259ri","og_description":"Kannada Qrammatika M\u00f6vzular\u0131 Kannada \u2014 Hindistan\u0131n Karnataka \u015ftat\u0131nda t\u0259xmin\u0259n 44 milyon insan t\u0259r\u0259find\u0259n \u0259sas\u0259n dan\u0131\u015f\u0131lan dravid dili. Bu, Hindistan\u0131n 22","og_url":"https:\/\/talkpal.ai\/az\/kannada-qrammatika-m%c9%99sql%c9%99ri\/","og_site_name":"Talkpal","article_publisher":"https:\/\/www.facebook.com\/profile.php?id=100090733639311","article_modified_time":"2025-12-17T15:11:10+00:00","og_image":[{"width":512,"height":512,"url":"https:\/\/talkpal.ai\/wp-content\/uploads\/2023\/05\/Kannada-india.png","type":"image\/png"}],"twitter_card":"summary_large_image","twitter_site":"@talkpalai","twitter_misc":{"Est. reading time":"4 minutes"},"schema":{"@context":"https:\/\/schema.org","@graph":[{"@type":"WebPage","@id":"https:\/\/talkpal.ai\/az\/kannada-qrammatika-m%c9%99sql%c9%99ri\/","url":"https:\/\/talkpal.ai\/az\/kannada-qrammatika-m%c9%99sql%c9%99ri\/","name":"Kannada Qrammatika M\u0259\u015fql\u0259ri - Talkpal","isPartOf":{"@id":"https:\/\/talkpal.ai\/az\/#website"},"primaryImageOfPage":{"@id":"https:\/\/talkpal.ai\/az\/kannada-qrammatika-m%c9%99sql%c9%99ri\/#primaryimage"},"image":{"@id":"https:\/\/talkpal.ai\/az\/kannada-qrammatika-m%c9%99sql%c9%99ri\/#primaryimage"},"thumbnailUrl":"https:\/\/talkpal.ai\/wp-content\/uploads\/2023\/05\/Kannada-india.png","datePublished":"2023-06-22T07:53:19+00:00","dateModified":"2025-12-17T15:11:10+00:00","description":"Kannada qrammatikan\u0131z\u0131 g\u00fccl\u0259ndirin - Talkpal -\u0131n s\u00fcni intellekt m\u00fc\u0259llimi il\u0259 interaktiv m\u0259\u015fql\u0259rl\u0259 m\u0259\u015f\u011ful olun, c\u00fcml\u0259 n\u00fcmun\u0259l\u0259rini \u00f6yr\u0259nin v\u0259 s\u0259lis dan\u0131\u015f\u0131q qabiliyy\u0259tini t\u0259kmill\u0259\u015fdirin.","breadcrumb":{"@id":"https:\/\/talkpal.ai\/az\/kannada-qrammatika-m%c9%99sql%c9%99ri\/#breadcrumb"},"inLanguage":"az","potentialAction":[{"@type":"ReadAction","target":["https:\/\/talkpal.ai\/az\/kannada-qrammatika-m%c9%99sql%c9%99ri\/"]}]},{"@type":"ImageObject","inLanguage":"az","@id":"https:\/\/talkpal.ai\/az\/kannada-qrammatika-m%c9%99sql%c9%99ri\/#primaryimage","url":"https:\/\/talkpal.ai\/wp-content\/uploads\/2023\/05\/Kannada-india.png","contentUrl":"https:\/\/talkpal.ai\/wp-content\/uploads\/2023\/05\/Kannada-india.png","width":512,"height":512},{"@type":"BreadcrumbList","@id":"https:\/\/talkpal.ai\/az\/kannada-qrammatika-m%c9%99sql%c9%99ri\/#breadcrumb","itemListElement":[{"@type":"ListItem","position":1,"name":"Homepage","item":"https:\/\/talkpal.ai\/az\/"},{"@type":"ListItem","position":2,"name":"Kannada Qrammatika M\u0259\u015fql\u0259ri"}]},{"@type":"WebSite","@id":"https:\/\/talkpal.ai\/az\/#website","url":"https:\/\/talkpal.ai\/az\/","name":"Talkpal","description":"AI Language Learning","publisher":{"@id":"https:\/\/talkpal.ai\/az\/#organization"},"alternateName":"Talkpal AI","potentialAction":[{"@type":"SearchAction","target":{"@type":"EntryPoint","urlTemplate":"https:\/\/talkpal.ai\/az\/?s={search_term_string}"},"query-input":{"@type":"PropertyValueSpecification","valueRequired":true,"valueName":"search_term_string"}}],"inLanguage":"az"},{"@type":"Organization","@id":"https:\/\/talkpal.ai\/az\/#organization","name":"Talkpal, Inc.","alternateName":"Talkpal AI","url":"https:\/\/talkpal.ai\/az\/","logo":{"@type":"ImageObject","inLanguage":"az","@id":"https:\/\/talkpal.ai\/az\/#\/schema\/logo\/image\/","url":"https:\/\/talkpal.ai\/wp-content\/uploads\/2024\/03\/Talkpal-Logo-Icon.png","contentUrl":"https:\/\/talkpal.ai\/wp-content\/uploads\/2024\/03\/Talkpal-Logo-Icon.png","width":2880,"height":2880,"caption":"Talkpal, Inc."},"image":{"@id":"https:\/\/talkpal.ai\/az\/#\/schema\/logo\/image\/"},"sameAs":["https:\/\/www.facebook.com\/profile.php?id=100090733639311","https:\/\/x.com\/talkpalai","https:\/\/www.linkedin.com\/company\/talkpal\/","https:\/\/www.youtube.com\/@TalkPal\/","https:\/\/www.tiktok.com\/@talkpal","https:\/\/www.instagram.com\/talkpal_ai\/","https:\/\/www.crunchbase.com\/organization\/talkpal-9cde","https:\/\/www.g2.com\/products\/talkpal-for-business\/","https:\/\/www.trustpilot.com\/review\/talkpal.ai","https:\/\/www.capterra.com\/p\/10006800\/TalkPal\/"],"description":"Talkpal is a language learning web and mobile education app, powered by the latest AI technologies, that provides engaging experiences to its customers in many different languages to help them improve their language skills. Users can chat about unlimited amount of topics with the app and use other modes to practice their language learning.","email":"support@talkpal.ai","legalName":"Talkpal, Inc.","foundingDate":"2023-04-03","duns":"118989042","numberOfEmployees":{"@type":"QuantitativeValue","minValue":"11","maxValue":"50"},"publishingPrinciples":"https:\/\/talkpal.ai\/publishing-principles\/","actionableFeedbackPolicy":"https:\/\/talkpal.ai\/actionable-feedback-policy\/","correctionsPolicy":"https:\/\/talkpal.ai\/corrections-policy\/","ethicsPolicy":"https:\/\/talkpal.ai\/ethics-policy\/","diversityPolicy":"https:\/\/talkpal.ai\/diversity-policy\/","diversityStaffingReport":"https:\/\/talkpal.ai\/diversity-policy\/"}]}},"_links":{"self":[{"href":"https:\/\/talkpal.ai\/az\/wp-json\/wp\/v2\/pages\/161040","targetHints":{"allow":["GET"]}}],"collection":[{"href":"https:\/\/talkpal.ai\/az\/wp-json\/wp\/v2\/pages"}],"about":[{"href":"https:\/\/talkpal.ai\/az\/wp-json\/wp\/v2\/types\/page"}],"author":[{"embeddable":true,"href":"https:\/\/talkpal.ai\/az\/wp-json\/wp\/v2\/users\/6"}],"replies":[{"embeddable":true,"href":"https:\/\/talkpal.ai\/az\/wp-json\/wp\/v2\/comments?post=161040"}],"version-history":[{"count":0,"href":"https:\/\/talkpal.ai\/az\/wp-json\/wp\/v2\/pages\/161040\/revisions"}],"wp:featuredmedia":[{"embeddable":true,"href":"https:\/\/talkpal.ai\/az\/wp-json\/wp\/v2\/media\/113667"}],"wp:attachment":[{"href":"https:\/\/talkpal.ai\/az\/wp-json\/wp\/v2\/media?parent=161040"}],"curies":[{"name":"wp","href":"https:\/\/api.w.org\/{rel}","templated":true}]}}