{"id":160737,"date":"2023-06-22T08:01:09","date_gmt":"2023-06-22T08:01:09","guid":{"rendered":"http:\/\/talkpal.ai\/qazax-qrammatika-m%c9%99sql%c9%99ri\/"},"modified":"2025-12-17T14:52:09","modified_gmt":"2025-12-17T14:52:09","slug":"qazax-qrammatika-m%c9%99sql%c9%99ri","status":"publish","type":"page","link":"https:\/\/talkpal.ai\/az\/qazax-qrammatika-m%c9%99sql%c9%99ri\/","title":{"rendered":"Qazax Qrammatika M\u0259\u015fql\u0259ri"},"content":{"rendered":"\r\n\r\n\r\n<section class=\"languageChallengeSection\">\r\n    <div class=\"languageInfoWrapper\">\r\n        \r\n        <h1>Qazax Qrammatika M\u0259\u015fql\u0259ri<\/h1>\r\n        <p><a href=\"https:\/\/talkpal.ai\/learn-kazakh\/\">Qazax<\/a> dilin\u0259 inam\u0131n\u0131z\u0131 art\u0131rma\u011fa haz\u0131rs\u0131n\u0131z? Qrammatik m\u0259\u015fql\u0259r\u0259 diqq\u0259t yetirm\u0259k c\u00fcml\u0259 qurulu\u015funu, fel formalar\u0131n\u0131 v\u0259 \u0259sas dil n\u00fcmun\u0259l\u0259rini m\u0259nims\u0259m\u0259yin \u0259la yoludur. <a href=\"https:\/\/talkpal.ai\/learn-kazakh\/\">Qazax<\/a> dilinin qrammatikas\u0131n\u0131 bu g\u00fcn t\u0259tbiq etm\u0259y\u0259 ba\u015flay\u0131n v\u0259 ba\u015fa d\u00fc\u015fm\u0259yinizi add\u0131m-add\u0131m g\u00fccl\u0259ndirdikc\u0259 real t\u0259r\u0259qqiy\u0259 bax\u0131n!<\/p>\r\n\r\n                            <a class=\"getStartedHidden\" href=\"https:\/\/app.talkpal.ai\/signup?lng=\">Ba\u015fla<\/a>\r\n        \r\n    <\/div>\r\n\r\n    <figure>\r\n    <img decoding=\"async\" width=\"768\" height=\"768\" src=\"https:\/\/talkpal.ai\/wp-content\/uploads\/2023\/06\/Khazak-768x768.png\" class=\"languageImage no-lazy\" alt=\"Language learning for increased negotiation skills\" fetchpriority=\"high\" sizes=\"(max-width: 768px) 150px, 768px\" srcset=\"https:\/\/talkpal.ai\/wp-content\/uploads\/2023\/06\/Khazak-768x768.png 768w, https:\/\/talkpal.ai\/wp-content\/uploads\/2023\/06\/Khazak-300x300.png 300w\" \/>\r\n    \r\n\r\n    <\/figure>\r\n\r\n            <a class=\"getStartedVisible\" href=\"https:\/\/app.talkpal.ai\/signup?lng=\">Ba\u015fla<\/a>\r\n    \r\n<\/section>\r\n\r\n\r\n<!-- <section class=\"grammarSection\">\r\n    <div class=\"grammarLinks\">\r\n            <\/div>\r\n<\/section> -->\r\n\r\n\r\n\r\n\r\n<section class=\"promotionalBanner\">\r\n    <p class=\"promotionalText\">Dil \u00f6yr\u0259nm\u0259yin \u0259n t\u0259sirli yolu<\/p>\r\n    <a class=\"promotionalLink\" href=\"https:\/\/app.talkpal.ai\/signup?lng=\">Talkpal pulsuz s\u0131nay\u0131n<\/a>\r\n<\/section>\n<div class=\"wp-block-group pageContainerStyle\"><div class=\"wp-block-group__inner-container is-layout-constrained wp-block-group-is-layout-constrained\">\n<h2 class=\"wp-block-heading\" id=\"h-kazakh-grammar-topics\">Qazax dilinin qrammatikas\u0131 m\u00f6vzular\u0131<\/h2>\n\n\n\n<p>Yeni <a href=\"https:\/\/talkpal.ai\/az\/talkpal-chat-vasit%c9%99sil%c9%99-dil-oyr%c9%99nm%c9%99k-ucun-nec%c9%99\/\">dil \u00f6yr\u0259nm\u0259k<\/a> \u015f\u0259xsi v\u0259 pe\u015f\u0259kar inki\u015faf \u00fc\u00e7\u00fcn b\u00f6y\u00fck imkanlar a\u00e7an \u00e7\u0259tin, eyni eyni d\u0259r\u0259c\u0259d\u0259 m\u0259mnunluq g\u0259tir\u0259n bir t\u0259cr\u00fcb\u0259 ola bil\u0259r. Dil \u00f6yr\u0259n\u0259nl\u0259r aras\u0131nda populyarl\u0131q qazanan dill\u0259rd\u0259n biri d\u0259 Qazax v\u0259 onun \u0259traf b\u00f6lg\u0259l\u0259rind\u0259 milyonlarla insan\u0131n dan\u0131\u015fd\u0131\u011f\u0131 <a href=\"https:\/\/talkpal.ai\/learn-turkish\/\">t\u00fcrk<\/a> dili olan qazax dilidir. <a href=\"https:\/\/talkpal.ai\/kazakh-grammar\/\">Qazax dilinin qrammatikas\u0131<\/a> unikald\u0131r, z\u0259ngin qurulu\u015fa v\u0259 sistemli \u00f6yr\u0259nm\u0259 \u00fcsulu t\u0259l\u0259b ed\u0259n m\u00fcxt\u0259lif elementl\u0259r\u0259 malikdir. Bu b\u0259l\u0259d\u00e7id\u0259 biz bir ne\u00e7\u0259 z\u0259ruri qazax dilinin qrammatikas\u0131 m\u00f6vzular\u0131n\u0131 m\u00fczakir\u0259 ed\u0259c\u0259yik. Bu m\u00f6vzular aras\u0131nda g\u0259rginlik, isim, feil, m\u0259qal\u0259, t\u0259l\u0259ff\u00fcz, adgektiv, adverb, \u015f\u0259rti, prepozisiya, c\u00fcml\u0259 qurulu\u015fu kimi m\u00f6vzular yer al\u0131b. Bu m\u00f6vzular\u0131 \u00f6yr\u0259nm\u0259 ard\u0131c\u0131ll\u0131\u011f\u0131n\u0131 ba\u015fa d\u00fc\u015f\u0259r\u0259k, qazax dilini <a href=\"https:\/\/talkpal.ai\/az\/oyr%c9%99nm%c9%99k\/\">\u00f6yr\u0259nm\u0259k<\/a> \u00fc\u00e7\u00fcn s\u0259yah\u0259tinizd\u0259 effektiv \u015f\u0259kild\u0259 ir\u0259lil\u0259m\u0259k olar.<\/p>\n\n\n\n<h3 class=\"wp-block-heading\" id=\"h-1-nouns\">1. Nouns:<\/h3>\n\n\n\n<p>H\u0259r hans\u0131 bir dilin \u0259sas\u0131 onun nounlar\u0131n\u0131 \u00f6yr\u0259nm\u0259kl\u0259 ba\u015flay\u0131r. Qazax dilind\u0259 nounlar\u0131n cinsiyy\u0259ti yoxdur, lakin onlarda hallar olur. M\u00fcxt\u0259lif hallar\u0131 v\u0259 onlar\u0131n funksiyalar\u0131n\u0131 ba\u015fa d\u00fc\u015fm\u0259k s\u00f6z ehtiyat\u0131n\u0131n qurulmas\u0131 v\u0259 \u0259sas c\u00fcml\u0259l\u0259rin \u0259m\u0259l\u0259 g\u0259lm\u0259si \u00fc\u00e7\u00fcn olduqca vacibdir.<\/p>\n\n\n\n<h3 class=\"wp-block-heading\" id=\"h-2-articles\">2. M\u0259qal\u0259l\u0259r:<\/h3>\n\n\n\n<p>M\u0259qal\u0259l\u0259r qazax dilind\u0259 yoxdur, bu da \u00f6yr\u0259n\u0259nl\u0259rin diqq\u0259tini dig\u0259r qrammatik aspektl\u0259r\u0259 y\u00f6n\u0259ltm\u0259y\u0259 \u015f\u0259rait yarad\u0131r.<\/p>\n\n\n\n<h3 class=\"wp-block-heading\" id=\"h-3-pronouns-determiners\">3. Pronouns\/Determinl\u0259r:<\/h3>\n\n\n\n<p>Bunlar nounlar\u0131n \u0259v\u0259z edilm\u0259si v\u0259 onlar\u0131n k\u0259miyy\u0259t v\u0259 ya \u015f\u0259xsiyy\u0259tinin m\u00fc\u0259yy\u0259n edilm\u0259si \u00fc\u00e7\u00fcn z\u0259ruridir. Pronouns v\u0259 determinl\u0259ri \u00f6yr\u0259nm\u0259k siz\u0259 daha m\u00fcr\u0259kk\u0259b c\u00fcml\u0259l\u0259r yaratma\u011fa v\u0259 \u00fcmumi s\u0259lisliyinizi yax\u015f\u0131la\u015fd\u0131rma\u011fa k\u00f6m\u0259k ed\u0259c\u0259k.<\/p>\n\n\n\n<h3 class=\"wp-block-heading\" id=\"h-4-verbs\">4. Feill\u0259r:<\/h3>\n\n\n\n<p>Feill\u0259r ist\u0259nil\u0259n dilin bel s\u00fcm\u00fcy\u00fcd\u00fcr v\u0259 onlar\u0131n konyuqasiya qurulu\u015funu \u00f6yr\u0259nm\u0259k olduqca vacibdir. Qazax dilind\u0259 feill\u0259r g\u0259rgin, \u0259hval-ruhiyy\u0259li v\u0259 s\u0259s\u0259 \u0259saslanan birl\u0259\u015fir. Bu konyunkasiyalarla tan\u0131\u015f olmaqla h\u0259r\u0259k\u0259t v\u0259 hadis\u0259l\u0259ri d\u0259qiq ifad\u0259 etm\u0259k m\u00fcmk\u00fcn olacaq.<\/p>\n\n\n\n<h3 class=\"wp-block-heading\" id=\"h-5-tenses\">5. G\u0259rginlikl\u0259r:<\/h3>\n\n\n\n<p>Qazax\u0131n bir ne\u00e7\u0259 g\u0259rginlisi var. Ke\u00e7mi\u015f, indiki v\u0259 g\u0259l\u0259c\u0259k. H\u0259r\u0259k\u0259tl\u0259rin v\u0259 hadis\u0259l\u0259rin vaxt\u0131n\u0131 \u00e7atd\u0131rmaq \u00fc\u00e7\u00fcn bu g\u0259rginlikl\u0259rin d\u00fczg\u00fcn formala\u015fmas\u0131n\u0131 v\u0259 istifad\u0259sini \u00f6yr\u0259nm\u0259k z\u0259ruridir.<\/p>\n\n\n\n<h3 class=\"wp-block-heading\" id=\"h-6-tense-comparison\">6. G\u0259rgin m\u00fcqayis\u0259:<\/h3>\n\n\n\n<p>G\u0259rginlikl\u0259r aras\u0131ndak\u0131 f\u0259rqi v\u0259 onlar\u0131n bir-biri il\u0259 nec\u0259 qar\u015f\u0131l\u0131ql\u0131 \u0259laq\u0259d\u0259 olduqlar\u0131n\u0131 anlamaq, qazax dilinin qrammatikas\u0131 haqq\u0131nda anlay\u0131\u015f\u0131n\u0131z\u0131 daha da d\u0259rinl\u0259\u015f\u0259c\u0259k.<\/p>\n\n\n\n<h3 class=\"wp-block-heading\" id=\"h-7-progressive\">7. M\u00fct\u0259r\u0259qqi:<\/h3>\n\n\n\n<p>Bu, davam ed\u0259n h\u0259r\u0259k\u0259tl\u0259rd\u0259n x\u0259b\u0259r verir. Qazax dilind\u0259 m\u00fct\u0259r\u0259qqi forman\u0131 \u00f6yr\u0259nm\u0259k siz\u0259 hal-haz\u0131rda ba\u015f ver\u0259n v\u0259 ya m\u00fc\u0259yy\u0259n bir vaxtda ba\u015f ver\u0259n h\u0259r\u0259k\u0259tl\u0259ri ifad\u0259 etm\u0259kd\u0259 k\u00f6m\u0259k ed\u0259c\u0259k.<\/p>\n\n\n\n<h3 class=\"wp-block-heading\" id=\"h-8-perfect-progressive\">8. M\u00fck\u0259mm\u0259l T\u0259r\u0259qqi:<\/h3>\n\n\n\n<p>M\u00fck\u0259mm\u0259l t\u0259r\u0259qqi \u00f6z\u00fcnd\u0259 m\u00fck\u0259mm\u0259l v\u0259 m\u00fct\u0259r\u0259qqi t\u0259r\u0259fl\u0259ri birl\u0259\u015fdir\u0259r\u0259k, ke\u00e7mi\u015f zamandan ba\u015flayan v\u0259 h\u0259l\u0259 d\u0259 davam ed\u0259n bir h\u0259r\u0259k\u0259ti g\u00f6st\u0259rir. Bu aspektd\u0259n ustal\u0131qla istifad\u0259 etm\u0259kl\u0259 qazax dilind\u0259 m\u00fcr\u0259kk\u0259b fikirl\u0259ri ifad\u0259 etm\u0259k qabiliyy\u0259tinizi art\u0131racaq.<\/p>\n\n\n\n<h3 class=\"wp-block-heading\" id=\"h-9-adjectives\">9. Adjectives:<\/h3>\n\n\n\n<p>Adjectives nouns x\u00fcsusiyy\u0259tl\u0259ri v\u0259 x\u00fcsusiyy\u0259tl\u0259ri t\u0259svir edir. Qazax dilind\u0259 adjectives-l\u0259rd\u0259n d\u00fczg\u00fcn istifad\u0259 etm\u0259yi \u00f6yr\u0259nm\u0259k s\u00f6z ehtiyat\u0131n\u0131z\u0131 z\u0259nginl\u0259\u015fdir\u0259r v\u0259 daha \u0259trafl\u0131 t\u0259svirl\u0259r verm\u0259y\u0259 imkan ver\u0259r.<\/p>\n\n\n\n<h3 class=\"wp-block-heading\" id=\"h-10-adverbs\">10. Adverbl\u0259r:<\/h3>\n\n\n\n<p>Adverbs feill\u0259ri, adjectives v\u0259 dig\u0259r adverbl\u0259ri d\u0259yi\u015fdirir. Qazax adverbl\u0259ri v\u0259 onlar\u0131n istifad\u0259si haqq\u0131nda bilikl\u0259rin \u0259ld\u0259 edilm\u0259si h\u0259r\u0259k\u0259tl\u0259ri v\u0259 hadis\u0259l\u0259ri daha d\u0259qiq ifad\u0259 etm\u0259k qabiliyy\u0259tinizi yax\u015f\u0131la\u015fd\u0131racaq.<\/p>\n\n\n\n<h3 class=\"wp-block-heading\" id=\"h-11-conditionals\">11. \u015e\u0259rti olaraq:<\/h3>\n\n\n\n<p>\u015e\u0259rti olaraq hipotetik v\u0259ziyy\u0259tl\u0259ri v\u0259 onlar\u0131n m\u00fcmk\u00fcn n\u0259tic\u0259l\u0259rini ifad\u0259 etm\u0259k \u00fc\u00e7\u00fcn istifad\u0259 olunur. Qazax dilind\u0259 kondisionerl\u0259rin istifad\u0259sini ustal\u0131qla aparmaq m\u00fcr\u0259kk\u0259b ideyalar\u0131 v\u0259 hipotetik ssenaril\u0259ri \u00e7atd\u0131rma\u011fa k\u00f6m\u0259k ed\u0259c\u0259k.<\/p>\n\n\n\n<h3 class=\"wp-block-heading\" id=\"h-12-prepositions\">12. Prepozisiyalar:<\/h3>\n\n\n\n<p>Prepozisiyalar c\u00fcml\u0259d\u0259 nounlar aras\u0131ndak\u0131 \u0259laq\u0259ni g\u00f6st\u0259rir. Qazax prepozisiyalar\u0131n\u0131 v\u0259 onlar\u0131n funksiyalar\u0131n\u0131 \u00f6yr\u0259nm\u0259k daha m\u00fcr\u0259kk\u0259b c\u00fcml\u0259l\u0259ri in\u015fa etm\u0259y\u0259 imkan ver\u0259c\u0259k.<\/p>\n\n\n\n<h3 class=\"wp-block-heading\" id=\"h-13-sentences\">13. C\u00fcml\u0259l\u0259r:<\/h3>\n\n\n\n<p>N\u0259hay\u0259t, c\u00fcml\u0259 strukturlar\u0131n\u0131 v\u0259 m\u00fcxt\u0259lif qrammatik elementl\u0259rin birl\u0259\u015fdirilm\u0259si qaydalar\u0131n\u0131 ba\u015fa d\u00fc\u015fm\u0259k qazax dilinin t\u0259drisi \u00fc\u00e7\u00fcn olduqca vacibdir. Bu bilikl\u0259r m\u00fcxt\u0259lif v\u0259ziyy\u0259tl\u0259rd\u0259 effektiv v\u0259 d\u0259qiq \u00fcnsiyy\u0259t qurma\u011fa imkan ver\u0259c\u0259k.<\/p>\n<\/div><\/div>\n\r\n<section class=\"learnNavigationSection\">\r\n            \r\n        <a href=\"https:\/\/talkpal.ai\/az\/qazax-dilini-oyr%c9%99n\/\">\r\n            <div class=\"learnNavigationWrapper\">\r\n                <div class=\"learnNavigationContent\">\r\n                    <img decoding=\"async\" src=\"https:\/\/talkpal.ai\/wp-content\/uploads\/2024\/08\/Kazakh.jpg\" alt=\"Kazakh Flag\">\r\n                    <div>\r\n                        <h4>Qazax dilinin \u00f6yr\u0259nilm\u0259si haqq\u0131nda<\/h4>\r\n                        <p>Kazak dili qrammatikas\u0131 haqq\u0131nda h\u0259r \u015feyi \u00f6yr\u0259nin.<\/p>\r\n                    <\/div>\r\n                <\/div>\r\n            <\/div>\r\n        <\/a>\r\n\r\n        \r\n        <a href=\"https:\/\/talkpal.ai\/az\/qazax-dilinin-qrammatikasi\/\">\r\n            <div class=\"learnNavigationWrapper\">\r\n                <div class=\"learnNavigationContent\">\r\n                    <img decoding=\"async\" src=\"https:\/\/talkpal.ai\/wp-content\/uploads\/2024\/08\/Kazakh.jpg\" alt=\"Kazakh Flag\">\r\n                    <div>\r\n                        <h4>Qazax dili qrammatikas\u0131 d\u0259rsl\u0259ri<\/h4>\r\n                        <p>Qazax dilinin qrammatika qaydalar\u0131na \u0259m\u0259l etm\u0259k.<\/p>\r\n                    <\/div>\r\n                <\/div>\r\n            <\/div>\r\n        <\/a>\r\n\r\n        \r\n        <a href=\"https:\/\/talkpal.ai\/vocabulary_language\/kazakh\/\">\r\n            <div class=\"learnNavigationWrapper\">\r\n                <div class=\"learnNavigationContent\">\r\n                    <img decoding=\"async\" src=\"https:\/\/talkpal.ai\/wp-content\/uploads\/2024\/08\/Kazakh.jpg\" alt=\"Kazakh Flag\">\r\n                    <div>\r\n                        <h4>Qazax l\u00fc\u011f\u0259ti<\/h4>\r\n                        <p>Qazax dili l\u00fc\u011f\u0259tinizi geni\u015fl\u0259ndirin.<\/p>\r\n                    <\/div>\r\n                <\/div>\r\n            <\/div>\r\n        <\/a>\r\n\r\n            <\/section>","protected":false},"excerpt":{"rendered":"<p>Qazax dilinin qrammatikas\u0131 m\u00f6vzular\u0131 Yeni dil \u00f6yr\u0259nm\u0259k \u015f\u0259xsi v\u0259 pe\u015f\u0259kar inki\u015faf \u00fc\u00e7\u00fcn b\u00f6y\u00fck imkanlar a\u00e7an \u00e7\u0259tin, eyni eyni d\u0259r\u0259c\u0259d\u0259 m\u0259mnunluq g\u0259tir\u0259n bir t\u0259cr\u00fcb\u0259 ola bil\u0259r. Dil \u00f6yr\u0259n\u0259nl\u0259r aras\u0131nda populyarl\u0131q qazanan dill\u0259rd\u0259n biri d\u0259 Qazax v\u0259 onun \u0259traf b\u00f6lg\u0259l\u0259rind\u0259 milyonlarla insan\u0131n dan\u0131\u015fd\u0131\u011f\u0131 t\u00fcrk dili olan qazax dilidir. Qazax dilinin qrammatikas\u0131 unikald\u0131r, z\u0259ngin qurulu\u015fa v\u0259 sistemli \u00f6yr\u0259nm\u0259 [&hellip;]<\/p>\n","protected":false},"author":6,"featured_media":146508,"parent":0,"menu_order":0,"comment_status":"closed","ping_status":"closed","template":"LearningContentPage.php","meta":{"_acf_changed":false,"footnotes":""},"class_list":["post-160737","page","type-page","status-publish","has-post-thumbnail","hentry"],"acf":[],"yoast_head":"<!-- This site is optimized with the Yoast SEO Premium plugin v27.2 (Yoast SEO v27.2) - https:\/\/yoast.com\/product\/yoast-seo-premium-wordpress\/ -->\n<title>Qazax Qrammatika M\u0259\u015fql\u0259ri - Talkpal<\/title>\n<meta name=\"description\" content=\"Qazax dilinin qrammatik bacar\u0131qlar\u0131n\u0131 effektiv \u015f\u0259kild\u0259 art\u0131r\u0131n - d\u0259qiqliyi t\u0259kmill\u0259\u015fdirin, interaktiv m\u0259\u015fql\u0259r edin v\u0259 m\u00fck\u0259mm\u0259l istifad\u0259 edin!\" \/>\n<meta name=\"robots\" content=\"index, follow, max-snippet:-1, max-image-preview:large, max-video-preview:-1\" \/>\n<link rel=\"canonical\" href=\"https:\/\/talkpal.ai\/az\/qazax-qrammatika-m%c9%99sql%c9%99ri\/\" \/>\n<meta property=\"og:locale\" content=\"az_AZ\" \/>\n<meta property=\"og:type\" content=\"article\" \/>\n<meta property=\"og:title\" content=\"Qazax Qrammatika M\u0259\u015fql\u0259ri\" \/>\n<meta property=\"og:description\" content=\"Qazax dilinin qrammatikas\u0131 m\u00f6vzular\u0131 Yeni dil \u00f6yr\u0259nm\u0259k \u015f\u0259xsi v\u0259 pe\u015f\u0259kar inki\u015faf \u00fc\u00e7\u00fcn b\u00f6y\u00fck imkanlar a\u00e7an \u00e7\u0259tin, eyni eyni d\u0259r\u0259c\u0259d\u0259 m\u0259mnunluq g\u0259tir\u0259n bir\" \/>\n<meta property=\"og:url\" content=\"https:\/\/talkpal.ai\/az\/qazax-qrammatika-m%c9%99sql%c9%99ri\/\" \/>\n<meta property=\"og:site_name\" content=\"Talkpal\" \/>\n<meta property=\"article:publisher\" content=\"https:\/\/www.facebook.com\/profile.php?id=100090733639311\" \/>\n<meta property=\"article:modified_time\" content=\"2025-12-17T14:52:09+00:00\" \/>\n<meta property=\"og:image\" content=\"https:\/\/talkpal.ai\/wp-content\/uploads\/2023\/05\/kazakhstan.png\" \/>\n\t<meta property=\"og:image:width\" content=\"512\" \/>\n\t<meta property=\"og:image:height\" content=\"512\" \/>\n\t<meta property=\"og:image:type\" content=\"image\/png\" \/>\n<meta name=\"twitter:card\" content=\"summary_large_image\" \/>\n<meta name=\"twitter:site\" content=\"@talkpalai\" \/>\n<meta name=\"twitter:label1\" content=\"Est. reading time\" \/>\n\t<meta name=\"twitter:data1\" content=\"4 minutes\" \/>\n<script type=\"application\/ld+json\" class=\"yoast-schema-graph\">{\"@context\":\"https:\/\/schema.org\",\"@graph\":[{\"@type\":\"WebPage\",\"@id\":\"https:\/\/talkpal.ai\/az\/qazax-qrammatika-m%c9%99sql%c9%99ri\/\",\"url\":\"https:\/\/talkpal.ai\/az\/qazax-qrammatika-m%c9%99sql%c9%99ri\/\",\"name\":\"Qazax Qrammatika M\u0259\u015fql\u0259ri - Talkpal\",\"isPartOf\":{\"@id\":\"https:\/\/talkpal.ai\/az\/#website\"},\"primaryImageOfPage\":{\"@id\":\"https:\/\/talkpal.ai\/az\/qazax-qrammatika-m%c9%99sql%c9%99ri\/#primaryimage\"},\"image\":{\"@id\":\"https:\/\/talkpal.ai\/az\/qazax-qrammatika-m%c9%99sql%c9%99ri\/#primaryimage\"},\"thumbnailUrl\":\"https:\/\/talkpal.ai\/wp-content\/uploads\/2023\/05\/kazakhstan.png\",\"datePublished\":\"2023-06-22T08:01:09+00:00\",\"dateModified\":\"2025-12-17T14:52:09+00:00\",\"description\":\"Qazax dilinin qrammatik bacar\u0131qlar\u0131n\u0131 effektiv \u015f\u0259kild\u0259 art\u0131r\u0131n - d\u0259qiqliyi t\u0259kmill\u0259\u015fdirin, interaktiv m\u0259\u015fql\u0259r edin v\u0259 m\u00fck\u0259mm\u0259l istifad\u0259 edin!\",\"breadcrumb\":{\"@id\":\"https:\/\/talkpal.ai\/az\/qazax-qrammatika-m%c9%99sql%c9%99ri\/#breadcrumb\"},\"inLanguage\":\"az\",\"potentialAction\":[{\"@type\":\"ReadAction\",\"target\":[\"https:\/\/talkpal.ai\/az\/qazax-qrammatika-m%c9%99sql%c9%99ri\/\"]}]},{\"@type\":\"ImageObject\",\"inLanguage\":\"az\",\"@id\":\"https:\/\/talkpal.ai\/az\/qazax-qrammatika-m%c9%99sql%c9%99ri\/#primaryimage\",\"url\":\"https:\/\/talkpal.ai\/wp-content\/uploads\/2023\/05\/kazakhstan.png\",\"contentUrl\":\"https:\/\/talkpal.ai\/wp-content\/uploads\/2023\/05\/kazakhstan.png\",\"width\":512,\"height\":512},{\"@type\":\"BreadcrumbList\",\"@id\":\"https:\/\/talkpal.ai\/az\/qazax-qrammatika-m%c9%99sql%c9%99ri\/#breadcrumb\",\"itemListElement\":[{\"@type\":\"ListItem\",\"position\":1,\"name\":\"Homepage\",\"item\":\"https:\/\/talkpal.ai\/az\/\"},{\"@type\":\"ListItem\",\"position\":2,\"name\":\"Qazax Qrammatika M\u0259\u015fql\u0259ri\"}]},{\"@type\":\"WebSite\",\"@id\":\"https:\/\/talkpal.ai\/az\/#website\",\"url\":\"https:\/\/talkpal.ai\/az\/\",\"name\":\"Talkpal\",\"description\":\"AI Language Learning\",\"publisher\":{\"@id\":\"https:\/\/talkpal.ai\/az\/#organization\"},\"alternateName\":\"Talkpal AI\",\"potentialAction\":[{\"@type\":\"SearchAction\",\"target\":{\"@type\":\"EntryPoint\",\"urlTemplate\":\"https:\/\/talkpal.ai\/az\/?s={search_term_string}\"},\"query-input\":{\"@type\":\"PropertyValueSpecification\",\"valueRequired\":true,\"valueName\":\"search_term_string\"}}],\"inLanguage\":\"az\"},{\"@type\":\"Organization\",\"@id\":\"https:\/\/talkpal.ai\/az\/#organization\",\"name\":\"Talkpal, Inc.\",\"alternateName\":\"Talkpal AI\",\"url\":\"https:\/\/talkpal.ai\/az\/\",\"logo\":{\"@type\":\"ImageObject\",\"inLanguage\":\"az\",\"@id\":\"https:\/\/talkpal.ai\/az\/#\/schema\/logo\/image\/\",\"url\":\"https:\/\/talkpal.ai\/wp-content\/uploads\/2024\/03\/Talkpal-Logo-Icon.png\",\"contentUrl\":\"https:\/\/talkpal.ai\/wp-content\/uploads\/2024\/03\/Talkpal-Logo-Icon.png\",\"width\":2880,\"height\":2880,\"caption\":\"Talkpal, Inc.\"},\"image\":{\"@id\":\"https:\/\/talkpal.ai\/az\/#\/schema\/logo\/image\/\"},\"sameAs\":[\"https:\/\/www.facebook.com\/profile.php?id=100090733639311\",\"https:\/\/x.com\/talkpalai\",\"https:\/\/www.linkedin.com\/company\/talkpal\/\",\"https:\/\/www.youtube.com\/@TalkPal\/\",\"https:\/\/www.tiktok.com\/@talkpal\",\"https:\/\/www.instagram.com\/talkpal_ai\/\",\"https:\/\/www.crunchbase.com\/organization\/talkpal-9cde\",\"https:\/\/www.g2.com\/products\/talkpal-for-business\/\",\"https:\/\/www.trustpilot.com\/review\/talkpal.ai\",\"https:\/\/www.capterra.com\/p\/10006800\/TalkPal\/\"],\"description\":\"Talkpal is a language learning web and mobile education app, powered by the latest AI technologies, that provides engaging experiences to its customers in many different languages to help them improve their language skills. Users can chat about unlimited amount of topics with the app and use other modes to practice their language learning.\",\"email\":\"support@talkpal.ai\",\"legalName\":\"Talkpal, Inc.\",\"foundingDate\":\"2023-04-03\",\"duns\":\"118989042\",\"numberOfEmployees\":{\"@type\":\"QuantitativeValue\",\"minValue\":\"11\",\"maxValue\":\"50\"},\"publishingPrinciples\":\"https:\/\/talkpal.ai\/publishing-principles\/\",\"actionableFeedbackPolicy\":\"https:\/\/talkpal.ai\/actionable-feedback-policy\/\",\"correctionsPolicy\":\"https:\/\/talkpal.ai\/corrections-policy\/\",\"ethicsPolicy\":\"https:\/\/talkpal.ai\/ethics-policy\/\",\"diversityPolicy\":\"https:\/\/talkpal.ai\/diversity-policy\/\",\"diversityStaffingReport\":\"https:\/\/talkpal.ai\/diversity-policy\/\"}]}<\/script>\n<!-- \/ Yoast SEO Premium plugin. -->","yoast_head_json":{"title":"Qazax Qrammatika M\u0259\u015fql\u0259ri - Talkpal","description":"Qazax dilinin qrammatik bacar\u0131qlar\u0131n\u0131 effektiv \u015f\u0259kild\u0259 art\u0131r\u0131n - d\u0259qiqliyi t\u0259kmill\u0259\u015fdirin, interaktiv m\u0259\u015fql\u0259r edin v\u0259 m\u00fck\u0259mm\u0259l istifad\u0259 edin!","robots":{"index":"index","follow":"follow","max-snippet":"max-snippet:-1","max-image-preview":"max-image-preview:large","max-video-preview":"max-video-preview:-1"},"canonical":"https:\/\/talkpal.ai\/az\/qazax-qrammatika-m%c9%99sql%c9%99ri\/","og_locale":"az_AZ","og_type":"article","og_title":"Qazax Qrammatika M\u0259\u015fql\u0259ri","og_description":"Qazax dilinin qrammatikas\u0131 m\u00f6vzular\u0131 Yeni dil \u00f6yr\u0259nm\u0259k \u015f\u0259xsi v\u0259 pe\u015f\u0259kar inki\u015faf \u00fc\u00e7\u00fcn b\u00f6y\u00fck imkanlar a\u00e7an \u00e7\u0259tin, eyni eyni d\u0259r\u0259c\u0259d\u0259 m\u0259mnunluq g\u0259tir\u0259n bir","og_url":"https:\/\/talkpal.ai\/az\/qazax-qrammatika-m%c9%99sql%c9%99ri\/","og_site_name":"Talkpal","article_publisher":"https:\/\/www.facebook.com\/profile.php?id=100090733639311","article_modified_time":"2025-12-17T14:52:09+00:00","og_image":[{"width":512,"height":512,"url":"https:\/\/talkpal.ai\/wp-content\/uploads\/2023\/05\/kazakhstan.png","type":"image\/png"}],"twitter_card":"summary_large_image","twitter_site":"@talkpalai","twitter_misc":{"Est. reading time":"4 minutes"},"schema":{"@context":"https:\/\/schema.org","@graph":[{"@type":"WebPage","@id":"https:\/\/talkpal.ai\/az\/qazax-qrammatika-m%c9%99sql%c9%99ri\/","url":"https:\/\/talkpal.ai\/az\/qazax-qrammatika-m%c9%99sql%c9%99ri\/","name":"Qazax Qrammatika M\u0259\u015fql\u0259ri - Talkpal","isPartOf":{"@id":"https:\/\/talkpal.ai\/az\/#website"},"primaryImageOfPage":{"@id":"https:\/\/talkpal.ai\/az\/qazax-qrammatika-m%c9%99sql%c9%99ri\/#primaryimage"},"image":{"@id":"https:\/\/talkpal.ai\/az\/qazax-qrammatika-m%c9%99sql%c9%99ri\/#primaryimage"},"thumbnailUrl":"https:\/\/talkpal.ai\/wp-content\/uploads\/2023\/05\/kazakhstan.png","datePublished":"2023-06-22T08:01:09+00:00","dateModified":"2025-12-17T14:52:09+00:00","description":"Qazax dilinin qrammatik bacar\u0131qlar\u0131n\u0131 effektiv \u015f\u0259kild\u0259 art\u0131r\u0131n - d\u0259qiqliyi t\u0259kmill\u0259\u015fdirin, interaktiv m\u0259\u015fql\u0259r edin v\u0259 m\u00fck\u0259mm\u0259l istifad\u0259 edin!","breadcrumb":{"@id":"https:\/\/talkpal.ai\/az\/qazax-qrammatika-m%c9%99sql%c9%99ri\/#breadcrumb"},"inLanguage":"az","potentialAction":[{"@type":"ReadAction","target":["https:\/\/talkpal.ai\/az\/qazax-qrammatika-m%c9%99sql%c9%99ri\/"]}]},{"@type":"ImageObject","inLanguage":"az","@id":"https:\/\/talkpal.ai\/az\/qazax-qrammatika-m%c9%99sql%c9%99ri\/#primaryimage","url":"https:\/\/talkpal.ai\/wp-content\/uploads\/2023\/05\/kazakhstan.png","contentUrl":"https:\/\/talkpal.ai\/wp-content\/uploads\/2023\/05\/kazakhstan.png","width":512,"height":512},{"@type":"BreadcrumbList","@id":"https:\/\/talkpal.ai\/az\/qazax-qrammatika-m%c9%99sql%c9%99ri\/#breadcrumb","itemListElement":[{"@type":"ListItem","position":1,"name":"Homepage","item":"https:\/\/talkpal.ai\/az\/"},{"@type":"ListItem","position":2,"name":"Qazax Qrammatika M\u0259\u015fql\u0259ri"}]},{"@type":"WebSite","@id":"https:\/\/talkpal.ai\/az\/#website","url":"https:\/\/talkpal.ai\/az\/","name":"Talkpal","description":"AI Language Learning","publisher":{"@id":"https:\/\/talkpal.ai\/az\/#organization"},"alternateName":"Talkpal AI","potentialAction":[{"@type":"SearchAction","target":{"@type":"EntryPoint","urlTemplate":"https:\/\/talkpal.ai\/az\/?s={search_term_string}"},"query-input":{"@type":"PropertyValueSpecification","valueRequired":true,"valueName":"search_term_string"}}],"inLanguage":"az"},{"@type":"Organization","@id":"https:\/\/talkpal.ai\/az\/#organization","name":"Talkpal, Inc.","alternateName":"Talkpal AI","url":"https:\/\/talkpal.ai\/az\/","logo":{"@type":"ImageObject","inLanguage":"az","@id":"https:\/\/talkpal.ai\/az\/#\/schema\/logo\/image\/","url":"https:\/\/talkpal.ai\/wp-content\/uploads\/2024\/03\/Talkpal-Logo-Icon.png","contentUrl":"https:\/\/talkpal.ai\/wp-content\/uploads\/2024\/03\/Talkpal-Logo-Icon.png","width":2880,"height":2880,"caption":"Talkpal, Inc."},"image":{"@id":"https:\/\/talkpal.ai\/az\/#\/schema\/logo\/image\/"},"sameAs":["https:\/\/www.facebook.com\/profile.php?id=100090733639311","https:\/\/x.com\/talkpalai","https:\/\/www.linkedin.com\/company\/talkpal\/","https:\/\/www.youtube.com\/@TalkPal\/","https:\/\/www.tiktok.com\/@talkpal","https:\/\/www.instagram.com\/talkpal_ai\/","https:\/\/www.crunchbase.com\/organization\/talkpal-9cde","https:\/\/www.g2.com\/products\/talkpal-for-business\/","https:\/\/www.trustpilot.com\/review\/talkpal.ai","https:\/\/www.capterra.com\/p\/10006800\/TalkPal\/"],"description":"Talkpal is a language learning web and mobile education app, powered by the latest AI technologies, that provides engaging experiences to its customers in many different languages to help them improve their language skills. Users can chat about unlimited amount of topics with the app and use other modes to practice their language learning.","email":"support@talkpal.ai","legalName":"Talkpal, Inc.","foundingDate":"2023-04-03","duns":"118989042","numberOfEmployees":{"@type":"QuantitativeValue","minValue":"11","maxValue":"50"},"publishingPrinciples":"https:\/\/talkpal.ai\/publishing-principles\/","actionableFeedbackPolicy":"https:\/\/talkpal.ai\/actionable-feedback-policy\/","correctionsPolicy":"https:\/\/talkpal.ai\/corrections-policy\/","ethicsPolicy":"https:\/\/talkpal.ai\/ethics-policy\/","diversityPolicy":"https:\/\/talkpal.ai\/diversity-policy\/","diversityStaffingReport":"https:\/\/talkpal.ai\/diversity-policy\/"}]}},"_links":{"self":[{"href":"https:\/\/talkpal.ai\/az\/wp-json\/wp\/v2\/pages\/160737","targetHints":{"allow":["GET"]}}],"collection":[{"href":"https:\/\/talkpal.ai\/az\/wp-json\/wp\/v2\/pages"}],"about":[{"href":"https:\/\/talkpal.ai\/az\/wp-json\/wp\/v2\/types\/page"}],"author":[{"embeddable":true,"href":"https:\/\/talkpal.ai\/az\/wp-json\/wp\/v2\/users\/6"}],"replies":[{"embeddable":true,"href":"https:\/\/talkpal.ai\/az\/wp-json\/wp\/v2\/comments?post=160737"}],"version-history":[{"count":0,"href":"https:\/\/talkpal.ai\/az\/wp-json\/wp\/v2\/pages\/160737\/revisions"}],"wp:featuredmedia":[{"embeddable":true,"href":"https:\/\/talkpal.ai\/az\/wp-json\/wp\/v2\/media\/146508"}],"wp:attachment":[{"href":"https:\/\/talkpal.ai\/az\/wp-json\/wp\/v2\/media?parent=160737"}],"curies":[{"name":"wp","href":"https:\/\/api.w.org\/{rel}","templated":true}]}}