{"id":160443,"date":"2023-06-22T08:07:24","date_gmt":"2023-06-22T08:07:24","guid":{"rendered":"http:\/\/talkpal.ai\/latviya-dilinin-qrammatikasi-m%c9%99sql%c9%99ri\/"},"modified":"2025-12-17T15:51:54","modified_gmt":"2025-12-17T15:51:54","slug":"latviya-dilinin-qrammatikasi-m%c9%99sql%c9%99ri","status":"publish","type":"page","link":"https:\/\/talkpal.ai\/az\/latviya-dilinin-qrammatikasi-m%c9%99sql%c9%99ri\/","title":{"rendered":"Latviya dilinin qrammatikas\u0131 m\u0259\u015fql\u0259ri"},"content":{"rendered":"\r\n\r\n\r\n<section class=\"languageChallengeSection\">\r\n    <div class=\"languageInfoWrapper\">\r\n        \r\n        <h1>Latviya dilinin qrammatikas\u0131 m\u0259\u015fql\u0259ri<\/h1>\r\n        <p>Latviya dilind\u0259n istifad\u0259 ed\u0259r\u0259k \u00f6z\u00fcn\u00fcz\u00fc daha inaml\u0131 hiss etm\u0259k ist\u0259yirsiniz? Qrammatik m\u0259\u015fql\u0259ri m\u0259\u015fq etm\u0259k c\u00fcml\u0259 qurulu\u015funu, fel formalar\u0131n\u0131 v\u0259 lat\u0131\u015f dilinin f\u0259rqli n\u00fcmun\u0259l\u0259rini m\u0259nims\u0259m\u0259k \u00fc\u00e7\u00fcn \u0259la bir yoldur. Latviya qrammatikas\u0131n\u0131 bu g\u00fcn ara\u015fd\u0131rma\u011fa ba\u015flay\u0131n v\u0259 h\u0259r m\u0259\u015fql\u0259 bacar\u0131qlar\u0131n\u0131z\u0131n v\u0259 r\u0259vanl\u0131\u011f\u0131n\u0131z\u0131n yax\u015f\u0131la\u015fd\u0131\u011f\u0131n\u0131 g\u00f6r\u00fcn!<\/p>\r\n\r\n                            <a class=\"getStartedHidden\" href=\"https:\/\/app.talkpal.ai\/signup?lng=\">Ba\u015fla<\/a>\r\n        \r\n    <\/div>\r\n\r\n    <figure>\r\n    <img decoding=\"async\" width=\"768\" height=\"768\" src=\"https:\/\/talkpal.ai\/wp-content\/uploads\/2023\/06\/latvian-768x768.png\" class=\"languageImage no-lazy\" alt=\"Language learning to access more cultures\" fetchpriority=\"high\" sizes=\"(max-width: 768px) 150px, 768px\" srcset=\"https:\/\/talkpal.ai\/wp-content\/uploads\/2023\/06\/latvian-768x768.png 768w, https:\/\/talkpal.ai\/wp-content\/uploads\/2023\/06\/latvian-300x300.png 300w\" \/>\r\n    \r\n\r\n    <\/figure>\r\n\r\n            <a class=\"getStartedVisible\" href=\"https:\/\/app.talkpal.ai\/signup?lng=\">Ba\u015fla<\/a>\r\n    \r\n<\/section>\r\n\r\n\r\n<!-- <section class=\"grammarSection\">\r\n    <div class=\"grammarLinks\">\r\n            <\/div>\r\n<\/section> -->\r\n\r\n\r\n\r\n\r\n<section class=\"promotionalBanner\">\r\n    <p class=\"promotionalText\">Dil \u00f6yr\u0259nm\u0259yin \u0259n t\u0259sirli yolu<\/p>\r\n    <a class=\"promotionalLink\" href=\"https:\/\/app.talkpal.ai\/signup?lng=\">Talkpal pulsuz s\u0131nay\u0131n<\/a>\r\n<\/section>\n<div class=\"wp-block-group pageContainerStyle\"><div class=\"wp-block-group__inner-container is-layout-constrained wp-block-group-is-layout-constrained\">\n<h2 class=\"wp-block-heading\" id=\"h-latvian-grammar-topics\">Latviya dilinin qrammatikas\u0131 m\u00f6vzular\u0131<\/h2>\n\n\n\n<p>Yeni <a href=\"https:\/\/talkpal.ai\/az\/talkpal-chat-vasit%c9%99sil%c9%99-dil-oyr%c9%99nm%c9%99k-ucun-nec%c9%99\/\">dil \u00f6yr\u0259nm\u0259k<\/a> maraql\u0131 v\u0259 sevindirici hadis\u0259 ola bil\u0259r. Latviya dili d\u0259 istisna deyil. Latviyan\u0131n r\u0259smi dili v\u0259 Baltik dill\u0259rind\u0259n biri kimi Latviyan\u0131n \u00f6z\u00fcn\u0259m\u0259xsus qrammatik qurulu\u015fu v\u0259 qaydalar\u0131 var ki, bu da onu dig\u0259r Avropa dill\u0259rind\u0259n f\u0259rql\u0259ndirir. <a href=\"https:\/\/talkpal.ai\/az\/latviya-dilini-oyr%c9%99nin\/\">Latviya dilini<\/a> effektiv <a href=\"https:\/\/talkpal.ai\/az\/oyr%c9%99nm%c9%99k\/\">\u00f6yr\u0259nm\u0259k<\/a> \u00fc\u00e7\u00fcn m\u00fcxt\u0259lif <a href=\"https:\/\/talkpal.ai\/grammar\/\">qrammatika<\/a> m\u00f6vzular\u0131n\u0131 m\u0259ntiqi ard\u0131c\u0131ll\u0131qla ba\u015fa d\u00fc\u015fm\u0259k v\u0259 ustal\u0131qla \u00f6yr\u0259nm\u0259k vacibdir. Bu b\u0259l\u0259d\u00e7i dild\u0259ki m\u00f6hk\u0259m b\u00fcn\u00f6vr\u0259ni qurma\u011fa k\u00f6m\u0259k etm\u0259k \u00fc\u00e7\u00fcn latviya dilinin \u0259sas qrammatika m\u00f6vzular\u0131, o c\u00fcml\u0259d\u0259n, g\u0259rgin, feil, isim, m\u0259qal\u0259, pronouns, determinivl\u0259r, adjectives, adverbs, conditionals, prepositions v\u0259 c\u00fcml\u0259 qurulu\u015fu haqq\u0131nda \u00fcmumi m\u0259lumat ver\u0259c\u0259k.<\/p>\n\n\n\n<h3 class=\"wp-block-heading\" id=\"h-1-nouns-and-articles\">1. Nounlar v\u0259 m\u0259qal\u0259l\u0259r:<\/h3>\n\n\n\n<p>Latviyada nounlar\u0131n iki cinsi var: ki\u015fi cinsi v\u0259 qad\u0131n cinsi. Onlar\u0131n da yeddi hal\u0131 var ki, bu da c\u00fcml\u0259d\u0259 noun funksiyas\u0131n\u0131 m\u00fc\u0259yy\u0259n edir. M\u0259qal\u0259l\u0259r Latviya dilind\u0259 yoxdur, buna g\u00f6r\u0259 d\u0259 noun cinsl\u0259ri v\u0259 hallar\u0131 anlamaq d\u00fczg\u00fcn \u00fcnsiyy\u0259t \u00fc\u00e7\u00fcn olduqca vacibdir.<\/p>\n\n\n\n<h3 class=\"wp-block-heading\" id=\"h-2-adjectives\">2. Adjectives:<\/h3>\n\n\n\n<p>Latviyada adjectives cins, say v\u0259 case-d\u0259 d\u0259yi\u015fdirdikl\u0259ri nouns il\u0259 raz\u0131la\u015f\u0131r. D\u0259qiq t\u0259svirl\u0259rin v\u0259 m\u00fcqayis\u0259l\u0259rin yaranmas\u0131 \u00fc\u00e7\u00fcn adjective aldad\u0131c\u0131l\u0131\u011f\u0131 \u00f6yr\u0259nm\u0259k vacibdir.<\/p>\n\n\n\n<h3 class=\"wp-block-heading\" id=\"h-3-pronouns-and-determiners\">3. Pronouns v\u0259 determinl\u0259r:<\/h3>\n\n\n\n<p>1990-c\u0131 ild\u0259 <a href=\"https:\/\/talkpal.ai\/culture\/how-do-you-ask-for-the-bathroom-in-azerbaijani\/\">az\u0259rbaycan dilind\u0259<\/a> &#8220;N&#8221; v\u0259 &#8220;10&#8221;, &#8220;2015&#8221;, &#8220;100&#8221;, &#8220;100&#8221;, &#8220;100&#8221;, &#8220;100&#8221;, &#8220;100&#8221;, &#8220;100&#8221;, &#8221; H\u0259r ikisi Latviya dilinin qrammatikas\u0131 \u00fc\u00e7\u00fcn z\u0259ruri elementl\u0259rdir v\u0259 d\u0259qiq c\u00fcml\u0259l\u0259r \u0259m\u0259l\u0259 g\u0259tirm\u0259k \u00fc\u00e7\u00fcn erk\u0259n \u00f6yr\u0259nilm\u0259lidir.<\/p>\n\n\n\n<h3 class=\"wp-block-heading\" id=\"h-4-verbs-and-tenses\">4. Feill\u0259r v\u0259 g\u0259rginlikl\u0259r:<\/h3>\n\n\n\n<p>Lat\u0131\u015f feill\u0259rinin \u00fc\u00e7 g\u0259rgini var: ke\u00e7mi\u015f, indiki v\u0259 g\u0259l\u0259c\u0259k. Bu g\u0259rginlikl\u0259rd\u0259 feill\u0259rin nec\u0259 konjuqatla\u015fd\u0131r\u0131lmas\u0131n\u0131n ba\u015fa d\u00fc\u015f\u00fclm\u0259si h\u0259r\u0259k\u0259t v\u0259 hadis\u0259l\u0259ri ifad\u0259 etm\u0259k \u00fc\u00e7\u00fcn z\u0259ruridir. Bundan \u0259lav\u0259, feill\u0259r \u00fc\u00e7 \u0259hval-ruhiyy\u0259y\u0259 malikdirl\u0259r: g\u00f6st\u0259rici, <a href=\"https:\/\/talkpal.ai\/ja\/grammar_exercises\/imperatif-%e3%83%95%e3%83%a9%e3%83%b3%e3%82%b9%e3%81%ae%e6%96%87%e6%b3%95%e3%81%ae%e3%81%9f%e3%82%81%e3%81%ae%e6%bc%94%e7%bf%92\/\">imperativ<\/a> v\u0259 tabe\u00e7ilik.<\/p>\n\n\n\n<h3 class=\"wp-block-heading\" id=\"h-5-progressive-and-perfect-progressive\">5. M\u00fct\u0259r\u0259qqi v\u0259 m\u00fck\u0259mm\u0259l t\u0259r\u0259qqi:<\/h3>\n\n\n\n<p>Bu aspektl\u0259r davaml\u0131 v\u0259 ya davaml\u0131 h\u0259r\u0259k\u0259tl\u0259ri ifad\u0259 edir. Onlar\u0131 \u00f6yr\u0259nm\u0259k, m\u00fc\u0259yy\u0259n m\u00fcdd\u0259t \u0259rzind\u0259 h\u0259yata ke\u00e7iril\u0259n v\u0259 ya davam ed\u0259n h\u0259r\u0259k\u0259tl\u0259ri t\u0259svir etm\u0259kd\u0259 s\u0259n\u0259 k\u00f6m\u0259k ed\u0259c\u0259k.<\/p>\n\n\n\n<h3 class=\"wp-block-heading\" id=\"h-6-tense-comparison\">6. G\u0259rgin m\u00fcqayis\u0259:<\/h3>\n\n\n\n<p>G\u0259rginlikl\u0259rin bir-biri il\u0259 nec\u0259 \u0259laq\u0259li oldu\u011funu anlamaq, h\u0259r\u0259k\u0259tl\u0259ri v\u0259 hadis\u0259l\u0259ri m\u00fcxt\u0259lif zaman h\u0259dl\u0259rind\u0259 d\u0259qiq ifad\u0259 etm\u0259k \u00fc\u00e7\u00fcn \u00e7ox vacibdir.<\/p>\n\n\n\n<h3 class=\"wp-block-heading\" id=\"h-7-adverbs\">7. Adverbl\u0259r:<\/h3>\n\n\n\n<p>Adverbs feill\u0259ri, adjectives v\u0259 ya dig\u0259r adverbl\u0259ri d\u0259yi\u015fdirir, t\u0259svir olunan h\u0259r\u0259k\u0259t v\u0259 ya keyfiyy\u0259t haqq\u0131nda \u0259lav\u0259 m\u0259lumat verir. Onlar c\u00fcml\u0259l\u0259riniz\u0259 detal v\u0259 n\u00fcans \u0259lav\u0259 etm\u0259k \u00fc\u00e7\u00fcn z\u0259ruridir.<\/p>\n\n\n\n<h3 class=\"wp-block-heading\" id=\"h-8-prepositions\">8. Prepozisiyalar:<\/h3>\n\n\n\n<p>Prepozisiyalar c\u00fcml\u0259d\u0259ki s\u00f6zl\u0259rin yerini, istiqam\u0259tini v\u0259 ya zaman\u0131n\u0131 g\u00f6st\u0259r\u0259n \u0259laq\u0259ni g\u00f6st\u0259rir. C\u00fcml\u0259l\u0259rin bir- biri il\u0259 ba\u011fl\u0131 v\u0259 m\u0259nal\u0131 olmas\u0131 \u00fc\u00e7\u00fcn qabaqcadan m\u00fc\u0259yy\u0259n edilmi\u015f m\u0259s&#8217;ruz\u0259l\u0259r vacibdir.<\/p>\n\n\n\n<h3 class=\"wp-block-heading\" id=\"h-9-conditionals\">9. \u015e\u0259rti olaraq:<\/h3>\n\n\n\n<p>\u015e\u0259rti c\u00fcml\u0259l\u0259r hipotetik v\u0259ziyy\u0259tl\u0259ri v\u0259 onlar\u0131n m\u00fcmk\u00fcn n\u0259tic\u0259l\u0259rini ifad\u0259 edir. M\u00fcr\u0259kk\u0259b fikir v\u0259 imkanlar\u0131 ifad\u0259 etm\u0259k \u00fc\u00e7\u00fcn \u015f\u0259rtin formala\u015fmas\u0131 v\u0259 istifad\u0259sinin \u00f6yr\u0259nilm\u0259si z\u0259ruridir.<\/p>\n\n\n\n<h3 class=\"wp-block-heading\" id=\"h-10-sentences\">10. C\u00fcml\u0259l\u0259r:<\/h3>\n\n\n\n<p>Latviya c\u00fcml\u0259 qurulu\u015funu, s\u00f6z nizam\u0131 v\u0259 dur\u011fu i\u015far\u0259l\u0259rini ba\u015fa d\u00fc\u015fm\u0259k <a href=\"https:\/\/talkpal.ai\/locations\/learn-english-in-aydin\/\">ayd\u0131n<\/a> v\u0259 d\u0259qiq ifad\u0259l\u0259r, suallar v\u0259 \u0259mrl\u0259r meydana g\u0259lm\u0259si \u00fc\u00e7\u00fcn olduqca \u0259h\u0259miyy\u0259tlidir. Yuxar\u0131da g\u0259tiril\u0259n qrammatika m\u00f6vzular\u0131n\u0131n ham\u0131s\u0131n\u0131 yax\u015f\u0131 bilm\u0259kl\u0259 s\u0259n <a href=\"https:\/\/talkpal.ai\/az\/latviya-dilini-oyr%c9%99nin\/\">latviya dilini<\/a> yax\u015f\u0131 bil\u0259c\u0259ks\u0259n.<\/p>\n<\/div><\/div>\n\r\n<section class=\"learnNavigationSection\">\r\n            \r\n        <a href=\"https:\/\/talkpal.ai\/az\/latviya-dilini-oyr%c9%99nin\/\">\r\n            <div class=\"learnNavigationWrapper\">\r\n                <div class=\"learnNavigationContent\">\r\n                    <img decoding=\"async\" src=\"https:\/\/talkpal.ai\/wp-content\/uploads\/2024\/08\/Latvian.jpg\" alt=\"Latvian Flag\">\r\n                    <div>\r\n                        <h4>Latviya \u00d6yr\u0259nilm\u0259si Haqq\u0131nda<\/h4>\r\n                        <p>Latviya dilinin qrammatikas\u0131 haqq\u0131nda h\u0259r \u015feyi \u00f6yr\u0259nin.<\/p>\r\n                    <\/div>\r\n                <\/div>\r\n            <\/div>\r\n        <\/a>\r\n\r\n        \r\n        <a href=\"https:\/\/talkpal.ai\/az\/latviya-dilinin-qrammatikasi\/\">\r\n            <div class=\"learnNavigationWrapper\">\r\n                <div class=\"learnNavigationContent\">\r\n                    <img decoding=\"async\" src=\"https:\/\/talkpal.ai\/wp-content\/uploads\/2024\/08\/Latvian.jpg\" alt=\"Latvian Flag\">\r\n                    <div>\r\n                        <h4>Latviya Qrammatikas\u0131 D\u0259rsl\u0259ri<\/h4>\r\n                        <p>Latviya dilinin qrammatika il\u0259 m\u0259\u015f\u011ful ol .<\/p>\r\n                    <\/div>\r\n                <\/div>\r\n            <\/div>\r\n        <\/a>\r\n\r\n        \r\n        <a href=\"https:\/\/talkpal.ai\/vocabulary_language\/latvian\/\">\r\n            <div class=\"learnNavigationWrapper\">\r\n                <div class=\"learnNavigationContent\">\r\n                    <img decoding=\"async\" src=\"https:\/\/talkpal.ai\/wp-content\/uploads\/2024\/08\/Latvian.jpg\" alt=\"Latvian Flag\">\r\n                    <div>\r\n                        <h4>Latviya l\u00fc\u011f\u0259ti<\/h4>\r\n                        <p>Latviya l\u00fc\u011f\u0259tinizi geni\u015fl\u0259ndirin.<\/p>\r\n                    <\/div>\r\n                <\/div>\r\n            <\/div>\r\n        <\/a>\r\n\r\n            <\/section>","protected":false},"excerpt":{"rendered":"<p>Latviya dilinin qrammatikas\u0131 m\u00f6vzular\u0131 Yeni dil \u00f6yr\u0259nm\u0259k maraql\u0131 v\u0259 sevindirici hadis\u0259 ola bil\u0259r. Latviya dili d\u0259 istisna deyil. Latviyan\u0131n r\u0259smi dili v\u0259 Baltik dill\u0259rind\u0259n biri kimi Latviyan\u0131n \u00f6z\u00fcn\u0259m\u0259xsus qrammatik qurulu\u015fu v\u0259 qaydalar\u0131 var ki, bu da onu dig\u0259r Avropa dill\u0259rind\u0259n f\u0259rql\u0259ndirir. Latviya dilini effektiv \u00f6yr\u0259nm\u0259k \u00fc\u00e7\u00fcn m\u00fcxt\u0259lif qrammatika m\u00f6vzular\u0131n\u0131 m\u0259ntiqi ard\u0131c\u0131ll\u0131qla ba\u015fa d\u00fc\u015fm\u0259k v\u0259 ustal\u0131qla [&hellip;]<\/p>\n","protected":false},"author":6,"featured_media":114862,"parent":0,"menu_order":0,"comment_status":"closed","ping_status":"closed","template":"LearningContentPage.php","meta":{"_acf_changed":false,"footnotes":""},"class_list":["post-160443","page","type-page","status-publish","has-post-thumbnail","hentry"],"acf":[],"yoast_head":"<!-- This site is optimized with the Yoast SEO Premium plugin v27.2 (Yoast SEO v27.2) - https:\/\/yoast.com\/product\/yoast-seo-premium-wordpress\/ -->\n<title>Latviya dilinin qrammatikas\u0131 m\u0259\u015fql\u0259ri - Talkpal<\/title>\n<meta name=\"description\" content=\"Talkpal m\u0259\u015fql\u0259rini c\u0259lb etm\u0259kl\u0259 Latviya qrammatikan\u0131z\u0131 k\u0259skinl\u0259\u015fdirin - interaktiv AI d\u0259rsl\u0259ri il\u0259 d\u0259qiqliyi t\u0259kmill\u0259\u015fdirin v\u0259 bacar\u0131qlar\u0131 effektiv \u015f\u0259kild\u0259 art\u0131r\u0131n.\" \/>\n<meta name=\"robots\" content=\"index, follow, max-snippet:-1, max-image-preview:large, max-video-preview:-1\" \/>\n<link rel=\"canonical\" href=\"https:\/\/talkpal.ai\/az\/latviya-dilinin-qrammatikasi-m%c9%99sql%c9%99ri\/\" \/>\n<meta property=\"og:locale\" content=\"az_AZ\" \/>\n<meta property=\"og:type\" content=\"article\" \/>\n<meta property=\"og:title\" content=\"Latviya dilinin qrammatikas\u0131 m\u0259\u015fql\u0259ri\" \/>\n<meta property=\"og:description\" content=\"Latviya dilinin qrammatikas\u0131 m\u00f6vzular\u0131 Yeni dil \u00f6yr\u0259nm\u0259k maraql\u0131 v\u0259 sevindirici hadis\u0259 ola bil\u0259r. Latviya dili d\u0259 istisna deyil. Latviyan\u0131n r\u0259smi dili v\u0259\" \/>\n<meta property=\"og:url\" content=\"https:\/\/talkpal.ai\/az\/latviya-dilinin-qrammatikasi-m%c9%99sql%c9%99ri\/\" \/>\n<meta property=\"og:site_name\" content=\"Talkpal\" \/>\n<meta property=\"article:publisher\" content=\"https:\/\/www.facebook.com\/profile.php?id=100090733639311\" \/>\n<meta property=\"article:modified_time\" content=\"2025-12-17T15:51:54+00:00\" \/>\n<meta property=\"og:image\" content=\"https:\/\/talkpal.ai\/wp-content\/uploads\/2023\/05\/latvia.png\" \/>\n\t<meta property=\"og:image:width\" content=\"512\" \/>\n\t<meta property=\"og:image:height\" content=\"512\" \/>\n\t<meta property=\"og:image:type\" content=\"image\/png\" \/>\n<meta name=\"twitter:card\" content=\"summary_large_image\" \/>\n<meta name=\"twitter:site\" content=\"@talkpalai\" \/>\n<meta name=\"twitter:label1\" content=\"Est. reading time\" \/>\n\t<meta name=\"twitter:data1\" content=\"3 minutes\" \/>\n<script type=\"application\/ld+json\" class=\"yoast-schema-graph\">{\"@context\":\"https:\/\/schema.org\",\"@graph\":[{\"@type\":\"WebPage\",\"@id\":\"https:\/\/talkpal.ai\/az\/latviya-dilinin-qrammatikasi-m%c9%99sql%c9%99ri\/\",\"url\":\"https:\/\/talkpal.ai\/az\/latviya-dilinin-qrammatikasi-m%c9%99sql%c9%99ri\/\",\"name\":\"Latviya dilinin qrammatikas\u0131 m\u0259\u015fql\u0259ri - Talkpal\",\"isPartOf\":{\"@id\":\"https:\/\/talkpal.ai\/az\/#website\"},\"primaryImageOfPage\":{\"@id\":\"https:\/\/talkpal.ai\/az\/latviya-dilinin-qrammatikasi-m%c9%99sql%c9%99ri\/#primaryimage\"},\"image\":{\"@id\":\"https:\/\/talkpal.ai\/az\/latviya-dilinin-qrammatikasi-m%c9%99sql%c9%99ri\/#primaryimage\"},\"thumbnailUrl\":\"https:\/\/talkpal.ai\/wp-content\/uploads\/2023\/05\/latvia.png\",\"datePublished\":\"2023-06-22T08:07:24+00:00\",\"dateModified\":\"2025-12-17T15:51:54+00:00\",\"description\":\"Talkpal m\u0259\u015fql\u0259rini c\u0259lb etm\u0259kl\u0259 Latviya qrammatikan\u0131z\u0131 k\u0259skinl\u0259\u015fdirin - interaktiv AI d\u0259rsl\u0259ri il\u0259 d\u0259qiqliyi t\u0259kmill\u0259\u015fdirin v\u0259 bacar\u0131qlar\u0131 effektiv \u015f\u0259kild\u0259 art\u0131r\u0131n.\",\"breadcrumb\":{\"@id\":\"https:\/\/talkpal.ai\/az\/latviya-dilinin-qrammatikasi-m%c9%99sql%c9%99ri\/#breadcrumb\"},\"inLanguage\":\"az\",\"potentialAction\":[{\"@type\":\"ReadAction\",\"target\":[\"https:\/\/talkpal.ai\/az\/latviya-dilinin-qrammatikasi-m%c9%99sql%c9%99ri\/\"]}]},{\"@type\":\"ImageObject\",\"inLanguage\":\"az\",\"@id\":\"https:\/\/talkpal.ai\/az\/latviya-dilinin-qrammatikasi-m%c9%99sql%c9%99ri\/#primaryimage\",\"url\":\"https:\/\/talkpal.ai\/wp-content\/uploads\/2023\/05\/latvia.png\",\"contentUrl\":\"https:\/\/talkpal.ai\/wp-content\/uploads\/2023\/05\/latvia.png\",\"width\":512,\"height\":512},{\"@type\":\"BreadcrumbList\",\"@id\":\"https:\/\/talkpal.ai\/az\/latviya-dilinin-qrammatikasi-m%c9%99sql%c9%99ri\/#breadcrumb\",\"itemListElement\":[{\"@type\":\"ListItem\",\"position\":1,\"name\":\"Homepage\",\"item\":\"https:\/\/talkpal.ai\/az\/\"},{\"@type\":\"ListItem\",\"position\":2,\"name\":\"Latviya dilinin qrammatikas\u0131 m\u0259\u015fql\u0259ri\"}]},{\"@type\":\"WebSite\",\"@id\":\"https:\/\/talkpal.ai\/az\/#website\",\"url\":\"https:\/\/talkpal.ai\/az\/\",\"name\":\"Talkpal\",\"description\":\"AI Language Learning\",\"publisher\":{\"@id\":\"https:\/\/talkpal.ai\/az\/#organization\"},\"alternateName\":\"Talkpal AI\",\"potentialAction\":[{\"@type\":\"SearchAction\",\"target\":{\"@type\":\"EntryPoint\",\"urlTemplate\":\"https:\/\/talkpal.ai\/az\/?s={search_term_string}\"},\"query-input\":{\"@type\":\"PropertyValueSpecification\",\"valueRequired\":true,\"valueName\":\"search_term_string\"}}],\"inLanguage\":\"az\"},{\"@type\":\"Organization\",\"@id\":\"https:\/\/talkpal.ai\/az\/#organization\",\"name\":\"Talkpal, Inc.\",\"alternateName\":\"Talkpal AI\",\"url\":\"https:\/\/talkpal.ai\/az\/\",\"logo\":{\"@type\":\"ImageObject\",\"inLanguage\":\"az\",\"@id\":\"https:\/\/talkpal.ai\/az\/#\/schema\/logo\/image\/\",\"url\":\"https:\/\/talkpal.ai\/wp-content\/uploads\/2024\/03\/Talkpal-Logo-Icon.png\",\"contentUrl\":\"https:\/\/talkpal.ai\/wp-content\/uploads\/2024\/03\/Talkpal-Logo-Icon.png\",\"width\":2880,\"height\":2880,\"caption\":\"Talkpal, Inc.\"},\"image\":{\"@id\":\"https:\/\/talkpal.ai\/az\/#\/schema\/logo\/image\/\"},\"sameAs\":[\"https:\/\/www.facebook.com\/profile.php?id=100090733639311\",\"https:\/\/x.com\/talkpalai\",\"https:\/\/www.linkedin.com\/company\/talkpal\/\",\"https:\/\/www.youtube.com\/@TalkPal\/\",\"https:\/\/www.tiktok.com\/@talkpal\",\"https:\/\/www.instagram.com\/talkpal_ai\/\",\"https:\/\/www.crunchbase.com\/organization\/talkpal-9cde\",\"https:\/\/www.g2.com\/products\/talkpal-for-business\/\",\"https:\/\/www.trustpilot.com\/review\/talkpal.ai\",\"https:\/\/www.capterra.com\/p\/10006800\/TalkPal\/\"],\"description\":\"Talkpal is a language learning web and mobile education app, powered by the latest AI technologies, that provides engaging experiences to its customers in many different languages to help them improve their language skills. Users can chat about unlimited amount of topics with the app and use other modes to practice their language learning.\",\"email\":\"support@talkpal.ai\",\"legalName\":\"Talkpal, Inc.\",\"foundingDate\":\"2023-04-03\",\"duns\":\"118989042\",\"numberOfEmployees\":{\"@type\":\"QuantitativeValue\",\"minValue\":\"11\",\"maxValue\":\"50\"},\"publishingPrinciples\":\"https:\/\/talkpal.ai\/publishing-principles\/\",\"actionableFeedbackPolicy\":\"https:\/\/talkpal.ai\/actionable-feedback-policy\/\",\"correctionsPolicy\":\"https:\/\/talkpal.ai\/corrections-policy\/\",\"ethicsPolicy\":\"https:\/\/talkpal.ai\/ethics-policy\/\",\"diversityPolicy\":\"https:\/\/talkpal.ai\/diversity-policy\/\",\"diversityStaffingReport\":\"https:\/\/talkpal.ai\/diversity-policy\/\"}]}<\/script>\n<!-- \/ Yoast SEO Premium plugin. -->","yoast_head_json":{"title":"Latviya dilinin qrammatikas\u0131 m\u0259\u015fql\u0259ri - Talkpal","description":"Talkpal m\u0259\u015fql\u0259rini c\u0259lb etm\u0259kl\u0259 Latviya qrammatikan\u0131z\u0131 k\u0259skinl\u0259\u015fdirin - interaktiv AI d\u0259rsl\u0259ri il\u0259 d\u0259qiqliyi t\u0259kmill\u0259\u015fdirin v\u0259 bacar\u0131qlar\u0131 effektiv \u015f\u0259kild\u0259 art\u0131r\u0131n.","robots":{"index":"index","follow":"follow","max-snippet":"max-snippet:-1","max-image-preview":"max-image-preview:large","max-video-preview":"max-video-preview:-1"},"canonical":"https:\/\/talkpal.ai\/az\/latviya-dilinin-qrammatikasi-m%c9%99sql%c9%99ri\/","og_locale":"az_AZ","og_type":"article","og_title":"Latviya dilinin qrammatikas\u0131 m\u0259\u015fql\u0259ri","og_description":"Latviya dilinin qrammatikas\u0131 m\u00f6vzular\u0131 Yeni dil \u00f6yr\u0259nm\u0259k maraql\u0131 v\u0259 sevindirici hadis\u0259 ola bil\u0259r. Latviya dili d\u0259 istisna deyil. Latviyan\u0131n r\u0259smi dili v\u0259","og_url":"https:\/\/talkpal.ai\/az\/latviya-dilinin-qrammatikasi-m%c9%99sql%c9%99ri\/","og_site_name":"Talkpal","article_publisher":"https:\/\/www.facebook.com\/profile.php?id=100090733639311","article_modified_time":"2025-12-17T15:51:54+00:00","og_image":[{"width":512,"height":512,"url":"https:\/\/talkpal.ai\/wp-content\/uploads\/2023\/05\/latvia.png","type":"image\/png"}],"twitter_card":"summary_large_image","twitter_site":"@talkpalai","twitter_misc":{"Est. reading time":"3 minutes"},"schema":{"@context":"https:\/\/schema.org","@graph":[{"@type":"WebPage","@id":"https:\/\/talkpal.ai\/az\/latviya-dilinin-qrammatikasi-m%c9%99sql%c9%99ri\/","url":"https:\/\/talkpal.ai\/az\/latviya-dilinin-qrammatikasi-m%c9%99sql%c9%99ri\/","name":"Latviya dilinin qrammatikas\u0131 m\u0259\u015fql\u0259ri - Talkpal","isPartOf":{"@id":"https:\/\/talkpal.ai\/az\/#website"},"primaryImageOfPage":{"@id":"https:\/\/talkpal.ai\/az\/latviya-dilinin-qrammatikasi-m%c9%99sql%c9%99ri\/#primaryimage"},"image":{"@id":"https:\/\/talkpal.ai\/az\/latviya-dilinin-qrammatikasi-m%c9%99sql%c9%99ri\/#primaryimage"},"thumbnailUrl":"https:\/\/talkpal.ai\/wp-content\/uploads\/2023\/05\/latvia.png","datePublished":"2023-06-22T08:07:24+00:00","dateModified":"2025-12-17T15:51:54+00:00","description":"Talkpal m\u0259\u015fql\u0259rini c\u0259lb etm\u0259kl\u0259 Latviya qrammatikan\u0131z\u0131 k\u0259skinl\u0259\u015fdirin - interaktiv AI d\u0259rsl\u0259ri il\u0259 d\u0259qiqliyi t\u0259kmill\u0259\u015fdirin v\u0259 bacar\u0131qlar\u0131 effektiv \u015f\u0259kild\u0259 art\u0131r\u0131n.","breadcrumb":{"@id":"https:\/\/talkpal.ai\/az\/latviya-dilinin-qrammatikasi-m%c9%99sql%c9%99ri\/#breadcrumb"},"inLanguage":"az","potentialAction":[{"@type":"ReadAction","target":["https:\/\/talkpal.ai\/az\/latviya-dilinin-qrammatikasi-m%c9%99sql%c9%99ri\/"]}]},{"@type":"ImageObject","inLanguage":"az","@id":"https:\/\/talkpal.ai\/az\/latviya-dilinin-qrammatikasi-m%c9%99sql%c9%99ri\/#primaryimage","url":"https:\/\/talkpal.ai\/wp-content\/uploads\/2023\/05\/latvia.png","contentUrl":"https:\/\/talkpal.ai\/wp-content\/uploads\/2023\/05\/latvia.png","width":512,"height":512},{"@type":"BreadcrumbList","@id":"https:\/\/talkpal.ai\/az\/latviya-dilinin-qrammatikasi-m%c9%99sql%c9%99ri\/#breadcrumb","itemListElement":[{"@type":"ListItem","position":1,"name":"Homepage","item":"https:\/\/talkpal.ai\/az\/"},{"@type":"ListItem","position":2,"name":"Latviya dilinin qrammatikas\u0131 m\u0259\u015fql\u0259ri"}]},{"@type":"WebSite","@id":"https:\/\/talkpal.ai\/az\/#website","url":"https:\/\/talkpal.ai\/az\/","name":"Talkpal","description":"AI Language Learning","publisher":{"@id":"https:\/\/talkpal.ai\/az\/#organization"},"alternateName":"Talkpal AI","potentialAction":[{"@type":"SearchAction","target":{"@type":"EntryPoint","urlTemplate":"https:\/\/talkpal.ai\/az\/?s={search_term_string}"},"query-input":{"@type":"PropertyValueSpecification","valueRequired":true,"valueName":"search_term_string"}}],"inLanguage":"az"},{"@type":"Organization","@id":"https:\/\/talkpal.ai\/az\/#organization","name":"Talkpal, Inc.","alternateName":"Talkpal AI","url":"https:\/\/talkpal.ai\/az\/","logo":{"@type":"ImageObject","inLanguage":"az","@id":"https:\/\/talkpal.ai\/az\/#\/schema\/logo\/image\/","url":"https:\/\/talkpal.ai\/wp-content\/uploads\/2024\/03\/Talkpal-Logo-Icon.png","contentUrl":"https:\/\/talkpal.ai\/wp-content\/uploads\/2024\/03\/Talkpal-Logo-Icon.png","width":2880,"height":2880,"caption":"Talkpal, Inc."},"image":{"@id":"https:\/\/talkpal.ai\/az\/#\/schema\/logo\/image\/"},"sameAs":["https:\/\/www.facebook.com\/profile.php?id=100090733639311","https:\/\/x.com\/talkpalai","https:\/\/www.linkedin.com\/company\/talkpal\/","https:\/\/www.youtube.com\/@TalkPal\/","https:\/\/www.tiktok.com\/@talkpal","https:\/\/www.instagram.com\/talkpal_ai\/","https:\/\/www.crunchbase.com\/organization\/talkpal-9cde","https:\/\/www.g2.com\/products\/talkpal-for-business\/","https:\/\/www.trustpilot.com\/review\/talkpal.ai","https:\/\/www.capterra.com\/p\/10006800\/TalkPal\/"],"description":"Talkpal is a language learning web and mobile education app, powered by the latest AI technologies, that provides engaging experiences to its customers in many different languages to help them improve their language skills. Users can chat about unlimited amount of topics with the app and use other modes to practice their language learning.","email":"support@talkpal.ai","legalName":"Talkpal, Inc.","foundingDate":"2023-04-03","duns":"118989042","numberOfEmployees":{"@type":"QuantitativeValue","minValue":"11","maxValue":"50"},"publishingPrinciples":"https:\/\/talkpal.ai\/publishing-principles\/","actionableFeedbackPolicy":"https:\/\/talkpal.ai\/actionable-feedback-policy\/","correctionsPolicy":"https:\/\/talkpal.ai\/corrections-policy\/","ethicsPolicy":"https:\/\/talkpal.ai\/ethics-policy\/","diversityPolicy":"https:\/\/talkpal.ai\/diversity-policy\/","diversityStaffingReport":"https:\/\/talkpal.ai\/diversity-policy\/"}]}},"_links":{"self":[{"href":"https:\/\/talkpal.ai\/az\/wp-json\/wp\/v2\/pages\/160443","targetHints":{"allow":["GET"]}}],"collection":[{"href":"https:\/\/talkpal.ai\/az\/wp-json\/wp\/v2\/pages"}],"about":[{"href":"https:\/\/talkpal.ai\/az\/wp-json\/wp\/v2\/types\/page"}],"author":[{"embeddable":true,"href":"https:\/\/talkpal.ai\/az\/wp-json\/wp\/v2\/users\/6"}],"replies":[{"embeddable":true,"href":"https:\/\/talkpal.ai\/az\/wp-json\/wp\/v2\/comments?post=160443"}],"version-history":[{"count":0,"href":"https:\/\/talkpal.ai\/az\/wp-json\/wp\/v2\/pages\/160443\/revisions"}],"wp:featuredmedia":[{"embeddable":true,"href":"https:\/\/talkpal.ai\/az\/wp-json\/wp\/v2\/media\/114862"}],"wp:attachment":[{"href":"https:\/\/talkpal.ai\/az\/wp-json\/wp\/v2\/media?parent=160443"}],"curies":[{"name":"wp","href":"https:\/\/api.w.org\/{rel}","templated":true}]}}