{"id":160142,"date":"2023-06-22T08:12:52","date_gmt":"2023-06-22T08:12:52","guid":{"rendered":"http:\/\/talkpal.ai\/litva-dilinin-qrammatikasi-m%c9%99sg%c9%99l%c9%99l%c9%99ri\/"},"modified":"2025-12-17T15:54:58","modified_gmt":"2025-12-17T15:54:58","slug":"litva-dilinin-qrammatikasi-m%c9%99sg%c9%99l%c9%99l%c9%99ri","status":"publish","type":"page","link":"https:\/\/talkpal.ai\/az\/litva-dilinin-qrammatikasi-m%c9%99sg%c9%99l%c9%99l%c9%99ri\/","title":{"rendered":"Litva dilinin qrammatikas\u0131 m\u0259\u015f\u011f\u0259l\u0259l\u0259ri"},"content":{"rendered":"\r\n\r\n\r\n<section class=\"languageChallengeSection\">\r\n    <div class=\"languageInfoWrapper\">\r\n        \r\n        <h1>Litva dilinin qrammatikas\u0131 m\u0259\u015f\u011f\u0259l\u0259l\u0259ri<\/h1>\r\n        <p><a href=\"https:\/\/talkpal.ai\/learn-lithuanian\/\">Litva<\/a> dilinizi n\u00f6vb\u0259ti s\u0259viyy\u0259y\u0259 aparma\u011fa haz\u0131rs\u0131n\u0131z? Qrammatik m\u0259\u015fql\u0259ri m\u0259\u015fq etm\u0259k c\u00fcml\u0259 qurulu\u015funu, fel formalar\u0131n\u0131 v\u0259 Litva dilinin unikal n\u00fcmun\u0259l\u0259rini m\u0259nims\u0259m\u0259yin \u0259la yoludur. Litva qrammatikas\u0131n\u0131 bu g\u00fcn ara\u015fd\u0131rma\u011fa ba\u015flay\u0131n v\u0259 h\u0259r m\u0259\u015fql\u0259 bacar\u0131qlar\u0131n\u0131z\u0131n v\u0259 inam\u0131n\u0131z\u0131n artmas\u0131n\u0131 izl\u0259yin!<\/p>\r\n\r\n                            <a class=\"getStartedHidden\" href=\"https:\/\/app.talkpal.ai\/signup?lng=\">Ba\u015fla<\/a>\r\n        \r\n    <\/div>\r\n\r\n    <figure>\r\n    <img decoding=\"async\" width=\"768\" height=\"768\" src=\"https:\/\/talkpal.ai\/wp-content\/uploads\/2023\/06\/lithuenian-768x768.png\" class=\"languageImage no-lazy\" alt=\"Language learning for boosting creativity\" fetchpriority=\"high\" sizes=\"(max-width: 768px) 150px, 768px\" srcset=\"https:\/\/talkpal.ai\/wp-content\/uploads\/2023\/06\/lithuenian-768x768.png 768w, https:\/\/talkpal.ai\/wp-content\/uploads\/2023\/06\/lithuenian-300x300.png 300w\" \/>\r\n    \r\n\r\n    <\/figure>\r\n\r\n            <a class=\"getStartedVisible\" href=\"https:\/\/app.talkpal.ai\/signup?lng=\">Ba\u015fla<\/a>\r\n    \r\n<\/section>\r\n\r\n\r\n<!-- <section class=\"grammarSection\">\r\n    <div class=\"grammarLinks\">\r\n            <\/div>\r\n<\/section> -->\r\n\r\n\r\n\r\n\r\n<section class=\"promotionalBanner\">\r\n    <p class=\"promotionalText\">Dil \u00f6yr\u0259nm\u0259yin \u0259n t\u0259sirli yolu<\/p>\r\n    <a class=\"promotionalLink\" href=\"https:\/\/app.talkpal.ai\/signup?lng=\">Talkpal pulsuz s\u0131nay\u0131n<\/a>\r\n<\/section>\n<div class=\"wp-block-group pageContainerStyle\"><div class=\"wp-block-group__inner-container is-layout-constrained wp-block-group-is-layout-constrained\">\n<h2 class=\"wp-block-heading\" id=\"h-lithuanian-grammar-topics\">Litva dilinin qrammatikas\u0131 m\u00f6vzular\u0131<\/h2>\n\n\n\n<p><a href=\"https:\/\/talkpal.ai\/az\/litva-dilini-oyr%c9%99nin\/\">Litva dilini<\/a> <a href=\"https:\/\/talkpal.ai\/az\/oyr%c9%99nm%c9%99k\/\">\u00f6yr\u0259nm\u0259k<\/a> t\u0259kc\u0259 unikal v\u0259 m\u00fckafatland\u0131r\u0131c\u0131 t\u0259cr\u00fcb\u0259 deyil, h\u0259m d\u0259 m\u0259d\u0259ni k\u0259\u015ffl\u0259rin tam yeni d\u00fcnyas\u0131n\u0131 a\u00e7\u0131r. Litva dili baltik dili kimi q\u0259dim \u0130ndo-Az\u0259rbaycan dill\u0259rinin bir \u00e7ox x\u00fcsusiyy\u0259tl\u0259rini \u00f6z\u00fcnd\u0259 saxlam\u0131\u015fd\u0131r. Bu is\u0259 onu tarixi v\u0259 dil\u015f\u00fcnasl\u0131q bax\u0131m\u0131ndan m\u00fch\u00fcm dil hal\u0131na g\u0259tirir. Litva dilinin qrammatikas\u0131 m\u00fcr\u0259kk\u0259b g\u00f6r\u00fcn\u0259 bil\u0259r, lakin onu daha ki\u00e7ik m\u00f6vzulara b\u00f6lm\u0259k v\u0259 m\u0259ntiqi ard\u0131c\u0131ll\u0131qla \u00f6yr\u0259nm\u0259k s\u0259yah\u0259tinizi daha yum\u015faq v\u0259 z\u00f6vql\u00fc ed\u0259c\u0259k. Bu b\u0259l\u0259d\u00e7id\u0259 Litva dilinin qrammatika m\u00f6vzular\u0131n\u0131 \u00f6yr\u0259nm\u0259li oldu\u011funuz ard\u0131c\u0131ll\u0131qla t\u0259qdim ed\u0259c\u0259yik. H\u0259r bir m\u00f6vzu haqq\u0131nda q\u0131sa m\u0259lumat t\u0259qdim ed\u0259c\u0259yik.<\/p>\n\n\n\n<h3 class=\"wp-block-heading\" id=\"h-1-nouns\">1. Nouns:<\/h3>\n\n\n\n<p>Nouns \u0259ks\u0259r c\u00fcml\u0259l\u0259rin bel s\u00fcm\u00fcy\u00fcnd\u0259n \u0259m\u0259l\u0259 g\u0259lir, buna g\u00f6r\u0259 d\u0259 litva dilind\u0259 noun declensions sistemini \u00f6yr\u0259nm\u0259kl\u0259 ba\u015flay\u0131n. Be\u015f noun declensions var, h\u0259r biri \u00f6z sonluqlar\u0131 il\u0259 birillik v\u0259 plural formalar\u0131 \u00fc\u00e7\u00fcn. Nounlar\u0131n cinsin\u0259 diqq\u0259t yetirin, \u00e7\u00fcnki bu, deklensionda istifad\u0259 olunan sonluqlara t\u0259sir ed\u0259c\u0259k.<\/p>\n\n\n\n<h3 class=\"wp-block-heading\" id=\"h-2-articles\">2. M\u0259qal\u0259l\u0259r:<\/h3>\n\n\n\n<p>\u0130ngilis dilind\u0259n f\u0259rqli olaraq, Litvada m\u00fc\u0259yy\u0259n v\u0259 ya qeyri-m\u00fc\u0259yy\u0259n m\u0259qal\u0259l\u0259r yoxdur, ona g\u00f6r\u0259 d\u0259 narahat olmaq \u00fc\u00e7\u00fcn bir az qrammatik komponentiniz olacaq!<\/p>\n\n\n\n<h3 class=\"wp-block-heading\" id=\"h-3-adjectives\">3. Adjectives:<\/h3>\n\n\n\n<p>Adjectives cins, hal v\u0259 \u0259d\u0259dl\u0259rd\u0259 nounlarla raz\u0131la\u015f\u0131r. M\u00fcxt\u0259lif adjective sonluqlar\u0131n\u0131 v\u0259 onlar\u0131n d\u0259yi\u015fdirdikl\u0259ri noundan as\u0131l\u0131 olaraq nec\u0259 d\u0259yi\u015fdiyini \u00f6yr\u0259nin.<\/p>\n\n\n\n<h3 class=\"wp-block-heading\" id=\"h-4-pronouns-determiners\">4. Pronouns\/Determinl\u0259r:<\/h3>\n\n\n\n<p>Dig\u0259r dill\u0259rd\u0259 oldu\u011fu kimi, t\u0259l\u0259ff\u00fcz v\u0259 determinizm c\u00fcml\u0259l\u0259rd\u0259 ayd\u0131nl\u0131\u011f\u0131 v\u0259 konkretliyi t\u0259min etm\u0259y\u0259 k\u00f6m\u0259k edir. M\u00fcxt\u0259lif n\u00f6v pronouns v\u0259 t\u0259yinedicil\u0259ri, onlar\u0131n litva dilind\u0259 m\u00fcxt\u0259lif formalar\u0131 v\u0259 istifad\u0259 \u00fcsullar\u0131n\u0131 \u00f6yr\u0259nin.<\/p>\n\n\n\n<h3 class=\"wp-block-heading\" id=\"h-5-verbs\">5. Feill\u0259r:<\/h3>\n\n\n\n<p>Feli sif\u0259tl\u0259r varl\u0131\u011f\u0131n h\u0259r\u0259k\u0259t v\u0259 \u015ftamlar\u0131n\u0131 \u00e7atd\u0131rmaq \u00fc\u00e7\u00fcn z\u0259ruridir. Bu\u011fa \u2013 indiki g\u0259rgin f\u0259aliyy\u0259t\u0259 ba\u015flay\u0131n, sonra is\u0259 ke\u00e7mi\u015f v\u0259 g\u0259l\u0259c\u0259k g\u0259rgin v\u0259ziyy\u0259tl\u0259r\u0259 do\u011fru ir\u0259lil\u0259y\u0259k. Konyunkasiya t\u0259rzin\u0259, el\u0259c\u0259 d\u0259 qeyri-m\u00fcnt\u0259z\u0259m feill\u0259r\u0259 diqq\u0259t yetirin.<\/p>\n\n\n\n<h3 class=\"wp-block-heading\" id=\"h-6-tense-comparison\">6. G\u0259rgin m\u00fcqayis\u0259:<\/h3>\n\n\n\n<p>\u018fsas g\u0259rginlikl\u0259ri \u00f6yr\u0259ndikd\u0259n sonra onlar\u0131 m\u00fcqayis\u0259 etm\u0259yi v\u0259 istifad\u0259l\u0259rinin n\u00fcanslar\u0131n\u0131 anlama\u011fa \u00f6yr\u0259nin. Bura sad\u0259 v\u0259 m\u00fcr\u0259kk\u0259b g\u0259rginlikl\u0259r aras\u0131ndak\u0131 f\u0259rql\u0259ri, el\u0259c\u0259 d\u0259 m\u00fck\u0259mm\u0259l m\u00fct\u0259r\u0259qqi g\u0259rginliyi ba\u015fa d\u00fc\u015fm\u0259k daxildir.<\/p>\n\n\n\n<h3 class=\"wp-block-heading\" id=\"h-7-progressive-and-perfect-progressive\">7. M\u00fct\u0259r\u0259qqi v\u0259 m\u00fck\u0259mm\u0259l t\u0259r\u0259qqi:<\/h3>\n\n\n\n<p>Litva dilind\u0259 ingilis dili kimi konkret m\u00fct\u0259r\u0259qqi formalar yoxdur, lakin siz konkret tikintil\u0259rd\u0259n istifad\u0259 ed\u0259r\u0259k davam ed\u0259n v\u0259 tamamlanm\u0131\u015f h\u0259r\u0259k\u0259tl\u0259ri ifad\u0259 ed\u0259 bil\u0259rsiniz. Bu tikintil\u0259ri v\u0259 onlardan s\u0259m\u0259r\u0259li istifad\u0259 etm\u0259yi \u00f6yr\u0259nin.<\/p>\n\n\n\n<h3 class=\"wp-block-heading\" id=\"h-8-adverbs\">8. Adverbl\u0259r:<\/h3>\n\n\n\n<p>Adjectives nouns, adverbs is\u0259 feill\u0259r, adjectives v\u0259 ya dig\u0259r adverbs modifikasiya edir. M\u00fcxt\u0259lif n\u00f6v adverbl\u0259ri v\u0259 onlar\u0131n c\u00fcml\u0259d\u0259 yerl\u0259\u015fdirilm\u0259sini \u00f6yr\u0259nin.<\/p>\n\n\n\n<h3 class=\"wp-block-heading\" id=\"h-9-prepositions\">9. Prepozisiyalar:<\/h3>\n\n\n\n<p>Prepozisiyalar bir c\u00fcml\u0259d\u0259 s\u00f6zl\u0259r aras\u0131ndak\u0131 \u0259laq\u0259ni g\u00f6st\u0259rir. M\u00fcxt\u0259lif prepozisiyalar\u0131 v\u0259 onlar\u0131n istifad\u0259sini m\u00fcxt\u0259lif kontekstl\u0259rd\u0259 \u00f6yr\u0259nin.<\/p>\n\n\n\n<h3 class=\"wp-block-heading\" id=\"h-10-conditionals\">10. \u015e\u0259rti olaraq:<\/h3>\n\n\n\n<p>\u015e\u0259rti olaraq hipotetik v\u0259 ya qeyri-real v\u0259ziyy\u0259tl\u0259ri ifad\u0259 edir. Litva dilind\u0259 m\u00fcxt\u0259lif n\u00f6v kondisionerl\u0259ri v\u0259 onlar\u0131n m\u00fcvafiq tikintil\u0259rini \u00f6yr\u0259nin.<\/p>\n\n\n\n<h3 class=\"wp-block-heading\" id=\"h-11-sentences\">11. C\u00fcml\u0259l\u0259r:<\/h3>\n\n\n\n<p>N\u0259hay\u0259t, litva dilind\u0259 c\u00fcml\u0259 qurulu\u015fu haqq\u0131nda \u00f6yr\u0259n\u0259r\u0259k h\u0259r \u015feyi bir araya g\u0259tirin. \u018fsas s\u00f6z\u00fc nizamla, onu vur\u011fu v\u0259 ya ayd\u0131nl\u0131\u011fa nec\u0259 uy\u011funla\u015fd\u0131ra bil\u0259c\u0259yini ba\u015fa d\u00fc\u015f\u00fcn. \u0130ndiy\u0259 q\u0259d\u0259r \u00f6yr\u0259ndiyiniz b\u00fct\u00fcn qrammatik komponentl\u0259rd\u0259n istifad\u0259 ed\u0259r\u0259k c\u00fcml\u0259l\u0259r yaratma\u011fa m\u0259\u015fq edin.<\/p>\n\n\n\n<p>M\u00f6vzular\u0131n bu ard\u0131c\u0131ll\u0131\u011f\u0131na riay\u0259t etm\u0259kl\u0259, siz Litva qrammatikas\u0131 haqq\u0131nda m\u00f6hk\u0259m bir anlay\u0131\u015f inki\u015faf etdir\u0259c\u0259k v\u0259 dild\u0259 s\u0259lis dan\u0131\u015fma\u011fa do\u011fru yolda olacaqs\u0131n\u0131z.<\/p>\n<\/div><\/div>\n\r\n<section class=\"learnNavigationSection\">\r\n            \r\n        <a href=\"https:\/\/talkpal.ai\/az\/litva-dilini-oyr%c9%99nin\/\">\r\n            <div class=\"learnNavigationWrapper\">\r\n                <div class=\"learnNavigationContent\">\r\n                    <img decoding=\"async\" src=\"https:\/\/talkpal.ai\/wp-content\/uploads\/2024\/08\/Lithuanian.jpg\" alt=\"Lithuanian Flag\">\r\n                    <div>\r\n                        <h4>Litva \u00f6yr\u0259nilm\u0259si haqq\u0131nda<\/h4>\r\n                        <p>Litva dilinin qrammatikas\u0131 haqq\u0131nda h\u0259r \u015feyi \u00f6yr\u0259nin.<\/p>\r\n                    <\/div>\r\n                <\/div>\r\n            <\/div>\r\n        <\/a>\r\n\r\n        \r\n        <a href=\"https:\/\/talkpal.ai\/az\/litva-dilinin-qrammatikasi\/\">\r\n            <div class=\"learnNavigationWrapper\">\r\n                <div class=\"learnNavigationContent\">\r\n                    <img decoding=\"async\" src=\"https:\/\/talkpal.ai\/wp-content\/uploads\/2024\/08\/Lithuanian.jpg\" alt=\"Lithuanian Flag\">\r\n                    <div>\r\n                        <h4>Litva Qrammatikas\u0131 D\u0259rsl\u0259ri<\/h4>\r\n                        <p>Litva dilinin qrammatikas\u0131 praktikas\u0131.<\/p>\r\n                    <\/div>\r\n                <\/div>\r\n            <\/div>\r\n        <\/a>\r\n\r\n        \r\n        <a href=\"https:\/\/talkpal.ai\/vocabulary_language\/lithuanian\/\">\r\n            <div class=\"learnNavigationWrapper\">\r\n                <div class=\"learnNavigationContent\">\r\n                    <img decoding=\"async\" src=\"https:\/\/talkpal.ai\/wp-content\/uploads\/2024\/08\/Lithuanian.jpg\" alt=\"Lithuanian Flag\">\r\n                    <div>\r\n                        <h4>Litva l\u00fc\u011f\u0259ti<\/h4>\r\n                        <p>Litva l\u00fc\u011f\u0259tinizi geni\u015fl\u0259ndirin.<\/p>\r\n                    <\/div>\r\n                <\/div>\r\n            <\/div>\r\n        <\/a>\r\n\r\n            <\/section>","protected":false},"excerpt":{"rendered":"<p>Litva dilinin qrammatikas\u0131 m\u00f6vzular\u0131 Litva dilini \u00f6yr\u0259nm\u0259k t\u0259kc\u0259 unikal v\u0259 m\u00fckafatland\u0131r\u0131c\u0131 t\u0259cr\u00fcb\u0259 deyil, h\u0259m d\u0259 m\u0259d\u0259ni k\u0259\u015ffl\u0259rin tam yeni d\u00fcnyas\u0131n\u0131 a\u00e7\u0131r. Litva dili baltik dili kimi q\u0259dim \u0130ndo-Az\u0259rbaycan dill\u0259rinin bir \u00e7ox x\u00fcsusiyy\u0259tl\u0259rini \u00f6z\u00fcnd\u0259 saxlam\u0131\u015fd\u0131r. Bu is\u0259 onu tarixi v\u0259 dil\u015f\u00fcnasl\u0131q bax\u0131m\u0131ndan m\u00fch\u00fcm dil hal\u0131na g\u0259tirir. Litva dilinin qrammatikas\u0131 m\u00fcr\u0259kk\u0259b g\u00f6r\u00fcn\u0259 bil\u0259r, lakin onu daha ki\u00e7ik [&hellip;]<\/p>\n","protected":false},"author":6,"featured_media":114804,"parent":0,"menu_order":0,"comment_status":"closed","ping_status":"closed","template":"LearningContentPage.php","meta":{"_acf_changed":false,"footnotes":""},"class_list":["post-160142","page","type-page","status-publish","has-post-thumbnail","hentry"],"acf":[],"yoast_head":"<!-- This site is optimized with the Yoast SEO Premium plugin v27.2 (Yoast SEO v27.2) - https:\/\/yoast.com\/product\/yoast-seo-premium-wordpress\/ -->\n<title>Litva dilinin qrammatikas\u0131 m\u0259\u015f\u011f\u0259l\u0259l\u0259ri - Talkpal<\/title>\n<meta name=\"description\" content=\"Bilikl\u0259rinizi art\u0131ran Litva Qrammatikas\u0131 T\u0259liml\u0259ri il\u0259 dilin inc\u0259likl\u0259rini m\u0259nims\u0259yin.\" \/>\n<meta name=\"robots\" content=\"index, follow, max-snippet:-1, max-image-preview:large, max-video-preview:-1\" \/>\n<link rel=\"canonical\" href=\"https:\/\/talkpal.ai\/az\/litva-dilinin-qrammatikasi-m%c9%99sg%c9%99l%c9%99l%c9%99ri\/\" \/>\n<meta property=\"og:locale\" content=\"az_AZ\" \/>\n<meta property=\"og:type\" content=\"article\" \/>\n<meta property=\"og:title\" content=\"Litva dilinin qrammatikas\u0131 m\u0259\u015f\u011f\u0259l\u0259l\u0259ri\" \/>\n<meta property=\"og:description\" content=\"Litva dilinin qrammatikas\u0131 m\u00f6vzular\u0131 Litva dilini \u00f6yr\u0259nm\u0259k t\u0259kc\u0259 unikal v\u0259 m\u00fckafatland\u0131r\u0131c\u0131 t\u0259cr\u00fcb\u0259 deyil, h\u0259m d\u0259 m\u0259d\u0259ni k\u0259\u015ffl\u0259rin tam yeni d\u00fcnyas\u0131n\u0131\" \/>\n<meta property=\"og:url\" content=\"https:\/\/talkpal.ai\/az\/litva-dilinin-qrammatikasi-m%c9%99sg%c9%99l%c9%99l%c9%99ri\/\" \/>\n<meta property=\"og:site_name\" content=\"Talkpal\" \/>\n<meta property=\"article:publisher\" content=\"https:\/\/www.facebook.com\/profile.php?id=100090733639311\" \/>\n<meta property=\"article:modified_time\" content=\"2025-12-17T15:54:58+00:00\" \/>\n<meta property=\"og:image\" content=\"https:\/\/talkpal.ai\/wp-content\/uploads\/2023\/05\/Lithuanian.png\" \/>\n\t<meta property=\"og:image:width\" content=\"512\" \/>\n\t<meta property=\"og:image:height\" content=\"512\" \/>\n\t<meta property=\"og:image:type\" content=\"image\/png\" \/>\n<meta name=\"twitter:card\" content=\"summary_large_image\" \/>\n<meta name=\"twitter:site\" content=\"@talkpalai\" \/>\n<meta name=\"twitter:label1\" content=\"Est. reading time\" \/>\n\t<meta name=\"twitter:data1\" content=\"4 minutes\" \/>\n<script type=\"application\/ld+json\" class=\"yoast-schema-graph\">{\"@context\":\"https:\/\/schema.org\",\"@graph\":[{\"@type\":\"WebPage\",\"@id\":\"https:\/\/talkpal.ai\/az\/litva-dilinin-qrammatikasi-m%c9%99sg%c9%99l%c9%99l%c9%99ri\/\",\"url\":\"https:\/\/talkpal.ai\/az\/litva-dilinin-qrammatikasi-m%c9%99sg%c9%99l%c9%99l%c9%99ri\/\",\"name\":\"Litva dilinin qrammatikas\u0131 m\u0259\u015f\u011f\u0259l\u0259l\u0259ri - Talkpal\",\"isPartOf\":{\"@id\":\"https:\/\/talkpal.ai\/az\/#website\"},\"primaryImageOfPage\":{\"@id\":\"https:\/\/talkpal.ai\/az\/litva-dilinin-qrammatikasi-m%c9%99sg%c9%99l%c9%99l%c9%99ri\/#primaryimage\"},\"image\":{\"@id\":\"https:\/\/talkpal.ai\/az\/litva-dilinin-qrammatikasi-m%c9%99sg%c9%99l%c9%99l%c9%99ri\/#primaryimage\"},\"thumbnailUrl\":\"https:\/\/talkpal.ai\/wp-content\/uploads\/2023\/05\/Lithuanian.png\",\"datePublished\":\"2023-06-22T08:12:52+00:00\",\"dateModified\":\"2025-12-17T15:54:58+00:00\",\"description\":\"Bilikl\u0259rinizi art\u0131ran Litva Qrammatikas\u0131 T\u0259liml\u0259ri il\u0259 dilin inc\u0259likl\u0259rini m\u0259nims\u0259yin.\",\"breadcrumb\":{\"@id\":\"https:\/\/talkpal.ai\/az\/litva-dilinin-qrammatikasi-m%c9%99sg%c9%99l%c9%99l%c9%99ri\/#breadcrumb\"},\"inLanguage\":\"az\",\"potentialAction\":[{\"@type\":\"ReadAction\",\"target\":[\"https:\/\/talkpal.ai\/az\/litva-dilinin-qrammatikasi-m%c9%99sg%c9%99l%c9%99l%c9%99ri\/\"]}]},{\"@type\":\"ImageObject\",\"inLanguage\":\"az\",\"@id\":\"https:\/\/talkpal.ai\/az\/litva-dilinin-qrammatikasi-m%c9%99sg%c9%99l%c9%99l%c9%99ri\/#primaryimage\",\"url\":\"https:\/\/talkpal.ai\/wp-content\/uploads\/2023\/05\/Lithuanian.png\",\"contentUrl\":\"https:\/\/talkpal.ai\/wp-content\/uploads\/2023\/05\/Lithuanian.png\",\"width\":512,\"height\":512},{\"@type\":\"BreadcrumbList\",\"@id\":\"https:\/\/talkpal.ai\/az\/litva-dilinin-qrammatikasi-m%c9%99sg%c9%99l%c9%99l%c9%99ri\/#breadcrumb\",\"itemListElement\":[{\"@type\":\"ListItem\",\"position\":1,\"name\":\"Homepage\",\"item\":\"https:\/\/talkpal.ai\/az\/\"},{\"@type\":\"ListItem\",\"position\":2,\"name\":\"Litva dilinin qrammatikas\u0131 m\u0259\u015f\u011f\u0259l\u0259l\u0259ri\"}]},{\"@type\":\"WebSite\",\"@id\":\"https:\/\/talkpal.ai\/az\/#website\",\"url\":\"https:\/\/talkpal.ai\/az\/\",\"name\":\"Talkpal\",\"description\":\"AI Language Learning\",\"publisher\":{\"@id\":\"https:\/\/talkpal.ai\/az\/#organization\"},\"alternateName\":\"Talkpal AI\",\"potentialAction\":[{\"@type\":\"SearchAction\",\"target\":{\"@type\":\"EntryPoint\",\"urlTemplate\":\"https:\/\/talkpal.ai\/az\/?s={search_term_string}\"},\"query-input\":{\"@type\":\"PropertyValueSpecification\",\"valueRequired\":true,\"valueName\":\"search_term_string\"}}],\"inLanguage\":\"az\"},{\"@type\":\"Organization\",\"@id\":\"https:\/\/talkpal.ai\/az\/#organization\",\"name\":\"Talkpal, Inc.\",\"alternateName\":\"Talkpal AI\",\"url\":\"https:\/\/talkpal.ai\/az\/\",\"logo\":{\"@type\":\"ImageObject\",\"inLanguage\":\"az\",\"@id\":\"https:\/\/talkpal.ai\/az\/#\/schema\/logo\/image\/\",\"url\":\"https:\/\/talkpal.ai\/wp-content\/uploads\/2024\/03\/Talkpal-Logo-Icon.png\",\"contentUrl\":\"https:\/\/talkpal.ai\/wp-content\/uploads\/2024\/03\/Talkpal-Logo-Icon.png\",\"width\":2880,\"height\":2880,\"caption\":\"Talkpal, Inc.\"},\"image\":{\"@id\":\"https:\/\/talkpal.ai\/az\/#\/schema\/logo\/image\/\"},\"sameAs\":[\"https:\/\/www.facebook.com\/profile.php?id=100090733639311\",\"https:\/\/x.com\/talkpalai\",\"https:\/\/www.linkedin.com\/company\/talkpal\/\",\"https:\/\/www.youtube.com\/@TalkPal\/\",\"https:\/\/www.tiktok.com\/@talkpal\",\"https:\/\/www.instagram.com\/talkpal_ai\/\",\"https:\/\/www.crunchbase.com\/organization\/talkpal-9cde\",\"https:\/\/www.g2.com\/products\/talkpal-for-business\/\",\"https:\/\/www.trustpilot.com\/review\/talkpal.ai\",\"https:\/\/www.capterra.com\/p\/10006800\/TalkPal\/\"],\"description\":\"Talkpal is a language learning web and mobile education app, powered by the latest AI technologies, that provides engaging experiences to its customers in many different languages to help them improve their language skills. Users can chat about unlimited amount of topics with the app and use other modes to practice their language learning.\",\"email\":\"support@talkpal.ai\",\"legalName\":\"Talkpal, Inc.\",\"foundingDate\":\"2023-04-03\",\"duns\":\"118989042\",\"numberOfEmployees\":{\"@type\":\"QuantitativeValue\",\"minValue\":\"11\",\"maxValue\":\"50\"},\"publishingPrinciples\":\"https:\/\/talkpal.ai\/publishing-principles\/\",\"actionableFeedbackPolicy\":\"https:\/\/talkpal.ai\/actionable-feedback-policy\/\",\"correctionsPolicy\":\"https:\/\/talkpal.ai\/corrections-policy\/\",\"ethicsPolicy\":\"https:\/\/talkpal.ai\/ethics-policy\/\",\"diversityPolicy\":\"https:\/\/talkpal.ai\/diversity-policy\/\",\"diversityStaffingReport\":\"https:\/\/talkpal.ai\/diversity-policy\/\"}]}<\/script>\n<!-- \/ Yoast SEO Premium plugin. -->","yoast_head_json":{"title":"Litva dilinin qrammatikas\u0131 m\u0259\u015f\u011f\u0259l\u0259l\u0259ri - Talkpal","description":"Bilikl\u0259rinizi art\u0131ran Litva Qrammatikas\u0131 T\u0259liml\u0259ri il\u0259 dilin inc\u0259likl\u0259rini m\u0259nims\u0259yin.","robots":{"index":"index","follow":"follow","max-snippet":"max-snippet:-1","max-image-preview":"max-image-preview:large","max-video-preview":"max-video-preview:-1"},"canonical":"https:\/\/talkpal.ai\/az\/litva-dilinin-qrammatikasi-m%c9%99sg%c9%99l%c9%99l%c9%99ri\/","og_locale":"az_AZ","og_type":"article","og_title":"Litva dilinin qrammatikas\u0131 m\u0259\u015f\u011f\u0259l\u0259l\u0259ri","og_description":"Litva dilinin qrammatikas\u0131 m\u00f6vzular\u0131 Litva dilini \u00f6yr\u0259nm\u0259k t\u0259kc\u0259 unikal v\u0259 m\u00fckafatland\u0131r\u0131c\u0131 t\u0259cr\u00fcb\u0259 deyil, h\u0259m d\u0259 m\u0259d\u0259ni k\u0259\u015ffl\u0259rin tam yeni d\u00fcnyas\u0131n\u0131","og_url":"https:\/\/talkpal.ai\/az\/litva-dilinin-qrammatikasi-m%c9%99sg%c9%99l%c9%99l%c9%99ri\/","og_site_name":"Talkpal","article_publisher":"https:\/\/www.facebook.com\/profile.php?id=100090733639311","article_modified_time":"2025-12-17T15:54:58+00:00","og_image":[{"width":512,"height":512,"url":"https:\/\/talkpal.ai\/wp-content\/uploads\/2023\/05\/Lithuanian.png","type":"image\/png"}],"twitter_card":"summary_large_image","twitter_site":"@talkpalai","twitter_misc":{"Est. reading time":"4 minutes"},"schema":{"@context":"https:\/\/schema.org","@graph":[{"@type":"WebPage","@id":"https:\/\/talkpal.ai\/az\/litva-dilinin-qrammatikasi-m%c9%99sg%c9%99l%c9%99l%c9%99ri\/","url":"https:\/\/talkpal.ai\/az\/litva-dilinin-qrammatikasi-m%c9%99sg%c9%99l%c9%99l%c9%99ri\/","name":"Litva dilinin qrammatikas\u0131 m\u0259\u015f\u011f\u0259l\u0259l\u0259ri - Talkpal","isPartOf":{"@id":"https:\/\/talkpal.ai\/az\/#website"},"primaryImageOfPage":{"@id":"https:\/\/talkpal.ai\/az\/litva-dilinin-qrammatikasi-m%c9%99sg%c9%99l%c9%99l%c9%99ri\/#primaryimage"},"image":{"@id":"https:\/\/talkpal.ai\/az\/litva-dilinin-qrammatikasi-m%c9%99sg%c9%99l%c9%99l%c9%99ri\/#primaryimage"},"thumbnailUrl":"https:\/\/talkpal.ai\/wp-content\/uploads\/2023\/05\/Lithuanian.png","datePublished":"2023-06-22T08:12:52+00:00","dateModified":"2025-12-17T15:54:58+00:00","description":"Bilikl\u0259rinizi art\u0131ran Litva Qrammatikas\u0131 T\u0259liml\u0259ri il\u0259 dilin inc\u0259likl\u0259rini m\u0259nims\u0259yin.","breadcrumb":{"@id":"https:\/\/talkpal.ai\/az\/litva-dilinin-qrammatikasi-m%c9%99sg%c9%99l%c9%99l%c9%99ri\/#breadcrumb"},"inLanguage":"az","potentialAction":[{"@type":"ReadAction","target":["https:\/\/talkpal.ai\/az\/litva-dilinin-qrammatikasi-m%c9%99sg%c9%99l%c9%99l%c9%99ri\/"]}]},{"@type":"ImageObject","inLanguage":"az","@id":"https:\/\/talkpal.ai\/az\/litva-dilinin-qrammatikasi-m%c9%99sg%c9%99l%c9%99l%c9%99ri\/#primaryimage","url":"https:\/\/talkpal.ai\/wp-content\/uploads\/2023\/05\/Lithuanian.png","contentUrl":"https:\/\/talkpal.ai\/wp-content\/uploads\/2023\/05\/Lithuanian.png","width":512,"height":512},{"@type":"BreadcrumbList","@id":"https:\/\/talkpal.ai\/az\/litva-dilinin-qrammatikasi-m%c9%99sg%c9%99l%c9%99l%c9%99ri\/#breadcrumb","itemListElement":[{"@type":"ListItem","position":1,"name":"Homepage","item":"https:\/\/talkpal.ai\/az\/"},{"@type":"ListItem","position":2,"name":"Litva dilinin qrammatikas\u0131 m\u0259\u015f\u011f\u0259l\u0259l\u0259ri"}]},{"@type":"WebSite","@id":"https:\/\/talkpal.ai\/az\/#website","url":"https:\/\/talkpal.ai\/az\/","name":"Talkpal","description":"AI Language Learning","publisher":{"@id":"https:\/\/talkpal.ai\/az\/#organization"},"alternateName":"Talkpal AI","potentialAction":[{"@type":"SearchAction","target":{"@type":"EntryPoint","urlTemplate":"https:\/\/talkpal.ai\/az\/?s={search_term_string}"},"query-input":{"@type":"PropertyValueSpecification","valueRequired":true,"valueName":"search_term_string"}}],"inLanguage":"az"},{"@type":"Organization","@id":"https:\/\/talkpal.ai\/az\/#organization","name":"Talkpal, Inc.","alternateName":"Talkpal AI","url":"https:\/\/talkpal.ai\/az\/","logo":{"@type":"ImageObject","inLanguage":"az","@id":"https:\/\/talkpal.ai\/az\/#\/schema\/logo\/image\/","url":"https:\/\/talkpal.ai\/wp-content\/uploads\/2024\/03\/Talkpal-Logo-Icon.png","contentUrl":"https:\/\/talkpal.ai\/wp-content\/uploads\/2024\/03\/Talkpal-Logo-Icon.png","width":2880,"height":2880,"caption":"Talkpal, Inc."},"image":{"@id":"https:\/\/talkpal.ai\/az\/#\/schema\/logo\/image\/"},"sameAs":["https:\/\/www.facebook.com\/profile.php?id=100090733639311","https:\/\/x.com\/talkpalai","https:\/\/www.linkedin.com\/company\/talkpal\/","https:\/\/www.youtube.com\/@TalkPal\/","https:\/\/www.tiktok.com\/@talkpal","https:\/\/www.instagram.com\/talkpal_ai\/","https:\/\/www.crunchbase.com\/organization\/talkpal-9cde","https:\/\/www.g2.com\/products\/talkpal-for-business\/","https:\/\/www.trustpilot.com\/review\/talkpal.ai","https:\/\/www.capterra.com\/p\/10006800\/TalkPal\/"],"description":"Talkpal is a language learning web and mobile education app, powered by the latest AI technologies, that provides engaging experiences to its customers in many different languages to help them improve their language skills. Users can chat about unlimited amount of topics with the app and use other modes to practice their language learning.","email":"support@talkpal.ai","legalName":"Talkpal, Inc.","foundingDate":"2023-04-03","duns":"118989042","numberOfEmployees":{"@type":"QuantitativeValue","minValue":"11","maxValue":"50"},"publishingPrinciples":"https:\/\/talkpal.ai\/publishing-principles\/","actionableFeedbackPolicy":"https:\/\/talkpal.ai\/actionable-feedback-policy\/","correctionsPolicy":"https:\/\/talkpal.ai\/corrections-policy\/","ethicsPolicy":"https:\/\/talkpal.ai\/ethics-policy\/","diversityPolicy":"https:\/\/talkpal.ai\/diversity-policy\/","diversityStaffingReport":"https:\/\/talkpal.ai\/diversity-policy\/"}]}},"_links":{"self":[{"href":"https:\/\/talkpal.ai\/az\/wp-json\/wp\/v2\/pages\/160142","targetHints":{"allow":["GET"]}}],"collection":[{"href":"https:\/\/talkpal.ai\/az\/wp-json\/wp\/v2\/pages"}],"about":[{"href":"https:\/\/talkpal.ai\/az\/wp-json\/wp\/v2\/types\/page"}],"author":[{"embeddable":true,"href":"https:\/\/talkpal.ai\/az\/wp-json\/wp\/v2\/users\/6"}],"replies":[{"embeddable":true,"href":"https:\/\/talkpal.ai\/az\/wp-json\/wp\/v2\/comments?post=160142"}],"version-history":[{"count":0,"href":"https:\/\/talkpal.ai\/az\/wp-json\/wp\/v2\/pages\/160142\/revisions"}],"wp:featuredmedia":[{"embeddable":true,"href":"https:\/\/talkpal.ai\/az\/wp-json\/wp\/v2\/media\/114804"}],"wp:attachment":[{"href":"https:\/\/talkpal.ai\/az\/wp-json\/wp\/v2\/media?parent=160142"}],"curies":[{"name":"wp","href":"https:\/\/api.w.org\/{rel}","templated":true}]}}