{"id":159856,"date":"2023-06-22T08:24:14","date_gmt":"2023-06-22T08:24:14","guid":{"rendered":"http:\/\/talkpal.ai\/makedoniya-dilinin-qrammatikasi-m%c9%99sql%c9%99ri\/"},"modified":"2025-12-17T16:02:17","modified_gmt":"2025-12-17T16:02:17","slug":"makedoniya-dilinin-qrammatikasi-m%c9%99sql%c9%99ri","status":"publish","type":"page","link":"https:\/\/talkpal.ai\/az\/makedoniya-dilinin-qrammatikasi-m%c9%99sql%c9%99ri\/","title":{"rendered":"Makedoniya dilinin qrammatikas\u0131 m\u0259\u015fql\u0259ri"},"content":{"rendered":"\r\n\r\n\r\n<section class=\"languageChallengeSection\">\r\n    <div class=\"languageInfoWrapper\">\r\n        \r\n        <h1>Makedoniya dilinin qrammatikas\u0131 m\u0259\u015fql\u0259ri<\/h1>\r\n        <p>Makedon dilind\u0259 inam yaratmaq ist\u0259yirsiniz? Qrammatik m\u0259\u015fql\u0259ri m\u0259\u015fq etm\u0259k c\u00fcml\u0259 qurulu\u015funu, fel formalar\u0131n\u0131 v\u0259 Makedon dilinin unikal x\u00fcsusiyy\u0259tl\u0259rini ba\u015fa d\u00fc\u015fm\u0259k \u00fc\u00e7\u00fcn \u0259la yoldur. <a href=\"https:\/\/talkpal.ai\/learn-macedonian\/\">Makedoniya<\/a> qrammatikas\u0131n\u0131 bu g\u00fcn ara\u015fd\u0131rma\u011fa ba\u015flay\u0131n v\u0259 h\u0259r m\u0259\u015fql\u0259 bacar\u0131qlar\u0131n\u0131z\u0131n v\u0259 r\u0259vanl\u0131\u011f\u0131n\u0131z\u0131n artd\u0131\u011f\u0131n\u0131 g\u00f6r\u00fcn!<\/p>\r\n\r\n                            <a class=\"getStartedHidden\" href=\"https:\/\/app.talkpal.ai\/signup?lng=\">Ba\u015fla<\/a>\r\n        \r\n    <\/div>\r\n\r\n    <figure>\r\n    <img decoding=\"async\" width=\"768\" height=\"768\" src=\"https:\/\/talkpal.ai\/wp-content\/uploads\/2023\/06\/macedonian-768x768.png\" class=\"languageImage no-lazy\" alt=\"Language learning through conversational practice\" fetchpriority=\"high\" sizes=\"(max-width: 768px) 150px, 768px\" srcset=\"https:\/\/talkpal.ai\/wp-content\/uploads\/2023\/06\/macedonian-768x768.png 768w, https:\/\/talkpal.ai\/wp-content\/uploads\/2023\/06\/macedonian-300x300.png 300w\" \/>\r\n    \r\n\r\n    <\/figure>\r\n\r\n            <a class=\"getStartedVisible\" href=\"https:\/\/app.talkpal.ai\/signup?lng=\">Ba\u015fla<\/a>\r\n    \r\n<\/section>\r\n\r\n\r\n<!-- <section class=\"grammarSection\">\r\n    <div class=\"grammarLinks\">\r\n            <\/div>\r\n<\/section> -->\r\n\r\n\r\n\r\n\r\n<section class=\"promotionalBanner\">\r\n    <p class=\"promotionalText\">Dil \u00f6yr\u0259nm\u0259yin \u0259n t\u0259sirli yolu<\/p>\r\n    <a class=\"promotionalLink\" href=\"https:\/\/app.talkpal.ai\/signup?lng=\">Talkpal pulsuz s\u0131nay\u0131n<\/a>\r\n<\/section>\n<div class=\"wp-block-group pageContainerStyle\"><div class=\"wp-block-group__inner-container is-layout-constrained wp-block-group-is-layout-constrained\">\n<h2 class=\"wp-block-heading\" id=\"h-macedonian-grammar-topics\">Makedoniya dilinin qrammatikas\u0131 m\u00f6vzular\u0131<\/h2>\n\n\n\n<header id=\"main-header\" data-height-onload=\"80\" data-height-loaded=\"true\" data-fixed-height-onload=\"80\">\n<p>C\u0259nubi slavyan dili olan Makedoniya dili \u015eimali Makedoniyan\u0131n r\u0259smi dilidir. Bu dil b\u00fct\u00fcn d\u00fcnyada iki milyondan \u00e7ox insan t\u0259r\u0259find\u0259n dan\u0131\u015f\u0131l\u0131r v\u0259 onun spesifik qrammatik qaydalar\u0131na v\u0259 z\u0259ngin s\u00f6z ehtiyat\u0131na g\u00f6r\u0259 \u00f6z\u00fcn\u0259m\u0259xsus dil t\u0259cr\u00fcb\u0259si t\u0259klif edir. Bu b\u0259l\u0259d\u00e7i siz\u0259 \u00f6yr\u0259nm\u0259 prosesinizi asanla\u015fd\u0131racaq ard\u0131c\u0131ll\u0131qla t\u0259\u015fkil olunmu\u015f z\u0259ruri Makedoniya <a href=\"https:\/\/talkpal.ai\/az\/assam-dilinin-qrammatika-m%c9%99sql%c9%99ri\/\">dilinin qrammatika<\/a> m\u00f6vzular\u0131 haqq\u0131nda \u00fcmumi m\u0259lumat ver\u0259c\u0259k. G\u0259rginlikl\u0259rd\u0259n tutmu\u015f c\u00fcml\u0259 strukturlar\u0131na q\u0259d\u0259r biz b\u00fct\u00fcn laz\u0131mi m\u0259lumatlar\u0131 \u0259hat\u0259 ed\u0259c\u0259yik ki, <a href=\"https:\/\/talkpal.ai\/az\/makedoniya-dilini-oyr%c9%99nin\/\">makedoniya dilini<\/a> \u00f6yr\u0259nm\u0259y\u0259 s\u0259yah\u0259tiniz\u0259 ba\u015flama\u011fa k\u00f6m\u0259k ed\u0259k.<\/p>\n<h3>1. Nouns:<\/h3>\n<p>Dig\u0259r slavyan dill\u0259ri kimi, Makedon nounlar\u0131n\u0131n da \u00fc\u00e7 cinsi var (ki\u015fiklin, femin v\u0259 neytri) v\u0259 hal v\u0259 say \u00fc\u00e7\u00fcn inflektdir. Qrammatik c\u0259h\u0259td\u0259n d\u00fczg\u00fcn c\u00fcml\u0259l\u0259r \u0259m\u0259l\u0259 g\u0259tirm\u0259k \u00fc\u00e7\u00fcn cinsiyy\u0259t v\u0259 d\u00fczg\u00fcn infleksiyalar\u0131 <a href=\"https:\/\/talkpal.ai\/az\/oyr%c9%99nm%c9%99k\/\">\u00f6yr\u0259nm\u0259k<\/a> olduqca vacibdir.<\/p>\n<h3>2. M\u0259qal\u0259l\u0259r:<\/h3>\n<p>makedoniya dilinin yaln\u0131z bir q\u0259ti m\u0259qal\u0259si var. Bu m\u0259qal\u0259 cins v\u0259 hal-a g\u00f6r\u0259 d\u0259yi\u015fir. Makedon dilind\u0259 qeyri-m\u00fc\u0259yy\u0259n artikll\u0259r yoxdur, lakin \u201cbir\u201d r\u0259q\u0259mi d\u0259 eyni \u015f\u0259kild\u0259 istifad\u0259 edil\u0259 bil\u0259r.<\/p>\n<h3>3. Adjectives:<\/h3>\n<p>Makedoniyal\u0131 adgektivl\u0259r cins, say v\u0259 hal bax\u0131m\u0131ndan d\u0259yi\u015fdirdikl\u0259ri adlarla raz\u0131la\u015f\u0131rlar. Onlar h\u0259m uzun, h\u0259m d\u0259 q\u0131sa formalara malikdirl\u0259r. Bu formalar m\u00fcxt\u0259lif kontekstl\u0259rd\u0259 istifad\u0259 olunur.<\/p>\n<h3>4. Pronouns\/Determinl\u0259r:<\/h3>\n<p>Makedon dilind\u0259 m\u00fcxt\u0259lif pronounlar v\u0259 determinl\u0259r vard\u0131r ki, bu da c\u00fcml\u0259l\u0259rin \u0259m\u0259l\u0259 g\u0259lm\u0259si \u00fc\u00e7\u00fcn z\u0259ruridir. Onlar nounlar\u0131 \u0259v\u0259z edir v\u0259 ya d\u0259yi\u015fdirir, cins, say v\u0259 hal bax\u0131m\u0131ndan onlarla raz\u0131la\u015f\u0131rlar.<\/p>\n<h3>5. Feill\u0259r:<\/h3>\n<p>Feill\u0259r Makedoniya dilinin qrammatikas\u0131 \u00fc\u00e7\u00fcn \u0259sasd\u0131r. Onlar insan v\u0259 say \u00fc\u00e7\u00fcn birl\u0259\u015fir, m\u00fcxt\u0259lif g\u0259rginlikl\u0259r\u0259, aspektl\u0259r\u0259 v\u0259 \u0259hval &#8211; ruhiyy\u0259y\u0259 malikdirl\u0259r.<\/p>\n<h3>6. G\u0259rginlikl\u0259r:<\/h3>\n<p>Makedoniyada \u00fc\u00e7 \u0259sas g\u0259rginlik var \u2013 ke\u00e7mi\u015f, indiki v\u0259 g\u0259l\u0259c\u0259k. Onlar m\u00fcxt\u0259lif feil konyuqasiyalar\u0131 v\u0259 k\u00f6m\u0259k\u00e7i feill\u0259rd\u0259n istifad\u0259 etm\u0259kl\u0259 \u0259m\u0259l\u0259 g\u0259lir. H\u0259r\u0259k\u0259tl\u0259ri v\u0259 hadis\u0259l\u0259ri d\u0259qiq ifad\u0259 etm\u0259k \u00fc\u00e7\u00fcn h\u0259r bir g\u0259rginliyin yaranmas\u0131n\u0131 v\u0259 istifad\u0259sini anlamaq z\u0259ruridir.<\/p>\n<h3>7. G\u0259rgin m\u00fcqayis\u0259:<\/h3>\n<p>H\u0259r\u0259k\u0259tl\u0259ri v\u0259 hadis\u0259l\u0259ri m\u00fcxt\u0259lif g\u0259rginlikl\u0259rd\u0259 m\u00fcqayis\u0259 etm\u0259k m\u0259na ifad\u0259 etm\u0259k \u00fc\u00e7\u00fcn olduqca vacibdir. Makedon dilind\u0259 bu m\u00fcqayis\u0259 konkret feil formalar\u0131 v\u0259 k\u00f6m\u0259k\u00e7i feill\u0259rd\u0259n istifad\u0259 etm\u0259kl\u0259 \u0259ld\u0259 edilir.<\/p>\n<h3>8. M\u00fct\u0259r\u0259qqi:<\/h3>\n<p>Makedoniyada m\u00fct\u0259r\u0259qqi aspekt davam ed\u0259n h\u0259r\u0259k\u0259tl\u0259ri g\u00f6st\u0259rm\u0259k \u00fc\u00e7\u00fcn istifad\u0259 olunur. \u201colmaq\u201d felinin indiki zaman\u0131ndan v\u0259 \u0259sas felin indiki f\u0259al i\u015ftirak\u00e7\u0131s\u0131ndan istifad\u0259 etm\u0259kl\u0259 d\u00fcz\u0259lir.<\/p>\n<h3>9. M\u00fck\u0259mm\u0259l T\u0259r\u0259qqi:<\/h3>\n<p>Bu aspekt m\u00fct\u0259r\u0259qqi v\u0259 m\u00fck\u0259mm\u0259l t\u0259r\u0259fl\u0259ri birl\u0259\u015fdir\u0259r\u0259k ke\u00e7mi\u015fd\u0259 davam ed\u0259n v\u0259 indiki il\u0259 \u0259laq\u0259si olan h\u0259r\u0259k\u0259tl\u0259ri t\u0259svir edir. \u201colmaq\u201d felinin indiki zaman\u0131ndan v\u0259 \u0259sas felin ke\u00e7mi\u015f f\u0259al i\u015ftirak\u00e7\u0131s\u0131ndan istifad\u0259 etm\u0259kl\u0259 d\u00fcz\u0259lir.<\/p>\n<h3>10. Adverbl\u0259r:<\/h3>\n<p>Makedon dilind\u0259 adverbl\u0259r feill\u0259rin, adgektivl\u0259rin v\u0259 ya dig\u0259r adverbl\u0259rin d\u0259yi\u015fdirilm\u0259sind\u0259 istifad\u0259 olunur. Onlar ad\u0259t\u0259n formalar\u0131n\u0131 d\u0259yi\u015fmir v\u0259 tipik sonluqlar\u0131 il\u0259 asanl\u0131qla tan\u0131n\u0131r.<\/p>\n<h3>11. \u015e\u0259rti olaraq:<\/h3>\n<p>Makedoniyada \u015f\u0259rti olaraq \u00fc\u00e7 c\u00fcr \u2013 real, qeyri-real v\u0259 potensial var. Onlar hipotetik v\u0259ziyy\u0259tl\u0259ri v\u0259 onlar\u0131n n\u0259tic\u0259l\u0259rini ifad\u0259 etm\u0259k \u00fc\u00e7\u00fcn istifad\u0259 olunur.<\/p>\n<h3>12. Prepozisiyalar:<\/h3>\n<p>Makedon dilind\u0259 prepozisiyalar ifad\u0259 v\u0259 c\u00fcml\u0259l\u0259rin \u0259m\u0259l\u0259 g\u0259lm\u0259si \u00fc\u00e7\u00fcn z\u0259ruridir. Onlar s\u00f6zl\u0259r aras\u0131nda m\u00fcxt\u0259lif m\u00fcnasib\u0259tl\u0259ri, m\u0259s\u0259l\u0259n, m\u0259kan, istiqam\u0259t, zaman v\u0259 ya s\u0259b\u0259b kimi g\u00f6st\u0259rir.<\/p>\n<h3>13. C\u00fcml\u0259l\u0259r:<\/h3>\n<p>Makedoniya c\u00fcml\u0259l\u0259rinin qurulu\u015funu anlamaq effektiv \u00fcnsiyy\u0259t \u00fc\u00e7\u00fcn olduqca vacibdir. Makedon c\u00fcml\u0259l\u0259ri, ad\u0259t\u0259n, m\u00f6vzu-feli-obyekt (SVO) s\u00f6z nizam\u0131 il\u0259 yerin\u0259 yetirilir, lakin vur\u011fu v\u0259 kontekstd\u0259n as\u0131l\u0131 olaraq variasiyalar ba\u015f ver\u0259 bil\u0259r.<\/p>\n<\/header>\n\n\n\n<footer> <\/footer>\n<\/div><\/div>\n\r\n<section class=\"learnNavigationSection\">\r\n            \r\n        <a href=\"https:\/\/talkpal.ai\/az\/makedoniya-dilini-oyr%c9%99nin\/\">\r\n            <div class=\"learnNavigationWrapper\">\r\n                <div class=\"learnNavigationContent\">\r\n                    <img decoding=\"async\" src=\"https:\/\/talkpal.ai\/wp-content\/uploads\/2024\/08\/Macedonian.jpg\" alt=\"Macedonian Flag\">\r\n                    <div>\r\n                        <h4>Makedoniya \u00d6yr\u0259nilm\u0259si Haqq\u0131nda<\/h4>\r\n                        <p>Makedoniya dilinin qrammatikas\u0131 haqq\u0131nda h\u0259r \u015feyi \u00f6yr\u0259nin.<\/p>\r\n                    <\/div>\r\n                <\/div>\r\n            <\/div>\r\n        <\/a>\r\n\r\n        \r\n        <a href=\"https:\/\/talkpal.ai\/az\/makedoniya-dilinin-qrammatikasi\/\">\r\n            <div class=\"learnNavigationWrapper\">\r\n                <div class=\"learnNavigationContent\">\r\n                    <img decoding=\"async\" src=\"https:\/\/talkpal.ai\/wp-content\/uploads\/2024\/08\/Macedonian.jpg\" alt=\"Macedonian Flag\">\r\n                    <div>\r\n                        <h4>Makedoniya dilinin qrammatikas\u0131 d\u0259rsl\u0259ri<\/h4>\r\n                        <p>Makedoniya dilinin qrammatikas\u0131 il\u0259 m\u0259\u015f\u011ful.<\/p>\r\n                    <\/div>\r\n                <\/div>\r\n            <\/div>\r\n        <\/a>\r\n\r\n        \r\n        <a href=\"https:\/\/talkpal.ai\/vocabulary_language\/macedonian\/\">\r\n            <div class=\"learnNavigationWrapper\">\r\n                <div class=\"learnNavigationContent\">\r\n                    <img decoding=\"async\" src=\"https:\/\/talkpal.ai\/wp-content\/uploads\/2024\/08\/Macedonian.jpg\" alt=\"Macedonian Flag\">\r\n                    <div>\r\n                        <h4>Makedon l\u00fc\u011f\u0259ti<\/h4>\r\n                        <p>Makedoniya l\u00fc\u011f\u0259tinizi geni\u015fl\u0259ndirin.<\/p>\r\n                    <\/div>\r\n                <\/div>\r\n            <\/div>\r\n        <\/a>\r\n\r\n            <\/section>","protected":false},"excerpt":{"rendered":"<p>Makedoniya dilinin qrammatikas\u0131 m\u00f6vzular\u0131 C\u0259nubi slavyan dili olan Makedoniya dili \u015eimali Makedoniyan\u0131n r\u0259smi dilidir. Bu dil b\u00fct\u00fcn d\u00fcnyada iki milyondan \u00e7ox insan t\u0259r\u0259find\u0259n dan\u0131\u015f\u0131l\u0131r v\u0259 onun spesifik qrammatik qaydalar\u0131na v\u0259 z\u0259ngin s\u00f6z ehtiyat\u0131na g\u00f6r\u0259 \u00f6z\u00fcn\u0259m\u0259xsus dil t\u0259cr\u00fcb\u0259si t\u0259klif edir. Bu b\u0259l\u0259d\u00e7i siz\u0259 \u00f6yr\u0259nm\u0259 prosesinizi asanla\u015fd\u0131racaq ard\u0131c\u0131ll\u0131qla t\u0259\u015fkil olunmu\u015f z\u0259ruri Makedoniya dilinin qrammatika m\u00f6vzular\u0131 haqq\u0131nda \u00fcmumi [&hellip;]<\/p>\n","protected":false},"author":6,"featured_media":115326,"parent":0,"menu_order":0,"comment_status":"closed","ping_status":"closed","template":"LearningContentPage.php","meta":{"_acf_changed":false,"footnotes":""},"class_list":["post-159856","page","type-page","status-publish","has-post-thumbnail","hentry"],"acf":[],"yoast_head":"<!-- This site is optimized with the Yoast SEO Premium plugin v27.2 (Yoast SEO v27.2) - https:\/\/yoast.com\/product\/yoast-seo-premium-wordpress\/ -->\n<title>Makedoniya dilinin qrammatikas\u0131 m\u0259\u015fql\u0259ri - Talkpal<\/title>\n<meta name=\"description\" content=\"AI il\u0259 i\u015fl\u0259y\u0259n dil m\u00fc\u0259lliminiz Talkpal -dan interaktiv Makedoniya Qrammatikas\u0131 T\u0259liml\u0259ri il\u0259 Makedoniya qrammatikas\u0131n\u0131 m\u0259nims\u0259yin.\" \/>\n<meta name=\"robots\" content=\"index, follow, max-snippet:-1, max-image-preview:large, max-video-preview:-1\" \/>\n<link rel=\"canonical\" href=\"https:\/\/talkpal.ai\/az\/makedoniya-dilinin-qrammatikasi-m%c9%99sql%c9%99ri\/\" \/>\n<meta property=\"og:locale\" content=\"az_AZ\" \/>\n<meta property=\"og:type\" content=\"article\" \/>\n<meta property=\"og:title\" content=\"Makedoniya dilinin qrammatikas\u0131 m\u0259\u015fql\u0259ri\" \/>\n<meta property=\"og:description\" content=\"Makedoniya dilinin qrammatikas\u0131 m\u00f6vzular\u0131 C\u0259nubi slavyan dili olan Makedoniya dili \u015eimali Makedoniyan\u0131n r\u0259smi dilidir. Bu dil b\u00fct\u00fcn d\u00fcnyada iki milyondan\" \/>\n<meta property=\"og:url\" content=\"https:\/\/talkpal.ai\/az\/makedoniya-dilinin-qrammatikasi-m%c9%99sql%c9%99ri\/\" \/>\n<meta property=\"og:site_name\" content=\"Talkpal\" \/>\n<meta property=\"article:publisher\" content=\"https:\/\/www.facebook.com\/profile.php?id=100090733639311\" \/>\n<meta property=\"article:modified_time\" content=\"2025-12-17T16:02:17+00:00\" \/>\n<meta property=\"og:image\" content=\"https:\/\/talkpal.ai\/wp-content\/uploads\/2023\/05\/republic-of-macedonia.png\" \/>\n\t<meta property=\"og:image:width\" content=\"512\" \/>\n\t<meta property=\"og:image:height\" content=\"512\" \/>\n\t<meta property=\"og:image:type\" content=\"image\/png\" \/>\n<meta name=\"twitter:card\" content=\"summary_large_image\" \/>\n<meta name=\"twitter:site\" content=\"@talkpalai\" \/>\n<meta name=\"twitter:label1\" content=\"Est. reading time\" \/>\n\t<meta name=\"twitter:data1\" content=\"4 minutes\" \/>\n<script type=\"application\/ld+json\" class=\"yoast-schema-graph\">{\"@context\":\"https:\/\/schema.org\",\"@graph\":[{\"@type\":\"WebPage\",\"@id\":\"https:\/\/talkpal.ai\/az\/makedoniya-dilinin-qrammatikasi-m%c9%99sql%c9%99ri\/\",\"url\":\"https:\/\/talkpal.ai\/az\/makedoniya-dilinin-qrammatikasi-m%c9%99sql%c9%99ri\/\",\"name\":\"Makedoniya dilinin qrammatikas\u0131 m\u0259\u015fql\u0259ri - Talkpal\",\"isPartOf\":{\"@id\":\"https:\/\/talkpal.ai\/az\/#website\"},\"primaryImageOfPage\":{\"@id\":\"https:\/\/talkpal.ai\/az\/makedoniya-dilinin-qrammatikasi-m%c9%99sql%c9%99ri\/#primaryimage\"},\"image\":{\"@id\":\"https:\/\/talkpal.ai\/az\/makedoniya-dilinin-qrammatikasi-m%c9%99sql%c9%99ri\/#primaryimage\"},\"thumbnailUrl\":\"https:\/\/talkpal.ai\/wp-content\/uploads\/2023\/05\/republic-of-macedonia.png\",\"datePublished\":\"2023-06-22T08:24:14+00:00\",\"dateModified\":\"2025-12-17T16:02:17+00:00\",\"description\":\"AI il\u0259 i\u015fl\u0259y\u0259n dil m\u00fc\u0259lliminiz Talkpal -dan interaktiv Makedoniya Qrammatikas\u0131 T\u0259liml\u0259ri il\u0259 Makedoniya qrammatikas\u0131n\u0131 m\u0259nims\u0259yin.\",\"breadcrumb\":{\"@id\":\"https:\/\/talkpal.ai\/az\/makedoniya-dilinin-qrammatikasi-m%c9%99sql%c9%99ri\/#breadcrumb\"},\"inLanguage\":\"az\",\"potentialAction\":[{\"@type\":\"ReadAction\",\"target\":[\"https:\/\/talkpal.ai\/az\/makedoniya-dilinin-qrammatikasi-m%c9%99sql%c9%99ri\/\"]}]},{\"@type\":\"ImageObject\",\"inLanguage\":\"az\",\"@id\":\"https:\/\/talkpal.ai\/az\/makedoniya-dilinin-qrammatikasi-m%c9%99sql%c9%99ri\/#primaryimage\",\"url\":\"https:\/\/talkpal.ai\/wp-content\/uploads\/2023\/05\/republic-of-macedonia.png\",\"contentUrl\":\"https:\/\/talkpal.ai\/wp-content\/uploads\/2023\/05\/republic-of-macedonia.png\",\"width\":512,\"height\":512},{\"@type\":\"BreadcrumbList\",\"@id\":\"https:\/\/talkpal.ai\/az\/makedoniya-dilinin-qrammatikasi-m%c9%99sql%c9%99ri\/#breadcrumb\",\"itemListElement\":[{\"@type\":\"ListItem\",\"position\":1,\"name\":\"Homepage\",\"item\":\"https:\/\/talkpal.ai\/az\/\"},{\"@type\":\"ListItem\",\"position\":2,\"name\":\"Makedoniya dilinin qrammatikas\u0131 m\u0259\u015fql\u0259ri\"}]},{\"@type\":\"WebSite\",\"@id\":\"https:\/\/talkpal.ai\/az\/#website\",\"url\":\"https:\/\/talkpal.ai\/az\/\",\"name\":\"Talkpal\",\"description\":\"AI Language Learning\",\"publisher\":{\"@id\":\"https:\/\/talkpal.ai\/az\/#organization\"},\"alternateName\":\"Talkpal AI\",\"potentialAction\":[{\"@type\":\"SearchAction\",\"target\":{\"@type\":\"EntryPoint\",\"urlTemplate\":\"https:\/\/talkpal.ai\/az\/?s={search_term_string}\"},\"query-input\":{\"@type\":\"PropertyValueSpecification\",\"valueRequired\":true,\"valueName\":\"search_term_string\"}}],\"inLanguage\":\"az\"},{\"@type\":\"Organization\",\"@id\":\"https:\/\/talkpal.ai\/az\/#organization\",\"name\":\"Talkpal, Inc.\",\"alternateName\":\"Talkpal AI\",\"url\":\"https:\/\/talkpal.ai\/az\/\",\"logo\":{\"@type\":\"ImageObject\",\"inLanguage\":\"az\",\"@id\":\"https:\/\/talkpal.ai\/az\/#\/schema\/logo\/image\/\",\"url\":\"https:\/\/talkpal.ai\/wp-content\/uploads\/2024\/03\/Talkpal-Logo-Icon.png\",\"contentUrl\":\"https:\/\/talkpal.ai\/wp-content\/uploads\/2024\/03\/Talkpal-Logo-Icon.png\",\"width\":2880,\"height\":2880,\"caption\":\"Talkpal, Inc.\"},\"image\":{\"@id\":\"https:\/\/talkpal.ai\/az\/#\/schema\/logo\/image\/\"},\"sameAs\":[\"https:\/\/www.facebook.com\/profile.php?id=100090733639311\",\"https:\/\/x.com\/talkpalai\",\"https:\/\/www.linkedin.com\/company\/talkpal\/\",\"https:\/\/www.youtube.com\/@TalkPal\/\",\"https:\/\/www.tiktok.com\/@talkpal\",\"https:\/\/www.instagram.com\/talkpal_ai\/\",\"https:\/\/www.crunchbase.com\/organization\/talkpal-9cde\",\"https:\/\/www.g2.com\/products\/talkpal-for-business\/\",\"https:\/\/www.trustpilot.com\/review\/talkpal.ai\",\"https:\/\/www.capterra.com\/p\/10006800\/TalkPal\/\"],\"description\":\"Talkpal is a language learning web and mobile education app, powered by the latest AI technologies, that provides engaging experiences to its customers in many different languages to help them improve their language skills. Users can chat about unlimited amount of topics with the app and use other modes to practice their language learning.\",\"email\":\"support@talkpal.ai\",\"legalName\":\"Talkpal, Inc.\",\"foundingDate\":\"2023-04-03\",\"duns\":\"118989042\",\"numberOfEmployees\":{\"@type\":\"QuantitativeValue\",\"minValue\":\"11\",\"maxValue\":\"50\"},\"publishingPrinciples\":\"https:\/\/talkpal.ai\/publishing-principles\/\",\"actionableFeedbackPolicy\":\"https:\/\/talkpal.ai\/actionable-feedback-policy\/\",\"correctionsPolicy\":\"https:\/\/talkpal.ai\/corrections-policy\/\",\"ethicsPolicy\":\"https:\/\/talkpal.ai\/ethics-policy\/\",\"diversityPolicy\":\"https:\/\/talkpal.ai\/diversity-policy\/\",\"diversityStaffingReport\":\"https:\/\/talkpal.ai\/diversity-policy\/\"}]}<\/script>\n<!-- \/ Yoast SEO Premium plugin. -->","yoast_head_json":{"title":"Makedoniya dilinin qrammatikas\u0131 m\u0259\u015fql\u0259ri - Talkpal","description":"AI il\u0259 i\u015fl\u0259y\u0259n dil m\u00fc\u0259lliminiz Talkpal -dan interaktiv Makedoniya Qrammatikas\u0131 T\u0259liml\u0259ri il\u0259 Makedoniya qrammatikas\u0131n\u0131 m\u0259nims\u0259yin.","robots":{"index":"index","follow":"follow","max-snippet":"max-snippet:-1","max-image-preview":"max-image-preview:large","max-video-preview":"max-video-preview:-1"},"canonical":"https:\/\/talkpal.ai\/az\/makedoniya-dilinin-qrammatikasi-m%c9%99sql%c9%99ri\/","og_locale":"az_AZ","og_type":"article","og_title":"Makedoniya dilinin qrammatikas\u0131 m\u0259\u015fql\u0259ri","og_description":"Makedoniya dilinin qrammatikas\u0131 m\u00f6vzular\u0131 C\u0259nubi slavyan dili olan Makedoniya dili \u015eimali Makedoniyan\u0131n r\u0259smi dilidir. Bu dil b\u00fct\u00fcn d\u00fcnyada iki milyondan","og_url":"https:\/\/talkpal.ai\/az\/makedoniya-dilinin-qrammatikasi-m%c9%99sql%c9%99ri\/","og_site_name":"Talkpal","article_publisher":"https:\/\/www.facebook.com\/profile.php?id=100090733639311","article_modified_time":"2025-12-17T16:02:17+00:00","og_image":[{"width":512,"height":512,"url":"https:\/\/talkpal.ai\/wp-content\/uploads\/2023\/05\/republic-of-macedonia.png","type":"image\/png"}],"twitter_card":"summary_large_image","twitter_site":"@talkpalai","twitter_misc":{"Est. reading time":"4 minutes"},"schema":{"@context":"https:\/\/schema.org","@graph":[{"@type":"WebPage","@id":"https:\/\/talkpal.ai\/az\/makedoniya-dilinin-qrammatikasi-m%c9%99sql%c9%99ri\/","url":"https:\/\/talkpal.ai\/az\/makedoniya-dilinin-qrammatikasi-m%c9%99sql%c9%99ri\/","name":"Makedoniya dilinin qrammatikas\u0131 m\u0259\u015fql\u0259ri - Talkpal","isPartOf":{"@id":"https:\/\/talkpal.ai\/az\/#website"},"primaryImageOfPage":{"@id":"https:\/\/talkpal.ai\/az\/makedoniya-dilinin-qrammatikasi-m%c9%99sql%c9%99ri\/#primaryimage"},"image":{"@id":"https:\/\/talkpal.ai\/az\/makedoniya-dilinin-qrammatikasi-m%c9%99sql%c9%99ri\/#primaryimage"},"thumbnailUrl":"https:\/\/talkpal.ai\/wp-content\/uploads\/2023\/05\/republic-of-macedonia.png","datePublished":"2023-06-22T08:24:14+00:00","dateModified":"2025-12-17T16:02:17+00:00","description":"AI il\u0259 i\u015fl\u0259y\u0259n dil m\u00fc\u0259lliminiz Talkpal -dan interaktiv Makedoniya Qrammatikas\u0131 T\u0259liml\u0259ri il\u0259 Makedoniya qrammatikas\u0131n\u0131 m\u0259nims\u0259yin.","breadcrumb":{"@id":"https:\/\/talkpal.ai\/az\/makedoniya-dilinin-qrammatikasi-m%c9%99sql%c9%99ri\/#breadcrumb"},"inLanguage":"az","potentialAction":[{"@type":"ReadAction","target":["https:\/\/talkpal.ai\/az\/makedoniya-dilinin-qrammatikasi-m%c9%99sql%c9%99ri\/"]}]},{"@type":"ImageObject","inLanguage":"az","@id":"https:\/\/talkpal.ai\/az\/makedoniya-dilinin-qrammatikasi-m%c9%99sql%c9%99ri\/#primaryimage","url":"https:\/\/talkpal.ai\/wp-content\/uploads\/2023\/05\/republic-of-macedonia.png","contentUrl":"https:\/\/talkpal.ai\/wp-content\/uploads\/2023\/05\/republic-of-macedonia.png","width":512,"height":512},{"@type":"BreadcrumbList","@id":"https:\/\/talkpal.ai\/az\/makedoniya-dilinin-qrammatikasi-m%c9%99sql%c9%99ri\/#breadcrumb","itemListElement":[{"@type":"ListItem","position":1,"name":"Homepage","item":"https:\/\/talkpal.ai\/az\/"},{"@type":"ListItem","position":2,"name":"Makedoniya dilinin qrammatikas\u0131 m\u0259\u015fql\u0259ri"}]},{"@type":"WebSite","@id":"https:\/\/talkpal.ai\/az\/#website","url":"https:\/\/talkpal.ai\/az\/","name":"Talkpal","description":"AI Language Learning","publisher":{"@id":"https:\/\/talkpal.ai\/az\/#organization"},"alternateName":"Talkpal AI","potentialAction":[{"@type":"SearchAction","target":{"@type":"EntryPoint","urlTemplate":"https:\/\/talkpal.ai\/az\/?s={search_term_string}"},"query-input":{"@type":"PropertyValueSpecification","valueRequired":true,"valueName":"search_term_string"}}],"inLanguage":"az"},{"@type":"Organization","@id":"https:\/\/talkpal.ai\/az\/#organization","name":"Talkpal, Inc.","alternateName":"Talkpal AI","url":"https:\/\/talkpal.ai\/az\/","logo":{"@type":"ImageObject","inLanguage":"az","@id":"https:\/\/talkpal.ai\/az\/#\/schema\/logo\/image\/","url":"https:\/\/talkpal.ai\/wp-content\/uploads\/2024\/03\/Talkpal-Logo-Icon.png","contentUrl":"https:\/\/talkpal.ai\/wp-content\/uploads\/2024\/03\/Talkpal-Logo-Icon.png","width":2880,"height":2880,"caption":"Talkpal, Inc."},"image":{"@id":"https:\/\/talkpal.ai\/az\/#\/schema\/logo\/image\/"},"sameAs":["https:\/\/www.facebook.com\/profile.php?id=100090733639311","https:\/\/x.com\/talkpalai","https:\/\/www.linkedin.com\/company\/talkpal\/","https:\/\/www.youtube.com\/@TalkPal\/","https:\/\/www.tiktok.com\/@talkpal","https:\/\/www.instagram.com\/talkpal_ai\/","https:\/\/www.crunchbase.com\/organization\/talkpal-9cde","https:\/\/www.g2.com\/products\/talkpal-for-business\/","https:\/\/www.trustpilot.com\/review\/talkpal.ai","https:\/\/www.capterra.com\/p\/10006800\/TalkPal\/"],"description":"Talkpal is a language learning web and mobile education app, powered by the latest AI technologies, that provides engaging experiences to its customers in many different languages to help them improve their language skills. Users can chat about unlimited amount of topics with the app and use other modes to practice their language learning.","email":"support@talkpal.ai","legalName":"Talkpal, Inc.","foundingDate":"2023-04-03","duns":"118989042","numberOfEmployees":{"@type":"QuantitativeValue","minValue":"11","maxValue":"50"},"publishingPrinciples":"https:\/\/talkpal.ai\/publishing-principles\/","actionableFeedbackPolicy":"https:\/\/talkpal.ai\/actionable-feedback-policy\/","correctionsPolicy":"https:\/\/talkpal.ai\/corrections-policy\/","ethicsPolicy":"https:\/\/talkpal.ai\/ethics-policy\/","diversityPolicy":"https:\/\/talkpal.ai\/diversity-policy\/","diversityStaffingReport":"https:\/\/talkpal.ai\/diversity-policy\/"}]}},"_links":{"self":[{"href":"https:\/\/talkpal.ai\/az\/wp-json\/wp\/v2\/pages\/159856","targetHints":{"allow":["GET"]}}],"collection":[{"href":"https:\/\/talkpal.ai\/az\/wp-json\/wp\/v2\/pages"}],"about":[{"href":"https:\/\/talkpal.ai\/az\/wp-json\/wp\/v2\/types\/page"}],"author":[{"embeddable":true,"href":"https:\/\/talkpal.ai\/az\/wp-json\/wp\/v2\/users\/6"}],"replies":[{"embeddable":true,"href":"https:\/\/talkpal.ai\/az\/wp-json\/wp\/v2\/comments?post=159856"}],"version-history":[{"count":0,"href":"https:\/\/talkpal.ai\/az\/wp-json\/wp\/v2\/pages\/159856\/revisions"}],"wp:featuredmedia":[{"embeddable":true,"href":"https:\/\/talkpal.ai\/az\/wp-json\/wp\/v2\/media\/115326"}],"wp:attachment":[{"href":"https:\/\/talkpal.ai\/az\/wp-json\/wp\/v2\/media?parent=159856"}],"curies":[{"name":"wp","href":"https:\/\/api.w.org\/{rel}","templated":true}]}}