{"id":159573,"date":"2023-06-22T08:29:59","date_gmt":"2023-06-22T08:29:59","guid":{"rendered":"http:\/\/talkpal.ai\/malay-qrammatika-m%c9%99sql%c9%99ri\/"},"modified":"2025-12-17T15:23:47","modified_gmt":"2025-12-17T15:23:47","slug":"malay-qrammatika-m%c9%99sql%c9%99ri","status":"publish","type":"page","link":"https:\/\/talkpal.ai\/az\/malay-qrammatika-m%c9%99sql%c9%99ri\/","title":{"rendered":"Malay Qrammatika M\u0259\u015fql\u0259ri"},"content":{"rendered":"\r\n\r\n\r\n<section class=\"languageChallengeSection\">\r\n    <div class=\"languageInfoWrapper\">\r\n        \r\n        <h1>Malay Qrammatika M\u0259\u015fql\u0259ri<\/h1>\r\n        <p><a href=\"https:\/\/talkpal.ai\/learn-malay\/\">Malay<\/a> dili il\u0259 daha rahat olma\u011fa haz\u0131rs\u0131n\u0131z? Qrammatik m\u0259\u015fql\u0259ri m\u0259\u015fq etm\u0259k c\u00fcml\u0259 qurulu\u015funu, fel formalar\u0131n\u0131 v\u0259 dilin \u00f6z\u00fcn\u0259m\u0259xsus x\u00fcsusiyy\u0259tl\u0259rini m\u0259nims\u0259m\u0259k \u00fc\u00e7\u00fcn g\u00f6z\u0259l bir yoldur. Bu g\u00fcn Malay dilinin qrammatikas\u0131n\u0131 ara\u015fd\u0131rma\u011fa ba\u015flay\u0131n v\u0259 h\u0259r m\u0259\u015fql\u0259 bacar\u0131qlar\u0131n\u0131z\u0131n v\u0259 inam\u0131n\u0131z\u0131n artd\u0131\u011f\u0131n\u0131 g\u00f6r\u00fcn!<\/p>\r\n\r\n                            <a class=\"getStartedHidden\" href=\"https:\/\/app.talkpal.ai\/signup?lng=\">Ba\u015fla<\/a>\r\n        \r\n    <\/div>\r\n\r\n    <figure>\r\n    <img decoding=\"async\" width=\"768\" height=\"768\" src=\"https:\/\/talkpal.ai\/wp-content\/uploads\/2023\/06\/malay-768x768.png\" class=\"languageImage no-lazy\" alt=\"Language learning for personal accomplishments\" fetchpriority=\"high\" sizes=\"(max-width: 768px) 150px, 768px\" srcset=\"https:\/\/talkpal.ai\/wp-content\/uploads\/2023\/06\/malay-768x768.png 768w, https:\/\/talkpal.ai\/wp-content\/uploads\/2023\/06\/malay-300x300.png 300w\" \/>\r\n    \r\n\r\n    <\/figure>\r\n\r\n            <a class=\"getStartedVisible\" href=\"https:\/\/app.talkpal.ai\/signup?lng=\">Ba\u015fla<\/a>\r\n    \r\n<\/section>\r\n\r\n\r\n<!-- <section class=\"grammarSection\">\r\n    <div class=\"grammarLinks\">\r\n            <\/div>\r\n<\/section> -->\r\n\r\n\r\n\r\n\r\n<section class=\"promotionalBanner\">\r\n    <p class=\"promotionalText\">Dil \u00f6yr\u0259nm\u0259yin \u0259n t\u0259sirli yolu<\/p>\r\n    <a class=\"promotionalLink\" href=\"https:\/\/app.talkpal.ai\/signup?lng=\">Talkpal pulsuz s\u0131nay\u0131n<\/a>\r\n<\/section>\n<div class=\"wp-block-group pageContainerStyle\"><div class=\"wp-block-group__inner-container is-layout-constrained wp-block-group-is-layout-constrained\">\n<h2 class=\"wp-block-heading\" id=\"h-malay-grammar-topics\">Malay dilinin qrammatikas\u0131 m\u00f6vzular\u0131<\/h2>\n\n\n\n<p><a href=\"https:\/\/talkpal.ai\/az\/malay-dilini-oyr%c9%99nin\/\">Malay dilini<\/a> <a href=\"https:\/\/talkpal.ai\/az\/oyr%c9%99nm%c9%99k\/\">\u00f6yr\u0259nm\u0259k<\/a> z\u0259nginl\u0259\u015fdirm\u0259 t\u0259cr\u00fcb\u0259si ola bil\u0259r, Malayziya, \u0130ndoneziya v\u0259 qon\u015fu \u00f6lk\u0259l\u0259rin z\u0259ngin m\u0259d\u0259ni irsini anlamaq \u00fc\u00e7\u00fcn imkanlar a\u00e7\u0131r. Bu dil Austronesian ail\u0259sin\u0259 m\u0259nsubdur v\u0259 C\u0259nub-\u015e\u0259rqi Asiyada milyonlarla insan t\u0259r\u0259find\u0259n dan\u0131\u015f\u0131l\u0131r. Onun qrammatikas\u0131 bir \u00e7ox Avropa dill\u0259ri il\u0259 m\u00fcqayis\u0259d\u0259 nisb\u0259t\u0259n sad\u0259dir, bu is\u0259 dil \u00f6yr\u0259n\u0259nl\u0259r \u00fc\u00e7\u00fcn c\u0259lbedici se\u00e7im edir. Malay qrammatikas\u0131n\u0131n m\u00fcxt\u0259lif aspektl\u0259rin\u0259 ke\u00e7m\u0259zd\u0259n \u0259vv\u0259l dili t\u0259\u015fkil ed\u0259n \u0259sas tikinti bloklar\u0131 il\u0259 tan\u0131\u015f olmaq vacibdir. Bu b\u0259l\u0259d\u00e7id\u0259 biz bu m\u00f6vzular\u0131 ard\u0131c\u0131ll\u0131qla ara\u015fd\u0131raca\u011f\u0131q ki, bu da siz\u0259 dili effektiv \u00f6yr\u0259nm\u0259y\u0259 k\u00f6m\u0259k ed\u0259c\u0259k.<\/p>\n\n\n\n<h3 class=\"wp-block-heading\" id=\"h-1-nouns\">1. Nouns:<\/h3>\n\n\n\n<p>Malay dilind\u0259 s\u00f6zl\u0259ri, insanlar\u0131, m\u0259kanlar\u0131, \u015feyl\u0259ri v\u0259 fikirl\u0259ri t\u0259msil ed\u0259n s\u00f6zl\u0259ri \u00f6yr\u0259nm\u0259y\u0259 ba\u015flay\u0131n. Malayda nounlar\u0131n bir \u00e7ox ba\u015fqa dill\u0259rd\u0259ki kimi cins v\u0259 ya \u00e7oxluq formalar\u0131 yoxdur, bu is\u0259 onlar\u0131 \u00f6yr\u0259nm\u0259k \u00fc\u00e7\u00fcn daha sad\u0259 edir. Adi nomrel\u0259ri v\u0259 onlar\u0131n m\u0259nas\u0131n\u0131 \u0259zb\u0259rl\u0259y\u0259r\u0259k s\u00f6z ehtiyat\u0131n\u0131z\u0131 inki\u015faf etdir.<\/p>\n\n\n\n<h3 class=\"wp-block-heading\" id=\"h-2-pronouns-determiners\">2. Pronouns\/Determinl\u0259r:<\/h3>\n\n\n\n<p>Sonra malay t\u0259l\u0259ff\u00fczl\u0259rini v\u0259 t\u0259yinedicil\u0259ri \u00f6yr\u0259nin. Pronouns nounlar\u0131 c\u00fcml\u0259 il\u0259 \u0259v\u0259z edir, determinl\u0259r is\u0259 noun haqq\u0131nda m\u0259lumat verir, m\u0259s\u0259l\u0259n, k\u0259miyy\u0259t v\u0259 ya sahiblik. \u015e\u0259xsi \u0259v\u0259zlikl\u0259rl\u0259 (m\u0259s\u0259l\u0259n, \u201cm\u0259n\u201d \u00fc\u00e7\u00fcn saya v\u0259 \u201cs\u0259n\u201d \u00fc\u00e7\u00fcn kamu) v\u0259 sahiblik t\u0259yinedicil\u0259ri (m\u0259s\u0259l\u0259n, \u201cbu\u201d \u00fc\u00e7\u00fcn ini v\u0259 \u201co\u201d \u00fc\u00e7\u00fcn itu) il\u0259 tan\u0131\u015f olun.<\/p>\n\n\n\n<h3 class=\"wp-block-heading\" id=\"h-3-articles\">3. M\u0259qal\u0259l\u0259r:<\/h3>\n\n\n\n<p>\u0130ngilis dilind\u0259n f\u0259rqli olaraq, Malay dilind\u0259 m\u00fc\u0259yy\u0259n v\u0259 ya qeyri-m\u00fc\u0259yy\u0259n artikll\u0259r yoxdur (m\u0259s\u0259l\u0259n, \u201cthe\u201d v\u0259 ya \u201ca\/an\u201d). Bununla bel\u0259, dilin c\u00fcml\u0259l\u0259rd\u0259 spesifikliyi v\u0259 \u00fcmumiliyi nec\u0259 g\u00f6st\u0259rdiyini anlamaq h\u0259l\u0259 d\u0259 vacibdir.<\/p>\n\n\n\n<h3 class=\"wp-block-heading\" id=\"h-4-verbs\">4. Feill\u0259r:<\/h3>\n\n\n\n<p>Malay dilind\u0259 feill\u0259r olduqca vacibdir, \u00e7\u00fcnki onlar h\u0259r\u0259k\u0259tl\u0259ri, hal v\u0259 ya hadis\u0259l\u0259ri ifad\u0259 edirl\u0259r. \u018fsas feil formalar\u0131 v\u0259 onlar\u0131 g\u0259rgin, insana v\u0259 saya g\u00f6r\u0259 nec\u0259 bir-birin\u0259 uy\u011funla\u015fd\u0131rmaq laz\u0131m oldu\u011funu \u00f6yr\u0259nin.<\/p>\n\n\n\n<h3 class=\"wp-block-heading\" id=\"h-5-tenses\">5. G\u0259rginlikl\u0259r:<\/h3>\n\n\n\n<p>Malayda ingilisl\u0259r\u0259 nisb\u0259t\u0259n daha az g\u0259rginlik var. Ke\u00e7mi\u015f, indiki v\u0259 g\u0259l\u0259c\u0259k h\u0259r\u0259k\u0259tl\u0259r\u0259 \u0259sas diqq\u0259t yetirilir. Sad\u0259, m\u00fct\u0259r\u0259qqi v\u0259 m\u00fck\u0259mm\u0259l g\u0259rginlikl\u0259r aras\u0131ndak\u0131 f\u0259rql\u0259ri ba\u015fa d\u00fc\u015f\u0259r\u0259k Malayda vaxt ifad\u0259 etm\u0259yi \u00f6yr\u0259nin.<\/p>\n\n\n\n<h3 class=\"wp-block-heading\" id=\"h-6-adjectives\">6. Adjectives:<\/h3>\n\n\n\n<p>Adjectives nouns t\u0259svir v\u0259 ya d\u0259yi\u015fdirm\u0259k, onlar\u0131n x\u00fcsusiyy\u0259tl\u0259ri v\u0259 ya x\u00fcsusiyy\u0259tl\u0259ri haqq\u0131nda \u0259lav\u0259 m\u0259lumat verir. \u00dcmumi Malay adjectives v\u0259 onlar\u0131n c\u00fcml\u0259l\u0259ri d\u0259yi\u015fdirdikl\u0259ri noun uy\u011fun nec\u0259 d\u0259yi\u015fir \u00f6yr\u0259nm\u0259k.<\/p>\n\n\n\n<h3 class=\"wp-block-heading\" id=\"h-7-adverbs\">7. Adverbl\u0259r:<\/h3>\n\n\n\n<p>Adverbs feill\u0259ri, adjectives v\u0259 ya dig\u0259r adverbsl\u0259ri d\u0259yi\u015fdirir, vaxt, davran\u0131\u015f, yer v\u0259 ya d\u0259r\u0259c\u0259 haqq\u0131nda m\u0259lumat verir. Malay d\u00fc\u015fm\u0259nl\u0259rinin \u00fcmumi m\u0259lumatlar\u0131n\u0131 v\u0259 onlar\u0131n c\u00fcml\u0259l\u0259rd\u0259 yerl\u0259\u015fdirilm\u0259sini \u00f6yr\u0259n.<\/p>\n\n\n\n<h3 class=\"wp-block-heading\" id=\"h-8-prepositions\">8. Prepozisiyalar:<\/h3>\n\n\n\n<p>Prepozisiyalar c\u00fcml\u0259d\u0259 ba\u015fqa s\u00f6zl\u0259r\u0259 noun, t\u0259l\u0259ff\u00fcz v\u0259 ya ifad\u0259ni ba\u011flamaq, m\u0259kan, istiqam\u0259t v\u0259 ya zaman kimi m\u00fcnasib\u0259tl\u0259ri g\u00f6st\u0259rm\u0259k \u00fc\u00e7\u00fcn istifad\u0259 olunur. Malay prepozisiyalar\u0131 v\u0259 onlar\u0131n c\u00fcml\u0259l\u0259rd\u0259 nec\u0259 f\u0259aliyy\u0259t g\u00f6st\u0259rdiyini \u00f6yr\u0259n.<\/p>\n\n\n\n<h3 class=\"wp-block-heading\" id=\"h-9-conditionals\">9. \u015e\u0259rti olaraq:<\/h3>\n\n\n\n<p>\u015e\u0259rti c\u00fcml\u0259l\u0259r hipotetik v\u0259ziyy\u0259tl\u0259ri v\u0259 ya \u015f\u0259rtl\u0259ri v\u0259 onlar\u0131n m\u00fcmk\u00fcn n\u0259tic\u0259l\u0259rini ifad\u0259 edir. Malay dilind\u0259 m\u00fcvafiq feill\u0259rd\u0259n v\u0259 konyunksiyalardan istifad\u0259 ed\u0259r\u0259k \u015f\u0259rti c\u00fcml\u0259l\u0259r \u0259m\u0259l\u0259 g\u0259tirm\u0259k \u00fcsullar\u0131n\u0131 \u00f6yr\u0259nin.<\/p>\n\n\n\n<h3 class=\"wp-block-heading\" id=\"h-10-sentences\">10. C\u00fcml\u0259l\u0259r:<\/h3>\n\n\n\n<p>N\u0259hay\u0259t, ad, t\u0259l\u0259ff\u00fcz, feil, isim, ad v\u0259 prepozisiyan\u0131 birl\u0259\u015fdir\u0259r\u0259k malay c\u00fcml\u0259l\u0259rinin d\u00fcz\u0259ldilm\u0259 \u00fcsullar\u0131n\u0131 m\u0259\u015fq etdir. \u018fsas c\u00fcml\u0259 qurulu\u015funu, m\u0259s\u0259l\u0259n, m\u00f6vzu-verb-obyekti ba\u015fa d\u00fc\u015fm\u0259k, konyunksiya v\u0259 nisbi \u00e7\u0259r\u00e7iv\u0259l\u0259rd\u0259n istifad\u0259 ed\u0259r\u0259k m\u00fcr\u0259kk\u0259b c\u00fcml\u0259l\u0259r yaratmaq praktikas\u0131.<\/p>\n\n\n\n<p>Bu ard\u0131c\u0131ll\u0131\u011fa riay\u0259t etm\u0259kl\u0259 v\u0259 h\u0259r m\u00f6vzunu praktikada t\u0259tbiq etm\u0259k \u00fc\u00e7\u00fcn vaxt ay\u0131rmaqla malay qrammatikas\u0131na m\u00f6hk\u0259m t\u0259m\u0259l qoyaraq, yax\u015f\u0131 olard\u0131 ki, bu dild\u0259 s\u0259lis dan\u0131\u015fasan.<\/p>\n<\/div><\/div>\n\r\n<section class=\"learnNavigationSection\">\r\n            \r\n        <a href=\"https:\/\/talkpal.ai\/az\/malay-dilini-oyr%c9%99nin\/\">\r\n            <div class=\"learnNavigationWrapper\">\r\n                <div class=\"learnNavigationContent\">\r\n                    <img decoding=\"async\" src=\"https:\/\/talkpal.ai\/wp-content\/uploads\/2024\/08\/Malay.jpg\" alt=\"Malaysian Flag\">\r\n                    <div>\r\n                        <h4>Malay \u00f6yr\u0259nm\u0259 haqq\u0131nda<\/h4>\r\n                        <p>Malay qrammatikas\u0131 haqq\u0131nda h\u0259r \u015feyi \u00f6yr\u0259nin .<\/p>\r\n                    <\/div>\r\n                <\/div>\r\n            <\/div>\r\n        <\/a>\r\n\r\n        \r\n        <a href=\"https:\/\/talkpal.ai\/az\/malay-dili-qrammatikasi\/\">\r\n            <div class=\"learnNavigationWrapper\">\r\n                <div class=\"learnNavigationContent\">\r\n                    <img decoding=\"async\" src=\"https:\/\/talkpal.ai\/wp-content\/uploads\/2024\/08\/Malay.jpg\" alt=\"Malaysian Flag\">\r\n                    <div>\r\n                        <h4>Malay qrammatikas\u0131 d\u0259rsl\u0259ri<\/h4>\r\n                        <p>Malay dilinin qrammatikas\u0131 il\u0259 m\u0259\u015f\u011ful.<\/p>\r\n                    <\/div>\r\n                <\/div>\r\n            <\/div>\r\n        <\/a>\r\n\r\n        \r\n        <a href=\"https:\/\/talkpal.ai\/vocabulary_language\/malay\/\">\r\n            <div class=\"learnNavigationWrapper\">\r\n                <div class=\"learnNavigationContent\">\r\n                    <img decoding=\"async\" src=\"https:\/\/talkpal.ai\/wp-content\/uploads\/2024\/08\/Malay.jpg\" alt=\"Malaysian Flag\">\r\n                    <div>\r\n                        <h4>Malay l\u00fc\u011f\u0259ti<\/h4>\r\n                        <p>Malay dili l\u00fc\u011f\u0259tinizi geni\u015fl\u0259ndirin.<\/p>\r\n                    <\/div>\r\n                <\/div>\r\n            <\/div>\r\n        <\/a>\r\n\r\n            <\/section>","protected":false},"excerpt":{"rendered":"<p>Malay dilinin qrammatikas\u0131 m\u00f6vzular\u0131 Malay dilini \u00f6yr\u0259nm\u0259k z\u0259nginl\u0259\u015fdirm\u0259 t\u0259cr\u00fcb\u0259si ola bil\u0259r, Malayziya, \u0130ndoneziya v\u0259 qon\u015fu \u00f6lk\u0259l\u0259rin z\u0259ngin m\u0259d\u0259ni irsini anlamaq \u00fc\u00e7\u00fcn imkanlar a\u00e7\u0131r. Bu dil Austronesian ail\u0259sin\u0259 m\u0259nsubdur v\u0259 C\u0259nub-\u015e\u0259rqi Asiyada milyonlarla insan t\u0259r\u0259find\u0259n dan\u0131\u015f\u0131l\u0131r. Onun qrammatikas\u0131 bir \u00e7ox Avropa dill\u0259ri il\u0259 m\u00fcqayis\u0259d\u0259 nisb\u0259t\u0259n sad\u0259dir, bu is\u0259 dil \u00f6yr\u0259n\u0259nl\u0259r \u00fc\u00e7\u00fcn c\u0259lbedici se\u00e7im edir. Malay qrammatikas\u0131n\u0131n [&hellip;]<\/p>\n","protected":false},"author":6,"featured_media":115847,"parent":0,"menu_order":0,"comment_status":"closed","ping_status":"closed","template":"LearningContentPage.php","meta":{"_acf_changed":false,"footnotes":""},"class_list":["post-159573","page","type-page","status-publish","has-post-thumbnail","hentry"],"acf":[],"yoast_head":"<!-- This site is optimized with the Yoast SEO Premium plugin v27.2 (Yoast SEO v27.2) - https:\/\/yoast.com\/product\/yoast-seo-premium-wordpress\/ -->\n<title>Malay Qrammatika M\u0259\u015fql\u0259ri - Talkpal<\/title>\n<meta name=\"description\" content=\"Malay Qrammatikas\u0131 T\u0259liml\u0259ri il\u0259 dil bacar\u0131qlar\u0131n\u0131z\u0131 art\u0131r\u0131n. Malay dilini daha yax\u015f\u0131 ba\u015fa d\u00fc\u015fm\u0259k \u00fc\u00e7\u00fcn \u0259saslar\u0131 \u00f6yr\u0259nin.\" \/>\n<meta name=\"robots\" content=\"index, follow, max-snippet:-1, max-image-preview:large, max-video-preview:-1\" \/>\n<link rel=\"canonical\" href=\"https:\/\/talkpal.ai\/az\/malay-qrammatika-m%c9%99sql%c9%99ri\/\" \/>\n<meta property=\"og:locale\" content=\"az_AZ\" \/>\n<meta property=\"og:type\" content=\"article\" \/>\n<meta property=\"og:title\" content=\"Malay Qrammatika M\u0259\u015fql\u0259ri\" \/>\n<meta property=\"og:description\" content=\"Malay dilinin qrammatikas\u0131 m\u00f6vzular\u0131 Malay dilini \u00f6yr\u0259nm\u0259k z\u0259nginl\u0259\u015fdirm\u0259 t\u0259cr\u00fcb\u0259si ola bil\u0259r, Malayziya, \u0130ndoneziya v\u0259 qon\u015fu \u00f6lk\u0259l\u0259rin z\u0259ngin m\u0259d\u0259ni\" \/>\n<meta property=\"og:url\" content=\"https:\/\/talkpal.ai\/az\/malay-qrammatika-m%c9%99sql%c9%99ri\/\" \/>\n<meta property=\"og:site_name\" content=\"Talkpal\" \/>\n<meta property=\"article:publisher\" content=\"https:\/\/www.facebook.com\/profile.php?id=100090733639311\" \/>\n<meta property=\"article:modified_time\" content=\"2025-12-17T15:23:47+00:00\" \/>\n<meta property=\"og:image\" content=\"https:\/\/talkpal.ai\/wp-content\/uploads\/2023\/05\/malaysia.png\" \/>\n\t<meta property=\"og:image:width\" content=\"512\" \/>\n\t<meta property=\"og:image:height\" content=\"512\" \/>\n\t<meta property=\"og:image:type\" content=\"image\/png\" \/>\n<meta name=\"twitter:card\" content=\"summary_large_image\" \/>\n<meta name=\"twitter:site\" content=\"@talkpalai\" \/>\n<meta name=\"twitter:label1\" content=\"Est. reading time\" \/>\n\t<meta name=\"twitter:data1\" content=\"4 minutes\" \/>\n<script type=\"application\/ld+json\" class=\"yoast-schema-graph\">{\"@context\":\"https:\/\/schema.org\",\"@graph\":[{\"@type\":\"WebPage\",\"@id\":\"https:\/\/talkpal.ai\/az\/malay-qrammatika-m%c9%99sql%c9%99ri\/\",\"url\":\"https:\/\/talkpal.ai\/az\/malay-qrammatika-m%c9%99sql%c9%99ri\/\",\"name\":\"Malay Qrammatika M\u0259\u015fql\u0259ri - Talkpal\",\"isPartOf\":{\"@id\":\"https:\/\/talkpal.ai\/az\/#website\"},\"primaryImageOfPage\":{\"@id\":\"https:\/\/talkpal.ai\/az\/malay-qrammatika-m%c9%99sql%c9%99ri\/#primaryimage\"},\"image\":{\"@id\":\"https:\/\/talkpal.ai\/az\/malay-qrammatika-m%c9%99sql%c9%99ri\/#primaryimage\"},\"thumbnailUrl\":\"https:\/\/talkpal.ai\/wp-content\/uploads\/2023\/05\/malaysia.png\",\"datePublished\":\"2023-06-22T08:29:59+00:00\",\"dateModified\":\"2025-12-17T15:23:47+00:00\",\"description\":\"Malay Qrammatikas\u0131 T\u0259liml\u0259ri il\u0259 dil bacar\u0131qlar\u0131n\u0131z\u0131 art\u0131r\u0131n. Malay dilini daha yax\u015f\u0131 ba\u015fa d\u00fc\u015fm\u0259k \u00fc\u00e7\u00fcn \u0259saslar\u0131 \u00f6yr\u0259nin.\",\"breadcrumb\":{\"@id\":\"https:\/\/talkpal.ai\/az\/malay-qrammatika-m%c9%99sql%c9%99ri\/#breadcrumb\"},\"inLanguage\":\"az\",\"potentialAction\":[{\"@type\":\"ReadAction\",\"target\":[\"https:\/\/talkpal.ai\/az\/malay-qrammatika-m%c9%99sql%c9%99ri\/\"]}]},{\"@type\":\"ImageObject\",\"inLanguage\":\"az\",\"@id\":\"https:\/\/talkpal.ai\/az\/malay-qrammatika-m%c9%99sql%c9%99ri\/#primaryimage\",\"url\":\"https:\/\/talkpal.ai\/wp-content\/uploads\/2023\/05\/malaysia.png\",\"contentUrl\":\"https:\/\/talkpal.ai\/wp-content\/uploads\/2023\/05\/malaysia.png\",\"width\":512,\"height\":512},{\"@type\":\"BreadcrumbList\",\"@id\":\"https:\/\/talkpal.ai\/az\/malay-qrammatika-m%c9%99sql%c9%99ri\/#breadcrumb\",\"itemListElement\":[{\"@type\":\"ListItem\",\"position\":1,\"name\":\"Homepage\",\"item\":\"https:\/\/talkpal.ai\/az\/\"},{\"@type\":\"ListItem\",\"position\":2,\"name\":\"Malay Qrammatika M\u0259\u015fql\u0259ri\"}]},{\"@type\":\"WebSite\",\"@id\":\"https:\/\/talkpal.ai\/az\/#website\",\"url\":\"https:\/\/talkpal.ai\/az\/\",\"name\":\"Talkpal\",\"description\":\"AI Language Learning\",\"publisher\":{\"@id\":\"https:\/\/talkpal.ai\/az\/#organization\"},\"alternateName\":\"Talkpal AI\",\"potentialAction\":[{\"@type\":\"SearchAction\",\"target\":{\"@type\":\"EntryPoint\",\"urlTemplate\":\"https:\/\/talkpal.ai\/az\/?s={search_term_string}\"},\"query-input\":{\"@type\":\"PropertyValueSpecification\",\"valueRequired\":true,\"valueName\":\"search_term_string\"}}],\"inLanguage\":\"az\"},{\"@type\":\"Organization\",\"@id\":\"https:\/\/talkpal.ai\/az\/#organization\",\"name\":\"Talkpal, Inc.\",\"alternateName\":\"Talkpal AI\",\"url\":\"https:\/\/talkpal.ai\/az\/\",\"logo\":{\"@type\":\"ImageObject\",\"inLanguage\":\"az\",\"@id\":\"https:\/\/talkpal.ai\/az\/#\/schema\/logo\/image\/\",\"url\":\"https:\/\/talkpal.ai\/wp-content\/uploads\/2024\/03\/Talkpal-Logo-Icon.png\",\"contentUrl\":\"https:\/\/talkpal.ai\/wp-content\/uploads\/2024\/03\/Talkpal-Logo-Icon.png\",\"width\":2880,\"height\":2880,\"caption\":\"Talkpal, Inc.\"},\"image\":{\"@id\":\"https:\/\/talkpal.ai\/az\/#\/schema\/logo\/image\/\"},\"sameAs\":[\"https:\/\/www.facebook.com\/profile.php?id=100090733639311\",\"https:\/\/x.com\/talkpalai\",\"https:\/\/www.linkedin.com\/company\/talkpal\/\",\"https:\/\/www.youtube.com\/@TalkPal\/\",\"https:\/\/www.tiktok.com\/@talkpal\",\"https:\/\/www.instagram.com\/talkpal_ai\/\",\"https:\/\/www.crunchbase.com\/organization\/talkpal-9cde\",\"https:\/\/www.g2.com\/products\/talkpal-for-business\/\",\"https:\/\/www.trustpilot.com\/review\/talkpal.ai\",\"https:\/\/www.capterra.com\/p\/10006800\/TalkPal\/\"],\"description\":\"Talkpal is a language learning web and mobile education app, powered by the latest AI technologies, that provides engaging experiences to its customers in many different languages to help them improve their language skills. Users can chat about unlimited amount of topics with the app and use other modes to practice their language learning.\",\"email\":\"support@talkpal.ai\",\"legalName\":\"Talkpal, Inc.\",\"foundingDate\":\"2023-04-03\",\"duns\":\"118989042\",\"numberOfEmployees\":{\"@type\":\"QuantitativeValue\",\"minValue\":\"11\",\"maxValue\":\"50\"},\"publishingPrinciples\":\"https:\/\/talkpal.ai\/publishing-principles\/\",\"actionableFeedbackPolicy\":\"https:\/\/talkpal.ai\/actionable-feedback-policy\/\",\"correctionsPolicy\":\"https:\/\/talkpal.ai\/corrections-policy\/\",\"ethicsPolicy\":\"https:\/\/talkpal.ai\/ethics-policy\/\",\"diversityPolicy\":\"https:\/\/talkpal.ai\/diversity-policy\/\",\"diversityStaffingReport\":\"https:\/\/talkpal.ai\/diversity-policy\/\"}]}<\/script>\n<!-- \/ Yoast SEO Premium plugin. -->","yoast_head_json":{"title":"Malay Qrammatika M\u0259\u015fql\u0259ri - Talkpal","description":"Malay Qrammatikas\u0131 T\u0259liml\u0259ri il\u0259 dil bacar\u0131qlar\u0131n\u0131z\u0131 art\u0131r\u0131n. Malay dilini daha yax\u015f\u0131 ba\u015fa d\u00fc\u015fm\u0259k \u00fc\u00e7\u00fcn \u0259saslar\u0131 \u00f6yr\u0259nin.","robots":{"index":"index","follow":"follow","max-snippet":"max-snippet:-1","max-image-preview":"max-image-preview:large","max-video-preview":"max-video-preview:-1"},"canonical":"https:\/\/talkpal.ai\/az\/malay-qrammatika-m%c9%99sql%c9%99ri\/","og_locale":"az_AZ","og_type":"article","og_title":"Malay Qrammatika M\u0259\u015fql\u0259ri","og_description":"Malay dilinin qrammatikas\u0131 m\u00f6vzular\u0131 Malay dilini \u00f6yr\u0259nm\u0259k z\u0259nginl\u0259\u015fdirm\u0259 t\u0259cr\u00fcb\u0259si ola bil\u0259r, Malayziya, \u0130ndoneziya v\u0259 qon\u015fu \u00f6lk\u0259l\u0259rin z\u0259ngin m\u0259d\u0259ni","og_url":"https:\/\/talkpal.ai\/az\/malay-qrammatika-m%c9%99sql%c9%99ri\/","og_site_name":"Talkpal","article_publisher":"https:\/\/www.facebook.com\/profile.php?id=100090733639311","article_modified_time":"2025-12-17T15:23:47+00:00","og_image":[{"width":512,"height":512,"url":"https:\/\/talkpal.ai\/wp-content\/uploads\/2023\/05\/malaysia.png","type":"image\/png"}],"twitter_card":"summary_large_image","twitter_site":"@talkpalai","twitter_misc":{"Est. reading time":"4 minutes"},"schema":{"@context":"https:\/\/schema.org","@graph":[{"@type":"WebPage","@id":"https:\/\/talkpal.ai\/az\/malay-qrammatika-m%c9%99sql%c9%99ri\/","url":"https:\/\/talkpal.ai\/az\/malay-qrammatika-m%c9%99sql%c9%99ri\/","name":"Malay Qrammatika M\u0259\u015fql\u0259ri - Talkpal","isPartOf":{"@id":"https:\/\/talkpal.ai\/az\/#website"},"primaryImageOfPage":{"@id":"https:\/\/talkpal.ai\/az\/malay-qrammatika-m%c9%99sql%c9%99ri\/#primaryimage"},"image":{"@id":"https:\/\/talkpal.ai\/az\/malay-qrammatika-m%c9%99sql%c9%99ri\/#primaryimage"},"thumbnailUrl":"https:\/\/talkpal.ai\/wp-content\/uploads\/2023\/05\/malaysia.png","datePublished":"2023-06-22T08:29:59+00:00","dateModified":"2025-12-17T15:23:47+00:00","description":"Malay Qrammatikas\u0131 T\u0259liml\u0259ri il\u0259 dil bacar\u0131qlar\u0131n\u0131z\u0131 art\u0131r\u0131n. Malay dilini daha yax\u015f\u0131 ba\u015fa d\u00fc\u015fm\u0259k \u00fc\u00e7\u00fcn \u0259saslar\u0131 \u00f6yr\u0259nin.","breadcrumb":{"@id":"https:\/\/talkpal.ai\/az\/malay-qrammatika-m%c9%99sql%c9%99ri\/#breadcrumb"},"inLanguage":"az","potentialAction":[{"@type":"ReadAction","target":["https:\/\/talkpal.ai\/az\/malay-qrammatika-m%c9%99sql%c9%99ri\/"]}]},{"@type":"ImageObject","inLanguage":"az","@id":"https:\/\/talkpal.ai\/az\/malay-qrammatika-m%c9%99sql%c9%99ri\/#primaryimage","url":"https:\/\/talkpal.ai\/wp-content\/uploads\/2023\/05\/malaysia.png","contentUrl":"https:\/\/talkpal.ai\/wp-content\/uploads\/2023\/05\/malaysia.png","width":512,"height":512},{"@type":"BreadcrumbList","@id":"https:\/\/talkpal.ai\/az\/malay-qrammatika-m%c9%99sql%c9%99ri\/#breadcrumb","itemListElement":[{"@type":"ListItem","position":1,"name":"Homepage","item":"https:\/\/talkpal.ai\/az\/"},{"@type":"ListItem","position":2,"name":"Malay Qrammatika M\u0259\u015fql\u0259ri"}]},{"@type":"WebSite","@id":"https:\/\/talkpal.ai\/az\/#website","url":"https:\/\/talkpal.ai\/az\/","name":"Talkpal","description":"AI Language Learning","publisher":{"@id":"https:\/\/talkpal.ai\/az\/#organization"},"alternateName":"Talkpal AI","potentialAction":[{"@type":"SearchAction","target":{"@type":"EntryPoint","urlTemplate":"https:\/\/talkpal.ai\/az\/?s={search_term_string}"},"query-input":{"@type":"PropertyValueSpecification","valueRequired":true,"valueName":"search_term_string"}}],"inLanguage":"az"},{"@type":"Organization","@id":"https:\/\/talkpal.ai\/az\/#organization","name":"Talkpal, Inc.","alternateName":"Talkpal AI","url":"https:\/\/talkpal.ai\/az\/","logo":{"@type":"ImageObject","inLanguage":"az","@id":"https:\/\/talkpal.ai\/az\/#\/schema\/logo\/image\/","url":"https:\/\/talkpal.ai\/wp-content\/uploads\/2024\/03\/Talkpal-Logo-Icon.png","contentUrl":"https:\/\/talkpal.ai\/wp-content\/uploads\/2024\/03\/Talkpal-Logo-Icon.png","width":2880,"height":2880,"caption":"Talkpal, Inc."},"image":{"@id":"https:\/\/talkpal.ai\/az\/#\/schema\/logo\/image\/"},"sameAs":["https:\/\/www.facebook.com\/profile.php?id=100090733639311","https:\/\/x.com\/talkpalai","https:\/\/www.linkedin.com\/company\/talkpal\/","https:\/\/www.youtube.com\/@TalkPal\/","https:\/\/www.tiktok.com\/@talkpal","https:\/\/www.instagram.com\/talkpal_ai\/","https:\/\/www.crunchbase.com\/organization\/talkpal-9cde","https:\/\/www.g2.com\/products\/talkpal-for-business\/","https:\/\/www.trustpilot.com\/review\/talkpal.ai","https:\/\/www.capterra.com\/p\/10006800\/TalkPal\/"],"description":"Talkpal is a language learning web and mobile education app, powered by the latest AI technologies, that provides engaging experiences to its customers in many different languages to help them improve their language skills. Users can chat about unlimited amount of topics with the app and use other modes to practice their language learning.","email":"support@talkpal.ai","legalName":"Talkpal, Inc.","foundingDate":"2023-04-03","duns":"118989042","numberOfEmployees":{"@type":"QuantitativeValue","minValue":"11","maxValue":"50"},"publishingPrinciples":"https:\/\/talkpal.ai\/publishing-principles\/","actionableFeedbackPolicy":"https:\/\/talkpal.ai\/actionable-feedback-policy\/","correctionsPolicy":"https:\/\/talkpal.ai\/corrections-policy\/","ethicsPolicy":"https:\/\/talkpal.ai\/ethics-policy\/","diversityPolicy":"https:\/\/talkpal.ai\/diversity-policy\/","diversityStaffingReport":"https:\/\/talkpal.ai\/diversity-policy\/"}]}},"_links":{"self":[{"href":"https:\/\/talkpal.ai\/az\/wp-json\/wp\/v2\/pages\/159573","targetHints":{"allow":["GET"]}}],"collection":[{"href":"https:\/\/talkpal.ai\/az\/wp-json\/wp\/v2\/pages"}],"about":[{"href":"https:\/\/talkpal.ai\/az\/wp-json\/wp\/v2\/types\/page"}],"author":[{"embeddable":true,"href":"https:\/\/talkpal.ai\/az\/wp-json\/wp\/v2\/users\/6"}],"replies":[{"embeddable":true,"href":"https:\/\/talkpal.ai\/az\/wp-json\/wp\/v2\/comments?post=159573"}],"version-history":[{"count":0,"href":"https:\/\/talkpal.ai\/az\/wp-json\/wp\/v2\/pages\/159573\/revisions"}],"wp:featuredmedia":[{"embeddable":true,"href":"https:\/\/talkpal.ai\/az\/wp-json\/wp\/v2\/media\/115847"}],"wp:attachment":[{"href":"https:\/\/talkpal.ai\/az\/wp-json\/wp\/v2\/media?parent=159573"}],"curies":[{"name":"wp","href":"https:\/\/api.w.org\/{rel}","templated":true}]}}