{"id":159288,"date":"2023-06-22T08:37:16","date_gmt":"2023-06-22T08:37:16","guid":{"rendered":"http:\/\/talkpal.ai\/marathi-qrammatika-m%c9%99sql%c9%99ri\/"},"modified":"2025-12-17T15:13:14","modified_gmt":"2025-12-17T15:13:14","slug":"marathi-qrammatika-m%c9%99sql%c9%99ri","status":"publish","type":"page","link":"https:\/\/talkpal.ai\/az\/marathi-qrammatika-m%c9%99sql%c9%99ri\/","title":{"rendered":"Marathi Qrammatika M\u0259\u015fql\u0259ri"},"content":{"rendered":"\r\n\r\n\r\n<section class=\"languageChallengeSection\">\r\n    <div class=\"languageInfoWrapper\">\r\n        \r\n        <h1>Marathi Qrammatika M\u0259\u015fql\u0259ri<\/h1>\r\n        <p><a href=\"https:\/\/talkpal.ai\/learn-marathi\/\">Marathi<\/a> bacar\u0131qlar\u0131n\u0131z\u0131 g\u00fccl\u0259ndirm\u0259y\u0259 haz\u0131rs\u0131n\u0131z? Qrammatik m\u0259\u015fql\u0259ri m\u0259\u015fq etm\u0259k c\u00fcml\u0259 qurulu\u015funu, fel formalar\u0131n\u0131 v\u0259 dilin \u0259sas qrammatik n\u00fcmun\u0259l\u0259rini m\u0259nims\u0259m\u0259yin \u0259la yoludur. Marathi qrammatikas\u0131n\u0131 bu g\u00fcn ara\u015fd\u0131rma\u011fa ba\u015flay\u0131n v\u0259 h\u0259r m\u0259\u015fql\u0259 inam\u0131n\u0131z\u0131n v\u0259 s\u0259lis dan\u0131\u015fma\u011f\u0131n\u0131z\u0131n b\u00f6y\u00fcm\u0259sin\u0259 bax\u0131n!<\/p>\r\n\r\n                            <a class=\"getStartedHidden\" href=\"https:\/\/app.talkpal.ai\/signup?lng=\">Ba\u015fla<\/a>\r\n        \r\n    <\/div>\r\n\r\n    <figure>\r\n    <img decoding=\"async\" width=\"768\" height=\"768\" src=\"https:\/\/talkpal.ai\/wp-content\/uploads\/2023\/06\/marathi-768x768.png\" class=\"languageImage no-lazy\" alt=\"Fun ways to make language learning interesting\" fetchpriority=\"high\" sizes=\"(max-width: 768px) 150px, 768px\" srcset=\"https:\/\/talkpal.ai\/wp-content\/uploads\/2023\/06\/marathi-768x768.png 768w, https:\/\/talkpal.ai\/wp-content\/uploads\/2023\/06\/marathi-300x300.png 300w\" \/>\r\n    \r\n\r\n    <\/figure>\r\n\r\n            <a class=\"getStartedVisible\" href=\"https:\/\/app.talkpal.ai\/signup?lng=\">Ba\u015fla<\/a>\r\n    \r\n<\/section>\r\n\r\n\r\n<!-- <section class=\"grammarSection\">\r\n    <div class=\"grammarLinks\">\r\n            <\/div>\r\n<\/section> -->\r\n\r\n\r\n\r\n\r\n<section class=\"promotionalBanner\">\r\n    <p class=\"promotionalText\">Dil \u00f6yr\u0259nm\u0259yin \u0259n t\u0259sirli yolu<\/p>\r\n    <a class=\"promotionalLink\" href=\"https:\/\/app.talkpal.ai\/signup?lng=\">Talkpal pulsuz s\u0131nay\u0131n<\/a>\r\n<\/section>\n<div class=\"wp-block-group pageContainerStyle\"><div class=\"wp-block-group__inner-container is-layout-constrained wp-block-group-is-layout-constrained\">\n<h2 class=\"wp-block-heading\" id=\"h-marathi-grammar-topics\">Marathi dili Qrammatika M\u00f6vzular\u0131<\/h2>\n\n\n\n<p>\u0130ndo-Aryan dili olan Marathi dili \u0259sas\u0259n Hindistan\u0131n Mahara\u015ftra \u015ftat\u0131nda dan\u0131\u015f\u0131l\u0131r v\u0259 b\u00f6lg\u0259nin r\u0259smi dilidir. Maratini \u00f6yr\u0259nm\u0259k z\u0259ngin bir t\u0259cr\u00fcb\u0259 ola bil\u0259r, \u00e7\u00fcnki z\u0259ngin m\u0259d\u0259niyy\u0259t\u0259, tarix\u0259 v\u0259 \u0259d\u0259biyyata qap\u0131 a\u00e7\u0131r. Marathi dilini m\u0259har\u0259tl\u0259 \u00f6yr\u0259nm\u0259k \u00fc\u00e7\u00fcn dilin qrammatikas\u0131, s\u00f6z ehtiyat\u0131 v\u0259 t\u0259l\u0259ff\u00fcz\u00fc kimi m\u00fcxt\u0259lif aspektl\u0259rin\u0259 diqq\u0259t ed\u0259n strukturla\u015fd\u0131r\u0131lm\u0131\u015f yana\u015fman\u0131n olmas\u0131 vacibdir. Bu m\u0259qal\u0259 siz\u0259 marathi <a href=\"https:\/\/talkpal.ai\/grammar\/\">qrammatika<\/a> m\u00f6vzular\u0131n\u0131 \u00f6yr\u0259nm\u0259k ard\u0131c\u0131ll\u0131\u011f\u0131 il\u0259 istiqam\u0259t ver\u0259c\u0259k. G\u0259rgin, feil, isiml\u0259rd\u0259n ba\u015flayaraq, \u015f\u0259rt v\u0259 prepozisiya kimi daha qabaqc\u0131l anlay\u0131\u015flara ke\u00e7\u0259c\u0259ksiniz.<\/p>\n\n\n\n<h3 class=\"wp-block-heading\" id=\"h-1-tenses\">1. G\u0259rginlikl\u0259r:<\/h3>\n\n\n\n<p>G\u0259rginlikl\u0259r ist\u0259nil\u0259n dilin bel s\u00fcm\u00fcy\u00fcd\u00fcr, bel\u0259 ki, onlar zamanla \u0259laq\u0259dar h\u0259r\u0259k\u0259tl\u0259ri v\u0259 ya \u015ftatlar\u0131 ifad\u0259 etm\u0259y\u0259 k\u00f6m\u0259k edir. Maratda \u00fc\u00e7 \u0259sas g\u0259rginlik var \u2013 ke\u00e7mi\u015f, indiki v\u0259 g\u0259l\u0259c\u0259k. H\u0259r bir g\u0259rginlik h\u0259r\u0259k\u0259t tipin\u0259 (sad\u0259, fasil\u0259siz, m\u00fck\u0259mm\u0259l v\u0259 ya m\u00fck\u0259mm\u0259l davaml\u0131) \u0259saslanan m\u00fcxt\u0259lif formalara malikdir. \u018fvv\u0259lc\u0259 sad\u0259 g\u0259rginliyi \u00f6yr\u0259nin, sonra is\u0259 daha m\u00fcr\u0259kk\u0259b g\u0259rginlikl\u0259r\u0259 do\u011fru ir\u0259lil\u0259y\u0259k.<\/p>\n\n\n\n<h3 class=\"wp-block-heading\" id=\"h-2-tense-comparison\">2. G\u0259rgin m\u00fcqayis\u0259:<\/h3>\n\n\n\n<p>\u018fsas g\u0259rginlikl\u0259ri anlad\u0131qdan sonra onlar\u0131 m\u00fcqayis\u0259 etm\u0259yi \u00f6yr\u0259nm\u0259k olduqca vacibdir. G\u0259rgin m\u00fcqayis\u0259 eyni vaxtda v\u0259 ya m\u00fcxt\u0259lif zaman \u00e7\u0259r\u00e7iv\u0259sind\u0259 ba\u015f ver\u0259n \u00e7oxsayl\u0131 h\u0259r\u0259k\u0259tl\u0259r v\u0259 ya hadis\u0259l\u0259r haqq\u0131nda dan\u0131\u015fma\u011fa imkan verir. Bu, m\u00fcr\u0259kk\u0259b c\u00fcml\u0259l\u0259rin yaranmas\u0131na v\u0259 daha geni\u015f fikir ifad\u0259 etm\u0259y\u0259 k\u00f6m\u0259k edir.<\/p>\n\n\n\n<h3 class=\"wp-block-heading\" id=\"h-3-verbs\">3. Feill\u0259r:<\/h3>\n\n\n\n<p>Feill\u0259r &#8211; h\u0259r\u0259k\u0259t v\u0259 ya v\u0259ziyy\u0259ti c\u00fcml\u0259d\u0259 bildir\u0259n h\u0259r\u0259k\u0259t s\u00f6zl\u0259ridir. Maratda feill\u0259r g\u0259rgin, aspektli, \u0259hval-ruhiyy\u0259li v\u0259 s\u0259s bildir\u0259n inflektdir. C\u00fcml\u0259nin in\u015fa etm\u0259k bacar\u0131\u011f\u0131n\u0131 art\u0131rmaq \u00fc\u00e7\u00fcn \u0259sas feli konjuqasiya qaydalar\u0131n\u0131 v\u0259 m\u00fcxt\u0259lif feil formalar\u0131n\u0131 \u00f6yr\u0259n.<\/p>\n\n\n\n<h3 class=\"wp-block-heading\" id=\"h-4-nouns\">4. Nouns:<\/h3>\n\n\n\n<p>Nounlar insanlar\u0131, m\u0259kanlar\u0131, \u015feyl\u0259ri v\u0259 ya fikirl\u0259ri bildir\u0259n s\u00f6zl\u0259rdir. Marathi nouns cins\u0259 (masculine, feminine v\u0259 ya neuter) malikdir v\u0259 \u0259d\u0259d (t\u0259k v\u0259 ya \u00e7oxluq) v\u0259 case (birba\u015fa, oblique v\u0259 ya possessive) \u00fc\u00e7\u00fcn inflected olunur. C\u00fcml\u0259d\u0259 m\u00fcxt\u0259lif noun formalar\u0131 v\u0259 onlar\u0131n istifad\u0259 formalar\u0131 il\u0259 tan\u0131\u015f ol.<\/p>\n\n\n\n<h3 class=\"wp-block-heading\" id=\"h-5-articles\">5. M\u0259qal\u0259l\u0259r:<\/h3>\n\n\n\n<p>Marathi dilind\u0259 &#8216;a&#8217;, &#8216;an&#8217; v\u0259 ya &#8216;the&#8217; kimi m\u0259qal\u0259l\u0259r yoxdur. Lakin bu c\u00fcr m\u0259qs\u0259d\u0259 xidm\u0259t ed\u0259n s\u0259ciyy\u0259vi t\u0259l\u0259ff\u00fcz v\u0259 determinizml\u0259r m\u00f6vcuddur. Bu t\u0259l\u0259ff\u00fczl\u0259ri v\u0259 t\u0259yinedicil\u0259ri c\u00fcml\u0259d\u0259 nomonu t\u0259yin etm\u0259k v\u0259 ya m\u00fc\u0259yy\u0259n etm\u0259k \u00fc\u00e7\u00fcn nec\u0259 istifad\u0259 etm\u0259yi \u00f6yr\u0259n.<\/p>\n\n\n\n<h3 class=\"wp-block-heading\" id=\"h-6-pronouns-determiners\">6. Pronouns\/Determinl\u0259r:<\/h3>\n\n\n\n<p>1998-ci ild\u0259 ba\u015f ver\u0259n bir \u00e7ox yenil\u0259nm\u0259l\u0259r zaman\u0131, y\u0259ni 2000-ci ild\u0259 100-d\u0259n \u00e7ox \u015f\u0259xs i\u015ftirak etmi\u015fdir. Marathid\u0259 pronouns v\u0259 determinl\u0259r \u0259v\u0259z etdikl\u0259ri v\u0259 ya d\u0259yi\u015fdirdikl\u0259ri noun il\u0259 cins v\u0259 r\u0259q\u0259ml\u0259 raz\u0131la\u015f\u0131rlar. C\u00fcml\u0259nin tikintisini yax\u015f\u0131la\u015fd\u0131rmaq \u00fc\u00e7\u00fcn m\u00fcxt\u0259lif formalar\u0131 v\u0259 onlar\u0131n m\u00fcvafiq istifad\u0259sini \u00f6yr\u0259nin.<\/p>\n\n\n\n<h3 class=\"wp-block-heading\" id=\"h-7-adjectives\">7. Adjectives:<\/h3>\n\n\n\n<p>Adjectives nouns t\u0259svir v\u0259 ya d\u0259yi\u015fdirm\u0259k, onlar\u0131n keyfiyy\u0259tl\u0259ri v\u0259 ya x\u00fcsusiyy\u0259tl\u0259ri haqq\u0131nda \u0259lav\u0259 m\u0259lumat verir. Marathid\u0259 adjectives cins v\u0259 \u0259d\u0259d olaraq d\u0259yi\u015fdirdikl\u0259ri noun il\u0259 raz\u0131la\u015f\u0131r. C\u00fcml\u0259l\u0259rd\u0259 m\u00fcxt\u0259lif adjectiv formalar\u0131 v\u0259 onlar\u0131n d\u00fczg\u00fcn istifad\u0259sini \u00f6yr\u0259nin.<\/p>\n\n\n\n<h3 class=\"wp-block-heading\" id=\"h-8-adverbs\">8. Adverbl\u0259r:<\/h3>\n\n\n\n<p>Adverbs feill\u0259r, adjectives v\u0259 ya dig\u0259r adverbsl\u0259r haqq\u0131nda \u0259lav\u0259 m\u0259lumat verir, n\u0259 vaxt, n\u0259 vaxt, harada v\u0259 n\u0259 d\u0259r\u0259c\u0259d\u0259 ba\u015f verdiyini t\u0259svir edir. Dil bacar\u0131qlar\u0131n\u0131z\u0131 art\u0131rmaq \u00fc\u00e7\u00fcn m\u00fcxt\u0259lif n\u00f6v reklamlar\u0131 v\u0259 onlar\u0131n c\u00fcml\u0259l\u0259rd\u0259 yerl\u0259\u015fdirilm\u0259sini \u00f6yr\u0259nin.<\/p>\n\n\n\n<h3 class=\"wp-block-heading\" id=\"h-9-conditionals\">9. \u015e\u0259rti olaraq:<\/h3>\n\n\n\n<p>\u015e\u0259rtil\u0259r hipotetik v\u0259ziyy\u0259tl\u0259ri v\u0259 ya \u015f\u0259rtl\u0259ri v\u0259 onlar\u0131n m\u00fcmk\u00fcn n\u0259tic\u0259l\u0259rini ifad\u0259 edir. Marathid\u0259 \u015f\u0259rti olaraq 3 c\u00fcr olur \u2013 real, qeyri-real v\u0259 qar\u0131\u015f\u0131q. M\u00fcr\u0259kk\u0259b fikir v\u0259 situasiyalar\u0131 ifad\u0259 etm\u0259k \u00fc\u00e7\u00fcn h\u0259r bir n\u00f6v\u00fcn qurulu\u015funu v\u0259 istifad\u0259sini \u00f6yr\u0259nin.<\/p>\n\n\n\n<h3 class=\"wp-block-heading\" id=\"h-10-prepositions\">10. Prepozisiyalar:<\/h3>\n\n\n\n<p>Prepozisiyalar &#8211; c\u00fcml\u0259d\u0259 noun (v\u0259 ya t\u0259l\u0259ff\u00fcz) v\u0259 dig\u0259r s\u00f6zl\u0259r aras\u0131ndak\u0131 \u0259laq\u0259ni g\u00f6st\u0259r\u0259n s\u00f6zl\u0259rdir. M\u0259kan, istiqam\u0259t, zaman v\u0259 ya dig\u0259r m\u00fcnasib\u0259tl\u0259ri g\u00f6st\u0259rir. Maratinin \u00fcmumi prepozisiyalar\u0131n\u0131 v\u0259 onlar\u0131n c\u00fcml\u0259d\u0259 istifad\u0259sini \u00f6yr\u0259nin.<\/p>\n\n\n\n<h3 class=\"wp-block-heading\" id=\"h-11-sentences\">11. C\u00fcml\u0259l\u0259r:<\/h3>\n\n\n\n<p>N\u0259hay\u0259t, \u00f6yr\u0259ndiyiniz qrammatik qaydalar v\u0259 s\u00f6z ehtiyat\u0131ndan istifad\u0259 ed\u0259r\u0259k sad\u0259 v\u0259 m\u00fcr\u0259kk\u0259b c\u00fcml\u0259l\u0259r \u0259m\u0259l\u0259 g\u0259tirirsiniz. C\u00fcml\u0259 qurulu\u015funa diqq\u0259t yetirin.<\/p>\n<\/div><\/div>\n\r\n<section class=\"learnNavigationSection\">\r\n            \r\n        <a href=\"https:\/\/talkpal.ai\/az\/marathi-oyr%c9%99n\/\">\r\n            <div class=\"learnNavigationWrapper\">\r\n                <div class=\"learnNavigationContent\">\r\n                    <img decoding=\"async\" src=\"https:\/\/talkpal.ai\/wp-content\/uploads\/2023\/05\/Marathi-india.png\" alt=\"TalkPal Marathi Flag\">\r\n                    <div>\r\n                        <h4>Marathi \u00d6yr\u0259nilm\u0259si Haqq\u0131nda<\/h4>\r\n                        <p>Marathi qrammatikas\u0131 haqq\u0131nda h\u0259r \u015feyi \u00f6yr\u0259nin .<\/p>\r\n                    <\/div>\r\n                <\/div>\r\n            <\/div>\r\n        <\/a>\r\n\r\n        \r\n        <a href=\"https:\/\/talkpal.ai\/az\/marat-dili-qrammatikasi\/\">\r\n            <div class=\"learnNavigationWrapper\">\r\n                <div class=\"learnNavigationContent\">\r\n                    <img decoding=\"async\" src=\"https:\/\/talkpal.ai\/wp-content\/uploads\/2023\/05\/Marathi-india.png\" alt=\"TalkPal Marathi Flag\">\r\n                    <div>\r\n                        <h4>Marathi Qrammatikas\u0131 D\u0259rsl\u0259ri<\/h4>\r\n                        <p>Marathi qrammatikas\u0131 praktikas\u0131.<\/p>\r\n                    <\/div>\r\n                <\/div>\r\n            <\/div>\r\n        <\/a>\r\n\r\n        \r\n        <a href=\"https:\/\/talkpal.ai\/vocabulary_language\/marathi\/\">\r\n            <div class=\"learnNavigationWrapper\">\r\n                <div class=\"learnNavigationContent\">\r\n                    <img decoding=\"async\" src=\"https:\/\/talkpal.ai\/wp-content\/uploads\/2023\/05\/Marathi-india.png\" alt=\"TalkPal Marathi Flag\">\r\n                    <div>\r\n                        <h4>Marathi l\u00fc\u011f\u0259ti<\/h4>\r\n                        <p>Marathi l\u00fc\u011f\u0259tinizi geni\u015fl\u0259ndirin.<\/p>\r\n                    <\/div>\r\n                <\/div>\r\n            <\/div>\r\n        <\/a>\r\n\r\n            <\/section>","protected":false},"excerpt":{"rendered":"<p>Marathi dili Qrammatika M\u00f6vzular\u0131 \u0130ndo-Aryan dili olan Marathi dili \u0259sas\u0259n Hindistan\u0131n Mahara\u015ftra \u015ftat\u0131nda dan\u0131\u015f\u0131l\u0131r v\u0259 b\u00f6lg\u0259nin r\u0259smi dilidir. Maratini \u00f6yr\u0259nm\u0259k z\u0259ngin bir t\u0259cr\u00fcb\u0259 ola bil\u0259r, \u00e7\u00fcnki z\u0259ngin m\u0259d\u0259niyy\u0259t\u0259, tarix\u0259 v\u0259 \u0259d\u0259biyyata qap\u0131 a\u00e7\u0131r. Marathi dilini m\u0259har\u0259tl\u0259 \u00f6yr\u0259nm\u0259k \u00fc\u00e7\u00fcn dilin qrammatikas\u0131, s\u00f6z ehtiyat\u0131 v\u0259 t\u0259l\u0259ff\u00fcz\u00fc kimi m\u00fcxt\u0259lif aspektl\u0259rin\u0259 diqq\u0259t ed\u0259n strukturla\u015fd\u0131r\u0131lm\u0131\u015f yana\u015fman\u0131n olmas\u0131 vacibdir. Bu m\u0259qal\u0259 [&hellip;]<\/p>\n","protected":false},"author":6,"featured_media":116370,"parent":0,"menu_order":0,"comment_status":"closed","ping_status":"closed","template":"LearningContentPage.php","meta":{"_acf_changed":false,"footnotes":""},"class_list":["post-159288","page","type-page","status-publish","has-post-thumbnail","hentry"],"acf":[],"yoast_head":"<!-- This site is optimized with the Yoast SEO Premium plugin v27.2 (Yoast SEO v27.2) - https:\/\/yoast.com\/product\/yoast-seo-premium-wordpress\/ -->\n<title>Marathi Qrammatika M\u0259\u015fql\u0259ri - Talkpal<\/title>\n<meta name=\"description\" content=\"B\u00fct\u00fcn s\u0259viyy\u0259l\u0259rd\u0259 \u00f6yr\u0259n\u0259nl\u0259r \u00fc\u00e7\u00fcn n\u0259z\u0259rd\u0259 tutulmu\u015f c\u0259lbedici Marathi qrammatikas\u0131 m\u0259\u015fql\u0259ri il\u0259 Marathi dili bacar\u0131qlar\u0131n\u0131z\u0131 art\u0131r\u0131n.\" \/>\n<meta name=\"robots\" content=\"index, follow, max-snippet:-1, max-image-preview:large, max-video-preview:-1\" \/>\n<link rel=\"canonical\" href=\"https:\/\/talkpal.ai\/az\/marathi-qrammatika-m%c9%99sql%c9%99ri\/\" \/>\n<meta property=\"og:locale\" content=\"az_AZ\" \/>\n<meta property=\"og:type\" content=\"article\" \/>\n<meta property=\"og:title\" content=\"Marathi Qrammatika M\u0259\u015fql\u0259ri\" \/>\n<meta property=\"og:description\" content=\"Marathi dili Qrammatika M\u00f6vzular\u0131 \u0130ndo-Aryan dili olan Marathi dili \u0259sas\u0259n Hindistan\u0131n Mahara\u015ftra \u015ftat\u0131nda dan\u0131\u015f\u0131l\u0131r v\u0259 b\u00f6lg\u0259nin r\u0259smi dilidir. Maratini\" \/>\n<meta property=\"og:url\" content=\"https:\/\/talkpal.ai\/az\/marathi-qrammatika-m%c9%99sql%c9%99ri\/\" \/>\n<meta property=\"og:site_name\" content=\"Talkpal\" \/>\n<meta property=\"article:publisher\" content=\"https:\/\/www.facebook.com\/profile.php?id=100090733639311\" \/>\n<meta property=\"article:modified_time\" content=\"2025-12-17T15:13:14+00:00\" \/>\n<meta property=\"og:image\" content=\"https:\/\/talkpal.ai\/wp-content\/uploads\/2023\/05\/Marathi-india.png\" \/>\n\t<meta property=\"og:image:width\" content=\"512\" \/>\n\t<meta property=\"og:image:height\" content=\"512\" \/>\n\t<meta property=\"og:image:type\" content=\"image\/png\" \/>\n<meta name=\"twitter:card\" content=\"summary_large_image\" \/>\n<meta name=\"twitter:site\" content=\"@talkpalai\" \/>\n<meta name=\"twitter:label1\" content=\"Est. reading time\" \/>\n\t<meta name=\"twitter:data1\" content=\"4 minutes\" \/>\n<script type=\"application\/ld+json\" class=\"yoast-schema-graph\">{\"@context\":\"https:\/\/schema.org\",\"@graph\":[{\"@type\":\"WebPage\",\"@id\":\"https:\/\/talkpal.ai\/az\/marathi-qrammatika-m%c9%99sql%c9%99ri\/\",\"url\":\"https:\/\/talkpal.ai\/az\/marathi-qrammatika-m%c9%99sql%c9%99ri\/\",\"name\":\"Marathi Qrammatika M\u0259\u015fql\u0259ri - Talkpal\",\"isPartOf\":{\"@id\":\"https:\/\/talkpal.ai\/az\/#website\"},\"primaryImageOfPage\":{\"@id\":\"https:\/\/talkpal.ai\/az\/marathi-qrammatika-m%c9%99sql%c9%99ri\/#primaryimage\"},\"image\":{\"@id\":\"https:\/\/talkpal.ai\/az\/marathi-qrammatika-m%c9%99sql%c9%99ri\/#primaryimage\"},\"thumbnailUrl\":\"https:\/\/talkpal.ai\/wp-content\/uploads\/2023\/05\/Marathi-india.png\",\"datePublished\":\"2023-06-22T08:37:16+00:00\",\"dateModified\":\"2025-12-17T15:13:14+00:00\",\"description\":\"B\u00fct\u00fcn s\u0259viyy\u0259l\u0259rd\u0259 \u00f6yr\u0259n\u0259nl\u0259r \u00fc\u00e7\u00fcn n\u0259z\u0259rd\u0259 tutulmu\u015f c\u0259lbedici Marathi qrammatikas\u0131 m\u0259\u015fql\u0259ri il\u0259 Marathi dili bacar\u0131qlar\u0131n\u0131z\u0131 art\u0131r\u0131n.\",\"breadcrumb\":{\"@id\":\"https:\/\/talkpal.ai\/az\/marathi-qrammatika-m%c9%99sql%c9%99ri\/#breadcrumb\"},\"inLanguage\":\"az\",\"potentialAction\":[{\"@type\":\"ReadAction\",\"target\":[\"https:\/\/talkpal.ai\/az\/marathi-qrammatika-m%c9%99sql%c9%99ri\/\"]}]},{\"@type\":\"ImageObject\",\"inLanguage\":\"az\",\"@id\":\"https:\/\/talkpal.ai\/az\/marathi-qrammatika-m%c9%99sql%c9%99ri\/#primaryimage\",\"url\":\"https:\/\/talkpal.ai\/wp-content\/uploads\/2023\/05\/Marathi-india.png\",\"contentUrl\":\"https:\/\/talkpal.ai\/wp-content\/uploads\/2023\/05\/Marathi-india.png\",\"width\":512,\"height\":512},{\"@type\":\"BreadcrumbList\",\"@id\":\"https:\/\/talkpal.ai\/az\/marathi-qrammatika-m%c9%99sql%c9%99ri\/#breadcrumb\",\"itemListElement\":[{\"@type\":\"ListItem\",\"position\":1,\"name\":\"Homepage\",\"item\":\"https:\/\/talkpal.ai\/az\/\"},{\"@type\":\"ListItem\",\"position\":2,\"name\":\"Marathi Qrammatika M\u0259\u015fql\u0259ri\"}]},{\"@type\":\"WebSite\",\"@id\":\"https:\/\/talkpal.ai\/az\/#website\",\"url\":\"https:\/\/talkpal.ai\/az\/\",\"name\":\"Talkpal\",\"description\":\"AI Language Learning\",\"publisher\":{\"@id\":\"https:\/\/talkpal.ai\/az\/#organization\"},\"alternateName\":\"Talkpal AI\",\"potentialAction\":[{\"@type\":\"SearchAction\",\"target\":{\"@type\":\"EntryPoint\",\"urlTemplate\":\"https:\/\/talkpal.ai\/az\/?s={search_term_string}\"},\"query-input\":{\"@type\":\"PropertyValueSpecification\",\"valueRequired\":true,\"valueName\":\"search_term_string\"}}],\"inLanguage\":\"az\"},{\"@type\":\"Organization\",\"@id\":\"https:\/\/talkpal.ai\/az\/#organization\",\"name\":\"Talkpal, Inc.\",\"alternateName\":\"Talkpal AI\",\"url\":\"https:\/\/talkpal.ai\/az\/\",\"logo\":{\"@type\":\"ImageObject\",\"inLanguage\":\"az\",\"@id\":\"https:\/\/talkpal.ai\/az\/#\/schema\/logo\/image\/\",\"url\":\"https:\/\/talkpal.ai\/wp-content\/uploads\/2024\/03\/Talkpal-Logo-Icon.png\",\"contentUrl\":\"https:\/\/talkpal.ai\/wp-content\/uploads\/2024\/03\/Talkpal-Logo-Icon.png\",\"width\":2880,\"height\":2880,\"caption\":\"Talkpal, Inc.\"},\"image\":{\"@id\":\"https:\/\/talkpal.ai\/az\/#\/schema\/logo\/image\/\"},\"sameAs\":[\"https:\/\/www.facebook.com\/profile.php?id=100090733639311\",\"https:\/\/x.com\/talkpalai\",\"https:\/\/www.linkedin.com\/company\/talkpal\/\",\"https:\/\/www.youtube.com\/@TalkPal\/\",\"https:\/\/www.tiktok.com\/@talkpal\",\"https:\/\/www.instagram.com\/talkpal_ai\/\",\"https:\/\/www.crunchbase.com\/organization\/talkpal-9cde\",\"https:\/\/www.g2.com\/products\/talkpal-for-business\/\",\"https:\/\/www.trustpilot.com\/review\/talkpal.ai\",\"https:\/\/www.capterra.com\/p\/10006800\/TalkPal\/\"],\"description\":\"Talkpal is a language learning web and mobile education app, powered by the latest AI technologies, that provides engaging experiences to its customers in many different languages to help them improve their language skills. Users can chat about unlimited amount of topics with the app and use other modes to practice their language learning.\",\"email\":\"support@talkpal.ai\",\"legalName\":\"Talkpal, Inc.\",\"foundingDate\":\"2023-04-03\",\"duns\":\"118989042\",\"numberOfEmployees\":{\"@type\":\"QuantitativeValue\",\"minValue\":\"11\",\"maxValue\":\"50\"},\"publishingPrinciples\":\"https:\/\/talkpal.ai\/publishing-principles\/\",\"actionableFeedbackPolicy\":\"https:\/\/talkpal.ai\/actionable-feedback-policy\/\",\"correctionsPolicy\":\"https:\/\/talkpal.ai\/corrections-policy\/\",\"ethicsPolicy\":\"https:\/\/talkpal.ai\/ethics-policy\/\",\"diversityPolicy\":\"https:\/\/talkpal.ai\/diversity-policy\/\",\"diversityStaffingReport\":\"https:\/\/talkpal.ai\/diversity-policy\/\"}]}<\/script>\n<!-- \/ Yoast SEO Premium plugin. -->","yoast_head_json":{"title":"Marathi Qrammatika M\u0259\u015fql\u0259ri - Talkpal","description":"B\u00fct\u00fcn s\u0259viyy\u0259l\u0259rd\u0259 \u00f6yr\u0259n\u0259nl\u0259r \u00fc\u00e7\u00fcn n\u0259z\u0259rd\u0259 tutulmu\u015f c\u0259lbedici Marathi qrammatikas\u0131 m\u0259\u015fql\u0259ri il\u0259 Marathi dili bacar\u0131qlar\u0131n\u0131z\u0131 art\u0131r\u0131n.","robots":{"index":"index","follow":"follow","max-snippet":"max-snippet:-1","max-image-preview":"max-image-preview:large","max-video-preview":"max-video-preview:-1"},"canonical":"https:\/\/talkpal.ai\/az\/marathi-qrammatika-m%c9%99sql%c9%99ri\/","og_locale":"az_AZ","og_type":"article","og_title":"Marathi Qrammatika M\u0259\u015fql\u0259ri","og_description":"Marathi dili Qrammatika M\u00f6vzular\u0131 \u0130ndo-Aryan dili olan Marathi dili \u0259sas\u0259n Hindistan\u0131n Mahara\u015ftra \u015ftat\u0131nda dan\u0131\u015f\u0131l\u0131r v\u0259 b\u00f6lg\u0259nin r\u0259smi dilidir. Maratini","og_url":"https:\/\/talkpal.ai\/az\/marathi-qrammatika-m%c9%99sql%c9%99ri\/","og_site_name":"Talkpal","article_publisher":"https:\/\/www.facebook.com\/profile.php?id=100090733639311","article_modified_time":"2025-12-17T15:13:14+00:00","og_image":[{"width":512,"height":512,"url":"https:\/\/talkpal.ai\/wp-content\/uploads\/2023\/05\/Marathi-india.png","type":"image\/png"}],"twitter_card":"summary_large_image","twitter_site":"@talkpalai","twitter_misc":{"Est. reading time":"4 minutes"},"schema":{"@context":"https:\/\/schema.org","@graph":[{"@type":"WebPage","@id":"https:\/\/talkpal.ai\/az\/marathi-qrammatika-m%c9%99sql%c9%99ri\/","url":"https:\/\/talkpal.ai\/az\/marathi-qrammatika-m%c9%99sql%c9%99ri\/","name":"Marathi Qrammatika M\u0259\u015fql\u0259ri - Talkpal","isPartOf":{"@id":"https:\/\/talkpal.ai\/az\/#website"},"primaryImageOfPage":{"@id":"https:\/\/talkpal.ai\/az\/marathi-qrammatika-m%c9%99sql%c9%99ri\/#primaryimage"},"image":{"@id":"https:\/\/talkpal.ai\/az\/marathi-qrammatika-m%c9%99sql%c9%99ri\/#primaryimage"},"thumbnailUrl":"https:\/\/talkpal.ai\/wp-content\/uploads\/2023\/05\/Marathi-india.png","datePublished":"2023-06-22T08:37:16+00:00","dateModified":"2025-12-17T15:13:14+00:00","description":"B\u00fct\u00fcn s\u0259viyy\u0259l\u0259rd\u0259 \u00f6yr\u0259n\u0259nl\u0259r \u00fc\u00e7\u00fcn n\u0259z\u0259rd\u0259 tutulmu\u015f c\u0259lbedici Marathi qrammatikas\u0131 m\u0259\u015fql\u0259ri il\u0259 Marathi dili bacar\u0131qlar\u0131n\u0131z\u0131 art\u0131r\u0131n.","breadcrumb":{"@id":"https:\/\/talkpal.ai\/az\/marathi-qrammatika-m%c9%99sql%c9%99ri\/#breadcrumb"},"inLanguage":"az","potentialAction":[{"@type":"ReadAction","target":["https:\/\/talkpal.ai\/az\/marathi-qrammatika-m%c9%99sql%c9%99ri\/"]}]},{"@type":"ImageObject","inLanguage":"az","@id":"https:\/\/talkpal.ai\/az\/marathi-qrammatika-m%c9%99sql%c9%99ri\/#primaryimage","url":"https:\/\/talkpal.ai\/wp-content\/uploads\/2023\/05\/Marathi-india.png","contentUrl":"https:\/\/talkpal.ai\/wp-content\/uploads\/2023\/05\/Marathi-india.png","width":512,"height":512},{"@type":"BreadcrumbList","@id":"https:\/\/talkpal.ai\/az\/marathi-qrammatika-m%c9%99sql%c9%99ri\/#breadcrumb","itemListElement":[{"@type":"ListItem","position":1,"name":"Homepage","item":"https:\/\/talkpal.ai\/az\/"},{"@type":"ListItem","position":2,"name":"Marathi Qrammatika M\u0259\u015fql\u0259ri"}]},{"@type":"WebSite","@id":"https:\/\/talkpal.ai\/az\/#website","url":"https:\/\/talkpal.ai\/az\/","name":"Talkpal","description":"AI Language Learning","publisher":{"@id":"https:\/\/talkpal.ai\/az\/#organization"},"alternateName":"Talkpal AI","potentialAction":[{"@type":"SearchAction","target":{"@type":"EntryPoint","urlTemplate":"https:\/\/talkpal.ai\/az\/?s={search_term_string}"},"query-input":{"@type":"PropertyValueSpecification","valueRequired":true,"valueName":"search_term_string"}}],"inLanguage":"az"},{"@type":"Organization","@id":"https:\/\/talkpal.ai\/az\/#organization","name":"Talkpal, Inc.","alternateName":"Talkpal AI","url":"https:\/\/talkpal.ai\/az\/","logo":{"@type":"ImageObject","inLanguage":"az","@id":"https:\/\/talkpal.ai\/az\/#\/schema\/logo\/image\/","url":"https:\/\/talkpal.ai\/wp-content\/uploads\/2024\/03\/Talkpal-Logo-Icon.png","contentUrl":"https:\/\/talkpal.ai\/wp-content\/uploads\/2024\/03\/Talkpal-Logo-Icon.png","width":2880,"height":2880,"caption":"Talkpal, Inc."},"image":{"@id":"https:\/\/talkpal.ai\/az\/#\/schema\/logo\/image\/"},"sameAs":["https:\/\/www.facebook.com\/profile.php?id=100090733639311","https:\/\/x.com\/talkpalai","https:\/\/www.linkedin.com\/company\/talkpal\/","https:\/\/www.youtube.com\/@TalkPal\/","https:\/\/www.tiktok.com\/@talkpal","https:\/\/www.instagram.com\/talkpal_ai\/","https:\/\/www.crunchbase.com\/organization\/talkpal-9cde","https:\/\/www.g2.com\/products\/talkpal-for-business\/","https:\/\/www.trustpilot.com\/review\/talkpal.ai","https:\/\/www.capterra.com\/p\/10006800\/TalkPal\/"],"description":"Talkpal is a language learning web and mobile education app, powered by the latest AI technologies, that provides engaging experiences to its customers in many different languages to help them improve their language skills. Users can chat about unlimited amount of topics with the app and use other modes to practice their language learning.","email":"support@talkpal.ai","legalName":"Talkpal, Inc.","foundingDate":"2023-04-03","duns":"118989042","numberOfEmployees":{"@type":"QuantitativeValue","minValue":"11","maxValue":"50"},"publishingPrinciples":"https:\/\/talkpal.ai\/publishing-principles\/","actionableFeedbackPolicy":"https:\/\/talkpal.ai\/actionable-feedback-policy\/","correctionsPolicy":"https:\/\/talkpal.ai\/corrections-policy\/","ethicsPolicy":"https:\/\/talkpal.ai\/ethics-policy\/","diversityPolicy":"https:\/\/talkpal.ai\/diversity-policy\/","diversityStaffingReport":"https:\/\/talkpal.ai\/diversity-policy\/"}]}},"_links":{"self":[{"href":"https:\/\/talkpal.ai\/az\/wp-json\/wp\/v2\/pages\/159288","targetHints":{"allow":["GET"]}}],"collection":[{"href":"https:\/\/talkpal.ai\/az\/wp-json\/wp\/v2\/pages"}],"about":[{"href":"https:\/\/talkpal.ai\/az\/wp-json\/wp\/v2\/types\/page"}],"author":[{"embeddable":true,"href":"https:\/\/talkpal.ai\/az\/wp-json\/wp\/v2\/users\/6"}],"replies":[{"embeddable":true,"href":"https:\/\/talkpal.ai\/az\/wp-json\/wp\/v2\/comments?post=159288"}],"version-history":[{"count":0,"href":"https:\/\/talkpal.ai\/az\/wp-json\/wp\/v2\/pages\/159288\/revisions"}],"wp:featuredmedia":[{"embeddable":true,"href":"https:\/\/talkpal.ai\/az\/wp-json\/wp\/v2\/media\/116370"}],"wp:attachment":[{"href":"https:\/\/talkpal.ai\/az\/wp-json\/wp\/v2\/media?parent=159288"}],"curies":[{"name":"wp","href":"https:\/\/api.w.org\/{rel}","templated":true}]}}