{"id":158135,"date":"2023-06-27T08:51:37","date_gmt":"2023-06-27T08:51:37","guid":{"rendered":"http:\/\/talkpal.ai\/fars-dilinin-qrammatikasi-m%c9%99sg%c9%99l%c9%99l%c9%99ri\/"},"modified":"2025-12-17T15:26:44","modified_gmt":"2025-12-17T15:26:44","slug":"fars-dilinin-qrammatikasi-m%c9%99sg%c9%99l%c9%99l%c9%99ri","status":"publish","type":"page","link":"https:\/\/talkpal.ai\/az\/fars-dilinin-qrammatikasi-m%c9%99sg%c9%99l%c9%99l%c9%99ri\/","title":{"rendered":"Fars dilinin qrammatikas\u0131 m\u0259\u015f\u011f\u0259l\u0259l\u0259ri"},"content":{"rendered":"\r\n\r\n\r\n<section class=\"languageChallengeSection\">\r\n    <div class=\"languageInfoWrapper\">\r\n        \r\n        <h1>Fars dilinin qrammatikas\u0131 m\u0259\u015f\u011f\u0259l\u0259l\u0259ri<\/h1>\r\n        <p>Farsca bacar\u0131qlar\u0131n\u0131z\u0131 art\u0131rma\u011fa haz\u0131rs\u0131n\u0131z? Qrammatik m\u0259\u015fql\u0259ri m\u0259\u015fq etm\u0259k c\u00fcml\u0259 qurulu\u015funu, fel formalar\u0131n\u0131 v\u0259 <a href=\"https:\/\/talkpal.ai\/learn-persian\/\">fars<\/a> dilinin \u0259sas n\u00fcmun\u0259l\u0259rini m\u0259nims\u0259m\u0259yin \u0259la yoludur. Bu g\u00fcn fars dilinin qrammatikas\u0131 \u00fcz\u0259rind\u0259 i\u015fl\u0259m\u0259y\u0259 ba\u015flay\u0131n v\u0259 h\u0259r yeni m\u0259\u015fql\u0259 anlay\u0131\u015f\u0131n\u0131z\u0131n v\u0259 inam\u0131n\u0131z\u0131n artmas\u0131n\u0131 izl\u0259yin!<\/p>\r\n\r\n                            <a class=\"getStartedHidden\" href=\"https:\/\/app.talkpal.ai\/signup?lng=\">Ba\u015fla<\/a>\r\n        \r\n    <\/div>\r\n\r\n    <figure>\r\n    <img decoding=\"async\" width=\"768\" height=\"768\" src=\"https:\/\/talkpal.ai\/wp-content\/uploads\/2023\/06\/persian-768x768.png\" class=\"languageImage no-lazy\" alt=\"Language learning to comprehend global news\" fetchpriority=\"high\" sizes=\"(max-width: 768px) 150px, 768px\" srcset=\"https:\/\/talkpal.ai\/wp-content\/uploads\/2023\/06\/persian-768x768.png 768w, https:\/\/talkpal.ai\/wp-content\/uploads\/2023\/06\/persian-300x300.png 300w\" \/>\r\n    \r\n\r\n    <\/figure>\r\n\r\n            <a class=\"getStartedVisible\" href=\"https:\/\/app.talkpal.ai\/signup?lng=\">Ba\u015fla<\/a>\r\n    \r\n<\/section>\r\n\r\n\r\n<!-- <section class=\"grammarSection\">\r\n    <div class=\"grammarLinks\">\r\n            <\/div>\r\n<\/section> -->\r\n\r\n\r\n\r\n\r\n<section class=\"promotionalBanner\">\r\n    <p class=\"promotionalText\">Dil \u00f6yr\u0259nm\u0259yin \u0259n t\u0259sirli yolu<\/p>\r\n    <a class=\"promotionalLink\" href=\"https:\/\/app.talkpal.ai\/signup?lng=\">Talkpal pulsuz s\u0131nay\u0131n<\/a>\r\n<\/section>\n<div class=\"wp-block-group pageContainerStyle\"><div class=\"wp-block-group__inner-container is-layout-constrained wp-block-group-is-layout-constrained\">\n<h2 class=\"wp-block-heading\" id=\"h-persian-grammar-topics\">Fars dilinin qrammatikas\u0131 m\u00f6vzular\u0131<\/h2>\n\n\n\n<p>Fars dilini <a href=\"https:\/\/talkpal.ai\/az\/oyr%c9%99nm%c9%99k\/\">\u00f6yr\u0259nm\u0259k<\/a>, fars dilini \u00f6yr\u0259nm\u0259k, fars dilini d\u0259 \u00f6yr\u0259nm\u0259k maraql\u0131 v\u0259 f\u0259r\u0259hl\u0259ndirici bir s\u0259yah\u0259t ola bil\u0259r. Bu, \u0130ran\u0131n v\u0259 farsdilli dig\u0259r b\u00f6lg\u0259l\u0259rin z\u0259ngin m\u0259d\u0259niyy\u0259tini v\u0259 tarixini anlamaq \u00fc\u00e7\u00fcn yeni imkanlar a\u00e7\u0131r. Fars dilinin qrammatikas\u0131na yiy\u0259l\u0259nm\u0259k bir \u015fagird kimi, bu dild\u0259 m\u00f6hk\u0259m t\u0259m\u0259l qurmaq \u00fc\u00e7\u00fcn z\u0259ruridir. Bu b\u0259l\u0259d\u00e7id\u0259 fars dilinin qrammatikas\u0131 il\u0259 ba\u011fl\u0131 m\u00fcxt\u0259lif aspektl\u0259ri, o c\u00fcml\u0259d\u0259n g\u0259rgin, feil, isim, m\u0259qal\u0259 v\u0259 dig\u0259r z\u0259ruri elementl\u0259ri ara\u015fd\u0131raca\u011f\u0131q. Bu, sizin \u00f6yr\u0259nm\u0259 prosesinizi sistemli v\u0259 effektiv \u015f\u0259kild\u0259 qurma\u011fa k\u00f6m\u0259k ed\u0259c\u0259k.<\/p>\n\n\n\n<h3 class=\"wp-block-heading\" id=\"h-1-nouns\">1. Nouns:<\/h3>\n\n\n\n<p>Farsca isiml\u0259rin \u0259saslar\u0131n\u0131, o c\u00fcml\u0259d\u0259n cinsini (b\u00fct\u00fcn fars isiml\u0259ri cinsi neytrald\u0131r), t\u0259k v\u0259 c\u0259m formalar\u0131n\u0131 v\u0259 isiml\u0259r aras\u0131nda sahiblik v\u0259 \u0259laq\u0259l\u0259ri g\u00f6st\u0259rm\u0259k \u00fc\u00e7\u00fcn \u201cezafe\u201dnin istifad\u0259sini \u00f6yr\u0259nm\u0259kl\u0259 ba\u015flay\u0131n.<\/p>\n\n\n\n<h3 class=\"wp-block-heading\" id=\"h-2-pronouns-determiners\">2. Pronouns\/Determinl\u0259r:<\/h3>\n\n\n\n<p>N\u0259zml\u0259rl\u0259 tan\u0131\u015f olduqdan sonra, t\u0259l\u0259ff\u00fcz v\u0259 t\u0259yinedici s\u00f6zl\u0259ri \u00f6yr\u0259nm\u0259y\u0259 t\u0259\u015fviq edin. Bu s\u0259n\u0259 fars dilind\u0259 insanlara v\u0259 \u0259\u015fyalara istinad etm\u0259yi, n\u00fcmayi\u015fkaran\u0259, e&#8217;tiqad\u00e7\u0131 v\u0259 kvatifatorlardan istifad\u0259 etm\u0259yi ba\u015fa d\u00fc\u015fm\u0259y\u0259 k\u00f6m\u0259k ed\u0259c\u0259k.<\/p>\n\n\n\n<h3 class=\"wp-block-heading\" id=\"h-3-adjectives\">3. Adjectives:<\/h3>\n\n\n\n<p>Adlardan istifad\u0259 ed\u0259r\u0259k sif\u0259tl\u0259ri, c\u00fcml\u0259d\u0259 yerl\u0259\u015fdirilm\u0259sini v\u0259 d\u0259yi\u015fdirdikl\u0259ri adlarla nec\u0259 raz\u0131la\u015fd\u0131qlar\u0131n\u0131 \u00f6yr\u0259nin.<\/p>\n\n\n\n<h3 class=\"wp-block-heading\" id=\"h-4-verbs\">4. Feill\u0259r:<\/h3>\n\n\n\n<p>Feill\u0259r ist\u0259nil\u0259n dilin bel s\u00fcm\u00fcy\u00fcd\u00fcr. Fars dili istisna deyil. Fars feli qurulu\u015funu v\u0259 sad\u0259 indiki g\u0259rginliyi ba\u015fa d\u00fc\u015fm\u0259kl\u0259 ba\u015flay\u0131n. Ba\u015fqa g\u0259rgin v\u0259 \u0259hval-ruhiyy\u0259y\u0259 ke\u00e7m\u0259zd\u0259n \u0259vv\u0259l.<\/p>\n\n\n\n<h3 class=\"wp-block-heading\" id=\"h-5-tense-comparison\">5. G\u0259rgin m\u00fcqayis\u0259:<\/h3>\n\n\n\n<p>Feill\u0259rin \u0259saslar\u0131n\u0131 v\u0259 sad\u0259 indiki g\u0259rginliyi \u00f6yr\u0259ndikd\u0259n sonra m\u00fcxt\u0259lif g\u0259rginlikl\u0259ri m\u00fcqayis\u0259 v\u0259 t\u0259zadl\u0131 \u015f\u0259kild\u0259 fars dilind\u0259 nec\u0259 i\u015fl\u0259dildikl\u0259rini ba\u015fa d\u00fc\u015fm\u0259k olar. Bura ke\u00e7mi\u015f, g\u0259l\u0259c\u0259k v\u0259 \u015f\u0259rti g\u0259rginlikl\u0259r daxildir.<\/p>\n\n\n\n<h3 class=\"wp-block-heading\" id=\"h-6-progressive-and-perfect-progressive\">6. M\u00fct\u0259r\u0259qqi v\u0259 m\u00fck\u0259mm\u0259l t\u0259r\u0259qqi:<\/h3>\n\n\n\n<p>Davam ed\u0259n v\u0259 ya tamamlanm\u0131\u015f h\u0259r\u0259k\u0259tl\u0259ri ifad\u0259 etm\u0259k \u00fc\u00e7\u00fcn fars feill\u0259rinin m\u00fct\u0259r\u0259qqi v\u0259 m\u00fck\u0259mm\u0259l m\u00fct\u0259r\u0259qqi c\u0259h\u0259tl\u0259rini \u00f6yr\u0259nin.<\/p>\n\n\n\n<h3 class=\"wp-block-heading\" id=\"h-7-adverbs\">7. Adverbl\u0259r:<\/h3>\n\n\n\n<p>Fars c\u00fcml\u0259l\u0259rin\u0259 n\u00fcans v\u0259 kontekst \u0259lav\u0259 etm\u0259k \u00fc\u00e7\u00fcn adverbsl\u0259r m\u00fctl\u0259qdir. Onlar\u0131n yerini, feill\u0259ri, adjectives v\u0259 dig\u0259r adverbl\u0259ri nec\u0259 d\u0259yi\u015fdirdikl\u0259rini \u00f6yr\u0259nin.<\/p>\n\n\n\n<h3 class=\"wp-block-heading\" id=\"h-8-conditionals\">8. \u015e\u0259rti olaraq:<\/h3>\n\n\n\n<p>Fars \u015f\u0259rti c\u00fcml\u0259l\u0259rini \u00f6yr\u0259n\u0259r\u0259k hipotetik v\u0259ziyy\u0259tl\u0259ri v\u0259 n\u0259tic\u0259l\u0259ri nec\u0259 ifad\u0259 etm\u0259yi ba\u015fa d\u00fc\u015f\u00fcn.<\/p>\n\n\n\n<h3 class=\"wp-block-heading\" id=\"h-9-prepositions\">9. Prepozisiyalar:<\/h3>\n\n\n\n<p>S\u00f6z v\u0259 ifad\u0259l\u0259r aras\u0131ndak\u0131 m\u00fcnasib\u0259tl\u0259ri c\u00fcml\u0259d\u0259 g\u00f6st\u0259rm\u0259k \u00fc\u00e7\u00fcn prepozisiyalar z\u0259ruridir. Fars dilind\u0259 \u0259n geni\u015f yay\u0131lm\u0131\u015f prepozisiyalar\u0131 v\u0259 onlardan d\u00fczg\u00fcn istifad\u0259 etm\u0259yi \u00f6yr\u0259nin.<\/p>\n\n\n\n<h3 class=\"wp-block-heading\" id=\"h-10-sentences\">10. C\u00fcml\u0259l\u0259r:<\/h3>\n\n\n\n<p>N\u0259hay\u0259t, fars dilinin qrammatikas\u0131n\u0131n b\u00fct\u00fcn elementl\u0259rini b\u00fct\u00f6v c\u00fcml\u0259l\u0259r \u015f\u0259klind\u0259 bir yer\u0259 y\u0131\u011fmaqla m\u0259\u015fq edin. Sad\u0259, m\u00fcr\u0259kk\u0259b v\u0259 m\u00fcr\u0259kk\u0259b c\u00fcml\u0259l\u0259r daxil olmaqla m\u00fcxt\u0259lif c\u00fcml\u0259 qurulu\u015flar\u0131na, suallar v\u0259 imperativ ifad\u0259l\u0259r\u0259 diqq\u0259t yetirin.<\/p>\n\n\n\n<p>Fars dilinin qrammatika m\u00f6vzular\u0131n\u0131 \u00f6yr\u0259nm\u0259yin bu ard\u0131c\u0131ll\u0131\u011f\u0131n\u0131 izl\u0259y\u0259r\u0259k, fars \u0259d\u0259biyyat\u0131n\u0131n v\u0259 m\u0259d\u0259niyy\u0259tinin g\u00f6z\u0259lliyini s\u0259m\u0259r\u0259li \u015f\u0259kild\u0259 \u00fcnsiyy\u0259t qurma\u011fa, qiym\u0259tl\u0259ndirm\u0259y\u0259 imkan ver\u0259c\u0259k dild\u0259 m\u00f6hk\u0259m t\u0259m\u0259l quracaqsan.<\/p>\n<\/div><\/div>\n\r\n<section class=\"learnNavigationSection\">\r\n            \r\n        <a href=\"https:\/\/talkpal.ai\/az\/fars-dilini-oyr%c9%99n\/\">\r\n            <div class=\"learnNavigationWrapper\">\r\n                <div class=\"learnNavigationContent\">\r\n                    <img decoding=\"async\" src=\"https:\/\/talkpal.ai\/wp-content\/uploads\/2024\/08\/Persian.jpg\" alt=\"Persian Flag\">\r\n                    <div>\r\n                        <h4>Fars dilinin \u00f6yr\u0259nilm\u0259si haqq\u0131nda<\/h4>\r\n                        <p>Fars dilinin qrammatikas\u0131 haqq\u0131nda h\u0259r \u015feyi \u00f6yr\u0259nin.<\/p>\r\n                    <\/div>\r\n                <\/div>\r\n            <\/div>\r\n        <\/a>\r\n\r\n        \r\n        <a href=\"https:\/\/talkpal.ai\/az\/fars-dilinin-qrammatikasi\/\">\r\n            <div class=\"learnNavigationWrapper\">\r\n                <div class=\"learnNavigationContent\">\r\n                    <img decoding=\"async\" src=\"https:\/\/talkpal.ai\/wp-content\/uploads\/2024\/08\/Persian.jpg\" alt=\"Persian Flag\">\r\n                    <div>\r\n                        <h4>Fars dilinin qrammatikas\u0131 d\u0259rsl\u0259ri<\/h4>\r\n                        <p>Fars dilinin qrammatikas\u0131 il\u0259 m\u0259\u015f\u011ful.<\/p>\r\n                    <\/div>\r\n                <\/div>\r\n            <\/div>\r\n        <\/a>\r\n\r\n        \r\n        <a href=\"https:\/\/talkpal.ai\/vocabulary_language\/persian\/\">\r\n            <div class=\"learnNavigationWrapper\">\r\n                <div class=\"learnNavigationContent\">\r\n                    <img decoding=\"async\" src=\"https:\/\/talkpal.ai\/wp-content\/uploads\/2024\/08\/Persian.jpg\" alt=\"Persian Flag\">\r\n                    <div>\r\n                        <h4>Fars l\u00fc\u011f\u0259ti<\/h4>\r\n                        <p>Farsca l\u00fc\u011f\u0259tinizi geni\u015fl\u0259ndirin.<\/p>\r\n                    <\/div>\r\n                <\/div>\r\n            <\/div>\r\n        <\/a>\r\n\r\n            <\/section>","protected":false},"excerpt":{"rendered":"<p>Fars dilinin qrammatikas\u0131 m\u00f6vzular\u0131 Fars dilini \u00f6yr\u0259nm\u0259k, fars dilini \u00f6yr\u0259nm\u0259k, fars dilini d\u0259 \u00f6yr\u0259nm\u0259k maraql\u0131 v\u0259 f\u0259r\u0259hl\u0259ndirici bir s\u0259yah\u0259t ola bil\u0259r. Bu, \u0130ran\u0131n v\u0259 farsdilli dig\u0259r b\u00f6lg\u0259l\u0259rin z\u0259ngin m\u0259d\u0259niyy\u0259tini v\u0259 tarixini anlamaq \u00fc\u00e7\u00fcn yeni imkanlar a\u00e7\u0131r. Fars dilinin qrammatikas\u0131na yiy\u0259l\u0259nm\u0259k bir \u015fagird kimi, bu dild\u0259 m\u00f6hk\u0259m t\u0259m\u0259l qurmaq \u00fc\u00e7\u00fcn z\u0259ruridir. Bu b\u0259l\u0259d\u00e7id\u0259 fars dilinin qrammatikas\u0131 [&hellip;]<\/p>\n","protected":false},"author":6,"featured_media":117137,"parent":0,"menu_order":0,"comment_status":"closed","ping_status":"closed","template":"LearningContentPage.php","meta":{"_acf_changed":false,"footnotes":""},"class_list":["post-158135","page","type-page","status-publish","has-post-thumbnail","hentry"],"acf":[],"yoast_head":"<!-- This site is optimized with the Yoast SEO Premium plugin v27.2 (Yoast SEO v27.2) - https:\/\/yoast.com\/product\/yoast-seo-premium-wordpress\/ -->\n<title>Fars dilinin qrammatikas\u0131 m\u0259\u015f\u011f\u0259l\u0259l\u0259ri - Talkpal<\/title>\n<meta name=\"description\" content=\"Dil bacar\u0131qlar\u0131n\u0131z\u0131 g\u00fccl\u0259ndirm\u0259k v\u0259 farsdilli b\u00f6lg\u0259l\u0259rin m\u0259d\u0259niyy\u0259tini ara\u015fd\u0131rmaq \u00fc\u00e7\u00fcn Fars dilinin qrammatikas\u0131na hakim olun.\" \/>\n<meta name=\"robots\" content=\"index, follow, max-snippet:-1, max-image-preview:large, max-video-preview:-1\" \/>\n<link rel=\"canonical\" href=\"https:\/\/talkpal.ai\/az\/fars-dilinin-qrammatikasi-m%c9%99sg%c9%99l%c9%99l%c9%99ri\/\" \/>\n<meta property=\"og:locale\" content=\"az_AZ\" \/>\n<meta property=\"og:type\" content=\"article\" \/>\n<meta property=\"og:title\" content=\"Fars dilinin qrammatikas\u0131 m\u0259\u015f\u011f\u0259l\u0259l\u0259ri\" \/>\n<meta property=\"og:description\" content=\"Fars dilinin qrammatikas\u0131 m\u00f6vzular\u0131 Fars dilini \u00f6yr\u0259nm\u0259k, fars dilini \u00f6yr\u0259nm\u0259k, fars dilini d\u0259 \u00f6yr\u0259nm\u0259k maraql\u0131 v\u0259 f\u0259r\u0259hl\u0259ndirici bir s\u0259yah\u0259t ola bil\u0259r.\" \/>\n<meta property=\"og:url\" content=\"https:\/\/talkpal.ai\/az\/fars-dilinin-qrammatikasi-m%c9%99sg%c9%99l%c9%99l%c9%99ri\/\" \/>\n<meta property=\"og:site_name\" content=\"Talkpal\" \/>\n<meta property=\"article:publisher\" content=\"https:\/\/www.facebook.com\/profile.php?id=100090733639311\" \/>\n<meta property=\"article:modified_time\" content=\"2025-12-17T15:26:44+00:00\" \/>\n<meta property=\"og:image\" content=\"https:\/\/talkpal.ai\/wp-content\/uploads\/2023\/05\/Persian-iran.png\" \/>\n\t<meta property=\"og:image:width\" content=\"512\" \/>\n\t<meta property=\"og:image:height\" content=\"512\" \/>\n\t<meta property=\"og:image:type\" content=\"image\/png\" \/>\n<meta name=\"twitter:card\" content=\"summary_large_image\" \/>\n<meta name=\"twitter:site\" content=\"@talkpalai\" \/>\n<meta name=\"twitter:label1\" content=\"Est. reading time\" \/>\n\t<meta name=\"twitter:data1\" content=\"3 minutes\" \/>\n<script type=\"application\/ld+json\" class=\"yoast-schema-graph\">{\"@context\":\"https:\/\/schema.org\",\"@graph\":[{\"@type\":\"WebPage\",\"@id\":\"https:\/\/talkpal.ai\/az\/fars-dilinin-qrammatikasi-m%c9%99sg%c9%99l%c9%99l%c9%99ri\/\",\"url\":\"https:\/\/talkpal.ai\/az\/fars-dilinin-qrammatikasi-m%c9%99sg%c9%99l%c9%99l%c9%99ri\/\",\"name\":\"Fars dilinin qrammatikas\u0131 m\u0259\u015f\u011f\u0259l\u0259l\u0259ri - Talkpal\",\"isPartOf\":{\"@id\":\"https:\/\/talkpal.ai\/az\/#website\"},\"primaryImageOfPage\":{\"@id\":\"https:\/\/talkpal.ai\/az\/fars-dilinin-qrammatikasi-m%c9%99sg%c9%99l%c9%99l%c9%99ri\/#primaryimage\"},\"image\":{\"@id\":\"https:\/\/talkpal.ai\/az\/fars-dilinin-qrammatikasi-m%c9%99sg%c9%99l%c9%99l%c9%99ri\/#primaryimage\"},\"thumbnailUrl\":\"https:\/\/talkpal.ai\/wp-content\/uploads\/2023\/05\/Persian-iran.png\",\"datePublished\":\"2023-06-27T08:51:37+00:00\",\"dateModified\":\"2025-12-17T15:26:44+00:00\",\"description\":\"Dil bacar\u0131qlar\u0131n\u0131z\u0131 g\u00fccl\u0259ndirm\u0259k v\u0259 farsdilli b\u00f6lg\u0259l\u0259rin m\u0259d\u0259niyy\u0259tini ara\u015fd\u0131rmaq \u00fc\u00e7\u00fcn Fars dilinin qrammatikas\u0131na hakim olun.\",\"breadcrumb\":{\"@id\":\"https:\/\/talkpal.ai\/az\/fars-dilinin-qrammatikasi-m%c9%99sg%c9%99l%c9%99l%c9%99ri\/#breadcrumb\"},\"inLanguage\":\"az\",\"potentialAction\":[{\"@type\":\"ReadAction\",\"target\":[\"https:\/\/talkpal.ai\/az\/fars-dilinin-qrammatikasi-m%c9%99sg%c9%99l%c9%99l%c9%99ri\/\"]}]},{\"@type\":\"ImageObject\",\"inLanguage\":\"az\",\"@id\":\"https:\/\/talkpal.ai\/az\/fars-dilinin-qrammatikasi-m%c9%99sg%c9%99l%c9%99l%c9%99ri\/#primaryimage\",\"url\":\"https:\/\/talkpal.ai\/wp-content\/uploads\/2023\/05\/Persian-iran.png\",\"contentUrl\":\"https:\/\/talkpal.ai\/wp-content\/uploads\/2023\/05\/Persian-iran.png\",\"width\":512,\"height\":512},{\"@type\":\"BreadcrumbList\",\"@id\":\"https:\/\/talkpal.ai\/az\/fars-dilinin-qrammatikasi-m%c9%99sg%c9%99l%c9%99l%c9%99ri\/#breadcrumb\",\"itemListElement\":[{\"@type\":\"ListItem\",\"position\":1,\"name\":\"Homepage\",\"item\":\"https:\/\/talkpal.ai\/az\/\"},{\"@type\":\"ListItem\",\"position\":2,\"name\":\"Fars dilinin qrammatikas\u0131 m\u0259\u015f\u011f\u0259l\u0259l\u0259ri\"}]},{\"@type\":\"WebSite\",\"@id\":\"https:\/\/talkpal.ai\/az\/#website\",\"url\":\"https:\/\/talkpal.ai\/az\/\",\"name\":\"Talkpal\",\"description\":\"AI Language Learning\",\"publisher\":{\"@id\":\"https:\/\/talkpal.ai\/az\/#organization\"},\"alternateName\":\"Talkpal AI\",\"potentialAction\":[{\"@type\":\"SearchAction\",\"target\":{\"@type\":\"EntryPoint\",\"urlTemplate\":\"https:\/\/talkpal.ai\/az\/?s={search_term_string}\"},\"query-input\":{\"@type\":\"PropertyValueSpecification\",\"valueRequired\":true,\"valueName\":\"search_term_string\"}}],\"inLanguage\":\"az\"},{\"@type\":\"Organization\",\"@id\":\"https:\/\/talkpal.ai\/az\/#organization\",\"name\":\"Talkpal, Inc.\",\"alternateName\":\"Talkpal AI\",\"url\":\"https:\/\/talkpal.ai\/az\/\",\"logo\":{\"@type\":\"ImageObject\",\"inLanguage\":\"az\",\"@id\":\"https:\/\/talkpal.ai\/az\/#\/schema\/logo\/image\/\",\"url\":\"https:\/\/talkpal.ai\/wp-content\/uploads\/2024\/03\/Talkpal-Logo-Icon.png\",\"contentUrl\":\"https:\/\/talkpal.ai\/wp-content\/uploads\/2024\/03\/Talkpal-Logo-Icon.png\",\"width\":2880,\"height\":2880,\"caption\":\"Talkpal, Inc.\"},\"image\":{\"@id\":\"https:\/\/talkpal.ai\/az\/#\/schema\/logo\/image\/\"},\"sameAs\":[\"https:\/\/www.facebook.com\/profile.php?id=100090733639311\",\"https:\/\/x.com\/talkpalai\",\"https:\/\/www.linkedin.com\/company\/talkpal\/\",\"https:\/\/www.youtube.com\/@TalkPal\/\",\"https:\/\/www.tiktok.com\/@talkpal\",\"https:\/\/www.instagram.com\/talkpal_ai\/\",\"https:\/\/www.crunchbase.com\/organization\/talkpal-9cde\",\"https:\/\/www.g2.com\/products\/talkpal-for-business\/\",\"https:\/\/www.trustpilot.com\/review\/talkpal.ai\",\"https:\/\/www.capterra.com\/p\/10006800\/TalkPal\/\"],\"description\":\"Talkpal is a language learning web and mobile education app, powered by the latest AI technologies, that provides engaging experiences to its customers in many different languages to help them improve their language skills. Users can chat about unlimited amount of topics with the app and use other modes to practice their language learning.\",\"email\":\"support@talkpal.ai\",\"legalName\":\"Talkpal, Inc.\",\"foundingDate\":\"2023-04-03\",\"duns\":\"118989042\",\"numberOfEmployees\":{\"@type\":\"QuantitativeValue\",\"minValue\":\"11\",\"maxValue\":\"50\"},\"publishingPrinciples\":\"https:\/\/talkpal.ai\/publishing-principles\/\",\"actionableFeedbackPolicy\":\"https:\/\/talkpal.ai\/actionable-feedback-policy\/\",\"correctionsPolicy\":\"https:\/\/talkpal.ai\/corrections-policy\/\",\"ethicsPolicy\":\"https:\/\/talkpal.ai\/ethics-policy\/\",\"diversityPolicy\":\"https:\/\/talkpal.ai\/diversity-policy\/\",\"diversityStaffingReport\":\"https:\/\/talkpal.ai\/diversity-policy\/\"}]}<\/script>\n<!-- \/ Yoast SEO Premium plugin. -->","yoast_head_json":{"title":"Fars dilinin qrammatikas\u0131 m\u0259\u015f\u011f\u0259l\u0259l\u0259ri - Talkpal","description":"Dil bacar\u0131qlar\u0131n\u0131z\u0131 g\u00fccl\u0259ndirm\u0259k v\u0259 farsdilli b\u00f6lg\u0259l\u0259rin m\u0259d\u0259niyy\u0259tini ara\u015fd\u0131rmaq \u00fc\u00e7\u00fcn Fars dilinin qrammatikas\u0131na hakim olun.","robots":{"index":"index","follow":"follow","max-snippet":"max-snippet:-1","max-image-preview":"max-image-preview:large","max-video-preview":"max-video-preview:-1"},"canonical":"https:\/\/talkpal.ai\/az\/fars-dilinin-qrammatikasi-m%c9%99sg%c9%99l%c9%99l%c9%99ri\/","og_locale":"az_AZ","og_type":"article","og_title":"Fars dilinin qrammatikas\u0131 m\u0259\u015f\u011f\u0259l\u0259l\u0259ri","og_description":"Fars dilinin qrammatikas\u0131 m\u00f6vzular\u0131 Fars dilini \u00f6yr\u0259nm\u0259k, fars dilini \u00f6yr\u0259nm\u0259k, fars dilini d\u0259 \u00f6yr\u0259nm\u0259k maraql\u0131 v\u0259 f\u0259r\u0259hl\u0259ndirici bir s\u0259yah\u0259t ola bil\u0259r.","og_url":"https:\/\/talkpal.ai\/az\/fars-dilinin-qrammatikasi-m%c9%99sg%c9%99l%c9%99l%c9%99ri\/","og_site_name":"Talkpal","article_publisher":"https:\/\/www.facebook.com\/profile.php?id=100090733639311","article_modified_time":"2025-12-17T15:26:44+00:00","og_image":[{"width":512,"height":512,"url":"https:\/\/talkpal.ai\/wp-content\/uploads\/2023\/05\/Persian-iran.png","type":"image\/png"}],"twitter_card":"summary_large_image","twitter_site":"@talkpalai","twitter_misc":{"Est. reading time":"3 minutes"},"schema":{"@context":"https:\/\/schema.org","@graph":[{"@type":"WebPage","@id":"https:\/\/talkpal.ai\/az\/fars-dilinin-qrammatikasi-m%c9%99sg%c9%99l%c9%99l%c9%99ri\/","url":"https:\/\/talkpal.ai\/az\/fars-dilinin-qrammatikasi-m%c9%99sg%c9%99l%c9%99l%c9%99ri\/","name":"Fars dilinin qrammatikas\u0131 m\u0259\u015f\u011f\u0259l\u0259l\u0259ri - Talkpal","isPartOf":{"@id":"https:\/\/talkpal.ai\/az\/#website"},"primaryImageOfPage":{"@id":"https:\/\/talkpal.ai\/az\/fars-dilinin-qrammatikasi-m%c9%99sg%c9%99l%c9%99l%c9%99ri\/#primaryimage"},"image":{"@id":"https:\/\/talkpal.ai\/az\/fars-dilinin-qrammatikasi-m%c9%99sg%c9%99l%c9%99l%c9%99ri\/#primaryimage"},"thumbnailUrl":"https:\/\/talkpal.ai\/wp-content\/uploads\/2023\/05\/Persian-iran.png","datePublished":"2023-06-27T08:51:37+00:00","dateModified":"2025-12-17T15:26:44+00:00","description":"Dil bacar\u0131qlar\u0131n\u0131z\u0131 g\u00fccl\u0259ndirm\u0259k v\u0259 farsdilli b\u00f6lg\u0259l\u0259rin m\u0259d\u0259niyy\u0259tini ara\u015fd\u0131rmaq \u00fc\u00e7\u00fcn Fars dilinin qrammatikas\u0131na hakim olun.","breadcrumb":{"@id":"https:\/\/talkpal.ai\/az\/fars-dilinin-qrammatikasi-m%c9%99sg%c9%99l%c9%99l%c9%99ri\/#breadcrumb"},"inLanguage":"az","potentialAction":[{"@type":"ReadAction","target":["https:\/\/talkpal.ai\/az\/fars-dilinin-qrammatikasi-m%c9%99sg%c9%99l%c9%99l%c9%99ri\/"]}]},{"@type":"ImageObject","inLanguage":"az","@id":"https:\/\/talkpal.ai\/az\/fars-dilinin-qrammatikasi-m%c9%99sg%c9%99l%c9%99l%c9%99ri\/#primaryimage","url":"https:\/\/talkpal.ai\/wp-content\/uploads\/2023\/05\/Persian-iran.png","contentUrl":"https:\/\/talkpal.ai\/wp-content\/uploads\/2023\/05\/Persian-iran.png","width":512,"height":512},{"@type":"BreadcrumbList","@id":"https:\/\/talkpal.ai\/az\/fars-dilinin-qrammatikasi-m%c9%99sg%c9%99l%c9%99l%c9%99ri\/#breadcrumb","itemListElement":[{"@type":"ListItem","position":1,"name":"Homepage","item":"https:\/\/talkpal.ai\/az\/"},{"@type":"ListItem","position":2,"name":"Fars dilinin qrammatikas\u0131 m\u0259\u015f\u011f\u0259l\u0259l\u0259ri"}]},{"@type":"WebSite","@id":"https:\/\/talkpal.ai\/az\/#website","url":"https:\/\/talkpal.ai\/az\/","name":"Talkpal","description":"AI Language Learning","publisher":{"@id":"https:\/\/talkpal.ai\/az\/#organization"},"alternateName":"Talkpal AI","potentialAction":[{"@type":"SearchAction","target":{"@type":"EntryPoint","urlTemplate":"https:\/\/talkpal.ai\/az\/?s={search_term_string}"},"query-input":{"@type":"PropertyValueSpecification","valueRequired":true,"valueName":"search_term_string"}}],"inLanguage":"az"},{"@type":"Organization","@id":"https:\/\/talkpal.ai\/az\/#organization","name":"Talkpal, Inc.","alternateName":"Talkpal AI","url":"https:\/\/talkpal.ai\/az\/","logo":{"@type":"ImageObject","inLanguage":"az","@id":"https:\/\/talkpal.ai\/az\/#\/schema\/logo\/image\/","url":"https:\/\/talkpal.ai\/wp-content\/uploads\/2024\/03\/Talkpal-Logo-Icon.png","contentUrl":"https:\/\/talkpal.ai\/wp-content\/uploads\/2024\/03\/Talkpal-Logo-Icon.png","width":2880,"height":2880,"caption":"Talkpal, Inc."},"image":{"@id":"https:\/\/talkpal.ai\/az\/#\/schema\/logo\/image\/"},"sameAs":["https:\/\/www.facebook.com\/profile.php?id=100090733639311","https:\/\/x.com\/talkpalai","https:\/\/www.linkedin.com\/company\/talkpal\/","https:\/\/www.youtube.com\/@TalkPal\/","https:\/\/www.tiktok.com\/@talkpal","https:\/\/www.instagram.com\/talkpal_ai\/","https:\/\/www.crunchbase.com\/organization\/talkpal-9cde","https:\/\/www.g2.com\/products\/talkpal-for-business\/","https:\/\/www.trustpilot.com\/review\/talkpal.ai","https:\/\/www.capterra.com\/p\/10006800\/TalkPal\/"],"description":"Talkpal is a language learning web and mobile education app, powered by the latest AI technologies, that provides engaging experiences to its customers in many different languages to help them improve their language skills. Users can chat about unlimited amount of topics with the app and use other modes to practice their language learning.","email":"support@talkpal.ai","legalName":"Talkpal, Inc.","foundingDate":"2023-04-03","duns":"118989042","numberOfEmployees":{"@type":"QuantitativeValue","minValue":"11","maxValue":"50"},"publishingPrinciples":"https:\/\/talkpal.ai\/publishing-principles\/","actionableFeedbackPolicy":"https:\/\/talkpal.ai\/actionable-feedback-policy\/","correctionsPolicy":"https:\/\/talkpal.ai\/corrections-policy\/","ethicsPolicy":"https:\/\/talkpal.ai\/ethics-policy\/","diversityPolicy":"https:\/\/talkpal.ai\/diversity-policy\/","diversityStaffingReport":"https:\/\/talkpal.ai\/diversity-policy\/"}]}},"_links":{"self":[{"href":"https:\/\/talkpal.ai\/az\/wp-json\/wp\/v2\/pages\/158135","targetHints":{"allow":["GET"]}}],"collection":[{"href":"https:\/\/talkpal.ai\/az\/wp-json\/wp\/v2\/pages"}],"about":[{"href":"https:\/\/talkpal.ai\/az\/wp-json\/wp\/v2\/types\/page"}],"author":[{"embeddable":true,"href":"https:\/\/talkpal.ai\/az\/wp-json\/wp\/v2\/users\/6"}],"replies":[{"embeddable":true,"href":"https:\/\/talkpal.ai\/az\/wp-json\/wp\/v2\/comments?post=158135"}],"version-history":[{"count":0,"href":"https:\/\/talkpal.ai\/az\/wp-json\/wp\/v2\/pages\/158135\/revisions"}],"wp:featuredmedia":[{"embeddable":true,"href":"https:\/\/talkpal.ai\/az\/wp-json\/wp\/v2\/media\/117137"}],"wp:attachment":[{"href":"https:\/\/talkpal.ai\/az\/wp-json\/wp\/v2\/media?parent=158135"}],"curies":[{"name":"wp","href":"https:\/\/api.w.org\/{rel}","templated":true}]}}