{"id":157841,"date":"2023-06-27T09:07:34","date_gmt":"2023-06-27T09:07:34","guid":{"rendered":"http:\/\/talkpal.ai\/polyak-dilinin-qrammatikasi-m%c9%99sg%c9%99l%c9%99l%c9%99ri\/"},"modified":"2025-12-17T09:55:19","modified_gmt":"2025-12-17T09:55:19","slug":"polyak-dilinin-qrammatikasi-m%c9%99sg%c9%99l%c9%99l%c9%99ri","status":"publish","type":"page","link":"https:\/\/talkpal.ai\/az\/polyak-dilinin-qrammatikasi-m%c9%99sg%c9%99l%c9%99l%c9%99ri\/","title":{"rendered":"Polyak dilinin qrammatikas\u0131 m\u0259\u015f\u011f\u0259l\u0259l\u0259ri"},"content":{"rendered":"\r\n\r\n\r\n<section class=\"languageChallengeSection\">\r\n    <div class=\"languageInfoWrapper\">\r\n        \r\n        <h1>Polyak dilinin qrammatikas\u0131 m\u0259\u015f\u011f\u0259l\u0259l\u0259ri<\/h1>\r\n        <p>Polyak dili bacar\u0131qlar\u0131n\u0131z\u0131 k\u0259skinl\u0259\u015fdirm\u0259y\u0259 haz\u0131rs\u0131n\u0131z? Qrammatik m\u0259\u015fql\u0259ri m\u0259\u015fq etm\u0259k c\u00fcml\u0259 qurulu\u015funu, fel birl\u0259\u015fm\u0259l\u0259rini v\u0259 polyak dilinin unikal n\u00fcmun\u0259l\u0259rini m\u0259nims\u0259m\u0259yin \u0259la yoludur. Bu g\u00fcn <a href=\"https:\/\/talkpal.ai\/learn-polish\/\">Pol\u015fa<\/a> qrammatikas\u0131 \u00fcz\u0259rind\u0259 i\u015fl\u0259m\u0259y\u0259 ba\u015flay\u0131n v\u0259 h\u0259r m\u0259\u015fql\u0259 inam\u0131n\u0131z\u0131n v\u0259 s\u0259lisliyinizinizin nec\u0259 yax\u015f\u0131la\u015fd\u0131\u011f\u0131n\u0131 g\u00f6r\u00fcn!\n\n<\/p>\r\n\r\n                            <a class=\"getStartedHidden\" href=\"https:\/\/app.talkpal.ai\/signup?lng=\">Ba\u015fla<\/a>\r\n        \r\n    <\/div>\r\n\r\n    <figure>\r\n    <img decoding=\"async\" width=\"768\" height=\"768\" src=\"https:\/\/talkpal.ai\/wp-content\/uploads\/2023\/06\/polish-768x768.png\" class=\"languageImage no-lazy\" alt=\"Practical tips on language learning techniques\" fetchpriority=\"high\" sizes=\"(max-width: 768px) 150px, 768px\" srcset=\"https:\/\/talkpal.ai\/wp-content\/uploads\/2023\/06\/polish-768x768.png 768w, https:\/\/talkpal.ai\/wp-content\/uploads\/2023\/06\/polish-300x300.png 300w\" \/>\r\n    \r\n\r\n    <\/figure>\r\n\r\n            <a class=\"getStartedVisible\" href=\"https:\/\/app.talkpal.ai\/signup?lng=\">Ba\u015fla<\/a>\r\n    \r\n<\/section>\r\n\r\n\r\n<!-- <section class=\"grammarSection\">\r\n    <div class=\"grammarLinks\">\r\n            <\/div>\r\n<\/section> -->\r\n\r\n\r\n\r\n\r\n<section class=\"promotionalBanner\">\r\n    <p class=\"promotionalText\">Dil \u00f6yr\u0259nm\u0259yin \u0259n t\u0259sirli yolu<\/p>\r\n    <a class=\"promotionalLink\" href=\"https:\/\/app.talkpal.ai\/signup?lng=\">Talkpal pulsuz s\u0131nay\u0131n<\/a>\r\n<\/section>\n<div class=\"wp-block-group pageContainerStyle\"><div class=\"wp-block-group__inner-container is-layout-constrained wp-block-group-is-layout-constrained\">\n<h2 class=\"wp-block-heading\" id=\"h-polish-grammar-topics\">Polyak dilinin qrammatikas\u0131 m\u00f6vzular\u0131<\/h2>\n\n\n\n<p>Q\u0259rbi slavyan dili olan polyak dili Pol\u015fan\u0131n yerli dilidir v\u0259 b\u00fct\u00fcn d\u00fcnyada milyonlarla insan t\u0259r\u0259find\u0259n dan\u0131\u015f\u0131l\u0131r. Onun m\u00fcr\u0259kk\u0259b qrammatikas\u0131 v\u0259 \u00f6z\u00fcn\u0259m\u0259xsus t\u0259l\u0259ff\u00fcz\u00fc say\u0259sind\u0259 polyak dilini <a href=\"https:\/\/talkpal.ai\/az\/oyr%c9%99nm%c9%99k\/\">\u00f6yr\u0259nm\u0259k<\/a> olduqca \u00e7\u0259tin, eyni zamanda da m\u0259mnunluq g\u0259tir\u0259 bil\u0259r. Dili yax\u015f\u0131 ba\u015fa d\u00fc\u015fm\u0259k v\u0259 m\u0259nims\u0259m\u0259k \u00fc\u00e7\u00fcn onun qrammatik qaydalar\u0131n\u0131 strukturla\u015fd\u0131r\u0131lm\u0131\u015f v\u0259 m\u0259ntiqi ard\u0131c\u0131ll\u0131qla \u00f6yr\u0259nm\u0259k vacibdir. Bu b\u0259l\u0259d\u00e7id\u0259 biz polyak dilind\u0259 \u0259sas <a href=\"https:\/\/talkpal.ai\/grammar\/\">qrammatika<\/a> m\u00f6vzular\u0131n\u0131 ara\u015fd\u0131raca\u011f\u0131q. M\u0259s\u0259l\u0259n: g\u0259rginlik, feill\u0259r, isiml\u0259r, m\u0259qal\u0259l\u0259r, t\u0259l\u0259ff\u00fczl\u0259r, ady\u00fckl\u0259r, adverbl\u0259r, \u015f\u0259rtil\u0259r, prepozisiyalar, c\u00fcml\u0259 qurulu\u015flar\u0131. Bu ard\u0131c\u0131ll\u0131\u011fa riay\u0259t etm\u0259kl\u0259 siz t\u0259dric\u0259n polyak dili bacar\u0131qlar\u0131n\u0131z\u0131 qura v\u0259 effektiv \u00fcnsiyy\u0259t qura bil\u0259c\u0259ksiniz.<\/p>\n\n\n\n<h3 class=\"wp-block-heading\" id=\"h-1-nouns\">1. Nouns:<\/h3>\n\n\n\n<p>Polyak dilind\u0259 nounlar 3 cins\u0259 b\u00f6l\u00fcn\u00fcr: ki\u015filik, femin v\u0259 neytri. Onlar\u0131n da 7 i\u015fi var: nominativ, genitativ, dativ, ittihamedici, instrumental, lokativ v\u0259 vokativ. Cinsiyy\u0259t v\u0259 case sistemini \u00f6yr\u0259nm\u0259k c\u00fcml\u0259 qurulu\u015flar\u0131n\u0131 anlamaq v\u0259 adjectives v\u0259 pronouns kimi dig\u0259r qrammatik elementl\u0259rin d\u00fczg\u00fcn formalar\u0131ndan istifad\u0259 etm\u0259k \u00fc\u00e7\u00fcn olduqca vacibdir.<\/p>\n\n\n\n<h3 class=\"wp-block-heading\" id=\"h-2-pronouns-determiners\">2. Pronouns\/Determinl\u0259r:<\/h3>\n\n\n\n<p>Pol\u015fa pronounlar\u0131 v\u0259 determinl\u0259r cins, say v\u0259 haldak\u0131 nounlarla raz\u0131la\u015f\u0131rlar. Bu, \u015f\u0259xsi, e&#8217;tiv, e&#8217;tiv, sor\u011fu &#8211; sual v\u0259 nisbi t\u0259l\u0259ff\u00fczl\u0259ri \u00f6z\u00fcnd\u0259 ehtiva edir. Pronouns v\u0259 determinl\u0259rin i\u015fl\u0259nm\u0259sini ustal\u0131qla qurmaq daha m\u00fcr\u0259kk\u0259b c\u00fcml\u0259l\u0259rin qurulmas\u0131nda v\u0259 s\u00f6zl\u0259r aras\u0131nda m\u00fcxt\u0259lif m\u00fcnasib\u0259tl\u0259rin ifad\u0259sind\u0259 k\u00f6m\u0259k edir.<\/p>\n\n\n\n<h3 class=\"wp-block-heading\" id=\"h-3-adjectives\">3. Adjectives:<\/h3>\n\n\n\n<p>Polyak dilind\u0259 adjectives cins, say v\u0259 case nouns il\u0259 raz\u0131la\u015f\u0131r. Onlar bu amill\u0259r\u0259 \u0259saslanan m\u00fcxt\u0259lif formalara malikdirl\u0259r, buna g\u00f6r\u0259 d\u0259, t\u0259svirli ifad\u0259l\u0259rin d\u00fczg\u00fcn istifad\u0259si v\u0259 ba\u015fa d\u00fc\u015f\u00fclm\u0259si \u00fc\u00e7\u00fcn adekvatl\u0131q \u00fc\u00e7\u00fcn deklensiya \u00fcsullar\u0131n\u0131 \u00f6yr\u0259nm\u0259k z\u0259ruridir.<\/p>\n\n\n\n<h3 class=\"wp-block-heading\" id=\"h-4-verbs\">4. Feill\u0259r:<\/h3>\n\n\n\n<p>Polyak feli sistemi \u00fc\u00e7 g\u0259rginlikd\u0259n ibar\u0259tdir: ke\u00e7mi\u015f, indiki v\u0259 g\u0259l\u0259c\u0259k. Feill\u0259r h\u0259m\u00e7inin aspekt (kamil v\u0259 ya qeyri-kamillik) v\u0259 konyunkasiya t\u0259rzin\u0259 \u0259saslanan m\u00fcxt\u0259lif formalara malikdirl\u0259r. <a href=\"https:\/\/talkpal.ai\/ko\/grammar\/%eb%8f%99%ec%82%ac-%ed%99%9c%ec%9a%a9%eb%b2%95\/\">Verb conjugation<\/a> and aspect \u0259saslar\u0131n\u0131 \u00f6yr\u0259nm\u0259k m\u00fcxt\u0259lif zaman \u00e7\u0259r\u00e7iv\u0259sind\u0259 h\u0259r\u0259k\u0259tl\u0259ri, hadis\u0259l\u0259ri v\u0259 \u015ftamlar\u0131 ifad\u0259 etm\u0259k \u00fc\u00e7\u00fcn \u0259sasd\u0131r.<\/p>\n\n\n\n<h3 class=\"wp-block-heading\" id=\"h-5-tense-comparison\">5. G\u0259rgin m\u00fcqayis\u0259:<\/h3>\n\n\n\n<p>Polyak dilind\u0259 \u00fc\u00e7 g\u0259rginlik aras\u0131ndak\u0131 f\u0259rq v\u0259 ox\u015farl\u0131qlar\u0131 anlamaq zaman m\u00fcnasib\u0259tl\u0259rini d\u0259qiq ifad\u0259 etm\u0259y\u0259 imkan verir. Buraya sad\u0259, m\u00fct\u0259r\u0259qqi v\u0259 m\u00fck\u0259mm\u0259l m\u00fct\u0259r\u0259qqi formalar\u0131n yaranmas\u0131 v\u0259 istifad\u0259si daxildir.<\/p>\n\n\n\n<h3 class=\"wp-block-heading\" id=\"h-6-adverbs\">6. Adverbl\u0259r:<\/h3>\n\n\n\n<p>Polyak dilind\u0259 olan adverbl\u0259r feill\u0259r, adjectives v\u0259 ya dig\u0259r adverbl\u0259r haqq\u0131nda \u0259lav\u0259 m\u0259lumat verir. Onlar ad\u0259t\u0259n formalar\u0131n\u0131 d\u0259yi\u015fmir, bu da onlar\u0131 \u00f6yr\u0259nm\u0259k \u00fc\u00e7\u00fcn nisb\u0259t\u0259n <a href=\"https:\/\/talkpal.ai\/locations\/learn-english-in-asan\/\">asan<\/a> edir. D\u00fc\u015fm\u0259nl\u0259rd\u0259n d\u00fczg\u00fcn istifad\u0259 etm\u0259yi bilm\u0259k dilin ifad\u0259 qabiliyy\u0259tini art\u0131r\u0131r.<\/p>\n\n\n\n<h3 class=\"wp-block-heading\" id=\"h-7-prepositions\">7. Prepozisiyalar:<\/h3>\n\n\n\n<p>Polyak prepozisiyalar\u0131 konkret hallar\u0131 idar\u0259 edir v\u0259 s\u00f6zl\u0259r aras\u0131nda m\u00fcnasib\u0259tl\u0259ri c\u00fcml\u0259d\u0259 g\u00f6st\u0259rir. Prepozisiyalar\u0131n d\u00fczg\u00fcn istifad\u0259sini v\u0259 onlar\u0131n m\u00fcvafiq hallar\u0131n\u0131 \u00f6yr\u0259nm\u0259k daha m\u00fcr\u0259kk\u0259b c\u00fcml\u0259l\u0259rin qurulmas\u0131 v\u0259 s\u00f6zl\u0259r aras\u0131nda m\u00fcxt\u0259lif m\u00fcnasib\u0259tl\u0259rin ifad\u0259 olunmas\u0131 \u00fc\u00e7\u00fcn olduqca vacibdir.<\/p>\n\n\n\n<h3 class=\"wp-block-heading\" id=\"h-8-conditionals\">8. \u015e\u0259rti olaraq:<\/h3>\n\n\n\n<p>Polyak dilind\u0259 \u015f\u0259rti c\u00fcml\u0259l\u0259r hipotetik v\u0259ziyy\u0259tl\u0259ri v\u0259 onlar\u0131n n\u0259tic\u0259l\u0259rini ifad\u0259 edir. Onlar, ad\u0259t\u0259n, iki madd\u0259d\u0259n ibar\u0259tdir: \u015f\u0259rti (if-clause) v\u0259 n\u0259tic\u0259 (\u0259sas madd\u0259nin). \u015e\u0259rti v\u0259ziyy\u0259tl\u0259rin \u0259m\u0259l\u0259 g\u0259lm\u0259sini v\u0259 istifad\u0259sini \u00f6yr\u0259nm\u0259k hipotetik v\u0259ziyy\u0259tl\u0259ri v\u0259 onlar\u0131n n\u0259tic\u0259l\u0259rini d\u0259qiq ifad\u0259 etm\u0259y\u0259 imkan verir.<\/p>\n\n\n\n<h3 class=\"wp-block-heading\" id=\"h-9-sentences\">9. C\u00fcml\u0259l\u0259r:<\/h3>\n\n\n\n<p>Polyak dilind\u0259 effektiv \u00fcnsiyy\u0259t qurmaq \u00fc\u00e7\u00fcn \u0259sas c\u00fcml\u0259 strukturlar\u0131n\u0131, o c\u00fcml\u0259d\u0259n deklarativ, sor\u011fu-sual, <a href=\"https:\/\/talkpal.ai\/ja\/grammar_exercises\/imperatif-%e3%83%95%e3%83%a9%e3%83%b3%e3%82%b9%e3%81%ae%e6%96%87%e6%b3%95%e3%81%ae%e3%81%9f%e3%82%81%e3%81%ae%e6%bc%94%e7%bf%92\/\">imperativ<\/a> v\u0259 nida c\u00fcml\u0259l\u0259rini ba\u015fa d\u00fc\u015fm\u0259k vacibdir. C\u00fcml\u0259 qurulu\u015flar\u0131n\u0131n ustala\u015fmas\u0131 fikirl\u0259rin ifad\u0259 edilm\u0259si, sual verilm\u0259si, \u0259mr verm\u0259si v\u0259 hissl\u0259rin polyak dilind\u0259 \u00e7atd\u0131r\u0131lmas\u0131na k\u00f6m\u0259k edir.<\/p>\n<\/div><\/div>\n\r\n<section class=\"learnNavigationSection\">\r\n            \r\n        <a href=\"https:\/\/talkpal.ai\/az\/polyak-dilini-oyr%c9%99n\/\">\r\n            <div class=\"learnNavigationWrapper\">\r\n                <div class=\"learnNavigationContent\">\r\n                    <img decoding=\"async\" src=\"https:\/\/talkpal.ai\/wp-content\/uploads\/2024\/08\/Polish.jpg\" alt=\"Polish Flag\">\r\n                    <div>\r\n                        <h4>Polyak \u00d6yr\u0259nilm\u0259si Haqq\u0131nda<\/h4>\r\n                        <p>Polyak dilinin qrammatikas\u0131 haqq\u0131nda h\u0259r \u015feyi \u00f6yr\u0259nin.<\/p>\r\n                    <\/div>\r\n                <\/div>\r\n            <\/div>\r\n        <\/a>\r\n\r\n        \r\n        <a href=\"https:\/\/talkpal.ai\/az\/polyak-dilinin-qrammatikasi\/\">\r\n            <div class=\"learnNavigationWrapper\">\r\n                <div class=\"learnNavigationContent\">\r\n                    <img decoding=\"async\" src=\"https:\/\/talkpal.ai\/wp-content\/uploads\/2024\/08\/Polish.jpg\" alt=\"Polish Flag\">\r\n                    <div>\r\n                        <h4>Polyak dilinin qrammatikas\u0131 d\u0259rsl\u0259ri<\/h4>\r\n                        <p>Polyak dilinin qrammatika qaydalar\u0131na \u0259m\u0259l etm\u0259k.<\/p>\r\n                    <\/div>\r\n                <\/div>\r\n            <\/div>\r\n        <\/a>\r\n\r\n        \r\n        <a href=\"https:\/\/talkpal.ai\/vocabulary_language\/polish\/\">\r\n            <div class=\"learnNavigationWrapper\">\r\n                <div class=\"learnNavigationContent\">\r\n                    <img decoding=\"async\" src=\"https:\/\/talkpal.ai\/wp-content\/uploads\/2024\/08\/Polish.jpg\" alt=\"Polish Flag\">\r\n                    <div>\r\n                        <h4>Polyak l\u00fc\u011f\u0259ti<\/h4>\r\n                        <p>Polyak dili l\u00fc\u011f\u0259tinizi geni\u015fl\u0259ndirin.<\/p>\r\n                    <\/div>\r\n                <\/div>\r\n            <\/div>\r\n        <\/a>\r\n\r\n            <\/section>","protected":false},"excerpt":{"rendered":"<p>Polyak dilinin qrammatikas\u0131 m\u00f6vzular\u0131 Q\u0259rbi slavyan dili olan polyak dili Pol\u015fan\u0131n yerli dilidir v\u0259 b\u00fct\u00fcn d\u00fcnyada milyonlarla insan t\u0259r\u0259find\u0259n dan\u0131\u015f\u0131l\u0131r. Onun m\u00fcr\u0259kk\u0259b qrammatikas\u0131 v\u0259 \u00f6z\u00fcn\u0259m\u0259xsus t\u0259l\u0259ff\u00fcz\u00fc say\u0259sind\u0259 polyak dilini \u00f6yr\u0259nm\u0259k olduqca \u00e7\u0259tin, eyni zamanda da m\u0259mnunluq g\u0259tir\u0259 bil\u0259r. Dili yax\u015f\u0131 ba\u015fa d\u00fc\u015fm\u0259k v\u0259 m\u0259nims\u0259m\u0259k \u00fc\u00e7\u00fcn onun qrammatik qaydalar\u0131n\u0131 strukturla\u015fd\u0131r\u0131lm\u0131\u015f v\u0259 m\u0259ntiqi ard\u0131c\u0131ll\u0131qla \u00f6yr\u0259nm\u0259k vacibdir. Bu [&hellip;]<\/p>\n","protected":false},"author":6,"featured_media":117419,"parent":0,"menu_order":0,"comment_status":"closed","ping_status":"closed","template":"LearningContentPage.php","meta":{"_acf_changed":false,"footnotes":""},"class_list":["post-157841","page","type-page","status-publish","has-post-thumbnail","hentry"],"acf":[],"yoast_head":"<!-- This site is optimized with the Yoast SEO Premium plugin v27.2 (Yoast SEO v27.2) - https:\/\/yoast.com\/product\/yoast-seo-premium-wordpress\/ -->\n<title>Polyak dilinin qrammatikas\u0131 m\u0259\u015f\u011f\u0259l\u0259l\u0259ri - Talkpal<\/title>\n<meta name=\"description\" content=\"B\u00fct\u00fcn s\u0259viyy\u0259l\u0259r \u00fc\u00e7\u00fcn n\u0259z\u0259rd\u0259 tutulmu\u015f interaktiv m\u0259\u015fql\u0259rl\u0259 Pol\u015fa qrammatikas\u0131n\u0131 m\u0259nims\u0259yin. M\u0259\u015fq edin v\u0259 dil bacar\u0131qlar\u0131n\u0131z\u0131 t\u0259kmill\u0259\u015fdirin!\" \/>\n<meta name=\"robots\" content=\"index, follow, max-snippet:-1, max-image-preview:large, max-video-preview:-1\" \/>\n<link rel=\"canonical\" href=\"https:\/\/talkpal.ai\/az\/polyak-dilinin-qrammatikasi-m%c9%99sg%c9%99l%c9%99l%c9%99ri\/\" \/>\n<meta property=\"og:locale\" content=\"az_AZ\" \/>\n<meta property=\"og:type\" content=\"article\" \/>\n<meta property=\"og:title\" content=\"Polyak dilinin qrammatikas\u0131 m\u0259\u015f\u011f\u0259l\u0259l\u0259ri\" \/>\n<meta property=\"og:description\" content=\"Polyak dilinin qrammatikas\u0131 m\u00f6vzular\u0131 Q\u0259rbi slavyan dili olan polyak dili Pol\u015fan\u0131n yerli dilidir v\u0259 b\u00fct\u00fcn d\u00fcnyada milyonlarla insan t\u0259r\u0259find\u0259n dan\u0131\u015f\u0131l\u0131r.\" \/>\n<meta property=\"og:url\" content=\"https:\/\/talkpal.ai\/az\/polyak-dilinin-qrammatikasi-m%c9%99sg%c9%99l%c9%99l%c9%99ri\/\" \/>\n<meta property=\"og:site_name\" content=\"Talkpal\" \/>\n<meta property=\"article:publisher\" content=\"https:\/\/www.facebook.com\/profile.php?id=100090733639311\" \/>\n<meta property=\"article:modified_time\" content=\"2025-12-17T09:55:19+00:00\" \/>\n<meta property=\"og:image\" content=\"https:\/\/talkpal.ai\/wp-content\/uploads\/2023\/05\/poland.png\" \/>\n\t<meta property=\"og:image:width\" content=\"512\" \/>\n\t<meta property=\"og:image:height\" content=\"512\" \/>\n\t<meta property=\"og:image:type\" content=\"image\/png\" \/>\n<meta name=\"twitter:card\" content=\"summary_large_image\" \/>\n<meta name=\"twitter:site\" content=\"@talkpalai\" \/>\n<meta name=\"twitter:label1\" content=\"Est. reading time\" \/>\n\t<meta name=\"twitter:data1\" content=\"4 minutes\" \/>\n<script type=\"application\/ld+json\" class=\"yoast-schema-graph\">{\"@context\":\"https:\/\/schema.org\",\"@graph\":[{\"@type\":\"WebPage\",\"@id\":\"https:\/\/talkpal.ai\/az\/polyak-dilinin-qrammatikasi-m%c9%99sg%c9%99l%c9%99l%c9%99ri\/\",\"url\":\"https:\/\/talkpal.ai\/az\/polyak-dilinin-qrammatikasi-m%c9%99sg%c9%99l%c9%99l%c9%99ri\/\",\"name\":\"Polyak dilinin qrammatikas\u0131 m\u0259\u015f\u011f\u0259l\u0259l\u0259ri - Talkpal\",\"isPartOf\":{\"@id\":\"https:\/\/talkpal.ai\/az\/#website\"},\"primaryImageOfPage\":{\"@id\":\"https:\/\/talkpal.ai\/az\/polyak-dilinin-qrammatikasi-m%c9%99sg%c9%99l%c9%99l%c9%99ri\/#primaryimage\"},\"image\":{\"@id\":\"https:\/\/talkpal.ai\/az\/polyak-dilinin-qrammatikasi-m%c9%99sg%c9%99l%c9%99l%c9%99ri\/#primaryimage\"},\"thumbnailUrl\":\"https:\/\/talkpal.ai\/wp-content\/uploads\/2023\/05\/poland.png\",\"datePublished\":\"2023-06-27T09:07:34+00:00\",\"dateModified\":\"2025-12-17T09:55:19+00:00\",\"description\":\"B\u00fct\u00fcn s\u0259viyy\u0259l\u0259r \u00fc\u00e7\u00fcn n\u0259z\u0259rd\u0259 tutulmu\u015f interaktiv m\u0259\u015fql\u0259rl\u0259 Pol\u015fa qrammatikas\u0131n\u0131 m\u0259nims\u0259yin. M\u0259\u015fq edin v\u0259 dil bacar\u0131qlar\u0131n\u0131z\u0131 t\u0259kmill\u0259\u015fdirin!\",\"breadcrumb\":{\"@id\":\"https:\/\/talkpal.ai\/az\/polyak-dilinin-qrammatikasi-m%c9%99sg%c9%99l%c9%99l%c9%99ri\/#breadcrumb\"},\"inLanguage\":\"az\",\"potentialAction\":[{\"@type\":\"ReadAction\",\"target\":[\"https:\/\/talkpal.ai\/az\/polyak-dilinin-qrammatikasi-m%c9%99sg%c9%99l%c9%99l%c9%99ri\/\"]}]},{\"@type\":\"ImageObject\",\"inLanguage\":\"az\",\"@id\":\"https:\/\/talkpal.ai\/az\/polyak-dilinin-qrammatikasi-m%c9%99sg%c9%99l%c9%99l%c9%99ri\/#primaryimage\",\"url\":\"https:\/\/talkpal.ai\/wp-content\/uploads\/2023\/05\/poland.png\",\"contentUrl\":\"https:\/\/talkpal.ai\/wp-content\/uploads\/2023\/05\/poland.png\",\"width\":512,\"height\":512},{\"@type\":\"BreadcrumbList\",\"@id\":\"https:\/\/talkpal.ai\/az\/polyak-dilinin-qrammatikasi-m%c9%99sg%c9%99l%c9%99l%c9%99ri\/#breadcrumb\",\"itemListElement\":[{\"@type\":\"ListItem\",\"position\":1,\"name\":\"Homepage\",\"item\":\"https:\/\/talkpal.ai\/az\/\"},{\"@type\":\"ListItem\",\"position\":2,\"name\":\"Polyak dilinin qrammatikas\u0131 m\u0259\u015f\u011f\u0259l\u0259l\u0259ri\"}]},{\"@type\":\"WebSite\",\"@id\":\"https:\/\/talkpal.ai\/az\/#website\",\"url\":\"https:\/\/talkpal.ai\/az\/\",\"name\":\"Talkpal\",\"description\":\"AI Language Learning\",\"publisher\":{\"@id\":\"https:\/\/talkpal.ai\/az\/#organization\"},\"alternateName\":\"Talkpal AI\",\"potentialAction\":[{\"@type\":\"SearchAction\",\"target\":{\"@type\":\"EntryPoint\",\"urlTemplate\":\"https:\/\/talkpal.ai\/az\/?s={search_term_string}\"},\"query-input\":{\"@type\":\"PropertyValueSpecification\",\"valueRequired\":true,\"valueName\":\"search_term_string\"}}],\"inLanguage\":\"az\"},{\"@type\":\"Organization\",\"@id\":\"https:\/\/talkpal.ai\/az\/#organization\",\"name\":\"Talkpal, Inc.\",\"alternateName\":\"Talkpal AI\",\"url\":\"https:\/\/talkpal.ai\/az\/\",\"logo\":{\"@type\":\"ImageObject\",\"inLanguage\":\"az\",\"@id\":\"https:\/\/talkpal.ai\/az\/#\/schema\/logo\/image\/\",\"url\":\"https:\/\/talkpal.ai\/wp-content\/uploads\/2024\/03\/Talkpal-Logo-Icon.png\",\"contentUrl\":\"https:\/\/talkpal.ai\/wp-content\/uploads\/2024\/03\/Talkpal-Logo-Icon.png\",\"width\":2880,\"height\":2880,\"caption\":\"Talkpal, Inc.\"},\"image\":{\"@id\":\"https:\/\/talkpal.ai\/az\/#\/schema\/logo\/image\/\"},\"sameAs\":[\"https:\/\/www.facebook.com\/profile.php?id=100090733639311\",\"https:\/\/x.com\/talkpalai\",\"https:\/\/www.linkedin.com\/company\/talkpal\/\",\"https:\/\/www.youtube.com\/@TalkPal\/\",\"https:\/\/www.tiktok.com\/@talkpal\",\"https:\/\/www.instagram.com\/talkpal_ai\/\",\"https:\/\/www.crunchbase.com\/organization\/talkpal-9cde\",\"https:\/\/www.g2.com\/products\/talkpal-for-business\/\",\"https:\/\/www.trustpilot.com\/review\/talkpal.ai\",\"https:\/\/www.capterra.com\/p\/10006800\/TalkPal\/\"],\"description\":\"Talkpal is a language learning web and mobile education app, powered by the latest AI technologies, that provides engaging experiences to its customers in many different languages to help them improve their language skills. Users can chat about unlimited amount of topics with the app and use other modes to practice their language learning.\",\"email\":\"support@talkpal.ai\",\"legalName\":\"Talkpal, Inc.\",\"foundingDate\":\"2023-04-03\",\"duns\":\"118989042\",\"numberOfEmployees\":{\"@type\":\"QuantitativeValue\",\"minValue\":\"11\",\"maxValue\":\"50\"},\"publishingPrinciples\":\"https:\/\/talkpal.ai\/publishing-principles\/\",\"actionableFeedbackPolicy\":\"https:\/\/talkpal.ai\/actionable-feedback-policy\/\",\"correctionsPolicy\":\"https:\/\/talkpal.ai\/corrections-policy\/\",\"ethicsPolicy\":\"https:\/\/talkpal.ai\/ethics-policy\/\",\"diversityPolicy\":\"https:\/\/talkpal.ai\/diversity-policy\/\",\"diversityStaffingReport\":\"https:\/\/talkpal.ai\/diversity-policy\/\"}]}<\/script>\n<!-- \/ Yoast SEO Premium plugin. -->","yoast_head_json":{"title":"Polyak dilinin qrammatikas\u0131 m\u0259\u015f\u011f\u0259l\u0259l\u0259ri - Talkpal","description":"B\u00fct\u00fcn s\u0259viyy\u0259l\u0259r \u00fc\u00e7\u00fcn n\u0259z\u0259rd\u0259 tutulmu\u015f interaktiv m\u0259\u015fql\u0259rl\u0259 Pol\u015fa qrammatikas\u0131n\u0131 m\u0259nims\u0259yin. M\u0259\u015fq edin v\u0259 dil bacar\u0131qlar\u0131n\u0131z\u0131 t\u0259kmill\u0259\u015fdirin!","robots":{"index":"index","follow":"follow","max-snippet":"max-snippet:-1","max-image-preview":"max-image-preview:large","max-video-preview":"max-video-preview:-1"},"canonical":"https:\/\/talkpal.ai\/az\/polyak-dilinin-qrammatikasi-m%c9%99sg%c9%99l%c9%99l%c9%99ri\/","og_locale":"az_AZ","og_type":"article","og_title":"Polyak dilinin qrammatikas\u0131 m\u0259\u015f\u011f\u0259l\u0259l\u0259ri","og_description":"Polyak dilinin qrammatikas\u0131 m\u00f6vzular\u0131 Q\u0259rbi slavyan dili olan polyak dili Pol\u015fan\u0131n yerli dilidir v\u0259 b\u00fct\u00fcn d\u00fcnyada milyonlarla insan t\u0259r\u0259find\u0259n dan\u0131\u015f\u0131l\u0131r.","og_url":"https:\/\/talkpal.ai\/az\/polyak-dilinin-qrammatikasi-m%c9%99sg%c9%99l%c9%99l%c9%99ri\/","og_site_name":"Talkpal","article_publisher":"https:\/\/www.facebook.com\/profile.php?id=100090733639311","article_modified_time":"2025-12-17T09:55:19+00:00","og_image":[{"width":512,"height":512,"url":"https:\/\/talkpal.ai\/wp-content\/uploads\/2023\/05\/poland.png","type":"image\/png"}],"twitter_card":"summary_large_image","twitter_site":"@talkpalai","twitter_misc":{"Est. reading time":"4 minutes"},"schema":{"@context":"https:\/\/schema.org","@graph":[{"@type":"WebPage","@id":"https:\/\/talkpal.ai\/az\/polyak-dilinin-qrammatikasi-m%c9%99sg%c9%99l%c9%99l%c9%99ri\/","url":"https:\/\/talkpal.ai\/az\/polyak-dilinin-qrammatikasi-m%c9%99sg%c9%99l%c9%99l%c9%99ri\/","name":"Polyak dilinin qrammatikas\u0131 m\u0259\u015f\u011f\u0259l\u0259l\u0259ri - Talkpal","isPartOf":{"@id":"https:\/\/talkpal.ai\/az\/#website"},"primaryImageOfPage":{"@id":"https:\/\/talkpal.ai\/az\/polyak-dilinin-qrammatikasi-m%c9%99sg%c9%99l%c9%99l%c9%99ri\/#primaryimage"},"image":{"@id":"https:\/\/talkpal.ai\/az\/polyak-dilinin-qrammatikasi-m%c9%99sg%c9%99l%c9%99l%c9%99ri\/#primaryimage"},"thumbnailUrl":"https:\/\/talkpal.ai\/wp-content\/uploads\/2023\/05\/poland.png","datePublished":"2023-06-27T09:07:34+00:00","dateModified":"2025-12-17T09:55:19+00:00","description":"B\u00fct\u00fcn s\u0259viyy\u0259l\u0259r \u00fc\u00e7\u00fcn n\u0259z\u0259rd\u0259 tutulmu\u015f interaktiv m\u0259\u015fql\u0259rl\u0259 Pol\u015fa qrammatikas\u0131n\u0131 m\u0259nims\u0259yin. M\u0259\u015fq edin v\u0259 dil bacar\u0131qlar\u0131n\u0131z\u0131 t\u0259kmill\u0259\u015fdirin!","breadcrumb":{"@id":"https:\/\/talkpal.ai\/az\/polyak-dilinin-qrammatikasi-m%c9%99sg%c9%99l%c9%99l%c9%99ri\/#breadcrumb"},"inLanguage":"az","potentialAction":[{"@type":"ReadAction","target":["https:\/\/talkpal.ai\/az\/polyak-dilinin-qrammatikasi-m%c9%99sg%c9%99l%c9%99l%c9%99ri\/"]}]},{"@type":"ImageObject","inLanguage":"az","@id":"https:\/\/talkpal.ai\/az\/polyak-dilinin-qrammatikasi-m%c9%99sg%c9%99l%c9%99l%c9%99ri\/#primaryimage","url":"https:\/\/talkpal.ai\/wp-content\/uploads\/2023\/05\/poland.png","contentUrl":"https:\/\/talkpal.ai\/wp-content\/uploads\/2023\/05\/poland.png","width":512,"height":512},{"@type":"BreadcrumbList","@id":"https:\/\/talkpal.ai\/az\/polyak-dilinin-qrammatikasi-m%c9%99sg%c9%99l%c9%99l%c9%99ri\/#breadcrumb","itemListElement":[{"@type":"ListItem","position":1,"name":"Homepage","item":"https:\/\/talkpal.ai\/az\/"},{"@type":"ListItem","position":2,"name":"Polyak dilinin qrammatikas\u0131 m\u0259\u015f\u011f\u0259l\u0259l\u0259ri"}]},{"@type":"WebSite","@id":"https:\/\/talkpal.ai\/az\/#website","url":"https:\/\/talkpal.ai\/az\/","name":"Talkpal","description":"AI Language Learning","publisher":{"@id":"https:\/\/talkpal.ai\/az\/#organization"},"alternateName":"Talkpal AI","potentialAction":[{"@type":"SearchAction","target":{"@type":"EntryPoint","urlTemplate":"https:\/\/talkpal.ai\/az\/?s={search_term_string}"},"query-input":{"@type":"PropertyValueSpecification","valueRequired":true,"valueName":"search_term_string"}}],"inLanguage":"az"},{"@type":"Organization","@id":"https:\/\/talkpal.ai\/az\/#organization","name":"Talkpal, Inc.","alternateName":"Talkpal AI","url":"https:\/\/talkpal.ai\/az\/","logo":{"@type":"ImageObject","inLanguage":"az","@id":"https:\/\/talkpal.ai\/az\/#\/schema\/logo\/image\/","url":"https:\/\/talkpal.ai\/wp-content\/uploads\/2024\/03\/Talkpal-Logo-Icon.png","contentUrl":"https:\/\/talkpal.ai\/wp-content\/uploads\/2024\/03\/Talkpal-Logo-Icon.png","width":2880,"height":2880,"caption":"Talkpal, Inc."},"image":{"@id":"https:\/\/talkpal.ai\/az\/#\/schema\/logo\/image\/"},"sameAs":["https:\/\/www.facebook.com\/profile.php?id=100090733639311","https:\/\/x.com\/talkpalai","https:\/\/www.linkedin.com\/company\/talkpal\/","https:\/\/www.youtube.com\/@TalkPal\/","https:\/\/www.tiktok.com\/@talkpal","https:\/\/www.instagram.com\/talkpal_ai\/","https:\/\/www.crunchbase.com\/organization\/talkpal-9cde","https:\/\/www.g2.com\/products\/talkpal-for-business\/","https:\/\/www.trustpilot.com\/review\/talkpal.ai","https:\/\/www.capterra.com\/p\/10006800\/TalkPal\/"],"description":"Talkpal is a language learning web and mobile education app, powered by the latest AI technologies, that provides engaging experiences to its customers in many different languages to help them improve their language skills. Users can chat about unlimited amount of topics with the app and use other modes to practice their language learning.","email":"support@talkpal.ai","legalName":"Talkpal, Inc.","foundingDate":"2023-04-03","duns":"118989042","numberOfEmployees":{"@type":"QuantitativeValue","minValue":"11","maxValue":"50"},"publishingPrinciples":"https:\/\/talkpal.ai\/publishing-principles\/","actionableFeedbackPolicy":"https:\/\/talkpal.ai\/actionable-feedback-policy\/","correctionsPolicy":"https:\/\/talkpal.ai\/corrections-policy\/","ethicsPolicy":"https:\/\/talkpal.ai\/ethics-policy\/","diversityPolicy":"https:\/\/talkpal.ai\/diversity-policy\/","diversityStaffingReport":"https:\/\/talkpal.ai\/diversity-policy\/"}]}},"_links":{"self":[{"href":"https:\/\/talkpal.ai\/az\/wp-json\/wp\/v2\/pages\/157841","targetHints":{"allow":["GET"]}}],"collection":[{"href":"https:\/\/talkpal.ai\/az\/wp-json\/wp\/v2\/pages"}],"about":[{"href":"https:\/\/talkpal.ai\/az\/wp-json\/wp\/v2\/types\/page"}],"author":[{"embeddable":true,"href":"https:\/\/talkpal.ai\/az\/wp-json\/wp\/v2\/users\/6"}],"replies":[{"embeddable":true,"href":"https:\/\/talkpal.ai\/az\/wp-json\/wp\/v2\/comments?post=157841"}],"version-history":[{"count":0,"href":"https:\/\/talkpal.ai\/az\/wp-json\/wp\/v2\/pages\/157841\/revisions"}],"wp:featuredmedia":[{"embeddable":true,"href":"https:\/\/talkpal.ai\/az\/wp-json\/wp\/v2\/media\/117419"}],"wp:attachment":[{"href":"https:\/\/talkpal.ai\/az\/wp-json\/wp\/v2\/media?parent=157841"}],"curies":[{"name":"wp","href":"https:\/\/api.w.org\/{rel}","templated":true}]}}