{"id":157561,"date":"2023-06-28T09:53:38","date_gmt":"2023-06-28T09:53:38","guid":{"rendered":"http:\/\/talkpal.ai\/rumin-dilinin-qrammatikasi-m%c9%99sg%c9%99l%c9%99l%c9%99ri\/"},"modified":"2025-12-17T09:58:01","modified_gmt":"2025-12-17T09:58:01","slug":"rumin-dilinin-qrammatikasi-m%c9%99sg%c9%99l%c9%99l%c9%99ri","status":"publish","type":"page","link":"https:\/\/talkpal.ai\/az\/rumin-dilinin-qrammatikasi-m%c9%99sg%c9%99l%c9%99l%c9%99ri\/","title":{"rendered":"Rum\u0131n dilinin qrammatikas\u0131 m\u0259\u015f\u011f\u0259l\u0259l\u0259ri"},"content":{"rendered":"\r\n\r\n\r\n<section class=\"languageChallengeSection\">\r\n    <div class=\"languageInfoWrapper\">\r\n        \r\n        <h1>Rum\u0131n dilinin qrammatikas\u0131 m\u0259\u015f\u011f\u0259l\u0259l\u0259ri<\/h1>\r\n        <p>Rum\u0131niya bacar\u0131qlar\u0131n\u0131z\u0131 art\u0131rmaq ist\u0259yirsiniz? Qrammatik m\u0259\u015fql\u0259ri m\u0259\u015fq etm\u0259k c\u00fcml\u0259 qurulu\u015funu, fel birl\u0259\u015fm\u0259l\u0259rini v\u0259 <a href=\"https:\/\/talkpal.ai\/learn-romanian\/\">rum\u0131n<\/a> dilinin unikal x\u00fcsusiyy\u0259tl\u0259rini m\u0259nims\u0259m\u0259yin etibarl\u0131 yoludur. <a href=\"https:\/\/talkpal.ai\/romanian-grammar\/\">Rum\u0131n dilinin qrammatikas\u0131<\/a> \u00fcz\u0259rind\u0259 i\u015fl\u0259m\u0259y\u0259 bu g\u00fcn ba\u015flay\u0131n v\u0259 h\u0259r m\u0259\u015fql\u0259 inam\u0131n\u0131z\u0131n v\u0259 r\u0259vanl\u0131\u011f\u0131n\u0131z\u0131n artmas\u0131n\u0131 izl\u0259yin!\n\n<\/p>\r\n\r\n                            <a class=\"getStartedHidden\" href=\"https:\/\/app.talkpal.ai\/signup?lng=\">Ba\u015fla<\/a>\r\n        \r\n    <\/div>\r\n\r\n    <figure>\r\n    <img decoding=\"async\" width=\"768\" height=\"768\" src=\"https:\/\/talkpal.ai\/wp-content\/uploads\/2023\/06\/romanian-768x768.png\" class=\"languageImage no-lazy\" alt=\"Language learning for intellectual challenge\" fetchpriority=\"high\" sizes=\"(max-width: 768px) 150px, 768px\" srcset=\"https:\/\/talkpal.ai\/wp-content\/uploads\/2023\/06\/romanian-768x768.png 768w, https:\/\/talkpal.ai\/wp-content\/uploads\/2023\/06\/romanian-300x300.png 300w\" \/>\r\n    \r\n\r\n    <\/figure>\r\n\r\n            <a class=\"getStartedVisible\" href=\"https:\/\/app.talkpal.ai\/signup?lng=\">Ba\u015fla<\/a>\r\n    \r\n<\/section>\r\n\r\n\r\n<!-- <section class=\"grammarSection\">\r\n    <div class=\"grammarLinks\">\r\n            <\/div>\r\n<\/section> -->\r\n\r\n\r\n\r\n\r\n<section class=\"promotionalBanner\">\r\n    <p class=\"promotionalText\">Dil \u00f6yr\u0259nm\u0259yin \u0259n t\u0259sirli yolu<\/p>\r\n    <a class=\"promotionalLink\" href=\"https:\/\/app.talkpal.ai\/signup?lng=\">Talkpal pulsuz s\u0131nay\u0131n<\/a>\r\n<\/section>\n<div class=\"wp-block-group pageContainerStyle\"><div class=\"wp-block-group__inner-container is-layout-constrained wp-block-group-is-layout-constrained\">\n<h2 class=\"wp-block-heading\" id=\"h-romanian-grammar-topics\">Rum\u0131n dilinin qrammatikas\u0131 m\u00f6vzular\u0131<\/h2>\n\n\n\n<p>Rum\u0131niya dilini <a href=\"https:\/\/talkpal.ai\/az\/oyr%c9%99nm%c9%99k\/\">\u00f6yr\u0259nm\u0259k<\/a>, z\u0259ngin m\u0259d\u0259niyy\u0259t v\u0259 tarix haqq\u0131nda t\u0259s\u0259vv\u00fcrl\u0259r b\u0259x\u015f etm\u0259kl\u0259, m\u00fckafatland\u0131r\u0131c\u0131 bir i\u015f say\u0131l\u0131r. Rum\u0131n dilinin qrammatikas\u0131 m\u00fcr\u0259kk\u0259b olsa da, sistemli yana\u015fma onu idar\u0259oluna bil\u0259r. \u018fsas olan \u0259sas elementl\u0259rd\u0259n ba\u015flayaraq v\u0259 t\u0259dric\u0259n inki\u015faf etmi\u015f m\u00f6vzulara do\u011fru ir\u0259lil\u0259y\u0259r\u0259k onun qurulu\u015funu v\u0259 qaydalar\u0131n\u0131 anlamaqd\u0131r. Bu b\u0259l\u0259d\u00e7i rum\u0131n dilinin qrammatikas\u0131n\u0131 \u00f6yr\u0259nm\u0259k \u00fc\u00e7\u00fcn optimal ard\u0131c\u0131ll\u0131\u011f\u0131 t\u0259min edir. Burada g\u0259rginliy\u0259, feill\u0259r\u0259, isiml\u0259r\u0259, m\u0259qal\u0259l\u0259r\u0259, pronoun\/determinivl\u0259r\u0259, adjectives, adverbs, conditionals, prepositions v\u0259 c\u00fcml\u0259 tikintisin\u0259 diqq\u0259t yetirilir.<\/p>\n\n\n\n<h3 class=\"wp-block-heading\" id=\"h-1-nouns\">1. Nouns:<\/h3>\n\n\n\n<p>Cinsl\u0259ri v\u0259 hallar\u0131 olan rum\u0131n nounlar\u0131n\u0131 \u00f6yr\u0259nm\u0259kl\u0259 ba\u015flay\u0131n. Dilin \u0259saslar\u0131n\u0131 ba\u015fa d\u00fc\u015fm\u0259kd\u0259 noun formalar\u0131 il\u0259 tan\u0131\u015f olmaq k\u00f6m\u0259k edir.<\/p>\n\n\n\n<h3 class=\"wp-block-heading\" id=\"h-2-articles\">2. M\u0259qal\u0259l\u0259r:<\/h3>\n\n\n\n<p>Sonra is\u0259, nouns il\u0259 istifad\u0259 olunan m\u0259qal\u0259l\u0259r haqq\u0131nda m\u0259lumat \u0259ld\u0259 etm\u0259k. Rum\u0131n dili noun cinsi, say\u0131 v\u0259 hal\u0131 il\u0259 raz\u0131la\u015fan q\u0259ti v\u0259 m\u00fcdd\u0259tsiz m\u0259qal\u0259l\u0259r\u0259 malikdir.<\/p>\n\n\n\n<h3 class=\"wp-block-heading\" id=\"h-3-adjectives\">3. Adjectives:<\/h3>\n\n\n\n<p>Rum\u0131n dilind\u0259 adjectives cins, \u0259d\u0259d v\u0259 case il\u0259 raz\u0131la\u015f\u0131r v\u0259 onlar\u0131n d\u0259yi\u015fdirdikl\u0259ri noun il\u0259. Bu m\u00f6vzunu \u00f6yr\u0259nm\u0259k s\u00f6z ehtiyat\u0131n\u0131n v\u0259 c\u00fcml\u0259nin in\u015fas\u0131nda yard\u0131m\u00e7\u0131 olacaq.<\/p>\n\n\n\n<h3 class=\"wp-block-heading\" id=\"h-4-pronouns-determiners\">4. Pronouns\/Determinl\u0259r:<\/h3>\n\n\n\n<p>Bunlar (bu da) onlar\u0131n (Allah\u0131n) ay\u0259l\u0259ri il\u0259 m\u00fc\u0259yy\u0259n edilmi\u015f bir sirdir. Onlar\u0131 \u00f6yr\u0259nm\u0259k t\u0259krarlamama\u011fa v\u0259 c\u00fcml\u0259l\u0259ri daha r\u0259ngar\u0259ng etm\u0259y\u0259 k\u00f6m\u0259k ed\u0259c\u0259k.<\/p>\n\n\n\n<h3 class=\"wp-block-heading\" id=\"h-5-verbs\">5. Feill\u0259r:<\/h3>\n\n\n\n<p>Fell\u0259r c\u00fcml\u0259l\u0259rin \u0259sas\u0131n\u0131 t\u0259\u015fkil edir. Onlar h\u0259r\u0259k\u0259tl\u0259rin v\u0259 ya varl\u0131qlar\u0131n \u015ftamlar\u0131n\u0131 g\u00f6st\u0259rir. Rum\u0131n feill\u0259ri \u0259hval-ruhiyy\u0259y\u0259, g\u0259rginliy\u0259, insana v\u0259 saya g\u00f6r\u0259 birl\u0259\u015fir.<\/p>\n\n\n\n<h3 class=\"wp-block-heading\" id=\"h-6-tenses\">6. G\u0259rginlikl\u0259r:<\/h3>\n\n\n\n<p>Rum\u0131niyada ke\u00e7mi\u015f, indiki v\u0259 g\u0259l\u0259c\u0259k h\u0259r\u0259k\u0259tl\u0259ri ifad\u0259 etm\u0259k \u00fc\u00e7\u00fcn bir ne\u00e7\u0259 g\u0259rginlilik var. Onlar\u0131 nizaml\u0131 \u015f\u0259kild\u0259 \u00f6yr\u0259nm\u0259k \u2013 indiki, ke\u00e7mi\u015f v\u0259 g\u0259l\u0259c\u0259k \u2013 m\u00fcxt\u0259lif zaman \u00e7\u0259r\u00e7iv\u0259l\u0259rini d\u0259rk etm\u0259y\u0259 v\u0259 ifad\u0259 etm\u0259y\u0259 k\u00f6m\u0259k ed\u0259c\u0259k.<\/p>\n\n\n\n<h3 class=\"wp-block-heading\" id=\"h-7-tense-comparison\">7. G\u0259rgin m\u00fcqayis\u0259:<\/h3>\n\n\n\n<p>M\u00fcxt\u0259lif g\u0259rginlikl\u0259rin m\u00fcqayis\u0259 v\u0259 kontrast nec\u0259 oldu\u011funu anlamaq onlar\u0131 d\u00fczg\u00fcn istifad\u0259 etm\u0259k \u00fc\u00e7\u00fcn \u0259sasd\u0131r. Bu add\u0131m feild\u0259n istifad\u0259ni art\u0131rma\u011fa k\u00f6m\u0259k ed\u0259c\u0259k.<\/p>\n\n\n\n<h3 class=\"wp-block-heading\" id=\"h-8-progressive-and-perfect-progressive\">8. M\u00fct\u0259r\u0259qqi v\u0259 m\u00fck\u0259mm\u0259l t\u0259r\u0259qqi:<\/h3>\n\n\n\n<p>Bunlar davam ed\u0259n v\u0259 ya tamamlanm\u0131\u015f h\u0259r\u0259k\u0259tl\u0259ri ifad\u0259 etm\u0259y\u0259 imkan ver\u0259n daha inki\u015faf etmi\u015f feil formalar\u0131d\u0131r.<\/p>\n\n\n\n<h3 class=\"wp-block-heading\" id=\"h-9-adverbs\">9. Adverbl\u0259r:<\/h3>\n\n\n\n<p>Adverbs feill\u0259ri, adjectives v\u0259 ya dig\u0259r adverbsl\u0259ri d\u0259yi\u015fdirir. Onlar c\u00fcml\u0259l\u0259r\u0259 t\u0259fsilatlar\u0131 \u0259lav\u0259 ed\u0259r\u0259k, s\u00f6zl\u0259rinin yerini, vaxt\u0131n\u0131, tez-tezini, d\u0259r\u0259c\u0259sini v\u0259 daha \u00e7oxunu ifad\u0259 etm\u0259y\u0259 k\u00f6m\u0259k edir.<\/p>\n\n\n\n<h3 class=\"wp-block-heading\" id=\"h-10-conditionals\">10. \u015e\u0259rti olaraq:<\/h3>\n\n\n\n<p>\u015e\u0259rti v\u0259ziyy\u0259tl\u0259r hipotetik v\u0259ziyy\u0259tl\u0259ri v\u0259 onlar\u0131n m\u00fcmk\u00fcn n\u0259tic\u0259l\u0259rini ifad\u0259 edir. Onlar m\u00fcr\u0259kk\u0259b fikirl\u0259rin ifad\u0259 olunmas\u0131 \u00fc\u00e7\u00fcn z\u0259ruridir.<\/p>\n\n\n\n<h3 class=\"wp-block-heading\" id=\"h-11-prepositions\">11. Prepozisiyalar:<\/h3>\n\n\n\n<p>Prepozisiyalar s\u00f6z v\u0259 ifad\u0259l\u0259ri \u0259laq\u0259l\u0259ndirir, konteksti t\u0259min edir. M\u0259kan, istiqam\u0259t, zaman v\u0259 dig\u0259r m\u00fcnasib\u0259tl\u0259ri g\u00f6st\u0259rir.<\/p>\n\n\n\n<h3 class=\"wp-block-heading\" id=\"h-12-sentences\">12. C\u00fcml\u0259l\u0259r:<\/h3>\n\n\n\n<p>N\u0259hay\u0259t, b\u00fct\u00fcn bu elementl\u0259rin c\u00fcml\u0259l\u0259ri nec\u0259 bir araya g\u0259tirdiyini ba\u015fa d\u00fc\u015fm\u0259k rum\u0131niya dilinin qrammatikas\u0131 il\u0259 ba\u011fl\u0131 anlay\u0131\u015f\u0131n\u0131z\u0131 daha da m\u00f6hk\u0259ml\u0259d\u0259c\u0259k. Bu son m\u0259rh\u0259l\u0259d\u0259 c\u00fcml\u0259 qurulu\u015fu, c\u00fcml\u0259nin n\u00f6vl\u0259ri v\u0259 dur\u011fu i\u015far\u0259l\u0259ri haqq\u0131nda m\u0259lumat \u0259ld\u0259 etm\u0259k laz\u0131md\u0131r.<\/p>\n<\/div><\/div>\n\r\n<section class=\"learnNavigationSection\">\r\n            \r\n        <a href=\"https:\/\/talkpal.ai\/az\/rumin-dilini-oyr%c9%99nin\/\">\r\n            <div class=\"learnNavigationWrapper\">\r\n                <div class=\"learnNavigationContent\">\r\n                    <img decoding=\"async\" src=\"https:\/\/talkpal.ai\/wp-content\/uploads\/2024\/08\/Romanian.jpg\" alt=\"Romanian Flag\">\r\n                    <div>\r\n                        <h4>Rum\u0131n dili \u00f6yr\u0259nm\u0259 haqq\u0131nda<\/h4>\r\n                        <p>Rum\u0131n dilinin qrammatikas\u0131 haqq\u0131nda h\u0259r \u015feyi \u00f6yr\u0259nin.<\/p>\r\n                    <\/div>\r\n                <\/div>\r\n            <\/div>\r\n        <\/a>\r\n\r\n        \r\n        <a href=\"https:\/\/talkpal.ai\/az\/rumin-dilinin-qrammatikasi\/\">\r\n            <div class=\"learnNavigationWrapper\">\r\n                <div class=\"learnNavigationContent\">\r\n                    <img decoding=\"async\" src=\"https:\/\/talkpal.ai\/wp-content\/uploads\/2024\/08\/Romanian.jpg\" alt=\"Romanian Flag\">\r\n                    <div>\r\n                        <h4>Rum\u0131n dilinin qrammatikas\u0131 d\u0259rsl\u0259ri<\/h4>\r\n                        <p>Rum\u0131n dilinin qrammatikas\u0131.<\/p>\r\n                    <\/div>\r\n                <\/div>\r\n            <\/div>\r\n        <\/a>\r\n\r\n        \r\n        <a href=\"https:\/\/talkpal.ai\/vocabulary_language\/romanian\/\">\r\n            <div class=\"learnNavigationWrapper\">\r\n                <div class=\"learnNavigationContent\">\r\n                    <img decoding=\"async\" src=\"https:\/\/talkpal.ai\/wp-content\/uploads\/2024\/08\/Romanian.jpg\" alt=\"Romanian Flag\">\r\n                    <div>\r\n                        <h4>Rum\u0131n dili l\u00fc\u011f\u0259ti<\/h4>\r\n                        <p>Rum\u0131n dili l\u00fc\u011f\u0259tinizi geni\u015fl\u0259ndirin.<\/p>\r\n                    <\/div>\r\n                <\/div>\r\n            <\/div>\r\n        <\/a>\r\n\r\n            <\/section>","protected":false},"excerpt":{"rendered":"<p>Rum\u0131n dilinin qrammatikas\u0131 m\u00f6vzular\u0131 Rum\u0131niya dilini \u00f6yr\u0259nm\u0259k, z\u0259ngin m\u0259d\u0259niyy\u0259t v\u0259 tarix haqq\u0131nda t\u0259s\u0259vv\u00fcrl\u0259r b\u0259x\u015f etm\u0259kl\u0259, m\u00fckafatland\u0131r\u0131c\u0131 bir i\u015f say\u0131l\u0131r. Rum\u0131n dilinin qrammatikas\u0131 m\u00fcr\u0259kk\u0259b olsa da, sistemli yana\u015fma onu idar\u0259oluna bil\u0259r. \u018fsas olan \u0259sas elementl\u0259rd\u0259n ba\u015flayaraq v\u0259 t\u0259dric\u0259n inki\u015faf etmi\u015f m\u00f6vzulara do\u011fru ir\u0259lil\u0259y\u0259r\u0259k onun qurulu\u015funu v\u0259 qaydalar\u0131n\u0131 anlamaqd\u0131r. Bu b\u0259l\u0259d\u00e7i rum\u0131n dilinin qrammatikas\u0131n\u0131 \u00f6yr\u0259nm\u0259k \u00fc\u00e7\u00fcn optimal [&hellip;]<\/p>\n","protected":false},"author":6,"featured_media":149362,"parent":0,"menu_order":0,"comment_status":"closed","ping_status":"closed","template":"LearningContentPage.php","meta":{"_acf_changed":false,"footnotes":""},"class_list":["post-157561","page","type-page","status-publish","has-post-thumbnail","hentry"],"acf":[],"yoast_head":"<!-- This site is optimized with the Yoast SEO Premium plugin v27.2 (Yoast SEO v27.2) - https:\/\/yoast.com\/product\/yoast-seo-premium-wordpress\/ -->\n<title>Rum\u0131n dilinin qrammatikas\u0131 m\u0259\u015f\u011f\u0259l\u0259l\u0259ri - Talkpal<\/title>\n<meta name=\"description\" content=\"M\u0259qs\u0259dli m\u0259\u015fql\u0259rl\u0259 Rum\u0131niya qrammatikas\u0131n\u0131 m\u0259nims\u0259yin. Rum\u0131n dili qrammatika m\u0259\u015fql\u0259rimiz \u00f6yr\u0259nm\u0259yi sistemli v\u0259 effektiv edir.\" \/>\n<meta name=\"robots\" content=\"index, follow, max-snippet:-1, max-image-preview:large, max-video-preview:-1\" \/>\n<link rel=\"canonical\" href=\"https:\/\/talkpal.ai\/az\/rumin-dilinin-qrammatikasi-m%c9%99sg%c9%99l%c9%99l%c9%99ri\/\" \/>\n<meta property=\"og:locale\" content=\"az_AZ\" \/>\n<meta property=\"og:type\" content=\"article\" \/>\n<meta property=\"og:title\" content=\"Rum\u0131n dilinin qrammatikas\u0131 m\u0259\u015f\u011f\u0259l\u0259l\u0259ri\" \/>\n<meta property=\"og:description\" content=\"Rum\u0131n dilinin qrammatikas\u0131 m\u00f6vzular\u0131 Rum\u0131niya dilini \u00f6yr\u0259nm\u0259k, z\u0259ngin m\u0259d\u0259niyy\u0259t v\u0259 tarix haqq\u0131nda t\u0259s\u0259vv\u00fcrl\u0259r b\u0259x\u015f etm\u0259kl\u0259, m\u00fckafatland\u0131r\u0131c\u0131 bir i\u015f\" \/>\n<meta property=\"og:url\" content=\"https:\/\/talkpal.ai\/az\/rumin-dilinin-qrammatikasi-m%c9%99sg%c9%99l%c9%99l%c9%99ri\/\" \/>\n<meta property=\"og:site_name\" content=\"Talkpal\" \/>\n<meta property=\"article:publisher\" content=\"https:\/\/www.facebook.com\/profile.php?id=100090733639311\" \/>\n<meta property=\"article:modified_time\" content=\"2025-12-17T09:58:01+00:00\" \/>\n<meta property=\"og:image\" content=\"https:\/\/talkpal.ai\/wp-content\/uploads\/2023\/05\/romania.png\" \/>\n\t<meta property=\"og:image:width\" content=\"512\" \/>\n\t<meta property=\"og:image:height\" content=\"512\" \/>\n\t<meta property=\"og:image:type\" content=\"image\/png\" \/>\n<meta name=\"twitter:card\" content=\"summary_large_image\" \/>\n<meta name=\"twitter:site\" content=\"@talkpalai\" \/>\n<meta name=\"twitter:label1\" content=\"Est. reading time\" \/>\n\t<meta name=\"twitter:data1\" content=\"3 minutes\" \/>\n<script type=\"application\/ld+json\" class=\"yoast-schema-graph\">{\"@context\":\"https:\/\/schema.org\",\"@graph\":[{\"@type\":\"WebPage\",\"@id\":\"https:\/\/talkpal.ai\/az\/rumin-dilinin-qrammatikasi-m%c9%99sg%c9%99l%c9%99l%c9%99ri\/\",\"url\":\"https:\/\/talkpal.ai\/az\/rumin-dilinin-qrammatikasi-m%c9%99sg%c9%99l%c9%99l%c9%99ri\/\",\"name\":\"Rum\u0131n dilinin qrammatikas\u0131 m\u0259\u015f\u011f\u0259l\u0259l\u0259ri - Talkpal\",\"isPartOf\":{\"@id\":\"https:\/\/talkpal.ai\/az\/#website\"},\"primaryImageOfPage\":{\"@id\":\"https:\/\/talkpal.ai\/az\/rumin-dilinin-qrammatikasi-m%c9%99sg%c9%99l%c9%99l%c9%99ri\/#primaryimage\"},\"image\":{\"@id\":\"https:\/\/talkpal.ai\/az\/rumin-dilinin-qrammatikasi-m%c9%99sg%c9%99l%c9%99l%c9%99ri\/#primaryimage\"},\"thumbnailUrl\":\"https:\/\/talkpal.ai\/wp-content\/uploads\/2023\/05\/romania.png\",\"datePublished\":\"2023-06-28T09:53:38+00:00\",\"dateModified\":\"2025-12-17T09:58:01+00:00\",\"description\":\"M\u0259qs\u0259dli m\u0259\u015fql\u0259rl\u0259 Rum\u0131niya qrammatikas\u0131n\u0131 m\u0259nims\u0259yin. Rum\u0131n dili qrammatika m\u0259\u015fql\u0259rimiz \u00f6yr\u0259nm\u0259yi sistemli v\u0259 effektiv edir.\",\"breadcrumb\":{\"@id\":\"https:\/\/talkpal.ai\/az\/rumin-dilinin-qrammatikasi-m%c9%99sg%c9%99l%c9%99l%c9%99ri\/#breadcrumb\"},\"inLanguage\":\"az\",\"potentialAction\":[{\"@type\":\"ReadAction\",\"target\":[\"https:\/\/talkpal.ai\/az\/rumin-dilinin-qrammatikasi-m%c9%99sg%c9%99l%c9%99l%c9%99ri\/\"]}]},{\"@type\":\"ImageObject\",\"inLanguage\":\"az\",\"@id\":\"https:\/\/talkpal.ai\/az\/rumin-dilinin-qrammatikasi-m%c9%99sg%c9%99l%c9%99l%c9%99ri\/#primaryimage\",\"url\":\"https:\/\/talkpal.ai\/wp-content\/uploads\/2023\/05\/romania.png\",\"contentUrl\":\"https:\/\/talkpal.ai\/wp-content\/uploads\/2023\/05\/romania.png\",\"width\":512,\"height\":512},{\"@type\":\"BreadcrumbList\",\"@id\":\"https:\/\/talkpal.ai\/az\/rumin-dilinin-qrammatikasi-m%c9%99sg%c9%99l%c9%99l%c9%99ri\/#breadcrumb\",\"itemListElement\":[{\"@type\":\"ListItem\",\"position\":1,\"name\":\"Homepage\",\"item\":\"https:\/\/talkpal.ai\/az\/\"},{\"@type\":\"ListItem\",\"position\":2,\"name\":\"Rum\u0131n dilinin qrammatikas\u0131 m\u0259\u015f\u011f\u0259l\u0259l\u0259ri\"}]},{\"@type\":\"WebSite\",\"@id\":\"https:\/\/talkpal.ai\/az\/#website\",\"url\":\"https:\/\/talkpal.ai\/az\/\",\"name\":\"Talkpal\",\"description\":\"AI Language Learning\",\"publisher\":{\"@id\":\"https:\/\/talkpal.ai\/az\/#organization\"},\"alternateName\":\"Talkpal AI\",\"potentialAction\":[{\"@type\":\"SearchAction\",\"target\":{\"@type\":\"EntryPoint\",\"urlTemplate\":\"https:\/\/talkpal.ai\/az\/?s={search_term_string}\"},\"query-input\":{\"@type\":\"PropertyValueSpecification\",\"valueRequired\":true,\"valueName\":\"search_term_string\"}}],\"inLanguage\":\"az\"},{\"@type\":\"Organization\",\"@id\":\"https:\/\/talkpal.ai\/az\/#organization\",\"name\":\"Talkpal, Inc.\",\"alternateName\":\"Talkpal AI\",\"url\":\"https:\/\/talkpal.ai\/az\/\",\"logo\":{\"@type\":\"ImageObject\",\"inLanguage\":\"az\",\"@id\":\"https:\/\/talkpal.ai\/az\/#\/schema\/logo\/image\/\",\"url\":\"https:\/\/talkpal.ai\/wp-content\/uploads\/2024\/03\/Talkpal-Logo-Icon.png\",\"contentUrl\":\"https:\/\/talkpal.ai\/wp-content\/uploads\/2024\/03\/Talkpal-Logo-Icon.png\",\"width\":2880,\"height\":2880,\"caption\":\"Talkpal, Inc.\"},\"image\":{\"@id\":\"https:\/\/talkpal.ai\/az\/#\/schema\/logo\/image\/\"},\"sameAs\":[\"https:\/\/www.facebook.com\/profile.php?id=100090733639311\",\"https:\/\/x.com\/talkpalai\",\"https:\/\/www.linkedin.com\/company\/talkpal\/\",\"https:\/\/www.youtube.com\/@TalkPal\/\",\"https:\/\/www.tiktok.com\/@talkpal\",\"https:\/\/www.instagram.com\/talkpal_ai\/\",\"https:\/\/www.crunchbase.com\/organization\/talkpal-9cde\",\"https:\/\/www.g2.com\/products\/talkpal-for-business\/\",\"https:\/\/www.trustpilot.com\/review\/talkpal.ai\",\"https:\/\/www.capterra.com\/p\/10006800\/TalkPal\/\"],\"description\":\"Talkpal is a language learning web and mobile education app, powered by the latest AI technologies, that provides engaging experiences to its customers in many different languages to help them improve their language skills. Users can chat about unlimited amount of topics with the app and use other modes to practice their language learning.\",\"email\":\"support@talkpal.ai\",\"legalName\":\"Talkpal, Inc.\",\"foundingDate\":\"2023-04-03\",\"duns\":\"118989042\",\"numberOfEmployees\":{\"@type\":\"QuantitativeValue\",\"minValue\":\"11\",\"maxValue\":\"50\"},\"publishingPrinciples\":\"https:\/\/talkpal.ai\/publishing-principles\/\",\"actionableFeedbackPolicy\":\"https:\/\/talkpal.ai\/actionable-feedback-policy\/\",\"correctionsPolicy\":\"https:\/\/talkpal.ai\/corrections-policy\/\",\"ethicsPolicy\":\"https:\/\/talkpal.ai\/ethics-policy\/\",\"diversityPolicy\":\"https:\/\/talkpal.ai\/diversity-policy\/\",\"diversityStaffingReport\":\"https:\/\/talkpal.ai\/diversity-policy\/\"}]}<\/script>\n<!-- \/ Yoast SEO Premium plugin. -->","yoast_head_json":{"title":"Rum\u0131n dilinin qrammatikas\u0131 m\u0259\u015f\u011f\u0259l\u0259l\u0259ri - Talkpal","description":"M\u0259qs\u0259dli m\u0259\u015fql\u0259rl\u0259 Rum\u0131niya qrammatikas\u0131n\u0131 m\u0259nims\u0259yin. Rum\u0131n dili qrammatika m\u0259\u015fql\u0259rimiz \u00f6yr\u0259nm\u0259yi sistemli v\u0259 effektiv edir.","robots":{"index":"index","follow":"follow","max-snippet":"max-snippet:-1","max-image-preview":"max-image-preview:large","max-video-preview":"max-video-preview:-1"},"canonical":"https:\/\/talkpal.ai\/az\/rumin-dilinin-qrammatikasi-m%c9%99sg%c9%99l%c9%99l%c9%99ri\/","og_locale":"az_AZ","og_type":"article","og_title":"Rum\u0131n dilinin qrammatikas\u0131 m\u0259\u015f\u011f\u0259l\u0259l\u0259ri","og_description":"Rum\u0131n dilinin qrammatikas\u0131 m\u00f6vzular\u0131 Rum\u0131niya dilini \u00f6yr\u0259nm\u0259k, z\u0259ngin m\u0259d\u0259niyy\u0259t v\u0259 tarix haqq\u0131nda t\u0259s\u0259vv\u00fcrl\u0259r b\u0259x\u015f etm\u0259kl\u0259, m\u00fckafatland\u0131r\u0131c\u0131 bir i\u015f","og_url":"https:\/\/talkpal.ai\/az\/rumin-dilinin-qrammatikasi-m%c9%99sg%c9%99l%c9%99l%c9%99ri\/","og_site_name":"Talkpal","article_publisher":"https:\/\/www.facebook.com\/profile.php?id=100090733639311","article_modified_time":"2025-12-17T09:58:01+00:00","og_image":[{"width":512,"height":512,"url":"https:\/\/talkpal.ai\/wp-content\/uploads\/2023\/05\/romania.png","type":"image\/png"}],"twitter_card":"summary_large_image","twitter_site":"@talkpalai","twitter_misc":{"Est. reading time":"3 minutes"},"schema":{"@context":"https:\/\/schema.org","@graph":[{"@type":"WebPage","@id":"https:\/\/talkpal.ai\/az\/rumin-dilinin-qrammatikasi-m%c9%99sg%c9%99l%c9%99l%c9%99ri\/","url":"https:\/\/talkpal.ai\/az\/rumin-dilinin-qrammatikasi-m%c9%99sg%c9%99l%c9%99l%c9%99ri\/","name":"Rum\u0131n dilinin qrammatikas\u0131 m\u0259\u015f\u011f\u0259l\u0259l\u0259ri - Talkpal","isPartOf":{"@id":"https:\/\/talkpal.ai\/az\/#website"},"primaryImageOfPage":{"@id":"https:\/\/talkpal.ai\/az\/rumin-dilinin-qrammatikasi-m%c9%99sg%c9%99l%c9%99l%c9%99ri\/#primaryimage"},"image":{"@id":"https:\/\/talkpal.ai\/az\/rumin-dilinin-qrammatikasi-m%c9%99sg%c9%99l%c9%99l%c9%99ri\/#primaryimage"},"thumbnailUrl":"https:\/\/talkpal.ai\/wp-content\/uploads\/2023\/05\/romania.png","datePublished":"2023-06-28T09:53:38+00:00","dateModified":"2025-12-17T09:58:01+00:00","description":"M\u0259qs\u0259dli m\u0259\u015fql\u0259rl\u0259 Rum\u0131niya qrammatikas\u0131n\u0131 m\u0259nims\u0259yin. Rum\u0131n dili qrammatika m\u0259\u015fql\u0259rimiz \u00f6yr\u0259nm\u0259yi sistemli v\u0259 effektiv edir.","breadcrumb":{"@id":"https:\/\/talkpal.ai\/az\/rumin-dilinin-qrammatikasi-m%c9%99sg%c9%99l%c9%99l%c9%99ri\/#breadcrumb"},"inLanguage":"az","potentialAction":[{"@type":"ReadAction","target":["https:\/\/talkpal.ai\/az\/rumin-dilinin-qrammatikasi-m%c9%99sg%c9%99l%c9%99l%c9%99ri\/"]}]},{"@type":"ImageObject","inLanguage":"az","@id":"https:\/\/talkpal.ai\/az\/rumin-dilinin-qrammatikasi-m%c9%99sg%c9%99l%c9%99l%c9%99ri\/#primaryimage","url":"https:\/\/talkpal.ai\/wp-content\/uploads\/2023\/05\/romania.png","contentUrl":"https:\/\/talkpal.ai\/wp-content\/uploads\/2023\/05\/romania.png","width":512,"height":512},{"@type":"BreadcrumbList","@id":"https:\/\/talkpal.ai\/az\/rumin-dilinin-qrammatikasi-m%c9%99sg%c9%99l%c9%99l%c9%99ri\/#breadcrumb","itemListElement":[{"@type":"ListItem","position":1,"name":"Homepage","item":"https:\/\/talkpal.ai\/az\/"},{"@type":"ListItem","position":2,"name":"Rum\u0131n dilinin qrammatikas\u0131 m\u0259\u015f\u011f\u0259l\u0259l\u0259ri"}]},{"@type":"WebSite","@id":"https:\/\/talkpal.ai\/az\/#website","url":"https:\/\/talkpal.ai\/az\/","name":"Talkpal","description":"AI Language Learning","publisher":{"@id":"https:\/\/talkpal.ai\/az\/#organization"},"alternateName":"Talkpal AI","potentialAction":[{"@type":"SearchAction","target":{"@type":"EntryPoint","urlTemplate":"https:\/\/talkpal.ai\/az\/?s={search_term_string}"},"query-input":{"@type":"PropertyValueSpecification","valueRequired":true,"valueName":"search_term_string"}}],"inLanguage":"az"},{"@type":"Organization","@id":"https:\/\/talkpal.ai\/az\/#organization","name":"Talkpal, Inc.","alternateName":"Talkpal AI","url":"https:\/\/talkpal.ai\/az\/","logo":{"@type":"ImageObject","inLanguage":"az","@id":"https:\/\/talkpal.ai\/az\/#\/schema\/logo\/image\/","url":"https:\/\/talkpal.ai\/wp-content\/uploads\/2024\/03\/Talkpal-Logo-Icon.png","contentUrl":"https:\/\/talkpal.ai\/wp-content\/uploads\/2024\/03\/Talkpal-Logo-Icon.png","width":2880,"height":2880,"caption":"Talkpal, Inc."},"image":{"@id":"https:\/\/talkpal.ai\/az\/#\/schema\/logo\/image\/"},"sameAs":["https:\/\/www.facebook.com\/profile.php?id=100090733639311","https:\/\/x.com\/talkpalai","https:\/\/www.linkedin.com\/company\/talkpal\/","https:\/\/www.youtube.com\/@TalkPal\/","https:\/\/www.tiktok.com\/@talkpal","https:\/\/www.instagram.com\/talkpal_ai\/","https:\/\/www.crunchbase.com\/organization\/talkpal-9cde","https:\/\/www.g2.com\/products\/talkpal-for-business\/","https:\/\/www.trustpilot.com\/review\/talkpal.ai","https:\/\/www.capterra.com\/p\/10006800\/TalkPal\/"],"description":"Talkpal is a language learning web and mobile education app, powered by the latest AI technologies, that provides engaging experiences to its customers in many different languages to help them improve their language skills. Users can chat about unlimited amount of topics with the app and use other modes to practice their language learning.","email":"support@talkpal.ai","legalName":"Talkpal, Inc.","foundingDate":"2023-04-03","duns":"118989042","numberOfEmployees":{"@type":"QuantitativeValue","minValue":"11","maxValue":"50"},"publishingPrinciples":"https:\/\/talkpal.ai\/publishing-principles\/","actionableFeedbackPolicy":"https:\/\/talkpal.ai\/actionable-feedback-policy\/","correctionsPolicy":"https:\/\/talkpal.ai\/corrections-policy\/","ethicsPolicy":"https:\/\/talkpal.ai\/ethics-policy\/","diversityPolicy":"https:\/\/talkpal.ai\/diversity-policy\/","diversityStaffingReport":"https:\/\/talkpal.ai\/diversity-policy\/"}]}},"_links":{"self":[{"href":"https:\/\/talkpal.ai\/az\/wp-json\/wp\/v2\/pages\/157561","targetHints":{"allow":["GET"]}}],"collection":[{"href":"https:\/\/talkpal.ai\/az\/wp-json\/wp\/v2\/pages"}],"about":[{"href":"https:\/\/talkpal.ai\/az\/wp-json\/wp\/v2\/types\/page"}],"author":[{"embeddable":true,"href":"https:\/\/talkpal.ai\/az\/wp-json\/wp\/v2\/users\/6"}],"replies":[{"embeddable":true,"href":"https:\/\/talkpal.ai\/az\/wp-json\/wp\/v2\/comments?post=157561"}],"version-history":[{"count":0,"href":"https:\/\/talkpal.ai\/az\/wp-json\/wp\/v2\/pages\/157561\/revisions"}],"wp:featuredmedia":[{"embeddable":true,"href":"https:\/\/talkpal.ai\/az\/wp-json\/wp\/v2\/media\/149362"}],"wp:attachment":[{"href":"https:\/\/talkpal.ai\/az\/wp-json\/wp\/v2\/media?parent=157561"}],"curies":[{"name":"wp","href":"https:\/\/api.w.org\/{rel}","templated":true}]}}