{"id":156613,"date":"2023-06-28T14:00:55","date_gmt":"2023-06-28T14:00:55","guid":{"rendered":"http:\/\/talkpal.ai\/svahili-qrammatika-m%c9%99sql%c9%99ri\/"},"modified":"2025-12-17T10:00:06","modified_gmt":"2025-12-17T10:00:06","slug":"svahili-qrammatika-m%c9%99sql%c9%99ri","status":"publish","type":"page","link":"https:\/\/talkpal.ai\/az\/svahili-qrammatika-m%c9%99sql%c9%99ri\/","title":{"rendered":"Svahili Qrammatika M\u0259\u015fql\u0259ri"},"content":{"rendered":"\r\n\r\n\r\n<section class=\"languageChallengeSection\">\r\n    <div class=\"languageInfoWrapper\">\r\n        \r\n        <h1>Svahili Qrammatika M\u0259\u015fql\u0259ri<\/h1>\r\n        <p>Suahili dili bacar\u0131qlar\u0131n\u0131z\u0131 g\u00fccl\u0259ndirm\u0259y\u0259 haz\u0131rs\u0131n\u0131z? Fokuslanm\u0131\u015f qrammatik m\u0259\u015fql\u0259r c\u00fcml\u0259 qurulu\u015funu, fel n\u00fcmun\u0259l\u0259rini v\u0259 \u0259sas s\u00f6z formalar\u0131n\u0131 anlamaq \u00fc\u00e7\u00fcn m\u00fck\u0259mm\u0259l bir yoldur. \u00d6z\u00fcn\u0259 inam yaratmaq, s\u00f6z ehtiyat\u0131n\u0131z\u0131 geni\u015fl\u0259ndirm\u0259k v\u0259 h\u0259r bir s\u00f6hb\u0259tin daha t\u0259bii \u015f\u0259kild\u0259 axmas\u0131n\u0131 t\u0259min etm\u0259k \u00fc\u00e7\u00fcn suahili dilinin qrammatikas\u0131 t\u0259cr\u00fcb\u0259sin\u0259 daxil olun. Bu g\u00fcn m\u0259\u015fq etm\u0259y\u0259 ba\u015flay\u0131n v\u0259 suahili dilinizin n\u0259 q\u0259d\u0259r tez inki\u015faf etdiyin\u0259 bax\u0131n!<\/p>\r\n\r\n                            <a class=\"getStartedHidden\" href=\"https:\/\/app.talkpal.ai\/signup?lng=\">Ba\u015fla<\/a>\r\n        \r\n    <\/div>\r\n\r\n    <figure>\r\n    <img decoding=\"async\" width=\"768\" height=\"768\" src=\"https:\/\/talkpal.ai\/wp-content\/uploads\/2023\/06\/Swahili-768x768.png\" class=\"languageImage no-lazy\" alt=\"Secrets to master language learning\" fetchpriority=\"high\" sizes=\"(max-width: 768px) 150px, 768px\" srcset=\"https:\/\/talkpal.ai\/wp-content\/uploads\/2023\/06\/Swahili-768x768.png 768w, https:\/\/talkpal.ai\/wp-content\/uploads\/2023\/06\/Swahili-300x300.png 300w\" \/>\r\n    \r\n\r\n    <\/figure>\r\n\r\n            <a class=\"getStartedVisible\" href=\"https:\/\/app.talkpal.ai\/signup?lng=\">Ba\u015fla<\/a>\r\n    \r\n<\/section>\r\n\r\n\r\n<!-- <section class=\"grammarSection\">\r\n    <div class=\"grammarLinks\">\r\n            <\/div>\r\n<\/section> -->\r\n\r\n\r\n\r\n\r\n<section class=\"promotionalBanner\">\r\n    <p class=\"promotionalText\">Dil \u00f6yr\u0259nm\u0259yin \u0259n t\u0259sirli yolu<\/p>\r\n    <a class=\"promotionalLink\" href=\"https:\/\/app.talkpal.ai\/signup?lng=\">Talkpal pulsuz s\u0131nay\u0131n<\/a>\r\n<\/section>\n<div class=\"wp-block-group pageContainerStyle\"><div class=\"wp-block-group__inner-container is-layout-constrained wp-block-group-is-layout-constrained\">\n<h2 class=\"wp-block-heading\" id=\"h-swahili-grammar-topics\">Svahili Qrammatika M\u00f6vzular\u0131<\/h2>\n\n\n\n<p><a href=\"https:\/\/talkpal.ai\/learn-swahili\/\">Svahili<\/a> <a href=\"https:\/\/talkpal.ai\/az\/oyr%c9%99nm%c9%99k\/\">\u00f6yr\u0259nm\u0259k<\/a> Afrikada \u0259n \u00e7ox dan\u0131\u015f\u0131lan dill\u0259rd\u0259n birin\u0259 s\u0259yah\u0259tdir. Bantu dilidir, \u0259sas\u0259n \u015e\u0259rqi Afrikada dan\u0131\u015f\u0131l\u0131r v\u0259 d\u00fcnyada t\u0259xmini 50-100 milyon n\u0259f\u0259r dan\u0131\u015f\u0131r. Svahili dilinin qrammatikas\u0131 \u00f6z\u00fcn\u0259m\u0259xsuslu\u011fu il\u0259 f\u0259rql\u0259nir v\u0259 dil qurulu\u015funa maraql\u0131 yana\u015fma t\u0259klif edir. Svahilini s\u0259m\u0259r\u0259li \u00f6yr\u0259nm\u0259k \u00fc\u00e7\u00fcn strukturla\u015fd\u0131r\u0131lm\u0131\u015f yana\u015fmaya riay\u0259t etm\u0259k olduqca vacibdir. O, g\u0259rgin, feil, isim, m\u0259qal\u0259, pronoun\/determiniv, adjectives, adverbs, conditionals, prepositions v\u0259 c\u00fcml\u0259 tikintisi kimi \u0259sas qrammatik m\u00f6vzulara diqq\u0259t yetirir. Bu komponentl\u0259rin h\u0259r biri dili anlamaq v\u0259 ustal\u0131qla m\u0259nims\u0259m\u0259k \u00fc\u00e7\u00fcn ayr\u0131lmazd\u0131r.<\/p>\n\n\n\n<h3 class=\"wp-block-heading\" id=\"h-1-nouns\">1. Nouns:<\/h3>\n\n\n\n<p>Svahili nouns \u00f6yr\u0259nm\u0259kl\u0259 ba\u015flay\u0131n. Svahilid\u0259 isiml\u0259r isim sinifl\u0259rin\u0259 g\u00f6r\u0259 t\u0259snif olunur ki, bu da onlara aid olan adjective, pronouns v\u0259 feill\u0259rin formas\u0131na t\u0259sir edir. Bu noun sinifl\u0259ri anlamaq Svahili qrammatikan\u0131n dig\u0259r aspektl\u0259rini \u00f6yr\u0259nm\u0259k \u00fc\u00e7\u00fcn \u0259sasd\u0131r.<\/p>\n\n\n\n<h3 class=\"wp-block-heading\" id=\"h-2-articles\">2. M\u0259qal\u0259l\u0259r:<\/h3>\n\n\n\n<p>Bir d\u0259f\u0259 n\u0259 is\u0259 ba\u015fa d\u00fc\u015fd\u00fcns\u0259, m\u0259qal\u0259y\u0259 ke\u00e7. Suahili dilind\u0259 \u201ca\u201d, \u201can\u201d v\u0259 ya \u201cthe\u201d kimi m\u00fc\u0259yy\u0259n v\u0259 ya qeyri-m\u00fc\u0259yy\u0259n artikll\u0259r yoxdur. Bununla bel\u0259, isim sinif sistemi ox\u015far rol oynay\u0131r, ona g\u00f6r\u0259 d\u0259 onu m\u0259nims\u0259m\u0259k vacibdir.<\/p>\n\n\n\n<h3 class=\"wp-block-heading\" id=\"h-3-pronouns-determiners\">3. Pronouns\/Determinl\u0259r:<\/h3>\n\n\n\n<p>Svahilid\u0259 pronounlar v\u0259 determinl\u0259r istinad etdikl\u0259ri noun sinfi \u0259sas\u0131nda d\u0259yi\u015firl\u0259r. Bu d\u0259yi\u015fiklikl\u0259ri \u00f6yr\u0259nm\u0259k tam c\u00fcml\u0259l\u0259rin d\u00fcz\u0259ldili\u015fl\u0259rin\u0259 k\u00f6m\u0259k ed\u0259c\u0259k.<\/p>\n\n\n\n<h3 class=\"wp-block-heading\" id=\"h-4-adjectives\">4. Adjectives:<\/h3>\n\n\n\n<p>Svahili adjectives) adland\u0131rd\u0131qlar\u0131 noun il\u0259 raz\u0131la\u015f\u0131r. Bu o dem\u0259kdir ki, sif\u0259t ismin sinfin\u0259 uy\u011fun olaraq formas\u0131n\u0131 d\u0259yi\u015fir. Bunu ba\u015fa d\u00fc\u015fm\u0259kl\u0259 c\u00fcml\u0259nizin tikintisi yax\u015f\u0131la\u015facaq.<\/p>\n\n\n\n<h3 class=\"wp-block-heading\" id=\"h-5-verbs\">5. Feill\u0259r:<\/h3>\n\n\n\n<p>Svahili feill\u0259ri h\u0259r\u0259k\u0259tl\u0259ri v\u0259 \u015ftammlar\u0131 ifad\u0259 etm\u0259k \u00fc\u00e7\u00fcn z\u0259ruridir. Onlar h\u0259m\u00e7inin g\u0259rgin, aspektli v\u0259 \u0259hval-ruhiyy\u0259li m\u0259lumatlar da da\u015f\u0131y\u0131rlar. Effektiv \u00fcnsiyy\u0259t \u00fc\u00e7\u00fcn <a href=\"https:\/\/talkpal.ai\/ko\/grammar\/%eb%8f%99%ec%82%ac-%ed%99%9c%ec%9a%a9%eb%b2%95\/\">verb conjugation<\/a> qaydalar\u0131n\u0131 bilm\u0259k olduqca vacibdir.<\/p>\n\n\n\n<h3 class=\"wp-block-heading\" id=\"h-6-tenses\">6. G\u0259rginlikl\u0259r:<\/h3>\n\n\n\n<p>G\u0259rginlik anlay\u0131\u015f\u0131 m\u00fcxt\u0259lif vaxtlarda ba\u015f ver\u0259n hadis\u0259l\u0259ri \u00e7atd\u0131rmaq \u00fc\u00e7\u00fcn \u0259sas rol oynay\u0131r. Svahili ke\u00e7mi\u015f, indiki v\u0259 g\u0259l\u0259c\u0259k hadis\u0259l\u0259r \u00fc\u00e7\u00fcn f\u0259rqli g\u0259rginlikl\u0259r\u0259 malikdir.<\/p>\n\n\n\n<h3 class=\"wp-block-heading\" id=\"h-7-tense-comparison\">7. G\u0259rgin m\u00fcqayis\u0259:<\/h3>\n\n\n\n<p>\u018fsas g\u0259rginlikl\u0259ri ba\u015fa d\u00fc\u015f\u0259nd\u0259n sonra onlar\u0131 m\u00fcqayis\u0259 etm\u0259yi \u00f6yr\u0259nm\u0259k laz\u0131md\u0131r. Bu, siz\u0259 m\u00fcr\u0259kk\u0259b fikir v\u0259 v\u0259ziyy\u0259tl\u0259ri ifad\u0259 etm\u0259kd\u0259 k\u00f6m\u0259k ed\u0259c\u0259k.<\/p>\n\n\n\n<h3 class=\"wp-block-heading\" id=\"h-8-progressive-and-perfect-progressive\">8. M\u00fct\u0259r\u0259qqi v\u0259 m\u00fck\u0259mm\u0259l t\u0259r\u0259qqi:<\/h3>\n\n\n\n<p>Bu aspektl\u0259rd\u0259 bitm\u0259kd\u0259 olan davam ed\u0259n h\u0259r\u0259k\u0259tl\u0259r v\u0259 ya h\u0259r\u0259k\u0259tl\u0259r ifad\u0259 olunur. Bunlar\u0131 ba\u015fa d\u00fc\u015fm\u0259k Svahilid\u0259 ifad\u0259 qabiliyy\u0259tinizi z\u0259nginl\u0259\u015fdir\u0259r.<\/p>\n\n\n\n<h3 class=\"wp-block-heading\" id=\"h-9-adverbs\">9. Adverbl\u0259r:<\/h3>\n\n\n\n<p>Adverbs feill\u0259ri, adjectives v\u0259 dig\u0259r adverbl\u0259ri d\u0259yi\u015fdirir. Onlar h\u0259r\u0259k\u0259t, keyfiyy\u0259t v\u0259 ya dig\u0259r hallar haqq\u0131nda \u0259lav\u0259 m\u0259lumat verir.<\/p>\n\n\n\n<h3 class=\"wp-block-heading\" id=\"h-10-conditionals\">10. \u015e\u0259rti olaraq:<\/h3>\n\n\n\n<p>\u015e\u0259rti hadis\u0259l\u0259r aras\u0131nda hipotetik v\u0259ziyy\u0259tl\u0259ri v\u0259 ya as\u0131l\u0131l\u0131qlar\u0131 ifad\u0259 edir. Onlar Svahilid\u0259 qabaqc\u0131l \u00fcnsiyy\u0259t \u00fc\u00e7\u00fcn yararl\u0131d\u0131r.<\/p>\n\n\n\n<h3 class=\"wp-block-heading\" id=\"h-11-prepositions\">11. Prepozisiyalar:<\/h3>\n\n\n\n<p>Prepozisiyalar c\u00fcml\u0259nin m\u00fcxt\u0259lif hiss\u0259l\u0259ri aras\u0131ndak\u0131 m\u00fcnasib\u0259tl\u0259ri ifad\u0259 etm\u0259y\u0259 imkan ver\u0259c\u0259k. M\u0259s\u0259l\u0259n, m\u0259kan, istiqam\u0259t, zaman, s\u0259b\u0259b v\u0259 s.<\/p>\n\n\n\n<h3 class=\"wp-block-heading\" id=\"h-12-sentences\">12. C\u00fcml\u0259l\u0259r:<\/h3>\n\n\n\n<p>N\u0259hay\u0259t, b\u00fct\u00fcn \u00f6yr\u0259nilmi\u015f nitq hiss\u0259l\u0259rind\u0259n istifad\u0259 ed\u0259r\u0259k c\u00fcml\u0259l\u0259ri nec\u0259 in\u015fa etm\u0259yi ba\u015fa d\u00fc\u015fm\u0259k Svahili \u00f6yr\u0259nm\u0259 s\u0259yah\u0259tinizin kulminasiya zirv\u0259sidir. Tam d\u00fc\u015f\u00fcnc\u0259l\u0259r yaratmaq \u00fc\u00e7\u00fcn s\u00f6z v\u0259 ifad\u0259l\u0259rin d\u00fcz\u00fclm\u0259sini n\u0259z\u0259rd\u0259 tutur.<\/p>\n<\/div><\/div>\n\r\n<section class=\"learnNavigationSection\">\r\n            \r\n        <a href=\"https:\/\/talkpal.ai\/az\/svahili-oyr%c9%99n\/\">\r\n            <div class=\"learnNavigationWrapper\">\r\n                <div class=\"learnNavigationContent\">\r\n                    <img decoding=\"async\" src=\"https:\/\/talkpal.ai\/wp-content\/uploads\/2024\/08\/Swahili.jpg\" alt=\"Kenya and Tanzania Flags\">\r\n                    <div>\r\n                        <h4>Suahili \u00d6yr\u0259nm\u0259 Haqq\u0131nda<\/h4>\r\n                        <p>Svahili qrammatikas\u0131 haqq\u0131nda h\u0259r \u015feyi \u00f6yr\u0259nin .<\/p>\r\n                    <\/div>\r\n                <\/div>\r\n            <\/div>\r\n        <\/a>\r\n\r\n        \r\n        <a href=\"https:\/\/talkpal.ai\/az\/svahili-qrammatikasi\/\">\r\n            <div class=\"learnNavigationWrapper\">\r\n                <div class=\"learnNavigationContent\">\r\n                    <img decoding=\"async\" src=\"https:\/\/talkpal.ai\/wp-content\/uploads\/2024\/08\/Swahili.jpg\" alt=\"Kenya and Tanzania Flags\">\r\n                    <div>\r\n                        <h4>Svahili Qrammatika D\u0259rsl\u0259ri<\/h4>\r\n                        <p>Svahili qrammatikas\u0131 praktik.<\/p>\r\n                    <\/div>\r\n                <\/div>\r\n            <\/div>\r\n        <\/a>\r\n\r\n        \r\n        <a href=\"https:\/\/talkpal.ai\/vocabulary_language\/swahili\/\">\r\n            <div class=\"learnNavigationWrapper\">\r\n                <div class=\"learnNavigationContent\">\r\n                    <img decoding=\"async\" src=\"https:\/\/talkpal.ai\/wp-content\/uploads\/2024\/08\/Swahili.jpg\" alt=\"Kenya and Tanzania Flags\">\r\n                    <div>\r\n                        <h4>Suahili l\u00fc\u011f\u0259ti<\/h4>\r\n                        <p>Suahili l\u00fc\u011f\u0259tinizi geni\u015fl\u0259ndirin.<\/p>\r\n                    <\/div>\r\n                <\/div>\r\n            <\/div>\r\n        <\/a>\r\n\r\n            <\/section>","protected":false},"excerpt":{"rendered":"<p>Svahili Qrammatika M\u00f6vzular\u0131 Svahili \u00f6yr\u0259nm\u0259k Afrikada \u0259n \u00e7ox dan\u0131\u015f\u0131lan dill\u0259rd\u0259n birin\u0259 s\u0259yah\u0259tdir. Bantu dilidir, \u0259sas\u0259n \u015e\u0259rqi Afrikada dan\u0131\u015f\u0131l\u0131r v\u0259 d\u00fcnyada t\u0259xmini 50-100 milyon n\u0259f\u0259r dan\u0131\u015f\u0131r. Svahili dilinin qrammatikas\u0131 \u00f6z\u00fcn\u0259m\u0259xsuslu\u011fu il\u0259 f\u0259rql\u0259nir v\u0259 dil qurulu\u015funa maraql\u0131 yana\u015fma t\u0259klif edir. Svahilini s\u0259m\u0259r\u0259li \u00f6yr\u0259nm\u0259k \u00fc\u00e7\u00fcn strukturla\u015fd\u0131r\u0131lm\u0131\u015f yana\u015fmaya riay\u0259t etm\u0259k olduqca vacibdir. O, g\u0259rgin, feil, isim, m\u0259qal\u0259, pronoun\/determiniv, adjectives, [&hellip;]<\/p>\n","protected":false},"author":6,"featured_media":119391,"parent":0,"menu_order":0,"comment_status":"closed","ping_status":"closed","template":"LearningContentPage.php","meta":{"_acf_changed":false,"footnotes":""},"class_list":["post-156613","page","type-page","status-publish","has-post-thumbnail","hentry"],"acf":[],"yoast_head":"<!-- This site is optimized with the Yoast SEO Premium plugin v27.2 (Yoast SEO v27.2) - https:\/\/yoast.com\/product\/yoast-seo-premium-wordpress\/ -->\n<title>Svahili Qrammatika M\u0259\u015fql\u0259ri - Talkpal<\/title>\n<meta name=\"description\" content=\"Dil bacar\u0131qlar\u0131n\u0131z\u0131 art\u0131rmaq v\u0259 suahili dilini ba\u015fa d\u00fc\u015fm\u0259nizi t\u0259kmill\u0259\u015fdirm\u0259k \u00fc\u00e7\u00fcn c\u0259lbedici suahili qrammatikas\u0131 m\u0259\u015fql\u0259rini ara\u015fd\u0131r\u0131n.\" \/>\n<meta name=\"robots\" content=\"index, follow, max-snippet:-1, max-image-preview:large, max-video-preview:-1\" \/>\n<link rel=\"canonical\" href=\"https:\/\/talkpal.ai\/az\/svahili-qrammatika-m%c9%99sql%c9%99ri\/\" \/>\n<meta property=\"og:locale\" content=\"az_AZ\" \/>\n<meta property=\"og:type\" content=\"article\" \/>\n<meta property=\"og:title\" content=\"Svahili Qrammatika M\u0259\u015fql\u0259ri\" \/>\n<meta property=\"og:description\" content=\"Svahili Qrammatika M\u00f6vzular\u0131 Svahili \u00f6yr\u0259nm\u0259k Afrikada \u0259n \u00e7ox dan\u0131\u015f\u0131lan dill\u0259rd\u0259n birin\u0259 s\u0259yah\u0259tdir. Bantu dilidir, \u0259sas\u0259n \u015e\u0259rqi Afrikada dan\u0131\u015f\u0131l\u0131r v\u0259\" \/>\n<meta property=\"og:url\" content=\"https:\/\/talkpal.ai\/az\/svahili-qrammatika-m%c9%99sql%c9%99ri\/\" \/>\n<meta property=\"og:site_name\" content=\"Talkpal\" \/>\n<meta property=\"article:publisher\" content=\"https:\/\/www.facebook.com\/profile.php?id=100090733639311\" \/>\n<meta property=\"article:modified_time\" content=\"2025-12-17T10:00:06+00:00\" \/>\n<meta property=\"og:image\" content=\"https:\/\/talkpal.ai\/wp-content\/uploads\/2023\/05\/Swahili-tanzania.png\" \/>\n\t<meta property=\"og:image:width\" content=\"512\" \/>\n\t<meta property=\"og:image:height\" content=\"512\" \/>\n\t<meta property=\"og:image:type\" content=\"image\/png\" \/>\n<meta name=\"twitter:card\" content=\"summary_large_image\" \/>\n<meta name=\"twitter:site\" content=\"@talkpalai\" \/>\n<meta name=\"twitter:label1\" content=\"Est. reading time\" \/>\n\t<meta name=\"twitter:data1\" content=\"3 minutes\" \/>\n<script type=\"application\/ld+json\" class=\"yoast-schema-graph\">{\"@context\":\"https:\/\/schema.org\",\"@graph\":[{\"@type\":\"WebPage\",\"@id\":\"https:\/\/talkpal.ai\/az\/svahili-qrammatika-m%c9%99sql%c9%99ri\/\",\"url\":\"https:\/\/talkpal.ai\/az\/svahili-qrammatika-m%c9%99sql%c9%99ri\/\",\"name\":\"Svahili Qrammatika M\u0259\u015fql\u0259ri - Talkpal\",\"isPartOf\":{\"@id\":\"https:\/\/talkpal.ai\/az\/#website\"},\"primaryImageOfPage\":{\"@id\":\"https:\/\/talkpal.ai\/az\/svahili-qrammatika-m%c9%99sql%c9%99ri\/#primaryimage\"},\"image\":{\"@id\":\"https:\/\/talkpal.ai\/az\/svahili-qrammatika-m%c9%99sql%c9%99ri\/#primaryimage\"},\"thumbnailUrl\":\"https:\/\/talkpal.ai\/wp-content\/uploads\/2023\/05\/Swahili-tanzania.png\",\"datePublished\":\"2023-06-28T14:00:55+00:00\",\"dateModified\":\"2025-12-17T10:00:06+00:00\",\"description\":\"Dil bacar\u0131qlar\u0131n\u0131z\u0131 art\u0131rmaq v\u0259 suahili dilini ba\u015fa d\u00fc\u015fm\u0259nizi t\u0259kmill\u0259\u015fdirm\u0259k \u00fc\u00e7\u00fcn c\u0259lbedici suahili qrammatikas\u0131 m\u0259\u015fql\u0259rini ara\u015fd\u0131r\u0131n.\",\"breadcrumb\":{\"@id\":\"https:\/\/talkpal.ai\/az\/svahili-qrammatika-m%c9%99sql%c9%99ri\/#breadcrumb\"},\"inLanguage\":\"az\",\"potentialAction\":[{\"@type\":\"ReadAction\",\"target\":[\"https:\/\/talkpal.ai\/az\/svahili-qrammatika-m%c9%99sql%c9%99ri\/\"]}]},{\"@type\":\"ImageObject\",\"inLanguage\":\"az\",\"@id\":\"https:\/\/talkpal.ai\/az\/svahili-qrammatika-m%c9%99sql%c9%99ri\/#primaryimage\",\"url\":\"https:\/\/talkpal.ai\/wp-content\/uploads\/2023\/05\/Swahili-tanzania.png\",\"contentUrl\":\"https:\/\/talkpal.ai\/wp-content\/uploads\/2023\/05\/Swahili-tanzania.png\",\"width\":512,\"height\":512},{\"@type\":\"BreadcrumbList\",\"@id\":\"https:\/\/talkpal.ai\/az\/svahili-qrammatika-m%c9%99sql%c9%99ri\/#breadcrumb\",\"itemListElement\":[{\"@type\":\"ListItem\",\"position\":1,\"name\":\"Homepage\",\"item\":\"https:\/\/talkpal.ai\/az\/\"},{\"@type\":\"ListItem\",\"position\":2,\"name\":\"Svahili Qrammatika M\u0259\u015fql\u0259ri\"}]},{\"@type\":\"WebSite\",\"@id\":\"https:\/\/talkpal.ai\/az\/#website\",\"url\":\"https:\/\/talkpal.ai\/az\/\",\"name\":\"Talkpal\",\"description\":\"AI Language Learning\",\"publisher\":{\"@id\":\"https:\/\/talkpal.ai\/az\/#organization\"},\"alternateName\":\"Talkpal AI\",\"potentialAction\":[{\"@type\":\"SearchAction\",\"target\":{\"@type\":\"EntryPoint\",\"urlTemplate\":\"https:\/\/talkpal.ai\/az\/?s={search_term_string}\"},\"query-input\":{\"@type\":\"PropertyValueSpecification\",\"valueRequired\":true,\"valueName\":\"search_term_string\"}}],\"inLanguage\":\"az\"},{\"@type\":\"Organization\",\"@id\":\"https:\/\/talkpal.ai\/az\/#organization\",\"name\":\"Talkpal, Inc.\",\"alternateName\":\"Talkpal AI\",\"url\":\"https:\/\/talkpal.ai\/az\/\",\"logo\":{\"@type\":\"ImageObject\",\"inLanguage\":\"az\",\"@id\":\"https:\/\/talkpal.ai\/az\/#\/schema\/logo\/image\/\",\"url\":\"https:\/\/talkpal.ai\/wp-content\/uploads\/2024\/03\/Talkpal-Logo-Icon.png\",\"contentUrl\":\"https:\/\/talkpal.ai\/wp-content\/uploads\/2024\/03\/Talkpal-Logo-Icon.png\",\"width\":2880,\"height\":2880,\"caption\":\"Talkpal, Inc.\"},\"image\":{\"@id\":\"https:\/\/talkpal.ai\/az\/#\/schema\/logo\/image\/\"},\"sameAs\":[\"https:\/\/www.facebook.com\/profile.php?id=100090733639311\",\"https:\/\/x.com\/talkpalai\",\"https:\/\/www.linkedin.com\/company\/talkpal\/\",\"https:\/\/www.youtube.com\/@TalkPal\/\",\"https:\/\/www.tiktok.com\/@talkpal\",\"https:\/\/www.instagram.com\/talkpal_ai\/\",\"https:\/\/www.crunchbase.com\/organization\/talkpal-9cde\",\"https:\/\/www.g2.com\/products\/talkpal-for-business\/\",\"https:\/\/www.trustpilot.com\/review\/talkpal.ai\",\"https:\/\/www.capterra.com\/p\/10006800\/TalkPal\/\"],\"description\":\"Talkpal is a language learning web and mobile education app, powered by the latest AI technologies, that provides engaging experiences to its customers in many different languages to help them improve their language skills. Users can chat about unlimited amount of topics with the app and use other modes to practice their language learning.\",\"email\":\"support@talkpal.ai\",\"legalName\":\"Talkpal, Inc.\",\"foundingDate\":\"2023-04-03\",\"duns\":\"118989042\",\"numberOfEmployees\":{\"@type\":\"QuantitativeValue\",\"minValue\":\"11\",\"maxValue\":\"50\"},\"publishingPrinciples\":\"https:\/\/talkpal.ai\/publishing-principles\/\",\"actionableFeedbackPolicy\":\"https:\/\/talkpal.ai\/actionable-feedback-policy\/\",\"correctionsPolicy\":\"https:\/\/talkpal.ai\/corrections-policy\/\",\"ethicsPolicy\":\"https:\/\/talkpal.ai\/ethics-policy\/\",\"diversityPolicy\":\"https:\/\/talkpal.ai\/diversity-policy\/\",\"diversityStaffingReport\":\"https:\/\/talkpal.ai\/diversity-policy\/\"}]}<\/script>\n<!-- \/ Yoast SEO Premium plugin. -->","yoast_head_json":{"title":"Svahili Qrammatika M\u0259\u015fql\u0259ri - Talkpal","description":"Dil bacar\u0131qlar\u0131n\u0131z\u0131 art\u0131rmaq v\u0259 suahili dilini ba\u015fa d\u00fc\u015fm\u0259nizi t\u0259kmill\u0259\u015fdirm\u0259k \u00fc\u00e7\u00fcn c\u0259lbedici suahili qrammatikas\u0131 m\u0259\u015fql\u0259rini ara\u015fd\u0131r\u0131n.","robots":{"index":"index","follow":"follow","max-snippet":"max-snippet:-1","max-image-preview":"max-image-preview:large","max-video-preview":"max-video-preview:-1"},"canonical":"https:\/\/talkpal.ai\/az\/svahili-qrammatika-m%c9%99sql%c9%99ri\/","og_locale":"az_AZ","og_type":"article","og_title":"Svahili Qrammatika M\u0259\u015fql\u0259ri","og_description":"Svahili Qrammatika M\u00f6vzular\u0131 Svahili \u00f6yr\u0259nm\u0259k Afrikada \u0259n \u00e7ox dan\u0131\u015f\u0131lan dill\u0259rd\u0259n birin\u0259 s\u0259yah\u0259tdir. Bantu dilidir, \u0259sas\u0259n \u015e\u0259rqi Afrikada dan\u0131\u015f\u0131l\u0131r v\u0259","og_url":"https:\/\/talkpal.ai\/az\/svahili-qrammatika-m%c9%99sql%c9%99ri\/","og_site_name":"Talkpal","article_publisher":"https:\/\/www.facebook.com\/profile.php?id=100090733639311","article_modified_time":"2025-12-17T10:00:06+00:00","og_image":[{"width":512,"height":512,"url":"https:\/\/talkpal.ai\/wp-content\/uploads\/2023\/05\/Swahili-tanzania.png","type":"image\/png"}],"twitter_card":"summary_large_image","twitter_site":"@talkpalai","twitter_misc":{"Est. reading time":"3 minutes"},"schema":{"@context":"https:\/\/schema.org","@graph":[{"@type":"WebPage","@id":"https:\/\/talkpal.ai\/az\/svahili-qrammatika-m%c9%99sql%c9%99ri\/","url":"https:\/\/talkpal.ai\/az\/svahili-qrammatika-m%c9%99sql%c9%99ri\/","name":"Svahili Qrammatika M\u0259\u015fql\u0259ri - Talkpal","isPartOf":{"@id":"https:\/\/talkpal.ai\/az\/#website"},"primaryImageOfPage":{"@id":"https:\/\/talkpal.ai\/az\/svahili-qrammatika-m%c9%99sql%c9%99ri\/#primaryimage"},"image":{"@id":"https:\/\/talkpal.ai\/az\/svahili-qrammatika-m%c9%99sql%c9%99ri\/#primaryimage"},"thumbnailUrl":"https:\/\/talkpal.ai\/wp-content\/uploads\/2023\/05\/Swahili-tanzania.png","datePublished":"2023-06-28T14:00:55+00:00","dateModified":"2025-12-17T10:00:06+00:00","description":"Dil bacar\u0131qlar\u0131n\u0131z\u0131 art\u0131rmaq v\u0259 suahili dilini ba\u015fa d\u00fc\u015fm\u0259nizi t\u0259kmill\u0259\u015fdirm\u0259k \u00fc\u00e7\u00fcn c\u0259lbedici suahili qrammatikas\u0131 m\u0259\u015fql\u0259rini ara\u015fd\u0131r\u0131n.","breadcrumb":{"@id":"https:\/\/talkpal.ai\/az\/svahili-qrammatika-m%c9%99sql%c9%99ri\/#breadcrumb"},"inLanguage":"az","potentialAction":[{"@type":"ReadAction","target":["https:\/\/talkpal.ai\/az\/svahili-qrammatika-m%c9%99sql%c9%99ri\/"]}]},{"@type":"ImageObject","inLanguage":"az","@id":"https:\/\/talkpal.ai\/az\/svahili-qrammatika-m%c9%99sql%c9%99ri\/#primaryimage","url":"https:\/\/talkpal.ai\/wp-content\/uploads\/2023\/05\/Swahili-tanzania.png","contentUrl":"https:\/\/talkpal.ai\/wp-content\/uploads\/2023\/05\/Swahili-tanzania.png","width":512,"height":512},{"@type":"BreadcrumbList","@id":"https:\/\/talkpal.ai\/az\/svahili-qrammatika-m%c9%99sql%c9%99ri\/#breadcrumb","itemListElement":[{"@type":"ListItem","position":1,"name":"Homepage","item":"https:\/\/talkpal.ai\/az\/"},{"@type":"ListItem","position":2,"name":"Svahili Qrammatika M\u0259\u015fql\u0259ri"}]},{"@type":"WebSite","@id":"https:\/\/talkpal.ai\/az\/#website","url":"https:\/\/talkpal.ai\/az\/","name":"Talkpal","description":"AI Language Learning","publisher":{"@id":"https:\/\/talkpal.ai\/az\/#organization"},"alternateName":"Talkpal AI","potentialAction":[{"@type":"SearchAction","target":{"@type":"EntryPoint","urlTemplate":"https:\/\/talkpal.ai\/az\/?s={search_term_string}"},"query-input":{"@type":"PropertyValueSpecification","valueRequired":true,"valueName":"search_term_string"}}],"inLanguage":"az"},{"@type":"Organization","@id":"https:\/\/talkpal.ai\/az\/#organization","name":"Talkpal, Inc.","alternateName":"Talkpal AI","url":"https:\/\/talkpal.ai\/az\/","logo":{"@type":"ImageObject","inLanguage":"az","@id":"https:\/\/talkpal.ai\/az\/#\/schema\/logo\/image\/","url":"https:\/\/talkpal.ai\/wp-content\/uploads\/2024\/03\/Talkpal-Logo-Icon.png","contentUrl":"https:\/\/talkpal.ai\/wp-content\/uploads\/2024\/03\/Talkpal-Logo-Icon.png","width":2880,"height":2880,"caption":"Talkpal, Inc."},"image":{"@id":"https:\/\/talkpal.ai\/az\/#\/schema\/logo\/image\/"},"sameAs":["https:\/\/www.facebook.com\/profile.php?id=100090733639311","https:\/\/x.com\/talkpalai","https:\/\/www.linkedin.com\/company\/talkpal\/","https:\/\/www.youtube.com\/@TalkPal\/","https:\/\/www.tiktok.com\/@talkpal","https:\/\/www.instagram.com\/talkpal_ai\/","https:\/\/www.crunchbase.com\/organization\/talkpal-9cde","https:\/\/www.g2.com\/products\/talkpal-for-business\/","https:\/\/www.trustpilot.com\/review\/talkpal.ai","https:\/\/www.capterra.com\/p\/10006800\/TalkPal\/"],"description":"Talkpal is a language learning web and mobile education app, powered by the latest AI technologies, that provides engaging experiences to its customers in many different languages to help them improve their language skills. Users can chat about unlimited amount of topics with the app and use other modes to practice their language learning.","email":"support@talkpal.ai","legalName":"Talkpal, Inc.","foundingDate":"2023-04-03","duns":"118989042","numberOfEmployees":{"@type":"QuantitativeValue","minValue":"11","maxValue":"50"},"publishingPrinciples":"https:\/\/talkpal.ai\/publishing-principles\/","actionableFeedbackPolicy":"https:\/\/talkpal.ai\/actionable-feedback-policy\/","correctionsPolicy":"https:\/\/talkpal.ai\/corrections-policy\/","ethicsPolicy":"https:\/\/talkpal.ai\/ethics-policy\/","diversityPolicy":"https:\/\/talkpal.ai\/diversity-policy\/","diversityStaffingReport":"https:\/\/talkpal.ai\/diversity-policy\/"}]}},"_links":{"self":[{"href":"https:\/\/talkpal.ai\/az\/wp-json\/wp\/v2\/pages\/156613","targetHints":{"allow":["GET"]}}],"collection":[{"href":"https:\/\/talkpal.ai\/az\/wp-json\/wp\/v2\/pages"}],"about":[{"href":"https:\/\/talkpal.ai\/az\/wp-json\/wp\/v2\/types\/page"}],"author":[{"embeddable":true,"href":"https:\/\/talkpal.ai\/az\/wp-json\/wp\/v2\/users\/6"}],"replies":[{"embeddable":true,"href":"https:\/\/talkpal.ai\/az\/wp-json\/wp\/v2\/comments?post=156613"}],"version-history":[{"count":0,"href":"https:\/\/talkpal.ai\/az\/wp-json\/wp\/v2\/pages\/156613\/revisions"}],"wp:featuredmedia":[{"embeddable":true,"href":"https:\/\/talkpal.ai\/az\/wp-json\/wp\/v2\/media\/119391"}],"wp:attachment":[{"href":"https:\/\/talkpal.ai\/az\/wp-json\/wp\/v2\/media?parent=156613"}],"curies":[{"name":"wp","href":"https:\/\/api.w.org\/{rel}","templated":true}]}}