{"id":156279,"date":"2023-07-05T10:08:32","date_gmt":"2023-07-05T10:08:32","guid":{"rendered":"http:\/\/talkpal.ai\/tagalog-qrammatika-m%c9%99sql%c9%99ri\/"},"modified":"2025-12-17T09:52:05","modified_gmt":"2025-12-17T09:52:05","slug":"tagalog-qrammatika-m%c9%99sql%c9%99ri","status":"publish","type":"page","link":"https:\/\/talkpal.ai\/az\/tagalog-qrammatika-m%c9%99sql%c9%99ri\/","title":{"rendered":"Tagalog Qrammatika M\u0259\u015fql\u0259ri"},"content":{"rendered":"\r\n\r\n\r\n<section class=\"languageChallengeSection\">\r\n    <div class=\"languageInfoWrapper\">\r\n        \r\n        <h1>Tagalog Qrammatika M\u0259\u015fql\u0259ri<\/h1>\r\n        <p>Taqaloqda daha inaml\u0131 olmaq ist\u0259yirsiniz? Qrammatik m\u0259\u015fql\u0259ri m\u0259\u015fq etm\u0259k c\u00fcml\u0259 qurulu\u015funu, fel formalar\u0131n\u0131 v\u0259 dild\u0259ki unikal n\u00fcmun\u0259l\u0259ri ba\u015fa d\u00fc\u015fm\u0259k \u00fc\u00e7\u00fcn \u0259la yoldur. Bu g\u00fcn Taqaloqun qrammatikas\u0131 \u00fcz\u0259rind\u0259 i\u015fl\u0259m\u0259y\u0259 ba\u015flay\u0131n v\u0259 h\u0259r add\u0131mda bacar\u0131qlar\u0131n\u0131z\u0131n v\u0259 inam\u0131n\u0131z\u0131n artd\u0131\u011f\u0131n\u0131 g\u00f6r\u00fcn!<\/p>\r\n\r\n                            <a class=\"getStartedHidden\" href=\"https:\/\/app.talkpal.ai\/signup?lng=\">Ba\u015fla<\/a>\r\n        \r\n    <\/div>\r\n\r\n    <figure>\r\n    <img decoding=\"async\" width=\"768\" height=\"768\" src=\"https:\/\/talkpal.ai\/wp-content\/uploads\/2023\/06\/tagalog-768x768.png\" class=\"languageImage no-lazy\" alt=\"Overcoming challenges in language learning\" fetchpriority=\"high\" sizes=\"(max-width: 768px) 150px, 768px\" srcset=\"https:\/\/talkpal.ai\/wp-content\/uploads\/2023\/06\/tagalog-768x768.png 768w, https:\/\/talkpal.ai\/wp-content\/uploads\/2023\/06\/tagalog-300x300.png 300w\" \/>\r\n    \r\n\r\n    <\/figure>\r\n\r\n            <a class=\"getStartedVisible\" href=\"https:\/\/app.talkpal.ai\/signup?lng=\">Ba\u015fla<\/a>\r\n    \r\n<\/section>\r\n\r\n\r\n<!-- <section class=\"grammarSection\">\r\n    <div class=\"grammarLinks\">\r\n            <\/div>\r\n<\/section> -->\r\n\r\n\r\n\r\n\r\n<section class=\"promotionalBanner\">\r\n    <p class=\"promotionalText\">Dil \u00f6yr\u0259nm\u0259yin \u0259n t\u0259sirli yolu<\/p>\r\n    <a class=\"promotionalLink\" href=\"https:\/\/app.talkpal.ai\/signup?lng=\">Talkpal pulsuz s\u0131nay\u0131n<\/a>\r\n<\/section>\n<div class=\"wp-block-group pageContainerStyle\"><div class=\"wp-block-group__inner-container is-layout-constrained wp-block-group-is-layout-constrained\">\n<h2 class=\"wp-block-heading\" id=\"h-tagalog-grammar-topics\">Tagalog Qrammatika M\u00f6vzular\u0131<\/h2>\n\n\n\n<p>Yeni <a href=\"https:\/\/talkpal.ai\/az\/talkpal-chat-vasit%c9%99sil%c9%99-dil-oyr%c9%99nm%c9%99k-ucun-nec%c9%99\/\">dil \u00f6yr\u0259nm\u0259k<\/a> maraql\u0131 s\u0259yah\u0259t ola bil\u0259r v\u0259 Filippind\u0259 dan\u0131\u015f\u0131lan Taqal dili il\u0259 maraqlananlar \u00fc\u00e7\u00fcn qrammatikan\u0131n ba\u015fa d\u00fc\u015f\u00fclm\u0259si olduqca vacibdir. <a href=\"https:\/\/talkpal.ai\/tagalog-grammar\/\">Taqaloq qrammatikas\u0131<\/a> g\u0259rginlik, feil, isim, m\u0259qal\u0259, pronoun\/determinativ, adgektiv, adverb, \u015f\u0259rti, prepozisiya v\u0259 c\u00fcml\u0259 qurulu\u015flar\u0131 bax\u0131m\u0131ndan \u00f6z\u00fcn\u0259m\u0259xsus x\u00fcsusiyy\u0259tl\u0259r\u0259 malikdir. Bu b\u0259l\u0259d\u00e7i bu m\u00f6vzular\u0131 <a href=\"https:\/\/talkpal.ai\/az\/oyr%c9%99nm%c9%99k\/\">\u00f6yr\u0259nm\u0259k<\/a> \u00fc\u00e7\u00fcn t\u0259klif olunan ard\u0131c\u0131ll\u0131\u011f\u0131 v\u0259 h\u0259r birin\u0259 q\u0131sa m\u0259lumat ver\u0259c\u0259k.<\/p>\n\n\n\n<h3 class=\"wp-block-heading\" id=\"h-1-nouns\">1. Nouns:<\/h3>\n\n\n\n<p>Dilin \u0259sas\u0131 oldu\u011fu kimi, Taqaloq nounlar\u0131n\u0131 anlamaqla ba\u015flay\u0131n. \u00dcmumi nounlar, cins\u0259 xas olan nounlar v\u0259 onlar\u0131n pl\u00fcral formalar\u0131 il\u0259 tan\u0131\u015f olun.<\/p>\n\n\n\n<h3 class=\"wp-block-heading\" id=\"h-2-articles\">2. M\u0259qal\u0259l\u0259r:<\/h3>\n\n\n\n<p>Taqal dilind\u0259 olan m\u0259qal\u0259l\u0259r olduqca sad\u0259dir. \u0130ngilis dili kimi q\u0259ti v\u0259 m\u00fcdd\u0259tsiz m\u0259qal\u0259l\u0259r anlay\u0131\u015f\u0131na malik deyill\u0259r. \u018fksin\u0259, onlar c\u00fcml\u0259d\u0259 konkret rollar\u0131 i\u015far\u0259 ed\u0259n i\u015far\u0259l\u0259rd\u0259n istifad\u0259 edirl\u0259r.<\/p>\n\n\n\n<h3 class=\"wp-block-heading\" id=\"h-3-pronouns-determiners\">3. Pronouns\/Determinl\u0259r:<\/h3>\n\n\n\n<p>Bunlar \u00e7oxalamamaq \u00fc\u00e7\u00fcn c\u00fcml\u0259d\u0259 nounlar\u0131 \u0259v\u0259z etm\u0259k \u00fc\u00e7\u00fcn istifad\u0259 olunur. Taqal dilind\u0259 \u015f\u0259xsi, n\u00fcmayi\u015fkar, e&#8217;tiv v\u0259 sor\u011fu-sualedici t\u0259l\u0259ff\u00fczl\u0259ri daxil ed\u0259n m\u00fcxt\u0259lif pronouns v\u0259 determinivl\u0259r haqq\u0131nda tan\u0131\u015f olun.<\/p>\n\n\n\n<h3 class=\"wp-block-heading\" id=\"h-4-adjectives\">4. Adjectives:<\/h3>\n\n\n\n<p>Adjectives ) \u2014 ad adlar\u0131n\u0131 t\u0259svir etm\u0259k v\u0259 ya d\u0259yi\u015fdirm\u0259k \u00fc\u00e7\u00fcn istifad\u0259 olunur. Taqal dilind\u0259, ad\u0259t\u0259n, onlar d\u0259yi\u015fdirdikl\u0259ri nounu izl\u0259yirl\u0259r ki, bu da ingilisl\u0259rin \u0259ksidir.<\/p>\n\n\n\n<h3 class=\"wp-block-heading\" id=\"h-5-verbs\">5. Feill\u0259r:<\/h3>\n\n\n\n<p>\u0130st\u0259nil\u0259n dilin \u0259sas hiss\u0259si. Taqal dilind\u0259 feill\u0259r \u00f6yr\u0259nm\u0259k \u00fc\u00e7\u00fcn olduqca z\u0259ruridir. Taqal dilind\u0259 feill\u0259r m\u00fcr\u0259kk\u0259b sistem\u0259 malik olur, h\u0259r\u0259k\u0259t\u0259, aktyora v\u0259 ya obyekt\u0259 diqq\u0259t yetirir.<\/p>\n\n\n\n<h3 class=\"wp-block-heading\" id=\"h-6-tenses\">6. G\u0259rginlikl\u0259r:<\/h3>\n\n\n\n<p><a href=\"https:\/\/talkpal.ai\/learn-tagalog\/\">Tagalog<\/a> feill\u0259rini ba\u015fa d\u00fc\u015f\u0259nd\u0259n sonra g\u0259rginliy\u0259 d\u0259rind\u0259n b\u0259l\u0259d ola bil\u0259rs\u0259n. Taqal\u0131n \u00fc\u00e7 \u0259sas g\u0259rginliyi var: ke\u00e7mi\u015f, indiki v\u0259 g\u0259l\u0259c\u0259k.<\/p>\n\n\n\n<h3 class=\"wp-block-heading\" id=\"h-7-tense-comparison\">7. G\u0259rgin m\u00fcqayis\u0259:<\/h3>\n\n\n\n<p>Bunun \u00fc\u00e7\u00fcn m\u00fcxt\u0259lif g\u0259rginlikl\u0259ri eyni c\u00fcml\u0259d\u0259 v\u0259 ya kontekstd\u0259 m\u00fcqayis\u0259 etm\u0259k laz\u0131md\u0131r. Bunu ba\u015fa d\u00fc\u015fm\u0259k \u00fc\u00e7\u00fcn ayr\u0131-ayr\u0131 g\u0259rginlikl\u0259ri yax\u015f\u0131 ba\u015fa d\u00fc\u015fm\u0259k laz\u0131md\u0131r.<\/p>\n\n\n\n<h3 class=\"wp-block-heading\" id=\"h-8-progressive\">8. M\u00fct\u0259r\u0259qqi:<\/h3>\n\n\n\n<p>Bu hal-haz\u0131rda ba\u015f ver\u0259n h\u0259r\u0259k\u0259tl\u0259ri n\u0259z\u0259rd\u0259 tutur. Taqal dilind\u0259 bu, k\u00f6k felinin ilk hecas\u0131n\u0131n t\u0259krar\u0131 il\u0259 ifad\u0259 olunur.<\/p>\n\n\n\n<h3 class=\"wp-block-heading\" id=\"h-9-perfect-progressive\">9. M\u00fck\u0259mm\u0259l T\u0259r\u0259qqi:<\/h3>\n\n\n\n<p>Bu g\u0259rginlik davam ed\u0259n v\u0259 h\u0259l\u0259 d\u0259 ba\u015f ver\u0259n h\u0259r\u0259k\u0259ti t\u0259svir etm\u0259k \u00fc\u00e7\u00fcn istifad\u0259 olunur. Bu, Taqal dilind\u0259 konkret feil formalar\u0131 v\u0259 i\u015far\u0259l\u0259ri il\u0259 ifad\u0259 olunur.<\/p>\n\n\n\n<h3 class=\"wp-block-heading\" id=\"h-10-adverbs\">10. Adverbl\u0259r:<\/h3>\n\n\n\n<p>Adverbl\u0259r feill\u0259ri, adjectives v\u0259 ya dig\u0259r adverbl\u0259ri ifad\u0259 etm\u0259k \u00fc\u00e7\u00fcn istifad\u0259 olunur. Onlar n\u0259yins\u0259 nec\u0259, n\u0259 vaxt, harada v\u0259 n\u0259 d\u0259r\u0259c\u0259d\u0259 ba\u015f verdiyi haqda \u0259lav\u0259 m\u0259lumat verirl\u0259r.<\/p>\n\n\n\n<h3 class=\"wp-block-heading\" id=\"h-11-conditionals\">11. \u015e\u0259rti olaraq:<\/h3>\n\n\n\n<p>\u015e\u0259rti olaraq hipotetik v\u0259ziyy\u0259tl\u0259ri v\u0259 onlar\u0131n m\u00fcmk\u00fcn n\u0259tic\u0259l\u0259rini ifad\u0259 etm\u0259k \u00fc\u00e7\u00fcn istifad\u0259 olunur. Bunu ustal\u0131qla ba\u015fa d\u00fc\u015fm\u0259k feli g\u0259rginlikl\u0259ri v\u0259 \u0259hval-ruhiyy\u0259ni ba\u015fa d\u00fc\u015fm\u0259k t\u0259l\u0259b edir.<\/p>\n\n\n\n<h3 class=\"wp-block-heading\" id=\"h-12-prepositions\">12. Prepozisiyalar:<\/h3>\n\n\n\n<p>Prepozisiyalar c\u00fcml\u0259d\u0259 dig\u0259r s\u00f6zl\u0259r\u0259 aid olan noun, pronoun v\u0259 fell\u0259ri \u0259laq\u0259l\u0259ndirm\u0259k \u00fc\u00e7\u00fcn istifad\u0259 olunur.<\/p>\n\n\n\n<h3 class=\"wp-block-heading\" id=\"h-13-sentences\">13. C\u00fcml\u0259l\u0259r:<\/h3>\n\n\n\n<p>Son olaraq Tagalog-da c\u00fcml\u0259l\u0259r \u0259m\u0259l\u0259 g\u0259lm\u0259y\u0259 ba\u015flaya bil\u0259rsiniz. Bu, \u00f6yr\u0259ndiyiniz b\u00fct\u00fcn qrammatik komponentl\u0259ri d\u00fczg\u00fcn qaydada v\u0259 d\u00fczg\u00fcn markerl\u0259rl\u0259 istifad\u0259 etm\u0259yi n\u0259z\u0259rd\u0259 tutur.<\/p>\n<\/div><\/div>\n\r\n<section class=\"learnNavigationSection\">\r\n            \r\n        <a href=\"https:\/\/talkpal.ai\/az\/taqaloq-oyr%c9%99n\/\">\r\n            <div class=\"learnNavigationWrapper\">\r\n                <div class=\"learnNavigationContent\">\r\n                    <img decoding=\"async\" src=\"https:\/\/talkpal.ai\/wp-content\/uploads\/2024\/08\/Tagalog.jpg\" alt=\"Philippines Flag\">\r\n                    <div>\r\n                        <h4>Tagalog Learning Haqq\u0131nda<\/h4>\r\n                        <p>Tagalog qrammatikas\u0131 haqq\u0131nda h\u0259r \u015feyi \u00f6yr\u0259nin .<\/p>\r\n                    <\/div>\r\n                <\/div>\r\n            <\/div>\r\n        <\/a>\r\n\r\n        \r\n        <a href=\"https:\/\/talkpal.ai\/az\/taqaloq-qrammatikasi\/\">\r\n            <div class=\"learnNavigationWrapper\">\r\n                <div class=\"learnNavigationContent\">\r\n                    <img decoding=\"async\" src=\"https:\/\/talkpal.ai\/wp-content\/uploads\/2024\/08\/Tagalog.jpg\" alt=\"Philippines Flag\">\r\n                    <div>\r\n                        <h4>Taqaloq Qrammatika d\u0259rsl\u0259ri<\/h4>\r\n                        <p>Tagalog qrammatika praktik.<\/p>\r\n                    <\/div>\r\n                <\/div>\r\n            <\/div>\r\n        <\/a>\r\n\r\n        \r\n        <a href=\"https:\/\/talkpal.ai\/vocabulary_language\/tagalog\/\">\r\n            <div class=\"learnNavigationWrapper\">\r\n                <div class=\"learnNavigationContent\">\r\n                    <img decoding=\"async\" src=\"https:\/\/talkpal.ai\/wp-content\/uploads\/2024\/08\/Tagalog.jpg\" alt=\"Philippines Flag\">\r\n                    <div>\r\n                        <h4>Taqaloq l\u00fc\u011f\u0259ti<\/h4>\r\n                        <p>Taqaloq l\u00fc\u011f\u0259tinizi geni\u015fl\u0259ndirin.<\/p>\r\n                    <\/div>\r\n                <\/div>\r\n            <\/div>\r\n        <\/a>\r\n\r\n            <\/section>","protected":false},"excerpt":{"rendered":"<p>Tagalog Qrammatika M\u00f6vzular\u0131 Yeni dil \u00f6yr\u0259nm\u0259k maraql\u0131 s\u0259yah\u0259t ola bil\u0259r v\u0259 Filippind\u0259 dan\u0131\u015f\u0131lan Taqal dili il\u0259 maraqlananlar \u00fc\u00e7\u00fcn qrammatikan\u0131n ba\u015fa d\u00fc\u015f\u00fclm\u0259si olduqca vacibdir. Taqaloq qrammatikas\u0131 g\u0259rginlik, feil, isim, m\u0259qal\u0259, pronoun\/determinativ, adgektiv, adverb, \u015f\u0259rti, prepozisiya v\u0259 c\u00fcml\u0259 qurulu\u015flar\u0131 bax\u0131m\u0131ndan \u00f6z\u00fcn\u0259m\u0259xsus x\u00fcsusiyy\u0259tl\u0259r\u0259 malikdir. Bu b\u0259l\u0259d\u00e7i bu m\u00f6vzular\u0131 \u00f6yr\u0259nm\u0259k \u00fc\u00e7\u00fcn t\u0259klif olunan ard\u0131c\u0131ll\u0131\u011f\u0131 v\u0259 h\u0259r birin\u0259 q\u0131sa m\u0259lumat [&hellip;]<\/p>\n","protected":false},"author":6,"featured_media":119994,"parent":0,"menu_order":0,"comment_status":"closed","ping_status":"closed","template":"LearningContentPage.php","meta":{"_acf_changed":false,"footnotes":""},"class_list":["post-156279","page","type-page","status-publish","has-post-thumbnail","hentry"],"acf":[],"yoast_head":"<!-- This site is optimized with the Yoast SEO Premium plugin v27.2 (Yoast SEO v27.2) - https:\/\/yoast.com\/product\/yoast-seo-premium-wordpress\/ -->\n<title>Tagalog Qrammatika M\u0259\u015fql\u0259ri - Talkpal<\/title>\n<meta name=\"description\" content=\"Dil bacar\u0131qlar\u0131n\u0131z\u0131 inki\u015faf etdirm\u0259k \u00fc\u00e7\u00fcn c\u0259lbedici Taqaloq qrammatikas\u0131 m\u0259\u015fql\u0259rini k\u0259\u015ff edin. H\u0259m yeni ba\u015flayanlar, h\u0259m d\u0259 qabaqc\u0131l \u00f6yr\u0259n\u0259nl\u0259r \u00fc\u00e7\u00fcn m\u00fck\u0259mm\u0259ldir.\" \/>\n<meta name=\"robots\" content=\"index, follow, max-snippet:-1, max-image-preview:large, max-video-preview:-1\" \/>\n<link rel=\"canonical\" href=\"https:\/\/talkpal.ai\/az\/tagalog-qrammatika-m%c9%99sql%c9%99ri\/\" \/>\n<meta property=\"og:locale\" content=\"az_AZ\" \/>\n<meta property=\"og:type\" content=\"article\" \/>\n<meta property=\"og:title\" content=\"Tagalog Qrammatika M\u0259\u015fql\u0259ri\" \/>\n<meta property=\"og:description\" content=\"Tagalog Qrammatika M\u00f6vzular\u0131 Yeni dil \u00f6yr\u0259nm\u0259k maraql\u0131 s\u0259yah\u0259t ola bil\u0259r v\u0259 Filippind\u0259 dan\u0131\u015f\u0131lan Taqal dili il\u0259 maraqlananlar \u00fc\u00e7\u00fcn qrammatikan\u0131n ba\u015fa\" \/>\n<meta property=\"og:url\" content=\"https:\/\/talkpal.ai\/az\/tagalog-qrammatika-m%c9%99sql%c9%99ri\/\" \/>\n<meta property=\"og:site_name\" content=\"Talkpal\" \/>\n<meta property=\"article:publisher\" content=\"https:\/\/www.facebook.com\/profile.php?id=100090733639311\" \/>\n<meta property=\"article:modified_time\" content=\"2025-12-17T09:52:05+00:00\" \/>\n<meta property=\"og:image\" content=\"https:\/\/talkpal.ai\/wp-content\/uploads\/2023\/05\/Tagalog-philippines.png\" \/>\n\t<meta property=\"og:image:width\" content=\"512\" \/>\n\t<meta property=\"og:image:height\" content=\"512\" \/>\n\t<meta property=\"og:image:type\" content=\"image\/png\" \/>\n<meta name=\"twitter:card\" content=\"summary_large_image\" \/>\n<meta name=\"twitter:site\" content=\"@talkpalai\" \/>\n<meta name=\"twitter:label1\" content=\"Est. reading time\" \/>\n\t<meta name=\"twitter:data1\" content=\"3 minutes\" \/>\n<script type=\"application\/ld+json\" class=\"yoast-schema-graph\">{\"@context\":\"https:\/\/schema.org\",\"@graph\":[{\"@type\":\"WebPage\",\"@id\":\"https:\/\/talkpal.ai\/az\/tagalog-qrammatika-m%c9%99sql%c9%99ri\/\",\"url\":\"https:\/\/talkpal.ai\/az\/tagalog-qrammatika-m%c9%99sql%c9%99ri\/\",\"name\":\"Tagalog Qrammatika M\u0259\u015fql\u0259ri - Talkpal\",\"isPartOf\":{\"@id\":\"https:\/\/talkpal.ai\/az\/#website\"},\"primaryImageOfPage\":{\"@id\":\"https:\/\/talkpal.ai\/az\/tagalog-qrammatika-m%c9%99sql%c9%99ri\/#primaryimage\"},\"image\":{\"@id\":\"https:\/\/talkpal.ai\/az\/tagalog-qrammatika-m%c9%99sql%c9%99ri\/#primaryimage\"},\"thumbnailUrl\":\"https:\/\/talkpal.ai\/wp-content\/uploads\/2023\/05\/Tagalog-philippines.png\",\"datePublished\":\"2023-07-05T10:08:32+00:00\",\"dateModified\":\"2025-12-17T09:52:05+00:00\",\"description\":\"Dil bacar\u0131qlar\u0131n\u0131z\u0131 inki\u015faf etdirm\u0259k \u00fc\u00e7\u00fcn c\u0259lbedici Taqaloq qrammatikas\u0131 m\u0259\u015fql\u0259rini k\u0259\u015ff edin. H\u0259m yeni ba\u015flayanlar, h\u0259m d\u0259 qabaqc\u0131l \u00f6yr\u0259n\u0259nl\u0259r \u00fc\u00e7\u00fcn m\u00fck\u0259mm\u0259ldir.\",\"breadcrumb\":{\"@id\":\"https:\/\/talkpal.ai\/az\/tagalog-qrammatika-m%c9%99sql%c9%99ri\/#breadcrumb\"},\"inLanguage\":\"az\",\"potentialAction\":[{\"@type\":\"ReadAction\",\"target\":[\"https:\/\/talkpal.ai\/az\/tagalog-qrammatika-m%c9%99sql%c9%99ri\/\"]}]},{\"@type\":\"ImageObject\",\"inLanguage\":\"az\",\"@id\":\"https:\/\/talkpal.ai\/az\/tagalog-qrammatika-m%c9%99sql%c9%99ri\/#primaryimage\",\"url\":\"https:\/\/talkpal.ai\/wp-content\/uploads\/2023\/05\/Tagalog-philippines.png\",\"contentUrl\":\"https:\/\/talkpal.ai\/wp-content\/uploads\/2023\/05\/Tagalog-philippines.png\",\"width\":512,\"height\":512},{\"@type\":\"BreadcrumbList\",\"@id\":\"https:\/\/talkpal.ai\/az\/tagalog-qrammatika-m%c9%99sql%c9%99ri\/#breadcrumb\",\"itemListElement\":[{\"@type\":\"ListItem\",\"position\":1,\"name\":\"Homepage\",\"item\":\"https:\/\/talkpal.ai\/az\/\"},{\"@type\":\"ListItem\",\"position\":2,\"name\":\"Tagalog Qrammatika M\u0259\u015fql\u0259ri\"}]},{\"@type\":\"WebSite\",\"@id\":\"https:\/\/talkpal.ai\/az\/#website\",\"url\":\"https:\/\/talkpal.ai\/az\/\",\"name\":\"Talkpal\",\"description\":\"AI Language Learning\",\"publisher\":{\"@id\":\"https:\/\/talkpal.ai\/az\/#organization\"},\"alternateName\":\"Talkpal AI\",\"potentialAction\":[{\"@type\":\"SearchAction\",\"target\":{\"@type\":\"EntryPoint\",\"urlTemplate\":\"https:\/\/talkpal.ai\/az\/?s={search_term_string}\"},\"query-input\":{\"@type\":\"PropertyValueSpecification\",\"valueRequired\":true,\"valueName\":\"search_term_string\"}}],\"inLanguage\":\"az\"},{\"@type\":\"Organization\",\"@id\":\"https:\/\/talkpal.ai\/az\/#organization\",\"name\":\"Talkpal, Inc.\",\"alternateName\":\"Talkpal AI\",\"url\":\"https:\/\/talkpal.ai\/az\/\",\"logo\":{\"@type\":\"ImageObject\",\"inLanguage\":\"az\",\"@id\":\"https:\/\/talkpal.ai\/az\/#\/schema\/logo\/image\/\",\"url\":\"https:\/\/talkpal.ai\/wp-content\/uploads\/2024\/03\/Talkpal-Logo-Icon.png\",\"contentUrl\":\"https:\/\/talkpal.ai\/wp-content\/uploads\/2024\/03\/Talkpal-Logo-Icon.png\",\"width\":2880,\"height\":2880,\"caption\":\"Talkpal, Inc.\"},\"image\":{\"@id\":\"https:\/\/talkpal.ai\/az\/#\/schema\/logo\/image\/\"},\"sameAs\":[\"https:\/\/www.facebook.com\/profile.php?id=100090733639311\",\"https:\/\/x.com\/talkpalai\",\"https:\/\/www.linkedin.com\/company\/talkpal\/\",\"https:\/\/www.youtube.com\/@TalkPal\/\",\"https:\/\/www.tiktok.com\/@talkpal\",\"https:\/\/www.instagram.com\/talkpal_ai\/\",\"https:\/\/www.crunchbase.com\/organization\/talkpal-9cde\",\"https:\/\/www.g2.com\/products\/talkpal-for-business\/\",\"https:\/\/www.trustpilot.com\/review\/talkpal.ai\",\"https:\/\/www.capterra.com\/p\/10006800\/TalkPal\/\"],\"description\":\"Talkpal is a language learning web and mobile education app, powered by the latest AI technologies, that provides engaging experiences to its customers in many different languages to help them improve their language skills. Users can chat about unlimited amount of topics with the app and use other modes to practice their language learning.\",\"email\":\"support@talkpal.ai\",\"legalName\":\"Talkpal, Inc.\",\"foundingDate\":\"2023-04-03\",\"duns\":\"118989042\",\"numberOfEmployees\":{\"@type\":\"QuantitativeValue\",\"minValue\":\"11\",\"maxValue\":\"50\"},\"publishingPrinciples\":\"https:\/\/talkpal.ai\/publishing-principles\/\",\"actionableFeedbackPolicy\":\"https:\/\/talkpal.ai\/actionable-feedback-policy\/\",\"correctionsPolicy\":\"https:\/\/talkpal.ai\/corrections-policy\/\",\"ethicsPolicy\":\"https:\/\/talkpal.ai\/ethics-policy\/\",\"diversityPolicy\":\"https:\/\/talkpal.ai\/diversity-policy\/\",\"diversityStaffingReport\":\"https:\/\/talkpal.ai\/diversity-policy\/\"}]}<\/script>\n<!-- \/ Yoast SEO Premium plugin. -->","yoast_head_json":{"title":"Tagalog Qrammatika M\u0259\u015fql\u0259ri - Talkpal","description":"Dil bacar\u0131qlar\u0131n\u0131z\u0131 inki\u015faf etdirm\u0259k \u00fc\u00e7\u00fcn c\u0259lbedici Taqaloq qrammatikas\u0131 m\u0259\u015fql\u0259rini k\u0259\u015ff edin. H\u0259m yeni ba\u015flayanlar, h\u0259m d\u0259 qabaqc\u0131l \u00f6yr\u0259n\u0259nl\u0259r \u00fc\u00e7\u00fcn m\u00fck\u0259mm\u0259ldir.","robots":{"index":"index","follow":"follow","max-snippet":"max-snippet:-1","max-image-preview":"max-image-preview:large","max-video-preview":"max-video-preview:-1"},"canonical":"https:\/\/talkpal.ai\/az\/tagalog-qrammatika-m%c9%99sql%c9%99ri\/","og_locale":"az_AZ","og_type":"article","og_title":"Tagalog Qrammatika M\u0259\u015fql\u0259ri","og_description":"Tagalog Qrammatika M\u00f6vzular\u0131 Yeni dil \u00f6yr\u0259nm\u0259k maraql\u0131 s\u0259yah\u0259t ola bil\u0259r v\u0259 Filippind\u0259 dan\u0131\u015f\u0131lan Taqal dili il\u0259 maraqlananlar \u00fc\u00e7\u00fcn qrammatikan\u0131n ba\u015fa","og_url":"https:\/\/talkpal.ai\/az\/tagalog-qrammatika-m%c9%99sql%c9%99ri\/","og_site_name":"Talkpal","article_publisher":"https:\/\/www.facebook.com\/profile.php?id=100090733639311","article_modified_time":"2025-12-17T09:52:05+00:00","og_image":[{"width":512,"height":512,"url":"https:\/\/talkpal.ai\/wp-content\/uploads\/2023\/05\/Tagalog-philippines.png","type":"image\/png"}],"twitter_card":"summary_large_image","twitter_site":"@talkpalai","twitter_misc":{"Est. reading time":"3 minutes"},"schema":{"@context":"https:\/\/schema.org","@graph":[{"@type":"WebPage","@id":"https:\/\/talkpal.ai\/az\/tagalog-qrammatika-m%c9%99sql%c9%99ri\/","url":"https:\/\/talkpal.ai\/az\/tagalog-qrammatika-m%c9%99sql%c9%99ri\/","name":"Tagalog Qrammatika M\u0259\u015fql\u0259ri - Talkpal","isPartOf":{"@id":"https:\/\/talkpal.ai\/az\/#website"},"primaryImageOfPage":{"@id":"https:\/\/talkpal.ai\/az\/tagalog-qrammatika-m%c9%99sql%c9%99ri\/#primaryimage"},"image":{"@id":"https:\/\/talkpal.ai\/az\/tagalog-qrammatika-m%c9%99sql%c9%99ri\/#primaryimage"},"thumbnailUrl":"https:\/\/talkpal.ai\/wp-content\/uploads\/2023\/05\/Tagalog-philippines.png","datePublished":"2023-07-05T10:08:32+00:00","dateModified":"2025-12-17T09:52:05+00:00","description":"Dil bacar\u0131qlar\u0131n\u0131z\u0131 inki\u015faf etdirm\u0259k \u00fc\u00e7\u00fcn c\u0259lbedici Taqaloq qrammatikas\u0131 m\u0259\u015fql\u0259rini k\u0259\u015ff edin. H\u0259m yeni ba\u015flayanlar, h\u0259m d\u0259 qabaqc\u0131l \u00f6yr\u0259n\u0259nl\u0259r \u00fc\u00e7\u00fcn m\u00fck\u0259mm\u0259ldir.","breadcrumb":{"@id":"https:\/\/talkpal.ai\/az\/tagalog-qrammatika-m%c9%99sql%c9%99ri\/#breadcrumb"},"inLanguage":"az","potentialAction":[{"@type":"ReadAction","target":["https:\/\/talkpal.ai\/az\/tagalog-qrammatika-m%c9%99sql%c9%99ri\/"]}]},{"@type":"ImageObject","inLanguage":"az","@id":"https:\/\/talkpal.ai\/az\/tagalog-qrammatika-m%c9%99sql%c9%99ri\/#primaryimage","url":"https:\/\/talkpal.ai\/wp-content\/uploads\/2023\/05\/Tagalog-philippines.png","contentUrl":"https:\/\/talkpal.ai\/wp-content\/uploads\/2023\/05\/Tagalog-philippines.png","width":512,"height":512},{"@type":"BreadcrumbList","@id":"https:\/\/talkpal.ai\/az\/tagalog-qrammatika-m%c9%99sql%c9%99ri\/#breadcrumb","itemListElement":[{"@type":"ListItem","position":1,"name":"Homepage","item":"https:\/\/talkpal.ai\/az\/"},{"@type":"ListItem","position":2,"name":"Tagalog Qrammatika M\u0259\u015fql\u0259ri"}]},{"@type":"WebSite","@id":"https:\/\/talkpal.ai\/az\/#website","url":"https:\/\/talkpal.ai\/az\/","name":"Talkpal","description":"AI Language Learning","publisher":{"@id":"https:\/\/talkpal.ai\/az\/#organization"},"alternateName":"Talkpal AI","potentialAction":[{"@type":"SearchAction","target":{"@type":"EntryPoint","urlTemplate":"https:\/\/talkpal.ai\/az\/?s={search_term_string}"},"query-input":{"@type":"PropertyValueSpecification","valueRequired":true,"valueName":"search_term_string"}}],"inLanguage":"az"},{"@type":"Organization","@id":"https:\/\/talkpal.ai\/az\/#organization","name":"Talkpal, Inc.","alternateName":"Talkpal AI","url":"https:\/\/talkpal.ai\/az\/","logo":{"@type":"ImageObject","inLanguage":"az","@id":"https:\/\/talkpal.ai\/az\/#\/schema\/logo\/image\/","url":"https:\/\/talkpal.ai\/wp-content\/uploads\/2024\/03\/Talkpal-Logo-Icon.png","contentUrl":"https:\/\/talkpal.ai\/wp-content\/uploads\/2024\/03\/Talkpal-Logo-Icon.png","width":2880,"height":2880,"caption":"Talkpal, Inc."},"image":{"@id":"https:\/\/talkpal.ai\/az\/#\/schema\/logo\/image\/"},"sameAs":["https:\/\/www.facebook.com\/profile.php?id=100090733639311","https:\/\/x.com\/talkpalai","https:\/\/www.linkedin.com\/company\/talkpal\/","https:\/\/www.youtube.com\/@TalkPal\/","https:\/\/www.tiktok.com\/@talkpal","https:\/\/www.instagram.com\/talkpal_ai\/","https:\/\/www.crunchbase.com\/organization\/talkpal-9cde","https:\/\/www.g2.com\/products\/talkpal-for-business\/","https:\/\/www.trustpilot.com\/review\/talkpal.ai","https:\/\/www.capterra.com\/p\/10006800\/TalkPal\/"],"description":"Talkpal is a language learning web and mobile education app, powered by the latest AI technologies, that provides engaging experiences to its customers in many different languages to help them improve their language skills. Users can chat about unlimited amount of topics with the app and use other modes to practice their language learning.","email":"support@talkpal.ai","legalName":"Talkpal, Inc.","foundingDate":"2023-04-03","duns":"118989042","numberOfEmployees":{"@type":"QuantitativeValue","minValue":"11","maxValue":"50"},"publishingPrinciples":"https:\/\/talkpal.ai\/publishing-principles\/","actionableFeedbackPolicy":"https:\/\/talkpal.ai\/actionable-feedback-policy\/","correctionsPolicy":"https:\/\/talkpal.ai\/corrections-policy\/","ethicsPolicy":"https:\/\/talkpal.ai\/ethics-policy\/","diversityPolicy":"https:\/\/talkpal.ai\/diversity-policy\/","diversityStaffingReport":"https:\/\/talkpal.ai\/diversity-policy\/"}]}},"_links":{"self":[{"href":"https:\/\/talkpal.ai\/az\/wp-json\/wp\/v2\/pages\/156279","targetHints":{"allow":["GET"]}}],"collection":[{"href":"https:\/\/talkpal.ai\/az\/wp-json\/wp\/v2\/pages"}],"about":[{"href":"https:\/\/talkpal.ai\/az\/wp-json\/wp\/v2\/types\/page"}],"author":[{"embeddable":true,"href":"https:\/\/talkpal.ai\/az\/wp-json\/wp\/v2\/users\/6"}],"replies":[{"embeddable":true,"href":"https:\/\/talkpal.ai\/az\/wp-json\/wp\/v2\/comments?post=156279"}],"version-history":[{"count":0,"href":"https:\/\/talkpal.ai\/az\/wp-json\/wp\/v2\/pages\/156279\/revisions"}],"wp:featuredmedia":[{"embeddable":true,"href":"https:\/\/talkpal.ai\/az\/wp-json\/wp\/v2\/media\/119994"}],"wp:attachment":[{"href":"https:\/\/talkpal.ai\/az\/wp-json\/wp\/v2\/media?parent=156279"}],"curies":[{"name":"wp","href":"https:\/\/api.w.org\/{rel}","templated":true}]}}