{"id":156038,"date":"2023-07-05T10:17:13","date_gmt":"2023-07-05T10:17:13","guid":{"rendered":"http:\/\/talkpal.ai\/tamil-qrammatika-m%c9%99sql%c9%99ri\/"},"modified":"2025-12-17T15:02:56","modified_gmt":"2025-12-17T15:02:56","slug":"tamil-qrammatika-m%c9%99sql%c9%99ri","status":"publish","type":"page","link":"https:\/\/talkpal.ai\/az\/tamil-qrammatika-m%c9%99sql%c9%99ri\/","title":{"rendered":"Tamil Qrammatika M\u0259\u015fql\u0259ri"},"content":{"rendered":"\r\n\r\n\r\n<section class=\"languageChallengeSection\">\r\n    <div class=\"languageInfoWrapper\">\r\n        \r\n        <h1>Tamil Qrammatika M\u0259\u015fql\u0259ri<\/h1>\r\n        <p><a href=\"https:\/\/talkpal.ai\/learn-tamil\/\">Tamil<\/a> dilini m\u0259nims\u0259m\u0259k ist\u0259yirsinizs\u0259, m\u0259qs\u0259dy\u00f6nl\u00fc m\u0259\u015fql\u0259r vasit\u0259sil\u0259 <a href=\"https:\/\/talkpal.ai\/grammar\/\">qrammatika<\/a> t\u0259cr\u00fcb\u0259niz s\u0259yah\u0259tinizd\u0259 \u0259sas add\u0131md\u0131r. Bu g\u00fcn ba\u015flay\u0131n, yeni qrammatik n\u00fcmun\u0259l\u0259rl\u0259 \u00f6z\u00fcn\u00fcz\u00fc s\u0131nay\u0131n v\u0259 h\u0259r m\u0259\u015fql\u0259 Tamilc\u0259 bacar\u0131qlar\u0131n\u0131z\u0131n artmas\u0131n\u0131 izl\u0259yin!<\/p>\r\n\r\n                            <a class=\"getStartedHidden\" href=\"https:\/\/app.talkpal.ai\/signup?lng=\">Ba\u015fla<\/a>\r\n        \r\n    <\/div>\r\n\r\n    <figure>\r\n    <img decoding=\"async\" width=\"768\" height=\"768\" src=\"https:\/\/talkpal.ai\/wp-content\/uploads\/2023\/06\/tamil-768x768.png\" class=\"languageImage no-lazy\" alt=\"Language learning for enhanced creativity\" fetchpriority=\"high\" sizes=\"(max-width: 768px) 150px, 768px\" srcset=\"https:\/\/talkpal.ai\/wp-content\/uploads\/2023\/06\/tamil-768x768.png 768w, https:\/\/talkpal.ai\/wp-content\/uploads\/2023\/06\/tamil-300x300.png 300w\" \/>\r\n    \r\n\r\n    <\/figure>\r\n\r\n            <a class=\"getStartedVisible\" href=\"https:\/\/app.talkpal.ai\/signup?lng=\">Ba\u015fla<\/a>\r\n    \r\n<\/section>\r\n\r\n\r\n<!-- <section class=\"grammarSection\">\r\n    <div class=\"grammarLinks\">\r\n            <\/div>\r\n<\/section> -->\r\n\r\n\r\n\r\n\r\n<section class=\"promotionalBanner\">\r\n    <p class=\"promotionalText\">Dil \u00f6yr\u0259nm\u0259yin \u0259n t\u0259sirli yolu<\/p>\r\n    <a class=\"promotionalLink\" href=\"https:\/\/app.talkpal.ai\/signup?lng=\">Talkpal pulsuz s\u0131nay\u0131n<\/a>\r\n<\/section>\n<div class=\"wp-block-group pageContainerStyle\"><div class=\"wp-block-group__inner-container is-layout-constrained wp-block-group-is-layout-constrained\">\n<h2 class=\"wp-block-heading\" id=\"h-tamil-grammar-topics\">Tamil Qrammatika M\u00f6vzular\u0131<\/h2>\n\n\n\n<p>Tamil dili \u0259sas\u0259n C\u0259nubi Hindistan v\u0259 \u015eri-Lankada dan\u0131\u015f\u0131lan canl\u0131 v\u0259 z\u0259ngin dildir. \u00d6z\u00fcn\u0259m\u0259xsus skript v\u0259 m\u00fcr\u0259kk\u0259b <a href=\"https:\/\/talkpal.ai\/grammar\/\">qrammatika<\/a> sistemi il\u0259 tan\u0131n\u0131r. Tamili <a href=\"https:\/\/talkpal.ai\/az\/oyr%c9%99nm%c9%99k\/\">\u00f6yr\u0259nm\u0259k<\/a> maraql\u0131 bir t\u0259cr\u00fcb\u0259 ola bil\u0259r, lakin onun qrammatikas\u0131n\u0131 ba\u015fa d\u00fc\u015fm\u0259k \u00fc\u00e7\u00fcn strukturla\u015fd\u0131r\u0131lm\u0131\u015f yana\u015fma t\u0259l\u0259b olunur. Buraya g\u0259rgin, feil, isim, m\u0259qal\u0259, pronoun\/determinativ, adjectives, adverbs, conditional, prepositions v\u0259 c\u00fcml\u0259 qurulu\u015flar\u0131n\u0131 ba\u015fa d\u00fc\u015fm\u0259k daxildir.<\/p>\n\n\n\n<h3 class=\"wp-block-heading\" id=\"h-1-nouns\">1. Nouns:<\/h3>\n\n\n\n<p>Tamil dili \u00f6yr\u0259nm\u0259y\u0259 h\u0259r hans\u0131 bir dilin t\u0259m\u0259l bloklar\u0131 oldu\u011fu kimi, noundlarla da ba\u015flay\u0131n. Tamil dilind\u0259 noylar iki qrupa b\u00f6l\u00fcn\u00fcr: uyirmei (canl\u0131) v\u0259 mei (qeyri-canl\u0131). Onlar\u0131n say\u0131 v\u0259 hal\u0131 \u0259sas\u0131nda m\u00fcxt\u0259lif declensiyalar\u0131 da var.<\/p>\n\n\n\n<h3 class=\"wp-block-heading\" id=\"h-2-pronouns-determiners\">2. Pronouns\/Determinl\u0259r:<\/h3>\n\n\n\n<p>\u018fsas diqq\u0259t v\u0259 diqq\u0259td\u0259n k\u0259nar qalanda, h\u0259r hans\u0131 bir m\u0259s\u0259l\u0259 il\u0259 ba\u011fl\u0131 suallar verm\u0259y\u0259 v\u0259 ya m\u00fc\u0259yy\u0259n etm\u0259y\u0259 t\u0259\u015fviq edin. Onlar art\u0131q xat\u0131rlanan v\u0259 ya asanl\u0131qla m\u00fc\u0259yy\u0259n edil\u0259n bir \u015fey\u0259 istinad edirl\u0259r. Tamild\u0259 pronouns cins-neytrald\u0131r v\u0259 say v\u0259 hal \u00fc\u00e7\u00fcn inflektdir.<\/p>\n\n\n\n<h3 class=\"wp-block-heading\" id=\"h-3-verbs\">3. Feill\u0259r:<\/h3>\n\n\n\n<p>Tamil dilind\u0259 feill\u0259r iki qrupa b\u00f6l\u00fcn\u00fcr: tranzitiv v\u0259 intransitiv feill\u0259r. H\u0259r\u0259k\u0259ti c\u00fcml\u0259d\u0259 qeyd etdikl\u0259ri \u00fc\u00e7\u00fcn onlar\u0131n nec\u0259 f\u0259aliyy\u0259t g\u00f6st\u0259rdiyini ba\u015fa d\u00fc\u015fm\u0259k olduqca vacibdir.<\/p>\n\n\n\n<h3 class=\"wp-block-heading\" id=\"h-4-tenses\">4. G\u0259rginlikl\u0259r:<\/h3>\n\n\n\n<p>Tamilin \u00fc\u00e7 \u0259sas g\u0259rginliyi var: ke\u00e7mi\u015f, indiki v\u0259 g\u0259l\u0259c\u0259k. H\u0259r bir g\u0259rginlikd\u0259 birnillik v\u0259 \u00e7oxluq, el\u0259c\u0259 d\u0259 m\u00fcxt\u0259lif \u015f\u0259xsl\u0259r \u00fc\u00e7\u00fcn m\u00fcxt\u0259lif formalar vard\u0131r. Bu d\u0259yi\u015fiklikl\u0259ri ba\u015fa d\u00fc\u015fm\u0259k d\u00fczg\u00fcn c\u00fcml\u0259nin yaranmas\u0131 \u00fc\u00e7\u00fcn vacibdir.<\/p>\n\n\n\n<h3 class=\"wp-block-heading\" id=\"h-5-tense-comparison\">5. G\u0259rgin m\u00fcqayis\u0259:<\/h3>\n\n\n\n<p>\u018fsas g\u0259rginliyi ba\u015fa d\u00fc\u015fm\u0259y\u0259nd\u0259, g\u0259rgin m\u00fcqayis\u0259y\u0259 do\u011fru ir\u0259lil\u0259y\u0259 bil\u0259rsiniz. Bunun \u00fc\u00e7\u00fcn m\u00fcxt\u0259lif g\u0259rginlikl\u0259rd\u0259 m\u00fcxt\u0259lif h\u0259r\u0259k\u0259tl\u0259ri m\u00fcqayis\u0259 etm\u0259k laz\u0131md\u0131r. Bu, dilin qabaqc\u0131l istifad\u0259si \u00fc\u00e7\u00fcn olduqca vacibdir.<\/p>\n\n\n\n<h3 class=\"wp-block-heading\" id=\"h-6-adjectives\">6. Adjectives:<\/h3>\n\n\n\n<p>Tamil dilind\u0259 adjectives, ingilis dilind\u0259 oldu\u011fu kimi, nounlar\u0131 t\u0259svir edir v\u0259 ya d\u0259yi\u015fdirir. Onlar, bir halda, sayda v\u0259 cinsd\u0259 d\u0259yi\u015fdirdikl\u0259ri noun il\u0259 raz\u0131la\u015f\u0131rlar.<\/p>\n\n\n\n<h3 class=\"wp-block-heading\" id=\"h-7-articles\">7. M\u0259qal\u0259l\u0259r:<\/h3>\n\n\n\n<p>Tamil dilind\u0259 &#8216;a&#8217;, &#8216;an&#8217; v\u0259 ya &#8216;the&#8217; kimi m\u00fc\u0259yy\u0259n v\u0259 ya qeyri-m\u00fc\u0259yy\u0259n artikll\u0259r yoxdur. Lakin c\u00fcml\u0259nin \u0259m\u0259l\u0259 g\u0259lm\u0259si \u00fc\u00e7\u00fcn onlar\u0131 nec\u0259 \u0259v\u0259z etm\u0259k laz\u0131m oldu\u011funu ba\u015fa d\u00fc\u015fm\u0259k vacibdir.<\/p>\n\n\n\n<h3 class=\"wp-block-heading\" id=\"h-8-adverbs\">8. Adverbl\u0259r:<\/h3>\n\n\n\n<p>Adverbs feill\u0259ri, adjectives v\u0259 ya dig\u0259r adverbsl\u0259ri d\u0259yi\u015fdirir. Onlar davran\u0131\u015f t\u0259rzini, yerini, vaxt\u0131n\u0131, tezliyi, d\u0259r\u0259c\u0259sini v\u0259 daha \u00e7oxunu ifad\u0259 ed\u0259 bilirl\u0259r.<\/p>\n\n\n\n<h3 class=\"wp-block-heading\" id=\"h-9-prepositions\">9. Prepozisiyalar:<\/h3>\n\n\n\n<p>Prepozisiyalar c\u00fcml\u0259 daxilind\u0259 dig\u0259r s\u00f6zl\u0259r\u0259 aid olan s\u00f6z birl\u0259\u015fm\u0259l\u0259rini, t\u0259l\u0259ff\u00fcz v\u0259 ya ifad\u0259ni \u0259laq\u0259l\u0259ndirm\u0259k \u00fc\u00e7\u00fcn istifad\u0259 olunur. Onlar m\u0259kan, r\u0259hb\u0259rlik, vaxt, davran\u0131\u015f, s\u0259b\u0259b v\u0259 d\u0259r\u0259c\u0259 m\u00fcnasib\u0259tl\u0259rini ifad\u0259 edirl\u0259r.<\/p>\n\n\n\n<h3 class=\"wp-block-heading\" id=\"h-10-conditionals\">10. \u015e\u0259rti olaraq:<\/h3>\n\n\n\n<p>\u015e\u0259rti v\u0259ziyy\u0259tl\u0259r \u2014 hipotetik v\u0259ziyy\u0259tl\u0259ri v\u0259 onlar\u0131n n\u0259tic\u0259l\u0259rini ifad\u0259 ed\u0259n c\u00fcml\u0259l\u0259rdir. Tamild\u0259 \u015f\u0259rti isiml\u0259r konkret feil formalar\u0131 v\u0259 konyunksiyas\u0131 il\u0259 \u0259m\u0259l\u0259 g\u0259lir.<\/p>\n\n\n\n<h3 class=\"wp-block-heading\" id=\"h-11-progressive-and-perfect-progressive\">11. M\u00fct\u0259r\u0259qqi v\u0259 m\u00fck\u0259mm\u0259l t\u0259r\u0259qqi:<\/h3>\n\n\n\n<p>Bunlar daimi h\u0259r\u0259k\u0259t v\u0259 ya h\u0259r\u0259k\u0259tl\u0259ri n\u0259z\u0259rd\u0259 tutur, lakin indi ba\u015fa \u00e7at\u0131b. Onlar h\u0259r\u0259k\u0259tl\u0259rin davam v\u0259 davaml\u0131\u011f\u0131n\u0131 ifad\u0259 etm\u0259k \u00fc\u00e7\u00fcn z\u0259ruridir.<\/p>\n\n\n\n<h3 class=\"wp-block-heading\" id=\"h-12-sentences\">12. C\u00fcml\u0259l\u0259r:<\/h3>\n\n\n\n<p>Son olaraq Tamild\u0259 c\u00fcml\u0259l\u0259rin qurulu\u015funu anlamaq vacibdir. Tamil , <a href=\"https:\/\/talkpal.ai\/culture\/how-do-you-structure-a-sentence-using-subject-object-verb-order-in-uzbek\/\">Subject-Object-Verb<\/a> (SOV) s\u00f6z s\u0131ras\u0131 il\u0259 yerin\u0259 yetirir. H\u0259m\u00e7inin m\u00fcr\u0259kk\u0259b v\u0259 m\u00fcr\u0259kk\u0259b c\u00fcml\u0259l\u0259ri ba\u015fa d\u00fc\u015fm\u0259k dilin kommunkasiya v\u0259ziyy\u0259tini yax\u015f\u0131la\u015fd\u0131racaq.<\/p>\n<\/div><\/div>\n\r\n<section class=\"learnNavigationSection\">\r\n            \r\n        <a href=\"https:\/\/talkpal.ai\/az\/tamil-dilini-oyr%c9%99n\/\">\r\n            <div class=\"learnNavigationWrapper\">\r\n                <div class=\"learnNavigationContent\">\r\n                    <img decoding=\"async\" src=\"https:\/\/talkpal.ai\/wp-content\/uploads\/2024\/08\/Tamil.jpg\" alt=\"Indian Simplified Flag\">\r\n                    <div>\r\n                        <h4>Tamil \u00d6yr\u0259nm\u0259 Haqq\u0131nda<\/h4>\r\n                        <p>Tamil qrammatikas\u0131 haqq\u0131nda h\u0259r \u015feyi \u00f6yr\u0259nin .<\/p>\r\n                    <\/div>\r\n                <\/div>\r\n            <\/div>\r\n        <\/a>\r\n\r\n        \r\n        <a href=\"https:\/\/talkpal.ai\/az\/tamil-qrammatikasi\/\">\r\n            <div class=\"learnNavigationWrapper\">\r\n                <div class=\"learnNavigationContent\">\r\n                    <img decoding=\"async\" src=\"https:\/\/talkpal.ai\/wp-content\/uploads\/2024\/08\/Tamil.jpg\" alt=\"Indian Simplified Flag\">\r\n                    <div>\r\n                        <h4>Tamil qrammatikas\u0131 d\u0259rsl\u0259ri<\/h4>\r\n                        <p>Tamil qrammatika il\u0259 m\u0259\u015fq etm\u0259k.<\/p>\r\n                    <\/div>\r\n                <\/div>\r\n            <\/div>\r\n        <\/a>\r\n\r\n        \r\n        <a href=\"https:\/\/talkpal.ai\/vocabulary_language\/tamil\/\">\r\n            <div class=\"learnNavigationWrapper\">\r\n                <div class=\"learnNavigationContent\">\r\n                    <img decoding=\"async\" src=\"https:\/\/talkpal.ai\/wp-content\/uploads\/2024\/08\/Tamil.jpg\" alt=\"Indian Simplified Flag\">\r\n                    <div>\r\n                        <h4>Tamil l\u00fc\u011f\u0259ti<\/h4>\r\n                        <p>Tamil l\u00fc\u011f\u0259tinizi geni\u015fl\u0259ndirin.<\/p>\r\n                    <\/div>\r\n                <\/div>\r\n            <\/div>\r\n        <\/a>\r\n\r\n            <\/section>","protected":false},"excerpt":{"rendered":"<p>Tamil Qrammatika M\u00f6vzular\u0131 Tamil dili \u0259sas\u0259n C\u0259nubi Hindistan v\u0259 \u015eri-Lankada dan\u0131\u015f\u0131lan canl\u0131 v\u0259 z\u0259ngin dildir. \u00d6z\u00fcn\u0259m\u0259xsus skript v\u0259 m\u00fcr\u0259kk\u0259b qrammatika sistemi il\u0259 tan\u0131n\u0131r. Tamili \u00f6yr\u0259nm\u0259k maraql\u0131 bir t\u0259cr\u00fcb\u0259 ola bil\u0259r, lakin onun qrammatikas\u0131n\u0131 ba\u015fa d\u00fc\u015fm\u0259k \u00fc\u00e7\u00fcn strukturla\u015fd\u0131r\u0131lm\u0131\u015f yana\u015fma t\u0259l\u0259b olunur. Buraya g\u0259rgin, feil, isim, m\u0259qal\u0259, pronoun\/determinativ, adjectives, adverbs, conditional, prepositions v\u0259 c\u00fcml\u0259 qurulu\u015flar\u0131n\u0131 ba\u015fa d\u00fc\u015fm\u0259k [&hellip;]<\/p>\n","protected":false},"author":6,"featured_media":134370,"parent":0,"menu_order":0,"comment_status":"closed","ping_status":"closed","template":"LearningContentPage.php","meta":{"_acf_changed":false,"footnotes":""},"class_list":["post-156038","page","type-page","status-publish","has-post-thumbnail","hentry"],"acf":[],"yoast_head":"<!-- This site is optimized with the Yoast SEO Premium plugin v27.2 (Yoast SEO v27.2) - https:\/\/yoast.com\/product\/yoast-seo-premium-wordpress\/ -->\n<title>Tamil Qrammatika M\u0259\u015fql\u0259ri - Talkpal<\/title>\n<meta name=\"description\" content=\"Dil bacar\u0131qlar\u0131n\u0131z\u0131 art\u0131rmaq v\u0259 qavray\u0131\u015f\u0131 art\u0131rmaq \u00fc\u00e7\u00fcn effektiv Tamil Qrammatikas\u0131 T\u0259liml\u0259rini ara\u015fd\u0131r\u0131n.\" \/>\n<meta name=\"robots\" content=\"index, follow, max-snippet:-1, max-image-preview:large, max-video-preview:-1\" \/>\n<link rel=\"canonical\" href=\"https:\/\/talkpal.ai\/az\/tamil-qrammatika-m%c9%99sql%c9%99ri\/\" \/>\n<meta property=\"og:locale\" content=\"az_AZ\" \/>\n<meta property=\"og:type\" content=\"article\" \/>\n<meta property=\"og:title\" content=\"Tamil Qrammatika M\u0259\u015fql\u0259ri\" \/>\n<meta property=\"og:description\" content=\"Tamil Qrammatika M\u00f6vzular\u0131 Tamil dili \u0259sas\u0259n C\u0259nubi Hindistan v\u0259 \u015eri-Lankada dan\u0131\u015f\u0131lan canl\u0131 v\u0259 z\u0259ngin dildir. \u00d6z\u00fcn\u0259m\u0259xsus skript v\u0259 m\u00fcr\u0259kk\u0259b qrammatika\" \/>\n<meta property=\"og:url\" content=\"https:\/\/talkpal.ai\/az\/tamil-qrammatika-m%c9%99sql%c9%99ri\/\" \/>\n<meta property=\"og:site_name\" content=\"Talkpal\" \/>\n<meta property=\"article:publisher\" content=\"https:\/\/www.facebook.com\/profile.php?id=100090733639311\" \/>\n<meta property=\"article:modified_time\" content=\"2025-12-17T15:02:56+00:00\" \/>\n<meta property=\"og:image\" content=\"https:\/\/talkpal.ai\/wp-content\/uploads\/2023\/05\/Tamil-india.png\" \/>\n\t<meta property=\"og:image:width\" content=\"512\" \/>\n\t<meta property=\"og:image:height\" content=\"512\" \/>\n\t<meta property=\"og:image:type\" content=\"image\/png\" \/>\n<meta name=\"twitter:card\" content=\"summary_large_image\" \/>\n<meta name=\"twitter:site\" content=\"@talkpalai\" \/>\n<meta name=\"twitter:label1\" content=\"Est. reading time\" \/>\n\t<meta name=\"twitter:data1\" content=\"3 minutes\" \/>\n<script type=\"application\/ld+json\" class=\"yoast-schema-graph\">{\"@context\":\"https:\/\/schema.org\",\"@graph\":[{\"@type\":\"WebPage\",\"@id\":\"https:\/\/talkpal.ai\/az\/tamil-qrammatika-m%c9%99sql%c9%99ri\/\",\"url\":\"https:\/\/talkpal.ai\/az\/tamil-qrammatika-m%c9%99sql%c9%99ri\/\",\"name\":\"Tamil Qrammatika M\u0259\u015fql\u0259ri - Talkpal\",\"isPartOf\":{\"@id\":\"https:\/\/talkpal.ai\/az\/#website\"},\"primaryImageOfPage\":{\"@id\":\"https:\/\/talkpal.ai\/az\/tamil-qrammatika-m%c9%99sql%c9%99ri\/#primaryimage\"},\"image\":{\"@id\":\"https:\/\/talkpal.ai\/az\/tamil-qrammatika-m%c9%99sql%c9%99ri\/#primaryimage\"},\"thumbnailUrl\":\"https:\/\/talkpal.ai\/wp-content\/uploads\/2023\/05\/Tamil-india.png\",\"datePublished\":\"2023-07-05T10:17:13+00:00\",\"dateModified\":\"2025-12-17T15:02:56+00:00\",\"description\":\"Dil bacar\u0131qlar\u0131n\u0131z\u0131 art\u0131rmaq v\u0259 qavray\u0131\u015f\u0131 art\u0131rmaq \u00fc\u00e7\u00fcn effektiv Tamil Qrammatikas\u0131 T\u0259liml\u0259rini ara\u015fd\u0131r\u0131n.\",\"breadcrumb\":{\"@id\":\"https:\/\/talkpal.ai\/az\/tamil-qrammatika-m%c9%99sql%c9%99ri\/#breadcrumb\"},\"inLanguage\":\"az\",\"potentialAction\":[{\"@type\":\"ReadAction\",\"target\":[\"https:\/\/talkpal.ai\/az\/tamil-qrammatika-m%c9%99sql%c9%99ri\/\"]}]},{\"@type\":\"ImageObject\",\"inLanguage\":\"az\",\"@id\":\"https:\/\/talkpal.ai\/az\/tamil-qrammatika-m%c9%99sql%c9%99ri\/#primaryimage\",\"url\":\"https:\/\/talkpal.ai\/wp-content\/uploads\/2023\/05\/Tamil-india.png\",\"contentUrl\":\"https:\/\/talkpal.ai\/wp-content\/uploads\/2023\/05\/Tamil-india.png\",\"width\":512,\"height\":512},{\"@type\":\"BreadcrumbList\",\"@id\":\"https:\/\/talkpal.ai\/az\/tamil-qrammatika-m%c9%99sql%c9%99ri\/#breadcrumb\",\"itemListElement\":[{\"@type\":\"ListItem\",\"position\":1,\"name\":\"Homepage\",\"item\":\"https:\/\/talkpal.ai\/az\/\"},{\"@type\":\"ListItem\",\"position\":2,\"name\":\"Tamil Qrammatika M\u0259\u015fql\u0259ri\"}]},{\"@type\":\"WebSite\",\"@id\":\"https:\/\/talkpal.ai\/az\/#website\",\"url\":\"https:\/\/talkpal.ai\/az\/\",\"name\":\"Talkpal\",\"description\":\"AI Language Learning\",\"publisher\":{\"@id\":\"https:\/\/talkpal.ai\/az\/#organization\"},\"alternateName\":\"Talkpal AI\",\"potentialAction\":[{\"@type\":\"SearchAction\",\"target\":{\"@type\":\"EntryPoint\",\"urlTemplate\":\"https:\/\/talkpal.ai\/az\/?s={search_term_string}\"},\"query-input\":{\"@type\":\"PropertyValueSpecification\",\"valueRequired\":true,\"valueName\":\"search_term_string\"}}],\"inLanguage\":\"az\"},{\"@type\":\"Organization\",\"@id\":\"https:\/\/talkpal.ai\/az\/#organization\",\"name\":\"Talkpal, Inc.\",\"alternateName\":\"Talkpal AI\",\"url\":\"https:\/\/talkpal.ai\/az\/\",\"logo\":{\"@type\":\"ImageObject\",\"inLanguage\":\"az\",\"@id\":\"https:\/\/talkpal.ai\/az\/#\/schema\/logo\/image\/\",\"url\":\"https:\/\/talkpal.ai\/wp-content\/uploads\/2024\/03\/Talkpal-Logo-Icon.png\",\"contentUrl\":\"https:\/\/talkpal.ai\/wp-content\/uploads\/2024\/03\/Talkpal-Logo-Icon.png\",\"width\":2880,\"height\":2880,\"caption\":\"Talkpal, Inc.\"},\"image\":{\"@id\":\"https:\/\/talkpal.ai\/az\/#\/schema\/logo\/image\/\"},\"sameAs\":[\"https:\/\/www.facebook.com\/profile.php?id=100090733639311\",\"https:\/\/x.com\/talkpalai\",\"https:\/\/www.linkedin.com\/company\/talkpal\/\",\"https:\/\/www.youtube.com\/@TalkPal\/\",\"https:\/\/www.tiktok.com\/@talkpal\",\"https:\/\/www.instagram.com\/talkpal_ai\/\",\"https:\/\/www.crunchbase.com\/organization\/talkpal-9cde\",\"https:\/\/www.g2.com\/products\/talkpal-for-business\/\",\"https:\/\/www.trustpilot.com\/review\/talkpal.ai\",\"https:\/\/www.capterra.com\/p\/10006800\/TalkPal\/\"],\"description\":\"Talkpal is a language learning web and mobile education app, powered by the latest AI technologies, that provides engaging experiences to its customers in many different languages to help them improve their language skills. Users can chat about unlimited amount of topics with the app and use other modes to practice their language learning.\",\"email\":\"support@talkpal.ai\",\"legalName\":\"Talkpal, Inc.\",\"foundingDate\":\"2023-04-03\",\"duns\":\"118989042\",\"numberOfEmployees\":{\"@type\":\"QuantitativeValue\",\"minValue\":\"11\",\"maxValue\":\"50\"},\"publishingPrinciples\":\"https:\/\/talkpal.ai\/publishing-principles\/\",\"actionableFeedbackPolicy\":\"https:\/\/talkpal.ai\/actionable-feedback-policy\/\",\"correctionsPolicy\":\"https:\/\/talkpal.ai\/corrections-policy\/\",\"ethicsPolicy\":\"https:\/\/talkpal.ai\/ethics-policy\/\",\"diversityPolicy\":\"https:\/\/talkpal.ai\/diversity-policy\/\",\"diversityStaffingReport\":\"https:\/\/talkpal.ai\/diversity-policy\/\"}]}<\/script>\n<!-- \/ Yoast SEO Premium plugin. -->","yoast_head_json":{"title":"Tamil Qrammatika M\u0259\u015fql\u0259ri - Talkpal","description":"Dil bacar\u0131qlar\u0131n\u0131z\u0131 art\u0131rmaq v\u0259 qavray\u0131\u015f\u0131 art\u0131rmaq \u00fc\u00e7\u00fcn effektiv Tamil Qrammatikas\u0131 T\u0259liml\u0259rini ara\u015fd\u0131r\u0131n.","robots":{"index":"index","follow":"follow","max-snippet":"max-snippet:-1","max-image-preview":"max-image-preview:large","max-video-preview":"max-video-preview:-1"},"canonical":"https:\/\/talkpal.ai\/az\/tamil-qrammatika-m%c9%99sql%c9%99ri\/","og_locale":"az_AZ","og_type":"article","og_title":"Tamil Qrammatika M\u0259\u015fql\u0259ri","og_description":"Tamil Qrammatika M\u00f6vzular\u0131 Tamil dili \u0259sas\u0259n C\u0259nubi Hindistan v\u0259 \u015eri-Lankada dan\u0131\u015f\u0131lan canl\u0131 v\u0259 z\u0259ngin dildir. \u00d6z\u00fcn\u0259m\u0259xsus skript v\u0259 m\u00fcr\u0259kk\u0259b qrammatika","og_url":"https:\/\/talkpal.ai\/az\/tamil-qrammatika-m%c9%99sql%c9%99ri\/","og_site_name":"Talkpal","article_publisher":"https:\/\/www.facebook.com\/profile.php?id=100090733639311","article_modified_time":"2025-12-17T15:02:56+00:00","og_image":[{"width":512,"height":512,"url":"https:\/\/talkpal.ai\/wp-content\/uploads\/2023\/05\/Tamil-india.png","type":"image\/png"}],"twitter_card":"summary_large_image","twitter_site":"@talkpalai","twitter_misc":{"Est. reading time":"3 minutes"},"schema":{"@context":"https:\/\/schema.org","@graph":[{"@type":"WebPage","@id":"https:\/\/talkpal.ai\/az\/tamil-qrammatika-m%c9%99sql%c9%99ri\/","url":"https:\/\/talkpal.ai\/az\/tamil-qrammatika-m%c9%99sql%c9%99ri\/","name":"Tamil Qrammatika M\u0259\u015fql\u0259ri - Talkpal","isPartOf":{"@id":"https:\/\/talkpal.ai\/az\/#website"},"primaryImageOfPage":{"@id":"https:\/\/talkpal.ai\/az\/tamil-qrammatika-m%c9%99sql%c9%99ri\/#primaryimage"},"image":{"@id":"https:\/\/talkpal.ai\/az\/tamil-qrammatika-m%c9%99sql%c9%99ri\/#primaryimage"},"thumbnailUrl":"https:\/\/talkpal.ai\/wp-content\/uploads\/2023\/05\/Tamil-india.png","datePublished":"2023-07-05T10:17:13+00:00","dateModified":"2025-12-17T15:02:56+00:00","description":"Dil bacar\u0131qlar\u0131n\u0131z\u0131 art\u0131rmaq v\u0259 qavray\u0131\u015f\u0131 art\u0131rmaq \u00fc\u00e7\u00fcn effektiv Tamil Qrammatikas\u0131 T\u0259liml\u0259rini ara\u015fd\u0131r\u0131n.","breadcrumb":{"@id":"https:\/\/talkpal.ai\/az\/tamil-qrammatika-m%c9%99sql%c9%99ri\/#breadcrumb"},"inLanguage":"az","potentialAction":[{"@type":"ReadAction","target":["https:\/\/talkpal.ai\/az\/tamil-qrammatika-m%c9%99sql%c9%99ri\/"]}]},{"@type":"ImageObject","inLanguage":"az","@id":"https:\/\/talkpal.ai\/az\/tamil-qrammatika-m%c9%99sql%c9%99ri\/#primaryimage","url":"https:\/\/talkpal.ai\/wp-content\/uploads\/2023\/05\/Tamil-india.png","contentUrl":"https:\/\/talkpal.ai\/wp-content\/uploads\/2023\/05\/Tamil-india.png","width":512,"height":512},{"@type":"BreadcrumbList","@id":"https:\/\/talkpal.ai\/az\/tamil-qrammatika-m%c9%99sql%c9%99ri\/#breadcrumb","itemListElement":[{"@type":"ListItem","position":1,"name":"Homepage","item":"https:\/\/talkpal.ai\/az\/"},{"@type":"ListItem","position":2,"name":"Tamil Qrammatika M\u0259\u015fql\u0259ri"}]},{"@type":"WebSite","@id":"https:\/\/talkpal.ai\/az\/#website","url":"https:\/\/talkpal.ai\/az\/","name":"Talkpal","description":"AI Language Learning","publisher":{"@id":"https:\/\/talkpal.ai\/az\/#organization"},"alternateName":"Talkpal AI","potentialAction":[{"@type":"SearchAction","target":{"@type":"EntryPoint","urlTemplate":"https:\/\/talkpal.ai\/az\/?s={search_term_string}"},"query-input":{"@type":"PropertyValueSpecification","valueRequired":true,"valueName":"search_term_string"}}],"inLanguage":"az"},{"@type":"Organization","@id":"https:\/\/talkpal.ai\/az\/#organization","name":"Talkpal, Inc.","alternateName":"Talkpal AI","url":"https:\/\/talkpal.ai\/az\/","logo":{"@type":"ImageObject","inLanguage":"az","@id":"https:\/\/talkpal.ai\/az\/#\/schema\/logo\/image\/","url":"https:\/\/talkpal.ai\/wp-content\/uploads\/2024\/03\/Talkpal-Logo-Icon.png","contentUrl":"https:\/\/talkpal.ai\/wp-content\/uploads\/2024\/03\/Talkpal-Logo-Icon.png","width":2880,"height":2880,"caption":"Talkpal, Inc."},"image":{"@id":"https:\/\/talkpal.ai\/az\/#\/schema\/logo\/image\/"},"sameAs":["https:\/\/www.facebook.com\/profile.php?id=100090733639311","https:\/\/x.com\/talkpalai","https:\/\/www.linkedin.com\/company\/talkpal\/","https:\/\/www.youtube.com\/@TalkPal\/","https:\/\/www.tiktok.com\/@talkpal","https:\/\/www.instagram.com\/talkpal_ai\/","https:\/\/www.crunchbase.com\/organization\/talkpal-9cde","https:\/\/www.g2.com\/products\/talkpal-for-business\/","https:\/\/www.trustpilot.com\/review\/talkpal.ai","https:\/\/www.capterra.com\/p\/10006800\/TalkPal\/"],"description":"Talkpal is a language learning web and mobile education app, powered by the latest AI technologies, that provides engaging experiences to its customers in many different languages to help them improve their language skills. Users can chat about unlimited amount of topics with the app and use other modes to practice their language learning.","email":"support@talkpal.ai","legalName":"Talkpal, Inc.","foundingDate":"2023-04-03","duns":"118989042","numberOfEmployees":{"@type":"QuantitativeValue","minValue":"11","maxValue":"50"},"publishingPrinciples":"https:\/\/talkpal.ai\/publishing-principles\/","actionableFeedbackPolicy":"https:\/\/talkpal.ai\/actionable-feedback-policy\/","correctionsPolicy":"https:\/\/talkpal.ai\/corrections-policy\/","ethicsPolicy":"https:\/\/talkpal.ai\/ethics-policy\/","diversityPolicy":"https:\/\/talkpal.ai\/diversity-policy\/","diversityStaffingReport":"https:\/\/talkpal.ai\/diversity-policy\/"}]}},"_links":{"self":[{"href":"https:\/\/talkpal.ai\/az\/wp-json\/wp\/v2\/pages\/156038","targetHints":{"allow":["GET"]}}],"collection":[{"href":"https:\/\/talkpal.ai\/az\/wp-json\/wp\/v2\/pages"}],"about":[{"href":"https:\/\/talkpal.ai\/az\/wp-json\/wp\/v2\/types\/page"}],"author":[{"embeddable":true,"href":"https:\/\/talkpal.ai\/az\/wp-json\/wp\/v2\/users\/6"}],"replies":[{"embeddable":true,"href":"https:\/\/talkpal.ai\/az\/wp-json\/wp\/v2\/comments?post=156038"}],"version-history":[{"count":0,"href":"https:\/\/talkpal.ai\/az\/wp-json\/wp\/v2\/pages\/156038\/revisions"}],"wp:featuredmedia":[{"embeddable":true,"href":"https:\/\/talkpal.ai\/az\/wp-json\/wp\/v2\/media\/134370"}],"wp:attachment":[{"href":"https:\/\/talkpal.ai\/az\/wp-json\/wp\/v2\/media?parent=156038"}],"curies":[{"name":"wp","href":"https:\/\/api.w.org\/{rel}","templated":true}]}}