{"id":155740,"date":"2023-07-05T10:24:06","date_gmt":"2023-07-05T10:24:06","guid":{"rendered":"http:\/\/talkpal.ai\/tay-qrammatika-m%c9%99sql%c9%99ri\/"},"modified":"2025-12-17T15:04:22","modified_gmt":"2025-12-17T15:04:22","slug":"tay-qrammatika-m%c9%99sql%c9%99ri","status":"publish","type":"page","link":"https:\/\/talkpal.ai\/az\/tay-qrammatika-m%c9%99sql%c9%99ri\/","title":{"rendered":"Tay Qrammatika M\u0259\u015fql\u0259ri"},"content":{"rendered":"\r\n\r\n\r\n<section class=\"languageChallengeSection\">\r\n    <div class=\"languageInfoWrapper\">\r\n        \r\n        <h1>Tay Qrammatika M\u0259\u015fql\u0259ri<\/h1>\r\n        <p><a href=\"https:\/\/talkpal.ai\/learn-thai\/\">Tay<\/a> dili \u00f6yr\u0259nm\u0259ni \u0259yl\u0259nc\u0259li v\u0259 praktik etm\u0259y\u0259 haz\u0131rs\u0131n\u0131z? \u0130nteraktiv m\u0259\u015fql\u0259rimiz Tayland qrammatikas\u0131n\u0131n \u0259saslar\u0131n\u0131 m\u0259nims\u0259m\u0259k, \u00f6z\u00fcn\u0259 inam yaratmaq v\u0259 h\u0259qiqi c\u00fcml\u0259l\u0259r qurma\u011fa ba\u015flaman\u0131za k\u00f6m\u0259k etm\u0259k \u00fc\u00e7\u00fcn n\u0259z\u0259rd\u0259 tutulub. Atlay\u0131n, ist\u0259diyiniz q\u0259d\u0259r m\u0259\u015fq edin v\u0259 Tayland bacar\u0131qlar\u0131n\u0131z\u0131n inki\u015faf\u0131n\u0131 izl\u0259yin &#8211; g\u0259lin \u00f6yr\u0259n\u0259k!<\/p>\r\n\r\n                            <a class=\"getStartedHidden\" href=\"https:\/\/app.talkpal.ai\/signup?lng=\">Ba\u015fla<\/a>\r\n        \r\n    <\/div>\r\n\r\n    <figure>\r\n    <img decoding=\"async\" width=\"768\" height=\"768\" src=\"https:\/\/talkpal.ai\/wp-content\/uploads\/2023\/06\/thai-768x768.png\" class=\"languageImage no-lazy\" alt=\"Language learning for improved thought process\" fetchpriority=\"high\" sizes=\"(max-width: 768px) 150px, 768px\" srcset=\"https:\/\/talkpal.ai\/wp-content\/uploads\/2023\/06\/thai-768x768.png 768w, https:\/\/talkpal.ai\/wp-content\/uploads\/2023\/06\/thai-300x300.png 300w\" \/>\r\n    \r\n\r\n    <\/figure>\r\n\r\n            <a class=\"getStartedVisible\" href=\"https:\/\/app.talkpal.ai\/signup?lng=\">Ba\u015fla<\/a>\r\n    \r\n<\/section>\r\n\r\n\r\n<!-- <section class=\"grammarSection\">\r\n    <div class=\"grammarLinks\">\r\n            <\/div>\r\n<\/section> -->\r\n\r\n\r\n\r\n\r\n<section class=\"promotionalBanner\">\r\n    <p class=\"promotionalText\">Dil \u00f6yr\u0259nm\u0259yin \u0259n t\u0259sirli yolu<\/p>\r\n    <a class=\"promotionalLink\" href=\"https:\/\/app.talkpal.ai\/signup?lng=\">Talkpal pulsuz s\u0131nay\u0131n<\/a>\r\n<\/section>\n<div class=\"wp-block-group pageContainerStyle\"><div class=\"wp-block-group__inner-container is-layout-constrained wp-block-group-is-layout-constrained\">\n<h2 class=\"wp-block-heading\" id=\"h-thai-grammar-topics\">Tay dili Qrammatika M\u00f6vzular\u0131<\/h2>\n\n\n\n<p>Tay dilini <a href=\"https:\/\/talkpal.ai\/az\/oyr%c9%99nm%c9%99k\/\">\u00f6yr\u0259nm\u0259k<\/a> maraql\u0131 s\u0259yah\u0259t ola bil\u0259r. Lakin dili tam d\u0259rk etm\u0259k v\u0259 s\u0259list olmaq \u00fc\u00e7\u00fcn Tay dilinin qrammatikas\u0131na b\u0259l\u0259d olmaq z\u0259ruridir. A\u015fa\u011f\u0131dak\u0131 siyah\u0131da dili \u00f6yr\u0259n\u0259rk\u0259n n\u0259z\u0259r\u0259 al\u0131nmal\u0131 olan Tay dilinin <a href=\"https:\/\/talkpal.ai\/grammar\/\">qrammatika<\/a> m\u00f6vzular\u0131n\u0131n ard\u0131c\u0131ll\u0131\u011f\u0131 verilmi\u015fdir. Bu siyah\u0131 \u0259sas m\u00f6vzulardan ba\u015flay\u0131r v\u0259 daha m\u00fcr\u0259kk\u0259b m\u00f6vzulara do\u011fru inki\u015faf edir.<\/p>\n\n\n\n<h3 class=\"wp-block-heading\" id=\"h-1-nouns\">1. Nouns:<\/h3>\n\n\n\n<p>Dilin \u0259sas bloklar\u0131 oldu\u011fu kimi Tay nounlar\u0131n\u0131 \u00f6yr\u0259nm\u0259kl\u0259 ba\u015flay\u0131n. \u00dcmumi nouns v\u0259 onlar\u0131n modifikatorlar\u0131 il\u0259 tan\u0131\u015f olun, bel\u0259 ki, Tay nouns r\u0259q\u0259m v\u0259 ya cins g\u00f6st\u0259rm\u0259k \u00fc\u00e7\u00fcn formalar\u0131 d\u0259yi\u015fmir.<\/p>\n\n\n\n<h3 class=\"wp-block-heading\" id=\"h-2-pronouns-determiners\">2. Pronouns\/Determinl\u0259r:<\/h3>\n\n\n\n<p>\u018fsas diqq\u0259ti t\u0259l\u0259ff\u00fcz\u0259 v\u0259 m\u00fc\u0259yy\u0259n etm\u0259y\u0259 y\u00f6n\u0259lt. Tayland pronounlar\u0131 tez-tez s\u00f6hb\u0259t\u0259 at\u0131l\u0131r, lakin onlar\u0131 ba\u015fa d\u00fc\u015fm\u0259k formal Tayland \u00fc\u00e7\u00fcn olduqca vacibdir.<\/p>\n\n\n\n<h3 class=\"wp-block-heading\" id=\"h-3-verbs\">3. Feill\u0259r:<\/h3>\n\n\n\n<p>Tay dilind\u0259 feill\u0259r fleksizdir, y\u0259ni onlar g\u0259rgin, r\u0259q\u0259m v\u0259 ya \u015f\u0259xs g\u00f6st\u0259rm\u0259k \u00fc\u00e7\u00fcn d\u0259yi\u015fmirl\u0259r. Bunun say\u0259sind\u0259, onlar b\u00fctl\u0259ri b\u00fctl\u0259rd\u0259n v\u0259 b\u00fctl\u0259rd\u0259n istifad\u0259 edirl\u0259r.<\/p>\n\n\n\n<h3 class=\"wp-block-heading\" id=\"h-4-adjectives\">4. Adjectives:<\/h3>\n\n\n\n<p>Tai adjectives ingilisc\u0259d\u0259n f\u0259rqli olaraq d\u0259yi\u015fdirdikl\u0259ri nounsdan sonra g\u0259lir. Adjectives \u00f6yr\u0259nm\u0259k obyektl\u0259ri, insanlar\u0131 v\u0259 v\u0259ziyy\u0259tl\u0259ri daha d\u0259qiq t\u0259svir etm\u0259k \u00fc\u00e7\u00fcn k\u00f6m\u0259k ed\u0259c\u0259k.<\/p>\n\n\n\n<h3 class=\"wp-block-heading\" id=\"h-5-prepositions\">5. Prepozisiyalar:<\/h3>\n\n\n\n<p>Tai dilind\u0259 prepozisiyalar \u00e7ox vaxt istiqam\u0259t, m\u0259kan, vaxt v\u0259 ya \u00fcsul kimi i\u015far\u0259 etm\u0259k \u00fc\u00e7\u00fcn noun v\u0259 ya t\u0259l\u0259ff\u00fczd\u0259n \u0259vv\u0259l g\u0259lir.<\/p>\n\n\n\n<h3 class=\"wp-block-heading\" id=\"h-6-adverbs\">6. Adverbl\u0259r:<\/h3>\n\n\n\n<p>Feil, adjectives v\u0259 ya dig\u0259r adverbs d\u0259yi\u015fdirm\u0259k \u00fc\u00e7\u00fcn <a href=\"https:\/\/talkpal.ai\/fi\/grammar\/ajan-adverbit-thai-kieliopissa\/\">Thai adverbs<\/a> \u00f6yr\u0259nm\u0259k. Onlar h\u0259r\u0259k\u0259t v\u0259 ya v\u0259ziyy\u0259tl\u0259r haqq\u0131nda daha \u0259trafl\u0131 m\u0259lumat ver\u0259 bil\u0259rl\u0259r.<\/p>\n\n\n\n<h3 class=\"wp-block-heading\" id=\"h-7-sentences\">7. C\u00fcml\u0259l\u0259r:<\/h3>\n\n\n\n<p>\u018fsaslar\u0131 m\u0259nims\u0259dikd\u0259n sonra Tay dilind\u0259 c\u00fcml\u0259l\u0259r qurma\u011fa ba\u015flaya bil\u0259rsiniz. C\u00fcml\u0259 qurulu\u015funu ba\u015fa d\u00fc\u015fm\u0259k fikirl\u0259rini d\u00fczg\u00fcn \u00e7atd\u0131rmaq \u00fc\u00e7\u00fcn olduqca vacibdir.<\/p>\n\n\n\n<h3 class=\"wp-block-heading\" id=\"h-8-conditionals\">8. \u015e\u0259rti olaraq:<\/h3>\n\n\n\n<p>Tay \u015f\u0259rtlil\u0259ri hipotetik v\u0259ziyy\u0259tl\u0259ri v\u0259 onlar\u0131n n\u0259tic\u0259l\u0259rini ifad\u0259 edir. Onlar daha inki\u015faf etmi\u015f olsalar da, m\u00fcr\u0259kk\u0259b dan\u0131\u015f\u0131qlar \u00fc\u00e7\u00fcn z\u0259ruridirl\u0259r.<\/p>\n\n\n\n<h3 class=\"wp-block-heading\" id=\"h-9-tenses\">9. G\u0259rginlikl\u0259r:<\/h3>\n\n\n\n<p>Tay dili <a href=\"https:\/\/talkpal.ai\/learn-english-with-ai\/\">ingilis dili<\/a> il\u0259 eyni \u015f\u0259kild\u0259 g\u0259rginlikd\u0259n istifad\u0259 etmir. Lakin ke\u00e7mi\u015fi, indikini v\u0259 ya g\u0259l\u0259c\u0259yi g\u00f6st\u0259r\u0259n s\u00f6z v\u0259 ifad\u0259l\u0259r var.<\/p>\n\n\n\n<h3 class=\"wp-block-heading\" id=\"h-10-tense-comparison\">10. G\u0259rgin m\u00fcqayis\u0259:<\/h3>\n\n\n\n<p>Bu, m\u00fcxt\u0259lif g\u0259rginlikl\u0259ri m\u00fcqayis\u0259 etdiyiniz qabaqc\u0131l m\u00f6vzudur. Bu, vaxt ifad\u0259sind\u0259ki gizli f\u0259rql\u0259ri ba\u015fa d\u00fc\u015fm\u0259y\u0259 k\u00f6m\u0259k ed\u0259c\u0259k.<\/p>\n\n\n\n<h3 class=\"wp-block-heading\" id=\"h-11-progressive\">11. M\u00fct\u0259r\u0259qqi:<\/h3>\n\n\n\n<p>Bu m\u00f6vzu davam ed\u0259n h\u0259r\u0259k\u0259tl\u0259ri ifad\u0259 etm\u0259yi ehtiva edir. Daha inki\u015faf etmi\u015f olsa da, Tay dilind\u0259 daha s\u0259lis dan\u0131\u015fma\u011fa k\u00f6m\u0259k ed\u0259c\u0259k.<\/p>\n\n\n\n<h3 class=\"wp-block-heading\" id=\"h-12-perfect-progressive\">12. M\u00fck\u0259mm\u0259l T\u0259r\u0259qqi:<\/h3>\n\n\n\n<p>M\u00fck\u0259mm\u0259l m\u00fct\u0259r\u0259qqi g\u0259rginlik Tay dilinin qrammatikas\u0131n\u0131n m\u00fcr\u0259kk\u0259b aspektidir. M\u00fc\u0259yy\u0259n bir n\u00f6qt\u0259y\u0259 q\u0259d\u0259r davam ed\u0259n h\u0259r\u0259k\u0259tl\u0259ri ifad\u0259 etm\u0259k \u00fc\u00e7\u00fcn istifad\u0259 edilir.<\/p>\n\n\n\n<h3 class=\"wp-block-heading\" id=\"h-13-articles\">13. M\u0259qal\u0259l\u0259r:<\/h3>\n\n\n\n<p>Tay dili ingilis dili kimi q\u0259ti v\u0259 ya m\u00fcdd\u0259tsiz m\u0259qal\u0259l\u0259r\u0259 malik deyil. Lakin, daha inki\u015faf etmi\u015f m\u0259rh\u0259l\u0259d\u0259 \u00f6yr\u0259n\u0259 bil\u0259c\u0259yiniz nounlar\u0131 t\u0259yin etm\u0259k v\u0259 ya \u00fcmumil\u0259\u015fdirm\u0259k \u00fc\u00e7\u00fcn ba\u015fqa yollar da vard\u0131r.<\/p>\n<\/div><\/div>\n\r\n<section class=\"learnNavigationSection\">\r\n            \r\n        <a href=\"https:\/\/talkpal.ai\/az\/tay-dilini-oyr%c9%99n\/\">\r\n            <div class=\"learnNavigationWrapper\">\r\n                <div class=\"learnNavigationContent\">\r\n                    <img decoding=\"async\" src=\"https:\/\/talkpal.ai\/wp-content\/uploads\/2024\/08\/Thai.jpg\" alt=\"Thai Flag\">\r\n                    <div>\r\n                        <h4>Tay dili \u00f6yr\u0259nm\u0259 haqq\u0131nda<\/h4>\r\n                        <p>Tay dili qrammatikas\u0131 haqq\u0131nda h\u0259r \u015feyi \u00f6yr\u0259nin .<\/p>\r\n                    <\/div>\r\n                <\/div>\r\n            <\/div>\r\n        <\/a>\r\n\r\n        \r\n        <a href=\"https:\/\/talkpal.ai\/az\/tay-dili-qrammatikasi\/\">\r\n            <div class=\"learnNavigationWrapper\">\r\n                <div class=\"learnNavigationContent\">\r\n                    <img decoding=\"async\" src=\"https:\/\/talkpal.ai\/wp-content\/uploads\/2024\/08\/Thai.jpg\" alt=\"Thai Flag\">\r\n                    <div>\r\n                        <h4>Tay dilinin qrammatikas\u0131 d\u0259rsl\u0259ri<\/h4>\r\n                        <p>Tayland dilinin qrammatikas\u0131.<\/p>\r\n                    <\/div>\r\n                <\/div>\r\n            <\/div>\r\n        <\/a>\r\n\r\n        \r\n        <a href=\"https:\/\/talkpal.ai\/vocabulary_language\/thai\/\">\r\n            <div class=\"learnNavigationWrapper\">\r\n                <div class=\"learnNavigationContent\">\r\n                    <img decoding=\"async\" src=\"https:\/\/talkpal.ai\/wp-content\/uploads\/2024\/08\/Thai.jpg\" alt=\"Thai Flag\">\r\n                    <div>\r\n                        <h4>Tay l\u00fc\u011f\u0259ti<\/h4>\r\n                        <p>Tay dili l\u00fc\u011f\u0259tinizi geni\u015fl\u0259ndirin.<\/p>\r\n                    <\/div>\r\n                <\/div>\r\n            <\/div>\r\n        <\/a>\r\n\r\n            <\/section>","protected":false},"excerpt":{"rendered":"<p>Tay dili Qrammatika M\u00f6vzular\u0131 Tay dilini \u00f6yr\u0259nm\u0259k maraql\u0131 s\u0259yah\u0259t ola bil\u0259r. Lakin dili tam d\u0259rk etm\u0259k v\u0259 s\u0259list olmaq \u00fc\u00e7\u00fcn Tay dilinin qrammatikas\u0131na b\u0259l\u0259d olmaq z\u0259ruridir. A\u015fa\u011f\u0131dak\u0131 siyah\u0131da dili \u00f6yr\u0259n\u0259rk\u0259n n\u0259z\u0259r\u0259 al\u0131nmal\u0131 olan Tay dilinin qrammatika m\u00f6vzular\u0131n\u0131n ard\u0131c\u0131ll\u0131\u011f\u0131 verilmi\u015fdir. Bu siyah\u0131 \u0259sas m\u00f6vzulardan ba\u015flay\u0131r v\u0259 daha m\u00fcr\u0259kk\u0259b m\u00f6vzulara do\u011fru inki\u015faf edir. 1. Nouns: Dilin \u0259sas [&hellip;]<\/p>\n","protected":false},"author":6,"featured_media":153452,"parent":0,"menu_order":0,"comment_status":"closed","ping_status":"closed","template":"LearningContentPage.php","meta":{"_acf_changed":false,"footnotes":""},"class_list":["post-155740","page","type-page","status-publish","has-post-thumbnail","hentry"],"acf":[],"yoast_head":"<!-- This site is optimized with the Yoast SEO Premium plugin v27.2 (Yoast SEO v27.2) - https:\/\/yoast.com\/product\/yoast-seo-premium-wordpress\/ -->\n<title>Tay Qrammatika M\u0259\u015fql\u0259ri - Talkpal<\/title>\n<meta name=\"description\" content=\"Tay dili qrammatika m\u0259\u015fql\u0259rimizl\u0259 Tay dili bacar\u0131qlar\u0131n\u0131z\u0131 art\u0131r\u0131n v\u0259 dilin tikinti bloklar\u0131n\u0131 m\u0259nims\u0259m\u0259y\u0259 ba\u015flay\u0131n.\" \/>\n<meta name=\"robots\" content=\"index, follow, max-snippet:-1, max-image-preview:large, max-video-preview:-1\" \/>\n<link rel=\"canonical\" href=\"https:\/\/talkpal.ai\/az\/tay-qrammatika-m%c9%99sql%c9%99ri\/\" \/>\n<meta property=\"og:locale\" content=\"az_AZ\" \/>\n<meta property=\"og:type\" content=\"article\" \/>\n<meta property=\"og:title\" content=\"Tay Qrammatika M\u0259\u015fql\u0259ri\" \/>\n<meta property=\"og:description\" content=\"Tay dili Qrammatika M\u00f6vzular\u0131 Tay dilini \u00f6yr\u0259nm\u0259k maraql\u0131 s\u0259yah\u0259t ola bil\u0259r. Lakin dili tam d\u0259rk etm\u0259k v\u0259 s\u0259list olmaq \u00fc\u00e7\u00fcn Tay dilinin qrammatikas\u0131na\" \/>\n<meta property=\"og:url\" content=\"https:\/\/talkpal.ai\/az\/tay-qrammatika-m%c9%99sql%c9%99ri\/\" \/>\n<meta property=\"og:site_name\" content=\"Talkpal\" \/>\n<meta property=\"article:publisher\" content=\"https:\/\/www.facebook.com\/profile.php?id=100090733639311\" \/>\n<meta property=\"article:modified_time\" content=\"2025-12-17T15:04:22+00:00\" \/>\n<meta property=\"og:image\" content=\"https:\/\/talkpal.ai\/wp-content\/uploads\/2023\/05\/thailand.png\" \/>\n\t<meta property=\"og:image:width\" content=\"512\" \/>\n\t<meta property=\"og:image:height\" content=\"512\" \/>\n\t<meta property=\"og:image:type\" content=\"image\/png\" \/>\n<meta name=\"twitter:card\" content=\"summary_large_image\" \/>\n<meta name=\"twitter:site\" content=\"@talkpalai\" \/>\n<meta name=\"twitter:label1\" content=\"Est. reading time\" \/>\n\t<meta name=\"twitter:data1\" content=\"3 minutes\" \/>\n<script type=\"application\/ld+json\" class=\"yoast-schema-graph\">{\"@context\":\"https:\/\/schema.org\",\"@graph\":[{\"@type\":\"WebPage\",\"@id\":\"https:\/\/talkpal.ai\/az\/tay-qrammatika-m%c9%99sql%c9%99ri\/\",\"url\":\"https:\/\/talkpal.ai\/az\/tay-qrammatika-m%c9%99sql%c9%99ri\/\",\"name\":\"Tay Qrammatika M\u0259\u015fql\u0259ri - Talkpal\",\"isPartOf\":{\"@id\":\"https:\/\/talkpal.ai\/az\/#website\"},\"primaryImageOfPage\":{\"@id\":\"https:\/\/talkpal.ai\/az\/tay-qrammatika-m%c9%99sql%c9%99ri\/#primaryimage\"},\"image\":{\"@id\":\"https:\/\/talkpal.ai\/az\/tay-qrammatika-m%c9%99sql%c9%99ri\/#primaryimage\"},\"thumbnailUrl\":\"https:\/\/talkpal.ai\/wp-content\/uploads\/2023\/05\/thailand.png\",\"datePublished\":\"2023-07-05T10:24:06+00:00\",\"dateModified\":\"2025-12-17T15:04:22+00:00\",\"description\":\"Tay dili qrammatika m\u0259\u015fql\u0259rimizl\u0259 Tay dili bacar\u0131qlar\u0131n\u0131z\u0131 art\u0131r\u0131n v\u0259 dilin tikinti bloklar\u0131n\u0131 m\u0259nims\u0259m\u0259y\u0259 ba\u015flay\u0131n.\",\"breadcrumb\":{\"@id\":\"https:\/\/talkpal.ai\/az\/tay-qrammatika-m%c9%99sql%c9%99ri\/#breadcrumb\"},\"inLanguage\":\"az\",\"potentialAction\":[{\"@type\":\"ReadAction\",\"target\":[\"https:\/\/talkpal.ai\/az\/tay-qrammatika-m%c9%99sql%c9%99ri\/\"]}]},{\"@type\":\"ImageObject\",\"inLanguage\":\"az\",\"@id\":\"https:\/\/talkpal.ai\/az\/tay-qrammatika-m%c9%99sql%c9%99ri\/#primaryimage\",\"url\":\"https:\/\/talkpal.ai\/wp-content\/uploads\/2023\/05\/thailand.png\",\"contentUrl\":\"https:\/\/talkpal.ai\/wp-content\/uploads\/2023\/05\/thailand.png\",\"width\":512,\"height\":512},{\"@type\":\"BreadcrumbList\",\"@id\":\"https:\/\/talkpal.ai\/az\/tay-qrammatika-m%c9%99sql%c9%99ri\/#breadcrumb\",\"itemListElement\":[{\"@type\":\"ListItem\",\"position\":1,\"name\":\"Homepage\",\"item\":\"https:\/\/talkpal.ai\/az\/\"},{\"@type\":\"ListItem\",\"position\":2,\"name\":\"Tay Qrammatika M\u0259\u015fql\u0259ri\"}]},{\"@type\":\"WebSite\",\"@id\":\"https:\/\/talkpal.ai\/az\/#website\",\"url\":\"https:\/\/talkpal.ai\/az\/\",\"name\":\"Talkpal\",\"description\":\"AI Language Learning\",\"publisher\":{\"@id\":\"https:\/\/talkpal.ai\/az\/#organization\"},\"alternateName\":\"Talkpal AI\",\"potentialAction\":[{\"@type\":\"SearchAction\",\"target\":{\"@type\":\"EntryPoint\",\"urlTemplate\":\"https:\/\/talkpal.ai\/az\/?s={search_term_string}\"},\"query-input\":{\"@type\":\"PropertyValueSpecification\",\"valueRequired\":true,\"valueName\":\"search_term_string\"}}],\"inLanguage\":\"az\"},{\"@type\":\"Organization\",\"@id\":\"https:\/\/talkpal.ai\/az\/#organization\",\"name\":\"Talkpal, Inc.\",\"alternateName\":\"Talkpal AI\",\"url\":\"https:\/\/talkpal.ai\/az\/\",\"logo\":{\"@type\":\"ImageObject\",\"inLanguage\":\"az\",\"@id\":\"https:\/\/talkpal.ai\/az\/#\/schema\/logo\/image\/\",\"url\":\"https:\/\/talkpal.ai\/wp-content\/uploads\/2024\/03\/Talkpal-Logo-Icon.png\",\"contentUrl\":\"https:\/\/talkpal.ai\/wp-content\/uploads\/2024\/03\/Talkpal-Logo-Icon.png\",\"width\":2880,\"height\":2880,\"caption\":\"Talkpal, Inc.\"},\"image\":{\"@id\":\"https:\/\/talkpal.ai\/az\/#\/schema\/logo\/image\/\"},\"sameAs\":[\"https:\/\/www.facebook.com\/profile.php?id=100090733639311\",\"https:\/\/x.com\/talkpalai\",\"https:\/\/www.linkedin.com\/company\/talkpal\/\",\"https:\/\/www.youtube.com\/@TalkPal\/\",\"https:\/\/www.tiktok.com\/@talkpal\",\"https:\/\/www.instagram.com\/talkpal_ai\/\",\"https:\/\/www.crunchbase.com\/organization\/talkpal-9cde\",\"https:\/\/www.g2.com\/products\/talkpal-for-business\/\",\"https:\/\/www.trustpilot.com\/review\/talkpal.ai\",\"https:\/\/www.capterra.com\/p\/10006800\/TalkPal\/\"],\"description\":\"Talkpal is a language learning web and mobile education app, powered by the latest AI technologies, that provides engaging experiences to its customers in many different languages to help them improve their language skills. Users can chat about unlimited amount of topics with the app and use other modes to practice their language learning.\",\"email\":\"support@talkpal.ai\",\"legalName\":\"Talkpal, Inc.\",\"foundingDate\":\"2023-04-03\",\"duns\":\"118989042\",\"numberOfEmployees\":{\"@type\":\"QuantitativeValue\",\"minValue\":\"11\",\"maxValue\":\"50\"},\"publishingPrinciples\":\"https:\/\/talkpal.ai\/publishing-principles\/\",\"actionableFeedbackPolicy\":\"https:\/\/talkpal.ai\/actionable-feedback-policy\/\",\"correctionsPolicy\":\"https:\/\/talkpal.ai\/corrections-policy\/\",\"ethicsPolicy\":\"https:\/\/talkpal.ai\/ethics-policy\/\",\"diversityPolicy\":\"https:\/\/talkpal.ai\/diversity-policy\/\",\"diversityStaffingReport\":\"https:\/\/talkpal.ai\/diversity-policy\/\"}]}<\/script>\n<!-- \/ Yoast SEO Premium plugin. -->","yoast_head_json":{"title":"Tay Qrammatika M\u0259\u015fql\u0259ri - Talkpal","description":"Tay dili qrammatika m\u0259\u015fql\u0259rimizl\u0259 Tay dili bacar\u0131qlar\u0131n\u0131z\u0131 art\u0131r\u0131n v\u0259 dilin tikinti bloklar\u0131n\u0131 m\u0259nims\u0259m\u0259y\u0259 ba\u015flay\u0131n.","robots":{"index":"index","follow":"follow","max-snippet":"max-snippet:-1","max-image-preview":"max-image-preview:large","max-video-preview":"max-video-preview:-1"},"canonical":"https:\/\/talkpal.ai\/az\/tay-qrammatika-m%c9%99sql%c9%99ri\/","og_locale":"az_AZ","og_type":"article","og_title":"Tay Qrammatika M\u0259\u015fql\u0259ri","og_description":"Tay dili Qrammatika M\u00f6vzular\u0131 Tay dilini \u00f6yr\u0259nm\u0259k maraql\u0131 s\u0259yah\u0259t ola bil\u0259r. Lakin dili tam d\u0259rk etm\u0259k v\u0259 s\u0259list olmaq \u00fc\u00e7\u00fcn Tay dilinin qrammatikas\u0131na","og_url":"https:\/\/talkpal.ai\/az\/tay-qrammatika-m%c9%99sql%c9%99ri\/","og_site_name":"Talkpal","article_publisher":"https:\/\/www.facebook.com\/profile.php?id=100090733639311","article_modified_time":"2025-12-17T15:04:22+00:00","og_image":[{"width":512,"height":512,"url":"https:\/\/talkpal.ai\/wp-content\/uploads\/2023\/05\/thailand.png","type":"image\/png"}],"twitter_card":"summary_large_image","twitter_site":"@talkpalai","twitter_misc":{"Est. reading time":"3 minutes"},"schema":{"@context":"https:\/\/schema.org","@graph":[{"@type":"WebPage","@id":"https:\/\/talkpal.ai\/az\/tay-qrammatika-m%c9%99sql%c9%99ri\/","url":"https:\/\/talkpal.ai\/az\/tay-qrammatika-m%c9%99sql%c9%99ri\/","name":"Tay Qrammatika M\u0259\u015fql\u0259ri - Talkpal","isPartOf":{"@id":"https:\/\/talkpal.ai\/az\/#website"},"primaryImageOfPage":{"@id":"https:\/\/talkpal.ai\/az\/tay-qrammatika-m%c9%99sql%c9%99ri\/#primaryimage"},"image":{"@id":"https:\/\/talkpal.ai\/az\/tay-qrammatika-m%c9%99sql%c9%99ri\/#primaryimage"},"thumbnailUrl":"https:\/\/talkpal.ai\/wp-content\/uploads\/2023\/05\/thailand.png","datePublished":"2023-07-05T10:24:06+00:00","dateModified":"2025-12-17T15:04:22+00:00","description":"Tay dili qrammatika m\u0259\u015fql\u0259rimizl\u0259 Tay dili bacar\u0131qlar\u0131n\u0131z\u0131 art\u0131r\u0131n v\u0259 dilin tikinti bloklar\u0131n\u0131 m\u0259nims\u0259m\u0259y\u0259 ba\u015flay\u0131n.","breadcrumb":{"@id":"https:\/\/talkpal.ai\/az\/tay-qrammatika-m%c9%99sql%c9%99ri\/#breadcrumb"},"inLanguage":"az","potentialAction":[{"@type":"ReadAction","target":["https:\/\/talkpal.ai\/az\/tay-qrammatika-m%c9%99sql%c9%99ri\/"]}]},{"@type":"ImageObject","inLanguage":"az","@id":"https:\/\/talkpal.ai\/az\/tay-qrammatika-m%c9%99sql%c9%99ri\/#primaryimage","url":"https:\/\/talkpal.ai\/wp-content\/uploads\/2023\/05\/thailand.png","contentUrl":"https:\/\/talkpal.ai\/wp-content\/uploads\/2023\/05\/thailand.png","width":512,"height":512},{"@type":"BreadcrumbList","@id":"https:\/\/talkpal.ai\/az\/tay-qrammatika-m%c9%99sql%c9%99ri\/#breadcrumb","itemListElement":[{"@type":"ListItem","position":1,"name":"Homepage","item":"https:\/\/talkpal.ai\/az\/"},{"@type":"ListItem","position":2,"name":"Tay Qrammatika M\u0259\u015fql\u0259ri"}]},{"@type":"WebSite","@id":"https:\/\/talkpal.ai\/az\/#website","url":"https:\/\/talkpal.ai\/az\/","name":"Talkpal","description":"AI Language Learning","publisher":{"@id":"https:\/\/talkpal.ai\/az\/#organization"},"alternateName":"Talkpal AI","potentialAction":[{"@type":"SearchAction","target":{"@type":"EntryPoint","urlTemplate":"https:\/\/talkpal.ai\/az\/?s={search_term_string}"},"query-input":{"@type":"PropertyValueSpecification","valueRequired":true,"valueName":"search_term_string"}}],"inLanguage":"az"},{"@type":"Organization","@id":"https:\/\/talkpal.ai\/az\/#organization","name":"Talkpal, Inc.","alternateName":"Talkpal AI","url":"https:\/\/talkpal.ai\/az\/","logo":{"@type":"ImageObject","inLanguage":"az","@id":"https:\/\/talkpal.ai\/az\/#\/schema\/logo\/image\/","url":"https:\/\/talkpal.ai\/wp-content\/uploads\/2024\/03\/Talkpal-Logo-Icon.png","contentUrl":"https:\/\/talkpal.ai\/wp-content\/uploads\/2024\/03\/Talkpal-Logo-Icon.png","width":2880,"height":2880,"caption":"Talkpal, Inc."},"image":{"@id":"https:\/\/talkpal.ai\/az\/#\/schema\/logo\/image\/"},"sameAs":["https:\/\/www.facebook.com\/profile.php?id=100090733639311","https:\/\/x.com\/talkpalai","https:\/\/www.linkedin.com\/company\/talkpal\/","https:\/\/www.youtube.com\/@TalkPal\/","https:\/\/www.tiktok.com\/@talkpal","https:\/\/www.instagram.com\/talkpal_ai\/","https:\/\/www.crunchbase.com\/organization\/talkpal-9cde","https:\/\/www.g2.com\/products\/talkpal-for-business\/","https:\/\/www.trustpilot.com\/review\/talkpal.ai","https:\/\/www.capterra.com\/p\/10006800\/TalkPal\/"],"description":"Talkpal is a language learning web and mobile education app, powered by the latest AI technologies, that provides engaging experiences to its customers in many different languages to help them improve their language skills. Users can chat about unlimited amount of topics with the app and use other modes to practice their language learning.","email":"support@talkpal.ai","legalName":"Talkpal, Inc.","foundingDate":"2023-04-03","duns":"118989042","numberOfEmployees":{"@type":"QuantitativeValue","minValue":"11","maxValue":"50"},"publishingPrinciples":"https:\/\/talkpal.ai\/publishing-principles\/","actionableFeedbackPolicy":"https:\/\/talkpal.ai\/actionable-feedback-policy\/","correctionsPolicy":"https:\/\/talkpal.ai\/corrections-policy\/","ethicsPolicy":"https:\/\/talkpal.ai\/ethics-policy\/","diversityPolicy":"https:\/\/talkpal.ai\/diversity-policy\/","diversityStaffingReport":"https:\/\/talkpal.ai\/diversity-policy\/"}]}},"_links":{"self":[{"href":"https:\/\/talkpal.ai\/az\/wp-json\/wp\/v2\/pages\/155740","targetHints":{"allow":["GET"]}}],"collection":[{"href":"https:\/\/talkpal.ai\/az\/wp-json\/wp\/v2\/pages"}],"about":[{"href":"https:\/\/talkpal.ai\/az\/wp-json\/wp\/v2\/types\/page"}],"author":[{"embeddable":true,"href":"https:\/\/talkpal.ai\/az\/wp-json\/wp\/v2\/users\/6"}],"replies":[{"embeddable":true,"href":"https:\/\/talkpal.ai\/az\/wp-json\/wp\/v2\/comments?post=155740"}],"version-history":[{"count":0,"href":"https:\/\/talkpal.ai\/az\/wp-json\/wp\/v2\/pages\/155740\/revisions"}],"wp:featuredmedia":[{"embeddable":true,"href":"https:\/\/talkpal.ai\/az\/wp-json\/wp\/v2\/media\/153452"}],"wp:attachment":[{"href":"https:\/\/talkpal.ai\/az\/wp-json\/wp\/v2\/media?parent=155740"}],"curies":[{"name":"wp","href":"https:\/\/api.w.org\/{rel}","templated":true}]}}