{"id":155463,"date":"2023-07-05T10:34:01","date_gmt":"2023-07-05T10:34:01","guid":{"rendered":"http:\/\/talkpal.ai\/turkc%c9%99-qrammatika-m%c9%99sql%c9%99ri\/"},"modified":"2025-12-17T10:36:38","modified_gmt":"2025-12-17T10:36:38","slug":"turkc%c9%99-qrammatika-m%c9%99sql%c9%99ri","status":"publish","type":"page","link":"https:\/\/talkpal.ai\/az\/turkc%c9%99-qrammatika-m%c9%99sql%c9%99ri\/","title":{"rendered":"T\u00fcrkc\u0259 Qrammatika M\u0259\u015fql\u0259ri"},"content":{"rendered":"\r\n\r\n\r\n<section class=\"languageChallengeSection\">\r\n    <div class=\"languageInfoWrapper\">\r\n        \r\n        <h1>T\u00fcrkc\u0259 Qrammatika M\u0259\u015fql\u0259ri<\/h1>\r\n        <p>T\u00fcrkc\u0259 daha inaml\u0131 hiss etm\u0259k ist\u0259yirsiniz? Qrammatik m\u0259\u015fql\u0259ri m\u0259\u015fq etm\u0259k dild\u0259 c\u00fcml\u0259 qurulu\u015funu, fel birl\u0259\u015fm\u0259l\u0259rini v\u0259 g\u00fcnd\u0259lik n\u00fcmun\u0259l\u0259ri m\u0259nims\u0259m\u0259k \u00fc\u00e7\u00fcn \u0259la bir yoldur. Bu g\u00fcn t\u00fcrkc\u0259 <a href=\"https:\/\/talkpal.ai\/grammar\/\">qrammatika<\/a> m\u0259\u015fql\u0259rini ara\u015fd\u0131rma\u011fa ba\u015flay\u0131n v\u0259 anlama v\u0259 dan\u0131\u015fma bacar\u0131qlar\u0131n\u0131z\u0131n durmadan yax\u015f\u0131la\u015fd\u0131\u011f\u0131n\u0131 izl\u0259yin!<\/p>\r\n\r\n                            <a class=\"getStartedHidden\" href=\"https:\/\/app.talkpal.ai\/signup?lng=\">Ba\u015fla<\/a>\r\n        \r\n    <\/div>\r\n\r\n    <figure>\r\n    <img decoding=\"async\" width=\"768\" height=\"768\" src=\"https:\/\/talkpal.ai\/wp-content\/uploads\/2023\/06\/turkish-768x768.png\" class=\"languageImage no-lazy\" alt=\"Language learning for increased focus\" fetchpriority=\"high\" sizes=\"(max-width: 768px) 150px, 768px\" srcset=\"https:\/\/talkpal.ai\/wp-content\/uploads\/2023\/06\/turkish-768x768.png 768w, https:\/\/talkpal.ai\/wp-content\/uploads\/2023\/06\/turkish-300x300.png 300w\" \/>\r\n    \r\n\r\n    <\/figure>\r\n\r\n            <a class=\"getStartedVisible\" href=\"https:\/\/app.talkpal.ai\/signup?lng=\">Ba\u015fla<\/a>\r\n    \r\n<\/section>\r\n\r\n\r\n<!-- <section class=\"grammarSection\">\r\n    <div class=\"grammarLinks\">\r\n            <\/div>\r\n<\/section> -->\r\n\r\n\r\n\r\n\r\n<section class=\"promotionalBanner\">\r\n    <p class=\"promotionalText\">Dil \u00f6yr\u0259nm\u0259yin \u0259n t\u0259sirli yolu<\/p>\r\n    <a class=\"promotionalLink\" href=\"https:\/\/app.talkpal.ai\/signup?lng=\">Talkpal pulsuz s\u0131nay\u0131n<\/a>\r\n<\/section>\n<div class=\"wp-block-group pageContainerStyle\"><div class=\"wp-block-group__inner-container is-layout-constrained wp-block-group-is-layout-constrained\">\n<h2 class=\"wp-block-heading\" id=\"h-turkish-grammar-topics\">T\u00fcrk dilinin qrammatikas\u0131 m\u00f6vzular\u0131<\/h2>\n\n\n\n<p><a href=\"https:\/\/talkpal.ai\/learn-turkish\/\">T\u00fcrk<\/a> dilini <a href=\"https:\/\/talkpal.ai\/az\/oyr%c9%99nm%c9%99k\/\">\u00f6yr\u0259nm\u0259k<\/a> onun \u00f6z\u00fcn\u0259m\u0259xsus qurulu\u015fu v\u0259 qrammatikas\u0131 say\u0259sind\u0259 m\u00fckafatland\u0131r\u0131c\u0131, lakin \u00e7\u0259tin bir i\u015f ola bil\u0259r. T\u00fcrk dilini \u00f6yr\u0259n\u0259nl\u0259rin qavramas\u0131 laz\u0131m olan \u0259sas c\u0259h\u0259tl\u0259rd\u0259n biri d\u0259 onun qrammatikas\u0131d\u0131r. Bu dild\u0259 g\u0259rgin, feill\u0259r, isiml\u0259r, m\u0259qal\u0259l\u0259r, adgektivl\u0259r, adverbl\u0259r, \u015f\u0259rtil\u0259r, prepozisiyalar, c\u00fcml\u0259l\u0259rin in\u015fas\u0131 kimi m\u00f6vzular yer al\u0131r. Bu komponentl\u0259rin ba\u015fa d\u00fc\u015f\u00fclm\u0259si dilin m\u00fck\u0259mm\u0259l olmas\u0131 \u00fc\u00e7\u00fcn olduqca vacibdir, \u00e7\u00fcnki onlar t\u00fcrk dilind\u0259 \u00fcnsiyy\u0259tin \u0259sas bloklar\u0131d\u0131r.<\/p>\n\n\n\n<h3 class=\"wp-block-heading\" id=\"h-1-nouns\">1. Nouns:<\/h3>\n\n\n\n<p>T\u00fcrk nounlar\u0131n\u0131 dilin \u0259n \u0259sas vahidi oldu\u011fu kimi \u00f6yr\u0259nm\u0259kl\u0259 ba\u015flay\u0131n. C\u00fcml\u0259l\u0259rd\u0259 onlardan nec\u0259 istifad\u0259 etm\u0259k laz\u0131m oldu\u011funu anlamaq siz\u0259 yax\u015f\u0131 t\u0259m\u0259l ver\u0259c\u0259k.<\/p>\n\n\n\n<h3 class=\"wp-block-heading\" id=\"h-2-articles\">2. M\u0259qal\u0259l\u0259r:<\/h3>\n\n\n\n<p>T\u00fcrk dilind\u0259 d\u0259qiq v\u0259 m\u00fcdd\u0259tsiz m\u0259qal\u0259l\u0259r yoxdur. Bu is\u0259 yeni ba\u015flayanlar \u00fc\u00e7\u00fcn asanl\u0131q yarad\u0131r. Lakin d\u0259qiq v\u0259 \u0259b\u0259diyy\u0259ti ifad\u0259 etm\u0259yi \u00f6yr\u0259nm\u0259k olduqca vacibdir.<\/p>\n\n\n\n<h3 class=\"wp-block-heading\" id=\"h-3-pronouns-determiners\">3. Pronouns\/Determinl\u0259r:<\/h3>\n\n\n\n<p>Bu s\u00f6zl\u0259r ismi \u0259v\u0259z ed\u0259n v\u0259 ya d\u0259yi\u015fdir\u0259n s\u00f6zl\u0259rdir. Say, sahib, cins v\u0259 m\u0259saf\u0259 g\u00f6st\u0259r\u0259 bilirl\u0259r. Onlar\u0131 erk\u0259n \u00f6yr\u0259nm\u0259k \u00e7ox vacibdir, \u00e7\u00fcnki onlar tez-tez istifad\u0259 olunur.<\/p>\n\n\n\n<h3 class=\"wp-block-heading\" id=\"h-4-adjectives\">4. Adjectives:<\/h3>\n\n\n\n<p>Adjectives nouns t\u0259svir v\u0259 ya d\u0259yi\u015fdirm\u0259k. T\u00fcrk sif\u0259tl\u0259ri cins v\u0259 ya r\u0259q\u0259m\u0259 g\u00f6r\u0259 d\u0259yi\u015fmir ki, bu da \u00f6yr\u0259nm\u0259yi asanla\u015fd\u0131r\u0131r.<\/p>\n\n\n\n<h3 class=\"wp-block-heading\" id=\"h-5-adverbs\">5. Adverbl\u0259r:<\/h3>\n\n\n\n<p>Adverbl\u0259rd\u0259 feill\u0259r, adjectives v\u0259 ya ba\u015fqa adverbl\u0259r t\u0259svir olunur. Onlar dan\u0131\u015f\u0131q t\u0259rzini, yerini, vaxt\u0131n\u0131, tez-tez, d\u0259r\u0259c\u0259ni v\u0259 daha \u00e7ox ifad\u0259 etm\u0259k, dili z\u0259nginl\u0259\u015fdirm\u0259k \u00fc\u00e7\u00fcn \u0259sas rol oynay\u0131r.<\/p>\n\n\n\n<h3 class=\"wp-block-heading\" id=\"h-6-verbs\">6. Feill\u0259r:<\/h3>\n\n\n\n<p>T\u00fcrk feill\u0259ri g\u0259rgin, \u0259hval-ruhiyy\u0259li, aspektli v\u0259 s\u0259s \u00fc\u00e7\u00fcn inflektdir. Fell\u0259rin \u00f6yr\u0259nilm\u0259si c\u00fcml\u0259l\u0259rin yaranmas\u0131nda h\u0259lledici \u0259h\u0259miyy\u0259t k\u0259sb edir.<\/p>\n\n\n\n<h3 class=\"wp-block-heading\" id=\"h-7-tenses\">7. G\u0259rginlikl\u0259r:<\/h3>\n\n\n\n<p>T\u00fcrk dilind\u0259 9 g\u0259rgin (ke\u00e7mi\u015f, indiki, g\u0259l\u0259c\u0259k v\u0259 onlar\u0131n variasiyalar\u0131) vard\u0131r. Vaxt\u0131 d\u0259qiq ifad\u0259 etm\u0259k \u00fc\u00e7\u00fcn onlar\u0131 ba\u015fa d\u00fc\u015fm\u0259k vacibdir.<\/p>\n\n\n\n<h3 class=\"wp-block-heading\" id=\"h-8-tense-comparison\">8. G\u0259rgin m\u00fcqayis\u0259:<\/h3>\n\n\n\n<p>Bu, m\u00fcxt\u0259lif g\u0259rginlikl\u0259r aras\u0131ndak\u0131 n\u00fcanslar\u0131 anlama\u011fa k\u00f6m\u0259k edir.<\/p>\n\n\n\n<h3 class=\"wp-block-heading\" id=\"h-9-progressive\">9. M\u00fct\u0259r\u0259qqi:<\/h3>\n\n\n\n<p>T\u0259dric\u0259n g\u0259rginl\u0259\u015f\u0259n bu, davaml\u0131 h\u0259r\u0259k\u0259t oldu\u011funu g\u00f6st\u0259rir. \u00d6z\u00fcn\u00fcz\u00fc d\u0259qiq ifad\u0259 etm\u0259k \u00fc\u00e7\u00fcn vacib olan zamanlar\u0131n alt kateqoriyas\u0131d\u0131r.<\/p>\n\n\n\n<h3 class=\"wp-block-heading\" id=\"h-10-perfect-progressive\">10. M\u00fck\u0259mm\u0259l T\u0259r\u0259qqi:<\/h3>\n\n\n\n<p>Bu g\u0259rginlik ke\u00e7mi\u015fd\u0259 davam ed\u0259n v\u0259 indiki v\u0259 ya yenic\u0259 bitmi\u015f h\u0259r\u0259k\u0259tl\u0259ri g\u00f6st\u0259rir. Bu daha m\u00fcr\u0259kk\u0259bdir v\u0259 m\u00fct\u0259r\u0259qqi zaman\u0131 m\u0259nims\u0259dikd\u0259n sonra \u00f6yr\u0259nilm\u0259lidir.<\/p>\n\n\n\n<h3 class=\"wp-block-heading\" id=\"h-11-conditionals\">11. \u015e\u0259rti olaraq:<\/h3>\n\n\n\n<p>\u015e\u0259rti c\u00fcml\u0259l\u0259r hipotetik v\u0259ziyy\u0259tl\u0259ri ifad\u0259 edir v\u0259 m\u00fc\u0259yy\u0259n \u015f\u0259rtl\u0259rd\u0259n as\u0131l\u0131d\u0131r. Onlar sizin diliniz\u0259 m\u00fcr\u0259kk\u0259blik qat\u0131r.<\/p>\n\n\n\n<h3 class=\"wp-block-heading\" id=\"h-12-prepositions\">12. Prepozisiyalar:<\/h3>\n\n\n\n<p>Prepozisiyalar c\u00fcml\u0259d\u0259 ba\u015fqa s\u00f6z\u0259 noun v\u0259 ya t\u0259l\u0259ff\u00fcz \u0259laq\u0259sini g\u00f6st\u0259rir. Onlar s\u00f6z v\u0259 fikirl\u0259rin \u0259laq\u0259l\u0259ndirilm\u0259si \u00fc\u00e7\u00fcn \u0259sas rol oynay\u0131rlar.<\/p>\n\n\n\n<h3 class=\"wp-block-heading\" id=\"h-13-sentences\">13. C\u00fcml\u0259l\u0259r:<\/h3>\n\n\n\n<p>Sonuncu olaraq, c\u00fcml\u0259l\u0259rin tam \u015f\u0259kild\u0259 d\u00fcz\u0259ldil\u0259n \u00fcsullar\u0131n\u0131 \u00f6yr\u0259nm\u0259k, \u0259vv\u0259lki qrammatika m\u00f6vzular\u0131n\u0131n ham\u0131s\u0131n\u0131n ustal\u0131qla \u00f6yr\u0259nilm\u0259sinin kulminasiya zirv\u0259sidir.<\/p>\n<\/div><\/div>\n\r\n<section class=\"learnNavigationSection\">\r\n            \r\n        <a href=\"https:\/\/talkpal.ai\/az\/turk-dilini-oyr%c9%99n\/\">\r\n            <div class=\"learnNavigationWrapper\">\r\n                <div class=\"learnNavigationContent\">\r\n                    <img decoding=\"async\" src=\"https:\/\/talkpal.ai\/wp-content\/uploads\/2024\/08\/Turkish.jpg\" alt=\"Turkish Flag\">\r\n                    <div>\r\n                        <h4>T\u00fcrkc\u0259 \u00d6yr\u0259nm\u0259 Haqq\u0131nda<\/h4>\r\n                        <p>T\u00fcrk dilinin qrammatikas\u0131 haqq\u0131nda h\u0259r \u015feyi \u00f6yr\u0259nin.<\/p>\r\n                    <\/div>\r\n                <\/div>\r\n            <\/div>\r\n        <\/a>\r\n\r\n        \r\n        <a href=\"https:\/\/talkpal.ai\/az\/turk-dilinin-qrammatikasi\/\">\r\n            <div class=\"learnNavigationWrapper\">\r\n                <div class=\"learnNavigationContent\">\r\n                    <img decoding=\"async\" src=\"https:\/\/talkpal.ai\/wp-content\/uploads\/2024\/08\/Turkish.jpg\" alt=\"Turkish Flag\">\r\n                    <div>\r\n                        <h4>T\u00fcrk dilinin qrammatikas\u0131 d\u0259rsl\u0259ri<\/h4>\r\n                        <p>T\u00fcrk dilinin qrammatikas\u0131 praktik.<\/p>\r\n                    <\/div>\r\n                <\/div>\r\n            <\/div>\r\n        <\/a>\r\n\r\n        \r\n        <a href=\"https:\/\/talkpal.ai\/vocabulary_language\/turkish\/\">\r\n            <div class=\"learnNavigationWrapper\">\r\n                <div class=\"learnNavigationContent\">\r\n                    <img decoding=\"async\" src=\"https:\/\/talkpal.ai\/wp-content\/uploads\/2024\/08\/Turkish.jpg\" alt=\"Turkish Flag\">\r\n                    <div>\r\n                        <h4>T\u00fcrk dili l\u00fc\u011f\u0259ti<\/h4>\r\n                        <p>T\u00fcrkc\u0259 l\u00fc\u011f\u0259tinizi geni\u015fl\u0259ndirin.<\/p>\r\n                    <\/div>\r\n                <\/div>\r\n            <\/div>\r\n        <\/a>\r\n\r\n            <\/section>","protected":false},"excerpt":{"rendered":"<p>T\u00fcrk dilinin qrammatikas\u0131 m\u00f6vzular\u0131 T\u00fcrk dilini \u00f6yr\u0259nm\u0259k onun \u00f6z\u00fcn\u0259m\u0259xsus qurulu\u015fu v\u0259 qrammatikas\u0131 say\u0259sind\u0259 m\u00fckafatland\u0131r\u0131c\u0131, lakin \u00e7\u0259tin bir i\u015f ola bil\u0259r. T\u00fcrk dilini \u00f6yr\u0259n\u0259nl\u0259rin qavramas\u0131 laz\u0131m olan \u0259sas c\u0259h\u0259tl\u0259rd\u0259n biri d\u0259 onun qrammatikas\u0131d\u0131r. Bu dild\u0259 g\u0259rgin, feill\u0259r, isiml\u0259r, m\u0259qal\u0259l\u0259r, adgektivl\u0259r, adverbl\u0259r, \u015f\u0259rtil\u0259r, prepozisiyalar, c\u00fcml\u0259l\u0259rin in\u015fas\u0131 kimi m\u00f6vzular yer al\u0131r. Bu komponentl\u0259rin ba\u015fa d\u00fc\u015f\u00fclm\u0259si dilin m\u00fck\u0259mm\u0259l olmas\u0131 [&hellip;]<\/p>\n","protected":false},"author":6,"featured_media":120956,"parent":0,"menu_order":0,"comment_status":"closed","ping_status":"closed","template":"LearningContentPage.php","meta":{"_acf_changed":false,"footnotes":""},"class_list":["post-155463","page","type-page","status-publish","has-post-thumbnail","hentry"],"acf":[],"yoast_head":"<!-- This site is optimized with the Yoast SEO Premium plugin v27.2 (Yoast SEO v27.2) - https:\/\/yoast.com\/product\/yoast-seo-premium-wordpress\/ -->\n<title>T\u00fcrkc\u0259 Qrammatika M\u0259\u015fql\u0259ri - Talkpal<\/title>\n<meta name=\"description\" content=\"H\u0259rt\u0259r\u0259fli t\u00fcrk qrammatikas\u0131 m\u0259\u015fql\u0259rimizl\u0259 t\u00fcrk qrammatikas\u0131na yiy\u0259l\u0259nin. Bu g\u00fcn dil bacar\u0131qlar\u0131n\u0131z\u0131 effektiv \u015f\u0259kild\u0259 t\u0259kmill\u0259\u015fdirin.\" \/>\n<meta name=\"robots\" content=\"index, follow, max-snippet:-1, max-image-preview:large, max-video-preview:-1\" \/>\n<link rel=\"canonical\" href=\"https:\/\/talkpal.ai\/az\/turkc%c9%99-qrammatika-m%c9%99sql%c9%99ri\/\" \/>\n<meta property=\"og:locale\" content=\"az_AZ\" \/>\n<meta property=\"og:type\" content=\"article\" \/>\n<meta property=\"og:title\" content=\"T\u00fcrkc\u0259 Qrammatika M\u0259\u015fql\u0259ri\" \/>\n<meta property=\"og:description\" content=\"T\u00fcrk dilinin qrammatikas\u0131 m\u00f6vzular\u0131 T\u00fcrk dilini \u00f6yr\u0259nm\u0259k onun \u00f6z\u00fcn\u0259m\u0259xsus qurulu\u015fu v\u0259 qrammatikas\u0131 say\u0259sind\u0259 m\u00fckafatland\u0131r\u0131c\u0131, lakin \u00e7\u0259tin bir i\u015f ola\" \/>\n<meta property=\"og:url\" content=\"https:\/\/talkpal.ai\/az\/turkc%c9%99-qrammatika-m%c9%99sql%c9%99ri\/\" \/>\n<meta property=\"og:site_name\" content=\"Talkpal\" \/>\n<meta property=\"article:publisher\" content=\"https:\/\/www.facebook.com\/profile.php?id=100090733639311\" \/>\n<meta property=\"article:modified_time\" content=\"2025-12-17T10:36:38+00:00\" \/>\n<meta property=\"og:image\" content=\"https:\/\/talkpal.ai\/wp-content\/uploads\/2023\/05\/turkish.png\" \/>\n\t<meta property=\"og:image:width\" content=\"512\" \/>\n\t<meta property=\"og:image:height\" content=\"512\" \/>\n\t<meta property=\"og:image:type\" content=\"image\/png\" \/>\n<meta name=\"twitter:card\" content=\"summary_large_image\" \/>\n<meta name=\"twitter:site\" content=\"@talkpalai\" \/>\n<meta name=\"twitter:label1\" content=\"Est. reading time\" \/>\n\t<meta name=\"twitter:data1\" content=\"3 minutes\" \/>\n<script type=\"application\/ld+json\" class=\"yoast-schema-graph\">{\"@context\":\"https:\/\/schema.org\",\"@graph\":[{\"@type\":\"WebPage\",\"@id\":\"https:\/\/talkpal.ai\/az\/turkc%c9%99-qrammatika-m%c9%99sql%c9%99ri\/\",\"url\":\"https:\/\/talkpal.ai\/az\/turkc%c9%99-qrammatika-m%c9%99sql%c9%99ri\/\",\"name\":\"T\u00fcrkc\u0259 Qrammatika M\u0259\u015fql\u0259ri - Talkpal\",\"isPartOf\":{\"@id\":\"https:\/\/talkpal.ai\/az\/#website\"},\"primaryImageOfPage\":{\"@id\":\"https:\/\/talkpal.ai\/az\/turkc%c9%99-qrammatika-m%c9%99sql%c9%99ri\/#primaryimage\"},\"image\":{\"@id\":\"https:\/\/talkpal.ai\/az\/turkc%c9%99-qrammatika-m%c9%99sql%c9%99ri\/#primaryimage\"},\"thumbnailUrl\":\"https:\/\/talkpal.ai\/wp-content\/uploads\/2023\/05\/turkish.png\",\"datePublished\":\"2023-07-05T10:34:01+00:00\",\"dateModified\":\"2025-12-17T10:36:38+00:00\",\"description\":\"H\u0259rt\u0259r\u0259fli t\u00fcrk qrammatikas\u0131 m\u0259\u015fql\u0259rimizl\u0259 t\u00fcrk qrammatikas\u0131na yiy\u0259l\u0259nin. Bu g\u00fcn dil bacar\u0131qlar\u0131n\u0131z\u0131 effektiv \u015f\u0259kild\u0259 t\u0259kmill\u0259\u015fdirin.\",\"breadcrumb\":{\"@id\":\"https:\/\/talkpal.ai\/az\/turkc%c9%99-qrammatika-m%c9%99sql%c9%99ri\/#breadcrumb\"},\"inLanguage\":\"az\",\"potentialAction\":[{\"@type\":\"ReadAction\",\"target\":[\"https:\/\/talkpal.ai\/az\/turkc%c9%99-qrammatika-m%c9%99sql%c9%99ri\/\"]}]},{\"@type\":\"ImageObject\",\"inLanguage\":\"az\",\"@id\":\"https:\/\/talkpal.ai\/az\/turkc%c9%99-qrammatika-m%c9%99sql%c9%99ri\/#primaryimage\",\"url\":\"https:\/\/talkpal.ai\/wp-content\/uploads\/2023\/05\/turkish.png\",\"contentUrl\":\"https:\/\/talkpal.ai\/wp-content\/uploads\/2023\/05\/turkish.png\",\"width\":512,\"height\":512},{\"@type\":\"BreadcrumbList\",\"@id\":\"https:\/\/talkpal.ai\/az\/turkc%c9%99-qrammatika-m%c9%99sql%c9%99ri\/#breadcrumb\",\"itemListElement\":[{\"@type\":\"ListItem\",\"position\":1,\"name\":\"Homepage\",\"item\":\"https:\/\/talkpal.ai\/az\/\"},{\"@type\":\"ListItem\",\"position\":2,\"name\":\"T\u00fcrkc\u0259 Qrammatika M\u0259\u015fql\u0259ri\"}]},{\"@type\":\"WebSite\",\"@id\":\"https:\/\/talkpal.ai\/az\/#website\",\"url\":\"https:\/\/talkpal.ai\/az\/\",\"name\":\"Talkpal\",\"description\":\"AI Language Learning\",\"publisher\":{\"@id\":\"https:\/\/talkpal.ai\/az\/#organization\"},\"alternateName\":\"Talkpal AI\",\"potentialAction\":[{\"@type\":\"SearchAction\",\"target\":{\"@type\":\"EntryPoint\",\"urlTemplate\":\"https:\/\/talkpal.ai\/az\/?s={search_term_string}\"},\"query-input\":{\"@type\":\"PropertyValueSpecification\",\"valueRequired\":true,\"valueName\":\"search_term_string\"}}],\"inLanguage\":\"az\"},{\"@type\":\"Organization\",\"@id\":\"https:\/\/talkpal.ai\/az\/#organization\",\"name\":\"Talkpal, Inc.\",\"alternateName\":\"Talkpal AI\",\"url\":\"https:\/\/talkpal.ai\/az\/\",\"logo\":{\"@type\":\"ImageObject\",\"inLanguage\":\"az\",\"@id\":\"https:\/\/talkpal.ai\/az\/#\/schema\/logo\/image\/\",\"url\":\"https:\/\/talkpal.ai\/wp-content\/uploads\/2024\/03\/Talkpal-Logo-Icon.png\",\"contentUrl\":\"https:\/\/talkpal.ai\/wp-content\/uploads\/2024\/03\/Talkpal-Logo-Icon.png\",\"width\":2880,\"height\":2880,\"caption\":\"Talkpal, Inc.\"},\"image\":{\"@id\":\"https:\/\/talkpal.ai\/az\/#\/schema\/logo\/image\/\"},\"sameAs\":[\"https:\/\/www.facebook.com\/profile.php?id=100090733639311\",\"https:\/\/x.com\/talkpalai\",\"https:\/\/www.linkedin.com\/company\/talkpal\/\",\"https:\/\/www.youtube.com\/@TalkPal\/\",\"https:\/\/www.tiktok.com\/@talkpal\",\"https:\/\/www.instagram.com\/talkpal_ai\/\",\"https:\/\/www.crunchbase.com\/organization\/talkpal-9cde\",\"https:\/\/www.g2.com\/products\/talkpal-for-business\/\",\"https:\/\/www.trustpilot.com\/review\/talkpal.ai\",\"https:\/\/www.capterra.com\/p\/10006800\/TalkPal\/\"],\"description\":\"Talkpal is a language learning web and mobile education app, powered by the latest AI technologies, that provides engaging experiences to its customers in many different languages to help them improve their language skills. Users can chat about unlimited amount of topics with the app and use other modes to practice their language learning.\",\"email\":\"support@talkpal.ai\",\"legalName\":\"Talkpal, Inc.\",\"foundingDate\":\"2023-04-03\",\"duns\":\"118989042\",\"numberOfEmployees\":{\"@type\":\"QuantitativeValue\",\"minValue\":\"11\",\"maxValue\":\"50\"},\"publishingPrinciples\":\"https:\/\/talkpal.ai\/publishing-principles\/\",\"actionableFeedbackPolicy\":\"https:\/\/talkpal.ai\/actionable-feedback-policy\/\",\"correctionsPolicy\":\"https:\/\/talkpal.ai\/corrections-policy\/\",\"ethicsPolicy\":\"https:\/\/talkpal.ai\/ethics-policy\/\",\"diversityPolicy\":\"https:\/\/talkpal.ai\/diversity-policy\/\",\"diversityStaffingReport\":\"https:\/\/talkpal.ai\/diversity-policy\/\"}]}<\/script>\n<!-- \/ Yoast SEO Premium plugin. -->","yoast_head_json":{"title":"T\u00fcrkc\u0259 Qrammatika M\u0259\u015fql\u0259ri - Talkpal","description":"H\u0259rt\u0259r\u0259fli t\u00fcrk qrammatikas\u0131 m\u0259\u015fql\u0259rimizl\u0259 t\u00fcrk qrammatikas\u0131na yiy\u0259l\u0259nin. Bu g\u00fcn dil bacar\u0131qlar\u0131n\u0131z\u0131 effektiv \u015f\u0259kild\u0259 t\u0259kmill\u0259\u015fdirin.","robots":{"index":"index","follow":"follow","max-snippet":"max-snippet:-1","max-image-preview":"max-image-preview:large","max-video-preview":"max-video-preview:-1"},"canonical":"https:\/\/talkpal.ai\/az\/turkc%c9%99-qrammatika-m%c9%99sql%c9%99ri\/","og_locale":"az_AZ","og_type":"article","og_title":"T\u00fcrkc\u0259 Qrammatika M\u0259\u015fql\u0259ri","og_description":"T\u00fcrk dilinin qrammatikas\u0131 m\u00f6vzular\u0131 T\u00fcrk dilini \u00f6yr\u0259nm\u0259k onun \u00f6z\u00fcn\u0259m\u0259xsus qurulu\u015fu v\u0259 qrammatikas\u0131 say\u0259sind\u0259 m\u00fckafatland\u0131r\u0131c\u0131, lakin \u00e7\u0259tin bir i\u015f ola","og_url":"https:\/\/talkpal.ai\/az\/turkc%c9%99-qrammatika-m%c9%99sql%c9%99ri\/","og_site_name":"Talkpal","article_publisher":"https:\/\/www.facebook.com\/profile.php?id=100090733639311","article_modified_time":"2025-12-17T10:36:38+00:00","og_image":[{"width":512,"height":512,"url":"https:\/\/talkpal.ai\/wp-content\/uploads\/2023\/05\/turkish.png","type":"image\/png"}],"twitter_card":"summary_large_image","twitter_site":"@talkpalai","twitter_misc":{"Est. reading time":"3 minutes"},"schema":{"@context":"https:\/\/schema.org","@graph":[{"@type":"WebPage","@id":"https:\/\/talkpal.ai\/az\/turkc%c9%99-qrammatika-m%c9%99sql%c9%99ri\/","url":"https:\/\/talkpal.ai\/az\/turkc%c9%99-qrammatika-m%c9%99sql%c9%99ri\/","name":"T\u00fcrkc\u0259 Qrammatika M\u0259\u015fql\u0259ri - Talkpal","isPartOf":{"@id":"https:\/\/talkpal.ai\/az\/#website"},"primaryImageOfPage":{"@id":"https:\/\/talkpal.ai\/az\/turkc%c9%99-qrammatika-m%c9%99sql%c9%99ri\/#primaryimage"},"image":{"@id":"https:\/\/talkpal.ai\/az\/turkc%c9%99-qrammatika-m%c9%99sql%c9%99ri\/#primaryimage"},"thumbnailUrl":"https:\/\/talkpal.ai\/wp-content\/uploads\/2023\/05\/turkish.png","datePublished":"2023-07-05T10:34:01+00:00","dateModified":"2025-12-17T10:36:38+00:00","description":"H\u0259rt\u0259r\u0259fli t\u00fcrk qrammatikas\u0131 m\u0259\u015fql\u0259rimizl\u0259 t\u00fcrk qrammatikas\u0131na yiy\u0259l\u0259nin. Bu g\u00fcn dil bacar\u0131qlar\u0131n\u0131z\u0131 effektiv \u015f\u0259kild\u0259 t\u0259kmill\u0259\u015fdirin.","breadcrumb":{"@id":"https:\/\/talkpal.ai\/az\/turkc%c9%99-qrammatika-m%c9%99sql%c9%99ri\/#breadcrumb"},"inLanguage":"az","potentialAction":[{"@type":"ReadAction","target":["https:\/\/talkpal.ai\/az\/turkc%c9%99-qrammatika-m%c9%99sql%c9%99ri\/"]}]},{"@type":"ImageObject","inLanguage":"az","@id":"https:\/\/talkpal.ai\/az\/turkc%c9%99-qrammatika-m%c9%99sql%c9%99ri\/#primaryimage","url":"https:\/\/talkpal.ai\/wp-content\/uploads\/2023\/05\/turkish.png","contentUrl":"https:\/\/talkpal.ai\/wp-content\/uploads\/2023\/05\/turkish.png","width":512,"height":512},{"@type":"BreadcrumbList","@id":"https:\/\/talkpal.ai\/az\/turkc%c9%99-qrammatika-m%c9%99sql%c9%99ri\/#breadcrumb","itemListElement":[{"@type":"ListItem","position":1,"name":"Homepage","item":"https:\/\/talkpal.ai\/az\/"},{"@type":"ListItem","position":2,"name":"T\u00fcrkc\u0259 Qrammatika M\u0259\u015fql\u0259ri"}]},{"@type":"WebSite","@id":"https:\/\/talkpal.ai\/az\/#website","url":"https:\/\/talkpal.ai\/az\/","name":"Talkpal","description":"AI Language Learning","publisher":{"@id":"https:\/\/talkpal.ai\/az\/#organization"},"alternateName":"Talkpal AI","potentialAction":[{"@type":"SearchAction","target":{"@type":"EntryPoint","urlTemplate":"https:\/\/talkpal.ai\/az\/?s={search_term_string}"},"query-input":{"@type":"PropertyValueSpecification","valueRequired":true,"valueName":"search_term_string"}}],"inLanguage":"az"},{"@type":"Organization","@id":"https:\/\/talkpal.ai\/az\/#organization","name":"Talkpal, Inc.","alternateName":"Talkpal AI","url":"https:\/\/talkpal.ai\/az\/","logo":{"@type":"ImageObject","inLanguage":"az","@id":"https:\/\/talkpal.ai\/az\/#\/schema\/logo\/image\/","url":"https:\/\/talkpal.ai\/wp-content\/uploads\/2024\/03\/Talkpal-Logo-Icon.png","contentUrl":"https:\/\/talkpal.ai\/wp-content\/uploads\/2024\/03\/Talkpal-Logo-Icon.png","width":2880,"height":2880,"caption":"Talkpal, Inc."},"image":{"@id":"https:\/\/talkpal.ai\/az\/#\/schema\/logo\/image\/"},"sameAs":["https:\/\/www.facebook.com\/profile.php?id=100090733639311","https:\/\/x.com\/talkpalai","https:\/\/www.linkedin.com\/company\/talkpal\/","https:\/\/www.youtube.com\/@TalkPal\/","https:\/\/www.tiktok.com\/@talkpal","https:\/\/www.instagram.com\/talkpal_ai\/","https:\/\/www.crunchbase.com\/organization\/talkpal-9cde","https:\/\/www.g2.com\/products\/talkpal-for-business\/","https:\/\/www.trustpilot.com\/review\/talkpal.ai","https:\/\/www.capterra.com\/p\/10006800\/TalkPal\/"],"description":"Talkpal is a language learning web and mobile education app, powered by the latest AI technologies, that provides engaging experiences to its customers in many different languages to help them improve their language skills. Users can chat about unlimited amount of topics with the app and use other modes to practice their language learning.","email":"support@talkpal.ai","legalName":"Talkpal, Inc.","foundingDate":"2023-04-03","duns":"118989042","numberOfEmployees":{"@type":"QuantitativeValue","minValue":"11","maxValue":"50"},"publishingPrinciples":"https:\/\/talkpal.ai\/publishing-principles\/","actionableFeedbackPolicy":"https:\/\/talkpal.ai\/actionable-feedback-policy\/","correctionsPolicy":"https:\/\/talkpal.ai\/corrections-policy\/","ethicsPolicy":"https:\/\/talkpal.ai\/ethics-policy\/","diversityPolicy":"https:\/\/talkpal.ai\/diversity-policy\/","diversityStaffingReport":"https:\/\/talkpal.ai\/diversity-policy\/"}]}},"_links":{"self":[{"href":"https:\/\/talkpal.ai\/az\/wp-json\/wp\/v2\/pages\/155463","targetHints":{"allow":["GET"]}}],"collection":[{"href":"https:\/\/talkpal.ai\/az\/wp-json\/wp\/v2\/pages"}],"about":[{"href":"https:\/\/talkpal.ai\/az\/wp-json\/wp\/v2\/types\/page"}],"author":[{"embeddable":true,"href":"https:\/\/talkpal.ai\/az\/wp-json\/wp\/v2\/users\/6"}],"replies":[{"embeddable":true,"href":"https:\/\/talkpal.ai\/az\/wp-json\/wp\/v2\/comments?post=155463"}],"version-history":[{"count":0,"href":"https:\/\/talkpal.ai\/az\/wp-json\/wp\/v2\/pages\/155463\/revisions"}],"wp:featuredmedia":[{"embeddable":true,"href":"https:\/\/talkpal.ai\/az\/wp-json\/wp\/v2\/media\/120956"}],"wp:attachment":[{"href":"https:\/\/talkpal.ai\/az\/wp-json\/wp\/v2\/media?parent=155463"}],"curies":[{"name":"wp","href":"https:\/\/api.w.org\/{rel}","templated":true}]}}