{"id":155169,"date":"2023-07-05T10:41:01","date_gmt":"2023-07-05T10:41:01","guid":{"rendered":"http:\/\/talkpal.ai\/urdu-dilinin-qrammatikasi-m%c9%99sg%c9%99l%c9%99l%c9%99ri\/"},"modified":"2025-12-17T14:42:13","modified_gmt":"2025-12-17T14:42:13","slug":"urdu-dilinin-qrammatikasi-m%c9%99sg%c9%99l%c9%99l%c9%99ri","status":"publish","type":"page","link":"https:\/\/talkpal.ai\/az\/urdu-dilinin-qrammatikasi-m%c9%99sg%c9%99l%c9%99l%c9%99ri\/","title":{"rendered":"Urdu dilinin qrammatikas\u0131 m\u0259\u015f\u011f\u0259l\u0259l\u0259ri"},"content":{"rendered":"\r\n\r\n\r\n<section class=\"languageChallengeSection\">\r\n    <div class=\"languageInfoWrapper\">\r\n        \r\n        <h1>Urdu dilinin qrammatikas\u0131 m\u0259\u015f\u011f\u0259l\u0259l\u0259ri<\/h1>\r\n        <p><a href=\"https:\/\/talkpal.ai\/learn-urdu\/\">Urdu<\/a> dilind\u0259n istifad\u0259 ed\u0259r\u0259k \u00f6z\u00fcn\u00fcz\u00fc daha inaml\u0131 hiss etm\u0259k ist\u0259yirsiniz? Qrammatik m\u0259\u015fql\u0259rin t\u0259tbiqi c\u00fcml\u0259 qurulu\u015funu, fel formalar\u0131n\u0131 v\u0259 Urdu dilinin unikal x\u00fcsusiyy\u0259tl\u0259rini m\u0259nims\u0259m\u0259k \u00fc\u00e7\u00fcn \u0259la bir yoldur. Urdu dilinin qrammatikas\u0131 \u00fcz\u0259rind\u0259 bu g\u00fcn i\u015fl\u0259m\u0259y\u0259 ba\u015flay\u0131n v\u0259 h\u0259r m\u0259\u015fql\u0259 ba\u015fa d\u00fc\u015fm\u0259yinizin v\u0259 r\u0259vanl\u0131\u011f\u0131n\u0131z\u0131n yax\u015f\u0131la\u015fd\u0131\u011f\u0131n\u0131 izl\u0259yin!<\/p>\r\n\r\n                            <a class=\"getStartedHidden\" href=\"https:\/\/app.talkpal.ai\/signup?lng=\">Ba\u015fla<\/a>\r\n        \r\n    <\/div>\r\n\r\n    <figure>\r\n    <img decoding=\"async\" width=\"768\" height=\"768\" src=\"https:\/\/talkpal.ai\/wp-content\/uploads\/2023\/06\/urdu-768x768.png\" class=\"languageImage no-lazy\" alt=\"Language learning for global understanding\" fetchpriority=\"high\" sizes=\"(max-width: 768px) 150px, 768px\" srcset=\"https:\/\/talkpal.ai\/wp-content\/uploads\/2023\/06\/urdu-768x768.png 768w, https:\/\/talkpal.ai\/wp-content\/uploads\/2023\/06\/urdu-300x300.png 300w\" \/>\r\n    \r\n\r\n    <\/figure>\r\n\r\n            <a class=\"getStartedVisible\" href=\"https:\/\/app.talkpal.ai\/signup?lng=\">Ba\u015fla<\/a>\r\n    \r\n<\/section>\r\n\r\n\r\n<!-- <section class=\"grammarSection\">\r\n    <div class=\"grammarLinks\">\r\n            <\/div>\r\n<\/section> -->\r\n\r\n\r\n\r\n\r\n<section class=\"promotionalBanner\">\r\n    <p class=\"promotionalText\">Dil \u00f6yr\u0259nm\u0259yin \u0259n t\u0259sirli yolu<\/p>\r\n    <a class=\"promotionalLink\" href=\"https:\/\/app.talkpal.ai\/signup?lng=\">Talkpal pulsuz s\u0131nay\u0131n<\/a>\r\n<\/section>\n<div class=\"wp-block-group pageContainerStyle\"><div class=\"wp-block-group__inner-container is-layout-constrained wp-block-group-is-layout-constrained\">\n<h2 class=\"wp-block-heading\" id=\"h-urdu-grammar-topics\">Urdu dilinin qrammatikas\u0131 m\u00f6vzular\u0131<\/h2>\n\n\n\n<p>M\u00fcxt\u0259lif ifad\u0259l\u0259rl\u0259, d\u0259rin m\u0259nalarla v\u0259 m\u00fcr\u0259kk\u0259b qrammatik qurulu\u015fla z\u0259ngin olan <a href=\"https:\/\/talkpal.ai\/az\/urdu-dilini-oyr%c9%99n\/\">urdu dilini<\/a> <a href=\"https:\/\/talkpal.ai\/az\/oyr%c9%99nm%c9%99k\/\">\u00f6yr\u0259nm\u0259k<\/a> maraql\u0131 bir s\u0259yah\u0259t ola bil\u0259r. Lakin onun qrammatikas\u0131n\u0131 \u00f6yr\u0259nm\u0259k \u00fc\u00e7\u00fcn sistemli \u00fcsula malik olmaq \u00e7ox vacib idi. A\u015fa\u011f\u0131da dili <a href=\"https:\/\/talkpal.ai\/locations\/learn-english-in-asan\/\">asan<\/a> v\u0259 effektiv \u00f6yr\u0259nm\u0259kd\u0259 siz\u0259 yard\u0131m\u00e7\u0131 olmaq \u00fc\u00e7\u00fcn Urdu <a href=\"https:\/\/talkpal.ai\/grammar\/\">qrammatika<\/a> m\u00f6vzular\u0131n\u0131n t\u0259klif olunan ard\u0131c\u0131ll\u0131\u011f\u0131 v\u0259 q\u0131sa t\u0259sviri verilmi\u015fdir.<\/p>\n\n\n\n<h3 class=\"wp-block-heading\" id=\"h-1-nouns\">1. Nouns:<\/h3>\n\n\n\n<p>Urdu dilind\u0259 isiml\u0259rin v\u0259 ya &#8220;izmin&#8221; m\u00fc\u0259yy\u0259nl\u0259\u015fdirilm\u0259si il\u0259 ba\u015flay\u0131n, onlar\u0131n c\u00fcml\u0259l\u0259rin \u0259sas\u0131n\u0131 nec\u0259 t\u0259\u015fkil etdiyini ba\u015fa d\u00fc\u015f. \u00dcmumi, d\u00fczg\u00fcn, saya g\u0259lm\u0259z v\u0259 hesablanmayan n\u0259l\u0259ris\u0259 ay\u0131rd etm\u0259yi \u00f6yr\u0259nin.<\/p>\n\n\n\n<h3 class=\"wp-block-heading\" id=\"h-2-pronouns-determiners\">2. Pronouns\/Determinl\u0259r:<\/h3>\n\n\n\n<p>\u018fv\u0259zlikl\u0259rin v\u0259 ya \u201czaameer\u201d v\u0259 t\u0259yinedicil\u0259rin v\u0259 ya \u201cmuarref\u201din yan\u0131na ke\u00e7in. Onlar c\u00fcml\u0259d\u0259 ad\u0131 \u0259v\u0259z edir v\u0259 m\u00fcvafiq olaraq sahib olduqlar\u0131n\u0131, miqdar\u0131n\u0131 v\u0259 ya kimliyini g\u00f6st\u0259rir.<\/p>\n\n\n\n<h3 class=\"wp-block-heading\" id=\"h-3-articles\">3. M\u0259qal\u0259l\u0259r:<\/h3>\n\n\n\n<p>Urdu dilind\u0259 m\u0259qal\u0259l\u0259r anlay\u0131\u015f\u0131 ingilis dilind\u0259 oldu\u011fu q\u0259d\u0259r qabar\u0131q deyil. Bununla bel\u0259, onlar\u0131n m\u00fc\u0259yy\u0259n postpozisiyalar \u015f\u0259klind\u0259 gizli m\u00f6vcudlu\u011funu ba\u015fa d\u00fc\u015fm\u0259k vacibdir.<\/p>\n\n\n\n<h3 class=\"wp-block-heading\" id=\"h-4-adjectives\">4. Adjectives:<\/h3>\n\n\n\n<p>Sif\u0259tl\u0259r v\u0259 ya &#8220;\u0259m\u0259k&#8221; isiml\u0259ri t\u0259svir edir v\u0259 ya d\u0259yi\u015fdirir. Onlar\u0131n c\u00fcml\u0259l\u0259rd\u0259 yerl\u0259\u015fdirilm\u0259sini v\u0259 d\u0259yi\u015fdirdikl\u0259ri noundlarla raz\u0131la\u015fmalar\u0131n\u0131 \u00f6yr\u0259nin.<\/p>\n\n\n\n<h3 class=\"wp-block-heading\" id=\"h-5-verbs\">5. Feill\u0259r:<\/h3>\n\n\n\n<p>Feill\u0259r v\u0259 ya &#8220;u\u011fursuzluq&#8221; c\u00fcml\u0259 qurulu\u015fu \u00fc\u00e7\u00fcn \u0259sasd\u0131r. Feill\u0259rin m\u00fcxt\u0259lif n\u00f6vl\u0259rini v\u0259 onlar\u0131n konjuqasiya qaydalar\u0131n\u0131 \u00f6yr\u0259nin.<\/p>\n\n\n\n<h3 class=\"wp-block-heading\" id=\"h-6-adverbs\">6. Adverbl\u0259r:<\/h3>\n\n\n\n<p>Z\u0259rfl\u0259r v\u0259 ya \u201ch\u0101l\u201d fell\u0259ri, sif\u0259tl\u0259ri v\u0259 ya dig\u0259r z\u0259rfl\u0259ri d\u0259yi\u015fdirir. Onlar\u0131n yerl\u0259\u015fdirilm\u0259sini v\u0259 m\u00fcxt\u0259lif n\u00f6vl\u0259rini ba\u015fa d\u00fc\u015fm\u0259k.<\/p>\n\n\n\n<h3 class=\"wp-block-heading\" id=\"h-7-prepositions\">7. Prepozisiyalar:<\/h3>\n\n\n\n<p>\u00d6n s\u00f6zl\u0259r v\u0259 ya \u201charf-e-jarr\u201d isiml\u0259ri v\u0259 ya \u0259v\u0259zlikl\u0259ri c\u00fcml\u0259d\u0259ki dig\u0259r s\u00f6zl\u0259rl\u0259 \u0259laq\u0259l\u0259ndirir. Onlar istiqam\u0259t, m\u0259kan, zaman, s\u0259b\u0259b, davran\u0131\u015f v\u0259 miqdar kimi m\u00fcxt\u0259lif m\u00fcnasib\u0259tl\u0259ri ifad\u0259 edirl\u0259r.<\/p>\n\n\n\n<h3 class=\"wp-block-heading\" id=\"h-8-tenses\">8. G\u0259rginlikl\u0259r:<\/h3>\n\n\n\n<p>Zamanlar v\u0259 ya \u201czaman\u201d bir i\u015fin ba\u015f verdiyini bildirir. Urdu dilind\u0259 \u00fc\u00e7 \u0259sas g\u0259rginlik var: Ke\u00e7mi\u015f, indiki v\u0259 g\u0259l\u0259c\u0259k. H\u0259r biri \u00f6z alt tipin\u0259 malik olur.<\/p>\n\n\n\n<h3 class=\"wp-block-heading\" id=\"h-9-tense-comparison\">9. G\u0259rgin m\u00fcqayis\u0259:<\/h3>\n\n\n\n<p>M\u00fcxt\u0259lif g\u0259rginlikl\u0259rd\u0259 ox\u015far c\u00fcml\u0259 qurulu\u015flar\u0131 aras\u0131ndak\u0131 m\u0259nadak\u0131 gizli f\u0259rql\u0259ri anlamaq \u00fc\u00e7\u00fcn g\u0259rginliyi m\u00fcqayis\u0259 etm\u0259yi \u00f6yr\u0259nin.<\/p>\n\n\n\n<h3 class=\"wp-block-heading\" id=\"h-10-progressive\">10. M\u00fct\u0259r\u0259qqi:<\/h3>\n\n\n\n<p>T\u0259dric\u0259n g\u0259rginl\u0259\u015f\u0259n bu, davaml\u0131 h\u0259r\u0259k\u0259t oldu\u011funu g\u00f6st\u0259rir. Bu anlay\u0131\u015f urdu dilind\u0259 k\u00f6m\u0259k\u00e7i feill\u0259rin i\u015fl\u0259nm\u0259si yolu il\u0259 ifad\u0259 olunur.<\/p>\n\n\n\n<h3 class=\"wp-block-heading\" id=\"h-11-perfect-progressive\">11. M\u00fck\u0259mm\u0259l T\u0259r\u0259qqi:<\/h3>\n\n\n\n<p><a href=\"https:\/\/talkpal.ai\/lv\/grammar\/klat-perfect-progressive-anglu-valodas-gramatika\/\">Perfect Progressive tense<\/a> ke\u00e7mi\u015fd\u0259 ba\u015flayan, bir m\u00fcdd\u0259t davam ed\u0259n v\u0259 h\u0259l\u0259 d\u0259 ba\u015f ver\u0259 bil\u0259c\u0259k bir h\u0259r\u0259k\u0259ti ifad\u0259 edir. Urdu dilind\u0259 bu, k\u00f6m\u0259k\u00e7i feill\u0259rin birl\u0259\u015fm\u0259si il\u0259 ifad\u0259 olunur.<\/p>\n\n\n\n<h3 class=\"wp-block-heading\" id=\"h-12-conditionals\">12. \u015e\u0259rti olaraq:<\/h3>\n\n\n\n<p>\u015e\u0259rtl\u0259r v\u0259 ya \u201c\u015f\u0259rtiya\u201d hipotetik v\u0259ziyy\u0259tl\u0259ri v\u0259 onlar\u0131n m\u00fcmk\u00fcn n\u0259tic\u0259l\u0259rini ifad\u0259 edir. Bu m\u00fcr\u0259kk\u0259b c\u00fcml\u0259l\u0259r feill\u0259ri v\u0259 g\u0259rginliyi yax\u015f\u0131 qavramaq t\u0259l\u0259b edir.<\/p>\n\n\n\n<h3 class=\"wp-block-heading\" id=\"h-13-sentences\">13. C\u00fcml\u0259l\u0259r:<\/h3>\n\n\n\n<p>N\u0259hay\u0259t, b\u00fct\u00fcn bu anlay\u0131\u015flar\u0131 c\u00fcml\u0259l\u0259r v\u0259 ya \u201cjumley\u201d yaratmaq \u00fc\u00e7\u00fcn <a href=\"https:\/\/talkpal.ai\/es\/descargar-la-aplicacion-talkpal-para-android-e-ios\/\">t\u0259tbiq<\/a> edin. Urdu dilind\u0259 c\u00fcml\u0259l\u0259rin m\u00fcxt\u0259lif n\u00f6vl\u0259rini v\u0259 onlar\u0131n qurulu\u015funu ba\u015fa d\u00fc\u015fm\u0259k.<\/p>\n<\/div><\/div>\n\r\n<section class=\"learnNavigationSection\">\r\n            \r\n        <a href=\"https:\/\/talkpal.ai\/az\/urdu-dilini-oyr%c9%99n\/\">\r\n            <div class=\"learnNavigationWrapper\">\r\n                <div class=\"learnNavigationContent\">\r\n                    <img decoding=\"async\" src=\"https:\/\/talkpal.ai\/wp-content\/uploads\/2024\/08\/Urdu.jpg\" alt=\"Pakistani Flag\">\r\n                    <div>\r\n                        <h4>Urdu \u00d6yr\u0259nilm\u0259si Haqq\u0131nda<\/h4>\r\n                        <p>Urdu dilinin qrammatikas\u0131 haqq\u0131nda h\u0259r \u015feyi \u00f6yr\u0259nin.<\/p>\r\n                    <\/div>\r\n                <\/div>\r\n            <\/div>\r\n        <\/a>\r\n\r\n        \r\n        <a href=\"https:\/\/talkpal.ai\/az\/urdu-dilinin-qrammatikasi\/\">\r\n            <div class=\"learnNavigationWrapper\">\r\n                <div class=\"learnNavigationContent\">\r\n                    <img decoding=\"async\" src=\"https:\/\/talkpal.ai\/wp-content\/uploads\/2024\/08\/Urdu.jpg\" alt=\"Pakistani Flag\">\r\n                    <div>\r\n                        <h4>Urdu dilinin qrammatikas\u0131 d\u0259rsl\u0259ri<\/h4>\r\n                        <p>Urdu dilinin qrammatikas\u0131.<\/p>\r\n                    <\/div>\r\n                <\/div>\r\n            <\/div>\r\n        <\/a>\r\n\r\n        \r\n        <a href=\"https:\/\/talkpal.ai\/vocabulary_language\/urdu\/\">\r\n            <div class=\"learnNavigationWrapper\">\r\n                <div class=\"learnNavigationContent\">\r\n                    <img decoding=\"async\" src=\"https:\/\/talkpal.ai\/wp-content\/uploads\/2024\/08\/Urdu.jpg\" alt=\"Pakistani Flag\">\r\n                    <div>\r\n                        <h4>Urdu l\u00fc\u011f\u0259ti<\/h4>\r\n                        <p>Urdu l\u00fc\u011f\u0259tinizi geni\u015fl\u0259ndirin.<\/p>\r\n                    <\/div>\r\n                <\/div>\r\n            <\/div>\r\n        <\/a>\r\n\r\n            <\/section>","protected":false},"excerpt":{"rendered":"<p>Urdu dilinin qrammatikas\u0131 m\u00f6vzular\u0131 M\u00fcxt\u0259lif ifad\u0259l\u0259rl\u0259, d\u0259rin m\u0259nalarla v\u0259 m\u00fcr\u0259kk\u0259b qrammatik qurulu\u015fla z\u0259ngin olan urdu dilini \u00f6yr\u0259nm\u0259k maraql\u0131 bir s\u0259yah\u0259t ola bil\u0259r. Lakin onun qrammatikas\u0131n\u0131 \u00f6yr\u0259nm\u0259k \u00fc\u00e7\u00fcn sistemli \u00fcsula malik olmaq \u00e7ox vacib idi. A\u015fa\u011f\u0131da dili asan v\u0259 effektiv \u00f6yr\u0259nm\u0259kd\u0259 siz\u0259 yard\u0131m\u00e7\u0131 olmaq \u00fc\u00e7\u00fcn Urdu qrammatika m\u00f6vzular\u0131n\u0131n t\u0259klif olunan ard\u0131c\u0131ll\u0131\u011f\u0131 v\u0259 q\u0131sa t\u0259sviri verilmi\u015fdir. 1. [&hellip;]<\/p>\n","protected":false},"author":6,"featured_media":121209,"parent":0,"menu_order":0,"comment_status":"closed","ping_status":"closed","template":"LearningContentPage.php","meta":{"_acf_changed":false,"footnotes":""},"class_list":["post-155169","page","type-page","status-publish","has-post-thumbnail","hentry"],"acf":[],"yoast_head":"<!-- This site is optimized with the Yoast SEO Premium plugin v27.2 (Yoast SEO v27.2) - https:\/\/yoast.com\/product\/yoast-seo-premium-wordpress\/ -->\n<title>Urdu dilinin qrammatikas\u0131 m\u0259\u015f\u011f\u0259l\u0259l\u0259ri - Talkpal<\/title>\n<meta name=\"description\" content=\"\u0130siml\u0259r, \u0259v\u0259zlikl\u0259r v\u0259 s. anlay\u0131\u015f\u0131n\u0131z\u0131 art\u0131rmaq \u00fc\u00e7\u00fcn h\u0259rt\u0259r\u0259fli Urdu qrammatikas\u0131 m\u0259\u015fql\u0259rimizl\u0259 Urdu dilini \u00f6yr\u0259nin.\" \/>\n<meta name=\"robots\" content=\"index, follow, max-snippet:-1, max-image-preview:large, max-video-preview:-1\" \/>\n<link rel=\"canonical\" href=\"https:\/\/talkpal.ai\/az\/urdu-dilinin-qrammatikasi-m%c9%99sg%c9%99l%c9%99l%c9%99ri\/\" \/>\n<meta property=\"og:locale\" content=\"az_AZ\" \/>\n<meta property=\"og:type\" content=\"article\" \/>\n<meta property=\"og:title\" content=\"Urdu dilinin qrammatikas\u0131 m\u0259\u015f\u011f\u0259l\u0259l\u0259ri\" \/>\n<meta property=\"og:description\" content=\"Urdu dilinin qrammatikas\u0131 m\u00f6vzular\u0131 M\u00fcxt\u0259lif ifad\u0259l\u0259rl\u0259, d\u0259rin m\u0259nalarla v\u0259 m\u00fcr\u0259kk\u0259b qrammatik qurulu\u015fla z\u0259ngin olan urdu dilini \u00f6yr\u0259nm\u0259k maraql\u0131 bir\" \/>\n<meta property=\"og:url\" content=\"https:\/\/talkpal.ai\/az\/urdu-dilinin-qrammatikasi-m%c9%99sg%c9%99l%c9%99l%c9%99ri\/\" \/>\n<meta property=\"og:site_name\" content=\"Talkpal\" \/>\n<meta property=\"article:publisher\" content=\"https:\/\/www.facebook.com\/profile.php?id=100090733639311\" \/>\n<meta property=\"article:modified_time\" content=\"2025-12-17T14:42:13+00:00\" \/>\n<meta property=\"og:image\" content=\"https:\/\/talkpal.ai\/wp-content\/uploads\/2023\/05\/Urdu-pakistan.png\" \/>\n\t<meta property=\"og:image:width\" content=\"512\" \/>\n\t<meta property=\"og:image:height\" content=\"512\" \/>\n\t<meta property=\"og:image:type\" content=\"image\/png\" \/>\n<meta name=\"twitter:card\" content=\"summary_large_image\" \/>\n<meta name=\"twitter:site\" content=\"@talkpalai\" \/>\n<meta name=\"twitter:label1\" content=\"Est. reading time\" \/>\n\t<meta name=\"twitter:data1\" content=\"3 minutes\" \/>\n<script type=\"application\/ld+json\" class=\"yoast-schema-graph\">{\"@context\":\"https:\/\/schema.org\",\"@graph\":[{\"@type\":\"WebPage\",\"@id\":\"https:\/\/talkpal.ai\/az\/urdu-dilinin-qrammatikasi-m%c9%99sg%c9%99l%c9%99l%c9%99ri\/\",\"url\":\"https:\/\/talkpal.ai\/az\/urdu-dilinin-qrammatikasi-m%c9%99sg%c9%99l%c9%99l%c9%99ri\/\",\"name\":\"Urdu dilinin qrammatikas\u0131 m\u0259\u015f\u011f\u0259l\u0259l\u0259ri - Talkpal\",\"isPartOf\":{\"@id\":\"https:\/\/talkpal.ai\/az\/#website\"},\"primaryImageOfPage\":{\"@id\":\"https:\/\/talkpal.ai\/az\/urdu-dilinin-qrammatikasi-m%c9%99sg%c9%99l%c9%99l%c9%99ri\/#primaryimage\"},\"image\":{\"@id\":\"https:\/\/talkpal.ai\/az\/urdu-dilinin-qrammatikasi-m%c9%99sg%c9%99l%c9%99l%c9%99ri\/#primaryimage\"},\"thumbnailUrl\":\"https:\/\/talkpal.ai\/wp-content\/uploads\/2023\/05\/Urdu-pakistan.png\",\"datePublished\":\"2023-07-05T10:41:01+00:00\",\"dateModified\":\"2025-12-17T14:42:13+00:00\",\"description\":\"\u0130siml\u0259r, \u0259v\u0259zlikl\u0259r v\u0259 s. anlay\u0131\u015f\u0131n\u0131z\u0131 art\u0131rmaq \u00fc\u00e7\u00fcn h\u0259rt\u0259r\u0259fli Urdu qrammatikas\u0131 m\u0259\u015fql\u0259rimizl\u0259 Urdu dilini \u00f6yr\u0259nin.\",\"breadcrumb\":{\"@id\":\"https:\/\/talkpal.ai\/az\/urdu-dilinin-qrammatikasi-m%c9%99sg%c9%99l%c9%99l%c9%99ri\/#breadcrumb\"},\"inLanguage\":\"az\",\"potentialAction\":[{\"@type\":\"ReadAction\",\"target\":[\"https:\/\/talkpal.ai\/az\/urdu-dilinin-qrammatikasi-m%c9%99sg%c9%99l%c9%99l%c9%99ri\/\"]}]},{\"@type\":\"ImageObject\",\"inLanguage\":\"az\",\"@id\":\"https:\/\/talkpal.ai\/az\/urdu-dilinin-qrammatikasi-m%c9%99sg%c9%99l%c9%99l%c9%99ri\/#primaryimage\",\"url\":\"https:\/\/talkpal.ai\/wp-content\/uploads\/2023\/05\/Urdu-pakistan.png\",\"contentUrl\":\"https:\/\/talkpal.ai\/wp-content\/uploads\/2023\/05\/Urdu-pakistan.png\",\"width\":512,\"height\":512},{\"@type\":\"BreadcrumbList\",\"@id\":\"https:\/\/talkpal.ai\/az\/urdu-dilinin-qrammatikasi-m%c9%99sg%c9%99l%c9%99l%c9%99ri\/#breadcrumb\",\"itemListElement\":[{\"@type\":\"ListItem\",\"position\":1,\"name\":\"Homepage\",\"item\":\"https:\/\/talkpal.ai\/az\/\"},{\"@type\":\"ListItem\",\"position\":2,\"name\":\"Urdu dilinin qrammatikas\u0131 m\u0259\u015f\u011f\u0259l\u0259l\u0259ri\"}]},{\"@type\":\"WebSite\",\"@id\":\"https:\/\/talkpal.ai\/az\/#website\",\"url\":\"https:\/\/talkpal.ai\/az\/\",\"name\":\"Talkpal\",\"description\":\"AI Language Learning\",\"publisher\":{\"@id\":\"https:\/\/talkpal.ai\/az\/#organization\"},\"alternateName\":\"Talkpal AI\",\"potentialAction\":[{\"@type\":\"SearchAction\",\"target\":{\"@type\":\"EntryPoint\",\"urlTemplate\":\"https:\/\/talkpal.ai\/az\/?s={search_term_string}\"},\"query-input\":{\"@type\":\"PropertyValueSpecification\",\"valueRequired\":true,\"valueName\":\"search_term_string\"}}],\"inLanguage\":\"az\"},{\"@type\":\"Organization\",\"@id\":\"https:\/\/talkpal.ai\/az\/#organization\",\"name\":\"Talkpal, Inc.\",\"alternateName\":\"Talkpal AI\",\"url\":\"https:\/\/talkpal.ai\/az\/\",\"logo\":{\"@type\":\"ImageObject\",\"inLanguage\":\"az\",\"@id\":\"https:\/\/talkpal.ai\/az\/#\/schema\/logo\/image\/\",\"url\":\"https:\/\/talkpal.ai\/wp-content\/uploads\/2024\/03\/Talkpal-Logo-Icon.png\",\"contentUrl\":\"https:\/\/talkpal.ai\/wp-content\/uploads\/2024\/03\/Talkpal-Logo-Icon.png\",\"width\":2880,\"height\":2880,\"caption\":\"Talkpal, Inc.\"},\"image\":{\"@id\":\"https:\/\/talkpal.ai\/az\/#\/schema\/logo\/image\/\"},\"sameAs\":[\"https:\/\/www.facebook.com\/profile.php?id=100090733639311\",\"https:\/\/x.com\/talkpalai\",\"https:\/\/www.linkedin.com\/company\/talkpal\/\",\"https:\/\/www.youtube.com\/@TalkPal\/\",\"https:\/\/www.tiktok.com\/@talkpal\",\"https:\/\/www.instagram.com\/talkpal_ai\/\",\"https:\/\/www.crunchbase.com\/organization\/talkpal-9cde\",\"https:\/\/www.g2.com\/products\/talkpal-for-business\/\",\"https:\/\/www.trustpilot.com\/review\/talkpal.ai\",\"https:\/\/www.capterra.com\/p\/10006800\/TalkPal\/\"],\"description\":\"Talkpal is a language learning web and mobile education app, powered by the latest AI technologies, that provides engaging experiences to its customers in many different languages to help them improve their language skills. Users can chat about unlimited amount of topics with the app and use other modes to practice their language learning.\",\"email\":\"support@talkpal.ai\",\"legalName\":\"Talkpal, Inc.\",\"foundingDate\":\"2023-04-03\",\"duns\":\"118989042\",\"numberOfEmployees\":{\"@type\":\"QuantitativeValue\",\"minValue\":\"11\",\"maxValue\":\"50\"},\"publishingPrinciples\":\"https:\/\/talkpal.ai\/publishing-principles\/\",\"actionableFeedbackPolicy\":\"https:\/\/talkpal.ai\/actionable-feedback-policy\/\",\"correctionsPolicy\":\"https:\/\/talkpal.ai\/corrections-policy\/\",\"ethicsPolicy\":\"https:\/\/talkpal.ai\/ethics-policy\/\",\"diversityPolicy\":\"https:\/\/talkpal.ai\/diversity-policy\/\",\"diversityStaffingReport\":\"https:\/\/talkpal.ai\/diversity-policy\/\"}]}<\/script>\n<!-- \/ Yoast SEO Premium plugin. -->","yoast_head_json":{"title":"Urdu dilinin qrammatikas\u0131 m\u0259\u015f\u011f\u0259l\u0259l\u0259ri - Talkpal","description":"\u0130siml\u0259r, \u0259v\u0259zlikl\u0259r v\u0259 s. anlay\u0131\u015f\u0131n\u0131z\u0131 art\u0131rmaq \u00fc\u00e7\u00fcn h\u0259rt\u0259r\u0259fli Urdu qrammatikas\u0131 m\u0259\u015fql\u0259rimizl\u0259 Urdu dilini \u00f6yr\u0259nin.","robots":{"index":"index","follow":"follow","max-snippet":"max-snippet:-1","max-image-preview":"max-image-preview:large","max-video-preview":"max-video-preview:-1"},"canonical":"https:\/\/talkpal.ai\/az\/urdu-dilinin-qrammatikasi-m%c9%99sg%c9%99l%c9%99l%c9%99ri\/","og_locale":"az_AZ","og_type":"article","og_title":"Urdu dilinin qrammatikas\u0131 m\u0259\u015f\u011f\u0259l\u0259l\u0259ri","og_description":"Urdu dilinin qrammatikas\u0131 m\u00f6vzular\u0131 M\u00fcxt\u0259lif ifad\u0259l\u0259rl\u0259, d\u0259rin m\u0259nalarla v\u0259 m\u00fcr\u0259kk\u0259b qrammatik qurulu\u015fla z\u0259ngin olan urdu dilini \u00f6yr\u0259nm\u0259k maraql\u0131 bir","og_url":"https:\/\/talkpal.ai\/az\/urdu-dilinin-qrammatikasi-m%c9%99sg%c9%99l%c9%99l%c9%99ri\/","og_site_name":"Talkpal","article_publisher":"https:\/\/www.facebook.com\/profile.php?id=100090733639311","article_modified_time":"2025-12-17T14:42:13+00:00","og_image":[{"width":512,"height":512,"url":"https:\/\/talkpal.ai\/wp-content\/uploads\/2023\/05\/Urdu-pakistan.png","type":"image\/png"}],"twitter_card":"summary_large_image","twitter_site":"@talkpalai","twitter_misc":{"Est. reading time":"3 minutes"},"schema":{"@context":"https:\/\/schema.org","@graph":[{"@type":"WebPage","@id":"https:\/\/talkpal.ai\/az\/urdu-dilinin-qrammatikasi-m%c9%99sg%c9%99l%c9%99l%c9%99ri\/","url":"https:\/\/talkpal.ai\/az\/urdu-dilinin-qrammatikasi-m%c9%99sg%c9%99l%c9%99l%c9%99ri\/","name":"Urdu dilinin qrammatikas\u0131 m\u0259\u015f\u011f\u0259l\u0259l\u0259ri - Talkpal","isPartOf":{"@id":"https:\/\/talkpal.ai\/az\/#website"},"primaryImageOfPage":{"@id":"https:\/\/talkpal.ai\/az\/urdu-dilinin-qrammatikasi-m%c9%99sg%c9%99l%c9%99l%c9%99ri\/#primaryimage"},"image":{"@id":"https:\/\/talkpal.ai\/az\/urdu-dilinin-qrammatikasi-m%c9%99sg%c9%99l%c9%99l%c9%99ri\/#primaryimage"},"thumbnailUrl":"https:\/\/talkpal.ai\/wp-content\/uploads\/2023\/05\/Urdu-pakistan.png","datePublished":"2023-07-05T10:41:01+00:00","dateModified":"2025-12-17T14:42:13+00:00","description":"\u0130siml\u0259r, \u0259v\u0259zlikl\u0259r v\u0259 s. anlay\u0131\u015f\u0131n\u0131z\u0131 art\u0131rmaq \u00fc\u00e7\u00fcn h\u0259rt\u0259r\u0259fli Urdu qrammatikas\u0131 m\u0259\u015fql\u0259rimizl\u0259 Urdu dilini \u00f6yr\u0259nin.","breadcrumb":{"@id":"https:\/\/talkpal.ai\/az\/urdu-dilinin-qrammatikasi-m%c9%99sg%c9%99l%c9%99l%c9%99ri\/#breadcrumb"},"inLanguage":"az","potentialAction":[{"@type":"ReadAction","target":["https:\/\/talkpal.ai\/az\/urdu-dilinin-qrammatikasi-m%c9%99sg%c9%99l%c9%99l%c9%99ri\/"]}]},{"@type":"ImageObject","inLanguage":"az","@id":"https:\/\/talkpal.ai\/az\/urdu-dilinin-qrammatikasi-m%c9%99sg%c9%99l%c9%99l%c9%99ri\/#primaryimage","url":"https:\/\/talkpal.ai\/wp-content\/uploads\/2023\/05\/Urdu-pakistan.png","contentUrl":"https:\/\/talkpal.ai\/wp-content\/uploads\/2023\/05\/Urdu-pakistan.png","width":512,"height":512},{"@type":"BreadcrumbList","@id":"https:\/\/talkpal.ai\/az\/urdu-dilinin-qrammatikasi-m%c9%99sg%c9%99l%c9%99l%c9%99ri\/#breadcrumb","itemListElement":[{"@type":"ListItem","position":1,"name":"Homepage","item":"https:\/\/talkpal.ai\/az\/"},{"@type":"ListItem","position":2,"name":"Urdu dilinin qrammatikas\u0131 m\u0259\u015f\u011f\u0259l\u0259l\u0259ri"}]},{"@type":"WebSite","@id":"https:\/\/talkpal.ai\/az\/#website","url":"https:\/\/talkpal.ai\/az\/","name":"Talkpal","description":"AI Language Learning","publisher":{"@id":"https:\/\/talkpal.ai\/az\/#organization"},"alternateName":"Talkpal AI","potentialAction":[{"@type":"SearchAction","target":{"@type":"EntryPoint","urlTemplate":"https:\/\/talkpal.ai\/az\/?s={search_term_string}"},"query-input":{"@type":"PropertyValueSpecification","valueRequired":true,"valueName":"search_term_string"}}],"inLanguage":"az"},{"@type":"Organization","@id":"https:\/\/talkpal.ai\/az\/#organization","name":"Talkpal, Inc.","alternateName":"Talkpal AI","url":"https:\/\/talkpal.ai\/az\/","logo":{"@type":"ImageObject","inLanguage":"az","@id":"https:\/\/talkpal.ai\/az\/#\/schema\/logo\/image\/","url":"https:\/\/talkpal.ai\/wp-content\/uploads\/2024\/03\/Talkpal-Logo-Icon.png","contentUrl":"https:\/\/talkpal.ai\/wp-content\/uploads\/2024\/03\/Talkpal-Logo-Icon.png","width":2880,"height":2880,"caption":"Talkpal, Inc."},"image":{"@id":"https:\/\/talkpal.ai\/az\/#\/schema\/logo\/image\/"},"sameAs":["https:\/\/www.facebook.com\/profile.php?id=100090733639311","https:\/\/x.com\/talkpalai","https:\/\/www.linkedin.com\/company\/talkpal\/","https:\/\/www.youtube.com\/@TalkPal\/","https:\/\/www.tiktok.com\/@talkpal","https:\/\/www.instagram.com\/talkpal_ai\/","https:\/\/www.crunchbase.com\/organization\/talkpal-9cde","https:\/\/www.g2.com\/products\/talkpal-for-business\/","https:\/\/www.trustpilot.com\/review\/talkpal.ai","https:\/\/www.capterra.com\/p\/10006800\/TalkPal\/"],"description":"Talkpal is a language learning web and mobile education app, powered by the latest AI technologies, that provides engaging experiences to its customers in many different languages to help them improve their language skills. Users can chat about unlimited amount of topics with the app and use other modes to practice their language learning.","email":"support@talkpal.ai","legalName":"Talkpal, Inc.","foundingDate":"2023-04-03","duns":"118989042","numberOfEmployees":{"@type":"QuantitativeValue","minValue":"11","maxValue":"50"},"publishingPrinciples":"https:\/\/talkpal.ai\/publishing-principles\/","actionableFeedbackPolicy":"https:\/\/talkpal.ai\/actionable-feedback-policy\/","correctionsPolicy":"https:\/\/talkpal.ai\/corrections-policy\/","ethicsPolicy":"https:\/\/talkpal.ai\/ethics-policy\/","diversityPolicy":"https:\/\/talkpal.ai\/diversity-policy\/","diversityStaffingReport":"https:\/\/talkpal.ai\/diversity-policy\/"}]}},"_links":{"self":[{"href":"https:\/\/talkpal.ai\/az\/wp-json\/wp\/v2\/pages\/155169","targetHints":{"allow":["GET"]}}],"collection":[{"href":"https:\/\/talkpal.ai\/az\/wp-json\/wp\/v2\/pages"}],"about":[{"href":"https:\/\/talkpal.ai\/az\/wp-json\/wp\/v2\/types\/page"}],"author":[{"embeddable":true,"href":"https:\/\/talkpal.ai\/az\/wp-json\/wp\/v2\/users\/6"}],"replies":[{"embeddable":true,"href":"https:\/\/talkpal.ai\/az\/wp-json\/wp\/v2\/comments?post=155169"}],"version-history":[{"count":0,"href":"https:\/\/talkpal.ai\/az\/wp-json\/wp\/v2\/pages\/155169\/revisions"}],"wp:featuredmedia":[{"embeddable":true,"href":"https:\/\/talkpal.ai\/az\/wp-json\/wp\/v2\/media\/121209"}],"wp:attachment":[{"href":"https:\/\/talkpal.ai\/az\/wp-json\/wp\/v2\/media?parent=155169"}],"curies":[{"name":"wp","href":"https:\/\/api.w.org\/{rel}","templated":true}]}}