{"id":154864,"date":"2023-07-05T11:05:37","date_gmt":"2023-07-05T11:05:37","guid":{"rendered":"http:\/\/talkpal.ai\/vyetnam-dilinin-qrammatikasi-m%c9%99sg%c9%99l%c9%99l%c9%99ri\/"},"modified":"2025-12-17T14:56:56","modified_gmt":"2025-12-17T14:56:56","slug":"vyetnam-dilinin-qrammatikasi-m%c9%99sg%c9%99l%c9%99l%c9%99ri","status":"publish","type":"page","link":"https:\/\/talkpal.ai\/az\/vyetnam-dilinin-qrammatikasi-m%c9%99sg%c9%99l%c9%99l%c9%99ri\/","title":{"rendered":"Vyetnam dilinin qrammatikas\u0131 m\u0259\u015f\u011f\u0259l\u0259l\u0259ri"},"content":{"rendered":"\r\n\r\n\r\n<section class=\"languageChallengeSection\">\r\n    <div class=\"languageInfoWrapper\">\r\n        \r\n        <h1>Vyetnam dilinin qrammatikas\u0131 m\u0259\u015f\u011f\u0259l\u0259l\u0259ri<\/h1>\r\n        <p>G\u0259lin Slovak dilinin qrammatikas\u0131 il\u0259 \u0259yl\u0259n\u0259k! Bu sad\u0259 m\u0259\u015fql\u0259r siz\u0259 dilin nec\u0259 i\u015fl\u0259diyin\u0259 \u00f6yr\u0259\u015fm\u0259y\u0259 k\u00f6m\u0259k ed\u0259c\u0259k v\u0259 \u00f6yr\u0259ndikc\u0259 \u00f6z\u00fcn\u0259 inam\u0131n\u0131z\u0131 art\u0131racaq. Haz\u0131rsan? G\u0259lin ba\u015flayaq!<\/p>\r\n\r\n                            <a class=\"getStartedHidden\" href=\"https:\/\/app.talkpal.ai\/signup?lng=\">Ba\u015fla<\/a>\r\n        \r\n    <\/div>\r\n\r\n    <figure>\r\n    <img decoding=\"async\" width=\"768\" height=\"768\" src=\"https:\/\/talkpal.ai\/wp-content\/uploads\/2023\/06\/vietnamese-768x768.png\" class=\"languageImage no-lazy\" alt=\"Language learning for extensive cultural knowledge\" fetchpriority=\"high\" sizes=\"(max-width: 768px) 150px, 768px\" srcset=\"https:\/\/talkpal.ai\/wp-content\/uploads\/2023\/06\/vietnamese-768x768.png 768w, https:\/\/talkpal.ai\/wp-content\/uploads\/2023\/06\/vietnamese-300x300.png 300w\" \/>\r\n    \r\n\r\n    <\/figure>\r\n\r\n            <a class=\"getStartedVisible\" href=\"https:\/\/app.talkpal.ai\/signup?lng=\">Ba\u015fla<\/a>\r\n    \r\n<\/section>\r\n\r\n\r\n<!-- <section class=\"grammarSection\">\r\n    <div class=\"grammarLinks\">\r\n            <\/div>\r\n<\/section> -->\r\n\r\n\r\n\r\n\r\n<section class=\"promotionalBanner\">\r\n    <p class=\"promotionalText\">Dil \u00f6yr\u0259nm\u0259yin \u0259n t\u0259sirli yolu<\/p>\r\n    <a class=\"promotionalLink\" href=\"https:\/\/app.talkpal.ai\/signup?lng=\">Talkpal pulsuz s\u0131nay\u0131n<\/a>\r\n<\/section>\n<div class=\"wp-block-group pageContainerStyle\"><div class=\"wp-block-group__inner-container is-layout-constrained wp-block-group-is-layout-constrained\">\n<h2 class=\"wp-block-heading\" id=\"h-vietnamese-grammar-topics\">Vyetnam dilinin qrammatikas\u0131 m\u00f6vzular\u0131<\/h2>\n\n\n\n<p>Yeni <a href=\"https:\/\/talkpal.ai\/az\/talkpal-chat-vasit%c9%99sil%c9%99-dil-oyr%c9%99nm%c9%99k-ucun-nec%c9%99\/\">dil \u00f6yr\u0259nm\u0259k<\/a> maraql\u0131 v\u0259 \u00e7\u0259tin ola bil\u0259r. <a href=\"https:\/\/talkpal.ai\/learn-vietnamese\/\">Vyetnam<\/a> dilinin qrammatikas\u0131n\u0131n ba\u015fa d\u00fc\u015f\u00fclm\u0259si bu maraql\u0131 dilin a\u00e7\u0131lmas\u0131nda \u0259sas rol oynay\u0131r. Burada vacib m\u00f6vzular\u0131 ideal \u015f\u0259kild\u0259 \u00f6yr\u0259nilm\u0259li olan ard\u0131c\u0131ll\u0131qla m\u00fczakir\u0259 ed\u0259c\u0259yik v\u0259 toplayacaq, bu is\u0259 m\u00fcr\u0259kk\u0259bliyin t\u0259dric\u0259n inki\u015faf etm\u0259sin\u0259 imkan ver\u0259c\u0259k. Bu b\u0259l\u0259d\u00e7i isim v\u0259 feil kimi \u0259sas elementl\u0259rd\u0259n tutmu\u015f g\u0259rginlik v\u0259 \u015f\u0259rt kimi daha m\u00fcr\u0259kk\u0259b qurulu\u015flara q\u0259d\u0259r h\u0259r \u015feyi \u0259hat\u0259 ed\u0259c\u0259k.<\/p>\n\n\n\n<h3 class=\"wp-block-heading\" id=\"h-1-nouns\">1. Nouns:<\/h3>\n\n\n\n<p>Vyetnaml\u0131 nounlar\u0131 \u00f6yr\u0259n\u0259r\u0259k \u0259saslardan ba\u015flay\u0131n. Bunlar insanlar\u0131n, m\u0259kanlar\u0131n, \u015feyl\u0259rin v\u0259 ya fikirl\u0259rin adlar\u0131d\u0131r. Vyetnam nounlar\u0131n\u0131n cinsiyy\u0259ti yoxdur, bu is\u0259 b\u0259zi dig\u0259r dill\u0259r\u0259 nisb\u0259t\u0259n daha sad\u0259 olur.<\/p>\n\n\n\n<h3 class=\"wp-block-heading\" id=\"h-2-pronouns-determiners\">2. Pronouns\/Determinl\u0259r:<\/h3>\n\n\n\n<p>\u018fg\u0259r (onlarla da) birlikd\u0259 s\u0259cd\u0259 ets\u0259niz, b\u0259laya (ikindiy\u0259) qa\u00e7san\u0131z, az bir-iki, bir saat da yan\u0131z (g\u00fcn) \u015f\u00fcbh\u0259siz ki, (d\u00fcnya s\u0259 &#8216; niz \u00fc\u00e7\u00fcn) bir g\u00fcn m\u00fc\u0259yy\u0259n t\u0259 &#8216; ib edin. Bu s\u00f6zl\u0259r c\u00fcml\u0259l\u0259ri \u0259v\u0259z edir v\u0259 ya d\u0259yi\u015fdirir, c\u00fcml\u0259l\u0259rin daha da s\u0131x olmas\u0131na v\u0259 t\u0259krarlanmama\u011fa k\u00f6m\u0259k edir.<\/p>\n\n\n\n<h3 class=\"wp-block-heading\" id=\"h-3-verbs\">3. Feill\u0259r:<\/h3>\n\n\n\n<p>Feill\u0259r varl\u0131\u011f\u0131n h\u0259r\u0259k\u0259tl\u0259rini v\u0259 ya hallar\u0131n\u0131 ifad\u0259 etm\u0259k \u00fc\u00e7\u00fcn istifad\u0259 olunur. Vyetnam dilind\u0259 feill\u0259r \u00f6z formas\u0131n\u0131 m\u00f6vzu v\u0259 ya g\u0259rginlik bax\u0131m\u0131ndan d\u0259yi\u015fmirl\u0259r ki, bu da onlar\u0131 b\u0259zi dig\u0259r dill\u0259r\u0259 nisb\u0259t\u0259n daha az m\u00fcr\u0259kk\u0259bl\u0259\u015fdirir.<\/p>\n\n\n\n<h3 class=\"wp-block-heading\" id=\"h-4-adjectives\">4. Adjectives:<\/h3>\n\n\n\n<p>Adyunlar\u0131 <a href=\"https:\/\/talkpal.ai\/az\/oyr%c9%99nm%c9%99k\/\">\u00f6yr\u0259nm\u0259k<\/a> siz\u0259 adyunlar\u0131 daha \u0259trafl\u0131 t\u0259svir etm\u0259y\u0259 imkan ver\u0259c\u0259k. Vyetnam dilind\u0259 adjectives modifikasiya etdikl\u0259ri noun-u izl\u0259yirl\u0259r. Bu ad ingilis dilind\u0259n f\u0259rqlidir.<\/p>\n\n\n\n<h3 class=\"wp-block-heading\" id=\"h-5-articles\">5. M\u0259qal\u0259l\u0259r:<\/h3>\n\n\n\n<p>Vyetnam dilind\u0259 <a href=\"https:\/\/talkpal.ai\/learn-english-with-ai\/\">ingilis dili<\/a> il\u0259 eyni \u015f\u0259kild\u0259 m\u0259qal\u0259l\u0259r yoxdur. Lakin h\u0259l\u0259 d\u0259 nouninin n\u0259 d\u0259r\u0259c\u0259d\u0259 d\u0259qiq v\u0259 ya \u0259b\u0259di oldu\u011funu nec\u0259 g\u00f6st\u0259rm\u0259li oldu\u011funu ba\u015fa d\u00fc\u015fm\u0259k vacibdir.<\/p>\n\n\n\n<h3 class=\"wp-block-heading\" id=\"h-6-adverbs\">6. Adverbl\u0259r:<\/h3>\n\n\n\n<p>Adverbl\u0259r feill\u0259rin, adgedil\u0259rin v\u0259 ya dig\u0259r adverbl\u0259rin d\u0259yi\u015fdirilm\u0259si \u00fc\u00e7\u00fcn istifad\u0259 olunur. Onlar davran\u0131\u015f, yer, vaxt, tezlik, d\u0259r\u0259c\u0259 v\u0259 ba\u015fqalar\u0131 haqq\u0131nda m\u0259lumat ver\u0259 bil\u0259rl\u0259r.<\/p>\n\n\n\n<h3 class=\"wp-block-heading\" id=\"h-7-prepositions\">7. Prepozisiyalar:<\/h3>\n\n\n\n<p>Bu s\u00f6zl\u0259r c\u00fcml\u0259d\u0259 ba\u015fqa s\u00f6z\u0259 aid olan s\u00f6z v\u0259 ya s\u00f6z \u0259laq\u0259sini g\u00f6st\u0259rir. M\u0259kan, istiqam\u0259t, zaman, s\u0259b\u0259b v\u0259 dig\u0259r m\u00fcnasib\u0259tl\u0259ri g\u00f6st\u0259r\u0259 bilirl\u0259r.<\/p>\n\n\n\n<h3 class=\"wp-block-heading\" id=\"h-8-tenses\">8. G\u0259rginlikl\u0259r:<\/h3>\n\n\n\n<p>Vyetnamda <a href=\"https:\/\/talkpal.ai\/will-ai-kill-traditional-language-learning\/\">\u0259n\u0259n\u0259vi<\/a> m\u0259nada g\u0259rginlikl\u0259r olmur. \u018fksin\u0259, h\u0259r\u0259k\u0259tin n\u0259 vaxt ba\u015f verdiyin\u0259 i\u015far\u0259 etm\u0259k \u00fc\u00e7\u00fcn s\u00f6zl\u0259rd\u0259n v\u0259 kontekstd\u0259n istifad\u0259 edir.<\/p>\n\n\n\n<h3 class=\"wp-block-heading\" id=\"h-9-tense-comparison\">9. G\u0259rgin m\u00fcqayis\u0259:<\/h3>\n\n\n\n<p>Vyetnamda g\u0259rginliyi nec\u0259 m\u00fcqayis\u0259 etm\u0259k laz\u0131m oldu\u011funu anlamaq olduqca vacibdir. Bunun \u00fc\u00e7\u00fcn vaxt\u0131nda ba\u015f ver\u0259n d\u0259yi\u015fiklikl\u0259ri g\u00f6st\u0259rm\u0259k \u00fc\u00e7\u00fcn istifad\u0259 olunan konkret s\u00f6zl\u0259ri v\u0259 qurulu\u015flar\u0131 \u00f6yr\u0259nm\u0259k laz\u0131md\u0131r.<\/p>\n\n\n\n<h3 class=\"wp-block-heading\" id=\"h-10-progressive\">10. M\u00fct\u0259r\u0259qqi:<\/h3>\n\n\n\n<p>Vyetnam dilind\u0259 m\u00fct\u0259r\u0259qqi aspekt davam ed\u0259n h\u0259r\u0259k\u0259tl\u0259ri g\u00f6st\u0259rm\u0259k \u00fc\u00e7\u00fcn istifad\u0259 olunur. Bu, ke\u00e7mi\u015f\u0259, indiki v\u0259 ya g\u0259l\u0259c\u0259y\u0259 aid ola bil\u0259r.<\/p>\n\n\n\n<h3 class=\"wp-block-heading\" id=\"h-11-perfect-progressive\">11. M\u00fck\u0259mm\u0259l T\u0259r\u0259qqi:<\/h3>\n\n\n\n<p>Bu g\u0259rginlik ke\u00e7mi\u015fd\u0259 davam ed\u0259n v\u0259 indiki il\u0259 m\u00fc\u0259yy\u0259n m\u00fcnasib\u0259td\u0259 olan h\u0259r\u0259k\u0259tl\u0259ri ifad\u0259 etm\u0259k \u00fc\u00e7\u00fcn istifad\u0259 olunur.<\/p>\n\n\n\n<h3 class=\"wp-block-heading\" id=\"h-12-conditionals\">12. \u015e\u0259rti olaraq:<\/h3>\n\n\n\n<p>\u015e\u0259rti c\u00fcml\u0259l\u0259r hipotetik v\u0259ziyy\u0259tl\u0259ri v\u0259 onlardan sonrak\u0131 n\u0259tic\u0259l\u0259ri ifad\u0259 ed\u0259n c\u00fcml\u0259l\u0259rdir.<\/p>\n\n\n\n<h3 class=\"wp-block-heading\" id=\"h-13-sentences\">13. C\u00fcml\u0259l\u0259r:<\/h3>\n\n\n\n<p>B\u00fct\u00fcn bu elementl\u0259ri qavrad\u0131qdan sonra vyetnam dilind\u0259 tam c\u00fcml\u0259l\u0259r \u0259m\u0259l\u0259 g\u0259lm\u0259y\u0259 ba\u015flaya bil\u0259rsiniz. Bunun \u00fc\u00e7\u00fcn \u0259sas c\u00fcml\u0259 qurulu\u015funu ba\u015fa d\u00fc\u015fm\u0259k laz\u0131md\u0131r, hans\u0131 ki, ad\u0259t\u0259n, m\u00f6vzu-verb-obyektdir.<\/p>\n<\/div><\/div>\n\r\n<section class=\"learnNavigationSection\">\r\n            \r\n        <a href=\"https:\/\/talkpal.ai\/az\/vyetnam-dilini-oyr%c9%99nin\/\">\r\n            <div class=\"learnNavigationWrapper\">\r\n                <div class=\"learnNavigationContent\">\r\n                    <img decoding=\"async\" src=\"https:\/\/talkpal.ai\/wp-content\/uploads\/2024\/08\/Vietnamese.jpg\" alt=\"Vietnamise Flag\">\r\n                    <div>\r\n                        <h4>Vyetnam dilinin \u00f6yr\u0259nilm\u0259si haqq\u0131nda<\/h4>\r\n                        <p>Vyetnam dilinin qrammatikas\u0131 haqq\u0131nda h\u0259r \u015feyi \u00f6yr\u0259nin .<\/p>\r\n                    <\/div>\r\n                <\/div>\r\n            <\/div>\r\n        <\/a>\r\n\r\n        \r\n        <a href=\"https:\/\/talkpal.ai\/az\/vyetnam-dilinin-qrammatikasi\/\">\r\n            <div class=\"learnNavigationWrapper\">\r\n                <div class=\"learnNavigationContent\">\r\n                    <img decoding=\"async\" src=\"https:\/\/talkpal.ai\/wp-content\/uploads\/2024\/08\/Vietnamese.jpg\" alt=\"Vietnamise Flag\">\r\n                    <div>\r\n                        <h4>Vyetnam Qrammatikas\u0131 D\u0259rsl\u0259ri<\/h4>\r\n                        <p>Vyetnam dilinin qrammatika qaydalar\u0131na \u0259m\u0259l etm\u0259k .<\/p>\r\n                    <\/div>\r\n                <\/div>\r\n            <\/div>\r\n        <\/a>\r\n\r\n        \r\n        <a href=\"https:\/\/talkpal.ai\/vocabulary_language\/vietnamese\/\">\r\n            <div class=\"learnNavigationWrapper\">\r\n                <div class=\"learnNavigationContent\">\r\n                    <img decoding=\"async\" src=\"https:\/\/talkpal.ai\/wp-content\/uploads\/2024\/08\/Vietnamese.jpg\" alt=\"Vietnamise Flag\">\r\n                    <div>\r\n                        <h4>Vyetnam l\u00fc\u011f\u0259ti<\/h4>\r\n                        <p>Vyetnam l\u00fc\u011f\u0259tinizi geni\u015fl\u0259ndirin.<\/p>\r\n                    <\/div>\r\n                <\/div>\r\n            <\/div>\r\n        <\/a>\r\n\r\n            <\/section>","protected":false},"excerpt":{"rendered":"<p>Vyetnam dilinin qrammatikas\u0131 m\u00f6vzular\u0131 Yeni dil \u00f6yr\u0259nm\u0259k maraql\u0131 v\u0259 \u00e7\u0259tin ola bil\u0259r. Vyetnam dilinin qrammatikas\u0131n\u0131n ba\u015fa d\u00fc\u015f\u00fclm\u0259si bu maraql\u0131 dilin a\u00e7\u0131lmas\u0131nda \u0259sas rol oynay\u0131r. Burada vacib m\u00f6vzular\u0131 ideal \u015f\u0259kild\u0259 \u00f6yr\u0259nilm\u0259li olan ard\u0131c\u0131ll\u0131qla m\u00fczakir\u0259 ed\u0259c\u0259yik v\u0259 toplayacaq, bu is\u0259 m\u00fcr\u0259kk\u0259bliyin t\u0259dric\u0259n inki\u015faf etm\u0259sin\u0259 imkan ver\u0259c\u0259k. Bu b\u0259l\u0259d\u00e7i isim v\u0259 feil kimi \u0259sas elementl\u0259rd\u0259n tutmu\u015f g\u0259rginlik v\u0259 [&hellip;]<\/p>\n","protected":false},"author":6,"featured_media":120488,"parent":0,"menu_order":0,"comment_status":"closed","ping_status":"closed","template":"LearningContentPage.php","meta":{"_acf_changed":false,"footnotes":""},"class_list":["post-154864","page","type-page","status-publish","has-post-thumbnail","hentry"],"acf":[],"yoast_head":"<!-- This site is optimized with the Yoast SEO Premium plugin v27.2 (Yoast SEO v27.2) - https:\/\/yoast.com\/product\/yoast-seo-premium-wordpress\/ -->\n<title>Vyetnam dilinin qrammatikas\u0131 m\u0259\u015f\u011f\u0259l\u0259l\u0259ri - Talkpal<\/title>\n<meta name=\"description\" content=\"T\u0259dric\u0259n \u00f6yr\u0259nm\u0259k \u00fc\u00e7\u00fcn haz\u0131rlanm\u0131\u015f Vyetnam qrammatikas\u0131 m\u0259\u015fql\u0259rimizl\u0259 Vyetnam dilinin sirl\u0259rini a\u00e7\u0131n.\" \/>\n<meta name=\"robots\" content=\"index, follow, max-snippet:-1, max-image-preview:large, max-video-preview:-1\" \/>\n<link rel=\"canonical\" href=\"https:\/\/talkpal.ai\/az\/vyetnam-dilinin-qrammatikasi-m%c9%99sg%c9%99l%c9%99l%c9%99ri\/\" \/>\n<meta property=\"og:locale\" content=\"az_AZ\" \/>\n<meta property=\"og:type\" content=\"article\" \/>\n<meta property=\"og:title\" content=\"Vyetnam dilinin qrammatikas\u0131 m\u0259\u015f\u011f\u0259l\u0259l\u0259ri\" \/>\n<meta property=\"og:description\" content=\"Vyetnam dilinin qrammatikas\u0131 m\u00f6vzular\u0131 Yeni dil \u00f6yr\u0259nm\u0259k maraql\u0131 v\u0259 \u00e7\u0259tin ola bil\u0259r. Vyetnam dilinin qrammatikas\u0131n\u0131n ba\u015fa d\u00fc\u015f\u00fclm\u0259si bu maraql\u0131 dilin\" \/>\n<meta property=\"og:url\" content=\"https:\/\/talkpal.ai\/az\/vyetnam-dilinin-qrammatikasi-m%c9%99sg%c9%99l%c9%99l%c9%99ri\/\" \/>\n<meta property=\"og:site_name\" content=\"Talkpal\" \/>\n<meta property=\"article:publisher\" content=\"https:\/\/www.facebook.com\/profile.php?id=100090733639311\" \/>\n<meta property=\"article:modified_time\" content=\"2025-12-17T14:56:56+00:00\" \/>\n<meta property=\"og:image\" content=\"https:\/\/talkpal.ai\/wp-content\/uploads\/2023\/05\/vietnam.png\" \/>\n\t<meta property=\"og:image:width\" content=\"512\" \/>\n\t<meta property=\"og:image:height\" content=\"512\" \/>\n\t<meta property=\"og:image:type\" content=\"image\/png\" \/>\n<meta name=\"twitter:card\" content=\"summary_large_image\" \/>\n<meta name=\"twitter:site\" content=\"@talkpalai\" \/>\n<meta name=\"twitter:label1\" content=\"Est. reading time\" \/>\n\t<meta name=\"twitter:data1\" content=\"4 minutes\" \/>\n<script type=\"application\/ld+json\" class=\"yoast-schema-graph\">{\"@context\":\"https:\/\/schema.org\",\"@graph\":[{\"@type\":\"WebPage\",\"@id\":\"https:\/\/talkpal.ai\/az\/vyetnam-dilinin-qrammatikasi-m%c9%99sg%c9%99l%c9%99l%c9%99ri\/\",\"url\":\"https:\/\/talkpal.ai\/az\/vyetnam-dilinin-qrammatikasi-m%c9%99sg%c9%99l%c9%99l%c9%99ri\/\",\"name\":\"Vyetnam dilinin qrammatikas\u0131 m\u0259\u015f\u011f\u0259l\u0259l\u0259ri - Talkpal\",\"isPartOf\":{\"@id\":\"https:\/\/talkpal.ai\/az\/#website\"},\"primaryImageOfPage\":{\"@id\":\"https:\/\/talkpal.ai\/az\/vyetnam-dilinin-qrammatikasi-m%c9%99sg%c9%99l%c9%99l%c9%99ri\/#primaryimage\"},\"image\":{\"@id\":\"https:\/\/talkpal.ai\/az\/vyetnam-dilinin-qrammatikasi-m%c9%99sg%c9%99l%c9%99l%c9%99ri\/#primaryimage\"},\"thumbnailUrl\":\"https:\/\/talkpal.ai\/wp-content\/uploads\/2023\/05\/vietnam.png\",\"datePublished\":\"2023-07-05T11:05:37+00:00\",\"dateModified\":\"2025-12-17T14:56:56+00:00\",\"description\":\"T\u0259dric\u0259n \u00f6yr\u0259nm\u0259k \u00fc\u00e7\u00fcn haz\u0131rlanm\u0131\u015f Vyetnam qrammatikas\u0131 m\u0259\u015fql\u0259rimizl\u0259 Vyetnam dilinin sirl\u0259rini a\u00e7\u0131n.\",\"breadcrumb\":{\"@id\":\"https:\/\/talkpal.ai\/az\/vyetnam-dilinin-qrammatikasi-m%c9%99sg%c9%99l%c9%99l%c9%99ri\/#breadcrumb\"},\"inLanguage\":\"az\",\"potentialAction\":[{\"@type\":\"ReadAction\",\"target\":[\"https:\/\/talkpal.ai\/az\/vyetnam-dilinin-qrammatikasi-m%c9%99sg%c9%99l%c9%99l%c9%99ri\/\"]}]},{\"@type\":\"ImageObject\",\"inLanguage\":\"az\",\"@id\":\"https:\/\/talkpal.ai\/az\/vyetnam-dilinin-qrammatikasi-m%c9%99sg%c9%99l%c9%99l%c9%99ri\/#primaryimage\",\"url\":\"https:\/\/talkpal.ai\/wp-content\/uploads\/2023\/05\/vietnam.png\",\"contentUrl\":\"https:\/\/talkpal.ai\/wp-content\/uploads\/2023\/05\/vietnam.png\",\"width\":512,\"height\":512},{\"@type\":\"BreadcrumbList\",\"@id\":\"https:\/\/talkpal.ai\/az\/vyetnam-dilinin-qrammatikasi-m%c9%99sg%c9%99l%c9%99l%c9%99ri\/#breadcrumb\",\"itemListElement\":[{\"@type\":\"ListItem\",\"position\":1,\"name\":\"Homepage\",\"item\":\"https:\/\/talkpal.ai\/az\/\"},{\"@type\":\"ListItem\",\"position\":2,\"name\":\"Vyetnam dilinin qrammatikas\u0131 m\u0259\u015f\u011f\u0259l\u0259l\u0259ri\"}]},{\"@type\":\"WebSite\",\"@id\":\"https:\/\/talkpal.ai\/az\/#website\",\"url\":\"https:\/\/talkpal.ai\/az\/\",\"name\":\"Talkpal\",\"description\":\"AI Language Learning\",\"publisher\":{\"@id\":\"https:\/\/talkpal.ai\/az\/#organization\"},\"alternateName\":\"Talkpal AI\",\"potentialAction\":[{\"@type\":\"SearchAction\",\"target\":{\"@type\":\"EntryPoint\",\"urlTemplate\":\"https:\/\/talkpal.ai\/az\/?s={search_term_string}\"},\"query-input\":{\"@type\":\"PropertyValueSpecification\",\"valueRequired\":true,\"valueName\":\"search_term_string\"}}],\"inLanguage\":\"az\"},{\"@type\":\"Organization\",\"@id\":\"https:\/\/talkpal.ai\/az\/#organization\",\"name\":\"Talkpal, Inc.\",\"alternateName\":\"Talkpal AI\",\"url\":\"https:\/\/talkpal.ai\/az\/\",\"logo\":{\"@type\":\"ImageObject\",\"inLanguage\":\"az\",\"@id\":\"https:\/\/talkpal.ai\/az\/#\/schema\/logo\/image\/\",\"url\":\"https:\/\/talkpal.ai\/wp-content\/uploads\/2024\/03\/Talkpal-Logo-Icon.png\",\"contentUrl\":\"https:\/\/talkpal.ai\/wp-content\/uploads\/2024\/03\/Talkpal-Logo-Icon.png\",\"width\":2880,\"height\":2880,\"caption\":\"Talkpal, Inc.\"},\"image\":{\"@id\":\"https:\/\/talkpal.ai\/az\/#\/schema\/logo\/image\/\"},\"sameAs\":[\"https:\/\/www.facebook.com\/profile.php?id=100090733639311\",\"https:\/\/x.com\/talkpalai\",\"https:\/\/www.linkedin.com\/company\/talkpal\/\",\"https:\/\/www.youtube.com\/@TalkPal\/\",\"https:\/\/www.tiktok.com\/@talkpal\",\"https:\/\/www.instagram.com\/talkpal_ai\/\",\"https:\/\/www.crunchbase.com\/organization\/talkpal-9cde\",\"https:\/\/www.g2.com\/products\/talkpal-for-business\/\",\"https:\/\/www.trustpilot.com\/review\/talkpal.ai\",\"https:\/\/www.capterra.com\/p\/10006800\/TalkPal\/\"],\"description\":\"Talkpal is a language learning web and mobile education app, powered by the latest AI technologies, that provides engaging experiences to its customers in many different languages to help them improve their language skills. Users can chat about unlimited amount of topics with the app and use other modes to practice their language learning.\",\"email\":\"support@talkpal.ai\",\"legalName\":\"Talkpal, Inc.\",\"foundingDate\":\"2023-04-03\",\"duns\":\"118989042\",\"numberOfEmployees\":{\"@type\":\"QuantitativeValue\",\"minValue\":\"11\",\"maxValue\":\"50\"},\"publishingPrinciples\":\"https:\/\/talkpal.ai\/publishing-principles\/\",\"actionableFeedbackPolicy\":\"https:\/\/talkpal.ai\/actionable-feedback-policy\/\",\"correctionsPolicy\":\"https:\/\/talkpal.ai\/corrections-policy\/\",\"ethicsPolicy\":\"https:\/\/talkpal.ai\/ethics-policy\/\",\"diversityPolicy\":\"https:\/\/talkpal.ai\/diversity-policy\/\",\"diversityStaffingReport\":\"https:\/\/talkpal.ai\/diversity-policy\/\"}]}<\/script>\n<!-- \/ Yoast SEO Premium plugin. -->","yoast_head_json":{"title":"Vyetnam dilinin qrammatikas\u0131 m\u0259\u015f\u011f\u0259l\u0259l\u0259ri - Talkpal","description":"T\u0259dric\u0259n \u00f6yr\u0259nm\u0259k \u00fc\u00e7\u00fcn haz\u0131rlanm\u0131\u015f Vyetnam qrammatikas\u0131 m\u0259\u015fql\u0259rimizl\u0259 Vyetnam dilinin sirl\u0259rini a\u00e7\u0131n.","robots":{"index":"index","follow":"follow","max-snippet":"max-snippet:-1","max-image-preview":"max-image-preview:large","max-video-preview":"max-video-preview:-1"},"canonical":"https:\/\/talkpal.ai\/az\/vyetnam-dilinin-qrammatikasi-m%c9%99sg%c9%99l%c9%99l%c9%99ri\/","og_locale":"az_AZ","og_type":"article","og_title":"Vyetnam dilinin qrammatikas\u0131 m\u0259\u015f\u011f\u0259l\u0259l\u0259ri","og_description":"Vyetnam dilinin qrammatikas\u0131 m\u00f6vzular\u0131 Yeni dil \u00f6yr\u0259nm\u0259k maraql\u0131 v\u0259 \u00e7\u0259tin ola bil\u0259r. Vyetnam dilinin qrammatikas\u0131n\u0131n ba\u015fa d\u00fc\u015f\u00fclm\u0259si bu maraql\u0131 dilin","og_url":"https:\/\/talkpal.ai\/az\/vyetnam-dilinin-qrammatikasi-m%c9%99sg%c9%99l%c9%99l%c9%99ri\/","og_site_name":"Talkpal","article_publisher":"https:\/\/www.facebook.com\/profile.php?id=100090733639311","article_modified_time":"2025-12-17T14:56:56+00:00","og_image":[{"width":512,"height":512,"url":"https:\/\/talkpal.ai\/wp-content\/uploads\/2023\/05\/vietnam.png","type":"image\/png"}],"twitter_card":"summary_large_image","twitter_site":"@talkpalai","twitter_misc":{"Est. reading time":"4 minutes"},"schema":{"@context":"https:\/\/schema.org","@graph":[{"@type":"WebPage","@id":"https:\/\/talkpal.ai\/az\/vyetnam-dilinin-qrammatikasi-m%c9%99sg%c9%99l%c9%99l%c9%99ri\/","url":"https:\/\/talkpal.ai\/az\/vyetnam-dilinin-qrammatikasi-m%c9%99sg%c9%99l%c9%99l%c9%99ri\/","name":"Vyetnam dilinin qrammatikas\u0131 m\u0259\u015f\u011f\u0259l\u0259l\u0259ri - Talkpal","isPartOf":{"@id":"https:\/\/talkpal.ai\/az\/#website"},"primaryImageOfPage":{"@id":"https:\/\/talkpal.ai\/az\/vyetnam-dilinin-qrammatikasi-m%c9%99sg%c9%99l%c9%99l%c9%99ri\/#primaryimage"},"image":{"@id":"https:\/\/talkpal.ai\/az\/vyetnam-dilinin-qrammatikasi-m%c9%99sg%c9%99l%c9%99l%c9%99ri\/#primaryimage"},"thumbnailUrl":"https:\/\/talkpal.ai\/wp-content\/uploads\/2023\/05\/vietnam.png","datePublished":"2023-07-05T11:05:37+00:00","dateModified":"2025-12-17T14:56:56+00:00","description":"T\u0259dric\u0259n \u00f6yr\u0259nm\u0259k \u00fc\u00e7\u00fcn haz\u0131rlanm\u0131\u015f Vyetnam qrammatikas\u0131 m\u0259\u015fql\u0259rimizl\u0259 Vyetnam dilinin sirl\u0259rini a\u00e7\u0131n.","breadcrumb":{"@id":"https:\/\/talkpal.ai\/az\/vyetnam-dilinin-qrammatikasi-m%c9%99sg%c9%99l%c9%99l%c9%99ri\/#breadcrumb"},"inLanguage":"az","potentialAction":[{"@type":"ReadAction","target":["https:\/\/talkpal.ai\/az\/vyetnam-dilinin-qrammatikasi-m%c9%99sg%c9%99l%c9%99l%c9%99ri\/"]}]},{"@type":"ImageObject","inLanguage":"az","@id":"https:\/\/talkpal.ai\/az\/vyetnam-dilinin-qrammatikasi-m%c9%99sg%c9%99l%c9%99l%c9%99ri\/#primaryimage","url":"https:\/\/talkpal.ai\/wp-content\/uploads\/2023\/05\/vietnam.png","contentUrl":"https:\/\/talkpal.ai\/wp-content\/uploads\/2023\/05\/vietnam.png","width":512,"height":512},{"@type":"BreadcrumbList","@id":"https:\/\/talkpal.ai\/az\/vyetnam-dilinin-qrammatikasi-m%c9%99sg%c9%99l%c9%99l%c9%99ri\/#breadcrumb","itemListElement":[{"@type":"ListItem","position":1,"name":"Homepage","item":"https:\/\/talkpal.ai\/az\/"},{"@type":"ListItem","position":2,"name":"Vyetnam dilinin qrammatikas\u0131 m\u0259\u015f\u011f\u0259l\u0259l\u0259ri"}]},{"@type":"WebSite","@id":"https:\/\/talkpal.ai\/az\/#website","url":"https:\/\/talkpal.ai\/az\/","name":"Talkpal","description":"AI Language Learning","publisher":{"@id":"https:\/\/talkpal.ai\/az\/#organization"},"alternateName":"Talkpal AI","potentialAction":[{"@type":"SearchAction","target":{"@type":"EntryPoint","urlTemplate":"https:\/\/talkpal.ai\/az\/?s={search_term_string}"},"query-input":{"@type":"PropertyValueSpecification","valueRequired":true,"valueName":"search_term_string"}}],"inLanguage":"az"},{"@type":"Organization","@id":"https:\/\/talkpal.ai\/az\/#organization","name":"Talkpal, Inc.","alternateName":"Talkpal AI","url":"https:\/\/talkpal.ai\/az\/","logo":{"@type":"ImageObject","inLanguage":"az","@id":"https:\/\/talkpal.ai\/az\/#\/schema\/logo\/image\/","url":"https:\/\/talkpal.ai\/wp-content\/uploads\/2024\/03\/Talkpal-Logo-Icon.png","contentUrl":"https:\/\/talkpal.ai\/wp-content\/uploads\/2024\/03\/Talkpal-Logo-Icon.png","width":2880,"height":2880,"caption":"Talkpal, Inc."},"image":{"@id":"https:\/\/talkpal.ai\/az\/#\/schema\/logo\/image\/"},"sameAs":["https:\/\/www.facebook.com\/profile.php?id=100090733639311","https:\/\/x.com\/talkpalai","https:\/\/www.linkedin.com\/company\/talkpal\/","https:\/\/www.youtube.com\/@TalkPal\/","https:\/\/www.tiktok.com\/@talkpal","https:\/\/www.instagram.com\/talkpal_ai\/","https:\/\/www.crunchbase.com\/organization\/talkpal-9cde","https:\/\/www.g2.com\/products\/talkpal-for-business\/","https:\/\/www.trustpilot.com\/review\/talkpal.ai","https:\/\/www.capterra.com\/p\/10006800\/TalkPal\/"],"description":"Talkpal is a language learning web and mobile education app, powered by the latest AI technologies, that provides engaging experiences to its customers in many different languages to help them improve their language skills. Users can chat about unlimited amount of topics with the app and use other modes to practice their language learning.","email":"support@talkpal.ai","legalName":"Talkpal, Inc.","foundingDate":"2023-04-03","duns":"118989042","numberOfEmployees":{"@type":"QuantitativeValue","minValue":"11","maxValue":"50"},"publishingPrinciples":"https:\/\/talkpal.ai\/publishing-principles\/","actionableFeedbackPolicy":"https:\/\/talkpal.ai\/actionable-feedback-policy\/","correctionsPolicy":"https:\/\/talkpal.ai\/corrections-policy\/","ethicsPolicy":"https:\/\/talkpal.ai\/ethics-policy\/","diversityPolicy":"https:\/\/talkpal.ai\/diversity-policy\/","diversityStaffingReport":"https:\/\/talkpal.ai\/diversity-policy\/"}]}},"_links":{"self":[{"href":"https:\/\/talkpal.ai\/az\/wp-json\/wp\/v2\/pages\/154864","targetHints":{"allow":["GET"]}}],"collection":[{"href":"https:\/\/talkpal.ai\/az\/wp-json\/wp\/v2\/pages"}],"about":[{"href":"https:\/\/talkpal.ai\/az\/wp-json\/wp\/v2\/types\/page"}],"author":[{"embeddable":true,"href":"https:\/\/talkpal.ai\/az\/wp-json\/wp\/v2\/users\/6"}],"replies":[{"embeddable":true,"href":"https:\/\/talkpal.ai\/az\/wp-json\/wp\/v2\/comments?post=154864"}],"version-history":[{"count":0,"href":"https:\/\/talkpal.ai\/az\/wp-json\/wp\/v2\/pages\/154864\/revisions"}],"wp:featuredmedia":[{"embeddable":true,"href":"https:\/\/talkpal.ai\/az\/wp-json\/wp\/v2\/media\/120488"}],"wp:attachment":[{"href":"https:\/\/talkpal.ai\/az\/wp-json\/wp\/v2\/media?parent=154864"}],"curies":[{"name":"wp","href":"https:\/\/api.w.org\/{rel}","templated":true}]}}