{"id":154286,"date":"2023-06-16T11:18:42","date_gmt":"2023-06-16T11:18:42","guid":{"rendered":"http:\/\/talkpal.ai\/afrikaans-qrammatika-m%c9%99sql%c9%99ri\/"},"modified":"2025-05-23T14:07:37","modified_gmt":"2025-05-23T14:07:37","slug":"afrikaans-qrammatika-m%c9%99sql%c9%99ri","status":"publish","type":"page","link":"https:\/\/talkpal.ai\/az\/afrikaans-qrammatika-m%c9%99sql%c9%99ri\/","title":{"rendered":"Afrikaans Qrammatika M\u0259\u015fql\u0259ri"},"content":{"rendered":"\r\n\r\n\r\n<section class=\"languageChallengeSection\">\r\n    <div class=\"languageInfoWrapper\">\r\n        \r\n        <h1>Afrikaans Qrammatika M\u0259\u015fql\u0259ri<\/h1>\r\n        <p><a href=\"https:\/\/talkpal.ai\/learn-afrikaans\/\">Afrikaans<\/a> bacar\u0131qlar\u0131n\u0131z\u0131 inki\u015faf etdirm\u0259y\u0259 haz\u0131rs\u0131n\u0131z? Qrammatik m\u0259\u015fql\u0259ri t\u0259tbiq etm\u0259k c\u00fcml\u0259 qurulu\u015funu, fel formalar\u0131n\u0131 v\u0259 Afrika dilinin unikal x\u00fcsusiyy\u0259tl\u0259rini m\u0259nims\u0259m\u0259k \u00fc\u00e7\u00fcn \u0259la bir yoldur. Bu g\u00fcn Afrikaans qrammatikas\u0131 \u00fcz\u0259rind\u0259 i\u015fl\u0259m\u0259y\u0259 ba\u015flay\u0131n v\u0259 h\u0259r m\u0259\u015fql\u0259 inam v\u0259 r\u0259vanl\u0131\u011f\u0131n\u0131z\u0131n b\u00f6y\u00fcm\u0259sin\u0259 bax\u0131n!\n\n<\/p>\r\n\r\n                            <a class=\"getStartedHidden\" href=\"https:\/\/app.talkpal.ai\/signup?lng=\">Ba\u015fla<\/a>\r\n        \r\n    <\/div>\r\n\r\n    <figure>\r\n    <img decoding=\"async\" width=\"768\" height=\"768\" src=\"https:\/\/talkpal.ai\/wp-content\/uploads\/2023\/06\/afrikaans-768x768.png\" class=\"languageImage no-lazy\" alt=\"Language learning for improved focus\" fetchpriority=\"high\" sizes=\"(max-width: 768px) 150px, 768px\" srcset=\"https:\/\/talkpal.ai\/wp-content\/uploads\/2023\/06\/afrikaans-768x768.png 768w, https:\/\/talkpal.ai\/wp-content\/uploads\/2023\/06\/afrikaans-300x300.png 300w\" \/>\r\n    \r\n\r\n    <\/figure>\r\n\r\n            <a class=\"getStartedVisible\" href=\"https:\/\/app.talkpal.ai\/signup?lng=\">Ba\u015fla<\/a>\r\n    \r\n<\/section>\r\n\r\n\r\n<!-- <section class=\"grammarSection\">\r\n    <div class=\"grammarLinks\">\r\n            <\/div>\r\n<\/section> -->\r\n\r\n\r\n\r\n\r\n<section class=\"promotionalBanner\">\r\n    <p class=\"promotionalText\">Dil \u00f6yr\u0259nm\u0259yin \u0259n t\u0259sirli yolu<\/p>\r\n    <a class=\"promotionalLink\" href=\"https:\/\/app.talkpal.ai\/signup?lng=\">Talkpal pulsuz s\u0131nay\u0131n<\/a>\r\n<\/section>\n<div class=\"wp-block-group pageContainerStyle\"><div class=\"wp-block-group__inner-container is-layout-constrained wp-block-group-is-layout-constrained\">\n<h2 class=\"wp-block-heading\" id=\"h-afrikaans-grammar-topics\">Afrikaans Qrammatika M\u00f6vzular\u0131<\/h2>\n\n\n\n<p>Q\u0259rbi <a href=\"https:\/\/talkpal.ai\/az\/alman-dili-sertifikatlari\/\">alman dili<\/a> olan Afrika dill\u0259ri C\u0259nubi Afrikan\u0131n on bir r\u0259smi dill\u0259rind\u0259n biridir v\u0259 t\u0259qrib\u0259n 6 milyon insan t\u0259r\u0259find\u0259n dan\u0131\u015f\u0131l\u0131r. Afrika dilini <a href=\"https:\/\/talkpal.ai\/az\/oyr%c9%99nm%c9%99k\/\">\u00f6yr\u0259nm\u0259k<\/a> z\u0259nginl\u0259\u015fdirm\u0259 v\u0259 m\u00fckafatland\u0131r\u0131c\u0131 t\u0259cr\u00fcb\u0259 ola bil\u0259r, \u00e7\u00fcnki bu, t\u0259kc\u0259 C\u0259nubi Afrikada deyil, Namibiyada da, Zimbabved\u0259 v\u0259 Botsvanada da az da olsa dan\u0131\u015f\u0131l\u0131r. <a href=\"https:\/\/talkpal.ai\/az\/talkpal-chat-vasit%c9%99sil%c9%99-dil-oyr%c9%99nm%c9%99k-ucun-nec%c9%99\/\">Dil \u00f6yr\u0259nm\u0259k<\/a> nisb\u0259t\u0259n asand\u0131r, x\u00fcsusil\u0259 ingilis dilind\u0259 dan\u0131\u015fanlar \u00fc\u00e7\u00fcn. Bel\u0259 ki, bu dil sad\u0259l\u0259\u015fdirilmi\u015f <a href=\"https:\/\/talkpal.ai\/grammar\/\">qrammatika<\/a> malikdir v\u0259 bir \u00e7ox s\u00f6zl\u0259ri ingilis v\u0259 <a href=\"https:\/\/talkpal.ai\/locations\/learn-french-in-holland\/\">holland<\/a> dill\u0259ri il\u0259 b\u00f6l\u00fc\u015f\u00fcr. Bu b\u0259l\u0259d\u00e7id\u0259 dili s\u0259lis dan\u0131\u015fmaq v\u0259 ba\u015fa d\u00fc\u015fm\u0259k \u00fc\u00e7\u00fcn siz\u0259 laz\u0131m olan z\u0259ruri Afrika dili <a href=\"https:\/\/talkpal.ai\/grammar\/\">qrammatika<\/a> m\u00f6vzular\u0131ndan ke\u00e7\u0259c\u0259yik.<\/p>\n\n\n\n<h3 class=\"wp-block-heading\" id=\"h-1-nouns-and-articles\">1. Nounlar v\u0259 m\u0259qal\u0259l\u0259r:<\/h3>\n\n\n\n<p>Afrikaansda nounlar\u0131n cinsiyy\u0259ti yoxdur ki, bu da dig\u0259r <a href=\"https:\/\/talkpal.ai\/learn-german\/\">german<\/a> dill\u0259ri il\u0259 m\u00fcqayis\u0259d\u0259 \u00f6yr\u0259nm\u0259yi asanla\u015fd\u0131r\u0131r. M\u0259qal\u0259l\u0259r d\u0259 sad\u0259dir, \u201cdie\u201d m\u00fc\u0259yy\u0259n artikl, \u201cn\u201d v\u0259 ya \u201ceen\u201d qeyri-m\u00fc\u0259yy\u0259n artikldir.<\/p>\n\n\n\n<h3 class=\"wp-block-heading\" id=\"h-2-pronouns-determiners\">2. Pronouns\/Determinl\u0259r:<\/h3>\n\n\n\n<p>Pronouns \u2014 s\u00f6zl\u0259ri \u0259v\u0259z ed\u0259n v\u0259 c\u00fcml\u0259d\u0259 t\u0259krarlanmama\u011fa k\u00f6m\u0259k ed\u0259n s\u00f6zl\u0259rdir. Afrikal\u0131lar c\u00fcml\u0259l\u0259rin \u0259m\u0259l\u0259 g\u0259lm\u0259si \u00fc\u00e7\u00fcn z\u0259ruri olan \u015f\u0259xsi, e&#8217;tiv v\u0259 sor\u011fu-sualedici t\u0259l\u0259ff\u00fczl\u0259r\u0259 malikdir.<\/p>\n\n\n\n<h3 class=\"wp-block-heading\" id=\"h-3-adjectives\">3. Adjectives:<\/h3>\n\n\n\n<p>Adjectives nouns t\u0259svir v\u0259 ya d\u0259yi\u015fdirm\u0259k. Afrikaansda onlar ad\u0259t\u0259n noyunun qar\u015f\u0131s\u0131na \u00e7\u0131x\u0131r v\u0259 onunla sayca raz\u0131la\u015f\u0131rlar. Gender raz\u0131la\u015fmas\u0131 yoxdur, \u00f6yr\u0259nm\u0259yi daha sad\u0259 edir.<\/p>\n\n\n\n<h3 class=\"wp-block-heading\" id=\"h-4-verbs\">4. Feill\u0259r:<\/h3>\n\n\n\n<p>Feill\u0259r h\u0259r\u0259k\u0259tli s\u00f6zl\u0259rdir v\u0259 c\u00fcml\u0259l\u0259rin \u0259m\u0259l\u0259 g\u0259lm\u0259si \u00fc\u00e7\u00fcn z\u0259ruridir. Afrikaansda fell\u0259r m\u00f6vzuya g\u00f6r\u0259 birl\u0259\u015fmir, dig\u0259r dill\u0259r\u0259 nisb\u0259t\u0259n \u00f6yr\u0259nm\u0259yi asanla\u015fd\u0131r\u0131r. M\u00fcnt\u0259z\u0259m feill\u0259r sad\u0259 t\u0259rtib olunmu\u015f, qeyri-m\u00fcnt\u0259z\u0259m feill\u0259ri is\u0259 \u0259zb\u0259rl\u0259m\u0259k laz\u0131md\u0131r.<\/p>\n\n\n\n<h3 class=\"wp-block-heading\" id=\"h-5-tenses-and-tense-comparison\">5. G\u0259rginlik v\u0259 g\u0259rgin m\u00fcqayis\u0259:<\/h3>\n\n\n\n<p>Afrikaans\u0131n 3 \u0259sas g\u0259rginlisi var: ke\u00e7mi\u015f, indiki v\u0259 g\u0259l\u0259c\u0259k. Bu g\u0259rginlikl\u0259ri nec\u0259 \u0259m\u0259l\u0259 g\u0259tirm\u0259k v\u0259 m\u00fcqayis\u0259 etm\u0259yi \u00f6yr\u0259nm\u0259k dili anlamaq v\u0259 dan\u0131\u015fmaq \u00fc\u00e7\u00fcn olduqca vacibdir.<\/p>\n\n\n\n<h3 class=\"wp-block-heading\" id=\"h-6-progressive-and-perfect-progressive\">6. M\u00fct\u0259r\u0259qqi v\u0259 m\u00fck\u0259mm\u0259l t\u0259r\u0259qqi:<\/h3>\n\n\n\n<p>M\u00fct\u0259r\u0259qqi g\u0259rginlik davam ed\u0259n h\u0259r\u0259k\u0259tl\u0259ri t\u0259svir etm\u0259k \u00fc\u00e7\u00fcn istifad\u0259 olunur, m\u00fck\u0259mm\u0259l t\u0259r\u0259qqi is\u0259 tamamlanm\u0131\u015f h\u0259r\u0259k\u0259tl\u0259ri g\u00f6st\u0259rir. Bu g\u0259rginliyi \u00f6yr\u0259nm\u0259k h\u0259r\u0259k\u0259tl\u0259ri <a href=\"https:\/\/talkpal.ai\/locations\/learn-english-in-aydin\/\">ayd\u0131n<\/a> ifad\u0259 etm\u0259y\u0259 k\u00f6m\u0259k edir.<\/p>\n\n\n\n<h3 class=\"wp-block-heading\" id=\"h-7-adverbs\">7. Adverbl\u0259r:<\/h3>\n\n\n\n<p>Adverbs feill\u0259ri, adjectives v\u0259 ya dig\u0259r adverbsl\u0259ri d\u0259yi\u015fdirir, h\u0259r\u0259k\u0259t, keyfiyy\u0259t v\u0259 ya davran\u0131\u015f haqq\u0131nda daha \u00e7ox m\u0259lumat verir. Onlar c\u00fcml\u0259l\u0259riniz\u0259 \u0259trafl\u0131 m\u0259lumat \u0259lav\u0259 etm\u0259k \u00fc\u00e7\u00fcn vacibdir.<\/p>\n\n\n\n<h3 class=\"wp-block-heading\" id=\"h-8-prepositions\">8. Prepozisiyalar:<\/h3>\n\n\n\n<p>Prepozisiyalar c\u00fcml\u0259d\u0259ki noun v\u0259 ya t\u0259l\u0259ff\u00fcz v\u0259 dig\u0259r s\u00f6zl\u0259r aras\u0131ndak\u0131 \u0259laq\u0259ni g\u00f6st\u0259r\u0259n s\u00f6zl\u0259rdir. Onlar m\u0259kan, istiqam\u0259t, zaman v\u0259 dig\u0259r m\u00fcnasib\u0259tl\u0259ri ifad\u0259 etm\u0259k \u00fc\u00e7\u00fcn olduqca vacibdir.<\/p>\n\n\n\n<h3 class=\"wp-block-heading\" id=\"h-9-conditionals\">9. \u015e\u0259rti olaraq:<\/h3>\n\n\n\n<p>\u015e\u0259rti c\u00fcml\u0259l\u0259rd\u0259 \u015f\u0259rtin yerin\u0259 yetirilm\u0259sind\u0259n as\u0131l\u0131 olan h\u0259r\u0259k\u0259t v\u0259 ya v\u0259ziyy\u0259t ifad\u0259 olunur. \u015e\u0259rti \u00f6yr\u0259nm\u0259 hipotetik v\u0259ziyy\u0259tl\u0259ri v\u0259 n\u0259tic\u0259l\u0259ri ifad\u0259 etm\u0259y\u0259 k\u00f6m\u0259k edir.<\/p>\n\n\n\n<h3 class=\"wp-block-heading\" id=\"h-10-sentences\">10. C\u00fcml\u0259l\u0259r:<\/h3>\n\n\n\n<p>Afrikaans c\u00fcml\u0259l\u0259rinin qurulu\u015funu anlamaq \u00f6z c\u00fcml\u0259l\u0259rinizin yaranmas\u0131 v\u0259 ba\u015fqalar\u0131n\u0131n dedikl\u0259rinin d\u0259rk edilm\u0259si \u00fc\u00e7\u00fcn olduqca vacibdir. Yuxar\u0131da qeyd olunan b\u00fct\u00fcn qrammatika komponentl\u0259rind\u0259n istifad\u0259 etm\u0259yi bilm\u0259k ayd\u0131n v\u0259 bir-birin\u0259 ba\u011fl\u0131 c\u00fcml\u0259l\u0259r yaratma\u011fa k\u00f6m\u0259k ed\u0259c\u0259k.<\/p>\n<\/div><\/div>\n\r\n<section class=\"learnNavigationSection\">\r\n            \r\n        <a href=\"https:\/\/talkpal.ai\/az\/afrikalilari-oyr%c9%99nin\/\">\r\n            <div class=\"learnNavigationWrapper\">\r\n                <div class=\"learnNavigationContent\">\r\n                    <img decoding=\"async\" src=\"https:\/\/talkpal.ai\/wp-content\/uploads\/2024\/08\/Afrikaans.jpg\" alt=\"South Africa Flag\">\r\n                    <div>\r\n                        <h4>Afrikaans \u00f6yr\u0259nm\u0259 haqq\u0131nda<\/h4>\r\n                        <p>Afrikaans qrammatikas\u0131 haqq\u0131nda h\u0259r \u015feyi \u00f6yr\u0259nin .<\/p>\r\n                    <\/div>\r\n                <\/div>\r\n            <\/div>\r\n        <\/a>\r\n\r\n        \r\n        <a href=\"https:\/\/talkpal.ai\/az\/afrika-dili-qrammatikasi\/\">\r\n            <div class=\"learnNavigationWrapper\">\r\n                <div class=\"learnNavigationContent\">\r\n                    <img decoding=\"async\" src=\"https:\/\/talkpal.ai\/wp-content\/uploads\/2024\/08\/Afrikaans.jpg\" alt=\"South Africa Flag\">\r\n                    <div>\r\n                        <h4>Afrikaans Qrammatika D\u0259rsl\u0259ri<\/h4>\r\n                        <p>Afrika dilinin qrammatikas\u0131 .<\/p>\r\n                    <\/div>\r\n                <\/div>\r\n            <\/div>\r\n        <\/a>\r\n\r\n        \r\n        <a href=\"https:\/\/talkpal.ai\/vocabulary_language\/afrikaans\/\">\r\n            <div class=\"learnNavigationWrapper\">\r\n                <div class=\"learnNavigationContent\">\r\n                    <img decoding=\"async\" src=\"https:\/\/talkpal.ai\/wp-content\/uploads\/2024\/08\/Afrikaans.jpg\" alt=\"South Africa Flag\">\r\n                    <div>\r\n                        <h4>Afrika dili l\u00fc\u011f\u0259ti<\/h4>\r\n                        <p>Afrikaans l\u00fc\u011f\u0259tinizi geni\u015fl\u0259ndirin.<\/p>\r\n                    <\/div>\r\n                <\/div>\r\n            <\/div>\r\n        <\/a>\r\n\r\n            <\/section>","protected":false},"excerpt":{"rendered":"<p>Afrikaans Qrammatika M\u00f6vzular\u0131 Q\u0259rbi alman dili olan Afrika dill\u0259ri C\u0259nubi Afrikan\u0131n on bir r\u0259smi dill\u0259rind\u0259n biridir v\u0259 t\u0259qrib\u0259n 6 milyon insan t\u0259r\u0259find\u0259n dan\u0131\u015f\u0131l\u0131r. Afrika dilini \u00f6yr\u0259nm\u0259k z\u0259nginl\u0259\u015fdirm\u0259 v\u0259 m\u00fckafatland\u0131r\u0131c\u0131 t\u0259cr\u00fcb\u0259 ola bil\u0259r, \u00e7\u00fcnki bu, t\u0259kc\u0259 C\u0259nubi Afrikada deyil, Namibiyada da, Zimbabved\u0259 v\u0259 Botsvanada da az da olsa dan\u0131\u015f\u0131l\u0131r. Dil \u00f6yr\u0259nm\u0259k nisb\u0259t\u0259n asand\u0131r, x\u00fcsusil\u0259 ingilis dilind\u0259 [&hellip;]<\/p>\n","protected":false},"author":6,"featured_media":108870,"parent":0,"menu_order":0,"comment_status":"closed","ping_status":"closed","template":"LearningContentPage.php","meta":{"_acf_changed":false,"footnotes":""},"class_list":["post-154286","page","type-page","status-publish","has-post-thumbnail","hentry"],"acf":[],"yoast_head":"<!-- This site is optimized with the Yoast SEO Premium plugin v27.2 (Yoast SEO v27.2) - https:\/\/yoast.com\/product\/yoast-seo-premium-wordpress\/ -->\n<title>Afrikaans Qrammatika M\u0259\u015fql\u0259ri - Talkpal<\/title>\n<meta name=\"description\" content=\"Dil bacar\u0131qlar\u0131n\u0131z\u0131 v\u0259 s\u0259lisliyinizi art\u0131rmaq \u00fc\u00e7\u00fcn n\u0259z\u0259rd\u0259 tutulmu\u015f c\u0259lbedici Afrikaans Qrammatikas\u0131 T\u0259liml\u0259ri il\u0259 Afrika dilini m\u0259nims\u0259yin.\" \/>\n<meta name=\"robots\" content=\"index, follow, max-snippet:-1, max-image-preview:large, max-video-preview:-1\" \/>\n<link rel=\"canonical\" href=\"https:\/\/talkpal.ai\/az\/afrikaans-qrammatika-m%c9%99sql%c9%99ri\/\" \/>\n<meta property=\"og:locale\" content=\"az_AZ\" \/>\n<meta property=\"og:type\" content=\"article\" \/>\n<meta property=\"og:title\" content=\"Afrikaans Qrammatika M\u0259\u015fql\u0259ri\" \/>\n<meta property=\"og:description\" content=\"Afrikaans Qrammatika M\u00f6vzular\u0131 Q\u0259rbi alman dili olan Afrika dill\u0259ri C\u0259nubi Afrikan\u0131n on bir r\u0259smi dill\u0259rind\u0259n biridir v\u0259 t\u0259qrib\u0259n 6 milyon insan\" \/>\n<meta property=\"og:url\" content=\"https:\/\/talkpal.ai\/az\/afrikaans-qrammatika-m%c9%99sql%c9%99ri\/\" \/>\n<meta property=\"og:site_name\" content=\"Talkpal\" \/>\n<meta property=\"article:publisher\" content=\"https:\/\/www.facebook.com\/profile.php?id=100090733639311\" \/>\n<meta property=\"article:modified_time\" content=\"2025-05-23T14:07:37+00:00\" \/>\n<meta property=\"og:image\" content=\"https:\/\/talkpal.ai\/wp-content\/uploads\/2023\/05\/south-africa.png\" \/>\n\t<meta property=\"og:image:width\" content=\"512\" \/>\n\t<meta property=\"og:image:height\" content=\"512\" \/>\n\t<meta property=\"og:image:type\" content=\"image\/png\" \/>\n<meta name=\"twitter:card\" content=\"summary_large_image\" \/>\n<meta name=\"twitter:site\" content=\"@talkpalai\" \/>\n<meta name=\"twitter:label1\" content=\"Est. reading time\" \/>\n\t<meta name=\"twitter:data1\" content=\"3 minutes\" \/>\n<script type=\"application\/ld+json\" class=\"yoast-schema-graph\">{\"@context\":\"https:\/\/schema.org\",\"@graph\":[{\"@type\":\"WebPage\",\"@id\":\"https:\/\/talkpal.ai\/az\/afrikaans-qrammatika-m%c9%99sql%c9%99ri\/\",\"url\":\"https:\/\/talkpal.ai\/az\/afrikaans-qrammatika-m%c9%99sql%c9%99ri\/\",\"name\":\"Afrikaans Qrammatika M\u0259\u015fql\u0259ri - Talkpal\",\"isPartOf\":{\"@id\":\"https:\/\/talkpal.ai\/az\/#website\"},\"primaryImageOfPage\":{\"@id\":\"https:\/\/talkpal.ai\/az\/afrikaans-qrammatika-m%c9%99sql%c9%99ri\/#primaryimage\"},\"image\":{\"@id\":\"https:\/\/talkpal.ai\/az\/afrikaans-qrammatika-m%c9%99sql%c9%99ri\/#primaryimage\"},\"thumbnailUrl\":\"https:\/\/talkpal.ai\/wp-content\/uploads\/2023\/05\/south-africa.png\",\"datePublished\":\"2023-06-16T11:18:42+00:00\",\"dateModified\":\"2025-05-23T14:07:37+00:00\",\"description\":\"Dil bacar\u0131qlar\u0131n\u0131z\u0131 v\u0259 s\u0259lisliyinizi art\u0131rmaq \u00fc\u00e7\u00fcn n\u0259z\u0259rd\u0259 tutulmu\u015f c\u0259lbedici Afrikaans Qrammatikas\u0131 T\u0259liml\u0259ri il\u0259 Afrika dilini m\u0259nims\u0259yin.\",\"breadcrumb\":{\"@id\":\"https:\/\/talkpal.ai\/az\/afrikaans-qrammatika-m%c9%99sql%c9%99ri\/#breadcrumb\"},\"inLanguage\":\"az\",\"potentialAction\":[{\"@type\":\"ReadAction\",\"target\":[\"https:\/\/talkpal.ai\/az\/afrikaans-qrammatika-m%c9%99sql%c9%99ri\/\"]}]},{\"@type\":\"ImageObject\",\"inLanguage\":\"az\",\"@id\":\"https:\/\/talkpal.ai\/az\/afrikaans-qrammatika-m%c9%99sql%c9%99ri\/#primaryimage\",\"url\":\"https:\/\/talkpal.ai\/wp-content\/uploads\/2023\/05\/south-africa.png\",\"contentUrl\":\"https:\/\/talkpal.ai\/wp-content\/uploads\/2023\/05\/south-africa.png\",\"width\":512,\"height\":512},{\"@type\":\"BreadcrumbList\",\"@id\":\"https:\/\/talkpal.ai\/az\/afrikaans-qrammatika-m%c9%99sql%c9%99ri\/#breadcrumb\",\"itemListElement\":[{\"@type\":\"ListItem\",\"position\":1,\"name\":\"Homepage\",\"item\":\"https:\/\/talkpal.ai\/az\/\"},{\"@type\":\"ListItem\",\"position\":2,\"name\":\"Afrikaans Qrammatika M\u0259\u015fql\u0259ri\"}]},{\"@type\":\"WebSite\",\"@id\":\"https:\/\/talkpal.ai\/az\/#website\",\"url\":\"https:\/\/talkpal.ai\/az\/\",\"name\":\"Talkpal\",\"description\":\"AI Language Learning\",\"publisher\":{\"@id\":\"https:\/\/talkpal.ai\/az\/#organization\"},\"alternateName\":\"Talkpal AI\",\"potentialAction\":[{\"@type\":\"SearchAction\",\"target\":{\"@type\":\"EntryPoint\",\"urlTemplate\":\"https:\/\/talkpal.ai\/az\/?s={search_term_string}\"},\"query-input\":{\"@type\":\"PropertyValueSpecification\",\"valueRequired\":true,\"valueName\":\"search_term_string\"}}],\"inLanguage\":\"az\"},{\"@type\":\"Organization\",\"@id\":\"https:\/\/talkpal.ai\/az\/#organization\",\"name\":\"Talkpal, Inc.\",\"alternateName\":\"Talkpal AI\",\"url\":\"https:\/\/talkpal.ai\/az\/\",\"logo\":{\"@type\":\"ImageObject\",\"inLanguage\":\"az\",\"@id\":\"https:\/\/talkpal.ai\/az\/#\/schema\/logo\/image\/\",\"url\":\"https:\/\/talkpal.ai\/wp-content\/uploads\/2024\/03\/Talkpal-Logo-Icon.png\",\"contentUrl\":\"https:\/\/talkpal.ai\/wp-content\/uploads\/2024\/03\/Talkpal-Logo-Icon.png\",\"width\":2880,\"height\":2880,\"caption\":\"Talkpal, Inc.\"},\"image\":{\"@id\":\"https:\/\/talkpal.ai\/az\/#\/schema\/logo\/image\/\"},\"sameAs\":[\"https:\/\/www.facebook.com\/profile.php?id=100090733639311\",\"https:\/\/x.com\/talkpalai\",\"https:\/\/www.linkedin.com\/company\/talkpal\/\",\"https:\/\/www.youtube.com\/@TalkPal\/\",\"https:\/\/www.tiktok.com\/@talkpal\",\"https:\/\/www.instagram.com\/talkpal_ai\/\",\"https:\/\/www.crunchbase.com\/organization\/talkpal-9cde\",\"https:\/\/www.g2.com\/products\/talkpal-for-business\/\",\"https:\/\/www.trustpilot.com\/review\/talkpal.ai\",\"https:\/\/www.capterra.com\/p\/10006800\/TalkPal\/\"],\"description\":\"Talkpal is a language learning web and mobile education app, powered by the latest AI technologies, that provides engaging experiences to its customers in many different languages to help them improve their language skills. Users can chat about unlimited amount of topics with the app and use other modes to practice their language learning.\",\"email\":\"support@talkpal.ai\",\"legalName\":\"Talkpal, Inc.\",\"foundingDate\":\"2023-04-03\",\"duns\":\"118989042\",\"numberOfEmployees\":{\"@type\":\"QuantitativeValue\",\"minValue\":\"11\",\"maxValue\":\"50\"},\"publishingPrinciples\":\"https:\/\/talkpal.ai\/publishing-principles\/\",\"actionableFeedbackPolicy\":\"https:\/\/talkpal.ai\/actionable-feedback-policy\/\",\"correctionsPolicy\":\"https:\/\/talkpal.ai\/corrections-policy\/\",\"ethicsPolicy\":\"https:\/\/talkpal.ai\/ethics-policy\/\",\"diversityPolicy\":\"https:\/\/talkpal.ai\/diversity-policy\/\",\"diversityStaffingReport\":\"https:\/\/talkpal.ai\/diversity-policy\/\"}]}<\/script>\n<!-- \/ Yoast SEO Premium plugin. -->","yoast_head_json":{"title":"Afrikaans Qrammatika M\u0259\u015fql\u0259ri - Talkpal","description":"Dil bacar\u0131qlar\u0131n\u0131z\u0131 v\u0259 s\u0259lisliyinizi art\u0131rmaq \u00fc\u00e7\u00fcn n\u0259z\u0259rd\u0259 tutulmu\u015f c\u0259lbedici Afrikaans Qrammatikas\u0131 T\u0259liml\u0259ri il\u0259 Afrika dilini m\u0259nims\u0259yin.","robots":{"index":"index","follow":"follow","max-snippet":"max-snippet:-1","max-image-preview":"max-image-preview:large","max-video-preview":"max-video-preview:-1"},"canonical":"https:\/\/talkpal.ai\/az\/afrikaans-qrammatika-m%c9%99sql%c9%99ri\/","og_locale":"az_AZ","og_type":"article","og_title":"Afrikaans Qrammatika M\u0259\u015fql\u0259ri","og_description":"Afrikaans Qrammatika M\u00f6vzular\u0131 Q\u0259rbi alman dili olan Afrika dill\u0259ri C\u0259nubi Afrikan\u0131n on bir r\u0259smi dill\u0259rind\u0259n biridir v\u0259 t\u0259qrib\u0259n 6 milyon insan","og_url":"https:\/\/talkpal.ai\/az\/afrikaans-qrammatika-m%c9%99sql%c9%99ri\/","og_site_name":"Talkpal","article_publisher":"https:\/\/www.facebook.com\/profile.php?id=100090733639311","article_modified_time":"2025-05-23T14:07:37+00:00","og_image":[{"width":512,"height":512,"url":"https:\/\/talkpal.ai\/wp-content\/uploads\/2023\/05\/south-africa.png","type":"image\/png"}],"twitter_card":"summary_large_image","twitter_site":"@talkpalai","twitter_misc":{"Est. reading time":"3 minutes"},"schema":{"@context":"https:\/\/schema.org","@graph":[{"@type":"WebPage","@id":"https:\/\/talkpal.ai\/az\/afrikaans-qrammatika-m%c9%99sql%c9%99ri\/","url":"https:\/\/talkpal.ai\/az\/afrikaans-qrammatika-m%c9%99sql%c9%99ri\/","name":"Afrikaans Qrammatika M\u0259\u015fql\u0259ri - Talkpal","isPartOf":{"@id":"https:\/\/talkpal.ai\/az\/#website"},"primaryImageOfPage":{"@id":"https:\/\/talkpal.ai\/az\/afrikaans-qrammatika-m%c9%99sql%c9%99ri\/#primaryimage"},"image":{"@id":"https:\/\/talkpal.ai\/az\/afrikaans-qrammatika-m%c9%99sql%c9%99ri\/#primaryimage"},"thumbnailUrl":"https:\/\/talkpal.ai\/wp-content\/uploads\/2023\/05\/south-africa.png","datePublished":"2023-06-16T11:18:42+00:00","dateModified":"2025-05-23T14:07:37+00:00","description":"Dil bacar\u0131qlar\u0131n\u0131z\u0131 v\u0259 s\u0259lisliyinizi art\u0131rmaq \u00fc\u00e7\u00fcn n\u0259z\u0259rd\u0259 tutulmu\u015f c\u0259lbedici Afrikaans Qrammatikas\u0131 T\u0259liml\u0259ri il\u0259 Afrika dilini m\u0259nims\u0259yin.","breadcrumb":{"@id":"https:\/\/talkpal.ai\/az\/afrikaans-qrammatika-m%c9%99sql%c9%99ri\/#breadcrumb"},"inLanguage":"az","potentialAction":[{"@type":"ReadAction","target":["https:\/\/talkpal.ai\/az\/afrikaans-qrammatika-m%c9%99sql%c9%99ri\/"]}]},{"@type":"ImageObject","inLanguage":"az","@id":"https:\/\/talkpal.ai\/az\/afrikaans-qrammatika-m%c9%99sql%c9%99ri\/#primaryimage","url":"https:\/\/talkpal.ai\/wp-content\/uploads\/2023\/05\/south-africa.png","contentUrl":"https:\/\/talkpal.ai\/wp-content\/uploads\/2023\/05\/south-africa.png","width":512,"height":512},{"@type":"BreadcrumbList","@id":"https:\/\/talkpal.ai\/az\/afrikaans-qrammatika-m%c9%99sql%c9%99ri\/#breadcrumb","itemListElement":[{"@type":"ListItem","position":1,"name":"Homepage","item":"https:\/\/talkpal.ai\/az\/"},{"@type":"ListItem","position":2,"name":"Afrikaans Qrammatika M\u0259\u015fql\u0259ri"}]},{"@type":"WebSite","@id":"https:\/\/talkpal.ai\/az\/#website","url":"https:\/\/talkpal.ai\/az\/","name":"Talkpal","description":"AI Language Learning","publisher":{"@id":"https:\/\/talkpal.ai\/az\/#organization"},"alternateName":"Talkpal AI","potentialAction":[{"@type":"SearchAction","target":{"@type":"EntryPoint","urlTemplate":"https:\/\/talkpal.ai\/az\/?s={search_term_string}"},"query-input":{"@type":"PropertyValueSpecification","valueRequired":true,"valueName":"search_term_string"}}],"inLanguage":"az"},{"@type":"Organization","@id":"https:\/\/talkpal.ai\/az\/#organization","name":"Talkpal, Inc.","alternateName":"Talkpal AI","url":"https:\/\/talkpal.ai\/az\/","logo":{"@type":"ImageObject","inLanguage":"az","@id":"https:\/\/talkpal.ai\/az\/#\/schema\/logo\/image\/","url":"https:\/\/talkpal.ai\/wp-content\/uploads\/2024\/03\/Talkpal-Logo-Icon.png","contentUrl":"https:\/\/talkpal.ai\/wp-content\/uploads\/2024\/03\/Talkpal-Logo-Icon.png","width":2880,"height":2880,"caption":"Talkpal, Inc."},"image":{"@id":"https:\/\/talkpal.ai\/az\/#\/schema\/logo\/image\/"},"sameAs":["https:\/\/www.facebook.com\/profile.php?id=100090733639311","https:\/\/x.com\/talkpalai","https:\/\/www.linkedin.com\/company\/talkpal\/","https:\/\/www.youtube.com\/@TalkPal\/","https:\/\/www.tiktok.com\/@talkpal","https:\/\/www.instagram.com\/talkpal_ai\/","https:\/\/www.crunchbase.com\/organization\/talkpal-9cde","https:\/\/www.g2.com\/products\/talkpal-for-business\/","https:\/\/www.trustpilot.com\/review\/talkpal.ai","https:\/\/www.capterra.com\/p\/10006800\/TalkPal\/"],"description":"Talkpal is a language learning web and mobile education app, powered by the latest AI technologies, that provides engaging experiences to its customers in many different languages to help them improve their language skills. Users can chat about unlimited amount of topics with the app and use other modes to practice their language learning.","email":"support@talkpal.ai","legalName":"Talkpal, Inc.","foundingDate":"2023-04-03","duns":"118989042","numberOfEmployees":{"@type":"QuantitativeValue","minValue":"11","maxValue":"50"},"publishingPrinciples":"https:\/\/talkpal.ai\/publishing-principles\/","actionableFeedbackPolicy":"https:\/\/talkpal.ai\/actionable-feedback-policy\/","correctionsPolicy":"https:\/\/talkpal.ai\/corrections-policy\/","ethicsPolicy":"https:\/\/talkpal.ai\/ethics-policy\/","diversityPolicy":"https:\/\/talkpal.ai\/diversity-policy\/","diversityStaffingReport":"https:\/\/talkpal.ai\/diversity-policy\/"}]}},"_links":{"self":[{"href":"https:\/\/talkpal.ai\/az\/wp-json\/wp\/v2\/pages\/154286","targetHints":{"allow":["GET"]}}],"collection":[{"href":"https:\/\/talkpal.ai\/az\/wp-json\/wp\/v2\/pages"}],"about":[{"href":"https:\/\/talkpal.ai\/az\/wp-json\/wp\/v2\/types\/page"}],"author":[{"embeddable":true,"href":"https:\/\/talkpal.ai\/az\/wp-json\/wp\/v2\/users\/6"}],"replies":[{"embeddable":true,"href":"https:\/\/talkpal.ai\/az\/wp-json\/wp\/v2\/comments?post=154286"}],"version-history":[{"count":0,"href":"https:\/\/talkpal.ai\/az\/wp-json\/wp\/v2\/pages\/154286\/revisions"}],"wp:featuredmedia":[{"embeddable":true,"href":"https:\/\/talkpal.ai\/az\/wp-json\/wp\/v2\/media\/108870"}],"wp:attachment":[{"href":"https:\/\/talkpal.ai\/az\/wp-json\/wp\/v2\/media?parent=154286"}],"curies":[{"name":"wp","href":"https:\/\/api.w.org\/{rel}","templated":true}]}}