{"id":153753,"date":"2023-05-14T14:25:05","date_gmt":"2023-05-14T14:25:05","guid":{"rendered":"http:\/\/talkpal.ai\/svahili-qrammatikasi\/"},"modified":"2025-12-13T15:55:14","modified_gmt":"2025-12-13T15:55:14","slug":"svahili-qrammatikasi","status":"publish","type":"page","link":"https:\/\/talkpal.ai\/az\/svahili-qrammatikasi\/","title":{"rendered":"Svahili qrammatikas\u0131"},"content":{"rendered":"\r\n\r\n\r\n<section class=\"languageChallengeSection\">\r\n    <div class=\"languageInfoWrapper\">\r\n        \r\n        <h1>Svahili qrammatikas\u0131<\/h1>\r\n        <p><a href=\"https:\/\/talkpal.ai\/learn-swahili\/\">Suahili<\/a> qrammatikas\u0131n\u0131n sirl\u0259rini a\u00e7\u0131n v\u0259 maraql\u0131 d\u0259rsl\u0259r v\u0259 real h\u0259yat n\u00fcmun\u0259l\u0259ri il\u0259 dil bacar\u0131qlar\u0131n\u0131z\u0131 art\u0131r\u0131n. C\u00fcml\u0259 qurulu\u015funun \u0259saslar\u0131na, fel n\u00fcmun\u0259l\u0259rin\u0259 v\u0259 \u0259sas qrammatik qaydalara dal\u0131n. Anlay\u0131\u015f\u0131n\u0131z\u0131 g\u00fccl\u0259ndirm\u0259k \u00fc\u00e7\u00fcn haz\u0131rlanm\u0131\u015f interaktiv m\u0259\u015fql\u0259rl\u0259 \u00f6yr\u0259ndikl\u0259rinizi t\u0259tbiq edin. Bu g\u00fcn suahili qrammatikas\u0131n\u0131 m\u0259nims\u0259m\u0259y\u0259 ba\u015flay\u0131n v\u0259 daha inaml\u0131 \u00fcnsiyy\u0259t qurun!<\/p>\r\n\r\n                            <a class=\"getStartedHidden\" href=\"https:\/\/app.talkpal.ai\/signup?lng=\">Ba\u015fla<\/a>\r\n        \r\n    <\/div>\r\n\r\n    <figure>\r\n    <img decoding=\"async\" width=\"768\" height=\"768\" src=\"https:\/\/talkpal.ai\/wp-content\/uploads\/2023\/06\/Swahili-768x768.png\" class=\"languageImage no-lazy\" alt=\"Secrets to master language learning\" fetchpriority=\"high\" sizes=\"(max-width: 768px) 150px, 768px\" srcset=\"https:\/\/talkpal.ai\/wp-content\/uploads\/2023\/06\/Swahili-768x768.png 768w, https:\/\/talkpal.ai\/wp-content\/uploads\/2023\/06\/Swahili-300x300.png 300w\" \/>\r\n    \r\n\r\n    <\/figure>\r\n\r\n            <a class=\"getStartedVisible\" href=\"https:\/\/app.talkpal.ai\/signup?lng=\">Ba\u015fla<\/a>\r\n    \r\n<\/section>\r\n<section class=\"promotionalBanner\">\r\n    <p class=\"promotionalText\">Dil \u00f6yr\u0259nm\u0259yin \u0259n t\u0259sirli yolu<\/p>\r\n    <a class=\"promotionalLink\" href=\"https:\/\/app.talkpal.ai\/signup?lng=\">Talkpal pulsuz s\u0131nay\u0131n<\/a>\r\n<\/section>\n<div class=\"wp-block-group pageContainerStyle\"><div class=\"wp-block-group__inner-container is-layout-constrained wp-block-group-is-layout-constrained\">\n<h2 class=\"wp-block-heading\" id=\"h-swahili-grammar-demystifying-the-linguistic-adventure\">Svahili Qrammatikas\u0131: Dil mac\u0259ras\u0131n\u0131n demystifikasiyas\u0131<\/h2>\n\n\n\n<p>Suahili qrammatikas\u0131 \u2013 c\u0259lbedici, lakin m\u00fc\u0259mmal\u0131, ax\u0131c\u0131, lakin maraql\u0131, canl\u0131, lakin valehedici. <a href=\"https:\/\/talkpal.ai\/learn-swahili\/\">Svahili<\/a> dilin\u0259 dil s\u0259yah\u0259tin\u0259 ba\u015flayark\u0259n maraql\u0131 v\u0259 qeyri-m\u00fc\u0259yy\u0259nlik qar\u0131\u015f\u0131\u011f\u0131 il\u0259 qar\u015f\u0131la\u015fa bil\u0259rsiniz. Fret deyil, fellow language fanatics! Biz siz\u0259 bu maraql\u0131 linqvistik sularda s\u0259yah\u0259t etm\u0259y\u0259 k\u00f6m\u0259k etm\u0259k \u00fc\u00e7\u00fcn buraday\u0131q!<\/p>\n\n\n\n<p>Bu m\u0259qal\u0259d\u0259 biz Svahili qrammatikas\u0131 haqq\u0131nda \u0259trafl\u0131 m\u0259lumat ver\u0259c\u0259k, \u0259sas komponentl\u0259ri ara\u015fd\u0131racaq, izahat v\u0259 n\u00fcmun\u0259l\u0259r t\u0259qdim ed\u0259c\u0259k, inc\u0259likl\u0259rin sad\u0259l\u0259\u015fdirilm\u0259sini t\u0259min ed\u0259c\u0259yik. Bel\u0259likl\u0259, g\u0259lin suahili dilinin sehrini a\u00e7\u0131b onun qrammatikas\u0131n\u0131n sirl\u0259rini a\u00e7aq!<\/p>\n\n\n\n<h3 class=\"wp-block-heading\" id=\"h-1-noun-classes-from-people-to-abstract-ideas\">1. Noun sinifl\u0259ri. \u0130nsanlardan abstrakt fikirl\u0259r\u0259<\/h3>\n\n\n\n<p>Svahili qrammatikas\u0131 \u00f6z\u00fcn\u0259m\u0259xsus eyni anda z\u0259ruri noun klassifikasiya sistemi \u0259traf\u0131nda d\u00f6vr edir. Nounlar \u00f6z m\u0259na v\u0259 ya xarakteristikalar\u0131 \u0259sas\u0131nda m\u00fcxt\u0259lif sinifl\u0259r\u0259 t\u0259\u015fkil olunur v\u0259 h\u0259r bir sinfin spesifik prefiksi vard\u0131r. Bu, qorxulu g\u00f6r\u00fcns\u0259 d\u0259, isiml\u0259r, sif\u0259tl\u0259r v\u0259 feill\u0259r aras\u0131nda raz\u0131l\u0131\u011fa g\u0259lm\u0259k olduqca vacibdir.<\/p>\n\n\n\n<p>Bu prosesi sad\u0259l\u0259\u015fdirm\u0259k \u00fc\u00e7\u00fcn, \u0259n \u00fcmumi noun sinifl\u0259rin\u0259 diqq\u0259t yetirm\u0259kl\u0259 ba\u015flay\u0131n:<\/p>\n\n\n\n<p><strong>\u2013 1-ci sinif: \u0130nsanlar (m\u0259s\u0259l\u0259n, mtu \u2013 \u015f\u0259xs)<\/strong><\/p>\n\n\n\n<p><strong>\u2013 2-ci sinif: 1-ci sinif isiml\u0259rinin c\u0259m hallar\u0131 (m\u0259s\u0259l\u0259n, watu \u2013 insanlar)<\/strong><\/p>\n\n\n\n<p><strong>\u2013 3-c\u00fc sinif: A\u011faclar, bitkil\u0259r v\u0259 m\u00fcc\u0259rr\u0259d isiml\u0259r (m\u0259s\u0259l\u0259n, mti \u2013 a\u011fac)<\/strong><\/p>\n\n\n\n<p><strong>\u2013 4-c\u00fc sinif: Cans\u0131z cisiml\u0259r v\u0259 m\u00fcc\u0259rr\u0259d isiml\u0259r (m\u0259s\u0259l\u0259n, kiti \u2013 stul)<\/strong><\/p>\n\n\n\n<p>Unutma ki, m\u0259\u015fql\u0259r m\u00fck\u0259mm\u0259ll\u0259\u015fir v\u0259 vaxt ke\u00e7dikc\u0259 adi sinifl\u0259ri ba\u015fa d\u00fc\u015fm\u0259k asanla\u015f\u0131r!<\/p>\n\n\n\n<h3 class=\"wp-block-heading\" id=\"h-2-adjectives-from-basic-to-intricate-agreement\">2. Adjectives: \u018fsasdan m\u00fcr\u0259kk\u0259b m\u00fcqavil\u0259<\/h3>\n\n\n\n<p>Svahilid\u0259ki adjectives, d\u0259yi\u015fdirdikl\u0259ri noun sinfi v\u0259 say\u0131 il\u0259 raz\u0131la\u015f\u0131r. N\u0259tic\u0259d\u0259, adjectives m\u00fcxt\u0259lif noun sinifl\u0259rin\u0259 uy\u011fun olan bir ne\u00e7\u0259 prefiks var. Xo\u015f x\u0259b\u0259r odur ki, bir \u00e7ox adjectives eyni k\u00f6k s\u00f6z\u00fcn\u00fc b\u00f6l\u00fc\u015f\u00fcr, bu da onlar\u0131 daha \u00e7ox \u00f6yr\u0259nm\u0259y\u0259 m\u00fcv\u0259ff\u0259q edir.<\/p>\n\n\n\n<p>M\u0259s\u0259l\u0259n, \u201c-refu\u201d k\u00f6k\u00fc \u201cuzun\u201d dem\u0259kdir. \u0130sim sinfind\u0259n as\u0131l\u0131 olaraq \u201cmrefu\u201d (1-ci sinif), \u201cwazuri\u201d (2-ci sinif), \u201cjurefu\u201d (3-c\u00fc sinif) v\u0259 s. Praktikada adjective-noun raz\u0131la\u015fmas\u0131n\u0131 \u0259ld\u0259 etm\u0259k bir k\u00fcl\u0259k olacaq!<\/p>\n\n\n\n<h3 class=\"wp-block-heading\" id=\"h-3-verbs-tense-subject-and-object\">3. Feill\u0259r: g\u0259rgin, tabeli v\u0259 \u0259\u015fyal\u0131<\/h3>\n\n\n\n<p>Svahili feill\u0259ri keyfiyy\u0259tli \u0130sve\u00e7r\u0259 Ordusu b\u0131\u00e7aqlar\u0131 kimidir, kompakt \u015f\u0259kild\u0259 g\u0259rgin, m\u00f6vzu v\u0259 \u0259\u015fya, ham\u0131s\u0131 bir s\u0259liq\u0259li paketd\u0259 \u00e7atd\u0131r\u0131l\u0131r. G\u0259rginlik feil k\u00f6k\u00fcn\u0259 g\u0259rgin i\u015far\u0259l\u0259r yap\u0131\u015fd\u0131rmaqla yaran\u0131r, m\u00f6vzu v\u0259 obyekt i\u015far\u0259l\u0259ri is\u0259 aksiyada kimin i\u015ftirak etdiyini ifad\u0259 edir.<\/p>\n\n\n\n<p>M\u0259s\u0259l\u0259n, \u201c-soma\u201d k\u00f6k\u00fc \u201coxumaq\u201d dem\u0259kdir. M\u00fcxt\u0259lif prefiksl\u0259r v\u0259 \u015f\u0259kil\u00e7il\u0259r \u0259lav\u0259 etm\u0259kl\u0259 siz \u00e7oxsayl\u0131 variasiyalar yarada bil\u0259rsiniz: \u201canasoma\u201d (o oxuyur), \u201calisoma\u201d (oxuyur) v\u0259 ya \u201catasoma\u201d (o oxuyacaq).<\/p>\n\n\n\n<h3 class=\"wp-block-heading\" id=\"h-4-word-order-subject-verb-object-for-clarity\">4. S\u00f6z s\u0131ras\u0131. Ayd\u0131nl\u0131q \u00fc\u00e7\u00fcn m\u00f6vzu-verb-obyekt<\/h3>\n\n\n\n<p>Svahili sad\u0259, eyni zamanda ayd\u0131n Subject-Verb-Object (SVO) s\u00f6z sifari\u015fini izl\u0259yir. \u0130ngilis dilin\u0259 b\u0259nz\u0259r bu s\u00f6z s\u0131ras\u0131 c\u00fcml\u0259 tikintisini daha az qorxudur. M\u0259s\u0259l\u0259n, \u201cMwanafunzi anasoma kitabu\u201d birba\u015fa \u201cT\u0259l\u0259b\u0259 (m\u00f6vzu) oxuyur (fel) kitab\u0131 (obyekt)\u201d kimi t\u0259rc\u00fcm\u0259 edir.<\/p>\n\n\n\n<h3 class=\"wp-block-heading\" id=\"h-5-embrace-the-challenges-practice-is-key\">5. \u00c7\u0259tinlikl\u0259ri q\u0259bul edin. Praktika \u0259sasd\u0131r<\/h3>\n\n\n\n<p>Svahili qrammatikas\u0131na dalmaq \u0259vv\u0259lc\u0259 bir az \u00fcst-\u00fcst\u0259 d\u00fc\u015f\u0259 bil\u0259r. Lakin unutmay\u0131n ki, s\u0259bir, s\u0259bir v\u0259 \u0259zmkarl\u0131q m\u00fcv\u0259ff\u0259qiyy\u0259tin a\u00e7ar\u0131d\u0131r. Qavray\u0131c\u0131l\u0131\u011f\u0131n\u0131z\u0131 v\u0259 \u0259minliyiniz inki\u015faf etdirm\u0259k \u00fc\u00e7\u00fcn oxumaqla, yazmaqla, qulaq asmaqla v\u0259 dan\u0131\u015fmaqla dill\u0259 m\u0259\u015f\u011ful olun.<\/p>\n\n\n\n<p>Svahili qrammatikan\u0131n m\u00f6c\u00fcz\u0259l\u0259rini t\u0259dqiq etm\u0259y\u0259 haz\u0131rs\u0131n\u0131zm\u0131? Onun inc\u0259likl\u0259rini qucaqlay\u0131n, n\u00fcanslar\u0131 dad\u0131n. Unutmay\u0131n ki, h\u0259sr v\u0259 \u015f\u00f6vql\u0259 Svahili dilinin \u0259sl g\u00f6z\u0259lliyini a\u00e7a bil\u0259rsiniz. Bahati njema! (Nu\u015f olsun!)<\/p>\n<\/div><\/div>\n\r\n<section class=\"learnNavigationSection\">\r\n            \r\n        <a href=\"https:\/\/talkpal.ai\/az\/svahili-oyr%c9%99n\/\">\r\n            <div class=\"learnNavigationWrapper\">\r\n                <div class=\"learnNavigationContent\">\r\n                    <img decoding=\"async\" src=\"https:\/\/talkpal.ai\/wp-content\/uploads\/2024\/08\/Swahili.jpg\" alt=\"Kenya and Tanzania Flags\">\r\n                    <div>\r\n                        <h4>Suahili \u00d6yr\u0259nm\u0259 Haqq\u0131nda<\/h4>\r\n                        <p>Svahili qrammatikas\u0131 haqq\u0131nda h\u0259r \u015feyi \u00f6yr\u0259nin .<\/p>\r\n                    <\/div>\r\n                <\/div>\r\n            <\/div>\r\n        <\/a>\r\n\r\n        \r\n        <a href=\"https:\/\/talkpal.ai\/az\/svahili-qrammatika-m%c9%99sql%c9%99ri\/\">\r\n            <div class=\"learnNavigationWrapper\">\r\n                <div class=\"learnNavigationContent\">\r\n                    <img decoding=\"async\" src=\"https:\/\/talkpal.ai\/wp-content\/uploads\/2024\/08\/Swahili.jpg\" alt=\"Kenya and Tanzania Flags\">\r\n                    <div>\r\n                        <h4>Suahili Qrammatikas\u0131 M\u0259\u015fqi<\/h4>\r\n                        <p>Svahili qrammatikas\u0131 praktik.<\/p>\r\n                    <\/div>\r\n                <\/div>\r\n            <\/div>\r\n        <\/a>\r\n\r\n        \r\n        <a href=\"https:\/\/talkpal.ai\/vocabulary_language\/swahili\/\">\r\n            <div class=\"learnNavigationWrapper\">\r\n                <div class=\"learnNavigationContent\">\r\n                    <img decoding=\"async\" src=\"https:\/\/talkpal.ai\/wp-content\/uploads\/2024\/08\/Swahili.jpg\" alt=\"Kenya and Tanzania Flags\">\r\n                    <div>\r\n                        <h4>Suahili l\u00fc\u011f\u0259ti<\/h4>\r\n                        <p>Suahili l\u00fc\u011f\u0259tinizi geni\u015fl\u0259ndirin.<\/p>\r\n                    <\/div>\r\n                <\/div>\r\n            <\/div>\r\n        <\/a>\r\n\r\n            <\/section>","protected":false},"excerpt":{"rendered":"<p>Svahili Qrammatikas\u0131: Dil mac\u0259ras\u0131n\u0131n demystifikasiyas\u0131 Suahili qrammatikas\u0131 \u2013 c\u0259lbedici, lakin m\u00fc\u0259mmal\u0131, ax\u0131c\u0131, lakin maraql\u0131, canl\u0131, lakin valehedici. Svahili dilin\u0259 dil s\u0259yah\u0259tin\u0259 ba\u015flayark\u0259n maraql\u0131 v\u0259 qeyri-m\u00fc\u0259yy\u0259nlik qar\u0131\u015f\u0131\u011f\u0131 il\u0259 qar\u015f\u0131la\u015fa bil\u0259rsiniz. Fret deyil, fellow language fanatics! Biz siz\u0259 bu maraql\u0131 linqvistik sularda s\u0259yah\u0259t etm\u0259y\u0259 k\u00f6m\u0259k etm\u0259k \u00fc\u00e7\u00fcn buraday\u0131q! Bu m\u0259qal\u0259d\u0259 biz Svahili qrammatikas\u0131 haqq\u0131nda \u0259trafl\u0131 m\u0259lumat ver\u0259c\u0259k, [&hellip;]<\/p>\n","protected":false},"author":1,"featured_media":119391,"parent":0,"menu_order":0,"comment_status":"closed","ping_status":"closed","template":"LearningContentPage.php","meta":{"_acf_changed":false,"footnotes":""},"class_list":["post-153753","page","type-page","status-publish","has-post-thumbnail","hentry"],"acf":[],"yoast_head":"<!-- This site is optimized with the Yoast SEO Premium plugin v27.2 (Yoast SEO v27.2) - https:\/\/yoast.com\/product\/yoast-seo-premium-wordpress\/ -->\n<title>Svahili qrammatikas\u0131 - Talkpal<\/title>\n<meta name=\"description\" content=\"H\u0259rt\u0259r\u0259fli b\u0259l\u0259d\u00e7imizl\u0259 suahili qrammatikas\u0131n\u0131n sirl\u0259rini a\u00e7\u0131n! Onun unikal isim sinifl\u0259rini v\u0259 \u0259sas komponentl\u0259rini k\u0259\u015ff edin.\" \/>\n<meta name=\"robots\" content=\"index, follow, max-snippet:-1, max-image-preview:large, max-video-preview:-1\" \/>\n<link rel=\"canonical\" href=\"https:\/\/talkpal.ai\/az\/svahili-qrammatikasi\/\" \/>\n<meta property=\"og:locale\" content=\"az_AZ\" \/>\n<meta property=\"og:type\" content=\"article\" \/>\n<meta property=\"og:title\" content=\"Svahili qrammatikas\u0131\" \/>\n<meta property=\"og:description\" content=\"Svahili Qrammatikas\u0131: Dil mac\u0259ras\u0131n\u0131n demystifikasiyas\u0131 Suahili qrammatikas\u0131 \u2013 c\u0259lbedici, lakin m\u00fc\u0259mmal\u0131, ax\u0131c\u0131, lakin maraql\u0131, canl\u0131, lakin valehedici.\" \/>\n<meta property=\"og:url\" content=\"https:\/\/talkpal.ai\/az\/svahili-qrammatikasi\/\" \/>\n<meta property=\"og:site_name\" content=\"Talkpal\" \/>\n<meta property=\"article:publisher\" content=\"https:\/\/www.facebook.com\/profile.php?id=100090733639311\" \/>\n<meta property=\"article:modified_time\" content=\"2025-12-13T15:55:14+00:00\" \/>\n<meta property=\"og:image\" content=\"https:\/\/talkpal.ai\/wp-content\/uploads\/2023\/05\/Swahili-tanzania.png\" \/>\n\t<meta property=\"og:image:width\" content=\"512\" \/>\n\t<meta property=\"og:image:height\" content=\"512\" \/>\n\t<meta property=\"og:image:type\" content=\"image\/png\" \/>\n<meta name=\"twitter:card\" content=\"summary_large_image\" \/>\n<meta name=\"twitter:site\" content=\"@talkpalai\" \/>\n<meta name=\"twitter:label1\" content=\"Est. reading time\" \/>\n\t<meta name=\"twitter:data1\" content=\"4 minutes\" \/>\n<script type=\"application\/ld+json\" class=\"yoast-schema-graph\">{\"@context\":\"https:\/\/schema.org\",\"@graph\":[{\"@type\":\"WebPage\",\"@id\":\"https:\/\/talkpal.ai\/az\/svahili-qrammatikasi\/\",\"url\":\"https:\/\/talkpal.ai\/az\/svahili-qrammatikasi\/\",\"name\":\"Svahili qrammatikas\u0131 - Talkpal\",\"isPartOf\":{\"@id\":\"https:\/\/talkpal.ai\/az\/#website\"},\"primaryImageOfPage\":{\"@id\":\"https:\/\/talkpal.ai\/az\/svahili-qrammatikasi\/#primaryimage\"},\"image\":{\"@id\":\"https:\/\/talkpal.ai\/az\/svahili-qrammatikasi\/#primaryimage\"},\"thumbnailUrl\":\"https:\/\/talkpal.ai\/wp-content\/uploads\/2023\/05\/Swahili-tanzania.png\",\"datePublished\":\"2023-05-14T14:25:05+00:00\",\"dateModified\":\"2025-12-13T15:55:14+00:00\",\"description\":\"H\u0259rt\u0259r\u0259fli b\u0259l\u0259d\u00e7imizl\u0259 suahili qrammatikas\u0131n\u0131n sirl\u0259rini a\u00e7\u0131n! Onun unikal isim sinifl\u0259rini v\u0259 \u0259sas komponentl\u0259rini k\u0259\u015ff edin.\",\"breadcrumb\":{\"@id\":\"https:\/\/talkpal.ai\/az\/svahili-qrammatikasi\/#breadcrumb\"},\"inLanguage\":\"az\",\"potentialAction\":[{\"@type\":\"ReadAction\",\"target\":[\"https:\/\/talkpal.ai\/az\/svahili-qrammatikasi\/\"]}]},{\"@type\":\"ImageObject\",\"inLanguage\":\"az\",\"@id\":\"https:\/\/talkpal.ai\/az\/svahili-qrammatikasi\/#primaryimage\",\"url\":\"https:\/\/talkpal.ai\/wp-content\/uploads\/2023\/05\/Swahili-tanzania.png\",\"contentUrl\":\"https:\/\/talkpal.ai\/wp-content\/uploads\/2023\/05\/Swahili-tanzania.png\",\"width\":512,\"height\":512},{\"@type\":\"BreadcrumbList\",\"@id\":\"https:\/\/talkpal.ai\/az\/svahili-qrammatikasi\/#breadcrumb\",\"itemListElement\":[{\"@type\":\"ListItem\",\"position\":1,\"name\":\"Homepage\",\"item\":\"https:\/\/talkpal.ai\/az\/\"},{\"@type\":\"ListItem\",\"position\":2,\"name\":\"Svahili qrammatikas\u0131\"}]},{\"@type\":\"WebSite\",\"@id\":\"https:\/\/talkpal.ai\/az\/#website\",\"url\":\"https:\/\/talkpal.ai\/az\/\",\"name\":\"Talkpal\",\"description\":\"AI Language Learning\",\"publisher\":{\"@id\":\"https:\/\/talkpal.ai\/az\/#organization\"},\"alternateName\":\"Talkpal AI\",\"potentialAction\":[{\"@type\":\"SearchAction\",\"target\":{\"@type\":\"EntryPoint\",\"urlTemplate\":\"https:\/\/talkpal.ai\/az\/?s={search_term_string}\"},\"query-input\":{\"@type\":\"PropertyValueSpecification\",\"valueRequired\":true,\"valueName\":\"search_term_string\"}}],\"inLanguage\":\"az\"},{\"@type\":\"Organization\",\"@id\":\"https:\/\/talkpal.ai\/az\/#organization\",\"name\":\"Talkpal, Inc.\",\"alternateName\":\"Talkpal AI\",\"url\":\"https:\/\/talkpal.ai\/az\/\",\"logo\":{\"@type\":\"ImageObject\",\"inLanguage\":\"az\",\"@id\":\"https:\/\/talkpal.ai\/az\/#\/schema\/logo\/image\/\",\"url\":\"https:\/\/talkpal.ai\/wp-content\/uploads\/2024\/03\/Talkpal-Logo-Icon.png\",\"contentUrl\":\"https:\/\/talkpal.ai\/wp-content\/uploads\/2024\/03\/Talkpal-Logo-Icon.png\",\"width\":2880,\"height\":2880,\"caption\":\"Talkpal, Inc.\"},\"image\":{\"@id\":\"https:\/\/talkpal.ai\/az\/#\/schema\/logo\/image\/\"},\"sameAs\":[\"https:\/\/www.facebook.com\/profile.php?id=100090733639311\",\"https:\/\/x.com\/talkpalai\",\"https:\/\/www.linkedin.com\/company\/talkpal\/\",\"https:\/\/www.youtube.com\/@TalkPal\/\",\"https:\/\/www.tiktok.com\/@talkpal\",\"https:\/\/www.instagram.com\/talkpal_ai\/\",\"https:\/\/www.crunchbase.com\/organization\/talkpal-9cde\",\"https:\/\/www.g2.com\/products\/talkpal-for-business\/\",\"https:\/\/www.trustpilot.com\/review\/talkpal.ai\",\"https:\/\/www.capterra.com\/p\/10006800\/TalkPal\/\"],\"description\":\"Talkpal is a language learning web and mobile education app, powered by the latest AI technologies, that provides engaging experiences to its customers in many different languages to help them improve their language skills. Users can chat about unlimited amount of topics with the app and use other modes to practice their language learning.\",\"email\":\"support@talkpal.ai\",\"legalName\":\"Talkpal, Inc.\",\"foundingDate\":\"2023-04-03\",\"duns\":\"118989042\",\"numberOfEmployees\":{\"@type\":\"QuantitativeValue\",\"minValue\":\"11\",\"maxValue\":\"50\"},\"publishingPrinciples\":\"https:\/\/talkpal.ai\/publishing-principles\/\",\"actionableFeedbackPolicy\":\"https:\/\/talkpal.ai\/actionable-feedback-policy\/\",\"correctionsPolicy\":\"https:\/\/talkpal.ai\/corrections-policy\/\",\"ethicsPolicy\":\"https:\/\/talkpal.ai\/ethics-policy\/\",\"diversityPolicy\":\"https:\/\/talkpal.ai\/diversity-policy\/\",\"diversityStaffingReport\":\"https:\/\/talkpal.ai\/diversity-policy\/\"}]}<\/script>\n<!-- \/ Yoast SEO Premium plugin. -->","yoast_head_json":{"title":"Svahili qrammatikas\u0131 - Talkpal","description":"H\u0259rt\u0259r\u0259fli b\u0259l\u0259d\u00e7imizl\u0259 suahili qrammatikas\u0131n\u0131n sirl\u0259rini a\u00e7\u0131n! Onun unikal isim sinifl\u0259rini v\u0259 \u0259sas komponentl\u0259rini k\u0259\u015ff edin.","robots":{"index":"index","follow":"follow","max-snippet":"max-snippet:-1","max-image-preview":"max-image-preview:large","max-video-preview":"max-video-preview:-1"},"canonical":"https:\/\/talkpal.ai\/az\/svahili-qrammatikasi\/","og_locale":"az_AZ","og_type":"article","og_title":"Svahili qrammatikas\u0131","og_description":"Svahili Qrammatikas\u0131: Dil mac\u0259ras\u0131n\u0131n demystifikasiyas\u0131 Suahili qrammatikas\u0131 \u2013 c\u0259lbedici, lakin m\u00fc\u0259mmal\u0131, ax\u0131c\u0131, lakin maraql\u0131, canl\u0131, lakin valehedici.","og_url":"https:\/\/talkpal.ai\/az\/svahili-qrammatikasi\/","og_site_name":"Talkpal","article_publisher":"https:\/\/www.facebook.com\/profile.php?id=100090733639311","article_modified_time":"2025-12-13T15:55:14+00:00","og_image":[{"width":512,"height":512,"url":"https:\/\/talkpal.ai\/wp-content\/uploads\/2023\/05\/Swahili-tanzania.png","type":"image\/png"}],"twitter_card":"summary_large_image","twitter_site":"@talkpalai","twitter_misc":{"Est. reading time":"4 minutes"},"schema":{"@context":"https:\/\/schema.org","@graph":[{"@type":"WebPage","@id":"https:\/\/talkpal.ai\/az\/svahili-qrammatikasi\/","url":"https:\/\/talkpal.ai\/az\/svahili-qrammatikasi\/","name":"Svahili qrammatikas\u0131 - Talkpal","isPartOf":{"@id":"https:\/\/talkpal.ai\/az\/#website"},"primaryImageOfPage":{"@id":"https:\/\/talkpal.ai\/az\/svahili-qrammatikasi\/#primaryimage"},"image":{"@id":"https:\/\/talkpal.ai\/az\/svahili-qrammatikasi\/#primaryimage"},"thumbnailUrl":"https:\/\/talkpal.ai\/wp-content\/uploads\/2023\/05\/Swahili-tanzania.png","datePublished":"2023-05-14T14:25:05+00:00","dateModified":"2025-12-13T15:55:14+00:00","description":"H\u0259rt\u0259r\u0259fli b\u0259l\u0259d\u00e7imizl\u0259 suahili qrammatikas\u0131n\u0131n sirl\u0259rini a\u00e7\u0131n! Onun unikal isim sinifl\u0259rini v\u0259 \u0259sas komponentl\u0259rini k\u0259\u015ff edin.","breadcrumb":{"@id":"https:\/\/talkpal.ai\/az\/svahili-qrammatikasi\/#breadcrumb"},"inLanguage":"az","potentialAction":[{"@type":"ReadAction","target":["https:\/\/talkpal.ai\/az\/svahili-qrammatikasi\/"]}]},{"@type":"ImageObject","inLanguage":"az","@id":"https:\/\/talkpal.ai\/az\/svahili-qrammatikasi\/#primaryimage","url":"https:\/\/talkpal.ai\/wp-content\/uploads\/2023\/05\/Swahili-tanzania.png","contentUrl":"https:\/\/talkpal.ai\/wp-content\/uploads\/2023\/05\/Swahili-tanzania.png","width":512,"height":512},{"@type":"BreadcrumbList","@id":"https:\/\/talkpal.ai\/az\/svahili-qrammatikasi\/#breadcrumb","itemListElement":[{"@type":"ListItem","position":1,"name":"Homepage","item":"https:\/\/talkpal.ai\/az\/"},{"@type":"ListItem","position":2,"name":"Svahili qrammatikas\u0131"}]},{"@type":"WebSite","@id":"https:\/\/talkpal.ai\/az\/#website","url":"https:\/\/talkpal.ai\/az\/","name":"Talkpal","description":"AI Language Learning","publisher":{"@id":"https:\/\/talkpal.ai\/az\/#organization"},"alternateName":"Talkpal AI","potentialAction":[{"@type":"SearchAction","target":{"@type":"EntryPoint","urlTemplate":"https:\/\/talkpal.ai\/az\/?s={search_term_string}"},"query-input":{"@type":"PropertyValueSpecification","valueRequired":true,"valueName":"search_term_string"}}],"inLanguage":"az"},{"@type":"Organization","@id":"https:\/\/talkpal.ai\/az\/#organization","name":"Talkpal, Inc.","alternateName":"Talkpal AI","url":"https:\/\/talkpal.ai\/az\/","logo":{"@type":"ImageObject","inLanguage":"az","@id":"https:\/\/talkpal.ai\/az\/#\/schema\/logo\/image\/","url":"https:\/\/talkpal.ai\/wp-content\/uploads\/2024\/03\/Talkpal-Logo-Icon.png","contentUrl":"https:\/\/talkpal.ai\/wp-content\/uploads\/2024\/03\/Talkpal-Logo-Icon.png","width":2880,"height":2880,"caption":"Talkpal, Inc."},"image":{"@id":"https:\/\/talkpal.ai\/az\/#\/schema\/logo\/image\/"},"sameAs":["https:\/\/www.facebook.com\/profile.php?id=100090733639311","https:\/\/x.com\/talkpalai","https:\/\/www.linkedin.com\/company\/talkpal\/","https:\/\/www.youtube.com\/@TalkPal\/","https:\/\/www.tiktok.com\/@talkpal","https:\/\/www.instagram.com\/talkpal_ai\/","https:\/\/www.crunchbase.com\/organization\/talkpal-9cde","https:\/\/www.g2.com\/products\/talkpal-for-business\/","https:\/\/www.trustpilot.com\/review\/talkpal.ai","https:\/\/www.capterra.com\/p\/10006800\/TalkPal\/"],"description":"Talkpal is a language learning web and mobile education app, powered by the latest AI technologies, that provides engaging experiences to its customers in many different languages to help them improve their language skills. Users can chat about unlimited amount of topics with the app and use other modes to practice their language learning.","email":"support@talkpal.ai","legalName":"Talkpal, Inc.","foundingDate":"2023-04-03","duns":"118989042","numberOfEmployees":{"@type":"QuantitativeValue","minValue":"11","maxValue":"50"},"publishingPrinciples":"https:\/\/talkpal.ai\/publishing-principles\/","actionableFeedbackPolicy":"https:\/\/talkpal.ai\/actionable-feedback-policy\/","correctionsPolicy":"https:\/\/talkpal.ai\/corrections-policy\/","ethicsPolicy":"https:\/\/talkpal.ai\/ethics-policy\/","diversityPolicy":"https:\/\/talkpal.ai\/diversity-policy\/","diversityStaffingReport":"https:\/\/talkpal.ai\/diversity-policy\/"}]}},"_links":{"self":[{"href":"https:\/\/talkpal.ai\/az\/wp-json\/wp\/v2\/pages\/153753","targetHints":{"allow":["GET"]}}],"collection":[{"href":"https:\/\/talkpal.ai\/az\/wp-json\/wp\/v2\/pages"}],"about":[{"href":"https:\/\/talkpal.ai\/az\/wp-json\/wp\/v2\/types\/page"}],"author":[{"embeddable":true,"href":"https:\/\/talkpal.ai\/az\/wp-json\/wp\/v2\/users\/1"}],"replies":[{"embeddable":true,"href":"https:\/\/talkpal.ai\/az\/wp-json\/wp\/v2\/comments?post=153753"}],"version-history":[{"count":0,"href":"https:\/\/talkpal.ai\/az\/wp-json\/wp\/v2\/pages\/153753\/revisions"}],"wp:featuredmedia":[{"embeddable":true,"href":"https:\/\/talkpal.ai\/az\/wp-json\/wp\/v2\/media\/119391"}],"wp:attachment":[{"href":"https:\/\/talkpal.ai\/az\/wp-json\/wp\/v2\/media?parent=153753"}],"curies":[{"name":"wp","href":"https:\/\/api.w.org\/{rel}","templated":true}]}}