{"id":153447,"date":"2023-05-14T14:24:42","date_gmt":"2023-05-14T14:24:42","guid":{"rendered":"http:\/\/talkpal.ai\/tay-dili-qrammatikasi\/"},"modified":"2025-12-13T15:49:30","modified_gmt":"2025-12-13T15:49:30","slug":"tay-dili-qrammatikasi","status":"publish","type":"page","link":"https:\/\/talkpal.ai\/az\/tay-dili-qrammatikasi\/","title":{"rendered":"Tay dili Qrammatikas\u0131"},"content":{"rendered":"\r\n\r\n\r\n<section class=\"languageChallengeSection\">\r\n    <div class=\"languageInfoWrapper\">\r\n        \r\n        <h1>Tay dili Qrammatikas\u0131<\/h1>\r\n        <p><a href=\"https:\/\/talkpal.ai\/learn-thai\/\">Tay<\/a> dilinin qrammatikas\u0131n\u0131 \u00f6yr\u0259nin v\u0259 h\u0259m m\u0259ntiqi, h\u0259m d\u0259 ifad\u0259li dilin g\u00f6z\u0259lliyini hiss edin. S\u0259yah\u0259tiniz\u0259 ba\u015flay\u0131n v\u0259 f\u00fcsunkar d\u00fc\u015f\u00fcnc\u0259 v\u0259 dan\u0131\u015f\u0131q t\u0259rzin\u0259 qap\u0131 a\u00e7\u0131n!<\/p>\r\n\r\n                            <a class=\"getStartedHidden\" href=\"https:\/\/app.talkpal.ai\/signup?lng=\">Ba\u015fla<\/a>\r\n        \r\n    <\/div>\r\n\r\n    <figure>\r\n    <img decoding=\"async\" width=\"768\" height=\"768\" src=\"https:\/\/talkpal.ai\/wp-content\/uploads\/2023\/06\/thai-768x768.png\" class=\"languageImage no-lazy\" alt=\"Language learning for improved thought process\" fetchpriority=\"high\" sizes=\"(max-width: 768px) 150px, 768px\" srcset=\"https:\/\/talkpal.ai\/wp-content\/uploads\/2023\/06\/thai-768x768.png 768w, https:\/\/talkpal.ai\/wp-content\/uploads\/2023\/06\/thai-300x300.png 300w\" \/>\r\n    \r\n\r\n    <\/figure>\r\n\r\n            <a class=\"getStartedVisible\" href=\"https:\/\/app.talkpal.ai\/signup?lng=\">Ba\u015fla<\/a>\r\n    \r\n<\/section>\r\n<section class=\"promotionalBanner\">\r\n    <p class=\"promotionalText\">Dil \u00f6yr\u0259nm\u0259yin \u0259n t\u0259sirli yolu<\/p>\r\n    <a class=\"promotionalLink\" href=\"https:\/\/app.talkpal.ai\/signup?lng=\">Talkpal pulsuz s\u0131nay\u0131n<\/a>\r\n<\/section>\n<div class=\"wp-block-group pageContainerStyle\"><div class=\"wp-block-group__inner-container is-layout-constrained wp-block-group-is-layout-constrained\">\n<h2 class=\"wp-block-heading\" id=\"h-thai-grammar-exploring-a-unique-linguistic-world\">Tay dilinin qrammatikas\u0131. Qeyri-maddi dil\u00e7ilik d\u00fcnyas\u0131n\u0131n t\u0259dqiqi<\/h2>\n\n\n\n<p><a href=\"https:\/\/talkpal.ai\/thai-grammar\/\">Tay qrammatikas\u0131<\/a> &#8211; zahir\u0259n m\u00fc\u0259mmal\u0131, ekzotik v\u0259 valehedici. Tailand dilini <a href=\"https:\/\/talkpal.ai\/az\/oyr%c9%99nm%c9%99k\/\">\u00f6yr\u0259nm\u0259k<\/a> \u00fc\u00e7\u00fcn s\u0259yah\u0259t\u0259 \u00e7\u0131xanda onun qrammatikas\u0131 s\u0259ni g\u00f6zl\u0259nilm\u0259d\u0259n heyran ed\u0259 bil\u0259r. Qorxma, m\u0259nim dil\u00e7i s\u0259yyahlar\u0131m! Biz bu maraql\u0131 mac\u0259ra il\u0259 ba\u011fl\u0131 r\u0259hb\u0259rlik v\u0259 d\u0259st\u0259k t\u0259klif etm\u0259k \u00fc\u00e7\u00fcn buraday\u0131q!<\/p>\n\n\n\n<p>Bu m\u0259qal\u0259d\u0259 tay dilinin qrammatikas\u0131n\u0131n \u0259sas istiqam\u0259tl\u0259rini d\u0259rind\u0259n ara\u015fd\u0131raraq, \u0259sas anlay\u0131\u015flar\u0131 pozur, qaydalar\u0131 izah edir, h\u0259tta m\u00fcr\u0259kk\u0259bliyi sad\u0259l\u0259\u015fdiririk. <a href=\"https:\/\/talkpal.ai\/learn-thai\/\">Tayland<\/a> dilinin qrammatikas\u0131 \u00fcz\u0259rind\u0259 p\u0259rd\u0259ni qald\u0131r\u0131b bu \u0259srar\u0259ngiz unikal dil\u0259 olan h\u0259v\u0259sinizi alovland\u0131rd\u0131qca biz\u0259 qo\u015fulun!<\/p>\n\n\n\n<h3 class=\"wp-block-heading\" id=\"h-1-nouns-no-plurals-no-genders-no-worries\">1. Nouns: Plurallar, Cinsl\u0259r, Narahatl\u0131qlar!<\/h3>\n\n\n\n<p><a href=\"https:\/\/talkpal.ai\/thai-grammar\/\">Tay dilinin qrammatikas\u0131<\/a> onun sad\u0259liyi il\u0259 ba\u011fl\u0131 olur. Tay nouns cins v\u0259 pl\u00fcral formalar\u0131 yoxdur, bu onlar\u0131 istifad\u0259 v\u0259 anlamaq \u00fc\u00e7\u00fcn <a href=\"https:\/\/talkpal.ai\/locations\/learn-english-in-asan\/\">asan<\/a> edir. \u00c7oxlu\u011fu g\u00f6st\u0259rm\u0259k \u00fc\u00e7\u00fcn sad\u0259c\u0259 olaraq \u201c\u00e7ox\u201d (\u0e21\u0e32\u0e01, m\u00e2ak) v\u0259 ya \u201cb\u0259zi\u201d (\u0e1a\u0e49\u0e32\u0e07, b\u00e2ang) kimi k\u0259miyy\u0259t s\u00f6z\u00fcn\u00fc \u0259lav\u0259 edin v\u0259 ya c\u0259m m\u0259nas\u0131n\u0131 vur\u011fulamaq \u00fc\u00e7\u00fcn ismini t\u0259krarlay\u0131n.<\/p>\n\n\n\n<h3 class=\"wp-block-heading\" id=\"h-2-pronouns-choose-wisely-based-on-politeness\">2. Pronouns: N\u0259zak\u0259tliliy\u0259 \u0259saslanaraq m\u00fcdrik se\u00e7im edin<\/h3>\n\n\n\n<p>H\u00f6rm\u0259t v\u0259 t\u0259vaz\u00f6karl\u0131q g\u00f6st\u0259rm\u0259k \u00fc\u00e7\u00fcn Tay dilinin qrammatikas\u0131nda m\u00fcvafiq t\u0259l\u0259ff\u00fcz\u00fcn se\u00e7ilm\u0259si m\u00fctl\u0259qdir. Tay \u0259v\u0259zlikl\u0259ri dan\u0131\u015fan\u0131n v\u0259 dinl\u0259yicinin cinsin\u0259, ya\u015f\u0131na v\u0259 m\u00fcnasib\u0259tin\u0259 g\u00f6r\u0259 d\u0259yi\u015fir. M\u0259s\u0259l\u0259n, \u201c\u0e09\u0e31\u0e19\u201d (ch\u0103n) \u00fcmumi qeyri-r\u0259smi birinci \u015f\u0259xs \u0259v\u0259zliyidir, \u201c\u0e1c\u0e21\u201d (p\u014fm) is\u0259 daha r\u0259smi v\u0259ziyy\u0259tl\u0259rd\u0259 ki\u015fil\u0259r t\u0259r\u0259find\u0259n tez-tez istifad\u0259 olunur.<\/p>\n\n\n\n<p>N\u0259zak\u0259td\u0259 s\u0259hv etm\u0259k \u00fc\u00e7\u00fcn \u201cs\u0259n\u201d \u00fc\u00e7\u00fcn \u201c\u0e04\u0e38\u0e13\u201d (kun) v\u0259 \u201co\/olar\u201d \u00fc\u00e7\u00fcn \u201c\u0e40\u0e02\u0e32\u201d (k\u0103o) s\u00f6zl\u0259rind\u0259n istifad\u0259 edin.<\/p>\n\n\n\n<h3 class=\"wp-block-heading\" id=\"h-3-verbs-no-conjugation-or-tenses-only-particles\">3. Feill\u0259r: He\u00e7 bir konjuqasiya v\u0259 ya g\u0259rginlik, yaln\u0131z hiss\u0259cikl\u0259r<\/h3>\n\n\n\n<p>Tay dilinin qrammatikas\u0131nda feill\u0259r g\u0259rgin, \u0259hval-ruhiyy\u0259 v\u0259 m\u00f6vzudan as\u0131l\u0131 olmayaraq d\u0259yi\u015fm\u0259z olaraq qal\u0131r. Bunun yerin\u0259 Tay c\u00fcml\u0259nin g\u0259rgin v\u0259 ya tutumunu bildirm\u0259k \u00fc\u00e7\u00fcn hiss\u0259cikl\u0259r kimi tan\u0131nan sad\u0259 s\u00f6zl\u0259r\u0259 arxalan\u0131r. Bu hiss\u0259cikl\u0259r c\u00fcml\u0259nin sonunda yerl\u0259\u015fdirilir.<\/p>\n\n\n\n<p>M\u0259s\u0259l\u0259n, \u201c\u0e41\u0e25\u0e49\u0e27\u201d (l\u00e1ew) hiss\u0259ciyi ke\u00e7mi\u015f zaman\u0131 v\u0259 ya tamamlanm\u0131\u015f h\u0259r\u0259k\u0259ti g\u00f6st\u0259rir v\u0259 \u201c\u0e01\u0e33\u0e25\u0e31\u0e07\u201d (qam-lanq) davam ed\u0259n h\u0259r\u0259k\u0259tl\u0259r \u00fc\u00e7\u00fcn istifad\u0259 olunur. Buna g\u00f6r\u0259 d\u0259, \u201c\u0e40\u0e02\u0e32\u0e01\u0e34\u0e19\u201d (k\u0103o cin) \u201co yeyir\u201d dem\u0259kdir, \u201c\u0e40\u0e02\u0e32\u0e01\u0e34\u0e19\u0e41\u0e25\u0e49\u0e27\u201d (k\u0103o gin l\u00e1ew) is\u0259 \u201cyedi\u201d dem\u0259kdir.<\/p>\n\n\n\n<h3 class=\"wp-block-heading\" id=\"h-4-sentence-structure-clear-and-straightforward\">4. C\u00fcml\u0259 qurulu\u015fu. Ayd\u0131n v\u0259 d\u00fcz<\/h3>\n\n\n\n<p>Tay dilinin qrammatikas\u0131 ingilis dilin\u0259 b\u0259nz\u0259r Subject-Verb-Object (SVO) c\u00fcml\u0259 qurulu\u015fundan sonra g\u0259lir. \u0130ngilis dilind\u0259 dan\u0131\u015fanlar \u00fc\u00e7\u00fcn qavrama sad\u0259l\u0259\u015fdirilir. \u018fsas qayda odur ki, adjectives, adverbs v\u0259 dig\u0259r t\u0259svirli s\u00f6zl\u0259r onlar\u0131n t\u0259svir etdikl\u0259ri isim v\u0259 ya feild\u0259n sonra g\u0259lir.<\/p>\n\n\n\n<p>M\u0259s\u0259l\u0259n, \u201c\u0e1c\u0e21\u0e0a\u0e2d\u0e1a\u0e2b\u0e19\u0e31\u0e07\u0e2a\u0e37\u0e2d\u0e19\u0e35\u0e49\u201d (p\u014fm ch\u00e2wp n\u0103ng s\u011bu n\u00e9e) \u201cM\u0259n (m\u00f6vzu) bu kitab\u0131 (obyekt) b\u0259y\u0259nir\u0259m (fel)\u201d kimi t\u0259rc\u00fcm\u0259 edir.<\/p>\n\n\n\n<h3 class=\"wp-block-heading\" id=\"h-5-immerse-yourself-in-thai-practice-makes-perfect\">5. \u00d6z\u00fcn\u00fc Tayda bat\u0131r. Praktika m\u00fck\u0259mm\u0259ll\u0259\u015fdirir<\/h3>\n\n\n\n<p>Tay dilinin qrammatikas\u0131na yiy\u0259l\u0259nm\u0259k v\u0259 ba\u015fa d\u00fc\u015fm\u0259k \u0259vv\u0259lc\u0259 \u00e7\u0259tin g\u00f6r\u00fcn\u0259 bil\u0259r, lakin \u0259sas olan davaml\u0131l\u0131q v\u0259 ard\u0131c\u0131ll\u0131qd\u0131r. B\u00fct\u00fcn hissl\u0259rinizi dil\u0259 dald\u0131raraq, oxumaqla, yazmaqla, dinl\u0259m\u0259kl\u0259 v\u0259 do\u011fma insanlarla s\u00f6hb\u0259t etm\u0259kl\u0259 m\u0259\u015f\u011ful olun. Tay dilinin qrammatikas\u0131na n\u0259 q\u0259d\u0259r \u00e7ox m\u0259ruz qalmaq laz\u0131md\u0131rsa, bu ekzotik anlay\u0131\u015flar bir o q\u0259d\u0259r tan\u0131\u015f v\u0259 rahat hiss ed\u0259c\u0259k.<\/p>\n\n\n\n<p>B\u0259s siz Tay dilinin qrammatikas\u0131 il\u0259 ba\u011fl\u0131 maraql\u0131 d\u00fcnyaya dalma\u011fa haz\u0131rs\u0131n\u0131zm\u0131? Tay dilinin \u00e7\u0259tinliyini v\u0259 \u00f6z\u00fcn\u0259m\u0259xsus x\u00fcsusiyy\u0259tl\u0259rini q\u0259bul edin v\u0259 zaman, h\u0259sr\u0259t v\u0259 mac\u0259ra hissi il\u0259, tay dilinin tutqun g\u00f6z\u0259lliyini a\u00e7a bil\u0259rsiniz.<\/p>\n<\/div><\/div>\n\r\n<section class=\"learnNavigationSection\">\r\n            \r\n        <a href=\"https:\/\/talkpal.ai\/az\/tay-dilini-oyr%c9%99n\/\">\r\n            <div class=\"learnNavigationWrapper\">\r\n                <div class=\"learnNavigationContent\">\r\n                    <img decoding=\"async\" src=\"https:\/\/talkpal.ai\/wp-content\/uploads\/2024\/08\/Thai.jpg\" alt=\"Thai Flag\">\r\n                    <div>\r\n                        <h4>Tay dili \u00f6yr\u0259nm\u0259 haqq\u0131nda<\/h4>\r\n                        <p>Tay dili qrammatikas\u0131 haqq\u0131nda h\u0259r \u015feyi \u00f6yr\u0259nin .<\/p>\r\n                    <\/div>\r\n                <\/div>\r\n            <\/div>\r\n        <\/a>\r\n\r\n        \r\n        <a href=\"https:\/\/talkpal.ai\/az\/tay-qrammatika-m%c9%99sql%c9%99ri\/\">\r\n            <div class=\"learnNavigationWrapper\">\r\n                <div class=\"learnNavigationContent\">\r\n                    <img decoding=\"async\" src=\"https:\/\/talkpal.ai\/wp-content\/uploads\/2024\/08\/Thai.jpg\" alt=\"Thai Flag\">\r\n                    <div>\r\n                        <h4>Tay dili qrammatikas\u0131 m\u0259\u015fqi<\/h4>\r\n                        <p>Tayland dilinin qrammatikas\u0131.<\/p>\r\n                    <\/div>\r\n                <\/div>\r\n            <\/div>\r\n        <\/a>\r\n\r\n        \r\n        <a href=\"https:\/\/talkpal.ai\/vocabulary_language\/thai\/\">\r\n            <div class=\"learnNavigationWrapper\">\r\n                <div class=\"learnNavigationContent\">\r\n                    <img decoding=\"async\" src=\"https:\/\/talkpal.ai\/wp-content\/uploads\/2024\/08\/Thai.jpg\" alt=\"Thai Flag\">\r\n                    <div>\r\n                        <h4>Tay l\u00fc\u011f\u0259ti<\/h4>\r\n                        <p>Tay dili l\u00fc\u011f\u0259tinizi geni\u015fl\u0259ndirin.<\/p>\r\n                    <\/div>\r\n                <\/div>\r\n            <\/div>\r\n        <\/a>\r\n\r\n            <\/section>","protected":false},"excerpt":{"rendered":"<p>Tay dilinin qrammatikas\u0131. Qeyri-maddi dil\u00e7ilik d\u00fcnyas\u0131n\u0131n t\u0259dqiqi Tay qrammatikas\u0131 &#8211; zahir\u0259n m\u00fc\u0259mmal\u0131, ekzotik v\u0259 valehedici. Tailand dilini \u00f6yr\u0259nm\u0259k \u00fc\u00e7\u00fcn s\u0259yah\u0259t\u0259 \u00e7\u0131xanda onun qrammatikas\u0131 s\u0259ni g\u00f6zl\u0259nilm\u0259d\u0259n heyran ed\u0259 bil\u0259r. Qorxma, m\u0259nim dil\u00e7i s\u0259yyahlar\u0131m! Biz bu maraql\u0131 mac\u0259ra il\u0259 ba\u011fl\u0131 r\u0259hb\u0259rlik v\u0259 d\u0259st\u0259k t\u0259klif etm\u0259k \u00fc\u00e7\u00fcn buraday\u0131q! Bu m\u0259qal\u0259d\u0259 tay dilinin qrammatikas\u0131n\u0131n \u0259sas istiqam\u0259tl\u0259rini d\u0259rind\u0259n ara\u015fd\u0131raraq, \u0259sas [&hellip;]<\/p>\n","protected":false},"author":1,"featured_media":153452,"parent":0,"menu_order":0,"comment_status":"closed","ping_status":"closed","template":"LearningContentPage.php","meta":{"_acf_changed":false,"footnotes":""},"class_list":["post-153447","page","type-page","status-publish","has-post-thumbnail","hentry"],"acf":[],"yoast_head":"<!-- This site is optimized with the Yoast SEO Premium plugin v27.2 (Yoast SEO v27.2) - https:\/\/yoast.com\/product\/yoast-seo-premium-wordpress\/ -->\n<title>Tay dili Qrammatikas\u0131 - Talkpal<\/title>\n<meta name=\"description\" content=\"Tay qrammatikas\u0131n\u0131n f\u00fcsunkar d\u00fcnyas\u0131n\u0131 k\u0259\u015ff edin. Onun sad\u0259liyini v\u0259 \u00f6yr\u0259nm\u0259yi xo\u015f ed\u0259n unikal x\u00fcsusiyy\u0259tl\u0259rini k\u0259\u015ff edin.\" \/>\n<meta name=\"robots\" content=\"index, follow, max-snippet:-1, max-image-preview:large, max-video-preview:-1\" \/>\n<link rel=\"canonical\" href=\"https:\/\/talkpal.ai\/az\/tay-dili-qrammatikasi\/\" \/>\n<meta property=\"og:locale\" content=\"az_AZ\" \/>\n<meta property=\"og:type\" content=\"article\" \/>\n<meta property=\"og:title\" content=\"Tay dili Qrammatikas\u0131\" \/>\n<meta property=\"og:description\" content=\"Tay dilinin qrammatikas\u0131. Qeyri-maddi dil\u00e7ilik d\u00fcnyas\u0131n\u0131n t\u0259dqiqi Tay qrammatikas\u0131 - zahir\u0259n m\u00fc\u0259mmal\u0131, ekzotik v\u0259 valehedici. Tailand dilini \u00f6yr\u0259nm\u0259k \u00fc\u00e7\u00fcn\" \/>\n<meta property=\"og:url\" content=\"https:\/\/talkpal.ai\/az\/tay-dili-qrammatikasi\/\" \/>\n<meta property=\"og:site_name\" content=\"Talkpal\" \/>\n<meta property=\"article:publisher\" content=\"https:\/\/www.facebook.com\/profile.php?id=100090733639311\" \/>\n<meta property=\"article:modified_time\" content=\"2025-12-13T15:49:30+00:00\" \/>\n<meta property=\"og:image\" content=\"https:\/\/talkpal.ai\/wp-content\/uploads\/2023\/05\/thailand.png\" \/>\n\t<meta property=\"og:image:width\" content=\"512\" \/>\n\t<meta property=\"og:image:height\" content=\"512\" \/>\n\t<meta property=\"og:image:type\" content=\"image\/png\" \/>\n<meta name=\"twitter:card\" content=\"summary_large_image\" \/>\n<meta name=\"twitter:site\" content=\"@talkpalai\" \/>\n<meta name=\"twitter:label1\" content=\"Est. reading time\" \/>\n\t<meta name=\"twitter:data1\" content=\"4 minutes\" \/>\n<script type=\"application\/ld+json\" class=\"yoast-schema-graph\">{\"@context\":\"https:\/\/schema.org\",\"@graph\":[{\"@type\":\"WebPage\",\"@id\":\"https:\/\/talkpal.ai\/az\/tay-dili-qrammatikasi\/\",\"url\":\"https:\/\/talkpal.ai\/az\/tay-dili-qrammatikasi\/\",\"name\":\"Tay dili Qrammatikas\u0131 - Talkpal\",\"isPartOf\":{\"@id\":\"https:\/\/talkpal.ai\/az\/#website\"},\"primaryImageOfPage\":{\"@id\":\"https:\/\/talkpal.ai\/az\/tay-dili-qrammatikasi\/#primaryimage\"},\"image\":{\"@id\":\"https:\/\/talkpal.ai\/az\/tay-dili-qrammatikasi\/#primaryimage\"},\"thumbnailUrl\":\"https:\/\/talkpal.ai\/wp-content\/uploads\/2023\/05\/thailand.png\",\"datePublished\":\"2023-05-14T14:24:42+00:00\",\"dateModified\":\"2025-12-13T15:49:30+00:00\",\"description\":\"Tay qrammatikas\u0131n\u0131n f\u00fcsunkar d\u00fcnyas\u0131n\u0131 k\u0259\u015ff edin. Onun sad\u0259liyini v\u0259 \u00f6yr\u0259nm\u0259yi xo\u015f ed\u0259n unikal x\u00fcsusiyy\u0259tl\u0259rini k\u0259\u015ff edin.\",\"breadcrumb\":{\"@id\":\"https:\/\/talkpal.ai\/az\/tay-dili-qrammatikasi\/#breadcrumb\"},\"inLanguage\":\"az\",\"potentialAction\":[{\"@type\":\"ReadAction\",\"target\":[\"https:\/\/talkpal.ai\/az\/tay-dili-qrammatikasi\/\"]}]},{\"@type\":\"ImageObject\",\"inLanguage\":\"az\",\"@id\":\"https:\/\/talkpal.ai\/az\/tay-dili-qrammatikasi\/#primaryimage\",\"url\":\"https:\/\/talkpal.ai\/wp-content\/uploads\/2023\/05\/thailand.png\",\"contentUrl\":\"https:\/\/talkpal.ai\/wp-content\/uploads\/2023\/05\/thailand.png\",\"width\":512,\"height\":512},{\"@type\":\"BreadcrumbList\",\"@id\":\"https:\/\/talkpal.ai\/az\/tay-dili-qrammatikasi\/#breadcrumb\",\"itemListElement\":[{\"@type\":\"ListItem\",\"position\":1,\"name\":\"Homepage\",\"item\":\"https:\/\/talkpal.ai\/az\/\"},{\"@type\":\"ListItem\",\"position\":2,\"name\":\"Tay dili Qrammatikas\u0131\"}]},{\"@type\":\"WebSite\",\"@id\":\"https:\/\/talkpal.ai\/az\/#website\",\"url\":\"https:\/\/talkpal.ai\/az\/\",\"name\":\"Talkpal\",\"description\":\"AI Language Learning\",\"publisher\":{\"@id\":\"https:\/\/talkpal.ai\/az\/#organization\"},\"alternateName\":\"Talkpal AI\",\"potentialAction\":[{\"@type\":\"SearchAction\",\"target\":{\"@type\":\"EntryPoint\",\"urlTemplate\":\"https:\/\/talkpal.ai\/az\/?s={search_term_string}\"},\"query-input\":{\"@type\":\"PropertyValueSpecification\",\"valueRequired\":true,\"valueName\":\"search_term_string\"}}],\"inLanguage\":\"az\"},{\"@type\":\"Organization\",\"@id\":\"https:\/\/talkpal.ai\/az\/#organization\",\"name\":\"Talkpal, Inc.\",\"alternateName\":\"Talkpal AI\",\"url\":\"https:\/\/talkpal.ai\/az\/\",\"logo\":{\"@type\":\"ImageObject\",\"inLanguage\":\"az\",\"@id\":\"https:\/\/talkpal.ai\/az\/#\/schema\/logo\/image\/\",\"url\":\"https:\/\/talkpal.ai\/wp-content\/uploads\/2024\/03\/Talkpal-Logo-Icon.png\",\"contentUrl\":\"https:\/\/talkpal.ai\/wp-content\/uploads\/2024\/03\/Talkpal-Logo-Icon.png\",\"width\":2880,\"height\":2880,\"caption\":\"Talkpal, Inc.\"},\"image\":{\"@id\":\"https:\/\/talkpal.ai\/az\/#\/schema\/logo\/image\/\"},\"sameAs\":[\"https:\/\/www.facebook.com\/profile.php?id=100090733639311\",\"https:\/\/x.com\/talkpalai\",\"https:\/\/www.linkedin.com\/company\/talkpal\/\",\"https:\/\/www.youtube.com\/@TalkPal\/\",\"https:\/\/www.tiktok.com\/@talkpal\",\"https:\/\/www.instagram.com\/talkpal_ai\/\",\"https:\/\/www.crunchbase.com\/organization\/talkpal-9cde\",\"https:\/\/www.g2.com\/products\/talkpal-for-business\/\",\"https:\/\/www.trustpilot.com\/review\/talkpal.ai\",\"https:\/\/www.capterra.com\/p\/10006800\/TalkPal\/\"],\"description\":\"Talkpal is a language learning web and mobile education app, powered by the latest AI technologies, that provides engaging experiences to its customers in many different languages to help them improve their language skills. Users can chat about unlimited amount of topics with the app and use other modes to practice their language learning.\",\"email\":\"support@talkpal.ai\",\"legalName\":\"Talkpal, Inc.\",\"foundingDate\":\"2023-04-03\",\"duns\":\"118989042\",\"numberOfEmployees\":{\"@type\":\"QuantitativeValue\",\"minValue\":\"11\",\"maxValue\":\"50\"},\"publishingPrinciples\":\"https:\/\/talkpal.ai\/publishing-principles\/\",\"actionableFeedbackPolicy\":\"https:\/\/talkpal.ai\/actionable-feedback-policy\/\",\"correctionsPolicy\":\"https:\/\/talkpal.ai\/corrections-policy\/\",\"ethicsPolicy\":\"https:\/\/talkpal.ai\/ethics-policy\/\",\"diversityPolicy\":\"https:\/\/talkpal.ai\/diversity-policy\/\",\"diversityStaffingReport\":\"https:\/\/talkpal.ai\/diversity-policy\/\"}]}<\/script>\n<!-- \/ Yoast SEO Premium plugin. -->","yoast_head_json":{"title":"Tay dili Qrammatikas\u0131 - Talkpal","description":"Tay qrammatikas\u0131n\u0131n f\u00fcsunkar d\u00fcnyas\u0131n\u0131 k\u0259\u015ff edin. Onun sad\u0259liyini v\u0259 \u00f6yr\u0259nm\u0259yi xo\u015f ed\u0259n unikal x\u00fcsusiyy\u0259tl\u0259rini k\u0259\u015ff edin.","robots":{"index":"index","follow":"follow","max-snippet":"max-snippet:-1","max-image-preview":"max-image-preview:large","max-video-preview":"max-video-preview:-1"},"canonical":"https:\/\/talkpal.ai\/az\/tay-dili-qrammatikasi\/","og_locale":"az_AZ","og_type":"article","og_title":"Tay dili Qrammatikas\u0131","og_description":"Tay dilinin qrammatikas\u0131. Qeyri-maddi dil\u00e7ilik d\u00fcnyas\u0131n\u0131n t\u0259dqiqi Tay qrammatikas\u0131 - zahir\u0259n m\u00fc\u0259mmal\u0131, ekzotik v\u0259 valehedici. Tailand dilini \u00f6yr\u0259nm\u0259k \u00fc\u00e7\u00fcn","og_url":"https:\/\/talkpal.ai\/az\/tay-dili-qrammatikasi\/","og_site_name":"Talkpal","article_publisher":"https:\/\/www.facebook.com\/profile.php?id=100090733639311","article_modified_time":"2025-12-13T15:49:30+00:00","og_image":[{"width":512,"height":512,"url":"https:\/\/talkpal.ai\/wp-content\/uploads\/2023\/05\/thailand.png","type":"image\/png"}],"twitter_card":"summary_large_image","twitter_site":"@talkpalai","twitter_misc":{"Est. reading time":"4 minutes"},"schema":{"@context":"https:\/\/schema.org","@graph":[{"@type":"WebPage","@id":"https:\/\/talkpal.ai\/az\/tay-dili-qrammatikasi\/","url":"https:\/\/talkpal.ai\/az\/tay-dili-qrammatikasi\/","name":"Tay dili Qrammatikas\u0131 - Talkpal","isPartOf":{"@id":"https:\/\/talkpal.ai\/az\/#website"},"primaryImageOfPage":{"@id":"https:\/\/talkpal.ai\/az\/tay-dili-qrammatikasi\/#primaryimage"},"image":{"@id":"https:\/\/talkpal.ai\/az\/tay-dili-qrammatikasi\/#primaryimage"},"thumbnailUrl":"https:\/\/talkpal.ai\/wp-content\/uploads\/2023\/05\/thailand.png","datePublished":"2023-05-14T14:24:42+00:00","dateModified":"2025-12-13T15:49:30+00:00","description":"Tay qrammatikas\u0131n\u0131n f\u00fcsunkar d\u00fcnyas\u0131n\u0131 k\u0259\u015ff edin. Onun sad\u0259liyini v\u0259 \u00f6yr\u0259nm\u0259yi xo\u015f ed\u0259n unikal x\u00fcsusiyy\u0259tl\u0259rini k\u0259\u015ff edin.","breadcrumb":{"@id":"https:\/\/talkpal.ai\/az\/tay-dili-qrammatikasi\/#breadcrumb"},"inLanguage":"az","potentialAction":[{"@type":"ReadAction","target":["https:\/\/talkpal.ai\/az\/tay-dili-qrammatikasi\/"]}]},{"@type":"ImageObject","inLanguage":"az","@id":"https:\/\/talkpal.ai\/az\/tay-dili-qrammatikasi\/#primaryimage","url":"https:\/\/talkpal.ai\/wp-content\/uploads\/2023\/05\/thailand.png","contentUrl":"https:\/\/talkpal.ai\/wp-content\/uploads\/2023\/05\/thailand.png","width":512,"height":512},{"@type":"BreadcrumbList","@id":"https:\/\/talkpal.ai\/az\/tay-dili-qrammatikasi\/#breadcrumb","itemListElement":[{"@type":"ListItem","position":1,"name":"Homepage","item":"https:\/\/talkpal.ai\/az\/"},{"@type":"ListItem","position":2,"name":"Tay dili Qrammatikas\u0131"}]},{"@type":"WebSite","@id":"https:\/\/talkpal.ai\/az\/#website","url":"https:\/\/talkpal.ai\/az\/","name":"Talkpal","description":"AI Language Learning","publisher":{"@id":"https:\/\/talkpal.ai\/az\/#organization"},"alternateName":"Talkpal AI","potentialAction":[{"@type":"SearchAction","target":{"@type":"EntryPoint","urlTemplate":"https:\/\/talkpal.ai\/az\/?s={search_term_string}"},"query-input":{"@type":"PropertyValueSpecification","valueRequired":true,"valueName":"search_term_string"}}],"inLanguage":"az"},{"@type":"Organization","@id":"https:\/\/talkpal.ai\/az\/#organization","name":"Talkpal, Inc.","alternateName":"Talkpal AI","url":"https:\/\/talkpal.ai\/az\/","logo":{"@type":"ImageObject","inLanguage":"az","@id":"https:\/\/talkpal.ai\/az\/#\/schema\/logo\/image\/","url":"https:\/\/talkpal.ai\/wp-content\/uploads\/2024\/03\/Talkpal-Logo-Icon.png","contentUrl":"https:\/\/talkpal.ai\/wp-content\/uploads\/2024\/03\/Talkpal-Logo-Icon.png","width":2880,"height":2880,"caption":"Talkpal, Inc."},"image":{"@id":"https:\/\/talkpal.ai\/az\/#\/schema\/logo\/image\/"},"sameAs":["https:\/\/www.facebook.com\/profile.php?id=100090733639311","https:\/\/x.com\/talkpalai","https:\/\/www.linkedin.com\/company\/talkpal\/","https:\/\/www.youtube.com\/@TalkPal\/","https:\/\/www.tiktok.com\/@talkpal","https:\/\/www.instagram.com\/talkpal_ai\/","https:\/\/www.crunchbase.com\/organization\/talkpal-9cde","https:\/\/www.g2.com\/products\/talkpal-for-business\/","https:\/\/www.trustpilot.com\/review\/talkpal.ai","https:\/\/www.capterra.com\/p\/10006800\/TalkPal\/"],"description":"Talkpal is a language learning web and mobile education app, powered by the latest AI technologies, that provides engaging experiences to its customers in many different languages to help them improve their language skills. Users can chat about unlimited amount of topics with the app and use other modes to practice their language learning.","email":"support@talkpal.ai","legalName":"Talkpal, Inc.","foundingDate":"2023-04-03","duns":"118989042","numberOfEmployees":{"@type":"QuantitativeValue","minValue":"11","maxValue":"50"},"publishingPrinciples":"https:\/\/talkpal.ai\/publishing-principles\/","actionableFeedbackPolicy":"https:\/\/talkpal.ai\/actionable-feedback-policy\/","correctionsPolicy":"https:\/\/talkpal.ai\/corrections-policy\/","ethicsPolicy":"https:\/\/talkpal.ai\/ethics-policy\/","diversityPolicy":"https:\/\/talkpal.ai\/diversity-policy\/","diversityStaffingReport":"https:\/\/talkpal.ai\/diversity-policy\/"}]}},"_links":{"self":[{"href":"https:\/\/talkpal.ai\/az\/wp-json\/wp\/v2\/pages\/153447","targetHints":{"allow":["GET"]}}],"collection":[{"href":"https:\/\/talkpal.ai\/az\/wp-json\/wp\/v2\/pages"}],"about":[{"href":"https:\/\/talkpal.ai\/az\/wp-json\/wp\/v2\/types\/page"}],"author":[{"embeddable":true,"href":"https:\/\/talkpal.ai\/az\/wp-json\/wp\/v2\/users\/1"}],"replies":[{"embeddable":true,"href":"https:\/\/talkpal.ai\/az\/wp-json\/wp\/v2\/comments?post=153447"}],"version-history":[{"count":0,"href":"https:\/\/talkpal.ai\/az\/wp-json\/wp\/v2\/pages\/153447\/revisions"}],"wp:featuredmedia":[{"embeddable":true,"href":"https:\/\/talkpal.ai\/az\/wp-json\/wp\/v2\/media\/153452"}],"wp:attachment":[{"href":"https:\/\/talkpal.ai\/az\/wp-json\/wp\/v2\/media?parent=153447"}],"curies":[{"name":"wp","href":"https:\/\/api.w.org\/{rel}","templated":true}]}}