{"id":153137,"date":"2023-05-14T14:23:49","date_gmt":"2023-05-14T14:23:49","guid":{"rendered":"http:\/\/talkpal.ai\/turk-dilinin-qrammatikasi\/"},"modified":"2025-12-13T15:57:39","modified_gmt":"2025-12-13T15:57:39","slug":"turk-dilinin-qrammatikasi","status":"publish","type":"page","link":"https:\/\/talkpal.ai\/az\/turk-dilinin-qrammatikasi\/","title":{"rendered":"T\u00fcrk dilinin qrammatikas\u0131"},"content":{"rendered":"\r\n\r\n\r\n<section class=\"languageChallengeSection\">\r\n    <div class=\"languageInfoWrapper\">\r\n        \r\n        <h1>T\u00fcrk dilinin qrammatikas\u0131<\/h1>\r\n        <p>T\u00fcrkc\u0259 \u00f6yr\u0259nm\u0259kl\u0259 maraqlan\u0131rs\u0131n\u0131z? <a href=\"https:\/\/talkpal.ai\/learn-turkish\/\">T\u00fcrk<\/a> dilinin qrammatikas\u0131n\u0131 ara\u015fd\u0131r\u0131n v\u0259 onun m\u0259ntiqi qurulu\u015fu, sait harmoniyas\u0131 v\u0259 <a href=\"https:\/\/talkpal.ai\/locations\/learn-english-in-asan\/\">asan<\/a> izl\u0259nil\u0259n fel n\u00fcmun\u0259l\u0259rinin onu h\u0259m valehedici, h\u0259m d\u0259 \u0259l\u00e7atan etdiyini g\u00f6r\u00fcn. S\u0259yah\u0259tiniz\u0259 bu g\u00fcn ba\u015flay\u0131n \u2013 t\u00fcrk dilinin qrammatikas\u0131na yiy\u0259l\u0259nm\u0259k s\u0259lis \u00fcnsiyy\u0259t v\u0259 canl\u0131 m\u0259d\u0259niyy\u0259t v\u0259 \u0259laq\u0259 d\u00fcnyas\u0131n\u0131 a\u00e7maq \u00fc\u00e7\u00fcn a\u00e7ar\u0131n\u0131zd\u0131r!<\/p>\r\n\r\n                            <a class=\"getStartedHidden\" href=\"https:\/\/app.talkpal.ai\/signup?lng=\">Ba\u015fla<\/a>\r\n        \r\n    <\/div>\r\n\r\n    <figure>\r\n    <img decoding=\"async\" width=\"768\" height=\"768\" src=\"https:\/\/talkpal.ai\/wp-content\/uploads\/2023\/06\/turkish-768x768.png\" class=\"languageImage no-lazy\" alt=\"Language learning for increased focus\" fetchpriority=\"high\" sizes=\"(max-width: 768px) 150px, 768px\" srcset=\"https:\/\/talkpal.ai\/wp-content\/uploads\/2023\/06\/turkish-768x768.png 768w, https:\/\/talkpal.ai\/wp-content\/uploads\/2023\/06\/turkish-300x300.png 300w\" \/>\r\n    \r\n\r\n    <\/figure>\r\n\r\n            <a class=\"getStartedVisible\" href=\"https:\/\/app.talkpal.ai\/signup?lng=\">Ba\u015fla<\/a>\r\n    \r\n<\/section>\r\n<section class=\"promotionalBanner\">\r\n    <p class=\"promotionalText\">Dil \u00f6yr\u0259nm\u0259yin \u0259n t\u0259sirli yolu<\/p>\r\n    <a class=\"promotionalLink\" href=\"https:\/\/app.talkpal.ai\/signup?lng=\">Talkpal pulsuz s\u0131nay\u0131n<\/a>\r\n<\/section>\n<div class=\"wp-block-group pageContainerStyle\"><div class=\"wp-block-group__inner-container is-layout-constrained wp-block-group-is-layout-constrained\">\n<h2 class=\"wp-block-heading\" id=\"h-the-ultimate-guide-to-turkish-grammar-navigating-the-intricacies-of-a-unique-language\">T\u00fcrk dilinin qrammatikas\u0131n\u0131n son b\u0259l\u0259d\u00e7isi: B\u0259nz\u0259rsiz bir dilin inc\u0259likl\u0259rini s\u0259f\u0259rb\u0259r etm\u0259k<\/h2>\n\n\n\n<p>T\u00fcrk dilinin qrammatikas\u0131 dilin \u00f6z\u00fc kimi, dil elementl\u0259rinin z\u0259ngin v\u0259 maraql\u0131 bir tapestriyas\u0131n\u0131 t\u0259qdim edir. T\u00fcrk dill\u0259ri ail\u0259sinin bir \u00fczv\u00fc olaraq, t\u00fcrk dili m\u00fcxt\u0259lif x\u00fcsusiyy\u0259tl\u0259ri v\u0259 \u00e7\u0259tinlikl\u0259ri il\u0259 h\u0259tta \u0259n pe\u015f\u0259kar natiql\u0259r bel\u0259 \u00f6yr\u0259n\u0259nl\u0259ri \u0259sir edir. Bu b\u0259l\u0259d\u00e7id\u0259 biz t\u00fcrk dilinin qrammatikas\u0131n\u0131n \u0259sas prinsipl\u0259rini ara\u015fd\u0131racaq, onun m\u00fcr\u0259kk\u0259blikl\u0259rini ayd\u0131nla\u015fd\u0131racaq v\u0259 bu cazib\u0259dar dild\u0259 s\u0259lis olmaq \u00fc\u00e7\u00fcn s\u0259yah\u0259tinizd\u0259 siz\u0259 d\u0259st\u0259k ver\u0259c\u0259yik. Ba\u015flayaq!<\/p>\n\n\n\n<h3 class=\"wp-block-heading\" id=\"h-the-nuts-and-bolts-turkish-sentence-structure\">F\u0131nd\u0131q v\u0259 Boltlar: T\u00fcrk C\u00fcml\u0259 Qurulu\u015fu<\/h3>\n\n\n\n<p>Onun \u0259sas\u0131nda t\u00fcrk dilinin qrammatikas\u0131 olduqca a\u00e7\u0131qd\u0131r. Dil \u00fcmumiyy\u0259tl\u0259 ingilis v\u0259 bir \u00e7ox ba\u015fqa dill\u0259rd\u0259n f\u0259rqli olaraq <a href=\"https:\/\/talkpal.ai\/culture\/how-do-you-structure-a-sentence-using-subject-object-verb-order-in-uzbek\/\">Subject-Object-Verb<\/a> (SOV) c\u00fcml\u0259 qurulu\u015funu izl\u0259yir. M\u0259s\u0259l\u0259n, \u201cI eat an apple\u201d c\u00fcml\u0259si \u201cBen elma yiyorum\u201d kimi t\u0259rc\u00fcm\u0259 olunur (Ben=I, elma=alma, yiyorum=eat). Sad\u0259, el\u0259 deyilmi? Bununla bel\u0259, biz d\u0259rinl\u0259\u015fdikc\u0259, siz t\u00fcrk qrammatikas\u0131n\u0131n b\u0259zi maraql\u0131 v\u0259 f\u0259rqli x\u00fcsusiyy\u0259tl\u0259ri il\u0259 qar\u015f\u0131la\u015facaqs\u0131n\u0131z.<\/p>\n\n\n\n<h3 class=\"wp-block-heading\" id=\"h-meet-the-family-turkish-nouns-and-their-suffixes\">Ail\u0259 il\u0259 tan\u0131\u015f olun: T\u00fcrk Nounlar\u0131 v\u0259 Onlar\u0131n Suffiksi<\/h3>\n\n\n\n<p>T\u00fcrk dilinin qrammatikas\u0131n\u0131n \u0259n s\u0259ciyy\u0259vi x\u00fcsusiyy\u0259tl\u0259rind\u0259n biri d\u0259 suffiksd\u0259n m\u00fcxt\u0259lif qrammatik m\u00fcnasib\u0259tl\u0259ri ifad\u0259 etm\u0259k \u00fc\u00e7\u00fcn istifad\u0259 olunmas\u0131d\u0131r. T\u00fcrk dilind\u0259 prepozisiyalar yoxdur; yerin\u0259 suffiksl\u0259r sahib olmaq, birba\u015fa obyektl\u0259ri v\u0259 m\u0259kan\u0131 g\u00f6st\u0259rm\u0259k \u00fc\u00e7\u00fcn nounlara yap\u0131\u015fd\u0131r\u0131l\u0131r.<\/p>\n\n\n\n<p>M\u0259s\u0259l\u0259n, \u201calma\u201d m\u0259nas\u0131n\u0131 ver\u0259n \u201celma\u201d (elma) s\u00f6z\u00fcn\u00fc g\u00f6t\u00fcr\u0259k:<\/p>\n\n\n\n<p><strong>\u2013 Sahiblik: Benim elmam (M\u0259nim almam)<\/strong><\/p>\n\n\n\n<p><strong>\u2013 Birba\u015fa obyekt: Elmay\u0131 yedim (Almay\u0131 yedim)<\/strong><\/p>\n\n\n\n<p><strong>\u2013 M\u0259kan: Elmada (Almada)<\/strong><\/p>\n\n\n\n<p>Bu \u015f\u0259kil\u00e7il\u0259rl\u0259 tan\u0131\u015f olmaq vacibdir, \u00e7\u00fcnki onlar c\u00fcml\u0259l\u0259rinizin m\u0259nas\u0131n\u0131 k\u0259skin \u015f\u0259kild\u0259 d\u0259yi\u015f\u0259 bil\u0259r.<\/p>\n\n\n\n<h3 class=\"wp-block-heading\" id=\"h-playing-with-numbers-turkish-plurals-and-genders\">N\u00f6mr\u0259l\u0259rl\u0259 oynamaq: T\u00fcrk Pl\u00fcrallar\u0131 v\u0259 Cinsl\u0259ri<\/h3>\n\n\n\n<p>T\u00fcrk dilind\u0259 c\u0259m hallar\u0131 d\u00fcz\u0259ld\u0259rk\u0259n yaln\u0131z bir \u015f\u0259kil\u00e7i \u0259lav\u0259 etm\u0259k vacibdir: s\u00f6zd\u0259ki \u0259n yax\u0131n saitd\u0259n as\u0131l\u0131 olaraq -l\u0259r v\u0259 ya -lar. Bir \u00e7ox ba\u015fqa dill\u0259rd\u0259n f\u0259rqli olaraq t\u00fcrkc\u0259nin qrammatik cinsi yoxdur. Bu o dem\u0259kdir ki, ki\u015fi, qad\u0131n v\u0259 ya biti\u015fik isiml\u0259r \u00fc\u00e7\u00fcn m\u00fcxt\u0259lif sonluq v\u0259 ya formalar\u0131 \u00f6yr\u0259nm\u0259kd\u0259n narahat olmayacaqs\u0131n\u0131z.<\/p>\n\n\n\n<p>M\u0259s\u0259l\u0259n, \u201ck\u00f6pek\u201d (k\u00f6p\u0259k, \u201cit\u201d m\u0259nas\u0131n\u0131 ver\u0259n isim) \u201ck\u00f6pekler\u201d (k\u00f6pekler, itl\u0259r), \u201ckedi\u201d (kedi, \u201cpi\u015fik\u201d m\u0259nas\u0131n\u0131 ver\u0259n isim) is\u0259 \u201ckediler\u201d (kediler, pi\u015fikl\u0259r) olur.<\/p>\n\n\n\n<h3 class=\"wp-block-heading\" id=\"h-the-art-of-conjugation-turkish-verbs\">Konyunkasiya s\u0259n\u0259ti: t\u00fcrk feill\u0259ri<\/h3>\n\n\n\n<p>T\u00fcrk feill\u0259ri \u0259vv\u0259lc\u0259 qorxulu g\u00f6r\u00fcn\u0259 bil\u0259r, \u00e7\u00fcnki onlar\u0131n \u00e7oxsayl\u0131 g\u0259rginlikl\u0259ri, \u0259hval-ruhiyy\u0259l\u0259ri v\u0259 konyunkasiyalar\u0131 var. Lakin onlar\u0131 ba\u015fa d\u00fc\u015fm\u0259k \u00fc\u00e7\u00fcn \u0259sas odur ki, onlar \u00fcmumi t\u0259rzl\u0259ri q\u0259bul etsinl\u0259r v\u0259 m\u00fcnt\u0259z\u0259m olaraq m\u0259\u015fq etsinl\u0259r.<\/p>\n\n\n\n<p>T\u00fcrk dilind\u0259 feill\u0259r m\u00fcxt\u0259lif suffiksl\u0259rd\u0259n istifad\u0259 ed\u0259r\u0259k g\u0259rgin, \u0259hval-ruhiyy\u0259li v\u0259 insan\u0131 bildirir. Feil sap\u0131 d\u0259yi\u015fm\u0259z qal\u0131r. N\u00fcmun\u0259 olaraq \u201cyem\u0259k\u201d (yem\u0259k, \u201cyem\u0259k\u201d) felini g\u00f6t\u00fcr\u0259k:<\/p>\n\n\n\n<p><strong>Davaml\u0131 g\u0259rgin t\u0259qdim et: Yiyorum (M\u0259n yem\u0259k yeyir\u0259m)<\/strong><\/p>\n\n\n\n<p><strong>Ke\u00e7mi\u015f g\u0259rginlik: Yedim (Yedim)<\/strong><\/p>\n\n\n\n<p><strong>G\u0259l\u0259c\u0259k g\u0259rgin: Yiyc\u0259k (yey\u0259c\u0259y\u0259m)<\/strong><\/p>\n\n\n\n<p>G\u00f6rd\u00fcy\u00fcn\u00fcz kimi sonluqlar g\u0259rgin v\u0259 insana g\u00f6r\u0259 d\u0259yi\u015fir. T\u0259cr\u00fcb\u0259 v\u0259 s\u0259brl\u0259 siz n\u00fcmun\u0259l\u0259ri tan\u0131ma\u011fa ba\u015flayacaqs\u0131n\u0131z v\u0259 bu \u00e7\u0259tinliyin \u00f6hd\u0259sind\u0259n g\u0259l\u0259c\u0259ksiniz.<\/p>\n\n\n\n<h3 class=\"wp-block-heading\" id=\"h-the-finishing-touches-turkish-adjectives-adverbs-and-more\">Son toxunu\u015flar: T\u00fcrkc\u0259 Adjectives, Adverbs v\u0259 daha \u00e7ox<\/h3>\n\n\n\n<p>T\u00fcrk adgektivl\u0259ri v\u0259 adverbl\u0259ri dedikd\u0259 nitqiniz\u0259 d\u0259rinlik v\u0259 m\u00fcr\u0259kk\u0259blik qatmas\u0131 h\u0259lledici rol oynay\u0131r. T\u00fcrkc\u0259d\u0259ki sif\u0259tl\u0259rin d\u0259yi\u015fdirdikl\u0259ri isiml\u0259rl\u0259 raz\u0131l\u0131\u011fa ehtiyac\u0131 yoxdur, bu da bir \u00e7ox ba\u015fqa dill\u0259r\u0259 nisb\u0259t\u0259n onlarla daha asan ba\u015fa g\u0259lir.<\/p>\n\n\n\n<p>M\u0259s\u0259l\u0259n, \u201cg\u00fczel\u201d (g\u00fczel) \u201cg\u00f6z\u0259l\u201d dem\u0259kdir v\u0259 siz onu \u201cg\u00fczel \u00e7i\u00e7ek\u201d (g\u00fczel \u00e7i\u00e7ek, \u201cg\u00f6z\u0259l \u00e7i\u00e7\u0259k\u201d) v\u0259 ya \u201cg\u00fczel k\u00f6pek\u201d (g\u00fczel k\u00f6pek, \u201cg\u00f6z\u0259l it\u201d) kimi g\u00f6r\u0259 bil\u0259rsiniz. c\u0259m v\u0259 ya cins \u00fc\u00e7\u00fcn d\u0259yi\u015fiklik.<\/p>\n\n\n\n<p>Ad\u0259t\u0259n, adverbl\u0259r d\u0259 bu c\u00fcr davran\u0131rlar v\u0259 bu, \u00e7ox vaxt sif\u0259tl\u0259rd\u0259n \u0259m\u0259l\u0259 g\u0259lir. T\u00fcrk dilind\u0259 bir \u00e7ox adverbl\u0259r \u0259n yax\u0131n saitd\u0259n as\u0131l\u0131 olaraq suffiksi -ce v\u0259 ya -ca-lar\u0131 adjectives-\u0259 \u0259lav\u0259 etm\u0259kl\u0259 \u0259m\u0259l\u0259 g\u0259l\u0259 bil\u0259r.<\/p>\n\n\n\n<p>N\u0259tic\u0259 olaraq, t\u00fcrk dilinin qrammatikas\u0131n\u0131n m\u00fcr\u0259kk\u0259bliyi v\u0259 \u00f6z\u00fcn\u0259m\u0259xsuslu\u011fu \u00e7\u0259tin olsa da, dil\u0259 onun valehedici g\u00f6z\u0259lliyini v\u0259 xarakterini verir. \u018fzmkarl\u0131q, maraq v\u0259 praktik t\u0259tbiqin birl\u0259\u015fm\u0259si il\u0259 siz tezlikl\u0259 t\u00fcrk dilinin qrammatikas\u0131n\u0131 asanl\u0131qla v\u0259 inamla \u00f6yr\u0259n\u0259c\u0259ksiniz. Xo\u015fb\u0259xt \u00f6yr\u0259nin!<\/p>\n<\/div><\/div>\n\r\n<section class=\"learnNavigationSection\">\r\n            \r\n        <a href=\"https:\/\/talkpal.ai\/az\/turk-dilini-oyr%c9%99n\/\">\r\n            <div class=\"learnNavigationWrapper\">\r\n                <div class=\"learnNavigationContent\">\r\n                    <img decoding=\"async\" src=\"https:\/\/talkpal.ai\/wp-content\/uploads\/2024\/08\/Turkish.jpg\" alt=\"Turkish Flag\">\r\n                    <div>\r\n                        <h4>T\u00fcrkc\u0259 \u00d6yr\u0259nm\u0259 Haqq\u0131nda<\/h4>\r\n                        <p>T\u00fcrk dilinin qrammatikas\u0131 haqq\u0131nda h\u0259r \u015feyi \u00f6yr\u0259nin.<\/p>\r\n                    <\/div>\r\n                <\/div>\r\n            <\/div>\r\n        <\/a>\r\n\r\n        \r\n        <a href=\"https:\/\/talkpal.ai\/az\/turkc%c9%99-qrammatika-m%c9%99sql%c9%99ri\/\">\r\n            <div class=\"learnNavigationWrapper\">\r\n                <div class=\"learnNavigationContent\">\r\n                    <img decoding=\"async\" src=\"https:\/\/talkpal.ai\/wp-content\/uploads\/2024\/08\/Turkish.jpg\" alt=\"Turkish Flag\">\r\n                    <div>\r\n                        <h4>T\u00fcrk dilinin qrammatikas\u0131 m\u0259\u015fqi<\/h4>\r\n                        <p>T\u00fcrk dilinin qrammatikas\u0131 praktik.<\/p>\r\n                    <\/div>\r\n                <\/div>\r\n            <\/div>\r\n        <\/a>\r\n\r\n        \r\n        <a href=\"https:\/\/talkpal.ai\/vocabulary_language\/turkish\/\">\r\n            <div class=\"learnNavigationWrapper\">\r\n                <div class=\"learnNavigationContent\">\r\n                    <img decoding=\"async\" src=\"https:\/\/talkpal.ai\/wp-content\/uploads\/2024\/08\/Turkish.jpg\" alt=\"Turkish Flag\">\r\n                    <div>\r\n                        <h4>T\u00fcrk dili l\u00fc\u011f\u0259ti<\/h4>\r\n                        <p>T\u00fcrkc\u0259 l\u00fc\u011f\u0259tinizi geni\u015fl\u0259ndirin.<\/p>\r\n                    <\/div>\r\n                <\/div>\r\n            <\/div>\r\n        <\/a>\r\n\r\n            <\/section>","protected":false},"excerpt":{"rendered":"<p>T\u00fcrk dilinin qrammatikas\u0131n\u0131n son b\u0259l\u0259d\u00e7isi: B\u0259nz\u0259rsiz bir dilin inc\u0259likl\u0259rini s\u0259f\u0259rb\u0259r etm\u0259k T\u00fcrk dilinin qrammatikas\u0131 dilin \u00f6z\u00fc kimi, dil elementl\u0259rinin z\u0259ngin v\u0259 maraql\u0131 bir tapestriyas\u0131n\u0131 t\u0259qdim edir. T\u00fcrk dill\u0259ri ail\u0259sinin bir \u00fczv\u00fc olaraq, t\u00fcrk dili m\u00fcxt\u0259lif x\u00fcsusiyy\u0259tl\u0259ri v\u0259 \u00e7\u0259tinlikl\u0259ri il\u0259 h\u0259tta \u0259n pe\u015f\u0259kar natiql\u0259r bel\u0259 \u00f6yr\u0259n\u0259nl\u0259ri \u0259sir edir. Bu b\u0259l\u0259d\u00e7id\u0259 biz t\u00fcrk dilinin qrammatikas\u0131n\u0131n \u0259sas prinsipl\u0259rini [&hellip;]<\/p>\n","protected":false},"author":1,"featured_media":120956,"parent":0,"menu_order":0,"comment_status":"closed","ping_status":"closed","template":"LearningContentPage.php","meta":{"_acf_changed":false,"footnotes":""},"class_list":["post-153137","page","type-page","status-publish","has-post-thumbnail","hentry"],"acf":[],"yoast_head":"<!-- This site is optimized with the Yoast SEO Premium plugin v27.2 (Yoast SEO v27.2) - https:\/\/yoast.com\/product\/yoast-seo-premium-wordpress\/ -->\n<title>T\u00fcrk dilinin qrammatikas\u0131 - Talkpal<\/title>\n<meta name=\"description\" content=\"T\u00fcrk dilinin qrammatikas\u0131n\u0131n sirl\u0259rini onun \u0259sas prinsipl\u0259ri v\u0259 c\u00fcml\u0259 qurulu\u015funa dair h\u0259rt\u0259r\u0259fli b\u0259l\u0259d\u00e7imizl\u0259 a\u00e7\u0131n.\" \/>\n<meta name=\"robots\" content=\"index, follow, max-snippet:-1, max-image-preview:large, max-video-preview:-1\" \/>\n<link rel=\"canonical\" href=\"https:\/\/talkpal.ai\/az\/turk-dilinin-qrammatikasi\/\" \/>\n<meta property=\"og:locale\" content=\"az_AZ\" \/>\n<meta property=\"og:type\" content=\"article\" \/>\n<meta property=\"og:title\" content=\"T\u00fcrk dilinin qrammatikas\u0131\" \/>\n<meta property=\"og:description\" content=\"T\u00fcrk dilinin qrammatikas\u0131n\u0131n son b\u0259l\u0259d\u00e7isi: B\u0259nz\u0259rsiz bir dilin inc\u0259likl\u0259rini s\u0259f\u0259rb\u0259r etm\u0259k T\u00fcrk dilinin qrammatikas\u0131 dilin \u00f6z\u00fc kimi, dil elementl\u0259rinin\" \/>\n<meta property=\"og:url\" content=\"https:\/\/talkpal.ai\/az\/turk-dilinin-qrammatikasi\/\" \/>\n<meta property=\"og:site_name\" content=\"Talkpal\" \/>\n<meta property=\"article:publisher\" content=\"https:\/\/www.facebook.com\/profile.php?id=100090733639311\" \/>\n<meta property=\"article:modified_time\" content=\"2025-12-13T15:57:39+00:00\" \/>\n<meta property=\"og:image\" content=\"https:\/\/talkpal.ai\/wp-content\/uploads\/2023\/05\/turkish.png\" \/>\n\t<meta property=\"og:image:width\" content=\"512\" \/>\n\t<meta property=\"og:image:height\" content=\"512\" \/>\n\t<meta property=\"og:image:type\" content=\"image\/png\" \/>\n<meta name=\"twitter:card\" content=\"summary_large_image\" \/>\n<meta name=\"twitter:site\" content=\"@talkpalai\" \/>\n<meta name=\"twitter:label1\" content=\"Est. reading time\" \/>\n\t<meta name=\"twitter:data1\" content=\"5 minutes\" \/>\n<script type=\"application\/ld+json\" class=\"yoast-schema-graph\">{\"@context\":\"https:\/\/schema.org\",\"@graph\":[{\"@type\":\"WebPage\",\"@id\":\"https:\/\/talkpal.ai\/az\/turk-dilinin-qrammatikasi\/\",\"url\":\"https:\/\/talkpal.ai\/az\/turk-dilinin-qrammatikasi\/\",\"name\":\"T\u00fcrk dilinin qrammatikas\u0131 - Talkpal\",\"isPartOf\":{\"@id\":\"https:\/\/talkpal.ai\/az\/#website\"},\"primaryImageOfPage\":{\"@id\":\"https:\/\/talkpal.ai\/az\/turk-dilinin-qrammatikasi\/#primaryimage\"},\"image\":{\"@id\":\"https:\/\/talkpal.ai\/az\/turk-dilinin-qrammatikasi\/#primaryimage\"},\"thumbnailUrl\":\"https:\/\/talkpal.ai\/wp-content\/uploads\/2023\/05\/turkish.png\",\"datePublished\":\"2023-05-14T14:23:49+00:00\",\"dateModified\":\"2025-12-13T15:57:39+00:00\",\"description\":\"T\u00fcrk dilinin qrammatikas\u0131n\u0131n sirl\u0259rini onun \u0259sas prinsipl\u0259ri v\u0259 c\u00fcml\u0259 qurulu\u015funa dair h\u0259rt\u0259r\u0259fli b\u0259l\u0259d\u00e7imizl\u0259 a\u00e7\u0131n.\",\"breadcrumb\":{\"@id\":\"https:\/\/talkpal.ai\/az\/turk-dilinin-qrammatikasi\/#breadcrumb\"},\"inLanguage\":\"az\",\"potentialAction\":[{\"@type\":\"ReadAction\",\"target\":[\"https:\/\/talkpal.ai\/az\/turk-dilinin-qrammatikasi\/\"]}]},{\"@type\":\"ImageObject\",\"inLanguage\":\"az\",\"@id\":\"https:\/\/talkpal.ai\/az\/turk-dilinin-qrammatikasi\/#primaryimage\",\"url\":\"https:\/\/talkpal.ai\/wp-content\/uploads\/2023\/05\/turkish.png\",\"contentUrl\":\"https:\/\/talkpal.ai\/wp-content\/uploads\/2023\/05\/turkish.png\",\"width\":512,\"height\":512},{\"@type\":\"BreadcrumbList\",\"@id\":\"https:\/\/talkpal.ai\/az\/turk-dilinin-qrammatikasi\/#breadcrumb\",\"itemListElement\":[{\"@type\":\"ListItem\",\"position\":1,\"name\":\"Homepage\",\"item\":\"https:\/\/talkpal.ai\/az\/\"},{\"@type\":\"ListItem\",\"position\":2,\"name\":\"T\u00fcrk dilinin qrammatikas\u0131\"}]},{\"@type\":\"WebSite\",\"@id\":\"https:\/\/talkpal.ai\/az\/#website\",\"url\":\"https:\/\/talkpal.ai\/az\/\",\"name\":\"Talkpal\",\"description\":\"AI Language Learning\",\"publisher\":{\"@id\":\"https:\/\/talkpal.ai\/az\/#organization\"},\"alternateName\":\"Talkpal AI\",\"potentialAction\":[{\"@type\":\"SearchAction\",\"target\":{\"@type\":\"EntryPoint\",\"urlTemplate\":\"https:\/\/talkpal.ai\/az\/?s={search_term_string}\"},\"query-input\":{\"@type\":\"PropertyValueSpecification\",\"valueRequired\":true,\"valueName\":\"search_term_string\"}}],\"inLanguage\":\"az\"},{\"@type\":\"Organization\",\"@id\":\"https:\/\/talkpal.ai\/az\/#organization\",\"name\":\"Talkpal, Inc.\",\"alternateName\":\"Talkpal AI\",\"url\":\"https:\/\/talkpal.ai\/az\/\",\"logo\":{\"@type\":\"ImageObject\",\"inLanguage\":\"az\",\"@id\":\"https:\/\/talkpal.ai\/az\/#\/schema\/logo\/image\/\",\"url\":\"https:\/\/talkpal.ai\/wp-content\/uploads\/2024\/03\/Talkpal-Logo-Icon.png\",\"contentUrl\":\"https:\/\/talkpal.ai\/wp-content\/uploads\/2024\/03\/Talkpal-Logo-Icon.png\",\"width\":2880,\"height\":2880,\"caption\":\"Talkpal, Inc.\"},\"image\":{\"@id\":\"https:\/\/talkpal.ai\/az\/#\/schema\/logo\/image\/\"},\"sameAs\":[\"https:\/\/www.facebook.com\/profile.php?id=100090733639311\",\"https:\/\/x.com\/talkpalai\",\"https:\/\/www.linkedin.com\/company\/talkpal\/\",\"https:\/\/www.youtube.com\/@TalkPal\/\",\"https:\/\/www.tiktok.com\/@talkpal\",\"https:\/\/www.instagram.com\/talkpal_ai\/\",\"https:\/\/www.crunchbase.com\/organization\/talkpal-9cde\",\"https:\/\/www.g2.com\/products\/talkpal-for-business\/\",\"https:\/\/www.trustpilot.com\/review\/talkpal.ai\",\"https:\/\/www.capterra.com\/p\/10006800\/TalkPal\/\"],\"description\":\"Talkpal is a language learning web and mobile education app, powered by the latest AI technologies, that provides engaging experiences to its customers in many different languages to help them improve their language skills. Users can chat about unlimited amount of topics with the app and use other modes to practice their language learning.\",\"email\":\"support@talkpal.ai\",\"legalName\":\"Talkpal, Inc.\",\"foundingDate\":\"2023-04-03\",\"duns\":\"118989042\",\"numberOfEmployees\":{\"@type\":\"QuantitativeValue\",\"minValue\":\"11\",\"maxValue\":\"50\"},\"publishingPrinciples\":\"https:\/\/talkpal.ai\/publishing-principles\/\",\"actionableFeedbackPolicy\":\"https:\/\/talkpal.ai\/actionable-feedback-policy\/\",\"correctionsPolicy\":\"https:\/\/talkpal.ai\/corrections-policy\/\",\"ethicsPolicy\":\"https:\/\/talkpal.ai\/ethics-policy\/\",\"diversityPolicy\":\"https:\/\/talkpal.ai\/diversity-policy\/\",\"diversityStaffingReport\":\"https:\/\/talkpal.ai\/diversity-policy\/\"}]}<\/script>\n<!-- \/ Yoast SEO Premium plugin. -->","yoast_head_json":{"title":"T\u00fcrk dilinin qrammatikas\u0131 - Talkpal","description":"T\u00fcrk dilinin qrammatikas\u0131n\u0131n sirl\u0259rini onun \u0259sas prinsipl\u0259ri v\u0259 c\u00fcml\u0259 qurulu\u015funa dair h\u0259rt\u0259r\u0259fli b\u0259l\u0259d\u00e7imizl\u0259 a\u00e7\u0131n.","robots":{"index":"index","follow":"follow","max-snippet":"max-snippet:-1","max-image-preview":"max-image-preview:large","max-video-preview":"max-video-preview:-1"},"canonical":"https:\/\/talkpal.ai\/az\/turk-dilinin-qrammatikasi\/","og_locale":"az_AZ","og_type":"article","og_title":"T\u00fcrk dilinin qrammatikas\u0131","og_description":"T\u00fcrk dilinin qrammatikas\u0131n\u0131n son b\u0259l\u0259d\u00e7isi: B\u0259nz\u0259rsiz bir dilin inc\u0259likl\u0259rini s\u0259f\u0259rb\u0259r etm\u0259k T\u00fcrk dilinin qrammatikas\u0131 dilin \u00f6z\u00fc kimi, dil elementl\u0259rinin","og_url":"https:\/\/talkpal.ai\/az\/turk-dilinin-qrammatikasi\/","og_site_name":"Talkpal","article_publisher":"https:\/\/www.facebook.com\/profile.php?id=100090733639311","article_modified_time":"2025-12-13T15:57:39+00:00","og_image":[{"width":512,"height":512,"url":"https:\/\/talkpal.ai\/wp-content\/uploads\/2023\/05\/turkish.png","type":"image\/png"}],"twitter_card":"summary_large_image","twitter_site":"@talkpalai","twitter_misc":{"Est. reading time":"5 minutes"},"schema":{"@context":"https:\/\/schema.org","@graph":[{"@type":"WebPage","@id":"https:\/\/talkpal.ai\/az\/turk-dilinin-qrammatikasi\/","url":"https:\/\/talkpal.ai\/az\/turk-dilinin-qrammatikasi\/","name":"T\u00fcrk dilinin qrammatikas\u0131 - Talkpal","isPartOf":{"@id":"https:\/\/talkpal.ai\/az\/#website"},"primaryImageOfPage":{"@id":"https:\/\/talkpal.ai\/az\/turk-dilinin-qrammatikasi\/#primaryimage"},"image":{"@id":"https:\/\/talkpal.ai\/az\/turk-dilinin-qrammatikasi\/#primaryimage"},"thumbnailUrl":"https:\/\/talkpal.ai\/wp-content\/uploads\/2023\/05\/turkish.png","datePublished":"2023-05-14T14:23:49+00:00","dateModified":"2025-12-13T15:57:39+00:00","description":"T\u00fcrk dilinin qrammatikas\u0131n\u0131n sirl\u0259rini onun \u0259sas prinsipl\u0259ri v\u0259 c\u00fcml\u0259 qurulu\u015funa dair h\u0259rt\u0259r\u0259fli b\u0259l\u0259d\u00e7imizl\u0259 a\u00e7\u0131n.","breadcrumb":{"@id":"https:\/\/talkpal.ai\/az\/turk-dilinin-qrammatikasi\/#breadcrumb"},"inLanguage":"az","potentialAction":[{"@type":"ReadAction","target":["https:\/\/talkpal.ai\/az\/turk-dilinin-qrammatikasi\/"]}]},{"@type":"ImageObject","inLanguage":"az","@id":"https:\/\/talkpal.ai\/az\/turk-dilinin-qrammatikasi\/#primaryimage","url":"https:\/\/talkpal.ai\/wp-content\/uploads\/2023\/05\/turkish.png","contentUrl":"https:\/\/talkpal.ai\/wp-content\/uploads\/2023\/05\/turkish.png","width":512,"height":512},{"@type":"BreadcrumbList","@id":"https:\/\/talkpal.ai\/az\/turk-dilinin-qrammatikasi\/#breadcrumb","itemListElement":[{"@type":"ListItem","position":1,"name":"Homepage","item":"https:\/\/talkpal.ai\/az\/"},{"@type":"ListItem","position":2,"name":"T\u00fcrk dilinin qrammatikas\u0131"}]},{"@type":"WebSite","@id":"https:\/\/talkpal.ai\/az\/#website","url":"https:\/\/talkpal.ai\/az\/","name":"Talkpal","description":"AI Language Learning","publisher":{"@id":"https:\/\/talkpal.ai\/az\/#organization"},"alternateName":"Talkpal AI","potentialAction":[{"@type":"SearchAction","target":{"@type":"EntryPoint","urlTemplate":"https:\/\/talkpal.ai\/az\/?s={search_term_string}"},"query-input":{"@type":"PropertyValueSpecification","valueRequired":true,"valueName":"search_term_string"}}],"inLanguage":"az"},{"@type":"Organization","@id":"https:\/\/talkpal.ai\/az\/#organization","name":"Talkpal, Inc.","alternateName":"Talkpal AI","url":"https:\/\/talkpal.ai\/az\/","logo":{"@type":"ImageObject","inLanguage":"az","@id":"https:\/\/talkpal.ai\/az\/#\/schema\/logo\/image\/","url":"https:\/\/talkpal.ai\/wp-content\/uploads\/2024\/03\/Talkpal-Logo-Icon.png","contentUrl":"https:\/\/talkpal.ai\/wp-content\/uploads\/2024\/03\/Talkpal-Logo-Icon.png","width":2880,"height":2880,"caption":"Talkpal, Inc."},"image":{"@id":"https:\/\/talkpal.ai\/az\/#\/schema\/logo\/image\/"},"sameAs":["https:\/\/www.facebook.com\/profile.php?id=100090733639311","https:\/\/x.com\/talkpalai","https:\/\/www.linkedin.com\/company\/talkpal\/","https:\/\/www.youtube.com\/@TalkPal\/","https:\/\/www.tiktok.com\/@talkpal","https:\/\/www.instagram.com\/talkpal_ai\/","https:\/\/www.crunchbase.com\/organization\/talkpal-9cde","https:\/\/www.g2.com\/products\/talkpal-for-business\/","https:\/\/www.trustpilot.com\/review\/talkpal.ai","https:\/\/www.capterra.com\/p\/10006800\/TalkPal\/"],"description":"Talkpal is a language learning web and mobile education app, powered by the latest AI technologies, that provides engaging experiences to its customers in many different languages to help them improve their language skills. Users can chat about unlimited amount of topics with the app and use other modes to practice their language learning.","email":"support@talkpal.ai","legalName":"Talkpal, Inc.","foundingDate":"2023-04-03","duns":"118989042","numberOfEmployees":{"@type":"QuantitativeValue","minValue":"11","maxValue":"50"},"publishingPrinciples":"https:\/\/talkpal.ai\/publishing-principles\/","actionableFeedbackPolicy":"https:\/\/talkpal.ai\/actionable-feedback-policy\/","correctionsPolicy":"https:\/\/talkpal.ai\/corrections-policy\/","ethicsPolicy":"https:\/\/talkpal.ai\/ethics-policy\/","diversityPolicy":"https:\/\/talkpal.ai\/diversity-policy\/","diversityStaffingReport":"https:\/\/talkpal.ai\/diversity-policy\/"}]}},"_links":{"self":[{"href":"https:\/\/talkpal.ai\/az\/wp-json\/wp\/v2\/pages\/153137","targetHints":{"allow":["GET"]}}],"collection":[{"href":"https:\/\/talkpal.ai\/az\/wp-json\/wp\/v2\/pages"}],"about":[{"href":"https:\/\/talkpal.ai\/az\/wp-json\/wp\/v2\/types\/page"}],"author":[{"embeddable":true,"href":"https:\/\/talkpal.ai\/az\/wp-json\/wp\/v2\/users\/1"}],"replies":[{"embeddable":true,"href":"https:\/\/talkpal.ai\/az\/wp-json\/wp\/v2\/comments?post=153137"}],"version-history":[{"count":0,"href":"https:\/\/talkpal.ai\/az\/wp-json\/wp\/v2\/pages\/153137\/revisions"}],"wp:featuredmedia":[{"embeddable":true,"href":"https:\/\/talkpal.ai\/az\/wp-json\/wp\/v2\/media\/120956"}],"wp:attachment":[{"href":"https:\/\/talkpal.ai\/az\/wp-json\/wp\/v2\/media?parent=153137"}],"curies":[{"name":"wp","href":"https:\/\/api.w.org\/{rel}","templated":true}]}}