{"id":152836,"date":"2023-05-14T14:23:21","date_gmt":"2023-05-14T14:23:21","guid":{"rendered":"http:\/\/talkpal.ai\/taqaloq-qrammatikasi\/"},"modified":"2025-12-17T15:40:01","modified_gmt":"2025-12-17T15:40:01","slug":"taqaloq-qrammatikasi","status":"publish","type":"page","link":"https:\/\/talkpal.ai\/az\/taqaloq-qrammatikasi\/","title":{"rendered":"Taqaloq Qrammatikas\u0131"},"content":{"rendered":"\r\n\r\n\r\n<section class=\"languageChallengeSection\">\r\n    <div class=\"languageInfoWrapper\">\r\n        \r\n        <h1>Taqaloq Qrammatikas\u0131<\/h1>\r\n        <p>Taqal dilini <a href=\"https:\/\/talkpal.ai\/az\/oyr%c9%99nm%c9%99k\/\">\u00f6yr\u0259nm\u0259k<\/a> \u00e7ox sevindiricidir? Taqaloq qrammatikalar\u0131n\u0131 ara\u015fd\u0131r\u0131n. Burada unikal feil fokus sisteml\u0259ri, elastik c\u00fcml\u0259 s\u0131ras\u0131 v\u0259 k\u00f6m\u0259k\u00e7i hiss\u0259cikl\u0259r maraql\u0131 oldu\u011fu q\u0259d\u0259r ifad\u0259li bir dil yarad\u0131r. S\u0259yah\u0259tiniz\u0259 indi ba\u015flay\u0131n &#8211; Taqaloq qrammatikas\u0131na yiy\u0259l\u0259nm\u0259k siz\u0259 \u0259minlikl\u0259 \u00fcnsiyy\u0259t qurma\u011fa v\u0259 Filippinin canl\u0131 m\u0259d\u0259niyy\u0259tin\u0259 q\u0259rq olma\u011fa g\u00fcc ver\u0259c\u0259k!<\/p>\r\n\r\n                            <a class=\"getStartedHidden\" href=\"https:\/\/app.talkpal.ai\/signup?lng=\">Ba\u015fla<\/a>\r\n        \r\n    <\/div>\r\n\r\n    <figure>\r\n    <img decoding=\"async\" width=\"768\" height=\"768\" src=\"https:\/\/talkpal.ai\/wp-content\/uploads\/2023\/06\/tagalog-768x768.png\" class=\"languageImage no-lazy\" alt=\"Overcoming challenges in language learning\" fetchpriority=\"high\" sizes=\"(max-width: 768px) 150px, 768px\" srcset=\"https:\/\/talkpal.ai\/wp-content\/uploads\/2023\/06\/tagalog-768x768.png 768w, https:\/\/talkpal.ai\/wp-content\/uploads\/2023\/06\/tagalog-300x300.png 300w\" \/>\r\n    \r\n\r\n    <\/figure>\r\n\r\n            <a class=\"getStartedVisible\" href=\"https:\/\/app.talkpal.ai\/signup?lng=\">Ba\u015fla<\/a>\r\n    \r\n<\/section>\r\n<section class=\"promotionalBanner\">\r\n    <p class=\"promotionalText\">Dil \u00f6yr\u0259nm\u0259yin \u0259n t\u0259sirli yolu<\/p>\r\n    <a class=\"promotionalLink\" href=\"https:\/\/app.talkpal.ai\/signup?lng=\">Talkpal pulsuz s\u0131nay\u0131n<\/a>\r\n<\/section>\n<div class=\"wp-block-group pageContainerStyle\"><div class=\"wp-block-group__inner-container is-layout-constrained wp-block-group-is-layout-constrained\">\n<h1 class=\"wp-block-heading\" id=\"h-tagalog-grammar-get-to-know-the-heart-of-filipino-language\">Taqal qrammatikas\u0131: Filippin dilinin \u00fcr\u0259kl\u0259ri il\u0259 tan\u0131\u015f olun<\/h1>\n\n\n\n<p>Filippinin (Filippinin) milli dilinin \u0259sas\u0131n\u0131 t\u0259\u015fkil ed\u0259n Taqal dili b\u00fct\u00fcn d\u00fcnyada milyonlarla insan t\u0259r\u0259find\u0259n dan\u0131\u015f\u0131l\u0131r. Taqal dilini \u00f6yr\u0259nm\u0259k \u00fc\u00e7\u00fcn \u0259vv\u0259lc\u0259 onun m\u00fcr\u0259kk\u0259b v\u0259 maraql\u0131 qrammatikas\u0131n\u0131 ba\u015fa d\u00fc\u015fm\u0259k laz\u0131md\u0131r. Bu m\u0259qal\u0259d\u0259 tagaloq dilinin qrammatikas\u0131 il\u0259 ba\u011fl\u0131 vacib m\u0259qamlar\u0131 ara\u015fd\u0131racaq, bu g\u00f6z\u0259l dili dan\u0131\u015f\u0131q v\u0259 mehribanl\u0131qla qiym\u0259tl\u0259ndirm\u0259y\u0259 k\u00f6m\u0259k ed\u0259c\u0259yik.<\/p>\n\n\n\n<h3 class=\"wp-block-heading\" id=\"h-1-nouns-genderless-countable-and-uncountable\">1. Nouns \u2013 Cinssiz, say\u0131l\u0131 v\u0259 hesablanmayan<\/h3>\n\n\n\n<p>Taqal dilind\u0259 nounlar (pangngalan) cins\u0259 g\u00f6r\u0259 kateqoriyaya daxil edilmir, bu is\u0259 b\u0259zi dig\u0259r dill\u0259r\u0259 nisb\u0259t\u0259n idar\u0259 etm\u0259yi asanla\u015fd\u0131r\u0131r. Adi isiml\u0259r konkret isiml\u0259ri ifad\u0259 ed\u0259n d\u00fczg\u00fcn isiml\u0259rl\u0259 insanlara, heyvanlara, yerl\u0259r\u0259, \u0259\u015fyalara v\u0259 ya ideyalara aid edilir. Siz h\u0259m say\u0131la bil\u0259n (\u201cev\u201d m\u0259nas\u0131n\u0131 ver\u0259n t\u0259hanan), h\u0259m d\u0259 say\u0131la bilm\u0259y\u0259n isiml\u0259rl\u0259 (tubiq, \u201csu\u201d dem\u0259kdir) qar\u015f\u0131la\u015facaqs\u0131n\u0131z. \u0130siml\u0259r h\u0259m\u00e7inin \u201cmga\u201d kimi x\u00fcsusi markerl\u0259r \u0259lav\u0259 etm\u0259kl\u0259 c\u0259m formas\u0131na \u00e7evril\u0259 bil\u0259r.<\/p>\n\n\n\n<h3 class=\"wp-block-heading\" id=\"h-2-adjectives-describing-with-flair\">2. Adjectives \u2013 Flair il\u0259 t\u0259svir<\/h3>\n\n\n\n<p>Adjectives (pang-uri) nouns haqq\u0131nda daha \u00e7ox m\u0259lumat verir. Tagalog-da adjectives istifad\u0259 etm\u0259k \u00fc\u00e7\u00fcn bir ne\u00e7\u0259 \u00fcsul var. \u0130siml\u0259rin m\u00fcqayis\u0259si, m\u00fcqayis\u0259li v\u0259 \u00fcst\u00fcn d\u0259r\u0259c\u0259l\u0259r yaratmaq \u00fc\u00e7\u00fcn \u201cmas\u201d v\u0259 \u201cpinaka\u201d markerl\u0259rind\u0259n istifad\u0259 etm\u0259kl\u0259 sif\u0259tl\u0259r vasit\u0259sil\u0259 \u0259ld\u0259 edilir. M\u0259s\u0259l\u0259n, &#8220;maganda&#8221; &#8220;g\u00f6z\u0259l&#8221; dem\u0259kdir, &#8220;mas maganda&#8221; &#8220;daha g\u00f6z\u0259l&#8221; v\u0259 &#8220;pinakamaganda&#8221; &#8220;\u0259n g\u00f6z\u0259l&#8221; dem\u0259kdir.<\/p>\n\n\n\n<h3 class=\"wp-block-heading\" id=\"h-3-pronouns-keeping-it-personal\">3. Pronouns \u2013 \u015e\u0259xsi saxlamaq<\/h3>\n\n\n\n<p>Taqaloq qrammatikas\u0131 \u015f\u0259xsi, e&#8217;ibar\u0131, n\u00fcmayi\u015fkar, sor\u011fu-sual v\u0259 nisbi t\u0259l\u0259ff\u00fczl\u0259rd\u0259n ibar\u0259tdir. \u015e\u0259xsi pronounlar \u00fc\u00e7 halda g\u0259lir: nominativ (m\u00f6vzuya i\u015far\u0259 ed\u0259n), genitiv (sahiblik g\u00f6st\u0259r\u0259n), ittihamedici (obyekti g\u00f6st\u0259r\u0259n). \u201cito\u201d (bu) v\u0259 \u201ciyan\u201d (bu) kimi n\u00fcmayi\u015f \u0259v\u0259zlikl\u0259ri konkret \u015feyl\u0259ri g\u00f6st\u0259rm\u0259k \u00fc\u00e7\u00fcn, sual \u0259v\u0259zlikl\u0259ri is\u0259 sual verm\u0259k \u00fc\u00e7\u00fcn istifad\u0259 olunur.<\/p>\n\n\n\n<h3 class=\"wp-block-heading\" id=\"h-4-verbs-conjugation-and-focus\">4. Feill\u0259r \u2013 Konjuqasiya v\u0259 fokus<\/h3>\n\n\n\n<p>Taqaloq feill\u0259ri (pandiwa) c\u00fcml\u0259nin qurulmas\u0131nda m\u00fch\u00fcm rol oynay\u0131r, onlar\u0131n konyuqasiyas\u0131 is\u0259 f\u0259rqlidir. G\u0259rgin d\u0259yi\u015fiklikl\u0259r \u0259v\u0259zin\u0259, Taqal dilind\u0259 feli konyunkasiyalar aspekt d\u0259yi\u015fiklikl\u0259rini n\u0259z\u0259rd\u0259 tutur. \u00dc\u00e7 feli aspekt vard\u0131r: tamamlanm\u0131\u015f (kamil), tamamlanmam\u0131\u015f (qeyri-kamil), v\u0259 d\u00fc\u015f\u00fcnm\u0259k (g\u0259l\u0259c\u0259k).  <\/p>\n\n\n\n<p>Bundan ba\u015fqa, Taqaloq feill\u0259rl\u0259 ba\u011fl\u0131 unikal fokus sistemin\u0259 malikdir. Bu sistemd\u0259 feli sif\u0259t formas\u0131 c\u00fcml\u0259nin hans\u0131 hiss\u0259sin\u0259 fokuslanm\u0131\u015f olmas\u0131 il\u0259 \u0259laq\u0259dar olaraq d\u0259yi\u015fir. M\u0259s\u0259l\u0259n, h\u0259r\u0259k\u0259tin obyekti, subyekti v\u0259 ya istiqam\u0259ti. \u201cUm-\u201d, \u201cmag-\u201d v\u0259 \u201c-in\u201d kimi \u0259sas markerl\u0259r c\u00fcml\u0259l\u0259rd\u0259 m\u00fcxt\u0259lif n\u00fcanslar\u0131 \u00e7atd\u0131rma\u011fa k\u00f6m\u0259k edir.<\/p>\n\n\n\n<h3 class=\"wp-block-heading\" id=\"h-5-embracing-the-journey\">5. S\u0259f\u0259r qucaqlamaq<\/h3>\n\n\n\n<p>Taqaloq qrammatikas\u0131n\u0131 \u00f6yr\u0259nm\u0259k \u00fc\u00e7\u00fcn vaxt, s\u0259y v\u0259 d\u00f6z\u00fcm laz\u0131md\u0131r. Lakin bir zamanlar ustal\u0131qla yiy\u0259l\u0259n\u0259n bu unikall\u0131q Filippin m\u0259d\u0259niyy\u0259ti v\u0259 irsi haqq\u0131nda m\u00fcqayis\u0259olunmaz t\u0259s\u0259vv\u00fcrl\u0259r yarad\u0131r. A\u00e7\u0131q fikirli olun, ard\u0131c\u0131l m\u0259\u015fq edin v\u0259 dan\u0131\u015fark\u0259n s\u0259hv etm\u0259kd\u0259n qorxmay\u0131n.<\/p>\n\n\n\n<p>Taqaloq qrammatikas\u0131n\u0131n n\u00fcanslar\u0131na daha d\u0259rind\u0259n baxd\u0131qca, onun t\u0259klif etdiyi canl\u0131l\u0131q v\u0259 z\u0259nginlikd\u0259n z\u00f6vq almaq \u00fc\u00e7\u00fcn vaxt ay\u0131r\u0131n. Bu dili h\u0259qiq\u0259t\u0259n d\u0259 qeyri- adi ed\u0259n m\u00fcr\u0259kk\u0259blikl\u0259ri ba\u015fa d\u00fc\u015fm\u0259yin. Malyaqayanq pag-aaral-aaral- xo\u015fb\u0259xt \u00f6yr\u0259nm\u0259!<\/p>\n<\/div><\/div>\n\r\n<section class=\"learnNavigationSection\">\r\n            \r\n        <a href=\"https:\/\/talkpal.ai\/az\/taqaloq-oyr%c9%99n\/\">\r\n            <div class=\"learnNavigationWrapper\">\r\n                <div class=\"learnNavigationContent\">\r\n                    <img decoding=\"async\" src=\"https:\/\/talkpal.ai\/wp-content\/uploads\/2024\/08\/Tagalog.jpg\" alt=\"Philippines Flag\">\r\n                    <div>\r\n                        <h4>Tagalog Learning Haqq\u0131nda<\/h4>\r\n                        <p>Tagalog qrammatikas\u0131 haqq\u0131nda h\u0259r \u015feyi \u00f6yr\u0259nin .<\/p>\r\n                    <\/div>\r\n                <\/div>\r\n            <\/div>\r\n        <\/a>\r\n\r\n        \r\n        <a href=\"https:\/\/talkpal.ai\/az\/tagalog-qrammatika-m%c9%99sql%c9%99ri\/\">\r\n            <div class=\"learnNavigationWrapper\">\r\n                <div class=\"learnNavigationContent\">\r\n                    <img decoding=\"async\" src=\"https:\/\/talkpal.ai\/wp-content\/uploads\/2024\/08\/Tagalog.jpg\" alt=\"Philippines Flag\">\r\n                    <div>\r\n                        <h4>Taqaloq Qrammatikas\u0131 M\u0259\u015fqi<\/h4>\r\n                        <p>Tagalog qrammatika praktik.<\/p>\r\n                    <\/div>\r\n                <\/div>\r\n            <\/div>\r\n        <\/a>\r\n\r\n        \r\n        <a href=\"https:\/\/talkpal.ai\/vocabulary_language\/tagalog\/\">\r\n            <div class=\"learnNavigationWrapper\">\r\n                <div class=\"learnNavigationContent\">\r\n                    <img decoding=\"async\" src=\"https:\/\/talkpal.ai\/wp-content\/uploads\/2024\/08\/Tagalog.jpg\" alt=\"Philippines Flag\">\r\n                    <div>\r\n                        <h4>Taqaloq l\u00fc\u011f\u0259ti<\/h4>\r\n                        <p>Taqaloq l\u00fc\u011f\u0259tinizi geni\u015fl\u0259ndirin.<\/p>\r\n                    <\/div>\r\n                <\/div>\r\n            <\/div>\r\n        <\/a>\r\n\r\n            <\/section>","protected":false},"excerpt":{"rendered":"<p>Taqal qrammatikas\u0131: Filippin dilinin \u00fcr\u0259kl\u0259ri il\u0259 tan\u0131\u015f olun Filippinin (Filippinin) milli dilinin \u0259sas\u0131n\u0131 t\u0259\u015fkil ed\u0259n Taqal dili b\u00fct\u00fcn d\u00fcnyada milyonlarla insan t\u0259r\u0259find\u0259n dan\u0131\u015f\u0131l\u0131r. Taqal dilini \u00f6yr\u0259nm\u0259k \u00fc\u00e7\u00fcn \u0259vv\u0259lc\u0259 onun m\u00fcr\u0259kk\u0259b v\u0259 maraql\u0131 qrammatikas\u0131n\u0131 ba\u015fa d\u00fc\u015fm\u0259k laz\u0131md\u0131r. Bu m\u0259qal\u0259d\u0259 tagaloq dilinin qrammatikas\u0131 il\u0259 ba\u011fl\u0131 vacib m\u0259qamlar\u0131 ara\u015fd\u0131racaq, bu g\u00f6z\u0259l dili dan\u0131\u015f\u0131q v\u0259 mehribanl\u0131qla qiym\u0259tl\u0259ndirm\u0259y\u0259 k\u00f6m\u0259k ed\u0259c\u0259yik. [&hellip;]<\/p>\n","protected":false},"author":1,"featured_media":119994,"parent":0,"menu_order":0,"comment_status":"closed","ping_status":"closed","template":"LearningContentPage.php","meta":{"_acf_changed":false,"footnotes":""},"class_list":["post-152836","page","type-page","status-publish","has-post-thumbnail","hentry"],"acf":[],"yoast_head":"<!-- This site is optimized with the Yoast SEO Premium plugin v27.2 (Yoast SEO v27.2) - https:\/\/yoast.com\/product\/yoast-seo-premium-wordpress\/ -->\n<title>Taqaloq Qrammatikas\u0131 - Talkpal<\/title>\n<meta name=\"description\" content=\"Taqaloq qrammatika z\u0259ruril\u0259rini ara\u015fd\u0131r\u0131n v\u0259 bu g\u00f6z\u0259l dili sad\u0259 v\u0259 mehriban bir \u015f\u0259kild\u0259 qiym\u0259tl\u0259ndirm\u0259yi \u00f6yr\u0259nin.\" \/>\n<meta name=\"robots\" content=\"index, follow, max-snippet:-1, max-image-preview:large, max-video-preview:-1\" \/>\n<link rel=\"canonical\" href=\"https:\/\/talkpal.ai\/az\/taqaloq-qrammatikasi\/\" \/>\n<meta property=\"og:locale\" content=\"az_AZ\" \/>\n<meta property=\"og:type\" content=\"article\" \/>\n<meta property=\"og:title\" content=\"Taqaloq Qrammatikas\u0131\" \/>\n<meta property=\"og:description\" content=\"Taqal qrammatikas\u0131: Filippin dilinin \u00fcr\u0259kl\u0259ri il\u0259 tan\u0131\u015f olun Filippinin (Filippinin) milli dilinin \u0259sas\u0131n\u0131 t\u0259\u015fkil ed\u0259n Taqal dili b\u00fct\u00fcn d\u00fcnyada\" \/>\n<meta property=\"og:url\" content=\"https:\/\/talkpal.ai\/az\/taqaloq-qrammatikasi\/\" \/>\n<meta property=\"og:site_name\" content=\"Talkpal\" \/>\n<meta property=\"article:publisher\" content=\"https:\/\/www.facebook.com\/profile.php?id=100090733639311\" \/>\n<meta property=\"article:modified_time\" content=\"2025-12-17T15:40:01+00:00\" \/>\n<meta property=\"og:image\" content=\"https:\/\/talkpal.ai\/wp-content\/uploads\/2023\/05\/Tagalog-philippines.png\" \/>\n\t<meta property=\"og:image:width\" content=\"512\" \/>\n\t<meta property=\"og:image:height\" content=\"512\" \/>\n\t<meta property=\"og:image:type\" content=\"image\/png\" \/>\n<meta name=\"twitter:card\" content=\"summary_large_image\" \/>\n<meta name=\"twitter:site\" content=\"@talkpalai\" \/>\n<meta name=\"twitter:label1\" content=\"Est. reading time\" \/>\n\t<meta name=\"twitter:data1\" content=\"3 minutes\" \/>\n<script type=\"application\/ld+json\" class=\"yoast-schema-graph\">{\"@context\":\"https:\/\/schema.org\",\"@graph\":[{\"@type\":\"WebPage\",\"@id\":\"https:\/\/talkpal.ai\/az\/taqaloq-qrammatikasi\/\",\"url\":\"https:\/\/talkpal.ai\/az\/taqaloq-qrammatikasi\/\",\"name\":\"Taqaloq Qrammatikas\u0131 - Talkpal\",\"isPartOf\":{\"@id\":\"https:\/\/talkpal.ai\/az\/#website\"},\"primaryImageOfPage\":{\"@id\":\"https:\/\/talkpal.ai\/az\/taqaloq-qrammatikasi\/#primaryimage\"},\"image\":{\"@id\":\"https:\/\/talkpal.ai\/az\/taqaloq-qrammatikasi\/#primaryimage\"},\"thumbnailUrl\":\"https:\/\/talkpal.ai\/wp-content\/uploads\/2023\/05\/Tagalog-philippines.png\",\"datePublished\":\"2023-05-14T14:23:21+00:00\",\"dateModified\":\"2025-12-17T15:40:01+00:00\",\"description\":\"Taqaloq qrammatika z\u0259ruril\u0259rini ara\u015fd\u0131r\u0131n v\u0259 bu g\u00f6z\u0259l dili sad\u0259 v\u0259 mehriban bir \u015f\u0259kild\u0259 qiym\u0259tl\u0259ndirm\u0259yi \u00f6yr\u0259nin.\",\"breadcrumb\":{\"@id\":\"https:\/\/talkpal.ai\/az\/taqaloq-qrammatikasi\/#breadcrumb\"},\"inLanguage\":\"az\",\"potentialAction\":[{\"@type\":\"ReadAction\",\"target\":[\"https:\/\/talkpal.ai\/az\/taqaloq-qrammatikasi\/\"]}]},{\"@type\":\"ImageObject\",\"inLanguage\":\"az\",\"@id\":\"https:\/\/talkpal.ai\/az\/taqaloq-qrammatikasi\/#primaryimage\",\"url\":\"https:\/\/talkpal.ai\/wp-content\/uploads\/2023\/05\/Tagalog-philippines.png\",\"contentUrl\":\"https:\/\/talkpal.ai\/wp-content\/uploads\/2023\/05\/Tagalog-philippines.png\",\"width\":512,\"height\":512},{\"@type\":\"BreadcrumbList\",\"@id\":\"https:\/\/talkpal.ai\/az\/taqaloq-qrammatikasi\/#breadcrumb\",\"itemListElement\":[{\"@type\":\"ListItem\",\"position\":1,\"name\":\"Homepage\",\"item\":\"https:\/\/talkpal.ai\/az\/\"},{\"@type\":\"ListItem\",\"position\":2,\"name\":\"Taqaloq Qrammatikas\u0131\"}]},{\"@type\":\"WebSite\",\"@id\":\"https:\/\/talkpal.ai\/az\/#website\",\"url\":\"https:\/\/talkpal.ai\/az\/\",\"name\":\"Talkpal\",\"description\":\"AI Language Learning\",\"publisher\":{\"@id\":\"https:\/\/talkpal.ai\/az\/#organization\"},\"alternateName\":\"Talkpal AI\",\"potentialAction\":[{\"@type\":\"SearchAction\",\"target\":{\"@type\":\"EntryPoint\",\"urlTemplate\":\"https:\/\/talkpal.ai\/az\/?s={search_term_string}\"},\"query-input\":{\"@type\":\"PropertyValueSpecification\",\"valueRequired\":true,\"valueName\":\"search_term_string\"}}],\"inLanguage\":\"az\"},{\"@type\":\"Organization\",\"@id\":\"https:\/\/talkpal.ai\/az\/#organization\",\"name\":\"Talkpal, Inc.\",\"alternateName\":\"Talkpal AI\",\"url\":\"https:\/\/talkpal.ai\/az\/\",\"logo\":{\"@type\":\"ImageObject\",\"inLanguage\":\"az\",\"@id\":\"https:\/\/talkpal.ai\/az\/#\/schema\/logo\/image\/\",\"url\":\"https:\/\/talkpal.ai\/wp-content\/uploads\/2024\/03\/Talkpal-Logo-Icon.png\",\"contentUrl\":\"https:\/\/talkpal.ai\/wp-content\/uploads\/2024\/03\/Talkpal-Logo-Icon.png\",\"width\":2880,\"height\":2880,\"caption\":\"Talkpal, Inc.\"},\"image\":{\"@id\":\"https:\/\/talkpal.ai\/az\/#\/schema\/logo\/image\/\"},\"sameAs\":[\"https:\/\/www.facebook.com\/profile.php?id=100090733639311\",\"https:\/\/x.com\/talkpalai\",\"https:\/\/www.linkedin.com\/company\/talkpal\/\",\"https:\/\/www.youtube.com\/@TalkPal\/\",\"https:\/\/www.tiktok.com\/@talkpal\",\"https:\/\/www.instagram.com\/talkpal_ai\/\",\"https:\/\/www.crunchbase.com\/organization\/talkpal-9cde\",\"https:\/\/www.g2.com\/products\/talkpal-for-business\/\",\"https:\/\/www.trustpilot.com\/review\/talkpal.ai\",\"https:\/\/www.capterra.com\/p\/10006800\/TalkPal\/\"],\"description\":\"Talkpal is a language learning web and mobile education app, powered by the latest AI technologies, that provides engaging experiences to its customers in many different languages to help them improve their language skills. Users can chat about unlimited amount of topics with the app and use other modes to practice their language learning.\",\"email\":\"support@talkpal.ai\",\"legalName\":\"Talkpal, Inc.\",\"foundingDate\":\"2023-04-03\",\"duns\":\"118989042\",\"numberOfEmployees\":{\"@type\":\"QuantitativeValue\",\"minValue\":\"11\",\"maxValue\":\"50\"},\"publishingPrinciples\":\"https:\/\/talkpal.ai\/publishing-principles\/\",\"actionableFeedbackPolicy\":\"https:\/\/talkpal.ai\/actionable-feedback-policy\/\",\"correctionsPolicy\":\"https:\/\/talkpal.ai\/corrections-policy\/\",\"ethicsPolicy\":\"https:\/\/talkpal.ai\/ethics-policy\/\",\"diversityPolicy\":\"https:\/\/talkpal.ai\/diversity-policy\/\",\"diversityStaffingReport\":\"https:\/\/talkpal.ai\/diversity-policy\/\"}]}<\/script>\n<!-- \/ Yoast SEO Premium plugin. -->","yoast_head_json":{"title":"Taqaloq Qrammatikas\u0131 - Talkpal","description":"Taqaloq qrammatika z\u0259ruril\u0259rini ara\u015fd\u0131r\u0131n v\u0259 bu g\u00f6z\u0259l dili sad\u0259 v\u0259 mehriban bir \u015f\u0259kild\u0259 qiym\u0259tl\u0259ndirm\u0259yi \u00f6yr\u0259nin.","robots":{"index":"index","follow":"follow","max-snippet":"max-snippet:-1","max-image-preview":"max-image-preview:large","max-video-preview":"max-video-preview:-1"},"canonical":"https:\/\/talkpal.ai\/az\/taqaloq-qrammatikasi\/","og_locale":"az_AZ","og_type":"article","og_title":"Taqaloq Qrammatikas\u0131","og_description":"Taqal qrammatikas\u0131: Filippin dilinin \u00fcr\u0259kl\u0259ri il\u0259 tan\u0131\u015f olun Filippinin (Filippinin) milli dilinin \u0259sas\u0131n\u0131 t\u0259\u015fkil ed\u0259n Taqal dili b\u00fct\u00fcn d\u00fcnyada","og_url":"https:\/\/talkpal.ai\/az\/taqaloq-qrammatikasi\/","og_site_name":"Talkpal","article_publisher":"https:\/\/www.facebook.com\/profile.php?id=100090733639311","article_modified_time":"2025-12-17T15:40:01+00:00","og_image":[{"width":512,"height":512,"url":"https:\/\/talkpal.ai\/wp-content\/uploads\/2023\/05\/Tagalog-philippines.png","type":"image\/png"}],"twitter_card":"summary_large_image","twitter_site":"@talkpalai","twitter_misc":{"Est. reading time":"3 minutes"},"schema":{"@context":"https:\/\/schema.org","@graph":[{"@type":"WebPage","@id":"https:\/\/talkpal.ai\/az\/taqaloq-qrammatikasi\/","url":"https:\/\/talkpal.ai\/az\/taqaloq-qrammatikasi\/","name":"Taqaloq Qrammatikas\u0131 - Talkpal","isPartOf":{"@id":"https:\/\/talkpal.ai\/az\/#website"},"primaryImageOfPage":{"@id":"https:\/\/talkpal.ai\/az\/taqaloq-qrammatikasi\/#primaryimage"},"image":{"@id":"https:\/\/talkpal.ai\/az\/taqaloq-qrammatikasi\/#primaryimage"},"thumbnailUrl":"https:\/\/talkpal.ai\/wp-content\/uploads\/2023\/05\/Tagalog-philippines.png","datePublished":"2023-05-14T14:23:21+00:00","dateModified":"2025-12-17T15:40:01+00:00","description":"Taqaloq qrammatika z\u0259ruril\u0259rini ara\u015fd\u0131r\u0131n v\u0259 bu g\u00f6z\u0259l dili sad\u0259 v\u0259 mehriban bir \u015f\u0259kild\u0259 qiym\u0259tl\u0259ndirm\u0259yi \u00f6yr\u0259nin.","breadcrumb":{"@id":"https:\/\/talkpal.ai\/az\/taqaloq-qrammatikasi\/#breadcrumb"},"inLanguage":"az","potentialAction":[{"@type":"ReadAction","target":["https:\/\/talkpal.ai\/az\/taqaloq-qrammatikasi\/"]}]},{"@type":"ImageObject","inLanguage":"az","@id":"https:\/\/talkpal.ai\/az\/taqaloq-qrammatikasi\/#primaryimage","url":"https:\/\/talkpal.ai\/wp-content\/uploads\/2023\/05\/Tagalog-philippines.png","contentUrl":"https:\/\/talkpal.ai\/wp-content\/uploads\/2023\/05\/Tagalog-philippines.png","width":512,"height":512},{"@type":"BreadcrumbList","@id":"https:\/\/talkpal.ai\/az\/taqaloq-qrammatikasi\/#breadcrumb","itemListElement":[{"@type":"ListItem","position":1,"name":"Homepage","item":"https:\/\/talkpal.ai\/az\/"},{"@type":"ListItem","position":2,"name":"Taqaloq Qrammatikas\u0131"}]},{"@type":"WebSite","@id":"https:\/\/talkpal.ai\/az\/#website","url":"https:\/\/talkpal.ai\/az\/","name":"Talkpal","description":"AI Language Learning","publisher":{"@id":"https:\/\/talkpal.ai\/az\/#organization"},"alternateName":"Talkpal AI","potentialAction":[{"@type":"SearchAction","target":{"@type":"EntryPoint","urlTemplate":"https:\/\/talkpal.ai\/az\/?s={search_term_string}"},"query-input":{"@type":"PropertyValueSpecification","valueRequired":true,"valueName":"search_term_string"}}],"inLanguage":"az"},{"@type":"Organization","@id":"https:\/\/talkpal.ai\/az\/#organization","name":"Talkpal, Inc.","alternateName":"Talkpal AI","url":"https:\/\/talkpal.ai\/az\/","logo":{"@type":"ImageObject","inLanguage":"az","@id":"https:\/\/talkpal.ai\/az\/#\/schema\/logo\/image\/","url":"https:\/\/talkpal.ai\/wp-content\/uploads\/2024\/03\/Talkpal-Logo-Icon.png","contentUrl":"https:\/\/talkpal.ai\/wp-content\/uploads\/2024\/03\/Talkpal-Logo-Icon.png","width":2880,"height":2880,"caption":"Talkpal, Inc."},"image":{"@id":"https:\/\/talkpal.ai\/az\/#\/schema\/logo\/image\/"},"sameAs":["https:\/\/www.facebook.com\/profile.php?id=100090733639311","https:\/\/x.com\/talkpalai","https:\/\/www.linkedin.com\/company\/talkpal\/","https:\/\/www.youtube.com\/@TalkPal\/","https:\/\/www.tiktok.com\/@talkpal","https:\/\/www.instagram.com\/talkpal_ai\/","https:\/\/www.crunchbase.com\/organization\/talkpal-9cde","https:\/\/www.g2.com\/products\/talkpal-for-business\/","https:\/\/www.trustpilot.com\/review\/talkpal.ai","https:\/\/www.capterra.com\/p\/10006800\/TalkPal\/"],"description":"Talkpal is a language learning web and mobile education app, powered by the latest AI technologies, that provides engaging experiences to its customers in many different languages to help them improve their language skills. Users can chat about unlimited amount of topics with the app and use other modes to practice their language learning.","email":"support@talkpal.ai","legalName":"Talkpal, Inc.","foundingDate":"2023-04-03","duns":"118989042","numberOfEmployees":{"@type":"QuantitativeValue","minValue":"11","maxValue":"50"},"publishingPrinciples":"https:\/\/talkpal.ai\/publishing-principles\/","actionableFeedbackPolicy":"https:\/\/talkpal.ai\/actionable-feedback-policy\/","correctionsPolicy":"https:\/\/talkpal.ai\/corrections-policy\/","ethicsPolicy":"https:\/\/talkpal.ai\/ethics-policy\/","diversityPolicy":"https:\/\/talkpal.ai\/diversity-policy\/","diversityStaffingReport":"https:\/\/talkpal.ai\/diversity-policy\/"}]}},"_links":{"self":[{"href":"https:\/\/talkpal.ai\/az\/wp-json\/wp\/v2\/pages\/152836","targetHints":{"allow":["GET"]}}],"collection":[{"href":"https:\/\/talkpal.ai\/az\/wp-json\/wp\/v2\/pages"}],"about":[{"href":"https:\/\/talkpal.ai\/az\/wp-json\/wp\/v2\/types\/page"}],"author":[{"embeddable":true,"href":"https:\/\/talkpal.ai\/az\/wp-json\/wp\/v2\/users\/1"}],"replies":[{"embeddable":true,"href":"https:\/\/talkpal.ai\/az\/wp-json\/wp\/v2\/comments?post=152836"}],"version-history":[{"count":0,"href":"https:\/\/talkpal.ai\/az\/wp-json\/wp\/v2\/pages\/152836\/revisions"}],"wp:featuredmedia":[{"embeddable":true,"href":"https:\/\/talkpal.ai\/az\/wp-json\/wp\/v2\/media\/119994"}],"wp:attachment":[{"href":"https:\/\/talkpal.ai\/az\/wp-json\/wp\/v2\/media?parent=152836"}],"curies":[{"name":"wp","href":"https:\/\/api.w.org\/{rel}","templated":true}]}}