{"id":152532,"date":"2023-05-14T14:23:00","date_gmt":"2023-05-14T14:23:00","guid":{"rendered":"http:\/\/talkpal.ai\/vyetnam-dilinin-qrammatikasi\/"},"modified":"2025-12-12T10:57:11","modified_gmt":"2025-12-12T10:57:11","slug":"vyetnam-dilinin-qrammatikasi","status":"publish","type":"page","link":"https:\/\/talkpal.ai\/az\/vyetnam-dilinin-qrammatikasi\/","title":{"rendered":"Vyetnam dilinin qrammatikas\u0131"},"content":{"rendered":"\r\n\r\n\r\n<section class=\"languageChallengeSection\">\r\n    <div class=\"languageInfoWrapper\">\r\n        \r\n        <h1>Vyetnam dilinin qrammatikas\u0131<\/h1>\r\n        <p><a href=\"https:\/\/talkpal.ai\/learn-vietnamese\/\">Vyetnam<\/a> qrammatikas\u0131 sad\u0259liyi v\u0259 m\u0259ntiqi qurulu\u015fu il\u0259 tan\u0131n\u0131r v\u0259 onu yeni \u00f6yr\u0259n\u0259nl\u0259r \u00fc\u00e7\u00fcn \u0259l\u00e7atan edir. Romanla\u015fd\u0131r\u0131lm\u0131\u015f \u0259lifba, he\u00e7 bir fel birl\u0259\u015fm\u0259l\u0259ri v\u0259 c\u0259ml\u0259rin minimal istifad\u0259si il\u0259 t\u0259l\u0259b\u0259l\u0259r tez bir zamanda l\u00fc\u011f\u0259t v\u0259 dan\u0131\u015f\u0131q bacar\u0131qlar\u0131n\u0131 inki\u015faf etdir\u0259 bil\u0259rl\u0259r. <a href=\"https:\/\/talkpal.ai\/learn-vietnamese\/\">Vyetnam<\/a> dilini ara\u015fd\u0131rmaq t\u0259kc\u0259 dili \u00f6yr\u0259nm\u0259kd\u0259n ibar\u0259t deyil, h\u0259m d\u0259 \u00f6lk\u0259nin z\u0259ngin m\u0259d\u0259niyy\u0259tin\u0259 v\u0259 tarixin\u0259 bir p\u0259nc\u0259r\u0259 a\u00e7\u0131r.<\/p>\r\n\r\n                            <a class=\"getStartedHidden\" href=\"https:\/\/app.talkpal.ai\/signup?lng=\">Ba\u015fla<\/a>\r\n        \r\n    <\/div>\r\n\r\n    <figure>\r\n    <img decoding=\"async\" width=\"768\" height=\"768\" src=\"https:\/\/talkpal.ai\/wp-content\/uploads\/2023\/06\/vietnamese-768x768.png\" class=\"languageImage no-lazy\" alt=\"Language learning for extensive cultural knowledge\" fetchpriority=\"high\" sizes=\"(max-width: 768px) 150px, 768px\" srcset=\"https:\/\/talkpal.ai\/wp-content\/uploads\/2023\/06\/vietnamese-768x768.png 768w, https:\/\/talkpal.ai\/wp-content\/uploads\/2023\/06\/vietnamese-300x300.png 300w\" \/>\r\n    \r\n\r\n    <\/figure>\r\n\r\n            <a class=\"getStartedVisible\" href=\"https:\/\/app.talkpal.ai\/signup?lng=\">Ba\u015fla<\/a>\r\n    \r\n<\/section>\r\n<section class=\"promotionalBanner\">\r\n    <p class=\"promotionalText\">Dil \u00f6yr\u0259nm\u0259yin \u0259n t\u0259sirli yolu<\/p>\r\n    <a class=\"promotionalLink\" href=\"https:\/\/app.talkpal.ai\/signup?lng=\">Talkpal pulsuz s\u0131nay\u0131n<\/a>\r\n<\/section>\n<div class=\"wp-block-group pageContainerStyle\"><div class=\"wp-block-group__inner-container is-layout-constrained wp-block-group-is-layout-constrained\">\n<h2 class=\"wp-block-heading\" id=\"h-the-intricacies-of-vietnamese-grammar-an-engaging-exploration\">Vyetnam dilinin m\u00fcr\u0259kk\u0259b qrammatikas\u0131. Maraql\u0131 bir k\u0259\u015ff<\/h2>\n\n\n\n<p>D\u0259rin tarixi k\u00f6kl\u0259r\u0259 v\u0259 \u00f6z\u00fcn\u0259m\u0259xsus m\u0259d\u0259ni z\u0259min\u0259 malik vyetnam dili h\u0259m dil\u00e7il\u0259r, h\u0259m d\u0259 dil \u00f6yr\u0259n\u0259nl\u0259r \u00fc\u00e7\u00fcn maraql\u0131 mac\u0259ralar t\u0259klif edir. Vyetnam dilinin qrammatikas\u0131 \u0259vv\u0259lc\u0259 \u00e7\u0259tinlik kimi ortaya \u00e7\u0131xa bil\u0259r, lakin onun sad\u0259 m\u0259ntiqi v\u0259 ard\u0131c\u0131ll\u0131\u011f\u0131 maraql\u0131 \u00f6yr\u0259nm\u0259 t\u0259cr\u00fcb\u0259sin\u0259 yol a\u00e7\u0131r. Bel\u0259likl\u0259, vyetnam dilinin qrammatikas\u0131 il\u0259 ba\u011fl\u0131 maraql\u0131 bir s\u0259yah\u0259t\u0259 haz\u0131rla\u015f.<\/p>\n\n\n\n<h3 class=\"wp-block-heading\" id=\"h-1-the-alphabet-a-gift-from-the-past\">1. X\u0259lif\u0259. Ke\u00e7mi\u015fd\u0259n h\u0259diyy\u0259<\/h3>\n\n\n\n<p>29 h\u0259rfd\u0259n ibar\u0259t olan vyetnam \u0259lifbas\u0131 \u0259sas\u0259n lat\u0131n qrafikas\u0131ndan g\u00f6t\u00fcr\u00fcl\u00fcb. Portuqal v\u0259 <a href=\"https:\/\/talkpal.ai\/az\/fransiz-dilini-oyr%c9%99nm%c9%99-d%c9%99rsl%c9%99ri\/\">frans\u0131z dili<\/a> ba\u015flan\u011f\u0131cd\u0131r. Qu\u1ed1c Ng\u1eef yaz\u0131 say\u0259sind\u0259 romaniz\u0259 edilmi\u015f yaz\u0131ya ke\u00e7id \u0259lifban\u0131 tan\u0131\u015f v\u0259 lat\u0131n m\u0259n\u015f\u0259li dig\u0259r dill\u0259rin natiql\u0259ri \u00fc\u00e7\u00fcn asanl\u0131qla \u0259l\u00e7atan etmi\u015fdir. Bu, yeni ba\u015flayanlar \u00fc\u00e7\u00fcn dilin unikal s\u0259sl\u0259rin\u0259 v\u0259 t\u0259l\u0259ff\u00fcz\u00fcn\u0259 diqq\u0259t yetirm\u0259k \u00fc\u00e7\u00fcn hamar giri\u015f n\u00f6qt\u0259sin\u0259 imkan verir.<\/p>\n\n\n\n<h3 class=\"wp-block-heading\" id=\"h-2-tones-vietnamese-s-musical-notation\">2. Melodiyalar: Vyetnam musiqi notas\u0131<\/h3>\n\n\n\n<p>Vyetnam dili tonal dildir. Burada m\u00fcxt\u0259lif diakritik i\u015far\u0259l\u0259rin i\u015fl\u0259nm\u0259si yolu il\u0259 s\u00f6z\u00fcn m\u0259nas\u0131n\u0131 d\u0259yi\u015fdir\u0259n alt\u0131 f\u0259rqli ton vard\u0131r. Bu tonlar\u0131n ustal\u0131qla m\u0259nims\u0259nilm\u0259si \u00e7\u0259tin ola bil\u0259r, lakin bu, onu daha da c\u0259lb ed\u0259n dil \u00fc\u00e7\u00fcn musiqi v\u0259 n\u00fcans \u0259lav\u0259 edir. S\u0259bir v\u0259 praktika onu m\u00fck\u0259mm\u0259l ed\u0259c\u0259k, vyetnaml\u0131lar\u0131n melodik g\u00f6z\u0259lliyini tam d\u0259y\u0259rl\u0259ndirm\u0259y\u0259 imkan ver\u0259c\u0259k.<\/p>\n\n\n\n<h3 class=\"wp-block-heading\" id=\"h-3-word-order-unraveling-the-vietnamese-sentence-structure\">3. S\u00f6z S\u0131ras\u0131: Vyetnam c\u00fcml\u0259 qurulu\u015funun unraveling<\/h3>\n\n\n\n<p>\u00c7ox \u015f\u00fck\u00fcr ki, Vyetnam dilind\u0259ki s\u00f6z s\u0131ras\u0131 olduqca sad\u0259dir, tan\u0131\u015f Olan Subject-Verb-Object (SVO) format\u0131na riay\u0259t edir. Bu \u0259l\u00e7atan qurulu\u015f ingilis dilind\u0259 dan\u0131\u015fanlar\u0131n dil\u015f\u00fcnasl\u0131qda b\u00f6y\u00fck d\u0259yi\u015fiklik ya\u015famadan vyetnam dilind\u0259 c\u00fcml\u0259l\u0259r qurma\u011f\u0131 asanla\u015fd\u0131r\u0131r. M\u0259s\u0259l\u0259n, \u201cT\u00f4i y\u00eau Vi\u1ec7t Nam!\u201d (M\u0259n Vyetnam\u0131 sevir\u0259m!), Burada h\u0259r iki dil paralel konstruksiyalar\u0131 payla\u015f\u0131r.<\/p>\n\n\n\n<h3 class=\"wp-block-heading\" id=\"h-4-no-more-plural-nouns-or-verb-conjugations\">4. No More Plural Nouns v\u0259 verb conjugations<\/h3>\n\n\n\n<p>Vyetnam dilind\u0259 isiml\u0259r \u00e7oxlu\u011fu g\u00f6st\u0259rm\u0259k \u00fc\u00e7\u00fcn \u00f6z formas\u0131n\u0131 d\u0259yi\u015fmirl\u0259r. Feill\u0259r g\u0259rgin v\u0259 ya m\u00f6vzudan as\u0131l\u0131 olmayaraq ard\u0131c\u0131l olaraq qal\u0131r. Bu, ilk bax\u0131\u015fdan \u00e7a\u015fd\u0131r\u0131c\u0131 g\u00f6r\u00fcns\u0259 d\u0259, qrammatik qaydalar\u0131n \u00f6yr\u0259nilm\u0259sini \u0259h\u0259miyy\u0259tli d\u0259r\u0259c\u0259d\u0259 sad\u0259l\u0259\u015fdirir. \u018fksin\u0259 kontekst v\u0259 \u0259lav\u0259 s\u00f6zl\u0259rin i\u015fl\u0259dil\u0259m\u0259si c\u00fcml\u0259nin m\u0259nas\u0131n\u0131 ayd\u0131nla\u015fd\u0131r\u0131r. El\u0259 is\u0259 (ya Pey\u011f\u0259mb\u0259r!) s\u0259nin ill\u0259rl\u0259 vidala\u015f! (Onun \u0259mrin\u0259 s\u0259n \u0259m\u0259l et!)<\/p>\n\n\n\n<h3 class=\"wp-block-heading\" id=\"h-5-immerse-yourself-in-the-vietnamese-mindset\">5. \u00d6z\u00fcn\u00fc Vyetnam d\u00fc\u015f\u00fcnc\u0259sind\u0259 bat\u0131r<\/h3>\n\n\n\n<p>Vyetnam dilini <a href=\"https:\/\/talkpal.ai\/az\/oyr%c9%99nm%c9%99k\/\">\u00f6yr\u0259nm\u0259k<\/a> t\u0259kc\u0259 onun qrammatikas\u0131n\u0131 m\u0259nims\u0259m\u0259k deyil, h\u0259m d\u0259 dili formala\u015fd\u0131ran m\u0259d\u0259ni, tarixi v\u0259 sosial kontekstl\u0259ri \u0259hat\u0259 etm\u0259kdir. Do\u011fma dan\u0131\u015fanlarla <a href=\"https:\/\/talkpal.ai\/contact\/\">\u0259laq\u0259<\/a> saxlay\u0131n, Vyetnam \u0259d\u0259biyyat\u0131n\u0131 v\u0259 inc\u0259s\u0259n\u0259tini ara\u015fd\u0131r\u0131n v\u0259 mill\u0259tin d\u0259y\u0259rl\u0259ri v\u0259 ad\u0259tl\u0259ri il\u0259 \u0259laq\u0259 yaratma\u011fa \u00e7al\u0131\u015f\u0131n. Bu holistik yana\u015fma sizin dil bacar\u0131qlar\u0131n\u0131z\u0131 art\u0131rmaqla yana\u015f\u0131, Vyetnam\u0131n \u00e7ox\u015fax\u0259li g\u00f6z\u0259lliyi haqq\u0131nda anlay\u0131\u015f\u0131n\u0131z\u0131 da d\u0259rinl\u0259\u015fdir\u0259r.<\/p>\n\n\n\n<h3 class=\"wp-block-heading\" id=\"h-in-conclusion-relish-the-charm-of-vietnamese-grammar\">X\u00fclas\u0259: Vyetnam dilinin qrammatikas\u0131n\u0131n cazib\u0259si<\/h3>\n\n\n\n<p>Vyetnam dilinin qrammatikas\u0131 s\u0259thini \u00e7a\u015f-ba\u015f qoysa da, onun maraql\u0131 qurulu\u015fu v\u0259 do\u011fma sad\u0259liyi \u00f6yr\u0259n\u0259nl\u0259ri dill\u0259 ba\u011fl\u0131 g\u00f6z\u0259l yola \u00e7\u0131xma\u011fa d\u0259v\u0259t edir. Vyetnam d\u00fcnyas\u0131na q\u0259d\u0259m qoyark\u0259n, onun qrammatikas\u0131n\u0131n z\u0259rifliyin\u0259 v\u0259 g\u00f6z\u0259lliyin\u0259 v\u0259 \u0259srl\u0259r boyu dili formala\u015fd\u0131ran z\u0259ngin m\u0259d\u0259ni qobelenl\u0259r\u0259 heyran olacaqs\u0131n\u0131z. Bel\u0259likl\u0259, gedin v\u0259 bu sechanting dilinin linqvistik m\u0259nz\u0259r\u0259sini seyr ed\u0259rk\u0259n Vyetnam dilinin qrammatikas\u0131n\u0131n m\u00f6c\u00fcz\u0259l\u0259rini ara\u015fd\u0131r\u0131n.<\/p>\n<\/div><\/div>\n\r\n<section class=\"learnNavigationSection\">\r\n            \r\n        <a href=\"https:\/\/talkpal.ai\/az\/vyetnam-dilini-oyr%c9%99nin\/\">\r\n            <div class=\"learnNavigationWrapper\">\r\n                <div class=\"learnNavigationContent\">\r\n                    <img decoding=\"async\" src=\"https:\/\/talkpal.ai\/wp-content\/uploads\/2024\/08\/Vietnamese.jpg\" alt=\"Vietnamise Flag\">\r\n                    <div>\r\n                        <h4>Vyetnam dilinin \u00f6yr\u0259nilm\u0259si haqq\u0131nda<\/h4>\r\n                        <p>Vyetnam dilinin qrammatikas\u0131 haqq\u0131nda h\u0259r \u015feyi \u00f6yr\u0259nin .<\/p>\r\n                    <\/div>\r\n                <\/div>\r\n            <\/div>\r\n        <\/a>\r\n\r\n        \r\n        <a href=\"https:\/\/talkpal.ai\/az\/vyetnam-dilinin-qrammatikasi-m%c9%99sg%c9%99l%c9%99l%c9%99ri\/\">\r\n            <div class=\"learnNavigationWrapper\">\r\n                <div class=\"learnNavigationContent\">\r\n                    <img decoding=\"async\" src=\"https:\/\/talkpal.ai\/wp-content\/uploads\/2024\/08\/Vietnamese.jpg\" alt=\"Vietnamise Flag\">\r\n                    <div>\r\n                        <h4>Vyetnam Qrammatikas\u0131 M\u0259\u015fqi<\/h4>\r\n                        <p>Vyetnam dilinin qrammatika qaydalar\u0131na \u0259m\u0259l etm\u0259k .<\/p>\r\n                    <\/div>\r\n                <\/div>\r\n            <\/div>\r\n        <\/a>\r\n\r\n        \r\n        <a href=\"https:\/\/talkpal.ai\/vocabulary_language\/vietnamese\/\">\r\n            <div class=\"learnNavigationWrapper\">\r\n                <div class=\"learnNavigationContent\">\r\n                    <img decoding=\"async\" src=\"https:\/\/talkpal.ai\/wp-content\/uploads\/2024\/08\/Vietnamese.jpg\" alt=\"Vietnamise Flag\">\r\n                    <div>\r\n                        <h4>Vyetnam l\u00fc\u011f\u0259ti<\/h4>\r\n                        <p>Vyetnam l\u00fc\u011f\u0259tinizi geni\u015fl\u0259ndirin.<\/p>\r\n                    <\/div>\r\n                <\/div>\r\n            <\/div>\r\n        <\/a>\r\n\r\n            <\/section>","protected":false},"excerpt":{"rendered":"<p>Vyetnam dilinin m\u00fcr\u0259kk\u0259b qrammatikas\u0131. Maraql\u0131 bir k\u0259\u015ff D\u0259rin tarixi k\u00f6kl\u0259r\u0259 v\u0259 \u00f6z\u00fcn\u0259m\u0259xsus m\u0259d\u0259ni z\u0259min\u0259 malik vyetnam dili h\u0259m dil\u00e7il\u0259r, h\u0259m d\u0259 dil \u00f6yr\u0259n\u0259nl\u0259r \u00fc\u00e7\u00fcn maraql\u0131 mac\u0259ralar t\u0259klif edir. Vyetnam dilinin qrammatikas\u0131 \u0259vv\u0259lc\u0259 \u00e7\u0259tinlik kimi ortaya \u00e7\u0131xa bil\u0259r, lakin onun sad\u0259 m\u0259ntiqi v\u0259 ard\u0131c\u0131ll\u0131\u011f\u0131 maraql\u0131 \u00f6yr\u0259nm\u0259 t\u0259cr\u00fcb\u0259sin\u0259 yol a\u00e7\u0131r. Bel\u0259likl\u0259, vyetnam dilinin qrammatikas\u0131 il\u0259 ba\u011fl\u0131 maraql\u0131 [&hellip;]<\/p>\n","protected":false},"author":1,"featured_media":120488,"parent":0,"menu_order":0,"comment_status":"closed","ping_status":"closed","template":"LearningContentPage.php","meta":{"_acf_changed":false,"footnotes":""},"class_list":["post-152532","page","type-page","status-publish","has-post-thumbnail","hentry"],"acf":[],"yoast_head":"<!-- This site is optimized with the Yoast SEO Premium plugin v27.2 (Yoast SEO v27.2) - https:\/\/yoast.com\/product\/yoast-seo-premium-wordpress\/ -->\n<title>Vyetnam dilinin qrammatikas\u0131 - Talkpal<\/title>\n<meta name=\"description\" content=\"Vyetnam dilinin qrammatikas\u0131n\u0131n maraql\u0131 t\u0259r\u0259fl\u0259rini ara\u015fd\u0131r\u0131n v\u0259 bu unikal dili \u00f6yr\u0259nm\u0259yin sevincl\u0259rini k\u0259\u015ff edin.\" \/>\n<meta name=\"robots\" content=\"index, follow, max-snippet:-1, max-image-preview:large, max-video-preview:-1\" \/>\n<link rel=\"canonical\" href=\"https:\/\/talkpal.ai\/az\/vyetnam-dilinin-qrammatikasi\/\" \/>\n<meta property=\"og:locale\" content=\"az_AZ\" \/>\n<meta property=\"og:type\" content=\"article\" \/>\n<meta property=\"og:title\" content=\"Vyetnam dilinin qrammatikas\u0131\" \/>\n<meta property=\"og:description\" content=\"Vyetnam dilinin m\u00fcr\u0259kk\u0259b qrammatikas\u0131. Maraql\u0131 bir k\u0259\u015ff D\u0259rin tarixi k\u00f6kl\u0259r\u0259 v\u0259 \u00f6z\u00fcn\u0259m\u0259xsus m\u0259d\u0259ni z\u0259min\u0259 malik vyetnam dili h\u0259m dil\u00e7il\u0259r, h\u0259m d\u0259 dil\" \/>\n<meta property=\"og:url\" content=\"https:\/\/talkpal.ai\/az\/vyetnam-dilinin-qrammatikasi\/\" \/>\n<meta property=\"og:site_name\" content=\"Talkpal\" \/>\n<meta property=\"article:publisher\" content=\"https:\/\/www.facebook.com\/profile.php?id=100090733639311\" \/>\n<meta property=\"article:modified_time\" content=\"2025-12-12T10:57:11+00:00\" \/>\n<meta property=\"og:image\" content=\"https:\/\/talkpal.ai\/wp-content\/uploads\/2023\/05\/vietnam.png\" \/>\n\t<meta property=\"og:image:width\" content=\"512\" \/>\n\t<meta property=\"og:image:height\" content=\"512\" \/>\n\t<meta property=\"og:image:type\" content=\"image\/png\" \/>\n<meta name=\"twitter:card\" content=\"summary_large_image\" \/>\n<meta name=\"twitter:site\" content=\"@talkpalai\" \/>\n<meta name=\"twitter:label1\" content=\"Est. reading time\" \/>\n\t<meta name=\"twitter:data1\" content=\"4 minutes\" \/>\n<script type=\"application\/ld+json\" class=\"yoast-schema-graph\">{\"@context\":\"https:\/\/schema.org\",\"@graph\":[{\"@type\":\"WebPage\",\"@id\":\"https:\/\/talkpal.ai\/az\/vyetnam-dilinin-qrammatikasi\/\",\"url\":\"https:\/\/talkpal.ai\/az\/vyetnam-dilinin-qrammatikasi\/\",\"name\":\"Vyetnam dilinin qrammatikas\u0131 - Talkpal\",\"isPartOf\":{\"@id\":\"https:\/\/talkpal.ai\/az\/#website\"},\"primaryImageOfPage\":{\"@id\":\"https:\/\/talkpal.ai\/az\/vyetnam-dilinin-qrammatikasi\/#primaryimage\"},\"image\":{\"@id\":\"https:\/\/talkpal.ai\/az\/vyetnam-dilinin-qrammatikasi\/#primaryimage\"},\"thumbnailUrl\":\"https:\/\/talkpal.ai\/wp-content\/uploads\/2023\/05\/vietnam.png\",\"datePublished\":\"2023-05-14T14:23:00+00:00\",\"dateModified\":\"2025-12-12T10:57:11+00:00\",\"description\":\"Vyetnam dilinin qrammatikas\u0131n\u0131n maraql\u0131 t\u0259r\u0259fl\u0259rini ara\u015fd\u0131r\u0131n v\u0259 bu unikal dili \u00f6yr\u0259nm\u0259yin sevincl\u0259rini k\u0259\u015ff edin.\",\"breadcrumb\":{\"@id\":\"https:\/\/talkpal.ai\/az\/vyetnam-dilinin-qrammatikasi\/#breadcrumb\"},\"inLanguage\":\"az\",\"potentialAction\":[{\"@type\":\"ReadAction\",\"target\":[\"https:\/\/talkpal.ai\/az\/vyetnam-dilinin-qrammatikasi\/\"]}]},{\"@type\":\"ImageObject\",\"inLanguage\":\"az\",\"@id\":\"https:\/\/talkpal.ai\/az\/vyetnam-dilinin-qrammatikasi\/#primaryimage\",\"url\":\"https:\/\/talkpal.ai\/wp-content\/uploads\/2023\/05\/vietnam.png\",\"contentUrl\":\"https:\/\/talkpal.ai\/wp-content\/uploads\/2023\/05\/vietnam.png\",\"width\":512,\"height\":512},{\"@type\":\"BreadcrumbList\",\"@id\":\"https:\/\/talkpal.ai\/az\/vyetnam-dilinin-qrammatikasi\/#breadcrumb\",\"itemListElement\":[{\"@type\":\"ListItem\",\"position\":1,\"name\":\"Homepage\",\"item\":\"https:\/\/talkpal.ai\/az\/\"},{\"@type\":\"ListItem\",\"position\":2,\"name\":\"Vyetnam dilinin qrammatikas\u0131\"}]},{\"@type\":\"WebSite\",\"@id\":\"https:\/\/talkpal.ai\/az\/#website\",\"url\":\"https:\/\/talkpal.ai\/az\/\",\"name\":\"Talkpal\",\"description\":\"AI Language Learning\",\"publisher\":{\"@id\":\"https:\/\/talkpal.ai\/az\/#organization\"},\"alternateName\":\"Talkpal AI\",\"potentialAction\":[{\"@type\":\"SearchAction\",\"target\":{\"@type\":\"EntryPoint\",\"urlTemplate\":\"https:\/\/talkpal.ai\/az\/?s={search_term_string}\"},\"query-input\":{\"@type\":\"PropertyValueSpecification\",\"valueRequired\":true,\"valueName\":\"search_term_string\"}}],\"inLanguage\":\"az\"},{\"@type\":\"Organization\",\"@id\":\"https:\/\/talkpal.ai\/az\/#organization\",\"name\":\"Talkpal, Inc.\",\"alternateName\":\"Talkpal AI\",\"url\":\"https:\/\/talkpal.ai\/az\/\",\"logo\":{\"@type\":\"ImageObject\",\"inLanguage\":\"az\",\"@id\":\"https:\/\/talkpal.ai\/az\/#\/schema\/logo\/image\/\",\"url\":\"https:\/\/talkpal.ai\/wp-content\/uploads\/2024\/03\/Talkpal-Logo-Icon.png\",\"contentUrl\":\"https:\/\/talkpal.ai\/wp-content\/uploads\/2024\/03\/Talkpal-Logo-Icon.png\",\"width\":2880,\"height\":2880,\"caption\":\"Talkpal, Inc.\"},\"image\":{\"@id\":\"https:\/\/talkpal.ai\/az\/#\/schema\/logo\/image\/\"},\"sameAs\":[\"https:\/\/www.facebook.com\/profile.php?id=100090733639311\",\"https:\/\/x.com\/talkpalai\",\"https:\/\/www.linkedin.com\/company\/talkpal\/\",\"https:\/\/www.youtube.com\/@TalkPal\/\",\"https:\/\/www.tiktok.com\/@talkpal\",\"https:\/\/www.instagram.com\/talkpal_ai\/\",\"https:\/\/www.crunchbase.com\/organization\/talkpal-9cde\",\"https:\/\/www.g2.com\/products\/talkpal-for-business\/\",\"https:\/\/www.trustpilot.com\/review\/talkpal.ai\",\"https:\/\/www.capterra.com\/p\/10006800\/TalkPal\/\"],\"description\":\"Talkpal is a language learning web and mobile education app, powered by the latest AI technologies, that provides engaging experiences to its customers in many different languages to help them improve their language skills. Users can chat about unlimited amount of topics with the app and use other modes to practice their language learning.\",\"email\":\"support@talkpal.ai\",\"legalName\":\"Talkpal, Inc.\",\"foundingDate\":\"2023-04-03\",\"duns\":\"118989042\",\"numberOfEmployees\":{\"@type\":\"QuantitativeValue\",\"minValue\":\"11\",\"maxValue\":\"50\"},\"publishingPrinciples\":\"https:\/\/talkpal.ai\/publishing-principles\/\",\"actionableFeedbackPolicy\":\"https:\/\/talkpal.ai\/actionable-feedback-policy\/\",\"correctionsPolicy\":\"https:\/\/talkpal.ai\/corrections-policy\/\",\"ethicsPolicy\":\"https:\/\/talkpal.ai\/ethics-policy\/\",\"diversityPolicy\":\"https:\/\/talkpal.ai\/diversity-policy\/\",\"diversityStaffingReport\":\"https:\/\/talkpal.ai\/diversity-policy\/\"}]}<\/script>\n<!-- \/ Yoast SEO Premium plugin. -->","yoast_head_json":{"title":"Vyetnam dilinin qrammatikas\u0131 - Talkpal","description":"Vyetnam dilinin qrammatikas\u0131n\u0131n maraql\u0131 t\u0259r\u0259fl\u0259rini ara\u015fd\u0131r\u0131n v\u0259 bu unikal dili \u00f6yr\u0259nm\u0259yin sevincl\u0259rini k\u0259\u015ff edin.","robots":{"index":"index","follow":"follow","max-snippet":"max-snippet:-1","max-image-preview":"max-image-preview:large","max-video-preview":"max-video-preview:-1"},"canonical":"https:\/\/talkpal.ai\/az\/vyetnam-dilinin-qrammatikasi\/","og_locale":"az_AZ","og_type":"article","og_title":"Vyetnam dilinin qrammatikas\u0131","og_description":"Vyetnam dilinin m\u00fcr\u0259kk\u0259b qrammatikas\u0131. Maraql\u0131 bir k\u0259\u015ff D\u0259rin tarixi k\u00f6kl\u0259r\u0259 v\u0259 \u00f6z\u00fcn\u0259m\u0259xsus m\u0259d\u0259ni z\u0259min\u0259 malik vyetnam dili h\u0259m dil\u00e7il\u0259r, h\u0259m d\u0259 dil","og_url":"https:\/\/talkpal.ai\/az\/vyetnam-dilinin-qrammatikasi\/","og_site_name":"Talkpal","article_publisher":"https:\/\/www.facebook.com\/profile.php?id=100090733639311","article_modified_time":"2025-12-12T10:57:11+00:00","og_image":[{"width":512,"height":512,"url":"https:\/\/talkpal.ai\/wp-content\/uploads\/2023\/05\/vietnam.png","type":"image\/png"}],"twitter_card":"summary_large_image","twitter_site":"@talkpalai","twitter_misc":{"Est. reading time":"4 minutes"},"schema":{"@context":"https:\/\/schema.org","@graph":[{"@type":"WebPage","@id":"https:\/\/talkpal.ai\/az\/vyetnam-dilinin-qrammatikasi\/","url":"https:\/\/talkpal.ai\/az\/vyetnam-dilinin-qrammatikasi\/","name":"Vyetnam dilinin qrammatikas\u0131 - Talkpal","isPartOf":{"@id":"https:\/\/talkpal.ai\/az\/#website"},"primaryImageOfPage":{"@id":"https:\/\/talkpal.ai\/az\/vyetnam-dilinin-qrammatikasi\/#primaryimage"},"image":{"@id":"https:\/\/talkpal.ai\/az\/vyetnam-dilinin-qrammatikasi\/#primaryimage"},"thumbnailUrl":"https:\/\/talkpal.ai\/wp-content\/uploads\/2023\/05\/vietnam.png","datePublished":"2023-05-14T14:23:00+00:00","dateModified":"2025-12-12T10:57:11+00:00","description":"Vyetnam dilinin qrammatikas\u0131n\u0131n maraql\u0131 t\u0259r\u0259fl\u0259rini ara\u015fd\u0131r\u0131n v\u0259 bu unikal dili \u00f6yr\u0259nm\u0259yin sevincl\u0259rini k\u0259\u015ff edin.","breadcrumb":{"@id":"https:\/\/talkpal.ai\/az\/vyetnam-dilinin-qrammatikasi\/#breadcrumb"},"inLanguage":"az","potentialAction":[{"@type":"ReadAction","target":["https:\/\/talkpal.ai\/az\/vyetnam-dilinin-qrammatikasi\/"]}]},{"@type":"ImageObject","inLanguage":"az","@id":"https:\/\/talkpal.ai\/az\/vyetnam-dilinin-qrammatikasi\/#primaryimage","url":"https:\/\/talkpal.ai\/wp-content\/uploads\/2023\/05\/vietnam.png","contentUrl":"https:\/\/talkpal.ai\/wp-content\/uploads\/2023\/05\/vietnam.png","width":512,"height":512},{"@type":"BreadcrumbList","@id":"https:\/\/talkpal.ai\/az\/vyetnam-dilinin-qrammatikasi\/#breadcrumb","itemListElement":[{"@type":"ListItem","position":1,"name":"Homepage","item":"https:\/\/talkpal.ai\/az\/"},{"@type":"ListItem","position":2,"name":"Vyetnam dilinin qrammatikas\u0131"}]},{"@type":"WebSite","@id":"https:\/\/talkpal.ai\/az\/#website","url":"https:\/\/talkpal.ai\/az\/","name":"Talkpal","description":"AI Language Learning","publisher":{"@id":"https:\/\/talkpal.ai\/az\/#organization"},"alternateName":"Talkpal AI","potentialAction":[{"@type":"SearchAction","target":{"@type":"EntryPoint","urlTemplate":"https:\/\/talkpal.ai\/az\/?s={search_term_string}"},"query-input":{"@type":"PropertyValueSpecification","valueRequired":true,"valueName":"search_term_string"}}],"inLanguage":"az"},{"@type":"Organization","@id":"https:\/\/talkpal.ai\/az\/#organization","name":"Talkpal, Inc.","alternateName":"Talkpal AI","url":"https:\/\/talkpal.ai\/az\/","logo":{"@type":"ImageObject","inLanguage":"az","@id":"https:\/\/talkpal.ai\/az\/#\/schema\/logo\/image\/","url":"https:\/\/talkpal.ai\/wp-content\/uploads\/2024\/03\/Talkpal-Logo-Icon.png","contentUrl":"https:\/\/talkpal.ai\/wp-content\/uploads\/2024\/03\/Talkpal-Logo-Icon.png","width":2880,"height":2880,"caption":"Talkpal, Inc."},"image":{"@id":"https:\/\/talkpal.ai\/az\/#\/schema\/logo\/image\/"},"sameAs":["https:\/\/www.facebook.com\/profile.php?id=100090733639311","https:\/\/x.com\/talkpalai","https:\/\/www.linkedin.com\/company\/talkpal\/","https:\/\/www.youtube.com\/@TalkPal\/","https:\/\/www.tiktok.com\/@talkpal","https:\/\/www.instagram.com\/talkpal_ai\/","https:\/\/www.crunchbase.com\/organization\/talkpal-9cde","https:\/\/www.g2.com\/products\/talkpal-for-business\/","https:\/\/www.trustpilot.com\/review\/talkpal.ai","https:\/\/www.capterra.com\/p\/10006800\/TalkPal\/"],"description":"Talkpal is a language learning web and mobile education app, powered by the latest AI technologies, that provides engaging experiences to its customers in many different languages to help them improve their language skills. Users can chat about unlimited amount of topics with the app and use other modes to practice their language learning.","email":"support@talkpal.ai","legalName":"Talkpal, Inc.","foundingDate":"2023-04-03","duns":"118989042","numberOfEmployees":{"@type":"QuantitativeValue","minValue":"11","maxValue":"50"},"publishingPrinciples":"https:\/\/talkpal.ai\/publishing-principles\/","actionableFeedbackPolicy":"https:\/\/talkpal.ai\/actionable-feedback-policy\/","correctionsPolicy":"https:\/\/talkpal.ai\/corrections-policy\/","ethicsPolicy":"https:\/\/talkpal.ai\/ethics-policy\/","diversityPolicy":"https:\/\/talkpal.ai\/diversity-policy\/","diversityStaffingReport":"https:\/\/talkpal.ai\/diversity-policy\/"}]}},"_links":{"self":[{"href":"https:\/\/talkpal.ai\/az\/wp-json\/wp\/v2\/pages\/152532","targetHints":{"allow":["GET"]}}],"collection":[{"href":"https:\/\/talkpal.ai\/az\/wp-json\/wp\/v2\/pages"}],"about":[{"href":"https:\/\/talkpal.ai\/az\/wp-json\/wp\/v2\/types\/page"}],"author":[{"embeddable":true,"href":"https:\/\/talkpal.ai\/az\/wp-json\/wp\/v2\/users\/1"}],"replies":[{"embeddable":true,"href":"https:\/\/talkpal.ai\/az\/wp-json\/wp\/v2\/comments?post=152532"}],"version-history":[{"count":0,"href":"https:\/\/talkpal.ai\/az\/wp-json\/wp\/v2\/pages\/152532\/revisions"}],"wp:featuredmedia":[{"embeddable":true,"href":"https:\/\/talkpal.ai\/az\/wp-json\/wp\/v2\/media\/120488"}],"wp:attachment":[{"href":"https:\/\/talkpal.ai\/az\/wp-json\/wp\/v2\/media?parent=152532"}],"curies":[{"name":"wp","href":"https:\/\/api.w.org\/{rel}","templated":true}]}}