{"id":152227,"date":"2023-05-14T14:22:39","date_gmt":"2023-05-14T14:22:39","guid":{"rendered":"http:\/\/talkpal.ai\/urdu-dilinin-qrammatikasi\/"},"modified":"2025-12-11T16:28:19","modified_gmt":"2025-12-11T16:28:19","slug":"urdu-dilinin-qrammatikasi","status":"publish","type":"page","link":"https:\/\/talkpal.ai\/az\/urdu-dilinin-qrammatikasi\/","title":{"rendered":"Urdu dilinin qrammatikas\u0131"},"content":{"rendered":"\r\n\r\n\r\n<section class=\"languageChallengeSection\">\r\n    <div class=\"languageInfoWrapper\">\r\n        \r\n        <h1>Urdu dilinin qrammatikas\u0131<\/h1>\r\n        <p><a href=\"https:\/\/talkpal.ai\/learn-urdu\/\">Urdu<\/a> dilini \u00f6yr\u0259nm\u0259k ist\u0259yirsiniz? Urdu qrammatikas\u0131na daxil olun, burada z\u0259rif yaz\u0131, cinsiyy\u0259t adlar\u0131 v\u0259 ifad\u0259li fel formalar\u0131 h\u0259m poetik, h\u0259m d\u0259 praktik bir dil yarad\u0131r. Urdu s\u0259yah\u0259tiniz\u0259 bu g\u00fcn ba\u015flay\u0131n &#8211; onun qrammatikas\u0131na yiy\u0259l\u0259nm\u0259k \u00fcnsiyy\u0259t \u00fc\u00e7\u00fcn yeni yollar a\u00e7acaq v\u0259 sizi C\u0259nubi Asiyan\u0131n z\u0259ngin \u0259d\u0259bi v\u0259 m\u0259d\u0259ni \u0259n\u0259n\u0259l\u0259ri il\u0259 d\u0259rind\u0259n birl\u0259\u015fdir\u0259c\u0259k!<\/p>\r\n\r\n                            <a class=\"getStartedHidden\" href=\"https:\/\/app.talkpal.ai\/signup?lng=\">Ba\u015fla<\/a>\r\n        \r\n    <\/div>\r\n\r\n    <figure>\r\n    <img decoding=\"async\" width=\"768\" height=\"768\" src=\"https:\/\/talkpal.ai\/wp-content\/uploads\/2023\/06\/urdu-768x768.png\" class=\"languageImage no-lazy\" alt=\"Language learning for global understanding\" fetchpriority=\"high\" sizes=\"(max-width: 768px) 150px, 768px\" srcset=\"https:\/\/talkpal.ai\/wp-content\/uploads\/2023\/06\/urdu-768x768.png 768w, https:\/\/talkpal.ai\/wp-content\/uploads\/2023\/06\/urdu-300x300.png 300w\" \/>\r\n    \r\n\r\n    <\/figure>\r\n\r\n            <a class=\"getStartedVisible\" href=\"https:\/\/app.talkpal.ai\/signup?lng=\">Ba\u015fla<\/a>\r\n    \r\n<\/section>\r\n<section class=\"promotionalBanner\">\r\n    <p class=\"promotionalText\">Dil \u00f6yr\u0259nm\u0259yin \u0259n t\u0259sirli yolu<\/p>\r\n    <a class=\"promotionalLink\" href=\"https:\/\/app.talkpal.ai\/signup?lng=\">Talkpal pulsuz s\u0131nay\u0131n<\/a>\r\n<\/section>\n<div class=\"wp-block-group pageContainerStyle\"><div class=\"wp-block-group__inner-container is-layout-constrained wp-block-group-is-layout-constrained\">\n<h2 class=\"wp-block-heading\" id=\"h-urdu-grammar-exploring-the-beauty-and-intricacies-of-the-indo-aryan-language\">Urdu dilinin qrammatikas\u0131. \u0130ndo-aryan dilinin g\u00f6z\u0259llik v\u0259 inc\u0259likl\u0259rini t\u0259dqiq etm\u0259k<\/h2>\n\n\n\n<p>Dil h\u0259v\u0259skarlar\u0131 v\u0259 maraql\u0131 \u00f6yr\u0259n\u0259nl\u0259r, urdu dilinin qrammatikas\u0131 il\u0259 ba\u011fl\u0131 maraql\u0131 d\u00fcnyaya dalma\u011fa haz\u0131rs\u0131n\u0131zm\u0131? \u0130ndo-Aryan dili olan urdu dili Pakistan\u0131n milli dili v\u0259 Hindistan\u0131n r\u0259smi dill\u0259rind\u0259n biridir. D\u00fcnyada t\u0259qrib\u0259n 70 milyon n\u0259f\u0259r dan\u0131\u015fan Urdu dili z\u0259ngin v\u0259 ifad\u0259li dil olmaqla yana\u015f\u0131, h\u0259m d\u0259 canl\u0131 m\u0259d\u0259niyy\u0259t\u0259 v\u0259 tarix\u0259 k\u00f6rp\u00fcd\u00fcr. Bu yaz\u0131da biz Urdu dilinin qrammatikas\u0131n\u0131n unikal t\u0259r\u0259fl\u0259rini ara\u015fd\u0131raca\u011f\u0131q v\u0259 onu dig\u0259r dill\u0259rd\u0259n n\u0259 il\u0259 f\u0259rql\u0259ndirdiyini k\u0259\u015ff ed\u0259c\u0259yik.<\/p>\n\n\n\n<h3 class=\"wp-block-heading\" id=\"h-script-and-pronunciation-the-elegant-nastaliq\">Skripka v\u0259 t\u0259l\u0259ff\u00fcz: The Elegant Nastaliq<\/h3>\n\n\n\n<p>Urdu yaz\u0131s\u0131 fars-\u0259r\u0259b nastaliq \u00fcslubuna \u0259saslan\u0131r. Bu \u00fcslub sa\u011fdan sola yaz\u0131l\u0131b oxunur. Sait v\u0259 t\u0259l\u0259ff\u00fcz \u00fc\u00e7\u00fcn \u0259lav\u0259 diakritik i\u015far\u0259l\u0259rl\u0259 38 h\u0259rfd\u0259n ibar\u0259t olan Nastaliq yaz\u0131s\u0131 h\u0259m z\u0259rif, h\u0259m d\u0259 mayedir. Ssenari \u00f6yr\u0259nm\u0259k v\u0259 Urdu s\u0259sl\u0259rinin t\u0259l\u0259ff\u00fcz\u00fcn\u0259 yiy\u0259l\u0259nm\u0259k dilin qrammatikas\u0131n\u0131 anlamaq yolunda ilk add\u0131m\u0131n\u0131z olacaq.<\/p>\n\n\n\n<h3 class=\"wp-block-heading\" id=\"h-nouns-and-pronouns-exploring-gender-number-and-case\">Nouns v\u0259 Pronouns: Cinsi, say\u0131 v\u0259 case t\u0259dqiq<\/h3>\n\n\n\n<p>Urdu nounlar\u0131 cins\u0259 (ki\u015fi v\u0259 ya feminine), \u0259d\u0259d\u0259 (birn\u00f6v v\u0259 ya \u00e7oxluq) v\u0259 case (birba\u015fa v\u0259 ya oblique) g\u00f6r\u0259 t\u0259snif olunur. Dild\u0259 artikl yoxdur (\u201ca\u201d v\u0259 ya \u201cthe\u201d kimi), m\u00fc\u0259yy\u0259nliyi \u00e7atd\u0131rmaq \u00fc\u00e7\u00fcn kontekstd\u0259n istifad\u0259 edir. Urdu pronounlar\u0131 da cins, say v\u0259 hal ayr\u0131-se\u00e7kilikl\u0259rin\u0259 riay\u0259t edir, n\u0259zak\u0259tlilik v\u0259 tan\u0131\u015fl\u0131qlar\u0131n m\u00fcxt\u0259lif formalar\u0131na malikdirl\u0259r.<\/p>\n\n\n\n<h3 class=\"wp-block-heading\" id=\"h-postpositions-and-cases-urdu-s-unique-approach-to-indicating-relationships\">Postpozisiyalar v\u0259 hallar: Urdu dilinin \u0259laq\u0259l\u0259ri g\u00f6st\u0259rm\u0259k \u00fc\u00e7\u00fcn unikal yana\u015fmas\u0131<\/h3>\n\n\n\n<p>Urdu dili daha \u00e7ox istifad\u0259 olunan v\u0259 daha \u00e7ox istifad\u0259 edil\u0259n v\u0259 daha \u00e7ox istifad\u0259 edil\u0259n v\u0259 ya daha \u00e7ox istifad\u0259 edil\u0259n bir s\u00f6z. Bu x\u00fcsusiyy\u0259t b\u00fct\u00fcn dil boyu g\u00f6r\u00fcl\u0259 bil\u0259r v\u0259 \u0259h\u0259miyy\u0259tli d\u0259r\u0259c\u0259d\u0259 hal i\u015far\u0259l\u0259rin\u0259 t\u0259sir edir. Urdu dilinin iki hal\u0131, birba\u015fa v\u0259 \u0259yilm\u0259, s\u00f6zl\u0259r aras\u0131ndak\u0131 \u0259laq\u0259l\u0259ri g\u00f6st\u0259rm\u0259k \u00fc\u00e7\u00fcn postpozisiyalarla birlikd\u0259 istifad\u0259 olunur.<\/p>\n\n\n\n<h3 class=\"wp-block-heading\" id=\"h-harnessing-the-power-of-verbs-tense-aspect-and-moods\">Feill\u0259rin g\u00fcc\u00fcnd\u0259n istifad\u0259 etm\u0259k: g\u0259rgin, aspekt v\u0259 \u0259hval-ruhiyy\u0259<\/h3>\n\n\n\n<p>Urdu feill\u0259ri m\u00fcxt\u0259lif g\u0259rginlikl\u0259r (ke\u00e7mi\u015f, indiki v\u0259 g\u0259l\u0259c\u0259k), aspektl\u0259r (m\u00fck\u0259mm\u0259l, qeyri-kamil v\u0259 v\u0259rdi\u015fli), \u0259hval-ruhiyy\u0259 (indikativ, imperativ v\u0259 tabeli) il\u0259 valehedicidir. Dil h\u0259m\u00e7inin m\u00fcr\u0259kk\u0259b g\u0259rginlikl\u0259rin \u0259m\u0259l\u0259 g\u0259lm\u0259si \u00fc\u00e7\u00fcn k\u00f6m\u0259k\u00e7i feill\u0259rd\u0259n geni\u015f istifad\u0259 edir, vaxt\u0131nda n\u00fcanslar\u0131 ifad\u0259 edir v\u0259 h\u0259r\u0259k\u0259tl\u0259ri tamamlay\u0131r.<\/p>\n\n\n\n<p>Feill\u0259r cins v\u0259 say bax\u0131m\u0131ndan da \u00f6z t\u0259birl\u0259ri il\u0259 raz\u0131la\u015f\u0131rlar ki, bu da urdu dilinin qrammatikas\u0131nda m\u00fcr\u0259kk\u0259blik v\u0259 z\u0259nginlik qatlar\u0131n\u0131 daha da art\u0131r\u0131r.<\/p>\n\n\n\n<h3 class=\"wp-block-heading\" id=\"h-adjectives-adverbs-and-more-adding-color-to-your-language\">Adjectives, Adverbs v\u0259 daha \u00e7ox: Dilin\u0259 R\u0259ng \u018flav\u0259 Etm\u0259k<\/h3>\n\n\n\n<p>Urduca adjectives ad\u0259t\u0259n d\u0259yi\u015fdirdikl\u0259ri adlara riay\u0259t edir v\u0259 cins v\u0259 say bax\u0131m\u0131ndan onlarla raz\u0131la\u015f\u0131r. Adjectives m\u00fcqayis\u0259 v\u0259 superlatives istifad\u0259 ed\u0259r\u0259k intensivl\u0259\u015fdiril\u0259 bil\u0259r, t\u0259svirl\u0259r\u0259 d\u0259rinlik \u0259lav\u0259 edil\u0259 bil\u0259r. Adjectives v\u0259 ya m\u00fcst\u0259qil olaraq m\u00f6vcud olan urdu adverbl\u0259ri d\u0259 dild\u0259 m\u00fch\u00fcm rol oynay\u0131r, zaman, davran\u0131\u015f, m\u0259kan v\u0259 d\u0259r\u0259c\u0259 haqq\u0131nda m\u0259lumat verir.<\/p>\n\n\n\n<p>Urdu dilinin qrammatikas\u0131 bir \u00e7ox qar\u015f\u0131l\u0131ql\u0131 \u0259laq\u0259, interjeksiya, hiss\u0259cik v\u0259 daha \u00e7ox \u015feyl\u0259 \u00f6y\u00fcn\u00fcr, z\u0259ngin, m\u0259nal\u0131 v\u0259 ifad\u0259li c\u00fcml\u0259l\u0259r qurma\u011fa k\u00f6m\u0259k edir.<\/p>\n\n\n\n<h3 class=\"wp-block-heading\" id=\"h-embracing-the-world-of-urdu-grammar\">Urdu dilinin qrammatika d\u00fcnyasn\u0131 m\u0259nims\u0259m\u0259k<\/h3>\n\n\n\n<p>Urdu dilinin qrammatikas\u0131 \u0259vv\u0259lc\u0259 m\u00fcr\u0259kk\u0259b g\u00f6r\u00fcn\u0259 bil\u0259r, lakin siz onun inc\u0259likl\u0259rin\u0259 q\u0259rq etdikc\u0259, dilin g\u00f6z\u0259llik v\u0259 ifad\u0259 il\u0259 dolu oldu\u011funu g\u00f6r\u0259c\u0259ksiniz. Urdu dilini \u00f6yr\u0259nm\u0259k indo-aryan dil ail\u0259si haqq\u0131nda anlay\u0131\u015f\u0131n\u0131z\u0131 art\u0131rmaqla yana\u015f\u0131, h\u0259m d\u0259 sehr m\u0259d\u0259niyy\u0259ti, \u0259d\u0259biyyat\u0131 v\u0259 tarixi il\u0259 \u0259laq\u0259 yaratma\u011fa k\u00f6m\u0259k ed\u0259c\u0259k.<\/p>\n\n\n\n<p>B\u0259s n\u0259y\u0259 g\u00f6r\u0259 urdu dilinin qrammatikas\u0131n\u0131 \u00f6yr\u0259nm\u0259k \u00fc\u00e7\u00fcn maraql\u0131 s\u0259yah\u0259t\u0259 \u00e7\u0131xmayaq? H\u0259sr olunma\u011f\u0131n v\u0259 maraqland\u0131\u011f\u0131n\u0131 bil\u0259nd\u0259 tezlikl\u0259 yerli dild\u0259 dan\u0131\u015fanlarla s\u00f6hb\u0259t ed\u0259 v\u0259 bu g\u00fccl\u00fc dild\u0259 fikir v\u0259 hekay\u0259l\u0259r m\u00fcbadil\u0259si ed\u0259 bil\u0259rs\u0259n. Xo\u015fb\u0259xt \u00f6yr\u0259nin!<\/p>\n<\/div><\/div>\n\r\n<section class=\"learnNavigationSection\">\r\n            \r\n        <a href=\"https:\/\/talkpal.ai\/az\/urdu-dilini-oyr%c9%99n\/\">\r\n            <div class=\"learnNavigationWrapper\">\r\n                <div class=\"learnNavigationContent\">\r\n                    <img decoding=\"async\" src=\"https:\/\/talkpal.ai\/wp-content\/uploads\/2024\/08\/Urdu.jpg\" alt=\"Pakistani Flag\">\r\n                    <div>\r\n                        <h4>Urdu \u00d6yr\u0259nilm\u0259si Haqq\u0131nda<\/h4>\r\n                        <p>Urdu dilinin qrammatikas\u0131 haqq\u0131nda h\u0259r \u015feyi \u00f6yr\u0259nin.<\/p>\r\n                    <\/div>\r\n                <\/div>\r\n            <\/div>\r\n        <\/a>\r\n\r\n        \r\n        <a href=\"https:\/\/talkpal.ai\/az\/urdu-dilinin-qrammatikasi-m%c9%99sg%c9%99l%c9%99l%c9%99ri\/\">\r\n            <div class=\"learnNavigationWrapper\">\r\n                <div class=\"learnNavigationContent\">\r\n                    <img decoding=\"async\" src=\"https:\/\/talkpal.ai\/wp-content\/uploads\/2024\/08\/Urdu.jpg\" alt=\"Pakistani Flag\">\r\n                    <div>\r\n                        <h4>Urdu Qrammatikas\u0131 M\u0259\u015fqi<\/h4>\r\n                        <p>Urdu dilinin qrammatikas\u0131.<\/p>\r\n                    <\/div>\r\n                <\/div>\r\n            <\/div>\r\n        <\/a>\r\n\r\n        \r\n        <a href=\"https:\/\/talkpal.ai\/vocabulary_language\/urdu\/\">\r\n            <div class=\"learnNavigationWrapper\">\r\n                <div class=\"learnNavigationContent\">\r\n                    <img decoding=\"async\" src=\"https:\/\/talkpal.ai\/wp-content\/uploads\/2024\/08\/Urdu.jpg\" alt=\"Pakistani Flag\">\r\n                    <div>\r\n                        <h4>Urdu l\u00fc\u011f\u0259ti<\/h4>\r\n                        <p>Urdu l\u00fc\u011f\u0259tinizi geni\u015fl\u0259ndirin.<\/p>\r\n                    <\/div>\r\n                <\/div>\r\n            <\/div>\r\n        <\/a>\r\n\r\n            <\/section>","protected":false},"excerpt":{"rendered":"<p>Urdu dilinin qrammatikas\u0131. \u0130ndo-aryan dilinin g\u00f6z\u0259llik v\u0259 inc\u0259likl\u0259rini t\u0259dqiq etm\u0259k Dil h\u0259v\u0259skarlar\u0131 v\u0259 maraql\u0131 \u00f6yr\u0259n\u0259nl\u0259r, urdu dilinin qrammatikas\u0131 il\u0259 ba\u011fl\u0131 maraql\u0131 d\u00fcnyaya dalma\u011fa haz\u0131rs\u0131n\u0131zm\u0131? \u0130ndo-Aryan dili olan urdu dili Pakistan\u0131n milli dili v\u0259 Hindistan\u0131n r\u0259smi dill\u0259rind\u0259n biridir. D\u00fcnyada t\u0259qrib\u0259n 70 milyon n\u0259f\u0259r dan\u0131\u015fan Urdu dili z\u0259ngin v\u0259 ifad\u0259li dil olmaqla yana\u015f\u0131, h\u0259m d\u0259 canl\u0131 m\u0259d\u0259niyy\u0259t\u0259 [&hellip;]<\/p>\n","protected":false},"author":1,"featured_media":121209,"parent":0,"menu_order":0,"comment_status":"closed","ping_status":"closed","template":"LearningContentPage.php","meta":{"_acf_changed":false,"footnotes":""},"class_list":["post-152227","page","type-page","status-publish","has-post-thumbnail","hentry"],"acf":[],"yoast_head":"<!-- This site is optimized with the Yoast SEO Premium plugin v27.2 (Yoast SEO v27.2) - https:\/\/yoast.com\/product\/yoast-seo-premium-wordpress\/ -->\n<title>Urdu dilinin qrammatikas\u0131 - Talkpal<\/title>\n<meta name=\"description\" content=\"Urdu qrammatikas\u0131n\u0131n g\u00f6z\u0259lliyini a\u00e7\u0131n. Onun unikal c\u0259h\u0259tl\u0259rini, ssenarisini v\u0259 m\u0259d\u0259niyy\u0259t v\u0259 tarixl\u0259 nec\u0259 \u0259laq\u0259 saxlad\u0131\u011f\u0131n\u0131 ara\u015fd\u0131r\u0131n.\" \/>\n<meta name=\"robots\" content=\"index, follow, max-snippet:-1, max-image-preview:large, max-video-preview:-1\" \/>\n<link rel=\"canonical\" href=\"https:\/\/talkpal.ai\/az\/urdu-dilinin-qrammatikasi\/\" \/>\n<meta property=\"og:locale\" content=\"az_AZ\" \/>\n<meta property=\"og:type\" content=\"article\" \/>\n<meta property=\"og:title\" content=\"Urdu dilinin qrammatikas\u0131\" \/>\n<meta property=\"og:description\" content=\"Urdu dilinin qrammatikas\u0131. \u0130ndo-aryan dilinin g\u00f6z\u0259llik v\u0259 inc\u0259likl\u0259rini t\u0259dqiq etm\u0259k Dil h\u0259v\u0259skarlar\u0131 v\u0259 maraql\u0131 \u00f6yr\u0259n\u0259nl\u0259r, urdu dilinin qrammatikas\u0131 il\u0259\" \/>\n<meta property=\"og:url\" content=\"https:\/\/talkpal.ai\/az\/urdu-dilinin-qrammatikasi\/\" \/>\n<meta property=\"og:site_name\" content=\"Talkpal\" \/>\n<meta property=\"article:publisher\" content=\"https:\/\/www.facebook.com\/profile.php?id=100090733639311\" \/>\n<meta property=\"article:modified_time\" content=\"2025-12-11T16:28:19+00:00\" \/>\n<meta property=\"og:image\" content=\"https:\/\/talkpal.ai\/wp-content\/uploads\/2023\/05\/Urdu-pakistan.png\" \/>\n\t<meta property=\"og:image:width\" content=\"512\" \/>\n\t<meta property=\"og:image:height\" content=\"512\" \/>\n\t<meta property=\"og:image:type\" content=\"image\/png\" \/>\n<meta name=\"twitter:card\" content=\"summary_large_image\" \/>\n<meta name=\"twitter:site\" content=\"@talkpalai\" \/>\n<meta name=\"twitter:label1\" content=\"Est. reading time\" \/>\n\t<meta name=\"twitter:data1\" content=\"4 minutes\" \/>\n<script type=\"application\/ld+json\" class=\"yoast-schema-graph\">{\"@context\":\"https:\/\/schema.org\",\"@graph\":[{\"@type\":\"WebPage\",\"@id\":\"https:\/\/talkpal.ai\/az\/urdu-dilinin-qrammatikasi\/\",\"url\":\"https:\/\/talkpal.ai\/az\/urdu-dilinin-qrammatikasi\/\",\"name\":\"Urdu dilinin qrammatikas\u0131 - Talkpal\",\"isPartOf\":{\"@id\":\"https:\/\/talkpal.ai\/az\/#website\"},\"primaryImageOfPage\":{\"@id\":\"https:\/\/talkpal.ai\/az\/urdu-dilinin-qrammatikasi\/#primaryimage\"},\"image\":{\"@id\":\"https:\/\/talkpal.ai\/az\/urdu-dilinin-qrammatikasi\/#primaryimage\"},\"thumbnailUrl\":\"https:\/\/talkpal.ai\/wp-content\/uploads\/2023\/05\/Urdu-pakistan.png\",\"datePublished\":\"2023-05-14T14:22:39+00:00\",\"dateModified\":\"2025-12-11T16:28:19+00:00\",\"description\":\"Urdu qrammatikas\u0131n\u0131n g\u00f6z\u0259lliyini a\u00e7\u0131n. Onun unikal c\u0259h\u0259tl\u0259rini, ssenarisini v\u0259 m\u0259d\u0259niyy\u0259t v\u0259 tarixl\u0259 nec\u0259 \u0259laq\u0259 saxlad\u0131\u011f\u0131n\u0131 ara\u015fd\u0131r\u0131n.\",\"breadcrumb\":{\"@id\":\"https:\/\/talkpal.ai\/az\/urdu-dilinin-qrammatikasi\/#breadcrumb\"},\"inLanguage\":\"az\",\"potentialAction\":[{\"@type\":\"ReadAction\",\"target\":[\"https:\/\/talkpal.ai\/az\/urdu-dilinin-qrammatikasi\/\"]}]},{\"@type\":\"ImageObject\",\"inLanguage\":\"az\",\"@id\":\"https:\/\/talkpal.ai\/az\/urdu-dilinin-qrammatikasi\/#primaryimage\",\"url\":\"https:\/\/talkpal.ai\/wp-content\/uploads\/2023\/05\/Urdu-pakistan.png\",\"contentUrl\":\"https:\/\/talkpal.ai\/wp-content\/uploads\/2023\/05\/Urdu-pakistan.png\",\"width\":512,\"height\":512},{\"@type\":\"BreadcrumbList\",\"@id\":\"https:\/\/talkpal.ai\/az\/urdu-dilinin-qrammatikasi\/#breadcrumb\",\"itemListElement\":[{\"@type\":\"ListItem\",\"position\":1,\"name\":\"Homepage\",\"item\":\"https:\/\/talkpal.ai\/az\/\"},{\"@type\":\"ListItem\",\"position\":2,\"name\":\"Urdu dilinin qrammatikas\u0131\"}]},{\"@type\":\"WebSite\",\"@id\":\"https:\/\/talkpal.ai\/az\/#website\",\"url\":\"https:\/\/talkpal.ai\/az\/\",\"name\":\"Talkpal\",\"description\":\"AI Language Learning\",\"publisher\":{\"@id\":\"https:\/\/talkpal.ai\/az\/#organization\"},\"alternateName\":\"Talkpal AI\",\"potentialAction\":[{\"@type\":\"SearchAction\",\"target\":{\"@type\":\"EntryPoint\",\"urlTemplate\":\"https:\/\/talkpal.ai\/az\/?s={search_term_string}\"},\"query-input\":{\"@type\":\"PropertyValueSpecification\",\"valueRequired\":true,\"valueName\":\"search_term_string\"}}],\"inLanguage\":\"az\"},{\"@type\":\"Organization\",\"@id\":\"https:\/\/talkpal.ai\/az\/#organization\",\"name\":\"Talkpal, Inc.\",\"alternateName\":\"Talkpal AI\",\"url\":\"https:\/\/talkpal.ai\/az\/\",\"logo\":{\"@type\":\"ImageObject\",\"inLanguage\":\"az\",\"@id\":\"https:\/\/talkpal.ai\/az\/#\/schema\/logo\/image\/\",\"url\":\"https:\/\/talkpal.ai\/wp-content\/uploads\/2024\/03\/Talkpal-Logo-Icon.png\",\"contentUrl\":\"https:\/\/talkpal.ai\/wp-content\/uploads\/2024\/03\/Talkpal-Logo-Icon.png\",\"width\":2880,\"height\":2880,\"caption\":\"Talkpal, Inc.\"},\"image\":{\"@id\":\"https:\/\/talkpal.ai\/az\/#\/schema\/logo\/image\/\"},\"sameAs\":[\"https:\/\/www.facebook.com\/profile.php?id=100090733639311\",\"https:\/\/x.com\/talkpalai\",\"https:\/\/www.linkedin.com\/company\/talkpal\/\",\"https:\/\/www.youtube.com\/@TalkPal\/\",\"https:\/\/www.tiktok.com\/@talkpal\",\"https:\/\/www.instagram.com\/talkpal_ai\/\",\"https:\/\/www.crunchbase.com\/organization\/talkpal-9cde\",\"https:\/\/www.g2.com\/products\/talkpal-for-business\/\",\"https:\/\/www.trustpilot.com\/review\/talkpal.ai\",\"https:\/\/www.capterra.com\/p\/10006800\/TalkPal\/\"],\"description\":\"Talkpal is a language learning web and mobile education app, powered by the latest AI technologies, that provides engaging experiences to its customers in many different languages to help them improve their language skills. Users can chat about unlimited amount of topics with the app and use other modes to practice their language learning.\",\"email\":\"support@talkpal.ai\",\"legalName\":\"Talkpal, Inc.\",\"foundingDate\":\"2023-04-03\",\"duns\":\"118989042\",\"numberOfEmployees\":{\"@type\":\"QuantitativeValue\",\"minValue\":\"11\",\"maxValue\":\"50\"},\"publishingPrinciples\":\"https:\/\/talkpal.ai\/publishing-principles\/\",\"actionableFeedbackPolicy\":\"https:\/\/talkpal.ai\/actionable-feedback-policy\/\",\"correctionsPolicy\":\"https:\/\/talkpal.ai\/corrections-policy\/\",\"ethicsPolicy\":\"https:\/\/talkpal.ai\/ethics-policy\/\",\"diversityPolicy\":\"https:\/\/talkpal.ai\/diversity-policy\/\",\"diversityStaffingReport\":\"https:\/\/talkpal.ai\/diversity-policy\/\"}]}<\/script>\n<!-- \/ Yoast SEO Premium plugin. -->","yoast_head_json":{"title":"Urdu dilinin qrammatikas\u0131 - Talkpal","description":"Urdu qrammatikas\u0131n\u0131n g\u00f6z\u0259lliyini a\u00e7\u0131n. Onun unikal c\u0259h\u0259tl\u0259rini, ssenarisini v\u0259 m\u0259d\u0259niyy\u0259t v\u0259 tarixl\u0259 nec\u0259 \u0259laq\u0259 saxlad\u0131\u011f\u0131n\u0131 ara\u015fd\u0131r\u0131n.","robots":{"index":"index","follow":"follow","max-snippet":"max-snippet:-1","max-image-preview":"max-image-preview:large","max-video-preview":"max-video-preview:-1"},"canonical":"https:\/\/talkpal.ai\/az\/urdu-dilinin-qrammatikasi\/","og_locale":"az_AZ","og_type":"article","og_title":"Urdu dilinin qrammatikas\u0131","og_description":"Urdu dilinin qrammatikas\u0131. \u0130ndo-aryan dilinin g\u00f6z\u0259llik v\u0259 inc\u0259likl\u0259rini t\u0259dqiq etm\u0259k Dil h\u0259v\u0259skarlar\u0131 v\u0259 maraql\u0131 \u00f6yr\u0259n\u0259nl\u0259r, urdu dilinin qrammatikas\u0131 il\u0259","og_url":"https:\/\/talkpal.ai\/az\/urdu-dilinin-qrammatikasi\/","og_site_name":"Talkpal","article_publisher":"https:\/\/www.facebook.com\/profile.php?id=100090733639311","article_modified_time":"2025-12-11T16:28:19+00:00","og_image":[{"width":512,"height":512,"url":"https:\/\/talkpal.ai\/wp-content\/uploads\/2023\/05\/Urdu-pakistan.png","type":"image\/png"}],"twitter_card":"summary_large_image","twitter_site":"@talkpalai","twitter_misc":{"Est. reading time":"4 minutes"},"schema":{"@context":"https:\/\/schema.org","@graph":[{"@type":"WebPage","@id":"https:\/\/talkpal.ai\/az\/urdu-dilinin-qrammatikasi\/","url":"https:\/\/talkpal.ai\/az\/urdu-dilinin-qrammatikasi\/","name":"Urdu dilinin qrammatikas\u0131 - Talkpal","isPartOf":{"@id":"https:\/\/talkpal.ai\/az\/#website"},"primaryImageOfPage":{"@id":"https:\/\/talkpal.ai\/az\/urdu-dilinin-qrammatikasi\/#primaryimage"},"image":{"@id":"https:\/\/talkpal.ai\/az\/urdu-dilinin-qrammatikasi\/#primaryimage"},"thumbnailUrl":"https:\/\/talkpal.ai\/wp-content\/uploads\/2023\/05\/Urdu-pakistan.png","datePublished":"2023-05-14T14:22:39+00:00","dateModified":"2025-12-11T16:28:19+00:00","description":"Urdu qrammatikas\u0131n\u0131n g\u00f6z\u0259lliyini a\u00e7\u0131n. Onun unikal c\u0259h\u0259tl\u0259rini, ssenarisini v\u0259 m\u0259d\u0259niyy\u0259t v\u0259 tarixl\u0259 nec\u0259 \u0259laq\u0259 saxlad\u0131\u011f\u0131n\u0131 ara\u015fd\u0131r\u0131n.","breadcrumb":{"@id":"https:\/\/talkpal.ai\/az\/urdu-dilinin-qrammatikasi\/#breadcrumb"},"inLanguage":"az","potentialAction":[{"@type":"ReadAction","target":["https:\/\/talkpal.ai\/az\/urdu-dilinin-qrammatikasi\/"]}]},{"@type":"ImageObject","inLanguage":"az","@id":"https:\/\/talkpal.ai\/az\/urdu-dilinin-qrammatikasi\/#primaryimage","url":"https:\/\/talkpal.ai\/wp-content\/uploads\/2023\/05\/Urdu-pakistan.png","contentUrl":"https:\/\/talkpal.ai\/wp-content\/uploads\/2023\/05\/Urdu-pakistan.png","width":512,"height":512},{"@type":"BreadcrumbList","@id":"https:\/\/talkpal.ai\/az\/urdu-dilinin-qrammatikasi\/#breadcrumb","itemListElement":[{"@type":"ListItem","position":1,"name":"Homepage","item":"https:\/\/talkpal.ai\/az\/"},{"@type":"ListItem","position":2,"name":"Urdu dilinin qrammatikas\u0131"}]},{"@type":"WebSite","@id":"https:\/\/talkpal.ai\/az\/#website","url":"https:\/\/talkpal.ai\/az\/","name":"Talkpal","description":"AI Language Learning","publisher":{"@id":"https:\/\/talkpal.ai\/az\/#organization"},"alternateName":"Talkpal AI","potentialAction":[{"@type":"SearchAction","target":{"@type":"EntryPoint","urlTemplate":"https:\/\/talkpal.ai\/az\/?s={search_term_string}"},"query-input":{"@type":"PropertyValueSpecification","valueRequired":true,"valueName":"search_term_string"}}],"inLanguage":"az"},{"@type":"Organization","@id":"https:\/\/talkpal.ai\/az\/#organization","name":"Talkpal, Inc.","alternateName":"Talkpal AI","url":"https:\/\/talkpal.ai\/az\/","logo":{"@type":"ImageObject","inLanguage":"az","@id":"https:\/\/talkpal.ai\/az\/#\/schema\/logo\/image\/","url":"https:\/\/talkpal.ai\/wp-content\/uploads\/2024\/03\/Talkpal-Logo-Icon.png","contentUrl":"https:\/\/talkpal.ai\/wp-content\/uploads\/2024\/03\/Talkpal-Logo-Icon.png","width":2880,"height":2880,"caption":"Talkpal, Inc."},"image":{"@id":"https:\/\/talkpal.ai\/az\/#\/schema\/logo\/image\/"},"sameAs":["https:\/\/www.facebook.com\/profile.php?id=100090733639311","https:\/\/x.com\/talkpalai","https:\/\/www.linkedin.com\/company\/talkpal\/","https:\/\/www.youtube.com\/@TalkPal\/","https:\/\/www.tiktok.com\/@talkpal","https:\/\/www.instagram.com\/talkpal_ai\/","https:\/\/www.crunchbase.com\/organization\/talkpal-9cde","https:\/\/www.g2.com\/products\/talkpal-for-business\/","https:\/\/www.trustpilot.com\/review\/talkpal.ai","https:\/\/www.capterra.com\/p\/10006800\/TalkPal\/"],"description":"Talkpal is a language learning web and mobile education app, powered by the latest AI technologies, that provides engaging experiences to its customers in many different languages to help them improve their language skills. Users can chat about unlimited amount of topics with the app and use other modes to practice their language learning.","email":"support@talkpal.ai","legalName":"Talkpal, Inc.","foundingDate":"2023-04-03","duns":"118989042","numberOfEmployees":{"@type":"QuantitativeValue","minValue":"11","maxValue":"50"},"publishingPrinciples":"https:\/\/talkpal.ai\/publishing-principles\/","actionableFeedbackPolicy":"https:\/\/talkpal.ai\/actionable-feedback-policy\/","correctionsPolicy":"https:\/\/talkpal.ai\/corrections-policy\/","ethicsPolicy":"https:\/\/talkpal.ai\/ethics-policy\/","diversityPolicy":"https:\/\/talkpal.ai\/diversity-policy\/","diversityStaffingReport":"https:\/\/talkpal.ai\/diversity-policy\/"}]}},"_links":{"self":[{"href":"https:\/\/talkpal.ai\/az\/wp-json\/wp\/v2\/pages\/152227","targetHints":{"allow":["GET"]}}],"collection":[{"href":"https:\/\/talkpal.ai\/az\/wp-json\/wp\/v2\/pages"}],"about":[{"href":"https:\/\/talkpal.ai\/az\/wp-json\/wp\/v2\/types\/page"}],"author":[{"embeddable":true,"href":"https:\/\/talkpal.ai\/az\/wp-json\/wp\/v2\/users\/1"}],"replies":[{"embeddable":true,"href":"https:\/\/talkpal.ai\/az\/wp-json\/wp\/v2\/comments?post=152227"}],"version-history":[{"count":0,"href":"https:\/\/talkpal.ai\/az\/wp-json\/wp\/v2\/pages\/152227\/revisions"}],"wp:featuredmedia":[{"embeddable":true,"href":"https:\/\/talkpal.ai\/az\/wp-json\/wp\/v2\/media\/121209"}],"wp:attachment":[{"href":"https:\/\/talkpal.ai\/az\/wp-json\/wp\/v2\/media?parent=152227"}],"curies":[{"name":"wp","href":"https:\/\/api.w.org\/{rel}","templated":true}]}}