{"id":151914,"date":"2023-05-14T14:22:16","date_gmt":"2023-05-14T14:22:16","guid":{"rendered":"http:\/\/talkpal.ai\/tamil-qrammatikasi\/"},"modified":"2025-12-12T11:03:26","modified_gmt":"2025-12-12T11:03:26","slug":"tamil-qrammatikasi","status":"publish","type":"page","link":"https:\/\/talkpal.ai\/az\/tamil-qrammatikasi\/","title":{"rendered":"Tamil qrammatikas\u0131"},"content":{"rendered":"\r\n\r\n\r\n<section class=\"languageChallengeSection\">\r\n    <div class=\"languageInfoWrapper\">\r\n        \r\n        <h1>Tamil qrammatikas\u0131<\/h1>\r\n        <p>Qrammatikan\u0131n \u0259saslar\u0131n\u0131 v\u0259 qabaqc\u0131l anlay\u0131\u015flar\u0131 m\u0259nims\u0259m\u0259kl\u0259 <a href=\"https:\/\/talkpal.ai\/learn-tamil\/\">Tamil<\/a> dili bacar\u0131qlar\u0131n\u0131z\u0131 n\u00f6vb\u0259ti s\u0259viyy\u0259y\u0259 qald\u0131r\u0131n. \u00d6z g\u00fcv\u0259ninizi art\u0131rmaq \u00fc\u00e7\u00fcn ayd\u0131n izahatlar\u0131, praktiki n\u00fcmun\u0259l\u0259ri v\u0259 interaktiv m\u0259\u015fql\u0259ri ara\u015fd\u0131r\u0131n. Bu g\u00fcn c\u00fcml\u0259 qurulu\u015fu, fel birl\u0259\u015fm\u0259si v\u0259 \u0259sas qaydalar haqq\u0131nda \u00f6yr\u0259nm\u0259y\u0259 ba\u015flay\u0131n. Tamil dilind\u0259 d\u0259qiqlik v\u0259 rahatl\u0131qla dan\u0131\u015fmaq v\u0259 yazmaq \u00fc\u00e7\u00fcn s\u0259yah\u0259tiniz\u0259 ba\u015flay\u0131n!<\/p>\r\n\r\n                            <a class=\"getStartedHidden\" href=\"https:\/\/app.talkpal.ai\/signup?lng=\">Ba\u015fla<\/a>\r\n        \r\n    <\/div>\r\n\r\n    <figure>\r\n    <img decoding=\"async\" width=\"768\" height=\"768\" src=\"https:\/\/talkpal.ai\/wp-content\/uploads\/2023\/06\/tamil-768x768.png\" class=\"languageImage no-lazy\" alt=\"Language learning for enhanced creativity\" fetchpriority=\"high\" sizes=\"(max-width: 768px) 150px, 768px\" srcset=\"https:\/\/talkpal.ai\/wp-content\/uploads\/2023\/06\/tamil-768x768.png 768w, https:\/\/talkpal.ai\/wp-content\/uploads\/2023\/06\/tamil-300x300.png 300w\" \/>\r\n    \r\n\r\n    <\/figure>\r\n\r\n            <a class=\"getStartedVisible\" href=\"https:\/\/app.talkpal.ai\/signup?lng=\">Ba\u015fla<\/a>\r\n    \r\n<\/section>\r\n<section class=\"promotionalBanner\">\r\n    <p class=\"promotionalText\">Dil \u00f6yr\u0259nm\u0259yin \u0259n t\u0259sirli yolu<\/p>\r\n    <a class=\"promotionalLink\" href=\"https:\/\/app.talkpal.ai\/signup?lng=\">Talkpal pulsuz s\u0131nay\u0131n<\/a>\r\n<\/section>\n<div class=\"wp-block-group pageContainerStyle\"><div class=\"wp-block-group__inner-container is-layout-constrained wp-block-group-is-layout-constrained\">\n<h2 class=\"wp-block-heading\" id=\"h-tamil-grammar-understanding-the-richness-of-the-tamil-language\">Tamil qrammatikas\u0131. Tamil dilinin z\u0259nginliyini anlamaq<\/h2>\n\n\n\n<p>D\u00fcnyan\u0131n \u0259n q\u0259dim canl\u0131 dill\u0259rind\u0259n biri olan <a href=\"https:\/\/talkpal.ai\/az\/tamil-dilini-oyr%c9%99n\/\">Tamil dilini<\/a> \u00f6yr\u0259nm\u0259y\u0259 ba\u015flayanda onun qrammatikas\u0131n\u0131n m\u00fcr\u0259kk\u0259blikl\u0259rini v\u0259 z\u0259nginliyini a\u015fkar etm\u0259k vacibdir. 2000 ild\u0259n \u00e7ox davam ed\u0259n yaz\u0131l\u0131 \u0259n\u0259n\u0259 il\u0259 \u00f6y\u00fcn\u0259n Tamil b\u00fct\u00fcn d\u00fcnyada 70 milyon natiqin \u0259sas dili olaraq qal\u0131r. M\u0259qal\u0259nin \u0259vv\u0259lind\u0259 tamil qrammatikas\u0131n\u0131n b\u0259zi \u0259sas c\u0259h\u0259tl\u0259rini s\u00f6hb\u0259t\u0259 v\u0259 qeyri-r\u0259smi dan\u0131\u015f\u0131q \u00fcsuluna \u0259sas\u0259n t\u0259svir etm\u0259k olar.<\/p>\n\n\n\n<h3 class=\"wp-block-heading\" id=\"h-1-nouns-classifications-and-cases\">1. Nouns \u2013 T\u0259snifatlar v\u0259 Hallar<\/h3>\n\n\n\n<p>Tamil qrammatikan\u0131n \u0259h\u0259miyy\u0259tli bir c\u0259h\u0259ti onun nounlar\u0131d\u0131r. Bu ad cins (ki\u015fiklin, femin v\u0259 neytrin), \u0259d\u0259d (vahid v\u0259 \u00e7oxluq) \u0259sas\u0131nda t\u0259snif edilir v\u0259 case (nominativ, ittihamedici, dativ, genitive, lokativ, instrumental, comitative, abessive v\u0259 vocative) adlan\u0131r. Bu h\u0259dsiz g\u00f6r\u00fcns\u0259 d\u0259, c\u00fcml\u0259l\u0259rd\u0259ki s\u00f6zl\u0259r aras\u0131ndak\u0131 \u0259laq\u0259l\u0259ri ba\u015fa d\u00fc\u015fm\u0259k v\u0259 Tamilin xas m\u0259ntiqini de\u015fifr\u0259 etm\u0259k vacibdir.<\/p>\n\n\n\n<p>M\u0259s\u0259l\u0259n, Tamil dilind\u0259 &#8220;kitab&#8221; s\u00f6z\u00fc &#8220;\u0baa\u0bc1\u0ba4\u0bcd\u0ba4\u0b95\u0bae\u0bcd&#8221; (putthhakam) dir. \u201cM\u0259n kitab\u0131 oxudum\u201d dem\u0259k \u00fc\u00e7\u00fcn siz ittihamedici halda istifad\u0259 ed\u0259rdiniz ki, bu da kitab\u0131n h\u0259r\u0259k\u0259tin obyekti oldu\u011funu bildirir: \u201c\u0ba8\u0bbe\u0ba9\u0bcd \u0baa\u0bc1\u0ba4\u0bcd\u0ba4\u0b95\u0ba4\u0bcd\u0ba4\u0bc8 \u0bb5\u0bbe\u0b9a\u0bbf\u0b95\u0bcd\u0ba9\u0bae\u0bae\u0bcd hthakatthhai vaasikkiren).<\/p>\n\n\n\n<h3 class=\"wp-block-heading\" id=\"h-2-adjectives-and-pronouns-consistent-harmony\">2. Adjectives and Pronouns \u2013 Ard\u0131c\u0131l uy\u011funluq<\/h3>\n\n\n\n<p>Tamild\u0259 adjectives (\u0baa\u0ba3\u0bcd\u0baa\u0bc1\u0b9f\u0bc8\u0bae\u0bc8) v\u0259 pronouns (\u0ba4\u0ba9\u0bbf\u0baa\u0bcd\u0baa\u0bca\u0bb0\u0bc1\u0bb3\u0bcd) h\u0259lledici bir qaydaya riay\u0259t edirl\u0259r: onlar d\u0259yi\u015fdirdikl\u0259ri nounlarla cins v\u0259 \u0259d\u0259dl\u0259 raz\u0131la\u015fmal\u0131d\u0131rlar. Bu ard\u0131c\u0131ll\u0131q leksik harmoniyan\u0131 t\u0259min edir v\u0259 ifad\u0259nin ayd\u0131nl\u0131\u011f\u0131n\u0131 art\u0131r\u0131r.<\/p>\n\n\n\n<h3 class=\"wp-block-heading\" id=\"h-3-verbs-conjugation-and-tenses\">3. Feill\u0259r \u2013 Konjuqasiya v\u0259 g\u0259rginlikl\u0259r<\/h3>\n\n\n\n<p>C\u00fcml\u0259l\u0259rin formala\u015fmas\u0131nda tamil fell\u0259ri h\u0259lledici rol oynay\u0131r. Feill\u0259r insana, saya, g\u0259rginliy\u0259, s\u0259s\u0259 v\u0259 \u0259hval-ruhiyy\u0259y\u0259 \u0259sas\u0259n konyunkasiyadan ke\u00e7irl\u0259r. Tamild\u0259 \u00fc\u00e7 \u0259sas g\u0259rginlik (ke\u00e7mi\u015f, indiki v\u0259 g\u0259l\u0259c\u0259k) v\u0259 \u00fc\u00e7 \u0259hval-ruhiyy\u0259 (g\u00f6st\u0259rici, <a href=\"https:\/\/talkpal.ai\/ja\/grammar_exercises\/imperatif-%e3%83%95%e3%83%a9%e3%83%b3%e3%82%b9%e3%81%ae%e6%96%87%e6%b3%95%e3%81%ae%e3%81%9f%e3%82%81%e3%81%ae%e6%bc%94%e7%bf%92\/\">imperativ<\/a> v\u0259 tabe\u00e7ilik) vard\u0131r. \u0130lk bax\u0131\u015fdan konjuqasiya qorxulu g\u00f6r\u00fcn\u0259 bil\u0259r, lakin bu, s\u0259n\u0259 \u00e7oxlu hissl\u0259r, h\u0259r\u0259k\u0259tl\u0259r v\u0259 n\u00fcanslar ifad\u0259 etm\u0259y\u0259 k\u00f6m\u0259k ed\u0259c\u0259k.<\/p>\n\n\n\n<h3 class=\"wp-block-heading\" id=\"h-4-sentence-structure-word-order-and-agreement\">4. C\u00fcml\u0259 qurulu\u015fu \u2013 s\u00f6z s\u0131ras\u0131 v\u0259 raz\u0131la\u015fma<\/h3>\n\n\n\n<p>Tamil, Subject-Object-Verb (SOV) s\u00f6z nizam\u0131 ard\u0131nca g\u0259lir v\u0259 bu s\u00f6z ingilis dilind\u0259n f\u0259rqli olur. Bu da Subject-Verb-Object (SVO) strukturunu izl\u0259yir. Bundan ba\u015fqa, <a href=\"https:\/\/talkpal.ai\/tamil-grammar\/\">Tamil qrammatikas\u0131<\/a> s\u00f6z raz\u0131la\u015fmas\u0131n\u0131 vur\u011fulay\u0131r, noun, adjectives v\u0259 pronouns aras\u0131nda ard\u0131c\u0131ll\u0131\u011f\u0131 t\u0259min edir.<\/p>\n\n\n\n<p>M\u0259s\u0259l\u0259n, Tamil dilind\u0259 \u201cO alma yeyir\u201d c\u00fcml\u0259si \u201c\u0b85\u0bb5\u0bb3\u0bcd \u0b92\u0bb0\u0bc1 \u0b86\u0baa\u0bcd\u0baa\u0bbf\u0bb3\u0bcd \u0b9a\u0bbe\u0baa\u0bcd\u0baa\u0bbf\u0b9f\u0baa\u0bcd\u0baa\u0bbf\u0b9f\u0bc1\u0bcd\u0baa\u0bbf\u0b9f\u0bc1\u0b95\u0bbfA (o alma yeyir) kimi yaz\u0131l\u0131r. \u1e37 s\u0101ppi\u1e6dugi\u1e5f\u0101\u1e37), burada isim v\u0259 fel cins v\u0259 say bax\u0131m\u0131ndan uy\u011fun g\u0259lir.<\/p>\n\n\n\n<h3 class=\"wp-block-heading\" id=\"h-5-embrace-the-journey\">5. S\u0259yah\u0259ti qucaqlamaq<\/h3>\n\n\n\n<p>Tamil qrammatikas\u0131n\u0131 \u00f6yr\u0259nm\u0259k \u00e7\u0259tin ola bil\u0259r, lakin bu, canl\u0131 \u0259d\u0259bi \u0259n\u0259n\u0259nin v\u0259 z\u0259ngin m\u0259d\u0259ni irsin qap\u0131s\u0131n\u0131 a\u00e7\u0131r. Unutmay\u0131n, bir add\u0131m atmaq v\u0259 Tamil dilini bu q\u0259d\u0259r x\u00fcsusi ed\u0259n inc\u0259likl\u0259ri qiym\u0259tl\u0259ndirm\u0259k \u00e7ox vacibdir.<\/p>\n\n\n\n<p>Tamil dilinin qrammatikas\u0131n\u0131n m\u00fcr\u0259kk\u0259blikl\u0259rini ara\u015fd\u0131rark\u0259n, m\u00fcnt\u0259z\u0259m m\u0259\u015fq etdiyiniz\u0259, do\u011fma dan\u0131\u015fanlarla \u0259laq\u0259 saxlad\u0131\u011f\u0131n\u0131zdan v\u0259 \u00f6z\u00fcn\u00fcz\u0259 qar\u015f\u0131 s\u0259birli olma\u011f\u0131n\u0131zdan \u0259min olun. F\u0259dakarl\u0131qla siz bu q\u0259dim dilin g\u00f6z\u0259lliyini v\u0259 z\u0259nginliyini a\u00e7acaqs\u0131n\u0131z. \u0b87\u0ba9\u0bbf\u0baf \u0b95\u0bb1\u0bcd\u0bb1\u0bb2\u0bcd \u2013 Iniy ka\u1e5f\u1e5fal (xo\u015fb\u0259xt \u00f6yr\u0259nm\u0259)!<\/p>\n<\/div><\/div>\n\r\n<section class=\"learnNavigationSection\">\r\n            \r\n        <a href=\"https:\/\/talkpal.ai\/az\/tamil-dilini-oyr%c9%99n\/\">\r\n            <div class=\"learnNavigationWrapper\">\r\n                <div class=\"learnNavigationContent\">\r\n                    <img decoding=\"async\" src=\"https:\/\/talkpal.ai\/wp-content\/uploads\/2024\/08\/Tamil.jpg\" alt=\"Indian Simplified Flag\">\r\n                    <div>\r\n                        <h4>Tamil \u00d6yr\u0259nm\u0259 Haqq\u0131nda<\/h4>\r\n                        <p>Tamil qrammatikas\u0131 haqq\u0131nda h\u0259r \u015feyi \u00f6yr\u0259nin .<\/p>\r\n                    <\/div>\r\n                <\/div>\r\n            <\/div>\r\n        <\/a>\r\n\r\n        \r\n        <a href=\"https:\/\/talkpal.ai\/az\/tamil-qrammatika-m%c9%99sql%c9%99ri\/\">\r\n            <div class=\"learnNavigationWrapper\">\r\n                <div class=\"learnNavigationContent\">\r\n                    <img decoding=\"async\" src=\"https:\/\/talkpal.ai\/wp-content\/uploads\/2024\/08\/Tamil.jpg\" alt=\"Indian Simplified Flag\">\r\n                    <div>\r\n                        <h4>Tamil qrammatikas\u0131 m\u0259\u015fqi<\/h4>\r\n                        <p>Tamil qrammatika il\u0259 m\u0259\u015fq etm\u0259k.<\/p>\r\n                    <\/div>\r\n                <\/div>\r\n            <\/div>\r\n        <\/a>\r\n\r\n        \r\n        <a href=\"https:\/\/talkpal.ai\/vocabulary_language\/tamil\/\">\r\n            <div class=\"learnNavigationWrapper\">\r\n                <div class=\"learnNavigationContent\">\r\n                    <img decoding=\"async\" src=\"https:\/\/talkpal.ai\/wp-content\/uploads\/2024\/08\/Tamil.jpg\" alt=\"Indian Simplified Flag\">\r\n                    <div>\r\n                        <h4>Tamil l\u00fc\u011f\u0259ti<\/h4>\r\n                        <p>Tamil l\u00fc\u011f\u0259tinizi geni\u015fl\u0259ndirin.<\/p>\r\n                    <\/div>\r\n                <\/div>\r\n            <\/div>\r\n        <\/a>\r\n\r\n            <\/section>","protected":false},"excerpt":{"rendered":"<p>Tamil qrammatikas\u0131. Tamil dilinin z\u0259nginliyini anlamaq D\u00fcnyan\u0131n \u0259n q\u0259dim canl\u0131 dill\u0259rind\u0259n biri olan Tamil dilini \u00f6yr\u0259nm\u0259y\u0259 ba\u015flayanda onun qrammatikas\u0131n\u0131n m\u00fcr\u0259kk\u0259blikl\u0259rini v\u0259 z\u0259nginliyini a\u015fkar etm\u0259k vacibdir. 2000 ild\u0259n \u00e7ox davam ed\u0259n yaz\u0131l\u0131 \u0259n\u0259n\u0259 il\u0259 \u00f6y\u00fcn\u0259n Tamil b\u00fct\u00fcn d\u00fcnyada 70 milyon natiqin \u0259sas dili olaraq qal\u0131r. M\u0259qal\u0259nin \u0259vv\u0259lind\u0259 tamil qrammatikas\u0131n\u0131n b\u0259zi \u0259sas c\u0259h\u0259tl\u0259rini s\u00f6hb\u0259t\u0259 v\u0259 qeyri-r\u0259smi dan\u0131\u015f\u0131q [&hellip;]<\/p>\n","protected":false},"author":1,"featured_media":134370,"parent":0,"menu_order":0,"comment_status":"closed","ping_status":"closed","template":"LearningContentPage.php","meta":{"_acf_changed":false,"footnotes":""},"class_list":["post-151914","page","type-page","status-publish","has-post-thumbnail","hentry"],"acf":[],"yoast_head":"<!-- This site is optimized with the Yoast SEO Premium plugin v27.2 (Yoast SEO v27.2) - https:\/\/yoast.com\/product\/yoast-seo-premium-wordpress\/ -->\n<title>Tamil qrammatikas\u0131 - Talkpal<\/title>\n<meta name=\"description\" content=\"Tamil qrammatikas\u0131n\u0131n \u0259saslar\u0131n\u0131 ara\u015fd\u0131r\u0131n v\u0259 bu z\u0259ngin dil haqq\u0131nda anlay\u0131\u015f\u0131n\u0131z\u0131 art\u0131r\u0131n.\" \/>\n<meta name=\"robots\" content=\"index, follow, max-snippet:-1, max-image-preview:large, max-video-preview:-1\" \/>\n<link rel=\"canonical\" href=\"https:\/\/talkpal.ai\/az\/tamil-qrammatikasi\/\" \/>\n<meta property=\"og:locale\" content=\"az_AZ\" \/>\n<meta property=\"og:type\" content=\"article\" \/>\n<meta property=\"og:title\" content=\"Tamil qrammatikas\u0131\" \/>\n<meta property=\"og:description\" content=\"Tamil qrammatikas\u0131. Tamil dilinin z\u0259nginliyini anlamaq D\u00fcnyan\u0131n \u0259n q\u0259dim canl\u0131 dill\u0259rind\u0259n biri olan Tamil dilini \u00f6yr\u0259nm\u0259y\u0259 ba\u015flayanda onun\" \/>\n<meta property=\"og:url\" content=\"https:\/\/talkpal.ai\/az\/tamil-qrammatikasi\/\" \/>\n<meta property=\"og:site_name\" content=\"Talkpal\" \/>\n<meta property=\"article:publisher\" content=\"https:\/\/www.facebook.com\/profile.php?id=100090733639311\" \/>\n<meta property=\"article:modified_time\" content=\"2025-12-12T11:03:26+00:00\" \/>\n<meta property=\"og:image\" content=\"https:\/\/talkpal.ai\/wp-content\/uploads\/2023\/05\/Tamil-india.png\" \/>\n\t<meta property=\"og:image:width\" content=\"512\" \/>\n\t<meta property=\"og:image:height\" content=\"512\" \/>\n\t<meta property=\"og:image:type\" content=\"image\/png\" \/>\n<meta name=\"twitter:card\" content=\"summary_large_image\" \/>\n<meta name=\"twitter:site\" content=\"@talkpalai\" \/>\n<meta name=\"twitter:label1\" content=\"Est. reading time\" \/>\n\t<meta name=\"twitter:data1\" content=\"3 minutes\" \/>\n<script type=\"application\/ld+json\" class=\"yoast-schema-graph\">{\"@context\":\"https:\/\/schema.org\",\"@graph\":[{\"@type\":\"WebPage\",\"@id\":\"https:\/\/talkpal.ai\/az\/tamil-qrammatikasi\/\",\"url\":\"https:\/\/talkpal.ai\/az\/tamil-qrammatikasi\/\",\"name\":\"Tamil qrammatikas\u0131 - Talkpal\",\"isPartOf\":{\"@id\":\"https:\/\/talkpal.ai\/az\/#website\"},\"primaryImageOfPage\":{\"@id\":\"https:\/\/talkpal.ai\/az\/tamil-qrammatikasi\/#primaryimage\"},\"image\":{\"@id\":\"https:\/\/talkpal.ai\/az\/tamil-qrammatikasi\/#primaryimage\"},\"thumbnailUrl\":\"https:\/\/talkpal.ai\/wp-content\/uploads\/2023\/05\/Tamil-india.png\",\"datePublished\":\"2023-05-14T14:22:16+00:00\",\"dateModified\":\"2025-12-12T11:03:26+00:00\",\"description\":\"Tamil qrammatikas\u0131n\u0131n \u0259saslar\u0131n\u0131 ara\u015fd\u0131r\u0131n v\u0259 bu z\u0259ngin dil haqq\u0131nda anlay\u0131\u015f\u0131n\u0131z\u0131 art\u0131r\u0131n.\",\"breadcrumb\":{\"@id\":\"https:\/\/talkpal.ai\/az\/tamil-qrammatikasi\/#breadcrumb\"},\"inLanguage\":\"az\",\"potentialAction\":[{\"@type\":\"ReadAction\",\"target\":[\"https:\/\/talkpal.ai\/az\/tamil-qrammatikasi\/\"]}]},{\"@type\":\"ImageObject\",\"inLanguage\":\"az\",\"@id\":\"https:\/\/talkpal.ai\/az\/tamil-qrammatikasi\/#primaryimage\",\"url\":\"https:\/\/talkpal.ai\/wp-content\/uploads\/2023\/05\/Tamil-india.png\",\"contentUrl\":\"https:\/\/talkpal.ai\/wp-content\/uploads\/2023\/05\/Tamil-india.png\",\"width\":512,\"height\":512},{\"@type\":\"BreadcrumbList\",\"@id\":\"https:\/\/talkpal.ai\/az\/tamil-qrammatikasi\/#breadcrumb\",\"itemListElement\":[{\"@type\":\"ListItem\",\"position\":1,\"name\":\"Homepage\",\"item\":\"https:\/\/talkpal.ai\/az\/\"},{\"@type\":\"ListItem\",\"position\":2,\"name\":\"Tamil qrammatikas\u0131\"}]},{\"@type\":\"WebSite\",\"@id\":\"https:\/\/talkpal.ai\/az\/#website\",\"url\":\"https:\/\/talkpal.ai\/az\/\",\"name\":\"Talkpal\",\"description\":\"AI Language Learning\",\"publisher\":{\"@id\":\"https:\/\/talkpal.ai\/az\/#organization\"},\"alternateName\":\"Talkpal AI\",\"potentialAction\":[{\"@type\":\"SearchAction\",\"target\":{\"@type\":\"EntryPoint\",\"urlTemplate\":\"https:\/\/talkpal.ai\/az\/?s={search_term_string}\"},\"query-input\":{\"@type\":\"PropertyValueSpecification\",\"valueRequired\":true,\"valueName\":\"search_term_string\"}}],\"inLanguage\":\"az\"},{\"@type\":\"Organization\",\"@id\":\"https:\/\/talkpal.ai\/az\/#organization\",\"name\":\"Talkpal, Inc.\",\"alternateName\":\"Talkpal AI\",\"url\":\"https:\/\/talkpal.ai\/az\/\",\"logo\":{\"@type\":\"ImageObject\",\"inLanguage\":\"az\",\"@id\":\"https:\/\/talkpal.ai\/az\/#\/schema\/logo\/image\/\",\"url\":\"https:\/\/talkpal.ai\/wp-content\/uploads\/2024\/03\/Talkpal-Logo-Icon.png\",\"contentUrl\":\"https:\/\/talkpal.ai\/wp-content\/uploads\/2024\/03\/Talkpal-Logo-Icon.png\",\"width\":2880,\"height\":2880,\"caption\":\"Talkpal, Inc.\"},\"image\":{\"@id\":\"https:\/\/talkpal.ai\/az\/#\/schema\/logo\/image\/\"},\"sameAs\":[\"https:\/\/www.facebook.com\/profile.php?id=100090733639311\",\"https:\/\/x.com\/talkpalai\",\"https:\/\/www.linkedin.com\/company\/talkpal\/\",\"https:\/\/www.youtube.com\/@TalkPal\/\",\"https:\/\/www.tiktok.com\/@talkpal\",\"https:\/\/www.instagram.com\/talkpal_ai\/\",\"https:\/\/www.crunchbase.com\/organization\/talkpal-9cde\",\"https:\/\/www.g2.com\/products\/talkpal-for-business\/\",\"https:\/\/www.trustpilot.com\/review\/talkpal.ai\",\"https:\/\/www.capterra.com\/p\/10006800\/TalkPal\/\"],\"description\":\"Talkpal is a language learning web and mobile education app, powered by the latest AI technologies, that provides engaging experiences to its customers in many different languages to help them improve their language skills. Users can chat about unlimited amount of topics with the app and use other modes to practice their language learning.\",\"email\":\"support@talkpal.ai\",\"legalName\":\"Talkpal, Inc.\",\"foundingDate\":\"2023-04-03\",\"duns\":\"118989042\",\"numberOfEmployees\":{\"@type\":\"QuantitativeValue\",\"minValue\":\"11\",\"maxValue\":\"50\"},\"publishingPrinciples\":\"https:\/\/talkpal.ai\/publishing-principles\/\",\"actionableFeedbackPolicy\":\"https:\/\/talkpal.ai\/actionable-feedback-policy\/\",\"correctionsPolicy\":\"https:\/\/talkpal.ai\/corrections-policy\/\",\"ethicsPolicy\":\"https:\/\/talkpal.ai\/ethics-policy\/\",\"diversityPolicy\":\"https:\/\/talkpal.ai\/diversity-policy\/\",\"diversityStaffingReport\":\"https:\/\/talkpal.ai\/diversity-policy\/\"}]}<\/script>\n<!-- \/ Yoast SEO Premium plugin. -->","yoast_head_json":{"title":"Tamil qrammatikas\u0131 - Talkpal","description":"Tamil qrammatikas\u0131n\u0131n \u0259saslar\u0131n\u0131 ara\u015fd\u0131r\u0131n v\u0259 bu z\u0259ngin dil haqq\u0131nda anlay\u0131\u015f\u0131n\u0131z\u0131 art\u0131r\u0131n.","robots":{"index":"index","follow":"follow","max-snippet":"max-snippet:-1","max-image-preview":"max-image-preview:large","max-video-preview":"max-video-preview:-1"},"canonical":"https:\/\/talkpal.ai\/az\/tamil-qrammatikasi\/","og_locale":"az_AZ","og_type":"article","og_title":"Tamil qrammatikas\u0131","og_description":"Tamil qrammatikas\u0131. Tamil dilinin z\u0259nginliyini anlamaq D\u00fcnyan\u0131n \u0259n q\u0259dim canl\u0131 dill\u0259rind\u0259n biri olan Tamil dilini \u00f6yr\u0259nm\u0259y\u0259 ba\u015flayanda onun","og_url":"https:\/\/talkpal.ai\/az\/tamil-qrammatikasi\/","og_site_name":"Talkpal","article_publisher":"https:\/\/www.facebook.com\/profile.php?id=100090733639311","article_modified_time":"2025-12-12T11:03:26+00:00","og_image":[{"width":512,"height":512,"url":"https:\/\/talkpal.ai\/wp-content\/uploads\/2023\/05\/Tamil-india.png","type":"image\/png"}],"twitter_card":"summary_large_image","twitter_site":"@talkpalai","twitter_misc":{"Est. reading time":"3 minutes"},"schema":{"@context":"https:\/\/schema.org","@graph":[{"@type":"WebPage","@id":"https:\/\/talkpal.ai\/az\/tamil-qrammatikasi\/","url":"https:\/\/talkpal.ai\/az\/tamil-qrammatikasi\/","name":"Tamil qrammatikas\u0131 - Talkpal","isPartOf":{"@id":"https:\/\/talkpal.ai\/az\/#website"},"primaryImageOfPage":{"@id":"https:\/\/talkpal.ai\/az\/tamil-qrammatikasi\/#primaryimage"},"image":{"@id":"https:\/\/talkpal.ai\/az\/tamil-qrammatikasi\/#primaryimage"},"thumbnailUrl":"https:\/\/talkpal.ai\/wp-content\/uploads\/2023\/05\/Tamil-india.png","datePublished":"2023-05-14T14:22:16+00:00","dateModified":"2025-12-12T11:03:26+00:00","description":"Tamil qrammatikas\u0131n\u0131n \u0259saslar\u0131n\u0131 ara\u015fd\u0131r\u0131n v\u0259 bu z\u0259ngin dil haqq\u0131nda anlay\u0131\u015f\u0131n\u0131z\u0131 art\u0131r\u0131n.","breadcrumb":{"@id":"https:\/\/talkpal.ai\/az\/tamil-qrammatikasi\/#breadcrumb"},"inLanguage":"az","potentialAction":[{"@type":"ReadAction","target":["https:\/\/talkpal.ai\/az\/tamil-qrammatikasi\/"]}]},{"@type":"ImageObject","inLanguage":"az","@id":"https:\/\/talkpal.ai\/az\/tamil-qrammatikasi\/#primaryimage","url":"https:\/\/talkpal.ai\/wp-content\/uploads\/2023\/05\/Tamil-india.png","contentUrl":"https:\/\/talkpal.ai\/wp-content\/uploads\/2023\/05\/Tamil-india.png","width":512,"height":512},{"@type":"BreadcrumbList","@id":"https:\/\/talkpal.ai\/az\/tamil-qrammatikasi\/#breadcrumb","itemListElement":[{"@type":"ListItem","position":1,"name":"Homepage","item":"https:\/\/talkpal.ai\/az\/"},{"@type":"ListItem","position":2,"name":"Tamil qrammatikas\u0131"}]},{"@type":"WebSite","@id":"https:\/\/talkpal.ai\/az\/#website","url":"https:\/\/talkpal.ai\/az\/","name":"Talkpal","description":"AI Language Learning","publisher":{"@id":"https:\/\/talkpal.ai\/az\/#organization"},"alternateName":"Talkpal AI","potentialAction":[{"@type":"SearchAction","target":{"@type":"EntryPoint","urlTemplate":"https:\/\/talkpal.ai\/az\/?s={search_term_string}"},"query-input":{"@type":"PropertyValueSpecification","valueRequired":true,"valueName":"search_term_string"}}],"inLanguage":"az"},{"@type":"Organization","@id":"https:\/\/talkpal.ai\/az\/#organization","name":"Talkpal, Inc.","alternateName":"Talkpal AI","url":"https:\/\/talkpal.ai\/az\/","logo":{"@type":"ImageObject","inLanguage":"az","@id":"https:\/\/talkpal.ai\/az\/#\/schema\/logo\/image\/","url":"https:\/\/talkpal.ai\/wp-content\/uploads\/2024\/03\/Talkpal-Logo-Icon.png","contentUrl":"https:\/\/talkpal.ai\/wp-content\/uploads\/2024\/03\/Talkpal-Logo-Icon.png","width":2880,"height":2880,"caption":"Talkpal, Inc."},"image":{"@id":"https:\/\/talkpal.ai\/az\/#\/schema\/logo\/image\/"},"sameAs":["https:\/\/www.facebook.com\/profile.php?id=100090733639311","https:\/\/x.com\/talkpalai","https:\/\/www.linkedin.com\/company\/talkpal\/","https:\/\/www.youtube.com\/@TalkPal\/","https:\/\/www.tiktok.com\/@talkpal","https:\/\/www.instagram.com\/talkpal_ai\/","https:\/\/www.crunchbase.com\/organization\/talkpal-9cde","https:\/\/www.g2.com\/products\/talkpal-for-business\/","https:\/\/www.trustpilot.com\/review\/talkpal.ai","https:\/\/www.capterra.com\/p\/10006800\/TalkPal\/"],"description":"Talkpal is a language learning web and mobile education app, powered by the latest AI technologies, that provides engaging experiences to its customers in many different languages to help them improve their language skills. Users can chat about unlimited amount of topics with the app and use other modes to practice their language learning.","email":"support@talkpal.ai","legalName":"Talkpal, Inc.","foundingDate":"2023-04-03","duns":"118989042","numberOfEmployees":{"@type":"QuantitativeValue","minValue":"11","maxValue":"50"},"publishingPrinciples":"https:\/\/talkpal.ai\/publishing-principles\/","actionableFeedbackPolicy":"https:\/\/talkpal.ai\/actionable-feedback-policy\/","correctionsPolicy":"https:\/\/talkpal.ai\/corrections-policy\/","ethicsPolicy":"https:\/\/talkpal.ai\/ethics-policy\/","diversityPolicy":"https:\/\/talkpal.ai\/diversity-policy\/","diversityStaffingReport":"https:\/\/talkpal.ai\/diversity-policy\/"}]}},"_links":{"self":[{"href":"https:\/\/talkpal.ai\/az\/wp-json\/wp\/v2\/pages\/151914","targetHints":{"allow":["GET"]}}],"collection":[{"href":"https:\/\/talkpal.ai\/az\/wp-json\/wp\/v2\/pages"}],"about":[{"href":"https:\/\/talkpal.ai\/az\/wp-json\/wp\/v2\/types\/page"}],"author":[{"embeddable":true,"href":"https:\/\/talkpal.ai\/az\/wp-json\/wp\/v2\/users\/1"}],"replies":[{"embeddable":true,"href":"https:\/\/talkpal.ai\/az\/wp-json\/wp\/v2\/comments?post=151914"}],"version-history":[{"count":0,"href":"https:\/\/talkpal.ai\/az\/wp-json\/wp\/v2\/pages\/151914\/revisions"}],"wp:featuredmedia":[{"embeddable":true,"href":"https:\/\/talkpal.ai\/az\/wp-json\/wp\/v2\/media\/134370"}],"wp:attachment":[{"href":"https:\/\/talkpal.ai\/az\/wp-json\/wp\/v2\/media?parent=151914"}],"curies":[{"name":"wp","href":"https:\/\/api.w.org\/{rel}","templated":true}]}}