{"id":151431,"date":"2023-05-14T14:20:51","date_gmt":"2023-05-14T14:20:51","guid":{"rendered":"http:\/\/talkpal.ai\/uels-qrammatikasi\/"},"modified":"2025-12-12T11:00:57","modified_gmt":"2025-12-12T11:00:57","slug":"uels-qrammatikasi","status":"publish","type":"page","link":"https:\/\/talkpal.ai\/az\/uels-qrammatikasi\/","title":{"rendered":"Uels qrammatikas\u0131"},"content":{"rendered":"\r\n\r\n\r\n<section class=\"languageChallengeSection\">\r\n    <div class=\"languageInfoWrapper\">\r\n        \r\n        <h1>Uels qrammatikas\u0131<\/h1>\r\n        <p><a href=\"https:\/\/talkpal.ai\/learn-welsh\/\">Uels<\/a> dilinin qrammatikas\u0131 ilk bax\u0131\u015fdan \u00e7\u0259tin g\u00f6r\u00fcn\u0259 bil\u0259r, lakin onun unikal x\u00fcsusiyy\u0259tl\u0259ri dili \u00f6yr\u0259nm\u0259yi faydal\u0131 t\u0259cr\u00fcb\u0259y\u0259 \u00e7evirir. Onun \u0259lifbas\u0131n\u0131, mutasiyalar\u0131n\u0131 v\u0259 qrammatik qaydalar\u0131n\u0131 t\u0259dqiq etm\u0259kl\u0259 siz z\u0259ngin dil \u0259n\u0259n\u0259si haqq\u0131nda fikir \u0259ld\u0259 ed\u0259c\u0259ksiniz. S\u0259yah\u0259tiniz\u0259 ba\u015flay\u0131n v\u0259 Uels g\u00f6z\u0259lliyini k\u0259\u015ff edin!<\/p>\r\n\r\n                            <a class=\"getStartedHidden\" href=\"https:\/\/app.talkpal.ai\/signup?lng=\">Ba\u015fla<\/a>\r\n        \r\n    <\/div>\r\n\r\n    <figure>\r\n    <img decoding=\"async\" width=\"768\" height=\"768\" src=\"https:\/\/talkpal.ai\/wp-content\/uploads\/2023\/06\/welsh-768x768.png\" class=\"languageImage no-lazy\" alt=\"Language learning for better cognitive abilities\" fetchpriority=\"high\" sizes=\"(max-width: 768px) 150px, 768px\" srcset=\"https:\/\/talkpal.ai\/wp-content\/uploads\/2023\/06\/welsh-768x768.png 768w, https:\/\/talkpal.ai\/wp-content\/uploads\/2023\/06\/welsh-300x300.png 300w\" \/>\r\n    \r\n\r\n    <\/figure>\r\n\r\n            <a class=\"getStartedVisible\" href=\"https:\/\/app.talkpal.ai\/signup?lng=\">Ba\u015fla<\/a>\r\n    \r\n<\/section>\r\n<section class=\"promotionalBanner\">\r\n    <p class=\"promotionalText\">Dil \u00f6yr\u0259nm\u0259yin \u0259n t\u0259sirli yolu<\/p>\r\n    <a class=\"promotionalLink\" href=\"https:\/\/app.talkpal.ai\/signup?lng=\">Talkpal pulsuz s\u0131nay\u0131n<\/a>\r\n<\/section>\n<div class=\"wp-block-group pageContainerStyle\"><div class=\"wp-block-group__inner-container is-layout-constrained wp-block-group-is-layout-constrained\">\n<h2 class=\"wp-block-heading\" id=\"h-navigating-the-intricacies-of-welsh-grammar\">Uels qrammatikas\u0131n\u0131n m\u00fcr\u0259kk\u0259blikl\u0259rini s\u0259f\u0259rb\u0259r etm\u0259k<\/h2>\n\n\n\n<p>Z\u0259ngin tarix\u0259 v\u0259 m\u0259d\u0259ni \u0259h\u0259miyy\u0259t\u0259 malik Britton Kelt dili olan <a href=\"https:\/\/talkpal.ai\/az\/uels-dilini-oyr%c9%99nin\/\">Welsh<\/a> , onun unikal qrammatik sistemini ara\u015fd\u0131rmaq ist\u0259y\u0259nl\u0259r \u00fc\u00e7\u00fcn maraql\u0131 linqvistik t\u0259cr\u00fcb\u0259 t\u0259qdim edir. Uels s\u0259lt\u0259n\u0259tin\u0259 q\u0259d\u0259m qoyduqca, n\u0259inki dil repertuar\u0131n\u0131z\u0131 z\u0259nginl\u0259\u015fdir\u0259c\u0259ksiniz, h\u0259m d\u0259 f\u00fcsunkar m\u0259d\u0259ni s\u0259yah\u0259t\u0259 \u00e7\u0131xacaqs\u0131n\u0131z. <a href=\"https:\/\/talkpal.ai\/welsh-grammar\/\">Uels qrammatikas\u0131<\/a> \u0259vv\u0259lc\u0259 m\u00fcr\u0259kk\u0259b g\u00f6r\u00fcns\u0259 d\u0259, onu \u0259sas komponentl\u0259r\u0259 b\u00f6lm\u0259k dili <a href=\"https:\/\/talkpal.ai\/az\/t%c9%99hsil-ucun-talkpal\/\">\u00f6yr\u0259nm\u0259yi<\/a> daha \u0259l\u00e7atan edir. Bu yaz\u0131da biz Uels qrammatikas\u0131n\u0131n cazib\u0259dar d\u00fcnyas\u0131n\u0131 ara\u015fd\u0131racaq v\u0259 onun m\u00fcr\u0259kk\u0259blikl\u0259rini nec\u0259 m\u0259nims\u0259m\u0259k bar\u0259d\u0259 m\u0259sl\u0259h\u0259tl\u0259r ver\u0259c\u0259yik.<\/p>\n\n\n\n<h3 class=\"wp-block-heading\" id=\"h-1-welsh-alphabet-and-phonetics\">1. Uels \u0259lifbas\u0131 v\u0259 fonetikas\u0131<\/h3>\n\n\n\n<p>Uels \u0259lifbas\u0131 29 h\u0259rfd\u0259n ibar\u0259tdir, b\u0259zil\u0259ri \u201cll\u201d, \u201cdd\u201d v\u0259 \u201cff\u201d kimi dil\u0259 xasd\u0131r. <a href=\"https:\/\/talkpal.ai\/az\/uels-dilini-oyr%c9%99nin\/\">Uels qrammatikas\u0131n\u0131 \u00f6yr\u0259nm\u0259k<\/a> \u00fc\u00e7\u00fcn uels dilind\u0259 oxumaq v\u0259 yazmaq t\u0259cr\u00fcb\u0259si il\u0259 bu f\u0259rqli yaz\u0131 sistemi il\u0259 tan\u0131\u015f olmaq \u00e7ox vacibdir.<\/p>\n\n\n\n<h3 class=\"wp-block-heading\" id=\"h-2-mutations-a-peculiar-welsh-feature\">2. Mutations: A Peculiar Welsh X\u00fcsusiyy\u0259t<\/h3>\n\n\n\n<p>Uels qrammatikas\u0131n\u0131n \u0259n valehedici c\u0259h\u0259tl\u0259rind\u0259n biri d\u0259 mutasiyalar\u0131n yay\u0131lmas\u0131d\u0131r. Bu, s\u00f6z\u00fcn ba\u015flan\u011f\u0131c konsonant\u0131n\u0131n d\u0259yi\u015fdirilm\u0259si il\u0259 ba\u011fl\u0131d\u0131r. Uelsd\u0259 \u00fc\u00e7 \u0259sas mutasiya n\u00f6v\u00fc var: yum\u015faq mutasiya, burun mutasiyas\u0131 v\u0259 aspirat mutasiyas\u0131. Bu mutasiyalar\u0131n n\u0259 zaman v\u0259 nec\u0259 ba\u015f verm\u0259si uels dilind\u0259 d\u0259qiq \u00fcnsiyy\u0259t \u00fc\u00e7\u00fcn olduqca vacibdir.<\/p>\n\n\n\n<h3 class=\"wp-block-heading\" id=\"h-3-nouns-and-pronouns-gender-and-cases\">3. Nouns v\u0259 Pronouns: Cins v\u0259 Hallar<\/h3>\n\n\n\n<p>Uels nouns qrammatik cinsi (ki\u015fi v\u0259 ya feminine) var v\u0259 onlar\u0131n cinsi \u0259sas\u0131nda m\u00fcxt\u0259lif \u00e7oxluq \u0259m\u0259l\u0259g\u0259lm\u0259 qaydalar\u0131na riay\u0259t ed\u0259 bil\u0259r. Uelsd\u0259 pronounslar aras\u0131nda \u015f\u0259xsi, e&#8217;ibadl\u0131, refleksiv, n\u00fcmayi\u015fkar v\u0259 sor\u011fu-sualedici pronounlar n\u0259z\u0259rd\u0259 tutulur. Bu pronouns v\u0259 onlar\u0131n formalar\u0131 il\u0259 tan\u0131\u015f olmaq Uels qrammatikas\u0131na olan m\u00fcnasib\u0259tinizi \u0259h\u0259miyy\u0259tli d\u0259r\u0259c\u0259d\u0259 art\u0131racaq.<\/p>\n\n\n\n<h3 class=\"wp-block-heading\" id=\"h-4-verbs-structure-and-conjugation\">4. Feill\u0259r: Struktur v\u0259 konyunktura<\/h3>\n\n\n\n<p>Uels feill\u0259ri g\u0259rgin, \u0259hval-ruhiyy\u0259d\u0259n v\u0259 insandan as\u0131l\u0131 olaraq \u00f6z\u00fcn\u0259m\u0259xsus qurulu\u015f v\u0259 konjuqasiya sxemini izl\u0259yir. Uelsd\u0259 z\u0259ruri g\u0259rginlikl\u0259r indiki, ke\u00e7mi\u015f v\u0259 g\u0259l\u0259c\u0259kdir. \u015e\u0259rtli v\u0259 <a href=\"https:\/\/talkpal.ai\/ja\/grammar_exercises\/imperatif-%e3%83%95%e3%83%a9%e3%83%b3%e3%82%b9%e3%81%ae%e6%96%87%e6%b3%95%e3%81%ae%e3%81%9f%e3%82%81%e3%81%ae%e6%bc%94%e7%bf%92\/\">imperativ<\/a> \u0259hval-ruhiyy\u0259 kimi \u0259lav\u0259 elementl\u0259r var. <a href=\"https:\/\/talkpal.ai\/ko\/grammar\/%eb%8f%99%ec%82%ac-%ed%99%9c%ec%9a%a9%eb%b2%95\/\">Verb conjugation<\/a> qaydalar\u0131n\u0131 <a href=\"https:\/\/talkpal.ai\/az\/oyr%c9%99nm%c9%99k\/\">\u00f6yr\u0259nm\u0259k<\/a> uels dilind\u0259 effektiv \u00fcnsiyy\u0259t qurmaq qabiliyy\u0259tinizi yax\u015f\u0131la\u015fd\u0131racaq.<\/p>\n\n\n\n<h3 class=\"wp-block-heading\" id=\"h-5-adjectives-agreement-and-placement\">5. Adjectives: Raz\u0131la\u015fma v\u0259 yerl\u0259\u015fdirm\u0259<\/h3>\n\n\n\n<p>Uels qrammatikas\u0131nda adjectives, ad\u0259t\u0259n, d\u0259yi\u015fdirdikl\u0259ri noun-u izl\u0259yir v\u0259 noun il\u0259 r\u0259q\u0259md\u0259 raz\u0131la\u015fmal\u0131d\u0131r. Uelsd\u0259 b\u0259zi adjectives qeyri-m\u00fcnt\u0259z\u0259m m\u00fcqayis\u0259li v\u0259 superlative formalar\u0131 s\u0259rgil\u0259yir. Bu, daha t\u0259bii \u00fcnsiyy\u0259t qurma\u011f\u0131 \u00f6yr\u0259nm\u0259k \u00fc\u00e7\u00fcn z\u0259ruridir.<\/p>\n\n\n\n<p><strong>N\u00fcmun\u0259l\u0259r:<\/strong><\/p>\n\n\n\n<p><strong>&#8211; cariad mawr (b\u00f6y\u00fck sevgi)<\/strong><\/p>\n\n\n\n<p><strong>&#8211; plant bach (balaca u\u015faqlar)<\/strong><\/p>\n\n\n\n<h3 class=\"wp-block-heading\" id=\"h-6-engaging-with-the-language\">6. Dil il\u0259 m\u0259\u015f\u011ful olmaq<\/h3>\n\n\n\n<p>Uels dilinin qrammatikas\u0131n\u0131 tam ba\u015fa d\u00fc\u015fm\u0259k v\u0259 daxil etm\u0259k \u00fc\u00e7\u00fcn \u0259n effektiv \u00fcsul dil il\u0259 ard\u0131c\u0131l m\u0259\u015f\u011ful olmaq. Uels \u0259d\u0259biyyat\u0131n\u0131 oxumaqla, Uels filml\u0259rin\u0259 v\u0259 ya televiziya seriallar\u0131na baxmaqla v\u0259 yerli natiql\u0259rl\u0259 f\u0259al \u00fcnsiyy\u0259t quraraq, s\u00f6z ehtiyat\u0131n\u0131z\u0131 geni\u015fl\u0259ndirm\u0259kl\u0259 yana\u015f\u0131, <a href=\"https:\/\/talkpal.ai\/grammar\/\">qrammatika<\/a> anlay\u0131\u015f\u0131n\u0131z\u0131 daha da g\u00fccl\u0259ndir\u0259c\u0259ksiniz.<\/p>\n\n\n\n<h3 class=\"wp-block-heading\" id=\"h-conclusion\">N\u0259tic\u0259<\/h3>\n\n\n\n<p>Uels dilinin qrammatikas\u0131 m\u00fcr\u0259kk\u0259b g\u00f6r\u00fcns\u0259 d\u0259, s\u0259n h\u0259sr olunma, m\u0259\u015fq v\u0259 \u015f\u00f6vql\u0259 bu g\u00f6z\u0259l dild\u0259 yax\u015f\u0131 <a href=\"https:\/\/talkpal.ai\/talkpal-for-education\/\">t\u0259hsil<\/a> ala bil\u0259rs\u0259n. \u018fsas qaydalara diqq\u0259t yetirm\u0259kl\u0259 v\u0259 m\u00fcxt\u0259lif kontekstl\u0259rd\u0259 dill\u0259 m\u0259\u015f\u011ful olmaqla siz uels dilinin <a href=\"https:\/\/talkpal.ai\/az\/qrammatika\/\">qrammatik bacar\u0131qlar\u0131n\u0131z\u0131<\/a> s\u00fcr\u0259tl\u0259 inki\u015faf etdir\u0259c\u0259ksiniz. Sizin Uels dili s\u0259yah\u0259t il\u0259 Pob lwc (<a href=\"https:\/\/talkpal.ai\/culture\/how-do-i-say-good-luck-in-spanish\/\">good luck<\/a>) v\u0259 Uels qrammatikas\u0131 enigmatic eyni eyni tutqun d\u00fcnya unraveling z\u00f6vq al\u0131n!<\/p>\n<\/div><\/div>\n\r\n<section class=\"learnNavigationSection\">\r\n            \r\n        <a href=\"https:\/\/talkpal.ai\/az\/uels-dilini-oyr%c9%99nin\/\">\r\n            <div class=\"learnNavigationWrapper\">\r\n                <div class=\"learnNavigationContent\">\r\n                    <img decoding=\"async\" src=\"https:\/\/talkpal.ai\/wp-content\/uploads\/2024\/08\/Welsh.jpg\" alt=\"Welsh Flag\">\r\n                    <div>\r\n                        <h4>Welsh Learning Haqq\u0131nda<\/h4>\r\n                        <p>Uels qrammatikas\u0131 haqq\u0131nda h\u0259r \u015feyi \u00f6yr\u0259nin.<\/p>\r\n                    <\/div>\r\n                <\/div>\r\n            <\/div>\r\n        <\/a>\r\n\r\n        \r\n        <a href=\"https:\/\/talkpal.ai\/az\/uels-qrammatika-m%c9%99sql%c9%99ri\/\">\r\n            <div class=\"learnNavigationWrapper\">\r\n                <div class=\"learnNavigationContent\">\r\n                    <img decoding=\"async\" src=\"https:\/\/talkpal.ai\/wp-content\/uploads\/2024\/08\/Welsh.jpg\" alt=\"Welsh Flag\">\r\n                    <div>\r\n                        <h4>Uels Qrammatikas\u0131 M\u0259\u015fqi<\/h4>\r\n                        <p>Uels dilinin qrammatikas\u0131 il\u0259 m\u0259\u015f\u011ful.<\/p>\r\n                    <\/div>\r\n                <\/div>\r\n            <\/div>\r\n        <\/a>\r\n\r\n        \r\n        <a href=\"https:\/\/talkpal.ai\/vocabulary_language\/welsh\/\">\r\n            <div class=\"learnNavigationWrapper\">\r\n                <div class=\"learnNavigationContent\">\r\n                    <img decoding=\"async\" src=\"https:\/\/talkpal.ai\/wp-content\/uploads\/2024\/08\/Welsh.jpg\" alt=\"Welsh Flag\">\r\n                    <div>\r\n                        <h4>Uels l\u00fc\u011f\u0259ti<\/h4>\r\n                        <p>Uels l\u00fc\u011f\u0259tinizi geni\u015fl\u0259ndirin.<\/p>\r\n                    <\/div>\r\n                <\/div>\r\n            <\/div>\r\n        <\/a>\r\n\r\n            <\/section>","protected":false},"excerpt":{"rendered":"<p>Uels qrammatikas\u0131n\u0131n m\u00fcr\u0259kk\u0259blikl\u0259rini s\u0259f\u0259rb\u0259r etm\u0259k Z\u0259ngin tarix\u0259 v\u0259 m\u0259d\u0259ni \u0259h\u0259miyy\u0259t\u0259 malik Britton Kelt dili olan Welsh , onun unikal qrammatik sistemini ara\u015fd\u0131rmaq ist\u0259y\u0259nl\u0259r \u00fc\u00e7\u00fcn maraql\u0131 linqvistik t\u0259cr\u00fcb\u0259 t\u0259qdim edir. Uels s\u0259lt\u0259n\u0259tin\u0259 q\u0259d\u0259m qoyduqca, n\u0259inki dil repertuar\u0131n\u0131z\u0131 z\u0259nginl\u0259\u015fdir\u0259c\u0259ksiniz, h\u0259m d\u0259 f\u00fcsunkar m\u0259d\u0259ni s\u0259yah\u0259t\u0259 \u00e7\u0131xacaqs\u0131n\u0131z. Uels qrammatikas\u0131 \u0259vv\u0259lc\u0259 m\u00fcr\u0259kk\u0259b g\u00f6r\u00fcns\u0259 d\u0259, onu \u0259sas komponentl\u0259r\u0259 b\u00f6lm\u0259k dili \u00f6yr\u0259nm\u0259yi [&hellip;]<\/p>\n","protected":false},"author":1,"featured_media":121584,"parent":0,"menu_order":0,"comment_status":"closed","ping_status":"closed","template":"LearningContentPage.php","meta":{"_acf_changed":false,"footnotes":""},"class_list":["post-151431","page","type-page","status-publish","has-post-thumbnail","hentry"],"acf":[],"yoast_head":"<!-- This site is optimized with the Yoast SEO Premium plugin v27.2 (Yoast SEO v27.2) - https:\/\/yoast.com\/product\/yoast-seo-premium-wordpress\/ -->\n<title>Uels qrammatikas\u0131 - Talkpal<\/title>\n<meta name=\"description\" content=\"Uels qrammatikas\u0131n\u0131n inc\u0259likl\u0259rini ara\u015fd\u0131r\u0131n v\u0259 bu unikal Kelt dilinin sirl\u0259rini a\u00e7\u0131n. S\u0259yah\u0259tiniz\u0259 bu g\u00fcn ba\u015flay\u0131n.\" \/>\n<meta name=\"robots\" content=\"index, follow, max-snippet:-1, max-image-preview:large, max-video-preview:-1\" \/>\n<link rel=\"canonical\" href=\"https:\/\/talkpal.ai\/az\/uels-qrammatikasi\/\" \/>\n<meta property=\"og:locale\" content=\"az_AZ\" \/>\n<meta property=\"og:type\" content=\"article\" \/>\n<meta property=\"og:title\" content=\"Uels qrammatikas\u0131\" \/>\n<meta property=\"og:description\" content=\"Uels qrammatikas\u0131n\u0131n m\u00fcr\u0259kk\u0259blikl\u0259rini s\u0259f\u0259rb\u0259r etm\u0259k Z\u0259ngin tarix\u0259 v\u0259 m\u0259d\u0259ni \u0259h\u0259miyy\u0259t\u0259 malik Britton Kelt dili olan Welsh , onun unikal qrammatik\" \/>\n<meta property=\"og:url\" content=\"https:\/\/talkpal.ai\/az\/uels-qrammatikasi\/\" \/>\n<meta property=\"og:site_name\" content=\"Talkpal\" \/>\n<meta property=\"article:publisher\" content=\"https:\/\/www.facebook.com\/profile.php?id=100090733639311\" \/>\n<meta property=\"article:modified_time\" content=\"2025-12-12T11:00:57+00:00\" \/>\n<meta property=\"og:image\" content=\"https:\/\/talkpal.ai\/wp-content\/uploads\/2023\/05\/Wales.png\" \/>\n\t<meta property=\"og:image:width\" content=\"512\" \/>\n\t<meta property=\"og:image:height\" content=\"512\" \/>\n\t<meta property=\"og:image:type\" content=\"image\/png\" \/>\n<meta name=\"twitter:card\" content=\"summary_large_image\" \/>\n<meta name=\"twitter:site\" content=\"@talkpalai\" \/>\n<meta name=\"twitter:label1\" content=\"Est. reading time\" \/>\n\t<meta name=\"twitter:data1\" content=\"3 minutes\" \/>\n<script type=\"application\/ld+json\" class=\"yoast-schema-graph\">{\"@context\":\"https:\/\/schema.org\",\"@graph\":[{\"@type\":\"WebPage\",\"@id\":\"https:\/\/talkpal.ai\/az\/uels-qrammatikasi\/\",\"url\":\"https:\/\/talkpal.ai\/az\/uels-qrammatikasi\/\",\"name\":\"Uels qrammatikas\u0131 - Talkpal\",\"isPartOf\":{\"@id\":\"https:\/\/talkpal.ai\/az\/#website\"},\"primaryImageOfPage\":{\"@id\":\"https:\/\/talkpal.ai\/az\/uels-qrammatikasi\/#primaryimage\"},\"image\":{\"@id\":\"https:\/\/talkpal.ai\/az\/uels-qrammatikasi\/#primaryimage\"},\"thumbnailUrl\":\"https:\/\/talkpal.ai\/wp-content\/uploads\/2023\/05\/Wales.png\",\"datePublished\":\"2023-05-14T14:20:51+00:00\",\"dateModified\":\"2025-12-12T11:00:57+00:00\",\"description\":\"Uels qrammatikas\u0131n\u0131n inc\u0259likl\u0259rini ara\u015fd\u0131r\u0131n v\u0259 bu unikal Kelt dilinin sirl\u0259rini a\u00e7\u0131n. S\u0259yah\u0259tiniz\u0259 bu g\u00fcn ba\u015flay\u0131n.\",\"breadcrumb\":{\"@id\":\"https:\/\/talkpal.ai\/az\/uels-qrammatikasi\/#breadcrumb\"},\"inLanguage\":\"az\",\"potentialAction\":[{\"@type\":\"ReadAction\",\"target\":[\"https:\/\/talkpal.ai\/az\/uels-qrammatikasi\/\"]}]},{\"@type\":\"ImageObject\",\"inLanguage\":\"az\",\"@id\":\"https:\/\/talkpal.ai\/az\/uels-qrammatikasi\/#primaryimage\",\"url\":\"https:\/\/talkpal.ai\/wp-content\/uploads\/2023\/05\/Wales.png\",\"contentUrl\":\"https:\/\/talkpal.ai\/wp-content\/uploads\/2023\/05\/Wales.png\",\"width\":512,\"height\":512},{\"@type\":\"BreadcrumbList\",\"@id\":\"https:\/\/talkpal.ai\/az\/uels-qrammatikasi\/#breadcrumb\",\"itemListElement\":[{\"@type\":\"ListItem\",\"position\":1,\"name\":\"Homepage\",\"item\":\"https:\/\/talkpal.ai\/az\/\"},{\"@type\":\"ListItem\",\"position\":2,\"name\":\"Uels qrammatikas\u0131\"}]},{\"@type\":\"WebSite\",\"@id\":\"https:\/\/talkpal.ai\/az\/#website\",\"url\":\"https:\/\/talkpal.ai\/az\/\",\"name\":\"Talkpal\",\"description\":\"AI Language Learning\",\"publisher\":{\"@id\":\"https:\/\/talkpal.ai\/az\/#organization\"},\"alternateName\":\"Talkpal AI\",\"potentialAction\":[{\"@type\":\"SearchAction\",\"target\":{\"@type\":\"EntryPoint\",\"urlTemplate\":\"https:\/\/talkpal.ai\/az\/?s={search_term_string}\"},\"query-input\":{\"@type\":\"PropertyValueSpecification\",\"valueRequired\":true,\"valueName\":\"search_term_string\"}}],\"inLanguage\":\"az\"},{\"@type\":\"Organization\",\"@id\":\"https:\/\/talkpal.ai\/az\/#organization\",\"name\":\"Talkpal, Inc.\",\"alternateName\":\"Talkpal AI\",\"url\":\"https:\/\/talkpal.ai\/az\/\",\"logo\":{\"@type\":\"ImageObject\",\"inLanguage\":\"az\",\"@id\":\"https:\/\/talkpal.ai\/az\/#\/schema\/logo\/image\/\",\"url\":\"https:\/\/talkpal.ai\/wp-content\/uploads\/2024\/03\/Talkpal-Logo-Icon.png\",\"contentUrl\":\"https:\/\/talkpal.ai\/wp-content\/uploads\/2024\/03\/Talkpal-Logo-Icon.png\",\"width\":2880,\"height\":2880,\"caption\":\"Talkpal, Inc.\"},\"image\":{\"@id\":\"https:\/\/talkpal.ai\/az\/#\/schema\/logo\/image\/\"},\"sameAs\":[\"https:\/\/www.facebook.com\/profile.php?id=100090733639311\",\"https:\/\/x.com\/talkpalai\",\"https:\/\/www.linkedin.com\/company\/talkpal\/\",\"https:\/\/www.youtube.com\/@TalkPal\/\",\"https:\/\/www.tiktok.com\/@talkpal\",\"https:\/\/www.instagram.com\/talkpal_ai\/\",\"https:\/\/www.crunchbase.com\/organization\/talkpal-9cde\",\"https:\/\/www.g2.com\/products\/talkpal-for-business\/\",\"https:\/\/www.trustpilot.com\/review\/talkpal.ai\",\"https:\/\/www.capterra.com\/p\/10006800\/TalkPal\/\"],\"description\":\"Talkpal is a language learning web and mobile education app, powered by the latest AI technologies, that provides engaging experiences to its customers in many different languages to help them improve their language skills. Users can chat about unlimited amount of topics with the app and use other modes to practice their language learning.\",\"email\":\"support@talkpal.ai\",\"legalName\":\"Talkpal, Inc.\",\"foundingDate\":\"2023-04-03\",\"duns\":\"118989042\",\"numberOfEmployees\":{\"@type\":\"QuantitativeValue\",\"minValue\":\"11\",\"maxValue\":\"50\"},\"publishingPrinciples\":\"https:\/\/talkpal.ai\/publishing-principles\/\",\"actionableFeedbackPolicy\":\"https:\/\/talkpal.ai\/actionable-feedback-policy\/\",\"correctionsPolicy\":\"https:\/\/talkpal.ai\/corrections-policy\/\",\"ethicsPolicy\":\"https:\/\/talkpal.ai\/ethics-policy\/\",\"diversityPolicy\":\"https:\/\/talkpal.ai\/diversity-policy\/\",\"diversityStaffingReport\":\"https:\/\/talkpal.ai\/diversity-policy\/\"}]}<\/script>\n<!-- \/ Yoast SEO Premium plugin. -->","yoast_head_json":{"title":"Uels qrammatikas\u0131 - Talkpal","description":"Uels qrammatikas\u0131n\u0131n inc\u0259likl\u0259rini ara\u015fd\u0131r\u0131n v\u0259 bu unikal Kelt dilinin sirl\u0259rini a\u00e7\u0131n. S\u0259yah\u0259tiniz\u0259 bu g\u00fcn ba\u015flay\u0131n.","robots":{"index":"index","follow":"follow","max-snippet":"max-snippet:-1","max-image-preview":"max-image-preview:large","max-video-preview":"max-video-preview:-1"},"canonical":"https:\/\/talkpal.ai\/az\/uels-qrammatikasi\/","og_locale":"az_AZ","og_type":"article","og_title":"Uels qrammatikas\u0131","og_description":"Uels qrammatikas\u0131n\u0131n m\u00fcr\u0259kk\u0259blikl\u0259rini s\u0259f\u0259rb\u0259r etm\u0259k Z\u0259ngin tarix\u0259 v\u0259 m\u0259d\u0259ni \u0259h\u0259miyy\u0259t\u0259 malik Britton Kelt dili olan Welsh , onun unikal qrammatik","og_url":"https:\/\/talkpal.ai\/az\/uels-qrammatikasi\/","og_site_name":"Talkpal","article_publisher":"https:\/\/www.facebook.com\/profile.php?id=100090733639311","article_modified_time":"2025-12-12T11:00:57+00:00","og_image":[{"width":512,"height":512,"url":"https:\/\/talkpal.ai\/wp-content\/uploads\/2023\/05\/Wales.png","type":"image\/png"}],"twitter_card":"summary_large_image","twitter_site":"@talkpalai","twitter_misc":{"Est. reading time":"3 minutes"},"schema":{"@context":"https:\/\/schema.org","@graph":[{"@type":"WebPage","@id":"https:\/\/talkpal.ai\/az\/uels-qrammatikasi\/","url":"https:\/\/talkpal.ai\/az\/uels-qrammatikasi\/","name":"Uels qrammatikas\u0131 - Talkpal","isPartOf":{"@id":"https:\/\/talkpal.ai\/az\/#website"},"primaryImageOfPage":{"@id":"https:\/\/talkpal.ai\/az\/uels-qrammatikasi\/#primaryimage"},"image":{"@id":"https:\/\/talkpal.ai\/az\/uels-qrammatikasi\/#primaryimage"},"thumbnailUrl":"https:\/\/talkpal.ai\/wp-content\/uploads\/2023\/05\/Wales.png","datePublished":"2023-05-14T14:20:51+00:00","dateModified":"2025-12-12T11:00:57+00:00","description":"Uels qrammatikas\u0131n\u0131n inc\u0259likl\u0259rini ara\u015fd\u0131r\u0131n v\u0259 bu unikal Kelt dilinin sirl\u0259rini a\u00e7\u0131n. S\u0259yah\u0259tiniz\u0259 bu g\u00fcn ba\u015flay\u0131n.","breadcrumb":{"@id":"https:\/\/talkpal.ai\/az\/uels-qrammatikasi\/#breadcrumb"},"inLanguage":"az","potentialAction":[{"@type":"ReadAction","target":["https:\/\/talkpal.ai\/az\/uels-qrammatikasi\/"]}]},{"@type":"ImageObject","inLanguage":"az","@id":"https:\/\/talkpal.ai\/az\/uels-qrammatikasi\/#primaryimage","url":"https:\/\/talkpal.ai\/wp-content\/uploads\/2023\/05\/Wales.png","contentUrl":"https:\/\/talkpal.ai\/wp-content\/uploads\/2023\/05\/Wales.png","width":512,"height":512},{"@type":"BreadcrumbList","@id":"https:\/\/talkpal.ai\/az\/uels-qrammatikasi\/#breadcrumb","itemListElement":[{"@type":"ListItem","position":1,"name":"Homepage","item":"https:\/\/talkpal.ai\/az\/"},{"@type":"ListItem","position":2,"name":"Uels qrammatikas\u0131"}]},{"@type":"WebSite","@id":"https:\/\/talkpal.ai\/az\/#website","url":"https:\/\/talkpal.ai\/az\/","name":"Talkpal","description":"AI Language Learning","publisher":{"@id":"https:\/\/talkpal.ai\/az\/#organization"},"alternateName":"Talkpal AI","potentialAction":[{"@type":"SearchAction","target":{"@type":"EntryPoint","urlTemplate":"https:\/\/talkpal.ai\/az\/?s={search_term_string}"},"query-input":{"@type":"PropertyValueSpecification","valueRequired":true,"valueName":"search_term_string"}}],"inLanguage":"az"},{"@type":"Organization","@id":"https:\/\/talkpal.ai\/az\/#organization","name":"Talkpal, Inc.","alternateName":"Talkpal AI","url":"https:\/\/talkpal.ai\/az\/","logo":{"@type":"ImageObject","inLanguage":"az","@id":"https:\/\/talkpal.ai\/az\/#\/schema\/logo\/image\/","url":"https:\/\/talkpal.ai\/wp-content\/uploads\/2024\/03\/Talkpal-Logo-Icon.png","contentUrl":"https:\/\/talkpal.ai\/wp-content\/uploads\/2024\/03\/Talkpal-Logo-Icon.png","width":2880,"height":2880,"caption":"Talkpal, Inc."},"image":{"@id":"https:\/\/talkpal.ai\/az\/#\/schema\/logo\/image\/"},"sameAs":["https:\/\/www.facebook.com\/profile.php?id=100090733639311","https:\/\/x.com\/talkpalai","https:\/\/www.linkedin.com\/company\/talkpal\/","https:\/\/www.youtube.com\/@TalkPal\/","https:\/\/www.tiktok.com\/@talkpal","https:\/\/www.instagram.com\/talkpal_ai\/","https:\/\/www.crunchbase.com\/organization\/talkpal-9cde","https:\/\/www.g2.com\/products\/talkpal-for-business\/","https:\/\/www.trustpilot.com\/review\/talkpal.ai","https:\/\/www.capterra.com\/p\/10006800\/TalkPal\/"],"description":"Talkpal is a language learning web and mobile education app, powered by the latest AI technologies, that provides engaging experiences to its customers in many different languages to help them improve their language skills. Users can chat about unlimited amount of topics with the app and use other modes to practice their language learning.","email":"support@talkpal.ai","legalName":"Talkpal, Inc.","foundingDate":"2023-04-03","duns":"118989042","numberOfEmployees":{"@type":"QuantitativeValue","minValue":"11","maxValue":"50"},"publishingPrinciples":"https:\/\/talkpal.ai\/publishing-principles\/","actionableFeedbackPolicy":"https:\/\/talkpal.ai\/actionable-feedback-policy\/","correctionsPolicy":"https:\/\/talkpal.ai\/corrections-policy\/","ethicsPolicy":"https:\/\/talkpal.ai\/ethics-policy\/","diversityPolicy":"https:\/\/talkpal.ai\/diversity-policy\/","diversityStaffingReport":"https:\/\/talkpal.ai\/diversity-policy\/"}]}},"_links":{"self":[{"href":"https:\/\/talkpal.ai\/az\/wp-json\/wp\/v2\/pages\/151431","targetHints":{"allow":["GET"]}}],"collection":[{"href":"https:\/\/talkpal.ai\/az\/wp-json\/wp\/v2\/pages"}],"about":[{"href":"https:\/\/talkpal.ai\/az\/wp-json\/wp\/v2\/types\/page"}],"author":[{"embeddable":true,"href":"https:\/\/talkpal.ai\/az\/wp-json\/wp\/v2\/users\/1"}],"replies":[{"embeddable":true,"href":"https:\/\/talkpal.ai\/az\/wp-json\/wp\/v2\/comments?post=151431"}],"version-history":[{"count":0,"href":"https:\/\/talkpal.ai\/az\/wp-json\/wp\/v2\/pages\/151431\/revisions"}],"wp:featuredmedia":[{"embeddable":true,"href":"https:\/\/talkpal.ai\/az\/wp-json\/wp\/v2\/media\/121584"}],"wp:attachment":[{"href":"https:\/\/talkpal.ai\/az\/wp-json\/wp\/v2\/media?parent=151431"}],"curies":[{"name":"wp","href":"https:\/\/api.w.org\/{rel}","templated":true}]}}