{"id":150831,"date":"2023-05-14T14:20:10","date_gmt":"2023-05-14T14:20:10","guid":{"rendered":"http:\/\/talkpal.ai\/sloven-dilinin-qrammatikasi\/"},"modified":"2025-12-12T11:08:27","modified_gmt":"2025-12-12T11:08:27","slug":"sloven-dilinin-qrammatikasi","status":"publish","type":"page","link":"https:\/\/talkpal.ai\/az\/sloven-dilinin-qrammatikasi\/","title":{"rendered":"Sloven dilinin qrammatikas\u0131"},"content":{"rendered":"\r\n\r\n\r\n<section class=\"languageChallengeSection\">\r\n    <div class=\"languageInfoWrapper\">\r\n        \r\n        <h1>Sloven dilinin qrammatikas\u0131<\/h1>\r\n        <p><a href=\"https:\/\/talkpal.ai\/learn-slovenian\/\">Sloven<\/a> dilinin \u0259sas qrammatik qaydalar\u0131n\u0131 m\u0259nims\u0259m\u0259kl\u0259 onun f\u0259rqli cazib\u0259sini a\u00e7\u0131n. Sloven dilinin qrammatikas\u0131n\u0131 yax\u015f\u0131 m\u0259nims\u0259m\u0259kl\u0259, siz do\u011fma dan\u0131\u015fanlarla \u0259laq\u0259 saxlaya v\u0259 \u00f6lk\u0259nin z\u0259ngin m\u0259d\u0259ni irsini daha yax\u015f\u0131 qiym\u0259tl\u0259ndir\u0259 bil\u0259c\u0259ksiniz. Sloven dilinin qrammatikas\u0131n\u0131 \u00f6yr\u0259nm\u0259y\u0259 bu g\u00fcn ba\u015flay\u0131n v\u0259 s\u0259lis dan\u0131\u015fma\u011fa do\u011fru ilk add\u0131m\u0131n\u0131z\u0131 at\u0131n!<\/p>\r\n\r\n                            <a class=\"getStartedHidden\" href=\"https:\/\/app.talkpal.ai\/signup?lng=\">Ba\u015fla<\/a>\r\n        \r\n    <\/div>\r\n\r\n    <figure>\r\n    <img decoding=\"async\" width=\"768\" height=\"768\" src=\"https:\/\/talkpal.ai\/wp-content\/uploads\/2023\/06\/slovenian-768x768.png\" class=\"languageImage no-lazy\" alt=\"Language learning for broader perspectives\" fetchpriority=\"high\" sizes=\"(max-width: 768px) 150px, 768px\" srcset=\"https:\/\/talkpal.ai\/wp-content\/uploads\/2023\/06\/slovenian-768x768.png 768w, https:\/\/talkpal.ai\/wp-content\/uploads\/2023\/06\/slovenian-300x300.png 300w\" \/>\r\n    \r\n\r\n    <\/figure>\r\n\r\n            <a class=\"getStartedVisible\" href=\"https:\/\/app.talkpal.ai\/signup?lng=\">Ba\u015fla<\/a>\r\n    \r\n<\/section>\r\n<section class=\"promotionalBanner\">\r\n    <p class=\"promotionalText\">Dil \u00f6yr\u0259nm\u0259yin \u0259n t\u0259sirli yolu<\/p>\r\n    <a class=\"promotionalLink\" href=\"https:\/\/app.talkpal.ai\/signup?lng=\">Talkpal pulsuz s\u0131nay\u0131n<\/a>\r\n<\/section>\n<div class=\"wp-block-group pageContainerStyle\"><div class=\"wp-block-group__inner-container is-layout-constrained wp-block-group-is-layout-constrained\">\n<h1 class=\"wp-block-heading\" id=\"h-slovenian-grammar-a-short-introduction-for-language-lovers\">Sloven dilinin qrammatikas\u0131. Dil sev\u0259nl\u0259r \u00fc\u00e7\u00fcn q\u0131sa giri\u015f<\/h1>\n\n\n\n<p>Slavyan dilinin heyr\u0259tamiz dili olan sloveniya dilinin sehr d\u00fcnyas\u0131na dalma\u011fa haz\u0131rs\u0131n\u0131zm\u0131? Siz m\u00fcalic\u0259 \u00fc\u00e7\u00fcn haz\u0131rs\u0131n\u0131z! Bu q\u0131sa b\u0259l\u0259d\u00e7i siz\u0259 sloveniya dilinin qrammatikas\u0131 haqq\u0131nda t\u0259s\u0259vv\u00fcr ver\u0259c\u0259k. Bu tutqun dili anlamaq v\u0259 ustal\u0131qla ba\u015fa d\u00fc\u015fm\u0259k \u00fc\u00e7\u00fcn \u00e7ox vacibdir. Bel\u0259likl\u0259, g\u0259lin bu linqvistik mac\u0259raya ba\u015flayaq v\u0259 Sloven dilinin qrammatikas\u0131n\u0131n inc\u0259likl\u0259rini add\u0131m-add\u0131m ara\u015fd\u0131raq.<\/p>\n\n\n\n<p>Sloveniyada 2,5 milyona yax\u0131n insan \u0259sas\u0259n Sloven dilind\u0259 dan\u0131\u015f\u0131l\u0131r. C\u0259nubi slavyan dili olaraq <a href=\"https:\/\/talkpal.ai\/learn-serbian\/\">serb<\/a>, <a href=\"https:\/\/talkpal.ai\/learn-croatian\/\">xorvat<\/a> v\u0259 <a href=\"https:\/\/talkpal.ai\/learn-bulgarian\/\">bolqar<\/a> dill\u0259ri kimi yax\u0131n qohumlar\u0131 il\u0259 bir ne\u00e7\u0259 x\u00fcsusiyy\u0259tini b\u00f6l\u00fc\u015f\u00fcr. Lakin sloven dili \u00f6z\u00fcn\u0259m\u0259xsus \u0259yril\u0259ri v\u0259 flayerl\u0259ri il\u0259 f\u0259xr edir.<\/p>\n\n\n\n<p>Sloven dilinin qrammatikas\u0131n\u0131n \u0259sas aspektl\u0259rin\u0259 n\u0259z\u0259r salaq:<\/p>\n\n\n\n<h3 class=\"wp-block-heading\" id=\"h-1-nouns-and-cases\">1. Nouns v\u0259 Hallar:<\/h3>\n\n\n\n<p>Sloven nounlar\u0131 3 cinsd\u0259 g\u0259lir \u2013 ki\u015fi cinsi, femin v\u0259 neytri. H\u0259r bir noun sloveniyal\u0131 alt\u0131 i\u015fin birind\u0259 istifad\u0259 oluna bil\u0259r: nominativ, genitive, dativ, ittihamedici, lokativ v\u0259 instrumental. Bu hallar m\u00fcxt\u0259lif qrammatik funksiyalar\u0131 v\u0259 ya s\u00f6zl\u0259r aras\u0131ndak\u0131 \u0259laq\u0259l\u0259ri ifad\u0259 edir, buna g\u00f6r\u0259 d\u0259 onlar\u0131n kontekstd\u0259 d\u00fczg\u00fcn istifad\u0259sini <a href=\"https:\/\/talkpal.ai\/az\/oyr%c9%99nm%c9%99k\/\">\u00f6yr\u0259nm\u0259k<\/a> \u00e7ox vacibdir.<\/p>\n\n\n\n<h3 class=\"wp-block-heading\" id=\"h-2-articles\">2. M\u0259qal\u0259l\u0259r:<\/h3>\n\n\n\n<p>B\u0259zi yax\u015f\u0131 x\u0259b\u0259rl\u0259r var \u2013 Sloven dilind\u0259 \u201cthe\u201d v\u0259 ya \u201ca\u201d kimi m\u0259qal\u0259l\u0259rd\u0259n istifad\u0259 etmir! \u018fksin\u0259, m\u0259na hal v\u0259 s\u00f6z s\u0131ras\u0131 il\u0259 ifad\u0259 olunur. Bu, <a href=\"https:\/\/talkpal.ai\/az\/sloven-dilini-oyr%c9%99n\/\">Sloven dilini<\/a> \u00f6yr\u0259nm\u0259 t\u0259cr\u00fcb\u0259nizi bir q\u0259d\u0259r asanla\u015fd\u0131ra bil\u0259r, x\u00fcsus\u0259n d\u0259 m\u00fcr\u0259kk\u0259b m\u0259qal\u0259 sisteml\u0259ri olan dill\u0259r\u0259 \u00f6yr\u0259\u015fm\u0259misinizs\u0259.<\/p>\n\n\n\n<h3 class=\"wp-block-heading\" id=\"h-3-adjectives\">3. Adjectives:<\/h3>\n\n\n\n<p>Sloven dilind\u0259 ad kimi, adlarda da cinsiyy\u0259t, say v\u0259 hal kimi adlarla yana\u015f\u0131, onlar\u0131n da d\u0259yi\u015fdirdikl\u0259ri ad il\u0259 raz\u0131la\u015f\u0131rlar. Bu, sif\u0259tin istifad\u0259sini ingilis dilind\u0259n bir q\u0259d\u0259r m\u00fcr\u0259kk\u0259bl\u0259\u015fdirir, lakin qorxmay\u0131n \u2013 t\u0259cr\u00fcb\u0259 il\u0259 siz q\u0131sa zamanda sloven sif\u0259tl\u0259rini m\u0259nims\u0259y\u0259c\u0259ksiniz!<\/p>\n\n\n\n<h3 class=\"wp-block-heading\" id=\"h-4-verbs\">4. Feill\u0259r:<\/h3>\n\n\n\n<p>Sloven dilind\u0259 \u00fc\u00e7 s\u0259viyy\u0259li fel sistemi var: m\u0259sd\u0259r formas\u0131nda bit\u0259n felin k\u00f6k\u00fcnd\u0259n as\u0131l\u0131 olaraq \u00fc\u00e7 konjuqasiya qrupu. Sloven feill\u0259ri d\u0259 m\u00fcxt\u0259lif g\u0259rginlikl\u0259r\u0259 v\u0259 \u0259hval-ruhiyy\u0259y\u0259 malikdir, o c\u00fcml\u0259d\u0259n unikal ikili formaya malikdir ki, bu da iki m\u00f6vzuya v\u0259 ya \u0259\u015fyaya aid edil\u0259rk\u0259n istifad\u0259 olunur. Dil bacar\u0131qlar\u0131n\u0131za inam qazanmaq \u00fc\u00e7\u00fcn sloveniya feli konyunkasiyalar\u0131n\u0131 \u00f6yr\u0259nm\u0259y\u0259 v\u0259 m\u0259\u015fq etm\u0259y\u0259 bir q\u0259d\u0259r vaxt ay\u0131rma\u011fa haz\u0131r olun.<\/p>\n\n\n\n<h3 class=\"wp-block-heading\" id=\"h-5-word-order\">5. S\u00f6z S\u0131ras\u0131:<\/h3>\n\n\n\n<p>Sloven dili \u00fcmumiyy\u0259tl\u0259 m\u00f6vzu-verb-obyekt (SVO) s\u00f6z sifari\u015fini izl\u0259yir. \u0130ngilis dilind\u0259 dan\u0131\u015fanlara tan\u0131\u015f olmal\u0131d\u0131r. Lakin dil m\u00fc\u0259yy\u0259n d\u0259r\u0259c\u0259d\u0259 elastiklik \u0259ld\u0259 edir, bu da c\u00fcml\u0259nin konkret hiss\u0259l\u0259rini \u0259mr s\u00f6z\u00fcn\u00fc d\u0259yi\u015fm\u0259kl\u0259 vur\u011fulama\u011fa imkan verir. Qar\u0131\u015f\u0131ql\u0131\u011f\u0131n qar\u015f\u0131s\u0131n\u0131 almaq v\u0259 n\u0259z\u0259rd\u0259 tutulan m\u0259nan\u0131 \u00e7atd\u0131rmaq \u00fc\u00e7\u00fcn hallardan d\u00fczg\u00fcn istifad\u0259 etm\u0259k vacibdir.<\/p>\n\n\n\n<h3 class=\"wp-block-heading\" id=\"h-6-pronouns-and-prepositions\">6. Pronouns v\u0259 Prepositions:<\/h3>\n\n\n\n<p>Dilin dig\u0259r elementl\u0259ri kimi sloven pronounlar\u0131 da cins, say v\u0259 hal t\u0259sir edir. Onlar m\u00fcxt\u0259lif c\u00fcr \u2014 \u015f\u0259xsi, e&#8217;tiv, n\u00fcmayi\u015fkar v\u0259 refleksiv formada g\u0259lirl\u0259r. Sloven prepozisiyalar\u0131 il\u0259 tan\u0131\u015f olmaq da daha m\u00fcr\u0259kk\u0259b c\u00fcml\u0259l\u0259r yaratmaq \u00fc\u00e7\u00fcn s\u00f6z v\u0259 ifad\u0259l\u0259ri \u0259laq\u0259l\u0259ndirm\u0259y\u0259 k\u00f6m\u0259k ed\u0259c\u0259k.<\/p>\n\n\n\n<p>Bel\u0259likl\u0259, indi <a href=\"https:\/\/talkpal.ai\/slovenian-grammar\/\">Sloven dilinin qrammatikas\u0131<\/a> haqq\u0131nda \u0259sas anlay\u0131\u015f\u0131n\u0131z var! Yadda saxla ki, ist\u0259nil\u0259n dild\u0259 yax\u015f\u0131 t\u0259hsil al\u0131 maq \u00fc\u00e7\u00fcn \u00f6z\u00fcn\u00fc Allaha h\u0259sr etm\u0259k v\u0259 \u0259m\u0259l etm\u0259k laz\u0131md\u0131r. \u00c7\u0259tinlikl\u0259ri q\u0259bul edin v\u0259 s\u0259hvl\u0259rinizd\u0259n d\u0259rs almaqdan \u00e7\u0259kinm\u0259yin. Unutmay\u0131n ki, yeni dil \u00f6yr\u0259nm\u0259k unudulmaz hadis\u0259l\u0259rl\u0259 v\u0259 m\u0259mnunedici k\u0259\u015ffl\u0259rl\u0259 dolu maraql\u0131 s\u0259yah\u0259tdir. Sre\u010dno!<\/p>\n<\/div><\/div>\n\r\n<section class=\"learnNavigationSection\">\r\n            \r\n        <a href=\"https:\/\/talkpal.ai\/az\/sloven-dilini-oyr%c9%99n\/\">\r\n            <div class=\"learnNavigationWrapper\">\r\n                <div class=\"learnNavigationContent\">\r\n                    <img decoding=\"async\" src=\"https:\/\/talkpal.ai\/wp-content\/uploads\/2024\/08\/Slovenian.jpg\" alt=\"Slovenian Flag\">\r\n                    <div>\r\n                        <h4>Sloven dilinin \u00f6yr\u0259nilm\u0259si haqq\u0131nda<\/h4>\r\n                        <p>Sloven dilinin qrammatikas\u0131 haqq\u0131nda h\u0259r \u015feyi \u00f6yr\u0259nin.<\/p>\r\n                    <\/div>\r\n                <\/div>\r\n            <\/div>\r\n        <\/a>\r\n\r\n        \r\n        <a href=\"https:\/\/talkpal.ai\/az\/sloven-dilinin-qrammatikasi-m%c9%99sg%c9%99l%c9%99l%c9%99ri\/\">\r\n            <div class=\"learnNavigationWrapper\">\r\n                <div class=\"learnNavigationContent\">\r\n                    <img decoding=\"async\" src=\"https:\/\/talkpal.ai\/wp-content\/uploads\/2024\/08\/Slovenian.jpg\" alt=\"Slovenian Flag\">\r\n                    <div>\r\n                        <h4>Sloven dilinin qrammatikas\u0131 m\u0259\u015fqi<\/h4>\r\n                        <p>Sloven dilinin qrammatikas\u0131 il\u0259 m\u0259\u015f\u011ful.<\/p>\r\n                    <\/div>\r\n                <\/div>\r\n            <\/div>\r\n        <\/a>\r\n\r\n        \r\n        <a href=\"https:\/\/talkpal.ai\/vocabulary_language\/slovenian\/\">\r\n            <div class=\"learnNavigationWrapper\">\r\n                <div class=\"learnNavigationContent\">\r\n                    <img decoding=\"async\" src=\"https:\/\/talkpal.ai\/wp-content\/uploads\/2024\/08\/Slovenian.jpg\" alt=\"Slovenian Flag\">\r\n                    <div>\r\n                        <h4>Sloven l\u00fc\u011f\u0259ti<\/h4>\r\n                        <p>Sloven l\u00fc\u011f\u0259tinizi geni\u015fl\u0259ndirin.<\/p>\r\n                    <\/div>\r\n                <\/div>\r\n            <\/div>\r\n        <\/a>\r\n\r\n            <\/section>","protected":false},"excerpt":{"rendered":"<p>Sloven dilinin qrammatikas\u0131. Dil sev\u0259nl\u0259r \u00fc\u00e7\u00fcn q\u0131sa giri\u015f Slavyan dilinin heyr\u0259tamiz dili olan sloveniya dilinin sehr d\u00fcnyas\u0131na dalma\u011fa haz\u0131rs\u0131n\u0131zm\u0131? Siz m\u00fcalic\u0259 \u00fc\u00e7\u00fcn haz\u0131rs\u0131n\u0131z! Bu q\u0131sa b\u0259l\u0259d\u00e7i siz\u0259 sloveniya dilinin qrammatikas\u0131 haqq\u0131nda t\u0259s\u0259vv\u00fcr ver\u0259c\u0259k. Bu tutqun dili anlamaq v\u0259 ustal\u0131qla ba\u015fa d\u00fc\u015fm\u0259k \u00fc\u00e7\u00fcn \u00e7ox vacibdir. Bel\u0259likl\u0259, g\u0259lin bu linqvistik mac\u0259raya ba\u015flayaq v\u0259 Sloven dilinin qrammatikas\u0131n\u0131n inc\u0259likl\u0259rini [&hellip;]<\/p>\n","protected":false},"author":1,"featured_media":119868,"parent":0,"menu_order":0,"comment_status":"closed","ping_status":"closed","template":"LearningContentPage.php","meta":{"_acf_changed":false,"footnotes":""},"class_list":["post-150831","page","type-page","status-publish","has-post-thumbnail","hentry"],"acf":[],"yoast_head":"<!-- This site is optimized with the Yoast SEO Premium plugin v27.2 (Yoast SEO v27.2) - https:\/\/yoast.com\/product\/yoast-seo-premium-wordpress\/ -->\n<title>Sloven dilinin qrammatikas\u0131 - Talkpal<\/title>\n<meta name=\"description\" content=\"Daha yax\u015f\u0131 dil bacar\u0131qlar\u0131 v\u0259 anlay\u0131\u015f \u00fc\u00e7\u00fcn Sloven qrammatikas\u0131n\u0131n inc\u0259likl\u0259rini ara\u015fd\u0131r\u0131n. Bu g\u00fcn qrammatika s\u0259n\u0259tini m\u0259nims\u0259yin.\" \/>\n<meta name=\"robots\" content=\"index, follow, max-snippet:-1, max-image-preview:large, max-video-preview:-1\" \/>\n<link rel=\"canonical\" href=\"https:\/\/talkpal.ai\/az\/sloven-dilinin-qrammatikasi\/\" \/>\n<meta property=\"og:locale\" content=\"az_AZ\" \/>\n<meta property=\"og:type\" content=\"article\" \/>\n<meta property=\"og:title\" content=\"Sloven dilinin qrammatikas\u0131\" \/>\n<meta property=\"og:description\" content=\"Sloven dilinin qrammatikas\u0131. Dil sev\u0259nl\u0259r \u00fc\u00e7\u00fcn q\u0131sa giri\u015f Slavyan dilinin heyr\u0259tamiz dili olan sloveniya dilinin sehr d\u00fcnyas\u0131na dalma\u011fa haz\u0131rs\u0131n\u0131zm\u0131? Siz\" \/>\n<meta property=\"og:url\" content=\"https:\/\/talkpal.ai\/az\/sloven-dilinin-qrammatikasi\/\" \/>\n<meta property=\"og:site_name\" content=\"Talkpal\" \/>\n<meta property=\"article:publisher\" content=\"https:\/\/www.facebook.com\/profile.php?id=100090733639311\" \/>\n<meta property=\"article:modified_time\" content=\"2025-12-12T11:08:27+00:00\" \/>\n<meta property=\"og:image\" content=\"https:\/\/talkpal.ai\/wp-content\/uploads\/2023\/05\/slovenia.png\" \/>\n\t<meta property=\"og:image:width\" content=\"512\" \/>\n\t<meta property=\"og:image:height\" content=\"512\" \/>\n\t<meta property=\"og:image:type\" content=\"image\/png\" \/>\n<meta name=\"twitter:card\" content=\"summary_large_image\" \/>\n<meta name=\"twitter:site\" content=\"@talkpalai\" \/>\n<meta name=\"twitter:label1\" content=\"Est. reading time\" \/>\n\t<meta name=\"twitter:data1\" content=\"3 minutes\" \/>\n<script type=\"application\/ld+json\" class=\"yoast-schema-graph\">{\"@context\":\"https:\/\/schema.org\",\"@graph\":[{\"@type\":\"WebPage\",\"@id\":\"https:\/\/talkpal.ai\/az\/sloven-dilinin-qrammatikasi\/\",\"url\":\"https:\/\/talkpal.ai\/az\/sloven-dilinin-qrammatikasi\/\",\"name\":\"Sloven dilinin qrammatikas\u0131 - Talkpal\",\"isPartOf\":{\"@id\":\"https:\/\/talkpal.ai\/az\/#website\"},\"primaryImageOfPage\":{\"@id\":\"https:\/\/talkpal.ai\/az\/sloven-dilinin-qrammatikasi\/#primaryimage\"},\"image\":{\"@id\":\"https:\/\/talkpal.ai\/az\/sloven-dilinin-qrammatikasi\/#primaryimage\"},\"thumbnailUrl\":\"https:\/\/talkpal.ai\/wp-content\/uploads\/2023\/05\/slovenia.png\",\"datePublished\":\"2023-05-14T14:20:10+00:00\",\"dateModified\":\"2025-12-12T11:08:27+00:00\",\"description\":\"Daha yax\u015f\u0131 dil bacar\u0131qlar\u0131 v\u0259 anlay\u0131\u015f \u00fc\u00e7\u00fcn Sloven qrammatikas\u0131n\u0131n inc\u0259likl\u0259rini ara\u015fd\u0131r\u0131n. Bu g\u00fcn qrammatika s\u0259n\u0259tini m\u0259nims\u0259yin.\",\"breadcrumb\":{\"@id\":\"https:\/\/talkpal.ai\/az\/sloven-dilinin-qrammatikasi\/#breadcrumb\"},\"inLanguage\":\"az\",\"potentialAction\":[{\"@type\":\"ReadAction\",\"target\":[\"https:\/\/talkpal.ai\/az\/sloven-dilinin-qrammatikasi\/\"]}]},{\"@type\":\"ImageObject\",\"inLanguage\":\"az\",\"@id\":\"https:\/\/talkpal.ai\/az\/sloven-dilinin-qrammatikasi\/#primaryimage\",\"url\":\"https:\/\/talkpal.ai\/wp-content\/uploads\/2023\/05\/slovenia.png\",\"contentUrl\":\"https:\/\/talkpal.ai\/wp-content\/uploads\/2023\/05\/slovenia.png\",\"width\":512,\"height\":512},{\"@type\":\"BreadcrumbList\",\"@id\":\"https:\/\/talkpal.ai\/az\/sloven-dilinin-qrammatikasi\/#breadcrumb\",\"itemListElement\":[{\"@type\":\"ListItem\",\"position\":1,\"name\":\"Homepage\",\"item\":\"https:\/\/talkpal.ai\/az\/\"},{\"@type\":\"ListItem\",\"position\":2,\"name\":\"Sloven dilinin qrammatikas\u0131\"}]},{\"@type\":\"WebSite\",\"@id\":\"https:\/\/talkpal.ai\/az\/#website\",\"url\":\"https:\/\/talkpal.ai\/az\/\",\"name\":\"Talkpal\",\"description\":\"AI Language Learning\",\"publisher\":{\"@id\":\"https:\/\/talkpal.ai\/az\/#organization\"},\"alternateName\":\"Talkpal AI\",\"potentialAction\":[{\"@type\":\"SearchAction\",\"target\":{\"@type\":\"EntryPoint\",\"urlTemplate\":\"https:\/\/talkpal.ai\/az\/?s={search_term_string}\"},\"query-input\":{\"@type\":\"PropertyValueSpecification\",\"valueRequired\":true,\"valueName\":\"search_term_string\"}}],\"inLanguage\":\"az\"},{\"@type\":\"Organization\",\"@id\":\"https:\/\/talkpal.ai\/az\/#organization\",\"name\":\"Talkpal, Inc.\",\"alternateName\":\"Talkpal AI\",\"url\":\"https:\/\/talkpal.ai\/az\/\",\"logo\":{\"@type\":\"ImageObject\",\"inLanguage\":\"az\",\"@id\":\"https:\/\/talkpal.ai\/az\/#\/schema\/logo\/image\/\",\"url\":\"https:\/\/talkpal.ai\/wp-content\/uploads\/2024\/03\/Talkpal-Logo-Icon.png\",\"contentUrl\":\"https:\/\/talkpal.ai\/wp-content\/uploads\/2024\/03\/Talkpal-Logo-Icon.png\",\"width\":2880,\"height\":2880,\"caption\":\"Talkpal, Inc.\"},\"image\":{\"@id\":\"https:\/\/talkpal.ai\/az\/#\/schema\/logo\/image\/\"},\"sameAs\":[\"https:\/\/www.facebook.com\/profile.php?id=100090733639311\",\"https:\/\/x.com\/talkpalai\",\"https:\/\/www.linkedin.com\/company\/talkpal\/\",\"https:\/\/www.youtube.com\/@TalkPal\/\",\"https:\/\/www.tiktok.com\/@talkpal\",\"https:\/\/www.instagram.com\/talkpal_ai\/\",\"https:\/\/www.crunchbase.com\/organization\/talkpal-9cde\",\"https:\/\/www.g2.com\/products\/talkpal-for-business\/\",\"https:\/\/www.trustpilot.com\/review\/talkpal.ai\",\"https:\/\/www.capterra.com\/p\/10006800\/TalkPal\/\"],\"description\":\"Talkpal is a language learning web and mobile education app, powered by the latest AI technologies, that provides engaging experiences to its customers in many different languages to help them improve their language skills. Users can chat about unlimited amount of topics with the app and use other modes to practice their language learning.\",\"email\":\"support@talkpal.ai\",\"legalName\":\"Talkpal, Inc.\",\"foundingDate\":\"2023-04-03\",\"duns\":\"118989042\",\"numberOfEmployees\":{\"@type\":\"QuantitativeValue\",\"minValue\":\"11\",\"maxValue\":\"50\"},\"publishingPrinciples\":\"https:\/\/talkpal.ai\/publishing-principles\/\",\"actionableFeedbackPolicy\":\"https:\/\/talkpal.ai\/actionable-feedback-policy\/\",\"correctionsPolicy\":\"https:\/\/talkpal.ai\/corrections-policy\/\",\"ethicsPolicy\":\"https:\/\/talkpal.ai\/ethics-policy\/\",\"diversityPolicy\":\"https:\/\/talkpal.ai\/diversity-policy\/\",\"diversityStaffingReport\":\"https:\/\/talkpal.ai\/diversity-policy\/\"}]}<\/script>\n<!-- \/ Yoast SEO Premium plugin. -->","yoast_head_json":{"title":"Sloven dilinin qrammatikas\u0131 - Talkpal","description":"Daha yax\u015f\u0131 dil bacar\u0131qlar\u0131 v\u0259 anlay\u0131\u015f \u00fc\u00e7\u00fcn Sloven qrammatikas\u0131n\u0131n inc\u0259likl\u0259rini ara\u015fd\u0131r\u0131n. Bu g\u00fcn qrammatika s\u0259n\u0259tini m\u0259nims\u0259yin.","robots":{"index":"index","follow":"follow","max-snippet":"max-snippet:-1","max-image-preview":"max-image-preview:large","max-video-preview":"max-video-preview:-1"},"canonical":"https:\/\/talkpal.ai\/az\/sloven-dilinin-qrammatikasi\/","og_locale":"az_AZ","og_type":"article","og_title":"Sloven dilinin qrammatikas\u0131","og_description":"Sloven dilinin qrammatikas\u0131. Dil sev\u0259nl\u0259r \u00fc\u00e7\u00fcn q\u0131sa giri\u015f Slavyan dilinin heyr\u0259tamiz dili olan sloveniya dilinin sehr d\u00fcnyas\u0131na dalma\u011fa haz\u0131rs\u0131n\u0131zm\u0131? Siz","og_url":"https:\/\/talkpal.ai\/az\/sloven-dilinin-qrammatikasi\/","og_site_name":"Talkpal","article_publisher":"https:\/\/www.facebook.com\/profile.php?id=100090733639311","article_modified_time":"2025-12-12T11:08:27+00:00","og_image":[{"width":512,"height":512,"url":"https:\/\/talkpal.ai\/wp-content\/uploads\/2023\/05\/slovenia.png","type":"image\/png"}],"twitter_card":"summary_large_image","twitter_site":"@talkpalai","twitter_misc":{"Est. reading time":"3 minutes"},"schema":{"@context":"https:\/\/schema.org","@graph":[{"@type":"WebPage","@id":"https:\/\/talkpal.ai\/az\/sloven-dilinin-qrammatikasi\/","url":"https:\/\/talkpal.ai\/az\/sloven-dilinin-qrammatikasi\/","name":"Sloven dilinin qrammatikas\u0131 - Talkpal","isPartOf":{"@id":"https:\/\/talkpal.ai\/az\/#website"},"primaryImageOfPage":{"@id":"https:\/\/talkpal.ai\/az\/sloven-dilinin-qrammatikasi\/#primaryimage"},"image":{"@id":"https:\/\/talkpal.ai\/az\/sloven-dilinin-qrammatikasi\/#primaryimage"},"thumbnailUrl":"https:\/\/talkpal.ai\/wp-content\/uploads\/2023\/05\/slovenia.png","datePublished":"2023-05-14T14:20:10+00:00","dateModified":"2025-12-12T11:08:27+00:00","description":"Daha yax\u015f\u0131 dil bacar\u0131qlar\u0131 v\u0259 anlay\u0131\u015f \u00fc\u00e7\u00fcn Sloven qrammatikas\u0131n\u0131n inc\u0259likl\u0259rini ara\u015fd\u0131r\u0131n. Bu g\u00fcn qrammatika s\u0259n\u0259tini m\u0259nims\u0259yin.","breadcrumb":{"@id":"https:\/\/talkpal.ai\/az\/sloven-dilinin-qrammatikasi\/#breadcrumb"},"inLanguage":"az","potentialAction":[{"@type":"ReadAction","target":["https:\/\/talkpal.ai\/az\/sloven-dilinin-qrammatikasi\/"]}]},{"@type":"ImageObject","inLanguage":"az","@id":"https:\/\/talkpal.ai\/az\/sloven-dilinin-qrammatikasi\/#primaryimage","url":"https:\/\/talkpal.ai\/wp-content\/uploads\/2023\/05\/slovenia.png","contentUrl":"https:\/\/talkpal.ai\/wp-content\/uploads\/2023\/05\/slovenia.png","width":512,"height":512},{"@type":"BreadcrumbList","@id":"https:\/\/talkpal.ai\/az\/sloven-dilinin-qrammatikasi\/#breadcrumb","itemListElement":[{"@type":"ListItem","position":1,"name":"Homepage","item":"https:\/\/talkpal.ai\/az\/"},{"@type":"ListItem","position":2,"name":"Sloven dilinin qrammatikas\u0131"}]},{"@type":"WebSite","@id":"https:\/\/talkpal.ai\/az\/#website","url":"https:\/\/talkpal.ai\/az\/","name":"Talkpal","description":"AI Language Learning","publisher":{"@id":"https:\/\/talkpal.ai\/az\/#organization"},"alternateName":"Talkpal AI","potentialAction":[{"@type":"SearchAction","target":{"@type":"EntryPoint","urlTemplate":"https:\/\/talkpal.ai\/az\/?s={search_term_string}"},"query-input":{"@type":"PropertyValueSpecification","valueRequired":true,"valueName":"search_term_string"}}],"inLanguage":"az"},{"@type":"Organization","@id":"https:\/\/talkpal.ai\/az\/#organization","name":"Talkpal, Inc.","alternateName":"Talkpal AI","url":"https:\/\/talkpal.ai\/az\/","logo":{"@type":"ImageObject","inLanguage":"az","@id":"https:\/\/talkpal.ai\/az\/#\/schema\/logo\/image\/","url":"https:\/\/talkpal.ai\/wp-content\/uploads\/2024\/03\/Talkpal-Logo-Icon.png","contentUrl":"https:\/\/talkpal.ai\/wp-content\/uploads\/2024\/03\/Talkpal-Logo-Icon.png","width":2880,"height":2880,"caption":"Talkpal, Inc."},"image":{"@id":"https:\/\/talkpal.ai\/az\/#\/schema\/logo\/image\/"},"sameAs":["https:\/\/www.facebook.com\/profile.php?id=100090733639311","https:\/\/x.com\/talkpalai","https:\/\/www.linkedin.com\/company\/talkpal\/","https:\/\/www.youtube.com\/@TalkPal\/","https:\/\/www.tiktok.com\/@talkpal","https:\/\/www.instagram.com\/talkpal_ai\/","https:\/\/www.crunchbase.com\/organization\/talkpal-9cde","https:\/\/www.g2.com\/products\/talkpal-for-business\/","https:\/\/www.trustpilot.com\/review\/talkpal.ai","https:\/\/www.capterra.com\/p\/10006800\/TalkPal\/"],"description":"Talkpal is a language learning web and mobile education app, powered by the latest AI technologies, that provides engaging experiences to its customers in many different languages to help them improve their language skills. Users can chat about unlimited amount of topics with the app and use other modes to practice their language learning.","email":"support@talkpal.ai","legalName":"Talkpal, Inc.","foundingDate":"2023-04-03","duns":"118989042","numberOfEmployees":{"@type":"QuantitativeValue","minValue":"11","maxValue":"50"},"publishingPrinciples":"https:\/\/talkpal.ai\/publishing-principles\/","actionableFeedbackPolicy":"https:\/\/talkpal.ai\/actionable-feedback-policy\/","correctionsPolicy":"https:\/\/talkpal.ai\/corrections-policy\/","ethicsPolicy":"https:\/\/talkpal.ai\/ethics-policy\/","diversityPolicy":"https:\/\/talkpal.ai\/diversity-policy\/","diversityStaffingReport":"https:\/\/talkpal.ai\/diversity-policy\/"}]}},"_links":{"self":[{"href":"https:\/\/talkpal.ai\/az\/wp-json\/wp\/v2\/pages\/150831","targetHints":{"allow":["GET"]}}],"collection":[{"href":"https:\/\/talkpal.ai\/az\/wp-json\/wp\/v2\/pages"}],"about":[{"href":"https:\/\/talkpal.ai\/az\/wp-json\/wp\/v2\/types\/page"}],"author":[{"embeddable":true,"href":"https:\/\/talkpal.ai\/az\/wp-json\/wp\/v2\/users\/1"}],"replies":[{"embeddable":true,"href":"https:\/\/talkpal.ai\/az\/wp-json\/wp\/v2\/comments?post=150831"}],"version-history":[{"count":0,"href":"https:\/\/talkpal.ai\/az\/wp-json\/wp\/v2\/pages\/150831\/revisions"}],"wp:featuredmedia":[{"embeddable":true,"href":"https:\/\/talkpal.ai\/az\/wp-json\/wp\/v2\/media\/119868"}],"wp:attachment":[{"href":"https:\/\/talkpal.ai\/az\/wp-json\/wp\/v2\/media?parent=150831"}],"curies":[{"name":"wp","href":"https:\/\/api.w.org\/{rel}","templated":true}]}}