{"id":150243,"date":"2023-05-14T14:19:49","date_gmt":"2023-05-14T14:19:49","guid":{"rendered":"http:\/\/talkpal.ai\/slovak-dilinin-qrammatikasi\/"},"modified":"2025-12-12T11:14:13","modified_gmt":"2025-12-12T11:14:13","slug":"slovak-dilinin-qrammatikasi","status":"publish","type":"page","link":"https:\/\/talkpal.ai\/az\/slovak-dilinin-qrammatikasi\/","title":{"rendered":"Slovak dilinin qrammatikas\u0131"},"content":{"rendered":"\r\n\r\n\r\n<section class=\"languageChallengeSection\">\r\n    <div class=\"languageInfoWrapper\">\r\n        \r\n        <h1>Slovak dilinin qrammatikas\u0131<\/h1>\r\n        <p><a href=\"https:\/\/talkpal.ai\/learn-slovak\/\">Slovak<\/a> dilinin \u0259sas qrammatik qaydalar\u0131n\u0131 \u00f6yr\u0259nm\u0259kl\u0259 onun g\u00f6z\u0259lliyini a\u00e7\u0131n. Slovak dilinin qrammatikas\u0131n\u0131 anlamaq siz\u0259 inamla \u00fcnsiyy\u0259t qurma\u011fa v\u0259 Slovakiyan\u0131n z\u0259ngin \u0259n\u0259n\u0259l\u0259ri il\u0259 daha d\u0259rind\u0259n \u0259laq\u0259 saxlama\u011fa k\u00f6m\u0259k ed\u0259c\u0259k. S\u0259yah\u0259tiniz\u0259 bu g\u00fcn ba\u015flay\u0131n v\u0259 <a href=\"https:\/\/talkpal.ai\/az\/slovak-dilini-oyr%c9%99n\/\">Slovak dilini<\/a> m\u0259nims\u0259m\u0259k \u00fc\u00e7\u00fcn ilk add\u0131m\u0131 at\u0131n!\n\n<\/p>\r\n\r\n                            <a class=\"getStartedHidden\" href=\"https:\/\/app.talkpal.ai\/signup?lng=\">Ba\u015fla<\/a>\r\n        \r\n    <\/div>\r\n\r\n    <figure>\r\n    <img decoding=\"async\" width=\"768\" height=\"768\" src=\"https:\/\/talkpal.ai\/wp-content\/uploads\/2023\/06\/slovak-768x768.png\" class=\"languageImage no-lazy\" alt=\"Language learning for cross-cultural competence\" fetchpriority=\"high\" sizes=\"(max-width: 768px) 150px, 768px\" srcset=\"https:\/\/talkpal.ai\/wp-content\/uploads\/2023\/06\/slovak-768x768.png 768w, https:\/\/talkpal.ai\/wp-content\/uploads\/2023\/06\/slovak-300x300.png 300w\" \/>\r\n    \r\n\r\n    <\/figure>\r\n\r\n            <a class=\"getStartedVisible\" href=\"https:\/\/app.talkpal.ai\/signup?lng=\">Ba\u015fla<\/a>\r\n    \r\n<\/section>\r\n<section class=\"promotionalBanner\">\r\n    <p class=\"promotionalText\">Dil \u00f6yr\u0259nm\u0259yin \u0259n t\u0259sirli yolu<\/p>\r\n    <a class=\"promotionalLink\" href=\"https:\/\/app.talkpal.ai\/signup?lng=\">Talkpal pulsuz s\u0131nay\u0131n<\/a>\r\n<\/section>\n<div class=\"wp-block-group pageContainerStyle\"><div class=\"wp-block-group__inner-container is-layout-constrained wp-block-group-is-layout-constrained\">\n<h2 class=\"wp-block-heading\" id=\"h-slovak-grammar-the-key-to-unlocking-a-beautiful-language\">Slovak dilinin qrammatikas\u0131. G\u00f6z\u0259l dilin a\u00e7\u0131lmas\u0131n\u0131n a\u00e7ar\u0131<\/h2>\n\n\n\n<p>Siz Slovak dilini \u00f6yr\u0259nm\u0259yi planla\u015fd\u0131r\u0131rs\u0131n\u0131z, yoxsa sad\u0259c\u0259 onun unikal qrammatikas\u0131 il\u0259 maraqlan\u0131rs\u0131n\u0131z? Siz do\u011fru yerd\u0259siniz! <a href=\"https:\/\/talkpal.ai\/slovak-grammar\/\">Slovak dilinin qrammatikas\u0131<\/a> ilk bax\u0131\u015fda qorxulu g\u00f6r\u00fcn\u0259 bil\u0259r, lakin narahat olmay\u0131n \u2013 bu, \u0259slind\u0259 olduqca m\u0259ntiqli v\u0259 idar\u0259 edil\u0259 bil\u0259ndir. Bu yaz\u0131da biz Slovak dilinin qrammatikas\u0131n\u0131 daha yax\u015f\u0131 ba\u015fa d\u00fc\u015fm\u0259yiniz\u0259 v\u0259 onun g\u00f6z\u0259lliyini qiym\u0259tl\u0259ndirm\u0259yiniz\u0259 k\u00f6m\u0259k etm\u0259k \u00fc\u00e7\u00fcn onun inc\u0259likl\u0259rini ara\u015fd\u0131raca\u011f\u0131q.<\/p>\n\n\n\n<p>\u018fvv\u0259lc\u0259 ki\u00e7ik bir fondan ba\u015flayaq. Slovak dili \u0259sas\u0259n Slovakiyada dan\u0131\u015f\u0131lan Q\u0259rbi slavyan dilidir. Lakin \u0259traf \u00f6lk\u0259l\u0259rd\u0259 d\u0259 dan\u0131\u015fanlara rast g\u0259l\u0259 bil\u0259rsiniz. Slavyan dili olaraq, \u00e7ex v\u0259 polyak dill\u0259ri kimi b\u00f6lg\u0259d\u0259ki dig\u0259r dill\u0259rl\u0259 bir \u00e7ox ox\u015farl\u0131\u011f\u0131 payla\u015f\u0131r. Lakin onun \u00f6z\u00fcn\u0259m\u0259xsus qrammatik qaydalar\u0131 v\u0259 istifad\u0259 formalar\u0131 var ki, onu bir-birind\u0259n ay\u0131r\u0131r.<\/p>\n\n\n\n<p>\u0130ndi is\u0259 g\u0259lin Slovak dilinin qrammatikas\u0131n\u0131n b\u0259zi \u0259n vacib aspektl\u0259rin\u0259 n\u0259z\u0259r salaq.<\/p>\n\n\n\n<h3 class=\"wp-block-heading\" id=\"h-1-nouns-and-their-cases\">1. Nounlar v\u0259 onlar\u0131n hallar\u0131<\/h3>\n\n\n\n<p>Slovak dilinin qrammatikas\u0131n\u0131n \u0259n valehedici x\u00fcsusiyy\u0259tl\u0259rind\u0259n biri onun m\u00fcr\u0259kk\u0259b hal sistemidir. Alman v\u0259 ya rus dill\u0259rini bilirsinizs\u0259, n\u0259d\u0259n dan\u0131\u015fd\u0131\u011f\u0131m\u0131z\u0131 bil\u0259c\u0259ksiniz: Slovakca isiml\u0259r c\u00fcml\u0259d\u0259ki funksiyalar\u0131ndan as\u0131l\u0131 olaraq \u00f6z formalar\u0131n\u0131 d\u0259yi\u015firl\u0259r. Yeddi halda (nominativ, cins, dativ, ittiham, lokal, instrumental v\u0259 vokativ) bu, ilk bax\u0131\u015fda h\u0259dsiz g\u00f6r\u00fcn\u0259 bil\u0259r, lakin t\u0259slim olmay\u0131n! Siz bunu ba\u015fa d\u00fc\u015fd\u00fckd\u0259n sonra inan\u0131lmaz d\u0259r\u0259c\u0259d\u0259 m\u0259ntiqli v\u0259 h\u0259tta \u0259yl\u0259nc\u0259lidir.<\/p>\n\n\n\n<p>N\u00fcmun\u0259 olaraq \u201cchlapec\u201d (o\u011flan) ad\u0131n\u0131 g\u00f6t\u00fcr\u00fcn. O, h\u0259r\u0259k\u0259tin subyekti, obyekti v\u0259 ya al\u0131c\u0131s\u0131 olmas\u0131ndan as\u0131l\u0131 olaraq \u201cchlapca\u201d, \u201cchlapcovi\u201d, \u201cchlapcom\u201d v\u0259 s. kimi d\u0259yi\u015f\u0259 bil\u0259r. Sonluqlar ismin cinsind\u0259n d\u0259 (ki\u015fi, qad\u0131n v\u0259 ya bit\u0259r\u0259f) as\u0131l\u0131d\u0131r v\u0259 dil\u0259 daha \u00e7ox m\u00fcxt\u0259liflik verir.<\/p>\n\n\n\n<h3 class=\"wp-block-heading\" id=\"h-2-verb-conjugation-and-tenses\">2. Verb konjugation v\u0259 tenses<\/h3>\n\n\n\n<p>Slovak feill\u0259ri m\u00f6vzunun \u015f\u0259xsi v\u0259 n\u00f6mr\u0259si (sinqular v\u0259 ya \u00e7oxluqlar) \u0259sas\u0131nda sonluqlar\u0131n\u0131 d\u0259yi\u015fir. M\u0259s\u0259l\u0259n, \u201cvidie\u0165\u201d (g\u00f6rm\u0259k) feli \u201cvid\u00edm\u201d (m\u0259n g\u00f6r\u00fcr\u0259m), \u201cvid\u00ed\u0161\u201d (siz g\u00f6r\u00fcrs\u00fcn\u00fcz), \u201cvidia\u201d (onlar g\u00f6r\u00fcr) v\u0259 s.<\/p>\n\n\n\n<p>Slovakiyada \u00fc\u00e7 \u0259sas g\u0259rginlik var: ke\u00e7mi\u015f, indiki v\u0259 g\u0259l\u0259c\u0259k. Maraql\u0131s\u0131 odur ki, ingilisl\u0259rd\u0259n f\u0259rqli olaraq slovak dili bu g\u0259rginlikl\u0259rin \u0259m\u0259l\u0259 g\u0259lm\u0259si \u00fc\u00e7\u00fcn ad\u0259t\u0259n k\u00f6m\u0259k\u00e7i feill\u0259rd\u0259n istifad\u0259 etmir. \u018fksin\u0259 onlar feil sonluqlar\u0131n\u0131 d\u0259yi\u015fm\u0259kl\u0259 \u0259m\u0259l\u0259 g\u0259lir. M\u0259s\u0259l\u0259n, &#8220;M\u0259n g\u00f6r\u00fcr\u0259m&#8221; &#8220;vid\u00edm&#8221;, &#8220;M\u0259n g\u00f6rd\u00fcm&#8221; &#8220;videl som&#8221; v\u0259 &#8220;G\u00f6r\u0259c\u0259y\u0259m&#8221; &#8220;uvid\u00edm&#8221; dem\u0259kdir.<\/p>\n\n\n\n<h3 class=\"wp-block-heading\" id=\"h-3-sentence-structure-and-word-order\">3. C\u00fcml\u0259 qurulu\u015fu v\u0259 s\u00f6z s\u0131ras\u0131<\/h3>\n\n\n\n<p>Slovak dilind\u0259 nisb\u0259t\u0259n elastik s\u00f6z s\u0131ras\u0131 var, onun noun hal\u0131 v\u0259 feli konjuqasiya sistemi say\u0259sind\u0259. Bu o dem\u0259kdir ki, ingilis dilind\u0259n f\u0259rqli olaraq, siz s\u00f6zl\u0259ri c\u00fcml\u0259d\u0259 m\u0259nas\u0131n\u0131 d\u0259yi\u015fm\u0259d\u0259n m\u00fcxt\u0259lif m\u00f6vqel\u0259rd\u0259 yerl\u0259\u015fdir\u0259 bil\u0259rsiniz \u2013 m\u0259s\u0259l\u0259n, \u201cchlapec vid\u00ed psa\u201d (o\u011flan iti g\u00f6r\u00fcr) h\u0259m d\u0259 \u201cpsa vid\u00ed chlapec\u201d ola bil\u0259r v\u0259 yen\u0259 d\u0259 eynidir. m\u0259na.<\/p>\n\n\n\n<p>Y\u0259ni, Slovak dilind\u0259 \u0259n \u00e7ox rast g\u0259lin\u0259n s\u00f6z s\u0131ras\u0131 m\u00f6vzu-verb-obyekt v\u0259 ya SVO-dur. Bu, ingilis dilin\u0259 b\u0259nz\u0259yir v\u0259 \u00f6yr\u0259n\u0259nl\u0259r \u00fc\u00e7\u00fcn \u0259la ba\u015flan\u011f\u0131c n\u00f6qt\u0259sidir. Dil il\u0259 daha rahatla\u015fd\u0131qca c\u00fcml\u0259l\u0259riniz\u0259 vur\u011fu v\u0259 ya n\u00fcans qatmaq \u00fc\u00e7\u00fcn m\u00fcxt\u0259lif s\u00f6z \u0259mrl\u0259rini t\u0259cr\u00fcb\u0259d\u0259n ke\u00e7irm\u0259k olar.<\/p>\n\n\n\n<h3 class=\"wp-block-heading\" id=\"h-4-adjectives-and-adverbs\">4. Adjectives v\u0259 adverbs<\/h3>\n\n\n\n<p>Bir \u00e7ox ba\u015fqa dill\u0259rd\u0259 oldu\u011fu kimi, slovak dilind\u0259 d\u0259 ad v\u0259 feill\u0259r kimi isim v\u0259 feill\u0259rd\u0259n istifad\u0259 olunur. Bununla bel\u0259, onlar \u00f6z i\u015f m\u00fcqavil\u0259si v\u0259 gender m\u00fcqavil\u0259si qaydalar\u0131 il\u0259 d\u0259 g\u0259lirl\u0259r. Bu qaydalar h\u0259r \u015feyi bir az daha m\u00fcr\u0259kk\u0259bl\u0259\u015fdir\u0259 bil\u0259r. \u015e\u00fck\u00fcrl\u0259r olsun ki, isim hallar\u0131n\u0131 v\u0259 feil konuslar\u0131 ustal\u0131qla ara\u015fd\u0131rd\u0131qdan sonra bu qaydalar daha t\u0259bii olaraq g\u0259l\u0259c\u0259kdir.<\/p>\n\n\n\n<p>B\u0259s siz Slovakiya dilinin qrammatika il\u0259 m\u00fcbariz\u0259 etm\u0259y\u0259 haz\u0131rs\u0131n\u0131zm\u0131? D\u00fczg\u00fcn d\u00fc\u015f\u00fcnc\u0259 v\u0259 resurslarla Slovakiyan\u0131 \u00f6yr\u0259nm\u0259k z\u0259ngin m\u0259d\u0259niyy\u0259t\u0259 v\u0259 g\u00f6z\u0259l \u00f6lk\u0259y\u0259 qap\u0131lar a\u00e7a bil\u0259n m\u00fckafatland\u0131r\u0131c\u0131 t\u0259cr\u00fcb\u0259dir. Add\u0131m-add\u0131m at\u0131n, m\u00fcnt\u0259z\u0259m m\u0259\u015fq edin v\u0259 s\u0259hv etm\u0259kd\u0259n qorxmay\u0131n &#8211; ax\u0131rda ham\u0131m\u0131z bunu \u00f6yr\u0259nirik. Ve\u013ea \u0161\u0165astia! (Nu\u015f olsun!)<\/p>\n<\/div><\/div>\n\r\n<section class=\"learnNavigationSection\">\r\n            \r\n        <a href=\"https:\/\/talkpal.ai\/az\/slovak-dilini-oyr%c9%99n\/\">\r\n            <div class=\"learnNavigationWrapper\">\r\n                <div class=\"learnNavigationContent\">\r\n                    <img decoding=\"async\" src=\"https:\/\/talkpal.ai\/wp-content\/uploads\/2024\/08\/Slovak.jpg\" alt=\"Slovak Flag\">\r\n                    <div>\r\n                        <h4>Slovak dilinin \u00f6yr\u0259nilm\u0259si haqq\u0131nda<\/h4>\r\n                        <p>Slovak dilinin qrammatikas\u0131 haqq\u0131nda h\u0259r \u015feyi \u00f6yr\u0259nin .<\/p>\r\n                    <\/div>\r\n                <\/div>\r\n            <\/div>\r\n        <\/a>\r\n\r\n        \r\n        <a href=\"https:\/\/talkpal.ai\/az\/slovak-dili-qrammatika-m%c9%99sql%c9%99ri\/\">\r\n            <div class=\"learnNavigationWrapper\">\r\n                <div class=\"learnNavigationContent\">\r\n                    <img decoding=\"async\" src=\"https:\/\/talkpal.ai\/wp-content\/uploads\/2024\/08\/Slovak.jpg\" alt=\"Slovak Flag\">\r\n                    <div>\r\n                        <h4>Slovak dilinin qrammatikas\u0131 m\u0259\u015fqi<\/h4>\r\n                        <p>Slovak dilinin qrammatikas\u0131.<\/p>\r\n                    <\/div>\r\n                <\/div>\r\n            <\/div>\r\n        <\/a>\r\n\r\n        \r\n        <a href=\"https:\/\/talkpal.ai\/vocabulary_language\/slovak\/\">\r\n            <div class=\"learnNavigationWrapper\">\r\n                <div class=\"learnNavigationContent\">\r\n                    <img decoding=\"async\" src=\"https:\/\/talkpal.ai\/wp-content\/uploads\/2024\/08\/Slovak.jpg\" alt=\"Slovak Flag\">\r\n                    <div>\r\n                        <h4>Slovak l\u00fc\u011f\u0259ti<\/h4>\r\n                        <p>Slovak dili l\u00fc\u011f\u0259tinizi geni\u015fl\u0259ndirin.<\/p>\r\n                    <\/div>\r\n                <\/div>\r\n            <\/div>\r\n        <\/a>\r\n\r\n            <\/section>","protected":false},"excerpt":{"rendered":"<p>Slovak dilinin qrammatikas\u0131. G\u00f6z\u0259l dilin a\u00e7\u0131lmas\u0131n\u0131n a\u00e7ar\u0131 Siz Slovak dilini \u00f6yr\u0259nm\u0259yi planla\u015fd\u0131r\u0131rs\u0131n\u0131z, yoxsa sad\u0259c\u0259 onun unikal qrammatikas\u0131 il\u0259 maraqlan\u0131rs\u0131n\u0131z? Siz do\u011fru yerd\u0259siniz! Slovak dilinin qrammatikas\u0131 ilk bax\u0131\u015fda qorxulu g\u00f6r\u00fcn\u0259 bil\u0259r, lakin narahat olmay\u0131n \u2013 bu, \u0259slind\u0259 olduqca m\u0259ntiqli v\u0259 idar\u0259 edil\u0259 bil\u0259ndir. Bu yaz\u0131da biz Slovak dilinin qrammatikas\u0131n\u0131 daha yax\u015f\u0131 ba\u015fa d\u00fc\u015fm\u0259yiniz\u0259 v\u0259 onun g\u00f6z\u0259lliyini [&hellip;]<\/p>\n","protected":false},"author":1,"featured_media":118863,"parent":0,"menu_order":0,"comment_status":"closed","ping_status":"closed","template":"LearningContentPage.php","meta":{"_acf_changed":false,"footnotes":""},"class_list":["post-150243","page","type-page","status-publish","has-post-thumbnail","hentry"],"acf":[],"yoast_head":"<!-- This site is optimized with the Yoast SEO Premium plugin v27.2 (Yoast SEO v27.2) - https:\/\/yoast.com\/product\/yoast-seo-premium-wordpress\/ -->\n<title>Slovak dilinin qrammatikas\u0131 - Talkpal<\/title>\n<meta name=\"description\" content=\"Ayd\u0131n izahatlar, praktik n\u00fcmun\u0259l\u0259r v\u0259 interaktiv m\u0259\u015fql\u0259rl\u0259 Slovak qrammatikas\u0131n\u0131 m\u0259nims\u0259yin. Bacar\u0131qlar\u0131n\u0131z\u0131 t\u0259kmill\u0259\u015fdirin!\" \/>\n<meta name=\"robots\" content=\"index, follow, max-snippet:-1, max-image-preview:large, max-video-preview:-1\" \/>\n<link rel=\"canonical\" href=\"https:\/\/talkpal.ai\/az\/slovak-dilinin-qrammatikasi\/\" \/>\n<meta property=\"og:locale\" content=\"az_AZ\" \/>\n<meta property=\"og:type\" content=\"article\" \/>\n<meta property=\"og:title\" content=\"Slovak dilinin qrammatikas\u0131\" \/>\n<meta property=\"og:description\" content=\"Slovak dilinin qrammatikas\u0131. G\u00f6z\u0259l dilin a\u00e7\u0131lmas\u0131n\u0131n a\u00e7ar\u0131 Siz Slovak dilini \u00f6yr\u0259nm\u0259yi planla\u015fd\u0131r\u0131rs\u0131n\u0131z, yoxsa sad\u0259c\u0259 onun unikal qrammatikas\u0131 il\u0259\" \/>\n<meta property=\"og:url\" content=\"https:\/\/talkpal.ai\/az\/slovak-dilinin-qrammatikasi\/\" \/>\n<meta property=\"og:site_name\" content=\"Talkpal\" \/>\n<meta property=\"article:publisher\" content=\"https:\/\/www.facebook.com\/profile.php?id=100090733639311\" \/>\n<meta property=\"article:modified_time\" content=\"2025-12-12T11:14:13+00:00\" \/>\n<meta property=\"og:image\" content=\"https:\/\/talkpal.ai\/wp-content\/uploads\/2023\/05\/slovakia.png\" \/>\n\t<meta property=\"og:image:width\" content=\"512\" \/>\n\t<meta property=\"og:image:height\" content=\"512\" \/>\n\t<meta property=\"og:image:type\" content=\"image\/png\" \/>\n<meta name=\"twitter:card\" content=\"summary_large_image\" \/>\n<meta name=\"twitter:site\" content=\"@talkpalai\" \/>\n<meta name=\"twitter:label1\" content=\"Est. reading time\" \/>\n\t<meta name=\"twitter:data1\" content=\"4 minutes\" \/>\n<script type=\"application\/ld+json\" class=\"yoast-schema-graph\">{\"@context\":\"https:\/\/schema.org\",\"@graph\":[{\"@type\":\"WebPage\",\"@id\":\"https:\/\/talkpal.ai\/az\/slovak-dilinin-qrammatikasi\/\",\"url\":\"https:\/\/talkpal.ai\/az\/slovak-dilinin-qrammatikasi\/\",\"name\":\"Slovak dilinin qrammatikas\u0131 - Talkpal\",\"isPartOf\":{\"@id\":\"https:\/\/talkpal.ai\/az\/#website\"},\"primaryImageOfPage\":{\"@id\":\"https:\/\/talkpal.ai\/az\/slovak-dilinin-qrammatikasi\/#primaryimage\"},\"image\":{\"@id\":\"https:\/\/talkpal.ai\/az\/slovak-dilinin-qrammatikasi\/#primaryimage\"},\"thumbnailUrl\":\"https:\/\/talkpal.ai\/wp-content\/uploads\/2023\/05\/slovakia.png\",\"datePublished\":\"2023-05-14T14:19:49+00:00\",\"dateModified\":\"2025-12-12T11:14:13+00:00\",\"description\":\"Ayd\u0131n izahatlar, praktik n\u00fcmun\u0259l\u0259r v\u0259 interaktiv m\u0259\u015fql\u0259rl\u0259 Slovak qrammatikas\u0131n\u0131 m\u0259nims\u0259yin. Bacar\u0131qlar\u0131n\u0131z\u0131 t\u0259kmill\u0259\u015fdirin!\",\"breadcrumb\":{\"@id\":\"https:\/\/talkpal.ai\/az\/slovak-dilinin-qrammatikasi\/#breadcrumb\"},\"inLanguage\":\"az\",\"potentialAction\":[{\"@type\":\"ReadAction\",\"target\":[\"https:\/\/talkpal.ai\/az\/slovak-dilinin-qrammatikasi\/\"]}]},{\"@type\":\"ImageObject\",\"inLanguage\":\"az\",\"@id\":\"https:\/\/talkpal.ai\/az\/slovak-dilinin-qrammatikasi\/#primaryimage\",\"url\":\"https:\/\/talkpal.ai\/wp-content\/uploads\/2023\/05\/slovakia.png\",\"contentUrl\":\"https:\/\/talkpal.ai\/wp-content\/uploads\/2023\/05\/slovakia.png\",\"width\":512,\"height\":512},{\"@type\":\"BreadcrumbList\",\"@id\":\"https:\/\/talkpal.ai\/az\/slovak-dilinin-qrammatikasi\/#breadcrumb\",\"itemListElement\":[{\"@type\":\"ListItem\",\"position\":1,\"name\":\"Homepage\",\"item\":\"https:\/\/talkpal.ai\/az\/\"},{\"@type\":\"ListItem\",\"position\":2,\"name\":\"Slovak dilinin qrammatikas\u0131\"}]},{\"@type\":\"WebSite\",\"@id\":\"https:\/\/talkpal.ai\/az\/#website\",\"url\":\"https:\/\/talkpal.ai\/az\/\",\"name\":\"Talkpal\",\"description\":\"AI Language Learning\",\"publisher\":{\"@id\":\"https:\/\/talkpal.ai\/az\/#organization\"},\"alternateName\":\"Talkpal AI\",\"potentialAction\":[{\"@type\":\"SearchAction\",\"target\":{\"@type\":\"EntryPoint\",\"urlTemplate\":\"https:\/\/talkpal.ai\/az\/?s={search_term_string}\"},\"query-input\":{\"@type\":\"PropertyValueSpecification\",\"valueRequired\":true,\"valueName\":\"search_term_string\"}}],\"inLanguage\":\"az\"},{\"@type\":\"Organization\",\"@id\":\"https:\/\/talkpal.ai\/az\/#organization\",\"name\":\"Talkpal, Inc.\",\"alternateName\":\"Talkpal AI\",\"url\":\"https:\/\/talkpal.ai\/az\/\",\"logo\":{\"@type\":\"ImageObject\",\"inLanguage\":\"az\",\"@id\":\"https:\/\/talkpal.ai\/az\/#\/schema\/logo\/image\/\",\"url\":\"https:\/\/talkpal.ai\/wp-content\/uploads\/2024\/03\/Talkpal-Logo-Icon.png\",\"contentUrl\":\"https:\/\/talkpal.ai\/wp-content\/uploads\/2024\/03\/Talkpal-Logo-Icon.png\",\"width\":2880,\"height\":2880,\"caption\":\"Talkpal, Inc.\"},\"image\":{\"@id\":\"https:\/\/talkpal.ai\/az\/#\/schema\/logo\/image\/\"},\"sameAs\":[\"https:\/\/www.facebook.com\/profile.php?id=100090733639311\",\"https:\/\/x.com\/talkpalai\",\"https:\/\/www.linkedin.com\/company\/talkpal\/\",\"https:\/\/www.youtube.com\/@TalkPal\/\",\"https:\/\/www.tiktok.com\/@talkpal\",\"https:\/\/www.instagram.com\/talkpal_ai\/\",\"https:\/\/www.crunchbase.com\/organization\/talkpal-9cde\",\"https:\/\/www.g2.com\/products\/talkpal-for-business\/\",\"https:\/\/www.trustpilot.com\/review\/talkpal.ai\",\"https:\/\/www.capterra.com\/p\/10006800\/TalkPal\/\"],\"description\":\"Talkpal is a language learning web and mobile education app, powered by the latest AI technologies, that provides engaging experiences to its customers in many different languages to help them improve their language skills. Users can chat about unlimited amount of topics with the app and use other modes to practice their language learning.\",\"email\":\"support@talkpal.ai\",\"legalName\":\"Talkpal, Inc.\",\"foundingDate\":\"2023-04-03\",\"duns\":\"118989042\",\"numberOfEmployees\":{\"@type\":\"QuantitativeValue\",\"minValue\":\"11\",\"maxValue\":\"50\"},\"publishingPrinciples\":\"https:\/\/talkpal.ai\/publishing-principles\/\",\"actionableFeedbackPolicy\":\"https:\/\/talkpal.ai\/actionable-feedback-policy\/\",\"correctionsPolicy\":\"https:\/\/talkpal.ai\/corrections-policy\/\",\"ethicsPolicy\":\"https:\/\/talkpal.ai\/ethics-policy\/\",\"diversityPolicy\":\"https:\/\/talkpal.ai\/diversity-policy\/\",\"diversityStaffingReport\":\"https:\/\/talkpal.ai\/diversity-policy\/\"}]}<\/script>\n<!-- \/ Yoast SEO Premium plugin. -->","yoast_head_json":{"title":"Slovak dilinin qrammatikas\u0131 - Talkpal","description":"Ayd\u0131n izahatlar, praktik n\u00fcmun\u0259l\u0259r v\u0259 interaktiv m\u0259\u015fql\u0259rl\u0259 Slovak qrammatikas\u0131n\u0131 m\u0259nims\u0259yin. Bacar\u0131qlar\u0131n\u0131z\u0131 t\u0259kmill\u0259\u015fdirin!","robots":{"index":"index","follow":"follow","max-snippet":"max-snippet:-1","max-image-preview":"max-image-preview:large","max-video-preview":"max-video-preview:-1"},"canonical":"https:\/\/talkpal.ai\/az\/slovak-dilinin-qrammatikasi\/","og_locale":"az_AZ","og_type":"article","og_title":"Slovak dilinin qrammatikas\u0131","og_description":"Slovak dilinin qrammatikas\u0131. G\u00f6z\u0259l dilin a\u00e7\u0131lmas\u0131n\u0131n a\u00e7ar\u0131 Siz Slovak dilini \u00f6yr\u0259nm\u0259yi planla\u015fd\u0131r\u0131rs\u0131n\u0131z, yoxsa sad\u0259c\u0259 onun unikal qrammatikas\u0131 il\u0259","og_url":"https:\/\/talkpal.ai\/az\/slovak-dilinin-qrammatikasi\/","og_site_name":"Talkpal","article_publisher":"https:\/\/www.facebook.com\/profile.php?id=100090733639311","article_modified_time":"2025-12-12T11:14:13+00:00","og_image":[{"width":512,"height":512,"url":"https:\/\/talkpal.ai\/wp-content\/uploads\/2023\/05\/slovakia.png","type":"image\/png"}],"twitter_card":"summary_large_image","twitter_site":"@talkpalai","twitter_misc":{"Est. reading time":"4 minutes"},"schema":{"@context":"https:\/\/schema.org","@graph":[{"@type":"WebPage","@id":"https:\/\/talkpal.ai\/az\/slovak-dilinin-qrammatikasi\/","url":"https:\/\/talkpal.ai\/az\/slovak-dilinin-qrammatikasi\/","name":"Slovak dilinin qrammatikas\u0131 - Talkpal","isPartOf":{"@id":"https:\/\/talkpal.ai\/az\/#website"},"primaryImageOfPage":{"@id":"https:\/\/talkpal.ai\/az\/slovak-dilinin-qrammatikasi\/#primaryimage"},"image":{"@id":"https:\/\/talkpal.ai\/az\/slovak-dilinin-qrammatikasi\/#primaryimage"},"thumbnailUrl":"https:\/\/talkpal.ai\/wp-content\/uploads\/2023\/05\/slovakia.png","datePublished":"2023-05-14T14:19:49+00:00","dateModified":"2025-12-12T11:14:13+00:00","description":"Ayd\u0131n izahatlar, praktik n\u00fcmun\u0259l\u0259r v\u0259 interaktiv m\u0259\u015fql\u0259rl\u0259 Slovak qrammatikas\u0131n\u0131 m\u0259nims\u0259yin. Bacar\u0131qlar\u0131n\u0131z\u0131 t\u0259kmill\u0259\u015fdirin!","breadcrumb":{"@id":"https:\/\/talkpal.ai\/az\/slovak-dilinin-qrammatikasi\/#breadcrumb"},"inLanguage":"az","potentialAction":[{"@type":"ReadAction","target":["https:\/\/talkpal.ai\/az\/slovak-dilinin-qrammatikasi\/"]}]},{"@type":"ImageObject","inLanguage":"az","@id":"https:\/\/talkpal.ai\/az\/slovak-dilinin-qrammatikasi\/#primaryimage","url":"https:\/\/talkpal.ai\/wp-content\/uploads\/2023\/05\/slovakia.png","contentUrl":"https:\/\/talkpal.ai\/wp-content\/uploads\/2023\/05\/slovakia.png","width":512,"height":512},{"@type":"BreadcrumbList","@id":"https:\/\/talkpal.ai\/az\/slovak-dilinin-qrammatikasi\/#breadcrumb","itemListElement":[{"@type":"ListItem","position":1,"name":"Homepage","item":"https:\/\/talkpal.ai\/az\/"},{"@type":"ListItem","position":2,"name":"Slovak dilinin qrammatikas\u0131"}]},{"@type":"WebSite","@id":"https:\/\/talkpal.ai\/az\/#website","url":"https:\/\/talkpal.ai\/az\/","name":"Talkpal","description":"AI Language Learning","publisher":{"@id":"https:\/\/talkpal.ai\/az\/#organization"},"alternateName":"Talkpal AI","potentialAction":[{"@type":"SearchAction","target":{"@type":"EntryPoint","urlTemplate":"https:\/\/talkpal.ai\/az\/?s={search_term_string}"},"query-input":{"@type":"PropertyValueSpecification","valueRequired":true,"valueName":"search_term_string"}}],"inLanguage":"az"},{"@type":"Organization","@id":"https:\/\/talkpal.ai\/az\/#organization","name":"Talkpal, Inc.","alternateName":"Talkpal AI","url":"https:\/\/talkpal.ai\/az\/","logo":{"@type":"ImageObject","inLanguage":"az","@id":"https:\/\/talkpal.ai\/az\/#\/schema\/logo\/image\/","url":"https:\/\/talkpal.ai\/wp-content\/uploads\/2024\/03\/Talkpal-Logo-Icon.png","contentUrl":"https:\/\/talkpal.ai\/wp-content\/uploads\/2024\/03\/Talkpal-Logo-Icon.png","width":2880,"height":2880,"caption":"Talkpal, Inc."},"image":{"@id":"https:\/\/talkpal.ai\/az\/#\/schema\/logo\/image\/"},"sameAs":["https:\/\/www.facebook.com\/profile.php?id=100090733639311","https:\/\/x.com\/talkpalai","https:\/\/www.linkedin.com\/company\/talkpal\/","https:\/\/www.youtube.com\/@TalkPal\/","https:\/\/www.tiktok.com\/@talkpal","https:\/\/www.instagram.com\/talkpal_ai\/","https:\/\/www.crunchbase.com\/organization\/talkpal-9cde","https:\/\/www.g2.com\/products\/talkpal-for-business\/","https:\/\/www.trustpilot.com\/review\/talkpal.ai","https:\/\/www.capterra.com\/p\/10006800\/TalkPal\/"],"description":"Talkpal is a language learning web and mobile education app, powered by the latest AI technologies, that provides engaging experiences to its customers in many different languages to help them improve their language skills. Users can chat about unlimited amount of topics with the app and use other modes to practice their language learning.","email":"support@talkpal.ai","legalName":"Talkpal, Inc.","foundingDate":"2023-04-03","duns":"118989042","numberOfEmployees":{"@type":"QuantitativeValue","minValue":"11","maxValue":"50"},"publishingPrinciples":"https:\/\/talkpal.ai\/publishing-principles\/","actionableFeedbackPolicy":"https:\/\/talkpal.ai\/actionable-feedback-policy\/","correctionsPolicy":"https:\/\/talkpal.ai\/corrections-policy\/","ethicsPolicy":"https:\/\/talkpal.ai\/ethics-policy\/","diversityPolicy":"https:\/\/talkpal.ai\/diversity-policy\/","diversityStaffingReport":"https:\/\/talkpal.ai\/diversity-policy\/"}]}},"_links":{"self":[{"href":"https:\/\/talkpal.ai\/az\/wp-json\/wp\/v2\/pages\/150243","targetHints":{"allow":["GET"]}}],"collection":[{"href":"https:\/\/talkpal.ai\/az\/wp-json\/wp\/v2\/pages"}],"about":[{"href":"https:\/\/talkpal.ai\/az\/wp-json\/wp\/v2\/types\/page"}],"author":[{"embeddable":true,"href":"https:\/\/talkpal.ai\/az\/wp-json\/wp\/v2\/users\/1"}],"replies":[{"embeddable":true,"href":"https:\/\/talkpal.ai\/az\/wp-json\/wp\/v2\/comments?post=150243"}],"version-history":[{"count":0,"href":"https:\/\/talkpal.ai\/az\/wp-json\/wp\/v2\/pages\/150243\/revisions"}],"wp:featuredmedia":[{"embeddable":true,"href":"https:\/\/talkpal.ai\/az\/wp-json\/wp\/v2\/media\/118863"}],"wp:attachment":[{"href":"https:\/\/talkpal.ai\/az\/wp-json\/wp\/v2\/media?parent=150243"}],"curies":[{"name":"wp","href":"https:\/\/api.w.org\/{rel}","templated":true}]}}