{"id":149798,"date":"2023-05-14T14:19:26","date_gmt":"2023-05-14T14:19:26","guid":{"rendered":"http:\/\/talkpal.ai\/serb-dilinin-qrammatikasi\/"},"modified":"2025-12-17T15:37:59","modified_gmt":"2025-12-17T15:37:59","slug":"serb-dilinin-qrammatikasi","status":"publish","type":"page","link":"https:\/\/talkpal.ai\/az\/serb-dilinin-qrammatikasi\/","title":{"rendered":"Serb dilinin qrammatikas\u0131"},"content":{"rendered":"\r\n\r\n\r\n<section class=\"languageChallengeSection\">\r\n    <div class=\"languageInfoWrapper\">\r\n        \r\n        <h1>Serb dilinin qrammatikas\u0131<\/h1>\r\n        <p>Rus dilind\u0259 mac\u0259raya ba\u015flay\u0131n v\u0259 z\u0259ngin m\u0259d\u0259niyy\u0259t v\u0259 tarix\u0259 qap\u0131lar a\u00e7\u0131n. Rus dilinin qrammatikas\u0131n\u0131 v\u0259 l\u00fc\u011f\u0259tini m\u0259nims\u0259m\u0259k s\u0259yah\u0259t, karyera v\u0259 \u00fcnsiyy\u0259t imkanlar\u0131n\u0131z\u0131 art\u0131racaq. Rus dilini bu g\u00fcn \u00f6yr\u0259nm\u0259y\u0259 ba\u015flay\u0131n v\u0259 s\u0259lis dan\u0131\u015fma\u011fa do\u011fru ilk add\u0131m\u0131 at\u0131n!\n\n<\/p>\r\n\r\n                            <a class=\"getStartedHidden\" href=\"https:\/\/app.talkpal.ai\/signup?lng=\">Ba\u015fla<\/a>\r\n        \r\n    <\/div>\r\n\r\n    <figure>\r\n    <img decoding=\"async\" width=\"768\" height=\"768\" src=\"https:\/\/talkpal.ai\/wp-content\/uploads\/2023\/06\/serbian-768x768.png\" class=\"languageImage no-lazy\" alt=\"Fast-track to fluency with language learning\" fetchpriority=\"high\" sizes=\"(max-width: 768px) 150px, 768px\" srcset=\"https:\/\/talkpal.ai\/wp-content\/uploads\/2023\/06\/serbian-768x768.png 768w, https:\/\/talkpal.ai\/wp-content\/uploads\/2023\/06\/serbian-300x300.png 300w\" \/>\r\n    \r\n\r\n    <\/figure>\r\n\r\n            <a class=\"getStartedVisible\" href=\"https:\/\/app.talkpal.ai\/signup?lng=\">Ba\u015fla<\/a>\r\n    \r\n<\/section>\r\n<section class=\"promotionalBanner\">\r\n    <p class=\"promotionalText\">Dil \u00f6yr\u0259nm\u0259yin \u0259n t\u0259sirli yolu<\/p>\r\n    <a class=\"promotionalLink\" href=\"https:\/\/app.talkpal.ai\/signup?lng=\">Talkpal pulsuz s\u0131nay\u0131n<\/a>\r\n<\/section>\n<div class=\"wp-block-group pageContainerStyle\"><div class=\"wp-block-group__inner-container is-layout-constrained wp-block-group-is-layout-constrained\">\n<h1 class=\"wp-block-heading\" id=\"h-serbian-grammar-unraveling-the-intricacies-of-the-south-slavic-language\">Serb dilinin qrammatikas\u0131: C\u0259nubi Slavyan dilinin inc\u0259likl\u0259rinin \u00fcz\u0259 c\u0131z\u0131lmas\u0131<\/h1>\n\n\n\n<p>B\u00fct\u00fcn dil h\u0259v\u0259skarlar\u0131n\u0131 v\u0259 Balkan aficionadoslar\u0131n\u0131 \u00e7a\u011f\u0131r\u0131r! Siz n\u0259 vaxtsa <a href=\"https:\/\/talkpal.ai\/serbian-grammar\/\">serb dilinin qrammatikas\u0131<\/a> d\u00fcnyas\u0131na dalmaq bar\u0259d\u0259 d\u00fc\u015f\u00fcnm\u00fcs\u00fcn\u00fczm\u00fc? C\u0259nubi slavyan dili olan <a href=\"https:\/\/talkpal.ai\/learn-serbian\/\">serb dili<\/a> Serbiyan\u0131n r\u0259smi dili v\u0259 <a href=\"https:\/\/talkpal.ai\/learn-bosnian\/\">Bosniya<\/a> v\u0259 Herseqovinan\u0131n r\u0259smi dill\u0259rind\u0259n biridir. T\u0259xmin\u0259n 9 milyon yerli dild\u0259 dan\u0131\u015fan bu dil <a href=\"https:\/\/talkpal.ai\/learn-croatian\/\">xorvat<\/a>, <a href=\"https:\/\/talkpal.ai\/learn-bosnian\/\">bosniya<\/a> v\u0259 xorvat dill\u0259ri il\u0259 ox\u015far c\u0259h\u0259tl\u0259ri il\u0259 yana\u015f\u0131, onu f\u0259rql\u0259ndir\u0259n c\u0259h\u0259tl\u0259rl\u0259 f\u0259xr edir. Bu yaz\u0131da biz <a href=\"https:\/\/talkpal.ai\/learn-serbian\/\">serb<\/a> dilinin qrammatikas\u0131n\u0131n maraql\u0131 t\u0259r\u0259fl\u0259rini ara\u015fd\u0131raca\u011f\u0131q.<\/p>\n\n\n\n<h3 class=\"wp-block-heading\" id=\"h-the-dual-alphabet-cyrillic-and-latin\">\u0130kili \u0259lifba: kiril v\u0259 lat\u0131n dill\u0259ri<\/h3>\n\n\n\n<p>Serb dili il\u0259 ba\u011fl\u0131 diqq\u0259t yetir\u0259c\u0259yiniz ilk \u015feyl\u0259rd\u0259n biri onun iki \u0259lifbadan istifad\u0259 etm\u0259sidir: Kiril v\u0259 Lat\u0131n. 30 h\u0259rfd\u0259n ibar\u0259t serb kiril \u0259lifbas\u0131 1818-ci ild\u0259 dil\u00e7i Vuk Karad\u017ei\u0107 t\u0259r\u0259find\u0259n standartla\u015fd\u0131r\u0131lm\u0131\u015f v\u0259 \u00f6lk\u0259nin r\u0259smi \u0259lifbas\u0131d\u0131r. Lakin 30 h\u0259rfd\u0259n ibar\u0259t olan lat\u0131n \u0259lifbas\u0131ndan, x\u00fcsusil\u0259 r\u0259q\u0259msal \u00fcnsiyy\u0259t v\u0259 qeyri-r\u0259smi kontekstl\u0259r \u00fc\u00e7\u00fcn geni\u015f istifad\u0259 olunur. \u0130ki \u0259lifban\u0131n istifad\u0259si serbl\u0259r\u0259 unikal, \u00e7ox y\u00f6nl\u00fc xarakter verir.<\/p>\n\n\n\n<h3 class=\"wp-block-heading\" id=\"h-the-building-blocks-nouns-pronouns-and-cases\">Tikinti bloklar\u0131: Nouns, Pronouns v\u0259 Cases<\/h3>\n\n\n\n<p>Dig\u0259r slavyan dill\u0259ri kimi <a href=\"https:\/\/talkpal.ai\/serbian-grammar\/\">serb dilinin qrammatikas\u0131<\/a> da infleksiya \u0259traf\u0131nda d\u00f6vr edir v\u0259 burada s\u00f6zl\u0259r \u00f6z qrammatik funksiyas\u0131na g\u00f6r\u0259 sonluqlar\u0131n\u0131 d\u0259yi\u015fir. Bu, ad v\u0259 sif\u0259tl\u0259rd\u0259 daha ayd\u0131n g\u00f6r\u00fcn\u00fcr. Serb dili 7 i\u015f var:<\/p>\n\n\n\n<p><strong>1. Nominativ \u2013 c\u00fcml\u0259nin m\u00f6vzusunu bildirir<\/strong><\/p>\n\n\n\n<p><strong>2. Genitiv \u2013 sahiblik, inkar obyekti v\u0259 ya hiss\u0259vi m\u0259na g\u00f6st\u0259rir<\/strong><\/p>\n\n\n\n<p><strong>3. Dative \u2013 dolay\u0131 obyekti qeyd edir<\/strong><\/p>\n\n\n\n<p><strong>4. Akkusativ \u2013 birba\u015fa obyekti bildirir<\/strong><\/p>\n\n\n\n<p><strong>5. Vocative \u2013 kim\u0259s\u0259 m\u00fcraci\u0259t etm\u0259k v\u0259 ya z\u0259ng etm\u0259k \u00fc\u00e7\u00fcn istifad\u0259 olunur<\/strong><\/p>\n\n\n\n<p><strong>6. \u0130nstrumental \u2013 h\u0259r\u0259k\u0259tin vasit\u0259 v\u0259 ya \u00fcsulunu ifad\u0259 edir<\/strong><\/p>\n\n\n\n<p><strong>7. Locative \u2013 m\u00fc\u0259yy\u0259n \u00f6n s\u00f6zl\u0259rin yerini v\u0259 ya obyektini t\u0259yin edir<\/strong><\/p>\n\n\n\n<p>Serb nounlar\u0131n\u0131n \u00fc\u00e7 cinsi (erk\u0259k, femin v\u0259 neytri) v\u0259 iki \u0259d\u0259d (sinqular v\u0259 \u00e7oxluqlar) vard\u0131r. H\u0259r cins v\u0259 n\u00f6mr\u0259 \u00fc\u00e7\u00fcn x\u00fcsusi sonluqlar v\u0259ziyy\u0259t\u0259 g\u00f6r\u0259 d\u0259yi\u015fir, ona g\u00f6r\u0259 d\u0259 qrammatik c\u0259h\u0259td\u0259n d\u0259qiq c\u00fcml\u0259l\u0259r qurmaq \u00fc\u00e7\u00fcn bu sonluqlar\u0131 yadda saxlamaq vacibdir.<\/p>\n\n\n\n<h3 class=\"wp-block-heading\" id=\"h-get-moving-with-verbs-tenses-aspects-and-moods\">Verbs il\u0259 h\u0259r\u0259k\u0259t edin: g\u0259rginlikl\u0259r, aspektl\u0259r v\u0259 \u0259hval-ruhiyy\u0259<\/h3>\n\n\n\n<p>Serb feill\u0259ri \u00f6z g\u0259rginlikl\u0259ri il\u0259 (ke\u00e7mi\u015f, indiki v\u0259 g\u0259l\u0259c\u0259k), aspektl\u0259r (m\u00fck\u0259mm\u0259l v\u0259 qeyri-kamil), \u0259hval-ruhiyy\u0259 (g\u00f6st\u0259rici, imperativ v\u0259 \u015f\u0259rti) il\u0259 maraql\u0131 m\u00fcr\u0259kk\u0259blikl\u0259ri s\u0259rgil\u0259yirl\u0259r. Aspekt serb feill\u0259rind\u0259 \u0259h\u0259miyy\u0259tli rol oynay\u0131r, bel\u0259 ki, h\u0259r\u0259k\u0259tin tamamlanm\u0131\u015f (m\u00fck\u0259mm\u0259l) v\u0259 ya davam ed\u0259n (qeyri-kamil) kimi q\u0259bul edilib-edilm\u0259diyini ifad\u0259 edir. Bir \u00e7ox fe&#8217;ll\u0259r m\u00fcxt\u0259lif c\u0259h\u0259tl\u0259ri g\u00f6st\u0259r\u0259n c\u00fct-c\u00fct, \u00e7ox vaxt is\u0259 konkret prefiks v\u0259 ya suffiksl\u0259rd\u0259n istifad\u0259 etm\u0259k yolu il\u0259 \u0259m\u0259l\u0259 g\u0259lir.<\/p>\n\n\n\n<h3 class=\"wp-block-heading\" id=\"h-adjectives-adverbs-and-all-that-jazz\">Adjectives, Adverbs v\u0259 All That Jazz<\/h3>\n\n\n\n<p>Serb adyektivl\u0259ri cins, say v\u0259 hal bax\u0131m\u0131ndan d\u0259yi\u015fdirdikl\u0259ri nounlarla raz\u0131la\u015f\u0131rlar. Onlar h\u0259m\u00e7inin m\u00fcxt\u0259lif keyfiyy\u0259tl\u0259ri ifad\u0259 etm\u0259k \u00fc\u00e7\u00fcn m\u00fcqayis\u0259li v\u0259 supert\u0259bii formalara malikdirl\u0259r. Bundan ba\u015fqa, adverbl\u0259r \u00e7ox vaxt adjectives-d\u0259n t\u00f6r\u0259yib zaman, t\u0259rz, m\u0259kan, d\u0259r\u0259c\u0259 kimi m\u00fcxt\u0259lif m\u0259nalar\u0131 ifad\u0259 edir.<\/p>\n\n\n\n<p>Serb dili h\u0259m\u00e7inin dilin g\u00f6z\u0259lliyin\u0259 s\u0259b\u0259b olan v\u0259 m\u00fcr\u0259kk\u0259b, m\u0259nal\u0131 c\u00fcml\u0259l\u0259r yaratma\u011fa k\u00f6m\u0259k ed\u0259n bir s\u0131ra konyunksiya, prepozisiya, say v\u0259 z\u0259rr\u0259cikl\u0259rl\u0259 d\u0259 f\u0259xr edir.<\/p>\n\n\n\n<h3 class=\"wp-block-heading\" id=\"h-embracing-the-world-of-serbian-grammar\">Serb dilinin qrammatikas\u0131 d\u00fcnyas\u0131n\u0131 m\u0259nims\u0259m\u0259k<\/h3>\n\n\n\n<p>Serb dilinin qrammatikas\u0131 ilk bax\u0131\u015fdan \u00fcst-\u00fcst\u0259 d\u00fc\u015f\u00fcr. Bununla bel\u0259, onun z\u0259ngin m\u0259nz\u0259r\u0259sini, aspektl\u0259rini v\u0259 linqvistik q\u0259rib\u0259likl\u0259rini daha d\u0259rind\u0259n \u00f6yr\u0259ndikc\u0259, canl\u0131 v\u0259 ifad\u0259li dili k\u0259\u015ff ed\u0259c\u0259ksiniz. Serb dilini \u00f6yr\u0259nm\u0259k n\u0259inki slavyan dili ail\u0259si haqq\u0131nda anlay\u0131\u015f\u0131n\u0131z\u0131 k\u0259skinl\u0259\u015fdir\u0259c\u0259k, h\u0259m d\u0259 siz\u0259 tutqun tarix v\u0259 m\u0259d\u0259niyy\u0259tl\u0259 \u0259laq\u0259 yaratma\u011fa k\u00f6m\u0259k ed\u0259c\u0259k.<\/p>\n\n\n\n<p>B\u0259s n\u0259y\u0259 g\u00f6r\u0259 serb dilinin qrammatikas\u0131n\u0131n daha d\u0259rind\u0259n t\u0259dqiq edilm\u0259si il\u0259 ba\u011fl\u0131 \u00e7\u0259tinliyi \u00f6z \u00fcz\u0259rin\u0259 g\u00f6t\u00fcrm\u0259y\u0259k? Bir g\u00fcn s\u0259n belqrad k\u00fc\u00e7\u0259l\u0259rind\u0259 g\u0259zib yerli sakinl\u0259rl\u0259 do\u011fma dilind\u0259 canl\u0131 s\u00f6hb\u0259tl\u0259r ed\u0259 bil\u0259rs\u0259n. Xo\u015fb\u0259xt \u00f6yr\u0259nin!<\/p>\n<\/div><\/div>\n\r\n<section class=\"learnNavigationSection\">\r\n            \r\n        <a href=\"https:\/\/talkpal.ai\/az\/serb-dilini-oyr%c9%99n\/\">\r\n            <div class=\"learnNavigationWrapper\">\r\n                <div class=\"learnNavigationContent\">\r\n                    <img decoding=\"async\" src=\"https:\/\/talkpal.ai\/wp-content\/uploads\/2024\/08\/Serbian.jpg\" alt=\"Serbian Flag\">\r\n                    <div>\r\n                        <h4>Serbiya \u00d6yr\u0259nilm\u0259si haqq\u0131nda<\/h4>\r\n                        <p>Serbiya qrammatikas\u0131 haqq\u0131nda h\u0259r \u015feyi \u00f6yr\u0259nin.<\/p>\r\n                    <\/div>\r\n                <\/div>\r\n            <\/div>\r\n        <\/a>\r\n\r\n        \r\n        <a href=\"https:\/\/talkpal.ai\/az\/serb-dilinin-qrammatikasi-m%c9%99sg%c9%99l%c9%99l%c9%99ri\/\">\r\n            <div class=\"learnNavigationWrapper\">\r\n                <div class=\"learnNavigationContent\">\r\n                    <img decoding=\"async\" src=\"https:\/\/talkpal.ai\/wp-content\/uploads\/2024\/08\/Serbian.jpg\" alt=\"Serbian Flag\">\r\n                    <div>\r\n                        <h4>Serb dili qrammatikas\u0131 m\u0259\u015fqi<\/h4>\r\n                        <p>Serb dilinin qrammatikas\u0131.<\/p>\r\n                    <\/div>\r\n                <\/div>\r\n            <\/div>\r\n        <\/a>\r\n\r\n        \r\n        <a href=\"https:\/\/talkpal.ai\/vocabulary_language\/serbian\/\">\r\n            <div class=\"learnNavigationWrapper\">\r\n                <div class=\"learnNavigationContent\">\r\n                    <img decoding=\"async\" src=\"https:\/\/talkpal.ai\/wp-content\/uploads\/2024\/08\/Serbian.jpg\" alt=\"Serbian Flag\">\r\n                    <div>\r\n                        <h4>Serb l\u00fc\u011f\u0259ti<\/h4>\r\n                        <p>Serb l\u00fc\u011f\u0259tinizi geni\u015fl\u0259ndirin.<\/p>\r\n                    <\/div>\r\n                <\/div>\r\n            <\/div>\r\n        <\/a>\r\n\r\n            <\/section>","protected":false},"excerpt":{"rendered":"<p>Serb dilinin qrammatikas\u0131: C\u0259nubi Slavyan dilinin inc\u0259likl\u0259rinin \u00fcz\u0259 c\u0131z\u0131lmas\u0131 B\u00fct\u00fcn dil h\u0259v\u0259skarlar\u0131n\u0131 v\u0259 Balkan aficionadoslar\u0131n\u0131 \u00e7a\u011f\u0131r\u0131r! Siz n\u0259 vaxtsa serb dilinin qrammatikas\u0131 d\u00fcnyas\u0131na dalmaq bar\u0259d\u0259 d\u00fc\u015f\u00fcnm\u00fcs\u00fcn\u00fczm\u00fc? C\u0259nubi slavyan dili olan serb dili Serbiyan\u0131n r\u0259smi dili v\u0259 Bosniya v\u0259 Herseqovinan\u0131n r\u0259smi dill\u0259rind\u0259n biridir. T\u0259xmin\u0259n 9 milyon yerli dild\u0259 dan\u0131\u015fan bu dil xorvat, bosniya v\u0259 xorvat dill\u0259ri [&hellip;]<\/p>\n","protected":false},"author":1,"featured_media":118266,"parent":0,"menu_order":0,"comment_status":"closed","ping_status":"closed","template":"LearningContentPage.php","meta":{"_acf_changed":false,"footnotes":""},"class_list":["post-149798","page","type-page","status-publish","has-post-thumbnail","hentry"],"acf":[],"yoast_head":"<!-- This site is optimized with the Yoast SEO Premium plugin v27.2 (Yoast SEO v27.2) - https:\/\/yoast.com\/product\/yoast-seo-premium-wordpress\/ -->\n<title>Serb dilinin qrammatikas\u0131 - Talkpal<\/title>\n<meta name=\"description\" content=\"Serb dilinin qrammatikas\u0131n\u0131n inc\u0259likl\u0259rini ara\u015fd\u0131r\u0131n v\u0259 onu dig\u0259r Balkan dill\u0259rind\u0259n f\u0259rql\u0259ndir\u0259n unikal x\u00fcsusiyy\u0259tl\u0259ri k\u0259\u015ff edin.\" \/>\n<meta name=\"robots\" content=\"index, follow, max-snippet:-1, max-image-preview:large, max-video-preview:-1\" \/>\n<link rel=\"canonical\" href=\"https:\/\/talkpal.ai\/az\/serb-dilinin-qrammatikasi\/\" \/>\n<meta property=\"og:locale\" content=\"az_AZ\" \/>\n<meta property=\"og:type\" content=\"article\" \/>\n<meta property=\"og:title\" content=\"Serb dilinin qrammatikas\u0131\" \/>\n<meta property=\"og:description\" content=\"Serb dilinin qrammatikas\u0131: C\u0259nubi Slavyan dilinin inc\u0259likl\u0259rinin \u00fcz\u0259 c\u0131z\u0131lmas\u0131 B\u00fct\u00fcn dil h\u0259v\u0259skarlar\u0131n\u0131 v\u0259 Balkan aficionadoslar\u0131n\u0131 \u00e7a\u011f\u0131r\u0131r! Siz n\u0259 vaxtsa\" \/>\n<meta property=\"og:url\" content=\"https:\/\/talkpal.ai\/az\/serb-dilinin-qrammatikasi\/\" \/>\n<meta property=\"og:site_name\" content=\"Talkpal\" \/>\n<meta property=\"article:publisher\" content=\"https:\/\/www.facebook.com\/profile.php?id=100090733639311\" \/>\n<meta property=\"article:modified_time\" content=\"2025-12-17T15:37:59+00:00\" \/>\n<meta property=\"og:image\" content=\"https:\/\/talkpal.ai\/wp-content\/uploads\/2023\/05\/serbia.png\" \/>\n\t<meta property=\"og:image:width\" content=\"512\" \/>\n\t<meta property=\"og:image:height\" content=\"512\" \/>\n\t<meta property=\"og:image:type\" content=\"image\/png\" \/>\n<meta name=\"twitter:card\" content=\"summary_large_image\" \/>\n<meta name=\"twitter:site\" content=\"@talkpalai\" \/>\n<meta name=\"twitter:label1\" content=\"Est. reading time\" \/>\n\t<meta name=\"twitter:data1\" content=\"4 minutes\" \/>\n<script type=\"application\/ld+json\" class=\"yoast-schema-graph\">{\"@context\":\"https:\/\/schema.org\",\"@graph\":[{\"@type\":\"WebPage\",\"@id\":\"https:\/\/talkpal.ai\/az\/serb-dilinin-qrammatikasi\/\",\"url\":\"https:\/\/talkpal.ai\/az\/serb-dilinin-qrammatikasi\/\",\"name\":\"Serb dilinin qrammatikas\u0131 - Talkpal\",\"isPartOf\":{\"@id\":\"https:\/\/talkpal.ai\/az\/#website\"},\"primaryImageOfPage\":{\"@id\":\"https:\/\/talkpal.ai\/az\/serb-dilinin-qrammatikasi\/#primaryimage\"},\"image\":{\"@id\":\"https:\/\/talkpal.ai\/az\/serb-dilinin-qrammatikasi\/#primaryimage\"},\"thumbnailUrl\":\"https:\/\/talkpal.ai\/wp-content\/uploads\/2023\/05\/serbia.png\",\"datePublished\":\"2023-05-14T14:19:26+00:00\",\"dateModified\":\"2025-12-17T15:37:59+00:00\",\"description\":\"Serb dilinin qrammatikas\u0131n\u0131n inc\u0259likl\u0259rini ara\u015fd\u0131r\u0131n v\u0259 onu dig\u0259r Balkan dill\u0259rind\u0259n f\u0259rql\u0259ndir\u0259n unikal x\u00fcsusiyy\u0259tl\u0259ri k\u0259\u015ff edin.\",\"breadcrumb\":{\"@id\":\"https:\/\/talkpal.ai\/az\/serb-dilinin-qrammatikasi\/#breadcrumb\"},\"inLanguage\":\"az\",\"potentialAction\":[{\"@type\":\"ReadAction\",\"target\":[\"https:\/\/talkpal.ai\/az\/serb-dilinin-qrammatikasi\/\"]}]},{\"@type\":\"ImageObject\",\"inLanguage\":\"az\",\"@id\":\"https:\/\/talkpal.ai\/az\/serb-dilinin-qrammatikasi\/#primaryimage\",\"url\":\"https:\/\/talkpal.ai\/wp-content\/uploads\/2023\/05\/serbia.png\",\"contentUrl\":\"https:\/\/talkpal.ai\/wp-content\/uploads\/2023\/05\/serbia.png\",\"width\":512,\"height\":512},{\"@type\":\"BreadcrumbList\",\"@id\":\"https:\/\/talkpal.ai\/az\/serb-dilinin-qrammatikasi\/#breadcrumb\",\"itemListElement\":[{\"@type\":\"ListItem\",\"position\":1,\"name\":\"Homepage\",\"item\":\"https:\/\/talkpal.ai\/az\/\"},{\"@type\":\"ListItem\",\"position\":2,\"name\":\"Serb dilinin qrammatikas\u0131\"}]},{\"@type\":\"WebSite\",\"@id\":\"https:\/\/talkpal.ai\/az\/#website\",\"url\":\"https:\/\/talkpal.ai\/az\/\",\"name\":\"Talkpal\",\"description\":\"AI Language Learning\",\"publisher\":{\"@id\":\"https:\/\/talkpal.ai\/az\/#organization\"},\"alternateName\":\"Talkpal AI\",\"potentialAction\":[{\"@type\":\"SearchAction\",\"target\":{\"@type\":\"EntryPoint\",\"urlTemplate\":\"https:\/\/talkpal.ai\/az\/?s={search_term_string}\"},\"query-input\":{\"@type\":\"PropertyValueSpecification\",\"valueRequired\":true,\"valueName\":\"search_term_string\"}}],\"inLanguage\":\"az\"},{\"@type\":\"Organization\",\"@id\":\"https:\/\/talkpal.ai\/az\/#organization\",\"name\":\"Talkpal, Inc.\",\"alternateName\":\"Talkpal AI\",\"url\":\"https:\/\/talkpal.ai\/az\/\",\"logo\":{\"@type\":\"ImageObject\",\"inLanguage\":\"az\",\"@id\":\"https:\/\/talkpal.ai\/az\/#\/schema\/logo\/image\/\",\"url\":\"https:\/\/talkpal.ai\/wp-content\/uploads\/2024\/03\/Talkpal-Logo-Icon.png\",\"contentUrl\":\"https:\/\/talkpal.ai\/wp-content\/uploads\/2024\/03\/Talkpal-Logo-Icon.png\",\"width\":2880,\"height\":2880,\"caption\":\"Talkpal, Inc.\"},\"image\":{\"@id\":\"https:\/\/talkpal.ai\/az\/#\/schema\/logo\/image\/\"},\"sameAs\":[\"https:\/\/www.facebook.com\/profile.php?id=100090733639311\",\"https:\/\/x.com\/talkpalai\",\"https:\/\/www.linkedin.com\/company\/talkpal\/\",\"https:\/\/www.youtube.com\/@TalkPal\/\",\"https:\/\/www.tiktok.com\/@talkpal\",\"https:\/\/www.instagram.com\/talkpal_ai\/\",\"https:\/\/www.crunchbase.com\/organization\/talkpal-9cde\",\"https:\/\/www.g2.com\/products\/talkpal-for-business\/\",\"https:\/\/www.trustpilot.com\/review\/talkpal.ai\",\"https:\/\/www.capterra.com\/p\/10006800\/TalkPal\/\"],\"description\":\"Talkpal is a language learning web and mobile education app, powered by the latest AI technologies, that provides engaging experiences to its customers in many different languages to help them improve their language skills. Users can chat about unlimited amount of topics with the app and use other modes to practice their language learning.\",\"email\":\"support@talkpal.ai\",\"legalName\":\"Talkpal, Inc.\",\"foundingDate\":\"2023-04-03\",\"duns\":\"118989042\",\"numberOfEmployees\":{\"@type\":\"QuantitativeValue\",\"minValue\":\"11\",\"maxValue\":\"50\"},\"publishingPrinciples\":\"https:\/\/talkpal.ai\/publishing-principles\/\",\"actionableFeedbackPolicy\":\"https:\/\/talkpal.ai\/actionable-feedback-policy\/\",\"correctionsPolicy\":\"https:\/\/talkpal.ai\/corrections-policy\/\",\"ethicsPolicy\":\"https:\/\/talkpal.ai\/ethics-policy\/\",\"diversityPolicy\":\"https:\/\/talkpal.ai\/diversity-policy\/\",\"diversityStaffingReport\":\"https:\/\/talkpal.ai\/diversity-policy\/\"}]}<\/script>\n<!-- \/ Yoast SEO Premium plugin. -->","yoast_head_json":{"title":"Serb dilinin qrammatikas\u0131 - Talkpal","description":"Serb dilinin qrammatikas\u0131n\u0131n inc\u0259likl\u0259rini ara\u015fd\u0131r\u0131n v\u0259 onu dig\u0259r Balkan dill\u0259rind\u0259n f\u0259rql\u0259ndir\u0259n unikal x\u00fcsusiyy\u0259tl\u0259ri k\u0259\u015ff edin.","robots":{"index":"index","follow":"follow","max-snippet":"max-snippet:-1","max-image-preview":"max-image-preview:large","max-video-preview":"max-video-preview:-1"},"canonical":"https:\/\/talkpal.ai\/az\/serb-dilinin-qrammatikasi\/","og_locale":"az_AZ","og_type":"article","og_title":"Serb dilinin qrammatikas\u0131","og_description":"Serb dilinin qrammatikas\u0131: C\u0259nubi Slavyan dilinin inc\u0259likl\u0259rinin \u00fcz\u0259 c\u0131z\u0131lmas\u0131 B\u00fct\u00fcn dil h\u0259v\u0259skarlar\u0131n\u0131 v\u0259 Balkan aficionadoslar\u0131n\u0131 \u00e7a\u011f\u0131r\u0131r! Siz n\u0259 vaxtsa","og_url":"https:\/\/talkpal.ai\/az\/serb-dilinin-qrammatikasi\/","og_site_name":"Talkpal","article_publisher":"https:\/\/www.facebook.com\/profile.php?id=100090733639311","article_modified_time":"2025-12-17T15:37:59+00:00","og_image":[{"width":512,"height":512,"url":"https:\/\/talkpal.ai\/wp-content\/uploads\/2023\/05\/serbia.png","type":"image\/png"}],"twitter_card":"summary_large_image","twitter_site":"@talkpalai","twitter_misc":{"Est. reading time":"4 minutes"},"schema":{"@context":"https:\/\/schema.org","@graph":[{"@type":"WebPage","@id":"https:\/\/talkpal.ai\/az\/serb-dilinin-qrammatikasi\/","url":"https:\/\/talkpal.ai\/az\/serb-dilinin-qrammatikasi\/","name":"Serb dilinin qrammatikas\u0131 - Talkpal","isPartOf":{"@id":"https:\/\/talkpal.ai\/az\/#website"},"primaryImageOfPage":{"@id":"https:\/\/talkpal.ai\/az\/serb-dilinin-qrammatikasi\/#primaryimage"},"image":{"@id":"https:\/\/talkpal.ai\/az\/serb-dilinin-qrammatikasi\/#primaryimage"},"thumbnailUrl":"https:\/\/talkpal.ai\/wp-content\/uploads\/2023\/05\/serbia.png","datePublished":"2023-05-14T14:19:26+00:00","dateModified":"2025-12-17T15:37:59+00:00","description":"Serb dilinin qrammatikas\u0131n\u0131n inc\u0259likl\u0259rini ara\u015fd\u0131r\u0131n v\u0259 onu dig\u0259r Balkan dill\u0259rind\u0259n f\u0259rql\u0259ndir\u0259n unikal x\u00fcsusiyy\u0259tl\u0259ri k\u0259\u015ff edin.","breadcrumb":{"@id":"https:\/\/talkpal.ai\/az\/serb-dilinin-qrammatikasi\/#breadcrumb"},"inLanguage":"az","potentialAction":[{"@type":"ReadAction","target":["https:\/\/talkpal.ai\/az\/serb-dilinin-qrammatikasi\/"]}]},{"@type":"ImageObject","inLanguage":"az","@id":"https:\/\/talkpal.ai\/az\/serb-dilinin-qrammatikasi\/#primaryimage","url":"https:\/\/talkpal.ai\/wp-content\/uploads\/2023\/05\/serbia.png","contentUrl":"https:\/\/talkpal.ai\/wp-content\/uploads\/2023\/05\/serbia.png","width":512,"height":512},{"@type":"BreadcrumbList","@id":"https:\/\/talkpal.ai\/az\/serb-dilinin-qrammatikasi\/#breadcrumb","itemListElement":[{"@type":"ListItem","position":1,"name":"Homepage","item":"https:\/\/talkpal.ai\/az\/"},{"@type":"ListItem","position":2,"name":"Serb dilinin qrammatikas\u0131"}]},{"@type":"WebSite","@id":"https:\/\/talkpal.ai\/az\/#website","url":"https:\/\/talkpal.ai\/az\/","name":"Talkpal","description":"AI Language Learning","publisher":{"@id":"https:\/\/talkpal.ai\/az\/#organization"},"alternateName":"Talkpal AI","potentialAction":[{"@type":"SearchAction","target":{"@type":"EntryPoint","urlTemplate":"https:\/\/talkpal.ai\/az\/?s={search_term_string}"},"query-input":{"@type":"PropertyValueSpecification","valueRequired":true,"valueName":"search_term_string"}}],"inLanguage":"az"},{"@type":"Organization","@id":"https:\/\/talkpal.ai\/az\/#organization","name":"Talkpal, Inc.","alternateName":"Talkpal AI","url":"https:\/\/talkpal.ai\/az\/","logo":{"@type":"ImageObject","inLanguage":"az","@id":"https:\/\/talkpal.ai\/az\/#\/schema\/logo\/image\/","url":"https:\/\/talkpal.ai\/wp-content\/uploads\/2024\/03\/Talkpal-Logo-Icon.png","contentUrl":"https:\/\/talkpal.ai\/wp-content\/uploads\/2024\/03\/Talkpal-Logo-Icon.png","width":2880,"height":2880,"caption":"Talkpal, Inc."},"image":{"@id":"https:\/\/talkpal.ai\/az\/#\/schema\/logo\/image\/"},"sameAs":["https:\/\/www.facebook.com\/profile.php?id=100090733639311","https:\/\/x.com\/talkpalai","https:\/\/www.linkedin.com\/company\/talkpal\/","https:\/\/www.youtube.com\/@TalkPal\/","https:\/\/www.tiktok.com\/@talkpal","https:\/\/www.instagram.com\/talkpal_ai\/","https:\/\/www.crunchbase.com\/organization\/talkpal-9cde","https:\/\/www.g2.com\/products\/talkpal-for-business\/","https:\/\/www.trustpilot.com\/review\/talkpal.ai","https:\/\/www.capterra.com\/p\/10006800\/TalkPal\/"],"description":"Talkpal is a language learning web and mobile education app, powered by the latest AI technologies, that provides engaging experiences to its customers in many different languages to help them improve their language skills. Users can chat about unlimited amount of topics with the app and use other modes to practice their language learning.","email":"support@talkpal.ai","legalName":"Talkpal, Inc.","foundingDate":"2023-04-03","duns":"118989042","numberOfEmployees":{"@type":"QuantitativeValue","minValue":"11","maxValue":"50"},"publishingPrinciples":"https:\/\/talkpal.ai\/publishing-principles\/","actionableFeedbackPolicy":"https:\/\/talkpal.ai\/actionable-feedback-policy\/","correctionsPolicy":"https:\/\/talkpal.ai\/corrections-policy\/","ethicsPolicy":"https:\/\/talkpal.ai\/ethics-policy\/","diversityPolicy":"https:\/\/talkpal.ai\/diversity-policy\/","diversityStaffingReport":"https:\/\/talkpal.ai\/diversity-policy\/"}]}},"_links":{"self":[{"href":"https:\/\/talkpal.ai\/az\/wp-json\/wp\/v2\/pages\/149798","targetHints":{"allow":["GET"]}}],"collection":[{"href":"https:\/\/talkpal.ai\/az\/wp-json\/wp\/v2\/pages"}],"about":[{"href":"https:\/\/talkpal.ai\/az\/wp-json\/wp\/v2\/types\/page"}],"author":[{"embeddable":true,"href":"https:\/\/talkpal.ai\/az\/wp-json\/wp\/v2\/users\/1"}],"replies":[{"embeddable":true,"href":"https:\/\/talkpal.ai\/az\/wp-json\/wp\/v2\/comments?post=149798"}],"version-history":[{"count":0,"href":"https:\/\/talkpal.ai\/az\/wp-json\/wp\/v2\/pages\/149798\/revisions"}],"wp:featuredmedia":[{"embeddable":true,"href":"https:\/\/talkpal.ai\/az\/wp-json\/wp\/v2\/media\/118266"}],"wp:attachment":[{"href":"https:\/\/talkpal.ai\/az\/wp-json\/wp\/v2\/media?parent=149798"}],"curies":[{"name":"wp","href":"https:\/\/api.w.org\/{rel}","templated":true}]}}