{"id":149358,"date":"2023-05-14T14:19:07","date_gmt":"2023-05-14T14:19:07","guid":{"rendered":"http:\/\/talkpal.ai\/rumin-dilinin-qrammatikasi\/"},"modified":"2025-12-17T15:35:46","modified_gmt":"2025-12-17T15:35:46","slug":"rumin-dilinin-qrammatikasi","status":"publish","type":"page","link":"https:\/\/talkpal.ai\/az\/rumin-dilinin-qrammatikasi\/","title":{"rendered":"Rum\u0131n dilinin qrammatikas\u0131"},"content":{"rendered":"\r\n\r\n\r\n<section class=\"languageChallengeSection\">\r\n    <div class=\"languageInfoWrapper\">\r\n        \r\n        <h1>Rum\u0131n dilinin qrammatikas\u0131<\/h1>\r\n        <p><a href=\"https:\/\/talkpal.ai\/learn-romanian\/\">Rum\u0131n<\/a> dilinin \u0259sas qrammatik qaydalar\u0131n\u0131 \u00f6yr\u0259nm\u0259kl\u0259 onun g\u00f6z\u0259lliyini a\u00e7\u0131n. Rum\u0131niya qrammatikas\u0131na yiy\u0259l\u0259nm\u0259k siz\u0259 inamla \u00fcnsiyy\u0259t qurma\u011fa v\u0259 Rum\u0131niyan\u0131n z\u0259ngin m\u0259d\u0259niyy\u0259ti v\u0259 tarixi il\u0259 \u0259laq\u0259 saxlama\u011fa k\u00f6m\u0259k ed\u0259c\u0259k. Rum\u0131n dilinin qrammatikas\u0131n\u0131 \u00f6yr\u0259nm\u0259y\u0259 bu g\u00fcn ba\u015flay\u0131n v\u0259 s\u0259lis dan\u0131\u015fma\u011fa do\u011fru ilk add\u0131m\u0131n\u0131z\u0131 at\u0131n!<\/p>\r\n\r\n                            <a class=\"getStartedHidden\" href=\"https:\/\/app.talkpal.ai\/signup?lng=\">Ba\u015fla<\/a>\r\n        \r\n    <\/div>\r\n\r\n    <figure>\r\n    <img decoding=\"async\" width=\"768\" height=\"768\" src=\"https:\/\/talkpal.ai\/wp-content\/uploads\/2023\/06\/romanian-768x768.png\" class=\"languageImage no-lazy\" alt=\"Language learning for intellectual challenge\" fetchpriority=\"high\" sizes=\"(max-width: 768px) 150px, 768px\" srcset=\"https:\/\/talkpal.ai\/wp-content\/uploads\/2023\/06\/romanian-768x768.png 768w, https:\/\/talkpal.ai\/wp-content\/uploads\/2023\/06\/romanian-300x300.png 300w\" \/>\r\n    \r\n\r\n    <\/figure>\r\n\r\n            <a class=\"getStartedVisible\" href=\"https:\/\/app.talkpal.ai\/signup?lng=\">Ba\u015fla<\/a>\r\n    \r\n<\/section>\r\n<section class=\"promotionalBanner\">\r\n    <p class=\"promotionalText\">Dil \u00f6yr\u0259nm\u0259yin \u0259n t\u0259sirli yolu<\/p>\r\n    <a class=\"promotionalLink\" href=\"https:\/\/app.talkpal.ai\/signup?lng=\">Talkpal pulsuz s\u0131nay\u0131n<\/a>\r\n<\/section>\n<div class=\"wp-block-group pageContainerStyle\"><div class=\"wp-block-group__inner-container is-layout-constrained wp-block-group-is-layout-constrained\">\n<h2 class=\"wp-block-heading\" id=\"h-unraveling-the-mysteries-of-romanian-grammar\">Rum\u0131n dilinin qrammatikas\u0131n\u0131n sirl\u0259rinin a\u00e7<\/h2>\n\n\n\n<p>\u015e\u0259rqi Avropada dan\u0131\u015f\u0131lan yegan\u0259 <a href=\"https:\/\/talkpal.ai\/locations\/language-courses-in-roman\/\">Roman<\/a> dili olan Rum\u0131n dili \u00f6z\u00fcn\u0259m\u0259xsus v\u0259 maraql\u0131 dil s\u0259yah\u0259tini t\u0259klif edir. H\u0259m lat\u0131n, h\u0259m d\u0259 slavyan d\u00fcnyas\u0131n\u0131n m\u0259d\u0259ni irsini c\u0259zq ed\u0259n rum\u0131n dili maraql\u0131 tarix\u0259 v\u0259 maraql\u0131 <a href=\"https:\/\/talkpal.ai\/grammar\/\">qrammatika<\/a> sistemin\u0259 malikdir. Bel\u0259likl\u0259, ist\u0259r poliqlot h\u0259v\u0259skar\u0131 olun, ist\u0259rs\u0259 d\u0259 yeni dil mac\u0259ras\u0131 axtar\u0131rs\u0131n\u0131zsa, \u0259yninizi ba\u011flay\u0131n v\u0259 Rum\u0131niya qrammatikas\u0131n\u0131n g\u00f6z\u0259lliyini k\u0259\u015ff etm\u0259y\u0259 haz\u0131rla\u015f\u0131n!<\/p>\n\n\n\n<h3 class=\"wp-block-heading\" id=\"h-1-the-alphabet-a-familiar-friend-with-a-twist\">1. \u018flifba: Twist il\u0259 tan\u0131\u015f dost<\/h3>\n\n\n\n<p>Rum\u0131n \u0259lifbas\u0131 31 h\u0259rfd\u0259n ibar\u0259t lat\u0131n qrafikas\u0131 \u0259sas\u0131nda t\u0259rtib olunub. Xo\u015fb\u0259xtlikd\u0259n ingilis dilind\u0259 dan\u0131\u015fanlar \u00fc\u00e7\u00fcn bu, ingilis \u0259lifbas\u0131na tamamil\u0259 b\u0259nz\u0259yir, x\u00fcsusi rum\u0131n s\u0259sl\u0259rini t\u0259msil etm\u0259k \u00fc\u00e7\u00fcn yaln\u0131z bir ne\u00e7\u0259 \u0259lav\u0259 simvol il\u0259. Bir az m\u0259\u015fq etm\u0259kl\u0259 \u0259sas \u015feyl\u0259r\u0259 yiy\u0259l\u0259nm\u0259k (ad\u0131n\u0131 yazmaq v\u0259 ya k\u00fc\u00e7\u0259 i\u015far\u0259l\u0259rini oxumaq kimi) k\u00fcl\u0259k olacaq!<\/p>\n\n\n\n<h3 class=\"wp-block-heading\" id=\"h-2-nouns-meet-cases-the-dynamic-duo\">2. Nouns Meet Cases: The Dynamic Duo<\/h3>\n\n\n\n<p>Rum\u0131n noyunlar\u0131 \u00fc\u00e7 cins\u0259 (ki\u015fiklin, femin v\u0259 neytrin) d\u00fc\u015f\u00fcrl\u0259r v\u0259 qrammatik v\u0259ziyy\u0259td\u0259n as\u0131l\u0131 olaraq forman\u0131 d\u0259yi\u015firl\u0259r (nominativ, genitiv, dativ, ittihamedici v\u0259 ya vokativ). Bu, \u0259vv\u0259lc\u0259 qorxulu g\u00f6r\u00fcns\u0259 d\u0259, bu sistem rum\u0131nlara c\u00fcml\u0259l\u0259ri b\u0259st\u0259l\u0259m\u0259kd\u0259 n\u00fcans v\u0259 yarad\u0131c\u0131l\u0131\u011fa imkan ver\u0259n z\u0259nginlik verir, bununla da sizin dil s\u0259yah\u0259tiniz daha da m\u00fckafatland\u0131r\u0131c\u0131 olur.<\/p>\n\n\n\n<h3 class=\"wp-block-heading\" id=\"h-3-verbs-conjugating-your-way-to-success\">3. Feill\u0259r: U\u011fura ged\u0259n yolunuzu bir-biriniz\u0259 qar\u015f\u0131 qoymaq<\/h3>\n\n\n\n<p>Rum\u0131nca feli konjugation, noun declension-dan bir az daha d\u00fcz olsa da, h\u0259l\u0259 d\u0259 \u00e7oxm\u0259qs\u0259dli prosesdir. Feill\u0259r zamandan, \u0259hvaldan, s\u0259sd\u0259n, subyektin \u015f\u0259xsind\u0259n v\u0259 say\u0131ndan as\u0131l\u0131 olaraq forma d\u0259yi\u015fir. G\u00f6z\u0259l sazl\u0131 al\u0259t kimi, rum\u0131n feill\u0259ri d\u0259 m\u00fcxt\u0259lif h\u0259r\u0259k\u0259tl\u0259ri, emosiyalar\u0131 v\u0259 niyy\u0259tl\u0259ri ifad\u0259 ed\u0259 bilir, bu is\u0259 h\u0259m d\u0259qiq, h\u0259m d\u0259 poetik ifad\u0259y\u0259 imkan verir.<\/p>\n\n\n\n<h3 class=\"wp-block-heading\" id=\"h-4-flexible-word-order-shuffle-the-sentences\">4. G\u00fcz\u0259\u015ftli S\u00f6z S\u0131ras\u0131: C\u00fcml\u0259l\u0259ri shuffle<\/h3>\n\n\n\n<p>Rum\u0131n dili s\u00f6z nizam\u0131 m\u0259s\u0259l\u0259sind\u0259 olduqca elastikdir. Bunun say\u0259sind\u0259 m\u0259na uzla\u015fmadan m\u00f6vzu, feil v\u0259 \u0259\u015fyalar\u0131 m\u00fcxt\u0259lif yollarla nizama sala bil\u0259rsiniz. Bu elastiklik nitqin vur\u011funu, qar\u015f\u0131la\u015fd\u0131rmas\u0131 v\u0259 ya nitqi daha maraql\u0131 etm\u0259si \u00fc\u00e7\u00fcn \u015f\u0259rait yarad\u0131r. <a href=\"https:\/\/talkpal.ai\/az\/rumin-dilini-oyr%c9%99nin\/\">Rum\u0131n dilini<\/a> daha yax\u015f\u0131 bildikc\u0259, eyni \u015feyi s\u00f6yl\u0259m\u0259yin m\u00fcxt\u0259lif yollar\u0131n\u0131 s\u0131naqdan ke\u00e7ir\u0259r\u0259k, ist\u0259nil\u0259n v\u0259ziyy\u0259t \u00fc\u00e7\u00fcn m\u00fck\u0259mm\u0259l ton taparaq \u0259yl\u0259n\u0259c\u0259ksiniz.<\/p>\n\n\n\n<h3 class=\"wp-block-heading\" id=\"h-5-wading-deeper-language-through-culture\">5. Daha d\u0259rin\u0259 yell\u0259m\u0259k. M\u0259d\u0259niyy\u0259t vasit\u0259sil\u0259 dil<\/h3>\n\n\n\n<p>Rum\u0131n dilini h\u0259qiq\u0259t\u0259n d\u0259 qiym\u0259tl\u0259ndirm\u0259k \u00fc\u00e7\u00fcn dilin m\u0259d\u0259niyy\u0259tin\u0259, tarixin\u0259 v\u0259 d\u00fc\u015f\u00fcnc\u0259 t\u0259rzin\u0259 daha d\u0259rind\u0259n dalmaq laz\u0131md\u0131r. Yerli sakinl\u0259rl\u0259 dan\u0131\u015f\u0131n, Rum\u0131niya \u0259d\u0259biyyat\u0131n\u0131 t\u0259dqiq edin v\u0259 yerli ad\u0259t v\u0259 \u0259n\u0259n\u0259l\u0259r\u0259 dal\u0131n. Bununla siz n\u0259inki dil bilikl\u0259rinizi t\u0259kmill\u0259\u015fdir\u0259c\u0259ksiniz, h\u0259m d\u0259 Rum\u0131niya m\u0259d\u0259niyy\u0259tinin \u00e7ox\u015fax\u0259li g\u00f6z\u0259lliyini k\u0259\u015ff ed\u0259c\u0259ksiniz.<\/p>\n\n\n\n<h3 class=\"wp-block-heading\" id=\"h-in-conclusion-embrace-the-magic-of-romanian-grammar\">X\u00fclas\u0259: Rum\u0131n dilinin qrammatika sehri il\u0259 qucaqla<\/h3>\n\n\n\n<p><a href=\"https:\/\/talkpal.ai\/romanian-grammar\/\">Rum\u0131n dilinin qrammatikas\u0131<\/a> ilk bax\u0131\u015fda m\u00fc\u0259mma kimi g\u00f6r\u00fcn\u0259 bil\u0259r, lakin zamanla, s\u0259brl\u0259 v\u0259 dil\u0259 b\u00f6y\u00fck maraqla siz bu g\u00f6z\u0259l dil x\u0259zin\u0259sinin sirl\u0259rini a\u00e7acaqs\u0131n\u0131z. Yax\u015f\u0131, niy\u0259 g\u00f6zl\u0259yin? Bu g\u00fcn rum\u0131n dili s\u0259yah\u0259tin\u0259 ba\u015flay\u0131n. Onun qrammatikas\u0131, m\u0259d\u0259niyy\u0259ti v\u0259 siz\u0259 a\u00e7d\u0131\u011f\u0131 tutqun d\u00fcnya g\u00f6z\u0259llikl\u0259rin\u0259 bas\u0131n.<\/p>\n<\/div><\/div>\n\r\n<section class=\"learnNavigationSection\">\r\n            \r\n        <a href=\"https:\/\/talkpal.ai\/az\/rumin-dilini-oyr%c9%99nin\/\">\r\n            <div class=\"learnNavigationWrapper\">\r\n                <div class=\"learnNavigationContent\">\r\n                    <img decoding=\"async\" src=\"https:\/\/talkpal.ai\/wp-content\/uploads\/2024\/08\/Romanian.jpg\" alt=\"Romanian Flag\">\r\n                    <div>\r\n                        <h4>Rum\u0131n dili \u00f6yr\u0259nm\u0259 haqq\u0131nda<\/h4>\r\n                        <p>Rum\u0131n dilinin qrammatikas\u0131 haqq\u0131nda h\u0259r \u015feyi \u00f6yr\u0259nin.<\/p>\r\n                    <\/div>\r\n                <\/div>\r\n            <\/div>\r\n        <\/a>\r\n\r\n        \r\n        <a href=\"https:\/\/talkpal.ai\/az\/rumin-dilinin-qrammatikasi-m%c9%99sg%c9%99l%c9%99l%c9%99ri\/\">\r\n            <div class=\"learnNavigationWrapper\">\r\n                <div class=\"learnNavigationContent\">\r\n                    <img decoding=\"async\" src=\"https:\/\/talkpal.ai\/wp-content\/uploads\/2024\/08\/Romanian.jpg\" alt=\"Romanian Flag\">\r\n                    <div>\r\n                        <h4>Rum\u0131niya Qrammatikas\u0131 M\u0259\u015fqi<\/h4>\r\n                        <p>Rum\u0131n dilinin qrammatikas\u0131.<\/p>\r\n                    <\/div>\r\n                <\/div>\r\n            <\/div>\r\n        <\/a>\r\n\r\n        \r\n        <a href=\"https:\/\/talkpal.ai\/vocabulary_language\/romanian\/\">\r\n            <div class=\"learnNavigationWrapper\">\r\n                <div class=\"learnNavigationContent\">\r\n                    <img decoding=\"async\" src=\"https:\/\/talkpal.ai\/wp-content\/uploads\/2024\/08\/Romanian.jpg\" alt=\"Romanian Flag\">\r\n                    <div>\r\n                        <h4>Rum\u0131n dili l\u00fc\u011f\u0259ti<\/h4>\r\n                        <p>Rum\u0131n dili l\u00fc\u011f\u0259tinizi geni\u015fl\u0259ndirin.<\/p>\r\n                    <\/div>\r\n                <\/div>\r\n            <\/div>\r\n        <\/a>\r\n\r\n            <\/section>","protected":false},"excerpt":{"rendered":"<p>Rum\u0131n dilinin qrammatikas\u0131n\u0131n sirl\u0259rinin a\u00e7 \u015e\u0259rqi Avropada dan\u0131\u015f\u0131lan yegan\u0259 Roman dili olan Rum\u0131n dili \u00f6z\u00fcn\u0259m\u0259xsus v\u0259 maraql\u0131 dil s\u0259yah\u0259tini t\u0259klif edir. H\u0259m lat\u0131n, h\u0259m d\u0259 slavyan d\u00fcnyas\u0131n\u0131n m\u0259d\u0259ni irsini c\u0259zq ed\u0259n rum\u0131n dili maraql\u0131 tarix\u0259 v\u0259 maraql\u0131 qrammatika sistemin\u0259 malikdir. Bel\u0259likl\u0259, ist\u0259r poliqlot h\u0259v\u0259skar\u0131 olun, ist\u0259rs\u0259 d\u0259 yeni dil mac\u0259ras\u0131 axtar\u0131rs\u0131n\u0131zsa, \u0259yninizi ba\u011flay\u0131n v\u0259 Rum\u0131niya [&hellip;]<\/p>\n","protected":false},"author":1,"featured_media":149362,"parent":0,"menu_order":0,"comment_status":"closed","ping_status":"closed","template":"LearningContentPage.php","meta":{"_acf_changed":false,"footnotes":""},"class_list":["post-149358","page","type-page","status-publish","has-post-thumbnail","hentry"],"acf":[],"yoast_head":"<!-- This site is optimized with the Yoast SEO Premium plugin v27.2 (Yoast SEO v27.2) - https:\/\/yoast.com\/product\/yoast-seo-premium-wordpress\/ -->\n<title>Rum\u0131n dilinin qrammatikas\u0131 - Talkpal<\/title>\n<meta name=\"description\" content=\"Rum\u0131niya qrammatikas\u0131n\u0131n f\u00fcsunkar d\u00fcnyas\u0131n\u0131 k\u0259\u015ff edin v\u0259 bu g\u00f6z\u0259l Roman dilinin unikal x\u00fcsusiyy\u0259tl\u0259rini k\u0259\u015ff edin.\" \/>\n<meta name=\"robots\" content=\"index, follow, max-snippet:-1, max-image-preview:large, max-video-preview:-1\" \/>\n<link rel=\"canonical\" href=\"https:\/\/talkpal.ai\/az\/rumin-dilinin-qrammatikasi\/\" \/>\n<meta property=\"og:locale\" content=\"az_AZ\" \/>\n<meta property=\"og:type\" content=\"article\" \/>\n<meta property=\"og:title\" content=\"Rum\u0131n dilinin qrammatikas\u0131\" \/>\n<meta property=\"og:description\" content=\"Rum\u0131n dilinin qrammatikas\u0131n\u0131n sirl\u0259rinin a\u00e7 \u015e\u0259rqi Avropada dan\u0131\u015f\u0131lan yegan\u0259 Roman dili olan Rum\u0131n dili \u00f6z\u00fcn\u0259m\u0259xsus v\u0259 maraql\u0131 dil s\u0259yah\u0259tini t\u0259klif edir.\" \/>\n<meta property=\"og:url\" content=\"https:\/\/talkpal.ai\/az\/rumin-dilinin-qrammatikasi\/\" \/>\n<meta property=\"og:site_name\" content=\"Talkpal\" \/>\n<meta property=\"article:publisher\" content=\"https:\/\/www.facebook.com\/profile.php?id=100090733639311\" \/>\n<meta property=\"article:modified_time\" content=\"2025-12-17T15:35:46+00:00\" \/>\n<meta property=\"og:image\" content=\"https:\/\/talkpal.ai\/wp-content\/uploads\/2023\/05\/romania.png\" \/>\n\t<meta property=\"og:image:width\" content=\"512\" \/>\n\t<meta property=\"og:image:height\" content=\"512\" \/>\n\t<meta property=\"og:image:type\" content=\"image\/png\" \/>\n<meta name=\"twitter:card\" content=\"summary_large_image\" \/>\n<meta name=\"twitter:site\" content=\"@talkpalai\" \/>\n<meta name=\"twitter:label1\" content=\"Est. reading time\" \/>\n\t<meta name=\"twitter:data1\" content=\"3 minutes\" \/>\n<script type=\"application\/ld+json\" class=\"yoast-schema-graph\">{\"@context\":\"https:\/\/schema.org\",\"@graph\":[{\"@type\":\"WebPage\",\"@id\":\"https:\/\/talkpal.ai\/az\/rumin-dilinin-qrammatikasi\/\",\"url\":\"https:\/\/talkpal.ai\/az\/rumin-dilinin-qrammatikasi\/\",\"name\":\"Rum\u0131n dilinin qrammatikas\u0131 - Talkpal\",\"isPartOf\":{\"@id\":\"https:\/\/talkpal.ai\/az\/#website\"},\"primaryImageOfPage\":{\"@id\":\"https:\/\/talkpal.ai\/az\/rumin-dilinin-qrammatikasi\/#primaryimage\"},\"image\":{\"@id\":\"https:\/\/talkpal.ai\/az\/rumin-dilinin-qrammatikasi\/#primaryimage\"},\"thumbnailUrl\":\"https:\/\/talkpal.ai\/wp-content\/uploads\/2023\/05\/romania.png\",\"datePublished\":\"2023-05-14T14:19:07+00:00\",\"dateModified\":\"2025-12-17T15:35:46+00:00\",\"description\":\"Rum\u0131niya qrammatikas\u0131n\u0131n f\u00fcsunkar d\u00fcnyas\u0131n\u0131 k\u0259\u015ff edin v\u0259 bu g\u00f6z\u0259l Roman dilinin unikal x\u00fcsusiyy\u0259tl\u0259rini k\u0259\u015ff edin.\",\"breadcrumb\":{\"@id\":\"https:\/\/talkpal.ai\/az\/rumin-dilinin-qrammatikasi\/#breadcrumb\"},\"inLanguage\":\"az\",\"potentialAction\":[{\"@type\":\"ReadAction\",\"target\":[\"https:\/\/talkpal.ai\/az\/rumin-dilinin-qrammatikasi\/\"]}]},{\"@type\":\"ImageObject\",\"inLanguage\":\"az\",\"@id\":\"https:\/\/talkpal.ai\/az\/rumin-dilinin-qrammatikasi\/#primaryimage\",\"url\":\"https:\/\/talkpal.ai\/wp-content\/uploads\/2023\/05\/romania.png\",\"contentUrl\":\"https:\/\/talkpal.ai\/wp-content\/uploads\/2023\/05\/romania.png\",\"width\":512,\"height\":512},{\"@type\":\"BreadcrumbList\",\"@id\":\"https:\/\/talkpal.ai\/az\/rumin-dilinin-qrammatikasi\/#breadcrumb\",\"itemListElement\":[{\"@type\":\"ListItem\",\"position\":1,\"name\":\"Homepage\",\"item\":\"https:\/\/talkpal.ai\/az\/\"},{\"@type\":\"ListItem\",\"position\":2,\"name\":\"Rum\u0131n dilinin qrammatikas\u0131\"}]},{\"@type\":\"WebSite\",\"@id\":\"https:\/\/talkpal.ai\/az\/#website\",\"url\":\"https:\/\/talkpal.ai\/az\/\",\"name\":\"Talkpal\",\"description\":\"AI Language Learning\",\"publisher\":{\"@id\":\"https:\/\/talkpal.ai\/az\/#organization\"},\"alternateName\":\"Talkpal AI\",\"potentialAction\":[{\"@type\":\"SearchAction\",\"target\":{\"@type\":\"EntryPoint\",\"urlTemplate\":\"https:\/\/talkpal.ai\/az\/?s={search_term_string}\"},\"query-input\":{\"@type\":\"PropertyValueSpecification\",\"valueRequired\":true,\"valueName\":\"search_term_string\"}}],\"inLanguage\":\"az\"},{\"@type\":\"Organization\",\"@id\":\"https:\/\/talkpal.ai\/az\/#organization\",\"name\":\"Talkpal, Inc.\",\"alternateName\":\"Talkpal AI\",\"url\":\"https:\/\/talkpal.ai\/az\/\",\"logo\":{\"@type\":\"ImageObject\",\"inLanguage\":\"az\",\"@id\":\"https:\/\/talkpal.ai\/az\/#\/schema\/logo\/image\/\",\"url\":\"https:\/\/talkpal.ai\/wp-content\/uploads\/2024\/03\/Talkpal-Logo-Icon.png\",\"contentUrl\":\"https:\/\/talkpal.ai\/wp-content\/uploads\/2024\/03\/Talkpal-Logo-Icon.png\",\"width\":2880,\"height\":2880,\"caption\":\"Talkpal, Inc.\"},\"image\":{\"@id\":\"https:\/\/talkpal.ai\/az\/#\/schema\/logo\/image\/\"},\"sameAs\":[\"https:\/\/www.facebook.com\/profile.php?id=100090733639311\",\"https:\/\/x.com\/talkpalai\",\"https:\/\/www.linkedin.com\/company\/talkpal\/\",\"https:\/\/www.youtube.com\/@TalkPal\/\",\"https:\/\/www.tiktok.com\/@talkpal\",\"https:\/\/www.instagram.com\/talkpal_ai\/\",\"https:\/\/www.crunchbase.com\/organization\/talkpal-9cde\",\"https:\/\/www.g2.com\/products\/talkpal-for-business\/\",\"https:\/\/www.trustpilot.com\/review\/talkpal.ai\",\"https:\/\/www.capterra.com\/p\/10006800\/TalkPal\/\"],\"description\":\"Talkpal is a language learning web and mobile education app, powered by the latest AI technologies, that provides engaging experiences to its customers in many different languages to help them improve their language skills. Users can chat about unlimited amount of topics with the app and use other modes to practice their language learning.\",\"email\":\"support@talkpal.ai\",\"legalName\":\"Talkpal, Inc.\",\"foundingDate\":\"2023-04-03\",\"duns\":\"118989042\",\"numberOfEmployees\":{\"@type\":\"QuantitativeValue\",\"minValue\":\"11\",\"maxValue\":\"50\"},\"publishingPrinciples\":\"https:\/\/talkpal.ai\/publishing-principles\/\",\"actionableFeedbackPolicy\":\"https:\/\/talkpal.ai\/actionable-feedback-policy\/\",\"correctionsPolicy\":\"https:\/\/talkpal.ai\/corrections-policy\/\",\"ethicsPolicy\":\"https:\/\/talkpal.ai\/ethics-policy\/\",\"diversityPolicy\":\"https:\/\/talkpal.ai\/diversity-policy\/\",\"diversityStaffingReport\":\"https:\/\/talkpal.ai\/diversity-policy\/\"}]}<\/script>\n<!-- \/ Yoast SEO Premium plugin. -->","yoast_head_json":{"title":"Rum\u0131n dilinin qrammatikas\u0131 - Talkpal","description":"Rum\u0131niya qrammatikas\u0131n\u0131n f\u00fcsunkar d\u00fcnyas\u0131n\u0131 k\u0259\u015ff edin v\u0259 bu g\u00f6z\u0259l Roman dilinin unikal x\u00fcsusiyy\u0259tl\u0259rini k\u0259\u015ff edin.","robots":{"index":"index","follow":"follow","max-snippet":"max-snippet:-1","max-image-preview":"max-image-preview:large","max-video-preview":"max-video-preview:-1"},"canonical":"https:\/\/talkpal.ai\/az\/rumin-dilinin-qrammatikasi\/","og_locale":"az_AZ","og_type":"article","og_title":"Rum\u0131n dilinin qrammatikas\u0131","og_description":"Rum\u0131n dilinin qrammatikas\u0131n\u0131n sirl\u0259rinin a\u00e7 \u015e\u0259rqi Avropada dan\u0131\u015f\u0131lan yegan\u0259 Roman dili olan Rum\u0131n dili \u00f6z\u00fcn\u0259m\u0259xsus v\u0259 maraql\u0131 dil s\u0259yah\u0259tini t\u0259klif edir.","og_url":"https:\/\/talkpal.ai\/az\/rumin-dilinin-qrammatikasi\/","og_site_name":"Talkpal","article_publisher":"https:\/\/www.facebook.com\/profile.php?id=100090733639311","article_modified_time":"2025-12-17T15:35:46+00:00","og_image":[{"width":512,"height":512,"url":"https:\/\/talkpal.ai\/wp-content\/uploads\/2023\/05\/romania.png","type":"image\/png"}],"twitter_card":"summary_large_image","twitter_site":"@talkpalai","twitter_misc":{"Est. reading time":"3 minutes"},"schema":{"@context":"https:\/\/schema.org","@graph":[{"@type":"WebPage","@id":"https:\/\/talkpal.ai\/az\/rumin-dilinin-qrammatikasi\/","url":"https:\/\/talkpal.ai\/az\/rumin-dilinin-qrammatikasi\/","name":"Rum\u0131n dilinin qrammatikas\u0131 - Talkpal","isPartOf":{"@id":"https:\/\/talkpal.ai\/az\/#website"},"primaryImageOfPage":{"@id":"https:\/\/talkpal.ai\/az\/rumin-dilinin-qrammatikasi\/#primaryimage"},"image":{"@id":"https:\/\/talkpal.ai\/az\/rumin-dilinin-qrammatikasi\/#primaryimage"},"thumbnailUrl":"https:\/\/talkpal.ai\/wp-content\/uploads\/2023\/05\/romania.png","datePublished":"2023-05-14T14:19:07+00:00","dateModified":"2025-12-17T15:35:46+00:00","description":"Rum\u0131niya qrammatikas\u0131n\u0131n f\u00fcsunkar d\u00fcnyas\u0131n\u0131 k\u0259\u015ff edin v\u0259 bu g\u00f6z\u0259l Roman dilinin unikal x\u00fcsusiyy\u0259tl\u0259rini k\u0259\u015ff edin.","breadcrumb":{"@id":"https:\/\/talkpal.ai\/az\/rumin-dilinin-qrammatikasi\/#breadcrumb"},"inLanguage":"az","potentialAction":[{"@type":"ReadAction","target":["https:\/\/talkpal.ai\/az\/rumin-dilinin-qrammatikasi\/"]}]},{"@type":"ImageObject","inLanguage":"az","@id":"https:\/\/talkpal.ai\/az\/rumin-dilinin-qrammatikasi\/#primaryimage","url":"https:\/\/talkpal.ai\/wp-content\/uploads\/2023\/05\/romania.png","contentUrl":"https:\/\/talkpal.ai\/wp-content\/uploads\/2023\/05\/romania.png","width":512,"height":512},{"@type":"BreadcrumbList","@id":"https:\/\/talkpal.ai\/az\/rumin-dilinin-qrammatikasi\/#breadcrumb","itemListElement":[{"@type":"ListItem","position":1,"name":"Homepage","item":"https:\/\/talkpal.ai\/az\/"},{"@type":"ListItem","position":2,"name":"Rum\u0131n dilinin qrammatikas\u0131"}]},{"@type":"WebSite","@id":"https:\/\/talkpal.ai\/az\/#website","url":"https:\/\/talkpal.ai\/az\/","name":"Talkpal","description":"AI Language Learning","publisher":{"@id":"https:\/\/talkpal.ai\/az\/#organization"},"alternateName":"Talkpal AI","potentialAction":[{"@type":"SearchAction","target":{"@type":"EntryPoint","urlTemplate":"https:\/\/talkpal.ai\/az\/?s={search_term_string}"},"query-input":{"@type":"PropertyValueSpecification","valueRequired":true,"valueName":"search_term_string"}}],"inLanguage":"az"},{"@type":"Organization","@id":"https:\/\/talkpal.ai\/az\/#organization","name":"Talkpal, Inc.","alternateName":"Talkpal AI","url":"https:\/\/talkpal.ai\/az\/","logo":{"@type":"ImageObject","inLanguage":"az","@id":"https:\/\/talkpal.ai\/az\/#\/schema\/logo\/image\/","url":"https:\/\/talkpal.ai\/wp-content\/uploads\/2024\/03\/Talkpal-Logo-Icon.png","contentUrl":"https:\/\/talkpal.ai\/wp-content\/uploads\/2024\/03\/Talkpal-Logo-Icon.png","width":2880,"height":2880,"caption":"Talkpal, Inc."},"image":{"@id":"https:\/\/talkpal.ai\/az\/#\/schema\/logo\/image\/"},"sameAs":["https:\/\/www.facebook.com\/profile.php?id=100090733639311","https:\/\/x.com\/talkpalai","https:\/\/www.linkedin.com\/company\/talkpal\/","https:\/\/www.youtube.com\/@TalkPal\/","https:\/\/www.tiktok.com\/@talkpal","https:\/\/www.instagram.com\/talkpal_ai\/","https:\/\/www.crunchbase.com\/organization\/talkpal-9cde","https:\/\/www.g2.com\/products\/talkpal-for-business\/","https:\/\/www.trustpilot.com\/review\/talkpal.ai","https:\/\/www.capterra.com\/p\/10006800\/TalkPal\/"],"description":"Talkpal is a language learning web and mobile education app, powered by the latest AI technologies, that provides engaging experiences to its customers in many different languages to help them improve their language skills. Users can chat about unlimited amount of topics with the app and use other modes to practice their language learning.","email":"support@talkpal.ai","legalName":"Talkpal, Inc.","foundingDate":"2023-04-03","duns":"118989042","numberOfEmployees":{"@type":"QuantitativeValue","minValue":"11","maxValue":"50"},"publishingPrinciples":"https:\/\/talkpal.ai\/publishing-principles\/","actionableFeedbackPolicy":"https:\/\/talkpal.ai\/actionable-feedback-policy\/","correctionsPolicy":"https:\/\/talkpal.ai\/corrections-policy\/","ethicsPolicy":"https:\/\/talkpal.ai\/ethics-policy\/","diversityPolicy":"https:\/\/talkpal.ai\/diversity-policy\/","diversityStaffingReport":"https:\/\/talkpal.ai\/diversity-policy\/"}]}},"_links":{"self":[{"href":"https:\/\/talkpal.ai\/az\/wp-json\/wp\/v2\/pages\/149358","targetHints":{"allow":["GET"]}}],"collection":[{"href":"https:\/\/talkpal.ai\/az\/wp-json\/wp\/v2\/pages"}],"about":[{"href":"https:\/\/talkpal.ai\/az\/wp-json\/wp\/v2\/types\/page"}],"author":[{"embeddable":true,"href":"https:\/\/talkpal.ai\/az\/wp-json\/wp\/v2\/users\/1"}],"replies":[{"embeddable":true,"href":"https:\/\/talkpal.ai\/az\/wp-json\/wp\/v2\/comments?post=149358"}],"version-history":[{"count":0,"href":"https:\/\/talkpal.ai\/az\/wp-json\/wp\/v2\/pages\/149358\/revisions"}],"wp:featuredmedia":[{"embeddable":true,"href":"https:\/\/talkpal.ai\/az\/wp-json\/wp\/v2\/media\/149362"}],"wp:attachment":[{"href":"https:\/\/talkpal.ai\/az\/wp-json\/wp\/v2\/media?parent=149358"}],"curies":[{"name":"wp","href":"https:\/\/api.w.org\/{rel}","templated":true}]}}