{"id":149013,"date":"2023-05-14T14:18:46","date_gmt":"2023-05-14T14:18:46","guid":{"rendered":"http:\/\/talkpal.ai\/polyak-dilinin-qrammatikasi\/"},"modified":"2025-12-17T17:17:07","modified_gmt":"2025-12-17T17:17:07","slug":"polyak-dilinin-qrammatikasi","status":"publish","type":"page","link":"https:\/\/talkpal.ai\/az\/polyak-dilinin-qrammatikasi\/","title":{"rendered":"Polyak dilinin qrammatikas\u0131"},"content":{"rendered":"\r\n\r\n\r\n<section class=\"languageChallengeSection\">\r\n    <div class=\"languageInfoWrapper\">\r\n        \r\n        <h1>Polyak dilinin qrammatikas\u0131<\/h1>\r\n        <p><a href=\"https:\/\/talkpal.ai\/learn-polish\/\">Pol\u015fa<\/a> qrammatikas\u0131n\u0131n f\u00fcsunkar d\u00fcnyas\u0131na daxil olun v\u0259 M\u0259rk\u0259zi Avropan\u0131n \u0259n \u00e7ox dan\u0131\u015f\u0131lan dill\u0259rind\u0259n birinin \u0259saslar\u0131n\u0131 k\u0259\u015ff edin. \u018fsas qaydalar\u0131 m\u0259nims\u0259m\u0259kl\u0259, siz daha effektiv \u00fcnsiyy\u0259t quracaqs\u0131n\u0131z v\u0259 Pol\u015fa m\u0259d\u0259niyy\u0259tini daha d\u0259rind\u0259n ba\u015fa d\u00fc\u015f\u0259c\u0259ksiniz. Bu g\u00fcn Polyak dilinin qrammatikas\u0131n\u0131 \u00f6yr\u0259nm\u0259y\u0259 ba\u015flay\u0131n v\u0259 r\u0259vanl\u0131\u011fa do\u011fru ilk add\u0131m\u0131n\u0131z\u0131 at\u0131n!<\/p>\r\n\r\n                            <a class=\"getStartedHidden\" href=\"https:\/\/app.talkpal.ai\/signup?lng=\">Ba\u015fla<\/a>\r\n        \r\n    <\/div>\r\n\r\n    <figure>\r\n    <img decoding=\"async\" width=\"768\" height=\"768\" src=\"https:\/\/talkpal.ai\/wp-content\/uploads\/2023\/06\/polish-768x768.png\" class=\"languageImage no-lazy\" alt=\"Practical tips on language learning techniques\" fetchpriority=\"high\" sizes=\"(max-width: 768px) 150px, 768px\" srcset=\"https:\/\/talkpal.ai\/wp-content\/uploads\/2023\/06\/polish-768x768.png 768w, https:\/\/talkpal.ai\/wp-content\/uploads\/2023\/06\/polish-300x300.png 300w\" \/>\r\n    \r\n\r\n    <\/figure>\r\n\r\n            <a class=\"getStartedVisible\" href=\"https:\/\/app.talkpal.ai\/signup?lng=\">Ba\u015fla<\/a>\r\n    \r\n<\/section>\r\n<section class=\"promotionalBanner\">\r\n    <p class=\"promotionalText\">Dil \u00f6yr\u0259nm\u0259yin \u0259n t\u0259sirli yolu<\/p>\r\n    <a class=\"promotionalLink\" href=\"https:\/\/app.talkpal.ai\/signup?lng=\">Talkpal pulsuz s\u0131nay\u0131n<\/a>\r\n<\/section>\n<div class=\"wp-block-group pageContainerStyle\"><div class=\"wp-block-group__inner-container is-layout-constrained wp-block-group-is-layout-constrained\">\n<h2 class=\"wp-block-heading\" id=\"h-breaking-down-the-puzzle-of-polish-grammar\">Polyak dilinin qrammatikas\u0131 Tapmacas\u0131n\u0131 Q\u0131rmaq<\/h2>\n\n\n\n<p>Slavyan dili olan polyak dili \u00f6z\u00fcn\u0259m\u0259xsus dil mac\u0259ras\u0131 axtaran dil \u00f6yr\u0259n\u0259nl\u0259r \u00fc\u00e7\u00fcn h\u0259m \u00e7\u0259tinlik \u00e7\u0259kir, h\u0259m d\u0259 m\u00fckafat verir. Polyak dilin\u0259 dald\u0131qca dilin z\u0259nginliyini tamamlayan maraql\u0131 bir tarix v\u0259 m\u0259d\u0259niyy\u0259t a\u015fkar ed\u0259c\u0259ks\u0259n. Polyak dilinin qrammatikas\u0131 m\u00fcr\u0259kk\u0259b g\u00f6r\u00fcns\u0259 d\u0259, onu idar\u0259olunmaz elementl\u0259r\u0259 \u00e7evirm\u0259k \u00f6yr\u0259nm\u0259 prosesini asanla\u015fd\u0131r\u0131r. Bu m\u0259qal\u0259nin m\u0259qs\u0259di sizi polyak dilinin qrammatikas\u0131 il\u0259 tan\u0131\u015f etm\u0259k v\u0259 onun m\u00fcr\u0259kk\u0259blikl\u0259rinin aradan qald\u0131r\u0131lmas\u0131 il\u0259 ba\u011fl\u0131 r\u0259hb\u0259rlik verm\u0259kdir.<\/p>\n\n\n\n<h3 class=\"wp-block-heading\" id=\"h-1-noun-gender-and-cases\">1. Noun Cins v\u0259 Hallar<\/h3>\n\n\n\n<p>Polyak isiml\u0259rinin qrammatik cinsl\u0259ri var &#8211; ki\u015fi, qad\u0131n v\u0259 neytral &#8211; bunlar onlar\u0131 m\u00fc\u015fayi\u0259t ed\u0259n sif\u0259tl\u0259rin, \u0259v\u0259zlikl\u0259rin v\u0259 fell\u0259rin formalar\u0131na t\u0259sir g\u00f6st\u0259rir. Bundan ba\u015fqa, polyak dilind\u0259 yeddi qrammatik hal var: nominativ, genitativ, dativ, ittihamedici, instrumental, lokativ v\u0259 vokativ. Cins v\u0259 hal sistemi il\u0259 tan\u0131\u015f olmaq d\u0259qiq pol\u015fal\u0131 c\u00fcml\u0259l\u0259ri anlamaq v\u0259 in\u015fa etm\u0259k \u00fc\u00e7\u00fcn olduqca vacibdir.<\/p>\n\n\n\n<h3 class=\"wp-block-heading\" id=\"h-2-verb-conjugation-person-tense-and-aspect\">2. Verb Conjugation: Person, Tense v\u0259 Aspect<\/h3>\n\n\n\n<p>Polyar feill\u0259r g\u0259rgin, aspektli v\u0259 \u015f\u0259xs\u0259 (birinci, ikinci v\u0259 ya \u00fc\u00e7\u00fcnc\u00fc) g\u00f6r\u0259 konyunkt olmal\u0131d\u0131r. \u00dc\u00e7 \u0259sas g\u0259rginlik var: indiki, ke\u00e7mi\u015f v\u0259 g\u0259l\u0259c\u0259k. Bundan \u0259lav\u0259, polyak feill\u0259rinin iki c\u0259h\u0259ti var: kamillik (tamamlanm\u0131\u015f h\u0259r\u0259k\u0259tl\u0259r \u00fc\u00e7\u00fcn) v\u0259 qeyri-kamil (daimi v\u0259 ya v\u0259rdi\u015f edilmi\u015f h\u0259r\u0259k\u0259tl\u0259r \u00fc\u00e7\u00fcn). Bu konyunkasiya qaydalar\u0131n\u0131 m\u00fck\u0259mm\u0259l \u015f\u0259kild\u0259 \u0259ld\u0259 etm\u0259k sizin polyak dilind\u0259 \u015fifahi \u00fcnsiyy\u0259t bacar\u0131qlar\u0131n\u0131z\u0131 \u0259h\u0259miyy\u0259tli d\u0259r\u0259c\u0259d\u0259 yax\u015f\u0131la\u015fd\u0131racaq.<\/p>\n\n\n\n<h3 class=\"wp-block-heading\" id=\"h-3-adjectives-agreement-and-placement\">3. Adjectives: Raz\u0131la\u015fma v\u0259 yerl\u0259\u015fdirm\u0259<\/h3>\n\n\n\n<p>Pol\u015fal\u0131 adjectives cins, r\u0259q\u0259m v\u0259 case il\u0259 ba\u011fl\u0131 d\u0259yi\u015fdirdikl\u0259ri noun il\u0259 raz\u0131 olmal\u0131d\u0131r. Adjectives, ad\u0259t\u0259n, c\u00fcml\u0259nin \u0259sas t\u0259sviri kontekstini t\u0259qdim ed\u0259r\u0259k, addan \u0259vv\u0259l g\u0259lir.<\/p>\n\n\n\n<p>N\u00fcmun\u0259l\u0259r:<\/p>\n\n\n\n<p>&#8211; czerwona sukienka (q\u0131rm\u0131z\u0131 paltar)<\/p>\n\n\n\n<p>\u2013 pi\u0119kny ogr\u00f3d (g\u00f6z\u0259l ba\u011f)<\/p>\n\n\n\n<h3 class=\"wp-block-heading\" id=\"h-4-pronouns-types-and-uses\">4. Pronouns. N\u00f6vl\u0259ri v\u0259 istifad\u0259 \u00fcsullar\u0131<\/h3>\n\n\n\n<p>Polyak t\u0259l\u0259ff\u00fcz formalar\u0131 m\u00fcxt\u0259lif formalarda, o c\u00fcml\u0259d\u0259n \u015f\u0259xsi, e&#8217;siya, refleksiv, n\u00fcmayi\u015fkar v\u0259 sor\u011fu-sualedici t\u0259l\u0259ff\u00fczl\u0259rl\u0259 meydana g\u0259lir. Bu t\u0259l\u0259ff\u00fczl\u0259rd\u0259n nec\u0259 v\u0259 n\u0259 vaxt istifad\u0259 etm\u0259k laz\u0131m oldu\u011funu anlamaq Pol\u015fa dilinin qrammatikan\u0131z\u0131 daha d\u0259qiq ed\u0259c\u0259k v\u0259 \u00fcmumi dil bacar\u0131qlar\u0131n\u0131z\u0131 art\u0131racaq.<\/p>\n\n\n\n<h3 class=\"wp-block-heading\" id=\"h-5-negation-conveying-the-opposite\">5. Negation: \u018fks g\u00f6st\u0259ri\u015f \u00e7atd\u0131rmaq<\/h3>\n\n\n\n<p>Pol\u015fa qrammatikas\u0131nda inkar fell\u0259rd\u0259n, sif\u0259tl\u0259rd\u0259n, z\u0259rfl\u0259rd\u0259n v\u0259 ya \u0259v\u0259zlikl\u0259rd\u0259n \u0259vv\u0259l \u201cnie\u201d s\u00f6z\u00fcn\u00fc \u0259lav\u0259 etm\u0259kl\u0259 \u0259ld\u0259 edilir. Lakin konkret qaydalar nounslu negate c\u00fcml\u0259l\u0259r\u0259 aiddir. Bu qaydalara \u0259lav\u0259 preposition v\u0259 ya ba\u015fqa noun formas\u0131 t\u0259l\u0259b oluna bil\u0259r. Bu kimi s\u0259hv \u00fcsullar\u0131 sezs\u0259niz, m\u0259nas\u0131n\u0131z\u0131 polyak dilind\u0259 <a href=\"https:\/\/talkpal.ai\/locations\/learn-english-in-aydin\/\">ayd\u0131n<\/a> \u00e7atd\u0131racaqs\u0131n\u0131z.<\/p>\n\n\n\n<h3 class=\"wp-block-heading\" id=\"h-6-engage-with-the-language\">6. Dil il\u0259 m\u0259\u015f\u011ful olmaq<\/h3>\n\n\n\n<p>Polyak dilinin qrammatikas\u0131n\u0131 ba\u015fa d\u00fc\u015fm\u0259yin v\u0259 daxil etm\u0259yin \u0259n effektiv \u00fcsulu bu dill\u0259 m\u00fcnt\u0259z\u0259m sur\u0259td\u0259 m\u0259\u015f\u011ful olmas\u0131d\u0131r. Pol\u015fa \u0259d\u0259biyyat\u0131n\u0131 oxumaqdan, polyak filml\u0259rin\u0259 baxmaqdan v\u0259 ya yerli insanlarla f\u0259al <a href=\"https:\/\/talkpal.ai\/conversation-with-ai\/\">s\u00f6hb\u0259t<\/a> etm\u0259kd\u0259n ba\u015flayaraq, m\u00fcxt\u0259lif kontekstl\u0259rd\u0259 \u00f6z\u00fcn\u00fc suya q\u0259rq etm\u0259k qrammatikan\u0131 daha yax\u015f\u0131 ba\u015fa d\u00fc\u015fm\u0259y\u0259 v\u0259 s\u00f6z ehtiyat\u0131n\u0131 geni\u015fl\u0259ndirm\u0259y\u0259 k\u00f6m\u0259k ed\u0259c\u0259k.<\/p>\n\n\n\n<h3 class=\"wp-block-heading\" id=\"h-conclusion\">N\u0259tic\u0259<\/h3>\n\n\n\n<p>Polyak dilinin qrammatikas\u0131 konvolutasiya olunmu\u015f g\u00f6r\u00fcns\u0259 d\u0259, ard\u0131c\u0131l olaraq m\u0259\u015fq etm\u0259k v\u0259 onunla ayaq-aya\u011fa yerim\u0259k bu nadir dil \u00fczr\u0259 pe\u015f\u0259kar olma\u011fa k\u00f6m\u0259k ed\u0259c\u0259k. Polyak dili s\u0259yah\u0259tin\u0259 ba\u015flayark\u0259n \u00e7\u0259tinliyi q\u0259bul et v\u0259 tezlikl\u0259 onun qrammatikas\u0131n\u0131n inc\u0259likl\u0259rini \u0259minlikl\u0259 deod ed\u0259c\u0259ks\u0259n. T\u0259hsilinizl\u0259 yax\u015f\u0131 al\u0131n! Polyak dilinin qrammatikas\u0131n\u0131n laylar\u0131n\u0131 t\u0259dqiq etm\u0259kd\u0259n z\u00f6vq al\u0131n!<\/p>\n<\/div><\/div>\n\r\n<section class=\"learnNavigationSection\">\r\n            \r\n        <a href=\"https:\/\/talkpal.ai\/az\/polyak-dilini-oyr%c9%99n\/\">\r\n            <div class=\"learnNavigationWrapper\">\r\n                <div class=\"learnNavigationContent\">\r\n                    <img decoding=\"async\" src=\"https:\/\/talkpal.ai\/wp-content\/uploads\/2024\/08\/Polish.jpg\" alt=\"Polish Flag\">\r\n                    <div>\r\n                        <h4>Polyak \u00d6yr\u0259nilm\u0259si Haqq\u0131nda<\/h4>\r\n                        <p>Polyak dilinin qrammatikas\u0131 haqq\u0131nda h\u0259r \u015feyi \u00f6yr\u0259nin.<\/p>\r\n                    <\/div>\r\n                <\/div>\r\n            <\/div>\r\n        <\/a>\r\n\r\n        \r\n        <a href=\"https:\/\/talkpal.ai\/az\/polyak-dilinin-qrammatikasi-m%c9%99sg%c9%99l%c9%99l%c9%99ri\/\">\r\n            <div class=\"learnNavigationWrapper\">\r\n                <div class=\"learnNavigationContent\">\r\n                    <img decoding=\"async\" src=\"https:\/\/talkpal.ai\/wp-content\/uploads\/2024\/08\/Polish.jpg\" alt=\"Polish Flag\">\r\n                    <div>\r\n                        <h4>Polyak qrammatikas\u0131 m\u0259\u015fqi<\/h4>\r\n                        <p>Polyak dilinin qrammatika qaydalar\u0131na \u0259m\u0259l etm\u0259k.<\/p>\r\n                    <\/div>\r\n                <\/div>\r\n            <\/div>\r\n        <\/a>\r\n\r\n        \r\n        <a href=\"https:\/\/talkpal.ai\/vocabulary_language\/polish\/\">\r\n            <div class=\"learnNavigationWrapper\">\r\n                <div class=\"learnNavigationContent\">\r\n                    <img decoding=\"async\" src=\"https:\/\/talkpal.ai\/wp-content\/uploads\/2024\/08\/Polish.jpg\" alt=\"Polish Flag\">\r\n                    <div>\r\n                        <h4>Polyak l\u00fc\u011f\u0259ti<\/h4>\r\n                        <p>Polyak dili l\u00fc\u011f\u0259tinizi geni\u015fl\u0259ndirin.<\/p>\r\n                    <\/div>\r\n                <\/div>\r\n            <\/div>\r\n        <\/a>\r\n\r\n            <\/section>","protected":false},"excerpt":{"rendered":"<p>Polyak dilinin qrammatikas\u0131 Tapmacas\u0131n\u0131 Q\u0131rmaq Slavyan dili olan polyak dili \u00f6z\u00fcn\u0259m\u0259xsus dil mac\u0259ras\u0131 axtaran dil \u00f6yr\u0259n\u0259nl\u0259r \u00fc\u00e7\u00fcn h\u0259m \u00e7\u0259tinlik \u00e7\u0259kir, h\u0259m d\u0259 m\u00fckafat verir. Polyak dilin\u0259 dald\u0131qca dilin z\u0259nginliyini tamamlayan maraql\u0131 bir tarix v\u0259 m\u0259d\u0259niyy\u0259t a\u015fkar ed\u0259c\u0259ks\u0259n. Polyak dilinin qrammatikas\u0131 m\u00fcr\u0259kk\u0259b g\u00f6r\u00fcns\u0259 d\u0259, onu idar\u0259olunmaz elementl\u0259r\u0259 \u00e7evirm\u0259k \u00f6yr\u0259nm\u0259 prosesini asanla\u015fd\u0131r\u0131r. Bu m\u0259qal\u0259nin m\u0259qs\u0259di sizi polyak [&hellip;]<\/p>\n","protected":false},"author":1,"featured_media":117419,"parent":0,"menu_order":0,"comment_status":"closed","ping_status":"closed","template":"LearningContentPage.php","meta":{"_acf_changed":false,"footnotes":""},"class_list":["post-149013","page","type-page","status-publish","has-post-thumbnail","hentry"],"acf":[],"yoast_head":"<!-- This site is optimized with the Yoast SEO Premium plugin v27.2 (Yoast SEO v27.2) - https:\/\/yoast.com\/product\/yoast-seo-premium-wordpress\/ -->\n<title>Polyak dilinin qrammatikas\u0131 - Talkpal<\/title>\n<meta name=\"description\" content=\"B\u00fct\u00fcn \u00f6yr\u0259nm\u0259 s\u0259viyy\u0259l\u0259ri \u00fc\u00e7\u00fcn n\u0259z\u0259rd\u0259 tutulmu\u015f interaktiv m\u0259\u015fql\u0259rl\u0259 Pol\u015fa qrammatikas\u0131n\u0131 m\u0259nims\u0259yin. Polyak bacar\u0131qlar\u0131n\u0131z\u0131 art\u0131r\u0131n!\" \/>\n<meta name=\"robots\" content=\"index, follow, max-snippet:-1, max-image-preview:large, max-video-preview:-1\" \/>\n<link rel=\"canonical\" href=\"https:\/\/talkpal.ai\/az\/polyak-dilinin-qrammatikasi\/\" \/>\n<meta property=\"og:locale\" content=\"az_AZ\" \/>\n<meta property=\"og:type\" content=\"article\" \/>\n<meta property=\"og:title\" content=\"Polyak dilinin qrammatikas\u0131\" \/>\n<meta property=\"og:description\" content=\"Polyak dilinin qrammatikas\u0131 Tapmacas\u0131n\u0131 Q\u0131rmaq Slavyan dili olan polyak dili \u00f6z\u00fcn\u0259m\u0259xsus dil mac\u0259ras\u0131 axtaran dil \u00f6yr\u0259n\u0259nl\u0259r \u00fc\u00e7\u00fcn h\u0259m \u00e7\u0259tinlik \u00e7\u0259kir, h\u0259m\" \/>\n<meta property=\"og:url\" content=\"https:\/\/talkpal.ai\/az\/polyak-dilinin-qrammatikasi\/\" \/>\n<meta property=\"og:site_name\" content=\"Talkpal\" \/>\n<meta property=\"article:publisher\" content=\"https:\/\/www.facebook.com\/profile.php?id=100090733639311\" \/>\n<meta property=\"article:modified_time\" content=\"2025-12-17T17:17:07+00:00\" \/>\n<meta property=\"og:image\" content=\"https:\/\/talkpal.ai\/wp-content\/uploads\/2023\/05\/poland.png\" \/>\n\t<meta property=\"og:image:width\" content=\"512\" \/>\n\t<meta property=\"og:image:height\" content=\"512\" \/>\n\t<meta property=\"og:image:type\" content=\"image\/png\" \/>\n<meta name=\"twitter:card\" content=\"summary_large_image\" \/>\n<meta name=\"twitter:site\" content=\"@talkpalai\" \/>\n<meta name=\"twitter:label1\" content=\"Est. reading time\" \/>\n\t<meta name=\"twitter:data1\" content=\"4 minutes\" \/>\n<script type=\"application\/ld+json\" class=\"yoast-schema-graph\">{\"@context\":\"https:\/\/schema.org\",\"@graph\":[{\"@type\":\"WebPage\",\"@id\":\"https:\/\/talkpal.ai\/az\/polyak-dilinin-qrammatikasi\/\",\"url\":\"https:\/\/talkpal.ai\/az\/polyak-dilinin-qrammatikasi\/\",\"name\":\"Polyak dilinin qrammatikas\u0131 - Talkpal\",\"isPartOf\":{\"@id\":\"https:\/\/talkpal.ai\/az\/#website\"},\"primaryImageOfPage\":{\"@id\":\"https:\/\/talkpal.ai\/az\/polyak-dilinin-qrammatikasi\/#primaryimage\"},\"image\":{\"@id\":\"https:\/\/talkpal.ai\/az\/polyak-dilinin-qrammatikasi\/#primaryimage\"},\"thumbnailUrl\":\"https:\/\/talkpal.ai\/wp-content\/uploads\/2023\/05\/poland.png\",\"datePublished\":\"2023-05-14T14:18:46+00:00\",\"dateModified\":\"2025-12-17T17:17:07+00:00\",\"description\":\"B\u00fct\u00fcn \u00f6yr\u0259nm\u0259 s\u0259viyy\u0259l\u0259ri \u00fc\u00e7\u00fcn n\u0259z\u0259rd\u0259 tutulmu\u015f interaktiv m\u0259\u015fql\u0259rl\u0259 Pol\u015fa qrammatikas\u0131n\u0131 m\u0259nims\u0259yin. Polyak bacar\u0131qlar\u0131n\u0131z\u0131 art\u0131r\u0131n!\",\"breadcrumb\":{\"@id\":\"https:\/\/talkpal.ai\/az\/polyak-dilinin-qrammatikasi\/#breadcrumb\"},\"inLanguage\":\"az\",\"potentialAction\":[{\"@type\":\"ReadAction\",\"target\":[\"https:\/\/talkpal.ai\/az\/polyak-dilinin-qrammatikasi\/\"]}]},{\"@type\":\"ImageObject\",\"inLanguage\":\"az\",\"@id\":\"https:\/\/talkpal.ai\/az\/polyak-dilinin-qrammatikasi\/#primaryimage\",\"url\":\"https:\/\/talkpal.ai\/wp-content\/uploads\/2023\/05\/poland.png\",\"contentUrl\":\"https:\/\/talkpal.ai\/wp-content\/uploads\/2023\/05\/poland.png\",\"width\":512,\"height\":512},{\"@type\":\"BreadcrumbList\",\"@id\":\"https:\/\/talkpal.ai\/az\/polyak-dilinin-qrammatikasi\/#breadcrumb\",\"itemListElement\":[{\"@type\":\"ListItem\",\"position\":1,\"name\":\"Homepage\",\"item\":\"https:\/\/talkpal.ai\/az\/\"},{\"@type\":\"ListItem\",\"position\":2,\"name\":\"Polyak dilinin qrammatikas\u0131\"}]},{\"@type\":\"WebSite\",\"@id\":\"https:\/\/talkpal.ai\/az\/#website\",\"url\":\"https:\/\/talkpal.ai\/az\/\",\"name\":\"Talkpal\",\"description\":\"AI Language Learning\",\"publisher\":{\"@id\":\"https:\/\/talkpal.ai\/az\/#organization\"},\"alternateName\":\"Talkpal AI\",\"potentialAction\":[{\"@type\":\"SearchAction\",\"target\":{\"@type\":\"EntryPoint\",\"urlTemplate\":\"https:\/\/talkpal.ai\/az\/?s={search_term_string}\"},\"query-input\":{\"@type\":\"PropertyValueSpecification\",\"valueRequired\":true,\"valueName\":\"search_term_string\"}}],\"inLanguage\":\"az\"},{\"@type\":\"Organization\",\"@id\":\"https:\/\/talkpal.ai\/az\/#organization\",\"name\":\"Talkpal, Inc.\",\"alternateName\":\"Talkpal AI\",\"url\":\"https:\/\/talkpal.ai\/az\/\",\"logo\":{\"@type\":\"ImageObject\",\"inLanguage\":\"az\",\"@id\":\"https:\/\/talkpal.ai\/az\/#\/schema\/logo\/image\/\",\"url\":\"https:\/\/talkpal.ai\/wp-content\/uploads\/2024\/03\/Talkpal-Logo-Icon.png\",\"contentUrl\":\"https:\/\/talkpal.ai\/wp-content\/uploads\/2024\/03\/Talkpal-Logo-Icon.png\",\"width\":2880,\"height\":2880,\"caption\":\"Talkpal, Inc.\"},\"image\":{\"@id\":\"https:\/\/talkpal.ai\/az\/#\/schema\/logo\/image\/\"},\"sameAs\":[\"https:\/\/www.facebook.com\/profile.php?id=100090733639311\",\"https:\/\/x.com\/talkpalai\",\"https:\/\/www.linkedin.com\/company\/talkpal\/\",\"https:\/\/www.youtube.com\/@TalkPal\/\",\"https:\/\/www.tiktok.com\/@talkpal\",\"https:\/\/www.instagram.com\/talkpal_ai\/\",\"https:\/\/www.crunchbase.com\/organization\/talkpal-9cde\",\"https:\/\/www.g2.com\/products\/talkpal-for-business\/\",\"https:\/\/www.trustpilot.com\/review\/talkpal.ai\",\"https:\/\/www.capterra.com\/p\/10006800\/TalkPal\/\"],\"description\":\"Talkpal is a language learning web and mobile education app, powered by the latest AI technologies, that provides engaging experiences to its customers in many different languages to help them improve their language skills. Users can chat about unlimited amount of topics with the app and use other modes to practice their language learning.\",\"email\":\"support@talkpal.ai\",\"legalName\":\"Talkpal, Inc.\",\"foundingDate\":\"2023-04-03\",\"duns\":\"118989042\",\"numberOfEmployees\":{\"@type\":\"QuantitativeValue\",\"minValue\":\"11\",\"maxValue\":\"50\"},\"publishingPrinciples\":\"https:\/\/talkpal.ai\/publishing-principles\/\",\"actionableFeedbackPolicy\":\"https:\/\/talkpal.ai\/actionable-feedback-policy\/\",\"correctionsPolicy\":\"https:\/\/talkpal.ai\/corrections-policy\/\",\"ethicsPolicy\":\"https:\/\/talkpal.ai\/ethics-policy\/\",\"diversityPolicy\":\"https:\/\/talkpal.ai\/diversity-policy\/\",\"diversityStaffingReport\":\"https:\/\/talkpal.ai\/diversity-policy\/\"}]}<\/script>\n<!-- \/ Yoast SEO Premium plugin. -->","yoast_head_json":{"title":"Polyak dilinin qrammatikas\u0131 - Talkpal","description":"B\u00fct\u00fcn \u00f6yr\u0259nm\u0259 s\u0259viyy\u0259l\u0259ri \u00fc\u00e7\u00fcn n\u0259z\u0259rd\u0259 tutulmu\u015f interaktiv m\u0259\u015fql\u0259rl\u0259 Pol\u015fa qrammatikas\u0131n\u0131 m\u0259nims\u0259yin. Polyak bacar\u0131qlar\u0131n\u0131z\u0131 art\u0131r\u0131n!","robots":{"index":"index","follow":"follow","max-snippet":"max-snippet:-1","max-image-preview":"max-image-preview:large","max-video-preview":"max-video-preview:-1"},"canonical":"https:\/\/talkpal.ai\/az\/polyak-dilinin-qrammatikasi\/","og_locale":"az_AZ","og_type":"article","og_title":"Polyak dilinin qrammatikas\u0131","og_description":"Polyak dilinin qrammatikas\u0131 Tapmacas\u0131n\u0131 Q\u0131rmaq Slavyan dili olan polyak dili \u00f6z\u00fcn\u0259m\u0259xsus dil mac\u0259ras\u0131 axtaran dil \u00f6yr\u0259n\u0259nl\u0259r \u00fc\u00e7\u00fcn h\u0259m \u00e7\u0259tinlik \u00e7\u0259kir, h\u0259m","og_url":"https:\/\/talkpal.ai\/az\/polyak-dilinin-qrammatikasi\/","og_site_name":"Talkpal","article_publisher":"https:\/\/www.facebook.com\/profile.php?id=100090733639311","article_modified_time":"2025-12-17T17:17:07+00:00","og_image":[{"width":512,"height":512,"url":"https:\/\/talkpal.ai\/wp-content\/uploads\/2023\/05\/poland.png","type":"image\/png"}],"twitter_card":"summary_large_image","twitter_site":"@talkpalai","twitter_misc":{"Est. reading time":"4 minutes"},"schema":{"@context":"https:\/\/schema.org","@graph":[{"@type":"WebPage","@id":"https:\/\/talkpal.ai\/az\/polyak-dilinin-qrammatikasi\/","url":"https:\/\/talkpal.ai\/az\/polyak-dilinin-qrammatikasi\/","name":"Polyak dilinin qrammatikas\u0131 - Talkpal","isPartOf":{"@id":"https:\/\/talkpal.ai\/az\/#website"},"primaryImageOfPage":{"@id":"https:\/\/talkpal.ai\/az\/polyak-dilinin-qrammatikasi\/#primaryimage"},"image":{"@id":"https:\/\/talkpal.ai\/az\/polyak-dilinin-qrammatikasi\/#primaryimage"},"thumbnailUrl":"https:\/\/talkpal.ai\/wp-content\/uploads\/2023\/05\/poland.png","datePublished":"2023-05-14T14:18:46+00:00","dateModified":"2025-12-17T17:17:07+00:00","description":"B\u00fct\u00fcn \u00f6yr\u0259nm\u0259 s\u0259viyy\u0259l\u0259ri \u00fc\u00e7\u00fcn n\u0259z\u0259rd\u0259 tutulmu\u015f interaktiv m\u0259\u015fql\u0259rl\u0259 Pol\u015fa qrammatikas\u0131n\u0131 m\u0259nims\u0259yin. Polyak bacar\u0131qlar\u0131n\u0131z\u0131 art\u0131r\u0131n!","breadcrumb":{"@id":"https:\/\/talkpal.ai\/az\/polyak-dilinin-qrammatikasi\/#breadcrumb"},"inLanguage":"az","potentialAction":[{"@type":"ReadAction","target":["https:\/\/talkpal.ai\/az\/polyak-dilinin-qrammatikasi\/"]}]},{"@type":"ImageObject","inLanguage":"az","@id":"https:\/\/talkpal.ai\/az\/polyak-dilinin-qrammatikasi\/#primaryimage","url":"https:\/\/talkpal.ai\/wp-content\/uploads\/2023\/05\/poland.png","contentUrl":"https:\/\/talkpal.ai\/wp-content\/uploads\/2023\/05\/poland.png","width":512,"height":512},{"@type":"BreadcrumbList","@id":"https:\/\/talkpal.ai\/az\/polyak-dilinin-qrammatikasi\/#breadcrumb","itemListElement":[{"@type":"ListItem","position":1,"name":"Homepage","item":"https:\/\/talkpal.ai\/az\/"},{"@type":"ListItem","position":2,"name":"Polyak dilinin qrammatikas\u0131"}]},{"@type":"WebSite","@id":"https:\/\/talkpal.ai\/az\/#website","url":"https:\/\/talkpal.ai\/az\/","name":"Talkpal","description":"AI Language Learning","publisher":{"@id":"https:\/\/talkpal.ai\/az\/#organization"},"alternateName":"Talkpal AI","potentialAction":[{"@type":"SearchAction","target":{"@type":"EntryPoint","urlTemplate":"https:\/\/talkpal.ai\/az\/?s={search_term_string}"},"query-input":{"@type":"PropertyValueSpecification","valueRequired":true,"valueName":"search_term_string"}}],"inLanguage":"az"},{"@type":"Organization","@id":"https:\/\/talkpal.ai\/az\/#organization","name":"Talkpal, Inc.","alternateName":"Talkpal AI","url":"https:\/\/talkpal.ai\/az\/","logo":{"@type":"ImageObject","inLanguage":"az","@id":"https:\/\/talkpal.ai\/az\/#\/schema\/logo\/image\/","url":"https:\/\/talkpal.ai\/wp-content\/uploads\/2024\/03\/Talkpal-Logo-Icon.png","contentUrl":"https:\/\/talkpal.ai\/wp-content\/uploads\/2024\/03\/Talkpal-Logo-Icon.png","width":2880,"height":2880,"caption":"Talkpal, Inc."},"image":{"@id":"https:\/\/talkpal.ai\/az\/#\/schema\/logo\/image\/"},"sameAs":["https:\/\/www.facebook.com\/profile.php?id=100090733639311","https:\/\/x.com\/talkpalai","https:\/\/www.linkedin.com\/company\/talkpal\/","https:\/\/www.youtube.com\/@TalkPal\/","https:\/\/www.tiktok.com\/@talkpal","https:\/\/www.instagram.com\/talkpal_ai\/","https:\/\/www.crunchbase.com\/organization\/talkpal-9cde","https:\/\/www.g2.com\/products\/talkpal-for-business\/","https:\/\/www.trustpilot.com\/review\/talkpal.ai","https:\/\/www.capterra.com\/p\/10006800\/TalkPal\/"],"description":"Talkpal is a language learning web and mobile education app, powered by the latest AI technologies, that provides engaging experiences to its customers in many different languages to help them improve their language skills. Users can chat about unlimited amount of topics with the app and use other modes to practice their language learning.","email":"support@talkpal.ai","legalName":"Talkpal, Inc.","foundingDate":"2023-04-03","duns":"118989042","numberOfEmployees":{"@type":"QuantitativeValue","minValue":"11","maxValue":"50"},"publishingPrinciples":"https:\/\/talkpal.ai\/publishing-principles\/","actionableFeedbackPolicy":"https:\/\/talkpal.ai\/actionable-feedback-policy\/","correctionsPolicy":"https:\/\/talkpal.ai\/corrections-policy\/","ethicsPolicy":"https:\/\/talkpal.ai\/ethics-policy\/","diversityPolicy":"https:\/\/talkpal.ai\/diversity-policy\/","diversityStaffingReport":"https:\/\/talkpal.ai\/diversity-policy\/"}]}},"_links":{"self":[{"href":"https:\/\/talkpal.ai\/az\/wp-json\/wp\/v2\/pages\/149013","targetHints":{"allow":["GET"]}}],"collection":[{"href":"https:\/\/talkpal.ai\/az\/wp-json\/wp\/v2\/pages"}],"about":[{"href":"https:\/\/talkpal.ai\/az\/wp-json\/wp\/v2\/types\/page"}],"author":[{"embeddable":true,"href":"https:\/\/talkpal.ai\/az\/wp-json\/wp\/v2\/users\/1"}],"replies":[{"embeddable":true,"href":"https:\/\/talkpal.ai\/az\/wp-json\/wp\/v2\/comments?post=149013"}],"version-history":[{"count":0,"href":"https:\/\/talkpal.ai\/az\/wp-json\/wp\/v2\/pages\/149013\/revisions"}],"wp:featuredmedia":[{"embeddable":true,"href":"https:\/\/talkpal.ai\/az\/wp-json\/wp\/v2\/media\/117419"}],"wp:attachment":[{"href":"https:\/\/talkpal.ai\/az\/wp-json\/wp\/v2\/media?parent=149013"}],"curies":[{"name":"wp","href":"https:\/\/api.w.org\/{rel}","templated":true}]}}