{"id":148682,"date":"2023-05-14T14:18:22","date_gmt":"2023-05-14T14:18:22","guid":{"rendered":"http:\/\/talkpal.ai\/fars-dilinin-qrammatikasi\/"},"modified":"2025-12-12T10:32:57","modified_gmt":"2025-12-12T10:32:57","slug":"fars-dilinin-qrammatikasi","status":"publish","type":"page","link":"https:\/\/talkpal.ai\/az\/fars-dilinin-qrammatikasi\/","title":{"rendered":"Fars dilinin qrammatikas\u0131"},"content":{"rendered":"\r\n\r\n\r\n<section class=\"languageChallengeSection\">\r\n    <div class=\"languageInfoWrapper\">\r\n        \r\n        <h1>Fars dilinin qrammatikas\u0131<\/h1>\r\n        <p><a href=\"https:\/\/talkpal.ai\/learn-persian\/\">Fars<\/a> dili il\u0259 maraqlan\u0131rs\u0131n\u0131z? Sad\u0259liyi il\u0259 m\u0259\u015fhur olan fars dilinin qrammatikas\u0131n\u0131 ara\u015fd\u0131r\u0131n &#8211; he\u00e7 bir isim cinsi, sad\u0259 fel birl\u0259\u015fm\u0259l\u0259ri v\u0259 \u00e7evik c\u00fcml\u0259 qurulu\u015fu onu t\u0259rav\u0259tl\u0259ndirici \u015f\u0259kild\u0259 \u0259l\u00e7atan edir. Fars mac\u0259ran\u0131za bu g\u00fcn ba\u015flay\u0131n &#8211; onun qrammatikas\u0131na yiy\u0259l\u0259nm\u0259k \u00fcnsiyy\u0259t \u00fc\u00e7\u00fcn yeni imkanlar a\u00e7acaq v\u0259 sizi \u0130ran\u0131n v\u0259 onun h\u00fcdudlar\u0131ndan k\u0259narda z\u0259ngin poeziya v\u0259 m\u0259d\u0259niyy\u0259t\u0259 q\u0259rq ed\u0259c\u0259k!<\/p>\r\n\r\n                            <a class=\"getStartedHidden\" href=\"https:\/\/app.talkpal.ai\/signup?lng=\">Ba\u015fla<\/a>\r\n        \r\n    <\/div>\r\n\r\n    <figure>\r\n    <img decoding=\"async\" width=\"768\" height=\"768\" src=\"https:\/\/talkpal.ai\/wp-content\/uploads\/2023\/06\/persian-768x768.png\" class=\"languageImage no-lazy\" alt=\"Language learning to comprehend global news\" fetchpriority=\"high\" sizes=\"(max-width: 768px) 150px, 768px\" srcset=\"https:\/\/talkpal.ai\/wp-content\/uploads\/2023\/06\/persian-768x768.png 768w, https:\/\/talkpal.ai\/wp-content\/uploads\/2023\/06\/persian-300x300.png 300w\" \/>\r\n    \r\n\r\n    <\/figure>\r\n\r\n            <a class=\"getStartedVisible\" href=\"https:\/\/app.talkpal.ai\/signup?lng=\">Ba\u015fla<\/a>\r\n    \r\n<\/section>\r\n<section class=\"promotionalBanner\">\r\n    <p class=\"promotionalText\">Dil \u00f6yr\u0259nm\u0259yin \u0259n t\u0259sirli yolu<\/p>\r\n    <a class=\"promotionalLink\" href=\"https:\/\/app.talkpal.ai\/signup?lng=\">Talkpal pulsuz s\u0131nay\u0131n<\/a>\r\n<\/section>\n<div class=\"wp-block-group pageContainerStyle\"><div class=\"wp-block-group__inner-container is-layout-constrained wp-block-group-is-layout-constrained\">\n<h2 class=\"wp-block-heading\" id=\"h-mastering-persian-grammar-your-ultimate-guide\">Fars dilinin qrammatikas\u0131na yiy\u0259l\u0259nm\u0259k. Sizin son b\u0259l\u0259d\u00e7iniz<\/h2>\n\n\n\n<p>Salam, <a href=\"https:\/\/talkpal.ai\/talkpal-discount-for-language-enthusiasts\/\">dil h\u0259v\u0259skarlar\u0131<\/a>! Fars dilinin qrammatikas\u0131 d\u00fcnyas\u0131na s\u0259yah\u0259t\u0259 \u00e7\u0131xma\u011fa haz\u0131rs\u0131n\u0131zm\u0131? Siz d\u00fczg\u00fcn yer\u0259 g\u0259ldiniz. Bu m\u0259qal\u0259 <a href=\"https:\/\/talkpal.ai\/locations\/learn-english-in-asan\/\">asan<\/a> ba\u015fa d\u00fc\u015f\u00fcl\u0259n m\u0259&#8217;lumat v\u0259 dan\u0131\u015f\u0131q tonu il\u0259 doldurularaq, fars dilinin qrammatikas\u0131 \u00fczr\u0259 maraql\u0131 bir sah\u0259d\u0259 siz\u0259 yol g\u00f6st\u0259r\u0259c\u0259kdir. Tezlikl\u0259 siz c\u00fcml\u0259l\u0259r qura v\u0259 do\u011fma dan\u0131\u015fanlarla m\u0259nal\u0131 s\u00f6hb\u0259tl\u0259r ed\u0259 bil\u0259c\u0259ksiniz. Bel\u0259likl\u0259, fars dilinin qrammatikas\u0131n\u0131n sirl\u0259rini a\u00e7ma\u011fa ba\u015flayaq!<\/p>\n\n\n\n<p><strong>B\u0259s birincisi, n\u0259y\u0259 g\u00f6r\u0259 fars dilinin qrammatikas\u0131?<\/strong><\/p>\n\n\n\n<p>\u018fg\u0259r fars dilini \u00f6yr\u0259nirsinizs\u0259, s\u0259lis dan\u0131\u015fmaq, oxumaq v\u0259 yazmaq \u00fc\u00e7\u00fcn qrammatikada g\u00fccl\u00fc t\u0259m\u0259l vacibdir. Fars dilinin qrammatikas\u0131 \u0259vv\u0259lc\u0259 m\u00fcr\u0259kk\u0259b g\u00f6r\u00fcns\u0259 d\u0259, onu ki\u00e7ik v\u0259 idar\u0259olunmaz seqmentl\u0259r\u0259 b\u00f6ld\u00fckd\u0259n sonra daha \u0259l\u00e7atan olur. Bel\u0259likl\u0259, fars dilinin qrammatikas\u0131n\u0131 m\u0259nims\u0259m\u0259k \u00fc\u00e7\u00fcn s\u0259yah\u0259tiniz\u0259 ba\u015flayaq!<\/p>\n\n\n\n<h3 class=\"wp-block-heading\" id=\"h-1-nouns-gender-and-number\">1. Nounlar, cins v\u0259 say<\/h3>\n\n\n\n<p>Fars dilind\u0259 isiml\u0259rin cinsi yoxdur, bu da onu bir \u00e7ox dig\u0259r dill\u0259rd\u0259n daha sad\u0259 edir. \u0130siml\u0259rin t\u0259k formas\u0131 eyni qal\u0131r, c\u0259m formas\u0131 is\u0259 ad\u0259t\u0259n \u201c-\u0647\u0627\u201d v\u0259 ya \u201c-\u0627\u0646\u201d il\u0259 bitir. M\u0259s\u0259l\u0259n:<\/p>\n\n\n\n<p>\u2013 \u06a9\u062a\u0627\u0628 (k\u0259tab \u2013 kitab)<\/p>\n\n\n\n<p>\u2013 \u06a9\u062a\u0627\u0628\u200c\u0647\u0627 (k\u0259tab-h\u0101 \u2013 kitablar)<\/p>\n\n\n\n<h3 class=\"wp-block-heading\" id=\"h-2-adjectives-agreement-and-definite-articles\">2. Adjectives, raz\u0131la\u015fma v\u0259 m\u00fc\u0259yy\u0259n m\u0259qal\u0259l\u0259r<\/h3>\n\n\n\n<p>Fars dilind\u0259 sif\u0259tl\u0259r ad\u0259t\u0259n d\u0259yi\u015fdirdikl\u0259ri ismin ard\u0131nca gedir v\u0259 cins v\u0259 ya say bax\u0131m\u0131ndan raz\u0131l\u0131\u011fa ehtiyac yoxdur. M\u0259s\u0259l\u0259n:<\/p>\n\n\n\n<p><strong>\u2013 \u062e\u0627\u0646\u0647 \u0628\u0632\u0631\u06af (kh\u0101ne bozorg \u2013 b\u00f6y\u00fck ev)<\/strong><\/p>\n\n\n\n<p><strong>\u2013 \u0645\u0646\u0632\u0644 \u06a9\u0648\u0686\u06a9 (manzel kucak \u2013 ki\u00e7ik ev)<\/strong><\/p>\n\n\n\n<p>Fars dilind\u0259 m\u00fc\u0259yy\u0259n artikl yoxdur, lakin qeyri-m\u00fc\u0259yy\u0259n artikl t\u0259k s\u00f6zl\u0259r\u0259 \u201c-\u06cc\u201d (i) \u015f\u0259kil\u00e7isi kimi \u0259lav\u0259 olunur.<\/p>\n\n\n\n<h3 class=\"wp-block-heading\" id=\"h-3-verbs-tense-and-conjugation\">3. Feil, zaman v\u0259 ba\u011flama<\/h3>\n\n\n\n<p>Fars feill\u0259ri qrammatikada h\u0259lledici rol oynay\u0131r v\u0259 c\u00fcml\u0259l\u0259rin d\u00fcz\u0259ldilm\u0259si \u00fc\u00e7\u00fcn z\u0259ruridir. H\u0259r bir feil m\u00fcxt\u0259lif prefiks v\u0259 suffiksl\u0259rl\u0259 birl\u0259\u015f\u0259r\u0259k m\u00f6vzu il\u0259 g\u0259rgin v\u0259 raz\u0131la\u015fma bildir\u0259n bir k\u00f6k\u0259 malikdir.<\/p>\n\n\n\n<p>Siz\u0259 q\u0131sa m\u0259lumat verm\u0259k \u00fc\u00e7\u00fcn indiki zamanda m\u00fcnt\u0259z\u0259m fell\u0259ri m\u00fczakir\u0259 ed\u0259k:<\/p>\n\n\n\n<p><strong>\u2013 \u0645\u0646 \u0645\u06cc\u200c\u062e\u0648\u0627\u0646\u0645 (man mik\u0101nam \u2013 oxudum)<\/strong><\/p>\n\n\n\n<p><strong>\u2013 \u062a\u0648 \u0645\u06cc\u200c\u062e\u0648\u0627\u0646\u06cc (mikhaniye \u2013 oxuyursan, qeyri-r\u0259smi)<\/strong><\/p>\n\n\n\n<p><strong>\u2013 \u0627\u0648 \u0645\u06cc\u200c\u062e\u0648\u0627\u0646\u062f (u mikhanad \u2013 oxuyur)<\/strong><\/p>\n\n\n\n<p>Unutma ki, bu, sad\u0259c\u0259 ba\u015flan\u011f\u0131cd\u0131r! Fars dilinin qrammatikas\u0131na d\u0259rind\u0259n baxd\u0131qca m\u00fcxt\u0259lif g\u0259rginlikl\u0259rl\u0259, qeyri-m\u00fcnt\u0259z\u0259m feill\u0259rl\u0259 v\u0259 m\u00fcr\u0259kk\u0259blikl\u0259rl\u0259 rastla\u015facaqsan.<\/p>\n\n\n\n<h3 class=\"wp-block-heading\" id=\"h-4-pronouns-prepositions-and-more\">4. Pronouns, prepositions v\u0259 daha \u00e7ox!<\/h3>\n\n\n\n<p>Fars dilinin qrammatikas\u0131 \u0259v\u0259zlikl\u0259r (\u0645\u0646, \u062a\u0648, \u0627\u0648 v\u0259 s.), \u00f6n s\u00f6zl\u0259r (\u0628\u0647, \u0627\u0632, \u062f\u0631 v\u0259 s.) v\u0259 idiomatik ifad\u0259l\u0259r kimi dig\u0259r komponentl\u0259ri d\u0259 \u0259hat\u0259 edir. H\u0259r bir elementi bir-bir m\u0259nims\u0259m\u0259k fars dilind\u0259 h\u0259rt\u0259r\u0259fli r\u0259vanl\u0131\u011fa nail olmaq \u00fc\u00e7\u00fcn a\u00e7ard\u0131r.<\/p>\n\n\n\n<p>N\u0259tic\u0259 olaraq, fars dilinin qrammatikas\u0131n\u0131 m\u0259nims\u0259m\u0259yin q\u0131sa yolu yoxdur. Bunun \u00fc\u00e7\u00fcn \u0259zm, t\u0259cr\u00fcb\u0259 v\u0259 s\u0259bir laz\u0131md\u0131r. Bununla bel\u0259, onun inc\u0259likl\u0259rini d\u0259rk etdikd\u0259n sonra fars dilind\u0259 s\u00f6hb\u0259t etm\u0259yin, farsdilli b\u00f6lg\u0259l\u0259rin z\u0259ngin m\u0259d\u0259niyy\u0259tini v\u0259 tarixini ara\u015fd\u0131rma\u011f\u0131n v\u0259 dil\u0259 olan sevginizi d\u0259rinl\u0259\u015fdirm\u0259yin n\u00fcanslar\u0131n\u0131 qiym\u0259tl\u0259ndirm\u0259k \u00fc\u00e7\u00fcn yax\u015f\u0131 t\u0259chiz olunmu\u015f olacaqs\u0131n\u0131z. \u0645\u0648\u0641\u0642 \u0628\u0627\u0634\u06cc\u062f (movaffagh bashid \u2013 u\u011furlar)!<\/p>\n<\/div><\/div>\n\r\n<section class=\"learnNavigationSection\">\r\n            \r\n        <a href=\"https:\/\/talkpal.ai\/az\/fars-dilini-oyr%c9%99n\/\">\r\n            <div class=\"learnNavigationWrapper\">\r\n                <div class=\"learnNavigationContent\">\r\n                    <img decoding=\"async\" src=\"https:\/\/talkpal.ai\/wp-content\/uploads\/2024\/08\/Persian.jpg\" alt=\"Persian Flag\">\r\n                    <div>\r\n                        <h4>Fars dilinin \u00f6yr\u0259nilm\u0259si haqq\u0131nda<\/h4>\r\n                        <p>Fars dilinin qrammatikas\u0131 haqq\u0131nda h\u0259r \u015feyi \u00f6yr\u0259nin.<\/p>\r\n                    <\/div>\r\n                <\/div>\r\n            <\/div>\r\n        <\/a>\r\n\r\n        \r\n        <a href=\"https:\/\/talkpal.ai\/az\/fars-dilinin-qrammatikasi-m%c9%99sg%c9%99l%c9%99l%c9%99ri\/\">\r\n            <div class=\"learnNavigationWrapper\">\r\n                <div class=\"learnNavigationContent\">\r\n                    <img decoding=\"async\" src=\"https:\/\/talkpal.ai\/wp-content\/uploads\/2024\/08\/Persian.jpg\" alt=\"Persian Flag\">\r\n                    <div>\r\n                        <h4>Fars dilinin qrammatikas\u0131 m\u0259\u015fqi<\/h4>\r\n                        <p>Fars dilinin qrammatikas\u0131 il\u0259 m\u0259\u015f\u011ful.<\/p>\r\n                    <\/div>\r\n                <\/div>\r\n            <\/div>\r\n        <\/a>\r\n\r\n        \r\n        <a href=\"https:\/\/talkpal.ai\/vocabulary_language\/persian\/\">\r\n            <div class=\"learnNavigationWrapper\">\r\n                <div class=\"learnNavigationContent\">\r\n                    <img decoding=\"async\" src=\"https:\/\/talkpal.ai\/wp-content\/uploads\/2024\/08\/Persian.jpg\" alt=\"Persian Flag\">\r\n                    <div>\r\n                        <h4>Fars l\u00fc\u011f\u0259ti<\/h4>\r\n                        <p>Farsca l\u00fc\u011f\u0259tinizi geni\u015fl\u0259ndirin.<\/p>\r\n                    <\/div>\r\n                <\/div>\r\n            <\/div>\r\n        <\/a>\r\n\r\n            <\/section>","protected":false},"excerpt":{"rendered":"<p>Fars dilinin qrammatikas\u0131na yiy\u0259l\u0259nm\u0259k. Sizin son b\u0259l\u0259d\u00e7iniz Salam, dil h\u0259v\u0259skarlar\u0131! Fars dilinin qrammatikas\u0131 d\u00fcnyas\u0131na s\u0259yah\u0259t\u0259 \u00e7\u0131xma\u011fa haz\u0131rs\u0131n\u0131zm\u0131? Siz d\u00fczg\u00fcn yer\u0259 g\u0259ldiniz. Bu m\u0259qal\u0259 asan ba\u015fa d\u00fc\u015f\u00fcl\u0259n m\u0259&#8217;lumat v\u0259 dan\u0131\u015f\u0131q tonu il\u0259 doldurularaq, fars dilinin qrammatikas\u0131 \u00fczr\u0259 maraql\u0131 bir sah\u0259d\u0259 siz\u0259 yol g\u00f6st\u0259r\u0259c\u0259kdir. Tezlikl\u0259 siz c\u00fcml\u0259l\u0259r qura v\u0259 do\u011fma dan\u0131\u015fanlarla m\u0259nal\u0131 s\u00f6hb\u0259tl\u0259r ed\u0259 bil\u0259c\u0259ksiniz. Bel\u0259likl\u0259, fars [&hellip;]<\/p>\n","protected":false},"author":1,"featured_media":117137,"parent":0,"menu_order":0,"comment_status":"closed","ping_status":"closed","template":"LearningContentPage.php","meta":{"_acf_changed":false,"footnotes":""},"class_list":["post-148682","page","type-page","status-publish","has-post-thumbnail","hentry"],"acf":[],"yoast_head":"<!-- This site is optimized with the Yoast SEO Premium plugin v27.2 (Yoast SEO v27.2) - https:\/\/yoast.com\/product\/yoast-seo-premium-wordpress\/ -->\n<title>Fars dilinin qrammatikas\u0131 - Talkpal<\/title>\n<meta name=\"description\" content=\"Fars dilind\u0259 anlay\u0131\u015f\u0131n\u0131z\u0131 v\u0259 s\u0259lisliyinizi art\u0131rmaq \u00fc\u00e7\u00fcn Fars qrammatikas\u0131n\u0131n inc\u0259likl\u0259rini ara\u015fd\u0131r\u0131n.\" \/>\n<meta name=\"robots\" content=\"index, follow, max-snippet:-1, max-image-preview:large, max-video-preview:-1\" \/>\n<link rel=\"canonical\" href=\"https:\/\/talkpal.ai\/az\/fars-dilinin-qrammatikasi\/\" \/>\n<meta property=\"og:locale\" content=\"az_AZ\" \/>\n<meta property=\"og:type\" content=\"article\" \/>\n<meta property=\"og:title\" content=\"Fars dilinin qrammatikas\u0131\" \/>\n<meta property=\"og:description\" content=\"Fars dilinin qrammatikas\u0131na yiy\u0259l\u0259nm\u0259k. Sizin son b\u0259l\u0259d\u00e7iniz Salam, dil h\u0259v\u0259skarlar\u0131! Fars dilinin qrammatikas\u0131 d\u00fcnyas\u0131na s\u0259yah\u0259t\u0259 \u00e7\u0131xma\u011fa haz\u0131rs\u0131n\u0131zm\u0131?\" \/>\n<meta property=\"og:url\" content=\"https:\/\/talkpal.ai\/az\/fars-dilinin-qrammatikasi\/\" \/>\n<meta property=\"og:site_name\" content=\"Talkpal\" \/>\n<meta property=\"article:publisher\" content=\"https:\/\/www.facebook.com\/profile.php?id=100090733639311\" \/>\n<meta property=\"article:modified_time\" content=\"2025-12-12T10:32:57+00:00\" \/>\n<meta property=\"og:image\" content=\"https:\/\/talkpal.ai\/wp-content\/uploads\/2023\/05\/Persian-iran.png\" \/>\n\t<meta property=\"og:image:width\" content=\"512\" \/>\n\t<meta property=\"og:image:height\" content=\"512\" \/>\n\t<meta property=\"og:image:type\" content=\"image\/png\" \/>\n<meta name=\"twitter:card\" content=\"summary_large_image\" \/>\n<meta name=\"twitter:site\" content=\"@talkpalai\" \/>\n<meta name=\"twitter:label1\" content=\"Est. reading time\" \/>\n\t<meta name=\"twitter:data1\" content=\"3 minutes\" \/>\n<script type=\"application\/ld+json\" class=\"yoast-schema-graph\">{\"@context\":\"https:\/\/schema.org\",\"@graph\":[{\"@type\":\"WebPage\",\"@id\":\"https:\/\/talkpal.ai\/az\/fars-dilinin-qrammatikasi\/\",\"url\":\"https:\/\/talkpal.ai\/az\/fars-dilinin-qrammatikasi\/\",\"name\":\"Fars dilinin qrammatikas\u0131 - Talkpal\",\"isPartOf\":{\"@id\":\"https:\/\/talkpal.ai\/az\/#website\"},\"primaryImageOfPage\":{\"@id\":\"https:\/\/talkpal.ai\/az\/fars-dilinin-qrammatikasi\/#primaryimage\"},\"image\":{\"@id\":\"https:\/\/talkpal.ai\/az\/fars-dilinin-qrammatikasi\/#primaryimage\"},\"thumbnailUrl\":\"https:\/\/talkpal.ai\/wp-content\/uploads\/2023\/05\/Persian-iran.png\",\"datePublished\":\"2023-05-14T14:18:22+00:00\",\"dateModified\":\"2025-12-12T10:32:57+00:00\",\"description\":\"Fars dilind\u0259 anlay\u0131\u015f\u0131n\u0131z\u0131 v\u0259 s\u0259lisliyinizi art\u0131rmaq \u00fc\u00e7\u00fcn Fars qrammatikas\u0131n\u0131n inc\u0259likl\u0259rini ara\u015fd\u0131r\u0131n.\",\"breadcrumb\":{\"@id\":\"https:\/\/talkpal.ai\/az\/fars-dilinin-qrammatikasi\/#breadcrumb\"},\"inLanguage\":\"az\",\"potentialAction\":[{\"@type\":\"ReadAction\",\"target\":[\"https:\/\/talkpal.ai\/az\/fars-dilinin-qrammatikasi\/\"]}]},{\"@type\":\"ImageObject\",\"inLanguage\":\"az\",\"@id\":\"https:\/\/talkpal.ai\/az\/fars-dilinin-qrammatikasi\/#primaryimage\",\"url\":\"https:\/\/talkpal.ai\/wp-content\/uploads\/2023\/05\/Persian-iran.png\",\"contentUrl\":\"https:\/\/talkpal.ai\/wp-content\/uploads\/2023\/05\/Persian-iran.png\",\"width\":512,\"height\":512},{\"@type\":\"BreadcrumbList\",\"@id\":\"https:\/\/talkpal.ai\/az\/fars-dilinin-qrammatikasi\/#breadcrumb\",\"itemListElement\":[{\"@type\":\"ListItem\",\"position\":1,\"name\":\"Homepage\",\"item\":\"https:\/\/talkpal.ai\/az\/\"},{\"@type\":\"ListItem\",\"position\":2,\"name\":\"Fars dilinin qrammatikas\u0131\"}]},{\"@type\":\"WebSite\",\"@id\":\"https:\/\/talkpal.ai\/az\/#website\",\"url\":\"https:\/\/talkpal.ai\/az\/\",\"name\":\"Talkpal\",\"description\":\"AI Language Learning\",\"publisher\":{\"@id\":\"https:\/\/talkpal.ai\/az\/#organization\"},\"alternateName\":\"Talkpal AI\",\"potentialAction\":[{\"@type\":\"SearchAction\",\"target\":{\"@type\":\"EntryPoint\",\"urlTemplate\":\"https:\/\/talkpal.ai\/az\/?s={search_term_string}\"},\"query-input\":{\"@type\":\"PropertyValueSpecification\",\"valueRequired\":true,\"valueName\":\"search_term_string\"}}],\"inLanguage\":\"az\"},{\"@type\":\"Organization\",\"@id\":\"https:\/\/talkpal.ai\/az\/#organization\",\"name\":\"Talkpal, Inc.\",\"alternateName\":\"Talkpal AI\",\"url\":\"https:\/\/talkpal.ai\/az\/\",\"logo\":{\"@type\":\"ImageObject\",\"inLanguage\":\"az\",\"@id\":\"https:\/\/talkpal.ai\/az\/#\/schema\/logo\/image\/\",\"url\":\"https:\/\/talkpal.ai\/wp-content\/uploads\/2024\/03\/Talkpal-Logo-Icon.png\",\"contentUrl\":\"https:\/\/talkpal.ai\/wp-content\/uploads\/2024\/03\/Talkpal-Logo-Icon.png\",\"width\":2880,\"height\":2880,\"caption\":\"Talkpal, Inc.\"},\"image\":{\"@id\":\"https:\/\/talkpal.ai\/az\/#\/schema\/logo\/image\/\"},\"sameAs\":[\"https:\/\/www.facebook.com\/profile.php?id=100090733639311\",\"https:\/\/x.com\/talkpalai\",\"https:\/\/www.linkedin.com\/company\/talkpal\/\",\"https:\/\/www.youtube.com\/@TalkPal\/\",\"https:\/\/www.tiktok.com\/@talkpal\",\"https:\/\/www.instagram.com\/talkpal_ai\/\",\"https:\/\/www.crunchbase.com\/organization\/talkpal-9cde\",\"https:\/\/www.g2.com\/products\/talkpal-for-business\/\",\"https:\/\/www.trustpilot.com\/review\/talkpal.ai\",\"https:\/\/www.capterra.com\/p\/10006800\/TalkPal\/\"],\"description\":\"Talkpal is a language learning web and mobile education app, powered by the latest AI technologies, that provides engaging experiences to its customers in many different languages to help them improve their language skills. Users can chat about unlimited amount of topics with the app and use other modes to practice their language learning.\",\"email\":\"support@talkpal.ai\",\"legalName\":\"Talkpal, Inc.\",\"foundingDate\":\"2023-04-03\",\"duns\":\"118989042\",\"numberOfEmployees\":{\"@type\":\"QuantitativeValue\",\"minValue\":\"11\",\"maxValue\":\"50\"},\"publishingPrinciples\":\"https:\/\/talkpal.ai\/publishing-principles\/\",\"actionableFeedbackPolicy\":\"https:\/\/talkpal.ai\/actionable-feedback-policy\/\",\"correctionsPolicy\":\"https:\/\/talkpal.ai\/corrections-policy\/\",\"ethicsPolicy\":\"https:\/\/talkpal.ai\/ethics-policy\/\",\"diversityPolicy\":\"https:\/\/talkpal.ai\/diversity-policy\/\",\"diversityStaffingReport\":\"https:\/\/talkpal.ai\/diversity-policy\/\"}]}<\/script>\n<!-- \/ Yoast SEO Premium plugin. -->","yoast_head_json":{"title":"Fars dilinin qrammatikas\u0131 - Talkpal","description":"Fars dilind\u0259 anlay\u0131\u015f\u0131n\u0131z\u0131 v\u0259 s\u0259lisliyinizi art\u0131rmaq \u00fc\u00e7\u00fcn Fars qrammatikas\u0131n\u0131n inc\u0259likl\u0259rini ara\u015fd\u0131r\u0131n.","robots":{"index":"index","follow":"follow","max-snippet":"max-snippet:-1","max-image-preview":"max-image-preview:large","max-video-preview":"max-video-preview:-1"},"canonical":"https:\/\/talkpal.ai\/az\/fars-dilinin-qrammatikasi\/","og_locale":"az_AZ","og_type":"article","og_title":"Fars dilinin qrammatikas\u0131","og_description":"Fars dilinin qrammatikas\u0131na yiy\u0259l\u0259nm\u0259k. Sizin son b\u0259l\u0259d\u00e7iniz Salam, dil h\u0259v\u0259skarlar\u0131! Fars dilinin qrammatikas\u0131 d\u00fcnyas\u0131na s\u0259yah\u0259t\u0259 \u00e7\u0131xma\u011fa haz\u0131rs\u0131n\u0131zm\u0131?","og_url":"https:\/\/talkpal.ai\/az\/fars-dilinin-qrammatikasi\/","og_site_name":"Talkpal","article_publisher":"https:\/\/www.facebook.com\/profile.php?id=100090733639311","article_modified_time":"2025-12-12T10:32:57+00:00","og_image":[{"width":512,"height":512,"url":"https:\/\/talkpal.ai\/wp-content\/uploads\/2023\/05\/Persian-iran.png","type":"image\/png"}],"twitter_card":"summary_large_image","twitter_site":"@talkpalai","twitter_misc":{"Est. reading time":"3 minutes"},"schema":{"@context":"https:\/\/schema.org","@graph":[{"@type":"WebPage","@id":"https:\/\/talkpal.ai\/az\/fars-dilinin-qrammatikasi\/","url":"https:\/\/talkpal.ai\/az\/fars-dilinin-qrammatikasi\/","name":"Fars dilinin qrammatikas\u0131 - Talkpal","isPartOf":{"@id":"https:\/\/talkpal.ai\/az\/#website"},"primaryImageOfPage":{"@id":"https:\/\/talkpal.ai\/az\/fars-dilinin-qrammatikasi\/#primaryimage"},"image":{"@id":"https:\/\/talkpal.ai\/az\/fars-dilinin-qrammatikasi\/#primaryimage"},"thumbnailUrl":"https:\/\/talkpal.ai\/wp-content\/uploads\/2023\/05\/Persian-iran.png","datePublished":"2023-05-14T14:18:22+00:00","dateModified":"2025-12-12T10:32:57+00:00","description":"Fars dilind\u0259 anlay\u0131\u015f\u0131n\u0131z\u0131 v\u0259 s\u0259lisliyinizi art\u0131rmaq \u00fc\u00e7\u00fcn Fars qrammatikas\u0131n\u0131n inc\u0259likl\u0259rini ara\u015fd\u0131r\u0131n.","breadcrumb":{"@id":"https:\/\/talkpal.ai\/az\/fars-dilinin-qrammatikasi\/#breadcrumb"},"inLanguage":"az","potentialAction":[{"@type":"ReadAction","target":["https:\/\/talkpal.ai\/az\/fars-dilinin-qrammatikasi\/"]}]},{"@type":"ImageObject","inLanguage":"az","@id":"https:\/\/talkpal.ai\/az\/fars-dilinin-qrammatikasi\/#primaryimage","url":"https:\/\/talkpal.ai\/wp-content\/uploads\/2023\/05\/Persian-iran.png","contentUrl":"https:\/\/talkpal.ai\/wp-content\/uploads\/2023\/05\/Persian-iran.png","width":512,"height":512},{"@type":"BreadcrumbList","@id":"https:\/\/talkpal.ai\/az\/fars-dilinin-qrammatikasi\/#breadcrumb","itemListElement":[{"@type":"ListItem","position":1,"name":"Homepage","item":"https:\/\/talkpal.ai\/az\/"},{"@type":"ListItem","position":2,"name":"Fars dilinin qrammatikas\u0131"}]},{"@type":"WebSite","@id":"https:\/\/talkpal.ai\/az\/#website","url":"https:\/\/talkpal.ai\/az\/","name":"Talkpal","description":"AI Language Learning","publisher":{"@id":"https:\/\/talkpal.ai\/az\/#organization"},"alternateName":"Talkpal AI","potentialAction":[{"@type":"SearchAction","target":{"@type":"EntryPoint","urlTemplate":"https:\/\/talkpal.ai\/az\/?s={search_term_string}"},"query-input":{"@type":"PropertyValueSpecification","valueRequired":true,"valueName":"search_term_string"}}],"inLanguage":"az"},{"@type":"Organization","@id":"https:\/\/talkpal.ai\/az\/#organization","name":"Talkpal, Inc.","alternateName":"Talkpal AI","url":"https:\/\/talkpal.ai\/az\/","logo":{"@type":"ImageObject","inLanguage":"az","@id":"https:\/\/talkpal.ai\/az\/#\/schema\/logo\/image\/","url":"https:\/\/talkpal.ai\/wp-content\/uploads\/2024\/03\/Talkpal-Logo-Icon.png","contentUrl":"https:\/\/talkpal.ai\/wp-content\/uploads\/2024\/03\/Talkpal-Logo-Icon.png","width":2880,"height":2880,"caption":"Talkpal, Inc."},"image":{"@id":"https:\/\/talkpal.ai\/az\/#\/schema\/logo\/image\/"},"sameAs":["https:\/\/www.facebook.com\/profile.php?id=100090733639311","https:\/\/x.com\/talkpalai","https:\/\/www.linkedin.com\/company\/talkpal\/","https:\/\/www.youtube.com\/@TalkPal\/","https:\/\/www.tiktok.com\/@talkpal","https:\/\/www.instagram.com\/talkpal_ai\/","https:\/\/www.crunchbase.com\/organization\/talkpal-9cde","https:\/\/www.g2.com\/products\/talkpal-for-business\/","https:\/\/www.trustpilot.com\/review\/talkpal.ai","https:\/\/www.capterra.com\/p\/10006800\/TalkPal\/"],"description":"Talkpal is a language learning web and mobile education app, powered by the latest AI technologies, that provides engaging experiences to its customers in many different languages to help them improve their language skills. Users can chat about unlimited amount of topics with the app and use other modes to practice their language learning.","email":"support@talkpal.ai","legalName":"Talkpal, Inc.","foundingDate":"2023-04-03","duns":"118989042","numberOfEmployees":{"@type":"QuantitativeValue","minValue":"11","maxValue":"50"},"publishingPrinciples":"https:\/\/talkpal.ai\/publishing-principles\/","actionableFeedbackPolicy":"https:\/\/talkpal.ai\/actionable-feedback-policy\/","correctionsPolicy":"https:\/\/talkpal.ai\/corrections-policy\/","ethicsPolicy":"https:\/\/talkpal.ai\/ethics-policy\/","diversityPolicy":"https:\/\/talkpal.ai\/diversity-policy\/","diversityStaffingReport":"https:\/\/talkpal.ai\/diversity-policy\/"}]}},"_links":{"self":[{"href":"https:\/\/talkpal.ai\/az\/wp-json\/wp\/v2\/pages\/148682","targetHints":{"allow":["GET"]}}],"collection":[{"href":"https:\/\/talkpal.ai\/az\/wp-json\/wp\/v2\/pages"}],"about":[{"href":"https:\/\/talkpal.ai\/az\/wp-json\/wp\/v2\/types\/page"}],"author":[{"embeddable":true,"href":"https:\/\/talkpal.ai\/az\/wp-json\/wp\/v2\/users\/1"}],"replies":[{"embeddable":true,"href":"https:\/\/talkpal.ai\/az\/wp-json\/wp\/v2\/comments?post=148682"}],"version-history":[{"count":0,"href":"https:\/\/talkpal.ai\/az\/wp-json\/wp\/v2\/pages\/148682\/revisions"}],"wp:featuredmedia":[{"embeddable":true,"href":"https:\/\/talkpal.ai\/az\/wp-json\/wp\/v2\/media\/117137"}],"wp:attachment":[{"href":"https:\/\/talkpal.ai\/az\/wp-json\/wp\/v2\/media?parent=148682"}],"curies":[{"name":"wp","href":"https:\/\/api.w.org\/{rel}","templated":true}]}}