{"id":148383,"date":"2023-05-14T14:13:06","date_gmt":"2023-05-14T14:13:06","guid":{"rendered":"http:\/\/talkpal.ai\/norvec-dilinin-qrammatikasi\/"},"modified":"2025-12-17T17:37:02","modified_gmt":"2025-12-17T17:37:02","slug":"norvec-dilinin-qrammatikasi","status":"publish","type":"page","link":"https:\/\/talkpal.ai\/az\/norvec-dilinin-qrammatikasi\/","title":{"rendered":"Norve\u00e7 dilinin qrammatikas\u0131"},"content":{"rendered":"\r\n\r\n\r\n<section class=\"languageChallengeSection\">\r\n    <div class=\"languageInfoWrapper\">\r\n        \r\n        <h1>Norve\u00e7 dilinin qrammatikas\u0131<\/h1>\r\n        <p><a href=\"https:\/\/talkpal.ai\/learn-norwegian\/\">Norve\u00e7<\/a> qrammatikas\u0131n\u0131n \u0259saslar\u0131n\u0131 k\u0259\u015ff edin v\u0259 Skandinaviyan\u0131n \u0259n g\u00f6z\u0259l dill\u0259rind\u0259n birind\u0259 inamla \u00fcnsiyy\u0259t qurmaq bacar\u0131\u011f\u0131n\u0131 a\u00e7\u0131n. Norve\u00e7 qrammatikas\u0131n\u0131 ba\u015fa d\u00fc\u015fm\u0259k yeni m\u0259d\u0259ni t\u0259cr\u00fcb\u0259l\u0259r\u0259 v\u0259 m\u0259nal\u0131 s\u00f6hb\u0259tl\u0259r\u0259 qap\u0131 a\u00e7acaq. Bu g\u00fcn Norve\u00e7 qrammatikas\u0131n\u0131 \u00f6yr\u0259nm\u0259y\u0259 ba\u015flay\u0131n v\u0259 s\u0259lis dan\u0131\u015fma\u011fa do\u011fru ilk add\u0131m\u0131n\u0131z\u0131 at\u0131n!<\/p>\r\n\r\n                            <a class=\"getStartedHidden\" href=\"https:\/\/app.talkpal.ai\/signup?lng=\">Ba\u015fla<\/a>\r\n        \r\n    <\/div>\r\n\r\n    <figure>\r\n    <img decoding=\"async\" width=\"768\" height=\"768\" src=\"https:\/\/talkpal.ai\/wp-content\/uploads\/2023\/06\/norwegian-768x768.png\" class=\"languageImage no-lazy\" alt=\"Language learning for extensive vocabulary\" fetchpriority=\"high\" sizes=\"(max-width: 768px) 150px, 768px\" srcset=\"https:\/\/talkpal.ai\/wp-content\/uploads\/2023\/06\/norwegian-768x768.png 768w, https:\/\/talkpal.ai\/wp-content\/uploads\/2023\/06\/norwegian-300x300.png 300w\" \/>\r\n    \r\n\r\n    <\/figure>\r\n\r\n            <a class=\"getStartedVisible\" href=\"https:\/\/app.talkpal.ai\/signup?lng=\">Ba\u015fla<\/a>\r\n    \r\n<\/section>\r\n<section class=\"promotionalBanner\">\r\n    <p class=\"promotionalText\">Dil \u00f6yr\u0259nm\u0259yin \u0259n t\u0259sirli yolu<\/p>\r\n    <a class=\"promotionalLink\" href=\"https:\/\/app.talkpal.ai\/signup?lng=\">Talkpal pulsuz s\u0131nay\u0131n<\/a>\r\n<\/section>\n<div class=\"wp-block-group pageContainerStyle\"><div class=\"wp-block-group__inner-container is-layout-constrained wp-block-group-is-layout-constrained\">\n<h2 class=\"wp-block-heading\" id=\"h-dive-into-norwegian-grammar-a-comprehensive-guide\">Norve\u00e7 dilinin qrammatikas\u0131na dal\u0131n. H\u0259rt\u0259r\u0259fli b\u0259l\u0259d\u00e7i<\/h2>\n\n\n\n<p>Maraql\u0131 v\u0259 ekspressiv dil olan Norve\u00e7 dili dil \u00f6yr\u0259n\u0259nl\u0259r \u00fc\u00e7\u00fcn Norve\u00e7in z\u0259ngin m\u0259d\u0259ni v\u0259 tarixi irsini t\u0259dqiq etm\u0259k \u00fc\u00e7\u00fcn unikal imkan yarad\u0131r. Xo\u015f x\u0259b\u0259r odur ki, Norve\u00e7 dilinin qrammatikas\u0131 <a href=\"https:\/\/talkpal.ai\/learn-english-with-ai\/\">ingilis dili<\/a> il\u0259 b\u0259zi ox\u015farl\u0131qlar\u0131 b\u00f6l\u00fc\u015f\u00fcr, bu is\u0259 onu <a href=\"https:\/\/talkpal.ai\/az\/oyr%c9%99nm%c9%99k\/\">\u00f6yr\u0259nm\u0259k<\/a> \u00fc\u00e7\u00fcn \u0259l\u00e7atan dil edir. Bu m\u0259qal\u0259 siz\u0259 Norve\u00e7 dilinin qrammatikas\u0131 il\u0259 ba\u011fl\u0131 vacib m\u0259qamlar\u0131 r\u0259hb\u0259r tutacaq, bunun say\u0259sind\u0259 m\u00f6hk\u0259m t\u0259m\u0259l qura v\u0259 dili \u0259minlikl\u0259 ba\u015fa d\u00fc\u015f\u0259c\u0259ksiniz.<\/p>\n\n\n\n<h3 class=\"wp-block-heading\" id=\"h-1-embracing-norwegian-nouns-and-articles\">1. Norve\u00e7 Nounlar\u0131 v\u0259 M\u0259qal\u0259l\u0259ri Q\u0259bul Etm\u0259k<\/h3>\n\n\n\n<p>Norve\u00e7li noundlar, ingilis h\u0259mkarlar\u0131 kimi, insanlar\u0131, m\u0259kanlar\u0131, \u015feyl\u0259ri v\u0259 ya fikirl\u0259ri t\u0259msil edir. Onlar 3 cins\u0259 b\u00f6l\u00fcn\u00fcrl\u0259r: ki\u015filik, femin v\u0259 neytrin. Cins ismin sonluqlar\u0131n\u0131 v\u0259 onun qo\u015fala\u015fmal\u0131 oldu\u011fu artikll\u0259ri t\u0259yin etm\u0259k \u00fc\u00e7\u00fcn vacibdir.<\/p>\n\n\n\n<p>Norve\u00e7 dilind\u0259 m\u0259qal\u0259l\u0259rin iki n\u00f6v\u00fc var: q\u0259ti v\u0259 m\u00fcdd\u0259tsiz. M\u00fc\u0259yy\u0259n m\u0259qal\u0259l\u0259r son s\u00f6zd\u0259 son s\u00f6zl\u0259r kimi, qeyri-m\u00fc\u0259yy\u0259n m\u0259qal\u0259l\u0259r is\u0259 ba\u015fqa s\u00f6zl\u0259rl\u0259 ifad\u0259 olunur. M\u0259qal\u0259l\u0259r cins v\u0259 say bax\u0131m\u0131ndan nounlarla raz\u0131la\u015fmal\u0131d\u0131r.<\/p>\n\n\n\n<p><strong>\u2013 M\u00fc\u0259yy\u0259n artikll\u0259r: -en (ki\u015fi), -a (qad\u0131n), -et (neuter)<\/strong><\/p>\n\n\n\n<p><strong>\u2013 Qeyri-m\u00fc\u0259yy\u0259n artikll\u0259r: en (ki\u015fi), ei (qad\u0131n), et (neuter)<\/strong><\/p>\n\n\n\n<h3 class=\"wp-block-heading\" id=\"h-2-mastering-norwegian-verbs-conjugation-and-tenses\">2. Norve\u00e7 Dilind\u0259 Mastering Feill\u0259r: Conjugation and Tenses<\/h3>\n\n\n\n<p>Norve\u00e7 feill\u0259rini \u00f6yr\u0259nm\u0259k nisb\u0259t\u0259n asand\u0131r, \u00e7\u00fcnki onlar\u0131n bir \u00e7ox ba\u015fqa dill\u0259r\u0259 nisb\u0259t\u0259n konyuqasiyalar\u0131 azd\u0131r. Feill\u0259r g\u0259rgin v\u0259 \u0259hval-ruhiyy\u0259y\u0259 uy\u011fun olaraq birl\u0259\u015fir. Norve\u00e7 feill\u0259ri \u0259sas\u0259n d\u00f6rd qrupa b\u00f6l\u00fcn\u00fcr v\u0259 h\u0259r biri konyuqasiya sxemin\u0259 malik olur. Lakin sevindirici hal ondan ibar\u0259tdir ki, bir \u00e7ox ba\u015fqa dill\u0259rd\u0259n f\u0259rqli olaraq norve\u00e7 feill\u0259ri m\u00f6vzu v\u0259 r\u0259q\u0259m \u0259sas\u0131nda \u00f6z formas\u0131n\u0131 d\u0259yi\u015fmirl\u0259r.<\/p>\n\n\n\n<p>Norve\u00e7 dili ingilis dili il\u0259 m\u00fcqayis\u0259d\u0259 daha az g\u0259rginliy\u0259 malikdir. Yaln\u0131z \u00fc\u00e7 g\u0259rginliy\u0259 malikdir: indiki g\u0259rgin, ke\u00e7mi\u015f g\u0259rgin v\u0259 ke\u00e7mi\u015f m\u00fck\u0259mm\u0259l g\u0259rgin. Present tense indiki v\u0259 g\u0259l\u0259c\u0259k hadis\u0259l\u0259ri ifad\u0259 etm\u0259k \u00fc\u00e7\u00fcn istifad\u0259 olunur, ke\u00e7mi\u015f g\u0259rgin is\u0259 tamamlanm\u0131\u015f h\u0259r\u0259k\u0259tl\u0259ri ifad\u0259 edir. Ke\u00e7mi\u015f m\u00fck\u0259mm\u0259l g\u0259rginlik ke\u00e7mi\u015fd\u0259 konkret bir n\u00f6qt\u0259d\u0259n \u0259vv\u0259l ba\u015f vermi\u015f t\u0259cr\u00fcb\u0259 v\u0259 ya \u015ftatlar\u0131 g\u00f6st\u0259rir.<\/p>\n\n\n\n<h3 class=\"wp-block-heading\" id=\"h-3-expressing-yourself-with-norwegian-adjectives-and-adverbs\">3. Norve\u00e7Li Adjectives v\u0259 Adverbs il\u0259 \u00d6z\u00fcn\u00fc ifad\u0259 etm\u0259k<\/h3>\n\n\n\n<p>Adjectives istifad\u0259 norve\u00e7 dilind\u0259 \u00f6z fikirl\u0259rini ifad\u0259 etm\u0259k qabiliyy\u0259tinizi effektiv \u015f\u0259kild\u0259 art\u0131r\u0131r. Adjectives nouns x\u00fcsusiyy\u0259tl\u0259ri v\u0259 ya x\u00fcsusiyy\u0259tl\u0259ri t\u0259svir edir v\u0259 cins v\u0259 \u0259d\u0259d nouns il\u0259 raz\u0131la\u015fd\u0131rmaq laz\u0131md\u0131r. Norve\u00e7 dilind\u0259 adjectives, ad\u0259t\u0259n, t\u0259svir etdikl\u0259ri noundan \u0259vv\u0259l g\u0259lir.<\/p>\n\n\n\n<p>Norve\u00e7d\u0259 adverbl\u0259r feill\u0259ri, adjectives v\u0259 ya dig\u0259r adverbsl\u0259ri d\u0259yi\u015fdirirl\u0259r. Onlar h\u0259r\u0259k\u0259tin nec\u0259, n\u0259 vaxt, harada v\u0259 n\u0259 d\u0259r\u0259c\u0259d\u0259 ba\u015f verdiyi haqda m\u0259lumat \u00e7atd\u0131r\u0131rlar. Adreksiyalardan f\u0259rqli olaraq, adverbl\u0259r t\u0259svir olunan nounlar\u0131n cinsind\u0259n v\u0259 say\u0131ndan as\u0131l\u0131 olmayaraq eyni olaraq qal\u0131r.<\/p>\n\n\n\n<h3 class=\"wp-block-heading\" id=\"h-4-constructing-sentences-with-norwegian-pronouns-and-word-order\">4. Norve\u00e7 Pronouns v\u0259 Word Order il\u0259 c\u00fcml\u0259l\u0259rin in\u015fa edilm\u0259si<\/h3>\n\n\n\n<p>Norve\u00e7 t\u0259l\u0259ff\u00fczl\u0259rind\u0259 nounlar \u0259v\u0259z olunur v\u0259 ad\u0259t\u0259n onlar\u0131n cins, r\u0259q\u0259m v\u0259 m\u0259s\u0259l\u0259d\u0259 t\u0259msil etdikl\u0259ri nounla raz\u0131la\u015f\u0131rlar. Norve\u00e7 dilind\u0259 m\u00fcxt\u0259lif n\u00f6v pronounlar m\u00f6vcuddur: \u015f\u0259xsi, e&#8217;lumat, n\u00fcmayi\u015fkar, refleksiv, nisbi v\u0259 sor\u011fu-sualedici t\u0259l\u0259ff\u00fczl\u0259r.<\/p>\n\n\n\n<p>Norve\u00e7 c\u00fcml\u0259 qurulu\u015fu ingilis dilin\u0259 ox\u015far olan m\u00f6vzu-verb-object (SVO) \u0259mrini yerin\u0259 yetirir. Bununla bel\u0259, burada verb-second (V2) qaydas\u0131 da i\u015fl\u0259nm\u0259kd\u0259 davam edir. Bu qayda il\u0259 feil, ad\u0259t\u0259n, \u0259sas feill\u0259rd\u0259 ikinci v\u0259zif\u0259ni tutur. Norve\u00e7 dilind\u0259ki s\u00f6z nizam\u0131n\u0131 ba\u015fa d\u00fc\u015fm\u0259k v\u0259 praktikada <a href=\"https:\/\/talkpal.ai\/es\/descargar-la-aplicacion-talkpal-para-android-e-ios\/\">t\u0259tbiq<\/a> etm\u0259k dild\u0259 s\u0259lisliy\u0259 nail olmaq \u00fc\u00e7\u00fcn olduqca vacibdir.<\/p>\n\n\n\n<h3 class=\"wp-block-heading\" id=\"h-conclusion\">N\u0259tic\u0259<\/h3>\n\n\n\n<p>Norve\u00e7 qrammatikas\u0131nda s\u0259lis dan\u0131\u015f\u0131q qabiliyy\u0259tin\u0259 nail olmaq \u00fc\u00e7\u00fcn dilin unikal x\u00fcsusiyy\u0259tl\u0259rini ara\u015fd\u0131rmaq \u00fc\u00e7\u00fcn f\u0259dakarl\u0131q, t\u0259cr\u00fcb\u0259 v\u0259 a\u00e7\u0131q fikir t\u0259l\u0259b olunur. \u0130st\u0259r Norve\u00e7 m\u0259d\u0259niyy\u0259tin\u0259 q\u0259rq olmaqda maraql\u0131s\u0131n\u0131z, ist\u0259rs\u0259 d\u0259 yeni dil \u00f6yr\u0259nm\u0259k ist\u0259yiniz olsun, Norve\u00e7 qrammatikas\u0131na yiy\u0259l\u0259nm\u0259k u\u011furlu \u00fcnsiyy\u0259tin \u0259sas\u0131n\u0131 qoyur. Norve\u00e7 dilind\u0259ki isiml\u0259r, feill\u0259r, adjectives v\u0259 s\u00f6z nizam\u0131 haqq\u0131nda \u0259trafl\u0131 m\u0259lumat \u0259ld\u0259 etdikc\u0259, bu prosesd\u0259n h\u0259zz alma\u011f\u0131 v\u0259 sizi g\u00f6zl\u0259y\u0259n z\u0259ngin dil t\u0259cr\u00fcb\u0259l\u0259rini qiym\u0259tl\u0259ndirm\u0259yi unutmay\u0131n. Lykke til!<\/p>\n<\/div><\/div>\n\r\n<section class=\"learnNavigationSection\">\r\n            \r\n        <a href=\"https:\/\/talkpal.ai\/az\/norvec-dilini-oyr%c9%99n\/\">\r\n            <div class=\"learnNavigationWrapper\">\r\n                <div class=\"learnNavigationContent\">\r\n                    <img decoding=\"async\" src=\"https:\/\/talkpal.ai\/wp-content\/uploads\/2024\/08\/Norwegian.jpg\" alt=\"Norwegian Flag\">\r\n                    <div>\r\n                        <h4>Norve\u00e7 \u00d6yr\u0259nilm\u0259si Haqq\u0131nda<\/h4>\r\n                        <p>Norve\u00e7 dilinin qrammatikas\u0131 haqq\u0131nda h\u0259r \u015feyi \u00f6yr\u0259nin.<\/p>\r\n                    <\/div>\r\n                <\/div>\r\n            <\/div>\r\n        <\/a>\r\n\r\n        \r\n        <a href=\"https:\/\/talkpal.ai\/az\/norvec-dilinin-qrammatikasi-m%c9%99sql%c9%99ri\/\">\r\n            <div class=\"learnNavigationWrapper\">\r\n                <div class=\"learnNavigationContent\">\r\n                    <img decoding=\"async\" src=\"https:\/\/talkpal.ai\/wp-content\/uploads\/2024\/08\/Norwegian.jpg\" alt=\"Norwegian Flag\">\r\n                    <div>\r\n                        <h4>Norve\u00e7 Qrammatikas\u0131 M\u0259\u015fqi<\/h4>\r\n                        <p>Norve\u00e7 dilinin qrammatika il\u0259 m\u0259\u015f\u011ful olma.<\/p>\r\n                    <\/div>\r\n                <\/div>\r\n            <\/div>\r\n        <\/a>\r\n\r\n        \r\n        <a href=\"https:\/\/talkpal.ai\/vocabulary_language\/norwegian\/\">\r\n            <div class=\"learnNavigationWrapper\">\r\n                <div class=\"learnNavigationContent\">\r\n                    <img decoding=\"async\" src=\"https:\/\/talkpal.ai\/wp-content\/uploads\/2024\/08\/Norwegian.jpg\" alt=\"Norwegian Flag\">\r\n                    <div>\r\n                        <h4>Norve\u00e7 l\u00fc\u011f\u0259ti<\/h4>\r\n                        <p>Norve\u00e7 l\u00fc\u011f\u0259tinizi geni\u015fl\u0259ndirin.<\/p>\r\n                    <\/div>\r\n                <\/div>\r\n            <\/div>\r\n        <\/a>\r\n\r\n            <\/section>","protected":false},"excerpt":{"rendered":"<p>Norve\u00e7 dilinin qrammatikas\u0131na dal\u0131n. H\u0259rt\u0259r\u0259fli b\u0259l\u0259d\u00e7i Maraql\u0131 v\u0259 ekspressiv dil olan Norve\u00e7 dili dil \u00f6yr\u0259n\u0259nl\u0259r \u00fc\u00e7\u00fcn Norve\u00e7in z\u0259ngin m\u0259d\u0259ni v\u0259 tarixi irsini t\u0259dqiq etm\u0259k \u00fc\u00e7\u00fcn unikal imkan yarad\u0131r. Xo\u015f x\u0259b\u0259r odur ki, Norve\u00e7 dilinin qrammatikas\u0131 ingilis dili il\u0259 b\u0259zi ox\u015farl\u0131qlar\u0131 b\u00f6l\u00fc\u015f\u00fcr, bu is\u0259 onu \u00f6yr\u0259nm\u0259k \u00fc\u00e7\u00fcn \u0259l\u00e7atan dil edir. Bu m\u0259qal\u0259 siz\u0259 Norve\u00e7 dilinin qrammatikas\u0131 [&hellip;]<\/p>\n","protected":false},"author":1,"featured_media":116868,"parent":0,"menu_order":0,"comment_status":"closed","ping_status":"closed","template":"LearningContentPage.php","meta":{"_acf_changed":false,"footnotes":""},"class_list":["post-148383","page","type-page","status-publish","has-post-thumbnail","hentry"],"acf":[],"yoast_head":"<!-- This site is optimized with the Yoast SEO Premium plugin v27.2 (Yoast SEO v27.2) - https:\/\/yoast.com\/product\/yoast-seo-premium-wordpress\/ -->\n<title>Norve\u00e7 dilinin qrammatikas\u0131 - Talkpal<\/title>\n<meta name=\"description\" content=\"Norve\u00e7 qrammatikas\u0131n\u0131n inc\u0259likl\u0259rini ara\u015fd\u0131r\u0131n v\u0259 dil bacar\u0131qlar\u0131n\u0131z\u0131 n\u00f6vb\u0259ti s\u0259viyy\u0259y\u0259 y\u00fcks\u0259ldin.\" \/>\n<meta name=\"robots\" content=\"index, follow, max-snippet:-1, max-image-preview:large, max-video-preview:-1\" \/>\n<link rel=\"canonical\" href=\"https:\/\/talkpal.ai\/az\/norvec-dilinin-qrammatikasi\/\" \/>\n<meta property=\"og:locale\" content=\"az_AZ\" \/>\n<meta property=\"og:type\" content=\"article\" \/>\n<meta property=\"og:title\" content=\"Norve\u00e7 dilinin qrammatikas\u0131\" \/>\n<meta property=\"og:description\" content=\"Norve\u00e7 dilinin qrammatikas\u0131na dal\u0131n. H\u0259rt\u0259r\u0259fli b\u0259l\u0259d\u00e7i Maraql\u0131 v\u0259 ekspressiv dil olan Norve\u00e7 dili dil \u00f6yr\u0259n\u0259nl\u0259r \u00fc\u00e7\u00fcn Norve\u00e7in z\u0259ngin m\u0259d\u0259ni v\u0259 tarixi\" \/>\n<meta property=\"og:url\" content=\"https:\/\/talkpal.ai\/az\/norvec-dilinin-qrammatikasi\/\" \/>\n<meta property=\"og:site_name\" content=\"Talkpal\" \/>\n<meta property=\"article:publisher\" content=\"https:\/\/www.facebook.com\/profile.php?id=100090733639311\" \/>\n<meta property=\"article:modified_time\" content=\"2025-12-17T17:37:02+00:00\" \/>\n<meta property=\"og:image\" content=\"https:\/\/talkpal.ai\/wp-content\/uploads\/2023\/05\/norway.png\" \/>\n\t<meta property=\"og:image:width\" content=\"512\" \/>\n\t<meta property=\"og:image:height\" content=\"512\" \/>\n\t<meta property=\"og:image:type\" content=\"image\/png\" \/>\n<meta name=\"twitter:card\" content=\"summary_large_image\" \/>\n<meta name=\"twitter:site\" content=\"@talkpalai\" \/>\n<meta name=\"twitter:label1\" content=\"Est. reading time\" \/>\n\t<meta name=\"twitter:data1\" content=\"4 minutes\" \/>\n<script type=\"application\/ld+json\" class=\"yoast-schema-graph\">{\"@context\":\"https:\/\/schema.org\",\"@graph\":[{\"@type\":\"WebPage\",\"@id\":\"https:\/\/talkpal.ai\/az\/norvec-dilinin-qrammatikasi\/\",\"url\":\"https:\/\/talkpal.ai\/az\/norvec-dilinin-qrammatikasi\/\",\"name\":\"Norve\u00e7 dilinin qrammatikas\u0131 - Talkpal\",\"isPartOf\":{\"@id\":\"https:\/\/talkpal.ai\/az\/#website\"},\"primaryImageOfPage\":{\"@id\":\"https:\/\/talkpal.ai\/az\/norvec-dilinin-qrammatikasi\/#primaryimage\"},\"image\":{\"@id\":\"https:\/\/talkpal.ai\/az\/norvec-dilinin-qrammatikasi\/#primaryimage\"},\"thumbnailUrl\":\"https:\/\/talkpal.ai\/wp-content\/uploads\/2023\/05\/norway.png\",\"datePublished\":\"2023-05-14T14:13:06+00:00\",\"dateModified\":\"2025-12-17T17:37:02+00:00\",\"description\":\"Norve\u00e7 qrammatikas\u0131n\u0131n inc\u0259likl\u0259rini ara\u015fd\u0131r\u0131n v\u0259 dil bacar\u0131qlar\u0131n\u0131z\u0131 n\u00f6vb\u0259ti s\u0259viyy\u0259y\u0259 y\u00fcks\u0259ldin.\",\"breadcrumb\":{\"@id\":\"https:\/\/talkpal.ai\/az\/norvec-dilinin-qrammatikasi\/#breadcrumb\"},\"inLanguage\":\"az\",\"potentialAction\":[{\"@type\":\"ReadAction\",\"target\":[\"https:\/\/talkpal.ai\/az\/norvec-dilinin-qrammatikasi\/\"]}]},{\"@type\":\"ImageObject\",\"inLanguage\":\"az\",\"@id\":\"https:\/\/talkpal.ai\/az\/norvec-dilinin-qrammatikasi\/#primaryimage\",\"url\":\"https:\/\/talkpal.ai\/wp-content\/uploads\/2023\/05\/norway.png\",\"contentUrl\":\"https:\/\/talkpal.ai\/wp-content\/uploads\/2023\/05\/norway.png\",\"width\":512,\"height\":512},{\"@type\":\"BreadcrumbList\",\"@id\":\"https:\/\/talkpal.ai\/az\/norvec-dilinin-qrammatikasi\/#breadcrumb\",\"itemListElement\":[{\"@type\":\"ListItem\",\"position\":1,\"name\":\"Homepage\",\"item\":\"https:\/\/talkpal.ai\/az\/\"},{\"@type\":\"ListItem\",\"position\":2,\"name\":\"Norve\u00e7 dilinin qrammatikas\u0131\"}]},{\"@type\":\"WebSite\",\"@id\":\"https:\/\/talkpal.ai\/az\/#website\",\"url\":\"https:\/\/talkpal.ai\/az\/\",\"name\":\"Talkpal\",\"description\":\"AI Language Learning\",\"publisher\":{\"@id\":\"https:\/\/talkpal.ai\/az\/#organization\"},\"alternateName\":\"Talkpal AI\",\"potentialAction\":[{\"@type\":\"SearchAction\",\"target\":{\"@type\":\"EntryPoint\",\"urlTemplate\":\"https:\/\/talkpal.ai\/az\/?s={search_term_string}\"},\"query-input\":{\"@type\":\"PropertyValueSpecification\",\"valueRequired\":true,\"valueName\":\"search_term_string\"}}],\"inLanguage\":\"az\"},{\"@type\":\"Organization\",\"@id\":\"https:\/\/talkpal.ai\/az\/#organization\",\"name\":\"Talkpal, Inc.\",\"alternateName\":\"Talkpal AI\",\"url\":\"https:\/\/talkpal.ai\/az\/\",\"logo\":{\"@type\":\"ImageObject\",\"inLanguage\":\"az\",\"@id\":\"https:\/\/talkpal.ai\/az\/#\/schema\/logo\/image\/\",\"url\":\"https:\/\/talkpal.ai\/wp-content\/uploads\/2024\/03\/Talkpal-Logo-Icon.png\",\"contentUrl\":\"https:\/\/talkpal.ai\/wp-content\/uploads\/2024\/03\/Talkpal-Logo-Icon.png\",\"width\":2880,\"height\":2880,\"caption\":\"Talkpal, Inc.\"},\"image\":{\"@id\":\"https:\/\/talkpal.ai\/az\/#\/schema\/logo\/image\/\"},\"sameAs\":[\"https:\/\/www.facebook.com\/profile.php?id=100090733639311\",\"https:\/\/x.com\/talkpalai\",\"https:\/\/www.linkedin.com\/company\/talkpal\/\",\"https:\/\/www.youtube.com\/@TalkPal\/\",\"https:\/\/www.tiktok.com\/@talkpal\",\"https:\/\/www.instagram.com\/talkpal_ai\/\",\"https:\/\/www.crunchbase.com\/organization\/talkpal-9cde\",\"https:\/\/www.g2.com\/products\/talkpal-for-business\/\",\"https:\/\/www.trustpilot.com\/review\/talkpal.ai\",\"https:\/\/www.capterra.com\/p\/10006800\/TalkPal\/\"],\"description\":\"Talkpal is a language learning web and mobile education app, powered by the latest AI technologies, that provides engaging experiences to its customers in many different languages to help them improve their language skills. Users can chat about unlimited amount of topics with the app and use other modes to practice their language learning.\",\"email\":\"support@talkpal.ai\",\"legalName\":\"Talkpal, Inc.\",\"foundingDate\":\"2023-04-03\",\"duns\":\"118989042\",\"numberOfEmployees\":{\"@type\":\"QuantitativeValue\",\"minValue\":\"11\",\"maxValue\":\"50\"},\"publishingPrinciples\":\"https:\/\/talkpal.ai\/publishing-principles\/\",\"actionableFeedbackPolicy\":\"https:\/\/talkpal.ai\/actionable-feedback-policy\/\",\"correctionsPolicy\":\"https:\/\/talkpal.ai\/corrections-policy\/\",\"ethicsPolicy\":\"https:\/\/talkpal.ai\/ethics-policy\/\",\"diversityPolicy\":\"https:\/\/talkpal.ai\/diversity-policy\/\",\"diversityStaffingReport\":\"https:\/\/talkpal.ai\/diversity-policy\/\"}]}<\/script>\n<!-- \/ Yoast SEO Premium plugin. -->","yoast_head_json":{"title":"Norve\u00e7 dilinin qrammatikas\u0131 - Talkpal","description":"Norve\u00e7 qrammatikas\u0131n\u0131n inc\u0259likl\u0259rini ara\u015fd\u0131r\u0131n v\u0259 dil bacar\u0131qlar\u0131n\u0131z\u0131 n\u00f6vb\u0259ti s\u0259viyy\u0259y\u0259 y\u00fcks\u0259ldin.","robots":{"index":"index","follow":"follow","max-snippet":"max-snippet:-1","max-image-preview":"max-image-preview:large","max-video-preview":"max-video-preview:-1"},"canonical":"https:\/\/talkpal.ai\/az\/norvec-dilinin-qrammatikasi\/","og_locale":"az_AZ","og_type":"article","og_title":"Norve\u00e7 dilinin qrammatikas\u0131","og_description":"Norve\u00e7 dilinin qrammatikas\u0131na dal\u0131n. H\u0259rt\u0259r\u0259fli b\u0259l\u0259d\u00e7i Maraql\u0131 v\u0259 ekspressiv dil olan Norve\u00e7 dili dil \u00f6yr\u0259n\u0259nl\u0259r \u00fc\u00e7\u00fcn Norve\u00e7in z\u0259ngin m\u0259d\u0259ni v\u0259 tarixi","og_url":"https:\/\/talkpal.ai\/az\/norvec-dilinin-qrammatikasi\/","og_site_name":"Talkpal","article_publisher":"https:\/\/www.facebook.com\/profile.php?id=100090733639311","article_modified_time":"2025-12-17T17:37:02+00:00","og_image":[{"width":512,"height":512,"url":"https:\/\/talkpal.ai\/wp-content\/uploads\/2023\/05\/norway.png","type":"image\/png"}],"twitter_card":"summary_large_image","twitter_site":"@talkpalai","twitter_misc":{"Est. reading time":"4 minutes"},"schema":{"@context":"https:\/\/schema.org","@graph":[{"@type":"WebPage","@id":"https:\/\/talkpal.ai\/az\/norvec-dilinin-qrammatikasi\/","url":"https:\/\/talkpal.ai\/az\/norvec-dilinin-qrammatikasi\/","name":"Norve\u00e7 dilinin qrammatikas\u0131 - Talkpal","isPartOf":{"@id":"https:\/\/talkpal.ai\/az\/#website"},"primaryImageOfPage":{"@id":"https:\/\/talkpal.ai\/az\/norvec-dilinin-qrammatikasi\/#primaryimage"},"image":{"@id":"https:\/\/talkpal.ai\/az\/norvec-dilinin-qrammatikasi\/#primaryimage"},"thumbnailUrl":"https:\/\/talkpal.ai\/wp-content\/uploads\/2023\/05\/norway.png","datePublished":"2023-05-14T14:13:06+00:00","dateModified":"2025-12-17T17:37:02+00:00","description":"Norve\u00e7 qrammatikas\u0131n\u0131n inc\u0259likl\u0259rini ara\u015fd\u0131r\u0131n v\u0259 dil bacar\u0131qlar\u0131n\u0131z\u0131 n\u00f6vb\u0259ti s\u0259viyy\u0259y\u0259 y\u00fcks\u0259ldin.","breadcrumb":{"@id":"https:\/\/talkpal.ai\/az\/norvec-dilinin-qrammatikasi\/#breadcrumb"},"inLanguage":"az","potentialAction":[{"@type":"ReadAction","target":["https:\/\/talkpal.ai\/az\/norvec-dilinin-qrammatikasi\/"]}]},{"@type":"ImageObject","inLanguage":"az","@id":"https:\/\/talkpal.ai\/az\/norvec-dilinin-qrammatikasi\/#primaryimage","url":"https:\/\/talkpal.ai\/wp-content\/uploads\/2023\/05\/norway.png","contentUrl":"https:\/\/talkpal.ai\/wp-content\/uploads\/2023\/05\/norway.png","width":512,"height":512},{"@type":"BreadcrumbList","@id":"https:\/\/talkpal.ai\/az\/norvec-dilinin-qrammatikasi\/#breadcrumb","itemListElement":[{"@type":"ListItem","position":1,"name":"Homepage","item":"https:\/\/talkpal.ai\/az\/"},{"@type":"ListItem","position":2,"name":"Norve\u00e7 dilinin qrammatikas\u0131"}]},{"@type":"WebSite","@id":"https:\/\/talkpal.ai\/az\/#website","url":"https:\/\/talkpal.ai\/az\/","name":"Talkpal","description":"AI Language Learning","publisher":{"@id":"https:\/\/talkpal.ai\/az\/#organization"},"alternateName":"Talkpal AI","potentialAction":[{"@type":"SearchAction","target":{"@type":"EntryPoint","urlTemplate":"https:\/\/talkpal.ai\/az\/?s={search_term_string}"},"query-input":{"@type":"PropertyValueSpecification","valueRequired":true,"valueName":"search_term_string"}}],"inLanguage":"az"},{"@type":"Organization","@id":"https:\/\/talkpal.ai\/az\/#organization","name":"Talkpal, Inc.","alternateName":"Talkpal AI","url":"https:\/\/talkpal.ai\/az\/","logo":{"@type":"ImageObject","inLanguage":"az","@id":"https:\/\/talkpal.ai\/az\/#\/schema\/logo\/image\/","url":"https:\/\/talkpal.ai\/wp-content\/uploads\/2024\/03\/Talkpal-Logo-Icon.png","contentUrl":"https:\/\/talkpal.ai\/wp-content\/uploads\/2024\/03\/Talkpal-Logo-Icon.png","width":2880,"height":2880,"caption":"Talkpal, Inc."},"image":{"@id":"https:\/\/talkpal.ai\/az\/#\/schema\/logo\/image\/"},"sameAs":["https:\/\/www.facebook.com\/profile.php?id=100090733639311","https:\/\/x.com\/talkpalai","https:\/\/www.linkedin.com\/company\/talkpal\/","https:\/\/www.youtube.com\/@TalkPal\/","https:\/\/www.tiktok.com\/@talkpal","https:\/\/www.instagram.com\/talkpal_ai\/","https:\/\/www.crunchbase.com\/organization\/talkpal-9cde","https:\/\/www.g2.com\/products\/talkpal-for-business\/","https:\/\/www.trustpilot.com\/review\/talkpal.ai","https:\/\/www.capterra.com\/p\/10006800\/TalkPal\/"],"description":"Talkpal is a language learning web and mobile education app, powered by the latest AI technologies, that provides engaging experiences to its customers in many different languages to help them improve their language skills. Users can chat about unlimited amount of topics with the app and use other modes to practice their language learning.","email":"support@talkpal.ai","legalName":"Talkpal, Inc.","foundingDate":"2023-04-03","duns":"118989042","numberOfEmployees":{"@type":"QuantitativeValue","minValue":"11","maxValue":"50"},"publishingPrinciples":"https:\/\/talkpal.ai\/publishing-principles\/","actionableFeedbackPolicy":"https:\/\/talkpal.ai\/actionable-feedback-policy\/","correctionsPolicy":"https:\/\/talkpal.ai\/corrections-policy\/","ethicsPolicy":"https:\/\/talkpal.ai\/ethics-policy\/","diversityPolicy":"https:\/\/talkpal.ai\/diversity-policy\/","diversityStaffingReport":"https:\/\/talkpal.ai\/diversity-policy\/"}]}},"_links":{"self":[{"href":"https:\/\/talkpal.ai\/az\/wp-json\/wp\/v2\/pages\/148383","targetHints":{"allow":["GET"]}}],"collection":[{"href":"https:\/\/talkpal.ai\/az\/wp-json\/wp\/v2\/pages"}],"about":[{"href":"https:\/\/talkpal.ai\/az\/wp-json\/wp\/v2\/types\/page"}],"author":[{"embeddable":true,"href":"https:\/\/talkpal.ai\/az\/wp-json\/wp\/v2\/users\/1"}],"replies":[{"embeddable":true,"href":"https:\/\/talkpal.ai\/az\/wp-json\/wp\/v2\/comments?post=148383"}],"version-history":[{"count":0,"href":"https:\/\/talkpal.ai\/az\/wp-json\/wp\/v2\/pages\/148383\/revisions"}],"wp:featuredmedia":[{"embeddable":true,"href":"https:\/\/talkpal.ai\/az\/wp-json\/wp\/v2\/media\/116868"}],"wp:attachment":[{"href":"https:\/\/talkpal.ai\/az\/wp-json\/wp\/v2\/media?parent=148383"}],"curies":[{"name":"wp","href":"https:\/\/api.w.org\/{rel}","templated":true}]}}