{"id":1481646,"date":"2025-11-27T17:03:24","date_gmt":"2025-11-27T17:03:24","guid":{"rendered":"https:\/\/talkpal.ai\/talkpal-halloween-endirimi\/"},"modified":"2026-01-22T14:53:36","modified_gmt":"2026-01-22T14:53:36","slug":"talkpal-halloween-endirimi","status":"publish","type":"page","link":"https:\/\/talkpal.ai\/az\/talkpal-halloween-endirimi\/","title":{"rendered":"Talkpal Halloween Endirimi"},"content":{"rendered":"<section class=\"languageChallengeSection\">\r\n    <div class=\"languageInfoWrapper\">\r\n        \r\n        <h1>Talkpal Halloween Endirimi<\/h1>\r\n        <p>Dil bacar\u0131qlar\u0131n\u0131z\u0131 g\u00fccl\u0259ndirm\u0259y\u0259 haz\u0131rs\u0131n\u0131z? Bu Halloween Talkpal siz\u0259 daha s\u00fcr\u0259tli v\u0259 a\u011f\u0131ll\u0131 \u00f6yr\u0259nm\u0259y\u0259 k\u00f6m\u0259k etm\u0259k \u00fc\u00e7\u00fcn ekskl\u00fcziv 79% endirim t\u0259klif edir. B\u00fct\u00fcn premium x\u00fcsusiyy\u0259tl\u0259ri a\u00e7, s\u00fcni intellektl\u0259 real s\u00f6hb\u0259tl\u0259r apar v\u0259 yar\u0131 qiym\u0259t\u0259 ax\u0131c\u0131l\u0131q qur.<\/p>\r\n\r\n                    <a class=\"getStartedHidden\" href=\"https:\/\/app.talkpal.ai\/signup?discount=50\">\r\n                Endirim \u0259ld\u0259 edin            <\/a>\r\n            <\/div>\r\n\r\n            <figure>\r\n            <img decoding=\"async\" class=\"no-lazy\" src=\"https:\/\/talkpal.ai\/wp-content\/uploads\/2026\/01\/curly-girl-with-phone-light-background.webp\" alt=\"\" fetchpriority=\"high\" \/>\r\n        <\/figure>\r\n        \r\n                    <a class=\"getStartedVisible\" href=\"https:\/\/app.talkpal.ai\/signup?discount=50\">\r\n                Endirim \u0259ld\u0259 edin            <\/a>\r\n        <\/section><section class=\"featureSection\">\r\n    <div class=\"featureIntroduce\">\r\n        <a class=\"introduceLink\" href=\"https:\/\/app.talkpal.ai\/signup?lng=\">\r\n            <img decoding=\"async\" src=\"https:\/\/talkpal.ai\/wp-content\/themes\/talkpal\/assets\/img\/Sparkle.svg\" alt=\"\" \/>\u0259n inki\u015faf etmi\u015f\n  A\u0130<\/a>\r\n        <h3 class=\"featureTitle\">Dan\u0131\u015f\u0131q f\u0259rqi<\/h3>\r\n    <\/div>\r\n            <div class=\"introduceWrapper\">\r\n                            <a class=\"introducCard\" href=\"https:\/\/app.talkpal.ai\/signup?lng=\">\r\n\r\n                    \r\n                                                <img decoding=\"async\" src=\"https:\/\/talkpal.ai\/wp-content\/uploads\/2025\/05\/Immersive_conversations.png\" alt=\"Immersive Conversation Screenshot\" \/>\r\n                        <h4 class=\"introduceTitle\">F\u0259rdil\u0259\u015fdirilmi\u015f T\u0259hsil<\/h4>\r\n                        <p class=\"cardText\">H\u0259r \u00f6yr\u0259n\u0259nin yolu f\u0259rqlidir, s\u0259yah\u0259t, i\u015f v\u0259 s\u0131x c\u0259dv\u0259ll\u0259r qar\u0131\u015f\u0131qd\u0131r. Talkpal milyonlarla t\u0259dqiqat n\u00fcmun\u0259sind\u0259n \u00f6yr\u0259nm\u0259k \u00fc\u00e7\u00fcn qabaqc\u0131l s\u00fcni intellektd\u0259n istifad\u0259 edir v\u0259 siz\u0259 uy\u011funla\u015fd\u0131r\u0131lm\u0131\u015f f\u0259rdi, s\u0259m\u0259r\u0259li v\u0259 c\u0259lbedici t\u0259cr\u00fcb\u0259l\u0259r yarad\u0131r.<\/p>\r\n                    \r\n                <\/a>\r\n                            <a class=\"introducCard\" href=\"https:\/\/app.talkpal.ai\/signup?lng=\">\r\n\r\n                    \r\n                                                <img decoding=\"async\" src=\"https:\/\/talkpal.ai\/wp-content\/uploads\/2025\/05\/Realtime_feedback.png\" alt=\"Feedback Screenshot\" \/>\r\n                        <h4 class=\"introduceTitle\">\u018fn qabaqc\u0131l texnologiya<\/h4>\r\n                        <p class=\"cardText\">Missiyam\u0131z qabaqc\u0131l s\u00fcni intellekti s\u00fcbut olunmu\u015f t\u0259dris metodlar\u0131 il\u0259 birl\u0259\u015fdir\u0259r\u0259k f\u0259rdi dil \u00f6yr\u0259nm\u0259sini h\u0259r k\u0259s \u00fc\u00e7\u00fcn \u0259l\u00e7atan etm\u0259kdir. Bu Halloween is\u0259 h\u0259r zamankind\u0259n daha \u0259l\u00e7atand\u0131r. Talkpal il\u0259 siz s\u00fcr\u0259tiniz\u0259, h\u0259yat t\u0259rziniz\u0259 v\u0259 m\u0259qs\u0259dl\u0259riniz\u0259 uy\u011funla\u015fan x\u00fcsusi bir s\u0259yah\u0259t \u0259ld\u0259 edirsiniz, h\u0259yat sizi hara apar\u0131rsa.<\/p>\r\n                    \r\n                <\/a>\r\n                            <a class=\"introducCard\" href=\"https:\/\/app.talkpal.ai\/signup?lng=\">\r\n\r\n                    \r\n                                                <img decoding=\"async\" src=\"https:\/\/talkpal.ai\/wp-content\/uploads\/2025\/05\/Personalization.png\" alt=\"Personalization Screenshot\" \/>\r\n                        <h4 class=\"introduceTitle\">\u00d6yr\u0259nm\u0259nin \u018fyl\u0259nc\u0259li Edilm\u0259si<\/h4>\r\n                        <p class=\"cardText\">Biz inan\u0131r\u0131q ki, dil \u00f6yr\u0259nm\u0259si z\u00f6vql\u00fc v\u0259 motivasiyaedici olmal\u0131d\u0131r. Buna g\u00f6r\u0259 Talkpal sizi maraqland\u0131r\u0131r v\u0259 ilhamland\u0131r\u0131r, ona g\u00f6r\u0259 d\u0259 bu, daha \u00e7ox oxumaq kimi deyil, mac\u0259ra kimi hiss olunur. D\u00fcnyan\u0131n minl\u0259rl\u0259 \u00f6yr\u0259nicisin\u0259 qo\u015fulun v\u0259 n\u00f6vb\u0259ti dilinizi m\u0259nims\u0259m\u0259k \u00fc\u00e7\u00fcn Halloween t\u0259klifimizd\u0259n faydalan\u0131n.<\/p>\r\n                    \r\n                <\/a>\r\n                            <\/div>\r\n                     <a class=\"featureSectionLink\" href=\"https:\/\/app.talkpal.ai\/signup?discount=50\">\r\n                Endirim \u0259ld\u0259 edin            <\/a>\r\n                \r\n<\/section>\r\n\r\n\r\n<section class=\"smartFunSection\">\r\n            \r\n            <div class=\"smartFunCard\">\r\n                <div class=\"smartFunWrapper\"><img decoding=\"async\" src=\"https:\/\/talkpal.ai\/wp-content\/uploads\/2025\/05\/1.png\" alt=\"Learning Stats Screenshot\"><\/div>\r\n                <h3>Siz\u0259 uy\u011fun olaraq haz\u0131rlanm\u0131\u015fd\u0131r<\/h3>\r\n                <p>Talkpal s\u0259viyy\u0259niz\u0259 v\u0259 tempiniz\u0259 uy\u011fun f\u0259rdi sessiyalar t\u0259qdim etm\u0259k \u00fc\u00e7\u00fcn s\u00fcni intellekt \u0259sasl\u0131 texnologiyadan istifad\u0259 edir. H\u0259r d\u0259rs ehtiyaclar\u0131n\u0131z\u0131 qar\u015f\u0131lay\u0131r v\u0259 ist\u0259r \u00f6lk\u0259d\u0259, ist\u0259r xaricd\u0259 olsan\u0131z, davaml\u0131 ir\u0259lil\u0259yi\u015f \u0259ld\u0259 etm\u0259y\u0259 k\u00f6m\u0259k edir.<\/p>\r\n            <\/div>\r\n\r\n        \r\n            <div class=\"smartFunCard\">\r\n                <div class=\"smartFunWrapper\"><img decoding=\"async\" src=\"https:\/\/talkpal.ai\/wp-content\/uploads\/2025\/05\/2.png\" alt=\"Pronunciation Score Screenshot\"><\/div>\r\n                <h3>Effektiv &amp; Effektiv<\/h3>\r\n                <p>Talkpal il\u0259 oxuma, dinl\u0259m\u0259 v\u0259 dan\u0131\u015f\u0131q bacar\u0131qlar\u0131n\u0131z\u0131 s\u0259m\u0259r\u0259li \u015f\u0259kild\u0259 g\u00fccl\u0259ndirin. \u0130nnovativ al\u0259tl\u0259rimiz dil \u00f6yr\u0259nm\u0259sini m\u00fcxt\u0259lif c\u0259dv\u0259ll\u0259rl\u0259 \u00f6yr\u0259n\u0259nl\u0259r \u00fc\u00e7\u00fcn h\u0259m effektiv, h\u0259m d\u0259 z\u00f6vql\u00fc edir.<\/p>\r\n            <\/div>\r\n\r\n        \r\n            <div class=\"smartFunCard\">\r\n                <div class=\"smartFunWrapper\"><img decoding=\"async\" src=\"https:\/\/talkpal.ai\/wp-content\/uploads\/2025\/05\/3.png\" alt=\"Chat Topics Screenshot\"><\/div>\r\n                <h3>Ni\u015fanl\u0131 olun<\/h3>\r\n                <p>Platforma oyunla\u015fd\u0131r\u0131lm\u0131\u015f elementl\u0259ri, c\u0259lbedici \u00e7a\u011f\u0131r\u0131\u015flar\u0131 v\u0259 d\u00fc\u015f\u00fcnd\u00fcr\u00fcc\u00fc tap\u015f\u0131r\u0131qlar\u0131 birl\u0259\u015fdir\u0259r\u0259k sizi motivasiyal\u0131 v\u0259 ard\u0131c\u0131l saxlay\u0131r. Talkpal il\u0259 dil \u00f6yr\u0259nm\u0259k g\u00fcnd\u0259lik \u0259yl\u0259nc\u0259li v\u0259rdi\u015f\u0259 \u00e7evrilir, \u0259lav\u0259 bir \u00f6hd\u0259lik deyil.<\/p>\r\n            <\/div>\r\n\r\n        \r\n            <div class=\"smartFunCard\">\r\n                <div class=\"smartFunWrapper\"><img decoding=\"async\" src=\"https:\/\/talkpal.ai\/wp-content\/uploads\/2025\/05\/4.png\" alt=\"Dashboard Screenshot\"><\/div>\r\n                <h3>\u00d6yr\u0259nm\u0259kd\u0259n z\u00f6vq al\u0131n<\/h3>\r\n                <p>Yeni bir dili m\u0259nims\u0259m\u0259k yorucu olmaq m\u0259cburiyy\u0259tind\u0259 deyil. Talkpal interaktiv m\u0259\u015fql\u0259r, canl\u0131 personajlar v\u0259 y\u00fcng\u00fcl s\u00fcni intellekt s\u00f6hb\u0259tl\u0259ri t\u0259klif edir ki, \u00f6yr\u0259nm\u0259k g\u00fcn\u00fcn\u00fcz\u00fcn z\u00f6vql\u00fc bir hiss\u0259sin\u0259 \u00e7evrilsin. Halloween 79% endirimini t\u0259min edin v\u0259 bu g\u00fcn ba\u015flay\u0131n.<\/p>\r\n            <\/div>\r\n\r\n            \r\n<\/section>\r\n\r\n<section class=\"promotionalBanner\">\r\n    <p class=\"promotionalText\">Talkpal Halloween Endirimi &#8211; Endirimli qiym\u0259tl\u0259 \u00f6yr\u0259nm\u0259y\u0259 ba\u015flay\u0131n<\/p>\r\n                <a class=\"promotionalLink\" href=\"https:\/\/app.talkpal.ai\/signup?discount=50\">\r\n                Endirim \u0259ld\u0259 edin            <\/a>\r\n            \r\n<\/section>","protected":false},"excerpt":{"rendered":"","protected":false},"author":20,"featured_media":0,"parent":0,"menu_order":0,"comment_status":"closed","ping_status":"closed","template":"LearningContentPage.php","meta":{"_acf_changed":false,"footnotes":""},"class_list":["post-1481646","page","type-page","status-publish","hentry"],"acf":[],"yoast_head":"<!-- This site is optimized with the Yoast SEO Premium plugin v27.2 (Yoast SEO v27.2) - https:\/\/yoast.com\/product\/yoast-seo-premium-wordpress\/ -->\n<title>Talkpal Halloween Endirimi - Talkpal<\/title>\n<meta name=\"description\" content=\"Bu Halloween Talkpal Premium-da 79% q\u0259na\u0259t edin v\u0259 qabaqc\u0131l s\u00fcni intellekt m\u00fc\u0259llimimizl\u0259 ist\u0259nil\u0259n dili m\u0259nims\u0259yin.\" \/>\n<meta name=\"robots\" content=\"index, follow, max-snippet:-1, max-image-preview:large, max-video-preview:-1\" \/>\n<link rel=\"canonical\" href=\"https:\/\/talkpal.ai\/az\/talkpal-halloween-endirimi\/\" \/>\n<meta property=\"og:locale\" content=\"az_AZ\" \/>\n<meta property=\"og:type\" content=\"article\" \/>\n<meta property=\"og:title\" content=\"Talkpal Halloween Endirimi\" \/>\n<meta property=\"og:url\" content=\"https:\/\/talkpal.ai\/az\/talkpal-halloween-endirimi\/\" \/>\n<meta property=\"og:site_name\" content=\"Talkpal\" \/>\n<meta property=\"article:publisher\" content=\"https:\/\/www.facebook.com\/profile.php?id=100090733639311\" \/>\n<meta property=\"article:modified_time\" content=\"2026-01-22T14:53:36+00:00\" \/>\n<meta property=\"og:image\" content=\"https:\/\/talkpal.ai\/wp-content\/uploads\/2025\/02\/Progress-tab-16_9.png\" \/>\n\t<meta property=\"og:image:width\" content=\"2880\" \/>\n\t<meta property=\"og:image:height\" content=\"1620\" \/>\n\t<meta property=\"og:image:type\" content=\"image\/png\" \/>\n<meta name=\"twitter:card\" content=\"summary_large_image\" \/>\n<meta name=\"twitter:site\" content=\"@talkpalai\" \/>\n<script type=\"application\/ld+json\" class=\"yoast-schema-graph\">{\"@context\":\"https:\/\/schema.org\",\"@graph\":[{\"@type\":\"WebPage\",\"@id\":\"https:\/\/talkpal.ai\/az\/talkpal-halloween-endirimi\/\",\"url\":\"https:\/\/talkpal.ai\/az\/talkpal-halloween-endirimi\/\",\"name\":\"Talkpal Halloween Endirimi - Talkpal\",\"isPartOf\":{\"@id\":\"https:\/\/talkpal.ai\/az\/#website\"},\"datePublished\":\"2025-11-27T17:03:24+00:00\",\"dateModified\":\"2026-01-22T14:53:36+00:00\",\"description\":\"Bu Halloween Talkpal Premium-da 79% q\u0259na\u0259t edin v\u0259 qabaqc\u0131l s\u00fcni intellekt m\u00fc\u0259llimimizl\u0259 ist\u0259nil\u0259n dili m\u0259nims\u0259yin.\",\"breadcrumb\":{\"@id\":\"https:\/\/talkpal.ai\/az\/talkpal-halloween-endirimi\/#breadcrumb\"},\"inLanguage\":\"az\",\"potentialAction\":[{\"@type\":\"ReadAction\",\"target\":[\"https:\/\/talkpal.ai\/az\/talkpal-halloween-endirimi\/\"]}]},{\"@type\":\"BreadcrumbList\",\"@id\":\"https:\/\/talkpal.ai\/az\/talkpal-halloween-endirimi\/#breadcrumb\",\"itemListElement\":[{\"@type\":\"ListItem\",\"position\":1,\"name\":\"Homepage\",\"item\":\"https:\/\/talkpal.ai\/az\/\"},{\"@type\":\"ListItem\",\"position\":2,\"name\":\"Talkpal Halloween Endirimi\"}]},{\"@type\":\"WebSite\",\"@id\":\"https:\/\/talkpal.ai\/az\/#website\",\"url\":\"https:\/\/talkpal.ai\/az\/\",\"name\":\"Talkpal\",\"description\":\"AI Language Learning\",\"publisher\":{\"@id\":\"https:\/\/talkpal.ai\/az\/#organization\"},\"alternateName\":\"Talkpal AI\",\"potentialAction\":[{\"@type\":\"SearchAction\",\"target\":{\"@type\":\"EntryPoint\",\"urlTemplate\":\"https:\/\/talkpal.ai\/az\/?s={search_term_string}\"},\"query-input\":{\"@type\":\"PropertyValueSpecification\",\"valueRequired\":true,\"valueName\":\"search_term_string\"}}],\"inLanguage\":\"az\"},{\"@type\":\"Organization\",\"@id\":\"https:\/\/talkpal.ai\/az\/#organization\",\"name\":\"Talkpal, Inc.\",\"alternateName\":\"Talkpal AI\",\"url\":\"https:\/\/talkpal.ai\/az\/\",\"logo\":{\"@type\":\"ImageObject\",\"inLanguage\":\"az\",\"@id\":\"https:\/\/talkpal.ai\/az\/#\/schema\/logo\/image\/\",\"url\":\"https:\/\/talkpal.ai\/wp-content\/uploads\/2024\/03\/Talkpal-Logo-Icon.png\",\"contentUrl\":\"https:\/\/talkpal.ai\/wp-content\/uploads\/2024\/03\/Talkpal-Logo-Icon.png\",\"width\":2880,\"height\":2880,\"caption\":\"Talkpal, Inc.\"},\"image\":{\"@id\":\"https:\/\/talkpal.ai\/az\/#\/schema\/logo\/image\/\"},\"sameAs\":[\"https:\/\/www.facebook.com\/profile.php?id=100090733639311\",\"https:\/\/x.com\/talkpalai\",\"https:\/\/www.linkedin.com\/company\/talkpal\/\",\"https:\/\/www.youtube.com\/@TalkPal\/\",\"https:\/\/www.tiktok.com\/@talkpal\",\"https:\/\/www.instagram.com\/talkpal_ai\/\",\"https:\/\/www.crunchbase.com\/organization\/talkpal-9cde\",\"https:\/\/www.g2.com\/products\/talkpal-for-business\/\",\"https:\/\/www.trustpilot.com\/review\/talkpal.ai\",\"https:\/\/www.capterra.com\/p\/10006800\/TalkPal\/\"],\"description\":\"Talkpal is a language learning web and mobile education app, powered by the latest AI technologies, that provides engaging experiences to its customers in many different languages to help them improve their language skills. Users can chat about unlimited amount of topics with the app and use other modes to practice their language learning.\",\"email\":\"support@talkpal.ai\",\"legalName\":\"Talkpal, Inc.\",\"foundingDate\":\"2023-04-03\",\"duns\":\"118989042\",\"numberOfEmployees\":{\"@type\":\"QuantitativeValue\",\"minValue\":\"11\",\"maxValue\":\"50\"},\"publishingPrinciples\":\"https:\/\/talkpal.ai\/publishing-principles\/\",\"actionableFeedbackPolicy\":\"https:\/\/talkpal.ai\/actionable-feedback-policy\/\",\"correctionsPolicy\":\"https:\/\/talkpal.ai\/corrections-policy\/\",\"ethicsPolicy\":\"https:\/\/talkpal.ai\/ethics-policy\/\",\"diversityPolicy\":\"https:\/\/talkpal.ai\/diversity-policy\/\",\"diversityStaffingReport\":\"https:\/\/talkpal.ai\/diversity-policy\/\"}]}<\/script>\n<!-- \/ Yoast SEO Premium plugin. -->","yoast_head_json":{"title":"Talkpal Halloween Endirimi - Talkpal","description":"Bu Halloween Talkpal Premium-da 79% q\u0259na\u0259t edin v\u0259 qabaqc\u0131l s\u00fcni intellekt m\u00fc\u0259llimimizl\u0259 ist\u0259nil\u0259n dili m\u0259nims\u0259yin.","robots":{"index":"index","follow":"follow","max-snippet":"max-snippet:-1","max-image-preview":"max-image-preview:large","max-video-preview":"max-video-preview:-1"},"canonical":"https:\/\/talkpal.ai\/az\/talkpal-halloween-endirimi\/","og_locale":"az_AZ","og_type":"article","og_title":"Talkpal Halloween Endirimi","og_url":"https:\/\/talkpal.ai\/az\/talkpal-halloween-endirimi\/","og_site_name":"Talkpal","article_publisher":"https:\/\/www.facebook.com\/profile.php?id=100090733639311","article_modified_time":"2026-01-22T14:53:36+00:00","og_image":[{"width":2880,"height":1620,"url":"https:\/\/talkpal.ai\/wp-content\/uploads\/2025\/02\/Progress-tab-16_9.png","type":"image\/png"}],"twitter_card":"summary_large_image","twitter_site":"@talkpalai","schema":{"@context":"https:\/\/schema.org","@graph":[{"@type":"WebPage","@id":"https:\/\/talkpal.ai\/az\/talkpal-halloween-endirimi\/","url":"https:\/\/talkpal.ai\/az\/talkpal-halloween-endirimi\/","name":"Talkpal Halloween Endirimi - Talkpal","isPartOf":{"@id":"https:\/\/talkpal.ai\/az\/#website"},"datePublished":"2025-11-27T17:03:24+00:00","dateModified":"2026-01-22T14:53:36+00:00","description":"Bu Halloween Talkpal Premium-da 79% q\u0259na\u0259t edin v\u0259 qabaqc\u0131l s\u00fcni intellekt m\u00fc\u0259llimimizl\u0259 ist\u0259nil\u0259n dili m\u0259nims\u0259yin.","breadcrumb":{"@id":"https:\/\/talkpal.ai\/az\/talkpal-halloween-endirimi\/#breadcrumb"},"inLanguage":"az","potentialAction":[{"@type":"ReadAction","target":["https:\/\/talkpal.ai\/az\/talkpal-halloween-endirimi\/"]}]},{"@type":"BreadcrumbList","@id":"https:\/\/talkpal.ai\/az\/talkpal-halloween-endirimi\/#breadcrumb","itemListElement":[{"@type":"ListItem","position":1,"name":"Homepage","item":"https:\/\/talkpal.ai\/az\/"},{"@type":"ListItem","position":2,"name":"Talkpal Halloween Endirimi"}]},{"@type":"WebSite","@id":"https:\/\/talkpal.ai\/az\/#website","url":"https:\/\/talkpal.ai\/az\/","name":"Talkpal","description":"AI Language Learning","publisher":{"@id":"https:\/\/talkpal.ai\/az\/#organization"},"alternateName":"Talkpal AI","potentialAction":[{"@type":"SearchAction","target":{"@type":"EntryPoint","urlTemplate":"https:\/\/talkpal.ai\/az\/?s={search_term_string}"},"query-input":{"@type":"PropertyValueSpecification","valueRequired":true,"valueName":"search_term_string"}}],"inLanguage":"az"},{"@type":"Organization","@id":"https:\/\/talkpal.ai\/az\/#organization","name":"Talkpal, Inc.","alternateName":"Talkpal AI","url":"https:\/\/talkpal.ai\/az\/","logo":{"@type":"ImageObject","inLanguage":"az","@id":"https:\/\/talkpal.ai\/az\/#\/schema\/logo\/image\/","url":"https:\/\/talkpal.ai\/wp-content\/uploads\/2024\/03\/Talkpal-Logo-Icon.png","contentUrl":"https:\/\/talkpal.ai\/wp-content\/uploads\/2024\/03\/Talkpal-Logo-Icon.png","width":2880,"height":2880,"caption":"Talkpal, Inc."},"image":{"@id":"https:\/\/talkpal.ai\/az\/#\/schema\/logo\/image\/"},"sameAs":["https:\/\/www.facebook.com\/profile.php?id=100090733639311","https:\/\/x.com\/talkpalai","https:\/\/www.linkedin.com\/company\/talkpal\/","https:\/\/www.youtube.com\/@TalkPal\/","https:\/\/www.tiktok.com\/@talkpal","https:\/\/www.instagram.com\/talkpal_ai\/","https:\/\/www.crunchbase.com\/organization\/talkpal-9cde","https:\/\/www.g2.com\/products\/talkpal-for-business\/","https:\/\/www.trustpilot.com\/review\/talkpal.ai","https:\/\/www.capterra.com\/p\/10006800\/TalkPal\/"],"description":"Talkpal is a language learning web and mobile education app, powered by the latest AI technologies, that provides engaging experiences to its customers in many different languages to help them improve their language skills. Users can chat about unlimited amount of topics with the app and use other modes to practice their language learning.","email":"support@talkpal.ai","legalName":"Talkpal, Inc.","foundingDate":"2023-04-03","duns":"118989042","numberOfEmployees":{"@type":"QuantitativeValue","minValue":"11","maxValue":"50"},"publishingPrinciples":"https:\/\/talkpal.ai\/publishing-principles\/","actionableFeedbackPolicy":"https:\/\/talkpal.ai\/actionable-feedback-policy\/","correctionsPolicy":"https:\/\/talkpal.ai\/corrections-policy\/","ethicsPolicy":"https:\/\/talkpal.ai\/ethics-policy\/","diversityPolicy":"https:\/\/talkpal.ai\/diversity-policy\/","diversityStaffingReport":"https:\/\/talkpal.ai\/diversity-policy\/"}]}},"_links":{"self":[{"href":"https:\/\/talkpal.ai\/az\/wp-json\/wp\/v2\/pages\/1481646","targetHints":{"allow":["GET"]}}],"collection":[{"href":"https:\/\/talkpal.ai\/az\/wp-json\/wp\/v2\/pages"}],"about":[{"href":"https:\/\/talkpal.ai\/az\/wp-json\/wp\/v2\/types\/page"}],"author":[{"embeddable":true,"href":"https:\/\/talkpal.ai\/az\/wp-json\/wp\/v2\/users\/20"}],"replies":[{"embeddable":true,"href":"https:\/\/talkpal.ai\/az\/wp-json\/wp\/v2\/comments?post=1481646"}],"version-history":[{"count":0,"href":"https:\/\/talkpal.ai\/az\/wp-json\/wp\/v2\/pages\/1481646\/revisions"}],"wp:attachment":[{"href":"https:\/\/talkpal.ai\/az\/wp-json\/wp\/v2\/media?parent=1481646"}],"curies":[{"name":"wp","href":"https:\/\/api.w.org\/{rel}","templated":true}]}}