{"id":148065,"date":"2023-05-14T14:12:45","date_gmt":"2023-05-14T14:12:45","guid":{"rendered":"http:\/\/talkpal.ai\/nepal-dilinin-qrammatikasi\/"},"modified":"2025-12-17T17:01:07","modified_gmt":"2025-12-17T17:01:07","slug":"nepal-dilinin-qrammatikasi","status":"publish","type":"page","link":"https:\/\/talkpal.ai\/az\/nepal-dilinin-qrammatikasi\/","title":{"rendered":"Nepal dilinin qrammatikas\u0131"},"content":{"rendered":"\r\n\r\n\r\n<section class=\"languageChallengeSection\">\r\n    <div class=\"languageInfoWrapper\">\r\n        \r\n        <h1>Nepal dilinin qrammatikas\u0131<\/h1>\r\n        <p><a href=\"https:\/\/talkpal.ai\/learn-nepali\/\">Nepal dili<\/a> il\u0259 maraqlan\u0131rs\u0131n\u0131z? Cinsl\u0259r\u0259 aid isiml\u0259r, postpozisiyalar v\u0259 dili h\u0259m ifad\u0259li, h\u0259m d\u0259 c\u0259lbedici ed\u0259n \u00e7evik c\u00fcml\u0259 strukturundan ibar\u0259t Nepal qrammatikas\u0131n\u0131 k\u0259\u015ff edin. Bu g\u00fcn \u00f6yr\u0259nm\u0259y\u0259 ba\u015flay\u0131n &#8211; Nepal qrammatikas\u0131n\u0131 m\u0259nims\u0259m\u0259k m\u0259nal\u0131 s\u00f6hb\u0259tl\u0259ri a\u00e7acaq v\u0259 sizi Nepal\u0131n m\u00fcxt\u0259lif m\u0259d\u0259niyy\u0259tl\u0259ri v\u0259 \u0259n\u0259n\u0259l\u0259ri il\u0259 birl\u0259\u015fdir\u0259c\u0259k!<\/p>\r\n\r\n                            <a class=\"getStartedHidden\" href=\"https:\/\/app.talkpal.ai\/signup?lng=\">Ba\u015fla<\/a>\r\n        \r\n    <\/div>\r\n\r\n    <figure>\r\n    <img decoding=\"async\" width=\"768\" height=\"768\" src=\"https:\/\/talkpal.ai\/wp-content\/uploads\/2023\/06\/nepali-768x768.png\" class=\"languageImage no-lazy\" alt=\"Practical language learning for real-life application\" fetchpriority=\"high\" sizes=\"(max-width: 768px) 150px, 768px\" srcset=\"https:\/\/talkpal.ai\/wp-content\/uploads\/2023\/06\/nepali-768x768.png 768w, https:\/\/talkpal.ai\/wp-content\/uploads\/2023\/06\/nepali-300x300.png 300w\" \/>\r\n    \r\n\r\n    <\/figure>\r\n\r\n            <a class=\"getStartedVisible\" href=\"https:\/\/app.talkpal.ai\/signup?lng=\">Ba\u015fla<\/a>\r\n    \r\n<\/section>\r\n<section class=\"promotionalBanner\">\r\n    <p class=\"promotionalText\">Dil \u00f6yr\u0259nm\u0259yin \u0259n t\u0259sirli yolu<\/p>\r\n    <a class=\"promotionalLink\" href=\"https:\/\/app.talkpal.ai\/signup?lng=\">Talkpal pulsuz s\u0131nay\u0131n<\/a>\r\n<\/section>\n<div class=\"wp-block-group pageContainerStyle\"><div class=\"wp-block-group__inner-container is-layout-constrained wp-block-group-is-layout-constrained\">\n<h2 class=\"wp-block-heading\" id=\"h-delving-into-the-richness-of-nepali-grammar-an-insightful-guide\">Nepal dilinin qrammatikas\u0131. Anlay\u0131\u015fl\u0131 b\u0259l\u0259d\u00e7i<\/h2>\n\n\n\n<p>Nepal v\u0259 qon\u015fu \u0259razil\u0259rd\u0259 25 milyondan \u00e7ox insan\u0131n dan\u0131\u015fd\u0131\u011f\u0131 indo-aryan dili C\u0259nubi Asiyan\u0131n m\u0259d\u0259ni z\u0259nginliyini v\u0259 m\u00fcxt\u0259lif dill\u0259r\u0259 malik oldu\u011funu g\u00f6st\u0259r\u0259n g\u00f6z\u0259l dildir. Nepal dilind\u0259 m\u0259har\u0259tl\u0259 \u00fcnsiyy\u0259t etm\u0259k v\u0259 onun g\u00f6z\u0259lliyini qiym\u0259tl\u0259ndirm\u0259k \u00fc\u00e7\u00fcn insan onun qrammatikas\u0131n\u0131 ba\u015fa d\u00fc\u015fm\u0259lidir. Bu m\u0259qal\u0259d\u0259 Nepal dilinin qrammatikas\u0131na dair \u00fcmumi m\u0259lumat veril\u0259c\u0259k v\u0259 bu maraql\u0131 dili m\u00fck\u0259mm\u0259l bilm\u0259k \u00fc\u00e7\u00fcn praktiki m\u0259sl\u0259h\u0259tl\u0259r ver\u0259c\u0259yik.<\/p>\n\n\n\n<h3 class=\"wp-block-heading\" id=\"h-key-aspects-of-nepali-grammar\">Nepal dilinin qrammatikas\u0131 \u00fczr\u0259 \u0259sas aspektl\u0259r:<\/h3>\n\n\n\n<p>Nepal dilinin qrammatikas\u0131 ba\u015flan\u011f\u0131cda \u00e7\u0259tin g\u00f6r\u00fcn\u0259 bil\u0259r, lakin vaxt v\u0259 praktika il\u0259 onu asmaq olar. Nepal dilinin qrammatikas\u0131 il\u0259 tan\u0131\u015f olmaq \u00fc\u00e7\u00fcn b\u0259zi fundamental komponentl\u0259r bunlard\u0131r:<\/p>\n\n\n\n<p><strong>1. Nouns:<\/strong> <a href=\"https:\/\/talkpal.ai\/learn-nepali\/\">Nepali<\/a> nouns qrammatik cinsiyy\u0259t\u0259 malik deyil, h\u0259r bir nounun cinsini \u0259zb\u0259rl\u0259m\u0259y\u0259 ehtiyac olmad\u0131\u011f\u0131 \u00fc\u00e7\u00fcn \u00f6yr\u0259n\u0259nl\u0259r \u00fc\u00e7\u00fcn asanl\u0131q yarad\u0131r. Lakin nounlar \u0259d\u0259d (sinqular v\u0259 \u00e7oxluqlar) v\u0259 case (nominativ, genitive, dative v\u0259 s.) \u00fc\u00e7\u00fcn inflected olunur.<\/p>\n\n\n\n<p><strong>2. Pronouns.<\/strong> Nepal dilind\u0259 \u015f\u0259xsi pronouns \u00fc\u00e7 formaya malikdir: subyektiv, obyektiv v\u0259 sahiblik. Onlar cinsl\u0259 deyil, say bax\u0131m\u0131ndan istinad etdikl\u0259ri nounla raz\u0131la\u015f\u0131rlar. H\u0259m\u00e7inin formall\u0131q s\u0259viyy\u0259sin\u0259 (n\u0259zak\u0259tli, tan\u0131\u015f v\u0259 ya intim) \u0259saslanan m\u00fcxt\u0259lif t\u0259l\u0259ff\u00fcz v\u0259 feil konyuqasiya formalar\u0131 m\u00f6vcuddur.<\/p>\n\n\n\n<p><strong>3. Feill\u0259r:<\/strong> Nepal feill\u0259ri g\u0259rgin (indiki, ke\u00e7mi\u015f v\u0259 g\u0259l\u0259c\u0259k), \u0259hval-ruhiyy\u0259 (g\u00f6st\u0259rici, <a href=\"https:\/\/talkpal.ai\/ja\/grammar_exercises\/imperatif-%e3%83%95%e3%83%a9%e3%83%b3%e3%82%b9%e3%81%ae%e6%96%87%e6%b3%95%e3%81%ae%e3%81%9f%e3%82%81%e3%81%ae%e6%bc%94%e7%bf%92\/\">imperativ<\/a> v\u0259 ya tabe\u00e7ilik) v\u0259 aspekt (davaml\u0131, m\u00fck\u0259mm\u0259l v\u0259 ya sad\u0259) \u00fc\u00e7\u00fcn inflektdir. Subyektin formall\u0131q s\u0259viyy\u0259sind\u0259n as\u0131l\u0131 olaraq f\u0259rqli fel ba\u011flama n\u00fcmun\u0259l\u0259ri d\u0259 m\u00f6vcuddur.<\/p>\n\n\n\n<p><strong>4. Adjectives and adverbs:<\/strong> Nepal dilind\u0259 adjectives ad\u0259t\u0259n onlar\u0131n d\u0259yi\u015fdirdikl\u0259ri v\u0259 say\u0131 v\u0259 halda raz\u0131la\u015fd\u0131qlar\u0131 noun ard\u0131nca gedir. Adverbs \u0259lav\u0259 m\u0259lumat verm\u0259k \u00fc\u00e7\u00fcn istifad\u0259 edil\u0259 bil\u0259r v\u0259 \u00fcmumilikd\u0259 formas\u0131n\u0131 d\u0259yi\u015fmir.<\/p>\n\n\n\n<p><strong>5. C\u00fcml\u0259 qurulu\u015fu.<\/strong> Tipik Nepal c\u00fcml\u0259 qurulu\u015fu <a href=\"https:\/\/talkpal.ai\/culture\/how-do-you-structure-a-sentence-using-subject-object-verb-order-in-uzbek\/\">Subject-Object-Verb<\/a> (SOV) \u0259mri il\u0259 yerin\u0259 yetirir. Lakin s\u00f6z s\u0131ras\u0131 vur\u011fu v\u0259 kontekstd\u0259n as\u0131l\u0131 olaraq \u00e7evik ola bil\u0259r.<\/p>\n\n\n\n<h3 class=\"wp-block-heading\" id=\"h-tips-for-learning-nepali-grammar\">Nepal dilinin qrammatikas\u0131n\u0131 \u00f6yr\u0259nm\u0259k \u00fc\u00e7\u00fcn m\u0259sl\u0259h\u0259tl\u0259r:<\/h3>\n\n\n\n<p>Nepal dili <a href=\"https:\/\/talkpal.ai\/grammar\/\">qrammatika<\/a> \u00f6yr\u0259nm\u0259 s\u0259yah\u0259tinizin daha yum\u015faq olmas\u0131 \u00fc\u00e7\u00fcn a\u015fa\u011f\u0131dak\u0131 effektiv strategiyalar var:<\/p>\n\n\n\n<p><strong>1. \u018fsaslardan ba\u015flay\u0131n.<\/strong> Nepal dilinin qrammatikas\u0131n\u0131n \u0259saslar\u0131n\u0131 \u00f6yr\u0259nm\u0259y\u0259 diqq\u0259t yetirin. M\u0259s\u0259l\u0259n, noun hallar\u0131, t\u0259l\u0259ff\u00fcz v\u0259 feli konyunkasiya. Anlay\u0131\u015f\u0131n\u0131z artd\u0131qca t\u0259dric\u0259n daha m\u00fcr\u0259kk\u0259b qurulu\u015flar\u0131 v\u0259 qaydalar\u0131 daxil edin.<\/p>\n\n\n\n<p><strong>2. M\u00fcnt\u0259z\u0259m olaraq m\u0259\u015fq edin.<\/strong> Yeni dil \u00f6yr\u0259n\u0259rk\u0259n ard\u0131c\u0131ll\u0131q olduqca vacibdir. Nepal dilind\u0259 qrammatika m\u0259\u015f\u011f\u0259l\u0259l\u0259ri, oxumaq v\u0259 yazmaq \u00fc\u00e7\u00fcn h\u0259r g\u00fcn v\u0259 ya h\u0259ft\u0259d\u0259 konkret vaxt ay\u0131r.<\/p>\n\n\n\n<p><strong>3. Yerli resurslardan istifad\u0259 edin.<\/strong> \u018fd\u0259biyyat, x\u0259b\u0259r m\u0259qal\u0259l\u0259ri, podkastlar kimi m\u00f6t\u0259b\u0259r Nepal materiallar\u0131na bat\u0131r\u0131n. Bu, n\u0259inki Nepal dilinin qrammatikan\u0131 kontekst\u0259 ba\u015fa d\u00fc\u015fm\u0259yiniz\u0259, h\u0259m d\u0259 \u00fcmumi dil bacar\u0131qlar\u0131n\u0131z\u0131 yax\u015f\u0131la\u015fd\u0131rma\u011fa k\u00f6m\u0259k ed\u0259c\u0259k.<\/p>\n\n\n\n<p><strong>4. Do\u011fma g\u00fcrc\u00fcl\u0259rl\u0259 \u0259laq\u0259.<\/strong> Nepal dilind\u0259 dan\u0131\u015fan yerlil\u0259rl\u0259 dan\u0131\u015f\u0131qlar aparmaq, real v\u0259ziyy\u0259tl\u0259rd\u0259 qrammatika il\u0259 m\u0259\u015f\u011ful olma\u011fa v\u0259 d\u0259y\u0259rli r\u0259yl\u0259r alma\u011fa imkan verir. Nepal dilind\u0259 dan\u0131\u015fan \u015f\u0259xsl\u0259rl\u0259 <a href=\"https:\/\/talkpal.ai\/contact\/\">\u0259laq\u0259<\/a> yaratmaq \u00fc\u00e7\u00fcn dil m\u00fcbadil\u0259si qruplar\u0131na v\u0259 ya onlayn forumlara qo\u015fulma\u011f\u0131 d\u00fc\u015f\u00fcn\u00fcn.<\/p>\n\n\n\n<p><strong>5. S\u0259brli v\u0259 israrl\u0131 olun.<\/strong> Unutmay\u0131n ki, yeni dil <a href=\"https:\/\/talkpal.ai\/az\/oyr%c9%99nm%c9%99k\/\">\u00f6yr\u0259nm\u0259k<\/a> zaman, m\u0259tan\u0259t v\u0259 s\u0259bir t\u0259l\u0259b edir. \u00c7\u0259tinlikl\u0259ri q\u0259bul edin v\u0259 bu yolda ir\u0259lil\u0259yi\u015finizi qeyd edin.<\/p>\n\n\n\n<h3 class=\"wp-block-heading\" id=\"h-conclusion\">Yekun:<\/h3>\n\n\n\n<p>Nepal dilinin qrammatikas\u0131, \u00f6z\u00fcn\u0259m\u0259xsus x\u00fcsusiyy\u0259tl\u0259ri v\u0259 \u0130ndo-Aryan dil ail\u0259si il\u0259 \u0259laq\u0259l\u0259ri il\u0259 maraql\u0131 dil s\u0259yah\u0259ti t\u0259klif edir. Onun \u0259sas aspektl\u0259rini ba\u015fa d\u00fc\u015fm\u0259k v\u0259 praktiki m\u0259sl\u0259h\u0259tl\u0259rimiz\u0259 \u0259m\u0259l etm\u0259kl\u0259, siz dil bilikl\u0259rin\u0259 do\u011fru yol a\u00e7acaqs\u0131n\u0131z v\u0259 Nepal dilini daha d\u0259rind\u0259n qiym\u0259tl\u0259ndir\u0259c\u0259ksiniz. Bel\u0259likl\u0259, \u015f\u00f6vql\u0259 v\u0259 maraqla nepaldilli x\u0259zin\u0259l\u0259ri q\u0259bul edin!<\/p>\n<\/div><\/div>\n\r\n<section class=\"learnNavigationSection\">\r\n            \r\n        <a href=\"https:\/\/talkpal.ai\/az\/nepal-dili-oyr%c9%99nin\/\">\r\n            <div class=\"learnNavigationWrapper\">\r\n                <div class=\"learnNavigationContent\">\r\n                    <img decoding=\"async\" src=\"https:\/\/talkpal.ai\/wp-content\/uploads\/2024\/08\/Nepali.jpg\" alt=\"Nepali Flag\">\r\n                    <div>\r\n                        <h4>Nepal \u00d6yr\u0259nilm\u0259si Haqq\u0131nda<\/h4>\r\n                        <p>Nepal dili qrammatikas\u0131 haqq\u0131nda h\u0259r \u015feyi \u00f6yr\u0259nin.<\/p>\r\n                    <\/div>\r\n                <\/div>\r\n            <\/div>\r\n        <\/a>\r\n\r\n        \r\n        <a href=\"https:\/\/talkpal.ai\/az\/nepal-dilinin-qrammatikasi-m%c9%99sg%c9%99l%c9%99l%c9%99ri\/\">\r\n            <div class=\"learnNavigationWrapper\">\r\n                <div class=\"learnNavigationContent\">\r\n                    <img decoding=\"async\" src=\"https:\/\/talkpal.ai\/wp-content\/uploads\/2024\/08\/Nepali.jpg\" alt=\"Nepali Flag\">\r\n                    <div>\r\n                        <h4>Nepal Qrammatikas\u0131 M\u0259\u015fqi<\/h4>\r\n                        <p>Nepal dilinin qrammatika qaydalar\u0131na \u0259m\u0259l etm\u0259k.<\/p>\r\n                    <\/div>\r\n                <\/div>\r\n            <\/div>\r\n        <\/a>\r\n\r\n        \r\n        <a href=\"https:\/\/talkpal.ai\/vocabulary_language\/nepali\/\">\r\n            <div class=\"learnNavigationWrapper\">\r\n                <div class=\"learnNavigationContent\">\r\n                    <img decoding=\"async\" src=\"https:\/\/talkpal.ai\/wp-content\/uploads\/2024\/08\/Nepali.jpg\" alt=\"Nepali Flag\">\r\n                    <div>\r\n                        <h4>Nepal l\u00fc\u011f\u0259ti<\/h4>\r\n                        <p>Nepal l\u00fc\u011f\u0259tinizi geni\u015fl\u0259ndirin.<\/p>\r\n                    <\/div>\r\n                <\/div>\r\n            <\/div>\r\n        <\/a>\r\n\r\n            <\/section>","protected":false},"excerpt":{"rendered":"<p>Nepal dilinin qrammatikas\u0131. Anlay\u0131\u015fl\u0131 b\u0259l\u0259d\u00e7i Nepal v\u0259 qon\u015fu \u0259razil\u0259rd\u0259 25 milyondan \u00e7ox insan\u0131n dan\u0131\u015fd\u0131\u011f\u0131 indo-aryan dili C\u0259nubi Asiyan\u0131n m\u0259d\u0259ni z\u0259nginliyini v\u0259 m\u00fcxt\u0259lif dill\u0259r\u0259 malik oldu\u011funu g\u00f6st\u0259r\u0259n g\u00f6z\u0259l dildir. Nepal dilind\u0259 m\u0259har\u0259tl\u0259 \u00fcnsiyy\u0259t etm\u0259k v\u0259 onun g\u00f6z\u0259lliyini qiym\u0259tl\u0259ndirm\u0259k \u00fc\u00e7\u00fcn insan onun qrammatikas\u0131n\u0131 ba\u015fa d\u00fc\u015fm\u0259lidir. Bu m\u0259qal\u0259d\u0259 Nepal dilinin qrammatikas\u0131na dair \u00fcmumi m\u0259lumat veril\u0259c\u0259k v\u0259 bu maraql\u0131 [&hellip;]<\/p>\n","protected":false},"author":1,"featured_media":148071,"parent":0,"menu_order":0,"comment_status":"closed","ping_status":"closed","template":"LearningContentPage.php","meta":{"_acf_changed":false,"footnotes":""},"class_list":["post-148065","page","type-page","status-publish","has-post-thumbnail","hentry"],"acf":[],"yoast_head":"<!-- This site is optimized with the Yoast SEO Premium plugin v27.2 (Yoast SEO v27.2) - https:\/\/yoast.com\/product\/yoast-seo-premium-wordpress\/ -->\n<title>Nepal dilinin qrammatikas\u0131 - Talkpal<\/title>\n<meta name=\"description\" content=\"Nepal qrammatikas\u0131n\u0131 ara\u015fd\u0131r\u0131n v\u0259 ayd\u0131n v\u0259 q\u0131sa izahatlarla dil anlay\u0131\u015f\u0131n\u0131z\u0131 art\u0131r\u0131n.\" \/>\n<meta name=\"robots\" content=\"index, follow, max-snippet:-1, max-image-preview:large, max-video-preview:-1\" \/>\n<link rel=\"canonical\" href=\"https:\/\/talkpal.ai\/az\/nepal-dilinin-qrammatikasi\/\" \/>\n<meta property=\"og:locale\" content=\"az_AZ\" \/>\n<meta property=\"og:type\" content=\"article\" \/>\n<meta property=\"og:title\" content=\"Nepal dilinin qrammatikas\u0131\" \/>\n<meta property=\"og:description\" content=\"Nepal dilinin qrammatikas\u0131. Anlay\u0131\u015fl\u0131 b\u0259l\u0259d\u00e7i Nepal v\u0259 qon\u015fu \u0259razil\u0259rd\u0259 25 milyondan \u00e7ox insan\u0131n dan\u0131\u015fd\u0131\u011f\u0131 indo-aryan dili C\u0259nubi Asiyan\u0131n m\u0259d\u0259ni\" \/>\n<meta property=\"og:url\" content=\"https:\/\/talkpal.ai\/az\/nepal-dilinin-qrammatikasi\/\" \/>\n<meta property=\"og:site_name\" content=\"Talkpal\" \/>\n<meta property=\"article:publisher\" content=\"https:\/\/www.facebook.com\/profile.php?id=100090733639311\" \/>\n<meta property=\"article:modified_time\" content=\"2025-12-17T17:01:07+00:00\" \/>\n<meta property=\"og:image\" content=\"https:\/\/talkpal.ai\/wp-content\/uploads\/2023\/05\/nepal.png\" \/>\n\t<meta property=\"og:image:width\" content=\"512\" \/>\n\t<meta property=\"og:image:height\" content=\"512\" \/>\n\t<meta property=\"og:image:type\" content=\"image\/png\" \/>\n<meta name=\"twitter:card\" content=\"summary_large_image\" \/>\n<meta name=\"twitter:site\" content=\"@talkpalai\" \/>\n<meta name=\"twitter:label1\" content=\"Est. reading time\" \/>\n\t<meta name=\"twitter:data1\" content=\"4 minutes\" \/>\n<script type=\"application\/ld+json\" class=\"yoast-schema-graph\">{\"@context\":\"https:\/\/schema.org\",\"@graph\":[{\"@type\":\"WebPage\",\"@id\":\"https:\/\/talkpal.ai\/az\/nepal-dilinin-qrammatikasi\/\",\"url\":\"https:\/\/talkpal.ai\/az\/nepal-dilinin-qrammatikasi\/\",\"name\":\"Nepal dilinin qrammatikas\u0131 - Talkpal\",\"isPartOf\":{\"@id\":\"https:\/\/talkpal.ai\/az\/#website\"},\"primaryImageOfPage\":{\"@id\":\"https:\/\/talkpal.ai\/az\/nepal-dilinin-qrammatikasi\/#primaryimage\"},\"image\":{\"@id\":\"https:\/\/talkpal.ai\/az\/nepal-dilinin-qrammatikasi\/#primaryimage\"},\"thumbnailUrl\":\"https:\/\/talkpal.ai\/wp-content\/uploads\/2023\/05\/nepal.png\",\"datePublished\":\"2023-05-14T14:12:45+00:00\",\"dateModified\":\"2025-12-17T17:01:07+00:00\",\"description\":\"Nepal qrammatikas\u0131n\u0131 ara\u015fd\u0131r\u0131n v\u0259 ayd\u0131n v\u0259 q\u0131sa izahatlarla dil anlay\u0131\u015f\u0131n\u0131z\u0131 art\u0131r\u0131n.\",\"breadcrumb\":{\"@id\":\"https:\/\/talkpal.ai\/az\/nepal-dilinin-qrammatikasi\/#breadcrumb\"},\"inLanguage\":\"az\",\"potentialAction\":[{\"@type\":\"ReadAction\",\"target\":[\"https:\/\/talkpal.ai\/az\/nepal-dilinin-qrammatikasi\/\"]}]},{\"@type\":\"ImageObject\",\"inLanguage\":\"az\",\"@id\":\"https:\/\/talkpal.ai\/az\/nepal-dilinin-qrammatikasi\/#primaryimage\",\"url\":\"https:\/\/talkpal.ai\/wp-content\/uploads\/2023\/05\/nepal.png\",\"contentUrl\":\"https:\/\/talkpal.ai\/wp-content\/uploads\/2023\/05\/nepal.png\",\"width\":512,\"height\":512},{\"@type\":\"BreadcrumbList\",\"@id\":\"https:\/\/talkpal.ai\/az\/nepal-dilinin-qrammatikasi\/#breadcrumb\",\"itemListElement\":[{\"@type\":\"ListItem\",\"position\":1,\"name\":\"Homepage\",\"item\":\"https:\/\/talkpal.ai\/az\/\"},{\"@type\":\"ListItem\",\"position\":2,\"name\":\"Nepal dilinin qrammatikas\u0131\"}]},{\"@type\":\"WebSite\",\"@id\":\"https:\/\/talkpal.ai\/az\/#website\",\"url\":\"https:\/\/talkpal.ai\/az\/\",\"name\":\"Talkpal\",\"description\":\"AI Language Learning\",\"publisher\":{\"@id\":\"https:\/\/talkpal.ai\/az\/#organization\"},\"alternateName\":\"Talkpal AI\",\"potentialAction\":[{\"@type\":\"SearchAction\",\"target\":{\"@type\":\"EntryPoint\",\"urlTemplate\":\"https:\/\/talkpal.ai\/az\/?s={search_term_string}\"},\"query-input\":{\"@type\":\"PropertyValueSpecification\",\"valueRequired\":true,\"valueName\":\"search_term_string\"}}],\"inLanguage\":\"az\"},{\"@type\":\"Organization\",\"@id\":\"https:\/\/talkpal.ai\/az\/#organization\",\"name\":\"Talkpal, Inc.\",\"alternateName\":\"Talkpal AI\",\"url\":\"https:\/\/talkpal.ai\/az\/\",\"logo\":{\"@type\":\"ImageObject\",\"inLanguage\":\"az\",\"@id\":\"https:\/\/talkpal.ai\/az\/#\/schema\/logo\/image\/\",\"url\":\"https:\/\/talkpal.ai\/wp-content\/uploads\/2024\/03\/Talkpal-Logo-Icon.png\",\"contentUrl\":\"https:\/\/talkpal.ai\/wp-content\/uploads\/2024\/03\/Talkpal-Logo-Icon.png\",\"width\":2880,\"height\":2880,\"caption\":\"Talkpal, Inc.\"},\"image\":{\"@id\":\"https:\/\/talkpal.ai\/az\/#\/schema\/logo\/image\/\"},\"sameAs\":[\"https:\/\/www.facebook.com\/profile.php?id=100090733639311\",\"https:\/\/x.com\/talkpalai\",\"https:\/\/www.linkedin.com\/company\/talkpal\/\",\"https:\/\/www.youtube.com\/@TalkPal\/\",\"https:\/\/www.tiktok.com\/@talkpal\",\"https:\/\/www.instagram.com\/talkpal_ai\/\",\"https:\/\/www.crunchbase.com\/organization\/talkpal-9cde\",\"https:\/\/www.g2.com\/products\/talkpal-for-business\/\",\"https:\/\/www.trustpilot.com\/review\/talkpal.ai\",\"https:\/\/www.capterra.com\/p\/10006800\/TalkPal\/\"],\"description\":\"Talkpal is a language learning web and mobile education app, powered by the latest AI technologies, that provides engaging experiences to its customers in many different languages to help them improve their language skills. Users can chat about unlimited amount of topics with the app and use other modes to practice their language learning.\",\"email\":\"support@talkpal.ai\",\"legalName\":\"Talkpal, Inc.\",\"foundingDate\":\"2023-04-03\",\"duns\":\"118989042\",\"numberOfEmployees\":{\"@type\":\"QuantitativeValue\",\"minValue\":\"11\",\"maxValue\":\"50\"},\"publishingPrinciples\":\"https:\/\/talkpal.ai\/publishing-principles\/\",\"actionableFeedbackPolicy\":\"https:\/\/talkpal.ai\/actionable-feedback-policy\/\",\"correctionsPolicy\":\"https:\/\/talkpal.ai\/corrections-policy\/\",\"ethicsPolicy\":\"https:\/\/talkpal.ai\/ethics-policy\/\",\"diversityPolicy\":\"https:\/\/talkpal.ai\/diversity-policy\/\",\"diversityStaffingReport\":\"https:\/\/talkpal.ai\/diversity-policy\/\"}]}<\/script>\n<!-- \/ Yoast SEO Premium plugin. -->","yoast_head_json":{"title":"Nepal dilinin qrammatikas\u0131 - Talkpal","description":"Nepal qrammatikas\u0131n\u0131 ara\u015fd\u0131r\u0131n v\u0259 ayd\u0131n v\u0259 q\u0131sa izahatlarla dil anlay\u0131\u015f\u0131n\u0131z\u0131 art\u0131r\u0131n.","robots":{"index":"index","follow":"follow","max-snippet":"max-snippet:-1","max-image-preview":"max-image-preview:large","max-video-preview":"max-video-preview:-1"},"canonical":"https:\/\/talkpal.ai\/az\/nepal-dilinin-qrammatikasi\/","og_locale":"az_AZ","og_type":"article","og_title":"Nepal dilinin qrammatikas\u0131","og_description":"Nepal dilinin qrammatikas\u0131. Anlay\u0131\u015fl\u0131 b\u0259l\u0259d\u00e7i Nepal v\u0259 qon\u015fu \u0259razil\u0259rd\u0259 25 milyondan \u00e7ox insan\u0131n dan\u0131\u015fd\u0131\u011f\u0131 indo-aryan dili C\u0259nubi Asiyan\u0131n m\u0259d\u0259ni","og_url":"https:\/\/talkpal.ai\/az\/nepal-dilinin-qrammatikasi\/","og_site_name":"Talkpal","article_publisher":"https:\/\/www.facebook.com\/profile.php?id=100090733639311","article_modified_time":"2025-12-17T17:01:07+00:00","og_image":[{"width":512,"height":512,"url":"https:\/\/talkpal.ai\/wp-content\/uploads\/2023\/05\/nepal.png","type":"image\/png"}],"twitter_card":"summary_large_image","twitter_site":"@talkpalai","twitter_misc":{"Est. reading time":"4 minutes"},"schema":{"@context":"https:\/\/schema.org","@graph":[{"@type":"WebPage","@id":"https:\/\/talkpal.ai\/az\/nepal-dilinin-qrammatikasi\/","url":"https:\/\/talkpal.ai\/az\/nepal-dilinin-qrammatikasi\/","name":"Nepal dilinin qrammatikas\u0131 - Talkpal","isPartOf":{"@id":"https:\/\/talkpal.ai\/az\/#website"},"primaryImageOfPage":{"@id":"https:\/\/talkpal.ai\/az\/nepal-dilinin-qrammatikasi\/#primaryimage"},"image":{"@id":"https:\/\/talkpal.ai\/az\/nepal-dilinin-qrammatikasi\/#primaryimage"},"thumbnailUrl":"https:\/\/talkpal.ai\/wp-content\/uploads\/2023\/05\/nepal.png","datePublished":"2023-05-14T14:12:45+00:00","dateModified":"2025-12-17T17:01:07+00:00","description":"Nepal qrammatikas\u0131n\u0131 ara\u015fd\u0131r\u0131n v\u0259 ayd\u0131n v\u0259 q\u0131sa izahatlarla dil anlay\u0131\u015f\u0131n\u0131z\u0131 art\u0131r\u0131n.","breadcrumb":{"@id":"https:\/\/talkpal.ai\/az\/nepal-dilinin-qrammatikasi\/#breadcrumb"},"inLanguage":"az","potentialAction":[{"@type":"ReadAction","target":["https:\/\/talkpal.ai\/az\/nepal-dilinin-qrammatikasi\/"]}]},{"@type":"ImageObject","inLanguage":"az","@id":"https:\/\/talkpal.ai\/az\/nepal-dilinin-qrammatikasi\/#primaryimage","url":"https:\/\/talkpal.ai\/wp-content\/uploads\/2023\/05\/nepal.png","contentUrl":"https:\/\/talkpal.ai\/wp-content\/uploads\/2023\/05\/nepal.png","width":512,"height":512},{"@type":"BreadcrumbList","@id":"https:\/\/talkpal.ai\/az\/nepal-dilinin-qrammatikasi\/#breadcrumb","itemListElement":[{"@type":"ListItem","position":1,"name":"Homepage","item":"https:\/\/talkpal.ai\/az\/"},{"@type":"ListItem","position":2,"name":"Nepal dilinin qrammatikas\u0131"}]},{"@type":"WebSite","@id":"https:\/\/talkpal.ai\/az\/#website","url":"https:\/\/talkpal.ai\/az\/","name":"Talkpal","description":"AI Language Learning","publisher":{"@id":"https:\/\/talkpal.ai\/az\/#organization"},"alternateName":"Talkpal AI","potentialAction":[{"@type":"SearchAction","target":{"@type":"EntryPoint","urlTemplate":"https:\/\/talkpal.ai\/az\/?s={search_term_string}"},"query-input":{"@type":"PropertyValueSpecification","valueRequired":true,"valueName":"search_term_string"}}],"inLanguage":"az"},{"@type":"Organization","@id":"https:\/\/talkpal.ai\/az\/#organization","name":"Talkpal, Inc.","alternateName":"Talkpal AI","url":"https:\/\/talkpal.ai\/az\/","logo":{"@type":"ImageObject","inLanguage":"az","@id":"https:\/\/talkpal.ai\/az\/#\/schema\/logo\/image\/","url":"https:\/\/talkpal.ai\/wp-content\/uploads\/2024\/03\/Talkpal-Logo-Icon.png","contentUrl":"https:\/\/talkpal.ai\/wp-content\/uploads\/2024\/03\/Talkpal-Logo-Icon.png","width":2880,"height":2880,"caption":"Talkpal, Inc."},"image":{"@id":"https:\/\/talkpal.ai\/az\/#\/schema\/logo\/image\/"},"sameAs":["https:\/\/www.facebook.com\/profile.php?id=100090733639311","https:\/\/x.com\/talkpalai","https:\/\/www.linkedin.com\/company\/talkpal\/","https:\/\/www.youtube.com\/@TalkPal\/","https:\/\/www.tiktok.com\/@talkpal","https:\/\/www.instagram.com\/talkpal_ai\/","https:\/\/www.crunchbase.com\/organization\/talkpal-9cde","https:\/\/www.g2.com\/products\/talkpal-for-business\/","https:\/\/www.trustpilot.com\/review\/talkpal.ai","https:\/\/www.capterra.com\/p\/10006800\/TalkPal\/"],"description":"Talkpal is a language learning web and mobile education app, powered by the latest AI technologies, that provides engaging experiences to its customers in many different languages to help them improve their language skills. Users can chat about unlimited amount of topics with the app and use other modes to practice their language learning.","email":"support@talkpal.ai","legalName":"Talkpal, Inc.","foundingDate":"2023-04-03","duns":"118989042","numberOfEmployees":{"@type":"QuantitativeValue","minValue":"11","maxValue":"50"},"publishingPrinciples":"https:\/\/talkpal.ai\/publishing-principles\/","actionableFeedbackPolicy":"https:\/\/talkpal.ai\/actionable-feedback-policy\/","correctionsPolicy":"https:\/\/talkpal.ai\/corrections-policy\/","ethicsPolicy":"https:\/\/talkpal.ai\/ethics-policy\/","diversityPolicy":"https:\/\/talkpal.ai\/diversity-policy\/","diversityStaffingReport":"https:\/\/talkpal.ai\/diversity-policy\/"}]}},"_links":{"self":[{"href":"https:\/\/talkpal.ai\/az\/wp-json\/wp\/v2\/pages\/148065","targetHints":{"allow":["GET"]}}],"collection":[{"href":"https:\/\/talkpal.ai\/az\/wp-json\/wp\/v2\/pages"}],"about":[{"href":"https:\/\/talkpal.ai\/az\/wp-json\/wp\/v2\/types\/page"}],"author":[{"embeddable":true,"href":"https:\/\/talkpal.ai\/az\/wp-json\/wp\/v2\/users\/1"}],"replies":[{"embeddable":true,"href":"https:\/\/talkpal.ai\/az\/wp-json\/wp\/v2\/comments?post=148065"}],"version-history":[{"count":0,"href":"https:\/\/talkpal.ai\/az\/wp-json\/wp\/v2\/pages\/148065\/revisions"}],"wp:featuredmedia":[{"embeddable":true,"href":"https:\/\/talkpal.ai\/az\/wp-json\/wp\/v2\/media\/148071"}],"wp:attachment":[{"href":"https:\/\/talkpal.ai\/az\/wp-json\/wp\/v2\/media?parent=148065"}],"curies":[{"name":"wp","href":"https:\/\/api.w.org\/{rel}","templated":true}]}}