{"id":147734,"date":"2023-05-14T14:12:25","date_gmt":"2023-05-14T14:12:25","guid":{"rendered":"http:\/\/talkpal.ai\/maori-qrammatikasi\/"},"modified":"2025-12-17T16:45:13","modified_gmt":"2025-12-17T16:45:13","slug":"maori-qrammatikasi","status":"publish","type":"page","link":"https:\/\/talkpal.ai\/az\/maori-qrammatikasi\/","title":{"rendered":"Maori qrammatikas\u0131"},"content":{"rendered":"\r\n\r\n\r\n<section class=\"languageChallengeSection\">\r\n    <div class=\"languageInfoWrapper\">\r\n        \r\n        <h1>Maori qrammatikas\u0131<\/h1>\r\n        <p><a href=\"https:\/\/talkpal.ai\/learn-maori\/\">Maori<\/a> dilini <a href=\"https:\/\/talkpal.ai\/az\/oyr%c9%99nm%c9%99k\/\">\u00f6yr\u0259nm\u0259k<\/a> ist\u0259yirsiniz? Sad\u0259liyi, m\u0259qal\u0259l\u0259rin istifad\u0259si v\u0259 m\u0259na formala\u015fd\u0131rmaq \u00fc\u00e7\u00fcn hiss\u0259cikl\u0259rin m\u00fch\u00fcm rolu il\u0259 tan\u0131nan Maori qrammatikas\u0131n\u0131 ara\u015fd\u0131r\u0131n. Bu g\u00fcn ba\u015flay\u0131n \u2013 Maori dilinin qrammatikas\u0131na yiy\u0259l\u0259nm\u0259k siz\u0259 dilin z\u0259ngin irsi v\u0259 Yeni Zelandiyan\u0131n Aotearoa b\u00f6lg\u0259sinin canl\u0131 m\u0259d\u0259niyy\u0259ti il\u0259 daha d\u0259rind\u0259n <a href=\"https:\/\/talkpal.ai\/contact\/\">\u0259laq\u0259<\/a> saxlama\u011fa k\u00f6m\u0259k ed\u0259c\u0259k!<\/p>\r\n\r\n                            <a class=\"getStartedHidden\" href=\"https:\/\/app.talkpal.ai\/signup?lng=\">Ba\u015fla<\/a>\r\n        \r\n    <\/div>\r\n\r\n    <figure>\r\n    <img decoding=\"async\" width=\"768\" height=\"768\" src=\"https:\/\/talkpal.ai\/wp-content\/uploads\/2023\/06\/maori-768x768.png\" class=\"languageImage no-lazy\" alt=\"Language learning for social and professional settings\" fetchpriority=\"high\" sizes=\"(max-width: 768px) 150px, 768px\" srcset=\"https:\/\/talkpal.ai\/wp-content\/uploads\/2023\/06\/maori-768x768.png 768w, https:\/\/talkpal.ai\/wp-content\/uploads\/2023\/06\/maori-300x300.png 300w\" \/>\r\n    \r\n\r\n    <\/figure>\r\n\r\n            <a class=\"getStartedVisible\" href=\"https:\/\/app.talkpal.ai\/signup?lng=\">Ba\u015fla<\/a>\r\n    \r\n<\/section>\r\n<section class=\"promotionalBanner\">\r\n    <p class=\"promotionalText\">Dil \u00f6yr\u0259nm\u0259yin \u0259n t\u0259sirli yolu<\/p>\r\n    <a class=\"promotionalLink\" href=\"https:\/\/app.talkpal.ai\/signup?lng=\">Talkpal pulsuz s\u0131nay\u0131n<\/a>\r\n<\/section>\n<div class=\"wp-block-group pageContainerStyle\"><div class=\"wp-block-group__inner-container is-layout-constrained wp-block-group-is-layout-constrained\">\n<h2 class=\"wp-block-heading\" id=\"h-maori-grammar-your-ticket-to-a-vibrant-bicultural-world\">Maori Qrammatikas\u0131: Canl\u0131 Bikultural D\u00fcnyaya Biletiniz<\/h2>\n\n\n\n<p><a href=\"https:\/\/talkpal.ai\/culture\/how-do-you-say-lets-go-in-maori\/\">Kia ora<\/a>! Maori dilinin g\u00f6z\u0259l d\u00fcnyalar\u0131na xo\u015f g\u0259lmisiniz. Yeni Zelandiyan\u0131n yerli dili olaraq, Maori v\u0259 ya te reo Maori siz\u0259 q\u0259dim m\u0259d\u0259niyy\u0259t v\u0259 onun canl\u0131 natiql\u0259r icmas\u0131 il\u0259 \u0259laq\u0259 yaratmaq \u00fc\u00e7\u00fcn unikal imkan t\u0259klif edir. H\u0259r hans\u0131 bir dil kimi, <a href=\"https:\/\/talkpal.ai\/maori-grammar\/\">Maori dilinin qrammatikas\u0131<\/a> \u00e7\u0259tin g\u00f6r\u00fcn\u0259 bil\u0259r, lakin narahat olmay\u0131n! Bu ba\u015flan\u011f\u0131c dostu b\u0259l\u0259d\u00e7i vizual maraql\u0131 v\u0259 informativ s\u0259yah\u0259t \u00fc\u00e7\u00fcn Maori dilinin \u0259sas komponentl\u0259rini sad\u0259l\u0259\u015fdir\u0259c\u0259k.<\/p>\n\n\n\n<h3 class=\"wp-block-heading\" id=\"h-1-starting-with-the-basics-maori-alphabet-and-pronunciation\">1. \u018fsaslardan ba\u015flamaq. Maori \u0259lifbas\u0131 v\u0259 t\u0259l\u0259ff\u00fcz\u00fc<\/h3>\n\n\n\n<p>Maori c\u0259mi 15 h\u0259rfd\u0259n ibar\u0259t olan d\u0259yi\u015fdirilmi\u015f lat\u0131n qrafikas\u0131ndan istifad\u0259 edir: be\u015f sait (a, e, i, o, v\u0259 siz) v\u0259 on konsonant (h, k, m, n, p, r, t, w, ng v\u0259 wh). Bu m\u0259ktublar v\u0259 onlar\u0131n ayr\u0131-ayr\u0131 t\u0259l\u0259ff\u00fczl\u0259ri il\u0259 tan\u0131\u015f olun, \u00e7\u00fcnki onlar b\u00fct\u00fcn sonrak\u0131 Maori qrammatikas\u0131n\u0131 \u00f6yr\u0259nm\u0259k \u00fc\u00e7\u00fcn z\u0259min yarad\u0131rlar.<\/p>\n\n\n\n<h3 class=\"wp-block-heading\" id=\"h-2-exploring-maori-sentence-structure\">2. Maori c\u00fcml\u0259 qurulu\u015funun t\u0259dqiqi<\/h3>\n\n\n\n<p>Onun \u0259sas\u0131nda <a href=\"https:\/\/talkpal.ai\/maori-grammar\/\">maori qrammatikas\u0131<\/a> sad\u0259 m\u00f6vzu-feli (-obyekt) strukturunu izl\u0259yir. Ad\u0259t\u0259n, bu feil, ad\u0259t\u0259n, m\u00f6vzudan \u0259vv\u0259l olur. Bu qurulu\u015fu d\u0259rk etm\u0259yin \u0259n <a href=\"https:\/\/talkpal.ai\/locations\/learn-english-in-aydin\/\">ayd\u0131n<\/a> yolu onu h\u0259r\u0259k\u0259td\u0259 g\u00f6rm\u0259kdir:<\/p>\n\n\n\n<p><strong>ingilisc\u0259: U\u015faq oynay\u0131r.<\/strong><\/p>\n\n\n\n<p><strong>Maori dili: Kei te t\u0101karo te tamaiti.<\/strong><\/p>\n\n\n\n<p>Maori dilind\u0259 felin vaxt\u0131 hiss\u0259cikl\u0259rin birl\u0259\u015fm\u0259si v\u0259 ya c\u00fcml\u0259y\u0259 zaman g\u00f6st\u0259ricisinin \u0259lav\u0259 edilm\u0259si il\u0259 g\u00f6st\u0259rilir.<\/p>\n\n\n\n<h3 class=\"wp-block-heading\" id=\"h-3-demystifying-particles-building-blocks-of-maori-grammar\">3. Demystifying Particles. Maori qrammatikas\u0131n\u0131n tikinti bloklar\u0131<\/h3>\n\n\n\n<p>Hiss\u0259cikl\u0259r Maori qrammatikas\u0131nda h\u0259lledici rol oynay\u0131r, s\u00f6zl\u0259ri v\u0259 ifad\u0259l\u0259ri bir-birin\u0259 ba\u011flayaraq bir-birin\u0259 qar\u015f\u0131l\u0131ql\u0131 v\u0259 ifad\u0259li c\u00fcml\u0259l\u0259r yarad\u0131rlar. Ba\u015flan\u011f\u0131c olaraq bir ne\u00e7\u0259 z\u0259ruri hiss\u0259ciyi anlama\u011fa diqq\u0259t edin:<\/p>\n\n\n\n<p><strong>\u2013 Kia: \u0259mrl\u0259r, ist\u0259kl\u0259r v\u0259 h\u0259r\u0259k\u0259tin m\u0259qs\u0259dini g\u00f6st\u0259rm\u0259k \u00fc\u00e7\u00fcn istifad\u0259 olunur.<\/strong><\/p>\n\n\n\n<p><strong>\u2013 Kei: davaml\u0131 zaman yaratmaq \u00fc\u00e7\u00fcn istifad\u0259 olunur.<\/strong><\/p>\n\n\n\n<p><strong>\u2013 Ko: c\u00fcml\u0259nin m\u00f6vzusuna i\u015far\u0259 etm\u0259k \u00fc\u00e7\u00fcn istifad\u0259 olunur.<\/strong><\/p>\n\n\n\n<h3 class=\"wp-block-heading\" id=\"h-4-getting-to-know-maori-pronouns\">4. Maori Pronouns il\u0259 tan\u0131\u015f olmaq<\/h3>\n\n\n\n<p>Maorid\u0259ki pronouns nounlar\u0131 \u0259v\u0259z edir v\u0259 s\u00f6hb\u0259tl\u0259rinizi t\u0259bii v\u0259 maye saxlama\u011fa k\u00f6m\u0259k edir. Ba\u015flan\u011f\u0131c kimi, \u015f\u0259xsi v\u0259 sahiblik prnouns anlamaq \u00fc\u00e7\u00fcn diqq\u0259t edin:<\/p>\n\n\n\n<p>\u015e\u0259xsi pronouns: ahau (I), koe (s\u0259n, singular), ia (he\/she), t\u0101ua (biz, o c\u00fcml\u0259d\u0259n, dan\u0131\u015fan \u015f\u0259xs), m\u0101ua (biz, dan\u0131\u015fan \u015f\u0259xs istisna olmaqla), koutou (s\u0259n, plural), r\u0101tau (onlar)<\/p>\n\n\n\n<p>Possessive pronouns: taku\/t\u014dku (my), t\u014du (your, singular), t\u014dna (his\/her), t\u014d t\u0101ua (bizim, o c\u00fcml\u0259d\u0259n, natiq v\u0259 dinl\u0259yici), t\u014d m\u0101ua (bizim, natiq v\u0259 ba\u015fqas\u0131), t\u014d koutou (your, plural), t\u014d r\u0101tau (onlar\u0131n)<\/p>\n\n\n\n<h3 class=\"wp-block-heading\" id=\"h-5-navigating-maori-nouns-and-adjectives\">5. Maori Nouns v\u0259 Adjectives naviqasiya<\/h3>\n\n\n\n<p>Maori nounlar\u0131 v\u0259 adjectives sad\u0259 qrammatik qaydalara riay\u0259t ed\u0259r\u0259k, yeni ba\u015flayanlar \u00fc\u00e7\u00fcn asan ba\u015fa d\u00fc\u015f\u00fcl\u0259n edir. Sif\u0259tl\u0259r ad\u0259t\u0259n t\u0259svir etdikl\u0259ri ismin ard\u0131nca gedir v\u0259 isim c\u0259ml\u0259ri sad\u0259c\u0259 olaraq isimd\u0259n \u0259vv\u0259l \u201cng\u0101\u201d hiss\u0259ciyinin \u0259lav\u0259 edilm\u0259sini n\u0259z\u0259rd\u0259 tutur. M\u0259s\u0259l\u0259n:<\/p>\n\n\n\n<p><strong>Te whare nui &#8211; &#8220;b\u00f6y\u00fck ev&#8221;<\/strong><\/p>\n\n\n\n<p><strong>Nga tamariki &#8211; &#8220;u\u015faqlar&#8221;<\/strong><\/p>\n\n\n\n<p>Orada vars\u0131n\u0131z! Maori dilinin qrammatikas\u0131n\u0131 m\u0259nims\u0259m\u0259k v\u0259 s\u0259yah\u0259tinizi Maori dili v\u0259 m\u0259d\u0259niyy\u0259ti il\u0259 z\u0259nginl\u0259\u015fdirm\u0259k \u00fc\u00e7\u00fcn ilk add\u0131mlar\u0131 atd\u0131n\u0131z. Unutmay\u0131n ki, praktiklik, \u0259zmkarl\u0131q v\u0259 suya bat\u0131rma m\u00fcv\u0259ff\u0259qiyy\u0259t \u00fc\u00e7\u00fcn m\u00fctl\u0259qdir. Ona g\u00f6r\u0259 d\u0259 yerli natiql\u0259rl\u0259 m\u0259\u015f\u011ful olun, maori m\u0259tnl\u0259rini ara\u015fd\u0131r\u0131n, dil b\u00fcn\u00f6vr\u0259sini m\u00f6hk\u0259ml\u0259ndirin. Kia kaha! (G\u00fccl\u00fc) gedin!<\/p>\n<\/div><\/div>\n\r\n<section class=\"learnNavigationSection\">\r\n            \r\n        <a href=\"https:\/\/talkpal.ai\/az\/maori-dilini-oyr%c9%99n\/\">\r\n            <div class=\"learnNavigationWrapper\">\r\n                <div class=\"learnNavigationContent\">\r\n                    <img decoding=\"async\" src=\"https:\/\/talkpal.ai\/wp-content\/uploads\/2024\/08\/Maori.jpg\" alt=\"New Zealand Flag\">\r\n                    <div>\r\n                        <h4>Maori Qrammatikas\u0131 D\u0259rsl\u0259ri<\/h4>\r\n                        <p>Maori qrammatikas\u0131 haqq\u0131nda h\u0259r \u015feyi \u00f6yr\u0259nin.<\/p>\r\n                    <\/div>\r\n                <\/div>\r\n            <\/div>\r\n        <\/a>\r\n\r\n        \r\n        <a href=\"https:\/\/talkpal.ai\/az\/maori-qrammatika-m%c9%99sql%c9%99ri\/\">\r\n            <div class=\"learnNavigationWrapper\">\r\n                <div class=\"learnNavigationContent\">\r\n                    <img decoding=\"async\" src=\"https:\/\/talkpal.ai\/wp-content\/uploads\/2024\/08\/Maori.jpg\" alt=\"New Zealand Flag\">\r\n                    <div>\r\n                        <h4>Maori Qrammatikas\u0131 M\u0259\u015fqi<\/h4>\r\n                        <p>Maori dilinin qrammatikas\u0131n\u0131 m\u0259\u015fq edin.<\/p>\r\n                    <\/div>\r\n                <\/div>\r\n            <\/div>\r\n        <\/a>\r\n\r\n        \r\n        <a href=\"https:\/\/talkpal.ai\/vocabulary_language\/maori\/\">\r\n            <div class=\"learnNavigationWrapper\">\r\n                <div class=\"learnNavigationContent\">\r\n                    <img decoding=\"async\" src=\"https:\/\/talkpal.ai\/wp-content\/uploads\/2024\/08\/Maori.jpg\" alt=\"New Zealand Flag\">\r\n                    <div>\r\n                        <h4>Maori l\u00fc\u011f\u0259ti<\/h4>\r\n                        <p>Maori l\u00fc\u011f\u0259tinizi geni\u015fl\u0259ndirin.<\/p>\r\n                    <\/div>\r\n                <\/div>\r\n            <\/div>\r\n        <\/a>\r\n\r\n            <\/section>","protected":false},"excerpt":{"rendered":"<p>Maori Qrammatikas\u0131: Canl\u0131 Bikultural D\u00fcnyaya Biletiniz Kia ora! Maori dilinin g\u00f6z\u0259l d\u00fcnyalar\u0131na xo\u015f g\u0259lmisiniz. Yeni Zelandiyan\u0131n yerli dili olaraq, Maori v\u0259 ya te reo Maori siz\u0259 q\u0259dim m\u0259d\u0259niyy\u0259t v\u0259 onun canl\u0131 natiql\u0259r icmas\u0131 il\u0259 \u0259laq\u0259 yaratmaq \u00fc\u00e7\u00fcn unikal imkan t\u0259klif edir. H\u0259r hans\u0131 bir dil kimi, Maori dilinin qrammatikas\u0131 \u00e7\u0259tin g\u00f6r\u00fcn\u0259 bil\u0259r, lakin narahat olmay\u0131n! [&hellip;]<\/p>\n","protected":false},"author":1,"featured_media":147745,"parent":0,"menu_order":0,"comment_status":"closed","ping_status":"closed","template":"LearningContentPage.php","meta":{"_acf_changed":false,"footnotes":""},"class_list":["post-147734","page","type-page","status-publish","has-post-thumbnail","hentry"],"acf":[],"yoast_head":"<!-- This site is optimized with the Yoast SEO Premium plugin v27.2 (Yoast SEO v27.2) - https:\/\/yoast.com\/product\/yoast-seo-premium-wordpress\/ -->\n<title>Maori qrammatikas\u0131 - Talkpal<\/title>\n<meta name=\"description\" content=\"Ba\u015flayanlar \u00fc\u00e7\u00fcn uy\u011fun b\u0259l\u0259d\u00e7imizl\u0259 Maori qrammatikas\u0131n\u0131n \u0259saslar\u0131n\u0131 ara\u015fd\u0131r\u0131n. Te reo Maori dilinin 15 h\u0259rfini v\u0259 \u0259sas qaydalar\u0131n\u0131 k\u0259\u015ff edin.\" \/>\n<meta name=\"robots\" content=\"index, follow, max-snippet:-1, max-image-preview:large, max-video-preview:-1\" \/>\n<link rel=\"canonical\" href=\"https:\/\/talkpal.ai\/az\/maori-qrammatikasi\/\" \/>\n<meta property=\"og:locale\" content=\"az_AZ\" \/>\n<meta property=\"og:type\" content=\"article\" \/>\n<meta property=\"og:title\" content=\"Maori qrammatikas\u0131\" \/>\n<meta property=\"og:description\" content=\"Maori Qrammatikas\u0131: Canl\u0131 Bikultural D\u00fcnyaya Biletiniz Kia ora! Maori dilinin g\u00f6z\u0259l d\u00fcnyalar\u0131na xo\u015f g\u0259lmisiniz. Yeni Zelandiyan\u0131n yerli dili olaraq, Maori\" \/>\n<meta property=\"og:url\" content=\"https:\/\/talkpal.ai\/az\/maori-qrammatikasi\/\" \/>\n<meta property=\"og:site_name\" content=\"Talkpal\" \/>\n<meta property=\"article:publisher\" content=\"https:\/\/www.facebook.com\/profile.php?id=100090733639311\" \/>\n<meta property=\"article:modified_time\" content=\"2025-12-17T16:45:13+00:00\" \/>\n<meta property=\"og:image\" content=\"https:\/\/talkpal.ai\/wp-content\/uploads\/2023\/05\/Maori-new-zealand.png\" \/>\n\t<meta property=\"og:image:width\" content=\"512\" \/>\n\t<meta property=\"og:image:height\" content=\"512\" \/>\n\t<meta property=\"og:image:type\" content=\"image\/png\" \/>\n<meta name=\"twitter:card\" content=\"summary_large_image\" \/>\n<meta name=\"twitter:site\" content=\"@talkpalai\" \/>\n<meta name=\"twitter:label1\" content=\"Est. reading time\" \/>\n\t<meta name=\"twitter:data1\" content=\"3 minutes\" \/>\n<script type=\"application\/ld+json\" class=\"yoast-schema-graph\">{\"@context\":\"https:\/\/schema.org\",\"@graph\":[{\"@type\":\"WebPage\",\"@id\":\"https:\/\/talkpal.ai\/az\/maori-qrammatikasi\/\",\"url\":\"https:\/\/talkpal.ai\/az\/maori-qrammatikasi\/\",\"name\":\"Maori qrammatikas\u0131 - Talkpal\",\"isPartOf\":{\"@id\":\"https:\/\/talkpal.ai\/az\/#website\"},\"primaryImageOfPage\":{\"@id\":\"https:\/\/talkpal.ai\/az\/maori-qrammatikasi\/#primaryimage\"},\"image\":{\"@id\":\"https:\/\/talkpal.ai\/az\/maori-qrammatikasi\/#primaryimage\"},\"thumbnailUrl\":\"https:\/\/talkpal.ai\/wp-content\/uploads\/2023\/05\/Maori-new-zealand.png\",\"datePublished\":\"2023-05-14T14:12:25+00:00\",\"dateModified\":\"2025-12-17T16:45:13+00:00\",\"description\":\"Ba\u015flayanlar \u00fc\u00e7\u00fcn uy\u011fun b\u0259l\u0259d\u00e7imizl\u0259 Maori qrammatikas\u0131n\u0131n \u0259saslar\u0131n\u0131 ara\u015fd\u0131r\u0131n. Te reo Maori dilinin 15 h\u0259rfini v\u0259 \u0259sas qaydalar\u0131n\u0131 k\u0259\u015ff edin.\",\"breadcrumb\":{\"@id\":\"https:\/\/talkpal.ai\/az\/maori-qrammatikasi\/#breadcrumb\"},\"inLanguage\":\"az\",\"potentialAction\":[{\"@type\":\"ReadAction\",\"target\":[\"https:\/\/talkpal.ai\/az\/maori-qrammatikasi\/\"]}]},{\"@type\":\"ImageObject\",\"inLanguage\":\"az\",\"@id\":\"https:\/\/talkpal.ai\/az\/maori-qrammatikasi\/#primaryimage\",\"url\":\"https:\/\/talkpal.ai\/wp-content\/uploads\/2023\/05\/Maori-new-zealand.png\",\"contentUrl\":\"https:\/\/talkpal.ai\/wp-content\/uploads\/2023\/05\/Maori-new-zealand.png\",\"width\":512,\"height\":512},{\"@type\":\"BreadcrumbList\",\"@id\":\"https:\/\/talkpal.ai\/az\/maori-qrammatikasi\/#breadcrumb\",\"itemListElement\":[{\"@type\":\"ListItem\",\"position\":1,\"name\":\"Homepage\",\"item\":\"https:\/\/talkpal.ai\/az\/\"},{\"@type\":\"ListItem\",\"position\":2,\"name\":\"Maori qrammatikas\u0131\"}]},{\"@type\":\"WebSite\",\"@id\":\"https:\/\/talkpal.ai\/az\/#website\",\"url\":\"https:\/\/talkpal.ai\/az\/\",\"name\":\"Talkpal\",\"description\":\"AI Language Learning\",\"publisher\":{\"@id\":\"https:\/\/talkpal.ai\/az\/#organization\"},\"alternateName\":\"Talkpal AI\",\"potentialAction\":[{\"@type\":\"SearchAction\",\"target\":{\"@type\":\"EntryPoint\",\"urlTemplate\":\"https:\/\/talkpal.ai\/az\/?s={search_term_string}\"},\"query-input\":{\"@type\":\"PropertyValueSpecification\",\"valueRequired\":true,\"valueName\":\"search_term_string\"}}],\"inLanguage\":\"az\"},{\"@type\":\"Organization\",\"@id\":\"https:\/\/talkpal.ai\/az\/#organization\",\"name\":\"Talkpal, Inc.\",\"alternateName\":\"Talkpal AI\",\"url\":\"https:\/\/talkpal.ai\/az\/\",\"logo\":{\"@type\":\"ImageObject\",\"inLanguage\":\"az\",\"@id\":\"https:\/\/talkpal.ai\/az\/#\/schema\/logo\/image\/\",\"url\":\"https:\/\/talkpal.ai\/wp-content\/uploads\/2024\/03\/Talkpal-Logo-Icon.png\",\"contentUrl\":\"https:\/\/talkpal.ai\/wp-content\/uploads\/2024\/03\/Talkpal-Logo-Icon.png\",\"width\":2880,\"height\":2880,\"caption\":\"Talkpal, Inc.\"},\"image\":{\"@id\":\"https:\/\/talkpal.ai\/az\/#\/schema\/logo\/image\/\"},\"sameAs\":[\"https:\/\/www.facebook.com\/profile.php?id=100090733639311\",\"https:\/\/x.com\/talkpalai\",\"https:\/\/www.linkedin.com\/company\/talkpal\/\",\"https:\/\/www.youtube.com\/@TalkPal\/\",\"https:\/\/www.tiktok.com\/@talkpal\",\"https:\/\/www.instagram.com\/talkpal_ai\/\",\"https:\/\/www.crunchbase.com\/organization\/talkpal-9cde\",\"https:\/\/www.g2.com\/products\/talkpal-for-business\/\",\"https:\/\/www.trustpilot.com\/review\/talkpal.ai\",\"https:\/\/www.capterra.com\/p\/10006800\/TalkPal\/\"],\"description\":\"Talkpal is a language learning web and mobile education app, powered by the latest AI technologies, that provides engaging experiences to its customers in many different languages to help them improve their language skills. Users can chat about unlimited amount of topics with the app and use other modes to practice their language learning.\",\"email\":\"support@talkpal.ai\",\"legalName\":\"Talkpal, Inc.\",\"foundingDate\":\"2023-04-03\",\"duns\":\"118989042\",\"numberOfEmployees\":{\"@type\":\"QuantitativeValue\",\"minValue\":\"11\",\"maxValue\":\"50\"},\"publishingPrinciples\":\"https:\/\/talkpal.ai\/publishing-principles\/\",\"actionableFeedbackPolicy\":\"https:\/\/talkpal.ai\/actionable-feedback-policy\/\",\"correctionsPolicy\":\"https:\/\/talkpal.ai\/corrections-policy\/\",\"ethicsPolicy\":\"https:\/\/talkpal.ai\/ethics-policy\/\",\"diversityPolicy\":\"https:\/\/talkpal.ai\/diversity-policy\/\",\"diversityStaffingReport\":\"https:\/\/talkpal.ai\/diversity-policy\/\"}]}<\/script>\n<!-- \/ Yoast SEO Premium plugin. -->","yoast_head_json":{"title":"Maori qrammatikas\u0131 - Talkpal","description":"Ba\u015flayanlar \u00fc\u00e7\u00fcn uy\u011fun b\u0259l\u0259d\u00e7imizl\u0259 Maori qrammatikas\u0131n\u0131n \u0259saslar\u0131n\u0131 ara\u015fd\u0131r\u0131n. Te reo Maori dilinin 15 h\u0259rfini v\u0259 \u0259sas qaydalar\u0131n\u0131 k\u0259\u015ff edin.","robots":{"index":"index","follow":"follow","max-snippet":"max-snippet:-1","max-image-preview":"max-image-preview:large","max-video-preview":"max-video-preview:-1"},"canonical":"https:\/\/talkpal.ai\/az\/maori-qrammatikasi\/","og_locale":"az_AZ","og_type":"article","og_title":"Maori qrammatikas\u0131","og_description":"Maori Qrammatikas\u0131: Canl\u0131 Bikultural D\u00fcnyaya Biletiniz Kia ora! Maori dilinin g\u00f6z\u0259l d\u00fcnyalar\u0131na xo\u015f g\u0259lmisiniz. Yeni Zelandiyan\u0131n yerli dili olaraq, Maori","og_url":"https:\/\/talkpal.ai\/az\/maori-qrammatikasi\/","og_site_name":"Talkpal","article_publisher":"https:\/\/www.facebook.com\/profile.php?id=100090733639311","article_modified_time":"2025-12-17T16:45:13+00:00","og_image":[{"width":512,"height":512,"url":"https:\/\/talkpal.ai\/wp-content\/uploads\/2023\/05\/Maori-new-zealand.png","type":"image\/png"}],"twitter_card":"summary_large_image","twitter_site":"@talkpalai","twitter_misc":{"Est. reading time":"3 minutes"},"schema":{"@context":"https:\/\/schema.org","@graph":[{"@type":"WebPage","@id":"https:\/\/talkpal.ai\/az\/maori-qrammatikasi\/","url":"https:\/\/talkpal.ai\/az\/maori-qrammatikasi\/","name":"Maori qrammatikas\u0131 - Talkpal","isPartOf":{"@id":"https:\/\/talkpal.ai\/az\/#website"},"primaryImageOfPage":{"@id":"https:\/\/talkpal.ai\/az\/maori-qrammatikasi\/#primaryimage"},"image":{"@id":"https:\/\/talkpal.ai\/az\/maori-qrammatikasi\/#primaryimage"},"thumbnailUrl":"https:\/\/talkpal.ai\/wp-content\/uploads\/2023\/05\/Maori-new-zealand.png","datePublished":"2023-05-14T14:12:25+00:00","dateModified":"2025-12-17T16:45:13+00:00","description":"Ba\u015flayanlar \u00fc\u00e7\u00fcn uy\u011fun b\u0259l\u0259d\u00e7imizl\u0259 Maori qrammatikas\u0131n\u0131n \u0259saslar\u0131n\u0131 ara\u015fd\u0131r\u0131n. Te reo Maori dilinin 15 h\u0259rfini v\u0259 \u0259sas qaydalar\u0131n\u0131 k\u0259\u015ff edin.","breadcrumb":{"@id":"https:\/\/talkpal.ai\/az\/maori-qrammatikasi\/#breadcrumb"},"inLanguage":"az","potentialAction":[{"@type":"ReadAction","target":["https:\/\/talkpal.ai\/az\/maori-qrammatikasi\/"]}]},{"@type":"ImageObject","inLanguage":"az","@id":"https:\/\/talkpal.ai\/az\/maori-qrammatikasi\/#primaryimage","url":"https:\/\/talkpal.ai\/wp-content\/uploads\/2023\/05\/Maori-new-zealand.png","contentUrl":"https:\/\/talkpal.ai\/wp-content\/uploads\/2023\/05\/Maori-new-zealand.png","width":512,"height":512},{"@type":"BreadcrumbList","@id":"https:\/\/talkpal.ai\/az\/maori-qrammatikasi\/#breadcrumb","itemListElement":[{"@type":"ListItem","position":1,"name":"Homepage","item":"https:\/\/talkpal.ai\/az\/"},{"@type":"ListItem","position":2,"name":"Maori qrammatikas\u0131"}]},{"@type":"WebSite","@id":"https:\/\/talkpal.ai\/az\/#website","url":"https:\/\/talkpal.ai\/az\/","name":"Talkpal","description":"AI Language Learning","publisher":{"@id":"https:\/\/talkpal.ai\/az\/#organization"},"alternateName":"Talkpal AI","potentialAction":[{"@type":"SearchAction","target":{"@type":"EntryPoint","urlTemplate":"https:\/\/talkpal.ai\/az\/?s={search_term_string}"},"query-input":{"@type":"PropertyValueSpecification","valueRequired":true,"valueName":"search_term_string"}}],"inLanguage":"az"},{"@type":"Organization","@id":"https:\/\/talkpal.ai\/az\/#organization","name":"Talkpal, Inc.","alternateName":"Talkpal AI","url":"https:\/\/talkpal.ai\/az\/","logo":{"@type":"ImageObject","inLanguage":"az","@id":"https:\/\/talkpal.ai\/az\/#\/schema\/logo\/image\/","url":"https:\/\/talkpal.ai\/wp-content\/uploads\/2024\/03\/Talkpal-Logo-Icon.png","contentUrl":"https:\/\/talkpal.ai\/wp-content\/uploads\/2024\/03\/Talkpal-Logo-Icon.png","width":2880,"height":2880,"caption":"Talkpal, Inc."},"image":{"@id":"https:\/\/talkpal.ai\/az\/#\/schema\/logo\/image\/"},"sameAs":["https:\/\/www.facebook.com\/profile.php?id=100090733639311","https:\/\/x.com\/talkpalai","https:\/\/www.linkedin.com\/company\/talkpal\/","https:\/\/www.youtube.com\/@TalkPal\/","https:\/\/www.tiktok.com\/@talkpal","https:\/\/www.instagram.com\/talkpal_ai\/","https:\/\/www.crunchbase.com\/organization\/talkpal-9cde","https:\/\/www.g2.com\/products\/talkpal-for-business\/","https:\/\/www.trustpilot.com\/review\/talkpal.ai","https:\/\/www.capterra.com\/p\/10006800\/TalkPal\/"],"description":"Talkpal is a language learning web and mobile education app, powered by the latest AI technologies, that provides engaging experiences to its customers in many different languages to help them improve their language skills. Users can chat about unlimited amount of topics with the app and use other modes to practice their language learning.","email":"support@talkpal.ai","legalName":"Talkpal, Inc.","foundingDate":"2023-04-03","duns":"118989042","numberOfEmployees":{"@type":"QuantitativeValue","minValue":"11","maxValue":"50"},"publishingPrinciples":"https:\/\/talkpal.ai\/publishing-principles\/","actionableFeedbackPolicy":"https:\/\/talkpal.ai\/actionable-feedback-policy\/","correctionsPolicy":"https:\/\/talkpal.ai\/corrections-policy\/","ethicsPolicy":"https:\/\/talkpal.ai\/ethics-policy\/","diversityPolicy":"https:\/\/talkpal.ai\/diversity-policy\/","diversityStaffingReport":"https:\/\/talkpal.ai\/diversity-policy\/"}]}},"_links":{"self":[{"href":"https:\/\/talkpal.ai\/az\/wp-json\/wp\/v2\/pages\/147734","targetHints":{"allow":["GET"]}}],"collection":[{"href":"https:\/\/talkpal.ai\/az\/wp-json\/wp\/v2\/pages"}],"about":[{"href":"https:\/\/talkpal.ai\/az\/wp-json\/wp\/v2\/types\/page"}],"author":[{"embeddable":true,"href":"https:\/\/talkpal.ai\/az\/wp-json\/wp\/v2\/users\/1"}],"replies":[{"embeddable":true,"href":"https:\/\/talkpal.ai\/az\/wp-json\/wp\/v2\/comments?post=147734"}],"version-history":[{"count":0,"href":"https:\/\/talkpal.ai\/az\/wp-json\/wp\/v2\/pages\/147734\/revisions"}],"wp:featuredmedia":[{"embeddable":true,"href":"https:\/\/talkpal.ai\/az\/wp-json\/wp\/v2\/media\/147745"}],"wp:attachment":[{"href":"https:\/\/talkpal.ai\/az\/wp-json\/wp\/v2\/media?parent=147734"}],"curies":[{"name":"wp","href":"https:\/\/api.w.org\/{rel}","templated":true}]}}