{"id":1474704,"date":"2025-11-12T09:38:12","date_gmt":"2025-11-12T09:38:12","guid":{"rendered":"https:\/\/talkpal.ai\/gujarati-qrammatika-m%c9%99sql%c9%99ri\/"},"modified":"2025-12-30T14:47:06","modified_gmt":"2025-12-30T14:47:06","slug":"gujarati-qrammatika-m%c9%99sql%c9%99ri","status":"publish","type":"page","link":"https:\/\/talkpal.ai\/az\/gujarati-qrammatika-m%c9%99sql%c9%99ri\/","title":{"rendered":"Gujarati Qrammatika M\u0259\u015fql\u0259ri"},"content":{"rendered":"\r\n\r\n\r\n<section class=\"languageChallengeSection\">\r\n    <div class=\"languageInfoWrapper\">\r\n        \r\n        <h1>Gujarati Qrammatika M\u0259\u015fql\u0259ri<\/h1>\r\n        <p><a href=\"https:\/\/talkpal.ai\/learn-gujarati\/\">Gujarati<\/a> qrammatikas\u0131na dalma\u011fa haz\u0131rs\u0131n\u0131z? Bir ne\u00e7\u0259 \u0259saslar\u0131 m\u0259\u015fq etm\u0259k bu unikal v\u0259 g\u00f6z\u0259l dill\u0259 rahat olma\u011fa k\u00f6m\u0259k ed\u0259c\u0259k. G\u00fcv\u0259ninizi art\u0131rmaq v\u0259 yol boyu \u0259yl\u0259nm\u0259k \u00fc\u00e7\u00fcn bu m\u0259\u015fql\u0259ri s\u0131nay\u0131n!<\/p>\r\n\r\n                            <a class=\"getStartedHidden\" href=\"https:\/\/app.talkpal.ai\/signup?lng=\">Ba\u015fla<\/a>\r\n        \r\n    <\/div>\r\n\r\n    <figure>\r\n    <img decoding=\"async\" width=\"768\" height=\"768\" src=\"https:\/\/talkpal.ai\/wp-content\/uploads\/2023\/06\/welsh-768x768.png\" class=\"languageImage no-lazy\" alt=\"Language learning for better cognitive abilities\" fetchpriority=\"high\" sizes=\"(max-width: 768px) 150px, 768px\" srcset=\"https:\/\/talkpal.ai\/wp-content\/uploads\/2023\/06\/welsh-768x768.png 768w, https:\/\/talkpal.ai\/wp-content\/uploads\/2023\/06\/welsh-300x300.png 300w\" \/>\r\n    \r\n\r\n    <\/figure>\r\n\r\n            <a class=\"getStartedVisible\" href=\"https:\/\/app.talkpal.ai\/signup?lng=\">Ba\u015fla<\/a>\r\n    \r\n<\/section><section class=\"promotionalBanner\">\r\n    <p class=\"promotionalText\">Dil \u00f6yr\u0259nm\u0259yin \u0259n t\u0259sirli yolu<\/p>\r\n    <a class=\"promotionalLink\" href=\"https:\/\/app.talkpal.ai\/signup?lng=\">Talkpal pulsuz s\u0131nay\u0131n<\/a>\r\n<\/section>\n<div class=\"wp-block-group pageContainerStyle\"><div class=\"wp-block-group__inner-container is-layout-constrained wp-block-group-is-layout-constrained\">\n<h2 class=\"wp-block-heading\" id=\"h-gujarati-grammar-topics\">Gujarati Qrammatika M\u00f6vzular\u0131<\/h2>\n\n\n\n<p><a href=\"https:\/\/talkpal.ai\/az\/yeni-dil-oyr%c9%99n%c9%99rk%c9%99n-qacmaq-lazim-olan-en-boyuk-s%c9%99hvl%c9%99r\/\">Yeni bir dil \u00f6yr\u0259nm\u0259k<\/a> \u00e7\u0259tin, lakin m\u00fckafatland\u0131r\u0131c\u0131 bir i\u015f ola bil\u0259r. Hindistan\u0131n Gujarat \u0259yal\u0259tind\u0259 v\u0259 d\u00fcnya miqyas\u0131nda diaspor icmalar\u0131 t\u0259r\u0259find\u0259n dan\u0131\u015f\u0131lan Hind-Aryan dili olan Gujarati d\u0259 istisna deyil. Unikal x\u00fcsusiyy\u0259tl\u0259ri v\u0259 qurulu\u015flar\u0131 il\u0259 Gujarati <a href=\"https:\/\/talkpal.ai\/az\/t%c9%99hsil-ucun-talkpal\/\">\u00f6yr\u0259nm\u0259k<\/a> , qrammatikas\u0131n\u0131 ba\u015fa d\u00fc\u015fm\u0259k \u00fc\u00e7\u00fcn sistematik bir yana\u015fma t\u0259l\u0259b edir. Bu t\u0259limat, <a href=\"https:\/\/talkpal.ai\/az\/gujarati-qrammatikasi\/\">Gujarati qrammatikas\u0131n\u0131n<\/a> \u0259sas sah\u0259l\u0259rini dil <a href=\"https:\/\/talkpal.ai\/az\/dil-oyr%c9%99nilm%c9%99si-ucun-ai-chatbot\/\">\u00f6yr\u0259nilm\u0259si<\/a> \u00fc\u00e7\u00fcn m\u0259ntiqi ard\u0131c\u0131ll\u0131qla t\u0259svir edir, isiml\u0259r v\u0259 m\u0259qal\u0259l\u0259r kimi \u0259saslardan ba\u015flayaraq zamanlar v\u0259 c\u00fcml\u0259 quruculu\u011fu kimi daha m\u00fcr\u0259kk\u0259b sah\u0259l\u0259r\u0259 do\u011fru ir\u0259lil\u0259yir.<\/p>\n\n\n\n<h3 class=\"wp-block-heading\" id=\"h-1-nouns\">1. Nouns:<\/h3>\n\n\n\n<p>Gujarati dili s\u0259yah\u0259tiniz\u0259 isiml\u0259ri \u00f6yr\u0259nm\u0259kl\u0259 ba\u015flay\u0131n. Bu, \u00fcmumi v\u0259 x\u00fcsusi isiml\u0259r, cins kateqoriyalar\u0131 v\u0259 c\u0259m formalar\u0131 kimi m\u00fcxt\u0259lif isiml\u0259r kateqoriyalar\u0131n\u0131 ba\u015fa d\u00fc\u015fm\u0259yi \u0259hat\u0259 edir.<\/p>\n\n\n\n<h3 class=\"wp-block-heading\" id=\"h-2-articles\">2. M\u0259qal\u0259l\u0259r:<\/h3>\n\n\n\n<p>Gujarati <a href=\"https:\/\/talkpal.ai\/ai-english-speaking-practice\/\">ingilis dilind\u0259<\/a> oldu\u011fu kimi m\u00fc\u0259yy\u0259n v\u0259 ya qeyri-m\u00fc\u0259yy\u0259n m\u0259qal\u0259l\u0259rd\u0259n istifad\u0259 etmir. M\u00fc\u0259yy\u0259nlik \u00fcmumiyy\u0259tl\u0259 kontekst v\u0259 ya n\u00fcmayi\u015fl\u0259r vasit\u0259sil\u0259 \u00f6t\u00fcr\u00fcl\u00fcr v\u0259 ek r\u0259q\u0259mi b\u0259zi kontekstl\u0259rd\u0259 qeyri-m\u00fc\u0259yy\u0259n bir m\u0259qal\u0259 kimi f\u0259aliyy\u0259t g\u00f6st\u0259r\u0259 bil\u0259r.<\/p>\n\n\n\n<h3 class=\"wp-block-heading\" id=\"h-3-adjectives\">3. Adjectives:<\/h3>\n\n\n\n<p>Gujarati dilind\u0259 sif\u0259tl\u0259r \u00fcmumiyy\u0259tl\u0259 isiml\u0259rind\u0259n \u0259vv\u0259l g\u0259lir. Sif\u0259tl\u0259rin <a href=\"https:\/\/talkpal.ai\/es\/descargar-la-aplicacion-talkpal-para-android-e-ios\/\">t\u0259tbiq<\/a> edildikd\u0259 cinsiyy\u0259t v\u0259 \u0259d\u0259d isiml\u0259rl\u0259 nec\u0259 uy\u011fun g\u0259ldiyini v\u0259 m\u00fcqayis\u0259li v\u0259 \u00fcst\u00fcnl\u00fckl\u0259ri nec\u0259 formala\u015fd\u0131raca\u011f\u0131n\u0131z\u0131 \u00f6yr\u0259nin.<\/p>\n\n\n\n<h3 class=\"wp-block-heading\" id=\"h-4-pronouns-determiners\">4. Pronouns\/Determinl\u0259r:<\/h3>\n\n\n\n<p>\u018fv\u0259zlikl\u0259r v\u0259 determinatorlar Gujarati dilind\u0259 vacibdir; \u0130siml\u0259ri \u0259v\u0259z edir v\u0259 miqdar, m\u00fclkiyy\u0259t v\u0259 daha \u00e7ox \u015fey haqq\u0131nda m\u0259lumat verirl\u0259r. \u0130kinci \u015f\u0259xs \u0259v\u0259zlikl\u0259rind\u0259ki \u015f\u0259r\u0259fli f\u0259rql\u0259r\u0259 v\u0259 birinci \u015f\u0259xs c\u0259mliyinin inkl\u00fcziv v\u0259 m\u00fcst\u0259sna formalar\u0131na diqq\u0259t yetirin. Onlar\u0131n d\u00fczg\u00fcn istifad\u0259 etm\u0259l\u0259ri \u00fcnsiyy\u0259t \u00fc\u00e7\u00fcn z\u0259ruridir.<\/p>\n\n\n\n<h3 class=\"wp-block-heading\" id=\"h-5-verbs\">5. Feill\u0259r:<\/h3>\n\n\n\n<p>Gujarati fell\u0259ri zaman, aspekt, \u0259hval-ruhiyy\u0259 v\u0259 raz\u0131l\u0131\u011fa g\u00f6r\u0259 forma d\u0259yi\u015fir. \u0130ndiki formalar v\u0259 k\u00f6m\u0259k\u00e7i fel il\u0259 ba\u015flay\u0131n, sonra t\u0259dric\u0259n ke\u00e7mi\u015f v\u0259 g\u0259l\u0259c\u0259k formalar\u0131 v\u0259 raz\u0131la\u015fman\u0131n nec\u0259 i\u015fl\u0259diyini ara\u015fd\u0131r\u0131n.<\/p>\n\n\n\n<h3 class=\"wp-block-heading\" id=\"h-6-tenses\">6. G\u0259rginlikl\u0259r:<\/h3>\n\n\n\n<p>Fel formalar\u0131n\u0131 m\u0259nims\u0259dikd\u0259n sonra Gujarati zaman aspekti sistemini daha d\u0259rind\u0259n ara\u015fd\u0131r\u0131n. Bura indiki, ke\u00e7mi\u015fi v\u0259 g\u0259l\u0259c\u0259yi anlamaq, el\u0259c\u0259 d\u0259 aspekt v\u0259 k\u00f6m\u0259k\u00e7i fell\u0259rin f\u0259rqli kontekstl\u0259rd\u0259 nec\u0259 qar\u015f\u0131l\u0131ql\u0131 \u0259laq\u0259d\u0259 oldu\u011funu ba\u015fa d\u00fc\u015fm\u0259k daxildir.<\/p>\n\n\n\n<h3 class=\"wp-block-heading\" id=\"h-7-tense-comparison\">7. G\u0259rgin m\u00fcqayis\u0259:<\/h3>\n\n\n\n<p>Gujarati dilind\u0259 zamanlar\u0131 m\u00fcqayis\u0259 etm\u0259k hadis\u0259l\u0259rin ard\u0131c\u0131ll\u0131\u011f\u0131n\u0131 anlama\u011fa k\u00f6m\u0259k edir. Eyni felin m\u00fcxt\u0259lif zaman v\u0259 aspektl\u0259rd\u0259 m\u00fcqayis\u0259 edilm\u0259si dili daha yax\u015f\u0131 ba\u015fa d\u00fc\u015fm\u0259y\u0259 imkan ver\u0259c\u0259kdir.<\/p>\n\n\n\n<h3 class=\"wp-block-heading\" id=\"h-8-progressive\">8. M\u00fct\u0259r\u0259qqi:<\/h3>\n\n\n\n<p>Gujarati dilind\u0259 m\u00fct\u0259r\u0259qqi davam ed\u0259n h\u0259r\u0259k\u0259tl\u0259ri ifad\u0259 etm\u0259k \u00fc\u00e7\u00fcn istifad\u0259 olunur. \u018fsas fel v\u0259 rah \u0259sas\u0131nda aspekt markeri il\u0259 \u0259m\u0259l\u0259 g\u0259lir, k\u00f6m\u0259k\u00e7inin m\u00fcvafiq formas\u0131 il\u0259 birlikd\u0259, cins v\u0259 say\u0131 \u00fc\u00e7\u00fcn raz\u0131l\u0131\u011fa g\u0259lir.<\/p>\n\n\n\n<h3 class=\"wp-block-heading\" id=\"h-9-perfect-progressive\">9. M\u00fck\u0259mm\u0259l T\u0259r\u0259qqi:<\/h3>\n\n\n\n<p>Bu forma m\u00fc\u0259yy\u0259n bir n\u00f6qt\u0259y\u0259 q\u0259d\u0259r davam ed\u0259n h\u0259r\u0259k\u0259tl\u0259ri ifad\u0259 etm\u0259k \u00fc\u00e7\u00fcn istifad\u0259 olunur. Gujarati dilind\u0259, m\u00fct\u0259r\u0259qqi i\u015ftirak v\u0259 m\u00fck\u0259mm\u0259l v\u0259 ya ke\u00e7mi\u015fd\u0259 olmaq \u00fc\u00e7\u00fcn k\u00f6m\u0259k\u00e7i il\u0259 m\u00fcvafiq raz\u0131la\u015fma il\u0259 formala\u015f\u0131r.<\/p>\n\n\n\n<h3 class=\"wp-block-heading\" id=\"h-10-conditionals\">10. \u015e\u0259rti olaraq:<\/h3>\n\n\n\n<p>\u015e\u0259rti v\u0259ziyy\u0259tl\u0259r hipotetik v\u0259ziyy\u0259tl\u0259ri v\u0259 onlar\u0131n m\u00fcmk\u00fcn n\u0259tic\u0259l\u0259rini ifad\u0259 edir. Onlar Gujarati qrammatikas\u0131n\u0131n vacib bir hiss\u0259sidir v\u0259 dil bilikl\u0259riniz\u0259 m\u00fcr\u0259kk\u0259blik v\u0259 n\u00fcanslar \u0259lav\u0259 ed\u0259c\u0259kdir.<\/p>\n\n\n\n<h3 class=\"wp-block-heading\" id=\"h-11-adverbs\">11. Adverbl\u0259r:<\/h3>\n\n\n\n<p>Gujarati dilind\u0259 z\u0259rfl\u0259r fell\u0259ri, sif\u0259tl\u0259ri v\u0259 ya dig\u0259r z\u0259rfl\u0259ri d\u0259yi\u015fdirir. Onlar davran\u0131\u015f, yer, vaxt, d\u0259r\u0259c\u0259 v\u0259 daha \u00e7ox m\u0259lumat verir.<\/p>\n\n\n\n<h3 class=\"wp-block-heading\" id=\"h-12-prepositions\">12. Prepozisiyalar:<\/h3>\n\n\n\n<p>Gujarati prepositions \u0259v\u0259zin\u0259 postpositions-dan istifad\u0259 edir. Bunlar isim v\u0259 ya \u0259v\u0259zliyi izl\u0259yir v\u0259 zaman, yer, istiqam\u0259t, m\u00fclkiyy\u0259t v\u0259 daha \u00e7ox \u0259laq\u0259l\u0259ri ifad\u0259 etm\u0259k \u00fc\u00e7\u00fcn s\u00f6zl\u0259ri v\u0259 ifad\u0259l\u0259ri bir-birin\u0259 ba\u011flay\u0131r.<\/p>\n\n\n\n<h3 class=\"wp-block-heading\" id=\"h-13-sentences\">13. C\u00fcml\u0259l\u0259r:<\/h3>\n\n\n\n<p>Sonda c\u00fcml\u0259l\u0259rin d\u00fcz\u0259ldili\u015fl\u0259rini m\u0259\u015fq etdir. Gujarati \u00fcmumiyy\u0259tl\u0259 subyekt-obyekt-fel s\u0131ras\u0131na \u0259m\u0259l edir v\u0259 postpositionlardan geni\u015f istifad\u0259 edir. Bu, \u0259vv\u0259ll\u0259r \u00f6yr\u0259nilmi\u015f b\u00fct\u00fcn <a href=\"https:\/\/talkpal.ai\/grammar\/\">qrammatika<\/a> n\u00f6qt\u0259l\u0259rinin kontekstd\u0259 istifad\u0259sini \u0259hat\u0259 ed\u0259c\u0259k v\u0259 bel\u0259likl\u0259 Gujarati dilinin h\u0259rt\u0259r\u0259fli ba\u015fa d\u00fc\u015f\u00fclm\u0259sini t\u0259min ed\u0259c\u0259kdir.<\/p>\n<\/div><\/div>\n\r\n<section class=\"learnNavigationSection\">\r\n            \r\n        <a href=\"https:\/\/talkpal.ai\/az\/gujarati-dilini-oyr%c9%99nin\/\">\r\n            <div class=\"learnNavigationWrapper\">\r\n                <div class=\"learnNavigationContent\">\r\n                    <img decoding=\"async\" src=\"https:\/\/talkpal.ai\/wp-content\/uploads\/2025\/11\/Gujarati.png\" alt=\"Indian Simplified Flag\">\r\n                    <div>\r\n                        <h4>Gujarati Learning haqq\u0131nda<\/h4>\r\n                        <p>Gujarati Qrammatikas\u0131 haqq\u0131nda h\u0259r \u015feyi \u00f6yr\u0259nin.<\/p>\r\n                    <\/div>\r\n                <\/div>\r\n            <\/div>\r\n        <\/a>\r\n\r\n        \r\n        <a href=\"https:\/\/talkpal.ai\/az\/gujarati-qrammatikasi\/\">\r\n            <div class=\"learnNavigationWrapper\">\r\n                <div class=\"learnNavigationContent\">\r\n                    <img decoding=\"async\" src=\"https:\/\/talkpal.ai\/wp-content\/uploads\/2025\/11\/Gujarati.png\" alt=\"Indian Simplified Flag\">\r\n                    <div>\r\n                        <h4>Gujarati Qrammatika D\u0259rsl\u0259ri<\/h4>\r\n                        <p>Gujarati qrammatikas\u0131n\u0131 t\u0259tbiq edin.<\/p>\r\n                    <\/div>\r\n                <\/div>\r\n            <\/div>\r\n        <\/a>\r\n\r\n            <\/section>","protected":false},"excerpt":{"rendered":"<p>Gujarati Qrammatika M\u00f6vzular\u0131 Yeni bir dil \u00f6yr\u0259nm\u0259k \u00e7\u0259tin, lakin m\u00fckafatland\u0131r\u0131c\u0131 bir i\u015f ola bil\u0259r. Hindistan\u0131n Gujarat \u0259yal\u0259tind\u0259 v\u0259 d\u00fcnya miqyas\u0131nda diaspor icmalar\u0131 t\u0259r\u0259find\u0259n dan\u0131\u015f\u0131lan Hind-Aryan dili olan Gujarati d\u0259 istisna deyil. Unikal x\u00fcsusiyy\u0259tl\u0259ri v\u0259 qurulu\u015flar\u0131 il\u0259 Gujarati \u00f6yr\u0259nm\u0259k , qrammatikas\u0131n\u0131 ba\u015fa d\u00fc\u015fm\u0259k \u00fc\u00e7\u00fcn sistematik bir yana\u015fma t\u0259l\u0259b edir. Bu t\u0259limat, Gujarati qrammatikas\u0131n\u0131n \u0259sas sah\u0259l\u0259rini dil [&hellip;]<\/p>\n","protected":false},"author":20,"featured_media":0,"parent":0,"menu_order":0,"comment_status":"closed","ping_status":"closed","template":"LearningContentPage.php","meta":{"_acf_changed":false,"footnotes":""},"class_list":["post-1474704","page","type-page","status-publish","hentry"],"acf":[],"yoast_head":"<!-- This site is optimized with the Yoast SEO Premium plugin v27.2 (Yoast SEO v27.2) - https:\/\/yoast.com\/product\/yoast-seo-premium-wordpress\/ -->\n<title>Gujarati Qrammatika M\u0259\u015fql\u0259ri - Talkpal<\/title>\n<meta name=\"description\" content=\"Dil s\u0259lisliyinizi art\u0131rmaq \u00fc\u00e7\u00fcn isiml\u0259ri, fell\u0259ri v\u0259 zamanlar\u0131 \u0259hat\u0259 ed\u0259n interaktiv m\u0259\u015fql\u0259rl\u0259 Qucarati qrammatikas\u0131n\u0131n \u0259saslar\u0131n\u0131 m\u0259nims\u0259yin.\" \/>\n<meta name=\"robots\" content=\"index, follow, max-snippet:-1, max-image-preview:large, max-video-preview:-1\" \/>\n<link rel=\"canonical\" href=\"https:\/\/talkpal.ai\/az\/gujarati-qrammatika-m%c9%99sql%c9%99ri\/\" \/>\n<meta property=\"og:locale\" content=\"az_AZ\" \/>\n<meta property=\"og:type\" content=\"article\" \/>\n<meta property=\"og:title\" content=\"Gujarati Qrammatika M\u0259\u015fql\u0259ri\" \/>\n<meta property=\"og:description\" content=\"Gujarati Qrammatika M\u00f6vzular\u0131 Yeni bir dil \u00f6yr\u0259nm\u0259k \u00e7\u0259tin, lakin m\u00fckafatland\u0131r\u0131c\u0131 bir i\u015f ola bil\u0259r. Hindistan\u0131n Gujarat \u0259yal\u0259tind\u0259 v\u0259 d\u00fcnya miqyas\u0131nda\" \/>\n<meta property=\"og:url\" content=\"https:\/\/talkpal.ai\/az\/gujarati-qrammatika-m%c9%99sql%c9%99ri\/\" \/>\n<meta property=\"og:site_name\" content=\"Talkpal\" \/>\n<meta property=\"article:publisher\" content=\"https:\/\/www.facebook.com\/profile.php?id=100090733639311\" \/>\n<meta property=\"article:modified_time\" content=\"2025-12-30T14:47:06+00:00\" \/>\n<meta property=\"og:image\" content=\"https:\/\/talkpal.ai\/wp-content\/uploads\/2025\/02\/Progress-tab-16_9.png\" \/>\n\t<meta property=\"og:image:width\" content=\"2880\" \/>\n\t<meta property=\"og:image:height\" content=\"1620\" \/>\n\t<meta property=\"og:image:type\" content=\"image\/png\" \/>\n<meta name=\"twitter:card\" content=\"summary_large_image\" \/>\n<meta name=\"twitter:site\" content=\"@talkpalai\" \/>\n<meta name=\"twitter:label1\" content=\"Est. reading time\" \/>\n\t<meta name=\"twitter:data1\" content=\"4 minutes\" \/>\n<script type=\"application\/ld+json\" class=\"yoast-schema-graph\">{\"@context\":\"https:\/\/schema.org\",\"@graph\":[{\"@type\":\"WebPage\",\"@id\":\"https:\/\/talkpal.ai\/az\/gujarati-qrammatika-m%c9%99sql%c9%99ri\/\",\"url\":\"https:\/\/talkpal.ai\/az\/gujarati-qrammatika-m%c9%99sql%c9%99ri\/\",\"name\":\"Gujarati Qrammatika M\u0259\u015fql\u0259ri - Talkpal\",\"isPartOf\":{\"@id\":\"https:\/\/talkpal.ai\/az\/#website\"},\"datePublished\":\"2025-11-12T09:38:12+00:00\",\"dateModified\":\"2025-12-30T14:47:06+00:00\",\"description\":\"Dil s\u0259lisliyinizi art\u0131rmaq \u00fc\u00e7\u00fcn isiml\u0259ri, fell\u0259ri v\u0259 zamanlar\u0131 \u0259hat\u0259 ed\u0259n interaktiv m\u0259\u015fql\u0259rl\u0259 Qucarati qrammatikas\u0131n\u0131n \u0259saslar\u0131n\u0131 m\u0259nims\u0259yin.\",\"breadcrumb\":{\"@id\":\"https:\/\/talkpal.ai\/az\/gujarati-qrammatika-m%c9%99sql%c9%99ri\/#breadcrumb\"},\"inLanguage\":\"az\",\"potentialAction\":[{\"@type\":\"ReadAction\",\"target\":[\"https:\/\/talkpal.ai\/az\/gujarati-qrammatika-m%c9%99sql%c9%99ri\/\"]}]},{\"@type\":\"BreadcrumbList\",\"@id\":\"https:\/\/talkpal.ai\/az\/gujarati-qrammatika-m%c9%99sql%c9%99ri\/#breadcrumb\",\"itemListElement\":[{\"@type\":\"ListItem\",\"position\":1,\"name\":\"Homepage\",\"item\":\"https:\/\/talkpal.ai\/az\/\"},{\"@type\":\"ListItem\",\"position\":2,\"name\":\"Gujarati Qrammatika M\u0259\u015fql\u0259ri\"}]},{\"@type\":\"WebSite\",\"@id\":\"https:\/\/talkpal.ai\/az\/#website\",\"url\":\"https:\/\/talkpal.ai\/az\/\",\"name\":\"Talkpal\",\"description\":\"AI Language Learning\",\"publisher\":{\"@id\":\"https:\/\/talkpal.ai\/az\/#organization\"},\"alternateName\":\"Talkpal AI\",\"potentialAction\":[{\"@type\":\"SearchAction\",\"target\":{\"@type\":\"EntryPoint\",\"urlTemplate\":\"https:\/\/talkpal.ai\/az\/?s={search_term_string}\"},\"query-input\":{\"@type\":\"PropertyValueSpecification\",\"valueRequired\":true,\"valueName\":\"search_term_string\"}}],\"inLanguage\":\"az\"},{\"@type\":\"Organization\",\"@id\":\"https:\/\/talkpal.ai\/az\/#organization\",\"name\":\"Talkpal, Inc.\",\"alternateName\":\"Talkpal AI\",\"url\":\"https:\/\/talkpal.ai\/az\/\",\"logo\":{\"@type\":\"ImageObject\",\"inLanguage\":\"az\",\"@id\":\"https:\/\/talkpal.ai\/az\/#\/schema\/logo\/image\/\",\"url\":\"https:\/\/talkpal.ai\/wp-content\/uploads\/2024\/03\/Talkpal-Logo-Icon.png\",\"contentUrl\":\"https:\/\/talkpal.ai\/wp-content\/uploads\/2024\/03\/Talkpal-Logo-Icon.png\",\"width\":2880,\"height\":2880,\"caption\":\"Talkpal, Inc.\"},\"image\":{\"@id\":\"https:\/\/talkpal.ai\/az\/#\/schema\/logo\/image\/\"},\"sameAs\":[\"https:\/\/www.facebook.com\/profile.php?id=100090733639311\",\"https:\/\/x.com\/talkpalai\",\"https:\/\/www.linkedin.com\/company\/talkpal\/\",\"https:\/\/www.youtube.com\/@TalkPal\/\",\"https:\/\/www.tiktok.com\/@talkpal\",\"https:\/\/www.instagram.com\/talkpal_ai\/\",\"https:\/\/www.crunchbase.com\/organization\/talkpal-9cde\",\"https:\/\/www.g2.com\/products\/talkpal-for-business\/\",\"https:\/\/www.trustpilot.com\/review\/talkpal.ai\",\"https:\/\/www.capterra.com\/p\/10006800\/TalkPal\/\"],\"description\":\"Talkpal is a language learning web and mobile education app, powered by the latest AI technologies, that provides engaging experiences to its customers in many different languages to help them improve their language skills. Users can chat about unlimited amount of topics with the app and use other modes to practice their language learning.\",\"email\":\"support@talkpal.ai\",\"legalName\":\"Talkpal, Inc.\",\"foundingDate\":\"2023-04-03\",\"duns\":\"118989042\",\"numberOfEmployees\":{\"@type\":\"QuantitativeValue\",\"minValue\":\"11\",\"maxValue\":\"50\"},\"publishingPrinciples\":\"https:\/\/talkpal.ai\/publishing-principles\/\",\"actionableFeedbackPolicy\":\"https:\/\/talkpal.ai\/actionable-feedback-policy\/\",\"correctionsPolicy\":\"https:\/\/talkpal.ai\/corrections-policy\/\",\"ethicsPolicy\":\"https:\/\/talkpal.ai\/ethics-policy\/\",\"diversityPolicy\":\"https:\/\/talkpal.ai\/diversity-policy\/\",\"diversityStaffingReport\":\"https:\/\/talkpal.ai\/diversity-policy\/\"}]}<\/script>\n<!-- \/ Yoast SEO Premium plugin. -->","yoast_head_json":{"title":"Gujarati Qrammatika M\u0259\u015fql\u0259ri - Talkpal","description":"Dil s\u0259lisliyinizi art\u0131rmaq \u00fc\u00e7\u00fcn isiml\u0259ri, fell\u0259ri v\u0259 zamanlar\u0131 \u0259hat\u0259 ed\u0259n interaktiv m\u0259\u015fql\u0259rl\u0259 Qucarati qrammatikas\u0131n\u0131n \u0259saslar\u0131n\u0131 m\u0259nims\u0259yin.","robots":{"index":"index","follow":"follow","max-snippet":"max-snippet:-1","max-image-preview":"max-image-preview:large","max-video-preview":"max-video-preview:-1"},"canonical":"https:\/\/talkpal.ai\/az\/gujarati-qrammatika-m%c9%99sql%c9%99ri\/","og_locale":"az_AZ","og_type":"article","og_title":"Gujarati Qrammatika M\u0259\u015fql\u0259ri","og_description":"Gujarati Qrammatika M\u00f6vzular\u0131 Yeni bir dil \u00f6yr\u0259nm\u0259k \u00e7\u0259tin, lakin m\u00fckafatland\u0131r\u0131c\u0131 bir i\u015f ola bil\u0259r. Hindistan\u0131n Gujarat \u0259yal\u0259tind\u0259 v\u0259 d\u00fcnya miqyas\u0131nda","og_url":"https:\/\/talkpal.ai\/az\/gujarati-qrammatika-m%c9%99sql%c9%99ri\/","og_site_name":"Talkpal","article_publisher":"https:\/\/www.facebook.com\/profile.php?id=100090733639311","article_modified_time":"2025-12-30T14:47:06+00:00","og_image":[{"width":2880,"height":1620,"url":"https:\/\/talkpal.ai\/wp-content\/uploads\/2025\/02\/Progress-tab-16_9.png","type":"image\/png"}],"twitter_card":"summary_large_image","twitter_site":"@talkpalai","twitter_misc":{"Est. reading time":"4 minutes"},"schema":{"@context":"https:\/\/schema.org","@graph":[{"@type":"WebPage","@id":"https:\/\/talkpal.ai\/az\/gujarati-qrammatika-m%c9%99sql%c9%99ri\/","url":"https:\/\/talkpal.ai\/az\/gujarati-qrammatika-m%c9%99sql%c9%99ri\/","name":"Gujarati Qrammatika M\u0259\u015fql\u0259ri - Talkpal","isPartOf":{"@id":"https:\/\/talkpal.ai\/az\/#website"},"datePublished":"2025-11-12T09:38:12+00:00","dateModified":"2025-12-30T14:47:06+00:00","description":"Dil s\u0259lisliyinizi art\u0131rmaq \u00fc\u00e7\u00fcn isiml\u0259ri, fell\u0259ri v\u0259 zamanlar\u0131 \u0259hat\u0259 ed\u0259n interaktiv m\u0259\u015fql\u0259rl\u0259 Qucarati qrammatikas\u0131n\u0131n \u0259saslar\u0131n\u0131 m\u0259nims\u0259yin.","breadcrumb":{"@id":"https:\/\/talkpal.ai\/az\/gujarati-qrammatika-m%c9%99sql%c9%99ri\/#breadcrumb"},"inLanguage":"az","potentialAction":[{"@type":"ReadAction","target":["https:\/\/talkpal.ai\/az\/gujarati-qrammatika-m%c9%99sql%c9%99ri\/"]}]},{"@type":"BreadcrumbList","@id":"https:\/\/talkpal.ai\/az\/gujarati-qrammatika-m%c9%99sql%c9%99ri\/#breadcrumb","itemListElement":[{"@type":"ListItem","position":1,"name":"Homepage","item":"https:\/\/talkpal.ai\/az\/"},{"@type":"ListItem","position":2,"name":"Gujarati Qrammatika M\u0259\u015fql\u0259ri"}]},{"@type":"WebSite","@id":"https:\/\/talkpal.ai\/az\/#website","url":"https:\/\/talkpal.ai\/az\/","name":"Talkpal","description":"AI Language Learning","publisher":{"@id":"https:\/\/talkpal.ai\/az\/#organization"},"alternateName":"Talkpal AI","potentialAction":[{"@type":"SearchAction","target":{"@type":"EntryPoint","urlTemplate":"https:\/\/talkpal.ai\/az\/?s={search_term_string}"},"query-input":{"@type":"PropertyValueSpecification","valueRequired":true,"valueName":"search_term_string"}}],"inLanguage":"az"},{"@type":"Organization","@id":"https:\/\/talkpal.ai\/az\/#organization","name":"Talkpal, Inc.","alternateName":"Talkpal AI","url":"https:\/\/talkpal.ai\/az\/","logo":{"@type":"ImageObject","inLanguage":"az","@id":"https:\/\/talkpal.ai\/az\/#\/schema\/logo\/image\/","url":"https:\/\/talkpal.ai\/wp-content\/uploads\/2024\/03\/Talkpal-Logo-Icon.png","contentUrl":"https:\/\/talkpal.ai\/wp-content\/uploads\/2024\/03\/Talkpal-Logo-Icon.png","width":2880,"height":2880,"caption":"Talkpal, Inc."},"image":{"@id":"https:\/\/talkpal.ai\/az\/#\/schema\/logo\/image\/"},"sameAs":["https:\/\/www.facebook.com\/profile.php?id=100090733639311","https:\/\/x.com\/talkpalai","https:\/\/www.linkedin.com\/company\/talkpal\/","https:\/\/www.youtube.com\/@TalkPal\/","https:\/\/www.tiktok.com\/@talkpal","https:\/\/www.instagram.com\/talkpal_ai\/","https:\/\/www.crunchbase.com\/organization\/talkpal-9cde","https:\/\/www.g2.com\/products\/talkpal-for-business\/","https:\/\/www.trustpilot.com\/review\/talkpal.ai","https:\/\/www.capterra.com\/p\/10006800\/TalkPal\/"],"description":"Talkpal is a language learning web and mobile education app, powered by the latest AI technologies, that provides engaging experiences to its customers in many different languages to help them improve their language skills. Users can chat about unlimited amount of topics with the app and use other modes to practice their language learning.","email":"support@talkpal.ai","legalName":"Talkpal, Inc.","foundingDate":"2023-04-03","duns":"118989042","numberOfEmployees":{"@type":"QuantitativeValue","minValue":"11","maxValue":"50"},"publishingPrinciples":"https:\/\/talkpal.ai\/publishing-principles\/","actionableFeedbackPolicy":"https:\/\/talkpal.ai\/actionable-feedback-policy\/","correctionsPolicy":"https:\/\/talkpal.ai\/corrections-policy\/","ethicsPolicy":"https:\/\/talkpal.ai\/ethics-policy\/","diversityPolicy":"https:\/\/talkpal.ai\/diversity-policy\/","diversityStaffingReport":"https:\/\/talkpal.ai\/diversity-policy\/"}]}},"_links":{"self":[{"href":"https:\/\/talkpal.ai\/az\/wp-json\/wp\/v2\/pages\/1474704","targetHints":{"allow":["GET"]}}],"collection":[{"href":"https:\/\/talkpal.ai\/az\/wp-json\/wp\/v2\/pages"}],"about":[{"href":"https:\/\/talkpal.ai\/az\/wp-json\/wp\/v2\/types\/page"}],"author":[{"embeddable":true,"href":"https:\/\/talkpal.ai\/az\/wp-json\/wp\/v2\/users\/20"}],"replies":[{"embeddable":true,"href":"https:\/\/talkpal.ai\/az\/wp-json\/wp\/v2\/comments?post=1474704"}],"version-history":[{"count":0,"href":"https:\/\/talkpal.ai\/az\/wp-json\/wp\/v2\/pages\/1474704\/revisions"}],"wp:attachment":[{"href":"https:\/\/talkpal.ai\/az\/wp-json\/wp\/v2\/media?parent=1474704"}],"curies":[{"name":"wp","href":"https:\/\/api.w.org\/{rel}","templated":true}]}}