{"id":147469,"date":"2023-05-14T14:12:07","date_gmt":"2023-05-14T14:12:07","guid":{"rendered":"http:\/\/talkpal.ai\/marat-dili-qrammatikasi\/"},"modified":"2025-12-12T10:38:42","modified_gmt":"2025-12-12T10:38:42","slug":"marat-dili-qrammatikasi","status":"publish","type":"page","link":"https:\/\/talkpal.ai\/az\/marat-dili-qrammatikasi\/","title":{"rendered":"Marat dili qrammatikas\u0131"},"content":{"rendered":"\r\n\r\n\r\n<section class=\"languageChallengeSection\">\r\n    <div class=\"languageInfoWrapper\">\r\n        \r\n        <h1>Marat dili qrammatikas\u0131<\/h1>\r\n        <p><a href=\"https:\/\/talkpal.ai\/learn-marathi\/\">Marathi<\/a> dili il\u0259 maraqlan\u0131rs\u0131n\u0131z? Marathi qrammatikas\u0131na daxil olun, burada cinsl\u0259 ba\u011fl\u0131 isiml\u0259r, \u00e7evik c\u00fcml\u0259 strukturu v\u0259 ifad\u0259li fel birl\u0259\u015fm\u0259l\u0259ri canl\u0131 v\u0259 dinamik bir dil yarad\u0131r. \u00d6yr\u0259nm\u0259 s\u0259yah\u0259tiniz\u0259 bu g\u00fcn ba\u015flay\u0131n &#8211; Marathi qrammatikas\u0131na yiy\u0259l\u0259nm\u0259k siz\u0259 inamla \u00fcnsiyy\u0259t qurma\u011fa v\u0259 Mahara\u015ftran\u0131n z\u0259ngin \u0259n\u0259n\u0259l\u0259ri v\u0259 m\u0259d\u0259niyy\u0259ti il\u0259 \u0259laq\u0259 saxlama\u011fa k\u00f6m\u0259k ed\u0259c\u0259k!<\/p>\r\n\r\n                            <a class=\"getStartedHidden\" href=\"https:\/\/app.talkpal.ai\/signup?lng=\">Ba\u015fla<\/a>\r\n        \r\n    <\/div>\r\n\r\n    <figure>\r\n    <img decoding=\"async\" width=\"768\" height=\"768\" src=\"https:\/\/talkpal.ai\/wp-content\/uploads\/2023\/06\/marathi-768x768.png\" class=\"languageImage no-lazy\" alt=\"Fun ways to make language learning interesting\" fetchpriority=\"high\" sizes=\"(max-width: 768px) 150px, 768px\" srcset=\"https:\/\/talkpal.ai\/wp-content\/uploads\/2023\/06\/marathi-768x768.png 768w, https:\/\/talkpal.ai\/wp-content\/uploads\/2023\/06\/marathi-300x300.png 300w\" \/>\r\n    \r\n\r\n    <\/figure>\r\n\r\n            <a class=\"getStartedVisible\" href=\"https:\/\/app.talkpal.ai\/signup?lng=\">Ba\u015fla<\/a>\r\n    \r\n<\/section>\r\n<section class=\"promotionalBanner\">\r\n    <p class=\"promotionalText\">Dil \u00f6yr\u0259nm\u0259yin \u0259n t\u0259sirli yolu<\/p>\r\n    <a class=\"promotionalLink\" href=\"https:\/\/app.talkpal.ai\/signup?lng=\">Talkpal pulsuz s\u0131nay\u0131n<\/a>\r\n<\/section>\n<div class=\"wp-block-group pageContainerStyle\"><div class=\"wp-block-group__inner-container is-layout-constrained wp-block-group-is-layout-constrained\">\n<h2 class=\"wp-block-heading\" id=\"h-the-allure-of-marathi-grammar-unfolding-its-mysteries-and-intricacies\">Marathi qrammatikas\u0131: onun sirl\u0259rini v\u0259 inc\u0259likl\u0259rini \u00fcz\u0259 \u00e7\u0131xartd\u0131<\/h2>\n\n\n\n<p>\u0130ngilis dilinin qrammatikas\u0131n\u0131 \u00f6yr\u0259nm\u0259yin m\u00fcr\u0259kk\u0259b qaydalarla, istisnalarla v\u0259 m\u00fcr\u0259kk\u0259b terminologiya il\u0259 dolu olan \u00e7a\u015fq\u0131n s\u0259yah\u0259tini xat\u0131rlay\u0131rsanm\u0131? \u0130ndi Marathi dilini \u00f6yr\u0259nm\u0259yi d\u00fc\u015f\u00fcn\u00fcrs\u00fcn\u00fczs\u0259, Marathi qrammatikas\u0131n\u0131n eyni d\u0259r\u0259c\u0259d\u0259 maraql\u0131 k\u0259\u015ffiyyat\u0131 \u00fc\u00e7\u00fcn \u00f6z\u00fcn\u00fcz\u00fc haz\u0131rlay\u0131n.<\/p>\n\n\n\n<p>Hindistan\u0131n Mahara\u015ftra \u015ftat\u0131nda \u0259sas\u0259n indo-aryan dili olan Marathi dili z\u0259ngin \u0259n\u0259n\u0259 v\u0259 \u00f6z\u00fcn\u0259m\u0259xsus dil x\u00fcsusiyy\u0259tl\u0259ri il\u0259 f\u0259xr edir. Marat dilinin mistikas\u0131na dald\u0131qca onun \u0259lifbalar\u0131n\u0131n, m\u00fcr\u0259kk\u0259b qayda-qanunlar\u0131 v\u0259 erotika il\u0259 maraqlanacaq bir-biri il\u0259 \u0259laq\u0259li oldu\u011funu a\u015fkar ed\u0259c\u0259ks\u0259n. Bel\u0259likl\u0259, g\u0259lin birlikd\u0259 Marathi qrammatikas\u0131n\u0131n cazib\u0259sini, ki\u00e7ik bir qaydan\u0131 birlikd\u0259 a\u00e7aq.<\/p>\n\n\n\n<p><strong>Maratinin<\/strong> qrammatikas\u0131n\u0131n \u0259n valehedici x\u00fcsusiyy\u0259tl\u0259rind\u0259n biri d\u0259 onun noun infleksiyalar\u0131ndan geni\u015f istifad\u0259 etm\u0259sidir. Bu infleksiyalar \u00e7ox vaxt say, cins v\u0259 hal kimi vacib qrammatik elementl\u0259ri \u00e7atd\u0131rma\u011fa k\u00f6m\u0259k edir. Maratinin \u00fc\u00e7 cinsi var : ki\u015fi cinsi, qad\u0131n v\u0259 neytrin . Bundan ba\u015fqa, dilin iki r\u0259q\u0259mi var \u2013 bir \u0259d\u0259d v\u0259 \u00e7oxluq \u2013 bu da noun k\u0259miyy\u0259tini ifad\u0259 etm\u0259y\u0259 k\u00f6m\u0259k edir.<\/p>\n\n\n\n<p><strong>Maratinin qrammatikas\u0131n\u0131n dig\u0259r bir unikal x\u00fcsusiyy\u0259ti<\/strong> feill\u0259rin g\u0259rginliy\u0259 ba\u011fl\u0131 olaraq bir-birin\u0259 qovu\u015fmas\u0131d\u0131r. Marathi dilind\u0259 fell\u0259ri birl\u0259\u015fdir\u0259rk\u0259n, yaln\u0131z felin zaman\u0131n\u0131 deyil, h\u0259m d\u0259 m\u00f6vzunun cinsini v\u0259 say\u0131n\u0131 n\u0259z\u0259r\u0259 almal\u0131s\u0131n\u0131z. Marat feli formalar\u0131na indiki g\u0259rgin, ke\u00e7mi\u015f g\u0259rgin v\u0259 g\u0259l\u0259c\u0259k g\u0259rgin, el\u0259c\u0259 d\u0259 imperativ v\u0259 tabe\u00e7ilikl\u0259 yana\u015f\u0131, ke\u00e7mi\u015f v\u0259 g\u0259l\u0259c\u0259k g\u0259rgin formalar daxildir. Bu geni\u015f konyunkasiyalar Maratiy\u0259 d\u0259rinlik v\u0259 dinamizm qat\u0131r v\u0259 bu da onu t\u0259dqiq etm\u0259k \u00fc\u00e7\u00fcn h\u0259qiq\u0259t\u0259n d\u0259 tutqun dil hal\u0131na g\u0259tirir.<\/p>\n\n\n\n<p>Marat dili h\u0259m d\u0259 <strong>m\u00fcxt\u0259lif pronounlarla<\/strong> tan\u0131n\u0131r. Maratinin \u00e7oxlu \u015f\u0259xsi, n\u00fcmayi\u015fkar, sor\u011fu-sual v\u0259 refleksiv t\u0259l\u0259ff\u00fczl\u0259ri var v\u0259 onlar\u0131n h\u0259r biri \u00f6z deklension formalar\u0131 il\u0259 g\u0259lir. Bu, ilk bax\u0131\u015fdan qorxulu g\u00f6r\u00fcn\u0259 bil\u0259r, lakin dilin d\u0259rinlikl\u0259rin\u0259 vard\u0131qca maratinin qrammatikas\u0131na olan misilsiz d\u0259qiqliyi qiym\u0259tl\u0259ndir\u0259c\u0259ks\u0259n.<\/p>\n\n\n\n<p>Maratinin qrammatikas\u0131 il\u0259 ba\u011fl\u0131 daha bir maraql\u0131 m\u0259&#8217;lum m\u0259&#8217;lum olan m\u0259&#8217;lumdur ki, onun <strong>s\u00f6zl\u0259ri c\u00fcml\u0259d\u0259 i\u015fl\u0259nilir<\/strong>. Marathi dilind\u0259 s\u00f6z s\u0131ras\u0131, \u00fcmumiyy\u0259tl\u0259, dig\u0259r \u0130ndo-Aryan dill\u0259rin\u0259 b\u0259nz\u0259r m\u00f6vzu-obyekt-verb (SOV) strukturunu izl\u0259yir. Bu qurulu\u015f, ad\u0259t\u0259n, c\u00fcml\u0259nin sonunda feili yer verir v\u0259 bu, ingilis dilind\u0259 dan\u0131\u015fanlar \u00fc\u00e7\u00fcn ba\u015flan\u011f\u0131cda \u00e7\u0259tin ola bil\u0259r.<\/p>\n\n\n\n<p><strong>Marathi fonetikas\u0131na<\/strong> dalaraq, 16 sait (swar) v\u0259 36 konsonant (vyanjan) vasit\u0259sil\u0259 t\u0259l\u0259ff\u00fcz edil\u0259n mesmerl\u0259\u015fdirici s\u0259sl\u0259r\u0259 rast g\u0259l\u0259c\u0259ksiniz. Marathi dilinin istifad\u0259 etdiyi Devanaqari yaz\u0131s\u0131 bu onsuz da valehedici dil\u0259 cazib\u0259 qat\u0131 \u0259lav\u0259 edir.  <\/p>\n\n\n\n<p>Says\u0131z-hesabs\u0131z qayda v\u0259 m\u00fcr\u0259kk\u0259blikl\u0259r\u0259 malik marathi qrammatikas\u0131n\u0131 \u00f6yr\u0259nm\u0259k, \u015f\u00fcbh\u0259siz ki, ilk bax\u0131\u015fdan qorxulu bir i\u015f ola bil\u0259r. Lakin bu \u00e7\u0259tinlik onu olduqca ruhland\u0131r\u0131r v\u0259 sevindirir. Maratinin qrammatikas\u0131 il\u0259 ba\u011fl\u0131 olan bu sehr d\u00fcnyas\u0131nda \u00f6z\u00fcn\u00fc daha \u00e7ox b\u00fcr\u00fcy\u0259nd\u0259 t\u0259kc\u0259 dilin i\u015fl\u0259rini \u00fcz\u0259 \u00e7\u0131xarmaqla kifay\u0259tl\u0259nm\u0259y\u0259c\u0259ks\u0259n, h\u0259m d\u0259 onun \u00f6z\u00fcnd\u0259 t\u0259c\u0259ss\u00fcm etdiyi m\u0259d\u0259niyy\u0259ti, tarixi v\u0259 m\u00fcdrikliyi daha d\u0259rind\u0259n anlayacaqsan.<\/p>\n\n\n\n<p>B\u0259s n\u0259y\u0259 g\u00f6r\u0259 marat dili qrammatikas\u0131n\u0131n d\u0259rini t\u0259dqiq etm\u0259k v\u0259 onun says\u0131z-hesabs\u0131z sirl\u0259rini v\u0259 n\u00fcanslar\u0131n\u0131 \u00f6yr\u0259nm\u0259k \u00fc\u00e7\u00fcn bu linqvistik mac\u0259raya giri\u015fm\u0259y\u0259k? \u00d6yr\u0259nm\u0259nin sevinci v\u0259 Marat dilinin inc\u0259likl\u0259rini ba\u015fa d\u00fc\u015fm\u0259kd\u0259n sevinc hissi bir ne\u00e7\u0259 d\u0259qiq\u0259 uzaqdad\u0131r!<\/p>\n<\/div><\/div>\n\r\n<section class=\"learnNavigationSection\">\r\n            \r\n        <a href=\"https:\/\/talkpal.ai\/az\/marathi-oyr%c9%99n\/\">\r\n            <div class=\"learnNavigationWrapper\">\r\n                <div class=\"learnNavigationContent\">\r\n                    <img decoding=\"async\" src=\"https:\/\/talkpal.ai\/wp-content\/uploads\/2023\/05\/Marathi-india.png\" alt=\"TalkPal Marathi Flag\">\r\n                    <div>\r\n                        <h4>Marathi \u00d6yr\u0259nilm\u0259si Haqq\u0131nda<\/h4>\r\n                        <p>Marathi qrammatikas\u0131 haqq\u0131nda h\u0259r \u015feyi \u00f6yr\u0259nin .<\/p>\r\n                    <\/div>\r\n                <\/div>\r\n            <\/div>\r\n        <\/a>\r\n\r\n        \r\n        <a href=\"https:\/\/talkpal.ai\/az\/marathi-qrammatika-m%c9%99sql%c9%99ri\/\">\r\n            <div class=\"learnNavigationWrapper\">\r\n                <div class=\"learnNavigationContent\">\r\n                    <img decoding=\"async\" src=\"https:\/\/talkpal.ai\/wp-content\/uploads\/2023\/05\/Marathi-india.png\" alt=\"TalkPal Marathi Flag\">\r\n                    <div>\r\n                        <h4>Marathi Qrammatikas\u0131 M\u0259\u015fqi<\/h4>\r\n                        <p>Marathi qrammatikas\u0131 praktikas\u0131.<\/p>\r\n                    <\/div>\r\n                <\/div>\r\n            <\/div>\r\n        <\/a>\r\n\r\n        \r\n        <a href=\"https:\/\/talkpal.ai\/vocabulary_language\/marathi\/\">\r\n            <div class=\"learnNavigationWrapper\">\r\n                <div class=\"learnNavigationContent\">\r\n                    <img decoding=\"async\" src=\"https:\/\/talkpal.ai\/wp-content\/uploads\/2023\/05\/Marathi-india.png\" alt=\"TalkPal Marathi Flag\">\r\n                    <div>\r\n                        <h4>Marathi l\u00fc\u011f\u0259ti<\/h4>\r\n                        <p>Marathi l\u00fc\u011f\u0259tinizi geni\u015fl\u0259ndirin.<\/p>\r\n                    <\/div>\r\n                <\/div>\r\n            <\/div>\r\n        <\/a>\r\n\r\n            <\/section>","protected":false},"excerpt":{"rendered":"<p>Marathi qrammatikas\u0131: onun sirl\u0259rini v\u0259 inc\u0259likl\u0259rini \u00fcz\u0259 \u00e7\u0131xartd\u0131 \u0130ngilis dilinin qrammatikas\u0131n\u0131 \u00f6yr\u0259nm\u0259yin m\u00fcr\u0259kk\u0259b qaydalarla, istisnalarla v\u0259 m\u00fcr\u0259kk\u0259b terminologiya il\u0259 dolu olan \u00e7a\u015fq\u0131n s\u0259yah\u0259tini xat\u0131rlay\u0131rsanm\u0131? \u0130ndi Marathi dilini \u00f6yr\u0259nm\u0259yi d\u00fc\u015f\u00fcn\u00fcrs\u00fcn\u00fczs\u0259, Marathi qrammatikas\u0131n\u0131n eyni d\u0259r\u0259c\u0259d\u0259 maraql\u0131 k\u0259\u015ffiyyat\u0131 \u00fc\u00e7\u00fcn \u00f6z\u00fcn\u00fcz\u00fc haz\u0131rlay\u0131n. Hindistan\u0131n Mahara\u015ftra \u015ftat\u0131nda \u0259sas\u0259n indo-aryan dili olan Marathi dili z\u0259ngin \u0259n\u0259n\u0259 v\u0259 \u00f6z\u00fcn\u0259m\u0259xsus dil x\u00fcsusiyy\u0259tl\u0259ri il\u0259 f\u0259xr [&hellip;]<\/p>\n","protected":false},"author":1,"featured_media":116370,"parent":0,"menu_order":0,"comment_status":"closed","ping_status":"closed","template":"LearningContentPage.php","meta":{"_acf_changed":false,"footnotes":""},"class_list":["post-147469","page","type-page","status-publish","has-post-thumbnail","hentry"],"acf":[],"yoast_head":"<!-- This site is optimized with the Yoast SEO Premium plugin v27.2 (Yoast SEO v27.2) - https:\/\/yoast.com\/product\/yoast-seo-premium-wordpress\/ -->\n<title>Marat dili qrammatikas\u0131 - Talkpal<\/title>\n<meta name=\"description\" content=\"Marathi qrammatikas\u0131n\u0131n f\u00fcsunkar d\u00fcnyas\u0131n\u0131 ara\u015fd\u0131r\u0131n v\u0259 dili \u00f6yr\u0259nm\u0259kd\u0259 onun unikal qaydalar\u0131n\u0131, fonetikas\u0131n\u0131 v\u0259 fleksiyalar\u0131n\u0131 k\u0259\u015ff edin.\" \/>\n<meta name=\"robots\" content=\"index, follow, max-snippet:-1, max-image-preview:large, max-video-preview:-1\" \/>\n<link rel=\"canonical\" href=\"https:\/\/talkpal.ai\/az\/marat-dili-qrammatikasi\/\" \/>\n<meta property=\"og:locale\" content=\"az_AZ\" \/>\n<meta property=\"og:type\" content=\"article\" \/>\n<meta property=\"og:title\" content=\"Marat dili qrammatikas\u0131\" \/>\n<meta property=\"og:description\" content=\"Marathi qrammatikas\u0131: onun sirl\u0259rini v\u0259 inc\u0259likl\u0259rini \u00fcz\u0259 \u00e7\u0131xartd\u0131 \u0130ngilis dilinin qrammatikas\u0131n\u0131 \u00f6yr\u0259nm\u0259yin m\u00fcr\u0259kk\u0259b qaydalarla, istisnalarla v\u0259 m\u00fcr\u0259kk\u0259b\" \/>\n<meta property=\"og:url\" content=\"https:\/\/talkpal.ai\/az\/marat-dili-qrammatikasi\/\" \/>\n<meta property=\"og:site_name\" content=\"Talkpal\" \/>\n<meta property=\"article:publisher\" content=\"https:\/\/www.facebook.com\/profile.php?id=100090733639311\" \/>\n<meta property=\"article:modified_time\" content=\"2025-12-12T10:38:42+00:00\" \/>\n<meta property=\"og:image\" content=\"https:\/\/talkpal.ai\/wp-content\/uploads\/2023\/05\/Marathi-india.png\" \/>\n\t<meta property=\"og:image:width\" content=\"512\" \/>\n\t<meta property=\"og:image:height\" content=\"512\" \/>\n\t<meta property=\"og:image:type\" content=\"image\/png\" \/>\n<meta name=\"twitter:card\" content=\"summary_large_image\" \/>\n<meta name=\"twitter:site\" content=\"@talkpalai\" \/>\n<meta name=\"twitter:label1\" content=\"Est. reading time\" \/>\n\t<meta name=\"twitter:data1\" content=\"3 minutes\" \/>\n<script type=\"application\/ld+json\" class=\"yoast-schema-graph\">{\"@context\":\"https:\/\/schema.org\",\"@graph\":[{\"@type\":\"WebPage\",\"@id\":\"https:\/\/talkpal.ai\/az\/marat-dili-qrammatikasi\/\",\"url\":\"https:\/\/talkpal.ai\/az\/marat-dili-qrammatikasi\/\",\"name\":\"Marat dili qrammatikas\u0131 - Talkpal\",\"isPartOf\":{\"@id\":\"https:\/\/talkpal.ai\/az\/#website\"},\"primaryImageOfPage\":{\"@id\":\"https:\/\/talkpal.ai\/az\/marat-dili-qrammatikasi\/#primaryimage\"},\"image\":{\"@id\":\"https:\/\/talkpal.ai\/az\/marat-dili-qrammatikasi\/#primaryimage\"},\"thumbnailUrl\":\"https:\/\/talkpal.ai\/wp-content\/uploads\/2023\/05\/Marathi-india.png\",\"datePublished\":\"2023-05-14T14:12:07+00:00\",\"dateModified\":\"2025-12-12T10:38:42+00:00\",\"description\":\"Marathi qrammatikas\u0131n\u0131n f\u00fcsunkar d\u00fcnyas\u0131n\u0131 ara\u015fd\u0131r\u0131n v\u0259 dili \u00f6yr\u0259nm\u0259kd\u0259 onun unikal qaydalar\u0131n\u0131, fonetikas\u0131n\u0131 v\u0259 fleksiyalar\u0131n\u0131 k\u0259\u015ff edin.\",\"breadcrumb\":{\"@id\":\"https:\/\/talkpal.ai\/az\/marat-dili-qrammatikasi\/#breadcrumb\"},\"inLanguage\":\"az\",\"potentialAction\":[{\"@type\":\"ReadAction\",\"target\":[\"https:\/\/talkpal.ai\/az\/marat-dili-qrammatikasi\/\"]}]},{\"@type\":\"ImageObject\",\"inLanguage\":\"az\",\"@id\":\"https:\/\/talkpal.ai\/az\/marat-dili-qrammatikasi\/#primaryimage\",\"url\":\"https:\/\/talkpal.ai\/wp-content\/uploads\/2023\/05\/Marathi-india.png\",\"contentUrl\":\"https:\/\/talkpal.ai\/wp-content\/uploads\/2023\/05\/Marathi-india.png\",\"width\":512,\"height\":512},{\"@type\":\"BreadcrumbList\",\"@id\":\"https:\/\/talkpal.ai\/az\/marat-dili-qrammatikasi\/#breadcrumb\",\"itemListElement\":[{\"@type\":\"ListItem\",\"position\":1,\"name\":\"Homepage\",\"item\":\"https:\/\/talkpal.ai\/az\/\"},{\"@type\":\"ListItem\",\"position\":2,\"name\":\"Marat dili qrammatikas\u0131\"}]},{\"@type\":\"WebSite\",\"@id\":\"https:\/\/talkpal.ai\/az\/#website\",\"url\":\"https:\/\/talkpal.ai\/az\/\",\"name\":\"Talkpal\",\"description\":\"AI Language Learning\",\"publisher\":{\"@id\":\"https:\/\/talkpal.ai\/az\/#organization\"},\"alternateName\":\"Talkpal AI\",\"potentialAction\":[{\"@type\":\"SearchAction\",\"target\":{\"@type\":\"EntryPoint\",\"urlTemplate\":\"https:\/\/talkpal.ai\/az\/?s={search_term_string}\"},\"query-input\":{\"@type\":\"PropertyValueSpecification\",\"valueRequired\":true,\"valueName\":\"search_term_string\"}}],\"inLanguage\":\"az\"},{\"@type\":\"Organization\",\"@id\":\"https:\/\/talkpal.ai\/az\/#organization\",\"name\":\"Talkpal, Inc.\",\"alternateName\":\"Talkpal AI\",\"url\":\"https:\/\/talkpal.ai\/az\/\",\"logo\":{\"@type\":\"ImageObject\",\"inLanguage\":\"az\",\"@id\":\"https:\/\/talkpal.ai\/az\/#\/schema\/logo\/image\/\",\"url\":\"https:\/\/talkpal.ai\/wp-content\/uploads\/2024\/03\/Talkpal-Logo-Icon.png\",\"contentUrl\":\"https:\/\/talkpal.ai\/wp-content\/uploads\/2024\/03\/Talkpal-Logo-Icon.png\",\"width\":2880,\"height\":2880,\"caption\":\"Talkpal, Inc.\"},\"image\":{\"@id\":\"https:\/\/talkpal.ai\/az\/#\/schema\/logo\/image\/\"},\"sameAs\":[\"https:\/\/www.facebook.com\/profile.php?id=100090733639311\",\"https:\/\/x.com\/talkpalai\",\"https:\/\/www.linkedin.com\/company\/talkpal\/\",\"https:\/\/www.youtube.com\/@TalkPal\/\",\"https:\/\/www.tiktok.com\/@talkpal\",\"https:\/\/www.instagram.com\/talkpal_ai\/\",\"https:\/\/www.crunchbase.com\/organization\/talkpal-9cde\",\"https:\/\/www.g2.com\/products\/talkpal-for-business\/\",\"https:\/\/www.trustpilot.com\/review\/talkpal.ai\",\"https:\/\/www.capterra.com\/p\/10006800\/TalkPal\/\"],\"description\":\"Talkpal is a language learning web and mobile education app, powered by the latest AI technologies, that provides engaging experiences to its customers in many different languages to help them improve their language skills. Users can chat about unlimited amount of topics with the app and use other modes to practice their language learning.\",\"email\":\"support@talkpal.ai\",\"legalName\":\"Talkpal, Inc.\",\"foundingDate\":\"2023-04-03\",\"duns\":\"118989042\",\"numberOfEmployees\":{\"@type\":\"QuantitativeValue\",\"minValue\":\"11\",\"maxValue\":\"50\"},\"publishingPrinciples\":\"https:\/\/talkpal.ai\/publishing-principles\/\",\"actionableFeedbackPolicy\":\"https:\/\/talkpal.ai\/actionable-feedback-policy\/\",\"correctionsPolicy\":\"https:\/\/talkpal.ai\/corrections-policy\/\",\"ethicsPolicy\":\"https:\/\/talkpal.ai\/ethics-policy\/\",\"diversityPolicy\":\"https:\/\/talkpal.ai\/diversity-policy\/\",\"diversityStaffingReport\":\"https:\/\/talkpal.ai\/diversity-policy\/\"}]}<\/script>\n<!-- \/ Yoast SEO Premium plugin. -->","yoast_head_json":{"title":"Marat dili qrammatikas\u0131 - Talkpal","description":"Marathi qrammatikas\u0131n\u0131n f\u00fcsunkar d\u00fcnyas\u0131n\u0131 ara\u015fd\u0131r\u0131n v\u0259 dili \u00f6yr\u0259nm\u0259kd\u0259 onun unikal qaydalar\u0131n\u0131, fonetikas\u0131n\u0131 v\u0259 fleksiyalar\u0131n\u0131 k\u0259\u015ff edin.","robots":{"index":"index","follow":"follow","max-snippet":"max-snippet:-1","max-image-preview":"max-image-preview:large","max-video-preview":"max-video-preview:-1"},"canonical":"https:\/\/talkpal.ai\/az\/marat-dili-qrammatikasi\/","og_locale":"az_AZ","og_type":"article","og_title":"Marat dili qrammatikas\u0131","og_description":"Marathi qrammatikas\u0131: onun sirl\u0259rini v\u0259 inc\u0259likl\u0259rini \u00fcz\u0259 \u00e7\u0131xartd\u0131 \u0130ngilis dilinin qrammatikas\u0131n\u0131 \u00f6yr\u0259nm\u0259yin m\u00fcr\u0259kk\u0259b qaydalarla, istisnalarla v\u0259 m\u00fcr\u0259kk\u0259b","og_url":"https:\/\/talkpal.ai\/az\/marat-dili-qrammatikasi\/","og_site_name":"Talkpal","article_publisher":"https:\/\/www.facebook.com\/profile.php?id=100090733639311","article_modified_time":"2025-12-12T10:38:42+00:00","og_image":[{"width":512,"height":512,"url":"https:\/\/talkpal.ai\/wp-content\/uploads\/2023\/05\/Marathi-india.png","type":"image\/png"}],"twitter_card":"summary_large_image","twitter_site":"@talkpalai","twitter_misc":{"Est. reading time":"3 minutes"},"schema":{"@context":"https:\/\/schema.org","@graph":[{"@type":"WebPage","@id":"https:\/\/talkpal.ai\/az\/marat-dili-qrammatikasi\/","url":"https:\/\/talkpal.ai\/az\/marat-dili-qrammatikasi\/","name":"Marat dili qrammatikas\u0131 - Talkpal","isPartOf":{"@id":"https:\/\/talkpal.ai\/az\/#website"},"primaryImageOfPage":{"@id":"https:\/\/talkpal.ai\/az\/marat-dili-qrammatikasi\/#primaryimage"},"image":{"@id":"https:\/\/talkpal.ai\/az\/marat-dili-qrammatikasi\/#primaryimage"},"thumbnailUrl":"https:\/\/talkpal.ai\/wp-content\/uploads\/2023\/05\/Marathi-india.png","datePublished":"2023-05-14T14:12:07+00:00","dateModified":"2025-12-12T10:38:42+00:00","description":"Marathi qrammatikas\u0131n\u0131n f\u00fcsunkar d\u00fcnyas\u0131n\u0131 ara\u015fd\u0131r\u0131n v\u0259 dili \u00f6yr\u0259nm\u0259kd\u0259 onun unikal qaydalar\u0131n\u0131, fonetikas\u0131n\u0131 v\u0259 fleksiyalar\u0131n\u0131 k\u0259\u015ff edin.","breadcrumb":{"@id":"https:\/\/talkpal.ai\/az\/marat-dili-qrammatikasi\/#breadcrumb"},"inLanguage":"az","potentialAction":[{"@type":"ReadAction","target":["https:\/\/talkpal.ai\/az\/marat-dili-qrammatikasi\/"]}]},{"@type":"ImageObject","inLanguage":"az","@id":"https:\/\/talkpal.ai\/az\/marat-dili-qrammatikasi\/#primaryimage","url":"https:\/\/talkpal.ai\/wp-content\/uploads\/2023\/05\/Marathi-india.png","contentUrl":"https:\/\/talkpal.ai\/wp-content\/uploads\/2023\/05\/Marathi-india.png","width":512,"height":512},{"@type":"BreadcrumbList","@id":"https:\/\/talkpal.ai\/az\/marat-dili-qrammatikasi\/#breadcrumb","itemListElement":[{"@type":"ListItem","position":1,"name":"Homepage","item":"https:\/\/talkpal.ai\/az\/"},{"@type":"ListItem","position":2,"name":"Marat dili qrammatikas\u0131"}]},{"@type":"WebSite","@id":"https:\/\/talkpal.ai\/az\/#website","url":"https:\/\/talkpal.ai\/az\/","name":"Talkpal","description":"AI Language Learning","publisher":{"@id":"https:\/\/talkpal.ai\/az\/#organization"},"alternateName":"Talkpal AI","potentialAction":[{"@type":"SearchAction","target":{"@type":"EntryPoint","urlTemplate":"https:\/\/talkpal.ai\/az\/?s={search_term_string}"},"query-input":{"@type":"PropertyValueSpecification","valueRequired":true,"valueName":"search_term_string"}}],"inLanguage":"az"},{"@type":"Organization","@id":"https:\/\/talkpal.ai\/az\/#organization","name":"Talkpal, Inc.","alternateName":"Talkpal AI","url":"https:\/\/talkpal.ai\/az\/","logo":{"@type":"ImageObject","inLanguage":"az","@id":"https:\/\/talkpal.ai\/az\/#\/schema\/logo\/image\/","url":"https:\/\/talkpal.ai\/wp-content\/uploads\/2024\/03\/Talkpal-Logo-Icon.png","contentUrl":"https:\/\/talkpal.ai\/wp-content\/uploads\/2024\/03\/Talkpal-Logo-Icon.png","width":2880,"height":2880,"caption":"Talkpal, Inc."},"image":{"@id":"https:\/\/talkpal.ai\/az\/#\/schema\/logo\/image\/"},"sameAs":["https:\/\/www.facebook.com\/profile.php?id=100090733639311","https:\/\/x.com\/talkpalai","https:\/\/www.linkedin.com\/company\/talkpal\/","https:\/\/www.youtube.com\/@TalkPal\/","https:\/\/www.tiktok.com\/@talkpal","https:\/\/www.instagram.com\/talkpal_ai\/","https:\/\/www.crunchbase.com\/organization\/talkpal-9cde","https:\/\/www.g2.com\/products\/talkpal-for-business\/","https:\/\/www.trustpilot.com\/review\/talkpal.ai","https:\/\/www.capterra.com\/p\/10006800\/TalkPal\/"],"description":"Talkpal is a language learning web and mobile education app, powered by the latest AI technologies, that provides engaging experiences to its customers in many different languages to help them improve their language skills. Users can chat about unlimited amount of topics with the app and use other modes to practice their language learning.","email":"support@talkpal.ai","legalName":"Talkpal, Inc.","foundingDate":"2023-04-03","duns":"118989042","numberOfEmployees":{"@type":"QuantitativeValue","minValue":"11","maxValue":"50"},"publishingPrinciples":"https:\/\/talkpal.ai\/publishing-principles\/","actionableFeedbackPolicy":"https:\/\/talkpal.ai\/actionable-feedback-policy\/","correctionsPolicy":"https:\/\/talkpal.ai\/corrections-policy\/","ethicsPolicy":"https:\/\/talkpal.ai\/ethics-policy\/","diversityPolicy":"https:\/\/talkpal.ai\/diversity-policy\/","diversityStaffingReport":"https:\/\/talkpal.ai\/diversity-policy\/"}]}},"_links":{"self":[{"href":"https:\/\/talkpal.ai\/az\/wp-json\/wp\/v2\/pages\/147469","targetHints":{"allow":["GET"]}}],"collection":[{"href":"https:\/\/talkpal.ai\/az\/wp-json\/wp\/v2\/pages"}],"about":[{"href":"https:\/\/talkpal.ai\/az\/wp-json\/wp\/v2\/types\/page"}],"author":[{"embeddable":true,"href":"https:\/\/talkpal.ai\/az\/wp-json\/wp\/v2\/users\/1"}],"replies":[{"embeddable":true,"href":"https:\/\/talkpal.ai\/az\/wp-json\/wp\/v2\/comments?post=147469"}],"version-history":[{"count":0,"href":"https:\/\/talkpal.ai\/az\/wp-json\/wp\/v2\/pages\/147469\/revisions"}],"wp:featuredmedia":[{"embeddable":true,"href":"https:\/\/talkpal.ai\/az\/wp-json\/wp\/v2\/media\/116370"}],"wp:attachment":[{"href":"https:\/\/talkpal.ai\/az\/wp-json\/wp\/v2\/media?parent=147469"}],"curies":[{"name":"wp","href":"https:\/\/api.w.org\/{rel}","templated":true}]}}