{"id":1474660,"date":"2025-11-11T17:01:24","date_gmt":"2025-11-11T17:01:24","guid":{"rendered":"https:\/\/talkpal.ai\/gurcu-qrammatikasi-m%c9%99sql%c9%99ri\/"},"modified":"2025-12-30T14:56:25","modified_gmt":"2025-12-30T14:56:25","slug":"gurcu-qrammatikasi-m%c9%99sql%c9%99ri","status":"publish","type":"page","link":"https:\/\/talkpal.ai\/az\/gurcu-qrammatikasi-m%c9%99sql%c9%99ri\/","title":{"rendered":"G\u00fcrc\u00fc qrammatikas\u0131 m\u0259\u015fql\u0259ri"},"content":{"rendered":"\r\n\r\n\r\n<section class=\"languageChallengeSection\">\r\n    <div class=\"languageInfoWrapper\">\r\n        \r\n        <h1>G\u00fcrc\u00fc qrammatikas\u0131 m\u0259\u015fql\u0259ri<\/h1>\r\n        <p><a href=\"https:\/\/talkpal.ai\/learn-georgian\/\">G\u00fcrc\u00fc<\/a> qrammatikas\u0131na dalma\u011fa haz\u0131rs\u0131n\u0131z? Bir ne\u00e7\u0259 \u0259saslar\u0131 m\u0259\u015fq etm\u0259k bu unikal v\u0259 g\u00f6z\u0259l dill\u0259 rahat olma\u011fa k\u00f6m\u0259k ed\u0259c\u0259k. G\u00fcv\u0259ninizi art\u0131rmaq v\u0259 yol boyu \u0259yl\u0259nm\u0259k \u00fc\u00e7\u00fcn bu m\u0259\u015fql\u0259ri s\u0131nay\u0131n!<\/p>\r\n\r\n                            <a class=\"getStartedHidden\" href=\"https:\/\/app.talkpal.ai\/signup?lng=\">Ba\u015fla<\/a>\r\n        \r\n    <\/div>\r\n\r\n    <figure>\r\n    <img decoding=\"async\" width=\"768\" height=\"768\" src=\"https:\/\/talkpal.ai\/wp-content\/uploads\/2023\/06\/welsh-768x768.png\" class=\"languageImage no-lazy\" alt=\"Language learning for better cognitive abilities\" fetchpriority=\"high\" sizes=\"(max-width: 768px) 150px, 768px\" srcset=\"https:\/\/talkpal.ai\/wp-content\/uploads\/2023\/06\/welsh-768x768.png 768w, https:\/\/talkpal.ai\/wp-content\/uploads\/2023\/06\/welsh-300x300.png 300w\" \/>\r\n    \r\n\r\n    <\/figure>\r\n\r\n            <a class=\"getStartedVisible\" href=\"https:\/\/app.talkpal.ai\/signup?lng=\">Ba\u015fla<\/a>\r\n    \r\n<\/section><section class=\"promotionalBanner\">\r\n    <p class=\"promotionalText\">Dil \u00f6yr\u0259nm\u0259yin \u0259n t\u0259sirli yolu<\/p>\r\n    <a class=\"promotionalLink\" href=\"https:\/\/app.talkpal.ai\/signup?lng=\">Talkpal pulsuz s\u0131nay\u0131n<\/a>\r\n<\/section>\n<div class=\"wp-block-group pageContainerStyle\"><div class=\"wp-block-group__inner-container is-layout-constrained wp-block-group-is-layout-constrained\">\n<h2 class=\"wp-block-heading\" id=\"h-georgian-grammar-topics\">G\u00fcrc\u00fc qrammatikas\u0131 m\u00f6vzular\u0131<\/h2>\n\n\n\n<p><a href=\"https:\/\/talkpal.ai\/az\/yeni-dil-oyr%c9%99n%c9%99rk%c9%99n-qacmaq-lazim-olan-en-boyuk-s%c9%99hvl%c9%99r\/\">Yeni bir dil \u00f6yr\u0259nm\u0259k<\/a> \u00e7\u0259tin, lakin m\u00fckafatland\u0131r\u0131c\u0131 bir i\u015f ola bil\u0259r. G\u00fcrc\u00fcstanda \u0259sas\u0259n dan\u0131\u015f\u0131lan Kartvel dili olan g\u00fcrc\u00fc dili d\u0259 istisna deyil. Unikal x\u00fcsusiyy\u0259tl\u0259ri v\u0259 qurulu\u015flar\u0131 il\u0259 g\u00fcrc\u00fc <a href=\"https:\/\/talkpal.ai\/az\/t%c9%99hsil-ucun-talkpal\/\">dilini \u00f6yr\u0259nm\u0259k<\/a> , onun m\u00fcr\u0259kk\u0259b qrammatikas\u0131n\u0131 ba\u015fa d\u00fc\u015fm\u0259k \u00fc\u00e7\u00fcn sistematik bir yana\u015fma t\u0259l\u0259b edir. Bu t\u0259limat, <a href=\"https:\/\/talkpal.ai\/az\/gurcu-qrammatikasi\/\">g\u00fcrc\u00fc qrammatikas\u0131n\u0131n<\/a> \u0259sas sah\u0259l\u0259rini dil <a href=\"https:\/\/talkpal.ai\/az\/dil-oyr%c9%99nilm%c9%99si-ucun-ai-chatbot\/\">\u00f6yr\u0259nilm\u0259si<\/a> \u00fc\u00e7\u00fcn m\u0259ntiqi ard\u0131c\u0131ll\u0131qla t\u0259svir edir, isiml\u0259r v\u0259 m\u0259qal\u0259l\u0259r kimi \u0259saslardan ba\u015flayaraq zamanlar v\u0259 c\u00fcml\u0259 qurulu\u015fu kimi daha m\u00fcr\u0259kk\u0259b sah\u0259l\u0259r\u0259 q\u0259d\u0259r ir\u0259lil\u0259yir.<\/p>\n\n\n\n<h3 class=\"wp-block-heading\" id=\"h-1-nouns\">1. Nouns:<\/h3>\n\n\n\n<p>G\u00fcrc\u00fc dili s\u0259yah\u0259tiniz\u0259 isiml\u0259ri \u00f6yr\u0259nm\u0259kl\u0259 ba\u015flay\u0131n. Bu, \u00fcmumi v\u0259 x\u00fcsusi isiml\u0259r, onlar\u0131n c\u0259m formalar\u0131 v\u0259 qrammatik m\u00fcnasib\u0259tl\u0259ri qeyd etm\u0259k \u00fc\u00e7\u00fcn istifad\u0259 olunan hal sistemi kimi isiml\u0259rin m\u00fcxt\u0259lif kateqoriyalar\u0131n\u0131 ba\u015fa d\u00fc\u015fm\u0259yi \u0259hat\u0259 edir.<\/p>\n\n\n\n<h3 class=\"wp-block-heading\" id=\"h-2-articles\">2. M\u0259qal\u0259l\u0259r:<\/h3>\n\n\n\n<p>G\u00fcrc\u00fc dilind\u0259 n\u0259 m\u00fc\u0259yy\u0259n, n\u0259 d\u0259 qeyri-m\u00fc\u0259yy\u0259n m\u0259qal\u0259l\u0259r var. M\u00fc\u0259yy\u0259nliyin v\u0259 qeyri-m\u00fc\u0259yy\u0259nliyin kontekst v\u0259 ya n\u00fcmayi\u015fl\u0259r vasit\u0259sil\u0259 nec\u0259 ifad\u0259 olundu\u011funu anlamaq c\u00fcml\u0259 qurulmas\u0131nda \u00e7ox vacibdir.<\/p>\n\n\n\n<h3 class=\"wp-block-heading\" id=\"h-3-adjectives\">3. Adjectives:<\/h3>\n\n\n\n<p>G\u00fcrc\u00fc dilind\u0259 sif\u0259tl\u0259r ad\u0259t\u0259n isiml\u0259rind\u0259n \u0259vv\u0259l g\u0259lir v\u0259 halda onlarla raz\u0131la\u015f\u0131rlar. Daha \u00e7ox \u00fc\u00e7\u00fcn &#8216;upro&#8217; v\u0259 \u0259ks\u0259riyy\u0259t \u00fc\u00e7\u00fcn &#8216;qvelaze&#8217; kimi s\u00f6zl\u0259rd\u0259n istifad\u0259 ed\u0259r\u0259k m\u00fcqayis\u0259li v\u0259 \u00fcst\u00fcn s\u00f6zl\u0259ri nec\u0259 formala\u015fd\u0131raca\u011f\u0131n\u0131z\u0131 \u00f6yr\u0259nin.<\/p>\n\n\n\n<h3 class=\"wp-block-heading\" id=\"h-4-pronouns-determiners\">4. Pronouns\/Determinl\u0259r:<\/h3>\n\n\n\n<p>\u018fv\u0259zlikl\u0259r v\u0259 determinatorlar g\u00fcrc\u00fc dilind\u0259 vacibdir; Kontekst <a href=\"https:\/\/talkpal.ai\/locations\/learn-english-in-aydin\/\">ayd\u0131n<\/a> olduqda \u0259v\u0259zlikl\u0259r tez-tez at\u0131l\u0131r v\u0259 &#8216;chemi&#8217;, &#8216;sheni&#8217; v\u0259 &#8216;misi&#8217; kimi sahiblik formalar\u0131 isiml\u0259ri d\u0259yi\u015fdirir. &#8216;es&#8217;, &#8216;is&#8217; v\u0259 &#8216;igi&#8217; kimi n\u00fcmayi\u015fl\u0259r, r\u0259q\u0259ml\u0259r v\u0259 k\u0259miyy\u0259tl\u0259r m\u00fc\u0259yy\u0259nl\u0259\u015fdiricil\u0259r kimi f\u0259aliyy\u0259t g\u00f6st\u0259rir.<\/p>\n\n\n\n<h3 class=\"wp-block-heading\" id=\"h-5-verbs\">5. Feill\u0259r:<\/h3>\n\n\n\n<p>G\u00fcrc\u00fc fell\u0259ri morfologiya bax\u0131m\u0131ndan z\u0259ngindir, subyektl\u0259rl\u0259 v\u0259 b\u0259z\u0259n obyektl\u0259rl\u0259 uy\u011funluq g\u00f6st\u0259rir. \u0130ndiki seriyadan ba\u015flay\u0131n, sonra g\u0259l\u0259c\u0259yin preverbl\u0259rl\u0259 nec\u0259 formala\u015fd\u0131\u011f\u0131n\u0131 ara\u015fd\u0131r\u0131n v\u0259 aorist v\u0259 qeyri-m\u00fck\u0259mm\u0259l kimi ke\u00e7mi\u015f formalara ke\u00e7in.<\/p>\n\n\n\n<h3 class=\"wp-block-heading\" id=\"h-6-tenses\">6. G\u0259rginlikl\u0259r:<\/h3>\n\n\n\n<p>\u018fsas fel formalar\u0131n\u0131 m\u0259nims\u0259dikd\u0259n sonra g\u00fcrc\u00fc zaman\u0131na v\u0259 aspektin\u0259 daha d\u0259rind\u0259n bax\u0131n. \u0130ndiki zaman\u0131n \u00fc\u00e7 \u0259sas seriyada nec\u0259 ifad\u0259 olundu\u011funu v\u0259 f\u0259rqli kontekstl\u0259rd\u0259 qeyri-m\u00fck\u0259mm\u0259l, aorist v\u0259 m\u00fck\u0259mm\u0259l formalardan n\u0259 vaxt istifad\u0259 ed\u0259c\u0259yinizi \u00f6yr\u0259nin.<\/p>\n\n\n\n<h3 class=\"wp-block-heading\" id=\"h-7-tense-comparison\">7. G\u0259rgin m\u00fcqayis\u0259:<\/h3>\n\n\n\n<p>Seriallar aras\u0131nda formalar\u0131 m\u00fcqayis\u0259 etm\u0259k zaman\u0131, aspekti v\u0259 uy\u011funlu\u011fu anlama\u011fa k\u00f6m\u0259k edir. M\u00fcxt\u0259lif screeves-d\u0259 eyni fel\u0259 baxmaq, hadis\u0259l\u0259rin ard\u0131c\u0131ll\u0131\u011f\u0131n\u0131 v\u0259 hal i\u015far\u0259l\u0259m\u0259si n\u00fcmun\u0259l\u0259rini ayd\u0131nla\u015fd\u0131r\u0131r.<\/p>\n\n\n\n<h3 class=\"wp-block-heading\" id=\"h-8-progressive\">8. M\u00fct\u0259r\u0259qqi:<\/h3>\n\n\n\n<p>G\u00fcrc\u00fcstanda he\u00e7 bir m\u00fct\u0259r\u0259qqi g\u0259rginlik yoxdur. Davam ed\u0259n h\u0259r\u0259k\u0259tl\u0259r indiki v\u0259 ya qeyri-m\u00fck\u0259mm\u0259l il\u0259 ifad\u0259 olunur, tez-tez indi v\u0259 ya kontekst \u00fc\u00e7\u00fcn &#8216;akhla&#8217; kimi zaman ifad\u0259l\u0259ri il\u0259 d\u0259st\u0259kl\u0259nir.<\/p>\n\n\n\n<h3 class=\"wp-block-heading\" id=\"h-9-perfect-progressive\">9. M\u00fck\u0259mm\u0259l T\u0259r\u0259qqi:<\/h3>\n\n\n\n<p>M\u00fck\u0259mm\u0259l m\u00fct\u0259r\u0259qqi he\u00e7 bir \u015fey yoxdur. Bir n\u00f6qt\u0259y\u0259 q\u0259d\u0259r davam ed\u0259n h\u0259r\u0259k\u0259tl\u0259r, n\u0259tic\u0259 m\u0259nas\u0131 \u00fc\u00e7\u00fcn m\u00fck\u0259mm\u0259l seriya vasit\u0259sil\u0259 v\u0259 ya qeyri-m\u00fck\u0259mm\u0259l art\u0131 kontekstli i\u015far\u0259l\u0259rl\u0259 \u00f6t\u00fcr\u00fcl\u00fcr.<\/p>\n\n\n\n<h3 class=\"wp-block-heading\" id=\"h-10-conditionals\">10. \u015e\u0259rti olaraq:<\/h3>\n\n\n\n<p>\u015e\u0259rti v\u0259ziyy\u0259tl\u0259r hipotetik v\u0259ziyy\u0259tl\u0259ri v\u0259 onlar\u0131n m\u00fcmk\u00fcn n\u0259tic\u0259l\u0259rini ifad\u0259 edir. G\u00fcrc\u00fc dilind\u0259, \u00fcmumiyy\u0259tl\u0259 subjunctive v\u0259 optativ formalarla formala\u015f\u0131rlar, tez-tez &#8216;tu&#8217; m\u0259nas\u0131 il\u0259 t\u0259qdim olunur v\u0259 &#8216;sheidzleba&#8217; kimi modal ifad\u0259l\u0259rd\u0259n istifad\u0259 ed\u0259 bil\u0259rs\u0259.<\/p>\n\n\n\n<h3 class=\"wp-block-heading\" id=\"h-11-adverbs\">11. Adverbl\u0259r:<\/h3>\n\n\n\n<p>G\u00fcrc\u00fc dilind\u0259 z\u0259rfl\u0259r fell\u0259ri, sif\u0259tl\u0259ri v\u0259 ya dig\u0259r z\u0259rfl\u0259ri d\u0259yi\u015fdirir. Bir \u00e7ox formada z\u0259rfl\u0259r &#8216;-ad&#8217; s\u00f6z\u00fc il\u0259 \u0259m\u0259l\u0259 g\u0259lir v\u0259 \u00fcmumi d\u0259r\u0259c\u0259li s\u00f6zl\u0259r\u0259 very \u00fc\u00e7\u00fcn &#8216;dzalian&#8217; v\u0259 daha \u00e7ox \u00fc\u00e7\u00fcn &#8216;upro&#8217; daxildir.<\/p>\n\n\n\n<h3 class=\"wp-block-heading\" id=\"h-12-prepositions\">12. Prepozisiyalar:<\/h3>\n\n\n\n<p>G\u00fcrc\u00fc \u00f6n s\u00f6zl\u0259r \u0259v\u0259zin\u0259 postpostasiyalardan istifad\u0259 edir. Bunlar ismi izl\u0259yir v\u0259 spesifik hallarla qar\u015f\u0131l\u0131ql\u0131 \u0259laq\u0259d\u0259 olur v\u0259 bir \u00e7ox \u0259laq\u0259li m\u0259nalar birba\u015fa hal sonluqlar\u0131 il\u0259 ifad\u0259 olunur.<\/p>\n\n\n\n<h3 class=\"wp-block-heading\" id=\"h-13-sentences\">13. C\u00fcml\u0259l\u0259r:<\/h3>\n\n\n\n<p>Sonda c\u00fcml\u0259l\u0259rin d\u00fcz\u0259ldili\u015fl\u0259rini m\u0259\u015fq etdir. Bu, \u0259vv\u0259ll\u0259r \u00f6yr\u0259nilmi\u015f b\u00fct\u00fcn qrammatika n\u00f6qt\u0259l\u0259rinin kontekstd\u0259 istifad\u0259sini, SOV meyli il\u0259 \u00e7evik s\u00f6z s\u0131ras\u0131n\u0131 idar\u0259 etm\u0259yi, hal i\u015far\u0259l\u0259m\u0259sini v\u0259 m\u00fcvafiq fel formalar\u0131n\u0131 \u0259hat\u0259 ed\u0259c\u0259kdir.<\/p>\n<\/div><\/div>\n\r\n<section class=\"learnNavigationSection\">\r\n            \r\n        <a href=\"https:\/\/talkpal.ai\/az\/uels-dilini-oyr%c9%99nin\/\">\r\n            <div class=\"learnNavigationWrapper\">\r\n                <div class=\"learnNavigationContent\">\r\n                    <img decoding=\"async\" src=\"https:\/\/talkpal.ai\/wp-content\/uploads\/2025\/11\/Georgian.png\" alt=\"Georgian Flag\">\r\n                    <div>\r\n                        <h4>G\u00fcrc\u00fc t\u0259hsili haqq\u0131nda<\/h4>\r\n                        <p>G\u00fcrc\u00fc qrammatikas\u0131 haqq\u0131nda h\u0259r \u015feyi \u00f6yr\u0259nin.<\/p>\r\n                    <\/div>\r\n                <\/div>\r\n            <\/div>\r\n        <\/a>\r\n\r\n        \r\n        <a href=\"https:\/\/talkpal.ai\/az\/uels-qrammatikasi\/\">\r\n            <div class=\"learnNavigationWrapper\">\r\n                <div class=\"learnNavigationContent\">\r\n                    <img decoding=\"async\" src=\"https:\/\/talkpal.ai\/wp-content\/uploads\/2025\/11\/Georgian.png\" alt=\"Georgian Flag\">\r\n                    <div>\r\n                        <h4>G\u00fcrc\u00fc qrammatikas\u0131n\u0131n d\u0259rsl\u0259ri<\/h4>\r\n                        <p>G\u00fcrc\u00fc qrammatikas\u0131n\u0131 t\u0259tbiq edin.<\/p>\r\n                    <\/div>\r\n                <\/div>\r\n            <\/div>\r\n        <\/a>\r\n\r\n            <\/section>","protected":false},"excerpt":{"rendered":"<p>G\u00fcrc\u00fc qrammatikas\u0131 m\u00f6vzular\u0131 Yeni bir dil \u00f6yr\u0259nm\u0259k \u00e7\u0259tin, lakin m\u00fckafatland\u0131r\u0131c\u0131 bir i\u015f ola bil\u0259r. G\u00fcrc\u00fcstanda \u0259sas\u0259n dan\u0131\u015f\u0131lan Kartvel dili olan g\u00fcrc\u00fc dili d\u0259 istisna deyil. Unikal x\u00fcsusiyy\u0259tl\u0259ri v\u0259 qurulu\u015flar\u0131 il\u0259 g\u00fcrc\u00fc dilini \u00f6yr\u0259nm\u0259k , onun m\u00fcr\u0259kk\u0259b qrammatikas\u0131n\u0131 ba\u015fa d\u00fc\u015fm\u0259k \u00fc\u00e7\u00fcn sistematik bir yana\u015fma t\u0259l\u0259b edir. Bu t\u0259limat, g\u00fcrc\u00fc qrammatikas\u0131n\u0131n \u0259sas sah\u0259l\u0259rini dil \u00f6yr\u0259nilm\u0259si \u00fc\u00e7\u00fcn m\u0259ntiqi [&hellip;]<\/p>\n","protected":false},"author":20,"featured_media":0,"parent":0,"menu_order":0,"comment_status":"closed","ping_status":"closed","template":"LearningContentPage.php","meta":{"_acf_changed":false,"footnotes":""},"class_list":["post-1474660","page","type-page","status-publish","hentry"],"acf":[],"yoast_head":"<!-- This site is optimized with the Yoast SEO Premium plugin v27.2 (Yoast SEO v27.2) - https:\/\/yoast.com\/product\/yoast-seo-premium-wordpress\/ -->\n<title>G\u00fcrc\u00fc qrammatikas\u0131 m\u0259\u015fql\u0259ri - Talkpal<\/title>\n<meta name=\"description\" content=\"Dild\u0259 s\u0259lis dan\u0131\u015f\u0131q v\u0259 \u00f6z\u00fcn\u0259inam yaratma\u011f\u0131n\u0131za k\u00f6m\u0259k etm\u0259k \u00fc\u00e7\u00fcn haz\u0131rlanm\u0131\u015f interaktiv m\u0259\u015fql\u0259rl\u0259 g\u00fcrc\u00fc qrammatikas\u0131na yiy\u0259l\u0259nin.\" \/>\n<meta name=\"robots\" content=\"index, follow, max-snippet:-1, max-image-preview:large, max-video-preview:-1\" \/>\n<link rel=\"canonical\" href=\"https:\/\/talkpal.ai\/az\/gurcu-qrammatikasi-m%c9%99sql%c9%99ri\/\" \/>\n<meta property=\"og:locale\" content=\"az_AZ\" \/>\n<meta property=\"og:type\" content=\"article\" \/>\n<meta property=\"og:title\" content=\"G\u00fcrc\u00fc qrammatikas\u0131 m\u0259\u015fql\u0259ri\" \/>\n<meta property=\"og:description\" content=\"G\u00fcrc\u00fc qrammatikas\u0131 m\u00f6vzular\u0131 Yeni bir dil \u00f6yr\u0259nm\u0259k \u00e7\u0259tin, lakin m\u00fckafatland\u0131r\u0131c\u0131 bir i\u015f ola bil\u0259r. G\u00fcrc\u00fcstanda \u0259sas\u0259n dan\u0131\u015f\u0131lan Kartvel dili olan g\u00fcrc\u00fc\" \/>\n<meta property=\"og:url\" content=\"https:\/\/talkpal.ai\/az\/gurcu-qrammatikasi-m%c9%99sql%c9%99ri\/\" \/>\n<meta property=\"og:site_name\" content=\"Talkpal\" \/>\n<meta property=\"article:publisher\" content=\"https:\/\/www.facebook.com\/profile.php?id=100090733639311\" \/>\n<meta property=\"article:modified_time\" content=\"2025-12-30T14:56:25+00:00\" \/>\n<meta property=\"og:image\" content=\"https:\/\/talkpal.ai\/wp-content\/uploads\/2025\/02\/Progress-tab-16_9.png\" \/>\n\t<meta property=\"og:image:width\" content=\"2880\" \/>\n\t<meta property=\"og:image:height\" content=\"1620\" \/>\n\t<meta property=\"og:image:type\" content=\"image\/png\" \/>\n<meta name=\"twitter:card\" content=\"summary_large_image\" \/>\n<meta name=\"twitter:site\" content=\"@talkpalai\" \/>\n<meta name=\"twitter:label1\" content=\"Est. reading time\" \/>\n\t<meta name=\"twitter:data1\" content=\"4 minutes\" \/>\n<script type=\"application\/ld+json\" class=\"yoast-schema-graph\">{\"@context\":\"https:\/\/schema.org\",\"@graph\":[{\"@type\":\"WebPage\",\"@id\":\"https:\/\/talkpal.ai\/az\/gurcu-qrammatikasi-m%c9%99sql%c9%99ri\/\",\"url\":\"https:\/\/talkpal.ai\/az\/gurcu-qrammatikasi-m%c9%99sql%c9%99ri\/\",\"name\":\"G\u00fcrc\u00fc qrammatikas\u0131 m\u0259\u015fql\u0259ri - Talkpal\",\"isPartOf\":{\"@id\":\"https:\/\/talkpal.ai\/az\/#website\"},\"datePublished\":\"2025-11-11T17:01:24+00:00\",\"dateModified\":\"2025-12-30T14:56:25+00:00\",\"description\":\"Dild\u0259 s\u0259lis dan\u0131\u015f\u0131q v\u0259 \u00f6z\u00fcn\u0259inam yaratma\u011f\u0131n\u0131za k\u00f6m\u0259k etm\u0259k \u00fc\u00e7\u00fcn haz\u0131rlanm\u0131\u015f interaktiv m\u0259\u015fql\u0259rl\u0259 g\u00fcrc\u00fc qrammatikas\u0131na yiy\u0259l\u0259nin.\",\"breadcrumb\":{\"@id\":\"https:\/\/talkpal.ai\/az\/gurcu-qrammatikasi-m%c9%99sql%c9%99ri\/#breadcrumb\"},\"inLanguage\":\"az\",\"potentialAction\":[{\"@type\":\"ReadAction\",\"target\":[\"https:\/\/talkpal.ai\/az\/gurcu-qrammatikasi-m%c9%99sql%c9%99ri\/\"]}]},{\"@type\":\"BreadcrumbList\",\"@id\":\"https:\/\/talkpal.ai\/az\/gurcu-qrammatikasi-m%c9%99sql%c9%99ri\/#breadcrumb\",\"itemListElement\":[{\"@type\":\"ListItem\",\"position\":1,\"name\":\"Homepage\",\"item\":\"https:\/\/talkpal.ai\/az\/\"},{\"@type\":\"ListItem\",\"position\":2,\"name\":\"G\u00fcrc\u00fc qrammatikas\u0131 m\u0259\u015fql\u0259ri\"}]},{\"@type\":\"WebSite\",\"@id\":\"https:\/\/talkpal.ai\/az\/#website\",\"url\":\"https:\/\/talkpal.ai\/az\/\",\"name\":\"Talkpal\",\"description\":\"AI Language Learning\",\"publisher\":{\"@id\":\"https:\/\/talkpal.ai\/az\/#organization\"},\"alternateName\":\"Talkpal AI\",\"potentialAction\":[{\"@type\":\"SearchAction\",\"target\":{\"@type\":\"EntryPoint\",\"urlTemplate\":\"https:\/\/talkpal.ai\/az\/?s={search_term_string}\"},\"query-input\":{\"@type\":\"PropertyValueSpecification\",\"valueRequired\":true,\"valueName\":\"search_term_string\"}}],\"inLanguage\":\"az\"},{\"@type\":\"Organization\",\"@id\":\"https:\/\/talkpal.ai\/az\/#organization\",\"name\":\"Talkpal, Inc.\",\"alternateName\":\"Talkpal AI\",\"url\":\"https:\/\/talkpal.ai\/az\/\",\"logo\":{\"@type\":\"ImageObject\",\"inLanguage\":\"az\",\"@id\":\"https:\/\/talkpal.ai\/az\/#\/schema\/logo\/image\/\",\"url\":\"https:\/\/talkpal.ai\/wp-content\/uploads\/2024\/03\/Talkpal-Logo-Icon.png\",\"contentUrl\":\"https:\/\/talkpal.ai\/wp-content\/uploads\/2024\/03\/Talkpal-Logo-Icon.png\",\"width\":2880,\"height\":2880,\"caption\":\"Talkpal, Inc.\"},\"image\":{\"@id\":\"https:\/\/talkpal.ai\/az\/#\/schema\/logo\/image\/\"},\"sameAs\":[\"https:\/\/www.facebook.com\/profile.php?id=100090733639311\",\"https:\/\/x.com\/talkpalai\",\"https:\/\/www.linkedin.com\/company\/talkpal\/\",\"https:\/\/www.youtube.com\/@TalkPal\/\",\"https:\/\/www.tiktok.com\/@talkpal\",\"https:\/\/www.instagram.com\/talkpal_ai\/\",\"https:\/\/www.crunchbase.com\/organization\/talkpal-9cde\",\"https:\/\/www.g2.com\/products\/talkpal-for-business\/\",\"https:\/\/www.trustpilot.com\/review\/talkpal.ai\",\"https:\/\/www.capterra.com\/p\/10006800\/TalkPal\/\"],\"description\":\"Talkpal is a language learning web and mobile education app, powered by the latest AI technologies, that provides engaging experiences to its customers in many different languages to help them improve their language skills. Users can chat about unlimited amount of topics with the app and use other modes to practice their language learning.\",\"email\":\"support@talkpal.ai\",\"legalName\":\"Talkpal, Inc.\",\"foundingDate\":\"2023-04-03\",\"duns\":\"118989042\",\"numberOfEmployees\":{\"@type\":\"QuantitativeValue\",\"minValue\":\"11\",\"maxValue\":\"50\"},\"publishingPrinciples\":\"https:\/\/talkpal.ai\/publishing-principles\/\",\"actionableFeedbackPolicy\":\"https:\/\/talkpal.ai\/actionable-feedback-policy\/\",\"correctionsPolicy\":\"https:\/\/talkpal.ai\/corrections-policy\/\",\"ethicsPolicy\":\"https:\/\/talkpal.ai\/ethics-policy\/\",\"diversityPolicy\":\"https:\/\/talkpal.ai\/diversity-policy\/\",\"diversityStaffingReport\":\"https:\/\/talkpal.ai\/diversity-policy\/\"}]}<\/script>\n<!-- \/ Yoast SEO Premium plugin. -->","yoast_head_json":{"title":"G\u00fcrc\u00fc qrammatikas\u0131 m\u0259\u015fql\u0259ri - Talkpal","description":"Dild\u0259 s\u0259lis dan\u0131\u015f\u0131q v\u0259 \u00f6z\u00fcn\u0259inam yaratma\u011f\u0131n\u0131za k\u00f6m\u0259k etm\u0259k \u00fc\u00e7\u00fcn haz\u0131rlanm\u0131\u015f interaktiv m\u0259\u015fql\u0259rl\u0259 g\u00fcrc\u00fc qrammatikas\u0131na yiy\u0259l\u0259nin.","robots":{"index":"index","follow":"follow","max-snippet":"max-snippet:-1","max-image-preview":"max-image-preview:large","max-video-preview":"max-video-preview:-1"},"canonical":"https:\/\/talkpal.ai\/az\/gurcu-qrammatikasi-m%c9%99sql%c9%99ri\/","og_locale":"az_AZ","og_type":"article","og_title":"G\u00fcrc\u00fc qrammatikas\u0131 m\u0259\u015fql\u0259ri","og_description":"G\u00fcrc\u00fc qrammatikas\u0131 m\u00f6vzular\u0131 Yeni bir dil \u00f6yr\u0259nm\u0259k \u00e7\u0259tin, lakin m\u00fckafatland\u0131r\u0131c\u0131 bir i\u015f ola bil\u0259r. G\u00fcrc\u00fcstanda \u0259sas\u0259n dan\u0131\u015f\u0131lan Kartvel dili olan g\u00fcrc\u00fc","og_url":"https:\/\/talkpal.ai\/az\/gurcu-qrammatikasi-m%c9%99sql%c9%99ri\/","og_site_name":"Talkpal","article_publisher":"https:\/\/www.facebook.com\/profile.php?id=100090733639311","article_modified_time":"2025-12-30T14:56:25+00:00","og_image":[{"width":2880,"height":1620,"url":"https:\/\/talkpal.ai\/wp-content\/uploads\/2025\/02\/Progress-tab-16_9.png","type":"image\/png"}],"twitter_card":"summary_large_image","twitter_site":"@talkpalai","twitter_misc":{"Est. reading time":"4 minutes"},"schema":{"@context":"https:\/\/schema.org","@graph":[{"@type":"WebPage","@id":"https:\/\/talkpal.ai\/az\/gurcu-qrammatikasi-m%c9%99sql%c9%99ri\/","url":"https:\/\/talkpal.ai\/az\/gurcu-qrammatikasi-m%c9%99sql%c9%99ri\/","name":"G\u00fcrc\u00fc qrammatikas\u0131 m\u0259\u015fql\u0259ri - Talkpal","isPartOf":{"@id":"https:\/\/talkpal.ai\/az\/#website"},"datePublished":"2025-11-11T17:01:24+00:00","dateModified":"2025-12-30T14:56:25+00:00","description":"Dild\u0259 s\u0259lis dan\u0131\u015f\u0131q v\u0259 \u00f6z\u00fcn\u0259inam yaratma\u011f\u0131n\u0131za k\u00f6m\u0259k etm\u0259k \u00fc\u00e7\u00fcn haz\u0131rlanm\u0131\u015f interaktiv m\u0259\u015fql\u0259rl\u0259 g\u00fcrc\u00fc qrammatikas\u0131na yiy\u0259l\u0259nin.","breadcrumb":{"@id":"https:\/\/talkpal.ai\/az\/gurcu-qrammatikasi-m%c9%99sql%c9%99ri\/#breadcrumb"},"inLanguage":"az","potentialAction":[{"@type":"ReadAction","target":["https:\/\/talkpal.ai\/az\/gurcu-qrammatikasi-m%c9%99sql%c9%99ri\/"]}]},{"@type":"BreadcrumbList","@id":"https:\/\/talkpal.ai\/az\/gurcu-qrammatikasi-m%c9%99sql%c9%99ri\/#breadcrumb","itemListElement":[{"@type":"ListItem","position":1,"name":"Homepage","item":"https:\/\/talkpal.ai\/az\/"},{"@type":"ListItem","position":2,"name":"G\u00fcrc\u00fc qrammatikas\u0131 m\u0259\u015fql\u0259ri"}]},{"@type":"WebSite","@id":"https:\/\/talkpal.ai\/az\/#website","url":"https:\/\/talkpal.ai\/az\/","name":"Talkpal","description":"AI Language Learning","publisher":{"@id":"https:\/\/talkpal.ai\/az\/#organization"},"alternateName":"Talkpal AI","potentialAction":[{"@type":"SearchAction","target":{"@type":"EntryPoint","urlTemplate":"https:\/\/talkpal.ai\/az\/?s={search_term_string}"},"query-input":{"@type":"PropertyValueSpecification","valueRequired":true,"valueName":"search_term_string"}}],"inLanguage":"az"},{"@type":"Organization","@id":"https:\/\/talkpal.ai\/az\/#organization","name":"Talkpal, Inc.","alternateName":"Talkpal AI","url":"https:\/\/talkpal.ai\/az\/","logo":{"@type":"ImageObject","inLanguage":"az","@id":"https:\/\/talkpal.ai\/az\/#\/schema\/logo\/image\/","url":"https:\/\/talkpal.ai\/wp-content\/uploads\/2024\/03\/Talkpal-Logo-Icon.png","contentUrl":"https:\/\/talkpal.ai\/wp-content\/uploads\/2024\/03\/Talkpal-Logo-Icon.png","width":2880,"height":2880,"caption":"Talkpal, Inc."},"image":{"@id":"https:\/\/talkpal.ai\/az\/#\/schema\/logo\/image\/"},"sameAs":["https:\/\/www.facebook.com\/profile.php?id=100090733639311","https:\/\/x.com\/talkpalai","https:\/\/www.linkedin.com\/company\/talkpal\/","https:\/\/www.youtube.com\/@TalkPal\/","https:\/\/www.tiktok.com\/@talkpal","https:\/\/www.instagram.com\/talkpal_ai\/","https:\/\/www.crunchbase.com\/organization\/talkpal-9cde","https:\/\/www.g2.com\/products\/talkpal-for-business\/","https:\/\/www.trustpilot.com\/review\/talkpal.ai","https:\/\/www.capterra.com\/p\/10006800\/TalkPal\/"],"description":"Talkpal is a language learning web and mobile education app, powered by the latest AI technologies, that provides engaging experiences to its customers in many different languages to help them improve their language skills. Users can chat about unlimited amount of topics with the app and use other modes to practice their language learning.","email":"support@talkpal.ai","legalName":"Talkpal, Inc.","foundingDate":"2023-04-03","duns":"118989042","numberOfEmployees":{"@type":"QuantitativeValue","minValue":"11","maxValue":"50"},"publishingPrinciples":"https:\/\/talkpal.ai\/publishing-principles\/","actionableFeedbackPolicy":"https:\/\/talkpal.ai\/actionable-feedback-policy\/","correctionsPolicy":"https:\/\/talkpal.ai\/corrections-policy\/","ethicsPolicy":"https:\/\/talkpal.ai\/ethics-policy\/","diversityPolicy":"https:\/\/talkpal.ai\/diversity-policy\/","diversityStaffingReport":"https:\/\/talkpal.ai\/diversity-policy\/"}]}},"_links":{"self":[{"href":"https:\/\/talkpal.ai\/az\/wp-json\/wp\/v2\/pages\/1474660","targetHints":{"allow":["GET"]}}],"collection":[{"href":"https:\/\/talkpal.ai\/az\/wp-json\/wp\/v2\/pages"}],"about":[{"href":"https:\/\/talkpal.ai\/az\/wp-json\/wp\/v2\/types\/page"}],"author":[{"embeddable":true,"href":"https:\/\/talkpal.ai\/az\/wp-json\/wp\/v2\/users\/20"}],"replies":[{"embeddable":true,"href":"https:\/\/talkpal.ai\/az\/wp-json\/wp\/v2\/comments?post=1474660"}],"version-history":[{"count":0,"href":"https:\/\/talkpal.ai\/az\/wp-json\/wp\/v2\/pages\/1474660\/revisions"}],"wp:attachment":[{"href":"https:\/\/talkpal.ai\/az\/wp-json\/wp\/v2\/media?parent=1474660"}],"curies":[{"name":"wp","href":"https:\/\/api.w.org\/{rel}","templated":true}]}}