{"id":1474566,"date":"2025-11-11T15:54:57","date_gmt":"2025-11-11T15:54:57","guid":{"rendered":"https:\/\/talkpal.ai\/benqal-qrammatikasi\/"},"modified":"2025-12-30T15:14:59","modified_gmt":"2025-12-30T15:14:59","slug":"benqal-qrammatikasi","status":"publish","type":"page","link":"https:\/\/talkpal.ai\/az\/benqal-qrammatikasi\/","title":{"rendered":"Benqal qrammatikas\u0131"},"content":{"rendered":"\r\n\r\n\r\n<section class=\"languageChallengeSection\">\r\n    <div class=\"languageInfoWrapper\">\r\n        \r\n        <h1>Benqal qrammatikas\u0131<\/h1>\r\n        <p><a href=\"https:\/\/talkpal.ai\/bengali-grammar\/\">Benqal qrammatikas\u0131<\/a> ilk bax\u0131\u015fda \u00e7\u0259tin g\u00f6r\u00fcn\u0259 bil\u0259r, lakin onun unikal x\u00fcsusiyy\u0259tl\u0259ri dili \u00f6yr\u0259nm\u0259yi faydal\u0131 bir t\u0259cr\u00fcb\u0259 hal\u0131na g\u0259tirir. Onun \u0259lifbas\u0131n\u0131, mutasiyalar\u0131n\u0131 v\u0259 qrammatik qaydalar\u0131n\u0131 t\u0259dqiq etm\u0259kl\u0259 siz z\u0259ngin dil \u0259n\u0259n\u0259si haqq\u0131nda fikir \u0259ld\u0259 ed\u0259c\u0259ksiniz. S\u0259yah\u0259t\u0259 ba\u015flay\u0131n v\u0259 Benqal dilinin g\u00f6z\u0259lliyini k\u0259\u015ff edin!<\/p>\r\n\r\n                            <a class=\"getStartedHidden\" href=\"https:\/\/app.talkpal.ai\/signup?lng=\">Ba\u015fla<\/a>\r\n        \r\n    <\/div>\r\n\r\n    <figure>\r\n    <img decoding=\"async\" width=\"768\" height=\"768\" src=\"https:\/\/talkpal.ai\/wp-content\/uploads\/2023\/06\/welsh-768x768.png\" class=\"languageImage no-lazy\" alt=\"Language learning for better cognitive abilities\" fetchpriority=\"high\" sizes=\"(max-width: 768px) 150px, 768px\" srcset=\"https:\/\/talkpal.ai\/wp-content\/uploads\/2023\/06\/welsh-768x768.png 768w, https:\/\/talkpal.ai\/wp-content\/uploads\/2023\/06\/welsh-300x300.png 300w\" \/>\r\n    \r\n\r\n    <\/figure>\r\n\r\n            <a class=\"getStartedVisible\" href=\"https:\/\/app.talkpal.ai\/signup?lng=\">Ba\u015fla<\/a>\r\n    \r\n<\/section><section class=\"promotionalBanner\">\r\n    <p class=\"promotionalText\">Dil \u00f6yr\u0259nm\u0259yin \u0259n t\u0259sirli yolu<\/p>\r\n    <a class=\"promotionalLink\" href=\"https:\/\/app.talkpal.ai\/signup?lng=\">Talkpal pulsuz s\u0131nay\u0131n<\/a>\r\n<\/section>\n<div class=\"wp-block-group pageContainerStyle\"><div class=\"wp-block-group__inner-container is-layout-constrained wp-block-group-is-layout-constrained\">\n<h2 class=\"wp-block-heading\" id=\"h-navigating-the-intricacies-of-bengali-grammar\">Benqal qrammatikas\u0131n\u0131n inc\u0259likl\u0259ri<\/h2>\n\n\n\n<p>Z\u0259ngin tarix\u0259 v\u0259 m\u0259d\u0259ni \u0259h\u0259miyy\u0259t\u0259 malik bir Hind-Aryan dili olan <a href=\"https:\/\/talkpal.ai\/az\/benqal-dilini-oyr%c9%99nin\/\">Benqal<\/a>, unikal <a href=\"https:\/\/talkpal.ai\/grammar\/\">qrammatika<\/a> sistemini ara\u015fd\u0131rmaq ist\u0259y\u0259nl\u0259r \u00fc\u00e7\u00fcn h\u0259y\u0259can verici bir linqvistik t\u0259cr\u00fcb\u0259 t\u0259qdim edir. Benqal al\u0259min\u0259 gir\u0259rk\u0259n yaln\u0131z linqvistik repertuar\u0131n\u0131z\u0131 z\u0259nginl\u0259\u015fdirm\u0259kl\u0259 yana\u015f\u0131, h\u0259m d\u0259 maraql\u0131 bir m\u0259d\u0259ni s\u0259yah\u0259ti qucaqlayacaqs\u0131n\u0131z. Benqal qrammatikas\u0131 \u0259vv\u0259lc\u0259 m\u00fcr\u0259kk\u0259b g\u00f6r\u00fcns\u0259 d\u0259, onu \u0259sas komponentl\u0259r\u0259 b\u00f6lm\u0259k dili \u00f6yr\u0259nm\u0259yi daha \u0259l\u00e7atan edir. Bu yaz\u0131da Benqal qrammatikas\u0131n\u0131n cazib\u0259dar d\u00fcnyas\u0131n\u0131 ara\u015fd\u0131raca\u011f\u0131q v\u0259 m\u00fcr\u0259kk\u0259blikl\u0259rini nec\u0259 m\u0259nims\u0259m\u0259k bar\u0259d\u0259 m\u0259sl\u0259h\u0259tl\u0259r ver\u0259c\u0259yik.<\/p>\n\n\n\n<h3 class=\"wp-block-heading\" id=\"h-1-bengali-alphabet-and-phonetics\">1. Benqal \u018flifbas\u0131 v\u0259 Fonetikas\u0131<\/h3>\n\n\n\n<p>Benqal yaz\u0131s\u0131, chandrabindu, visarga v\u0259 anusvara kimi i\u015far\u0259l\u0259rl\u0259 yana\u015f\u0131 11 sait v\u0259 39 samitd\u0259n ibar\u0259t bir abugidadan istifad\u0259 edir. Benqal qrammatikas\u0131n\u0131 <a href=\"https:\/\/talkpal.ai\/az\/oyr%c9%99nm%c9%99k\/\">\u00f6yr\u0259nm\u0259k<\/a> \u00fc\u00e7\u00fcn Benqal dilind\u0259 oxumaq v\u0259 yazmaq t\u0259cr\u00fcb\u0259si il\u0259 bu f\u0259rqli yaz\u0131 sistemi il\u0259 tan\u0131\u015f olmaq vacibdir. \u018fsas fonetik x\u00fcsusiyy\u0259tl\u0259r\u0259 xas sait, di\u015f v\u0259 retroflex s\u0259sl\u0259r aras\u0131ndak\u0131 kontrastlar v\u0259 aspirasiya edilm\u0259mi\u015f samitl\u0259r daxildir.<\/p>\n\n\n\n<h3 class=\"wp-block-heading\" id=\"h-2-sandhi-and-conjuncts-a-distinctive-bengali-feature\">2. Sandhi v\u0259 Conjuncts: F\u0259rqli Benqal X\u00fcsusiyy\u0259ti<\/h3>\n\n\n\n<p>Benqal dilinin \u0259n t\u0259\u0259cc\u00fcbl\u00fc c\u0259h\u0259tl\u0259rind\u0259n biri, morfem v\u0259 s\u00f6z s\u0259rh\u0259dl\u0259rind\u0259 t\u0259l\u0259ff\u00fcz\u00fc v\u0259 yaz\u0131l\u0131\u015f\u0131 d\u0259yi\u015fdir\u0259 bil\u0259n sandhi v\u0259 samit konjonklar\u0131n\u0131n yay\u0131lmas\u0131d\u0131r. \u00dcmumi n\u00fcmun\u0259l\u0259r\u0259 saitl\u0259rin azald\u0131lmas\u0131 v\u0259 ya silinm\u0259si, assimilyasiya, nazalizasiya v\u0259 yaz\u0131l\u0131 olaraq ligaturlar\u0131n \u0259m\u0259l\u0259 g\u0259lm\u0259si daxildir. Bu d\u0259yi\u015fiklikl\u0259rin n\u0259 vaxt v\u0259 nec\u0259 ba\u015f verdiyini anlamaq Benqal dilind\u0259 d\u0259qiq \u00fcnsiyy\u0259t \u00fc\u00e7\u00fcn vacibdir.<\/p>\n\n\n\n<h3 class=\"wp-block-heading\" id=\"h-3-nouns-and-pronouns-classifiers-and-cases\">3. \u0130siml\u0259r v\u0259 \u0259v\u0259zlikl\u0259r: T\u0259snifatlar v\u0259 Hallar<\/h3>\n\n\n\n<p>Benqal isiml\u0259rinin qrammatik cinsi yoxdur v\u0259 c\u0259m i\u015far\u0259si tez-tez klassifikatorlar\u0131 \u0259hat\u0259 edir. Case markerl\u0259ri sonfiks kimi \u0259lav\u0259 olunur, m\u0259s\u0259l\u0259n, genitive -r v\u0259 ya -er, obyektiv -ke v\u0259 lokativ -e. -ta v\u0259 ya -ti, -jon v\u0259 -khana kimi t\u0259snifatlar isiml\u0259ri sayark\u0259n v\u0259 ya t\u0259yin ed\u0259rk\u0259n istifad\u0259 olunur. Benqal dilind\u0259 \u0259v\u0259zlikl\u0259r\u0259 \u015f\u0259xsi, m\u00fclkiyy\u0259t\u00e7i, refleksiv, n\u00fcmayi\u015f etdirici v\u0259 sual formalar\u0131 daxildir v\u0259 n\u0259zak\u0259tlilik s\u0259viyy\u0259l\u0259rini \u0259ks etdirirl\u0259r, m\u0259s\u0259l\u0259n, ami, tumi, apni, tui, she, tara. Bu \u0259v\u0259zlikl\u0259r v\u0259 onlar\u0131n formalar\u0131 il\u0259 tan\u0131\u015f olmaq Benqal qrammatikas\u0131n\u0131 \u0259h\u0259miyy\u0259tli d\u0259r\u0259c\u0259d\u0259 art\u0131racaqd\u0131r.<\/p>\n\n\n\n<h3 class=\"wp-block-heading\" id=\"h-4-verbs-structure-and-conjugation\">4. Feill\u0259r: Struktur v\u0259 konyunktura<\/h3>\n\n\n\n<p>Benqal fell\u0259ri zaman, aspekt, \u0259hval-ruhiyy\u0259 v\u0259 n\u0259zak\u0259td\u0259n as\u0131l\u0131 olaraq f\u0259rqli bir qurulu\u015f v\u0259 konjugasiya n\u00fcmun\u0259si izl\u0259yir. \u018fsas zamanlar indiki, ke\u00e7mi\u015f v\u0259 g\u0259l\u0259c\u0259kdir, m\u00fct\u0259r\u0259qqi v\u0259 m\u00fck\u0259mm\u0259l aspektl\u0259r v\u0259 \u015f\u0259rti v\u0259 imperativ \u0259hval-ruhiyy\u0259 kimi \u0259lav\u0259 elementl\u0259r var. Na il\u0259 \u00fcmumi m\u0259nfi n\u00fcmun\u0259l\u0259r d\u0259 daxil olmaqla fel konjugasiya qaydalar\u0131n\u0131 \u00f6yr\u0259nm\u0259k, Benqal dilind\u0259 effektiv \u00fcnsiyy\u0259t qurma qabiliyy\u0259tinizi art\u0131racaqd\u0131r.<\/p>\n\n\n\n<h3 class=\"wp-block-heading\" id=\"h-5-adjectives-agreement-and-placement\">5. Adjectives: Raz\u0131la\u015fma v\u0259 yerl\u0259\u015fdirm\u0259<\/h3>\n\n\n\n<p>Raz\u0131la\u015fma v\u0259 Yerl\u0259\u015fdirm\u0259 Benqal qrammatikas\u0131nda sif\u0259tl\u0259r ad\u0259t\u0259n d\u0259yi\u015fdirdikl\u0259ri isimd\u0259n \u0259vv\u0259l g\u0259lir v\u0259 cinsiyy\u0259t v\u0259 ya n\u00f6mr\u0259 bax\u0131m\u0131ndan isim il\u0259 raz\u0131la\u015fm\u0131r. M\u00fcqayis\u0259li v\u0259 \u00fcst\u00fcn m\u0259nalar tez-tez analitik olaraq ifad\u0259 olunur, m\u0259s\u0259l\u0259n, m\u00fcqayis\u0259li \u00fc\u00e7\u00fcn beshi v\u0259 \u00fcst\u00fcn \u00fc\u00e7\u00fcn shobcheye il\u0259, baxmayaraq ki, -toro v\u0259 -tomo kimi formal sonfiksl\u0259r d\u0259 m\u00f6vcuddur.<\/p>\n\n\n\n<p><strong>N\u00fcmun\u0259l\u0259r:<\/strong><\/p>\n\n\n\n<p><strong>&#8211; Chhoto Bachchara (Ki\u00e7ik U\u015faqlar)<\/strong><\/p>\n\n\n\n<p><strong>&#8211; Boro Bhalobasha (B\u00f6y\u00fck Sevgi)<\/strong><\/p>\n\n\n\n<h3 class=\"wp-block-heading\" id=\"h-6-engaging-with-the-language\">6. Dil il\u0259 m\u0259\u015f\u011ful olmaq<\/h3>\n\n\n\n<p>Benqal qrammatikas\u0131n\u0131 tam ba\u015fa d\u00fc\u015fm\u0259yin v\u0259 i\u00e7sell\u0259\u015fdirm\u0259yin \u0259n t\u0259sirli yolu dill\u0259 ard\u0131c\u0131l \u015f\u0259kild\u0259 m\u0259\u015f\u011ful olmaqd\u0131r. Benqal \u0259d\u0259biyyat\u0131n\u0131 oxuyaraq, Benqal filml\u0259ri v\u0259 ya televiziya seriallar\u0131 izl\u0259y\u0259r\u0259k v\u0259 ana dili dan\u0131\u015fanlarla f\u0259al \u00fcnsiyy\u0259t quraraq, l\u00fc\u011f\u0259tinizi geni\u015fl\u0259ndir\u0259rk\u0259n qrammatika anlay\u0131\u015f\u0131n\u0131z\u0131 g\u00fccl\u0259ndir\u0259c\u0259ksiniz.<\/p>\n\n\n\n<h3 class=\"wp-block-heading\" id=\"h-conclusion\">N\u0259tic\u0259<\/h3>\n\n\n\n<p>Benqal qrammatikas\u0131 m\u00fcr\u0259kk\u0259b g\u00f6r\u00fcns\u0259 d\u0259, bu g\u00f6z\u0259l dild\u0259 f\u0259dakarl\u0131q, t\u0259cr\u00fcb\u0259 v\u0259 co\u015fqu il\u0259 bacar\u0131ql\u0131 ola bil\u0259rsiniz. \u018fsas qaydalara diqq\u0259t yetir\u0259r\u0259k v\u0259 m\u00fcxt\u0259lif kontekstl\u0259rd\u0259 dill\u0259 m\u0259\u015f\u011ful olaraq, Benqal <a href=\"https:\/\/talkpal.ai\/az\/qrammatika\/\">dilinin qrammatika bacar\u0131qlar\u0131n\u0131z\u0131<\/a> s\u00fcr\u0259tl\u0259 inki\u015faf etdir\u0259c\u0259ksiniz. Benqal dili s\u0259yah\u0259tinizd\u0259 Shubho kamona (u\u011furlar) v\u0259 Benqal qrammatikas\u0131n\u0131n m\u00fc\u0259mmal\u0131, lakin cazib\u0259dar d\u00fcnyas\u0131n\u0131 a\u00e7maqdan z\u00f6vq al\u0131n!<\/p>\n<\/div><\/div>\n\r\n<section class=\"learnNavigationSection\">\r\n            \r\n        <a href=\"https:\/\/talkpal.ai\/az\/benqal-dilini-oyr%c9%99nin\/\">\r\n            <div class=\"learnNavigationWrapper\">\r\n                <div class=\"learnNavigationContent\">\r\n                    <img decoding=\"async\" src=\"https:\/\/talkpal.ai\/wp-content\/uploads\/2025\/11\/Bengali.png\" alt=\"Bengali Flag\">\r\n                    <div>\r\n                        <h4>Benqal \u00d6yr\u0259nm\u0259 Haqq\u0131nda<\/h4>\r\n                        <p>Benqal qrammatikas\u0131 haqq\u0131nda h\u0259r \u015feyi \u00f6yr\u0259nin.<\/p>\r\n                    <\/div>\r\n                <\/div>\r\n            <\/div>\r\n        <\/a>\r\n\r\n        \r\n        <a href=\"https:\/\/talkpal.ai\/az\/benqal-qrammatika-m%c9%99sql%c9%99ri\/\">\r\n            <div class=\"learnNavigationWrapper\">\r\n                <div class=\"learnNavigationContent\">\r\n                    <img decoding=\"async\" src=\"https:\/\/talkpal.ai\/wp-content\/uploads\/2025\/11\/Bengali.png\" alt=\"Bengali Flag\">\r\n                    <div>\r\n                        <h4>Benqal qrammatika m\u0259\u015fqi<\/h4>\r\n                        <p>Benqal qrammatikas\u0131n\u0131 t\u0259tbiq edin.<\/p>\r\n                    <\/div>\r\n                <\/div>\r\n            <\/div>\r\n        <\/a>\r\n\r\n            <\/section>","protected":false},"excerpt":{"rendered":"<p>Benqal qrammatikas\u0131n\u0131n inc\u0259likl\u0259ri Z\u0259ngin tarix\u0259 v\u0259 m\u0259d\u0259ni \u0259h\u0259miyy\u0259t\u0259 malik bir Hind-Aryan dili olan Benqal, unikal qrammatika sistemini ara\u015fd\u0131rmaq ist\u0259y\u0259nl\u0259r \u00fc\u00e7\u00fcn h\u0259y\u0259can verici bir linqvistik t\u0259cr\u00fcb\u0259 t\u0259qdim edir. Benqal al\u0259min\u0259 gir\u0259rk\u0259n yaln\u0131z linqvistik repertuar\u0131n\u0131z\u0131 z\u0259nginl\u0259\u015fdirm\u0259kl\u0259 yana\u015f\u0131, h\u0259m d\u0259 maraql\u0131 bir m\u0259d\u0259ni s\u0259yah\u0259ti qucaqlayacaqs\u0131n\u0131z. Benqal qrammatikas\u0131 \u0259vv\u0259lc\u0259 m\u00fcr\u0259kk\u0259b g\u00f6r\u00fcns\u0259 d\u0259, onu \u0259sas komponentl\u0259r\u0259 b\u00f6lm\u0259k dili \u00f6yr\u0259nm\u0259yi daha [&hellip;]<\/p>\n","protected":false},"author":20,"featured_media":0,"parent":0,"menu_order":0,"comment_status":"closed","ping_status":"closed","template":"LearningContentPage.php","meta":{"_acf_changed":false,"footnotes":""},"class_list":["post-1474566","page","type-page","status-publish","hentry"],"acf":[],"yoast_head":"<!-- This site is optimized with the Yoast SEO Premium plugin v27.2 (Yoast SEO v27.2) - https:\/\/yoast.com\/product\/yoast-seo-premium-wordpress\/ -->\n<title>Benqal qrammatikas\u0131 - Talkpal<\/title>\n<meta name=\"description\" content=\"Benqal qrammatikas\u0131n\u0131n sirl\u0259rini a\u00e7\u0131n v\u0259 inki\u015faf etmi\u015f s\u00fcni intellekt dil m\u00fc\u0259llimimizl\u0259 \u00f6yr\u0259nm\u0259 s\u0259yah\u0259tinizi s\u00fcr\u0259tl\u0259ndirin.\" \/>\n<meta name=\"robots\" content=\"index, follow, max-snippet:-1, max-image-preview:large, max-video-preview:-1\" \/>\n<link rel=\"canonical\" href=\"https:\/\/talkpal.ai\/az\/benqal-qrammatikasi\/\" \/>\n<meta property=\"og:locale\" content=\"az_AZ\" \/>\n<meta property=\"og:type\" content=\"article\" \/>\n<meta property=\"og:title\" content=\"Benqal qrammatikas\u0131\" \/>\n<meta property=\"og:description\" content=\"Benqal qrammatikas\u0131n\u0131n inc\u0259likl\u0259ri Z\u0259ngin tarix\u0259 v\u0259 m\u0259d\u0259ni \u0259h\u0259miyy\u0259t\u0259 malik bir Hind-Aryan dili olan Benqal, unikal qrammatika sistemini ara\u015fd\u0131rmaq\" \/>\n<meta property=\"og:url\" content=\"https:\/\/talkpal.ai\/az\/benqal-qrammatikasi\/\" \/>\n<meta property=\"og:site_name\" content=\"Talkpal\" \/>\n<meta property=\"article:publisher\" content=\"https:\/\/www.facebook.com\/profile.php?id=100090733639311\" \/>\n<meta property=\"article:modified_time\" content=\"2025-12-30T15:14:59+00:00\" \/>\n<meta property=\"og:image\" content=\"https:\/\/talkpal.ai\/wp-content\/uploads\/2025\/02\/Progress-tab-16_9.png\" \/>\n\t<meta property=\"og:image:width\" content=\"2880\" \/>\n\t<meta property=\"og:image:height\" content=\"1620\" \/>\n\t<meta property=\"og:image:type\" content=\"image\/png\" \/>\n<meta name=\"twitter:card\" content=\"summary_large_image\" \/>\n<meta name=\"twitter:site\" content=\"@talkpalai\" \/>\n<meta name=\"twitter:label1\" content=\"Est. reading time\" \/>\n\t<meta name=\"twitter:data1\" content=\"4 minutes\" \/>\n<script type=\"application\/ld+json\" class=\"yoast-schema-graph\">{\"@context\":\"https:\/\/schema.org\",\"@graph\":[{\"@type\":\"WebPage\",\"@id\":\"https:\/\/talkpal.ai\/az\/benqal-qrammatikasi\/\",\"url\":\"https:\/\/talkpal.ai\/az\/benqal-qrammatikasi\/\",\"name\":\"Benqal qrammatikas\u0131 - Talkpal\",\"isPartOf\":{\"@id\":\"https:\/\/talkpal.ai\/az\/#website\"},\"datePublished\":\"2025-11-11T15:54:57+00:00\",\"dateModified\":\"2025-12-30T15:14:59+00:00\",\"description\":\"Benqal qrammatikas\u0131n\u0131n sirl\u0259rini a\u00e7\u0131n v\u0259 inki\u015faf etmi\u015f s\u00fcni intellekt dil m\u00fc\u0259llimimizl\u0259 \u00f6yr\u0259nm\u0259 s\u0259yah\u0259tinizi s\u00fcr\u0259tl\u0259ndirin.\",\"breadcrumb\":{\"@id\":\"https:\/\/talkpal.ai\/az\/benqal-qrammatikasi\/#breadcrumb\"},\"inLanguage\":\"az\",\"potentialAction\":[{\"@type\":\"ReadAction\",\"target\":[\"https:\/\/talkpal.ai\/az\/benqal-qrammatikasi\/\"]}]},{\"@type\":\"BreadcrumbList\",\"@id\":\"https:\/\/talkpal.ai\/az\/benqal-qrammatikasi\/#breadcrumb\",\"itemListElement\":[{\"@type\":\"ListItem\",\"position\":1,\"name\":\"Homepage\",\"item\":\"https:\/\/talkpal.ai\/az\/\"},{\"@type\":\"ListItem\",\"position\":2,\"name\":\"Benqal qrammatikas\u0131\"}]},{\"@type\":\"WebSite\",\"@id\":\"https:\/\/talkpal.ai\/az\/#website\",\"url\":\"https:\/\/talkpal.ai\/az\/\",\"name\":\"Talkpal\",\"description\":\"AI Language Learning\",\"publisher\":{\"@id\":\"https:\/\/talkpal.ai\/az\/#organization\"},\"alternateName\":\"Talkpal AI\",\"potentialAction\":[{\"@type\":\"SearchAction\",\"target\":{\"@type\":\"EntryPoint\",\"urlTemplate\":\"https:\/\/talkpal.ai\/az\/?s={search_term_string}\"},\"query-input\":{\"@type\":\"PropertyValueSpecification\",\"valueRequired\":true,\"valueName\":\"search_term_string\"}}],\"inLanguage\":\"az\"},{\"@type\":\"Organization\",\"@id\":\"https:\/\/talkpal.ai\/az\/#organization\",\"name\":\"Talkpal, Inc.\",\"alternateName\":\"Talkpal AI\",\"url\":\"https:\/\/talkpal.ai\/az\/\",\"logo\":{\"@type\":\"ImageObject\",\"inLanguage\":\"az\",\"@id\":\"https:\/\/talkpal.ai\/az\/#\/schema\/logo\/image\/\",\"url\":\"https:\/\/talkpal.ai\/wp-content\/uploads\/2024\/03\/Talkpal-Logo-Icon.png\",\"contentUrl\":\"https:\/\/talkpal.ai\/wp-content\/uploads\/2024\/03\/Talkpal-Logo-Icon.png\",\"width\":2880,\"height\":2880,\"caption\":\"Talkpal, Inc.\"},\"image\":{\"@id\":\"https:\/\/talkpal.ai\/az\/#\/schema\/logo\/image\/\"},\"sameAs\":[\"https:\/\/www.facebook.com\/profile.php?id=100090733639311\",\"https:\/\/x.com\/talkpalai\",\"https:\/\/www.linkedin.com\/company\/talkpal\/\",\"https:\/\/www.youtube.com\/@TalkPal\/\",\"https:\/\/www.tiktok.com\/@talkpal\",\"https:\/\/www.instagram.com\/talkpal_ai\/\",\"https:\/\/www.crunchbase.com\/organization\/talkpal-9cde\",\"https:\/\/www.g2.com\/products\/talkpal-for-business\/\",\"https:\/\/www.trustpilot.com\/review\/talkpal.ai\",\"https:\/\/www.capterra.com\/p\/10006800\/TalkPal\/\"],\"description\":\"Talkpal is a language learning web and mobile education app, powered by the latest AI technologies, that provides engaging experiences to its customers in many different languages to help them improve their language skills. Users can chat about unlimited amount of topics with the app and use other modes to practice their language learning.\",\"email\":\"support@talkpal.ai\",\"legalName\":\"Talkpal, Inc.\",\"foundingDate\":\"2023-04-03\",\"duns\":\"118989042\",\"numberOfEmployees\":{\"@type\":\"QuantitativeValue\",\"minValue\":\"11\",\"maxValue\":\"50\"},\"publishingPrinciples\":\"https:\/\/talkpal.ai\/publishing-principles\/\",\"actionableFeedbackPolicy\":\"https:\/\/talkpal.ai\/actionable-feedback-policy\/\",\"correctionsPolicy\":\"https:\/\/talkpal.ai\/corrections-policy\/\",\"ethicsPolicy\":\"https:\/\/talkpal.ai\/ethics-policy\/\",\"diversityPolicy\":\"https:\/\/talkpal.ai\/diversity-policy\/\",\"diversityStaffingReport\":\"https:\/\/talkpal.ai\/diversity-policy\/\"}]}<\/script>\n<!-- \/ Yoast SEO Premium plugin. -->","yoast_head_json":{"title":"Benqal qrammatikas\u0131 - Talkpal","description":"Benqal qrammatikas\u0131n\u0131n sirl\u0259rini a\u00e7\u0131n v\u0259 inki\u015faf etmi\u015f s\u00fcni intellekt dil m\u00fc\u0259llimimizl\u0259 \u00f6yr\u0259nm\u0259 s\u0259yah\u0259tinizi s\u00fcr\u0259tl\u0259ndirin.","robots":{"index":"index","follow":"follow","max-snippet":"max-snippet:-1","max-image-preview":"max-image-preview:large","max-video-preview":"max-video-preview:-1"},"canonical":"https:\/\/talkpal.ai\/az\/benqal-qrammatikasi\/","og_locale":"az_AZ","og_type":"article","og_title":"Benqal qrammatikas\u0131","og_description":"Benqal qrammatikas\u0131n\u0131n inc\u0259likl\u0259ri Z\u0259ngin tarix\u0259 v\u0259 m\u0259d\u0259ni \u0259h\u0259miyy\u0259t\u0259 malik bir Hind-Aryan dili olan Benqal, unikal qrammatika sistemini ara\u015fd\u0131rmaq","og_url":"https:\/\/talkpal.ai\/az\/benqal-qrammatikasi\/","og_site_name":"Talkpal","article_publisher":"https:\/\/www.facebook.com\/profile.php?id=100090733639311","article_modified_time":"2025-12-30T15:14:59+00:00","og_image":[{"width":2880,"height":1620,"url":"https:\/\/talkpal.ai\/wp-content\/uploads\/2025\/02\/Progress-tab-16_9.png","type":"image\/png"}],"twitter_card":"summary_large_image","twitter_site":"@talkpalai","twitter_misc":{"Est. reading time":"4 minutes"},"schema":{"@context":"https:\/\/schema.org","@graph":[{"@type":"WebPage","@id":"https:\/\/talkpal.ai\/az\/benqal-qrammatikasi\/","url":"https:\/\/talkpal.ai\/az\/benqal-qrammatikasi\/","name":"Benqal qrammatikas\u0131 - Talkpal","isPartOf":{"@id":"https:\/\/talkpal.ai\/az\/#website"},"datePublished":"2025-11-11T15:54:57+00:00","dateModified":"2025-12-30T15:14:59+00:00","description":"Benqal qrammatikas\u0131n\u0131n sirl\u0259rini a\u00e7\u0131n v\u0259 inki\u015faf etmi\u015f s\u00fcni intellekt dil m\u00fc\u0259llimimizl\u0259 \u00f6yr\u0259nm\u0259 s\u0259yah\u0259tinizi s\u00fcr\u0259tl\u0259ndirin.","breadcrumb":{"@id":"https:\/\/talkpal.ai\/az\/benqal-qrammatikasi\/#breadcrumb"},"inLanguage":"az","potentialAction":[{"@type":"ReadAction","target":["https:\/\/talkpal.ai\/az\/benqal-qrammatikasi\/"]}]},{"@type":"BreadcrumbList","@id":"https:\/\/talkpal.ai\/az\/benqal-qrammatikasi\/#breadcrumb","itemListElement":[{"@type":"ListItem","position":1,"name":"Homepage","item":"https:\/\/talkpal.ai\/az\/"},{"@type":"ListItem","position":2,"name":"Benqal qrammatikas\u0131"}]},{"@type":"WebSite","@id":"https:\/\/talkpal.ai\/az\/#website","url":"https:\/\/talkpal.ai\/az\/","name":"Talkpal","description":"AI Language Learning","publisher":{"@id":"https:\/\/talkpal.ai\/az\/#organization"},"alternateName":"Talkpal AI","potentialAction":[{"@type":"SearchAction","target":{"@type":"EntryPoint","urlTemplate":"https:\/\/talkpal.ai\/az\/?s={search_term_string}"},"query-input":{"@type":"PropertyValueSpecification","valueRequired":true,"valueName":"search_term_string"}}],"inLanguage":"az"},{"@type":"Organization","@id":"https:\/\/talkpal.ai\/az\/#organization","name":"Talkpal, Inc.","alternateName":"Talkpal AI","url":"https:\/\/talkpal.ai\/az\/","logo":{"@type":"ImageObject","inLanguage":"az","@id":"https:\/\/talkpal.ai\/az\/#\/schema\/logo\/image\/","url":"https:\/\/talkpal.ai\/wp-content\/uploads\/2024\/03\/Talkpal-Logo-Icon.png","contentUrl":"https:\/\/talkpal.ai\/wp-content\/uploads\/2024\/03\/Talkpal-Logo-Icon.png","width":2880,"height":2880,"caption":"Talkpal, Inc."},"image":{"@id":"https:\/\/talkpal.ai\/az\/#\/schema\/logo\/image\/"},"sameAs":["https:\/\/www.facebook.com\/profile.php?id=100090733639311","https:\/\/x.com\/talkpalai","https:\/\/www.linkedin.com\/company\/talkpal\/","https:\/\/www.youtube.com\/@TalkPal\/","https:\/\/www.tiktok.com\/@talkpal","https:\/\/www.instagram.com\/talkpal_ai\/","https:\/\/www.crunchbase.com\/organization\/talkpal-9cde","https:\/\/www.g2.com\/products\/talkpal-for-business\/","https:\/\/www.trustpilot.com\/review\/talkpal.ai","https:\/\/www.capterra.com\/p\/10006800\/TalkPal\/"],"description":"Talkpal is a language learning web and mobile education app, powered by the latest AI technologies, that provides engaging experiences to its customers in many different languages to help them improve their language skills. Users can chat about unlimited amount of topics with the app and use other modes to practice their language learning.","email":"support@talkpal.ai","legalName":"Talkpal, Inc.","foundingDate":"2023-04-03","duns":"118989042","numberOfEmployees":{"@type":"QuantitativeValue","minValue":"11","maxValue":"50"},"publishingPrinciples":"https:\/\/talkpal.ai\/publishing-principles\/","actionableFeedbackPolicy":"https:\/\/talkpal.ai\/actionable-feedback-policy\/","correctionsPolicy":"https:\/\/talkpal.ai\/corrections-policy\/","ethicsPolicy":"https:\/\/talkpal.ai\/ethics-policy\/","diversityPolicy":"https:\/\/talkpal.ai\/diversity-policy\/","diversityStaffingReport":"https:\/\/talkpal.ai\/diversity-policy\/"}]}},"_links":{"self":[{"href":"https:\/\/talkpal.ai\/az\/wp-json\/wp\/v2\/pages\/1474566","targetHints":{"allow":["GET"]}}],"collection":[{"href":"https:\/\/talkpal.ai\/az\/wp-json\/wp\/v2\/pages"}],"about":[{"href":"https:\/\/talkpal.ai\/az\/wp-json\/wp\/v2\/types\/page"}],"author":[{"embeddable":true,"href":"https:\/\/talkpal.ai\/az\/wp-json\/wp\/v2\/users\/20"}],"replies":[{"embeddable":true,"href":"https:\/\/talkpal.ai\/az\/wp-json\/wp\/v2\/comments?post=1474566"}],"version-history":[{"count":0,"href":"https:\/\/talkpal.ai\/az\/wp-json\/wp\/v2\/pages\/1474566\/revisions"}],"wp:attachment":[{"href":"https:\/\/talkpal.ai\/az\/wp-json\/wp\/v2\/media?parent=1474566"}],"curies":[{"name":"wp","href":"https:\/\/api.w.org\/{rel}","templated":true}]}}