{"id":1474453,"date":"2025-11-12T17:34:19","date_gmt":"2025-11-12T17:34:19","guid":{"rendered":"https:\/\/talkpal.ai\/zulu-qrammatikasi\/"},"modified":"2025-12-30T13:30:26","modified_gmt":"2025-12-30T13:30:26","slug":"zulu-qrammatikasi","status":"publish","type":"page","link":"https:\/\/talkpal.ai\/az\/zulu-qrammatikasi\/","title":{"rendered":"Zulu qrammatikas\u0131"},"content":{"rendered":"\r\n\r\n\r\n<section class=\"languageChallengeSection\">\r\n    <div class=\"languageInfoWrapper\">\r\n        \r\n        <h1>Zulu qrammatikas\u0131<\/h1>\r\n        <p><a href=\"https:\/\/talkpal.ai\/learn-zulu\/\">Zulu<\/a> qrammatikas\u0131 ilk bax\u0131\u015fda \u00e7\u0259tin g\u00f6r\u00fcn\u0259 bil\u0259r, lakin onun unikal x\u00fcsusiyy\u0259tl\u0259ri dili \u00f6yr\u0259nm\u0259yi faydal\u0131 bir t\u0259cr\u00fcb\u0259 hal\u0131na g\u0259tirir. Onun \u0259lifbas\u0131n\u0131, mutasiyalar\u0131n\u0131 v\u0259 qrammatik qaydalar\u0131n\u0131 t\u0259dqiq etm\u0259kl\u0259 siz z\u0259ngin dil \u0259n\u0259n\u0259si haqq\u0131nda fikir \u0259ld\u0259 ed\u0259c\u0259ksiniz. S\u0259yah\u0259t\u0259 ba\u015flay\u0131n v\u0259 Zulu&#039;nun g\u00f6z\u0259lliyini k\u0259\u015ff edin!<\/p>\r\n\r\n                            <a class=\"getStartedHidden\" href=\"https:\/\/app.talkpal.ai\/signup?lng=\">Ba\u015fla<\/a>\r\n        \r\n    <\/div>\r\n\r\n    <figure>\r\n    <img decoding=\"async\" width=\"768\" height=\"768\" src=\"https:\/\/talkpal.ai\/wp-content\/uploads\/2023\/06\/welsh-768x768.png\" class=\"languageImage no-lazy\" alt=\"Language learning for better cognitive abilities\" fetchpriority=\"high\" sizes=\"(max-width: 768px) 150px, 768px\" srcset=\"https:\/\/talkpal.ai\/wp-content\/uploads\/2023\/06\/welsh-768x768.png 768w, https:\/\/talkpal.ai\/wp-content\/uploads\/2023\/06\/welsh-300x300.png 300w\" \/>\r\n    \r\n\r\n    <\/figure>\r\n\r\n            <a class=\"getStartedVisible\" href=\"https:\/\/app.talkpal.ai\/signup?lng=\">Ba\u015fla<\/a>\r\n    \r\n<\/section><section class=\"promotionalBanner\">\r\n    <p class=\"promotionalText\">Dil \u00f6yr\u0259nm\u0259yin \u0259n t\u0259sirli yolu<\/p>\r\n    <a class=\"promotionalLink\" href=\"https:\/\/app.talkpal.ai\/signup?lng=\">Talkpal pulsuz s\u0131nay\u0131n<\/a>\r\n<\/section>\n<div class=\"wp-block-group pageContainerStyle\"><div class=\"wp-block-group__inner-container is-layout-constrained wp-block-group-is-layout-constrained\">\n<h2 class=\"wp-block-heading\" id=\"h-navigating-the-intricacies-of-zulu-grammar\">Zulu qrammatikas\u0131n\u0131n inc\u0259likl\u0259ri<\/h2>\n\n\n\n<p>Z\u0259ngin tarix v\u0259 m\u0259d\u0259ni \u0259h\u0259miyy\u0259t\u0259 malik Nguni qrupunun C\u0259nubi Bantu dili <a href=\"https:\/\/talkpal.ai\/az\/zulu-dilini-oyr%c9%99nin\/\">olan Zulu<\/a>, unikal <a href=\"https:\/\/talkpal.ai\/grammar\/\">qrammatika<\/a> sistemini ara\u015fd\u0131rmaq ist\u0259y\u0259nl\u0259r \u00fc\u00e7\u00fcn h\u0259y\u0259can verici bir linqvistik t\u0259cr\u00fcb\u0259 t\u0259qdim edir. Zulu al\u0259min\u0259 gir\u0259rk\u0259n yaln\u0131z linqvistik repertuar\u0131n\u0131z\u0131 z\u0259nginl\u0259\u015fdirm\u0259y\u0259c\u0259k, h\u0259m d\u0259 maraql\u0131 bir m\u0259d\u0259ni s\u0259yah\u0259ti qucaqlayacaqs\u0131n\u0131z. <a href=\"https:\/\/talkpal.ai\/zulu-grammar\/\">Zulu qrammatikas\u0131<\/a> \u0259vv\u0259lc\u0259 m\u00fcr\u0259kk\u0259b g\u00f6r\u00fcns\u0259 d\u0259, onu \u0259sas komponentl\u0259r\u0259 b\u00f6lm\u0259k dili \u00f6yr\u0259nm\u0259yi daha \u0259l\u00e7atan edir. Bu yaz\u0131da, Zulu qrammatikas\u0131n\u0131n cazib\u0259dar d\u00fcnyas\u0131n\u0131 ara\u015fd\u0131raca\u011f\u0131q v\u0259 m\u00fcr\u0259kk\u0259blikl\u0259rini nec\u0259 m\u0259nims\u0259m\u0259k bar\u0259d\u0259 m\u0259sl\u0259h\u0259tl\u0259r ver\u0259c\u0259yik.<\/p>\n\n\n\n<h3 class=\"wp-block-heading\" id=\"h-1-zulu-alphabet-and-phonetics\">1. Zulu \u018flifbas\u0131 v\u0259 Fonetikas\u0131<\/h3>\n\n\n\n<p>Zulu yaz\u0131 sistemi Lat\u0131n \u0259lifbas\u0131ndan istifad\u0259 edir v\u0259 c, q v\u0259 x kimi yaz\u0131lm\u0131\u015f klik samitl\u0259ri, el\u0259c\u0259 d\u0259 ph, th v\u0259 kh kimi diqraflarla yaz\u0131lm\u0131\u015f aspirasiya samitl\u0259ri d\u0259 daxil olmaqla f\u0259rqli s\u0259sl\u0259ri t\u0259msil edir. Zulu be\u015f sait h\u0259rfi (a, e, i, o, u) var v\u0259 ton standart orfoqrafiyada qeyd edilm\u0259s\u0259 d\u0259, pitchin m\u0259nas\u0131n\u0131 ay\u0131rd ed\u0259 bil\u0259c\u0259yi bir ton dilidir. Zulu qrammatikas\u0131n\u0131 <a href=\"https:\/\/talkpal.ai\/az\/oyr%c9%99nm%c9%99k\/\">\u00f6yr\u0259nm\u0259k<\/a> \u00fc\u00e7\u00fcn Zulu dilind\u0259 oxumaq, dinl\u0259m\u0259k v\u0259 dan\u0131\u015fmaq t\u0259cr\u00fcb\u0259si il\u0259 bu s\u0259s sistemi il\u0259 tan\u0131\u015f olmaq vacibdir.<\/p>\n\n\n\n<h3 class=\"wp-block-heading\" id=\"h-2-noun-classes-and-concords-a-distinctive-zulu-feature\">2. \u0130sim Sinifl\u0259ri v\u0259 Konkordlar\u0131: F\u0259rqli Zulu X\u00fcsusiyy\u0259ti<\/h3>\n\n\n\n<p>Zulu qrammatikas\u0131n\u0131n \u0259n t\u0259\u0259cc\u00fcbl\u00fc c\u0259h\u0259tl\u0259rind\u0259n biri, h\u0259r biri m\u00fc\u0259yy\u0259n bir prefiksl\u0259 qeyd olunan v\u0259 bir konkord \u015f\u0259b\u0259k\u0259si il\u0259 c\u00fctl\u0259\u015fdirilmi\u015f geni\u015f isim sinifl\u0259ri sistemidir. \u0130sim sinifl\u0259ri c\u00fcml\u0259 boyunca raz\u0131l\u0131\u011fa s\u0259b\u0259b olur, subyekt markerl\u0259rin\u0259, obyekt markerl\u0259rin\u0259, sif\u0259tl\u0259r\u0259, m\u00fclkiyy\u0259t\u00e7il\u0259r\u0259, n\u00fcmayi\u015fl\u0259r\u0259 v\u0259 qohumlara t\u0259sir edir. Bu konkordlar\u0131n n\u0259 vaxt v\u0259 nec\u0259 g\u00f6r\u00fcnd\u00fcy\u00fcn\u00fc anlamaq Zulu dilind\u0259 d\u0259qiq \u00fcnsiyy\u0259t \u00fc\u00e7\u00fcn vacibdir.<\/p>\n\n\n\n<h3 class=\"wp-block-heading\" id=\"h-3-nouns-and-pronouns-noun-classes-and-agreement\">3. \u0130siml\u0259r v\u0259 \u0259v\u0259zlikl\u0259r: \u0130sim sinifl\u0259ri v\u0259 raz\u0131la\u015fma<\/h3>\n\n\n\n<p>Zulu isiml\u0259ri qrammatik cinsd\u0259n daha \u00e7ox isim sinifl\u0259rin\u0259 aiddir v\u0259 onlar\u0131n c\u0259m formalar\u0131 sinif c\u00fctl\u0259\u015fm\u0259l\u0259ri il\u0259 m\u00fc\u0259yy\u0259n edilir (m\u0259s\u0259l\u0259n, umuntu, abantu). Zulu dilind\u0259ki \u0259v\u0259zlikl\u0259r\u0259 m\u00fcst\u0259qil formalar (mina, wena, yena, thina, nina, bona), isim sinfi il\u0259 raz\u0131la\u015fan -ami, -akho, -akhe kimi sahiblik g\u00f6vd\u0259l\u0259ri il\u0259 qurulmu\u015f sahiblik formalar\u0131 (incwadi yami, izincwadi zami), fell\u0259rd\u0259 refleksif i\u015far\u0259l\u0259m\u0259 (zi-), isim sinfi il\u0259 uy\u011fun olan n\u00fcmayi\u015fl\u0259r (lo, laba, le, lezi) v\u0259 suallar (ubani, ini, kuphi, nini, kanjani) daxildir. Bu formalar v\u0259 onlar\u0131n raz\u0131la\u015fma n\u00fcmun\u0259l\u0259ri il\u0259 tan\u0131\u015f olmaq Zulu qrammatikas\u0131n\u0131 \u0259h\u0259miyy\u0259tli d\u0259r\u0259c\u0259d\u0259 art\u0131racaqd\u0131r.<\/p>\n\n\n\n<h3 class=\"wp-block-heading\" id=\"h-4-verbs-structure-and-conjugation\">4. Feill\u0259r: Struktur v\u0259 konyunktura<\/h3>\n\n\n\n<p>Zulu fell\u0259ri subyekt, obyekt, zaman, aspekt, \u0259hval-ruhiyy\u0259 v\u0259 q\u00fctbl\u00fcy\u00fcn\u00fc kodlayan z\u0259ngin bir agglutinative qurulu\u015fu izl\u0259yir. \u018fsas zamanlara indiki (ngiyabona v\u0259 ya ngibona), ke\u00e7mi\u015f (m\u00fck\u0259mm\u0259l -ile, ngibonile) v\u0259 g\u0259l\u0259c\u0259k zo- (ngizobona) daxildir, subjunctive (final -e) v\u0259 imperativ (hamba, hambani) kimi \u0259lav\u0259 \u0259hval-ruhiyy\u0259 var. M\u0259nfi ad\u0259t\u0259n a- v\u0259 son -i (angiboni, akaboni) il\u0259 i\u015far\u0259l\u0259nir. Fel \u015fablonunu v\u0259 \u00fcmumi uzant\u0131lar\u0131 (s\u0259b\u0259bli -isa, t\u0259tbiqi -ela, qar\u015f\u0131l\u0131ql\u0131 -ana, passiv -wa) \u00f6yr\u0259nm\u0259k, Zulu dilind\u0259 effektiv \u00fcnsiyy\u0259t qurma qabiliyy\u0259tinizi art\u0131racaqd\u0131r.<\/p>\n\n\n\n<h3 class=\"wp-block-heading\" id=\"h-5-adjectives-agreement-and-placement\">5. Adjectives: Raz\u0131la\u015fma v\u0259 yerl\u0259\u015fdirm\u0259<\/h3>\n\n\n\n<p>Zulu qrammatikas\u0131nda sif\u0259tl\u0259r ad\u0259t\u0259n d\u0259yi\u015fdirdikl\u0259ri ismi izl\u0259yir v\u0259 sif\u0259td\u0259n istifad\u0259 ed\u0259r\u0259k isimin sinfi il\u0259 raz\u0131la\u015f\u0131rlar. Zulu&#8217;nun m\u0259hdud bir h\u0259qiqi sif\u0259t k\u00f6k\u00fc d\u0259sti var (m\u0259s\u0259l\u0259n, -khulu big, -ncane small, -mnyama qaranl\u0131q, -de h\u00fcnd\u00fcr) v\u0259 bir \u00e7ox t\u0259sviri m\u0259nalar nisbi konstruksiyalarla ifad\u0259 olunur. M\u00fcqayis\u0259l\u0259r v\u0259 \u00fcst\u00fcnl\u00fckl\u0259r \u00fcmumiyy\u0259tl\u0259 perifratik olaraq formala\u015f\u0131r, m\u0259s\u0259l\u0259n, kakhulu (\u00e7ox) istifad\u0259 ed\u0259r\u0259k v\u0259 &#8220;daha \u00e7ox&#8221; \u00fc\u00e7\u00fcn ukwedlula v\u0259 ya ngaphezu kuka il\u0259 m\u00fcqayis\u0259 olunur.<\/p>\n\n\n\n<p><strong>N\u00fcmun\u0259l\u0259r:<\/strong><\/p>\n\n\n\n<p><strong>&#8211; Uthando Olukhulu (B\u00f6y\u00fck Sevgi)<\/strong><\/p>\n\n\n\n<p><strong>&#8211; izingane ezincane (ki\u00e7ik u\u015faqlar)<\/strong><\/p>\n\n\n\n<h3 class=\"wp-block-heading\" id=\"h-6-engaging-with-the-language\">6. Dil il\u0259 m\u0259\u015f\u011ful olmaq<\/h3>\n\n\n\n<p>Zulu qrammatikas\u0131n\u0131 tam ba\u015fa d\u00fc\u015fm\u0259yin v\u0259 m\u0259nims\u0259m\u0259yin \u0259n t\u0259sirli yolu dill\u0259 ard\u0131c\u0131l \u015f\u0259kild\u0259 m\u0259\u015f\u011ful olmaqd\u0131r. Zulu \u0259d\u0259biyyat\u0131n\u0131 oxuyaraq, Zulu filml\u0259rini v\u0259 ya televiziya seriallar\u0131n\u0131 izl\u0259y\u0259r\u0259k, Zulu dilind\u0259 radio v\u0259 musiqi dinl\u0259y\u0259r\u0259k v\u0259 ana dili dan\u0131\u015fanlarla f\u0259al \u00fcnsiyy\u0259t quraraq, l\u00fc\u011f\u0259tinizi geni\u015fl\u0259ndir\u0259rk\u0259n qrammatika anlay\u0131\u015f\u0131n\u0131z\u0131 g\u00fccl\u0259ndir\u0259c\u0259ksiniz.<\/p>\n\n\n\n<h3 class=\"wp-block-heading\" id=\"h-conclusion\">N\u0259tic\u0259<\/h3>\n\n\n\n<p>Zulu qrammatikas\u0131 m\u00fcr\u0259kk\u0259b g\u00f6r\u00fcns\u0259 d\u0259, f\u0259dakarl\u0131q, t\u0259cr\u00fcb\u0259 v\u0259 co\u015fqu il\u0259 bu g\u00f6z\u0259l dild\u0259 bacar\u0131ql\u0131 ola bil\u0259rsiniz. \u018fsas qaydalara diqq\u0259t yetir\u0259r\u0259k v\u0259 m\u00fcxt\u0259lif kontekstl\u0259rd\u0259 dill\u0259 m\u0259\u015f\u011ful olaraq, Zulu <a href=\"https:\/\/talkpal.ai\/az\/qrammatika\/\">qrammatika bacar\u0131qlar\u0131n\u0131z\u0131<\/a> s\u00fcr\u0259tl\u0259 inki\u015faf etdir\u0259c\u0259ksiniz. Zulu dili s\u0259yah\u0259tinizd\u0259 Inhlanhla enhle (u\u011furlar) v\u0259 Zulu qrammatikas\u0131n\u0131n m\u00fc\u0259mmal\u0131, lakin cazib\u0259dar d\u00fcnyas\u0131n\u0131 a\u00e7maqdan z\u00f6vq al\u0131n!<\/p>\n<\/div><\/div>\n\r\n<section class=\"learnNavigationSection\">\r\n            \r\n        <a href=\"https:\/\/talkpal.ai\/az\/zulu-dilini-oyr%c9%99nin\/\">\r\n            <div class=\"learnNavigationWrapper\">\r\n                <div class=\"learnNavigationContent\">\r\n                    <img decoding=\"async\" src=\"https:\/\/talkpal.ai\/wp-content\/uploads\/2025\/11\/Zulu.png\" alt=\"South African Flag\">\r\n                    <div>\r\n                        <h4>Zulu Learning haqq\u0131nda<\/h4>\r\n                        <p>Zulu Qrammatikas\u0131 haqq\u0131nda h\u0259r \u015feyi \u00f6yr\u0259nin.<\/p>\r\n                    <\/div>\r\n                <\/div>\r\n            <\/div>\r\n        <\/a>\r\n\r\n        \r\n        <a href=\"https:\/\/talkpal.ai\/az\/zulu-qrammatika-m%c9%99sql%c9%99ri\/\">\r\n            <div class=\"learnNavigationWrapper\">\r\n                <div class=\"learnNavigationContent\">\r\n                    <img decoding=\"async\" src=\"https:\/\/talkpal.ai\/wp-content\/uploads\/2025\/11\/Zulu.png\" alt=\"South African Flag\">\r\n                    <div>\r\n                        <h4>Zulu Qrammatika M\u0259\u015fqi<\/h4>\r\n                        <p>Zulu qrammatikas\u0131n\u0131 t\u0259tbiq edin.<\/p>\r\n                    <\/div>\r\n                <\/div>\r\n            <\/div>\r\n        <\/a>\r\n\r\n            <\/section>","protected":false},"excerpt":{"rendered":"<p>Zulu qrammatikas\u0131n\u0131n inc\u0259likl\u0259ri Z\u0259ngin tarix v\u0259 m\u0259d\u0259ni \u0259h\u0259miyy\u0259t\u0259 malik Nguni qrupunun C\u0259nubi Bantu dili olan Zulu, unikal qrammatika sistemini ara\u015fd\u0131rmaq ist\u0259y\u0259nl\u0259r \u00fc\u00e7\u00fcn h\u0259y\u0259can verici bir linqvistik t\u0259cr\u00fcb\u0259 t\u0259qdim edir. Zulu al\u0259min\u0259 gir\u0259rk\u0259n yaln\u0131z linqvistik repertuar\u0131n\u0131z\u0131 z\u0259nginl\u0259\u015fdirm\u0259y\u0259c\u0259k, h\u0259m d\u0259 maraql\u0131 bir m\u0259d\u0259ni s\u0259yah\u0259ti qucaqlayacaqs\u0131n\u0131z. Zulu qrammatikas\u0131 \u0259vv\u0259lc\u0259 m\u00fcr\u0259kk\u0259b g\u00f6r\u00fcns\u0259 d\u0259, onu \u0259sas komponentl\u0259r\u0259 b\u00f6lm\u0259k dili \u00f6yr\u0259nm\u0259yi [&hellip;]<\/p>\n","protected":false},"author":20,"featured_media":0,"parent":0,"menu_order":0,"comment_status":"closed","ping_status":"closed","template":"LearningContentPage.php","meta":{"_acf_changed":false,"footnotes":""},"class_list":["post-1474453","page","type-page","status-publish","hentry"],"acf":[],"yoast_head":"<!-- This site is optimized with the Yoast SEO Premium plugin v27.2 (Yoast SEO v27.2) - https:\/\/yoast.com\/product\/yoast-seo-premium-wordpress\/ -->\n<title>Zulu qrammatikas\u0131 - Talkpal<\/title>\n<meta name=\"description\" content=\"S\u00fcr\u0259tli v\u0259 effektiv dil \u00f6yr\u0259nm\u0259si \u00fc\u00e7\u00fcn haz\u0131rlanm\u0131\u015f h\u0259rt\u0259r\u0259fli s\u00fcni intellektl\u0259 i\u015fl\u0259y\u0259n b\u0259l\u0259d\u00e7imizl\u0259 Zulu qrammatikas\u0131n\u0131n m\u00fcr\u0259kk\u0259blikl\u0259rin\u0259 yiy\u0259l\u0259nin.\" \/>\n<meta name=\"robots\" content=\"index, follow, max-snippet:-1, max-image-preview:large, max-video-preview:-1\" \/>\n<link rel=\"canonical\" href=\"https:\/\/talkpal.ai\/az\/zulu-qrammatikasi\/\" \/>\n<meta property=\"og:locale\" content=\"az_AZ\" \/>\n<meta property=\"og:type\" content=\"article\" \/>\n<meta property=\"og:title\" content=\"Zulu qrammatikas\u0131\" \/>\n<meta property=\"og:description\" content=\"Zulu qrammatikas\u0131n\u0131n inc\u0259likl\u0259ri Z\u0259ngin tarix v\u0259 m\u0259d\u0259ni \u0259h\u0259miyy\u0259t\u0259 malik Nguni qrupunun C\u0259nubi Bantu dili olan Zulu, unikal qrammatika sistemini\" \/>\n<meta property=\"og:url\" content=\"https:\/\/talkpal.ai\/az\/zulu-qrammatikasi\/\" \/>\n<meta property=\"og:site_name\" content=\"Talkpal\" \/>\n<meta property=\"article:publisher\" content=\"https:\/\/www.facebook.com\/profile.php?id=100090733639311\" \/>\n<meta property=\"article:modified_time\" content=\"2025-12-30T13:30:26+00:00\" \/>\n<meta property=\"og:image\" content=\"https:\/\/talkpal.ai\/wp-content\/uploads\/2025\/02\/Progress-tab-16_9.png\" \/>\n\t<meta property=\"og:image:width\" content=\"2880\" \/>\n\t<meta property=\"og:image:height\" content=\"1620\" \/>\n\t<meta property=\"og:image:type\" content=\"image\/png\" \/>\n<meta name=\"twitter:card\" content=\"summary_large_image\" \/>\n<meta name=\"twitter:site\" content=\"@talkpalai\" \/>\n<meta name=\"twitter:label1\" content=\"Est. reading time\" \/>\n\t<meta name=\"twitter:data1\" content=\"5 minutes\" \/>\n<script type=\"application\/ld+json\" class=\"yoast-schema-graph\">{\"@context\":\"https:\/\/schema.org\",\"@graph\":[{\"@type\":\"WebPage\",\"@id\":\"https:\/\/talkpal.ai\/az\/zulu-qrammatikasi\/\",\"url\":\"https:\/\/talkpal.ai\/az\/zulu-qrammatikasi\/\",\"name\":\"Zulu qrammatikas\u0131 - Talkpal\",\"isPartOf\":{\"@id\":\"https:\/\/talkpal.ai\/az\/#website\"},\"datePublished\":\"2025-11-12T17:34:19+00:00\",\"dateModified\":\"2025-12-30T13:30:26+00:00\",\"description\":\"S\u00fcr\u0259tli v\u0259 effektiv dil \u00f6yr\u0259nm\u0259si \u00fc\u00e7\u00fcn haz\u0131rlanm\u0131\u015f h\u0259rt\u0259r\u0259fli s\u00fcni intellektl\u0259 i\u015fl\u0259y\u0259n b\u0259l\u0259d\u00e7imizl\u0259 Zulu qrammatikas\u0131n\u0131n m\u00fcr\u0259kk\u0259blikl\u0259rin\u0259 yiy\u0259l\u0259nin.\",\"breadcrumb\":{\"@id\":\"https:\/\/talkpal.ai\/az\/zulu-qrammatikasi\/#breadcrumb\"},\"inLanguage\":\"az\",\"potentialAction\":[{\"@type\":\"ReadAction\",\"target\":[\"https:\/\/talkpal.ai\/az\/zulu-qrammatikasi\/\"]}]},{\"@type\":\"BreadcrumbList\",\"@id\":\"https:\/\/talkpal.ai\/az\/zulu-qrammatikasi\/#breadcrumb\",\"itemListElement\":[{\"@type\":\"ListItem\",\"position\":1,\"name\":\"Homepage\",\"item\":\"https:\/\/talkpal.ai\/az\/\"},{\"@type\":\"ListItem\",\"position\":2,\"name\":\"Zulu qrammatikas\u0131\"}]},{\"@type\":\"WebSite\",\"@id\":\"https:\/\/talkpal.ai\/az\/#website\",\"url\":\"https:\/\/talkpal.ai\/az\/\",\"name\":\"Talkpal\",\"description\":\"AI Language Learning\",\"publisher\":{\"@id\":\"https:\/\/talkpal.ai\/az\/#organization\"},\"alternateName\":\"Talkpal AI\",\"potentialAction\":[{\"@type\":\"SearchAction\",\"target\":{\"@type\":\"EntryPoint\",\"urlTemplate\":\"https:\/\/talkpal.ai\/az\/?s={search_term_string}\"},\"query-input\":{\"@type\":\"PropertyValueSpecification\",\"valueRequired\":true,\"valueName\":\"search_term_string\"}}],\"inLanguage\":\"az\"},{\"@type\":\"Organization\",\"@id\":\"https:\/\/talkpal.ai\/az\/#organization\",\"name\":\"Talkpal, Inc.\",\"alternateName\":\"Talkpal AI\",\"url\":\"https:\/\/talkpal.ai\/az\/\",\"logo\":{\"@type\":\"ImageObject\",\"inLanguage\":\"az\",\"@id\":\"https:\/\/talkpal.ai\/az\/#\/schema\/logo\/image\/\",\"url\":\"https:\/\/talkpal.ai\/wp-content\/uploads\/2024\/03\/Talkpal-Logo-Icon.png\",\"contentUrl\":\"https:\/\/talkpal.ai\/wp-content\/uploads\/2024\/03\/Talkpal-Logo-Icon.png\",\"width\":2880,\"height\":2880,\"caption\":\"Talkpal, Inc.\"},\"image\":{\"@id\":\"https:\/\/talkpal.ai\/az\/#\/schema\/logo\/image\/\"},\"sameAs\":[\"https:\/\/www.facebook.com\/profile.php?id=100090733639311\",\"https:\/\/x.com\/talkpalai\",\"https:\/\/www.linkedin.com\/company\/talkpal\/\",\"https:\/\/www.youtube.com\/@TalkPal\/\",\"https:\/\/www.tiktok.com\/@talkpal\",\"https:\/\/www.instagram.com\/talkpal_ai\/\",\"https:\/\/www.crunchbase.com\/organization\/talkpal-9cde\",\"https:\/\/www.g2.com\/products\/talkpal-for-business\/\",\"https:\/\/www.trustpilot.com\/review\/talkpal.ai\",\"https:\/\/www.capterra.com\/p\/10006800\/TalkPal\/\"],\"description\":\"Talkpal is a language learning web and mobile education app, powered by the latest AI technologies, that provides engaging experiences to its customers in many different languages to help them improve their language skills. Users can chat about unlimited amount of topics with the app and use other modes to practice their language learning.\",\"email\":\"support@talkpal.ai\",\"legalName\":\"Talkpal, Inc.\",\"foundingDate\":\"2023-04-03\",\"duns\":\"118989042\",\"numberOfEmployees\":{\"@type\":\"QuantitativeValue\",\"minValue\":\"11\",\"maxValue\":\"50\"},\"publishingPrinciples\":\"https:\/\/talkpal.ai\/publishing-principles\/\",\"actionableFeedbackPolicy\":\"https:\/\/talkpal.ai\/actionable-feedback-policy\/\",\"correctionsPolicy\":\"https:\/\/talkpal.ai\/corrections-policy\/\",\"ethicsPolicy\":\"https:\/\/talkpal.ai\/ethics-policy\/\",\"diversityPolicy\":\"https:\/\/talkpal.ai\/diversity-policy\/\",\"diversityStaffingReport\":\"https:\/\/talkpal.ai\/diversity-policy\/\"}]}<\/script>\n<!-- \/ Yoast SEO Premium plugin. -->","yoast_head_json":{"title":"Zulu qrammatikas\u0131 - Talkpal","description":"S\u00fcr\u0259tli v\u0259 effektiv dil \u00f6yr\u0259nm\u0259si \u00fc\u00e7\u00fcn haz\u0131rlanm\u0131\u015f h\u0259rt\u0259r\u0259fli s\u00fcni intellektl\u0259 i\u015fl\u0259y\u0259n b\u0259l\u0259d\u00e7imizl\u0259 Zulu qrammatikas\u0131n\u0131n m\u00fcr\u0259kk\u0259blikl\u0259rin\u0259 yiy\u0259l\u0259nin.","robots":{"index":"index","follow":"follow","max-snippet":"max-snippet:-1","max-image-preview":"max-image-preview:large","max-video-preview":"max-video-preview:-1"},"canonical":"https:\/\/talkpal.ai\/az\/zulu-qrammatikasi\/","og_locale":"az_AZ","og_type":"article","og_title":"Zulu qrammatikas\u0131","og_description":"Zulu qrammatikas\u0131n\u0131n inc\u0259likl\u0259ri Z\u0259ngin tarix v\u0259 m\u0259d\u0259ni \u0259h\u0259miyy\u0259t\u0259 malik Nguni qrupunun C\u0259nubi Bantu dili olan Zulu, unikal qrammatika sistemini","og_url":"https:\/\/talkpal.ai\/az\/zulu-qrammatikasi\/","og_site_name":"Talkpal","article_publisher":"https:\/\/www.facebook.com\/profile.php?id=100090733639311","article_modified_time":"2025-12-30T13:30:26+00:00","og_image":[{"width":2880,"height":1620,"url":"https:\/\/talkpal.ai\/wp-content\/uploads\/2025\/02\/Progress-tab-16_9.png","type":"image\/png"}],"twitter_card":"summary_large_image","twitter_site":"@talkpalai","twitter_misc":{"Est. reading time":"5 minutes"},"schema":{"@context":"https:\/\/schema.org","@graph":[{"@type":"WebPage","@id":"https:\/\/talkpal.ai\/az\/zulu-qrammatikasi\/","url":"https:\/\/talkpal.ai\/az\/zulu-qrammatikasi\/","name":"Zulu qrammatikas\u0131 - Talkpal","isPartOf":{"@id":"https:\/\/talkpal.ai\/az\/#website"},"datePublished":"2025-11-12T17:34:19+00:00","dateModified":"2025-12-30T13:30:26+00:00","description":"S\u00fcr\u0259tli v\u0259 effektiv dil \u00f6yr\u0259nm\u0259si \u00fc\u00e7\u00fcn haz\u0131rlanm\u0131\u015f h\u0259rt\u0259r\u0259fli s\u00fcni intellektl\u0259 i\u015fl\u0259y\u0259n b\u0259l\u0259d\u00e7imizl\u0259 Zulu qrammatikas\u0131n\u0131n m\u00fcr\u0259kk\u0259blikl\u0259rin\u0259 yiy\u0259l\u0259nin.","breadcrumb":{"@id":"https:\/\/talkpal.ai\/az\/zulu-qrammatikasi\/#breadcrumb"},"inLanguage":"az","potentialAction":[{"@type":"ReadAction","target":["https:\/\/talkpal.ai\/az\/zulu-qrammatikasi\/"]}]},{"@type":"BreadcrumbList","@id":"https:\/\/talkpal.ai\/az\/zulu-qrammatikasi\/#breadcrumb","itemListElement":[{"@type":"ListItem","position":1,"name":"Homepage","item":"https:\/\/talkpal.ai\/az\/"},{"@type":"ListItem","position":2,"name":"Zulu qrammatikas\u0131"}]},{"@type":"WebSite","@id":"https:\/\/talkpal.ai\/az\/#website","url":"https:\/\/talkpal.ai\/az\/","name":"Talkpal","description":"AI Language Learning","publisher":{"@id":"https:\/\/talkpal.ai\/az\/#organization"},"alternateName":"Talkpal AI","potentialAction":[{"@type":"SearchAction","target":{"@type":"EntryPoint","urlTemplate":"https:\/\/talkpal.ai\/az\/?s={search_term_string}"},"query-input":{"@type":"PropertyValueSpecification","valueRequired":true,"valueName":"search_term_string"}}],"inLanguage":"az"},{"@type":"Organization","@id":"https:\/\/talkpal.ai\/az\/#organization","name":"Talkpal, Inc.","alternateName":"Talkpal AI","url":"https:\/\/talkpal.ai\/az\/","logo":{"@type":"ImageObject","inLanguage":"az","@id":"https:\/\/talkpal.ai\/az\/#\/schema\/logo\/image\/","url":"https:\/\/talkpal.ai\/wp-content\/uploads\/2024\/03\/Talkpal-Logo-Icon.png","contentUrl":"https:\/\/talkpal.ai\/wp-content\/uploads\/2024\/03\/Talkpal-Logo-Icon.png","width":2880,"height":2880,"caption":"Talkpal, Inc."},"image":{"@id":"https:\/\/talkpal.ai\/az\/#\/schema\/logo\/image\/"},"sameAs":["https:\/\/www.facebook.com\/profile.php?id=100090733639311","https:\/\/x.com\/talkpalai","https:\/\/www.linkedin.com\/company\/talkpal\/","https:\/\/www.youtube.com\/@TalkPal\/","https:\/\/www.tiktok.com\/@talkpal","https:\/\/www.instagram.com\/talkpal_ai\/","https:\/\/www.crunchbase.com\/organization\/talkpal-9cde","https:\/\/www.g2.com\/products\/talkpal-for-business\/","https:\/\/www.trustpilot.com\/review\/talkpal.ai","https:\/\/www.capterra.com\/p\/10006800\/TalkPal\/"],"description":"Talkpal is a language learning web and mobile education app, powered by the latest AI technologies, that provides engaging experiences to its customers in many different languages to help them improve their language skills. Users can chat about unlimited amount of topics with the app and use other modes to practice their language learning.","email":"support@talkpal.ai","legalName":"Talkpal, Inc.","foundingDate":"2023-04-03","duns":"118989042","numberOfEmployees":{"@type":"QuantitativeValue","minValue":"11","maxValue":"50"},"publishingPrinciples":"https:\/\/talkpal.ai\/publishing-principles\/","actionableFeedbackPolicy":"https:\/\/talkpal.ai\/actionable-feedback-policy\/","correctionsPolicy":"https:\/\/talkpal.ai\/corrections-policy\/","ethicsPolicy":"https:\/\/talkpal.ai\/ethics-policy\/","diversityPolicy":"https:\/\/talkpal.ai\/diversity-policy\/","diversityStaffingReport":"https:\/\/talkpal.ai\/diversity-policy\/"}]}},"_links":{"self":[{"href":"https:\/\/talkpal.ai\/az\/wp-json\/wp\/v2\/pages\/1474453","targetHints":{"allow":["GET"]}}],"collection":[{"href":"https:\/\/talkpal.ai\/az\/wp-json\/wp\/v2\/pages"}],"about":[{"href":"https:\/\/talkpal.ai\/az\/wp-json\/wp\/v2\/types\/page"}],"author":[{"embeddable":true,"href":"https:\/\/talkpal.ai\/az\/wp-json\/wp\/v2\/users\/20"}],"replies":[{"embeddable":true,"href":"https:\/\/talkpal.ai\/az\/wp-json\/wp\/v2\/comments?post=1474453"}],"version-history":[{"count":0,"href":"https:\/\/talkpal.ai\/az\/wp-json\/wp\/v2\/pages\/1474453\/revisions"}],"wp:attachment":[{"href":"https:\/\/talkpal.ai\/az\/wp-json\/wp\/v2\/media?parent=1474453"}],"curies":[{"name":"wp","href":"https:\/\/api.w.org\/{rel}","templated":true}]}}